{"id":5682,"date":"2025-05-19T08:18:26","date_gmt":"2025-05-19T08:18:26","guid":{"rendered":"http:\/\/46.224.74.15\/green-bean-suppliers-egypt-3\/"},"modified":"2025-11-19T16:45:36","modified_gmt":"2025-11-19T16:45:36","slug":"green-bean-suppliers-egypt-3","status":"publish","type":"page","link":"https:\/\/peitrade.com\/pt-br\/green-bean-suppliers-egypt-3\/","title":{"rendered":"Fornecedores de feij\u00e3o do Egito: calidad y confianza"},"content":{"rendered":"<section class=\"section\" style=\"padding: 60px 20px; background-color: #f9f9f9;\">\n<div class=\"container\">\n<h1>Seus Fornecedores de Feij\u00e3o do Egito Confi\u00e1veis \u2013 PEI Trade<\/h1>\n<p>A PEI Trade \u00e9 um nome l\u00edder entre os fornecedores de feij\u00e3o do Egito, dedicada a fornecer feij\u00e3o verde eg\u00edpcio de qualidade premium para exporta\u00e7\u00e3o mundial.<\/p>\n<p>Como uma confi\u00e1vel empresa exportadora de feij\u00e3o do Egito, trabalhamos em estreita colabora\u00e7\u00e3o com fazendas confi\u00e1veis para obter feij\u00f5es frescos, crocantes e saborosos durante toda a temporada de colheita do feij\u00e3o no Egito. Nosso compromisso com a qualidade e a consist\u00eancia nos torna a escolha preferida para importadores e distribuidores que buscam produtos de primeira linha.<\/p>\n<p>Especializamo-nos no fornecimento de uma ampla variedade de feij\u00f5es verdes, incluindo fasolia eg\u00edpcia, feij\u00e3o paulista eg\u00edpcio e feij\u00e3o valentino eg\u00edpcio. Cada variedade \u00e9 colhida no ponto \u00f3timo de matura\u00e7\u00e3o para garantir sabor, textura e frescor excepcionais.<\/p>\n<p>Nossa expertise como exportadores de feij\u00e3o do Egito garante procedimentos de exporta\u00e7\u00e3o sem complica\u00e7\u00f5es e entregas pontuais para mercados da Europa, Golfo, \u00c1sia e al\u00e9m.<\/p>\n<p>Nosso portf\u00f3lio tamb\u00e9m inclui feij\u00e3o verde eg\u00edpcio org\u00e2nico certificado para exporta\u00e7\u00e3o, atendendo \u00e0 crescente demanda por produtos livres de qu\u00edmicos e voltados \u00e0 sa\u00fade.<\/p>\n<p>Com a PEI Trade, os compradores se beneficiam de uma cadeia de suprimentos confi\u00e1vel, rigorosas verifica\u00e7\u00f5es de qualidade e solu\u00e7\u00f5es de embalagem personalizadas para varejo e atacado.<\/p>\n<\/div>\n<\/section>\n<p><!-- WooCommerce Product Block 1 --><\/p>\n<div class=\"wp-block-woocommerce-product-collection\"><div class=\"woocommerce columns-4 \"><ul class=\"products columns-4\" data-products=\"type-2\">\n<li class=\"product type-product post-7710 status-publish first instock product_cat-in-season product_cat-legumes has-post-thumbnail shipping-taxable product-type-simple\">\n\t<a href=\"https:\/\/peitrade.com\/pt-br\/product\/feijao-branco-seco\/\" class=\"woocommerce-LoopProduct-link woocommerce-loop-product__link\"><img decoding=\"async\" width=\"300\" height=\"300\" src=\"https:\/\/peitrade.com\/wp-content\/uploads\/2025\/11\/Egyptian-White-Beans-300x300.webp\" class=\"attachment-woocommerce_thumbnail size-woocommerce_thumbnail\" alt=\"Feij\u00e3o branco seco\" srcset=\"https:\/\/peitrade.com\/wp-content\/uploads\/2025\/11\/Egyptian-White-Beans-300x300.webp 300w, https:\/\/peitrade.com\/wp-content\/uploads\/2025\/11\/Egyptian-White-Beans-150x150.webp 150w, https:\/\/peitrade.com\/wp-content\/uploads\/2025\/11\/Egyptian-White-Beans-768x768.webp 768w, https:\/\/peitrade.com\/wp-content\/uploads\/2025\/11\/Egyptian-White-Beans-600x600.webp 600w, https:\/\/peitrade.com\/wp-content\/uploads\/2025\/11\/Egyptian-White-Beans-100x100.webp 100w, https:\/\/peitrade.com\/wp-content\/uploads\/2025\/11\/Egyptian-White-Beans.webp 1024w\" sizes=\"(max-width: 300px) 100vw, 300px\" title=\"\"><h2 class=\"woocommerce-loop-product__title\">Feij\u00e3o branco seco<\/h2>\n<\/a><a href=\"https:\/\/peitrade.com\/pt-br\/product\/feijao-branco-seco\/\" aria-describedby=\"woocommerce_loop_add_to_cart_link_describedby_7710\" data-quantity=\"1\" class=\"button product_type_simple\" data-product_id=\"7710\" data-product_sku=\"70820\" aria-label=\"Leia mais sobre &ldquo;Feij\u00e3o branco seco&rdquo;\" rel=\"nofollow\" data-success_message=\"\">Leia mais<\/a>\t<span id=\"woocommerce_loop_add_to_cart_link_describedby_7710\" class=\"screen-reader-text\">\n\t\t\t<\/span>\n<\/li>\n<li class=\"product type-product post-7526 status-publish instock product_cat-in-season product_cat-vegetables has-post-thumbnail shipping-taxable product-type-simple\">\n\t<a href=\"https:\/\/peitrade.com\/pt-br\/product\/vagem-feijao-verde\/\" class=\"woocommerce-LoopProduct-link woocommerce-loop-product__link\"><img decoding=\"async\" width=\"300\" height=\"300\" src=\"https:\/\/peitrade.com\/wp-content\/uploads\/2025\/11\/Egyptian-Green-Beans-300x300.webp\" class=\"attachment-woocommerce_thumbnail size-woocommerce_thumbnail\" alt=\"feij\u00e3o-verde\" srcset=\"https:\/\/peitrade.com\/wp-content\/uploads\/2025\/11\/Egyptian-Green-Beans-300x300.webp 300w, https:\/\/peitrade.com\/wp-content\/uploads\/2025\/11\/Egyptian-Green-Beans-150x150.webp 150w, https:\/\/peitrade.com\/wp-content\/uploads\/2025\/11\/Egyptian-Green-Beans-768x768.webp 768w, https:\/\/peitrade.com\/wp-content\/uploads\/2025\/11\/Egyptian-Green-Beans-600x600.webp 600w, https:\/\/peitrade.com\/wp-content\/uploads\/2025\/11\/Egyptian-Green-Beans-100x100.webp 100w, https:\/\/peitrade.com\/wp-content\/uploads\/2025\/11\/Egyptian-Green-Beans.webp 1024w\" sizes=\"(max-width: 300px) 100vw, 300px\" title=\"\"><h2 class=\"woocommerce-loop-product__title\">feij\u00e3o-verde<\/h2>\n<\/a><a href=\"https:\/\/peitrade.com\/pt-br\/product\/vagem-feijao-verde\/\" aria-describedby=\"woocommerce_loop_add_to_cart_link_describedby_7526\" data-quantity=\"1\" class=\"button product_type_simple\" data-product_id=\"7526\" data-product_sku=\"70821\" aria-label=\"Leia mais sobre &ldquo;feij\u00e3o-verde&rdquo;\" rel=\"nofollow\" data-success_message=\"\">Leia mais<\/a>\t<span id=\"woocommerce_loop_add_to_cart_link_describedby_7526\" class=\"screen-reader-text\">\n\t\t\t<\/span>\n<\/li>\n<li class=\"product type-product post-7759 status-publish instock product_cat-in-season product_cat-vegetables has-post-thumbnail shipping-taxable product-type-simple\">\n\t<a href=\"https:\/\/peitrade.com\/pt-br\/product\/potatoes\/\" class=\"woocommerce-LoopProduct-link woocommerce-loop-product__link\"><img decoding=\"async\" width=\"300\" height=\"300\" src=\"https:\/\/peitrade.com\/wp-content\/uploads\/2025\/11\/Egyptian-Potatoes-300x300.webp\" class=\"attachment-woocommerce_thumbnail size-woocommerce_thumbnail\" alt=\"Potatoes\" srcset=\"https:\/\/peitrade.com\/wp-content\/uploads\/2025\/11\/Egyptian-Potatoes-300x300.webp 300w, https:\/\/peitrade.com\/wp-content\/uploads\/2025\/11\/Egyptian-Potatoes-150x150.webp 150w, https:\/\/peitrade.com\/wp-content\/uploads\/2025\/11\/Egyptian-Potatoes-768x768.webp 768w, https:\/\/peitrade.com\/wp-content\/uploads\/2025\/11\/Egyptian-Potatoes-600x600.webp 600w, https:\/\/peitrade.com\/wp-content\/uploads\/2025\/11\/Egyptian-Potatoes-100x100.webp 100w, https:\/\/peitrade.com\/wp-content\/uploads\/2025\/11\/Egyptian-Potatoes.webp 1024w\" sizes=\"(max-width: 300px) 100vw, 300px\" title=\"\"><h2 class=\"woocommerce-loop-product__title\">Potatoes<\/h2>\n<\/a><a href=\"https:\/\/peitrade.com\/pt-br\/product\/potatoes\/\" aria-describedby=\"woocommerce_loop_add_to_cart_link_describedby_7759\" data-quantity=\"1\" class=\"button product_type_simple\" data-product_id=\"7759\" data-product_sku=\"70190\" aria-label=\"Leia mais sobre &ldquo;Potatoes&rdquo;\" rel=\"nofollow\" data-success_message=\"\">Leia mais<\/a>\t<span id=\"woocommerce_loop_add_to_cart_link_describedby_7759\" class=\"screen-reader-text\">\n\t\t\t<\/span>\n<\/li>\n<li class=\"product type-product post-7354 status-publish last instock product_cat-vegetables has-post-thumbnail shipping-taxable product-type-simple\">\n\t<a href=\"https:\/\/peitrade.com\/pt-br\/product\/tomates\/\" class=\"woocommerce-LoopProduct-link woocommerce-loop-product__link\"><img decoding=\"async\" width=\"300\" height=\"300\" src=\"https:\/\/peitrade.com\/wp-content\/uploads\/2025\/11\/Egyptian-Tomatoes-300x300.webp\" class=\"attachment-woocommerce_thumbnail size-woocommerce_thumbnail\" alt=\"Tomates\" srcset=\"https:\/\/peitrade.com\/wp-content\/uploads\/2025\/11\/Egyptian-Tomatoes-300x300.webp 300w, https:\/\/peitrade.com\/wp-content\/uploads\/2025\/11\/Egyptian-Tomatoes-150x150.webp 150w, https:\/\/peitrade.com\/wp-content\/uploads\/2025\/11\/Egyptian-Tomatoes-768x768.webp 768w, https:\/\/peitrade.com\/wp-content\/uploads\/2025\/11\/Egyptian-Tomatoes-600x600.webp 600w, https:\/\/peitrade.com\/wp-content\/uploads\/2025\/11\/Egyptian-Tomatoes-100x100.webp 100w, https:\/\/peitrade.com\/wp-content\/uploads\/2025\/11\/Egyptian-Tomatoes.webp 1024w\" sizes=\"(max-width: 300px) 100vw, 300px\" title=\"\"><h2 class=\"woocommerce-loop-product__title\">Tomates<\/h2>\n<\/a><a href=\"https:\/\/peitrade.com\/pt-br\/product\/tomates\/\" aria-describedby=\"woocommerce_loop_add_to_cart_link_describedby_7354\" data-quantity=\"1\" class=\"button product_type_simple\" data-product_id=\"7354\" data-product_sku=\"70200\" aria-label=\"Leia mais sobre &ldquo;Tomates&rdquo;\" rel=\"nofollow\" data-success_message=\"\">Leia mais<\/a>\t<span id=\"woocommerce_loop_add_to_cart_link_describedby_7354\" class=\"screen-reader-text\">\n\t\t\t<\/span>\n<\/li>\n<\/ul>\n<\/div><\/div>\n<section class=\"section\" style=\"padding: 50px 20px;\">\n<div class=\"container\">\n<h2>Por que escolher a PEI Trade como seus fornecedores de feij\u00e3o do Egito?<\/h2>\n<p>Na PEI Trade, nos orgulhamos de ser um dos fornecedores de feij\u00e3o do Egito mais confi\u00e1veis. Nossa abordagem foca na garantia de qualidade, rastreabilidade e prontid\u00e3o para exporta\u00e7\u00e3o. Ao fazer parcerias diretas com produtores experientes, asseguramos que apenas o feij\u00e3o verde mais fresco do Egito chegue aos seus mercados.<\/p>\n<ul>\n<li>Acesso a variedades premium como fasolia eg\u00edpcia e feij\u00e3o valentino eg\u00edpcio<\/li>\n<li>Fornecimento sazonal alinhado com a temporada de colheita do feij\u00e3o no Egito para m\u00e1xima frescura<\/li>\n<li>Op\u00e7\u00f5es de feij\u00e3o org\u00e2nico, incluindo feij\u00e3o verde eg\u00edpcio org\u00e2nico para exporta\u00e7\u00e3o<\/li>\n<li>Tamanhos flex\u00edveis de pedidos com embalagens personalizadas para compradores varejistas e atacadistas<\/li>\n<li>Documenta\u00e7\u00e3o completa e conformidade para desembara\u00e7o aduaneiro eficiente<\/li>\n<\/ul>\n<\/div>\n<\/section>\n<section class=\"section\" style=\"padding: 50px 20px;\">\n<div class=\"container\">\n<h2>Nosso Portf\u00f3lio de Feij\u00e3o Verde Eg\u00edpcio Premium<\/h2>\n<p>A PEI Trade oferece uma ampla variedade de tipos de feij\u00e3o verde eg\u00edpcio, cada um conhecido por suas qualidades distintas e apelo no mercado. Nosso cat\u00e1logo inclui:<\/p>\n<ul>\n<li><strong>Fasolia Eg\u00edpcia:<\/strong> Reconhecida por sua textura macia e sabor doce, ideal para consumo fresco e processamento.<\/li>\n<li><strong>Feij\u00e3o Paulista Eg\u00edpcio:<\/strong> Valorizado pela croc\u00e2ncia e versatilidade em usos culin\u00e1rios.<\/li>\n<li><strong>Feij\u00e3o Valentino Eg\u00edpcio:<\/strong> Popular por sua longa vida \u00fatil e sabor robusto.<\/li>\n<\/ul>\n<p>Colhemos durante a principal temporada de colheita do feij\u00e3o no Egito e mantemos rigorosos procedimentos de cadeia fria para preservar o frescor e o valor nutricional durante todo o transporte. <a href=\"\/about\">Saiba mais sobre nossos servi\u00e7os de exporta\u00e7\u00e3o<\/a><\/p>\n<\/div>\n<\/section>\n<p><!-- WooCommerce Product Block 2 --><\/p>\n<div class=\"wp-block-woocommerce-product-collection\"><div class=\"woocommerce columns-4 \"><ul class=\"products columns-4\" data-products=\"type-2\">\n<li class=\"product type-product post-7710 status-publish first instock product_cat-in-season product_cat-legumes has-post-thumbnail shipping-taxable product-type-simple\">\n\t<a href=\"https:\/\/peitrade.com\/pt-br\/product\/feijao-branco-seco\/\" class=\"woocommerce-LoopProduct-link woocommerce-loop-product__link\"><img decoding=\"async\" width=\"300\" height=\"300\" src=\"https:\/\/peitrade.com\/wp-content\/uploads\/2025\/11\/Egyptian-White-Beans-300x300.webp\" class=\"attachment-woocommerce_thumbnail size-woocommerce_thumbnail\" alt=\"Feij\u00e3o branco seco\" srcset=\"https:\/\/peitrade.com\/wp-content\/uploads\/2025\/11\/Egyptian-White-Beans-300x300.webp 300w, https:\/\/peitrade.com\/wp-content\/uploads\/2025\/11\/Egyptian-White-Beans-150x150.webp 150w, https:\/\/peitrade.com\/wp-content\/uploads\/2025\/11\/Egyptian-White-Beans-768x768.webp 768w, https:\/\/peitrade.com\/wp-content\/uploads\/2025\/11\/Egyptian-White-Beans-600x600.webp 600w, https:\/\/peitrade.com\/wp-content\/uploads\/2025\/11\/Egyptian-White-Beans-100x100.webp 100w, https:\/\/peitrade.com\/wp-content\/uploads\/2025\/11\/Egyptian-White-Beans.webp 1024w\" sizes=\"(max-width: 300px) 100vw, 300px\" title=\"\"><h2 class=\"woocommerce-loop-product__title\">Feij\u00e3o branco seco<\/h2>\n<\/a><a href=\"https:\/\/peitrade.com\/pt-br\/product\/feijao-branco-seco\/\" aria-describedby=\"woocommerce_loop_add_to_cart_link_describedby_7710\" data-quantity=\"1\" class=\"button product_type_simple\" data-product_id=\"7710\" data-product_sku=\"70820\" aria-label=\"Leia mais sobre &ldquo;Feij\u00e3o branco seco&rdquo;\" rel=\"nofollow\" data-success_message=\"\">Leia mais<\/a>\t<span id=\"woocommerce_loop_add_to_cart_link_describedby_7710\" class=\"screen-reader-text\">\n\t\t\t<\/span>\n<\/li>\n<li class=\"product type-product post-7526 status-publish instock product_cat-in-season product_cat-vegetables has-post-thumbnail shipping-taxable product-type-simple\">\n\t<a href=\"https:\/\/peitrade.com\/pt-br\/product\/vagem-feijao-verde\/\" class=\"woocommerce-LoopProduct-link woocommerce-loop-product__link\"><img decoding=\"async\" width=\"300\" height=\"300\" src=\"https:\/\/peitrade.com\/wp-content\/uploads\/2025\/11\/Egyptian-Green-Beans-300x300.webp\" class=\"attachment-woocommerce_thumbnail size-woocommerce_thumbnail\" alt=\"feij\u00e3o-verde\" srcset=\"https:\/\/peitrade.com\/wp-content\/uploads\/2025\/11\/Egyptian-Green-Beans-300x300.webp 300w, https:\/\/peitrade.com\/wp-content\/uploads\/2025\/11\/Egyptian-Green-Beans-150x150.webp 150w, https:\/\/peitrade.com\/wp-content\/uploads\/2025\/11\/Egyptian-Green-Beans-768x768.webp 768w, https:\/\/peitrade.com\/wp-content\/uploads\/2025\/11\/Egyptian-Green-Beans-600x600.webp 600w, https:\/\/peitrade.com\/wp-content\/uploads\/2025\/11\/Egyptian-Green-Beans-100x100.webp 100w, https:\/\/peitrade.com\/wp-content\/uploads\/2025\/11\/Egyptian-Green-Beans.webp 1024w\" sizes=\"(max-width: 300px) 100vw, 300px\" title=\"\"><h2 class=\"woocommerce-loop-product__title\">feij\u00e3o-verde<\/h2>\n<\/a><a href=\"https:\/\/peitrade.com\/pt-br\/product\/vagem-feijao-verde\/\" aria-describedby=\"woocommerce_loop_add_to_cart_link_describedby_7526\" data-quantity=\"1\" class=\"button product_type_simple\" data-product_id=\"7526\" data-product_sku=\"70821\" aria-label=\"Leia mais sobre &ldquo;feij\u00e3o-verde&rdquo;\" rel=\"nofollow\" data-success_message=\"\">Leia mais<\/a>\t<span id=\"woocommerce_loop_add_to_cart_link_describedby_7526\" class=\"screen-reader-text\">\n\t\t\t<\/span>\n<\/li>\n<li class=\"product type-product post-7759 status-publish instock product_cat-in-season product_cat-vegetables has-post-thumbnail shipping-taxable product-type-simple\">\n\t<a href=\"https:\/\/peitrade.com\/pt-br\/product\/potatoes\/\" class=\"woocommerce-LoopProduct-link woocommerce-loop-product__link\"><img decoding=\"async\" width=\"300\" height=\"300\" src=\"https:\/\/peitrade.com\/wp-content\/uploads\/2025\/11\/Egyptian-Potatoes-300x300.webp\" class=\"attachment-woocommerce_thumbnail size-woocommerce_thumbnail\" alt=\"Potatoes\" srcset=\"https:\/\/peitrade.com\/wp-content\/uploads\/2025\/11\/Egyptian-Potatoes-300x300.webp 300w, https:\/\/peitrade.com\/wp-content\/uploads\/2025\/11\/Egyptian-Potatoes-150x150.webp 150w, https:\/\/peitrade.com\/wp-content\/uploads\/2025\/11\/Egyptian-Potatoes-768x768.webp 768w, https:\/\/peitrade.com\/wp-content\/uploads\/2025\/11\/Egyptian-Potatoes-600x600.webp 600w, https:\/\/peitrade.com\/wp-content\/uploads\/2025\/11\/Egyptian-Potatoes-100x100.webp 100w, https:\/\/peitrade.com\/wp-content\/uploads\/2025\/11\/Egyptian-Potatoes.webp 1024w\" sizes=\"(max-width: 300px) 100vw, 300px\" title=\"\"><h2 class=\"woocommerce-loop-product__title\">Potatoes<\/h2>\n<\/a><a href=\"https:\/\/peitrade.com\/pt-br\/product\/potatoes\/\" aria-describedby=\"woocommerce_loop_add_to_cart_link_describedby_7759\" data-quantity=\"1\" class=\"button product_type_simple\" data-product_id=\"7759\" data-product_sku=\"70190\" aria-label=\"Leia mais sobre &ldquo;Potatoes&rdquo;\" rel=\"nofollow\" data-success_message=\"\">Leia mais<\/a>\t<span id=\"woocommerce_loop_add_to_cart_link_describedby_7759\" class=\"screen-reader-text\">\n\t\t\t<\/span>\n<\/li>\n<li class=\"product type-product post-7354 status-publish last instock product_cat-vegetables has-post-thumbnail shipping-taxable product-type-simple\">\n\t<a href=\"https:\/\/peitrade.com\/pt-br\/product\/tomates\/\" class=\"woocommerce-LoopProduct-link woocommerce-loop-product__link\"><img decoding=\"async\" width=\"300\" height=\"300\" src=\"https:\/\/peitrade.com\/wp-content\/uploads\/2025\/11\/Egyptian-Tomatoes-300x300.webp\" class=\"attachment-woocommerce_thumbnail size-woocommerce_thumbnail\" alt=\"Tomates\" srcset=\"https:\/\/peitrade.com\/wp-content\/uploads\/2025\/11\/Egyptian-Tomatoes-300x300.webp 300w, https:\/\/peitrade.com\/wp-content\/uploads\/2025\/11\/Egyptian-Tomatoes-150x150.webp 150w, https:\/\/peitrade.com\/wp-content\/uploads\/2025\/11\/Egyptian-Tomatoes-768x768.webp 768w, https:\/\/peitrade.com\/wp-content\/uploads\/2025\/11\/Egyptian-Tomatoes-600x600.webp 600w, https:\/\/peitrade.com\/wp-content\/uploads\/2025\/11\/Egyptian-Tomatoes-100x100.webp 100w, https:\/\/peitrade.com\/wp-content\/uploads\/2025\/11\/Egyptian-Tomatoes.webp 1024w\" sizes=\"(max-width: 300px) 100vw, 300px\" title=\"\"><h2 class=\"woocommerce-loop-product__title\">Tomates<\/h2>\n<\/a><a href=\"https:\/\/peitrade.com\/pt-br\/product\/tomates\/\" aria-describedby=\"woocommerce_loop_add_to_cart_link_describedby_7354\" data-quantity=\"1\" class=\"button product_type_simple\" data-product_id=\"7354\" data-product_sku=\"70200\" aria-label=\"Leia mais sobre &ldquo;Tomates&rdquo;\" rel=\"nofollow\" data-success_message=\"\">Leia mais<\/a>\t<span id=\"woocommerce_loop_add_to_cart_link_describedby_7354\" class=\"screen-reader-text\">\n\t\t\t<\/span>\n<\/li>\n<\/ul>\n<\/div><\/div>\n<section class=\"section\" style=\"padding: 50px 20px; background-color: #f0f0f0;\">\n<div class=\"container\">\n<h2>Log\u00edstica de Exporta\u00e7\u00e3o e Alcance de Mercado do Feij\u00e3o Verde<\/h2>\n<p>A equipe experiente da PEI Trade gerencia cada etapa da cadeia de suprimentos, da fazenda \u00e0 entrega final. Utilizamos transporte refrigerado, embalagens preparadas para exporta\u00e7\u00e3o e documenta\u00e7\u00e3o completa para atender aos padr\u00f5es globais.<\/p>\n<p>Nosso alcance se estende \u00e0 Europa, Conselho de Coopera\u00e7\u00e3o do Golfo (GCC), \u00c1sia e outros mercados estrat\u00e9gicos. Trabalhamos continuamente para expandir nossa rede enquanto garantimos que todos os exportadores de feij\u00e3o do Egito operem com m\u00e1xima efici\u00eancia e confiabilidade.<\/p>\n<p style=\"text-align: center; margin-top: 40px;\"><a class=\"button primary large\" href=\"\/contact\">Pe\u00e7a seu Feij\u00e3o Verde Eg\u00edpcio Agora<\/a><\/p>\n<\/div>\n<\/section>\n<section class=\"section\" style=\"padding: 50px 20px; background-color: #f9f9f9;\">\n<div class=\"container\">\n<h2>Perguntas Frequentes<\/h2>\n<div>\n<h3>Qual \u00e9 a temporada de colheita do feij\u00e3o no Egito?<\/h3>\n<p>A temporada de colheita do feij\u00e3o no Egito geralmente vai do final do inverno at\u00e9 o in\u00edcio do ver\u00e3o. A PEI Trade coordena com os produtores para garantir disponibilidade durante todo o ano, adquirindo feij\u00f5es frescos em seu pico.<\/p>\n<\/div>\n<div>\n<h3>Quais variedades de feij\u00e3o voc\u00eas fornecem?<\/h3>\n<p>Fornecemos diversas variedades, incluindo fasolia eg\u00edpcia, feij\u00e3o paulista eg\u00edpcio e feij\u00e3o valentino eg\u00edpcio, oferecendo op\u00e7\u00f5es variadas para diferentes necessidades de mercado.<\/p>\n<\/div>\n<div>\n<h3>Voc\u00eas oferecem feij\u00e3o verde eg\u00edpcio org\u00e2nico para exporta\u00e7\u00e3o?<\/h3>\n<p>Sim, nosso portf\u00f3lio inclui feij\u00e3o verde eg\u00edpcio org\u00e2nico certificado para exporta\u00e7\u00e3o, atendendo aos padr\u00f5es internacionais de certifica\u00e7\u00e3o org\u00e2nica.<\/p>\n<\/div>\n<div>\n<h3>Como garantem a frescura durante a exporta\u00e7\u00e3o?<\/h3>\n<p>Utilizamos log\u00edstica avan\u00e7ada de cadeia fria, incluindo armazenamento e transporte refrigerados, para preservar a qualidade do feij\u00e3o verde eg\u00edpcio durante todo o processo de exporta\u00e7\u00e3o.<\/p>\n<\/div>\n<div>\n<h3>Para quais mercados voc\u00eas exportam?<\/h3>\n<p>A PEI Trade exporta para a Europa, pa\u00edses do Conselho de Coopera\u00e7\u00e3o do Golfo (GCC), \u00c1sia e outros destinos internacionais, garantindo conformidade com todos os regulamentos de mercado.<\/p>\n<\/div>\n<\/div>\n<\/section>\n","protected":false},"excerpt":{"rendered":"<p>Seus Fornecedores de Feij\u00e3o do Egito Confi\u00e1veis \u2013 PEI Trade A PEI Trade \u00e9 um nome l\u00edder entre os fornecedores de feij\u00e3o do Egito, dedicada a fornecer feij\u00e3o verde eg\u00edpcio de qualidade premium para exporta\u00e7\u00e3o mundial. Como uma confi\u00e1vel empresa exportadora de feij\u00e3o do Egito, trabalhamos em estreita colabora\u00e7\u00e3o com fazendas confi\u00e1veis para obter feij\u00f5es [&hellip;]<\/p>\n","protected":false},"author":1,"featured_media":0,"parent":0,"menu_order":0,"comment_status":"closed","ping_status":"closed","template":"","meta":{"footnotes":""},"class_list":["post-5682","page","type-page","status-publish","hentry"],"blocksy_meta":[],"mb":[],"featured_image_urls_v2":{"full":"","thumbnail":"","medium":"","medium_large":"","large":"","1536x1536":"","2048x2048":"","woocommerce_archive_thumbnail":"","woocommerce_thumbnail":"","woocommerce_single":"","woocommerce_gallery_thumbnail":""},"post_excerpt_stackable_v2":"<p>Seus Fornecedores de Feij\u00e3o do Egito Confi\u00e1veis \u2013 PEI Trade A PEI Trade \u00e9 um nome l\u00edder entre os fornecedores de feij\u00e3o do Egito, dedicada a fornecer feij\u00e3o verde eg\u00edpcio de qualidade premium para exporta\u00e7\u00e3o mundial. Como uma confi\u00e1vel empresa exportadora de feij\u00e3o do Egito, trabalhamos em estreita colabora\u00e7\u00e3o com fazendas confi\u00e1veis para obter feij\u00f5es frescos, crocantes e saborosos durante toda a temporada de colheita do feij\u00e3o no Egito. Nosso compromisso com a qualidade e a consist\u00eancia nos torna a escolha preferida para importadores e distribuidores que buscam produtos de primeira linha. Especializamo-nos no fornecimento de uma ampla variedade de&hellip;<\/p>\n","category_list_v2":"","author_info_v2":{"name":"Mostafa Sabry","url":"https:\/\/peitrade.com\/pt-br\/author\/emostafaadel_jn8gcqbo\/"},"comments_num_v2":"0 coment\u00e1rio","mfb_rest_fields":["title","blocksy_meta","featured_image_urls_v2","post_excerpt_stackable_v2","category_list_v2","author_info_v2","comments_num_v2"],"_links":{"self":[{"href":"https:\/\/peitrade.com\/pt-br\/wp-json\/wp\/v2\/pages\/5682","targetHints":{"allow":["GET"]}}],"collection":[{"href":"https:\/\/peitrade.com\/pt-br\/wp-json\/wp\/v2\/pages"}],"about":[{"href":"https:\/\/peitrade.com\/pt-br\/wp-json\/wp\/v2\/types\/page"}],"author":[{"embeddable":true,"href":"https:\/\/peitrade.com\/pt-br\/wp-json\/wp\/v2\/users\/1"}],"replies":[{"embeddable":true,"href":"https:\/\/peitrade.com\/pt-br\/wp-json\/wp\/v2\/comments?post=5682"}],"version-history":[{"count":1,"href":"https:\/\/peitrade.com\/pt-br\/wp-json\/wp\/v2\/pages\/5682\/revisions"}],"predecessor-version":[{"id":5683,"href":"https:\/\/peitrade.com\/pt-br\/wp-json\/wp\/v2\/pages\/5682\/revisions\/5683"}],"wp:attachment":[{"href":"https:\/\/peitrade.com\/pt-br\/wp-json\/wp\/v2\/media?parent=5682"}],"curies":[{"name":"wp","href":"https:\/\/api.w.org\/{rel}","templated":true}]}}