{"id":5702,"date":"2025-05-19T09:30:00","date_gmt":"2025-05-19T09:30:00","guid":{"rendered":"http:\/\/46.224.74.15\/tomates-ameixa-egipcios-ricos-em-sabor\/"},"modified":"2025-11-19T16:45:44","modified_gmt":"2025-11-19T16:45:44","slug":"tomates-ameixa-egipcios-ricos-em-sabor","status":"publish","type":"page","link":"https:\/\/peitrade.com\/pt-br\/tomates-ameixa-egipcios-ricos-em-sabor\/","title":{"rendered":"Tomates Ameixa Eg\u00edpcios Ricos em Sabor \u2013 Fornecidos para Compradores Internacionais"},"content":{"rendered":"<section style=\"padding: 60px 20px; background-color: #f9f9f9;\" data-darkreader-inline-bgcolor=\"\">\n<div class=\"container\">\n<h1>Tomates Ameixa Eg\u00edpcios Ricos em Sabor \u2013 Fornecidos para Compradores Internacionais<\/h1>\n<p>Na PEI Trade, nos especializamos na exporta\u00e7\u00e3o de tomates ameixa eg\u00edpcios que atendem aos requisitos rigorosos de processadores de alimentos, fabricantes de pasta de tomate e importadores atacadistas. Obtidos das zonas agr\u00edcolas f\u00e9rteis do Alto Egito e do Delta do Nilo, nossos tomates ameixa s\u00e3o conhecidos por sua textura carnuda, cor vermelha intensa e baixa umidade, o que os torna altamente adequados tanto para processamento industrial quanto para distribui\u00e7\u00e3o fresca. Seja para fornecer molhos, produtos enlatados de tomate ou para procurar tomates de qualidade superior para embalagem, a PEI Trade entrega com precis\u00e3o, qualidade e consist\u00eancia sazonal.<\/p>\n<\/div>\n<\/section>\n<div class=\"wp-block-woocommerce-product-collection\"><div class=\"woocommerce columns-4 \"><ul class=\"products columns-4\" data-products=\"type-2\">\n<li class=\"product type-product post-7370 status-publish first instock product_cat-in-season product_cat-vegetables has-post-thumbnail shipping-taxable product-type-simple\">\n\t<a href=\"https:\/\/peitrade.com\/pt-br\/product\/alho\/\" class=\"woocommerce-LoopProduct-link woocommerce-loop-product__link\"><img decoding=\"async\" width=\"300\" height=\"300\" src=\"https:\/\/peitrade.com\/wp-content\/uploads\/2025\/11\/Egyptian-Garlic-300x300.webp\" class=\"attachment-woocommerce_thumbnail size-woocommerce_thumbnail\" alt=\"Alho\" srcset=\"https:\/\/peitrade.com\/wp-content\/uploads\/2025\/11\/Egyptian-Garlic-300x300.webp 300w, https:\/\/peitrade.com\/wp-content\/uploads\/2025\/11\/Egyptian-Garlic-150x150.webp 150w, https:\/\/peitrade.com\/wp-content\/uploads\/2025\/11\/Egyptian-Garlic-768x768.webp 768w, https:\/\/peitrade.com\/wp-content\/uploads\/2025\/11\/Egyptian-Garlic-600x600.webp 600w, https:\/\/peitrade.com\/wp-content\/uploads\/2025\/11\/Egyptian-Garlic-100x100.webp 100w, https:\/\/peitrade.com\/wp-content\/uploads\/2025\/11\/Egyptian-Garlic.webp 1024w\" sizes=\"(max-width: 300px) 100vw, 300px\" title=\"\"><h2 class=\"woocommerce-loop-product__title\">Alho<\/h2>\n<\/a><a href=\"https:\/\/peitrade.com\/pt-br\/product\/alho\/\" aria-describedby=\"woocommerce_loop_add_to_cart_link_describedby_7370\" data-quantity=\"1\" class=\"button product_type_simple\" data-product_id=\"7370\" data-product_sku=\"70320\" aria-label=\"Leia mais sobre &ldquo;Alho&rdquo;\" rel=\"nofollow\" data-success_message=\"\">Leia mais<\/a>\t<span id=\"woocommerce_loop_add_to_cart_link_describedby_7370\" class=\"screen-reader-text\">\n\t\t\t<\/span>\n<\/li>\n<li class=\"product type-product post-7770 status-publish instock product_cat-in-season product_cat-vegetables has-post-thumbnail shipping-taxable product-type-simple\">\n\t<a href=\"https:\/\/peitrade.com\/pt-br\/product\/batatas-doces\/\" class=\"woocommerce-LoopProduct-link woocommerce-loop-product__link\"><img decoding=\"async\" width=\"300\" height=\"300\" src=\"https:\/\/peitrade.com\/wp-content\/uploads\/2025\/11\/Egyptian-Sweet-Potatoes-300x300.webp\" class=\"attachment-woocommerce_thumbnail size-woocommerce_thumbnail\" alt=\"Egyptian Sweet Potatoes - PEI Trade\" srcset=\"https:\/\/peitrade.com\/wp-content\/uploads\/2025\/11\/Egyptian-Sweet-Potatoes-300x300.webp 300w, https:\/\/peitrade.com\/wp-content\/uploads\/2025\/11\/Egyptian-Sweet-Potatoes-150x150.webp 150w, https:\/\/peitrade.com\/wp-content\/uploads\/2025\/11\/Egyptian-Sweet-Potatoes-768x768.webp 768w, https:\/\/peitrade.com\/wp-content\/uploads\/2025\/11\/Egyptian-Sweet-Potatoes-600x600.webp 600w, https:\/\/peitrade.com\/wp-content\/uploads\/2025\/11\/Egyptian-Sweet-Potatoes-100x100.webp 100w, https:\/\/peitrade.com\/wp-content\/uploads\/2025\/11\/Egyptian-Sweet-Potatoes.webp 1024w\" sizes=\"(max-width: 300px) 100vw, 300px\" title=\"\"><h2 class=\"woocommerce-loop-product__title\">Batatas-doces<\/h2>\n<\/a><a href=\"https:\/\/peitrade.com\/pt-br\/product\/batatas-doces\/\" aria-describedby=\"woocommerce_loop_add_to_cart_link_describedby_7770\" data-quantity=\"1\" class=\"button product_type_simple\" data-product_id=\"7770\" data-product_sku=\"71420\" aria-label=\"Leia mais sobre &ldquo;Batatas-doces&rdquo;\" rel=\"nofollow\" data-success_message=\"\">Leia mais<\/a>\t<span id=\"woocommerce_loop_add_to_cart_link_describedby_7770\" class=\"screen-reader-text\">\n\t\t\t<\/span>\n<\/li>\n<li class=\"product type-product post-7710 status-publish instock product_cat-in-season product_cat-legumes has-post-thumbnail shipping-taxable product-type-simple\">\n\t<a href=\"https:\/\/peitrade.com\/pt-br\/product\/feijao-branco-seco\/\" class=\"woocommerce-LoopProduct-link woocommerce-loop-product__link\"><img decoding=\"async\" width=\"300\" height=\"300\" src=\"https:\/\/peitrade.com\/wp-content\/uploads\/2025\/11\/Egyptian-White-Beans-300x300.webp\" class=\"attachment-woocommerce_thumbnail size-woocommerce_thumbnail\" alt=\"Feij\u00e3o branco seco\" srcset=\"https:\/\/peitrade.com\/wp-content\/uploads\/2025\/11\/Egyptian-White-Beans-300x300.webp 300w, https:\/\/peitrade.com\/wp-content\/uploads\/2025\/11\/Egyptian-White-Beans-150x150.webp 150w, https:\/\/peitrade.com\/wp-content\/uploads\/2025\/11\/Egyptian-White-Beans-768x768.webp 768w, https:\/\/peitrade.com\/wp-content\/uploads\/2025\/11\/Egyptian-White-Beans-600x600.webp 600w, https:\/\/peitrade.com\/wp-content\/uploads\/2025\/11\/Egyptian-White-Beans-100x100.webp 100w, https:\/\/peitrade.com\/wp-content\/uploads\/2025\/11\/Egyptian-White-Beans.webp 1024w\" sizes=\"(max-width: 300px) 100vw, 300px\" title=\"\"><h2 class=\"woocommerce-loop-product__title\">Feij\u00e3o branco seco<\/h2>\n<\/a><a href=\"https:\/\/peitrade.com\/pt-br\/product\/feijao-branco-seco\/\" aria-describedby=\"woocommerce_loop_add_to_cart_link_describedby_7710\" data-quantity=\"1\" class=\"button product_type_simple\" data-product_id=\"7710\" data-product_sku=\"70820\" aria-label=\"Leia mais sobre &ldquo;Feij\u00e3o branco seco&rdquo;\" rel=\"nofollow\" data-success_message=\"\">Leia mais<\/a>\t<span id=\"woocommerce_loop_add_to_cart_link_describedby_7710\" class=\"screen-reader-text\">\n\t\t\t<\/span>\n<\/li>\n<li class=\"product type-product post-7354 status-publish last instock product_cat-vegetables has-post-thumbnail shipping-taxable product-type-simple\">\n\t<a href=\"https:\/\/peitrade.com\/pt-br\/product\/tomates\/\" class=\"woocommerce-LoopProduct-link woocommerce-loop-product__link\"><img decoding=\"async\" width=\"300\" height=\"300\" src=\"https:\/\/peitrade.com\/wp-content\/uploads\/2025\/11\/Egyptian-Tomatoes-300x300.webp\" class=\"attachment-woocommerce_thumbnail size-woocommerce_thumbnail\" alt=\"Tomates\" srcset=\"https:\/\/peitrade.com\/wp-content\/uploads\/2025\/11\/Egyptian-Tomatoes-300x300.webp 300w, https:\/\/peitrade.com\/wp-content\/uploads\/2025\/11\/Egyptian-Tomatoes-150x150.webp 150w, https:\/\/peitrade.com\/wp-content\/uploads\/2025\/11\/Egyptian-Tomatoes-768x768.webp 768w, https:\/\/peitrade.com\/wp-content\/uploads\/2025\/11\/Egyptian-Tomatoes-600x600.webp 600w, https:\/\/peitrade.com\/wp-content\/uploads\/2025\/11\/Egyptian-Tomatoes-100x100.webp 100w, https:\/\/peitrade.com\/wp-content\/uploads\/2025\/11\/Egyptian-Tomatoes.webp 1024w\" sizes=\"(max-width: 300px) 100vw, 300px\" title=\"\"><h2 class=\"woocommerce-loop-product__title\">Tomates<\/h2>\n<\/a><a href=\"https:\/\/peitrade.com\/pt-br\/product\/tomates\/\" aria-describedby=\"woocommerce_loop_add_to_cart_link_describedby_7354\" data-quantity=\"1\" class=\"button product_type_simple\" data-product_id=\"7354\" data-product_sku=\"70200\" aria-label=\"Leia mais sobre &ldquo;Tomates&rdquo;\" rel=\"nofollow\" data-success_message=\"\">Leia mais<\/a>\t<span id=\"woocommerce_loop_add_to_cart_link_describedby_7354\" class=\"screen-reader-text\">\n\t\t\t<\/span>\n<\/li>\n<\/ul>\n<\/div><\/div>\n<section style=\"padding: 50px 20px;\">\n<h2 data-start=\"1197\" data-end=\"1252\">O que torna os tomates ameixa eg\u00edpcios ideais para exporta\u00e7\u00e3o?<\/h2>\n<p class=\"\" data-start=\"1254\" data-end=\"1572\"><strong data-start=\"1254\" data-end=\"1282\">Os tomates ameixa do Egito<\/strong>\u2014frequentemente chamados de <strong data-start=\"1304\" data-end=\"1321\">tomates Roma<\/strong>\u2014s\u00e3o amplamente utilizados na produ\u00e7\u00e3o comercial de alimentos e produtos embalados para o consumidor. Comparados \u00e0s variedades redondas padr\u00e3o, eles s\u00e3o mais densos, compactos e menos propensos a danos mec\u00e2nicos, o que os torna uma escolha confi\u00e1vel para o transporte e processamento prolongados.<\/p>\n<p class=\"\" data-start=\"1574\" data-end=\"1622\"><strong data-start=\"1574\" data-end=\"1622\">Atributos principais dos tomates ameixa da PEI Trade:<\/strong><\/p>\n<ul>\n<li data-start=\"1625\" data-end=\"1700\"><strong data-start=\"1625\" data-end=\"1660\">Alto n\u00edvel de Brix (a\u00e7\u00facar natural)<\/strong> para um sabor mais profundo em molhos e pastas<\/li>\n<li data-start=\"1703\" data-end=\"1767\"><strong data-start=\"1703\" data-end=\"1735\">Textura firme e paredes grossas<\/strong>, ideais para fatiar e cortar em cubos<\/li>\n<li data-start=\"1770\" data-end=\"1835\"><strong data-start=\"1770\" data-end=\"1794\">Conte\u00fado m\u00ednimo de sementes<\/strong>, o que reduz o desperd\u00edcio durante o processamento<\/li>\n<li data-start=\"1838\" data-end=\"1889\"><strong data-start=\"1838\" data-end=\"1859\">Maior durabilidade<\/strong> sob condi\u00e7\u00f5es de cadeia fria<\/li>\n<li data-start=\"1892\" data-end=\"1950\"><strong data-start=\"1892\" data-end=\"1919\">Tomate com cor vermelha intensa<\/strong>, consistente em todos os lotes<\/li>\n<li data-start=\"1953\" data-end=\"2019\"><strong data-start=\"1953\" data-end=\"1984\">Efici\u00eancia peso-volume<\/strong> preferida em cozinhas industriais<\/li>\n<\/ul>\n<p class=\"\" data-start=\"2021\" data-end=\"2126\">Cada remessa \u00e9 selecionada para uniformidade de tamanho, formato e matura\u00e7\u00e3o, alinhada com as especifica\u00e7\u00f5es do seu produto.<\/p>\n<h2 data-start=\"2133\" data-end=\"2190\">Log\u00edstica de Exporta\u00e7\u00e3o de Tomates de Classe Global da PEI Trade<\/h2>\n<p class=\"\" data-start=\"2192\" data-end=\"2396\">Como uma <strong data-start=\"2205\" data-end=\"2239\">empresa confi\u00e1vel de exporta\u00e7\u00e3o de tomates no Egito<\/strong>, a PEI Trade construiu uma reputa\u00e7\u00e3o entre os importadores por entregar grandes pedidos pontualmente, em conformidade com os padr\u00f5es internacionais de manuseio e documenta\u00e7\u00e3o.<\/p>\n<p class=\"\" data-start=\"2398\" data-end=\"2428\"><strong data-start=\"2398\" data-end=\"2428\">Caracter\u00edsticas principais da cadeia de suprimentos:<\/strong><\/p>\n<ul>\n<li data-start=\"2431\" data-end=\"2503\">Programas semanais de envio durante a <strong data-start=\"2467\" data-end=\"2501\">temporada de colheita de tomates do Egito<\/strong><\/li>\n<li data-start=\"2506\" data-end=\"2549\">Pr\u00e9-sele\u00e7\u00e3o para uso industrial vs. varejo<\/li>\n<li data-start=\"2552\" data-end=\"2608\">Previs\u00f5es de envio alinhadas com o seu calend\u00e1rio de compras<\/li>\n<li data-start=\"2611\" data-end=\"2657\">Armazenamento refrigerado e monitoramento de cont\u00eaineres refrigerados<\/li>\n<\/ul>\n<p class=\"\" data-start=\"2659\" data-end=\"2784\">Oferecemos remessas de carga completa, cont\u00eaineres mistos e contratos baseados em embarques, com documenta\u00e7\u00e3o e rotulagem multil\u00edngues para exporta\u00e7\u00e3o.<\/p>\n<h2 data-start=\"2791\" data-end=\"2835\">Temporada de Pico dos Tomates Ameixa Eg\u00edpcios<\/h2>\n<p class=\"\" data-start=\"2837\" data-end=\"3086\">O principal per\u00edodo de colheita dos <strong data-start=\"2865\" data-end=\"2891\">tomates ameixa eg\u00edpcios<\/strong> vai de <strong data-start=\"4448\" data-end=\"2928\">janeiro a maio<\/strong>, com as colheitas mais precoces no Alto Egito come\u00e7ando j\u00e1 em dezembro. Esse cronograma permite que os importadores fa\u00e7am estoques antes do pico de consumo no ver\u00e3o.<\/p>\n<p class=\"\" data-start=\"3088\" data-end=\"3116\"><strong data-start=\"3088\" data-end=\"3114\">Pr\u00f3xima temporada dispon\u00edvel:<\/strong><\/p>\n<ul>\n<li data-start=\"3119\" data-end=\"3188\"><strong data-start=\"3119\" data-end=\"3146\">Tomates frescos<\/strong> confirmados e dispon\u00edveis para agendamento de pedidos<\/li>\n<li data-start=\"3191\" data-end=\"3249\">Disponibilidade de volume atualizada semanalmente durante a temporada de colheita<\/li>\n<li data-start=\"3252\" data-end=\"3320\">Monitoramento no campo para ajustar a matura\u00e7\u00e3o do fruto com o envio do pedido<\/li>\n<\/ul>\n<h2 data-start=\"3327\" data-end=\"3350\">Op\u00e7\u00f5es de Embalagem<\/h2>\n<p class=\"\" data-start=\"3352\" data-end=\"3438\">Para atender a processadores e compradores de grande volume, oferecemos op\u00e7\u00f5es de embalagem personaliz\u00e1veis:<\/p>\n<ul>\n<li data-start=\"3441\" data-end=\"3474\"><strong data-start=\"3441\" data-end=\"3472\">Caixas de 5 kg, 6 kg e 10 kg<\/strong><\/li>\n<li data-start=\"3477\" data-end=\"3526\">Caixas pl\u00e1sticas ou eco-cart\u00f5es para manuseio em grande escala<\/li>\n<li data-start=\"3529\" data-end=\"3583\"><strong data-start=\"3529\" data-end=\"3568\">Embalagem com marca privada e personalizada<\/strong> sob solicita\u00e7\u00e3o<\/li>\n<li data-start=\"3586\" data-end=\"3642\">Cargas paletizadas projetadas para facilitar o desembara\u00e7o aduaneiro<\/li>\n<\/ul>\n<p class=\"\" data-start=\"3644\" data-end=\"3772\">Todas as unidades s\u00e3o seguras para alimentos, marcadas com c\u00f3digos de rastreabilidade e rotuladas conforme o idioma e formato exigidos pelo mercado de destino.<\/p>\n<\/section>\n<section style=\"padding: 50px 20px; background-color: #f0f0f0;\" data-darkreader-inline-bgcolor=\"\">\n<div class=\"container\">\n<h2>Solicitar Or\u00e7amento ou Amostra<\/h2>\n<p>A PEI Trade \u00e9 seu parceiro confi\u00e1vel entre os exportadores de tomate no Egito. Para discutir sua pr\u00f3xima remessa ou solicitar amostras de tomates ameixa eg\u00edpcios, entre em contato com nossa equipe de exporta\u00e7\u00e3o hoje mesmo. Respondemos rapidamente com disponibilidade sazonal, pre\u00e7os e cronogramas de envio.<\/p>\n<p style=\"text-align: center; margin-top: 40px;\"><a class=\"button primary large\" href=\"\/contact\">Pe\u00e7a Agora<\/a><\/p>\n<\/div>\n<\/section>\n<section style=\"padding: 50px 20px;\">\n<div class=\"container\">\n<h2>Outros Produtos Frescos do Egito<\/h2>\n<p>Al\u00e9m de tomates, a PEI Trade fornece cebolas, batatas, alho, feij\u00e3o verde e muito mais. Apoiamo programas sazonais e contratos de importa\u00e7\u00e3o de longo prazo. <a href=\"\/about\">Saiba mais sobre nossos servi\u00e7os de exporta\u00e7\u00e3o<\/a>.<\/p>\n<div class=\"wp-block-woocommerce-product-collection\"><div class=\"woocommerce columns-4 \"><ul class=\"products columns-4\" data-products=\"type-2\">\n<li class=\"product type-product post-7475 status-publish first instock product_cat-in-season product_cat-vegetables has-post-thumbnail shipping-taxable product-type-simple\">\n\t<a href=\"https:\/\/peitrade.com\/pt-br\/product\/cebola\/\" class=\"woocommerce-LoopProduct-link woocommerce-loop-product__link\"><img decoding=\"async\" width=\"300\" height=\"300\" src=\"https:\/\/peitrade.com\/wp-content\/uploads\/2025\/11\/Egyption-Onion-300x300.webp\" class=\"attachment-woocommerce_thumbnail size-woocommerce_thumbnail\" alt=\"Egyption Onion - PEI Trade\" srcset=\"https:\/\/peitrade.com\/wp-content\/uploads\/2025\/11\/Egyption-Onion-300x300.webp 300w, https:\/\/peitrade.com\/wp-content\/uploads\/2025\/11\/Egyption-Onion-150x150.webp 150w, https:\/\/peitrade.com\/wp-content\/uploads\/2025\/11\/Egyption-Onion-768x768.webp 768w, https:\/\/peitrade.com\/wp-content\/uploads\/2025\/11\/Egyption-Onion-600x600.webp 600w, https:\/\/peitrade.com\/wp-content\/uploads\/2025\/11\/Egyption-Onion-100x100.webp 100w, https:\/\/peitrade.com\/wp-content\/uploads\/2025\/11\/Egyption-Onion.webp 1024w\" sizes=\"(max-width: 300px) 100vw, 300px\" title=\"\"><h2 class=\"woocommerce-loop-product__title\">Cebola<\/h2>\n<\/a><a href=\"https:\/\/peitrade.com\/pt-br\/product\/cebola\/\" aria-describedby=\"woocommerce_loop_add_to_cart_link_describedby_7475\" data-quantity=\"1\" class=\"button product_type_simple\" data-product_id=\"7475\" data-product_sku=\"70310\" aria-label=\"Leia mais sobre &ldquo;Cebola&rdquo;\" rel=\"nofollow\" data-success_message=\"\">Leia mais<\/a>\t<span id=\"woocommerce_loop_add_to_cart_link_describedby_7475\" class=\"screen-reader-text\">\n\t\t\t<\/span>\n<\/li>\n<li class=\"product type-product post-7526 status-publish instock product_cat-in-season product_cat-vegetables has-post-thumbnail shipping-taxable product-type-simple\">\n\t<a href=\"https:\/\/peitrade.com\/pt-br\/product\/vagem-feijao-verde\/\" class=\"woocommerce-LoopProduct-link woocommerce-loop-product__link\"><img decoding=\"async\" width=\"300\" height=\"300\" src=\"https:\/\/peitrade.com\/wp-content\/uploads\/2025\/11\/Egyptian-Green-Beans-300x300.webp\" class=\"attachment-woocommerce_thumbnail size-woocommerce_thumbnail\" alt=\"feij\u00e3o-verde\" srcset=\"https:\/\/peitrade.com\/wp-content\/uploads\/2025\/11\/Egyptian-Green-Beans-300x300.webp 300w, https:\/\/peitrade.com\/wp-content\/uploads\/2025\/11\/Egyptian-Green-Beans-150x150.webp 150w, https:\/\/peitrade.com\/wp-content\/uploads\/2025\/11\/Egyptian-Green-Beans-768x768.webp 768w, https:\/\/peitrade.com\/wp-content\/uploads\/2025\/11\/Egyptian-Green-Beans-600x600.webp 600w, https:\/\/peitrade.com\/wp-content\/uploads\/2025\/11\/Egyptian-Green-Beans-100x100.webp 100w, https:\/\/peitrade.com\/wp-content\/uploads\/2025\/11\/Egyptian-Green-Beans.webp 1024w\" sizes=\"(max-width: 300px) 100vw, 300px\" title=\"\"><h2 class=\"woocommerce-loop-product__title\">feij\u00e3o-verde<\/h2>\n<\/a><a href=\"https:\/\/peitrade.com\/pt-br\/product\/vagem-feijao-verde\/\" aria-describedby=\"woocommerce_loop_add_to_cart_link_describedby_7526\" data-quantity=\"1\" class=\"button product_type_simple\" data-product_id=\"7526\" data-product_sku=\"70821\" aria-label=\"Leia mais sobre &ldquo;feij\u00e3o-verde&rdquo;\" rel=\"nofollow\" data-success_message=\"\">Leia mais<\/a>\t<span id=\"woocommerce_loop_add_to_cart_link_describedby_7526\" class=\"screen-reader-text\">\n\t\t\t<\/span>\n<\/li>\n<li class=\"product type-product post-7759 status-publish instock product_cat-in-season product_cat-vegetables has-post-thumbnail shipping-taxable product-type-simple\">\n\t<a href=\"https:\/\/peitrade.com\/pt-br\/product\/potatoes\/\" class=\"woocommerce-LoopProduct-link woocommerce-loop-product__link\"><img decoding=\"async\" width=\"300\" height=\"300\" src=\"https:\/\/peitrade.com\/wp-content\/uploads\/2025\/11\/Egyptian-Potatoes-300x300.webp\" class=\"attachment-woocommerce_thumbnail size-woocommerce_thumbnail\" alt=\"Potatoes\" srcset=\"https:\/\/peitrade.com\/wp-content\/uploads\/2025\/11\/Egyptian-Potatoes-300x300.webp 300w, https:\/\/peitrade.com\/wp-content\/uploads\/2025\/11\/Egyptian-Potatoes-150x150.webp 150w, https:\/\/peitrade.com\/wp-content\/uploads\/2025\/11\/Egyptian-Potatoes-768x768.webp 768w, https:\/\/peitrade.com\/wp-content\/uploads\/2025\/11\/Egyptian-Potatoes-600x600.webp 600w, https:\/\/peitrade.com\/wp-content\/uploads\/2025\/11\/Egyptian-Potatoes-100x100.webp 100w, https:\/\/peitrade.com\/wp-content\/uploads\/2025\/11\/Egyptian-Potatoes.webp 1024w\" sizes=\"(max-width: 300px) 100vw, 300px\" title=\"\"><h2 class=\"woocommerce-loop-product__title\">Potatoes<\/h2>\n<\/a><a href=\"https:\/\/peitrade.com\/pt-br\/product\/potatoes\/\" aria-describedby=\"woocommerce_loop_add_to_cart_link_describedby_7759\" data-quantity=\"1\" class=\"button product_type_simple\" data-product_id=\"7759\" data-product_sku=\"70190\" aria-label=\"Leia mais sobre &ldquo;Potatoes&rdquo;\" rel=\"nofollow\" data-success_message=\"\">Leia mais<\/a>\t<span id=\"woocommerce_loop_add_to_cart_link_describedby_7759\" class=\"screen-reader-text\">\n\t\t\t<\/span>\n<\/li>\n<li class=\"product type-product post-7354 status-publish last instock product_cat-vegetables has-post-thumbnail shipping-taxable product-type-simple\">\n\t<a href=\"https:\/\/peitrade.com\/pt-br\/product\/tomates\/\" class=\"woocommerce-LoopProduct-link woocommerce-loop-product__link\"><img decoding=\"async\" width=\"300\" height=\"300\" src=\"https:\/\/peitrade.com\/wp-content\/uploads\/2025\/11\/Egyptian-Tomatoes-300x300.webp\" class=\"attachment-woocommerce_thumbnail size-woocommerce_thumbnail\" alt=\"Tomates\" srcset=\"https:\/\/peitrade.com\/wp-content\/uploads\/2025\/11\/Egyptian-Tomatoes-300x300.webp 300w, https:\/\/peitrade.com\/wp-content\/uploads\/2025\/11\/Egyptian-Tomatoes-150x150.webp 150w, https:\/\/peitrade.com\/wp-content\/uploads\/2025\/11\/Egyptian-Tomatoes-768x768.webp 768w, https:\/\/peitrade.com\/wp-content\/uploads\/2025\/11\/Egyptian-Tomatoes-600x600.webp 600w, https:\/\/peitrade.com\/wp-content\/uploads\/2025\/11\/Egyptian-Tomatoes-100x100.webp 100w, https:\/\/peitrade.com\/wp-content\/uploads\/2025\/11\/Egyptian-Tomatoes.webp 1024w\" sizes=\"(max-width: 300px) 100vw, 300px\" title=\"\"><h2 class=\"woocommerce-loop-product__title\">Tomates<\/h2>\n<\/a><a href=\"https:\/\/peitrade.com\/pt-br\/product\/tomates\/\" aria-describedby=\"woocommerce_loop_add_to_cart_link_describedby_7354\" data-quantity=\"1\" class=\"button product_type_simple\" data-product_id=\"7354\" data-product_sku=\"70200\" aria-label=\"Leia mais sobre &ldquo;Tomates&rdquo;\" rel=\"nofollow\" data-success_message=\"\">Leia mais<\/a>\t<span id=\"woocommerce_loop_add_to_cart_link_describedby_7354\" class=\"screen-reader-text\">\n\t\t\t<\/span>\n<\/li>\n<\/ul>\n<\/div><\/div>\n<\/div>\n<\/section>\n<section style=\"padding: 50px 20px; background-color: #f9f9f9;\" data-darkreader-inline-bgcolor=\"\">\n<div class=\"container\">\n<h2>Perguntas Frequentes<\/h2>\n<div>\n<h3>Qual a diferen\u00e7a entre tomates ameixa eg\u00edpcios e tomates redondos?<\/h3>\n<p>Os tomates ameixa s\u00e3o alongados e mais carnudos, com menos sementes e menos \u00e1gua. Eles s\u00e3o preferidos para molhos, pasta de tomate e maior vida \u00fatil durante o transporte.<\/p>\n<h3>Os seus tomates s\u00e3o adequados para fabricantes de pasta de tomate?<\/h3>\n<p>Sim, nossos tomates ameixa s\u00e3o amplamente utilizados por fabricantes de pasta de tomate no Egito e por clientes internacionais devido ao seu alto Brix e firmeza.<\/p>\n<h3>Voc\u00eas oferecem certifica\u00e7\u00f5es de qualidade e resultados de testes laboratoriais?<\/h3>\n<p>Sim, fornecemos certificados fitossanit\u00e1rios e de origem com cada remessa. Testes laboratoriais adicionais podem ser organizados mediante solicita\u00e7\u00e3o.<\/p>\n<h3>Quais op\u00e7\u00f5es de embalagem est\u00e3o dispon\u00edveis?<\/h3>\n<p>Oferecemos caixas de 5 kg, 6 kg e 10 kg, bem como caixas grandes para manuseio em grande escala. A rotulagem pode ser personalizada conforme os requisitos do mercado.<\/p>\n<h3>Posso fazer pedidos antecipados para colheitas futuras, como tomates frescos em maio de 2025?<\/h3>\n<p>Sim, a PEI Trade aceita pr\u00e9-encomendas e agendamentos antecipados para as principais temporadas, garantindo disponibilidade durante a alta demanda.<\/p>\n<h3>Voc\u00eas exportam para o meu pa\u00eds?<\/h3>\n<p>A PEI Trade exporta para o Oriente M\u00e9dio, \u00c1sia e Norte da \u00c1frica. Aceitamos novas consultas e orientaremos sobre os requisitos regulat\u00f3rios de cada destino.<\/p>\n<\/div>\n<\/div>\n<\/section>\n","protected":false},"excerpt":{"rendered":"<p>Tomates Ameixa Eg\u00edpcios Ricos em Sabor \u2013 Fornecidos para Compradores Internacionais Na PEI Trade, nos especializamos na exporta\u00e7\u00e3o de tomates ameixa eg\u00edpcios que atendem aos requisitos rigorosos de processadores de alimentos, fabricantes de pasta de tomate e importadores atacadistas. Obtidos das zonas agr\u00edcolas f\u00e9rteis do Alto Egito e do Delta do Nilo, nossos tomates ameixa [&hellip;]<\/p>\n","protected":false},"author":1,"featured_media":0,"parent":0,"menu_order":0,"comment_status":"closed","ping_status":"closed","template":"","meta":{"footnotes":""},"class_list":["post-5702","page","type-page","status-publish","hentry"],"blocksy_meta":[],"mb":[],"featured_image_urls_v2":{"full":"","thumbnail":"","medium":"","medium_large":"","large":"","1536x1536":"","2048x2048":"","woocommerce_archive_thumbnail":"","woocommerce_thumbnail":"","woocommerce_single":"","woocommerce_gallery_thumbnail":""},"post_excerpt_stackable_v2":"<p>Tomates Ameixa Eg\u00edpcios Ricos em Sabor \u2013 Fornecidos para Compradores Internacionais Na PEI Trade, nos especializamos na exporta\u00e7\u00e3o de tomates ameixa eg\u00edpcios que atendem aos requisitos rigorosos de processadores de alimentos, fabricantes de pasta de tomate e importadores atacadistas. Obtidos das zonas agr\u00edcolas f\u00e9rteis do Alto Egito e do Delta do Nilo, nossos tomates ameixa s\u00e3o conhecidos por sua textura carnuda, cor vermelha intensa e baixa umidade, o que os torna altamente adequados tanto para processamento industrial quanto para distribui\u00e7\u00e3o fresca. Seja para fornecer molhos, produtos enlatados de tomate ou para procurar tomates de qualidade superior para embalagem, a PEI&hellip;<\/p>\n","category_list_v2":"","author_info_v2":{"name":"Mostafa Sabry","url":"https:\/\/peitrade.com\/pt-br\/author\/emostafaadel_jn8gcqbo\/"},"comments_num_v2":"0 coment\u00e1rio","mfb_rest_fields":["title","blocksy_meta","featured_image_urls_v2","post_excerpt_stackable_v2","category_list_v2","author_info_v2","comments_num_v2"],"_links":{"self":[{"href":"https:\/\/peitrade.com\/pt-br\/wp-json\/wp\/v2\/pages\/5702","targetHints":{"allow":["GET"]}}],"collection":[{"href":"https:\/\/peitrade.com\/pt-br\/wp-json\/wp\/v2\/pages"}],"about":[{"href":"https:\/\/peitrade.com\/pt-br\/wp-json\/wp\/v2\/types\/page"}],"author":[{"embeddable":true,"href":"https:\/\/peitrade.com\/pt-br\/wp-json\/wp\/v2\/users\/1"}],"replies":[{"embeddable":true,"href":"https:\/\/peitrade.com\/pt-br\/wp-json\/wp\/v2\/comments?post=5702"}],"version-history":[{"count":1,"href":"https:\/\/peitrade.com\/pt-br\/wp-json\/wp\/v2\/pages\/5702\/revisions"}],"predecessor-version":[{"id":5703,"href":"https:\/\/peitrade.com\/pt-br\/wp-json\/wp\/v2\/pages\/5702\/revisions\/5703"}],"wp:attachment":[{"href":"https:\/\/peitrade.com\/pt-br\/wp-json\/wp\/v2\/media?parent=5702"}],"curies":[{"name":"wp","href":"https:\/\/api.w.org\/{rel}","templated":true}]}}