{"id":5820,"date":"2025-05-19T08:17:23","date_gmt":"2025-05-19T08:17:23","guid":{"rendered":"http:\/\/46.224.74.15\/epoca-de-colheita-do-alho-egipcio\/"},"modified":"2025-11-19T16:46:22","modified_gmt":"2025-11-19T16:46:22","slug":"epoca-de-colheita-do-alho-egipcio","status":"publish","type":"page","link":"https:\/\/peitrade.com\/pt-br\/epoca-de-colheita-do-alho-egipcio\/","title":{"rendered":"\u00c9poca de Colheita do Alho Eg\u00edpcio \u2013 Alho Fresco de Qualidade Premium da PEI Trade"},"content":{"rendered":"<section style=\"padding: 60px 20px; background-color: #f9f9f9;\">\n<div class=\"container\">\n<h1>\u00c9poca de Colheita do Alho Eg\u00edpcio \u2013 Alho Fresco de Qualidade Premium da PEI Trade<\/h1>\n<p>&nbsp;<\/p>\n<p>A PEI Trade se orgulha de ser uma das principais <b>empresas exportadoras de alho do Egito<\/b>, especializada em alho fresco premium cultivado diretamente nas ricas terras agr\u00edcolas do Egito. Reconhecido por seus sabores \u00fanicos e ampla variedade, o alho eg\u00edpcio \u2013 incluindo o <b>alho branco eg\u00edpcio<\/b>, <b>alho rosa eg\u00edpcio<\/b>, <b>alho roxo eg\u00edpcio<\/b>, <b>alho balady eg\u00edpcio<\/b> e <b>alho walking eg\u00edpcio<\/b> \u2013 \u00e9 altamente valorizado em todo o mundo.<\/p>\n<p>Nosso compromisso com a qualidade e o fornecimento constante nos torna um dos principais <b>fornecedores de alho do Egito<\/b> e <b>exportadores de alho eg\u00edpcio<\/b>, entregando frescor e autenticidade para os mercados globais. Seja para pedidos em grande escala ou embalagens personalizadas, a PEI Trade garante que suas necessidades sejam atendidas com profissionalismo e aten\u00e7\u00e3o.<\/p>\n<\/div>\n<\/section>\n<div class=\"wp-block-woocommerce-product-collection\"><div class=\"woocommerce columns-4 \"><ul class=\"products columns-4\" data-products=\"type-2\">\n<li class=\"product type-product post-7370 status-publish first instock product_cat-in-season product_cat-vegetables has-post-thumbnail shipping-taxable product-type-simple\">\n\t<a href=\"https:\/\/peitrade.com\/pt-br\/product\/alho\/\" class=\"woocommerce-LoopProduct-link woocommerce-loop-product__link\"><img decoding=\"async\" width=\"300\" height=\"300\" src=\"https:\/\/peitrade.com\/wp-content\/uploads\/2025\/11\/Egyptian-Garlic-300x300.webp\" class=\"attachment-woocommerce_thumbnail size-woocommerce_thumbnail\" alt=\"Alho\" srcset=\"https:\/\/peitrade.com\/wp-content\/uploads\/2025\/11\/Egyptian-Garlic-300x300.webp 300w, https:\/\/peitrade.com\/wp-content\/uploads\/2025\/11\/Egyptian-Garlic-150x150.webp 150w, https:\/\/peitrade.com\/wp-content\/uploads\/2025\/11\/Egyptian-Garlic-768x768.webp 768w, https:\/\/peitrade.com\/wp-content\/uploads\/2025\/11\/Egyptian-Garlic-600x600.webp 600w, https:\/\/peitrade.com\/wp-content\/uploads\/2025\/11\/Egyptian-Garlic-100x100.webp 100w, https:\/\/peitrade.com\/wp-content\/uploads\/2025\/11\/Egyptian-Garlic.webp 1024w\" sizes=\"(max-width: 300px) 100vw, 300px\" title=\"\"><h2 class=\"woocommerce-loop-product__title\">Alho<\/h2>\n<\/a><a href=\"https:\/\/peitrade.com\/pt-br\/product\/alho\/\" aria-describedby=\"woocommerce_loop_add_to_cart_link_describedby_7370\" data-quantity=\"1\" class=\"button product_type_simple\" data-product_id=\"7370\" data-product_sku=\"70320\" aria-label=\"Leia mais sobre &ldquo;Alho&rdquo;\" rel=\"nofollow\" data-success_message=\"\">Leia mais<\/a>\t<span id=\"woocommerce_loop_add_to_cart_link_describedby_7370\" class=\"screen-reader-text\">\n\t\t\t<\/span>\n<\/li>\n<li class=\"product type-product post-7475 status-publish instock product_cat-in-season product_cat-vegetables has-post-thumbnail shipping-taxable product-type-simple\">\n\t<a href=\"https:\/\/peitrade.com\/pt-br\/product\/cebola\/\" class=\"woocommerce-LoopProduct-link woocommerce-loop-product__link\"><img decoding=\"async\" width=\"300\" height=\"300\" src=\"https:\/\/peitrade.com\/wp-content\/uploads\/2025\/11\/Egyption-Onion-300x300.webp\" class=\"attachment-woocommerce_thumbnail size-woocommerce_thumbnail\" alt=\"Egyption Onion - PEI Trade\" srcset=\"https:\/\/peitrade.com\/wp-content\/uploads\/2025\/11\/Egyption-Onion-300x300.webp 300w, https:\/\/peitrade.com\/wp-content\/uploads\/2025\/11\/Egyption-Onion-150x150.webp 150w, https:\/\/peitrade.com\/wp-content\/uploads\/2025\/11\/Egyption-Onion-768x768.webp 768w, https:\/\/peitrade.com\/wp-content\/uploads\/2025\/11\/Egyption-Onion-600x600.webp 600w, https:\/\/peitrade.com\/wp-content\/uploads\/2025\/11\/Egyption-Onion-100x100.webp 100w, https:\/\/peitrade.com\/wp-content\/uploads\/2025\/11\/Egyption-Onion.webp 1024w\" sizes=\"(max-width: 300px) 100vw, 300px\" title=\"\"><h2 class=\"woocommerce-loop-product__title\">Cebola<\/h2>\n<\/a><a href=\"https:\/\/peitrade.com\/pt-br\/product\/cebola\/\" aria-describedby=\"woocommerce_loop_add_to_cart_link_describedby_7475\" data-quantity=\"1\" class=\"button product_type_simple\" data-product_id=\"7475\" data-product_sku=\"70310\" aria-label=\"Leia mais sobre &ldquo;Cebola&rdquo;\" rel=\"nofollow\" data-success_message=\"\">Leia mais<\/a>\t<span id=\"woocommerce_loop_add_to_cart_link_describedby_7475\" class=\"screen-reader-text\">\n\t\t\t<\/span>\n<\/li>\n<li class=\"product type-product post-7710 status-publish instock product_cat-in-season product_cat-legumes has-post-thumbnail shipping-taxable product-type-simple\">\n\t<a href=\"https:\/\/peitrade.com\/pt-br\/product\/feijao-branco-seco\/\" class=\"woocommerce-LoopProduct-link woocommerce-loop-product__link\"><img decoding=\"async\" width=\"300\" height=\"300\" src=\"https:\/\/peitrade.com\/wp-content\/uploads\/2025\/11\/Egyptian-White-Beans-300x300.webp\" class=\"attachment-woocommerce_thumbnail size-woocommerce_thumbnail\" alt=\"Feij\u00e3o branco seco\" srcset=\"https:\/\/peitrade.com\/wp-content\/uploads\/2025\/11\/Egyptian-White-Beans-300x300.webp 300w, https:\/\/peitrade.com\/wp-content\/uploads\/2025\/11\/Egyptian-White-Beans-150x150.webp 150w, https:\/\/peitrade.com\/wp-content\/uploads\/2025\/11\/Egyptian-White-Beans-768x768.webp 768w, https:\/\/peitrade.com\/wp-content\/uploads\/2025\/11\/Egyptian-White-Beans-600x600.webp 600w, https:\/\/peitrade.com\/wp-content\/uploads\/2025\/11\/Egyptian-White-Beans-100x100.webp 100w, https:\/\/peitrade.com\/wp-content\/uploads\/2025\/11\/Egyptian-White-Beans.webp 1024w\" sizes=\"(max-width: 300px) 100vw, 300px\" title=\"\"><h2 class=\"woocommerce-loop-product__title\">Feij\u00e3o branco seco<\/h2>\n<\/a><a href=\"https:\/\/peitrade.com\/pt-br\/product\/feijao-branco-seco\/\" aria-describedby=\"woocommerce_loop_add_to_cart_link_describedby_7710\" data-quantity=\"1\" class=\"button product_type_simple\" data-product_id=\"7710\" data-product_sku=\"70820\" aria-label=\"Leia mais sobre &ldquo;Feij\u00e3o branco seco&rdquo;\" rel=\"nofollow\" data-success_message=\"\">Leia mais<\/a>\t<span id=\"woocommerce_loop_add_to_cart_link_describedby_7710\" class=\"screen-reader-text\">\n\t\t\t<\/span>\n<\/li>\n<li class=\"product type-product post-7526 status-publish last instock product_cat-in-season product_cat-vegetables has-post-thumbnail shipping-taxable product-type-simple\">\n\t<a href=\"https:\/\/peitrade.com\/pt-br\/product\/vagem-feijao-verde\/\" class=\"woocommerce-LoopProduct-link woocommerce-loop-product__link\"><img decoding=\"async\" width=\"300\" height=\"300\" src=\"https:\/\/peitrade.com\/wp-content\/uploads\/2025\/11\/Egyptian-Green-Beans-300x300.webp\" class=\"attachment-woocommerce_thumbnail size-woocommerce_thumbnail\" alt=\"feij\u00e3o-verde\" srcset=\"https:\/\/peitrade.com\/wp-content\/uploads\/2025\/11\/Egyptian-Green-Beans-300x300.webp 300w, https:\/\/peitrade.com\/wp-content\/uploads\/2025\/11\/Egyptian-Green-Beans-150x150.webp 150w, https:\/\/peitrade.com\/wp-content\/uploads\/2025\/11\/Egyptian-Green-Beans-768x768.webp 768w, https:\/\/peitrade.com\/wp-content\/uploads\/2025\/11\/Egyptian-Green-Beans-600x600.webp 600w, https:\/\/peitrade.com\/wp-content\/uploads\/2025\/11\/Egyptian-Green-Beans-100x100.webp 100w, https:\/\/peitrade.com\/wp-content\/uploads\/2025\/11\/Egyptian-Green-Beans.webp 1024w\" sizes=\"(max-width: 300px) 100vw, 300px\" title=\"\"><h2 class=\"woocommerce-loop-product__title\">feij\u00e3o-verde<\/h2>\n<\/a><a href=\"https:\/\/peitrade.com\/pt-br\/product\/vagem-feijao-verde\/\" aria-describedby=\"woocommerce_loop_add_to_cart_link_describedby_7526\" data-quantity=\"1\" class=\"button product_type_simple\" data-product_id=\"7526\" data-product_sku=\"70821\" aria-label=\"Leia mais sobre &ldquo;feij\u00e3o-verde&rdquo;\" rel=\"nofollow\" data-success_message=\"\">Leia mais<\/a>\t<span id=\"woocommerce_loop_add_to_cart_link_describedby_7526\" class=\"screen-reader-text\">\n\t\t\t<\/span>\n<\/li>\n<\/ul>\n<\/div><\/div>\n<section style=\"padding: 50px 20px;\">\n<div class=\"container\">\n<h2>Por Que Escolher o Alho Eg\u00edpcio da PEI Trade?<\/h2>\n<p><span style=\"font-weight: 400;\">Nosso <b>alho eg\u00edpcio<\/b> se destaca por suas caracter\u00edsticas excepcionais:<\/span><\/p>\n<ul>\n<li style=\"font-weight: 400;\" aria-level=\"1\"><span style=\"font-weight: 400;\">Sabor aut\u00eantico com ra\u00edzes que remontam ao cultivo de <b>alho no Egito Antigo<\/b><\/span><\/li>\n<li style=\"font-weight: 400;\" aria-level=\"1\"><span style=\"font-weight: 400;\">Grande diversidade de tipos, como <b>alho branco<\/b>, <b>alho rosa<\/b> e <b>alho roxo eg\u00edpcio<\/b><\/span><\/li>\n<li style=\"font-weight: 400;\" aria-level=\"1\"><span style=\"font-weight: 400;\">Bulbos firmes com excelente durabilidade e aroma intenso<\/span><\/li>\n<li style=\"font-weight: 400;\" aria-level=\"1\"><span style=\"font-weight: 400;\">Colheita cuidadosa durante a <b>temporada ideal de colheita do alho eg\u00edpcio<\/b> para garantir o m\u00e1ximo sabor<\/span><\/li>\n<li style=\"font-weight: 400;\" aria-level=\"1\"><span style=\"font-weight: 400;\">Cultivo sustent\u00e1vel e sele\u00e7\u00e3o manual para garantir qualidade<\/span><\/li>\n<\/ul>\n<p><span style=\"font-weight: 400;\">Nossos agricultores especializados cuidam da <b>planta de alho eg\u00edpcio<\/b> para produzir um alho fresco que supera os padr\u00f5es da ind\u00fastria.<\/span><\/p>\n<h2>Temporada de Colheita e Disponibilidade do Alho Fresco<\/h2>\n<p><span style=\"font-weight: 400;\">A <b>temporada de colheita do alho eg\u00edpcio<\/b> ocorre, geralmente, entre <b>abril e junho<\/b>, com o alho fresco dispon\u00edvel para exporta\u00e7\u00e3o logo em seguida. Isso garante que nossos clientes recebam o alho em seu estado mais fresco, incluindo a esperada colheita de <b>alho fresco em maio de 2025<\/b>.<\/span><\/p>\n<p style=\"font-weight: 400;\">Gra\u00e7as ao clima favor\u00e1vel do Egito e \u00e0s t\u00e9cnicas agr\u00edcolas avan\u00e7adas, nosso alho \u00e9 reconhecido por sua qualidade consistente e disponibilidade anual.<\/p>\n<h3>Nossas Variedades de Alho<\/h3>\n<p><span style=\"font-weight: 400;\">Oferecemos com orgulho uma ampla gama de variedades de alho para atender diferentes demandas de mercado:<\/span><\/p>\n<ul>\n<li style=\"font-weight: 400;\" aria-level=\"1\"><b>Alho Branco Eg\u00edpcio:<\/b> Sabor cl\u00e1ssico e suave, ideal para cozinhar<\/li>\n<li style=\"font-weight: 400;\" aria-level=\"1\"><b>Alho Rosa Eg\u00edpcio:<\/b> Colora\u00e7\u00e3o rosada e sabor marcante<\/li>\n<li style=\"font-weight: 400;\" aria-level=\"1\"><b>Alho Roxo Eg\u00edpcio:<\/b> Sabor intenso e tom roxo vibrante<\/li>\n<li style=\"font-weight: 400;\" aria-level=\"1\"><b>Alho Balady Eg\u00edpcio:<\/b> Variedade tradicional com aroma forte<\/li>\n<li style=\"font-weight: 400;\" aria-level=\"1\"><b>Alho Walking Eg\u00edpcio:<\/b> Crescimento \u00fanico e sabor concentrado<\/li>\n<\/ul>\n<h2>Da Fazenda ao Mercado Global \u2013 Nosso Processo de Exporta\u00e7\u00e3o<\/h2>\n<p><span style=\"font-weight: 400;\">A PEI Trade segue um processo rigoroso de exporta\u00e7\u00e3o para garantir que cada lote de <b>alho fresco do Egito<\/b> atenda aos padr\u00f5es internacionais de qualidade:<\/span><\/p>\n<ul>\n<li style=\"font-weight: 400;\" aria-level=\"1\"><span style=\"font-weight: 400;\">Colheita cuidadosa durante a melhor <b>temporada de colheita do alho eg\u00edpcio<\/b> para preservar o frescor e o sabor<\/span><\/li>\n<li style=\"font-weight: 400;\" aria-level=\"1\"><span style=\"font-weight: 400;\">Classifica\u00e7\u00e3o por tamanho, cor e qualidade<\/span><\/li>\n<li style=\"font-weight: 400;\" aria-level=\"1\"><span style=\"font-weight: 400;\">Limpeza e secagem com m\u00e9todos avan\u00e7ados para manter a qualidade<\/span><\/li>\n<li style=\"font-weight: 400;\" aria-level=\"1\"><span style=\"font-weight: 400;\">Embalagens a granel ou prontas para varejo com total rastreabilidade<\/span><\/li>\n<li style=\"font-weight: 400;\" aria-level=\"1\"><span style=\"font-weight: 400;\">Documenta\u00e7\u00e3o completa de exporta\u00e7\u00e3o, incluindo certificados fitossanit\u00e1rios, para libera\u00e7\u00e3o aduaneira sem complica\u00e7\u00f5es<\/span><\/li>\n<\/ul>\n<p><span style=\"font-weight: 400;\">Nossa equipe de log\u00edstica garante a entrega pontual para clientes em todo o mundo, tornando a PEI Trade uma das mais confi\u00e1veis <b>exportadoras de alho do Egito<\/b>.<\/span><\/p>\n<h2>Op\u00e7\u00f5es de Embalagem<\/h2>\n<p><span style=\"font-weight: 400;\">Oferecemos solu\u00e7\u00f5es de embalagem flex\u00edveis para atender \u00e0s exig\u00eancias do seu mercado:<\/span><\/p>\n<ul>\n<li style=\"font-weight: 400;\" aria-level=\"1\"><span style=\"font-weight: 400;\">Sacos de polipropileno a granel para compradores no atacado<\/span><\/li>\n<li style=\"font-weight: 400;\" aria-level=\"1\"><span style=\"font-weight: 400;\">Embalagens de malha e a v\u00e1cuo prontas para o varejo<\/span><\/li>\n<li style=\"font-weight: 400;\" aria-level=\"1\"><span style=\"font-weight: 400;\">Op\u00e7\u00f5es de rotulagem personalizada e marca pr\u00f3pria<\/span><\/li>\n<li style=\"font-weight: 400;\" aria-level=\"1\"><span style=\"font-weight: 400;\">Cargas paletizadas otimizadas para transporte em cont\u00eaineres<\/span><\/li>\n<\/ul>\n<h3>Alcance Global do Nosso Alho Eg\u00edpcio<\/h3>\n<p><span style=\"font-weight: 400;\">Nossas exporta\u00e7\u00f5es de alho chegam a diversos mercados como:<\/span><\/p>\n<ul>\n<li style=\"font-weight: 400;\" aria-level=\"1\"><span style=\"font-weight: 400;\">Europa, incluindo It\u00e1lia, Espanha e Holanda<\/span><\/li>\n<li style=\"font-weight: 400;\" aria-level=\"1\"><span style=\"font-weight: 400;\">Oriente M\u00e9dio, como Emirados \u00c1rabes Unidos, Ar\u00e1bia Saudita e L\u00edbano<\/span><\/li>\n<li style=\"font-weight: 400;\" aria-level=\"1\"><span style=\"font-weight: 400;\">\u00c1frica, incluindo Norte da \u00c1frica e regi\u00f5es subsaarianas<\/span><\/li>\n<li style=\"font-weight: 400;\" aria-level=\"1\"><span style=\"font-weight: 400;\">\u00c1sia, incluindo \u00cdndia, China e Sudeste Asi\u00e1tico<\/span><\/li>\n<\/ul>\n<\/div>\n<\/section>\n<section style=\"padding: 50px 20px; background-color: #f0f0f0;\">\n<div class=\"container\">\n<h2>Pe\u00e7a Alho Eg\u00edpcio Premium com a PEI Trade<\/h2>\n<p>Se voc\u00ea procura uma <b>empresa exportadora de alho do Egito<\/b> confi\u00e1vel, que forne\u00e7a alho fresco de alta qualidade colhido durante a melhor <b>temporada de colheita do alho eg\u00edpcio<\/b>, a PEI Trade \u00e9 o parceiro ideal.<\/p>\n<p>Focamos em qualidade, transpar\u00eancia e excelente atendimento ao cliente para garantir uma experi\u00eancia de importa\u00e7\u00e3o sem complica\u00e7\u00f5es.<\/p>\n<h2>Solicite Pre\u00e7os e Amostras Hoje Mesmo<\/h2>\n<p>Entre em contato agora para cota\u00e7\u00f5es, atualiza\u00e7\u00f5es de disponibilidade ou envio de amostras das nossas variedades superiores de alho eg\u00edpcio.<\/p>\n<p style=\"text-align: center; margin-top: 40px;\"><a class=\"button primary large\" href=\"\/contact\">Pe\u00e7a Agora<\/a><\/p>\n<\/div>\n<\/section>\n<section style=\"padding: 50px 20px;\">\n<div class=\"container\">\n<h2>Explore Mais Exporta\u00e7\u00f5es Agr\u00edcolas do Egito<\/h2>\n<p>&nbsp;<\/p>\n<p>Al\u00e9m do alho, a PEI Trade oferece uma ampla sele\u00e7\u00e3o de produtos frescos eg\u00edpcios, incluindo batatas premium, uvas e frutas c\u00edtricas. Amplie seu portf\u00f3lio com exporta\u00e7\u00f5es confi\u00e1veis do Egito. <a href=\"\/about\">Saiba mais sobre nossa capacidade de exporta\u00e7\u00e3o<\/a>.<\/p>\n<div class=\"wp-block-woocommerce-product-collection\"><div class=\"woocommerce columns-4 \"><ul class=\"products columns-4\" data-products=\"type-2\">\n<li class=\"product type-product post-7370 status-publish first instock product_cat-in-season product_cat-vegetables has-post-thumbnail shipping-taxable product-type-simple\">\n\t<a href=\"https:\/\/peitrade.com\/pt-br\/product\/alho\/\" class=\"woocommerce-LoopProduct-link woocommerce-loop-product__link\"><img decoding=\"async\" width=\"300\" height=\"300\" src=\"https:\/\/peitrade.com\/wp-content\/uploads\/2025\/11\/Egyptian-Garlic-300x300.webp\" class=\"attachment-woocommerce_thumbnail size-woocommerce_thumbnail\" alt=\"Alho\" srcset=\"https:\/\/peitrade.com\/wp-content\/uploads\/2025\/11\/Egyptian-Garlic-300x300.webp 300w, https:\/\/peitrade.com\/wp-content\/uploads\/2025\/11\/Egyptian-Garlic-150x150.webp 150w, https:\/\/peitrade.com\/wp-content\/uploads\/2025\/11\/Egyptian-Garlic-768x768.webp 768w, https:\/\/peitrade.com\/wp-content\/uploads\/2025\/11\/Egyptian-Garlic-600x600.webp 600w, https:\/\/peitrade.com\/wp-content\/uploads\/2025\/11\/Egyptian-Garlic-100x100.webp 100w, https:\/\/peitrade.com\/wp-content\/uploads\/2025\/11\/Egyptian-Garlic.webp 1024w\" sizes=\"(max-width: 300px) 100vw, 300px\" title=\"\"><h2 class=\"woocommerce-loop-product__title\">Alho<\/h2>\n<\/a><a href=\"https:\/\/peitrade.com\/pt-br\/product\/alho\/\" aria-describedby=\"woocommerce_loop_add_to_cart_link_describedby_7370\" data-quantity=\"1\" class=\"button product_type_simple\" data-product_id=\"7370\" data-product_sku=\"70320\" aria-label=\"Leia mais sobre &ldquo;Alho&rdquo;\" rel=\"nofollow\" data-success_message=\"\">Leia mais<\/a>\t<span id=\"woocommerce_loop_add_to_cart_link_describedby_7370\" class=\"screen-reader-text\">\n\t\t\t<\/span>\n<\/li>\n<li class=\"product type-product post-7770 status-publish instock product_cat-in-season product_cat-vegetables has-post-thumbnail shipping-taxable product-type-simple\">\n\t<a href=\"https:\/\/peitrade.com\/pt-br\/product\/batatas-doces\/\" class=\"woocommerce-LoopProduct-link woocommerce-loop-product__link\"><img decoding=\"async\" width=\"300\" height=\"300\" src=\"https:\/\/peitrade.com\/wp-content\/uploads\/2025\/11\/Egyptian-Sweet-Potatoes-300x300.webp\" class=\"attachment-woocommerce_thumbnail size-woocommerce_thumbnail\" alt=\"Egyptian Sweet Potatoes - PEI Trade\" srcset=\"https:\/\/peitrade.com\/wp-content\/uploads\/2025\/11\/Egyptian-Sweet-Potatoes-300x300.webp 300w, https:\/\/peitrade.com\/wp-content\/uploads\/2025\/11\/Egyptian-Sweet-Potatoes-150x150.webp 150w, https:\/\/peitrade.com\/wp-content\/uploads\/2025\/11\/Egyptian-Sweet-Potatoes-768x768.webp 768w, https:\/\/peitrade.com\/wp-content\/uploads\/2025\/11\/Egyptian-Sweet-Potatoes-600x600.webp 600w, https:\/\/peitrade.com\/wp-content\/uploads\/2025\/11\/Egyptian-Sweet-Potatoes-100x100.webp 100w, https:\/\/peitrade.com\/wp-content\/uploads\/2025\/11\/Egyptian-Sweet-Potatoes.webp 1024w\" sizes=\"(max-width: 300px) 100vw, 300px\" title=\"\"><h2 class=\"woocommerce-loop-product__title\">Batatas-doces<\/h2>\n<\/a><a href=\"https:\/\/peitrade.com\/pt-br\/product\/batatas-doces\/\" aria-describedby=\"woocommerce_loop_add_to_cart_link_describedby_7770\" data-quantity=\"1\" class=\"button product_type_simple\" data-product_id=\"7770\" data-product_sku=\"71420\" aria-label=\"Leia mais sobre &ldquo;Batatas-doces&rdquo;\" rel=\"nofollow\" data-success_message=\"\">Leia mais<\/a>\t<span id=\"woocommerce_loop_add_to_cart_link_describedby_7770\" class=\"screen-reader-text\">\n\t\t\t<\/span>\n<\/li>\n<li class=\"product type-product post-7759 status-publish instock product_cat-in-season product_cat-vegetables has-post-thumbnail shipping-taxable product-type-simple\">\n\t<a href=\"https:\/\/peitrade.com\/pt-br\/product\/potatoes\/\" class=\"woocommerce-LoopProduct-link woocommerce-loop-product__link\"><img decoding=\"async\" width=\"300\" height=\"300\" src=\"https:\/\/peitrade.com\/wp-content\/uploads\/2025\/11\/Egyptian-Potatoes-300x300.webp\" class=\"attachment-woocommerce_thumbnail size-woocommerce_thumbnail\" alt=\"Potatoes\" srcset=\"https:\/\/peitrade.com\/wp-content\/uploads\/2025\/11\/Egyptian-Potatoes-300x300.webp 300w, https:\/\/peitrade.com\/wp-content\/uploads\/2025\/11\/Egyptian-Potatoes-150x150.webp 150w, https:\/\/peitrade.com\/wp-content\/uploads\/2025\/11\/Egyptian-Potatoes-768x768.webp 768w, https:\/\/peitrade.com\/wp-content\/uploads\/2025\/11\/Egyptian-Potatoes-600x600.webp 600w, https:\/\/peitrade.com\/wp-content\/uploads\/2025\/11\/Egyptian-Potatoes-100x100.webp 100w, https:\/\/peitrade.com\/wp-content\/uploads\/2025\/11\/Egyptian-Potatoes.webp 1024w\" sizes=\"(max-width: 300px) 100vw, 300px\" title=\"\"><h2 class=\"woocommerce-loop-product__title\">Potatoes<\/h2>\n<\/a><a href=\"https:\/\/peitrade.com\/pt-br\/product\/potatoes\/\" aria-describedby=\"woocommerce_loop_add_to_cart_link_describedby_7759\" data-quantity=\"1\" class=\"button product_type_simple\" data-product_id=\"7759\" data-product_sku=\"70190\" aria-label=\"Leia mais sobre &ldquo;Potatoes&rdquo;\" rel=\"nofollow\" data-success_message=\"\">Leia mais<\/a>\t<span id=\"woocommerce_loop_add_to_cart_link_describedby_7759\" class=\"screen-reader-text\">\n\t\t\t<\/span>\n<\/li>\n<li class=\"product type-product post-7354 status-publish last instock product_cat-vegetables has-post-thumbnail shipping-taxable product-type-simple\">\n\t<a href=\"https:\/\/peitrade.com\/pt-br\/product\/tomates\/\" class=\"woocommerce-LoopProduct-link woocommerce-loop-product__link\"><img decoding=\"async\" width=\"300\" height=\"300\" src=\"https:\/\/peitrade.com\/wp-content\/uploads\/2025\/11\/Egyptian-Tomatoes-300x300.webp\" class=\"attachment-woocommerce_thumbnail size-woocommerce_thumbnail\" alt=\"Tomates\" srcset=\"https:\/\/peitrade.com\/wp-content\/uploads\/2025\/11\/Egyptian-Tomatoes-300x300.webp 300w, https:\/\/peitrade.com\/wp-content\/uploads\/2025\/11\/Egyptian-Tomatoes-150x150.webp 150w, https:\/\/peitrade.com\/wp-content\/uploads\/2025\/11\/Egyptian-Tomatoes-768x768.webp 768w, https:\/\/peitrade.com\/wp-content\/uploads\/2025\/11\/Egyptian-Tomatoes-600x600.webp 600w, https:\/\/peitrade.com\/wp-content\/uploads\/2025\/11\/Egyptian-Tomatoes-100x100.webp 100w, https:\/\/peitrade.com\/wp-content\/uploads\/2025\/11\/Egyptian-Tomatoes.webp 1024w\" sizes=\"(max-width: 300px) 100vw, 300px\" title=\"\"><h2 class=\"woocommerce-loop-product__title\">Tomates<\/h2>\n<\/a><a href=\"https:\/\/peitrade.com\/pt-br\/product\/tomates\/\" aria-describedby=\"woocommerce_loop_add_to_cart_link_describedby_7354\" data-quantity=\"1\" class=\"button product_type_simple\" data-product_id=\"7354\" data-product_sku=\"70200\" aria-label=\"Leia mais sobre &ldquo;Tomates&rdquo;\" rel=\"nofollow\" data-success_message=\"\">Leia mais<\/a>\t<span id=\"woocommerce_loop_add_to_cart_link_describedby_7354\" class=\"screen-reader-text\">\n\t\t\t<\/span>\n<\/li>\n<\/ul>\n<\/div><\/div>\n<\/div>\n<\/section>\n<section style=\"padding: 50px 20px; background-color: #f9f9f9;\">\n<div class=\"container\">\n<h2>Perguntas Frequentes<\/h2>\n<h3>Quando \u00e9 a \u00e9poca de colheita do alho eg\u00edpcio?<\/h3>\n<p>A temporada de colheita do alho eg\u00edpcio geralmente vai de abril a junho, com o alho fresco dispon\u00edvel para exporta\u00e7\u00e3o logo em seguida, incluindo o alho fresco da colheita de maio de 2025.<\/p>\n<h3>Quais variedades de alho eg\u00edpcio voc\u00eas fornecem?<\/h3>\n<p>Oferecemos diversas variedades, como alho branco, rosa, roxo, balady e walking eg\u00edpcio.<\/p>\n<h3>O que torna o alho eg\u00edpcio \u00fanico?<\/h3>\n<p>O alho eg\u00edpcio tem uma rica hist\u00f3ria que remonta ao Egito Antigo e \u00e9 valorizado por seu aroma marcante, textura firme e diversidade de variedades cultivadas com m\u00e9todos tradicionais.<\/p>\n<h3>Voc\u00eas atendem pedidos no atacado e varejo?<\/h3>\n<p>Sim, oferecemos solu\u00e7\u00f5es de embalagem flex\u00edveis, desde sacos a granel at\u00e9 embalagens prontas para o varejo com marca pr\u00f3pria.<\/p>\n<h3>Voc\u00eas fornecem documenta\u00e7\u00e3o de exporta\u00e7\u00e3o?<\/h3>\n<p>Com certeza. Todos os envios incluem certificados fitossanit\u00e1rios e documenta\u00e7\u00e3o completa para garantir a libera\u00e7\u00e3o alfandeg\u00e1ria sem dificuldades.<\/p>\n<h3>Para quais mercados voc\u00eas exportam alho eg\u00edpcio?<\/h3>\n<p>Nossas exporta\u00e7\u00f5es chegam \u00e0 Europa, Oriente M\u00e9dio, \u00c1frica e \u00c1sia, atendendo diversos importadores e distribuidores.<\/p>\n<\/div>\n<\/section>\n","protected":false},"excerpt":{"rendered":"<p>\u00c9poca de Colheita do Alho Eg\u00edpcio \u2013 Alho Fresco de Qualidade Premium da PEI Trade &nbsp; A PEI Trade se orgulha de ser uma das principais empresas exportadoras de alho do Egito, especializada em alho fresco premium cultivado diretamente nas ricas terras agr\u00edcolas do Egito. Reconhecido por seus sabores \u00fanicos e ampla variedade, o alho [&hellip;]<\/p>\n","protected":false},"author":1,"featured_media":0,"parent":0,"menu_order":0,"comment_status":"closed","ping_status":"closed","template":"","meta":{"footnotes":""},"class_list":["post-5820","page","type-page","status-publish","hentry"],"blocksy_meta":[],"mb":[],"featured_image_urls_v2":{"full":"","thumbnail":"","medium":"","medium_large":"","large":"","1536x1536":"","2048x2048":"","woocommerce_archive_thumbnail":"","woocommerce_thumbnail":"","woocommerce_single":"","woocommerce_gallery_thumbnail":""},"post_excerpt_stackable_v2":"<p>\u00c9poca de Colheita do Alho Eg\u00edpcio \u2013 Alho Fresco de Qualidade Premium da PEI Trade &nbsp; A PEI Trade se orgulha de ser uma das principais empresas exportadoras de alho do Egito, especializada em alho fresco premium cultivado diretamente nas ricas terras agr\u00edcolas do Egito. Reconhecido por seus sabores \u00fanicos e ampla variedade, o alho eg\u00edpcio \u2013 incluindo o alho branco eg\u00edpcio, alho rosa eg\u00edpcio, alho roxo eg\u00edpcio, alho balady eg\u00edpcio e alho walking eg\u00edpcio \u2013 \u00e9 altamente valorizado em todo o mundo. Nosso compromisso com a qualidade e o fornecimento constante nos torna um dos principais fornecedores de alho&hellip;<\/p>\n","category_list_v2":"","author_info_v2":{"name":"Mostafa Sabry","url":"https:\/\/peitrade.com\/pt-br\/author\/emostafaadel_jn8gcqbo\/"},"comments_num_v2":"0 coment\u00e1rio","mfb_rest_fields":["title","blocksy_meta","featured_image_urls_v2","post_excerpt_stackable_v2","category_list_v2","author_info_v2","comments_num_v2"],"_links":{"self":[{"href":"https:\/\/peitrade.com\/pt-br\/wp-json\/wp\/v2\/pages\/5820","targetHints":{"allow":["GET"]}}],"collection":[{"href":"https:\/\/peitrade.com\/pt-br\/wp-json\/wp\/v2\/pages"}],"about":[{"href":"https:\/\/peitrade.com\/pt-br\/wp-json\/wp\/v2\/types\/page"}],"author":[{"embeddable":true,"href":"https:\/\/peitrade.com\/pt-br\/wp-json\/wp\/v2\/users\/1"}],"replies":[{"embeddable":true,"href":"https:\/\/peitrade.com\/pt-br\/wp-json\/wp\/v2\/comments?post=5820"}],"version-history":[{"count":1,"href":"https:\/\/peitrade.com\/pt-br\/wp-json\/wp\/v2\/pages\/5820\/revisions"}],"predecessor-version":[{"id":5821,"href":"https:\/\/peitrade.com\/pt-br\/wp-json\/wp\/v2\/pages\/5820\/revisions\/5821"}],"wp:attachment":[{"href":"https:\/\/peitrade.com\/pt-br\/wp-json\/wp\/v2\/media?parent=5820"}],"curies":[{"name":"wp","href":"https:\/\/api.w.org\/{rel}","templated":true}]}}