{"id":5826,"date":"2025-05-19T12:49:01","date_gmt":"2025-05-19T12:49:01","guid":{"rendered":"http:\/\/46.224.74.15\/cebola-egipcia-caminhante\/"},"modified":"2025-11-19T16:46:23","modified_gmt":"2025-11-19T16:46:23","slug":"cebola-egipcia-caminhante","status":"publish","type":"page","link":"https:\/\/peitrade.com\/pt-br\/cebola-egipcia-caminhante\/","title":{"rendered":"Temporada de Colheita da Cebola Eg\u00edpcia Caminhante \u2013 PEI Trade"},"content":{"rendered":"<section style=\"padding: 60px 20px; background-color: #f9f9f9;\">\n<div class=\"container\">\n<h1>Temporada de Colheita da Cebola Eg\u00edpcia Caminhante \u2013 PEI Trade<\/h1>\n<p>&nbsp;<\/p>\n<p>A PEI Trade oferece com orgulho cebolas eg\u00edpcias caminhantes de alta qualidade, colhidas no auge da frescura para atender \u00e0s demandas dos compradores globais. Conhecidas por seu h\u00e1bito de crescimento \u00fanico e sabor robusto, as cebolas eg\u00edpcias caminhantes s\u00e3o uma cultura especial valorizada, cultivada nos solos f\u00e9rteis do Egito. Nosso processo de colheita garante que essas cebolas mantenham seu sabor caracter\u00edstico e vida \u00fatil, perfeitas para mercados frescos e usos culin\u00e1rios em todo o mundo.<\/p>\n<p>Como principais exportadores de cebola no Egito, tamb\u00e9m somos especializados em uma ampla variedade de cebolas, incluindo cebola roxa eg\u00edpcia, cebola dourada eg\u00edpcia e cebola branca eg\u00edpcia \u2014 todas cuidadosamente selecionadas e manuseadas para garantir qualidade premium e consist\u00eancia para nossos clientes internacionais.<\/p>\n<\/div>\n<\/section>\n<div class=\"wp-block-woocommerce-product-collection\"><div class=\"woocommerce columns-4 \"><ul class=\"products columns-4\" data-products=\"type-2\">\n<li class=\"product type-product post-7475 status-publish first instock product_cat-in-season product_cat-vegetables has-post-thumbnail shipping-taxable product-type-simple\">\n\t<a href=\"https:\/\/peitrade.com\/pt-br\/product\/cebola\/\" class=\"woocommerce-LoopProduct-link woocommerce-loop-product__link\"><img decoding=\"async\" width=\"300\" height=\"300\" src=\"https:\/\/peitrade.com\/wp-content\/uploads\/2025\/11\/Egyption-Onion-300x300.webp\" class=\"attachment-woocommerce_thumbnail size-woocommerce_thumbnail\" alt=\"Egyption Onion - PEI Trade\" srcset=\"https:\/\/peitrade.com\/wp-content\/uploads\/2025\/11\/Egyption-Onion-300x300.webp 300w, https:\/\/peitrade.com\/wp-content\/uploads\/2025\/11\/Egyption-Onion-150x150.webp 150w, https:\/\/peitrade.com\/wp-content\/uploads\/2025\/11\/Egyption-Onion-768x768.webp 768w, https:\/\/peitrade.com\/wp-content\/uploads\/2025\/11\/Egyption-Onion-600x600.webp 600w, https:\/\/peitrade.com\/wp-content\/uploads\/2025\/11\/Egyption-Onion-100x100.webp 100w, https:\/\/peitrade.com\/wp-content\/uploads\/2025\/11\/Egyption-Onion.webp 1024w\" sizes=\"(max-width: 300px) 100vw, 300px\" title=\"\"><h2 class=\"woocommerce-loop-product__title\">Cebola<\/h2>\n<\/a><a href=\"https:\/\/peitrade.com\/pt-br\/product\/cebola\/\" aria-describedby=\"woocommerce_loop_add_to_cart_link_describedby_7475\" data-quantity=\"1\" class=\"button product_type_simple\" data-product_id=\"7475\" data-product_sku=\"70310\" aria-label=\"Leia mais sobre &ldquo;Cebola&rdquo;\" rel=\"nofollow\" data-success_message=\"\">Leia mais<\/a>\t<span id=\"woocommerce_loop_add_to_cart_link_describedby_7475\" class=\"screen-reader-text\">\n\t\t\t<\/span>\n<\/li>\n<li class=\"product type-product post-7710 status-publish instock product_cat-in-season product_cat-legumes has-post-thumbnail shipping-taxable product-type-simple\">\n\t<a href=\"https:\/\/peitrade.com\/pt-br\/product\/feijao-branco-seco\/\" class=\"woocommerce-LoopProduct-link woocommerce-loop-product__link\"><img decoding=\"async\" width=\"300\" height=\"300\" src=\"https:\/\/peitrade.com\/wp-content\/uploads\/2025\/11\/Egyptian-White-Beans-300x300.webp\" class=\"attachment-woocommerce_thumbnail size-woocommerce_thumbnail\" alt=\"Feij\u00e3o branco seco\" srcset=\"https:\/\/peitrade.com\/wp-content\/uploads\/2025\/11\/Egyptian-White-Beans-300x300.webp 300w, https:\/\/peitrade.com\/wp-content\/uploads\/2025\/11\/Egyptian-White-Beans-150x150.webp 150w, https:\/\/peitrade.com\/wp-content\/uploads\/2025\/11\/Egyptian-White-Beans-768x768.webp 768w, https:\/\/peitrade.com\/wp-content\/uploads\/2025\/11\/Egyptian-White-Beans-600x600.webp 600w, https:\/\/peitrade.com\/wp-content\/uploads\/2025\/11\/Egyptian-White-Beans-100x100.webp 100w, https:\/\/peitrade.com\/wp-content\/uploads\/2025\/11\/Egyptian-White-Beans.webp 1024w\" sizes=\"(max-width: 300px) 100vw, 300px\" title=\"\"><h2 class=\"woocommerce-loop-product__title\">Feij\u00e3o branco seco<\/h2>\n<\/a><a href=\"https:\/\/peitrade.com\/pt-br\/product\/feijao-branco-seco\/\" aria-describedby=\"woocommerce_loop_add_to_cart_link_describedby_7710\" data-quantity=\"1\" class=\"button product_type_simple\" data-product_id=\"7710\" data-product_sku=\"70820\" aria-label=\"Leia mais sobre &ldquo;Feij\u00e3o branco seco&rdquo;\" rel=\"nofollow\" data-success_message=\"\">Leia mais<\/a>\t<span id=\"woocommerce_loop_add_to_cart_link_describedby_7710\" class=\"screen-reader-text\">\n\t\t\t<\/span>\n<\/li>\n<li class=\"product type-product post-7526 status-publish instock product_cat-in-season product_cat-vegetables has-post-thumbnail shipping-taxable product-type-simple\">\n\t<a href=\"https:\/\/peitrade.com\/pt-br\/product\/vagem-feijao-verde\/\" class=\"woocommerce-LoopProduct-link woocommerce-loop-product__link\"><img decoding=\"async\" width=\"300\" height=\"300\" src=\"https:\/\/peitrade.com\/wp-content\/uploads\/2025\/11\/Egyptian-Green-Beans-300x300.webp\" class=\"attachment-woocommerce_thumbnail size-woocommerce_thumbnail\" alt=\"feij\u00e3o-verde\" srcset=\"https:\/\/peitrade.com\/wp-content\/uploads\/2025\/11\/Egyptian-Green-Beans-300x300.webp 300w, https:\/\/peitrade.com\/wp-content\/uploads\/2025\/11\/Egyptian-Green-Beans-150x150.webp 150w, https:\/\/peitrade.com\/wp-content\/uploads\/2025\/11\/Egyptian-Green-Beans-768x768.webp 768w, https:\/\/peitrade.com\/wp-content\/uploads\/2025\/11\/Egyptian-Green-Beans-600x600.webp 600w, https:\/\/peitrade.com\/wp-content\/uploads\/2025\/11\/Egyptian-Green-Beans-100x100.webp 100w, https:\/\/peitrade.com\/wp-content\/uploads\/2025\/11\/Egyptian-Green-Beans.webp 1024w\" sizes=\"(max-width: 300px) 100vw, 300px\" title=\"\"><h2 class=\"woocommerce-loop-product__title\">feij\u00e3o-verde<\/h2>\n<\/a><a href=\"https:\/\/peitrade.com\/pt-br\/product\/vagem-feijao-verde\/\" aria-describedby=\"woocommerce_loop_add_to_cart_link_describedby_7526\" data-quantity=\"1\" class=\"button product_type_simple\" data-product_id=\"7526\" data-product_sku=\"70821\" aria-label=\"Leia mais sobre &ldquo;feij\u00e3o-verde&rdquo;\" rel=\"nofollow\" data-success_message=\"\">Leia mais<\/a>\t<span id=\"woocommerce_loop_add_to_cart_link_describedby_7526\" class=\"screen-reader-text\">\n\t\t\t<\/span>\n<\/li>\n<li class=\"product type-product post-7759 status-publish last instock product_cat-in-season product_cat-vegetables has-post-thumbnail shipping-taxable product-type-simple\">\n\t<a href=\"https:\/\/peitrade.com\/pt-br\/product\/potatoes\/\" class=\"woocommerce-LoopProduct-link woocommerce-loop-product__link\"><img decoding=\"async\" width=\"300\" height=\"300\" src=\"https:\/\/peitrade.com\/wp-content\/uploads\/2025\/11\/Egyptian-Potatoes-300x300.webp\" class=\"attachment-woocommerce_thumbnail size-woocommerce_thumbnail\" alt=\"Potatoes\" srcset=\"https:\/\/peitrade.com\/wp-content\/uploads\/2025\/11\/Egyptian-Potatoes-300x300.webp 300w, https:\/\/peitrade.com\/wp-content\/uploads\/2025\/11\/Egyptian-Potatoes-150x150.webp 150w, https:\/\/peitrade.com\/wp-content\/uploads\/2025\/11\/Egyptian-Potatoes-768x768.webp 768w, https:\/\/peitrade.com\/wp-content\/uploads\/2025\/11\/Egyptian-Potatoes-600x600.webp 600w, https:\/\/peitrade.com\/wp-content\/uploads\/2025\/11\/Egyptian-Potatoes-100x100.webp 100w, https:\/\/peitrade.com\/wp-content\/uploads\/2025\/11\/Egyptian-Potatoes.webp 1024w\" sizes=\"(max-width: 300px) 100vw, 300px\" title=\"\"><h2 class=\"woocommerce-loop-product__title\">Potatoes<\/h2>\n<\/a><a href=\"https:\/\/peitrade.com\/pt-br\/product\/potatoes\/\" aria-describedby=\"woocommerce_loop_add_to_cart_link_describedby_7759\" data-quantity=\"1\" class=\"button product_type_simple\" data-product_id=\"7759\" data-product_sku=\"70190\" aria-label=\"Leia mais sobre &ldquo;Potatoes&rdquo;\" rel=\"nofollow\" data-success_message=\"\">Leia mais<\/a>\t<span id=\"woocommerce_loop_add_to_cart_link_describedby_7759\" class=\"screen-reader-text\">\n\t\t\t<\/span>\n<\/li>\n<\/ul>\n<\/div><\/div>\n<section style=\"padding: 50px 20px;\">\n<div class=\"container\">\n<h2>Por que escolher Cebola Eg\u00edpcia Caminhante da PEI Trade<\/h2>\n<p><span style=\"font-weight: 400;\">As cebolas eg\u00edpcias caminhantes se destacam por suas:<\/span><\/p>\n<ul>\n<li style=\"font-weight: 400;\" aria-level=\"1\"><span style=\"font-weight: 400;\">Capacidade \u00fanica de \u201ccaminhar\u201d formando bulbos no topo de caules altos<\/span><\/li>\n<li style=\"font-weight: 400;\" aria-level=\"1\"><span style=\"font-weight: 400;\">Sabor robusto e levemente adocicado, ideal para pratos frescos e cozidos<\/span><\/li>\n<li style=\"font-weight: 400;\" aria-level=\"1\"><span style=\"font-weight: 400;\">Alta resili\u00eancia e adaptabilidade ao clima eg\u00edpcio, garantindo colheitas consistentes<\/span><\/li>\n<li style=\"font-weight: 400;\" aria-level=\"1\"><span style=\"font-weight: 400;\">Excelente durabilidade p\u00f3s-colheita e vida \u00fatil de armazenamento<\/span><\/li>\n<\/ul>\n<p><span style=\"font-weight: 400;\">Nossas cebolas caminhantes s\u00e3o colhidas cuidadosamente por agricultores experientes durante a esta\u00e7\u00e3o ideal, preservando a qualidade natural e o sabor que os compradores esperam de produtos eg\u00edpcios premium.<\/span><\/p>\n<h2>Servi\u00e7os Abrangentes de Exporta\u00e7\u00e3o de Cebola do Egito<\/h2>\n<p><span style=\"font-weight: 400;\">Na PEI Trade, somos exportadores reconhecidos de cebola no Egito, oferecendo um portf\u00f3lio diversificado que inclui:<\/span><\/p>\n<ul>\n<li style=\"font-weight: 400;\" aria-level=\"1\"><b>Cebola roxa eg\u00edpcia<\/b><span style=\"font-weight: 400;\">: Conhecida por sua cor vibrante e sabor doce e suave<\/span><\/li>\n<li style=\"font-weight: 400;\" aria-level=\"1\"><b>Cebola dourada eg\u00edpcia<\/b><span style=\"font-weight: 400;\">: Perfeitamente equilibrada para cozinhar com sabor rico e doce<\/span><\/li>\n<li style=\"font-weight: 400;\" aria-level=\"1\"><b>Cebola branca eg\u00edpcia<\/b><span style=\"font-weight: 400;\">: Crocante e picante, ideal para consumo fresco e saladas<\/span><\/li>\n<\/ul>\n<p><span style=\"font-weight: 400;\">Nosso processo de exporta\u00e7\u00e3o completo garante que cebolas frescas e de qualidade cheguem aos mercados internacionais de forma confi\u00e1vel e eficiente.<\/span><\/p>\n<h2><b>Temporada de colheita<\/b> da cebola eg\u00edpcia caminhante e Controle de Qualidade<\/h2>\n<p><span style=\"font-weight: 400;\">A <\/span><b>temporada de colheita da cebola eg\u00edpcia caminhante<\/b><span style=\"font-weight: 400;\"> geralmente ocorre do final da primavera ao in\u00edcio do ver\u00e3o, coincidindo com as condi\u00e7\u00f5es ideais de cultivo. A PEI Trade coordena-se de perto com os produtores para garantir a colheita e o processamento oportunos, preservando a frescura e o sabor.<\/span><\/p>\n<p><span style=\"font-weight: 400;\">Nosso controle de qualidade inclui:<\/span><\/p>\n<ul>\n<li style=\"font-weight: 400;\" aria-level=\"1\"><span style=\"font-weight: 400;\">Inspe\u00e7\u00f5es no local durante a temporada de colheita<\/span><\/li>\n<li style=\"font-weight: 400;\" aria-level=\"1\"><span style=\"font-weight: 400;\">Classifica\u00e7\u00e3o por tamanho e cor<\/span><\/li>\n<li style=\"font-weight: 400;\" aria-level=\"1\"><span style=\"font-weight: 400;\">Embalagem higi\u00eanica adaptada aos padr\u00f5es de exporta\u00e7\u00e3o<\/span><\/li>\n<\/ul>\n<h3>Usos para as cebolas eg\u00edpcias<\/h3>\n<p><span style=\"font-weight: 400;\">Nossas cebolas s\u00e3o populares em diversos setores:<\/span><\/p>\n<ul>\n<li style=\"font-weight: 400;\" aria-level=\"1\"><b>Varejo<\/b><span style=\"font-weight: 400;\">: Cebolas frescas embaladas para supermercados e feiras<\/span><\/li>\n<li style=\"font-weight: 400;\" aria-level=\"1\"><b>Ind\u00fastria Alimentar<\/b><span style=\"font-weight: 400;\">: Fornecimento para restaurantes, buf\u00eas e fabricantes de alimentos<\/span><\/li>\n<li style=\"font-weight: 400;\" aria-level=\"1\"><b>Atacado<\/b><span style=\"font-weight: 400;\">: Remessas a granel para centros de distribui\u00e7\u00e3o e exportadores<\/span><\/li>\n<\/ul>\n<h3>Alcance Global e Destinos de Exporta\u00e7\u00e3o<\/h3>\n<p><span style=\"font-weight: 400;\">A PEI Trade exporta cebolas eg\u00edpcias caminhantes e outras variedades de cebola para:<\/span><\/p>\n<ul>\n<li style=\"font-weight: 400;\" aria-level=\"1\"><span style=\"font-weight: 400;\">Europa (incluindo Reino Unido, Alemanha e Pa\u00edses Baixos)<\/span><\/li>\n<li style=\"font-weight: 400;\" aria-level=\"1\"><span style=\"font-weight: 400;\">Oriente M\u00e9dio e pa\u00edses do Golfo<\/span><\/li>\n<li style=\"font-weight: 400;\" aria-level=\"1\"><span style=\"font-weight: 400;\">Norte da \u00c1frica e partes da \u00c1sia<\/span><\/li>\n<\/ul>\n<p><span style=\"font-weight: 400;\">Com pre\u00e7os competitivos, quantidades flex\u00edveis e log\u00edstica confi\u00e1vel, a PEI Trade \u00e9 seu parceiro de confian\u00e7a para exporta\u00e7\u00e3o de cebolas do Egito.<\/span><\/p>\n<h2>Op\u00e7\u00f5es de Embalagem e Envio<\/h2>\n<p><span style=\"font-weight: 400;\">Oferecemos solu\u00e7\u00f5es de embalagem personalizadas, como:<\/span><\/p>\n<ul>\n<li style=\"font-weight: 400;\" aria-level=\"1\"><span style=\"font-weight: 400;\">Sacos de malha de 5 kg, 10 kg e 25 kg<\/span><\/li>\n<li style=\"font-weight: 400;\" aria-level=\"1\"><span style=\"font-weight: 400;\">Caixas com marca pr\u00f3pria ou embalagem a granel<\/span><\/li>\n<li style=\"font-weight: 400;\" aria-level=\"1\"><span style=\"font-weight: 400;\">Remessas paletizadas em cont\u00eaineres refrigerados<\/span><\/li>\n<li style=\"font-weight: 400;\" aria-level=\"1\"><span style=\"font-weight: 400;\">R\u00f3tulos multil\u00edngues e rastreamento por c\u00f3digo de barras<\/span><\/li>\n<\/ul>\n<p><span style=\"font-weight: 400;\">Todas as embalagens est\u00e3o em conformidade com os padr\u00f5es de importa\u00e7\u00e3o da UE, GCC e outros destinos.<\/span><\/p>\n<\/div>\n<\/section>\n<section style=\"padding: 50px 20px; background-color: #f0f0f0;\">\n<div class=\"container\">\n<h2>Pe\u00e7a Cebolas Eg\u00edpcias Caminhantes com Confian\u00e7a<\/h2>\n<p>Est\u00e1 procurando um fornecedor confi\u00e1vel de cebolas eg\u00edpcias caminhantes frescas e outras variedades? A PEI Trade oferece servi\u00e7os de exporta\u00e7\u00e3o especializados com foco em qualidade, entrega pontual e rastreabilidade total do campo ao porto.<\/p>\n<h2>Solicite um Or\u00e7amento ou Reserve sua Remessa<\/h2>\n<p>Entre em contato com a PEI Trade hoje mesmo para informa\u00e7\u00f5es sobre pre\u00e7os, disponibilidade e amostras. Nossa equipe de exporta\u00e7\u00e3o est\u00e1 pronta para apoiar suas compras sazonais com solu\u00e7\u00f5es personalizadas e servi\u00e7o excepcional.<\/p>\n<p style=\"text-align: center; margin-top: 40px;\"><a class=\"button primary large\" href=\"\/contact\">Pe\u00e7a Agora<\/a><\/p>\n<\/div>\n<\/section>\n<section style=\"padding: 50px 20px;\">\n<div class=\"container\">\n<h2>Explore Mais Produtos Frescos do Egito<\/h2>\n<p>&nbsp;<\/p>\n<p>Al\u00e9m das cebolas caminhantes, a PEI Trade exporta cebola roxa eg\u00edpcia, cebola dourada eg\u00edpcia, cebola branca eg\u00edpcia e uma ampla sele\u00e7\u00e3o de frutas e vegetais frescos. <a href=\"\/about\">Saiba mais sobre nossas capacidades de exporta\u00e7\u00e3o<\/a>.<\/p>\n<div class=\"wp-block-woocommerce-product-collection\"><div class=\"woocommerce columns-4 \"><ul class=\"products columns-4\" data-products=\"type-2\">\n<li class=\"product type-product post-7370 status-publish first instock product_cat-in-season product_cat-vegetables has-post-thumbnail shipping-taxable product-type-simple\">\n\t<a href=\"https:\/\/peitrade.com\/pt-br\/product\/alho\/\" class=\"woocommerce-LoopProduct-link woocommerce-loop-product__link\"><img decoding=\"async\" width=\"300\" height=\"300\" src=\"https:\/\/peitrade.com\/wp-content\/uploads\/2025\/11\/Egyptian-Garlic-300x300.webp\" class=\"attachment-woocommerce_thumbnail size-woocommerce_thumbnail\" alt=\"Alho\" srcset=\"https:\/\/peitrade.com\/wp-content\/uploads\/2025\/11\/Egyptian-Garlic-300x300.webp 300w, https:\/\/peitrade.com\/wp-content\/uploads\/2025\/11\/Egyptian-Garlic-150x150.webp 150w, https:\/\/peitrade.com\/wp-content\/uploads\/2025\/11\/Egyptian-Garlic-768x768.webp 768w, https:\/\/peitrade.com\/wp-content\/uploads\/2025\/11\/Egyptian-Garlic-600x600.webp 600w, https:\/\/peitrade.com\/wp-content\/uploads\/2025\/11\/Egyptian-Garlic-100x100.webp 100w, https:\/\/peitrade.com\/wp-content\/uploads\/2025\/11\/Egyptian-Garlic.webp 1024w\" sizes=\"(max-width: 300px) 100vw, 300px\" title=\"\"><h2 class=\"woocommerce-loop-product__title\">Alho<\/h2>\n<\/a><a href=\"https:\/\/peitrade.com\/pt-br\/product\/alho\/\" aria-describedby=\"woocommerce_loop_add_to_cart_link_describedby_7370\" data-quantity=\"1\" class=\"button product_type_simple\" data-product_id=\"7370\" data-product_sku=\"70320\" aria-label=\"Leia mais sobre &ldquo;Alho&rdquo;\" rel=\"nofollow\" data-success_message=\"\">Leia mais<\/a>\t<span id=\"woocommerce_loop_add_to_cart_link_describedby_7370\" class=\"screen-reader-text\">\n\t\t\t<\/span>\n<\/li>\n<li class=\"product type-product post-7770 status-publish instock product_cat-in-season product_cat-vegetables has-post-thumbnail shipping-taxable product-type-simple\">\n\t<a href=\"https:\/\/peitrade.com\/pt-br\/product\/batatas-doces\/\" class=\"woocommerce-LoopProduct-link woocommerce-loop-product__link\"><img decoding=\"async\" width=\"300\" height=\"300\" src=\"https:\/\/peitrade.com\/wp-content\/uploads\/2025\/11\/Egyptian-Sweet-Potatoes-300x300.webp\" class=\"attachment-woocommerce_thumbnail size-woocommerce_thumbnail\" alt=\"Egyptian Sweet Potatoes - PEI Trade\" srcset=\"https:\/\/peitrade.com\/wp-content\/uploads\/2025\/11\/Egyptian-Sweet-Potatoes-300x300.webp 300w, https:\/\/peitrade.com\/wp-content\/uploads\/2025\/11\/Egyptian-Sweet-Potatoes-150x150.webp 150w, https:\/\/peitrade.com\/wp-content\/uploads\/2025\/11\/Egyptian-Sweet-Potatoes-768x768.webp 768w, https:\/\/peitrade.com\/wp-content\/uploads\/2025\/11\/Egyptian-Sweet-Potatoes-600x600.webp 600w, https:\/\/peitrade.com\/wp-content\/uploads\/2025\/11\/Egyptian-Sweet-Potatoes-100x100.webp 100w, https:\/\/peitrade.com\/wp-content\/uploads\/2025\/11\/Egyptian-Sweet-Potatoes.webp 1024w\" sizes=\"(max-width: 300px) 100vw, 300px\" title=\"\"><h2 class=\"woocommerce-loop-product__title\">Batatas-doces<\/h2>\n<\/a><a href=\"https:\/\/peitrade.com\/pt-br\/product\/batatas-doces\/\" aria-describedby=\"woocommerce_loop_add_to_cart_link_describedby_7770\" data-quantity=\"1\" class=\"button product_type_simple\" data-product_id=\"7770\" data-product_sku=\"71420\" aria-label=\"Leia mais sobre &ldquo;Batatas-doces&rdquo;\" rel=\"nofollow\" data-success_message=\"\">Leia mais<\/a>\t<span id=\"woocommerce_loop_add_to_cart_link_describedby_7770\" class=\"screen-reader-text\">\n\t\t\t<\/span>\n<\/li>\n<li class=\"product type-product post-7759 status-publish instock product_cat-in-season product_cat-vegetables has-post-thumbnail shipping-taxable product-type-simple\">\n\t<a href=\"https:\/\/peitrade.com\/pt-br\/product\/potatoes\/\" class=\"woocommerce-LoopProduct-link woocommerce-loop-product__link\"><img decoding=\"async\" width=\"300\" height=\"300\" src=\"https:\/\/peitrade.com\/wp-content\/uploads\/2025\/11\/Egyptian-Potatoes-300x300.webp\" class=\"attachment-woocommerce_thumbnail size-woocommerce_thumbnail\" alt=\"Potatoes\" srcset=\"https:\/\/peitrade.com\/wp-content\/uploads\/2025\/11\/Egyptian-Potatoes-300x300.webp 300w, https:\/\/peitrade.com\/wp-content\/uploads\/2025\/11\/Egyptian-Potatoes-150x150.webp 150w, https:\/\/peitrade.com\/wp-content\/uploads\/2025\/11\/Egyptian-Potatoes-768x768.webp 768w, https:\/\/peitrade.com\/wp-content\/uploads\/2025\/11\/Egyptian-Potatoes-600x600.webp 600w, https:\/\/peitrade.com\/wp-content\/uploads\/2025\/11\/Egyptian-Potatoes-100x100.webp 100w, https:\/\/peitrade.com\/wp-content\/uploads\/2025\/11\/Egyptian-Potatoes.webp 1024w\" sizes=\"(max-width: 300px) 100vw, 300px\" title=\"\"><h2 class=\"woocommerce-loop-product__title\">Potatoes<\/h2>\n<\/a><a href=\"https:\/\/peitrade.com\/pt-br\/product\/potatoes\/\" aria-describedby=\"woocommerce_loop_add_to_cart_link_describedby_7759\" data-quantity=\"1\" class=\"button product_type_simple\" data-product_id=\"7759\" data-product_sku=\"70190\" aria-label=\"Leia mais sobre &ldquo;Potatoes&rdquo;\" rel=\"nofollow\" data-success_message=\"\">Leia mais<\/a>\t<span id=\"woocommerce_loop_add_to_cart_link_describedby_7759\" class=\"screen-reader-text\">\n\t\t\t<\/span>\n<\/li>\n<li class=\"product type-product post-7354 status-publish last instock product_cat-vegetables has-post-thumbnail shipping-taxable product-type-simple\">\n\t<a href=\"https:\/\/peitrade.com\/pt-br\/product\/tomates\/\" class=\"woocommerce-LoopProduct-link woocommerce-loop-product__link\"><img decoding=\"async\" width=\"300\" height=\"300\" src=\"https:\/\/peitrade.com\/wp-content\/uploads\/2025\/11\/Egyptian-Tomatoes-300x300.webp\" class=\"attachment-woocommerce_thumbnail size-woocommerce_thumbnail\" alt=\"Tomates\" srcset=\"https:\/\/peitrade.com\/wp-content\/uploads\/2025\/11\/Egyptian-Tomatoes-300x300.webp 300w, https:\/\/peitrade.com\/wp-content\/uploads\/2025\/11\/Egyptian-Tomatoes-150x150.webp 150w, https:\/\/peitrade.com\/wp-content\/uploads\/2025\/11\/Egyptian-Tomatoes-768x768.webp 768w, https:\/\/peitrade.com\/wp-content\/uploads\/2025\/11\/Egyptian-Tomatoes-600x600.webp 600w, https:\/\/peitrade.com\/wp-content\/uploads\/2025\/11\/Egyptian-Tomatoes-100x100.webp 100w, https:\/\/peitrade.com\/wp-content\/uploads\/2025\/11\/Egyptian-Tomatoes.webp 1024w\" sizes=\"(max-width: 300px) 100vw, 300px\" title=\"\"><h2 class=\"woocommerce-loop-product__title\">Tomates<\/h2>\n<\/a><a href=\"https:\/\/peitrade.com\/pt-br\/product\/tomates\/\" aria-describedby=\"woocommerce_loop_add_to_cart_link_describedby_7354\" data-quantity=\"1\" class=\"button product_type_simple\" data-product_id=\"7354\" data-product_sku=\"70200\" aria-label=\"Leia mais sobre &ldquo;Tomates&rdquo;\" rel=\"nofollow\" data-success_message=\"\">Leia mais<\/a>\t<span id=\"woocommerce_loop_add_to_cart_link_describedby_7354\" class=\"screen-reader-text\">\n\t\t\t<\/span>\n<\/li>\n<\/ul>\n<\/div><\/div>\n<\/div>\n<\/section>\n<section style=\"padding: 50px 20px; background-color: #f9f9f9;\">\n<div class=\"container\">\n<h2>Perguntas Frequentes<\/h2>\n<h3>Quando \u00e9 a temporada de colheita da cebola eg\u00edpcia caminhante?<\/h3>\n<p>A temporada de colheita ocorre geralmente do final da primavera ao in\u00edcio do ver\u00e3o, garantindo a melhor qualidade e sabor.<\/p>\n<h3>Quais variedades de cebola voc\u00eas exportam do Egito?<\/h3>\n<p>Exportamos cebola eg\u00edpcia caminhante, cebola roxa eg\u00edpcia, cebola dourada eg\u00edpcia e cebola branca eg\u00edpcia.<\/p>\n<h3>Voc\u00eas oferecem embalagens personalizadas?<\/h3>\n<p>Sim, fornecemos diversas op\u00e7\u00f5es de embalagem, incluindo sacos de malha, caixas e remessas paletizadas com r\u00f3tulos personalizados.<\/p>\n<h3>A PEI Trade consegue atender pedidos de grande volume?<\/h3>\n<p>Com certeza. Estamos preparados para gerenciar grandes remessas e contratos de fornecimento cont\u00ednuo.<\/p>\n<h3>Para quais mercados voc\u00eas exportam?<\/h3>\n<p>Nossas cebolas s\u00e3o exportadas para mercados na Europa, Oriente M\u00e9dio, Norte da \u00c1frica e partes da \u00c1sia.<\/p>\n<\/div>\n<\/section>\n","protected":false},"excerpt":{"rendered":"<p>Temporada de Colheita da Cebola Eg\u00edpcia Caminhante \u2013 PEI Trade &nbsp; A PEI Trade oferece com orgulho cebolas eg\u00edpcias caminhantes de alta qualidade, colhidas no auge da frescura para atender \u00e0s demandas dos compradores globais. Conhecidas por seu h\u00e1bito de crescimento \u00fanico e sabor robusto, as cebolas eg\u00edpcias caminhantes s\u00e3o uma cultura especial valorizada, cultivada [&hellip;]<\/p>\n","protected":false},"author":9,"featured_media":0,"parent":0,"menu_order":0,"comment_status":"closed","ping_status":"closed","template":"","meta":{"footnotes":""},"class_list":["post-5826","page","type-page","status-publish","hentry"],"blocksy_meta":[],"mb":[],"featured_image_urls_v2":{"full":"","thumbnail":"","medium":"","medium_large":"","large":"","1536x1536":"","2048x2048":"","woocommerce_archive_thumbnail":"","woocommerce_thumbnail":"","woocommerce_single":"","woocommerce_gallery_thumbnail":""},"post_excerpt_stackable_v2":"<p>Temporada de Colheita da Cebola Eg\u00edpcia Caminhante \u2013 PEI Trade &nbsp; A PEI Trade oferece com orgulho cebolas eg\u00edpcias caminhantes de alta qualidade, colhidas no auge da frescura para atender \u00e0s demandas dos compradores globais. Conhecidas por seu h\u00e1bito de crescimento \u00fanico e sabor robusto, as cebolas eg\u00edpcias caminhantes s\u00e3o uma cultura especial valorizada, cultivada nos solos f\u00e9rteis do Egito. Nosso processo de colheita garante que essas cebolas mantenham seu sabor caracter\u00edstico e vida \u00fatil, perfeitas para mercados frescos e usos culin\u00e1rios em todo o mundo. Como principais exportadores de cebola no Egito, tamb\u00e9m somos especializados em uma ampla variedade&hellip;<\/p>\n","category_list_v2":"","author_info_v2":{"name":"Maha","url":"https:\/\/peitrade.com\/pt-br\/author\/m-amer\/"},"comments_num_v2":"0 coment\u00e1rio","mfb_rest_fields":["title","blocksy_meta","featured_image_urls_v2","post_excerpt_stackable_v2","category_list_v2","author_info_v2","comments_num_v2"],"_links":{"self":[{"href":"https:\/\/peitrade.com\/pt-br\/wp-json\/wp\/v2\/pages\/5826","targetHints":{"allow":["GET"]}}],"collection":[{"href":"https:\/\/peitrade.com\/pt-br\/wp-json\/wp\/v2\/pages"}],"about":[{"href":"https:\/\/peitrade.com\/pt-br\/wp-json\/wp\/v2\/types\/page"}],"author":[{"embeddable":true,"href":"https:\/\/peitrade.com\/pt-br\/wp-json\/wp\/v2\/users\/9"}],"replies":[{"embeddable":true,"href":"https:\/\/peitrade.com\/pt-br\/wp-json\/wp\/v2\/comments?post=5826"}],"version-history":[{"count":1,"href":"https:\/\/peitrade.com\/pt-br\/wp-json\/wp\/v2\/pages\/5826\/revisions"}],"predecessor-version":[{"id":5827,"href":"https:\/\/peitrade.com\/pt-br\/wp-json\/wp\/v2\/pages\/5826\/revisions\/5827"}],"wp:attachment":[{"href":"https:\/\/peitrade.com\/pt-br\/wp-json\/wp\/v2\/media?parent=5826"}],"curies":[{"name":"wp","href":"https:\/\/api.w.org\/{rel}","templated":true}]}}