{"id":5871,"date":"2025-05-20T11:47:48","date_gmt":"2025-05-20T11:47:48","guid":{"rendered":"http:\/\/46.224.74.15\/temporada-de-colheita-do-feijao\/"},"modified":"2025-11-19T16:46:36","modified_gmt":"2025-11-19T16:46:36","slug":"temporada-de-colheita-do-feijao","status":"publish","type":"page","link":"https:\/\/peitrade.com\/pt-br\/temporada-de-colheita-do-feijao\/","title":{"rendered":"Temporada de Colheita do Feij\u00e3o no Egito \u2013 Feij\u00f5es Frescos da PEI Trade"},"content":{"rendered":"<section style=\"padding: 60px 20px; background-color: #f9f9f9;\">\n<div class=\"container\">\n<h1>Temporada de Colheita do Feij\u00e3o no Egito \u2013 Feij\u00f5es Frescos da PEI Trade<\/h1>\n<p>&nbsp;<\/p>\n<p>A <strong>temporada de colheita do feij\u00e3o no Egito<\/strong> traz feij\u00f5es verdes frescos e de qualidade para exporta\u00e7\u00e3o aos mercados internacionais, e a PEI Trade tem orgulho de estar entre os principais <strong>exportadores de feij\u00e3o verde do Egito<\/strong>. Nossa especialidade \u00e9 fornecer <strong>feij\u00f5es verdes eg\u00edpcios<\/strong> de qualidade premium \u2014 conhecidos localmente como <strong>fasolia<\/strong> \u2014 colhidos nas zonas agr\u00edcolas mais f\u00e9rteis do pa\u00eds.<\/p>\n<p>Gra\u00e7as ao clima ideal do Egito e \u00e0s pr\u00e1ticas agr\u00edcolas avan\u00e7adas, conseguimos oferecer feij\u00f5es verdes crocantes, vibrantes, com excelente textura, vida \u00fatil e sabor. Nossos feij\u00f5es s\u00e3o cultivados, colhidos e embalados com rapidez e cuidado para garantir frescor m\u00e1ximo do campo ao porto.<\/p>\n<p>Como um <strong>fornecedor confi\u00e1vel de feij\u00e3o verde no Egito<\/strong>, a PEI Trade atende atacadistas, varejistas e processadores de alimentos com volumes consistentes e embalagens prontas para exporta\u00e7\u00e3o durante toda a temporada.<\/p>\n<\/div>\n<\/section>\n<div class=\"wp-block-woocommerce-product-collection\"><div class=\"woocommerce columns-4 \"><ul class=\"products columns-4\" data-products=\"type-2\">\n<li class=\"product type-product post-7475 status-publish first instock product_cat-in-season product_cat-vegetables has-post-thumbnail shipping-taxable product-type-simple\">\n\t<a href=\"https:\/\/peitrade.com\/pt-br\/product\/cebola\/\" class=\"woocommerce-LoopProduct-link woocommerce-loop-product__link\"><img decoding=\"async\" width=\"300\" height=\"300\" src=\"https:\/\/peitrade.com\/wp-content\/uploads\/2025\/11\/Egyption-Onion-300x300.webp\" class=\"attachment-woocommerce_thumbnail size-woocommerce_thumbnail\" alt=\"Egyption Onion - PEI Trade\" srcset=\"https:\/\/peitrade.com\/wp-content\/uploads\/2025\/11\/Egyption-Onion-300x300.webp 300w, https:\/\/peitrade.com\/wp-content\/uploads\/2025\/11\/Egyption-Onion-150x150.webp 150w, https:\/\/peitrade.com\/wp-content\/uploads\/2025\/11\/Egyption-Onion-768x768.webp 768w, https:\/\/peitrade.com\/wp-content\/uploads\/2025\/11\/Egyption-Onion-600x600.webp 600w, https:\/\/peitrade.com\/wp-content\/uploads\/2025\/11\/Egyption-Onion-100x100.webp 100w, https:\/\/peitrade.com\/wp-content\/uploads\/2025\/11\/Egyption-Onion.webp 1024w\" sizes=\"(max-width: 300px) 100vw, 300px\" title=\"\"><h2 class=\"woocommerce-loop-product__title\">Cebola<\/h2>\n<\/a><a href=\"https:\/\/peitrade.com\/pt-br\/product\/cebola\/\" aria-describedby=\"woocommerce_loop_add_to_cart_link_describedby_7475\" data-quantity=\"1\" class=\"button product_type_simple\" data-product_id=\"7475\" data-product_sku=\"70310\" aria-label=\"Leia mais sobre &ldquo;Cebola&rdquo;\" rel=\"nofollow\" data-success_message=\"\">Leia mais<\/a>\t<span id=\"woocommerce_loop_add_to_cart_link_describedby_7475\" class=\"screen-reader-text\">\n\t\t\t<\/span>\n<\/li>\n<li class=\"product type-product post-7710 status-publish instock product_cat-in-season product_cat-legumes has-post-thumbnail shipping-taxable product-type-simple\">\n\t<a href=\"https:\/\/peitrade.com\/pt-br\/product\/feijao-branco-seco\/\" class=\"woocommerce-LoopProduct-link woocommerce-loop-product__link\"><img decoding=\"async\" width=\"300\" height=\"300\" src=\"https:\/\/peitrade.com\/wp-content\/uploads\/2025\/11\/Egyptian-White-Beans-300x300.webp\" class=\"attachment-woocommerce_thumbnail size-woocommerce_thumbnail\" alt=\"Feij\u00e3o branco seco\" srcset=\"https:\/\/peitrade.com\/wp-content\/uploads\/2025\/11\/Egyptian-White-Beans-300x300.webp 300w, https:\/\/peitrade.com\/wp-content\/uploads\/2025\/11\/Egyptian-White-Beans-150x150.webp 150w, https:\/\/peitrade.com\/wp-content\/uploads\/2025\/11\/Egyptian-White-Beans-768x768.webp 768w, https:\/\/peitrade.com\/wp-content\/uploads\/2025\/11\/Egyptian-White-Beans-600x600.webp 600w, https:\/\/peitrade.com\/wp-content\/uploads\/2025\/11\/Egyptian-White-Beans-100x100.webp 100w, https:\/\/peitrade.com\/wp-content\/uploads\/2025\/11\/Egyptian-White-Beans.webp 1024w\" sizes=\"(max-width: 300px) 100vw, 300px\" title=\"\"><h2 class=\"woocommerce-loop-product__title\">Feij\u00e3o branco seco<\/h2>\n<\/a><a href=\"https:\/\/peitrade.com\/pt-br\/product\/feijao-branco-seco\/\" aria-describedby=\"woocommerce_loop_add_to_cart_link_describedby_7710\" data-quantity=\"1\" class=\"button product_type_simple\" data-product_id=\"7710\" data-product_sku=\"70820\" aria-label=\"Leia mais sobre &ldquo;Feij\u00e3o branco seco&rdquo;\" rel=\"nofollow\" data-success_message=\"\">Leia mais<\/a>\t<span id=\"woocommerce_loop_add_to_cart_link_describedby_7710\" class=\"screen-reader-text\">\n\t\t\t<\/span>\n<\/li>\n<li class=\"product type-product post-7526 status-publish instock product_cat-in-season product_cat-vegetables has-post-thumbnail shipping-taxable product-type-simple\">\n\t<a href=\"https:\/\/peitrade.com\/pt-br\/product\/vagem-feijao-verde\/\" class=\"woocommerce-LoopProduct-link woocommerce-loop-product__link\"><img decoding=\"async\" width=\"300\" height=\"300\" src=\"https:\/\/peitrade.com\/wp-content\/uploads\/2025\/11\/Egyptian-Green-Beans-300x300.webp\" class=\"attachment-woocommerce_thumbnail size-woocommerce_thumbnail\" alt=\"feij\u00e3o-verde\" srcset=\"https:\/\/peitrade.com\/wp-content\/uploads\/2025\/11\/Egyptian-Green-Beans-300x300.webp 300w, https:\/\/peitrade.com\/wp-content\/uploads\/2025\/11\/Egyptian-Green-Beans-150x150.webp 150w, https:\/\/peitrade.com\/wp-content\/uploads\/2025\/11\/Egyptian-Green-Beans-768x768.webp 768w, https:\/\/peitrade.com\/wp-content\/uploads\/2025\/11\/Egyptian-Green-Beans-600x600.webp 600w, https:\/\/peitrade.com\/wp-content\/uploads\/2025\/11\/Egyptian-Green-Beans-100x100.webp 100w, https:\/\/peitrade.com\/wp-content\/uploads\/2025\/11\/Egyptian-Green-Beans.webp 1024w\" sizes=\"(max-width: 300px) 100vw, 300px\" title=\"\"><h2 class=\"woocommerce-loop-product__title\">feij\u00e3o-verde<\/h2>\n<\/a><a href=\"https:\/\/peitrade.com\/pt-br\/product\/vagem-feijao-verde\/\" aria-describedby=\"woocommerce_loop_add_to_cart_link_describedby_7526\" data-quantity=\"1\" class=\"button product_type_simple\" data-product_id=\"7526\" data-product_sku=\"70821\" aria-label=\"Leia mais sobre &ldquo;feij\u00e3o-verde&rdquo;\" rel=\"nofollow\" data-success_message=\"\">Leia mais<\/a>\t<span id=\"woocommerce_loop_add_to_cart_link_describedby_7526\" class=\"screen-reader-text\">\n\t\t\t<\/span>\n<\/li>\n<li class=\"product type-product post-7759 status-publish last instock product_cat-in-season product_cat-vegetables has-post-thumbnail shipping-taxable product-type-simple\">\n\t<a href=\"https:\/\/peitrade.com\/pt-br\/product\/potatoes\/\" class=\"woocommerce-LoopProduct-link woocommerce-loop-product__link\"><img decoding=\"async\" width=\"300\" height=\"300\" src=\"https:\/\/peitrade.com\/wp-content\/uploads\/2025\/11\/Egyptian-Potatoes-300x300.webp\" class=\"attachment-woocommerce_thumbnail size-woocommerce_thumbnail\" alt=\"Potatoes\" srcset=\"https:\/\/peitrade.com\/wp-content\/uploads\/2025\/11\/Egyptian-Potatoes-300x300.webp 300w, https:\/\/peitrade.com\/wp-content\/uploads\/2025\/11\/Egyptian-Potatoes-150x150.webp 150w, https:\/\/peitrade.com\/wp-content\/uploads\/2025\/11\/Egyptian-Potatoes-768x768.webp 768w, https:\/\/peitrade.com\/wp-content\/uploads\/2025\/11\/Egyptian-Potatoes-600x600.webp 600w, https:\/\/peitrade.com\/wp-content\/uploads\/2025\/11\/Egyptian-Potatoes-100x100.webp 100w, https:\/\/peitrade.com\/wp-content\/uploads\/2025\/11\/Egyptian-Potatoes.webp 1024w\" sizes=\"(max-width: 300px) 100vw, 300px\" title=\"\"><h2 class=\"woocommerce-loop-product__title\">Potatoes<\/h2>\n<\/a><a href=\"https:\/\/peitrade.com\/pt-br\/product\/potatoes\/\" aria-describedby=\"woocommerce_loop_add_to_cart_link_describedby_7759\" data-quantity=\"1\" class=\"button product_type_simple\" data-product_id=\"7759\" data-product_sku=\"70190\" aria-label=\"Leia mais sobre &ldquo;Potatoes&rdquo;\" rel=\"nofollow\" data-success_message=\"\">Leia mais<\/a>\t<span id=\"woocommerce_loop_add_to_cart_link_describedby_7759\" class=\"screen-reader-text\">\n\t\t\t<\/span>\n<\/li>\n<\/ul>\n<\/div><\/div>\n<section style=\"padding: 50px 20px;\">\n<div class=\"container\">\n<h2>Por Que Escolher Feij\u00f5es Verdes Eg\u00edpcios da PEI Trade<\/h2>\n<p><span style=\"font-weight: 400;\">A PEI Trade oferece feij\u00f5es verdes com qualidade de exporta\u00e7\u00e3o, respaldados por:<\/span><\/p>\n<ul>\n<li style=\"font-weight: 400;\" aria-level=\"1\"><span style=\"font-weight: 400;\">Comprimento uniforme e cor verde vibrante<\/span><\/li>\n<li style=\"font-weight: 400;\" aria-level=\"1\"><span style=\"font-weight: 400;\">Textura crocante ideal para varejo e food service<\/span><\/li>\n<li style=\"font-weight: 400;\" aria-level=\"1\"><span style=\"font-weight: 400;\">Manuseio r\u00e1pido p\u00f3s-colheita para preservar o frescor<\/span><\/li>\n<li style=\"font-weight: 400;\" aria-level=\"1\"><span style=\"font-weight: 400;\">Disponibilidade durante toda a temporada<\/span><\/li>\n<li style=\"font-weight: 400;\" aria-level=\"1\"><span style=\"font-weight: 400;\">Conformidade com padr\u00f5es internacionais de seguran\u00e7a alimentar<\/span><\/li>\n<\/ul>\n<p><span style=\"font-weight: 400;\">Trabalhamos com fazendas contratadas em todo o Egito para garantir rastreabilidade, fornecimento constante e consist\u00eancia nas exporta\u00e7\u00f5es.<\/span><\/p>\n<h2>Temporada de Colheita do Feij\u00e3o no Egito \u2013 Cronograma e Fornecimento<\/h2>\n<p><span style=\"font-weight: 400;\">A <\/span><b>temporada de colheita do feij\u00e3o no Egito<\/b><span style=\"font-weight: 400;\"> ocorre normalmente de <\/span><b>novembro a dezembro<\/b><span style=\"font-weight: 400;\">, oferecendo aos importadores uma janela competitiva para garantir feij\u00f5es verdes premium antes de outras regi\u00f5es produtoras. Durante esse per\u00edodo, a PEI Trade realiza:<\/span><\/p>\n<ul>\n<li style=\"font-weight: 400;\" aria-level=\"1\"><span style=\"font-weight: 400;\">Colheitas di\u00e1rias em zonas agr\u00edcolas privilegiadas<\/span><\/li>\n<li style=\"font-weight: 400;\" aria-level=\"1\"><span style=\"font-weight: 400;\">Pr\u00e9-resfriamento, classifica\u00e7\u00e3o e triagem r\u00e1pidos<\/span><\/li>\n<li style=\"font-weight: 400;\" aria-level=\"1\"><span style=\"font-weight: 400;\">Embalagem em formatos prontos para o varejo ou caixas a granel<\/span><\/li>\n<li style=\"font-weight: 400;\" aria-level=\"1\"><span style=\"font-weight: 400;\">Carregamento para exporta\u00e7\u00e3o com cadeia de frio preservada<\/span><\/li>\n<\/ul>\n<p><span style=\"font-weight: 400;\">Nossos feij\u00f5es verdes s\u00e3o enviados em cont\u00eaineres refrigerados para manter croc\u00e2ncia, cor e sabor do Egito at\u00e9 o seu destino.<\/span><\/p>\n<h2><b>Op\u00e7\u00f5es de Embalagem para Feij\u00e3o Verde<\/b><\/h2>\n<p><span style=\"font-weight: 400;\">Oferecemos embalagens flex\u00edveis e adequadas para exporta\u00e7\u00e3o, incluindo:<\/span><\/p>\n<ul>\n<li style=\"font-weight: 400;\" aria-level=\"1\"><span style=\"font-weight: 400;\">Pacotes de 250g \/ 500g \/ 1kg para consumidores<\/span><\/li>\n<li style=\"font-weight: 400;\" aria-level=\"1\"><span style=\"font-weight: 400;\">Caixas a granel de 5kg ou 10kg para foodservice<\/span><\/li>\n<li style=\"font-weight: 400;\" aria-level=\"1\"><span style=\"font-weight: 400;\">Embalagem com atmosfera modificada sob solicita\u00e7\u00e3o<\/span><\/li>\n<li style=\"font-weight: 400;\" aria-level=\"1\"><span style=\"font-weight: 400;\">Rotulagem personalizada para marcas pr\u00f3prias<\/span><\/li>\n<\/ul>\n<p><span style=\"font-weight: 400;\">Todas as embalagens est\u00e3o em conformidade com os padr\u00f5es de importa\u00e7\u00e3o da UE e do Golfo, suportando transporte de longa dist\u00e2ncia com m\u00ednima perda.<\/span><\/p>\n<\/div>\n<\/section>\n<section style=\"padding: 50px 20px; background-color: #f0f0f0;\">\n<div class=\"container\">\n<h2>Reserve Seu Pedido de Feij\u00f5es Verdes do Egito<\/h2>\n<p>Se voc\u00ea est\u00e1 buscando feij\u00f5es verdes frescos de um exportador confi\u00e1vel, a PEI Trade \u00e9 seu parceiro ideal durante a <strong>temporada de colheita do feij\u00e3o no Egito<\/strong>.<\/p>\n<p>Combinamos expertise no campo, agilidade no empacotamento e log\u00edstica confi\u00e1vel para garantir entregas com m\u00e1ximo frescor e rastreabilidade.<\/p>\n<h2>Contate-nos para Cota\u00e7\u00f5es e Disponibilidade<\/h2>\n<p>Entre em contato com a PEI Trade para pre\u00e7os por volume, especifica\u00e7\u00f5es dos produtos e planejamento sazonal. Nossa equipe de exporta\u00e7\u00e3o est\u00e1 pronta para ajud\u00e1-lo a aproveitar ao m\u00e1ximo a temporada de feij\u00e3o eg\u00edpcio de alta qualidade.<\/p>\n<p style=\"text-align: center; margin-top: 40px;\"><a class=\"button primary large\" href=\"\/contact\">Fa\u00e7a Seu Pedido<\/a><\/p>\n<\/div>\n<\/section>\n<section style=\"padding: 50px 20px;\">\n<div class=\"container\">\n<h2>Explore Outras Exporta\u00e7\u00f5es do Egito<\/h2>\n<p>&nbsp;<\/p>\n<p>Al\u00e9m de feij\u00f5es verdes, a PEI Trade exporta uvas eg\u00edpcias, batatas, frutas c\u00edtricas e muito mais. Oferecemos otimiza\u00e7\u00e3o de cont\u00eaineres e programas sazonais variados. <a href=\"\/about\">Saiba mais sobre nossos servi\u00e7os de exporta\u00e7\u00e3o<\/a>.<\/p>\n<div class=\"wp-block-woocommerce-product-collection\"><div class=\"woocommerce columns-4 \"><ul class=\"products columns-4\" data-products=\"type-2\">\n<li class=\"product type-product post-7370 status-publish first instock product_cat-in-season product_cat-vegetables has-post-thumbnail shipping-taxable product-type-simple\">\n\t<a href=\"https:\/\/peitrade.com\/pt-br\/product\/alho\/\" class=\"woocommerce-LoopProduct-link woocommerce-loop-product__link\"><img decoding=\"async\" width=\"300\" height=\"300\" src=\"https:\/\/peitrade.com\/wp-content\/uploads\/2025\/11\/Egyptian-Garlic-300x300.webp\" class=\"attachment-woocommerce_thumbnail size-woocommerce_thumbnail\" alt=\"Alho\" srcset=\"https:\/\/peitrade.com\/wp-content\/uploads\/2025\/11\/Egyptian-Garlic-300x300.webp 300w, https:\/\/peitrade.com\/wp-content\/uploads\/2025\/11\/Egyptian-Garlic-150x150.webp 150w, https:\/\/peitrade.com\/wp-content\/uploads\/2025\/11\/Egyptian-Garlic-768x768.webp 768w, https:\/\/peitrade.com\/wp-content\/uploads\/2025\/11\/Egyptian-Garlic-600x600.webp 600w, https:\/\/peitrade.com\/wp-content\/uploads\/2025\/11\/Egyptian-Garlic-100x100.webp 100w, https:\/\/peitrade.com\/wp-content\/uploads\/2025\/11\/Egyptian-Garlic.webp 1024w\" sizes=\"(max-width: 300px) 100vw, 300px\" title=\"\"><h2 class=\"woocommerce-loop-product__title\">Alho<\/h2>\n<\/a><a href=\"https:\/\/peitrade.com\/pt-br\/product\/alho\/\" aria-describedby=\"woocommerce_loop_add_to_cart_link_describedby_7370\" data-quantity=\"1\" class=\"button product_type_simple\" data-product_id=\"7370\" data-product_sku=\"70320\" aria-label=\"Leia mais sobre &ldquo;Alho&rdquo;\" rel=\"nofollow\" data-success_message=\"\">Leia mais<\/a>\t<span id=\"woocommerce_loop_add_to_cart_link_describedby_7370\" class=\"screen-reader-text\">\n\t\t\t<\/span>\n<\/li>\n<li class=\"product type-product post-7770 status-publish instock product_cat-in-season product_cat-vegetables has-post-thumbnail shipping-taxable product-type-simple\">\n\t<a href=\"https:\/\/peitrade.com\/pt-br\/product\/batatas-doces\/\" class=\"woocommerce-LoopProduct-link woocommerce-loop-product__link\"><img decoding=\"async\" width=\"300\" height=\"300\" src=\"https:\/\/peitrade.com\/wp-content\/uploads\/2025\/11\/Egyptian-Sweet-Potatoes-300x300.webp\" class=\"attachment-woocommerce_thumbnail size-woocommerce_thumbnail\" alt=\"Egyptian Sweet Potatoes - PEI Trade\" srcset=\"https:\/\/peitrade.com\/wp-content\/uploads\/2025\/11\/Egyptian-Sweet-Potatoes-300x300.webp 300w, https:\/\/peitrade.com\/wp-content\/uploads\/2025\/11\/Egyptian-Sweet-Potatoes-150x150.webp 150w, https:\/\/peitrade.com\/wp-content\/uploads\/2025\/11\/Egyptian-Sweet-Potatoes-768x768.webp 768w, https:\/\/peitrade.com\/wp-content\/uploads\/2025\/11\/Egyptian-Sweet-Potatoes-600x600.webp 600w, https:\/\/peitrade.com\/wp-content\/uploads\/2025\/11\/Egyptian-Sweet-Potatoes-100x100.webp 100w, https:\/\/peitrade.com\/wp-content\/uploads\/2025\/11\/Egyptian-Sweet-Potatoes.webp 1024w\" sizes=\"(max-width: 300px) 100vw, 300px\" title=\"\"><h2 class=\"woocommerce-loop-product__title\">Batatas-doces<\/h2>\n<\/a><a href=\"https:\/\/peitrade.com\/pt-br\/product\/batatas-doces\/\" aria-describedby=\"woocommerce_loop_add_to_cart_link_describedby_7770\" data-quantity=\"1\" class=\"button product_type_simple\" data-product_id=\"7770\" data-product_sku=\"71420\" aria-label=\"Leia mais sobre &ldquo;Batatas-doces&rdquo;\" rel=\"nofollow\" data-success_message=\"\">Leia mais<\/a>\t<span id=\"woocommerce_loop_add_to_cart_link_describedby_7770\" class=\"screen-reader-text\">\n\t\t\t<\/span>\n<\/li>\n<li class=\"product type-product post-7759 status-publish instock product_cat-in-season product_cat-vegetables has-post-thumbnail shipping-taxable product-type-simple\">\n\t<a href=\"https:\/\/peitrade.com\/pt-br\/product\/potatoes\/\" class=\"woocommerce-LoopProduct-link woocommerce-loop-product__link\"><img decoding=\"async\" width=\"300\" height=\"300\" src=\"https:\/\/peitrade.com\/wp-content\/uploads\/2025\/11\/Egyptian-Potatoes-300x300.webp\" class=\"attachment-woocommerce_thumbnail size-woocommerce_thumbnail\" alt=\"Potatoes\" srcset=\"https:\/\/peitrade.com\/wp-content\/uploads\/2025\/11\/Egyptian-Potatoes-300x300.webp 300w, https:\/\/peitrade.com\/wp-content\/uploads\/2025\/11\/Egyptian-Potatoes-150x150.webp 150w, https:\/\/peitrade.com\/wp-content\/uploads\/2025\/11\/Egyptian-Potatoes-768x768.webp 768w, https:\/\/peitrade.com\/wp-content\/uploads\/2025\/11\/Egyptian-Potatoes-600x600.webp 600w, https:\/\/peitrade.com\/wp-content\/uploads\/2025\/11\/Egyptian-Potatoes-100x100.webp 100w, https:\/\/peitrade.com\/wp-content\/uploads\/2025\/11\/Egyptian-Potatoes.webp 1024w\" sizes=\"(max-width: 300px) 100vw, 300px\" title=\"\"><h2 class=\"woocommerce-loop-product__title\">Potatoes<\/h2>\n<\/a><a href=\"https:\/\/peitrade.com\/pt-br\/product\/potatoes\/\" aria-describedby=\"woocommerce_loop_add_to_cart_link_describedby_7759\" data-quantity=\"1\" class=\"button product_type_simple\" data-product_id=\"7759\" data-product_sku=\"70190\" aria-label=\"Leia mais sobre &ldquo;Potatoes&rdquo;\" rel=\"nofollow\" data-success_message=\"\">Leia mais<\/a>\t<span id=\"woocommerce_loop_add_to_cart_link_describedby_7759\" class=\"screen-reader-text\">\n\t\t\t<\/span>\n<\/li>\n<li class=\"product type-product post-7354 status-publish last instock product_cat-vegetables has-post-thumbnail shipping-taxable product-type-simple\">\n\t<a href=\"https:\/\/peitrade.com\/pt-br\/product\/tomates\/\" class=\"woocommerce-LoopProduct-link woocommerce-loop-product__link\"><img decoding=\"async\" width=\"300\" height=\"300\" src=\"https:\/\/peitrade.com\/wp-content\/uploads\/2025\/11\/Egyptian-Tomatoes-300x300.webp\" class=\"attachment-woocommerce_thumbnail size-woocommerce_thumbnail\" alt=\"Tomates\" srcset=\"https:\/\/peitrade.com\/wp-content\/uploads\/2025\/11\/Egyptian-Tomatoes-300x300.webp 300w, https:\/\/peitrade.com\/wp-content\/uploads\/2025\/11\/Egyptian-Tomatoes-150x150.webp 150w, https:\/\/peitrade.com\/wp-content\/uploads\/2025\/11\/Egyptian-Tomatoes-768x768.webp 768w, https:\/\/peitrade.com\/wp-content\/uploads\/2025\/11\/Egyptian-Tomatoes-600x600.webp 600w, https:\/\/peitrade.com\/wp-content\/uploads\/2025\/11\/Egyptian-Tomatoes-100x100.webp 100w, https:\/\/peitrade.com\/wp-content\/uploads\/2025\/11\/Egyptian-Tomatoes.webp 1024w\" sizes=\"(max-width: 300px) 100vw, 300px\" title=\"\"><h2 class=\"woocommerce-loop-product__title\">Tomates<\/h2>\n<\/a><a href=\"https:\/\/peitrade.com\/pt-br\/product\/tomates\/\" aria-describedby=\"woocommerce_loop_add_to_cart_link_describedby_7354\" data-quantity=\"1\" class=\"button product_type_simple\" data-product_id=\"7354\" data-product_sku=\"70200\" aria-label=\"Leia mais sobre &ldquo;Tomates&rdquo;\" rel=\"nofollow\" data-success_message=\"\">Leia mais<\/a>\t<span id=\"woocommerce_loop_add_to_cart_link_describedby_7354\" class=\"screen-reader-text\">\n\t\t\t<\/span>\n<\/li>\n<\/ul>\n<\/div><\/div>\n<\/div>\n<\/section>\n<section style=\"padding: 50px 20px; background-color: #f9f9f9;\">\n<div class=\"container\">\n<h2>Perguntas Frequentes<\/h2>\n<h3>Quando \u00e9 a temporada de colheita do feij\u00e3o no Egito?<\/h3>\n<p>A principal temporada de colheita do feij\u00e3o verde eg\u00edpcio ocorre de novembro a dezembro, com exporta\u00e7\u00f5es intensas durante os meses mais frios.<\/p>\n<h3>Voc\u00eas oferecem embalagens com marca pr\u00f3pria?<\/h3>\n<p>Sim, oferecemos solu\u00e7\u00f5es de embalagem personalizadas com r\u00f3tulos multilingues e op\u00e7\u00f5es de branding para clientes de varejo.<\/p>\n<h3>Posso encomendar cont\u00eaineres mistos com diferentes produtos frescos?<\/h3>\n<p>Com certeza. A PEI Trade oferece cargas mistas com feij\u00f5es verdes, batatas, frutas c\u00edtricas e muito mais para otimizar o frete.<\/p>\n<h3>Quais certifica\u00e7\u00f5es seus feij\u00f5es possuem?<\/h3>\n<p>Nossas exporta\u00e7\u00f5es de feij\u00e3o verde s\u00e3o certificadas pela GlobalG.A.P. e cumprem totalmente os padr\u00f5es fitossanit\u00e1rios e MRL da Uni\u00e3o Europeia.<\/p>\n<h3>O que torna os feij\u00f5es verdes eg\u00edpcios \u00fanicos?<\/h3>\n<p>Os feij\u00f5es eg\u00edpcios s\u00e3o reconhecidos por sua cor verde intensa, textura crocante e excelente adapta\u00e7\u00e3o aos mercados globais, gra\u00e7as \u00e0 longa temporada de cultivo e log\u00edstica \u00e1gil do Egito.<\/p>\n<\/div>\n<\/section>\n","protected":false},"excerpt":{"rendered":"<p>Temporada de Colheita do Feij\u00e3o no Egito \u2013 Feij\u00f5es Frescos da PEI Trade &nbsp; A temporada de colheita do feij\u00e3o no Egito traz feij\u00f5es verdes frescos e de qualidade para exporta\u00e7\u00e3o aos mercados internacionais, e a PEI Trade tem orgulho de estar entre os principais exportadores de feij\u00e3o verde do Egito. Nossa especialidade \u00e9 fornecer [&hellip;]<\/p>\n","protected":false},"author":9,"featured_media":0,"parent":0,"menu_order":0,"comment_status":"closed","ping_status":"closed","template":"","meta":{"footnotes":""},"class_list":["post-5871","page","type-page","status-publish","hentry"],"blocksy_meta":[],"mb":[],"featured_image_urls_v2":{"full":"","thumbnail":"","medium":"","medium_large":"","large":"","1536x1536":"","2048x2048":"","woocommerce_archive_thumbnail":"","woocommerce_thumbnail":"","woocommerce_single":"","woocommerce_gallery_thumbnail":""},"post_excerpt_stackable_v2":"<p>Temporada de Colheita do Feij\u00e3o no Egito \u2013 Feij\u00f5es Frescos da PEI Trade &nbsp; A temporada de colheita do feij\u00e3o no Egito traz feij\u00f5es verdes frescos e de qualidade para exporta\u00e7\u00e3o aos mercados internacionais, e a PEI Trade tem orgulho de estar entre os principais exportadores de feij\u00e3o verde do Egito. Nossa especialidade \u00e9 fornecer feij\u00f5es verdes eg\u00edpcios de qualidade premium \u2014 conhecidos localmente como fasolia \u2014 colhidos nas zonas agr\u00edcolas mais f\u00e9rteis do pa\u00eds. Gra\u00e7as ao clima ideal do Egito e \u00e0s pr\u00e1ticas agr\u00edcolas avan\u00e7adas, conseguimos oferecer feij\u00f5es verdes crocantes, vibrantes, com excelente textura, vida \u00fatil e sabor. Nossos&hellip;<\/p>\n","category_list_v2":"","author_info_v2":{"name":"Maha","url":"https:\/\/peitrade.com\/pt-br\/author\/m-amer\/"},"comments_num_v2":"0 coment\u00e1rio","mfb_rest_fields":["title","blocksy_meta","featured_image_urls_v2","post_excerpt_stackable_v2","category_list_v2","author_info_v2","comments_num_v2"],"_links":{"self":[{"href":"https:\/\/peitrade.com\/pt-br\/wp-json\/wp\/v2\/pages\/5871","targetHints":{"allow":["GET"]}}],"collection":[{"href":"https:\/\/peitrade.com\/pt-br\/wp-json\/wp\/v2\/pages"}],"about":[{"href":"https:\/\/peitrade.com\/pt-br\/wp-json\/wp\/v2\/types\/page"}],"author":[{"embeddable":true,"href":"https:\/\/peitrade.com\/pt-br\/wp-json\/wp\/v2\/users\/9"}],"replies":[{"embeddable":true,"href":"https:\/\/peitrade.com\/pt-br\/wp-json\/wp\/v2\/comments?post=5871"}],"version-history":[{"count":1,"href":"https:\/\/peitrade.com\/pt-br\/wp-json\/wp\/v2\/pages\/5871\/revisions"}],"predecessor-version":[{"id":5872,"href":"https:\/\/peitrade.com\/pt-br\/wp-json\/wp\/v2\/pages\/5871\/revisions\/5872"}],"wp:attachment":[{"href":"https:\/\/peitrade.com\/pt-br\/wp-json\/wp\/v2\/media?parent=5871"}],"curies":[{"name":"wp","href":"https:\/\/api.w.org\/{rel}","templated":true}]}}