{"id":5875,"date":"2025-05-20T12:19:34","date_gmt":"2025-05-20T12:19:34","guid":{"rendered":"http:\/\/46.224.74.15\/exportadores-confiaveis-de-romas-no-egito\/"},"modified":"2025-11-19T16:46:37","modified_gmt":"2025-11-19T16:46:37","slug":"exportadores-confiaveis-de-romas-no-egito","status":"publish","type":"page","link":"https:\/\/peitrade.com\/pt-br\/exportadores-confiaveis-de-romas-no-egito\/","title":{"rendered":"Exportadores Confi\u00e1veis de Rom\u00e3s no Egito \u2013 Fornecimento Global pela PEI Trade"},"content":{"rendered":"<section style=\"padding: 60px 20px; background-color: #f9f9f9;\" data-darkreader-inline-bgcolor=\"\">\n<div class=\"container\">\n<h1>Exportadores Confi\u00e1veis de Rom\u00e3s no Egito \u2013 Fornecimento Global pela PEI Trade<\/h1>\n<p>A PEI Trade est\u00e1 entre os exportadores confi\u00e1veis de rom\u00e3s no Egito, fornecendo a clientes atacadistas e distribuidores internacionais acesso consistente a rom\u00e3s eg\u00edpcias frescas e prontas para exporta\u00e7\u00e3o. Nossa opera\u00e7\u00e3o de fornecimento \u00e9 projetada para escalabilidade em volume, manuseio eficiente e remessas programadas ao longo da temporada de exporta\u00e7\u00e3o. Atendemos importadores em toda a Europa, GCC e Sudeste Asi\u00e1tico, apoiando equipes de compras com remessas diretas da fazenda, formatos de embalagem flex\u00edveis e entrega coordenada para atender aos modelos de distribui\u00e7\u00e3o atacadista e varejista. Desde linhas de embalagem de supermercados at\u00e9 processadores industriais de sucos, a PEI Trade atende \u00e0s demandas de empresas que buscam um fornecimento constante e confi\u00e1vel de frutas do Egito.<\/p>\n<\/div>\n<\/section>\n<div class=\"wp-block-woocommerce-product-collection\"><div class=\"woocommerce columns-4 \"><ul class=\"products columns-4\" data-products=\"type-2\">\n<li class=\"product type-product post-7437 status-publish first instock product_cat-in-season product_cat-fruits has-post-thumbnail shipping-taxable product-type-simple\">\n\t<a href=\"https:\/\/peitrade.com\/pt-br\/product\/laranjas\/\" class=\"woocommerce-LoopProduct-link woocommerce-loop-product__link\"><img decoding=\"async\" width=\"300\" height=\"300\" src=\"https:\/\/peitrade.com\/wp-content\/uploads\/2025\/11\/Egyptian-Oranges-300x300.webp\" class=\"attachment-woocommerce_thumbnail size-woocommerce_thumbnail\" alt=\"\u0635\u0627\u062f\u0631\u0627\u062a \u0627\u0644\u0628\u0631\u062a\u0642\u0627\u0644 \u0627\u0644\u0645\u0635\u0631\u064a \u0625\u0644\u0649 \u0643\u0646\u062f\u0627 \u062a\u0633\u062c\u0644 \u0631\u0642\u0645\u0627\u064b \u0642\u064a\u0627\u0633\u064a\u0627\u064b \u0641\u064a 2025\" srcset=\"https:\/\/peitrade.com\/wp-content\/uploads\/2025\/11\/Egyptian-Oranges-300x300.webp 300w, https:\/\/peitrade.com\/wp-content\/uploads\/2025\/11\/Egyptian-Oranges-150x150.webp 150w, https:\/\/peitrade.com\/wp-content\/uploads\/2025\/11\/Egyptian-Oranges-768x768.webp 768w, https:\/\/peitrade.com\/wp-content\/uploads\/2025\/11\/Egyptian-Oranges-600x600.webp 600w, https:\/\/peitrade.com\/wp-content\/uploads\/2025\/11\/Egyptian-Oranges-100x100.webp 100w, https:\/\/peitrade.com\/wp-content\/uploads\/2025\/11\/Egyptian-Oranges.webp 1024w\" sizes=\"(max-width: 300px) 100vw, 300px\" title=\"\"><h2 class=\"woocommerce-loop-product__title\">Laranjas<\/h2>\n<\/a><a href=\"https:\/\/peitrade.com\/pt-br\/product\/laranjas\/\" aria-describedby=\"woocommerce_loop_add_to_cart_link_describedby_7437\" data-quantity=\"1\" class=\"button product_type_simple\" data-product_id=\"7437\" data-product_sku=\"80510\" aria-label=\"Leia mais sobre &ldquo;Laranjas&rdquo;\" rel=\"nofollow\" data-success_message=\"\">Leia mais<\/a>\t<span id=\"woocommerce_loop_add_to_cart_link_describedby_7437\" class=\"screen-reader-text\">\n\t\t\t<\/span>\n<\/li>\n<li class=\"product type-product post-7650 status-publish instock product_cat-fruits has-post-thumbnail shipping-taxable product-type-simple\">\n\t<a href=\"https:\/\/peitrade.com\/pt-br\/product\/morangos\/\" class=\"woocommerce-LoopProduct-link woocommerce-loop-product__link\"><img decoding=\"async\" width=\"300\" height=\"300\" src=\"https:\/\/peitrade.com\/wp-content\/uploads\/2025\/11\/Egyptian-Strawberries-300x300.webp\" class=\"attachment-woocommerce_thumbnail size-woocommerce_thumbnail\" alt=\"Morangos\" srcset=\"https:\/\/peitrade.com\/wp-content\/uploads\/2025\/11\/Egyptian-Strawberries-300x300.webp 300w, https:\/\/peitrade.com\/wp-content\/uploads\/2025\/11\/Egyptian-Strawberries-150x150.webp 150w, https:\/\/peitrade.com\/wp-content\/uploads\/2025\/11\/Egyptian-Strawberries-768x768.webp 768w, https:\/\/peitrade.com\/wp-content\/uploads\/2025\/11\/Egyptian-Strawberries-600x600.webp 600w, https:\/\/peitrade.com\/wp-content\/uploads\/2025\/11\/Egyptian-Strawberries-100x100.webp 100w, https:\/\/peitrade.com\/wp-content\/uploads\/2025\/11\/Egyptian-Strawberries.webp 1024w\" sizes=\"(max-width: 300px) 100vw, 300px\" title=\"\"><h2 class=\"woocommerce-loop-product__title\">Morangos<\/h2>\n<\/a><a href=\"https:\/\/peitrade.com\/pt-br\/product\/morangos\/\" aria-describedby=\"woocommerce_loop_add_to_cart_link_describedby_7650\" data-quantity=\"1\" class=\"button product_type_simple\" data-product_id=\"7650\" data-product_sku=\"81010\" aria-label=\"Leia mais sobre &ldquo;Morangos&rdquo;\" rel=\"nofollow\" data-success_message=\"\">Leia mais<\/a>\t<span id=\"woocommerce_loop_add_to_cart_link_describedby_7650\" class=\"screen-reader-text\">\n\t\t\t<\/span>\n<\/li>\n<li class=\"product type-product post-7734 status-publish instock product_cat-fruits has-post-thumbnail shipping-taxable product-type-simple\">\n\t<a href=\"https:\/\/peitrade.com\/pt-br\/product\/roma\/\" class=\"woocommerce-LoopProduct-link woocommerce-loop-product__link\"><img decoding=\"async\" width=\"300\" height=\"300\" src=\"https:\/\/peitrade.com\/wp-content\/uploads\/2025\/11\/Egyptian-Pomegranate-300x300.webp\" class=\"attachment-woocommerce_thumbnail size-woocommerce_thumbnail\" alt=\"Pomegranates: The Superfruit Appeal\" srcset=\"https:\/\/peitrade.com\/wp-content\/uploads\/2025\/11\/Egyptian-Pomegranate-300x300.webp 300w, https:\/\/peitrade.com\/wp-content\/uploads\/2025\/11\/Egyptian-Pomegranate-150x150.webp 150w, https:\/\/peitrade.com\/wp-content\/uploads\/2025\/11\/Egyptian-Pomegranate-768x768.webp 768w, https:\/\/peitrade.com\/wp-content\/uploads\/2025\/11\/Egyptian-Pomegranate-600x600.webp 600w, https:\/\/peitrade.com\/wp-content\/uploads\/2025\/11\/Egyptian-Pomegranate-100x100.webp 100w, https:\/\/peitrade.com\/wp-content\/uploads\/2025\/11\/Egyptian-Pomegranate.webp 1024w\" sizes=\"(max-width: 300px) 100vw, 300px\" title=\"\"><h2 class=\"woocommerce-loop-product__title\">Rom\u00e3<\/h2>\n<\/a><a href=\"https:\/\/peitrade.com\/pt-br\/product\/roma\/\" aria-describedby=\"woocommerce_loop_add_to_cart_link_describedby_7734\" data-quantity=\"1\" class=\"button product_type_simple\" data-product_id=\"7734\" data-product_sku=\"81090\" aria-label=\"Leia mais sobre &ldquo;Rom\u00e3&rdquo;\" rel=\"nofollow\" data-success_message=\"\">Leia mais<\/a>\t<span id=\"woocommerce_loop_add_to_cart_link_describedby_7734\" class=\"screen-reader-text\">\n\t\t\t<\/span>\n<\/li>\n<li class=\"product type-product post-7561 status-publish last instock product_cat-fruits has-post-thumbnail shipping-taxable product-type-simple\">\n\t<a href=\"https:\/\/peitrade.com\/pt-br\/product\/uvas\/\" class=\"woocommerce-LoopProduct-link woocommerce-loop-product__link\"><img decoding=\"async\" width=\"300\" height=\"300\" src=\"https:\/\/peitrade.com\/wp-content\/uploads\/2025\/11\/Egyptian-Grapes-300x300.webp\" class=\"attachment-woocommerce_thumbnail size-woocommerce_thumbnail\" alt=\"Grapes: A Rising Star\" srcset=\"https:\/\/peitrade.com\/wp-content\/uploads\/2025\/11\/Egyptian-Grapes-300x300.webp 300w, https:\/\/peitrade.com\/wp-content\/uploads\/2025\/11\/Egyptian-Grapes-150x150.webp 150w, https:\/\/peitrade.com\/wp-content\/uploads\/2025\/11\/Egyptian-Grapes-768x768.webp 768w, https:\/\/peitrade.com\/wp-content\/uploads\/2025\/11\/Egyptian-Grapes-600x600.webp 600w, https:\/\/peitrade.com\/wp-content\/uploads\/2025\/11\/Egyptian-Grapes-100x100.webp 100w, https:\/\/peitrade.com\/wp-content\/uploads\/2025\/11\/Egyptian-Grapes.webp 1024w\" sizes=\"(max-width: 300px) 100vw, 300px\" title=\"\"><h2 class=\"woocommerce-loop-product__title\">Uvas<\/h2>\n<\/a><a href=\"https:\/\/peitrade.com\/pt-br\/product\/uvas\/\" aria-describedby=\"woocommerce_loop_add_to_cart_link_describedby_7561\" data-quantity=\"1\" class=\"button product_type_simple\" data-product_id=\"7561\" data-product_sku=\"80610\" aria-label=\"Leia mais sobre &ldquo;Uvas&rdquo;\" rel=\"nofollow\" data-success_message=\"\">Leia mais<\/a>\t<span id=\"woocommerce_loop_add_to_cart_link_describedby_7561\" class=\"screen-reader-text\">\n\t\t\t<\/span>\n<\/li>\n<\/ul>\n<\/div><\/div>\n<section style=\"padding: 50px 20px;\">\n<h2>Por que escolher a PEI Trade?<\/h2>\n<p>Na PEI Trade, colaboramos diretamente com fazendas locais renomadas por cultivar variedades premium de rom\u00e3s. Cultivadas sob condi\u00e7\u00f5es clim\u00e1ticas favor\u00e1veis e solo f\u00e9rtil do Delta do Nilo, nossas rom\u00e3s eg\u00edpcias s\u00e3o reconhecidas por sua cor intensa, do\u00e7ura equilibrada e estrutura firme das sementes. Como uma empresa reconhecida de exporta\u00e7\u00e3o de rom\u00e3s no Egito, a PEI Trade apoia importadores que buscam:<\/p>\n<ul>\n<li>Volumes de exporta\u00e7\u00e3o sob medida para atacado e varejo<\/li>\n<li>Fonte direta de fazendas sazonais no Egito<\/li>\n<li>Embalagem e rotulagem adequadas para mercados internacionais<\/li>\n<li>Coordena\u00e7\u00e3o completa de envio via principais portos eg\u00edpcios<\/li>\n<li>Suporte experiente do primeiro contato at\u00e9 a entrega<\/li>\n<\/ul>\n<h2>Variedades de Rom\u00e3s Eg\u00edpcias para Mercados Globais<\/h2>\n<p>A PEI Trade fornece rom\u00e3s frescas do Egito com padr\u00f5es de qualidade consistentes em graus comerciais e premium. Nosso fornecimento inclui:<\/p>\n<div class=\"_tableContainer_16hzy_1\">\n<div class=\"_tableWrapper_16hzy_14 group flex w-fit flex-col-reverse\" tabindex=\"-1\">\n<table class=\"w-fit min-w-(--thread-content-width)\" style=\"height: 125px;\" width=\"1361\">\n<thead>\n<tr>\n<th><strong>Variedade<\/strong><\/th>\n<th><strong>Descri\u00e7\u00e3o<\/strong><\/th>\n<th><strong>Melhor uso<\/strong><\/th>\n<\/tr>\n<\/thead>\n<tbody>\n<tr>\n<td><strong>Wonderful<\/strong><\/td>\n<td style=\"text-align: center;\">Casca vermelha intensa, sabor marcante, longa vida \u00fatil<\/td>\n<td style=\"text-align: center;\">Supermercados, processamento de sucos<\/td>\n<\/tr>\n<tr>\n<td><strong>Baladi<\/strong><\/td>\n<td style=\"text-align: center;\">Sementes macias, sabor suave, prefer\u00eancia regional<\/td>\n<td style=\"text-align: center;\">Atacado tradicional, mercados locais<\/td>\n<\/tr>\n<tr>\n<td><strong>S\u00e9rie 116\/117<\/strong><\/td>\n<td style=\"text-align: center;\">Tamanho e firmeza voltados \u00e0 exporta\u00e7\u00e3o<\/td>\n<td style=\"text-align: center;\">Distribui\u00e7\u00e3o geral, compradores industriais<\/td>\n<\/tr>\n<\/tbody>\n<\/table>\n<\/div>\n<\/div>\n<p>Cada variedade \u00e9 selecionada e classificada com base no tamanho, cor, firmeza e qualidade externa da fruta, atendendo \u00e0s exig\u00eancias internacionais de compradores de produtos frescos.<\/p>\n<h2>Formatos de Embalagem e Rotulagem<\/h2>\n<p>Oferecemos solu\u00e7\u00f5es de embalagem flex\u00edveis para atender \u00e0s necessidades log\u00edsticas e de varejo. Os compradores podem escolher entre:<\/p>\n<ul>\n<li><strong>Pesos das caixas:<\/strong> 2,5 kg, 5 kg e 10 kg<\/li>\n<li><strong>Tipos de embalagem:<\/strong> A granel ou em bandejas<\/li>\n<li><strong>Rotulagem:<\/strong> Dispon\u00edvel em ingl\u00eas, \u00e1rabe ou bil\u00edngue<\/li>\n<li><strong>Classifica\u00e7\u00e3o:<\/strong> Apenas Classe 1 para exporta\u00e7\u00e3o<\/li>\n<\/ul>\n<p>O processo de embalagem \u00e9 realizado em instala\u00e7\u00f5es higi\u00eanicas, com triagem e classifica\u00e7\u00e3o visual cuidadosas para garantir durabilidade e atratividade do produto durante o transporte.<\/p>\n<h2>Coordena\u00e7\u00e3o Log\u00edstica para Compradores Internacionais<\/h2>\n<p>Como exportadora ativa de rom\u00e3s no Egito, a PEI Trade gerencia todo o processo de envio, da fazenda ao porto. Nossa equipe supervisiona:<\/p>\n<ul>\n<li>Prepara\u00e7\u00e3o da colheita e planejamento de safra<\/li>\n<li>Classifica\u00e7\u00e3o e pr\u00e9-resfriamento para controle de temperatura<\/li>\n<li>Carregamento em cont\u00eaineres refrigerados ou pallets para frete a\u00e9reo<\/li>\n<li>Coordena\u00e7\u00e3o com agentes de carga e libera\u00e7\u00e3o alfandeg\u00e1ria<\/li>\n<li>Documenta\u00e7\u00e3o de exporta\u00e7\u00e3o (faturas, listas de embalagem, certificados fitossanit\u00e1rios)<\/li>\n<\/ul>\n<p>Nosso sistema reduz atrasos no manuseio e mant\u00e9m os embarques dentro do cronograma, garantindo vida \u00fatil ideal na chegada.<\/p>\n<h2>Temporada da Rom\u00e3 no Egito: M\u00eas a M\u00eas<\/h2>\n<p>As rom\u00e3s eg\u00edpcias est\u00e3o dispon\u00edveis do final do ver\u00e3o at\u00e9 o in\u00edcio do inverno. Nosso per\u00edodo de fornecimento \u00e9:<\/p>\n<ul>\n<li><strong>Agosto:<\/strong> Primeiras chegadas da Baladi<\/li>\n<li><strong>Setembro \u2013 Novembro:<\/strong> Ponto alto da colheita para todas as variedades<\/li>\n<li><strong>Dezembro:<\/strong> \u00daltimos embarques a partir de armazenamento refrigerado<\/li>\n<\/ul>\n<p>Programas de in\u00edcio de temporada se beneficiam de menor concorr\u00eancia e libera\u00e7\u00e3o aduaneira mais r\u00e1pida. Reservas para a alta temporada s\u00e3o recomendadas at\u00e9 o final do ver\u00e3o.<\/p>\n<\/section>\n<section style=\"padding: 50px 20px; background-color: #f0f0f0;\" data-darkreader-inline-bgcolor=\"\">\n<div class=\"container\">\n<h2>Solicite Cota\u00e7\u00f5es por Volume e Prazos de Envio<\/h2>\n<p>A PEI Trade oferece pre\u00e7os FOB e CIF, calculados com base no porto de destino, prefer\u00eancias de embalagem e m\u00e9todo de envio. Nossa equipe de exporta\u00e7\u00e3o est\u00e1 dispon\u00edvel para auxiliar com estimativas de volume, proje\u00e7\u00f5es sazonais e exig\u00eancias documentais. Entre em contato conosco para obter pre\u00e7os atualizados de rom\u00e3s frescas do Egito, op\u00e7\u00f5es de embalagem e disponibilidade atual.<\/p>\n<p style=\"text-align: center; margin-top: 40px;\"><a class=\"button primary large\" href=\"\/contact\">Fazer Pedido<\/a><\/p>\n<\/div>\n<\/section>\n<section style=\"padding: 50px 20px;\">\n<div class=\"container\">\n<h2>Outros Produtos Frescos do Egito<\/h2>\n<p>Al\u00e9m das rom\u00e3s, a PEI Trade fornece morangos, goiabas, mangas, laranjas eg\u00edpcias e mais. Oferecemos programas sazonais e contratos de importa\u00e7\u00e3o de longo prazo.<br \/>\n<a href=\"\/about\">Saiba mais sobre nossos servi\u00e7os de exporta\u00e7\u00e3o<\/a>.<\/p>\n<div class=\"wp-block-woocommerce-product-collection\"><div class=\"woocommerce columns-4 \"><ul class=\"products columns-4\" data-products=\"type-2\">\n<li class=\"product type-product post-7567 status-publish first instock product_cat-in-season product_cat-fruits has-post-thumbnail shipping-taxable product-type-simple\">\n\t<a href=\"https:\/\/peitrade.com\/pt-br\/product\/goiaba\/\" class=\"woocommerce-LoopProduct-link woocommerce-loop-product__link\"><img decoding=\"async\" width=\"300\" height=\"300\" src=\"https:\/\/peitrade.com\/wp-content\/uploads\/2025\/11\/Egyptian-Guava-300x300.webp\" class=\"attachment-woocommerce_thumbnail size-woocommerce_thumbnail\" alt=\"Egyptian Guava\" srcset=\"https:\/\/peitrade.com\/wp-content\/uploads\/2025\/11\/Egyptian-Guava-300x300.webp 300w, https:\/\/peitrade.com\/wp-content\/uploads\/2025\/11\/Egyptian-Guava-150x150.webp 150w, https:\/\/peitrade.com\/wp-content\/uploads\/2025\/11\/Egyptian-Guava-768x768.webp 768w, https:\/\/peitrade.com\/wp-content\/uploads\/2025\/11\/Egyptian-Guava-600x600.webp 600w, https:\/\/peitrade.com\/wp-content\/uploads\/2025\/11\/Egyptian-Guava-100x100.webp 100w, https:\/\/peitrade.com\/wp-content\/uploads\/2025\/11\/Egyptian-Guava.webp 1024w\" sizes=\"(max-width: 300px) 100vw, 300px\" title=\"\"><h2 class=\"woocommerce-loop-product__title\">Goiaba<\/h2>\n<\/a><a href=\"https:\/\/peitrade.com\/pt-br\/product\/goiaba\/\" aria-describedby=\"woocommerce_loop_add_to_cart_link_describedby_7567\" data-quantity=\"1\" class=\"button product_type_simple\" data-product_id=\"7567\" data-product_sku=\"80451\" aria-label=\"Leia mais sobre &ldquo;Goiaba&rdquo;\" rel=\"nofollow\" data-success_message=\"\">Leia mais<\/a>\t<span id=\"woocommerce_loop_add_to_cart_link_describedby_7567\" class=\"screen-reader-text\">\n\t\t\t<\/span>\n<\/li>\n<li class=\"product type-product post-7437 status-publish instock product_cat-in-season product_cat-fruits has-post-thumbnail shipping-taxable product-type-simple\">\n\t<a href=\"https:\/\/peitrade.com\/pt-br\/product\/laranjas\/\" class=\"woocommerce-LoopProduct-link woocommerce-loop-product__link\"><img decoding=\"async\" width=\"300\" height=\"300\" src=\"https:\/\/peitrade.com\/wp-content\/uploads\/2025\/11\/Egyptian-Oranges-300x300.webp\" class=\"attachment-woocommerce_thumbnail size-woocommerce_thumbnail\" alt=\"\u0635\u0627\u062f\u0631\u0627\u062a \u0627\u0644\u0628\u0631\u062a\u0642\u0627\u0644 \u0627\u0644\u0645\u0635\u0631\u064a \u0625\u0644\u0649 \u0643\u0646\u062f\u0627 \u062a\u0633\u062c\u0644 \u0631\u0642\u0645\u0627\u064b \u0642\u064a\u0627\u0633\u064a\u0627\u064b \u0641\u064a 2025\" srcset=\"https:\/\/peitrade.com\/wp-content\/uploads\/2025\/11\/Egyptian-Oranges-300x300.webp 300w, https:\/\/peitrade.com\/wp-content\/uploads\/2025\/11\/Egyptian-Oranges-150x150.webp 150w, https:\/\/peitrade.com\/wp-content\/uploads\/2025\/11\/Egyptian-Oranges-768x768.webp 768w, https:\/\/peitrade.com\/wp-content\/uploads\/2025\/11\/Egyptian-Oranges-600x600.webp 600w, https:\/\/peitrade.com\/wp-content\/uploads\/2025\/11\/Egyptian-Oranges-100x100.webp 100w, https:\/\/peitrade.com\/wp-content\/uploads\/2025\/11\/Egyptian-Oranges.webp 1024w\" sizes=\"(max-width: 300px) 100vw, 300px\" title=\"\"><h2 class=\"woocommerce-loop-product__title\">Laranjas<\/h2>\n<\/a><a href=\"https:\/\/peitrade.com\/pt-br\/product\/laranjas\/\" aria-describedby=\"woocommerce_loop_add_to_cart_link_describedby_7437\" data-quantity=\"1\" class=\"button product_type_simple\" data-product_id=\"7437\" data-product_sku=\"80510\" aria-label=\"Leia mais sobre &ldquo;Laranjas&rdquo;\" rel=\"nofollow\" data-success_message=\"\">Leia mais<\/a>\t<span id=\"woocommerce_loop_add_to_cart_link_describedby_7437\" class=\"screen-reader-text\">\n\t\t\t<\/span>\n<\/li>\n<li class=\"product type-product post-7635 status-publish instock product_cat-fruits has-post-thumbnail shipping-taxable product-type-simple\">\n\t<a href=\"https:\/\/peitrade.com\/pt-br\/product\/manga\/\" class=\"woocommerce-LoopProduct-link woocommerce-loop-product__link\"><img decoding=\"async\" width=\"300\" height=\"300\" src=\"https:\/\/peitrade.com\/wp-content\/uploads\/2025\/11\/Egyption-Mango-300x300.webp\" class=\"attachment-woocommerce_thumbnail size-woocommerce_thumbnail\" alt=\"Mangoes: Egypt\u2019s Tropical Treasure\" srcset=\"https:\/\/peitrade.com\/wp-content\/uploads\/2025\/11\/Egyption-Mango-300x300.webp 300w, https:\/\/peitrade.com\/wp-content\/uploads\/2025\/11\/Egyption-Mango-150x150.webp 150w, https:\/\/peitrade.com\/wp-content\/uploads\/2025\/11\/Egyption-Mango-768x768.webp 768w, https:\/\/peitrade.com\/wp-content\/uploads\/2025\/11\/Egyption-Mango-600x600.webp 600w, https:\/\/peitrade.com\/wp-content\/uploads\/2025\/11\/Egyption-Mango-100x100.webp 100w, https:\/\/peitrade.com\/wp-content\/uploads\/2025\/11\/Egyption-Mango.webp 1024w\" sizes=\"(max-width: 300px) 100vw, 300px\" title=\"\"><h2 class=\"woocommerce-loop-product__title\">Manga<\/h2>\n<\/a><a href=\"https:\/\/peitrade.com\/pt-br\/product\/manga\/\" aria-describedby=\"woocommerce_loop_add_to_cart_link_describedby_7635\" data-quantity=\"1\" class=\"button product_type_simple\" data-product_id=\"7635\" data-product_sku=\"80450\" aria-label=\"Leia mais sobre &ldquo;Manga&rdquo;\" rel=\"nofollow\" data-success_message=\"\">Leia mais<\/a>\t<span id=\"woocommerce_loop_add_to_cart_link_describedby_7635\" class=\"screen-reader-text\">\n\t\t\t<\/span>\n<\/li>\n<li class=\"product type-product post-7734 status-publish last instock product_cat-fruits has-post-thumbnail shipping-taxable product-type-simple\">\n\t<a href=\"https:\/\/peitrade.com\/pt-br\/product\/roma\/\" class=\"woocommerce-LoopProduct-link woocommerce-loop-product__link\"><img decoding=\"async\" width=\"300\" height=\"300\" src=\"https:\/\/peitrade.com\/wp-content\/uploads\/2025\/11\/Egyptian-Pomegranate-300x300.webp\" class=\"attachment-woocommerce_thumbnail size-woocommerce_thumbnail\" alt=\"Pomegranates: The Superfruit Appeal\" srcset=\"https:\/\/peitrade.com\/wp-content\/uploads\/2025\/11\/Egyptian-Pomegranate-300x300.webp 300w, https:\/\/peitrade.com\/wp-content\/uploads\/2025\/11\/Egyptian-Pomegranate-150x150.webp 150w, https:\/\/peitrade.com\/wp-content\/uploads\/2025\/11\/Egyptian-Pomegranate-768x768.webp 768w, https:\/\/peitrade.com\/wp-content\/uploads\/2025\/11\/Egyptian-Pomegranate-600x600.webp 600w, https:\/\/peitrade.com\/wp-content\/uploads\/2025\/11\/Egyptian-Pomegranate-100x100.webp 100w, https:\/\/peitrade.com\/wp-content\/uploads\/2025\/11\/Egyptian-Pomegranate.webp 1024w\" sizes=\"(max-width: 300px) 100vw, 300px\" title=\"\"><h2 class=\"woocommerce-loop-product__title\">Rom\u00e3<\/h2>\n<\/a><a href=\"https:\/\/peitrade.com\/pt-br\/product\/roma\/\" aria-describedby=\"woocommerce_loop_add_to_cart_link_describedby_7734\" data-quantity=\"1\" class=\"button product_type_simple\" data-product_id=\"7734\" data-product_sku=\"81090\" aria-label=\"Leia mais sobre &ldquo;Rom\u00e3&rdquo;\" rel=\"nofollow\" data-success_message=\"\">Leia mais<\/a>\t<span id=\"woocommerce_loop_add_to_cart_link_describedby_7734\" class=\"screen-reader-text\">\n\t\t\t<\/span>\n<\/li>\n<\/ul>\n<\/div><\/div>\n<\/div>\n<\/section>\n<section style=\"padding: 50px 20px; background-color: #f9f9f9;\" data-darkreader-inline-bgcolor=\"\">\n<div class=\"container\">\n<h2>Perguntas Frequentes<\/h2>\n<div>\n<h3>Quando \u00e9 a temporada de exporta\u00e7\u00e3o de rom\u00e3s eg\u00edpcias?<\/h3>\n<p>De final de agosto at\u00e9 dezembro, com volumes m\u00e1ximos em setembro, outubro e novembro.<\/p>\n<h3>Voc\u00eas enviam pedidos no atacado?<\/h3>\n<p>Sim, atendemos exporta\u00e7\u00f5es em grande volume para servi\u00e7os aliment\u00edcios, produ\u00e7\u00e3o de sucos e distribui\u00e7\u00e3o no atacado.<\/p>\n<h3>A embalagem pode ser personalizada para cada mercado?<\/h3>\n<p>Sim, oferecemos formatos voltados tanto para varejo quanto para atacado, incluindo ajustes de idioma e marca por destino.<\/p>\n<h3>Para quais mercados voc\u00eas exportam?<\/h3>\n<p>Exportamos para o GCC, Sudeste Asi\u00e1tico e outros destinos personalizados mediante solicita\u00e7\u00e3o.<\/p>\n<\/div>\n<\/div>\n<\/section>\n","protected":false},"excerpt":{"rendered":"<p>Exportadores Confi\u00e1veis de Rom\u00e3s no Egito \u2013 Fornecimento Global pela PEI Trade A PEI Trade est\u00e1 entre os exportadores confi\u00e1veis de rom\u00e3s no Egito, fornecendo a clientes atacadistas e distribuidores internacionais acesso consistente a rom\u00e3s eg\u00edpcias frescas e prontas para exporta\u00e7\u00e3o. Nossa opera\u00e7\u00e3o de fornecimento \u00e9 projetada para escalabilidade em volume, manuseio eficiente e remessas [&hellip;]<\/p>\n","protected":false},"author":1,"featured_media":0,"parent":0,"menu_order":0,"comment_status":"closed","ping_status":"closed","template":"","meta":{"footnotes":""},"class_list":["post-5875","page","type-page","status-publish","hentry"],"blocksy_meta":[],"mb":[],"featured_image_urls_v2":{"full":"","thumbnail":"","medium":"","medium_large":"","large":"","1536x1536":"","2048x2048":"","woocommerce_archive_thumbnail":"","woocommerce_thumbnail":"","woocommerce_single":"","woocommerce_gallery_thumbnail":""},"post_excerpt_stackable_v2":"<p>Exportadores Confi\u00e1veis de Rom\u00e3s no Egito \u2013 Fornecimento Global pela PEI Trade A PEI Trade est\u00e1 entre os exportadores confi\u00e1veis de rom\u00e3s no Egito, fornecendo a clientes atacadistas e distribuidores internacionais acesso consistente a rom\u00e3s eg\u00edpcias frescas e prontas para exporta\u00e7\u00e3o. Nossa opera\u00e7\u00e3o de fornecimento \u00e9 projetada para escalabilidade em volume, manuseio eficiente e remessas programadas ao longo da temporada de exporta\u00e7\u00e3o. Atendemos importadores em toda a Europa, GCC e Sudeste Asi\u00e1tico, apoiando equipes de compras com remessas diretas da fazenda, formatos de embalagem flex\u00edveis e entrega coordenada para atender aos modelos de distribui\u00e7\u00e3o atacadista e varejista. Desde linhas de&hellip;<\/p>\n","category_list_v2":"","author_info_v2":{"name":"Mostafa Sabry","url":"https:\/\/peitrade.com\/pt-br\/author\/emostafaadel_jn8gcqbo\/"},"comments_num_v2":"0 coment\u00e1rio","mfb_rest_fields":["title","blocksy_meta","featured_image_urls_v2","post_excerpt_stackable_v2","category_list_v2","author_info_v2","comments_num_v2"],"_links":{"self":[{"href":"https:\/\/peitrade.com\/pt-br\/wp-json\/wp\/v2\/pages\/5875","targetHints":{"allow":["GET"]}}],"collection":[{"href":"https:\/\/peitrade.com\/pt-br\/wp-json\/wp\/v2\/pages"}],"about":[{"href":"https:\/\/peitrade.com\/pt-br\/wp-json\/wp\/v2\/types\/page"}],"author":[{"embeddable":true,"href":"https:\/\/peitrade.com\/pt-br\/wp-json\/wp\/v2\/users\/1"}],"replies":[{"embeddable":true,"href":"https:\/\/peitrade.com\/pt-br\/wp-json\/wp\/v2\/comments?post=5875"}],"version-history":[{"count":1,"href":"https:\/\/peitrade.com\/pt-br\/wp-json\/wp\/v2\/pages\/5875\/revisions"}],"predecessor-version":[{"id":5876,"href":"https:\/\/peitrade.com\/pt-br\/wp-json\/wp\/v2\/pages\/5875\/revisions\/5876"}],"wp:attachment":[{"href":"https:\/\/peitrade.com\/pt-br\/wp-json\/wp\/v2\/media?parent=5875"}],"curies":[{"name":"wp","href":"https:\/\/api.w.org\/{rel}","templated":true}]}}