{"id":5889,"date":"2025-05-20T13:53:40","date_gmt":"2025-05-20T13:53:40","guid":{"rendered":"http:\/\/46.224.74.15\/exportador-de-laranjas-egipcias\/"},"modified":"2025-11-19T16:46:41","modified_gmt":"2025-11-19T16:46:41","slug":"exportador-de-laranjas-egipcias","status":"publish","type":"page","link":"https:\/\/peitrade.com\/pt-br\/exportador-de-laranjas-egipcias\/","title":{"rendered":"Exportador de Laranjas Eg\u00edpcias Confi\u00e1vel | PEI Trade"},"content":{"rendered":"<section class=\"section\" style=\"padding: 60px 20px; background-color: #f9f9f9;\">\n<div class=\"container\">\n<h1>Exportador confi\u00e1vel de laranjas eg\u00edpcias \u2013 PEI Trade<\/h1>\n<p class=\"\" data-start=\"158\" data-end=\"450\">A PEI Trade fornece laranjas eg\u00edpcias de alta qualidade para mercados globais, com foco em consist\u00eancia, rastreabilidade total e conformidade com os padr\u00f5es de exporta\u00e7\u00e3o. Como um dos principais exportadores de laranja do Egito, atendemos atacadistas, redes de supermercados e distribuidores na Europa, Golfo e \u00c1sia.<\/p>\n<p class=\"\" data-start=\"452\" data-end=\"863\">Trabalhamos em estreita colabora\u00e7\u00e3o com fazendas selecionadas no Egito para fornecer as melhores variedades de laranja, garantindo matura\u00e7\u00e3o ideal, sabor excelente e apelo de mercado. Do manejo agr\u00edcola ao envio internacional, supervisionamos cada etapa da cadeia de suprimento para garantir que as laranjas frescas do Egito cheguem no prazo, embaladas conforme as especifica\u00e7\u00f5es e prontas para venda no varejo ou processamento.<\/p>\n<p class=\"\" data-start=\"865\" data-end=\"1017\">Com a PEI Trade, os compradores se beneficiam de qualidade consistente, log\u00edstica confi\u00e1vel e uma equipe que entende as exig\u00eancias dos mercados internacionais de frutas.<\/p>\n<\/div>\n<\/section>\n<p><!-- WooCommerce Product Block 1 --><\/p>\n<div class=\"wp-block-woocommerce-product-collection\"><div class=\"woocommerce columns-4 \"><ul class=\"products columns-4\" data-products=\"type-2\">\n<li class=\"product type-product post-7437 status-publish first instock product_cat-in-season product_cat-fruits has-post-thumbnail shipping-taxable product-type-simple\">\n\t<a href=\"https:\/\/peitrade.com\/pt-br\/product\/laranjas\/\" class=\"woocommerce-LoopProduct-link woocommerce-loop-product__link\"><img decoding=\"async\" width=\"300\" height=\"300\" src=\"https:\/\/peitrade.com\/wp-content\/uploads\/2025\/11\/Egyptian-Oranges-300x300.webp\" class=\"attachment-woocommerce_thumbnail size-woocommerce_thumbnail\" alt=\"\u0635\u0627\u062f\u0631\u0627\u062a \u0627\u0644\u0628\u0631\u062a\u0642\u0627\u0644 \u0627\u0644\u0645\u0635\u0631\u064a \u0625\u0644\u0649 \u0643\u0646\u062f\u0627 \u062a\u0633\u062c\u0644 \u0631\u0642\u0645\u0627\u064b \u0642\u064a\u0627\u0633\u064a\u0627\u064b \u0641\u064a 2025\" srcset=\"https:\/\/peitrade.com\/wp-content\/uploads\/2025\/11\/Egyptian-Oranges-300x300.webp 300w, https:\/\/peitrade.com\/wp-content\/uploads\/2025\/11\/Egyptian-Oranges-150x150.webp 150w, https:\/\/peitrade.com\/wp-content\/uploads\/2025\/11\/Egyptian-Oranges-768x768.webp 768w, https:\/\/peitrade.com\/wp-content\/uploads\/2025\/11\/Egyptian-Oranges-600x600.webp 600w, https:\/\/peitrade.com\/wp-content\/uploads\/2025\/11\/Egyptian-Oranges-100x100.webp 100w, https:\/\/peitrade.com\/wp-content\/uploads\/2025\/11\/Egyptian-Oranges.webp 1024w\" sizes=\"(max-width: 300px) 100vw, 300px\" title=\"\"><h2 class=\"woocommerce-loop-product__title\">Laranjas<\/h2>\n<\/a><a href=\"https:\/\/peitrade.com\/pt-br\/product\/laranjas\/\" aria-describedby=\"woocommerce_loop_add_to_cart_link_describedby_7437\" data-quantity=\"1\" class=\"button product_type_simple\" data-product_id=\"7437\" data-product_sku=\"80510\" aria-label=\"Leia mais sobre &ldquo;Laranjas&rdquo;\" rel=\"nofollow\" data-success_message=\"\">Leia mais<\/a>\t<span id=\"woocommerce_loop_add_to_cart_link_describedby_7437\" class=\"screen-reader-text\">\n\t\t\t<\/span>\n<\/li>\n<li class=\"product type-product post-7516 status-publish instock product_cat-in-season product_cat-fruits has-post-thumbnail shipping-taxable product-type-simple\">\n\t<a href=\"https:\/\/peitrade.com\/pt-br\/product\/limoes\/\" class=\"woocommerce-LoopProduct-link woocommerce-loop-product__link\"><img decoding=\"async\" width=\"300\" height=\"300\" src=\"https:\/\/peitrade.com\/wp-content\/uploads\/2025\/11\/Egyptian-Lemons-300x300.webp\" class=\"attachment-woocommerce_thumbnail size-woocommerce_thumbnail\" alt=\"Lim\u00f5es\" srcset=\"https:\/\/peitrade.com\/wp-content\/uploads\/2025\/11\/Egyptian-Lemons-300x300.webp 300w, https:\/\/peitrade.com\/wp-content\/uploads\/2025\/11\/Egyptian-Lemons-150x150.webp 150w, https:\/\/peitrade.com\/wp-content\/uploads\/2025\/11\/Egyptian-Lemons-768x768.webp 768w, https:\/\/peitrade.com\/wp-content\/uploads\/2025\/11\/Egyptian-Lemons-600x600.webp 600w, https:\/\/peitrade.com\/wp-content\/uploads\/2025\/11\/Egyptian-Lemons-100x100.webp 100w, https:\/\/peitrade.com\/wp-content\/uploads\/2025\/11\/Egyptian-Lemons.webp 1024w\" sizes=\"(max-width: 300px) 100vw, 300px\" title=\"\"><h2 class=\"woocommerce-loop-product__title\">Lim\u00f5es<\/h2>\n<\/a><a href=\"https:\/\/peitrade.com\/pt-br\/product\/limoes\/\" aria-describedby=\"woocommerce_loop_add_to_cart_link_describedby_7516\" data-quantity=\"1\" class=\"button product_type_simple\" data-product_id=\"7516\" data-product_sku=\"80550\" aria-label=\"Leia mais sobre &ldquo;Lim\u00f5es&rdquo;\" rel=\"nofollow\" data-success_message=\"\">Leia mais<\/a>\t<span id=\"woocommerce_loop_add_to_cart_link_describedby_7516\" class=\"screen-reader-text\">\n\t\t\t<\/span>\n<\/li>\n<li class=\"product type-product post-7635 status-publish instock product_cat-fruits has-post-thumbnail shipping-taxable product-type-simple\">\n\t<a href=\"https:\/\/peitrade.com\/pt-br\/product\/manga\/\" class=\"woocommerce-LoopProduct-link woocommerce-loop-product__link\"><img decoding=\"async\" width=\"300\" height=\"300\" src=\"https:\/\/peitrade.com\/wp-content\/uploads\/2025\/11\/Egyption-Mango-300x300.webp\" class=\"attachment-woocommerce_thumbnail size-woocommerce_thumbnail\" alt=\"Mangoes: Egypt\u2019s Tropical Treasure\" srcset=\"https:\/\/peitrade.com\/wp-content\/uploads\/2025\/11\/Egyption-Mango-300x300.webp 300w, https:\/\/peitrade.com\/wp-content\/uploads\/2025\/11\/Egyption-Mango-150x150.webp 150w, https:\/\/peitrade.com\/wp-content\/uploads\/2025\/11\/Egyption-Mango-768x768.webp 768w, https:\/\/peitrade.com\/wp-content\/uploads\/2025\/11\/Egyption-Mango-600x600.webp 600w, https:\/\/peitrade.com\/wp-content\/uploads\/2025\/11\/Egyption-Mango-100x100.webp 100w, https:\/\/peitrade.com\/wp-content\/uploads\/2025\/11\/Egyption-Mango.webp 1024w\" sizes=\"(max-width: 300px) 100vw, 300px\" title=\"\"><h2 class=\"woocommerce-loop-product__title\">Manga<\/h2>\n<\/a><a href=\"https:\/\/peitrade.com\/pt-br\/product\/manga\/\" aria-describedby=\"woocommerce_loop_add_to_cart_link_describedby_7635\" data-quantity=\"1\" class=\"button product_type_simple\" data-product_id=\"7635\" data-product_sku=\"80450\" aria-label=\"Leia mais sobre &ldquo;Manga&rdquo;\" rel=\"nofollow\" data-success_message=\"\">Leia mais<\/a>\t<span id=\"woocommerce_loop_add_to_cart_link_describedby_7635\" class=\"screen-reader-text\">\n\t\t\t<\/span>\n<\/li>\n<li class=\"product type-product post-7650 status-publish last instock product_cat-fruits has-post-thumbnail shipping-taxable product-type-simple\">\n\t<a href=\"https:\/\/peitrade.com\/pt-br\/product\/morangos\/\" class=\"woocommerce-LoopProduct-link woocommerce-loop-product__link\"><img decoding=\"async\" width=\"300\" height=\"300\" src=\"https:\/\/peitrade.com\/wp-content\/uploads\/2025\/11\/Egyptian-Strawberries-300x300.webp\" class=\"attachment-woocommerce_thumbnail size-woocommerce_thumbnail\" alt=\"Morangos\" srcset=\"https:\/\/peitrade.com\/wp-content\/uploads\/2025\/11\/Egyptian-Strawberries-300x300.webp 300w, https:\/\/peitrade.com\/wp-content\/uploads\/2025\/11\/Egyptian-Strawberries-150x150.webp 150w, https:\/\/peitrade.com\/wp-content\/uploads\/2025\/11\/Egyptian-Strawberries-768x768.webp 768w, https:\/\/peitrade.com\/wp-content\/uploads\/2025\/11\/Egyptian-Strawberries-600x600.webp 600w, https:\/\/peitrade.com\/wp-content\/uploads\/2025\/11\/Egyptian-Strawberries-100x100.webp 100w, https:\/\/peitrade.com\/wp-content\/uploads\/2025\/11\/Egyptian-Strawberries.webp 1024w\" sizes=\"(max-width: 300px) 100vw, 300px\" title=\"\"><h2 class=\"woocommerce-loop-product__title\">Morangos<\/h2>\n<\/a><a href=\"https:\/\/peitrade.com\/pt-br\/product\/morangos\/\" aria-describedby=\"woocommerce_loop_add_to_cart_link_describedby_7650\" data-quantity=\"1\" class=\"button product_type_simple\" data-product_id=\"7650\" data-product_sku=\"81010\" aria-label=\"Leia mais sobre &ldquo;Morangos&rdquo;\" rel=\"nofollow\" data-success_message=\"\">Leia mais<\/a>\t<span id=\"woocommerce_loop_add_to_cart_link_describedby_7650\" class=\"screen-reader-text\">\n\t\t\t<\/span>\n<\/li>\n<\/ul>\n<\/div><\/div>\n<p><!-- Section: Why Choose PEI Trade --><\/p>\n<section class=\"section\" style=\"padding: 50px 20px;\">\n<div class=\"container\">\n<h2>Por que escolher a PEI Trade como seu exportador de laranja eg\u00edpcia?<\/h2>\n<p>A PEI Trade se destaca entre os exportadores de laranja do Egito com seu rigoroso controle de qualidade, dom\u00ednio log\u00edstico e servi\u00e7o personalizado. N\u00e3o fornecemos apenas frutas \u2014 oferecemos confiabilidade, seguran\u00e7a e efici\u00eancia na cadeia de suprimento.<\/p>\n<ul>\n<li>Qualidade consistente com laranjas doces e frescas<\/li>\n<li>Rastreamento completo da fazenda at\u00e9 o porto<\/li>\n<li>Embalagens personalizadas para atacado e varejo<\/li>\n<li>Conformidade total com padr\u00f5es globais e entrega pontual<\/li>\n<\/ul>\n<h2>Compromisso da PEI Trade com a excel\u00eancia e o crescimento<\/h2>\n<p>Embora a PEI Trade seja nova no setor de exporta\u00e7\u00e3o de laranjas eg\u00edpcias, somos movidos pela paix\u00e3o pela qualidade e dedica\u00e7\u00e3o em atender nossos clientes. Com uma nova lideran\u00e7a e uma equipe din\u00e2mica, estamos prontos para redefinir como as laranjas eg\u00edpcias chegam aos mercados internacionais.<\/p>\n<p>Nossa abordagem combina inova\u00e7\u00e3o, aten\u00e7\u00e3o aos detalhes e foco no cliente. Ao focar nas melhores variedades de laranja do Egito, nos dedicamos a construir parcerias duradouras com atacadistas, varejistas e distribuidores de alimentos. Nossa equipe se compromete a:<\/p>\n<ul>\n<li>Fornecer as melhores laranjas de fazendas eg\u00edpcias selecionadas, garantindo qualidade premium em cada lote<\/li>\n<li>Utilizar t\u00e9cnicas avan\u00e7adas de transporte para manter a frescura dos produtos<\/li>\n<li>Garantir conformidade com os padr\u00f5es internacionais para facilitar a exporta\u00e7\u00e3o global<\/li>\n<\/ul>\n<p>Embora sejamos novos no mercado de exporta\u00e7\u00e3o, nossa vis\u00e3o de crescimento \u00e9 clara: construir uma reputa\u00e7\u00e3o baseada em entregas confi\u00e1veis, produtos superiores e parcerias duradouras. Orgulhamo-nos de ter a motiva\u00e7\u00e3o, flexibilidade e compromisso necess\u00e1rios para atender \u00e0s necessidades dos compradores na Europa, no Golfo e na \u00c1sia.<\/p>\n<p>Na PEI Trade, estamos determinados a elevar o padr\u00e3o como exportadores confi\u00e1veis de laranja eg\u00edpcia.<\/p>\n<h2>Principais variedades de laranja eg\u00edpcia que exportamos<\/h2>\n<p>Nossa linha de produtos inclui variedades populares de laranja eg\u00edpcia, cultivadas nas melhores condi\u00e7\u00f5es e colhidas no momento ideal para garantir sabor, textura e frescor.<\/p>\n<ul>\n<li><strong>Laranja Valencia:<\/strong> sabor equilibrado e suculenta \u2014 ideal para suco, varejo e processamento industrial.<\/li>\n<li><strong>Laranja Navel:<\/strong> sem sementes e f\u00e1cil de descascar \u2014 altamente preferida em mercados europeus e do Golfo.<\/li>\n<li><strong>Laranja de Ver\u00e3o:<\/strong> dispon\u00edvel no final da temporada \u2014 ideal para prolongar o per\u00edodo de exporta\u00e7\u00e3o.<\/li>\n<\/ul>\n<p>Cada lote passa por triagem rigorosa e \u00e9 mantido em cadeia refrigerada para garantir qualidade conforme os padr\u00f5es dos compradores internacionais.<\/p>\n<\/div>\n<\/section>\n<p><!-- Related Products Section --><\/p>\n<section class=\"section\" style=\"padding: 50px 20px;\">\n<div class=\"container\">\n<h2>Outros produtos agr\u00edcolas frescos do Egito<\/h2>\n<p>Explore mais produtos agr\u00edcolas de alta qualidade do Egito, cultivados especialmente para mercados de exporta\u00e7\u00e3o:<\/p>\n<div class=\"wp-block-woocommerce-product-collection\"><div class=\"woocommerce columns-4 \"><ul class=\"products columns-4\" data-products=\"type-2\">\n<li class=\"product type-product post-7567 status-publish first instock product_cat-in-season product_cat-fruits has-post-thumbnail shipping-taxable product-type-simple\">\n\t<a href=\"https:\/\/peitrade.com\/pt-br\/product\/goiaba\/\" class=\"woocommerce-LoopProduct-link woocommerce-loop-product__link\"><img decoding=\"async\" width=\"300\" height=\"300\" src=\"https:\/\/peitrade.com\/wp-content\/uploads\/2025\/11\/Egyptian-Guava-300x300.webp\" class=\"attachment-woocommerce_thumbnail size-woocommerce_thumbnail\" alt=\"Egyptian Guava\" srcset=\"https:\/\/peitrade.com\/wp-content\/uploads\/2025\/11\/Egyptian-Guava-300x300.webp 300w, https:\/\/peitrade.com\/wp-content\/uploads\/2025\/11\/Egyptian-Guava-150x150.webp 150w, https:\/\/peitrade.com\/wp-content\/uploads\/2025\/11\/Egyptian-Guava-768x768.webp 768w, https:\/\/peitrade.com\/wp-content\/uploads\/2025\/11\/Egyptian-Guava-600x600.webp 600w, https:\/\/peitrade.com\/wp-content\/uploads\/2025\/11\/Egyptian-Guava-100x100.webp 100w, https:\/\/peitrade.com\/wp-content\/uploads\/2025\/11\/Egyptian-Guava.webp 1024w\" sizes=\"(max-width: 300px) 100vw, 300px\" title=\"\"><h2 class=\"woocommerce-loop-product__title\">Goiaba<\/h2>\n<\/a><a href=\"https:\/\/peitrade.com\/pt-br\/product\/goiaba\/\" aria-describedby=\"woocommerce_loop_add_to_cart_link_describedby_7567\" data-quantity=\"1\" class=\"button product_type_simple\" data-product_id=\"7567\" data-product_sku=\"80451\" aria-label=\"Leia mais sobre &ldquo;Goiaba&rdquo;\" rel=\"nofollow\" data-success_message=\"\">Leia mais<\/a>\t<span id=\"woocommerce_loop_add_to_cart_link_describedby_7567\" class=\"screen-reader-text\">\n\t\t\t<\/span>\n<\/li>\n<li class=\"product type-product post-7635 status-publish instock product_cat-fruits has-post-thumbnail shipping-taxable product-type-simple\">\n\t<a href=\"https:\/\/peitrade.com\/pt-br\/product\/manga\/\" class=\"woocommerce-LoopProduct-link woocommerce-loop-product__link\"><img decoding=\"async\" width=\"300\" height=\"300\" src=\"https:\/\/peitrade.com\/wp-content\/uploads\/2025\/11\/Egyption-Mango-300x300.webp\" class=\"attachment-woocommerce_thumbnail size-woocommerce_thumbnail\" alt=\"Mangoes: Egypt\u2019s Tropical Treasure\" srcset=\"https:\/\/peitrade.com\/wp-content\/uploads\/2025\/11\/Egyption-Mango-300x300.webp 300w, https:\/\/peitrade.com\/wp-content\/uploads\/2025\/11\/Egyption-Mango-150x150.webp 150w, https:\/\/peitrade.com\/wp-content\/uploads\/2025\/11\/Egyption-Mango-768x768.webp 768w, https:\/\/peitrade.com\/wp-content\/uploads\/2025\/11\/Egyption-Mango-600x600.webp 600w, https:\/\/peitrade.com\/wp-content\/uploads\/2025\/11\/Egyption-Mango-100x100.webp 100w, https:\/\/peitrade.com\/wp-content\/uploads\/2025\/11\/Egyption-Mango.webp 1024w\" sizes=\"(max-width: 300px) 100vw, 300px\" title=\"\"><h2 class=\"woocommerce-loop-product__title\">Manga<\/h2>\n<\/a><a href=\"https:\/\/peitrade.com\/pt-br\/product\/manga\/\" aria-describedby=\"woocommerce_loop_add_to_cart_link_describedby_7635\" data-quantity=\"1\" class=\"button product_type_simple\" data-product_id=\"7635\" data-product_sku=\"80450\" aria-label=\"Leia mais sobre &ldquo;Manga&rdquo;\" rel=\"nofollow\" data-success_message=\"\">Leia mais<\/a>\t<span id=\"woocommerce_loop_add_to_cart_link_describedby_7635\" class=\"screen-reader-text\">\n\t\t\t<\/span>\n<\/li>\n<li class=\"product type-product post-7734 status-publish instock product_cat-fruits has-post-thumbnail shipping-taxable product-type-simple\">\n\t<a href=\"https:\/\/peitrade.com\/pt-br\/product\/roma\/\" class=\"woocommerce-LoopProduct-link woocommerce-loop-product__link\"><img decoding=\"async\" width=\"300\" height=\"300\" src=\"https:\/\/peitrade.com\/wp-content\/uploads\/2025\/11\/Egyptian-Pomegranate-300x300.webp\" class=\"attachment-woocommerce_thumbnail size-woocommerce_thumbnail\" alt=\"Pomegranates: The Superfruit Appeal\" srcset=\"https:\/\/peitrade.com\/wp-content\/uploads\/2025\/11\/Egyptian-Pomegranate-300x300.webp 300w, https:\/\/peitrade.com\/wp-content\/uploads\/2025\/11\/Egyptian-Pomegranate-150x150.webp 150w, https:\/\/peitrade.com\/wp-content\/uploads\/2025\/11\/Egyptian-Pomegranate-768x768.webp 768w, https:\/\/peitrade.com\/wp-content\/uploads\/2025\/11\/Egyptian-Pomegranate-600x600.webp 600w, https:\/\/peitrade.com\/wp-content\/uploads\/2025\/11\/Egyptian-Pomegranate-100x100.webp 100w, https:\/\/peitrade.com\/wp-content\/uploads\/2025\/11\/Egyptian-Pomegranate.webp 1024w\" sizes=\"(max-width: 300px) 100vw, 300px\" title=\"\"><h2 class=\"woocommerce-loop-product__title\">Rom\u00e3<\/h2>\n<\/a><a href=\"https:\/\/peitrade.com\/pt-br\/product\/roma\/\" aria-describedby=\"woocommerce_loop_add_to_cart_link_describedby_7734\" data-quantity=\"1\" class=\"button product_type_simple\" data-product_id=\"7734\" data-product_sku=\"81090\" aria-label=\"Leia mais sobre &ldquo;Rom\u00e3&rdquo;\" rel=\"nofollow\" data-success_message=\"\">Leia mais<\/a>\t<span id=\"woocommerce_loop_add_to_cart_link_describedby_7734\" class=\"screen-reader-text\">\n\t\t\t<\/span>\n<\/li>\n<li class=\"product type-product post-7561 status-publish last instock product_cat-fruits has-post-thumbnail shipping-taxable product-type-simple\">\n\t<a href=\"https:\/\/peitrade.com\/pt-br\/product\/uvas\/\" class=\"woocommerce-LoopProduct-link woocommerce-loop-product__link\"><img decoding=\"async\" width=\"300\" height=\"300\" src=\"https:\/\/peitrade.com\/wp-content\/uploads\/2025\/11\/Egyptian-Grapes-300x300.webp\" class=\"attachment-woocommerce_thumbnail size-woocommerce_thumbnail\" alt=\"Grapes: A Rising Star\" srcset=\"https:\/\/peitrade.com\/wp-content\/uploads\/2025\/11\/Egyptian-Grapes-300x300.webp 300w, https:\/\/peitrade.com\/wp-content\/uploads\/2025\/11\/Egyptian-Grapes-150x150.webp 150w, https:\/\/peitrade.com\/wp-content\/uploads\/2025\/11\/Egyptian-Grapes-768x768.webp 768w, https:\/\/peitrade.com\/wp-content\/uploads\/2025\/11\/Egyptian-Grapes-600x600.webp 600w, https:\/\/peitrade.com\/wp-content\/uploads\/2025\/11\/Egyptian-Grapes-100x100.webp 100w, https:\/\/peitrade.com\/wp-content\/uploads\/2025\/11\/Egyptian-Grapes.webp 1024w\" sizes=\"(max-width: 300px) 100vw, 300px\" title=\"\"><h2 class=\"woocommerce-loop-product__title\">Uvas<\/h2>\n<\/a><a href=\"https:\/\/peitrade.com\/pt-br\/product\/uvas\/\" aria-describedby=\"woocommerce_loop_add_to_cart_link_describedby_7561\" data-quantity=\"1\" class=\"button product_type_simple\" data-product_id=\"7561\" data-product_sku=\"80610\" aria-label=\"Leia mais sobre &ldquo;Uvas&rdquo;\" rel=\"nofollow\" data-success_message=\"\">Leia mais<\/a>\t<span id=\"woocommerce_loop_add_to_cart_link_describedby_7561\" class=\"screen-reader-text\">\n\t\t\t<\/span>\n<\/li>\n<\/ul>\n<\/div><\/div>\n<\/div>\n<\/section>\n<p><!-- Section: Season & Export Info --><\/p>\n<section class=\"section\" style=\"padding: 50px 20px; background-color: #f0f0f0;\">\n<div class=\"container\">\n<h2>Temporada de laranja eg\u00edpcia e disponibilidade global<\/h2>\n<p>A temporada da laranja eg\u00edpcia vai de dezembro a maio, com embarques antecipados e tardios cobrindo uma ampla variedade de tipos para garantir disponibilidade cont\u00ednua. A PEI Trade alinha os envios com o pico de colheita para preservar frescor e garantir pre\u00e7os competitivos.<\/p>\n<h2>Embalagens prontas para exporta\u00e7\u00e3o e alcance global<\/h2>\n<p>A PEI Trade oferece solu\u00e7\u00f5es de embalagem personalizadas, desde caixas prontas para varejo at\u00e9 op\u00e7\u00f5es em grande escala. Todos os envios incluem documenta\u00e7\u00e3o completa, transporte refrigerado e conformidade com os regulamentos para mercados na Europa, Golfo e \u00c1sia.<\/p>\n<p style=\"text-align: center; margin-top: 40px;\"><a class=\"button primary large\" href=\"\/contact\">Solicitar agora<\/a><\/p>\n<\/div>\n<\/section>\n<p><!-- FAQs Section --><\/p>\n<section class=\"section\" style=\"padding: 50px 20px; background-color: #f9f9f9;\">\n<div class=\"container\">\n<h2>Perguntas Frequentes<\/h2>\n<div>\n<div>\n<h3>Quando come\u00e7a a temporada da laranja eg\u00edpcia?<\/h3>\n<div>A <strong>temporada da laranja eg\u00edpcia<\/strong> normalmente come\u00e7a em dezembro e vai at\u00e9 maio. Programamos nossos envios de acordo com o pico da colheita para garantir frescor e disponibilidade ideal.<\/div>\n<\/div>\n<div>\n<h3>Quais variedades de laranja a PEI Trade exporta?<\/h3>\n<div>Exportamos <strong>Valencia<\/strong>, <strong>Navel<\/strong>, <strong>de Ver\u00e3o<\/strong> e outras variedades de <strong>laranja eg\u00edpcia<\/strong> dependendo da demanda do mercado e da temporada.<\/div>\n<\/div>\n<div>\n<h3>Voc\u00eas oferecem embalagens personalizadas?<\/h3>\n<div>Sim, fornecemos embalagens para varejo e atacado, adaptadas \u00e0s exig\u00eancias do mercado-alvo, incluindo peso l\u00edquido e design de r\u00f3tulos personalizados.<\/div>\n<\/div>\n<div>\n<h3>Como voc\u00eas garantem a frescura das laranjas durante a exporta\u00e7\u00e3o?<\/h3>\n<div>Utilizamos uma cadeia de frio completa desde a fazenda at\u00e9 o porto, incluindo pr\u00e9-resfriamento, cont\u00eaineres refrigerados e monitoramento de temperatura durante todo o transporte.<\/div>\n<\/div>\n<div>\n<h3>Para quais pa\u00edses voc\u00eas exportam?<\/h3>\n<div>A PEI Trade exporta para a Europa, pa\u00edses do Golfo, sudoeste da \u00c1sia e norte da \u00c1frica. Tamb\u00e9m estamos abertos a novas parcerias em outros mercados.<\/div>\n<\/div>\n<\/div>\n<\/div>\n<\/section>\n","protected":false},"excerpt":{"rendered":"<p>Exportador confi\u00e1vel de laranjas eg\u00edpcias \u2013 PEI Trade A PEI Trade fornece laranjas eg\u00edpcias de alta qualidade para mercados globais, com foco em consist\u00eancia, rastreabilidade total e conformidade com os padr\u00f5es de exporta\u00e7\u00e3o. Como um dos principais exportadores de laranja do Egito, atendemos atacadistas, redes de supermercados e distribuidores na Europa, Golfo e \u00c1sia. Trabalhamos [&hellip;]<\/p>\n","protected":false},"author":1,"featured_media":0,"parent":0,"menu_order":0,"comment_status":"closed","ping_status":"closed","template":"","meta":{"footnotes":""},"class_list":["post-5889","page","type-page","status-publish","hentry"],"blocksy_meta":[],"mb":[],"featured_image_urls_v2":{"full":"","thumbnail":"","medium":"","medium_large":"","large":"","1536x1536":"","2048x2048":"","woocommerce_archive_thumbnail":"","woocommerce_thumbnail":"","woocommerce_single":"","woocommerce_gallery_thumbnail":""},"post_excerpt_stackable_v2":"<p>Exportador confi\u00e1vel de laranjas eg\u00edpcias \u2013 PEI Trade A PEI Trade fornece laranjas eg\u00edpcias de alta qualidade para mercados globais, com foco em consist\u00eancia, rastreabilidade total e conformidade com os padr\u00f5es de exporta\u00e7\u00e3o. Como um dos principais exportadores de laranja do Egito, atendemos atacadistas, redes de supermercados e distribuidores na Europa, Golfo e \u00c1sia. Trabalhamos em estreita colabora\u00e7\u00e3o com fazendas selecionadas no Egito para fornecer as melhores variedades de laranja, garantindo matura\u00e7\u00e3o ideal, sabor excelente e apelo de mercado. Do manejo agr\u00edcola ao envio internacional, supervisionamos cada etapa da cadeia de suprimento para garantir que as laranjas frescas do Egito&hellip;<\/p>\n","category_list_v2":"","author_info_v2":{"name":"Mostafa Sabry","url":"https:\/\/peitrade.com\/pt-br\/author\/emostafaadel_jn8gcqbo\/"},"comments_num_v2":"0 coment\u00e1rio","mfb_rest_fields":["title","blocksy_meta","featured_image_urls_v2","post_excerpt_stackable_v2","category_list_v2","author_info_v2","comments_num_v2"],"_links":{"self":[{"href":"https:\/\/peitrade.com\/pt-br\/wp-json\/wp\/v2\/pages\/5889","targetHints":{"allow":["GET"]}}],"collection":[{"href":"https:\/\/peitrade.com\/pt-br\/wp-json\/wp\/v2\/pages"}],"about":[{"href":"https:\/\/peitrade.com\/pt-br\/wp-json\/wp\/v2\/types\/page"}],"author":[{"embeddable":true,"href":"https:\/\/peitrade.com\/pt-br\/wp-json\/wp\/v2\/users\/1"}],"replies":[{"embeddable":true,"href":"https:\/\/peitrade.com\/pt-br\/wp-json\/wp\/v2\/comments?post=5889"}],"version-history":[{"count":1,"href":"https:\/\/peitrade.com\/pt-br\/wp-json\/wp\/v2\/pages\/5889\/revisions"}],"predecessor-version":[{"id":5890,"href":"https:\/\/peitrade.com\/pt-br\/wp-json\/wp\/v2\/pages\/5889\/revisions\/5890"}],"wp:attachment":[{"href":"https:\/\/peitrade.com\/pt-br\/wp-json\/wp\/v2\/media?parent=5889"}],"curies":[{"name":"wp","href":"https:\/\/api.w.org\/{rel}","templated":true}]}}