{"id":5899,"date":"2025-05-20T13:34:00","date_gmt":"2025-05-20T13:34:00","guid":{"rendered":"http:\/\/46.224.74.15\/laranjas-organicas-egipcias\/"},"modified":"2025-11-19T16:46:46","modified_gmt":"2025-11-19T16:46:46","slug":"laranjas-organicas-egipcias","status":"publish","type":"page","link":"https:\/\/peitrade.com\/pt-br\/laranjas-organicas-egipcias\/","title":{"rendered":"Laranjas Org\u00e2nicas Eg\u00edpcias | PEI Trade Exporta\u00e7\u00e3o"},"content":{"rendered":"<section class=\"section\" style=\"padding: 60px 20px; background-color: #f9f9f9;\">\n<div class=\"container\">\n<h1>Laranjas Org\u00e2nicas Premium do Egito para Exporta\u00e7\u00e3o &#8211; PEI Trade<\/h1>\n<p class=\"\" data-start=\"158\" data-end=\"450\">A PEI Trade entrega laranjas org\u00e2nicas premium do Egito para mercados globais com foco em certifica\u00e7\u00e3o, rastreabilidade e pr\u00e1ticas agr\u00edcolas sustent\u00e1veis. Como uma das principais empresas exportadoras de laranja no Egito, atendemos atacadistas, redes de supermercados e processadores de alimentos na Europa, no Golfo e na \u00c1sia.<\/p>\n<p class=\"\" data-start=\"452\" data-end=\"863\">Nossa equipe trabalha em estreita colabora\u00e7\u00e3o com fazendas org\u00e2nicas selecionadas no f\u00e9rtil Delta do Nilo para obter as melhores laranjas eg\u00edpcias, garantindo matura\u00e7\u00e3o ideal, sabor excepcional e alto valor nutricional. Desde o manejo do pomar at\u00e9 o envio internacional, supervisionamos cada etapa da cadeia de fornecimento org\u00e2nico. Isso nos permite fornecer um fluxo constante de laranjas frescas do Egito, entregues no prazo, embaladas sob medida e prontas para varejo ou processamento.<\/p>\n<p class=\"\" data-start=\"865\" data-end=\"1017\">Com a PEI Trade, os compradores se beneficiam de qualidade org\u00e2nica consistente, log\u00edstica confi\u00e1vel de cadeia fria e uma equipe que compreende os requisitos premium dos mercados internacionais de frutas org\u00e2nicas.<\/p>\n<\/div>\n<\/section>\n<p><!-- WooCommerce Product Block 1 --><\/p>\n<div class=\"wp-block-woocommerce-product-collection\"><div class=\"woocommerce columns-4 \"><ul class=\"products columns-4\" data-products=\"type-2\">\n<li class=\"product type-product post-7437 status-publish first instock product_cat-in-season product_cat-fruits has-post-thumbnail shipping-taxable product-type-simple\">\n\t<a href=\"https:\/\/peitrade.com\/pt-br\/product\/laranjas\/\" class=\"woocommerce-LoopProduct-link woocommerce-loop-product__link\"><img decoding=\"async\" width=\"300\" height=\"300\" src=\"https:\/\/peitrade.com\/wp-content\/uploads\/2025\/11\/Egyptian-Oranges-300x300.webp\" class=\"attachment-woocommerce_thumbnail size-woocommerce_thumbnail\" alt=\"\u0635\u0627\u062f\u0631\u0627\u062a \u0627\u0644\u0628\u0631\u062a\u0642\u0627\u0644 \u0627\u0644\u0645\u0635\u0631\u064a \u0625\u0644\u0649 \u0643\u0646\u062f\u0627 \u062a\u0633\u062c\u0644 \u0631\u0642\u0645\u0627\u064b \u0642\u064a\u0627\u0633\u064a\u0627\u064b \u0641\u064a 2025\" srcset=\"https:\/\/peitrade.com\/wp-content\/uploads\/2025\/11\/Egyptian-Oranges-300x300.webp 300w, https:\/\/peitrade.com\/wp-content\/uploads\/2025\/11\/Egyptian-Oranges-150x150.webp 150w, https:\/\/peitrade.com\/wp-content\/uploads\/2025\/11\/Egyptian-Oranges-768x768.webp 768w, https:\/\/peitrade.com\/wp-content\/uploads\/2025\/11\/Egyptian-Oranges-600x600.webp 600w, https:\/\/peitrade.com\/wp-content\/uploads\/2025\/11\/Egyptian-Oranges-100x100.webp 100w, https:\/\/peitrade.com\/wp-content\/uploads\/2025\/11\/Egyptian-Oranges.webp 1024w\" sizes=\"(max-width: 300px) 100vw, 300px\" title=\"\"><h2 class=\"woocommerce-loop-product__title\">Laranjas<\/h2>\n<\/a><a href=\"https:\/\/peitrade.com\/pt-br\/product\/laranjas\/\" aria-describedby=\"woocommerce_loop_add_to_cart_link_describedby_7437\" data-quantity=\"1\" class=\"button product_type_simple\" data-product_id=\"7437\" data-product_sku=\"80510\" aria-label=\"Leia mais sobre &ldquo;Laranjas&rdquo;\" rel=\"nofollow\" data-success_message=\"\">Leia mais<\/a>\t<span id=\"woocommerce_loop_add_to_cart_link_describedby_7437\" class=\"screen-reader-text\">\n\t\t\t<\/span>\n<\/li>\n<li class=\"product type-product post-7516 status-publish instock product_cat-in-season product_cat-fruits has-post-thumbnail shipping-taxable product-type-simple\">\n\t<a href=\"https:\/\/peitrade.com\/pt-br\/product\/limoes\/\" class=\"woocommerce-LoopProduct-link woocommerce-loop-product__link\"><img decoding=\"async\" width=\"300\" height=\"300\" src=\"https:\/\/peitrade.com\/wp-content\/uploads\/2025\/11\/Egyptian-Lemons-300x300.webp\" class=\"attachment-woocommerce_thumbnail size-woocommerce_thumbnail\" alt=\"Lim\u00f5es\" srcset=\"https:\/\/peitrade.com\/wp-content\/uploads\/2025\/11\/Egyptian-Lemons-300x300.webp 300w, https:\/\/peitrade.com\/wp-content\/uploads\/2025\/11\/Egyptian-Lemons-150x150.webp 150w, https:\/\/peitrade.com\/wp-content\/uploads\/2025\/11\/Egyptian-Lemons-768x768.webp 768w, https:\/\/peitrade.com\/wp-content\/uploads\/2025\/11\/Egyptian-Lemons-600x600.webp 600w, https:\/\/peitrade.com\/wp-content\/uploads\/2025\/11\/Egyptian-Lemons-100x100.webp 100w, https:\/\/peitrade.com\/wp-content\/uploads\/2025\/11\/Egyptian-Lemons.webp 1024w\" sizes=\"(max-width: 300px) 100vw, 300px\" title=\"\"><h2 class=\"woocommerce-loop-product__title\">Lim\u00f5es<\/h2>\n<\/a><a href=\"https:\/\/peitrade.com\/pt-br\/product\/limoes\/\" aria-describedby=\"woocommerce_loop_add_to_cart_link_describedby_7516\" data-quantity=\"1\" class=\"button product_type_simple\" data-product_id=\"7516\" data-product_sku=\"80550\" aria-label=\"Leia mais sobre &ldquo;Lim\u00f5es&rdquo;\" rel=\"nofollow\" data-success_message=\"\">Leia mais<\/a>\t<span id=\"woocommerce_loop_add_to_cart_link_describedby_7516\" class=\"screen-reader-text\">\n\t\t\t<\/span>\n<\/li>\n<li class=\"product type-product post-7635 status-publish instock product_cat-fruits has-post-thumbnail shipping-taxable product-type-simple\">\n\t<a href=\"https:\/\/peitrade.com\/pt-br\/product\/manga\/\" class=\"woocommerce-LoopProduct-link woocommerce-loop-product__link\"><img decoding=\"async\" width=\"300\" height=\"300\" src=\"https:\/\/peitrade.com\/wp-content\/uploads\/2025\/11\/Egyption-Mango-300x300.webp\" class=\"attachment-woocommerce_thumbnail size-woocommerce_thumbnail\" alt=\"Mangoes: Egypt\u2019s Tropical Treasure\" srcset=\"https:\/\/peitrade.com\/wp-content\/uploads\/2025\/11\/Egyption-Mango-300x300.webp 300w, https:\/\/peitrade.com\/wp-content\/uploads\/2025\/11\/Egyption-Mango-150x150.webp 150w, https:\/\/peitrade.com\/wp-content\/uploads\/2025\/11\/Egyption-Mango-768x768.webp 768w, https:\/\/peitrade.com\/wp-content\/uploads\/2025\/11\/Egyption-Mango-600x600.webp 600w, https:\/\/peitrade.com\/wp-content\/uploads\/2025\/11\/Egyption-Mango-100x100.webp 100w, https:\/\/peitrade.com\/wp-content\/uploads\/2025\/11\/Egyption-Mango.webp 1024w\" sizes=\"(max-width: 300px) 100vw, 300px\" title=\"\"><h2 class=\"woocommerce-loop-product__title\">Manga<\/h2>\n<\/a><a href=\"https:\/\/peitrade.com\/pt-br\/product\/manga\/\" aria-describedby=\"woocommerce_loop_add_to_cart_link_describedby_7635\" data-quantity=\"1\" class=\"button product_type_simple\" data-product_id=\"7635\" data-product_sku=\"80450\" aria-label=\"Leia mais sobre &ldquo;Manga&rdquo;\" rel=\"nofollow\" data-success_message=\"\">Leia mais<\/a>\t<span id=\"woocommerce_loop_add_to_cart_link_describedby_7635\" class=\"screen-reader-text\">\n\t\t\t<\/span>\n<\/li>\n<li class=\"product type-product post-7650 status-publish last instock product_cat-fruits has-post-thumbnail shipping-taxable product-type-simple\">\n\t<a href=\"https:\/\/peitrade.com\/pt-br\/product\/morangos\/\" class=\"woocommerce-LoopProduct-link woocommerce-loop-product__link\"><img decoding=\"async\" width=\"300\" height=\"300\" src=\"https:\/\/peitrade.com\/wp-content\/uploads\/2025\/11\/Egyptian-Strawberries-300x300.webp\" class=\"attachment-woocommerce_thumbnail size-woocommerce_thumbnail\" alt=\"Morangos\" srcset=\"https:\/\/peitrade.com\/wp-content\/uploads\/2025\/11\/Egyptian-Strawberries-300x300.webp 300w, https:\/\/peitrade.com\/wp-content\/uploads\/2025\/11\/Egyptian-Strawberries-150x150.webp 150w, https:\/\/peitrade.com\/wp-content\/uploads\/2025\/11\/Egyptian-Strawberries-768x768.webp 768w, https:\/\/peitrade.com\/wp-content\/uploads\/2025\/11\/Egyptian-Strawberries-600x600.webp 600w, https:\/\/peitrade.com\/wp-content\/uploads\/2025\/11\/Egyptian-Strawberries-100x100.webp 100w, https:\/\/peitrade.com\/wp-content\/uploads\/2025\/11\/Egyptian-Strawberries.webp 1024w\" sizes=\"(max-width: 300px) 100vw, 300px\" title=\"\"><h2 class=\"woocommerce-loop-product__title\">Morangos<\/h2>\n<\/a><a href=\"https:\/\/peitrade.com\/pt-br\/product\/morangos\/\" aria-describedby=\"woocommerce_loop_add_to_cart_link_describedby_7650\" data-quantity=\"1\" class=\"button product_type_simple\" data-product_id=\"7650\" data-product_sku=\"81010\" aria-label=\"Leia mais sobre &ldquo;Morangos&rdquo;\" rel=\"nofollow\" data-success_message=\"\">Leia mais<\/a>\t<span id=\"woocommerce_loop_add_to_cart_link_describedby_7650\" class=\"screen-reader-text\">\n\t\t\t<\/span>\n<\/li>\n<\/ul>\n<\/div><\/div>\n<p><!-- Section: Why Choose PEI Trade --><\/p>\n<section class=\"section\" style=\"padding: 50px 20px;\">\n<div class=\"container\">\n<h2>Por Que Escolher a PEI Trade como Sua Parceira na Exporta\u00e7\u00e3o de Laranjas Org\u00e2nicas<\/h2>\n<p>A PEI Trade se destaca entre os fornecedores de laranja do Egito por nossa rigorosa certifica\u00e7\u00e3o org\u00e2nica, controle completo da cadeia fria e compromisso com a sustentabilidade. Como sua parceira de exporta\u00e7\u00e3o, oferecemos mais do que frutas. Entregamos confiabilidade, integridade org\u00e2nica e transpar\u00eancia na cadeia de suprimentos.<\/p>\n<ul>\n<li>Laranjas org\u00e2nicas certificadas pela UE e USDA com sabor excepcional<\/li>\n<li>Rastreabilidade completa desde o pomar org\u00e2nico at\u00e9 o porto<\/li>\n<li>Embalagens personalizadas para varejo e atacado org\u00e2nico<\/li>\n<li>Conformidade com exporta\u00e7\u00e3o e entrega global pontual<\/li>\n<\/ul>\n<h2>Compromisso da PEI Trade com a Excel\u00eancia Org\u00e2nica<\/h2>\n<p>Como exportadora de laranjas eg\u00edpcias j\u00e1 consolidada, somos movidos por uma paix\u00e3o pela qualidade org\u00e2nica e um compromisso firme com os mercados globais focados em sa\u00fade. Com lideran\u00e7a experiente e uma equipe dedicada, continuamos a redefinir como as laranjas org\u00e2nicas eg\u00edpcias chegam aos consumidores em todo o mundo.<\/p>\n<p>Nossa abordagem combina agricultura sustent\u00e1vel, controle de qualidade rigoroso e foco no cliente. Ao focar em variedades premium de laranjas org\u00e2nicas eg\u00edpcias, estamos comprometidos em construir rela\u00e7\u00f5es duradouras com atacadistas, varejistas e distribuidores de alimentos. Nossa equipe se dedica a:<\/p>\n<ul>\n<li>Selecionar as melhores laranjas org\u00e2nicas das melhores fazendas do Egito, garantindo qualidade superior em cada remessa<\/li>\n<li>Implementar log\u00edstica especializada de cadeia fria para manter a integridade do produto<\/li>\n<li>Garantir total conformidade com os padr\u00f5es internacionais de org\u00e2nicos para facilitar os embarques globais<\/li>\n<\/ul>\n<p>Nossa vis\u00e3o de crescimento \u00e9 clara: construir uma reputa\u00e7\u00e3o de entrega confi\u00e1vel, produtos org\u00e2nicos premium e parcerias de longo prazo. Temos orgulho da nossa expertise, flexibilidade e dedica\u00e7\u00e3o para atender \u00e0s diversas necessidades dos compradores de produtos org\u00e2nicos na Europa, no Golfo e na \u00c1sia.<\/p>\n<p>Na PEI Trade, estabelecemos um padr\u00e3o elevado como seu exportador confi\u00e1vel de laranjas org\u00e2nicas eg\u00edpcias.<\/p>\n<h2>Variedades Excepcionais de Laranjas Org\u00e2nicas que Exportamos<\/h2>\n<p>Nosso portf\u00f3lio inclui variedades populares de laranjas org\u00e2nicas eg\u00edpcias cultivadas sob condi\u00e7\u00f5es ideais e colhidas no ponto m\u00e1ximo de matura\u00e7\u00e3o para preservar o sabor, o valor nutricional e a frescura.<\/p>\n<ul>\n<li><strong>Laranjas Valencia:<\/strong> 50-70% de conte\u00fado de suco com sabor agridoce perfeito e longa vida \u00fatil (2-3 semanas) \u2014 ideais para consumo in natura e processamento. Dispon\u00edveis de fevereiro a junho.<\/li>\n<li><strong>Laranjas Navel:<\/strong> Sem sementes, f\u00e1ceis de descascar, com sabor naturalmente doce e m\u00ednima presen\u00e7a de imperfei\u00e7\u00f5es \u2014 muito populares em mercados premium. Dispon\u00edveis de dezembro a mar\u00e7o.<\/li>\n<li><strong>Laranjas Sangu\u00edneas:<\/strong> Polpa avermelhada distinta e notas de sabor frutadas com alto teor antioxidante \u2014 uma op\u00e7\u00e3o gourmet para mercados sofisticados. Dispon\u00edveis de janeiro a mar\u00e7o.<\/li>\n<li><strong>Laranjas Baladi:<\/strong> Variedade tradicional eg\u00edpcia com sabor intenso e aroma complexo \u2014 proporcionando uma aut\u00eantica experi\u00eancia do &#8220;sabor do Egito&#8221;. Dispon\u00edveis de janeiro a abril.<\/li>\n<\/ul>\n<p>Nossa sele\u00e7\u00e3o reflete as principais variedades de laranjas org\u00e2nicas do Egito adequadas para exporta\u00e7\u00e3o. Cada lote passa por rigorosos protocolos de triagem org\u00e2nica e preserva\u00e7\u00e3o da cadeia fria para atender aos padr\u00f5es internacionais de qualidade.<\/p>\n<\/div>\n<\/section>\n<p><!-- Related Products Section --><\/p>\n<section class=\"section\" style=\"padding: 50px 20px;\">\n<div class=\"container\">\n<h2>Mais Produtos Frescos do Egito<\/h2>\n<p>Explore mais produtos frescos org\u00e2nicos de alta qualidade do Egito, cultivados para mercados de exporta\u00e7\u00e3o:<\/p>\n<div class=\"wp-block-woocommerce-product-collection\"><div class=\"woocommerce columns-4 \"><ul class=\"products columns-4\" data-products=\"type-2\">\n<li class=\"product type-product post-7567 status-publish first instock product_cat-in-season product_cat-fruits has-post-thumbnail shipping-taxable product-type-simple\">\n\t<a href=\"https:\/\/peitrade.com\/pt-br\/product\/goiaba\/\" class=\"woocommerce-LoopProduct-link woocommerce-loop-product__link\"><img decoding=\"async\" width=\"300\" height=\"300\" src=\"https:\/\/peitrade.com\/wp-content\/uploads\/2025\/11\/Egyptian-Guava-300x300.webp\" class=\"attachment-woocommerce_thumbnail size-woocommerce_thumbnail\" alt=\"Egyptian Guava\" srcset=\"https:\/\/peitrade.com\/wp-content\/uploads\/2025\/11\/Egyptian-Guava-300x300.webp 300w, https:\/\/peitrade.com\/wp-content\/uploads\/2025\/11\/Egyptian-Guava-150x150.webp 150w, https:\/\/peitrade.com\/wp-content\/uploads\/2025\/11\/Egyptian-Guava-768x768.webp 768w, https:\/\/peitrade.com\/wp-content\/uploads\/2025\/11\/Egyptian-Guava-600x600.webp 600w, https:\/\/peitrade.com\/wp-content\/uploads\/2025\/11\/Egyptian-Guava-100x100.webp 100w, https:\/\/peitrade.com\/wp-content\/uploads\/2025\/11\/Egyptian-Guava.webp 1024w\" sizes=\"(max-width: 300px) 100vw, 300px\" title=\"\"><h2 class=\"woocommerce-loop-product__title\">Goiaba<\/h2>\n<\/a><a href=\"https:\/\/peitrade.com\/pt-br\/product\/goiaba\/\" aria-describedby=\"woocommerce_loop_add_to_cart_link_describedby_7567\" data-quantity=\"1\" class=\"button product_type_simple\" data-product_id=\"7567\" data-product_sku=\"80451\" aria-label=\"Leia mais sobre &ldquo;Goiaba&rdquo;\" rel=\"nofollow\" data-success_message=\"\">Leia mais<\/a>\t<span id=\"woocommerce_loop_add_to_cart_link_describedby_7567\" class=\"screen-reader-text\">\n\t\t\t<\/span>\n<\/li>\n<li class=\"product type-product post-7635 status-publish instock product_cat-fruits has-post-thumbnail shipping-taxable product-type-simple\">\n\t<a href=\"https:\/\/peitrade.com\/pt-br\/product\/manga\/\" class=\"woocommerce-LoopProduct-link woocommerce-loop-product__link\"><img decoding=\"async\" width=\"300\" height=\"300\" src=\"https:\/\/peitrade.com\/wp-content\/uploads\/2025\/11\/Egyption-Mango-300x300.webp\" class=\"attachment-woocommerce_thumbnail size-woocommerce_thumbnail\" alt=\"Mangoes: Egypt\u2019s Tropical Treasure\" srcset=\"https:\/\/peitrade.com\/wp-content\/uploads\/2025\/11\/Egyption-Mango-300x300.webp 300w, https:\/\/peitrade.com\/wp-content\/uploads\/2025\/11\/Egyption-Mango-150x150.webp 150w, https:\/\/peitrade.com\/wp-content\/uploads\/2025\/11\/Egyption-Mango-768x768.webp 768w, https:\/\/peitrade.com\/wp-content\/uploads\/2025\/11\/Egyption-Mango-600x600.webp 600w, https:\/\/peitrade.com\/wp-content\/uploads\/2025\/11\/Egyption-Mango-100x100.webp 100w, https:\/\/peitrade.com\/wp-content\/uploads\/2025\/11\/Egyption-Mango.webp 1024w\" sizes=\"(max-width: 300px) 100vw, 300px\" title=\"\"><h2 class=\"woocommerce-loop-product__title\">Manga<\/h2>\n<\/a><a href=\"https:\/\/peitrade.com\/pt-br\/product\/manga\/\" aria-describedby=\"woocommerce_loop_add_to_cart_link_describedby_7635\" data-quantity=\"1\" class=\"button product_type_simple\" data-product_id=\"7635\" data-product_sku=\"80450\" aria-label=\"Leia mais sobre &ldquo;Manga&rdquo;\" rel=\"nofollow\" data-success_message=\"\">Leia mais<\/a>\t<span id=\"woocommerce_loop_add_to_cart_link_describedby_7635\" class=\"screen-reader-text\">\n\t\t\t<\/span>\n<\/li>\n<li class=\"product type-product post-7734 status-publish instock product_cat-fruits has-post-thumbnail shipping-taxable product-type-simple\">\n\t<a href=\"https:\/\/peitrade.com\/pt-br\/product\/roma\/\" class=\"woocommerce-LoopProduct-link woocommerce-loop-product__link\"><img decoding=\"async\" width=\"300\" height=\"300\" src=\"https:\/\/peitrade.com\/wp-content\/uploads\/2025\/11\/Egyptian-Pomegranate-300x300.webp\" class=\"attachment-woocommerce_thumbnail size-woocommerce_thumbnail\" alt=\"Pomegranates: The Superfruit Appeal\" srcset=\"https:\/\/peitrade.com\/wp-content\/uploads\/2025\/11\/Egyptian-Pomegranate-300x300.webp 300w, https:\/\/peitrade.com\/wp-content\/uploads\/2025\/11\/Egyptian-Pomegranate-150x150.webp 150w, https:\/\/peitrade.com\/wp-content\/uploads\/2025\/11\/Egyptian-Pomegranate-768x768.webp 768w, https:\/\/peitrade.com\/wp-content\/uploads\/2025\/11\/Egyptian-Pomegranate-600x600.webp 600w, https:\/\/peitrade.com\/wp-content\/uploads\/2025\/11\/Egyptian-Pomegranate-100x100.webp 100w, https:\/\/peitrade.com\/wp-content\/uploads\/2025\/11\/Egyptian-Pomegranate.webp 1024w\" sizes=\"(max-width: 300px) 100vw, 300px\" title=\"\"><h2 class=\"woocommerce-loop-product__title\">Rom\u00e3<\/h2>\n<\/a><a href=\"https:\/\/peitrade.com\/pt-br\/product\/roma\/\" aria-describedby=\"woocommerce_loop_add_to_cart_link_describedby_7734\" data-quantity=\"1\" class=\"button product_type_simple\" data-product_id=\"7734\" data-product_sku=\"81090\" aria-label=\"Leia mais sobre &ldquo;Rom\u00e3&rdquo;\" rel=\"nofollow\" data-success_message=\"\">Leia mais<\/a>\t<span id=\"woocommerce_loop_add_to_cart_link_describedby_7734\" class=\"screen-reader-text\">\n\t\t\t<\/span>\n<\/li>\n<li class=\"product type-product post-7561 status-publish last instock product_cat-fruits has-post-thumbnail shipping-taxable product-type-simple\">\n\t<a href=\"https:\/\/peitrade.com\/pt-br\/product\/uvas\/\" class=\"woocommerce-LoopProduct-link woocommerce-loop-product__link\"><img decoding=\"async\" width=\"300\" height=\"300\" src=\"https:\/\/peitrade.com\/wp-content\/uploads\/2025\/11\/Egyptian-Grapes-300x300.webp\" class=\"attachment-woocommerce_thumbnail size-woocommerce_thumbnail\" alt=\"Grapes: A Rising Star\" srcset=\"https:\/\/peitrade.com\/wp-content\/uploads\/2025\/11\/Egyptian-Grapes-300x300.webp 300w, https:\/\/peitrade.com\/wp-content\/uploads\/2025\/11\/Egyptian-Grapes-150x150.webp 150w, https:\/\/peitrade.com\/wp-content\/uploads\/2025\/11\/Egyptian-Grapes-768x768.webp 768w, https:\/\/peitrade.com\/wp-content\/uploads\/2025\/11\/Egyptian-Grapes-600x600.webp 600w, https:\/\/peitrade.com\/wp-content\/uploads\/2025\/11\/Egyptian-Grapes-100x100.webp 100w, https:\/\/peitrade.com\/wp-content\/uploads\/2025\/11\/Egyptian-Grapes.webp 1024w\" sizes=\"(max-width: 300px) 100vw, 300px\" title=\"\"><h2 class=\"woocommerce-loop-product__title\">Uvas<\/h2>\n<\/a><a href=\"https:\/\/peitrade.com\/pt-br\/product\/uvas\/\" aria-describedby=\"woocommerce_loop_add_to_cart_link_describedby_7561\" data-quantity=\"1\" class=\"button product_type_simple\" data-product_id=\"7561\" data-product_sku=\"80610\" aria-label=\"Leia mais sobre &ldquo;Uvas&rdquo;\" rel=\"nofollow\" data-success_message=\"\">Leia mais<\/a>\t<span id=\"woocommerce_loop_add_to_cart_link_describedby_7561\" class=\"screen-reader-text\">\n\t\t\t<\/span>\n<\/li>\n<\/ul>\n<\/div><\/div>\n<\/div>\n<\/section>\n<p><!-- Section: Season & Export Info --><\/p>\n<section class=\"section\" style=\"padding: 50px 20px; background-color: #f0f0f0;\">\n<div class=\"container\">\n<h2>Temporada das Laranjas Org\u00e2nicas Eg\u00edpcias e Disponibilidade Global<\/h2>\n<p>O clima favor\u00e1vel do Egito permite temporadas prolongadas de cultivo de laranjas org\u00e2nicas, com variedades dispon\u00edveis de dezembro a junho. A PEI Trade coordena os embarques durante os per\u00edodos de colheita para garantir frescor ideal e pre\u00e7os competitivos de exporta\u00e7\u00e3o de laranja eg\u00edpcia para o seu mercado.<\/p>\n<h2>Embalagem Pronta para Exporta\u00e7\u00e3o e Alcance Global<\/h2>\n<p>A PEI Trade oferece solu\u00e7\u00f5es de embalagem personalizadas para produtos org\u00e2nicos, incluindo caixas prontas para varejo e op\u00e7\u00f5es a granel. Todos os embarques incluem documenta\u00e7\u00e3o completa de certifica\u00e7\u00e3o org\u00e2nica, log\u00edstica especializada de cadeia fria e conformidade regulat\u00f3ria para mercados na Europa, no Golfo e na \u00c1sia.<\/p>\n<p style=\"text-align: center; margin-top: 40px;\"><a class=\"button primary large\" href=\"\/contact\">Encomende Agora<\/a><\/p>\n<\/div>\n<\/section>\n<p><!-- FAQs Section --><\/p>\n<section class=\"section\" style=\"padding: 50px 20px; background-color: #f9f9f9;\">\n<div class=\"container\">\n<h2>Perguntas Frequentes<\/h2>\n<div>\n<div>\n<h3>O que torna as laranjas org\u00e2nicas eg\u00edpcias diferentes das convencionais?<\/h3>\n<div>Nossas <strong>laranjas org\u00e2nicas eg\u00edpcias<\/strong> s\u00e3o cultivadas sem pesticidas ou fertilizantes sint\u00e9ticos, resultando em sabor superior, maior valor nutricional e sustentabilidade ambiental. As condi\u00e7\u00f5es naturais de cultivo do Egito amplificam ainda mais esses benef\u00edcios.<\/div>\n<\/div>\n<div>\n<h3>Quais variedades de laranja org\u00e2nica a PEI Trade exporta?<\/h3>\n<div>Exportamos <strong>Valencia<\/strong>, <strong>Navel<\/strong>, <strong>Sangu\u00ednea<\/strong>, <strong>Baladi<\/strong> e outras variedades populares de <strong>laranja org\u00e2nica do Egito<\/strong>, dependendo da esta\u00e7\u00e3o e da prefer\u00eancia do comprador.<\/div>\n<\/div>\n<div>\n<h3>As laranjas org\u00e2nicas t\u00eam uma vida \u00fatil diferente das convencionais?<\/h3>\n<div>Quando bem manuseadas, nossas laranjas org\u00e2nicas mant\u00eam excelente vida \u00fatil, compar\u00e1vel \u00e0 das frutas convencionais. Nossa colheita cuidadosa e gest\u00e3o da cadeia fria garantem o frescor m\u00e1ximo durante o envio.<\/div>\n<\/div>\n<div>\n<h3>Para quais pa\u00edses voc\u00eas exportam laranjas org\u00e2nicas?<\/h3>\n<div>A PEI Trade exporta para a Europa, Conselho de Coopera\u00e7\u00e3o do Golfo (GCC), \u00c1sia e Norte da \u00c1frica. Tamb\u00e9m estamos abertos a construir novas parcerias em regi\u00f5es que buscam produtos org\u00e2nicos premium do Egito.<\/div>\n<\/div>\n<\/div>\n<\/div>\n<\/section>\n","protected":false},"excerpt":{"rendered":"<p>Laranjas Org\u00e2nicas Premium do Egito para Exporta\u00e7\u00e3o &#8211; PEI Trade A PEI Trade entrega laranjas org\u00e2nicas premium do Egito para mercados globais com foco em certifica\u00e7\u00e3o, rastreabilidade e pr\u00e1ticas agr\u00edcolas sustent\u00e1veis. Como uma das principais empresas exportadoras de laranja no Egito, atendemos atacadistas, redes de supermercados e processadores de alimentos na Europa, no Golfo e [&hellip;]<\/p>\n","protected":false},"author":1,"featured_media":0,"parent":0,"menu_order":0,"comment_status":"closed","ping_status":"closed","template":"","meta":{"footnotes":""},"class_list":["post-5899","page","type-page","status-publish","hentry"],"blocksy_meta":[],"mb":[],"featured_image_urls_v2":{"full":"","thumbnail":"","medium":"","medium_large":"","large":"","1536x1536":"","2048x2048":"","woocommerce_archive_thumbnail":"","woocommerce_thumbnail":"","woocommerce_single":"","woocommerce_gallery_thumbnail":""},"post_excerpt_stackable_v2":"<p>Laranjas Org\u00e2nicas Premium do Egito para Exporta\u00e7\u00e3o &#8211; PEI Trade A PEI Trade entrega laranjas org\u00e2nicas premium do Egito para mercados globais com foco em certifica\u00e7\u00e3o, rastreabilidade e pr\u00e1ticas agr\u00edcolas sustent\u00e1veis. Como uma das principais empresas exportadoras de laranja no Egito, atendemos atacadistas, redes de supermercados e processadores de alimentos na Europa, no Golfo e na \u00c1sia. Nossa equipe trabalha em estreita colabora\u00e7\u00e3o com fazendas org\u00e2nicas selecionadas no f\u00e9rtil Delta do Nilo para obter as melhores laranjas eg\u00edpcias, garantindo matura\u00e7\u00e3o ideal, sabor excepcional e alto valor nutricional. Desde o manejo do pomar at\u00e9 o envio internacional, supervisionamos cada etapa da&hellip;<\/p>\n","category_list_v2":"","author_info_v2":{"name":"Mostafa Sabry","url":"https:\/\/peitrade.com\/pt-br\/author\/emostafaadel_jn8gcqbo\/"},"comments_num_v2":"0 coment\u00e1rio","mfb_rest_fields":["title","blocksy_meta","featured_image_urls_v2","post_excerpt_stackable_v2","category_list_v2","author_info_v2","comments_num_v2"],"_links":{"self":[{"href":"https:\/\/peitrade.com\/pt-br\/wp-json\/wp\/v2\/pages\/5899","targetHints":{"allow":["GET"]}}],"collection":[{"href":"https:\/\/peitrade.com\/pt-br\/wp-json\/wp\/v2\/pages"}],"about":[{"href":"https:\/\/peitrade.com\/pt-br\/wp-json\/wp\/v2\/types\/page"}],"author":[{"embeddable":true,"href":"https:\/\/peitrade.com\/pt-br\/wp-json\/wp\/v2\/users\/1"}],"replies":[{"embeddable":true,"href":"https:\/\/peitrade.com\/pt-br\/wp-json\/wp\/v2\/comments?post=5899"}],"version-history":[{"count":1,"href":"https:\/\/peitrade.com\/pt-br\/wp-json\/wp\/v2\/pages\/5899\/revisions"}],"predecessor-version":[{"id":5900,"href":"https:\/\/peitrade.com\/pt-br\/wp-json\/wp\/v2\/pages\/5899\/revisions\/5900"}],"wp:attachment":[{"href":"https:\/\/peitrade.com\/pt-br\/wp-json\/wp\/v2\/media?parent=5899"}],"curies":[{"name":"wp","href":"https:\/\/api.w.org\/{rel}","templated":true}]}}