{"id":6038,"date":"2025-06-17T08:20:50","date_gmt":"2025-06-17T08:20:50","guid":{"rendered":"http:\/\/46.224.74.15\/dates-exporters-3\/"},"modified":"2025-11-19T16:47:25","modified_gmt":"2025-11-19T16:47:25","slug":"dates-exporters-3","status":"publish","type":"page","link":"https:\/\/peitrade.com\/pt-br\/dates-exporters-3\/","title":{"rendered":"Principais exportadores de t\u00e2maras do Egito \u2013 Qualidade premium da PEI Trade"},"content":{"rendered":"<section style=\"padding: 60px 20px; background-color: #f9f9f9;\">\n<div class=\"container\">\n<h1>Principais exportadores de t\u00e2maras do Egito \u2013 Qualidade premium da PEI Trade<\/h1>\n<p>&nbsp;<\/p>\n<p>A PEI Trade \u00e9 um dos l\u00edderes entre os <b>exportadores de t\u00e2maras<\/b> no Egito, oferecendo t\u00e2maras de qualidade superior cultivadas no f\u00e9rtil Vale do Nilo sob condi\u00e7\u00f5es naturais ideais. Nossas t\u00e2maras de exporta\u00e7\u00e3o s\u00e3o amadurecidas ao sol, cuidadosamente selecionadas e processadas conforme padr\u00f5es internacionais de higiene e seguran\u00e7a para atender aos mercados globais.<\/p>\n<p>Como confi\u00e1veis <b>exportadores eg\u00edpcios de t\u00e2maras<\/b>, nos especializamos no fornecimento em grande escala de variedades cobi\u00e7adas como t\u00e2maras Siwa, Zaghloul, Hayany, al\u00e9m de t\u00e2maras semi-secas como Saidi e Deglet Noor. Nossa equipe garante entrega pontual, qualidade constante e total conformidade para uso no varejo, atacado e na ind\u00fastria.<\/p>\n<\/div>\n<p>&nbsp;<\/p>\n<\/section>\n<div class=\"wp-block-woocommerce-product-collection\"><div class=\"woocommerce columns-4 \"><ul class=\"products columns-4\" data-products=\"type-2\">\n<li class=\"product type-product post-7437 status-publish first instock product_cat-in-season product_cat-fruits has-post-thumbnail shipping-taxable product-type-simple\">\n\t<a href=\"https:\/\/peitrade.com\/pt-br\/product\/laranjas\/\" class=\"woocommerce-LoopProduct-link woocommerce-loop-product__link\"><img decoding=\"async\" width=\"300\" height=\"300\" src=\"https:\/\/peitrade.com\/wp-content\/uploads\/2025\/11\/Egyptian-Oranges-300x300.webp\" class=\"attachment-woocommerce_thumbnail size-woocommerce_thumbnail\" alt=\"\u0635\u0627\u062f\u0631\u0627\u062a \u0627\u0644\u0628\u0631\u062a\u0642\u0627\u0644 \u0627\u0644\u0645\u0635\u0631\u064a \u0625\u0644\u0649 \u0643\u0646\u062f\u0627 \u062a\u0633\u062c\u0644 \u0631\u0642\u0645\u0627\u064b \u0642\u064a\u0627\u0633\u064a\u0627\u064b \u0641\u064a 2025\" srcset=\"https:\/\/peitrade.com\/wp-content\/uploads\/2025\/11\/Egyptian-Oranges-300x300.webp 300w, https:\/\/peitrade.com\/wp-content\/uploads\/2025\/11\/Egyptian-Oranges-150x150.webp 150w, https:\/\/peitrade.com\/wp-content\/uploads\/2025\/11\/Egyptian-Oranges-768x768.webp 768w, https:\/\/peitrade.com\/wp-content\/uploads\/2025\/11\/Egyptian-Oranges-600x600.webp 600w, https:\/\/peitrade.com\/wp-content\/uploads\/2025\/11\/Egyptian-Oranges-100x100.webp 100w, https:\/\/peitrade.com\/wp-content\/uploads\/2025\/11\/Egyptian-Oranges.webp 1024w\" sizes=\"(max-width: 300px) 100vw, 300px\" title=\"\"><h2 class=\"woocommerce-loop-product__title\">Laranjas<\/h2>\n<\/a><a href=\"https:\/\/peitrade.com\/pt-br\/product\/laranjas\/\" aria-describedby=\"woocommerce_loop_add_to_cart_link_describedby_7437\" data-quantity=\"1\" class=\"button product_type_simple\" data-product_id=\"7437\" data-product_sku=\"80510\" aria-label=\"Leia mais sobre &ldquo;Laranjas&rdquo;\" rel=\"nofollow\" data-success_message=\"\">Leia mais<\/a>\t<span id=\"woocommerce_loop_add_to_cart_link_describedby_7437\" class=\"screen-reader-text\">\n\t\t\t<\/span>\n<\/li>\n<li class=\"product type-product post-7516 status-publish instock product_cat-in-season product_cat-fruits has-post-thumbnail shipping-taxable product-type-simple\">\n\t<a href=\"https:\/\/peitrade.com\/pt-br\/product\/limoes\/\" class=\"woocommerce-LoopProduct-link woocommerce-loop-product__link\"><img decoding=\"async\" width=\"300\" height=\"300\" src=\"https:\/\/peitrade.com\/wp-content\/uploads\/2025\/11\/Egyptian-Lemons-300x300.webp\" class=\"attachment-woocommerce_thumbnail size-woocommerce_thumbnail\" alt=\"Lim\u00f5es\" srcset=\"https:\/\/peitrade.com\/wp-content\/uploads\/2025\/11\/Egyptian-Lemons-300x300.webp 300w, https:\/\/peitrade.com\/wp-content\/uploads\/2025\/11\/Egyptian-Lemons-150x150.webp 150w, https:\/\/peitrade.com\/wp-content\/uploads\/2025\/11\/Egyptian-Lemons-768x768.webp 768w, https:\/\/peitrade.com\/wp-content\/uploads\/2025\/11\/Egyptian-Lemons-600x600.webp 600w, https:\/\/peitrade.com\/wp-content\/uploads\/2025\/11\/Egyptian-Lemons-100x100.webp 100w, https:\/\/peitrade.com\/wp-content\/uploads\/2025\/11\/Egyptian-Lemons.webp 1024w\" sizes=\"(max-width: 300px) 100vw, 300px\" title=\"\"><h2 class=\"woocommerce-loop-product__title\">Lim\u00f5es<\/h2>\n<\/a><a href=\"https:\/\/peitrade.com\/pt-br\/product\/limoes\/\" aria-describedby=\"woocommerce_loop_add_to_cart_link_describedby_7516\" data-quantity=\"1\" class=\"button product_type_simple\" data-product_id=\"7516\" data-product_sku=\"80550\" aria-label=\"Leia mais sobre &ldquo;Lim\u00f5es&rdquo;\" rel=\"nofollow\" data-success_message=\"\">Leia mais<\/a>\t<span id=\"woocommerce_loop_add_to_cart_link_describedby_7516\" class=\"screen-reader-text\">\n\t\t\t<\/span>\n<\/li>\n<li class=\"product type-product post-7635 status-publish instock product_cat-fruits has-post-thumbnail shipping-taxable product-type-simple\">\n\t<a href=\"https:\/\/peitrade.com\/pt-br\/product\/manga\/\" class=\"woocommerce-LoopProduct-link woocommerce-loop-product__link\"><img decoding=\"async\" width=\"300\" height=\"300\" src=\"https:\/\/peitrade.com\/wp-content\/uploads\/2025\/11\/Egyption-Mango-300x300.webp\" class=\"attachment-woocommerce_thumbnail size-woocommerce_thumbnail\" alt=\"Mangoes: Egypt\u2019s Tropical Treasure\" srcset=\"https:\/\/peitrade.com\/wp-content\/uploads\/2025\/11\/Egyption-Mango-300x300.webp 300w, https:\/\/peitrade.com\/wp-content\/uploads\/2025\/11\/Egyption-Mango-150x150.webp 150w, https:\/\/peitrade.com\/wp-content\/uploads\/2025\/11\/Egyption-Mango-768x768.webp 768w, https:\/\/peitrade.com\/wp-content\/uploads\/2025\/11\/Egyption-Mango-600x600.webp 600w, https:\/\/peitrade.com\/wp-content\/uploads\/2025\/11\/Egyption-Mango-100x100.webp 100w, https:\/\/peitrade.com\/wp-content\/uploads\/2025\/11\/Egyption-Mango.webp 1024w\" sizes=\"(max-width: 300px) 100vw, 300px\" title=\"\"><h2 class=\"woocommerce-loop-product__title\">Manga<\/h2>\n<\/a><a href=\"https:\/\/peitrade.com\/pt-br\/product\/manga\/\" aria-describedby=\"woocommerce_loop_add_to_cart_link_describedby_7635\" data-quantity=\"1\" class=\"button product_type_simple\" data-product_id=\"7635\" data-product_sku=\"80450\" aria-label=\"Leia mais sobre &ldquo;Manga&rdquo;\" rel=\"nofollow\" data-success_message=\"\">Leia mais<\/a>\t<span id=\"woocommerce_loop_add_to_cart_link_describedby_7635\" class=\"screen-reader-text\">\n\t\t\t<\/span>\n<\/li>\n<li class=\"product type-product post-7650 status-publish last instock product_cat-fruits has-post-thumbnail shipping-taxable product-type-simple\">\n\t<a href=\"https:\/\/peitrade.com\/pt-br\/product\/morangos\/\" class=\"woocommerce-LoopProduct-link woocommerce-loop-product__link\"><img decoding=\"async\" width=\"300\" height=\"300\" src=\"https:\/\/peitrade.com\/wp-content\/uploads\/2025\/11\/Egyptian-Strawberries-300x300.webp\" class=\"attachment-woocommerce_thumbnail size-woocommerce_thumbnail\" alt=\"Morangos\" srcset=\"https:\/\/peitrade.com\/wp-content\/uploads\/2025\/11\/Egyptian-Strawberries-300x300.webp 300w, https:\/\/peitrade.com\/wp-content\/uploads\/2025\/11\/Egyptian-Strawberries-150x150.webp 150w, https:\/\/peitrade.com\/wp-content\/uploads\/2025\/11\/Egyptian-Strawberries-768x768.webp 768w, https:\/\/peitrade.com\/wp-content\/uploads\/2025\/11\/Egyptian-Strawberries-600x600.webp 600w, https:\/\/peitrade.com\/wp-content\/uploads\/2025\/11\/Egyptian-Strawberries-100x100.webp 100w, https:\/\/peitrade.com\/wp-content\/uploads\/2025\/11\/Egyptian-Strawberries.webp 1024w\" sizes=\"(max-width: 300px) 100vw, 300px\" title=\"\"><h2 class=\"woocommerce-loop-product__title\">Morangos<\/h2>\n<\/a><a href=\"https:\/\/peitrade.com\/pt-br\/product\/morangos\/\" aria-describedby=\"woocommerce_loop_add_to_cart_link_describedby_7650\" data-quantity=\"1\" class=\"button product_type_simple\" data-product_id=\"7650\" data-product_sku=\"81010\" aria-label=\"Leia mais sobre &ldquo;Morangos&rdquo;\" rel=\"nofollow\" data-success_message=\"\">Leia mais<\/a>\t<span id=\"woocommerce_loop_add_to_cart_link_describedby_7650\" class=\"screen-reader-text\">\n\t\t\t<\/span>\n<\/li>\n<\/ul>\n<\/div><\/div>\n<section style=\"padding: 50px 20px;\">\n<div class=\"container\">\n<h2>Por que escolher t\u00e2maras da PEI Trade?<\/h2>\n<p><span style=\"font-weight: 400;\">Como experientes <b>exportadores de t\u00e2maras<\/b>, a PEI Trade oferece vantagens incompar\u00e1veis:<\/span><\/p>\n<ul>\n<li style=\"font-weight: 400;\" aria-level=\"1\"><span style=\"font-weight: 400;\">Grande variedade de t\u00e2maras secas, semi-secas e macias<\/span><\/li>\n<li style=\"font-weight: 400;\" aria-level=\"1\"><span style=\"font-weight: 400;\">Origem direta dos melhores pomares de palmeiras do Egito<\/span><\/li>\n<li style=\"font-weight: 400;\" aria-level=\"1\"><span style=\"font-weight: 400;\">Elevado teor de brix e sabor naturalmente adocicado<\/span><\/li>\n<li style=\"font-weight: 400;\" aria-level=\"1\"><span style=\"font-weight: 400;\">Classifica\u00e7\u00e3o manual e limpeza para qualidade de exporta\u00e7\u00e3o<\/span><\/li>\n<li style=\"font-weight: 400;\" aria-level=\"1\"><span style=\"font-weight: 400;\">Embalagem personalizada e rotulagem privada<\/span><\/li>\n<\/ul>\n<p><span style=\"font-weight: 400;\">Nossas t\u00e2maras s\u00e3o livres de aditivos e conservantes, atendendo \u00e0 demanda por alimentos limpos e rastre\u00e1veis.<\/span><\/p>\n<h2>Manuseio e log\u00edstica para exporta\u00e7\u00e3o de t\u00e2maras eg\u00edpcias<\/h2>\n<p><span style=\"font-weight: 400;\">Como profissionais entre os <b>exportadores de t\u00e2maras<\/b>, a PEI Trade oferece solu\u00e7\u00f5es p\u00f3s-colheita confi\u00e1veis, incluindo:<\/span><\/p>\n<ul>\n<li style=\"font-weight: 400;\" aria-level=\"1\"><span style=\"font-weight: 400;\">Armazenamento refrigerado para manter sabor e vida \u00fatil<\/span><\/li>\n<li style=\"font-weight: 400;\" aria-level=\"1\"><span style=\"font-weight: 400;\">Limpeza automatizada, remo\u00e7\u00e3o de caro\u00e7o e classifica\u00e7\u00e3o<\/span><\/li>\n<li style=\"font-weight: 400;\" aria-level=\"1\"><span style=\"font-weight: 400;\">Op\u00e7\u00f5es de embalagens a v\u00e1cuo ou em almofadas<\/span><\/li>\n<li style=\"font-weight: 400;\" aria-level=\"1\"><span style=\"font-weight: 400;\">C\u00f3digos de barra personalizados, branding e rotulagem<\/span><\/li>\n<\/ul>\n<p><span style=\"font-weight: 400;\">As nossas t\u00e2maras de exporta\u00e7\u00e3o cumprem certifica\u00e7\u00f5es como Global GAP, ISO e HACCP.<\/span><\/p>\n<h2>Temporada de colheita de t\u00e2maras eg\u00edpcias<\/h2>\n<p><span style=\"font-weight: 400;\">A temporada de colheita das t\u00e2maras eg\u00edpcias geralmente vai de <\/span><b>setembro a dezembro<\/b><span style=\"font-weight: 400;\">, com variedades precoces como Zaghloul maturando em agosto. A PEI Trade oferece fornecimento durante todo o ano com estoque refrigerado para compradores globais.<\/span><\/p>\n<p><span style=\"font-weight: 400;\">Op\u00e7\u00f5es de pr\u00e9-reserva e prazos de envio flex\u00edveis est\u00e3o dispon\u00edveis.<\/span><\/p>\n<h3>Usos das t\u00e2maras exportadas<\/h3>\n<p><span style=\"font-weight: 400;\">As t\u00e2maras eg\u00edpcias da PEI Trade s\u00e3o ideais para:<\/span><\/p>\n<ul>\n<li style=\"font-weight: 400;\" aria-level=\"1\"><b>Varejo<\/b><span style=\"font-weight: 400;\">: em caixas ou embalagens a v\u00e1cuo para prateleiras de supermercados<\/span><\/li>\n<li style=\"font-weight: 400;\" aria-level=\"1\"><b>Ind\u00fastria<\/b><span style=\"font-weight: 400;\">: para barras de energia, produ\u00e7\u00e3o de xarope e confeitaria<\/span><\/li>\n<li style=\"font-weight: 400;\" aria-level=\"1\"><b>Servi\u00e7os alimentares<\/b><span style=\"font-weight: 400;\">: fornecimento em larga escala para hot\u00e9is e catering<\/span><\/li>\n<li style=\"font-weight: 400;\" aria-level=\"1\"><b>Atacado<\/b><span style=\"font-weight: 400;\">: cargas mistas ou classificadas para mercados internacionais<\/span><\/li>\n<\/ul>\n<h3>Destinos principais de exporta\u00e7\u00e3o<\/h3>\n<p><span style=\"font-weight: 400;\">Como destacados <b>exportadores de t\u00e2maras<\/b>, a PEI Trade atende mercados em:<\/span><\/p>\n<ul>\n<li style=\"font-weight: 400;\" aria-level=\"1\"><span style=\"font-weight: 400;\">Pa\u00edses do Golfo: Ar\u00e1bia Saudita, Emirados, Bahrein e Kuwait<\/span><\/li>\n<li style=\"font-weight: 400;\" aria-level=\"1\"><span style=\"font-weight: 400;\">Europa: Fran\u00e7a, Reino Unido, Pa\u00edses Baixos e Alemanha<\/span><\/li>\n<li style=\"font-weight: 400;\" aria-level=\"1\"><span style=\"font-weight: 400;\">Norte da \u00c1frica e \u00c1frica Subsaariana<\/span><\/li>\n<li style=\"font-weight: 400;\" aria-level=\"1\"><span style=\"font-weight: 400;\">Regi\u00e3o \u00c1sia-Pac\u00edfico<\/span><\/li>\n<\/ul>\n<p><span style=\"font-weight: 400;\">Oferecemos cont\u00eaineres completos ou cargas mistas com rastreabilidade e garantia de qualidade.<\/span><\/p>\n<h2>Outros produtos agr\u00edcolas da PEI Trade<\/h2>\n<p><span style=\"font-weight: 400;\">Al\u00e9m de sermos exportadores de t\u00e2maras, oferecemos tamb\u00e9m:<\/span><\/p>\n<ul>\n<li style=\"font-weight: 400;\" aria-level=\"1\"><b>Rom\u00e3s<\/b><span style=\"font-weight: 400;\">: bagos doces e cascas resistentes para envio<\/span><\/li>\n<li style=\"font-weight: 400;\" aria-level=\"1\"><b>Uvas<\/b><span style=\"font-weight: 400;\">: uvas de mesa sem sementes com longa vida \u00fatil<\/span><\/li>\n<li style=\"font-weight: 400;\" aria-level=\"1\"><b>Laranjas<\/b><span style=\"font-weight: 400;\">: variedades navel e val\u00eancia para consumo e suco<\/span><\/li>\n<\/ul>\n<p><span style=\"font-weight: 400;\">Embalagens flex\u00edveis e coordena\u00e7\u00e3o log\u00edstica profissional para toda a linha de produtos.<\/span><\/p>\n<h2><b>Solu\u00e7\u00f5es de embalagem<\/b><\/h2>\n<p><span style=\"font-weight: 400;\">Nossas t\u00e2maras de exporta\u00e7\u00e3o s\u00e3o embaladas para garantir integridade:<\/span><\/p>\n<ul>\n<li style=\"font-weight: 400;\" aria-level=\"1\"><span style=\"font-weight: 400;\">Bandejas pl\u00e1sticas, embalagens a v\u00e1cuo ou caixas<\/span><\/li>\n<li style=\"font-weight: 400;\" aria-level=\"1\"><span style=\"font-weight: 400;\">Formatos de 1kg a 10kg com etiquetagem externa<\/span><\/li>\n<li style=\"font-weight: 400;\" aria-level=\"1\"><span style=\"font-weight: 400;\">R\u00f3tulos compat\u00edveis com exporta\u00e7\u00e3o (UE, Golfo, \u00c1sia)<\/span><\/li>\n<li style=\"font-weight: 400;\" aria-level=\"1\"><span style=\"font-weight: 400;\">Op\u00e7\u00f5es de marca pr\u00f3pria sob solicita\u00e7\u00e3o<\/span><\/li>\n<\/ul>\n<p><span style=\"font-weight: 400;\">Todos os formatos de embalagem s\u00e3o testados para durabilidade e conformidade antes do envio.<\/span><\/p>\n<\/div>\n<\/section>\n<section style=\"padding: 50px 20px; background-color: #f0f0f0;\">\n<div class=\"container\">\n<h2>Parceria com a PEI Trade \u2013 Exportadores confi\u00e1veis de t\u00e2maras do Egito<\/h2>\n<p>Se voc\u00ea procura exportadores de t\u00e2maras confi\u00e1veis, a PEI Trade oferece qualidade constante, manuseio preciso e cobertura log\u00edstica global.<\/p>\n<p>Nossa equipe especializada apoia sua cadeia de suprimentos com planejamento proativo, origem rastre\u00e1vel e certifica\u00e7\u00f5es de exporta\u00e7\u00e3o.<\/p>\n<h2>Solicite pre\u00e7os ou agende seu envio de t\u00e2maras<\/h2>\n<p>Entre em contato com a PEI Trade agora para solicitar pre\u00e7os, especifica\u00e7\u00f5es de exporta\u00e7\u00e3o ou ofertas sazonais. Respondemos rapidamente e enviamos para todo o mundo.<\/p>\n<p style=\"text-align: center; margin-top: 40px;\"><a class=\"button primary large\" href=\"\/contact\">Encomende agora<\/a><\/p>\n<\/div>\n<\/section>\n<section style=\"padding: 50px 20px;\">\n<div class=\"container\">\n<h2>Mais do portf\u00f3lio de exporta\u00e7\u00e3o da PEI Trade<\/h2>\n<p>&nbsp;<\/p>\n<p>A PEI Trade tamb\u00e9m exporta cebolas eg\u00edpcias, batatas, frutas c\u00edtricas e hortali\u00e7as frescas. <a href=\"\/about\">Descubra nossa lista completa de produtos<\/a>.<\/p>\n<div class=\"wp-block-woocommerce-product-collection\"><div class=\"woocommerce columns-4 \"><ul class=\"products columns-4\" data-products=\"type-2\">\n<li class=\"product type-product post-7437 status-publish first instock product_cat-in-season product_cat-fruits has-post-thumbnail shipping-taxable product-type-simple\">\n\t<a href=\"https:\/\/peitrade.com\/pt-br\/product\/laranjas\/\" class=\"woocommerce-LoopProduct-link woocommerce-loop-product__link\"><img decoding=\"async\" width=\"300\" height=\"300\" src=\"https:\/\/peitrade.com\/wp-content\/uploads\/2025\/11\/Egyptian-Oranges-300x300.webp\" class=\"attachment-woocommerce_thumbnail size-woocommerce_thumbnail\" alt=\"\u0635\u0627\u062f\u0631\u0627\u062a \u0627\u0644\u0628\u0631\u062a\u0642\u0627\u0644 \u0627\u0644\u0645\u0635\u0631\u064a \u0625\u0644\u0649 \u0643\u0646\u062f\u0627 \u062a\u0633\u062c\u0644 \u0631\u0642\u0645\u0627\u064b \u0642\u064a\u0627\u0633\u064a\u0627\u064b \u0641\u064a 2025\" srcset=\"https:\/\/peitrade.com\/wp-content\/uploads\/2025\/11\/Egyptian-Oranges-300x300.webp 300w, https:\/\/peitrade.com\/wp-content\/uploads\/2025\/11\/Egyptian-Oranges-150x150.webp 150w, https:\/\/peitrade.com\/wp-content\/uploads\/2025\/11\/Egyptian-Oranges-768x768.webp 768w, https:\/\/peitrade.com\/wp-content\/uploads\/2025\/11\/Egyptian-Oranges-600x600.webp 600w, https:\/\/peitrade.com\/wp-content\/uploads\/2025\/11\/Egyptian-Oranges-100x100.webp 100w, https:\/\/peitrade.com\/wp-content\/uploads\/2025\/11\/Egyptian-Oranges.webp 1024w\" sizes=\"(max-width: 300px) 100vw, 300px\" title=\"\"><h2 class=\"woocommerce-loop-product__title\">Laranjas<\/h2>\n<\/a><a href=\"https:\/\/peitrade.com\/pt-br\/product\/laranjas\/\" aria-describedby=\"woocommerce_loop_add_to_cart_link_describedby_7437\" data-quantity=\"1\" class=\"button product_type_simple\" data-product_id=\"7437\" data-product_sku=\"80510\" aria-label=\"Leia mais sobre &ldquo;Laranjas&rdquo;\" rel=\"nofollow\" data-success_message=\"\">Leia mais<\/a>\t<span id=\"woocommerce_loop_add_to_cart_link_describedby_7437\" class=\"screen-reader-text\">\n\t\t\t<\/span>\n<\/li>\n<li class=\"product type-product post-7516 status-publish instock product_cat-in-season product_cat-fruits has-post-thumbnail shipping-taxable product-type-simple\">\n\t<a href=\"https:\/\/peitrade.com\/pt-br\/product\/limoes\/\" class=\"woocommerce-LoopProduct-link woocommerce-loop-product__link\"><img decoding=\"async\" width=\"300\" height=\"300\" src=\"https:\/\/peitrade.com\/wp-content\/uploads\/2025\/11\/Egyptian-Lemons-300x300.webp\" class=\"attachment-woocommerce_thumbnail size-woocommerce_thumbnail\" alt=\"Lim\u00f5es\" srcset=\"https:\/\/peitrade.com\/wp-content\/uploads\/2025\/11\/Egyptian-Lemons-300x300.webp 300w, https:\/\/peitrade.com\/wp-content\/uploads\/2025\/11\/Egyptian-Lemons-150x150.webp 150w, https:\/\/peitrade.com\/wp-content\/uploads\/2025\/11\/Egyptian-Lemons-768x768.webp 768w, https:\/\/peitrade.com\/wp-content\/uploads\/2025\/11\/Egyptian-Lemons-600x600.webp 600w, https:\/\/peitrade.com\/wp-content\/uploads\/2025\/11\/Egyptian-Lemons-100x100.webp 100w, https:\/\/peitrade.com\/wp-content\/uploads\/2025\/11\/Egyptian-Lemons.webp 1024w\" sizes=\"(max-width: 300px) 100vw, 300px\" title=\"\"><h2 class=\"woocommerce-loop-product__title\">Lim\u00f5es<\/h2>\n<\/a><a href=\"https:\/\/peitrade.com\/pt-br\/product\/limoes\/\" aria-describedby=\"woocommerce_loop_add_to_cart_link_describedby_7516\" data-quantity=\"1\" class=\"button product_type_simple\" data-product_id=\"7516\" data-product_sku=\"80550\" aria-label=\"Leia mais sobre &ldquo;Lim\u00f5es&rdquo;\" rel=\"nofollow\" data-success_message=\"\">Leia mais<\/a>\t<span id=\"woocommerce_loop_add_to_cart_link_describedby_7516\" class=\"screen-reader-text\">\n\t\t\t<\/span>\n<\/li>\n<li class=\"product type-product post-7635 status-publish instock product_cat-fruits has-post-thumbnail shipping-taxable product-type-simple\">\n\t<a href=\"https:\/\/peitrade.com\/pt-br\/product\/manga\/\" class=\"woocommerce-LoopProduct-link woocommerce-loop-product__link\"><img decoding=\"async\" width=\"300\" height=\"300\" src=\"https:\/\/peitrade.com\/wp-content\/uploads\/2025\/11\/Egyption-Mango-300x300.webp\" class=\"attachment-woocommerce_thumbnail size-woocommerce_thumbnail\" alt=\"Mangoes: Egypt\u2019s Tropical Treasure\" srcset=\"https:\/\/peitrade.com\/wp-content\/uploads\/2025\/11\/Egyption-Mango-300x300.webp 300w, https:\/\/peitrade.com\/wp-content\/uploads\/2025\/11\/Egyption-Mango-150x150.webp 150w, https:\/\/peitrade.com\/wp-content\/uploads\/2025\/11\/Egyption-Mango-768x768.webp 768w, https:\/\/peitrade.com\/wp-content\/uploads\/2025\/11\/Egyption-Mango-600x600.webp 600w, https:\/\/peitrade.com\/wp-content\/uploads\/2025\/11\/Egyption-Mango-100x100.webp 100w, https:\/\/peitrade.com\/wp-content\/uploads\/2025\/11\/Egyption-Mango.webp 1024w\" sizes=\"(max-width: 300px) 100vw, 300px\" title=\"\"><h2 class=\"woocommerce-loop-product__title\">Manga<\/h2>\n<\/a><a href=\"https:\/\/peitrade.com\/pt-br\/product\/manga\/\" aria-describedby=\"woocommerce_loop_add_to_cart_link_describedby_7635\" data-quantity=\"1\" class=\"button product_type_simple\" data-product_id=\"7635\" data-product_sku=\"80450\" aria-label=\"Leia mais sobre &ldquo;Manga&rdquo;\" rel=\"nofollow\" data-success_message=\"\">Leia mais<\/a>\t<span id=\"woocommerce_loop_add_to_cart_link_describedby_7635\" class=\"screen-reader-text\">\n\t\t\t<\/span>\n<\/li>\n<li class=\"product type-product post-7650 status-publish last instock product_cat-fruits has-post-thumbnail shipping-taxable product-type-simple\">\n\t<a href=\"https:\/\/peitrade.com\/pt-br\/product\/morangos\/\" class=\"woocommerce-LoopProduct-link woocommerce-loop-product__link\"><img decoding=\"async\" width=\"300\" height=\"300\" src=\"https:\/\/peitrade.com\/wp-content\/uploads\/2025\/11\/Egyptian-Strawberries-300x300.webp\" class=\"attachment-woocommerce_thumbnail size-woocommerce_thumbnail\" alt=\"Morangos\" srcset=\"https:\/\/peitrade.com\/wp-content\/uploads\/2025\/11\/Egyptian-Strawberries-300x300.webp 300w, https:\/\/peitrade.com\/wp-content\/uploads\/2025\/11\/Egyptian-Strawberries-150x150.webp 150w, https:\/\/peitrade.com\/wp-content\/uploads\/2025\/11\/Egyptian-Strawberries-768x768.webp 768w, https:\/\/peitrade.com\/wp-content\/uploads\/2025\/11\/Egyptian-Strawberries-600x600.webp 600w, https:\/\/peitrade.com\/wp-content\/uploads\/2025\/11\/Egyptian-Strawberries-100x100.webp 100w, https:\/\/peitrade.com\/wp-content\/uploads\/2025\/11\/Egyptian-Strawberries.webp 1024w\" sizes=\"(max-width: 300px) 100vw, 300px\" title=\"\"><h2 class=\"woocommerce-loop-product__title\">Morangos<\/h2>\n<\/a><a href=\"https:\/\/peitrade.com\/pt-br\/product\/morangos\/\" aria-describedby=\"woocommerce_loop_add_to_cart_link_describedby_7650\" data-quantity=\"1\" class=\"button product_type_simple\" data-product_id=\"7650\" data-product_sku=\"81010\" aria-label=\"Leia mais sobre &ldquo;Morangos&rdquo;\" rel=\"nofollow\" data-success_message=\"\">Leia mais<\/a>\t<span id=\"woocommerce_loop_add_to_cart_link_describedby_7650\" class=\"screen-reader-text\">\n\t\t\t<\/span>\n<\/li>\n<\/ul>\n<\/div><\/div>\n<\/div>\n<\/section>\n<section style=\"padding: 50px 20px; background-color: #f9f9f9;\">\n<div class=\"container\">\n<h2>Perguntas Frequentes<\/h2>\n<h3>Quando \u00e9 a temporada de colheita das t\u00e2maras eg\u00edpcias?<\/h3>\n<p>A colheita come\u00e7a em agosto e segue at\u00e9 dezembro, dependendo da variedade e regi\u00e3o.<\/p>\n<h3>Quais tipos de t\u00e2maras voc\u00eas exportam?<\/h3>\n<p>Fornecemos Siwa, Zaghloul, Hayany, Saidi e Deglet Noor em diferentes tipos e tamanhos.<\/p>\n<h3>Voc\u00eas oferecem embalagens a v\u00e1cuo ou prontas para varejo?<\/h3>\n<p>Sim, nossas t\u00e2maras podem ser embaladas a v\u00e1cuo ou em caixas para varejo, com marca privada conforme necess\u00e1rio.<\/p>\n<h3>\u00c9 poss\u00edvel misturar variedades em um \u00fanico cont\u00eainer?<\/h3>\n<p>Sim, aceitamos cargas mistas conforme exig\u00eancias de importa\u00e7\u00e3o ou varejo.<\/p>\n<\/div>\n<\/section>\n","protected":false},"excerpt":{"rendered":"<p>Principais exportadores de t\u00e2maras do Egito \u2013 Qualidade premium da PEI Trade &nbsp; A PEI Trade \u00e9 um dos l\u00edderes entre os exportadores de t\u00e2maras no Egito, oferecendo t\u00e2maras de qualidade superior cultivadas no f\u00e9rtil Vale do Nilo sob condi\u00e7\u00f5es naturais ideais. Nossas t\u00e2maras de exporta\u00e7\u00e3o s\u00e3o amadurecidas ao sol, cuidadosamente selecionadas e processadas conforme [&hellip;]<\/p>\n","protected":false},"author":1,"featured_media":0,"parent":0,"menu_order":0,"comment_status":"closed","ping_status":"closed","template":"","meta":{"footnotes":""},"class_list":["post-6038","page","type-page","status-publish","hentry"],"blocksy_meta":[],"mb":[],"featured_image_urls_v2":{"full":"","thumbnail":"","medium":"","medium_large":"","large":"","1536x1536":"","2048x2048":"","woocommerce_archive_thumbnail":"","woocommerce_thumbnail":"","woocommerce_single":"","woocommerce_gallery_thumbnail":""},"post_excerpt_stackable_v2":"<p>Principais exportadores de t\u00e2maras do Egito \u2013 Qualidade premium da PEI Trade &nbsp; A PEI Trade \u00e9 um dos l\u00edderes entre os exportadores de t\u00e2maras no Egito, oferecendo t\u00e2maras de qualidade superior cultivadas no f\u00e9rtil Vale do Nilo sob condi\u00e7\u00f5es naturais ideais. Nossas t\u00e2maras de exporta\u00e7\u00e3o s\u00e3o amadurecidas ao sol, cuidadosamente selecionadas e processadas conforme padr\u00f5es internacionais de higiene e seguran\u00e7a para atender aos mercados globais. Como confi\u00e1veis exportadores eg\u00edpcios de t\u00e2maras, nos especializamos no fornecimento em grande escala de variedades cobi\u00e7adas como t\u00e2maras Siwa, Zaghloul, Hayany, al\u00e9m de t\u00e2maras semi-secas como Saidi e Deglet Noor. Nossa equipe garante entrega&hellip;<\/p>\n","category_list_v2":"","author_info_v2":{"name":"Mostafa Sabry","url":"https:\/\/peitrade.com\/pt-br\/author\/emostafaadel_jn8gcqbo\/"},"comments_num_v2":"0 coment\u00e1rio","mfb_rest_fields":["title","blocksy_meta","featured_image_urls_v2","post_excerpt_stackable_v2","category_list_v2","author_info_v2","comments_num_v2"],"_links":{"self":[{"href":"https:\/\/peitrade.com\/pt-br\/wp-json\/wp\/v2\/pages\/6038","targetHints":{"allow":["GET"]}}],"collection":[{"href":"https:\/\/peitrade.com\/pt-br\/wp-json\/wp\/v2\/pages"}],"about":[{"href":"https:\/\/peitrade.com\/pt-br\/wp-json\/wp\/v2\/types\/page"}],"author":[{"embeddable":true,"href":"https:\/\/peitrade.com\/pt-br\/wp-json\/wp\/v2\/users\/1"}],"replies":[{"embeddable":true,"href":"https:\/\/peitrade.com\/pt-br\/wp-json\/wp\/v2\/comments?post=6038"}],"version-history":[{"count":1,"href":"https:\/\/peitrade.com\/pt-br\/wp-json\/wp\/v2\/pages\/6038\/revisions"}],"predecessor-version":[{"id":6039,"href":"https:\/\/peitrade.com\/pt-br\/wp-json\/wp\/v2\/pages\/6038\/revisions\/6039"}],"wp:attachment":[{"href":"https:\/\/peitrade.com\/pt-br\/wp-json\/wp\/v2\/media?parent=6038"}],"curies":[{"name":"wp","href":"https:\/\/api.w.org\/{rel}","templated":true}]}}