{"id":6094,"date":"2025-06-17T13:37:55","date_gmt":"2025-06-17T13:37:55","guid":{"rendered":"http:\/\/46.224.74.15\/principais-exportadores-de-meloes\/"},"modified":"2025-11-19T16:47:44","modified_gmt":"2025-11-19T16:47:44","slug":"principais-exportadores-de-meloes","status":"publish","type":"page","link":"https:\/\/peitrade.com\/pt-br\/principais-exportadores-de-meloes\/","title":{"rendered":"Principais exportadores de mel\u00f5es do Egito \u2013 PEI Trade"},"content":{"rendered":"<section style=\"padding: 60px 20px; background-color: #f9f9f9;\">\n<div class=\"container\">\n<p>A PEI Trade se destaca entre os <b>exportadores de mel\u00f5es cantaloupe<\/b>, fornecendo mel\u00f5es eg\u00edpcios premium cultivados sob condi\u00e7\u00f5es mediterr\u00e2neas ideais. Especializamo-nos em oferecer produtos de alta qualidade para mercados globais com total transpar\u00eancia e excelente servi\u00e7o.<\/p>\n<p>Como um dos principais <b>fornecedores de mel\u00f5es cantaloupe<\/b>, oferecemos <b>mel\u00f5es cantaloupe a granel para venda<\/b> com <b>pre\u00e7os de atacado competitivos<\/b>, atendendo \u00e0s necessidades de supermercados, processadores de alimentos e distribuidores. Nossa reputa\u00e7\u00e3o como um <b>fornecedor confi\u00e1vel de mel\u00f5es cantaloupe do Egito<\/b> \u00e9 constru\u00edda com base na qualidade consistente, log\u00edstica personalizada e solu\u00e7\u00f5es centradas no cliente.<\/p>\n<\/div>\n<\/section>\n<div class=\"wp-block-woocommerce-product-collection\"><div class=\"woocommerce columns-4 \"><ul class=\"products columns-4\" data-products=\"type-2\">\n<li class=\"product type-product post-7437 status-publish first instock product_cat-in-season product_cat-fruits has-post-thumbnail shipping-taxable product-type-simple\">\n\t<a href=\"https:\/\/peitrade.com\/pt-br\/product\/laranjas\/\" class=\"woocommerce-LoopProduct-link woocommerce-loop-product__link\"><img decoding=\"async\" width=\"300\" height=\"300\" src=\"https:\/\/peitrade.com\/wp-content\/uploads\/2025\/11\/Egyptian-Oranges-300x300.webp\" class=\"attachment-woocommerce_thumbnail size-woocommerce_thumbnail\" alt=\"\u0635\u0627\u062f\u0631\u0627\u062a \u0627\u0644\u0628\u0631\u062a\u0642\u0627\u0644 \u0627\u0644\u0645\u0635\u0631\u064a \u0625\u0644\u0649 \u0643\u0646\u062f\u0627 \u062a\u0633\u062c\u0644 \u0631\u0642\u0645\u0627\u064b \u0642\u064a\u0627\u0633\u064a\u0627\u064b \u0641\u064a 2025\" srcset=\"https:\/\/peitrade.com\/wp-content\/uploads\/2025\/11\/Egyptian-Oranges-300x300.webp 300w, https:\/\/peitrade.com\/wp-content\/uploads\/2025\/11\/Egyptian-Oranges-150x150.webp 150w, https:\/\/peitrade.com\/wp-content\/uploads\/2025\/11\/Egyptian-Oranges-768x768.webp 768w, https:\/\/peitrade.com\/wp-content\/uploads\/2025\/11\/Egyptian-Oranges-600x600.webp 600w, https:\/\/peitrade.com\/wp-content\/uploads\/2025\/11\/Egyptian-Oranges-100x100.webp 100w, https:\/\/peitrade.com\/wp-content\/uploads\/2025\/11\/Egyptian-Oranges.webp 1024w\" sizes=\"(max-width: 300px) 100vw, 300px\" title=\"\"><h2 class=\"woocommerce-loop-product__title\">Laranjas<\/h2>\n<\/a><a href=\"https:\/\/peitrade.com\/pt-br\/product\/laranjas\/\" aria-describedby=\"woocommerce_loop_add_to_cart_link_describedby_7437\" data-quantity=\"1\" class=\"button product_type_simple\" data-product_id=\"7437\" data-product_sku=\"80510\" aria-label=\"Leia mais sobre &ldquo;Laranjas&rdquo;\" rel=\"nofollow\" data-success_message=\"\">Leia mais<\/a>\t<span id=\"woocommerce_loop_add_to_cart_link_describedby_7437\" class=\"screen-reader-text\">\n\t\t\t<\/span>\n<\/li>\n<li class=\"product type-product post-7516 status-publish instock product_cat-in-season product_cat-fruits has-post-thumbnail shipping-taxable product-type-simple\">\n\t<a href=\"https:\/\/peitrade.com\/pt-br\/product\/limoes\/\" class=\"woocommerce-LoopProduct-link woocommerce-loop-product__link\"><img decoding=\"async\" width=\"300\" height=\"300\" src=\"https:\/\/peitrade.com\/wp-content\/uploads\/2025\/11\/Egyptian-Lemons-300x300.webp\" class=\"attachment-woocommerce_thumbnail size-woocommerce_thumbnail\" alt=\"Lim\u00f5es\" srcset=\"https:\/\/peitrade.com\/wp-content\/uploads\/2025\/11\/Egyptian-Lemons-300x300.webp 300w, https:\/\/peitrade.com\/wp-content\/uploads\/2025\/11\/Egyptian-Lemons-150x150.webp 150w, https:\/\/peitrade.com\/wp-content\/uploads\/2025\/11\/Egyptian-Lemons-768x768.webp 768w, https:\/\/peitrade.com\/wp-content\/uploads\/2025\/11\/Egyptian-Lemons-600x600.webp 600w, https:\/\/peitrade.com\/wp-content\/uploads\/2025\/11\/Egyptian-Lemons-100x100.webp 100w, https:\/\/peitrade.com\/wp-content\/uploads\/2025\/11\/Egyptian-Lemons.webp 1024w\" sizes=\"(max-width: 300px) 100vw, 300px\" title=\"\"><h2 class=\"woocommerce-loop-product__title\">Lim\u00f5es<\/h2>\n<\/a><a href=\"https:\/\/peitrade.com\/pt-br\/product\/limoes\/\" aria-describedby=\"woocommerce_loop_add_to_cart_link_describedby_7516\" data-quantity=\"1\" class=\"button product_type_simple\" data-product_id=\"7516\" data-product_sku=\"80550\" aria-label=\"Leia mais sobre &ldquo;Lim\u00f5es&rdquo;\" rel=\"nofollow\" data-success_message=\"\">Leia mais<\/a>\t<span id=\"woocommerce_loop_add_to_cart_link_describedby_7516\" class=\"screen-reader-text\">\n\t\t\t<\/span>\n<\/li>\n<li class=\"product type-product post-7635 status-publish instock product_cat-fruits has-post-thumbnail shipping-taxable product-type-simple\">\n\t<a href=\"https:\/\/peitrade.com\/pt-br\/product\/manga\/\" class=\"woocommerce-LoopProduct-link woocommerce-loop-product__link\"><img decoding=\"async\" width=\"300\" height=\"300\" src=\"https:\/\/peitrade.com\/wp-content\/uploads\/2025\/11\/Egyption-Mango-300x300.webp\" class=\"attachment-woocommerce_thumbnail size-woocommerce_thumbnail\" alt=\"Mangoes: Egypt\u2019s Tropical Treasure\" srcset=\"https:\/\/peitrade.com\/wp-content\/uploads\/2025\/11\/Egyption-Mango-300x300.webp 300w, https:\/\/peitrade.com\/wp-content\/uploads\/2025\/11\/Egyption-Mango-150x150.webp 150w, https:\/\/peitrade.com\/wp-content\/uploads\/2025\/11\/Egyption-Mango-768x768.webp 768w, https:\/\/peitrade.com\/wp-content\/uploads\/2025\/11\/Egyption-Mango-600x600.webp 600w, https:\/\/peitrade.com\/wp-content\/uploads\/2025\/11\/Egyption-Mango-100x100.webp 100w, https:\/\/peitrade.com\/wp-content\/uploads\/2025\/11\/Egyption-Mango.webp 1024w\" sizes=\"(max-width: 300px) 100vw, 300px\" title=\"\"><h2 class=\"woocommerce-loop-product__title\">Manga<\/h2>\n<\/a><a href=\"https:\/\/peitrade.com\/pt-br\/product\/manga\/\" aria-describedby=\"woocommerce_loop_add_to_cart_link_describedby_7635\" data-quantity=\"1\" class=\"button product_type_simple\" data-product_id=\"7635\" data-product_sku=\"80450\" aria-label=\"Leia mais sobre &ldquo;Manga&rdquo;\" rel=\"nofollow\" data-success_message=\"\">Leia mais<\/a>\t<span id=\"woocommerce_loop_add_to_cart_link_describedby_7635\" class=\"screen-reader-text\">\n\t\t\t<\/span>\n<\/li>\n<li class=\"product type-product post-7650 status-publish last instock product_cat-fruits has-post-thumbnail shipping-taxable product-type-simple\">\n\t<a href=\"https:\/\/peitrade.com\/pt-br\/product\/morangos\/\" class=\"woocommerce-LoopProduct-link woocommerce-loop-product__link\"><img decoding=\"async\" width=\"300\" height=\"300\" src=\"https:\/\/peitrade.com\/wp-content\/uploads\/2025\/11\/Egyptian-Strawberries-300x300.webp\" class=\"attachment-woocommerce_thumbnail size-woocommerce_thumbnail\" alt=\"Morangos\" srcset=\"https:\/\/peitrade.com\/wp-content\/uploads\/2025\/11\/Egyptian-Strawberries-300x300.webp 300w, https:\/\/peitrade.com\/wp-content\/uploads\/2025\/11\/Egyptian-Strawberries-150x150.webp 150w, https:\/\/peitrade.com\/wp-content\/uploads\/2025\/11\/Egyptian-Strawberries-768x768.webp 768w, https:\/\/peitrade.com\/wp-content\/uploads\/2025\/11\/Egyptian-Strawberries-600x600.webp 600w, https:\/\/peitrade.com\/wp-content\/uploads\/2025\/11\/Egyptian-Strawberries-100x100.webp 100w, https:\/\/peitrade.com\/wp-content\/uploads\/2025\/11\/Egyptian-Strawberries.webp 1024w\" sizes=\"(max-width: 300px) 100vw, 300px\" title=\"\"><h2 class=\"woocommerce-loop-product__title\">Morangos<\/h2>\n<\/a><a href=\"https:\/\/peitrade.com\/pt-br\/product\/morangos\/\" aria-describedby=\"woocommerce_loop_add_to_cart_link_describedby_7650\" data-quantity=\"1\" class=\"button product_type_simple\" data-product_id=\"7650\" data-product_sku=\"81010\" aria-label=\"Leia mais sobre &ldquo;Morangos&rdquo;\" rel=\"nofollow\" data-success_message=\"\">Leia mais<\/a>\t<span id=\"woocommerce_loop_add_to_cart_link_describedby_7650\" class=\"screen-reader-text\">\n\t\t\t<\/span>\n<\/li>\n<\/ul>\n<\/div><\/div>\n<section style=\"padding: 50px 20px;\">\n<div class=\"container\">\n<h2>Por que escolher a PEI Trade como sua parceira de <b>exportadores de mel\u00f5es<\/b> cantaloupe?<\/h2>\n<p><span style=\"font-weight: 400;\">Nossos mel\u00f5es cantaloupe eg\u00edpcios s\u00e3o reconhecidos mundialmente por sua:<\/span><\/p>\n<ul>\n<li style=\"font-weight: 400;\">Sabor doce e arom\u00e1tico com textura firme<\/li>\n<li style=\"font-weight: 400;\">Forma e tamanho uniformes \u2013 ideais para varejo e servi\u00e7o de alimentos<\/li>\n<li style=\"font-weight: 400;\">Longa vida \u00fatil devido \u00e0 colheita e resfriamento meticulosos<\/li>\n<li style=\"font-weight: 400;\">Baixa perda de \u00e1gua durante o transporte \u2013 perfeito para exporta\u00e7\u00e3o<\/li>\n<li style=\"font-weight: 400;\">Conformidade total com os regulamentos de seguran\u00e7a alimentar da UE e do Golfo<\/li>\n<\/ul>\n<p><span style=\"font-weight: 400;\">Mantemos conex\u00f5es diretas com fazendas confi\u00e1veis, permitindo-nos supervisionar a qualidade desde a semente at\u00e9 o embarque como <b>fornecedores confi\u00e1veis de mel\u00e3o cantaloupe do Egito<\/b>.<\/span><\/p>\n<h2>Nosso processo de exporta\u00e7\u00e3o \u2013 da fazenda \u00e0 entrega<\/h2>\n<p><span style=\"font-weight: 400;\">Nosso processo garante que cada mel\u00e3o exportado chegue fresco e pronto para o mercado. Veja como:<\/span><\/p>\n<ul>\n<li style=\"font-weight: 400;\">Colheita precisa para do\u00e7ura e textura ideais<\/li>\n<li style=\"font-weight: 400;\">Classifica\u00e7\u00e3o e triagem para uniformidade<\/li>\n<li style=\"font-weight: 400;\">Hidroresfriamento para preservar a frescura<\/li>\n<li style=\"font-weight: 400;\">Embalagem ventilada para minimizar machucados<\/li>\n<li style=\"font-weight: 400;\">Documenta\u00e7\u00e3o completa para facilitar o despacho aduaneiro<\/li>\n<\/ul>\n<p><span style=\"font-weight: 400;\">Nossa equipe garante confiabilidade em cada etapa, refor\u00e7ando nosso status como principais <b>exportadores de mel\u00e3o cantaloupe<\/b>.<\/span><\/p>\n<h2>Calend\u00e1rio de colheita e disponibilidade global<\/h2>\n<p><span style=\"font-weight: 400;\">A temporada de colheita do mel\u00e3o cantaloupe no Egito atinge o pico entre <b>maio e julho<\/b>, o que nos torna um fornecedor ideal para a demanda de ver\u00e3o em todo o mundo. Tamb\u00e9m oferecemos fornecimento fora de \u00e9poca por meio de nossas instala\u00e7\u00f5es de armazenamento refrigerado.<\/span><\/p>\n<p style=\"font-weight: 400;\">Nossos cronogramas de exporta\u00e7\u00e3o ajudam os clientes a planejar promo\u00e7\u00f5es de varejo e reabastecimentos com confian\u00e7a.<\/p>\n<h3>Mercados que atendemos<\/h3>\n<p><span style=\"font-weight: 400;\">Como experientes <b>fornecedores de mel\u00f5es cantaloupe<\/b>, atendemos a:<\/span><\/p>\n<ul>\n<li><b>Redes de Varejo:<\/b> Frutas premium prontas para prateleira<\/li>\n<li><b>Processadores de Alimentos:<\/b> Perfeitas para fatiar, fazer suco e embalar<\/li>\n<li><b>Distribuidores Atacadistas:<\/b> Volumes flex\u00edveis para mercados globais<\/li>\n<li><b>Hot\u00e9is e Catering:<\/b> Produtos frescos e saborosos para cozinhas de elite<\/li>\n<\/ul>\n<h3>Regi\u00f5es e alcance de exporta\u00e7\u00e3o<\/h3>\n<p><span style=\"font-weight: 400;\">Exportamos mel\u00f5es cantaloupe eg\u00edpcios para:<\/span><\/p>\n<ul>\n<li>Regi\u00e3o do Golfo: Emirados \u00c1rabes Unidos, Ar\u00e1bia Saudita, Kuwait, Catar<\/li>\n<li>Europa: Alemanha, Pa\u00edses Baixos, Fran\u00e7a, Europa Oriental<\/li>\n<li>\u00c1sia: Singapura, Mal\u00e1sia, \u00cdndia<\/li>\n<li>\u00c1frica: Qu\u00eania, Marrocos, \u00c1frica do Sul<\/li>\n<\/ul>\n<p><span style=\"font-weight: 400;\">Seja para cargas completas ou parciais (LCL), nossas ofertas de <b>pre\u00e7os de atacado de mel\u00e3o cantaloupe<\/b> s\u00e3o adaptadas aos seus objetivos de fornecimento.<\/span><\/p>\n<h2>Solu\u00e7\u00f5es de embalagem personalizadas<\/h2>\n<p><span style=\"font-weight: 400;\">Nossas op\u00e7\u00f5es de embalagem incluem:<\/span><\/p>\n<ul>\n<li>Caixas com mel\u00f5es em rede ou embalados individualmente<\/li>\n<li>Caixas de 5 kg e 10 kg, personaliz\u00e1veis com sua marca<\/li>\n<li>Embalagens prontas para varejo<\/li>\n<li>Cargas paletizadas com controle de temperatura<\/li>\n<\/ul>\n<p><span style=\"font-weight: 400;\">Etiquetas dispon\u00edveis no idioma do seu mercado e embalagens em conformidade com padr\u00f5es regionais.<\/span><\/p>\n<\/div>\n<\/section>\n<section style=\"padding: 50px 20px; background-color: #f0f0f0;\">\n<div class=\"container\">\n<h2>Parceria com a PEI Trade \u2013 Seus Exportadores de Mel\u00e3o Confi\u00e1veis<\/h2>\n<p>Se procura <b>mel\u00f5es cantaloupe a granel para venda<\/b> com qualidade consistente, disponibilidade sazonal e pre\u00e7os competitivos, a PEI Trade \u00e9 o seu <b>fornecedor de mel\u00e3o cantaloupe do Egito<\/b>.<\/p>\n<p>Combinamos experi\u00eancia agr\u00edcola com excel\u00eancia em exporta\u00e7\u00e3o para oferecer valor e servi\u00e7o incompar\u00e1veis.<\/p>\n<h2>Solicite um Or\u00e7amento ou Amostra<\/h2>\n<p>Entre em contato com nossa equipe de exporta\u00e7\u00e3o para obter o <b>pre\u00e7o de atacado mais recente de mel\u00e3o cantaloupe<\/b>, discutir suas prefer\u00eancias de envio ou solicitar um envio de amostra.<\/p>\n<p style=\"text-align: center; margin-top: 40px;\"><a class=\"button primary large\" href=\"\/contact\">Solicitar Or\u00e7amento<\/a><\/p>\n<\/div>\n<\/section>\n<section style=\"padding: 50px 20px;\">\n<div class=\"container\">\n<h2>Explore Mais Produtos Frescos do Egito<\/h2>\n<p>&nbsp;<\/p>\n<p>Al\u00e9m dos mel\u00f5es cantaloupe, a PEI Trade oferece uma ampla variedade de produtos agr\u00edcolas, incluindo feij\u00e3o branco, batatas, frutas c\u00edtricas e uvas. Expanda seu portf\u00f3lio de produtos frescos com nossas op\u00e7\u00f5es prontas para exporta\u00e7\u00e3o. <a href=\"\/about\">Saiba mais sobre a PEI Trade<\/a>.<\/p>\n<div class=\"wp-block-woocommerce-product-collection\"><div class=\"woocommerce columns-4 \"><ul class=\"products columns-4\" data-products=\"type-2\">\n<li class=\"product type-product post-7567 status-publish first instock product_cat-in-season product_cat-fruits has-post-thumbnail shipping-taxable product-type-simple\">\n\t<a href=\"https:\/\/peitrade.com\/pt-br\/product\/goiaba\/\" class=\"woocommerce-LoopProduct-link woocommerce-loop-product__link\"><img decoding=\"async\" width=\"300\" height=\"300\" src=\"https:\/\/peitrade.com\/wp-content\/uploads\/2025\/11\/Egyptian-Guava-300x300.webp\" class=\"attachment-woocommerce_thumbnail size-woocommerce_thumbnail\" alt=\"Egyptian Guava\" srcset=\"https:\/\/peitrade.com\/wp-content\/uploads\/2025\/11\/Egyptian-Guava-300x300.webp 300w, https:\/\/peitrade.com\/wp-content\/uploads\/2025\/11\/Egyptian-Guava-150x150.webp 150w, https:\/\/peitrade.com\/wp-content\/uploads\/2025\/11\/Egyptian-Guava-768x768.webp 768w, https:\/\/peitrade.com\/wp-content\/uploads\/2025\/11\/Egyptian-Guava-600x600.webp 600w, https:\/\/peitrade.com\/wp-content\/uploads\/2025\/11\/Egyptian-Guava-100x100.webp 100w, https:\/\/peitrade.com\/wp-content\/uploads\/2025\/11\/Egyptian-Guava.webp 1024w\" sizes=\"(max-width: 300px) 100vw, 300px\" title=\"\"><h2 class=\"woocommerce-loop-product__title\">Goiaba<\/h2>\n<\/a><a href=\"https:\/\/peitrade.com\/pt-br\/product\/goiaba\/\" aria-describedby=\"woocommerce_loop_add_to_cart_link_describedby_7567\" data-quantity=\"1\" class=\"button product_type_simple\" data-product_id=\"7567\" data-product_sku=\"80451\" aria-label=\"Leia mais sobre &ldquo;Goiaba&rdquo;\" rel=\"nofollow\" data-success_message=\"\">Leia mais<\/a>\t<span id=\"woocommerce_loop_add_to_cart_link_describedby_7567\" class=\"screen-reader-text\">\n\t\t\t<\/span>\n<\/li>\n<li class=\"product type-product post-7437 status-publish instock product_cat-in-season product_cat-fruits has-post-thumbnail shipping-taxable product-type-simple\">\n\t<a href=\"https:\/\/peitrade.com\/pt-br\/product\/laranjas\/\" class=\"woocommerce-LoopProduct-link woocommerce-loop-product__link\"><img decoding=\"async\" width=\"300\" height=\"300\" src=\"https:\/\/peitrade.com\/wp-content\/uploads\/2025\/11\/Egyptian-Oranges-300x300.webp\" class=\"attachment-woocommerce_thumbnail size-woocommerce_thumbnail\" alt=\"\u0635\u0627\u062f\u0631\u0627\u062a \u0627\u0644\u0628\u0631\u062a\u0642\u0627\u0644 \u0627\u0644\u0645\u0635\u0631\u064a \u0625\u0644\u0649 \u0643\u0646\u062f\u0627 \u062a\u0633\u062c\u0644 \u0631\u0642\u0645\u0627\u064b \u0642\u064a\u0627\u0633\u064a\u0627\u064b \u0641\u064a 2025\" srcset=\"https:\/\/peitrade.com\/wp-content\/uploads\/2025\/11\/Egyptian-Oranges-300x300.webp 300w, https:\/\/peitrade.com\/wp-content\/uploads\/2025\/11\/Egyptian-Oranges-150x150.webp 150w, https:\/\/peitrade.com\/wp-content\/uploads\/2025\/11\/Egyptian-Oranges-768x768.webp 768w, https:\/\/peitrade.com\/wp-content\/uploads\/2025\/11\/Egyptian-Oranges-600x600.webp 600w, https:\/\/peitrade.com\/wp-content\/uploads\/2025\/11\/Egyptian-Oranges-100x100.webp 100w, https:\/\/peitrade.com\/wp-content\/uploads\/2025\/11\/Egyptian-Oranges.webp 1024w\" sizes=\"(max-width: 300px) 100vw, 300px\" title=\"\"><h2 class=\"woocommerce-loop-product__title\">Laranjas<\/h2>\n<\/a><a href=\"https:\/\/peitrade.com\/pt-br\/product\/laranjas\/\" aria-describedby=\"woocommerce_loop_add_to_cart_link_describedby_7437\" data-quantity=\"1\" class=\"button product_type_simple\" data-product_id=\"7437\" data-product_sku=\"80510\" aria-label=\"Leia mais sobre &ldquo;Laranjas&rdquo;\" rel=\"nofollow\" data-success_message=\"\">Leia mais<\/a>\t<span id=\"woocommerce_loop_add_to_cart_link_describedby_7437\" class=\"screen-reader-text\">\n\t\t\t<\/span>\n<\/li>\n<li class=\"product type-product post-7734 status-publish instock product_cat-fruits has-post-thumbnail shipping-taxable product-type-simple\">\n\t<a href=\"https:\/\/peitrade.com\/pt-br\/product\/roma\/\" class=\"woocommerce-LoopProduct-link woocommerce-loop-product__link\"><img decoding=\"async\" width=\"300\" height=\"300\" src=\"https:\/\/peitrade.com\/wp-content\/uploads\/2025\/11\/Egyptian-Pomegranate-300x300.webp\" class=\"attachment-woocommerce_thumbnail size-woocommerce_thumbnail\" alt=\"Pomegranates: The Superfruit Appeal\" srcset=\"https:\/\/peitrade.com\/wp-content\/uploads\/2025\/11\/Egyptian-Pomegranate-300x300.webp 300w, https:\/\/peitrade.com\/wp-content\/uploads\/2025\/11\/Egyptian-Pomegranate-150x150.webp 150w, https:\/\/peitrade.com\/wp-content\/uploads\/2025\/11\/Egyptian-Pomegranate-768x768.webp 768w, https:\/\/peitrade.com\/wp-content\/uploads\/2025\/11\/Egyptian-Pomegranate-600x600.webp 600w, https:\/\/peitrade.com\/wp-content\/uploads\/2025\/11\/Egyptian-Pomegranate-100x100.webp 100w, https:\/\/peitrade.com\/wp-content\/uploads\/2025\/11\/Egyptian-Pomegranate.webp 1024w\" sizes=\"(max-width: 300px) 100vw, 300px\" title=\"\"><h2 class=\"woocommerce-loop-product__title\">Rom\u00e3<\/h2>\n<\/a><a href=\"https:\/\/peitrade.com\/pt-br\/product\/roma\/\" aria-describedby=\"woocommerce_loop_add_to_cart_link_describedby_7734\" data-quantity=\"1\" class=\"button product_type_simple\" data-product_id=\"7734\" data-product_sku=\"81090\" aria-label=\"Leia mais sobre &ldquo;Rom\u00e3&rdquo;\" rel=\"nofollow\" data-success_message=\"\">Leia mais<\/a>\t<span id=\"woocommerce_loop_add_to_cart_link_describedby_7734\" class=\"screen-reader-text\">\n\t\t\t<\/span>\n<\/li>\n<li class=\"product type-product post-7561 status-publish last instock product_cat-fruits has-post-thumbnail shipping-taxable product-type-simple\">\n\t<a href=\"https:\/\/peitrade.com\/pt-br\/product\/uvas\/\" class=\"woocommerce-LoopProduct-link woocommerce-loop-product__link\"><img decoding=\"async\" width=\"300\" height=\"300\" src=\"https:\/\/peitrade.com\/wp-content\/uploads\/2025\/11\/Egyptian-Grapes-300x300.webp\" class=\"attachment-woocommerce_thumbnail size-woocommerce_thumbnail\" alt=\"Grapes: A Rising Star\" srcset=\"https:\/\/peitrade.com\/wp-content\/uploads\/2025\/11\/Egyptian-Grapes-300x300.webp 300w, https:\/\/peitrade.com\/wp-content\/uploads\/2025\/11\/Egyptian-Grapes-150x150.webp 150w, https:\/\/peitrade.com\/wp-content\/uploads\/2025\/11\/Egyptian-Grapes-768x768.webp 768w, https:\/\/peitrade.com\/wp-content\/uploads\/2025\/11\/Egyptian-Grapes-600x600.webp 600w, https:\/\/peitrade.com\/wp-content\/uploads\/2025\/11\/Egyptian-Grapes-100x100.webp 100w, https:\/\/peitrade.com\/wp-content\/uploads\/2025\/11\/Egyptian-Grapes.webp 1024w\" sizes=\"(max-width: 300px) 100vw, 300px\" title=\"\"><h2 class=\"woocommerce-loop-product__title\">Uvas<\/h2>\n<\/a><a href=\"https:\/\/peitrade.com\/pt-br\/product\/uvas\/\" aria-describedby=\"woocommerce_loop_add_to_cart_link_describedby_7561\" data-quantity=\"1\" class=\"button product_type_simple\" data-product_id=\"7561\" data-product_sku=\"80610\" aria-label=\"Leia mais sobre &ldquo;Uvas&rdquo;\" rel=\"nofollow\" data-success_message=\"\">Leia mais<\/a>\t<span id=\"woocommerce_loop_add_to_cart_link_describedby_7561\" class=\"screen-reader-text\">\n\t\t\t<\/span>\n<\/li>\n<\/ul>\n<\/div><\/div>\n<\/div>\n<\/section>\n<section style=\"padding: 50px 20px; background-color: #f9f9f9;\">\n<div class=\"container\">\n<h2>Perguntas Frequentes<\/h2>\n<h3>O que torna seus mel\u00f5es cantaloupe ideais para exporta\u00e7\u00e3o?<\/h3>\n<p>Nossos mel\u00f5es s\u00e3o colhidos no ponto ideal de maturidade, cuidadosamente resfriados e embalados para suportar o transporte internacional sem comprometer a qualidade.<\/p>\n<h3>Quando \u00e9 a temporada de colheita dos mel\u00f5es cantaloupe eg\u00edpcios?<\/h3>\n<p>Maio a julho \u00e9 nossa janela principal de colheita, com disponibilidade prolongada por meio de armazenamento refrigerado.<\/p>\n<h3>Voc\u00eas oferecem amostras de envio?<\/h3>\n<p>Sim, podemos enviar amostras para que voc\u00ea avalie a qualidade antes de fazer um pedido em grande escala.<\/p>\n<h3>\u00c9 poss\u00edvel personalizar as embalagens?<\/h3>\n<p>Com certeza. Fornecemos embalagens prontas para varejo, caixas a granel e op\u00e7\u00f5es com marca pr\u00f3pria.<\/p>\n<h3>Quais certifica\u00e7\u00f5es seus mel\u00f5es atendem?<\/h3>\n<p>Todas as exporta\u00e7\u00f5es acompanham documenta\u00e7\u00e3o completa, incluindo certificados fitossanit\u00e1rios e relat\u00f3rios de qualidade em conformidade com os padr\u00f5es da UE e do Golfo.<\/p>\n<\/div>\n<\/section>\n","protected":false},"excerpt":{"rendered":"<p>A PEI Trade se destaca entre os exportadores de mel\u00f5es cantaloupe, fornecendo mel\u00f5es eg\u00edpcios premium cultivados sob condi\u00e7\u00f5es mediterr\u00e2neas ideais. Especializamo-nos em oferecer produtos de alta qualidade para mercados globais com total transpar\u00eancia e excelente servi\u00e7o. Como um dos principais fornecedores de mel\u00f5es cantaloupe, oferecemos mel\u00f5es cantaloupe a granel para venda com pre\u00e7os de atacado [&hellip;]<\/p>\n","protected":false},"author":1,"featured_media":0,"parent":0,"menu_order":0,"comment_status":"closed","ping_status":"closed","template":"","meta":{"footnotes":""},"class_list":["post-6094","page","type-page","status-publish","hentry"],"blocksy_meta":[],"mb":[],"featured_image_urls_v2":{"full":"","thumbnail":"","medium":"","medium_large":"","large":"","1536x1536":"","2048x2048":"","woocommerce_archive_thumbnail":"","woocommerce_thumbnail":"","woocommerce_single":"","woocommerce_gallery_thumbnail":""},"post_excerpt_stackable_v2":"<p>A PEI Trade se destaca entre os exportadores de mel\u00f5es cantaloupe, fornecendo mel\u00f5es eg\u00edpcios premium cultivados sob condi\u00e7\u00f5es mediterr\u00e2neas ideais. Especializamo-nos em oferecer produtos de alta qualidade para mercados globais com total transpar\u00eancia e excelente servi\u00e7o. Como um dos principais fornecedores de mel\u00f5es cantaloupe, oferecemos mel\u00f5es cantaloupe a granel para venda com pre\u00e7os de atacado competitivos, atendendo \u00e0s necessidades de supermercados, processadores de alimentos e distribuidores. Nossa reputa\u00e7\u00e3o como um fornecedor confi\u00e1vel de mel\u00f5es cantaloupe do Egito \u00e9 constru\u00edda com base na qualidade consistente, log\u00edstica personalizada e solu\u00e7\u00f5es centradas no cliente. Laranjas Leia mais Lim\u00f5es Leia mais Manga Leia mais&hellip;<\/p>\n","category_list_v2":"","author_info_v2":{"name":"Mostafa Sabry","url":"https:\/\/peitrade.com\/pt-br\/author\/emostafaadel_jn8gcqbo\/"},"comments_num_v2":"0 coment\u00e1rio","mfb_rest_fields":["title","blocksy_meta","featured_image_urls_v2","post_excerpt_stackable_v2","category_list_v2","author_info_v2","comments_num_v2"],"_links":{"self":[{"href":"https:\/\/peitrade.com\/pt-br\/wp-json\/wp\/v2\/pages\/6094","targetHints":{"allow":["GET"]}}],"collection":[{"href":"https:\/\/peitrade.com\/pt-br\/wp-json\/wp\/v2\/pages"}],"about":[{"href":"https:\/\/peitrade.com\/pt-br\/wp-json\/wp\/v2\/types\/page"}],"author":[{"embeddable":true,"href":"https:\/\/peitrade.com\/pt-br\/wp-json\/wp\/v2\/users\/1"}],"replies":[{"embeddable":true,"href":"https:\/\/peitrade.com\/pt-br\/wp-json\/wp\/v2\/comments?post=6094"}],"version-history":[{"count":1,"href":"https:\/\/peitrade.com\/pt-br\/wp-json\/wp\/v2\/pages\/6094\/revisions"}],"predecessor-version":[{"id":6095,"href":"https:\/\/peitrade.com\/pt-br\/wp-json\/wp\/v2\/pages\/6094\/revisions\/6095"}],"wp:attachment":[{"href":"https:\/\/peitrade.com\/pt-br\/wp-json\/wp\/v2\/media?parent=6094"}],"curies":[{"name":"wp","href":"https:\/\/api.w.org\/{rel}","templated":true}]}}