{"id":6144,"date":"2025-06-18T12:01:45","date_gmt":"2025-06-18T12:01:45","guid":{"rendered":"http:\/\/46.224.74.15\/top-cantaloupes-egypt-supplier\/"},"modified":"2025-11-19T16:48:06","modified_gmt":"2025-11-19T16:48:06","slug":"fornecedor-de-meloes-egipcios","status":"publish","type":"page","link":"https:\/\/peitrade.com\/pt-br\/fornecedor-de-meloes-egipcios\/","title":{"rendered":"Fresh Cantaloupes from Egypt \u2013 Your Trusted Export Partner"},"content":{"rendered":"<section style=\"padding: 60px 20px; background-color: #f9f9f9;\">\n<div class=\"container\">\n<p>A PEI Trade \u00e9 um importante <strong>fornecedor de mel\u00f5es eg\u00edpcios<\/strong>, oferecendo frutas de alta qualidade cultivadas nos campos ensolarados do Egito. Nossos mel\u00f5es s\u00e3o conhecidos por seu aroma doce, sabor intenso e longa vida \u00fatil\u2014ideais para distribuidores, varejistas e empresas de food service que buscam produtos frescos e confi\u00e1veis.<\/p>\n<p>Como experientes <b>fornecedores de cantaloupe<\/b>, oferecemos solu\u00e7\u00f5es completas, desde a sele\u00e7\u00e3o das fazendas at\u00e9 a log\u00edstica internacional. Se voc\u00ea procura <b>mel\u00f5es cantaloupe a granel para venda<\/b> ou op\u00e7\u00f5es competitivas de <b>pre\u00e7o de atacado de cantaloupe<\/b>, a PEI Trade entrega com consist\u00eancia e cuidado.<\/p>\n<\/div>\n<\/section>\n<div class=\"wp-block-woocommerce-product-collection\"><div class=\"woocommerce columns-4 \"><ul class=\"products columns-4\" data-products=\"type-2\">\n<li class=\"product type-product post-7437 status-publish first instock product_cat-in-season product_cat-fruits has-post-thumbnail shipping-taxable product-type-simple\">\n\t<a href=\"https:\/\/peitrade.com\/pt-br\/product\/laranjas\/\" class=\"woocommerce-LoopProduct-link woocommerce-loop-product__link\"><img decoding=\"async\" width=\"300\" height=\"300\" src=\"https:\/\/peitrade.com\/wp-content\/uploads\/2025\/11\/Egyptian-Oranges-300x300.webp\" class=\"attachment-woocommerce_thumbnail size-woocommerce_thumbnail\" alt=\"\u0635\u0627\u062f\u0631\u0627\u062a \u0627\u0644\u0628\u0631\u062a\u0642\u0627\u0644 \u0627\u0644\u0645\u0635\u0631\u064a \u0625\u0644\u0649 \u0643\u0646\u062f\u0627 \u062a\u0633\u062c\u0644 \u0631\u0642\u0645\u0627\u064b \u0642\u064a\u0627\u0633\u064a\u0627\u064b \u0641\u064a 2025\" srcset=\"https:\/\/peitrade.com\/wp-content\/uploads\/2025\/11\/Egyptian-Oranges-300x300.webp 300w, https:\/\/peitrade.com\/wp-content\/uploads\/2025\/11\/Egyptian-Oranges-150x150.webp 150w, https:\/\/peitrade.com\/wp-content\/uploads\/2025\/11\/Egyptian-Oranges-768x768.webp 768w, https:\/\/peitrade.com\/wp-content\/uploads\/2025\/11\/Egyptian-Oranges-600x600.webp 600w, https:\/\/peitrade.com\/wp-content\/uploads\/2025\/11\/Egyptian-Oranges-100x100.webp 100w, https:\/\/peitrade.com\/wp-content\/uploads\/2025\/11\/Egyptian-Oranges.webp 1024w\" sizes=\"(max-width: 300px) 100vw, 300px\" title=\"\"><h2 class=\"woocommerce-loop-product__title\">Laranjas<\/h2>\n<\/a><a href=\"https:\/\/peitrade.com\/pt-br\/product\/laranjas\/\" aria-describedby=\"woocommerce_loop_add_to_cart_link_describedby_7437\" data-quantity=\"1\" class=\"button product_type_simple\" data-product_id=\"7437\" data-product_sku=\"80510\" aria-label=\"Leia mais sobre &ldquo;Laranjas&rdquo;\" rel=\"nofollow\" data-success_message=\"\">Leia mais<\/a>\t<span id=\"woocommerce_loop_add_to_cart_link_describedby_7437\" class=\"screen-reader-text\">\n\t\t\t<\/span>\n<\/li>\n<li class=\"product type-product post-7516 status-publish instock product_cat-in-season product_cat-fruits has-post-thumbnail shipping-taxable product-type-simple\">\n\t<a href=\"https:\/\/peitrade.com\/pt-br\/product\/limoes\/\" class=\"woocommerce-LoopProduct-link woocommerce-loop-product__link\"><img decoding=\"async\" width=\"300\" height=\"300\" src=\"https:\/\/peitrade.com\/wp-content\/uploads\/2025\/11\/Egyptian-Lemons-300x300.webp\" class=\"attachment-woocommerce_thumbnail size-woocommerce_thumbnail\" alt=\"Lim\u00f5es\" srcset=\"https:\/\/peitrade.com\/wp-content\/uploads\/2025\/11\/Egyptian-Lemons-300x300.webp 300w, https:\/\/peitrade.com\/wp-content\/uploads\/2025\/11\/Egyptian-Lemons-150x150.webp 150w, https:\/\/peitrade.com\/wp-content\/uploads\/2025\/11\/Egyptian-Lemons-768x768.webp 768w, https:\/\/peitrade.com\/wp-content\/uploads\/2025\/11\/Egyptian-Lemons-600x600.webp 600w, https:\/\/peitrade.com\/wp-content\/uploads\/2025\/11\/Egyptian-Lemons-100x100.webp 100w, https:\/\/peitrade.com\/wp-content\/uploads\/2025\/11\/Egyptian-Lemons.webp 1024w\" sizes=\"(max-width: 300px) 100vw, 300px\" title=\"\"><h2 class=\"woocommerce-loop-product__title\">Lim\u00f5es<\/h2>\n<\/a><a href=\"https:\/\/peitrade.com\/pt-br\/product\/limoes\/\" aria-describedby=\"woocommerce_loop_add_to_cart_link_describedby_7516\" data-quantity=\"1\" class=\"button product_type_simple\" data-product_id=\"7516\" data-product_sku=\"80550\" aria-label=\"Leia mais sobre &ldquo;Lim\u00f5es&rdquo;\" rel=\"nofollow\" data-success_message=\"\">Leia mais<\/a>\t<span id=\"woocommerce_loop_add_to_cart_link_describedby_7516\" class=\"screen-reader-text\">\n\t\t\t<\/span>\n<\/li>\n<li class=\"product type-product post-7635 status-publish instock product_cat-fruits has-post-thumbnail shipping-taxable product-type-simple\">\n\t<a href=\"https:\/\/peitrade.com\/pt-br\/product\/manga\/\" class=\"woocommerce-LoopProduct-link woocommerce-loop-product__link\"><img decoding=\"async\" width=\"300\" height=\"300\" src=\"https:\/\/peitrade.com\/wp-content\/uploads\/2025\/11\/Egyption-Mango-300x300.webp\" class=\"attachment-woocommerce_thumbnail size-woocommerce_thumbnail\" alt=\"Mangoes: Egypt\u2019s Tropical Treasure\" srcset=\"https:\/\/peitrade.com\/wp-content\/uploads\/2025\/11\/Egyption-Mango-300x300.webp 300w, https:\/\/peitrade.com\/wp-content\/uploads\/2025\/11\/Egyption-Mango-150x150.webp 150w, https:\/\/peitrade.com\/wp-content\/uploads\/2025\/11\/Egyption-Mango-768x768.webp 768w, https:\/\/peitrade.com\/wp-content\/uploads\/2025\/11\/Egyption-Mango-600x600.webp 600w, https:\/\/peitrade.com\/wp-content\/uploads\/2025\/11\/Egyption-Mango-100x100.webp 100w, https:\/\/peitrade.com\/wp-content\/uploads\/2025\/11\/Egyption-Mango.webp 1024w\" sizes=\"(max-width: 300px) 100vw, 300px\" title=\"\"><h2 class=\"woocommerce-loop-product__title\">Manga<\/h2>\n<\/a><a href=\"https:\/\/peitrade.com\/pt-br\/product\/manga\/\" aria-describedby=\"woocommerce_loop_add_to_cart_link_describedby_7635\" data-quantity=\"1\" class=\"button product_type_simple\" data-product_id=\"7635\" data-product_sku=\"80450\" aria-label=\"Leia mais sobre &ldquo;Manga&rdquo;\" rel=\"nofollow\" data-success_message=\"\">Leia mais<\/a>\t<span id=\"woocommerce_loop_add_to_cart_link_describedby_7635\" class=\"screen-reader-text\">\n\t\t\t<\/span>\n<\/li>\n<li class=\"product type-product post-7650 status-publish last instock product_cat-fruits has-post-thumbnail shipping-taxable product-type-simple\">\n\t<a href=\"https:\/\/peitrade.com\/pt-br\/product\/morangos\/\" class=\"woocommerce-LoopProduct-link woocommerce-loop-product__link\"><img decoding=\"async\" width=\"300\" height=\"300\" src=\"https:\/\/peitrade.com\/wp-content\/uploads\/2025\/11\/Egyptian-Strawberries-300x300.webp\" class=\"attachment-woocommerce_thumbnail size-woocommerce_thumbnail\" alt=\"Morangos\" srcset=\"https:\/\/peitrade.com\/wp-content\/uploads\/2025\/11\/Egyptian-Strawberries-300x300.webp 300w, https:\/\/peitrade.com\/wp-content\/uploads\/2025\/11\/Egyptian-Strawberries-150x150.webp 150w, https:\/\/peitrade.com\/wp-content\/uploads\/2025\/11\/Egyptian-Strawberries-768x768.webp 768w, https:\/\/peitrade.com\/wp-content\/uploads\/2025\/11\/Egyptian-Strawberries-600x600.webp 600w, https:\/\/peitrade.com\/wp-content\/uploads\/2025\/11\/Egyptian-Strawberries-100x100.webp 100w, https:\/\/peitrade.com\/wp-content\/uploads\/2025\/11\/Egyptian-Strawberries.webp 1024w\" sizes=\"(max-width: 300px) 100vw, 300px\" title=\"\"><h2 class=\"woocommerce-loop-product__title\">Morangos<\/h2>\n<\/a><a href=\"https:\/\/peitrade.com\/pt-br\/product\/morangos\/\" aria-describedby=\"woocommerce_loop_add_to_cart_link_describedby_7650\" data-quantity=\"1\" class=\"button product_type_simple\" data-product_id=\"7650\" data-product_sku=\"81010\" aria-label=\"Leia mais sobre &ldquo;Morangos&rdquo;\" rel=\"nofollow\" data-success_message=\"\">Leia mais<\/a>\t<span id=\"woocommerce_loop_add_to_cart_link_describedby_7650\" class=\"screen-reader-text\">\n\t\t\t<\/span>\n<\/li>\n<\/ul>\n<\/div><\/div>\n<section style=\"padding: 50px 20px;\">\n<div class=\"container\">\n<h2>Por que escolher a PEI Trade como seu fornecedor de mel\u00f5es eg\u00edpcios?<\/h2>\n<p><span style=\"font-weight: 400;\">Nossos cantaloupes eg\u00edpcios se destacam no mercado internacional gra\u00e7as a:<\/span><\/p>\n<ul>\n<li style=\"font-weight: 400;\" aria-level=\"1\"><span style=\"font-weight: 400;\">Sabor doce e textura suculenta, perfeitos para consumo in natura<\/span><\/li>\n<li style=\"font-weight: 400;\" aria-level=\"1\"><span style=\"font-weight: 400;\">Tamanho uniforme e polpa alaranjada atrativa, dentro dos padr\u00f5es do varejo<\/span><\/li>\n<li style=\"font-weight: 400;\" aria-level=\"1\"><span style=\"font-weight: 400;\">Rigoroso controle de qualidade e rastreabilidade<\/span><\/li>\n<li style=\"font-weight: 400;\" aria-level=\"1\"><span style=\"font-weight: 400;\">Vida \u00fatil prolongada para transporte internacional seguro<\/span><\/li>\n<li style=\"font-weight: 400;\" aria-level=\"1\"><span style=\"font-weight: 400;\">Op\u00e7\u00f5es de embalagem flex\u00edveis para clientes de atacado e varejo<\/span><\/li>\n<\/ul>\n<p><span style=\"font-weight: 400;\">Com uma reputa\u00e7\u00e3o s\u00f3lida entre os <b>exportadores de cantaloupe<\/b>, a PEI Trade garante qualidade consistente em cada remessa.<\/span><\/p>\n<h2>Nossa jornada de exporta\u00e7\u00e3o \u2013 dos campos do Egito aos mercados globais<\/h2>\n<p><span style=\"font-weight: 400;\">Nosso processo de exporta\u00e7\u00e3o \u00e9 projetado para preservar a frescura e atender aos rigorosos padr\u00f5es internacionais de qualidade:<\/span><\/p>\n<ul>\n<li style=\"font-weight: 400;\" aria-level=\"1\">Colheita no ponto ideal de matura\u00e7\u00e3o para sabor m\u00e1ximo<\/li>\n<li style=\"font-weight: 400;\" aria-level=\"1\">Pr\u00e9-resfriamento e manuseio higi\u00eanico para manter a frescura<\/li>\n<li style=\"font-weight: 400;\" aria-level=\"1\">Classifica\u00e7\u00e3o cuidadosa por tamanho e n\u00edvel de a\u00e7\u00facar (Brix)<\/li>\n<li style=\"font-weight: 400;\" aria-level=\"1\">Solu\u00e7\u00f5es de embalagem personalizadas para varejo e atacado<\/li>\n<li style=\"font-weight: 400;\" aria-level=\"1\">Documenta\u00e7\u00e3o completa de exporta\u00e7\u00e3o para facilitar o desembara\u00e7o aduaneiro<\/li>\n<\/ul>\n<p><span style=\"font-weight: 400;\">Nossa equipe de log\u00edstica garante entregas pontuais e cuida de todos os detalhes\u2014desde o carregamento at\u00e9 a libera\u00e7\u00e3o no porto\u2014para que voc\u00ea possa focar no seu mercado.<\/span><\/p>\n<h2>Calend\u00e1rio de colheita &amp; safra<\/h2>\n<p><span style=\"font-weight: 400;\">O clima ideal do Egito permite que ofere\u00e7amos cantaloupes de <b>maio a agosto<\/b>, garantindo disponibilidade quando muitas regi\u00f5es enfrentam escassez de fornecimento.<\/span><\/p>\n<p style=\"font-weight: 400;\">Tamb\u00e9m apoiamos o planejamento fora de temporada e fornecimento cont\u00ednuo para compradores que precisam de <b>mel\u00f5es cantaloupe a granel para venda<\/b> durante o ano todo.<\/p>\n<h3>Onde nossos cantaloupes se encaixam<\/h3>\n<p><span style=\"font-weight: 400;\">Nossos mel\u00f5es atendem \u00e0s exig\u00eancias de diversos setores, incluindo:<\/span><\/p>\n<ul>\n<li style=\"font-weight: 400;\" aria-level=\"1\"><b>Redes de varejo:<\/b> Apresenta\u00e7\u00e3o uniforme e atrativa para prateleiras de supermercados<\/li>\n<li style=\"font-weight: 400;\" aria-level=\"1\"><b>Hotelaria &amp; food service:<\/b> Ideais para hot\u00e9is, restaurantes e sucos naturais<\/li>\n<li style=\"font-weight: 400;\" aria-level=\"1\"><b>Neg\u00f3cios de importa\u00e7\u00e3o\/exporta\u00e7\u00e3o:<\/b> Quantidades a granel com <b>pre\u00e7o de atacado de cantaloupe<\/b> competitivo<\/li>\n<li style=\"font-weight: 400;\" aria-level=\"1\"><b>Processadores de alimentos:<\/b> Utilizados em embalagens de frutas frescas e saladas de frutas<\/li>\n<\/ul>\n<h3>Alcance do mercado global<\/h3>\n<p><span style=\"font-weight: 400;\">Como um dos principais <b>exportadores de cantaloupe<\/b> do Egito, a PEI Trade fornece para grandes mercados como:<\/span><\/p>\n<ul>\n<li style=\"font-weight: 400;\" aria-level=\"1\">Europa (Alemanha, Reino Unido, Fran\u00e7a)<\/li>\n<li style=\"font-weight: 400;\" aria-level=\"1\">Regi\u00e3o do Golfo (Emirados \u00c1rabes Unidos, Kuwait, Catar)<\/li>\n<li style=\"font-weight: 400;\" aria-level=\"1\">\u00c1frica (Nig\u00e9ria, Qu\u00eania, \u00c1frica do Sul)<\/li>\n<li style=\"font-weight: 400;\" aria-level=\"1\">\u00c1sia (\u00cdndia, Mal\u00e1sia, Singapura)<\/li>\n<\/ul>\n<p><span style=\"font-weight: 400;\">Personalizamos os volumes e cronogramas de envio de acordo com a demanda e as tend\u00eancias sazonais do seu mercado.<\/span><\/p>\n<h2>Solu\u00e7\u00f5es inteligentes de embalagem<\/h2>\n<p><span style=\"font-weight: 400;\">Para atender tanto atacadistas quanto varejistas, oferecemos diversos formatos de embalagem:<\/span><\/p>\n<ul>\n<li style=\"font-weight: 400;\" aria-level=\"1\">Caixas de papel\u00e3o de 5 kg e 10 kg para manuseio varejista<\/li>\n<li style=\"font-weight: 400;\" aria-level=\"1\">Caixotes e bins a granel para grandes distribuidores<\/li>\n<li style=\"font-weight: 400;\" aria-level=\"1\">Etiquetagem personalizada e op\u00e7\u00f5es de marca pr\u00f3pria<\/li>\n<li style=\"font-weight: 400;\" aria-level=\"1\">Paletiza\u00e7\u00e3o e compatibilidade com cadeia de frio para transporte a\u00e9reo ou mar\u00edtimo<\/li>\n<\/ul>\n<p><span style=\"font-weight: 400;\">Todas as embalagens seguem normas internacionais de seguran\u00e7a e s\u00e3o projetadas para manter a integridade da fruta durante o transporte.<\/span><\/p>\n<\/div>\n<\/section>\n<section style=\"padding: 50px 20px; background-color: #f0f0f0;\">\n<div class=\"container\">\n<h2>Parceria com um fornecedor confi\u00e1vel de cantaloupes do Egito<\/h2>\n<p>Procurando um <b>fornecedor de mel\u00f5es cantaloupe do Egito<\/b> confi\u00e1vel que entrega mais do que apenas frutas? Na PEI Trade, acreditamos em parcerias de longo prazo baseadas em confian\u00e7a, transpar\u00eancia e sucesso m\u00fatuo.<\/p>\n<p>Desde a escolha especializada da fazenda at\u00e9 a log\u00edstica de envio, cuidamos de tudo\u2014para que voc\u00ea importe com tranquilidade.<\/p>\n<h2>Solicite amostras ou um or\u00e7amento personalizado<\/h2>\n<p>Entre em contato com nossa equipe de exporta\u00e7\u00e3o para receber amostras de cantaloupe, discutir op\u00e7\u00f5es de embalagem ou solicitar o <b>pre\u00e7o de atacado de cantaloupe<\/b> mais recente.<\/p>\n<p style=\"text-align: center; margin-top: 40px;\"><a class=\"button primary large\" href=\"\/contact\">Fa\u00e7a seu pedido<\/a><\/p>\n<\/div>\n<\/section>\n<section style=\"padding: 50px 20px;\">\n<div class=\"container\">\n<h2>Explore mais frutas premium do Egito<\/h2>\n<p>&nbsp;<\/p>\n<p>Al\u00e9m dos mel\u00f5es cantaloupe, a PEI Trade tamb\u00e9m exporta uvas, laranjas, rom\u00e3s eg\u00edpcias e muito mais. Navegue pelo nosso cat\u00e1logo de produtos para diversificar seu portf\u00f3lio com frutas frescas prontas para exporta\u00e7\u00e3o. <a href=\"\/about\">Saiba mais sobre nossos produtos e capacidades<\/a>.<\/p>\n<div class=\"wp-block-woocommerce-product-collection\"><div class=\"woocommerce columns-4 \"><ul class=\"products columns-4\" data-products=\"type-2\">\n<li class=\"product type-product post-7567 status-publish first instock product_cat-in-season product_cat-fruits has-post-thumbnail shipping-taxable product-type-simple\">\n\t<a href=\"https:\/\/peitrade.com\/pt-br\/product\/goiaba\/\" class=\"woocommerce-LoopProduct-link woocommerce-loop-product__link\"><img decoding=\"async\" width=\"300\" height=\"300\" src=\"https:\/\/peitrade.com\/wp-content\/uploads\/2025\/11\/Egyptian-Guava-300x300.webp\" class=\"attachment-woocommerce_thumbnail size-woocommerce_thumbnail\" alt=\"Egyptian Guava\" srcset=\"https:\/\/peitrade.com\/wp-content\/uploads\/2025\/11\/Egyptian-Guava-300x300.webp 300w, https:\/\/peitrade.com\/wp-content\/uploads\/2025\/11\/Egyptian-Guava-150x150.webp 150w, https:\/\/peitrade.com\/wp-content\/uploads\/2025\/11\/Egyptian-Guava-768x768.webp 768w, https:\/\/peitrade.com\/wp-content\/uploads\/2025\/11\/Egyptian-Guava-600x600.webp 600w, https:\/\/peitrade.com\/wp-content\/uploads\/2025\/11\/Egyptian-Guava-100x100.webp 100w, https:\/\/peitrade.com\/wp-content\/uploads\/2025\/11\/Egyptian-Guava.webp 1024w\" sizes=\"(max-width: 300px) 100vw, 300px\" title=\"\"><h2 class=\"woocommerce-loop-product__title\">Goiaba<\/h2>\n<\/a><a href=\"https:\/\/peitrade.com\/pt-br\/product\/goiaba\/\" aria-describedby=\"woocommerce_loop_add_to_cart_link_describedby_7567\" data-quantity=\"1\" class=\"button product_type_simple\" data-product_id=\"7567\" data-product_sku=\"80451\" aria-label=\"Leia mais sobre &ldquo;Goiaba&rdquo;\" rel=\"nofollow\" data-success_message=\"\">Leia mais<\/a>\t<span id=\"woocommerce_loop_add_to_cart_link_describedby_7567\" class=\"screen-reader-text\">\n\t\t\t<\/span>\n<\/li>\n<li class=\"product type-product post-7437 status-publish instock product_cat-in-season product_cat-fruits has-post-thumbnail shipping-taxable product-type-simple\">\n\t<a href=\"https:\/\/peitrade.com\/pt-br\/product\/laranjas\/\" class=\"woocommerce-LoopProduct-link woocommerce-loop-product__link\"><img decoding=\"async\" width=\"300\" height=\"300\" src=\"https:\/\/peitrade.com\/wp-content\/uploads\/2025\/11\/Egyptian-Oranges-300x300.webp\" class=\"attachment-woocommerce_thumbnail size-woocommerce_thumbnail\" alt=\"\u0635\u0627\u062f\u0631\u0627\u062a \u0627\u0644\u0628\u0631\u062a\u0642\u0627\u0644 \u0627\u0644\u0645\u0635\u0631\u064a \u0625\u0644\u0649 \u0643\u0646\u062f\u0627 \u062a\u0633\u062c\u0644 \u0631\u0642\u0645\u0627\u064b \u0642\u064a\u0627\u0633\u064a\u0627\u064b \u0641\u064a 2025\" srcset=\"https:\/\/peitrade.com\/wp-content\/uploads\/2025\/11\/Egyptian-Oranges-300x300.webp 300w, https:\/\/peitrade.com\/wp-content\/uploads\/2025\/11\/Egyptian-Oranges-150x150.webp 150w, https:\/\/peitrade.com\/wp-content\/uploads\/2025\/11\/Egyptian-Oranges-768x768.webp 768w, https:\/\/peitrade.com\/wp-content\/uploads\/2025\/11\/Egyptian-Oranges-600x600.webp 600w, https:\/\/peitrade.com\/wp-content\/uploads\/2025\/11\/Egyptian-Oranges-100x100.webp 100w, https:\/\/peitrade.com\/wp-content\/uploads\/2025\/11\/Egyptian-Oranges.webp 1024w\" sizes=\"(max-width: 300px) 100vw, 300px\" title=\"\"><h2 class=\"woocommerce-loop-product__title\">Laranjas<\/h2>\n<\/a><a href=\"https:\/\/peitrade.com\/pt-br\/product\/laranjas\/\" aria-describedby=\"woocommerce_loop_add_to_cart_link_describedby_7437\" data-quantity=\"1\" class=\"button product_type_simple\" data-product_id=\"7437\" data-product_sku=\"80510\" aria-label=\"Leia mais sobre &ldquo;Laranjas&rdquo;\" rel=\"nofollow\" data-success_message=\"\">Leia mais<\/a>\t<span id=\"woocommerce_loop_add_to_cart_link_describedby_7437\" class=\"screen-reader-text\">\n\t\t\t<\/span>\n<\/li>\n<li class=\"product type-product post-7734 status-publish instock product_cat-fruits has-post-thumbnail shipping-taxable product-type-simple\">\n\t<a href=\"https:\/\/peitrade.com\/pt-br\/product\/roma\/\" class=\"woocommerce-LoopProduct-link woocommerce-loop-product__link\"><img decoding=\"async\" width=\"300\" height=\"300\" src=\"https:\/\/peitrade.com\/wp-content\/uploads\/2025\/11\/Egyptian-Pomegranate-300x300.webp\" class=\"attachment-woocommerce_thumbnail size-woocommerce_thumbnail\" alt=\"Pomegranates: The Superfruit Appeal\" srcset=\"https:\/\/peitrade.com\/wp-content\/uploads\/2025\/11\/Egyptian-Pomegranate-300x300.webp 300w, https:\/\/peitrade.com\/wp-content\/uploads\/2025\/11\/Egyptian-Pomegranate-150x150.webp 150w, https:\/\/peitrade.com\/wp-content\/uploads\/2025\/11\/Egyptian-Pomegranate-768x768.webp 768w, https:\/\/peitrade.com\/wp-content\/uploads\/2025\/11\/Egyptian-Pomegranate-600x600.webp 600w, https:\/\/peitrade.com\/wp-content\/uploads\/2025\/11\/Egyptian-Pomegranate-100x100.webp 100w, https:\/\/peitrade.com\/wp-content\/uploads\/2025\/11\/Egyptian-Pomegranate.webp 1024w\" sizes=\"(max-width: 300px) 100vw, 300px\" title=\"\"><h2 class=\"woocommerce-loop-product__title\">Rom\u00e3<\/h2>\n<\/a><a href=\"https:\/\/peitrade.com\/pt-br\/product\/roma\/\" aria-describedby=\"woocommerce_loop_add_to_cart_link_describedby_7734\" data-quantity=\"1\" class=\"button product_type_simple\" data-product_id=\"7734\" data-product_sku=\"81090\" aria-label=\"Leia mais sobre &ldquo;Rom\u00e3&rdquo;\" rel=\"nofollow\" data-success_message=\"\">Leia mais<\/a>\t<span id=\"woocommerce_loop_add_to_cart_link_describedby_7734\" class=\"screen-reader-text\">\n\t\t\t<\/span>\n<\/li>\n<li class=\"product type-product post-7561 status-publish last instock product_cat-fruits has-post-thumbnail shipping-taxable product-type-simple\">\n\t<a href=\"https:\/\/peitrade.com\/pt-br\/product\/uvas\/\" class=\"woocommerce-LoopProduct-link woocommerce-loop-product__link\"><img decoding=\"async\" width=\"300\" height=\"300\" src=\"https:\/\/peitrade.com\/wp-content\/uploads\/2025\/11\/Egyptian-Grapes-300x300.webp\" class=\"attachment-woocommerce_thumbnail size-woocommerce_thumbnail\" alt=\"Grapes: A Rising Star\" srcset=\"https:\/\/peitrade.com\/wp-content\/uploads\/2025\/11\/Egyptian-Grapes-300x300.webp 300w, https:\/\/peitrade.com\/wp-content\/uploads\/2025\/11\/Egyptian-Grapes-150x150.webp 150w, https:\/\/peitrade.com\/wp-content\/uploads\/2025\/11\/Egyptian-Grapes-768x768.webp 768w, https:\/\/peitrade.com\/wp-content\/uploads\/2025\/11\/Egyptian-Grapes-600x600.webp 600w, https:\/\/peitrade.com\/wp-content\/uploads\/2025\/11\/Egyptian-Grapes-100x100.webp 100w, https:\/\/peitrade.com\/wp-content\/uploads\/2025\/11\/Egyptian-Grapes.webp 1024w\" sizes=\"(max-width: 300px) 100vw, 300px\" title=\"\"><h2 class=\"woocommerce-loop-product__title\">Uvas<\/h2>\n<\/a><a href=\"https:\/\/peitrade.com\/pt-br\/product\/uvas\/\" aria-describedby=\"woocommerce_loop_add_to_cart_link_describedby_7561\" data-quantity=\"1\" class=\"button product_type_simple\" data-product_id=\"7561\" data-product_sku=\"80610\" aria-label=\"Leia mais sobre &ldquo;Uvas&rdquo;\" rel=\"nofollow\" data-success_message=\"\">Leia mais<\/a>\t<span id=\"woocommerce_loop_add_to_cart_link_describedby_7561\" class=\"screen-reader-text\">\n\t\t\t<\/span>\n<\/li>\n<\/ul>\n<\/div><\/div>\n<\/div>\n<\/section>\n<section style=\"padding: 50px 20px; background-color: #f9f9f9;\">\n<div class=\"container\">\n<h2>Perguntas Frequentes<\/h2>\n<h3>O que torna os cantaloupes eg\u00edpcios especiais?<\/h3>\n<p>O clima do Egito garante do\u00e7ura excepcional e textura consistente, tornando nossos mel\u00f5es favoritos em todo o mundo.<\/p>\n<h3>Quando os cantaloupes eg\u00edpcios est\u00e3o dispon\u00edveis?<\/h3>\n<p>A colheita principal ocorre de maio a agosto, com possibilidade de extens\u00e3o conforme a regi\u00e3o e a demanda.<\/p>\n<h3>Voc\u00eas fornecem em embalagens de atacado e varejo?<\/h3>\n<p>Com certeza. Oferecemos op\u00e7\u00f5es flex\u00edveis de embalagem para atender atacadistas, varejistas e processadores de alimentos.<\/p>\n<h3>Voc\u00eas cuidam de toda a documenta\u00e7\u00e3o de exporta\u00e7\u00e3o?<\/h3>\n<p>Sim, oferecemos suporte completo incluindo certifica\u00e7\u00f5es, laudos de inspe\u00e7\u00e3o e documentos aduaneiros.<\/p>\n<h3>Para quais pa\u00edses voc\u00eas exportam cantaloupes?<\/h3>\n<p>Exportamos para Europa, \u00c1sia, Oriente M\u00e9dio e \u00c1frica com envios pontuais e confi\u00e1veis ao porto de sua prefer\u00eancia.<\/p>\n<\/div>\n<\/section>\n","protected":false},"excerpt":{"rendered":"<p>A PEI Trade \u00e9 um importante fornecedor de mel\u00f5es eg\u00edpcios, oferecendo frutas de alta qualidade cultivadas nos campos ensolarados do Egito. Nossos mel\u00f5es s\u00e3o conhecidos por seu aroma doce, sabor intenso e longa vida \u00fatil\u2014ideais para distribuidores, varejistas e empresas de food service que buscam produtos frescos e confi\u00e1veis. Como experientes fornecedores de cantaloupe, oferecemos [&hellip;]<\/p>\n","protected":false},"author":1,"featured_media":0,"parent":0,"menu_order":0,"comment_status":"closed","ping_status":"closed","template":"","meta":{"footnotes":""},"class_list":["post-6144","page","type-page","status-publish","hentry"],"blocksy_meta":[],"mb":[],"featured_image_urls_v2":{"full":"","thumbnail":"","medium":"","medium_large":"","large":"","1536x1536":"","2048x2048":"","woocommerce_archive_thumbnail":"","woocommerce_thumbnail":"","woocommerce_single":"","woocommerce_gallery_thumbnail":""},"post_excerpt_stackable_v2":"<p>A PEI Trade \u00e9 um importante fornecedor de mel\u00f5es eg\u00edpcios, oferecendo frutas de alta qualidade cultivadas nos campos ensolarados do Egito. Nossos mel\u00f5es s\u00e3o conhecidos por seu aroma doce, sabor intenso e longa vida \u00fatil\u2014ideais para distribuidores, varejistas e empresas de food service que buscam produtos frescos e confi\u00e1veis. Como experientes fornecedores de cantaloupe, oferecemos solu\u00e7\u00f5es completas, desde a sele\u00e7\u00e3o das fazendas at\u00e9 a log\u00edstica internacional. Se voc\u00ea procura mel\u00f5es cantaloupe a granel para venda ou op\u00e7\u00f5es competitivas de pre\u00e7o de atacado de cantaloupe, a PEI Trade entrega com consist\u00eancia e cuidado. Laranjas Leia mais Lim\u00f5es Leia mais Manga Leia&hellip;<\/p>\n","category_list_v2":"","author_info_v2":{"name":"Mostafa Sabry","url":"https:\/\/peitrade.com\/pt-br\/author\/emostafaadel_jn8gcqbo\/"},"comments_num_v2":"0 coment\u00e1rio","mfb_rest_fields":["title","blocksy_meta","featured_image_urls_v2","post_excerpt_stackable_v2","category_list_v2","author_info_v2","comments_num_v2"],"_links":{"self":[{"href":"https:\/\/peitrade.com\/pt-br\/wp-json\/wp\/v2\/pages\/6144","targetHints":{"allow":["GET"]}}],"collection":[{"href":"https:\/\/peitrade.com\/pt-br\/wp-json\/wp\/v2\/pages"}],"about":[{"href":"https:\/\/peitrade.com\/pt-br\/wp-json\/wp\/v2\/types\/page"}],"author":[{"embeddable":true,"href":"https:\/\/peitrade.com\/pt-br\/wp-json\/wp\/v2\/users\/1"}],"replies":[{"embeddable":true,"href":"https:\/\/peitrade.com\/pt-br\/wp-json\/wp\/v2\/comments?post=6144"}],"version-history":[{"count":4,"href":"https:\/\/peitrade.com\/pt-br\/wp-json\/wp\/v2\/pages\/6144\/revisions"}],"predecessor-version":[{"id":6231,"href":"https:\/\/peitrade.com\/pt-br\/wp-json\/wp\/v2\/pages\/6144\/revisions\/6231"}],"wp:attachment":[{"href":"https:\/\/peitrade.com\/pt-br\/wp-json\/wp\/v2\/media?parent=6144"}],"curies":[{"name":"wp","href":"https:\/\/api.w.org\/{rel}","templated":true}]}}