{"id":6255,"date":"2025-06-20T06:57:41","date_gmt":"2025-06-20T06:57:41","guid":{"rendered":"http:\/\/46.224.74.15\/largest-exporter-of-dates-3\/"},"modified":"2025-11-19T16:57:43","modified_gmt":"2025-11-19T16:57:43","slug":"largest-exporter-of-dates-3","status":"publish","type":"page","link":"https:\/\/peitrade.com\/pt-br\/largest-exporter-of-dates-3\/","title":{"rendered":"Principal exportador de t\u00e2maras \u2013 Qualidade Premium da PEI Trade"},"content":{"rendered":"<section style=\"padding: 60px 20px; background-color: #f9f9f9;\">\n<div class=\"container\">\n<h1>Principal exportador de t\u00e2maras \u2013 Qualidade Premium da PEI Trade<\/h1>\n<p>&nbsp;<\/p>\n<p>A PEI Trade \u00e9 reconhecida como o Principal exportador de t\u00e2maras\u00a0do Egito, oferecendo variedades de alta qualidade provenientes diretamente dos mais f\u00e9rteis o\u00e1sis e palmeirais eg\u00edpcios. Nossas t\u00e2maras amadurecem naturalmente sob o sol do Egito, s\u00e3o selecionadas manualmente e manuseadas com cuidado para atender aos padr\u00f5es internacionais de exporta\u00e7\u00e3o.<\/p>\n<p>Como o Principal exportador de t\u00e2maras, a PEI Trade atende uma rede global de atacadistas, varejistas e parceiros da ind\u00fastria aliment\u00edcia com produtos consistentes e de r\u00f3tulo limpo. Somos especializados em t\u00e2maras Siwa, Zaghloul, Hayany, Saidi e Deglet Noor \u2014 processadas e embaladas de acordo com os mais altos padr\u00f5es de seguran\u00e7a e qualidade globais.<\/p>\n<\/div>\n<p>&nbsp;<\/p>\n<\/section>\n<div class=\"wp-block-woocommerce-product-collection\"><div class=\"woocommerce columns-4 \"><ul class=\"products columns-4\" data-products=\"type-2\">\n<li class=\"product type-product post-7437 status-publish first instock product_cat-in-season product_cat-fruits has-post-thumbnail shipping-taxable product-type-simple\">\n\t<a href=\"https:\/\/peitrade.com\/pt-br\/product\/laranjas\/\" class=\"woocommerce-LoopProduct-link woocommerce-loop-product__link\"><img decoding=\"async\" width=\"300\" height=\"300\" src=\"https:\/\/peitrade.com\/wp-content\/uploads\/2025\/11\/Egyptian-Oranges-300x300.webp\" class=\"attachment-woocommerce_thumbnail size-woocommerce_thumbnail\" alt=\"\u0635\u0627\u062f\u0631\u0627\u062a \u0627\u0644\u0628\u0631\u062a\u0642\u0627\u0644 \u0627\u0644\u0645\u0635\u0631\u064a \u0625\u0644\u0649 \u0643\u0646\u062f\u0627 \u062a\u0633\u062c\u0644 \u0631\u0642\u0645\u0627\u064b \u0642\u064a\u0627\u0633\u064a\u0627\u064b \u0641\u064a 2025\" srcset=\"https:\/\/peitrade.com\/wp-content\/uploads\/2025\/11\/Egyptian-Oranges-300x300.webp 300w, https:\/\/peitrade.com\/wp-content\/uploads\/2025\/11\/Egyptian-Oranges-150x150.webp 150w, https:\/\/peitrade.com\/wp-content\/uploads\/2025\/11\/Egyptian-Oranges-768x768.webp 768w, https:\/\/peitrade.com\/wp-content\/uploads\/2025\/11\/Egyptian-Oranges-600x600.webp 600w, https:\/\/peitrade.com\/wp-content\/uploads\/2025\/11\/Egyptian-Oranges-100x100.webp 100w, https:\/\/peitrade.com\/wp-content\/uploads\/2025\/11\/Egyptian-Oranges.webp 1024w\" sizes=\"(max-width: 300px) 100vw, 300px\" title=\"\"><h2 class=\"woocommerce-loop-product__title\">Laranjas<\/h2>\n<\/a><a href=\"https:\/\/peitrade.com\/pt-br\/product\/laranjas\/\" aria-describedby=\"woocommerce_loop_add_to_cart_link_describedby_7437\" data-quantity=\"1\" class=\"button product_type_simple\" data-product_id=\"7437\" data-product_sku=\"80510\" aria-label=\"Leia mais sobre &ldquo;Laranjas&rdquo;\" rel=\"nofollow\" data-success_message=\"\">Leia mais<\/a>\t<span id=\"woocommerce_loop_add_to_cart_link_describedby_7437\" class=\"screen-reader-text\">\n\t\t\t<\/span>\n<\/li>\n<li class=\"product type-product post-7516 status-publish instock product_cat-in-season product_cat-fruits has-post-thumbnail shipping-taxable product-type-simple\">\n\t<a href=\"https:\/\/peitrade.com\/pt-br\/product\/limoes\/\" class=\"woocommerce-LoopProduct-link woocommerce-loop-product__link\"><img decoding=\"async\" width=\"300\" height=\"300\" src=\"https:\/\/peitrade.com\/wp-content\/uploads\/2025\/11\/Egyptian-Lemons-300x300.webp\" class=\"attachment-woocommerce_thumbnail size-woocommerce_thumbnail\" alt=\"Lim\u00f5es\" srcset=\"https:\/\/peitrade.com\/wp-content\/uploads\/2025\/11\/Egyptian-Lemons-300x300.webp 300w, https:\/\/peitrade.com\/wp-content\/uploads\/2025\/11\/Egyptian-Lemons-150x150.webp 150w, https:\/\/peitrade.com\/wp-content\/uploads\/2025\/11\/Egyptian-Lemons-768x768.webp 768w, https:\/\/peitrade.com\/wp-content\/uploads\/2025\/11\/Egyptian-Lemons-600x600.webp 600w, https:\/\/peitrade.com\/wp-content\/uploads\/2025\/11\/Egyptian-Lemons-100x100.webp 100w, https:\/\/peitrade.com\/wp-content\/uploads\/2025\/11\/Egyptian-Lemons.webp 1024w\" sizes=\"(max-width: 300px) 100vw, 300px\" title=\"\"><h2 class=\"woocommerce-loop-product__title\">Lim\u00f5es<\/h2>\n<\/a><a href=\"https:\/\/peitrade.com\/pt-br\/product\/limoes\/\" aria-describedby=\"woocommerce_loop_add_to_cart_link_describedby_7516\" data-quantity=\"1\" class=\"button product_type_simple\" data-product_id=\"7516\" data-product_sku=\"80550\" aria-label=\"Leia mais sobre &ldquo;Lim\u00f5es&rdquo;\" rel=\"nofollow\" data-success_message=\"\">Leia mais<\/a>\t<span id=\"woocommerce_loop_add_to_cart_link_describedby_7516\" class=\"screen-reader-text\">\n\t\t\t<\/span>\n<\/li>\n<li class=\"product type-product post-7635 status-publish instock product_cat-fruits has-post-thumbnail shipping-taxable product-type-simple\">\n\t<a href=\"https:\/\/peitrade.com\/pt-br\/product\/manga\/\" class=\"woocommerce-LoopProduct-link woocommerce-loop-product__link\"><img decoding=\"async\" width=\"300\" height=\"300\" src=\"https:\/\/peitrade.com\/wp-content\/uploads\/2025\/11\/Egyption-Mango-300x300.webp\" class=\"attachment-woocommerce_thumbnail size-woocommerce_thumbnail\" alt=\"Mangoes: Egypt\u2019s Tropical Treasure\" srcset=\"https:\/\/peitrade.com\/wp-content\/uploads\/2025\/11\/Egyption-Mango-300x300.webp 300w, https:\/\/peitrade.com\/wp-content\/uploads\/2025\/11\/Egyption-Mango-150x150.webp 150w, https:\/\/peitrade.com\/wp-content\/uploads\/2025\/11\/Egyption-Mango-768x768.webp 768w, https:\/\/peitrade.com\/wp-content\/uploads\/2025\/11\/Egyption-Mango-600x600.webp 600w, https:\/\/peitrade.com\/wp-content\/uploads\/2025\/11\/Egyption-Mango-100x100.webp 100w, https:\/\/peitrade.com\/wp-content\/uploads\/2025\/11\/Egyption-Mango.webp 1024w\" sizes=\"(max-width: 300px) 100vw, 300px\" title=\"\"><h2 class=\"woocommerce-loop-product__title\">Manga<\/h2>\n<\/a><a href=\"https:\/\/peitrade.com\/pt-br\/product\/manga\/\" aria-describedby=\"woocommerce_loop_add_to_cart_link_describedby_7635\" data-quantity=\"1\" class=\"button product_type_simple\" data-product_id=\"7635\" data-product_sku=\"80450\" aria-label=\"Leia mais sobre &ldquo;Manga&rdquo;\" rel=\"nofollow\" data-success_message=\"\">Leia mais<\/a>\t<span id=\"woocommerce_loop_add_to_cart_link_describedby_7635\" class=\"screen-reader-text\">\n\t\t\t<\/span>\n<\/li>\n<li class=\"product type-product post-7650 status-publish last instock product_cat-fruits has-post-thumbnail shipping-taxable product-type-simple\">\n\t<a href=\"https:\/\/peitrade.com\/pt-br\/product\/morangos\/\" class=\"woocommerce-LoopProduct-link woocommerce-loop-product__link\"><img decoding=\"async\" width=\"300\" height=\"300\" src=\"https:\/\/peitrade.com\/wp-content\/uploads\/2025\/11\/Egyptian-Strawberries-300x300.webp\" class=\"attachment-woocommerce_thumbnail size-woocommerce_thumbnail\" alt=\"Morangos\" srcset=\"https:\/\/peitrade.com\/wp-content\/uploads\/2025\/11\/Egyptian-Strawberries-300x300.webp 300w, https:\/\/peitrade.com\/wp-content\/uploads\/2025\/11\/Egyptian-Strawberries-150x150.webp 150w, https:\/\/peitrade.com\/wp-content\/uploads\/2025\/11\/Egyptian-Strawberries-768x768.webp 768w, https:\/\/peitrade.com\/wp-content\/uploads\/2025\/11\/Egyptian-Strawberries-600x600.webp 600w, https:\/\/peitrade.com\/wp-content\/uploads\/2025\/11\/Egyptian-Strawberries-100x100.webp 100w, https:\/\/peitrade.com\/wp-content\/uploads\/2025\/11\/Egyptian-Strawberries.webp 1024w\" sizes=\"(max-width: 300px) 100vw, 300px\" title=\"\"><h2 class=\"woocommerce-loop-product__title\">Morangos<\/h2>\n<\/a><a href=\"https:\/\/peitrade.com\/pt-br\/product\/morangos\/\" aria-describedby=\"woocommerce_loop_add_to_cart_link_describedby_7650\" data-quantity=\"1\" class=\"button product_type_simple\" data-product_id=\"7650\" data-product_sku=\"81010\" aria-label=\"Leia mais sobre &ldquo;Morangos&rdquo;\" rel=\"nofollow\" data-success_message=\"\">Leia mais<\/a>\t<span id=\"woocommerce_loop_add_to_cart_link_describedby_7650\" class=\"screen-reader-text\">\n\t\t\t<\/span>\n<\/li>\n<\/ul>\n<\/div><\/div>\n<section style=\"padding: 50px 20px;\">\n<div class=\"container\">\n<h2>Por que Trabalhar com o Principal exportador de t\u00e2maras?<\/h2>\n<p><span style=\"font-weight: 400;\">A PEI Trade garante excel\u00eancia em todas as etapas da cadeia de suprimento:<\/span><\/p>\n<ul>\n<li style=\"font-weight: 400;\"><span style=\"font-weight: 400;\">Gama completa de t\u00e2maras secas, semi-secas e frescas<\/span><\/li>\n<li style=\"font-weight: 400;\"><span style=\"font-weight: 400;\">Cultivadas nas melhores zonas agr\u00edcolas do Egito<\/span><\/li>\n<li style=\"font-weight: 400;\"><span style=\"font-weight: 400;\">Naturalmente doces com altos n\u00edveis de Brix<\/span><\/li>\n<li style=\"font-weight: 400;\"><span style=\"font-weight: 400;\">Classificadas manualmente e limpas para exporta\u00e7\u00e3o<\/span><\/li>\n<li style=\"font-weight: 400;\"><span style=\"font-weight: 400;\">Rotulagem privada e embalagens personalizadas dispon\u00edveis<\/span><\/li>\n<\/ul>\n<p><span style=\"font-weight: 400;\">Como o Principal exportador de t\u00e2maras, entregamos produtos seguros, sem aditivos, que apoiam tend\u00eancias de alimenta\u00e7\u00e3o saud\u00e1vel em todo o mundo.<\/span><\/p>\n<h2>Log\u00edstica e Manuseio Completo<\/h2>\n<p><span style=\"font-weight: 400;\">Com infraestrutura robusta, a PEI Trade oferece log\u00edstica confi\u00e1vel como parte de sua atua\u00e7\u00e3o como Principal exportador de t\u00e2maras:<\/span><\/p>\n<ul>\n<li style=\"font-weight: 400;\"><span style=\"font-weight: 400;\">Armazenamento e transporte com controle de temperatura<\/span><\/li>\n<li style=\"font-weight: 400;\"><span style=\"font-weight: 400;\">Processamento automatizado: limpeza, triagem, retirada de caro\u00e7o<\/span><\/li>\n<li style=\"font-weight: 400;\"><span style=\"font-weight: 400;\">Embalagens flex\u00edveis: v\u00e1cuo, almofada ou caixas<\/span><\/li>\n<li style=\"font-weight: 400;\"><span style=\"font-weight: 400;\">Conformidade total com padr\u00f5es de rotulagem globais<\/span><\/li>\n<\/ul>\n<p><span style=\"font-weight: 400;\">Os embarques da PEI Trade s\u00e3o certificados pelas normas Global GAP, ISO e HACCP, garantindo a mais alta qualidade.<\/span><\/p>\n<h2>Sazonalidade das T\u00e2maras Eg\u00edpcias<\/h2>\n<p><span style=\"font-weight: 400;\">Como o Principal exportador de t\u00e2maras, alinhamos nosso fornecimento com os ciclos de colheita de <\/span><b>agosto a dezembro<\/b><span style=\"font-weight: 400;\">. Variedades precoces como a Zaghloul come\u00e7am em agosto, enquanto outras atingem o pico em outubro e novembro.<\/span><br \/>\n<span style=\"font-weight: 400;\">Tamb\u00e9m oferecemos estoque refrigerado para garantir disponibilidade durante todo o ano, com op\u00e7\u00f5es de pr\u00e9-reserva para compradores em grande escala.<\/span><\/p>\n<h3>Quem Usa Nossas T\u00e2maras?<\/h3>\n<p><span style=\"font-weight: 400;\">As t\u00e2maras da PEI Trade s\u00e3o exportadas globalmente para diversos setores:<\/span><\/p>\n<ul>\n<li style=\"font-weight: 400;\"><b>Varejo<\/b>: Embalagens com marca para supermercados e mercearias<\/li>\n<li style=\"font-weight: 400;\"><b>Industrial<\/b>: Mat\u00e9ria-prima para snacks, xaropes e ado\u00e7antes naturais<\/li>\n<li style=\"font-weight: 400;\"><b>Foodservice<\/b>: Entregas em grande escala para hot\u00e9is, catering e restaurantes<\/li>\n<li style=\"font-weight: 400;\"><b>Atacado<\/b>: Cargas de cont\u00eainer ou variedades mistas para distribuidores<\/li>\n<\/ul>\n<h3>Destinos Globais das T\u00e2maras Eg\u00edpcias<\/h3>\n<p><span style=\"font-weight: 400;\">Nosso alcance global como Principal exportador de t\u00e2maras\u00a0inclui:<\/span><\/p>\n<ul>\n<li style=\"font-weight: 400;\">Golfo: Emirados \u00c1rabes Unidos, Ar\u00e1bia Saudita, Catar, Bahrein, Kuwait<\/li>\n<li style=\"font-weight: 400;\">Europa: Fran\u00e7a, Alemanha, Reino Unido, Pa\u00edses Baixos<\/li>\n<li style=\"font-weight: 400;\">\u00c1frica: Qu\u00eania, Nig\u00e9ria, Marrocos<\/li>\n<li style=\"font-weight: 400;\">\u00c1sia-Pac\u00edfico: \u00cdndia, Mal\u00e1sia, Austr\u00e1lia<\/li>\n<\/ul>\n<p><span style=\"font-weight: 400;\">Garantimos rastreabilidade, controle de qualidade e planejamento de remessas personalizado para cada regi\u00e3o.<\/span><\/p>\n<h2>Nossas Exporta\u00e7\u00f5es Agr\u00edcolas Al\u00e9m das T\u00e2maras<\/h2>\n<p><span style=\"font-weight: 400;\">A PEI Trade, o Principal exportador de t\u00e2maras\u00a0do Egito, tamb\u00e9m exporta:<\/span><\/p>\n<ul>\n<li style=\"font-weight: 400;\"><b>Uvas<\/b>: Variedades frescas, sem sementes e de longa dura\u00e7\u00e3o<\/li>\n<li style=\"font-weight: 400;\"><b>Rom\u00e3s<\/b>: Casca espessa e ideais para exporta\u00e7\u00e3o<\/li>\n<li style=\"font-weight: 400;\"><b>Laranjas<\/b>: Tipos Valencia doces e Navel suculentas<\/li>\n<\/ul>\n<p><span style=\"font-weight: 400;\">Cada produto \u00e9 otimizado para exporta\u00e7\u00e3o com embalagens e suporte log\u00edstico personalizados.<\/span><\/p>\n<h2><b>Embalagem para Exporta\u00e7\u00e3o<\/b><\/h2>\n<p><span style=\"font-weight: 400;\">Para refor\u00e7ar nossa posi\u00e7\u00e3o como o Principal exportador de t\u00e2maras, oferecemos embalagens seguras e compat\u00edveis com regulamenta\u00e7\u00f5es:<\/span><\/p>\n<ul>\n<li style=\"font-weight: 400;\">Caixas de papel\u00e3o, embalagens a v\u00e1cuo e bandejas pl\u00e1sticas<\/li>\n<li style=\"font-weight: 400;\">Formatos para varejo e atacado (1kg\u201310kg)<\/li>\n<li style=\"font-weight: 400;\">Rotulagem personalizada para mercados da UE, Golfo e \u00c1sia<\/li>\n<li style=\"font-weight: 400;\">Marca pr\u00f3pria para parceiros varejistas<\/li>\n<\/ul>\n<p><span style=\"font-weight: 400;\">Todas as embalagens passam por testes de durabilidade e cumprem com os padr\u00f5es internacionais de com\u00e9rcio.<\/span><\/p>\n<\/div>\n<\/section>\n<section style=\"padding: 50px 20px; background-color: #f0f0f0;\">\n<div class=\"container\">\n<h2>Parceria com o Principal exportador de t\u00e2maras \u2013 PEI Trade<\/h2>\n<p>A PEI Trade \u00e9 seu parceiro confi\u00e1vel para a aquisi\u00e7\u00e3o de t\u00e2maras eg\u00edpcias premium. Como o Principal exportador de t\u00e2maras, oferecemos qualidade incompar\u00e1vel, efici\u00eancia no manuseio e capacidades de entrega global.<\/p>\n<p>Nossa equipe de exporta\u00e7\u00e3o garante comunica\u00e7\u00e3o \u00e1gil, confiabilidade na cadeia de suprimentos e documenta\u00e7\u00e3o sem complica\u00e7\u00f5es.<\/p>\n<h2>Solicite Seu Or\u00e7amento ou Reserve um Envio<\/h2>\n<p>Entre em contato agora para pre\u00e7os sazonais, especifica\u00e7\u00f5es de exporta\u00e7\u00e3o ou pedidos em volume. Enviamos para todo o mundo e respondemos rapidamente.<\/p>\n<p style=\"text-align: center; margin-top: 40px;\"><a class=\"button primary large\" href=\"https:\/\/peitrade.com\/pt-br\/contact-us\/\" target=\"_blank\" rel=\"noopener\">Fa\u00e7a seu Pedido<\/a><\/p>\n<\/div>\n<\/section>\n<section style=\"padding: 50px 20px;\">\n<div class=\"container\">\n<h2>Explore Mais do Portf\u00f3lio de Exporta\u00e7\u00e3o da PEI Trade<\/h2>\n<p>&nbsp;<\/p>\n<p>N\u00e3o lideramos apenas como o Principal exportador de t\u00e2maras\u00a0\u2014 a PEI Trade tamb\u00e9m exporta frutas c\u00edtricas premium, cebolas e vegetais frescos. <a href=\"https:\/\/peitrade.com\/pt-br\/shop\/\" target=\"_blank\" rel=\"noopener\">Veja todos os produtos<\/a>.<\/p>\n<div class=\"wp-block-woocommerce-product-collection\"><div class=\"woocommerce columns-4 \"><ul class=\"products columns-4\" data-products=\"type-2\">\n<li class=\"product type-product post-7437 status-publish first instock product_cat-in-season product_cat-fruits has-post-thumbnail shipping-taxable product-type-simple\">\n\t<a href=\"https:\/\/peitrade.com\/pt-br\/product\/laranjas\/\" class=\"woocommerce-LoopProduct-link woocommerce-loop-product__link\"><img decoding=\"async\" width=\"300\" height=\"300\" src=\"https:\/\/peitrade.com\/wp-content\/uploads\/2025\/11\/Egyptian-Oranges-300x300.webp\" class=\"attachment-woocommerce_thumbnail size-woocommerce_thumbnail\" alt=\"\u0635\u0627\u062f\u0631\u0627\u062a \u0627\u0644\u0628\u0631\u062a\u0642\u0627\u0644 \u0627\u0644\u0645\u0635\u0631\u064a \u0625\u0644\u0649 \u0643\u0646\u062f\u0627 \u062a\u0633\u062c\u0644 \u0631\u0642\u0645\u0627\u064b \u0642\u064a\u0627\u0633\u064a\u0627\u064b \u0641\u064a 2025\" srcset=\"https:\/\/peitrade.com\/wp-content\/uploads\/2025\/11\/Egyptian-Oranges-300x300.webp 300w, https:\/\/peitrade.com\/wp-content\/uploads\/2025\/11\/Egyptian-Oranges-150x150.webp 150w, https:\/\/peitrade.com\/wp-content\/uploads\/2025\/11\/Egyptian-Oranges-768x768.webp 768w, https:\/\/peitrade.com\/wp-content\/uploads\/2025\/11\/Egyptian-Oranges-600x600.webp 600w, https:\/\/peitrade.com\/wp-content\/uploads\/2025\/11\/Egyptian-Oranges-100x100.webp 100w, https:\/\/peitrade.com\/wp-content\/uploads\/2025\/11\/Egyptian-Oranges.webp 1024w\" sizes=\"(max-width: 300px) 100vw, 300px\" title=\"\"><h2 class=\"woocommerce-loop-product__title\">Laranjas<\/h2>\n<\/a><a href=\"https:\/\/peitrade.com\/pt-br\/product\/laranjas\/\" aria-describedby=\"woocommerce_loop_add_to_cart_link_describedby_7437\" data-quantity=\"1\" class=\"button product_type_simple\" data-product_id=\"7437\" data-product_sku=\"80510\" aria-label=\"Leia mais sobre &ldquo;Laranjas&rdquo;\" rel=\"nofollow\" data-success_message=\"\">Leia mais<\/a>\t<span id=\"woocommerce_loop_add_to_cart_link_describedby_7437\" class=\"screen-reader-text\">\n\t\t\t<\/span>\n<\/li>\n<li class=\"product type-product post-7516 status-publish instock product_cat-in-season product_cat-fruits has-post-thumbnail shipping-taxable product-type-simple\">\n\t<a href=\"https:\/\/peitrade.com\/pt-br\/product\/limoes\/\" class=\"woocommerce-LoopProduct-link woocommerce-loop-product__link\"><img decoding=\"async\" width=\"300\" height=\"300\" src=\"https:\/\/peitrade.com\/wp-content\/uploads\/2025\/11\/Egyptian-Lemons-300x300.webp\" class=\"attachment-woocommerce_thumbnail size-woocommerce_thumbnail\" alt=\"Lim\u00f5es\" srcset=\"https:\/\/peitrade.com\/wp-content\/uploads\/2025\/11\/Egyptian-Lemons-300x300.webp 300w, https:\/\/peitrade.com\/wp-content\/uploads\/2025\/11\/Egyptian-Lemons-150x150.webp 150w, https:\/\/peitrade.com\/wp-content\/uploads\/2025\/11\/Egyptian-Lemons-768x768.webp 768w, https:\/\/peitrade.com\/wp-content\/uploads\/2025\/11\/Egyptian-Lemons-600x600.webp 600w, https:\/\/peitrade.com\/wp-content\/uploads\/2025\/11\/Egyptian-Lemons-100x100.webp 100w, https:\/\/peitrade.com\/wp-content\/uploads\/2025\/11\/Egyptian-Lemons.webp 1024w\" sizes=\"(max-width: 300px) 100vw, 300px\" title=\"\"><h2 class=\"woocommerce-loop-product__title\">Lim\u00f5es<\/h2>\n<\/a><a href=\"https:\/\/peitrade.com\/pt-br\/product\/limoes\/\" aria-describedby=\"woocommerce_loop_add_to_cart_link_describedby_7516\" data-quantity=\"1\" class=\"button product_type_simple\" data-product_id=\"7516\" data-product_sku=\"80550\" aria-label=\"Leia mais sobre &ldquo;Lim\u00f5es&rdquo;\" rel=\"nofollow\" data-success_message=\"\">Leia mais<\/a>\t<span id=\"woocommerce_loop_add_to_cart_link_describedby_7516\" class=\"screen-reader-text\">\n\t\t\t<\/span>\n<\/li>\n<li class=\"product type-product post-7635 status-publish instock product_cat-fruits has-post-thumbnail shipping-taxable product-type-simple\">\n\t<a href=\"https:\/\/peitrade.com\/pt-br\/product\/manga\/\" class=\"woocommerce-LoopProduct-link woocommerce-loop-product__link\"><img decoding=\"async\" width=\"300\" height=\"300\" src=\"https:\/\/peitrade.com\/wp-content\/uploads\/2025\/11\/Egyption-Mango-300x300.webp\" class=\"attachment-woocommerce_thumbnail size-woocommerce_thumbnail\" alt=\"Mangoes: Egypt\u2019s Tropical Treasure\" srcset=\"https:\/\/peitrade.com\/wp-content\/uploads\/2025\/11\/Egyption-Mango-300x300.webp 300w, https:\/\/peitrade.com\/wp-content\/uploads\/2025\/11\/Egyption-Mango-150x150.webp 150w, https:\/\/peitrade.com\/wp-content\/uploads\/2025\/11\/Egyption-Mango-768x768.webp 768w, https:\/\/peitrade.com\/wp-content\/uploads\/2025\/11\/Egyption-Mango-600x600.webp 600w, https:\/\/peitrade.com\/wp-content\/uploads\/2025\/11\/Egyption-Mango-100x100.webp 100w, https:\/\/peitrade.com\/wp-content\/uploads\/2025\/11\/Egyption-Mango.webp 1024w\" sizes=\"(max-width: 300px) 100vw, 300px\" title=\"\"><h2 class=\"woocommerce-loop-product__title\">Manga<\/h2>\n<\/a><a href=\"https:\/\/peitrade.com\/pt-br\/product\/manga\/\" aria-describedby=\"woocommerce_loop_add_to_cart_link_describedby_7635\" data-quantity=\"1\" class=\"button product_type_simple\" data-product_id=\"7635\" data-product_sku=\"80450\" aria-label=\"Leia mais sobre &ldquo;Manga&rdquo;\" rel=\"nofollow\" data-success_message=\"\">Leia mais<\/a>\t<span id=\"woocommerce_loop_add_to_cart_link_describedby_7635\" class=\"screen-reader-text\">\n\t\t\t<\/span>\n<\/li>\n<li class=\"product type-product post-7650 status-publish last instock product_cat-fruits has-post-thumbnail shipping-taxable product-type-simple\">\n\t<a href=\"https:\/\/peitrade.com\/pt-br\/product\/morangos\/\" class=\"woocommerce-LoopProduct-link woocommerce-loop-product__link\"><img decoding=\"async\" width=\"300\" height=\"300\" src=\"https:\/\/peitrade.com\/wp-content\/uploads\/2025\/11\/Egyptian-Strawberries-300x300.webp\" class=\"attachment-woocommerce_thumbnail size-woocommerce_thumbnail\" alt=\"Morangos\" srcset=\"https:\/\/peitrade.com\/wp-content\/uploads\/2025\/11\/Egyptian-Strawberries-300x300.webp 300w, https:\/\/peitrade.com\/wp-content\/uploads\/2025\/11\/Egyptian-Strawberries-150x150.webp 150w, https:\/\/peitrade.com\/wp-content\/uploads\/2025\/11\/Egyptian-Strawberries-768x768.webp 768w, https:\/\/peitrade.com\/wp-content\/uploads\/2025\/11\/Egyptian-Strawberries-600x600.webp 600w, https:\/\/peitrade.com\/wp-content\/uploads\/2025\/11\/Egyptian-Strawberries-100x100.webp 100w, https:\/\/peitrade.com\/wp-content\/uploads\/2025\/11\/Egyptian-Strawberries.webp 1024w\" sizes=\"(max-width: 300px) 100vw, 300px\" title=\"\"><h2 class=\"woocommerce-loop-product__title\">Morangos<\/h2>\n<\/a><a href=\"https:\/\/peitrade.com\/pt-br\/product\/morangos\/\" aria-describedby=\"woocommerce_loop_add_to_cart_link_describedby_7650\" data-quantity=\"1\" class=\"button product_type_simple\" data-product_id=\"7650\" data-product_sku=\"81010\" aria-label=\"Leia mais sobre &ldquo;Morangos&rdquo;\" rel=\"nofollow\" data-success_message=\"\">Leia mais<\/a>\t<span id=\"woocommerce_loop_add_to_cart_link_describedby_7650\" class=\"screen-reader-text\">\n\t\t\t<\/span>\n<\/li>\n<\/ul>\n<\/div><\/div>\n<\/div>\n<\/section>\n<section style=\"padding: 50px 20px; background-color: #f9f9f9;\">\n<div class=\"container\">\n<h2>Perguntas Frequentes<\/h2>\n<h3>O que torna a PEI Trade o Principal exportador de t\u00e2maras?<\/h3>\n<p>Oferecemos fornecimento em larga escala, o ano todo, ampla cobertura varietal, log\u00edstica global e certifica\u00e7\u00f5es de exporta\u00e7\u00e3o.<\/p>\n<h3>\u00c9 poss\u00edvel misturar diferentes tipos de t\u00e2maras em um cont\u00eainer?<\/h3>\n<p>Sim, personalizamos os embarques de acordo com os requisitos do comprador com cargas mistas.<\/p>\n<h3>Voc\u00eas oferecem embalagens de varejo com marca pr\u00f3pria?<\/h3>\n<p>Com certeza \u2014 temos pacotes a v\u00e1cuo, bandejas e caixas com r\u00f3tulo personalizado.<\/p>\n<\/div>\n<\/section>\n","protected":false},"excerpt":{"rendered":"<p>Principal exportador de t\u00e2maras \u2013 Qualidade Premium da PEI Trade &nbsp; A PEI Trade \u00e9 reconhecida como o Principal exportador de t\u00e2maras\u00a0do Egito, oferecendo variedades de alta qualidade provenientes diretamente dos mais f\u00e9rteis o\u00e1sis e palmeirais eg\u00edpcios. Nossas t\u00e2maras amadurecem naturalmente sob o sol do Egito, s\u00e3o selecionadas manualmente e manuseadas com cuidado para atender [&hellip;]<\/p>\n","protected":false},"author":1,"featured_media":0,"parent":0,"menu_order":0,"comment_status":"closed","ping_status":"closed","template":"","meta":{"footnotes":""},"class_list":["post-6255","page","type-page","status-publish","hentry"],"blocksy_meta":[],"mb":[],"featured_image_urls_v2":{"full":"","thumbnail":"","medium":"","medium_large":"","large":"","1536x1536":"","2048x2048":"","woocommerce_archive_thumbnail":"","woocommerce_thumbnail":"","woocommerce_single":"","woocommerce_gallery_thumbnail":""},"post_excerpt_stackable_v2":"<p>Principal exportador de t\u00e2maras \u2013 Qualidade Premium da PEI Trade &nbsp; A PEI Trade \u00e9 reconhecida como o Principal exportador de t\u00e2maras\u00a0do Egito, oferecendo variedades de alta qualidade provenientes diretamente dos mais f\u00e9rteis o\u00e1sis e palmeirais eg\u00edpcios. Nossas t\u00e2maras amadurecem naturalmente sob o sol do Egito, s\u00e3o selecionadas manualmente e manuseadas com cuidado para atender aos padr\u00f5es internacionais de exporta\u00e7\u00e3o. Como o Principal exportador de t\u00e2maras, a PEI Trade atende uma rede global de atacadistas, varejistas e parceiros da ind\u00fastria aliment\u00edcia com produtos consistentes e de r\u00f3tulo limpo. Somos especializados em t\u00e2maras Siwa, Zaghloul, Hayany, Saidi e Deglet Noor \u2014&hellip;<\/p>\n","category_list_v2":"","author_info_v2":{"name":"Mostafa Sabry","url":"https:\/\/peitrade.com\/pt-br\/author\/emostafaadel_jn8gcqbo\/"},"comments_num_v2":"0 coment\u00e1rio","mfb_rest_fields":["title","blocksy_meta","featured_image_urls_v2","post_excerpt_stackable_v2","category_list_v2","author_info_v2","comments_num_v2"],"_links":{"self":[{"href":"https:\/\/peitrade.com\/pt-br\/wp-json\/wp\/v2\/pages\/6255","targetHints":{"allow":["GET"]}}],"collection":[{"href":"https:\/\/peitrade.com\/pt-br\/wp-json\/wp\/v2\/pages"}],"about":[{"href":"https:\/\/peitrade.com\/pt-br\/wp-json\/wp\/v2\/types\/page"}],"author":[{"embeddable":true,"href":"https:\/\/peitrade.com\/pt-br\/wp-json\/wp\/v2\/users\/1"}],"replies":[{"embeddable":true,"href":"https:\/\/peitrade.com\/pt-br\/wp-json\/wp\/v2\/comments?post=6255"}],"version-history":[{"count":1,"href":"https:\/\/peitrade.com\/pt-br\/wp-json\/wp\/v2\/pages\/6255\/revisions"}],"predecessor-version":[{"id":6256,"href":"https:\/\/peitrade.com\/pt-br\/wp-json\/wp\/v2\/pages\/6255\/revisions\/6256"}],"wp:attachment":[{"href":"https:\/\/peitrade.com\/pt-br\/wp-json\/wp\/v2\/media?parent=6255"}],"curies":[{"name":"wp","href":"https:\/\/api.w.org\/{rel}","templated":true}]}}