{"id":6285,"date":"2025-06-19T09:17:51","date_gmt":"2025-06-19T09:17:51","guid":{"rendered":"http:\/\/46.224.74.15\/fornecedores-de-vegetais-mistos-congelados\/"},"modified":"2025-11-19T16:57:44","modified_gmt":"2025-11-19T16:57:44","slug":"fornecedores-de-vegetais-mistos-congelados","status":"publish","type":"page","link":"https:\/\/peitrade.com\/pt-br\/fornecedores-de-vegetais-mistos-congelados\/","title":{"rendered":"Vegetais Mistos Congelados \u2013 Misturas de Qualidade de Fornecedores Confi\u00e1veis"},"content":{"rendered":"<section style=\"padding: 60px 20px; background-color: #f9f9f9;\">\n<div class=\"container\">\n<p>A PEI Trade orgulha-se de estar entre os principais <strong>fornecedores de vegetais mistos congelados<\/strong>, oferecendo misturas vegetais de qualidade premium que atendem \u00e0s exig\u00eancias em constante mudan\u00e7a dos mercados alimentares globais. Seja para o varejo, servi\u00e7os de alimenta\u00e7\u00e3o ou processamento industrial, nossas <b>misturas de vegetais congelados<\/b> garantem qualidade consistente, nutri\u00e7\u00e3o e praticidade.<\/p>\n<p>Nossos <b>vegetais congelados mistos a granel<\/b> prontos para exporta\u00e7\u00e3o s\u00e3o processados com tecnologia IQF (Individually Quick Frozen), preservando a cor, o sabor e os valores nutricionais naturais. Como confi\u00e1veis <b>exportadores de vegetais congelados mistos<\/b>, atendemos clientes internacionais com volumes flex\u00edveis, misturas personalizadas e op\u00e7\u00f5es de embalagem sob medida.<\/p>\n<\/div>\n<\/section>\n<div class=\"wp-block-woocommerce-product-collection\"><div class=\"woocommerce columns-4 \"><ul class=\"products columns-4\" data-products=\"type-2\">\n<li class=\"product type-product post-7475 status-publish first instock product_cat-in-season product_cat-vegetables has-post-thumbnail shipping-taxable product-type-simple\">\n\t<a href=\"https:\/\/peitrade.com\/pt-br\/product\/cebola\/\" class=\"woocommerce-LoopProduct-link woocommerce-loop-product__link\"><img decoding=\"async\" width=\"300\" height=\"300\" src=\"https:\/\/peitrade.com\/wp-content\/uploads\/2025\/11\/Egyption-Onion-300x300.webp\" class=\"attachment-woocommerce_thumbnail size-woocommerce_thumbnail\" alt=\"Egyption Onion - PEI Trade\" srcset=\"https:\/\/peitrade.com\/wp-content\/uploads\/2025\/11\/Egyption-Onion-300x300.webp 300w, https:\/\/peitrade.com\/wp-content\/uploads\/2025\/11\/Egyption-Onion-150x150.webp 150w, https:\/\/peitrade.com\/wp-content\/uploads\/2025\/11\/Egyption-Onion-768x768.webp 768w, https:\/\/peitrade.com\/wp-content\/uploads\/2025\/11\/Egyption-Onion-600x600.webp 600w, https:\/\/peitrade.com\/wp-content\/uploads\/2025\/11\/Egyption-Onion-100x100.webp 100w, https:\/\/peitrade.com\/wp-content\/uploads\/2025\/11\/Egyption-Onion.webp 1024w\" sizes=\"(max-width: 300px) 100vw, 300px\" title=\"\"><h2 class=\"woocommerce-loop-product__title\">Cebola<\/h2>\n<\/a><a href=\"https:\/\/peitrade.com\/pt-br\/product\/cebola\/\" aria-describedby=\"woocommerce_loop_add_to_cart_link_describedby_7475\" data-quantity=\"1\" class=\"button product_type_simple\" data-product_id=\"7475\" data-product_sku=\"70310\" aria-label=\"Leia mais sobre &ldquo;Cebola&rdquo;\" rel=\"nofollow\" data-success_message=\"\">Leia mais<\/a>\t<span id=\"woocommerce_loop_add_to_cart_link_describedby_7475\" class=\"screen-reader-text\">\n\t\t\t<\/span>\n<\/li>\n<li class=\"product type-product post-7710 status-publish instock product_cat-in-season product_cat-legumes has-post-thumbnail shipping-taxable product-type-simple\">\n\t<a href=\"https:\/\/peitrade.com\/pt-br\/product\/feijao-branco-seco\/\" class=\"woocommerce-LoopProduct-link woocommerce-loop-product__link\"><img decoding=\"async\" width=\"300\" height=\"300\" src=\"https:\/\/peitrade.com\/wp-content\/uploads\/2025\/11\/Egyptian-White-Beans-300x300.webp\" class=\"attachment-woocommerce_thumbnail size-woocommerce_thumbnail\" alt=\"Feij\u00e3o branco seco\" srcset=\"https:\/\/peitrade.com\/wp-content\/uploads\/2025\/11\/Egyptian-White-Beans-300x300.webp 300w, https:\/\/peitrade.com\/wp-content\/uploads\/2025\/11\/Egyptian-White-Beans-150x150.webp 150w, https:\/\/peitrade.com\/wp-content\/uploads\/2025\/11\/Egyptian-White-Beans-768x768.webp 768w, https:\/\/peitrade.com\/wp-content\/uploads\/2025\/11\/Egyptian-White-Beans-600x600.webp 600w, https:\/\/peitrade.com\/wp-content\/uploads\/2025\/11\/Egyptian-White-Beans-100x100.webp 100w, https:\/\/peitrade.com\/wp-content\/uploads\/2025\/11\/Egyptian-White-Beans.webp 1024w\" sizes=\"(max-width: 300px) 100vw, 300px\" title=\"\"><h2 class=\"woocommerce-loop-product__title\">Feij\u00e3o branco seco<\/h2>\n<\/a><a href=\"https:\/\/peitrade.com\/pt-br\/product\/feijao-branco-seco\/\" aria-describedby=\"woocommerce_loop_add_to_cart_link_describedby_7710\" data-quantity=\"1\" class=\"button product_type_simple\" data-product_id=\"7710\" data-product_sku=\"70820\" aria-label=\"Leia mais sobre &ldquo;Feij\u00e3o branco seco&rdquo;\" rel=\"nofollow\" data-success_message=\"\">Leia mais<\/a>\t<span id=\"woocommerce_loop_add_to_cart_link_describedby_7710\" class=\"screen-reader-text\">\n\t\t\t<\/span>\n<\/li>\n<li class=\"product type-product post-7526 status-publish instock product_cat-in-season product_cat-vegetables has-post-thumbnail shipping-taxable product-type-simple\">\n\t<a href=\"https:\/\/peitrade.com\/pt-br\/product\/vagem-feijao-verde\/\" class=\"woocommerce-LoopProduct-link woocommerce-loop-product__link\"><img decoding=\"async\" width=\"300\" height=\"300\" src=\"https:\/\/peitrade.com\/wp-content\/uploads\/2025\/11\/Egyptian-Green-Beans-300x300.webp\" class=\"attachment-woocommerce_thumbnail size-woocommerce_thumbnail\" alt=\"feij\u00e3o-verde\" srcset=\"https:\/\/peitrade.com\/wp-content\/uploads\/2025\/11\/Egyptian-Green-Beans-300x300.webp 300w, https:\/\/peitrade.com\/wp-content\/uploads\/2025\/11\/Egyptian-Green-Beans-150x150.webp 150w, https:\/\/peitrade.com\/wp-content\/uploads\/2025\/11\/Egyptian-Green-Beans-768x768.webp 768w, https:\/\/peitrade.com\/wp-content\/uploads\/2025\/11\/Egyptian-Green-Beans-600x600.webp 600w, https:\/\/peitrade.com\/wp-content\/uploads\/2025\/11\/Egyptian-Green-Beans-100x100.webp 100w, https:\/\/peitrade.com\/wp-content\/uploads\/2025\/11\/Egyptian-Green-Beans.webp 1024w\" sizes=\"(max-width: 300px) 100vw, 300px\" title=\"\"><h2 class=\"woocommerce-loop-product__title\">feij\u00e3o-verde<\/h2>\n<\/a><a href=\"https:\/\/peitrade.com\/pt-br\/product\/vagem-feijao-verde\/\" aria-describedby=\"woocommerce_loop_add_to_cart_link_describedby_7526\" data-quantity=\"1\" class=\"button product_type_simple\" data-product_id=\"7526\" data-product_sku=\"70821\" aria-label=\"Leia mais sobre &ldquo;feij\u00e3o-verde&rdquo;\" rel=\"nofollow\" data-success_message=\"\">Leia mais<\/a>\t<span id=\"woocommerce_loop_add_to_cart_link_describedby_7526\" class=\"screen-reader-text\">\n\t\t\t<\/span>\n<\/li>\n<li class=\"product type-product post-7759 status-publish last instock product_cat-in-season product_cat-vegetables has-post-thumbnail shipping-taxable product-type-simple\">\n\t<a href=\"https:\/\/peitrade.com\/pt-br\/product\/potatoes\/\" class=\"woocommerce-LoopProduct-link woocommerce-loop-product__link\"><img decoding=\"async\" width=\"300\" height=\"300\" src=\"https:\/\/peitrade.com\/wp-content\/uploads\/2025\/11\/Egyptian-Potatoes-300x300.webp\" class=\"attachment-woocommerce_thumbnail size-woocommerce_thumbnail\" alt=\"Potatoes\" srcset=\"https:\/\/peitrade.com\/wp-content\/uploads\/2025\/11\/Egyptian-Potatoes-300x300.webp 300w, https:\/\/peitrade.com\/wp-content\/uploads\/2025\/11\/Egyptian-Potatoes-150x150.webp 150w, https:\/\/peitrade.com\/wp-content\/uploads\/2025\/11\/Egyptian-Potatoes-768x768.webp 768w, https:\/\/peitrade.com\/wp-content\/uploads\/2025\/11\/Egyptian-Potatoes-600x600.webp 600w, https:\/\/peitrade.com\/wp-content\/uploads\/2025\/11\/Egyptian-Potatoes-100x100.webp 100w, https:\/\/peitrade.com\/wp-content\/uploads\/2025\/11\/Egyptian-Potatoes.webp 1024w\" sizes=\"(max-width: 300px) 100vw, 300px\" title=\"\"><h2 class=\"woocommerce-loop-product__title\">Potatoes<\/h2>\n<\/a><a href=\"https:\/\/peitrade.com\/pt-br\/product\/potatoes\/\" aria-describedby=\"woocommerce_loop_add_to_cart_link_describedby_7759\" data-quantity=\"1\" class=\"button product_type_simple\" data-product_id=\"7759\" data-product_sku=\"70190\" aria-label=\"Leia mais sobre &ldquo;Potatoes&rdquo;\" rel=\"nofollow\" data-success_message=\"\">Leia mais<\/a>\t<span id=\"woocommerce_loop_add_to_cart_link_describedby_7759\" class=\"screen-reader-text\">\n\t\t\t<\/span>\n<\/li>\n<\/ul>\n<\/div><\/div>\n<div class=\"container\">\n<h2>Por que comprar da PEI Trade \u2013 L\u00edder em fornecedores de vegetais mistos congelados?<\/h2>\n<p><span style=\"font-weight: 400;\">Trabalhar com a PEI Trade significa ter acesso a:<\/span><\/p>\n<ul>\n<li style=\"font-weight: 400;\">Vegetais de alta qualidade colhidos no auge da frescura<\/li>\n<li style=\"font-weight: 400;\">Combina\u00e7\u00f5es personalizadas de <b>misturas de vegetais congelados<\/b> de acordo com a demanda do mercado<\/li>\n<li style=\"font-weight: 400;\">Fornecimento confi\u00e1vel de <b>vegetais congelados mistos por atacado<\/b> durante todo o ano<\/li>\n<li style=\"font-weight: 400;\">Produ\u00e7\u00e3o certificada HACCP, ISO e fitossanit\u00e1ria<\/li>\n<li style=\"font-weight: 400;\">Embalagens flex\u00edveis para pedidos no varejo e no atacado<\/li>\n<\/ul>\n<h2>Misturas Personalizadas para Cada Mercado<\/h2>\n<p><span style=\"font-weight: 400;\">Escolha entre uma ampla variedade de op\u00e7\u00f5es padr\u00e3o e personalizadas de <b>misturas de vegetais congelados<\/b>, incluindo:<\/span><\/p>\n<ul>\n<li><b>Mix Cl\u00e1ssico:<\/b> Cenoura, ervilha, milho, vagem<\/li>\n<li><b>Mix para Wok:<\/b> Piment\u00f5es, br\u00f3colis, mini milho, ervilha-torta<\/li>\n<li><b>Mix para Sopas:<\/b> Batata, cebola, aipo, cenoura<\/li>\n<li><b>Mix Personalizado:<\/b> Formula\u00e7\u00f5es adaptadas \u00e0 sua culin\u00e1ria ou marca<\/li>\n<\/ul>\n<p><span style=\"font-weight: 400;\">Trabalhamos lado a lado com nossos clientes para garantir que cada pedido de <b>vegetais congelados mistos a granel<\/b> atenda aos gostos e \u00e0s prefer\u00eancias de seus mercados.<\/span><\/p>\n<h2>Processamento Avan\u00e7ado e Log\u00edstica com Cadeia de Frio<\/h2>\n<p><span style=\"font-weight: 400;\">Nossas instala\u00e7\u00f5es de produ\u00e7\u00e3o est\u00e3o equipadas para triagem precisa, congelamento instant\u00e2neo e embalagem higi\u00eanica. As etapas incluem:<\/span><\/p>\n<ul>\n<li>Colheita e lavagem dentro de poucas horas ap\u00f3s a colheita<\/li>\n<li>Branqueamento para preservar cor e nutri\u00e7\u00e3o<\/li>\n<li>Congelamento IQF para por\u00e7\u00f5es pr\u00e1ticas e longa validade<\/li>\n<li>Selagem a v\u00e1cuo e inje\u00e7\u00e3o de nitrog\u00eanio para prote\u00e7\u00e3o durante exporta\u00e7\u00e3o<\/li>\n<\/ul>\n<p><span style=\"font-weight: 400;\">Como confi\u00e1veis <b>exportadores de vegetais congelados mistos<\/b>, gerenciamos a cadeia de frio do in\u00edcio ao fim, garantindo frescor m\u00e1ximo.<\/span><\/p>\n<h2>Ideal para Diversas Aplica\u00e7\u00f5es<\/h2>\n<p><span style=\"font-weight: 400;\">Nossos <b>vegetais congelados mistos<\/b> s\u00e3o populares entre:<\/span><\/p>\n<ul>\n<li><b>Varejistas:<\/b> Misturas congeladas com marca pr\u00f3pria<\/li>\n<li><b>Servi\u00e7os de alimenta\u00e7\u00e3o:<\/b> Prepara\u00e7\u00f5es pr\u00e1ticas e r\u00e1pidas<\/li>\n<li><b>Ind\u00fastrias:<\/b> Ingredientes para refei\u00e7\u00f5es prontas e pratos congelados<\/li>\n<li><b>Distribuidores:<\/b> <b>Vegetais congelados mistos por atacado<\/b> com fornecimento escal\u00e1vel<\/li>\n<\/ul>\n<h2>Presen\u00e7a Global e Alcance de Exporta\u00e7\u00e3o<\/h2>\n<p><span style=\"font-weight: 400;\">A PEI Trade est\u00e1 entre os <b>principais fornecedores de vegetais congelados mistos<\/b> do Egito, exportando para:<\/span><\/p>\n<ul>\n<li>Europa (Alemanha, Fran\u00e7a, Reino Unido)<\/li>\n<li>M\u00e9dio Oriente (Ar\u00e1bia Saudita, Emirados \u00c1rabes Unidos, Kuwait)<\/li>\n<li>\u00c1frica (Qu\u00eania, Nig\u00e9ria, \u00c1frica do Sul)<\/li>\n<li>\u00c1sia (Jap\u00e3o, Coreia, \u00cdndia)<\/li>\n<\/ul>\n<p><span style=\"font-weight: 400;\">Oferecemos suporte multil\u00edngue, certifica\u00e7\u00f5es espec\u00edficas para cada mercado e pre\u00e7os competitivos em <b>vegetais congelados mistos por atacado<\/b>.<\/span><\/p>\n<h2>Op\u00e7\u00f5es de Embalagem para Todos os Clientes<\/h2>\n<ul>\n<li>Embalagens pl\u00e1sticas de 1 kg a 2,5 kg para supermercados<\/li>\n<li>Caixas de 10 kg e 20 kg para compras em grande escala<\/li>\n<li>Servi\u00e7os de marca pr\u00f3pria dispon\u00edveis sob solicita\u00e7\u00e3o<\/li>\n<li>Embalagens ecol\u00f3gicas para marcas sustent\u00e1veis<\/li>\n<\/ul>\n<p><span style=\"font-weight: 400;\">Todas as embalagens est\u00e3o em conformidade com as normas de seguran\u00e7a e rotulagem do pa\u00eds de destino.<\/span><\/p>\n<\/div>\n<section style=\"padding: 50px 20px; background-color: #f0f0f0;\">\n<div class=\"container\">\n<h2>Seja parceiro da PEI Trade \u2013 Seu Exportador de Mistura de Vegetais Congelados<\/h2>\n<p>Se voc\u00ea procura <b>exportadores de vegetais congelados mistos<\/b> confi\u00e1veis, com qualidade garantida e log\u00edstica eficiente, a PEI Trade \u00e9 sua melhor escolha.<\/p>\n<p>De misturas personalizadas a suporte total na exporta\u00e7\u00e3o, oferecemos excel\u00eancia em cada envio.<\/p>\n<h2>Entre em Contato para Ofertas e Amostras<\/h2>\n<p>Fale conosco para saber mais sobre pre\u00e7os, quantidades m\u00ednimas, op\u00e7\u00f5es de embalagem e solicite uma amostra da nossa <b>mistura de vegetais congelados<\/b> mais vendida.<\/p>\n<p style=\"text-align: center; margin-top: 40px;\"><a class=\"button primary large\" href=\"\/contact\">Solicitar Or\u00e7amento<\/a><\/p>\n<\/div>\n<\/section>\n<section style=\"padding: 50px 20px;\">\n<div class=\"container\">\n<h2>Explore Mais Op\u00e7\u00f5es de Exporta\u00e7\u00e3o de Alimentos Eg\u00edpcios<\/h2>\n<p>&nbsp;<\/p>\n<p>Al\u00e9m de <b>vegetais congelados mistos a granel<\/b>, a PEI Trade tamb\u00e9m exporta quiabo congelado, morango e molokhia. Descubra como nossa linha diversificada pode fortalecer sua marca de alimentos congelados. <a href=\"\/about\">Saiba mais sobre nossas capacidades<\/a>.<\/p>\n<div class=\"wp-block-woocommerce-product-collection\"><div class=\"woocommerce columns-4 \"><ul class=\"products columns-4\" data-products=\"type-2\">\n<li class=\"product type-product post-7370 status-publish first instock product_cat-in-season product_cat-vegetables has-post-thumbnail shipping-taxable product-type-simple\">\n\t<a href=\"https:\/\/peitrade.com\/pt-br\/product\/alho\/\" class=\"woocommerce-LoopProduct-link woocommerce-loop-product__link\"><img decoding=\"async\" width=\"300\" height=\"300\" src=\"https:\/\/peitrade.com\/wp-content\/uploads\/2025\/11\/Egyptian-Garlic-300x300.webp\" class=\"attachment-woocommerce_thumbnail size-woocommerce_thumbnail\" alt=\"Alho\" srcset=\"https:\/\/peitrade.com\/wp-content\/uploads\/2025\/11\/Egyptian-Garlic-300x300.webp 300w, https:\/\/peitrade.com\/wp-content\/uploads\/2025\/11\/Egyptian-Garlic-150x150.webp 150w, https:\/\/peitrade.com\/wp-content\/uploads\/2025\/11\/Egyptian-Garlic-768x768.webp 768w, https:\/\/peitrade.com\/wp-content\/uploads\/2025\/11\/Egyptian-Garlic-600x600.webp 600w, https:\/\/peitrade.com\/wp-content\/uploads\/2025\/11\/Egyptian-Garlic-100x100.webp 100w, https:\/\/peitrade.com\/wp-content\/uploads\/2025\/11\/Egyptian-Garlic.webp 1024w\" sizes=\"(max-width: 300px) 100vw, 300px\" title=\"\"><h2 class=\"woocommerce-loop-product__title\">Alho<\/h2>\n<\/a><a href=\"https:\/\/peitrade.com\/pt-br\/product\/alho\/\" aria-describedby=\"woocommerce_loop_add_to_cart_link_describedby_7370\" data-quantity=\"1\" class=\"button product_type_simple\" data-product_id=\"7370\" data-product_sku=\"70320\" aria-label=\"Leia mais sobre &ldquo;Alho&rdquo;\" rel=\"nofollow\" data-success_message=\"\">Leia mais<\/a>\t<span id=\"woocommerce_loop_add_to_cart_link_describedby_7370\" class=\"screen-reader-text\">\n\t\t\t<\/span>\n<\/li>\n<li class=\"product type-product post-7770 status-publish instock product_cat-in-season product_cat-vegetables has-post-thumbnail shipping-taxable product-type-simple\">\n\t<a href=\"https:\/\/peitrade.com\/pt-br\/product\/batatas-doces\/\" class=\"woocommerce-LoopProduct-link woocommerce-loop-product__link\"><img decoding=\"async\" width=\"300\" height=\"300\" src=\"https:\/\/peitrade.com\/wp-content\/uploads\/2025\/11\/Egyptian-Sweet-Potatoes-300x300.webp\" class=\"attachment-woocommerce_thumbnail size-woocommerce_thumbnail\" alt=\"Egyptian Sweet Potatoes - PEI Trade\" srcset=\"https:\/\/peitrade.com\/wp-content\/uploads\/2025\/11\/Egyptian-Sweet-Potatoes-300x300.webp 300w, https:\/\/peitrade.com\/wp-content\/uploads\/2025\/11\/Egyptian-Sweet-Potatoes-150x150.webp 150w, https:\/\/peitrade.com\/wp-content\/uploads\/2025\/11\/Egyptian-Sweet-Potatoes-768x768.webp 768w, https:\/\/peitrade.com\/wp-content\/uploads\/2025\/11\/Egyptian-Sweet-Potatoes-600x600.webp 600w, https:\/\/peitrade.com\/wp-content\/uploads\/2025\/11\/Egyptian-Sweet-Potatoes-100x100.webp 100w, https:\/\/peitrade.com\/wp-content\/uploads\/2025\/11\/Egyptian-Sweet-Potatoes.webp 1024w\" sizes=\"(max-width: 300px) 100vw, 300px\" title=\"\"><h2 class=\"woocommerce-loop-product__title\">Batatas-doces<\/h2>\n<\/a><a href=\"https:\/\/peitrade.com\/pt-br\/product\/batatas-doces\/\" aria-describedby=\"woocommerce_loop_add_to_cart_link_describedby_7770\" data-quantity=\"1\" class=\"button product_type_simple\" data-product_id=\"7770\" data-product_sku=\"71420\" aria-label=\"Leia mais sobre &ldquo;Batatas-doces&rdquo;\" rel=\"nofollow\" data-success_message=\"\">Leia mais<\/a>\t<span id=\"woocommerce_loop_add_to_cart_link_describedby_7770\" class=\"screen-reader-text\">\n\t\t\t<\/span>\n<\/li>\n<li class=\"product type-product post-7759 status-publish instock product_cat-in-season product_cat-vegetables has-post-thumbnail shipping-taxable product-type-simple\">\n\t<a href=\"https:\/\/peitrade.com\/pt-br\/product\/potatoes\/\" class=\"woocommerce-LoopProduct-link woocommerce-loop-product__link\"><img decoding=\"async\" width=\"300\" height=\"300\" src=\"https:\/\/peitrade.com\/wp-content\/uploads\/2025\/11\/Egyptian-Potatoes-300x300.webp\" class=\"attachment-woocommerce_thumbnail size-woocommerce_thumbnail\" alt=\"Potatoes\" srcset=\"https:\/\/peitrade.com\/wp-content\/uploads\/2025\/11\/Egyptian-Potatoes-300x300.webp 300w, https:\/\/peitrade.com\/wp-content\/uploads\/2025\/11\/Egyptian-Potatoes-150x150.webp 150w, https:\/\/peitrade.com\/wp-content\/uploads\/2025\/11\/Egyptian-Potatoes-768x768.webp 768w, https:\/\/peitrade.com\/wp-content\/uploads\/2025\/11\/Egyptian-Potatoes-600x600.webp 600w, https:\/\/peitrade.com\/wp-content\/uploads\/2025\/11\/Egyptian-Potatoes-100x100.webp 100w, https:\/\/peitrade.com\/wp-content\/uploads\/2025\/11\/Egyptian-Potatoes.webp 1024w\" sizes=\"(max-width: 300px) 100vw, 300px\" title=\"\"><h2 class=\"woocommerce-loop-product__title\">Potatoes<\/h2>\n<\/a><a href=\"https:\/\/peitrade.com\/pt-br\/product\/potatoes\/\" aria-describedby=\"woocommerce_loop_add_to_cart_link_describedby_7759\" data-quantity=\"1\" class=\"button product_type_simple\" data-product_id=\"7759\" data-product_sku=\"70190\" aria-label=\"Leia mais sobre &ldquo;Potatoes&rdquo;\" rel=\"nofollow\" data-success_message=\"\">Leia mais<\/a>\t<span id=\"woocommerce_loop_add_to_cart_link_describedby_7759\" class=\"screen-reader-text\">\n\t\t\t<\/span>\n<\/li>\n<li class=\"product type-product post-7354 status-publish last instock product_cat-vegetables has-post-thumbnail shipping-taxable product-type-simple\">\n\t<a href=\"https:\/\/peitrade.com\/pt-br\/product\/tomates\/\" class=\"woocommerce-LoopProduct-link woocommerce-loop-product__link\"><img decoding=\"async\" width=\"300\" height=\"300\" src=\"https:\/\/peitrade.com\/wp-content\/uploads\/2025\/11\/Egyptian-Tomatoes-300x300.webp\" class=\"attachment-woocommerce_thumbnail size-woocommerce_thumbnail\" alt=\"Tomates\" srcset=\"https:\/\/peitrade.com\/wp-content\/uploads\/2025\/11\/Egyptian-Tomatoes-300x300.webp 300w, https:\/\/peitrade.com\/wp-content\/uploads\/2025\/11\/Egyptian-Tomatoes-150x150.webp 150w, https:\/\/peitrade.com\/wp-content\/uploads\/2025\/11\/Egyptian-Tomatoes-768x768.webp 768w, https:\/\/peitrade.com\/wp-content\/uploads\/2025\/11\/Egyptian-Tomatoes-600x600.webp 600w, https:\/\/peitrade.com\/wp-content\/uploads\/2025\/11\/Egyptian-Tomatoes-100x100.webp 100w, https:\/\/peitrade.com\/wp-content\/uploads\/2025\/11\/Egyptian-Tomatoes.webp 1024w\" sizes=\"(max-width: 300px) 100vw, 300px\" title=\"\"><h2 class=\"woocommerce-loop-product__title\">Tomates<\/h2>\n<\/a><a href=\"https:\/\/peitrade.com\/pt-br\/product\/tomates\/\" aria-describedby=\"woocommerce_loop_add_to_cart_link_describedby_7354\" data-quantity=\"1\" class=\"button product_type_simple\" data-product_id=\"7354\" data-product_sku=\"70200\" aria-label=\"Leia mais sobre &ldquo;Tomates&rdquo;\" rel=\"nofollow\" data-success_message=\"\">Leia mais<\/a>\t<span id=\"woocommerce_loop_add_to_cart_link_describedby_7354\" class=\"screen-reader-text\">\n\t\t\t<\/span>\n<\/li>\n<\/ul>\n<\/div><\/div>\n<\/div>\n<\/section>\n<section style=\"padding: 50px 20px; background-color: #f9f9f9;\">\n<div class=\"container\">\n<h2>Perguntas Frequentes<\/h2>\n<h3>Quais tipos de misturas de vegetais congelados voc\u00eas oferecem?<\/h3>\n<p>Oferecemos misturas cl\u00e1ssicas, para wok, para sopas e vers\u00f5es personalizadas conforme os mercados e culin\u00e1rias.<\/p>\n<h3>Posso pedir embalagens para varejo e atacado?<\/h3>\n<p>Com certeza. Trabalhamos com formatos prontos para supermercados e embalagens industriais.<\/p>\n<h3>Voc\u00eas oferecem marca pr\u00f3pria?<\/h3>\n<p>Sim, fornecemos solu\u00e7\u00f5es completas de rotulagem e branding.<\/p>\n<h3>Como voc\u00eas garantem qualidade e seguran\u00e7a dos produtos?<\/h3>\n<p>Todos os produtos seguem processamento baseado em HACCP, com rastreabilidade total e certifica\u00e7\u00f5es internacionais.<\/p>\n<h3>Para quais pa\u00edses voc\u00eas exportam?<\/h3>\n<p>Exportamos para Europa, Oriente M\u00e9dio, \u00c1frica e \u00c1sia, com suporte em log\u00edstica e documenta\u00e7\u00e3o confi\u00e1vel.<\/p>\n<\/div>\n<\/section>\n","protected":false},"excerpt":{"rendered":"<p>A PEI Trade orgulha-se de estar entre os principais fornecedores de vegetais mistos congelados, oferecendo misturas vegetais de qualidade premium que atendem \u00e0s exig\u00eancias em constante mudan\u00e7a dos mercados alimentares globais. Seja para o varejo, servi\u00e7os de alimenta\u00e7\u00e3o ou processamento industrial, nossas misturas de vegetais congelados garantem qualidade consistente, nutri\u00e7\u00e3o e praticidade. Nossos vegetais congelados [&hellip;]<\/p>\n","protected":false},"author":1,"featured_media":0,"parent":0,"menu_order":0,"comment_status":"closed","ping_status":"closed","template":"","meta":{"footnotes":""},"class_list":["post-6285","page","type-page","status-publish","hentry"],"blocksy_meta":[],"mb":[],"featured_image_urls_v2":{"full":"","thumbnail":"","medium":"","medium_large":"","large":"","1536x1536":"","2048x2048":"","woocommerce_archive_thumbnail":"","woocommerce_thumbnail":"","woocommerce_single":"","woocommerce_gallery_thumbnail":""},"post_excerpt_stackable_v2":"<p>A PEI Trade orgulha-se de estar entre os principais fornecedores de vegetais mistos congelados, oferecendo misturas vegetais de qualidade premium que atendem \u00e0s exig\u00eancias em constante mudan\u00e7a dos mercados alimentares globais. Seja para o varejo, servi\u00e7os de alimenta\u00e7\u00e3o ou processamento industrial, nossas misturas de vegetais congelados garantem qualidade consistente, nutri\u00e7\u00e3o e praticidade. Nossos vegetais congelados mistos a granel prontos para exporta\u00e7\u00e3o s\u00e3o processados com tecnologia IQF (Individually Quick Frozen), preservando a cor, o sabor e os valores nutricionais naturais. Como confi\u00e1veis exportadores de vegetais congelados mistos, atendemos clientes internacionais com volumes flex\u00edveis, misturas personalizadas e op\u00e7\u00f5es de embalagem sob medida.&hellip;<\/p>\n","category_list_v2":"","author_info_v2":{"name":"Mostafa Sabry","url":"https:\/\/peitrade.com\/pt-br\/author\/emostafaadel_jn8gcqbo\/"},"comments_num_v2":"0 coment\u00e1rio","mfb_rest_fields":["title","blocksy_meta","featured_image_urls_v2","post_excerpt_stackable_v2","category_list_v2","author_info_v2","comments_num_v2"],"_links":{"self":[{"href":"https:\/\/peitrade.com\/pt-br\/wp-json\/wp\/v2\/pages\/6285","targetHints":{"allow":["GET"]}}],"collection":[{"href":"https:\/\/peitrade.com\/pt-br\/wp-json\/wp\/v2\/pages"}],"about":[{"href":"https:\/\/peitrade.com\/pt-br\/wp-json\/wp\/v2\/types\/page"}],"author":[{"embeddable":true,"href":"https:\/\/peitrade.com\/pt-br\/wp-json\/wp\/v2\/users\/1"}],"replies":[{"embeddable":true,"href":"https:\/\/peitrade.com\/pt-br\/wp-json\/wp\/v2\/comments?post=6285"}],"version-history":[{"count":1,"href":"https:\/\/peitrade.com\/pt-br\/wp-json\/wp\/v2\/pages\/6285\/revisions"}],"predecessor-version":[{"id":6286,"href":"https:\/\/peitrade.com\/pt-br\/wp-json\/wp\/v2\/pages\/6285\/revisions\/6286"}],"wp:attachment":[{"href":"https:\/\/peitrade.com\/pt-br\/wp-json\/wp\/v2\/media?parent=6285"}],"curies":[{"name":"wp","href":"https:\/\/api.w.org\/{rel}","templated":true}]}}