{"id":6424,"date":"2025-06-23T09:33:37","date_gmt":"2025-06-23T09:33:37","guid":{"rendered":"http:\/\/46.224.74.15\/frozen-okra-exporters-3\/"},"modified":"2025-11-19T16:58:08","modified_gmt":"2025-11-19T16:58:08","slug":"frozen-okra-exporters-3","status":"publish","type":"page","link":"https:\/\/peitrade.com\/pt-br\/frozen-okra-exporters-3\/","title":{"rendered":"Exportadores de Quiabo Congelado \u2013 Qualidade Premium Eg\u00edpcia da PEI Trade"},"content":{"rendered":"<section style=\"padding: 60px 20px; background-color: #f9f9f9;\">\n<div class=\"container\">\n<h1>Exportadores de Quiabo Congelado \u2013 Qualidade Premium Eg\u00edpcia da PEI Trade<\/h1>\n<p>A PEI Trade \u00e9 sua fonte confi\u00e1vel entre os principais <b>exportadores de quiabo congelado<\/b> do Egito, oferecendo vegetais de qualidade premium para mercados internacionais. Nosso <b>quiabo congelado eg\u00edpcio<\/b> \u00e9 cuidadosamente selecionado, lavado e processado com tecnologia avan\u00e7ada IQF para preservar sua cor, sabor e textura naturais.<\/p>\n<p>Como experientes <b>exportadores de quiabo congelado<\/b>, fornecemos embalagens personalizadas e remessas em grandes volumes que atendem aos padr\u00f5es internacionais de seguran\u00e7a alimentar, tornando-nos um parceiro confi\u00e1vel para distribuidores, atacadistas e varejistas em todo o mundo.<\/p>\n<\/div>\n<\/section>\n<div class=\"wp-block-woocommerce-product-collection\"><div class=\"woocommerce columns-4 \"><ul class=\"products columns-4\" data-products=\"type-2\">\n<li class=\"product type-product post-7475 status-publish first instock product_cat-in-season product_cat-vegetables has-post-thumbnail shipping-taxable product-type-simple\">\n\t<a href=\"https:\/\/peitrade.com\/pt-br\/product\/cebola\/\" class=\"woocommerce-LoopProduct-link woocommerce-loop-product__link\"><img decoding=\"async\" width=\"300\" height=\"300\" src=\"https:\/\/peitrade.com\/wp-content\/uploads\/2025\/11\/Egyption-Onion-300x300.webp\" class=\"attachment-woocommerce_thumbnail size-woocommerce_thumbnail\" alt=\"Egyption Onion - PEI Trade\" srcset=\"https:\/\/peitrade.com\/wp-content\/uploads\/2025\/11\/Egyption-Onion-300x300.webp 300w, https:\/\/peitrade.com\/wp-content\/uploads\/2025\/11\/Egyption-Onion-150x150.webp 150w, https:\/\/peitrade.com\/wp-content\/uploads\/2025\/11\/Egyption-Onion-768x768.webp 768w, https:\/\/peitrade.com\/wp-content\/uploads\/2025\/11\/Egyption-Onion-600x600.webp 600w, https:\/\/peitrade.com\/wp-content\/uploads\/2025\/11\/Egyption-Onion-100x100.webp 100w, https:\/\/peitrade.com\/wp-content\/uploads\/2025\/11\/Egyption-Onion.webp 1024w\" sizes=\"(max-width: 300px) 100vw, 300px\" title=\"\"><h2 class=\"woocommerce-loop-product__title\">Cebola<\/h2>\n<\/a><a href=\"https:\/\/peitrade.com\/pt-br\/product\/cebola\/\" aria-describedby=\"woocommerce_loop_add_to_cart_link_describedby_7475\" data-quantity=\"1\" class=\"button product_type_simple\" data-product_id=\"7475\" data-product_sku=\"70310\" aria-label=\"Leia mais sobre &ldquo;Cebola&rdquo;\" rel=\"nofollow\" data-success_message=\"\">Leia mais<\/a>\t<span id=\"woocommerce_loop_add_to_cart_link_describedby_7475\" class=\"screen-reader-text\">\n\t\t\t<\/span>\n<\/li>\n<li class=\"product type-product post-7710 status-publish instock product_cat-in-season product_cat-legumes has-post-thumbnail shipping-taxable product-type-simple\">\n\t<a href=\"https:\/\/peitrade.com\/pt-br\/product\/feijao-branco-seco\/\" class=\"woocommerce-LoopProduct-link woocommerce-loop-product__link\"><img decoding=\"async\" width=\"300\" height=\"300\" src=\"https:\/\/peitrade.com\/wp-content\/uploads\/2025\/11\/Egyptian-White-Beans-300x300.webp\" class=\"attachment-woocommerce_thumbnail size-woocommerce_thumbnail\" alt=\"Feij\u00e3o branco seco\" srcset=\"https:\/\/peitrade.com\/wp-content\/uploads\/2025\/11\/Egyptian-White-Beans-300x300.webp 300w, https:\/\/peitrade.com\/wp-content\/uploads\/2025\/11\/Egyptian-White-Beans-150x150.webp 150w, https:\/\/peitrade.com\/wp-content\/uploads\/2025\/11\/Egyptian-White-Beans-768x768.webp 768w, https:\/\/peitrade.com\/wp-content\/uploads\/2025\/11\/Egyptian-White-Beans-600x600.webp 600w, https:\/\/peitrade.com\/wp-content\/uploads\/2025\/11\/Egyptian-White-Beans-100x100.webp 100w, https:\/\/peitrade.com\/wp-content\/uploads\/2025\/11\/Egyptian-White-Beans.webp 1024w\" sizes=\"(max-width: 300px) 100vw, 300px\" title=\"\"><h2 class=\"woocommerce-loop-product__title\">Feij\u00e3o branco seco<\/h2>\n<\/a><a href=\"https:\/\/peitrade.com\/pt-br\/product\/feijao-branco-seco\/\" aria-describedby=\"woocommerce_loop_add_to_cart_link_describedby_7710\" data-quantity=\"1\" class=\"button product_type_simple\" data-product_id=\"7710\" data-product_sku=\"70820\" aria-label=\"Leia mais sobre &ldquo;Feij\u00e3o branco seco&rdquo;\" rel=\"nofollow\" data-success_message=\"\">Leia mais<\/a>\t<span id=\"woocommerce_loop_add_to_cart_link_describedby_7710\" class=\"screen-reader-text\">\n\t\t\t<\/span>\n<\/li>\n<li class=\"product type-product post-7526 status-publish instock product_cat-in-season product_cat-vegetables has-post-thumbnail shipping-taxable product-type-simple\">\n\t<a href=\"https:\/\/peitrade.com\/pt-br\/product\/vagem-feijao-verde\/\" class=\"woocommerce-LoopProduct-link woocommerce-loop-product__link\"><img decoding=\"async\" width=\"300\" height=\"300\" src=\"https:\/\/peitrade.com\/wp-content\/uploads\/2025\/11\/Egyptian-Green-Beans-300x300.webp\" class=\"attachment-woocommerce_thumbnail size-woocommerce_thumbnail\" alt=\"feij\u00e3o-verde\" srcset=\"https:\/\/peitrade.com\/wp-content\/uploads\/2025\/11\/Egyptian-Green-Beans-300x300.webp 300w, https:\/\/peitrade.com\/wp-content\/uploads\/2025\/11\/Egyptian-Green-Beans-150x150.webp 150w, https:\/\/peitrade.com\/wp-content\/uploads\/2025\/11\/Egyptian-Green-Beans-768x768.webp 768w, https:\/\/peitrade.com\/wp-content\/uploads\/2025\/11\/Egyptian-Green-Beans-600x600.webp 600w, https:\/\/peitrade.com\/wp-content\/uploads\/2025\/11\/Egyptian-Green-Beans-100x100.webp 100w, https:\/\/peitrade.com\/wp-content\/uploads\/2025\/11\/Egyptian-Green-Beans.webp 1024w\" sizes=\"(max-width: 300px) 100vw, 300px\" title=\"\"><h2 class=\"woocommerce-loop-product__title\">feij\u00e3o-verde<\/h2>\n<\/a><a href=\"https:\/\/peitrade.com\/pt-br\/product\/vagem-feijao-verde\/\" aria-describedby=\"woocommerce_loop_add_to_cart_link_describedby_7526\" data-quantity=\"1\" class=\"button product_type_simple\" data-product_id=\"7526\" data-product_sku=\"70821\" aria-label=\"Leia mais sobre &ldquo;feij\u00e3o-verde&rdquo;\" rel=\"nofollow\" data-success_message=\"\">Leia mais<\/a>\t<span id=\"woocommerce_loop_add_to_cart_link_describedby_7526\" class=\"screen-reader-text\">\n\t\t\t<\/span>\n<\/li>\n<li class=\"product type-product post-7759 status-publish last instock product_cat-in-season product_cat-vegetables has-post-thumbnail shipping-taxable product-type-simple\">\n\t<a href=\"https:\/\/peitrade.com\/pt-br\/product\/potatoes\/\" class=\"woocommerce-LoopProduct-link woocommerce-loop-product__link\"><img decoding=\"async\" width=\"300\" height=\"300\" src=\"https:\/\/peitrade.com\/wp-content\/uploads\/2025\/11\/Egyptian-Potatoes-300x300.webp\" class=\"attachment-woocommerce_thumbnail size-woocommerce_thumbnail\" alt=\"Potatoes\" srcset=\"https:\/\/peitrade.com\/wp-content\/uploads\/2025\/11\/Egyptian-Potatoes-300x300.webp 300w, https:\/\/peitrade.com\/wp-content\/uploads\/2025\/11\/Egyptian-Potatoes-150x150.webp 150w, https:\/\/peitrade.com\/wp-content\/uploads\/2025\/11\/Egyptian-Potatoes-768x768.webp 768w, https:\/\/peitrade.com\/wp-content\/uploads\/2025\/11\/Egyptian-Potatoes-600x600.webp 600w, https:\/\/peitrade.com\/wp-content\/uploads\/2025\/11\/Egyptian-Potatoes-100x100.webp 100w, https:\/\/peitrade.com\/wp-content\/uploads\/2025\/11\/Egyptian-Potatoes.webp 1024w\" sizes=\"(max-width: 300px) 100vw, 300px\" title=\"\"><h2 class=\"woocommerce-loop-product__title\">Potatoes<\/h2>\n<\/a><a href=\"https:\/\/peitrade.com\/pt-br\/product\/potatoes\/\" aria-describedby=\"woocommerce_loop_add_to_cart_link_describedby_7759\" data-quantity=\"1\" class=\"button product_type_simple\" data-product_id=\"7759\" data-product_sku=\"70190\" aria-label=\"Leia mais sobre &ldquo;Potatoes&rdquo;\" rel=\"nofollow\" data-success_message=\"\">Leia mais<\/a>\t<span id=\"woocommerce_loop_add_to_cart_link_describedby_7759\" class=\"screen-reader-text\">\n\t\t\t<\/span>\n<\/li>\n<\/ul>\n<\/div><\/div>\n<section style=\"padding: 50px 20px;\">\n<div class=\"container\">\n<h2>Por que Escolher Quiabo Congelado Eg\u00edpcio da PEI Trade?<\/h2>\n<p><span style=\"font-weight: 400;\">Como um dos principais <b>exportadores de quiabo congelado<\/b>, nossos produtos s\u00e3o valorizados por:<\/span><\/p>\n<ul>\n<li style=\"font-weight: 400;\" aria-level=\"1\"><span style=\"font-weight: 400;\">Cor verde fresca e textura firme preservadas pelo IQF<\/span><\/li>\n<li style=\"font-weight: 400;\" aria-level=\"1\"><span style=\"font-weight: 400;\">Tamanhos uniformes \u2013 dispon\u00edveis nos cortes Inteiro, Zero e Anel<\/span><\/li>\n<li style=\"font-weight: 400;\" aria-level=\"1\"><span style=\"font-weight: 400;\">Sem produtos qu\u00edmicos \u2013 totalmente natural e sem conservantes<\/span><\/li>\n<li style=\"font-weight: 400;\" aria-level=\"1\"><span style=\"font-weight: 400;\">Alto valor nutricional \u2013 rico em fibras, vitaminas e antioxidantes<\/span><\/li>\n<li style=\"font-weight: 400;\" aria-level=\"1\"><span style=\"font-weight: 400;\">Disponibilidade durante todo o ano e quantidades flex\u00edveis<\/span><\/li>\n<\/ul>\n<p><span style=\"font-weight: 400;\">Nossa equipe da PEI Trade garante que cada lote de <b>quiabo congelado<\/b> atenda aos mais altos crit\u00e9rios de qualidade para exporta\u00e7\u00e3o.<\/span><\/p>\n<h2>Do Campo ao Mercado \u2013 Nosso Processo de Exporta\u00e7\u00e3o<\/h2>\n<p><span style=\"font-weight: 400;\">Cada pedido da PEI Trade \u2013 entre os mais confi\u00e1veis <b>exportadores de quiabo congelado<\/b> do Egito \u2013 passa por procedimentos rigorosos, incluindo:<\/span><\/p>\n<ul>\n<li style=\"font-weight: 400;\" aria-level=\"1\"><span style=\"font-weight: 400;\">Colheita no auge da frescura (maio a outubro)<\/span><\/li>\n<li style=\"font-weight: 400;\" aria-level=\"1\"><span style=\"font-weight: 400;\">Classifica\u00e7\u00e3o, lavagem e branqueamento para garantir qualidade<\/span><\/li>\n<li style=\"font-weight: 400;\" aria-level=\"1\"><span style=\"font-weight: 400;\">Congelamento R\u00e1pido Individual (IQF) para manter os nutrientes e estrutura<\/span><\/li>\n<li style=\"font-weight: 400;\" aria-level=\"1\"><span style=\"font-weight: 400;\">Op\u00e7\u00f5es de embalagem a granel e no varejo com marca pr\u00f3pria<\/span><\/li>\n<li style=\"font-weight: 400;\" aria-level=\"1\"><span style=\"font-weight: 400;\">Documenta\u00e7\u00e3o completa e log\u00edstica para exporta\u00e7\u00e3o internacional<\/span><\/li>\n<\/ul>\n<p><span style=\"font-weight: 400;\">Com capacidade global de fornecimento, a PEI Trade otimiza cada exporta\u00e7\u00e3o para atender \u00e0s suas necessidades de mercado com efici\u00eancia.<\/span><\/p>\n<h2>Disponibilidade e Temporada de Colheita<\/h2>\n<p><span style=\"font-weight: 400;\">O clima do Egito permite uma forte colheita de quiabo de <b>maio a outubro<\/b>. Isso garante aos nossos clientes acesso a quiabo congelado fresco antes da entressafra global.<\/span><\/p>\n<p style=\"font-weight: 400;\">A PEI Trade mant\u00e9m estoque congelado para assegurar continuidade em contratos de fornecimento durante o ano inteiro.<\/p>\n<h3>Aplica\u00e7\u00f5es do Quiabo Congelado<\/h3>\n<p><span style=\"font-weight: 400;\">Nosso <b>quiabo congelado eg\u00edpcio<\/b> atende a diversas necessidades culin\u00e1rias:<\/span><\/p>\n<ul>\n<li style=\"font-weight: 400;\" aria-level=\"1\"><b>Varejo:<\/b> Embalado para supermercados e se\u00e7\u00f5es de congelados<\/li>\n<li style=\"font-weight: 400;\" aria-level=\"1\"><b>Servi\u00e7o de Alimenta\u00e7\u00e3o:<\/b> Ideal para hot\u00e9is, restaurantes e catering<\/li>\n<li style=\"font-weight: 400;\" aria-level=\"1\"><b>Ind\u00fastria:<\/b> Usado em refei\u00e7\u00f5es prontas, ensopados e sopas<\/li>\n<li style=\"font-weight: 400;\" aria-level=\"1\"><b>Atacado:<\/b> Op\u00e7\u00f5es em grandes volumes para importadores e distribuidores<\/li>\n<\/ul>\n<h3>Alcance Global de Exporta\u00e7\u00e3o<\/h3>\n<p><span style=\"font-weight: 400;\">Como reconhecidos <b>exportadores de quiabo congelado<\/b>, a PEI Trade fornece para grandes mercados internacionais, incluindo:<\/span><\/p>\n<ul>\n<li style=\"font-weight: 400;\" aria-level=\"1\"><span style=\"font-weight: 400;\">Europa: Alemanha, Reino Unido, Pa\u00edses Baixos<\/span><\/li>\n<li style=\"font-weight: 400;\" aria-level=\"1\"><span style=\"font-weight: 400;\">Oriente M\u00e9dio: Emirados \u00c1rabes Unidos, Catar, Ar\u00e1bia Saudita<\/span><\/li>\n<li style=\"font-weight: 400;\" aria-level=\"1\"><span style=\"font-weight: 400;\">\u00c1frica: Qu\u00eania, Nig\u00e9ria, \u00c1frica do Sul<\/span><\/li>\n<li style=\"font-weight: 400;\" aria-level=\"1\"><span style=\"font-weight: 400;\">\u00c1sia: \u00cdndia, Mal\u00e1sia, Coreia do Sul<\/span><\/li>\n<\/ul>\n<p><span style=\"font-weight: 400;\">Nossa log\u00edstica flex\u00edvel e suporte documental fazem da PEI Trade um dos <b>exportadores de quiabo congelado<\/b> mais eficientes do Egito.<\/span><\/p>\n<h2>Solu\u00e7\u00f5es de Embalagem<\/h2>\n<p><span style=\"font-weight: 400;\">Para atender todos os segmentos de mercado, fornecemos embalagens prontas para exporta\u00e7\u00e3o, incluindo:<\/span><\/p>\n<ul>\n<li style=\"font-weight: 400;\" aria-level=\"1\"><span style=\"font-weight: 400;\">Caixas a granel (10 kg, 20 kg) para atacado e food service<\/span><\/li>\n<li style=\"font-weight: 400;\" aria-level=\"1\"><span style=\"font-weight: 400;\">Embalagens de varejo de 400g a 2kg com rotulagem personalizada<\/span><\/li>\n<li style=\"font-weight: 400;\" aria-level=\"1\"><span style=\"font-weight: 400;\">Op\u00e7\u00f5es a v\u00e1cuo para frescor prolongado<\/span><\/li>\n<li style=\"font-weight: 400;\" aria-level=\"1\"><span style=\"font-weight: 400;\">Contentores paletizados otimizados para transporte congelado<\/span><\/li>\n<\/ul>\n<p><span style=\"font-weight: 400;\">Todas as embalagens seguem os padr\u00f5es internacionais de conformidade e validade.<\/span><\/p>\n<\/div>\n<\/section>\n<section style=\"padding: 50px 20px; background-color: #f0f0f0;\">\n<div class=\"container\">\n<h2>Solicite Quiabo Congelado Premium do Egito com a PEI Trade<\/h2>\n<p>Se voc\u00ea busca <b>exportadores de quiabo congelado<\/b> confi\u00e1veis com desempenho comprovado, a PEI Trade \u00e9 seu parceiro ideal de fornecimento.<\/p>\n<p>Combinamos controle de qualidade, servi\u00e7o personalizado e log\u00edstica internacional para apoiar o crescimento do seu neg\u00f3cio.<\/p>\n<h2>Entre em Contato para Pre\u00e7os e Amostras<\/h2>\n<p>Fale com nossa equipe agora para receber especifica\u00e7\u00f5es detalhadas, cota\u00e7\u00f5es e amostras do nosso <b>quiabo congelado eg\u00edpcio<\/b>.<\/p>\n<p>&nbsp;<\/p>\n<p style=\"text-align: center; margin-top: 40px;\"><a class=\"button primary large\" href=\"\/contact\">Solicitar Agora<\/a><\/p>\n<\/div>\n<\/section>\n<section style=\"padding: 50px 20px;\">\n<div class=\"container\">\n<h2>Conhe\u00e7a Mais Produtos Agr\u00edcolas Eg\u00edpcios<\/h2>\n<p>Al\u00e9m do <b>quiabo congelado<\/b>, a PEI Trade exporta uma ampla variedade de culturas eg\u00edpcias como morangos, vagem e piment\u00f5es. Explore nossa linha completa de produtos e fortale\u00e7a sua cadeia de suprimentos global. <a href=\"https:\/\/peitrade.com\/pt-br\/about-pei-trade\/\" target=\"_blank\" rel=\"noopener\">Saiba mais sobre nossa capacidade de exporta\u00e7\u00e3o<\/a>.<\/p>\n<div class=\"wp-block-woocommerce-product-collection\"><div class=\"woocommerce columns-4 \"><ul class=\"products columns-4\" data-products=\"type-2\">\n<li class=\"product type-product post-7475 status-publish first instock product_cat-in-season product_cat-vegetables has-post-thumbnail shipping-taxable product-type-simple\">\n\t<a href=\"https:\/\/peitrade.com\/pt-br\/product\/cebola\/\" class=\"woocommerce-LoopProduct-link woocommerce-loop-product__link\"><img decoding=\"async\" width=\"300\" height=\"300\" src=\"https:\/\/peitrade.com\/wp-content\/uploads\/2025\/11\/Egyption-Onion-300x300.webp\" class=\"attachment-woocommerce_thumbnail size-woocommerce_thumbnail\" alt=\"Egyption Onion - PEI Trade\" srcset=\"https:\/\/peitrade.com\/wp-content\/uploads\/2025\/11\/Egyption-Onion-300x300.webp 300w, https:\/\/peitrade.com\/wp-content\/uploads\/2025\/11\/Egyption-Onion-150x150.webp 150w, https:\/\/peitrade.com\/wp-content\/uploads\/2025\/11\/Egyption-Onion-768x768.webp 768w, https:\/\/peitrade.com\/wp-content\/uploads\/2025\/11\/Egyption-Onion-600x600.webp 600w, https:\/\/peitrade.com\/wp-content\/uploads\/2025\/11\/Egyption-Onion-100x100.webp 100w, https:\/\/peitrade.com\/wp-content\/uploads\/2025\/11\/Egyption-Onion.webp 1024w\" sizes=\"(max-width: 300px) 100vw, 300px\" title=\"\"><h2 class=\"woocommerce-loop-product__title\">Cebola<\/h2>\n<\/a><a href=\"https:\/\/peitrade.com\/pt-br\/product\/cebola\/\" aria-describedby=\"woocommerce_loop_add_to_cart_link_describedby_7475\" data-quantity=\"1\" class=\"button product_type_simple\" data-product_id=\"7475\" data-product_sku=\"70310\" aria-label=\"Leia mais sobre &ldquo;Cebola&rdquo;\" rel=\"nofollow\" data-success_message=\"\">Leia mais<\/a>\t<span id=\"woocommerce_loop_add_to_cart_link_describedby_7475\" class=\"screen-reader-text\">\n\t\t\t<\/span>\n<\/li>\n<li class=\"product type-product post-7710 status-publish instock product_cat-in-season product_cat-legumes has-post-thumbnail shipping-taxable product-type-simple\">\n\t<a href=\"https:\/\/peitrade.com\/pt-br\/product\/feijao-branco-seco\/\" class=\"woocommerce-LoopProduct-link woocommerce-loop-product__link\"><img decoding=\"async\" width=\"300\" height=\"300\" src=\"https:\/\/peitrade.com\/wp-content\/uploads\/2025\/11\/Egyptian-White-Beans-300x300.webp\" class=\"attachment-woocommerce_thumbnail size-woocommerce_thumbnail\" alt=\"Feij\u00e3o branco seco\" srcset=\"https:\/\/peitrade.com\/wp-content\/uploads\/2025\/11\/Egyptian-White-Beans-300x300.webp 300w, https:\/\/peitrade.com\/wp-content\/uploads\/2025\/11\/Egyptian-White-Beans-150x150.webp 150w, https:\/\/peitrade.com\/wp-content\/uploads\/2025\/11\/Egyptian-White-Beans-768x768.webp 768w, https:\/\/peitrade.com\/wp-content\/uploads\/2025\/11\/Egyptian-White-Beans-600x600.webp 600w, https:\/\/peitrade.com\/wp-content\/uploads\/2025\/11\/Egyptian-White-Beans-100x100.webp 100w, https:\/\/peitrade.com\/wp-content\/uploads\/2025\/11\/Egyptian-White-Beans.webp 1024w\" sizes=\"(max-width: 300px) 100vw, 300px\" title=\"\"><h2 class=\"woocommerce-loop-product__title\">Feij\u00e3o branco seco<\/h2>\n<\/a><a href=\"https:\/\/peitrade.com\/pt-br\/product\/feijao-branco-seco\/\" aria-describedby=\"woocommerce_loop_add_to_cart_link_describedby_7710\" data-quantity=\"1\" class=\"button product_type_simple\" data-product_id=\"7710\" data-product_sku=\"70820\" aria-label=\"Leia mais sobre &ldquo;Feij\u00e3o branco seco&rdquo;\" rel=\"nofollow\" data-success_message=\"\">Leia mais<\/a>\t<span id=\"woocommerce_loop_add_to_cart_link_describedby_7710\" class=\"screen-reader-text\">\n\t\t\t<\/span>\n<\/li>\n<li class=\"product type-product post-7526 status-publish instock product_cat-in-season product_cat-vegetables has-post-thumbnail shipping-taxable product-type-simple\">\n\t<a href=\"https:\/\/peitrade.com\/pt-br\/product\/vagem-feijao-verde\/\" class=\"woocommerce-LoopProduct-link woocommerce-loop-product__link\"><img decoding=\"async\" width=\"300\" height=\"300\" src=\"https:\/\/peitrade.com\/wp-content\/uploads\/2025\/11\/Egyptian-Green-Beans-300x300.webp\" class=\"attachment-woocommerce_thumbnail size-woocommerce_thumbnail\" alt=\"feij\u00e3o-verde\" srcset=\"https:\/\/peitrade.com\/wp-content\/uploads\/2025\/11\/Egyptian-Green-Beans-300x300.webp 300w, https:\/\/peitrade.com\/wp-content\/uploads\/2025\/11\/Egyptian-Green-Beans-150x150.webp 150w, https:\/\/peitrade.com\/wp-content\/uploads\/2025\/11\/Egyptian-Green-Beans-768x768.webp 768w, https:\/\/peitrade.com\/wp-content\/uploads\/2025\/11\/Egyptian-Green-Beans-600x600.webp 600w, https:\/\/peitrade.com\/wp-content\/uploads\/2025\/11\/Egyptian-Green-Beans-100x100.webp 100w, https:\/\/peitrade.com\/wp-content\/uploads\/2025\/11\/Egyptian-Green-Beans.webp 1024w\" sizes=\"(max-width: 300px) 100vw, 300px\" title=\"\"><h2 class=\"woocommerce-loop-product__title\">feij\u00e3o-verde<\/h2>\n<\/a><a href=\"https:\/\/peitrade.com\/pt-br\/product\/vagem-feijao-verde\/\" aria-describedby=\"woocommerce_loop_add_to_cart_link_describedby_7526\" data-quantity=\"1\" class=\"button product_type_simple\" data-product_id=\"7526\" data-product_sku=\"70821\" aria-label=\"Leia mais sobre &ldquo;feij\u00e3o-verde&rdquo;\" rel=\"nofollow\" data-success_message=\"\">Leia mais<\/a>\t<span id=\"woocommerce_loop_add_to_cart_link_describedby_7526\" class=\"screen-reader-text\">\n\t\t\t<\/span>\n<\/li>\n<li class=\"product type-product post-7759 status-publish last instock product_cat-in-season product_cat-vegetables has-post-thumbnail shipping-taxable product-type-simple\">\n\t<a href=\"https:\/\/peitrade.com\/pt-br\/product\/potatoes\/\" class=\"woocommerce-LoopProduct-link woocommerce-loop-product__link\"><img decoding=\"async\" width=\"300\" height=\"300\" src=\"https:\/\/peitrade.com\/wp-content\/uploads\/2025\/11\/Egyptian-Potatoes-300x300.webp\" class=\"attachment-woocommerce_thumbnail size-woocommerce_thumbnail\" alt=\"Potatoes\" srcset=\"https:\/\/peitrade.com\/wp-content\/uploads\/2025\/11\/Egyptian-Potatoes-300x300.webp 300w, https:\/\/peitrade.com\/wp-content\/uploads\/2025\/11\/Egyptian-Potatoes-150x150.webp 150w, https:\/\/peitrade.com\/wp-content\/uploads\/2025\/11\/Egyptian-Potatoes-768x768.webp 768w, https:\/\/peitrade.com\/wp-content\/uploads\/2025\/11\/Egyptian-Potatoes-600x600.webp 600w, https:\/\/peitrade.com\/wp-content\/uploads\/2025\/11\/Egyptian-Potatoes-100x100.webp 100w, https:\/\/peitrade.com\/wp-content\/uploads\/2025\/11\/Egyptian-Potatoes.webp 1024w\" sizes=\"(max-width: 300px) 100vw, 300px\" title=\"\"><h2 class=\"woocommerce-loop-product__title\">Potatoes<\/h2>\n<\/a><a href=\"https:\/\/peitrade.com\/pt-br\/product\/potatoes\/\" aria-describedby=\"woocommerce_loop_add_to_cart_link_describedby_7759\" data-quantity=\"1\" class=\"button product_type_simple\" data-product_id=\"7759\" data-product_sku=\"70190\" aria-label=\"Leia mais sobre &ldquo;Potatoes&rdquo;\" rel=\"nofollow\" data-success_message=\"\">Leia mais<\/a>\t<span id=\"woocommerce_loop_add_to_cart_link_describedby_7759\" class=\"screen-reader-text\">\n\t\t\t<\/span>\n<\/li>\n<\/ul>\n<\/div><\/div>\n<\/div>\n<\/section>\n<section style=\"padding: 50px 20px; background-color: #f9f9f9;\">\n<div class=\"container\">\n<h2>Perguntas Frequentes<\/h2>\n<h3>Qual \u00e9 a validade do seu quiabo congelado?<\/h3>\n<p>Nosso quiabo congelado mant\u00e9m a qualidade m\u00e1xima por at\u00e9 18 meses se armazenado na temperatura recomendada.<\/p>\n<h3>O que torna a PEI Trade um exportador confi\u00e1vel de quiabo congelado?<\/h3>\n<p>Oferecemos processamento certificado, qualidade consistente e suporte completo \u00e0 exporta\u00e7\u00e3o para mais de 30 mercados globais.<\/p>\n<h3>Posso solicitar cortes ou tamanhos personalizados?<\/h3>\n<p>Sim. Oferecemos formatos de quiabo Inteiro, Zero e em Anel para atender suas necessidades industriais ou de varejo.<\/p>\n<h3>Voc\u00eas oferecem op\u00e7\u00f5es com marca pr\u00f3pria?<\/h3>\n<p>Claro. Podemos fornecer embalagens de varejo com a sua marca mediante solicita\u00e7\u00e3o.<\/p>\n<h3>Para onde voc\u00eas exportam o quiabo congelado?<\/h3>\n<p>Exportamos para a Europa, \u00c1sia, Oriente M\u00e9dio e \u00c1frica com quantidades m\u00ednimas flex\u00edveis e planos de envio personalizados.<\/p>\n<\/div>\n<\/section>\n","protected":false},"excerpt":{"rendered":"<p>Exportadores de Quiabo Congelado \u2013 Qualidade Premium Eg\u00edpcia da PEI Trade A PEI Trade \u00e9 sua fonte confi\u00e1vel entre os principais exportadores de quiabo congelado do Egito, oferecendo vegetais de qualidade premium para mercados internacionais. Nosso quiabo congelado eg\u00edpcio \u00e9 cuidadosamente selecionado, lavado e processado com tecnologia avan\u00e7ada IQF para preservar sua cor, sabor e [&hellip;]<\/p>\n","protected":false},"author":1,"featured_media":0,"parent":0,"menu_order":0,"comment_status":"closed","ping_status":"closed","template":"","meta":{"footnotes":""},"class_list":["post-6424","page","type-page","status-publish","hentry"],"blocksy_meta":[],"mb":[],"featured_image_urls_v2":{"full":"","thumbnail":"","medium":"","medium_large":"","large":"","1536x1536":"","2048x2048":"","woocommerce_archive_thumbnail":"","woocommerce_thumbnail":"","woocommerce_single":"","woocommerce_gallery_thumbnail":""},"post_excerpt_stackable_v2":"<p>Exportadores de Quiabo Congelado \u2013 Qualidade Premium Eg\u00edpcia da PEI Trade A PEI Trade \u00e9 sua fonte confi\u00e1vel entre os principais exportadores de quiabo congelado do Egito, oferecendo vegetais de qualidade premium para mercados internacionais. Nosso quiabo congelado eg\u00edpcio \u00e9 cuidadosamente selecionado, lavado e processado com tecnologia avan\u00e7ada IQF para preservar sua cor, sabor e textura naturais. Como experientes exportadores de quiabo congelado, fornecemos embalagens personalizadas e remessas em grandes volumes que atendem aos padr\u00f5es internacionais de seguran\u00e7a alimentar, tornando-nos um parceiro confi\u00e1vel para distribuidores, atacadistas e varejistas em todo o mundo. Cebola Leia mais Feij\u00e3o branco seco Leia mais&hellip;<\/p>\n","category_list_v2":"","author_info_v2":{"name":"Mostafa Sabry","url":"https:\/\/peitrade.com\/pt-br\/author\/emostafaadel_jn8gcqbo\/"},"comments_num_v2":"0 coment\u00e1rio","mfb_rest_fields":["title","blocksy_meta","featured_image_urls_v2","post_excerpt_stackable_v2","category_list_v2","author_info_v2","comments_num_v2"],"_links":{"self":[{"href":"https:\/\/peitrade.com\/pt-br\/wp-json\/wp\/v2\/pages\/6424","targetHints":{"allow":["GET"]}}],"collection":[{"href":"https:\/\/peitrade.com\/pt-br\/wp-json\/wp\/v2\/pages"}],"about":[{"href":"https:\/\/peitrade.com\/pt-br\/wp-json\/wp\/v2\/types\/page"}],"author":[{"embeddable":true,"href":"https:\/\/peitrade.com\/pt-br\/wp-json\/wp\/v2\/users\/1"}],"replies":[{"embeddable":true,"href":"https:\/\/peitrade.com\/pt-br\/wp-json\/wp\/v2\/comments?post=6424"}],"version-history":[{"count":1,"href":"https:\/\/peitrade.com\/pt-br\/wp-json\/wp\/v2\/pages\/6424\/revisions"}],"predecessor-version":[{"id":6425,"href":"https:\/\/peitrade.com\/pt-br\/wp-json\/wp\/v2\/pages\/6424\/revisions\/6425"}],"wp:attachment":[{"href":"https:\/\/peitrade.com\/pt-br\/wp-json\/wp\/v2\/media?parent=6424"}],"curies":[{"name":"wp","href":"https:\/\/api.w.org\/{rel}","templated":true}]}}