{"id":6466,"date":"2025-06-23T09:59:49","date_gmt":"2025-06-23T09:59:49","guid":{"rendered":"http:\/\/46.224.74.15\/exportadores-de-vegetais-mistos-congelados\/"},"modified":"2025-11-19T16:58:20","modified_gmt":"2025-11-19T16:58:20","slug":"exportadores-de-vegetais-mistos-congelados","status":"publish","type":"page","link":"https:\/\/peitrade.com\/pt-br\/exportadores-de-vegetais-mistos-congelados\/","title":{"rendered":"Exportadores de vegetais mistos congelados \u2013 Qualidade em que voc\u00ea pode confiar"},"content":{"rendered":"<section style=\"padding: 60px 20px; background-color: #f9f9f9;\">\n<div class=\"container\">\n<p>A PEI Trade se destaca entre os <strong>exportadores de vegetais mistos congelados<\/strong>, oferecendo misturas de vegetais de alta qualidade provenientes das f\u00e9rteis terras agr\u00edcolas do Egito. Nosso compromisso com a frescura, preserva\u00e7\u00e3o da cor e valor nutricional garante que cada remessa atenda aos mais altos padr\u00f5es internacionais.<\/p>\n<p>Como <b>fornecedores experientes de vegetais congelados mistos<\/b>, atendemos uma ampla gama de clientes \u2014 desde grandes fabricantes de alimentos at\u00e9 distribuidores de varejo \u2014 entregando solu\u00e7\u00f5es personalizadas de <b>mistura de vegetais congelados<\/b> que atendem aos perfis de sabor regionais e \u00e0s necessidades log\u00edsticas.<\/p>\n<\/div>\n<\/section>\n<div class=\"wp-block-woocommerce-product-collection\"><div class=\"woocommerce columns-4 \"><ul class=\"products columns-4\" data-products=\"type-2\">\n<li class=\"product type-product post-7475 status-publish first instock product_cat-in-season product_cat-vegetables has-post-thumbnail shipping-taxable product-type-simple\">\n\t<a href=\"https:\/\/peitrade.com\/pt-br\/product\/cebola\/\" class=\"woocommerce-LoopProduct-link woocommerce-loop-product__link\"><img decoding=\"async\" width=\"300\" height=\"300\" src=\"https:\/\/peitrade.com\/wp-content\/uploads\/2025\/11\/Egyption-Onion-300x300.webp\" class=\"attachment-woocommerce_thumbnail size-woocommerce_thumbnail\" alt=\"Egyption Onion - PEI Trade\" srcset=\"https:\/\/peitrade.com\/wp-content\/uploads\/2025\/11\/Egyption-Onion-300x300.webp 300w, https:\/\/peitrade.com\/wp-content\/uploads\/2025\/11\/Egyption-Onion-150x150.webp 150w, https:\/\/peitrade.com\/wp-content\/uploads\/2025\/11\/Egyption-Onion-768x768.webp 768w, https:\/\/peitrade.com\/wp-content\/uploads\/2025\/11\/Egyption-Onion-600x600.webp 600w, https:\/\/peitrade.com\/wp-content\/uploads\/2025\/11\/Egyption-Onion-100x100.webp 100w, https:\/\/peitrade.com\/wp-content\/uploads\/2025\/11\/Egyption-Onion.webp 1024w\" sizes=\"(max-width: 300px) 100vw, 300px\" title=\"\"><h2 class=\"woocommerce-loop-product__title\">Cebola<\/h2>\n<\/a><a href=\"https:\/\/peitrade.com\/pt-br\/product\/cebola\/\" aria-describedby=\"woocommerce_loop_add_to_cart_link_describedby_7475\" data-quantity=\"1\" class=\"button product_type_simple\" data-product_id=\"7475\" data-product_sku=\"70310\" aria-label=\"Leia mais sobre &ldquo;Cebola&rdquo;\" rel=\"nofollow\" data-success_message=\"\">Leia mais<\/a>\t<span id=\"woocommerce_loop_add_to_cart_link_describedby_7475\" class=\"screen-reader-text\">\n\t\t\t<\/span>\n<\/li>\n<li class=\"product type-product post-7710 status-publish instock product_cat-in-season product_cat-legumes has-post-thumbnail shipping-taxable product-type-simple\">\n\t<a href=\"https:\/\/peitrade.com\/pt-br\/product\/feijao-branco-seco\/\" class=\"woocommerce-LoopProduct-link woocommerce-loop-product__link\"><img decoding=\"async\" width=\"300\" height=\"300\" src=\"https:\/\/peitrade.com\/wp-content\/uploads\/2025\/11\/Egyptian-White-Beans-300x300.webp\" class=\"attachment-woocommerce_thumbnail size-woocommerce_thumbnail\" alt=\"Feij\u00e3o branco seco\" srcset=\"https:\/\/peitrade.com\/wp-content\/uploads\/2025\/11\/Egyptian-White-Beans-300x300.webp 300w, https:\/\/peitrade.com\/wp-content\/uploads\/2025\/11\/Egyptian-White-Beans-150x150.webp 150w, https:\/\/peitrade.com\/wp-content\/uploads\/2025\/11\/Egyptian-White-Beans-768x768.webp 768w, https:\/\/peitrade.com\/wp-content\/uploads\/2025\/11\/Egyptian-White-Beans-600x600.webp 600w, https:\/\/peitrade.com\/wp-content\/uploads\/2025\/11\/Egyptian-White-Beans-100x100.webp 100w, https:\/\/peitrade.com\/wp-content\/uploads\/2025\/11\/Egyptian-White-Beans.webp 1024w\" sizes=\"(max-width: 300px) 100vw, 300px\" title=\"\"><h2 class=\"woocommerce-loop-product__title\">Feij\u00e3o branco seco<\/h2>\n<\/a><a href=\"https:\/\/peitrade.com\/pt-br\/product\/feijao-branco-seco\/\" aria-describedby=\"woocommerce_loop_add_to_cart_link_describedby_7710\" data-quantity=\"1\" class=\"button product_type_simple\" data-product_id=\"7710\" data-product_sku=\"70820\" aria-label=\"Leia mais sobre &ldquo;Feij\u00e3o branco seco&rdquo;\" rel=\"nofollow\" data-success_message=\"\">Leia mais<\/a>\t<span id=\"woocommerce_loop_add_to_cart_link_describedby_7710\" class=\"screen-reader-text\">\n\t\t\t<\/span>\n<\/li>\n<li class=\"product type-product post-7526 status-publish instock product_cat-in-season product_cat-vegetables has-post-thumbnail shipping-taxable product-type-simple\">\n\t<a href=\"https:\/\/peitrade.com\/pt-br\/product\/vagem-feijao-verde\/\" class=\"woocommerce-LoopProduct-link woocommerce-loop-product__link\"><img decoding=\"async\" width=\"300\" height=\"300\" src=\"https:\/\/peitrade.com\/wp-content\/uploads\/2025\/11\/Egyptian-Green-Beans-300x300.webp\" class=\"attachment-woocommerce_thumbnail size-woocommerce_thumbnail\" alt=\"feij\u00e3o-verde\" srcset=\"https:\/\/peitrade.com\/wp-content\/uploads\/2025\/11\/Egyptian-Green-Beans-300x300.webp 300w, https:\/\/peitrade.com\/wp-content\/uploads\/2025\/11\/Egyptian-Green-Beans-150x150.webp 150w, https:\/\/peitrade.com\/wp-content\/uploads\/2025\/11\/Egyptian-Green-Beans-768x768.webp 768w, https:\/\/peitrade.com\/wp-content\/uploads\/2025\/11\/Egyptian-Green-Beans-600x600.webp 600w, https:\/\/peitrade.com\/wp-content\/uploads\/2025\/11\/Egyptian-Green-Beans-100x100.webp 100w, https:\/\/peitrade.com\/wp-content\/uploads\/2025\/11\/Egyptian-Green-Beans.webp 1024w\" sizes=\"(max-width: 300px) 100vw, 300px\" title=\"\"><h2 class=\"woocommerce-loop-product__title\">feij\u00e3o-verde<\/h2>\n<\/a><a href=\"https:\/\/peitrade.com\/pt-br\/product\/vagem-feijao-verde\/\" aria-describedby=\"woocommerce_loop_add_to_cart_link_describedby_7526\" data-quantity=\"1\" class=\"button product_type_simple\" data-product_id=\"7526\" data-product_sku=\"70821\" aria-label=\"Leia mais sobre &ldquo;feij\u00e3o-verde&rdquo;\" rel=\"nofollow\" data-success_message=\"\">Leia mais<\/a>\t<span id=\"woocommerce_loop_add_to_cart_link_describedby_7526\" class=\"screen-reader-text\">\n\t\t\t<\/span>\n<\/li>\n<li class=\"product type-product post-7759 status-publish last instock product_cat-in-season product_cat-vegetables has-post-thumbnail shipping-taxable product-type-simple\">\n\t<a href=\"https:\/\/peitrade.com\/pt-br\/product\/potatoes\/\" class=\"woocommerce-LoopProduct-link woocommerce-loop-product__link\"><img decoding=\"async\" width=\"300\" height=\"300\" src=\"https:\/\/peitrade.com\/wp-content\/uploads\/2025\/11\/Egyptian-Potatoes-300x300.webp\" class=\"attachment-woocommerce_thumbnail size-woocommerce_thumbnail\" alt=\"Potatoes\" srcset=\"https:\/\/peitrade.com\/wp-content\/uploads\/2025\/11\/Egyptian-Potatoes-300x300.webp 300w, https:\/\/peitrade.com\/wp-content\/uploads\/2025\/11\/Egyptian-Potatoes-150x150.webp 150w, https:\/\/peitrade.com\/wp-content\/uploads\/2025\/11\/Egyptian-Potatoes-768x768.webp 768w, https:\/\/peitrade.com\/wp-content\/uploads\/2025\/11\/Egyptian-Potatoes-600x600.webp 600w, https:\/\/peitrade.com\/wp-content\/uploads\/2025\/11\/Egyptian-Potatoes-100x100.webp 100w, https:\/\/peitrade.com\/wp-content\/uploads\/2025\/11\/Egyptian-Potatoes.webp 1024w\" sizes=\"(max-width: 300px) 100vw, 300px\" title=\"\"><h2 class=\"woocommerce-loop-product__title\">Potatoes<\/h2>\n<\/a><a href=\"https:\/\/peitrade.com\/pt-br\/product\/potatoes\/\" aria-describedby=\"woocommerce_loop_add_to_cart_link_describedby_7759\" data-quantity=\"1\" class=\"button product_type_simple\" data-product_id=\"7759\" data-product_sku=\"70190\" aria-label=\"Leia mais sobre &ldquo;Potatoes&rdquo;\" rel=\"nofollow\" data-success_message=\"\">Leia mais<\/a>\t<span id=\"woocommerce_loop_add_to_cart_link_describedby_7759\" class=\"screen-reader-text\">\n\t\t\t<\/span>\n<\/li>\n<\/ul>\n<\/div><\/div>\n<div class=\"container\">\n<h2>Por que escolher a PEI Trade para vegetais congelados mistos no atacado?<\/h2>\n<p><span style=\"font-weight: 400;\">Nossos <b>vegetais congelados mistos a granel<\/b> se destacam por:<\/span><\/p>\n<ul>\n<li style=\"font-weight: 400;\">Ingredientes de alta qualidade e tamanho uniforme<\/li>\n<li style=\"font-weight: 400;\">Tecnologia IQF (congelamento r\u00e1pido individual) avan\u00e7ada<\/li>\n<li style=\"font-weight: 400;\">Op\u00e7\u00f5es de <b>mistura de vegetais congelados<\/b> personalizadas conforme a culin\u00e1ria<\/li>\n<li style=\"font-weight: 400;\">Protocolos rigorosos de seguran\u00e7a alimentar e certifica\u00e7\u00f5es internacionais<\/li>\n<li style=\"font-weight: 400;\">Log\u00edstica eficiente de cadeia de frio e condi\u00e7\u00f5es de envio flex\u00edveis<\/li>\n<\/ul>\n<h2>Misturas de Vegetais Congelados \u2013 Personalizadas para o seu mercado<\/h2>\n<p style=\"font-weight: 400;\">Quer voc\u00ea atue no mercado europeu, do Oriente M\u00e9dio, asi\u00e1tico ou africano, nossas op\u00e7\u00f5es de <b>mistura de vegetais congelados<\/b> podem ser adaptadas para diferentes prefer\u00eancias de sabor:<\/p>\n<ul>\n<li><b>Mix Cl\u00e1ssico:<\/b> Cenoura, ervilha, milho doce e vagem<\/li>\n<li><b>Mix para Wok:<\/b> Br\u00f3colis, piment\u00f5es, mini milho e ervilhas-tortas<\/li>\n<li><b>Mix para Sopa:<\/b> Batata, cebola, cenoura e aipo<\/li>\n<li><b>Mixes Personalizados:<\/b> Criados sob medida para as necessidades exclusivas do seu mercado<\/li>\n<\/ul>\n<h2>Embalagens &amp; Op\u00e7\u00f5es de Fornecimento Global<\/h2>\n<ul>\n<li>Pacotes para varejo: sacos pl\u00e1sticos de 1 kg e 2,5 kg<\/li>\n<li>Pacotes a granel: caixas de 10 kg e 20 kg para food service<\/li>\n<li>Embalagens sustent\u00e1veis e com marca pr\u00f3pria dispon\u00edveis<\/li>\n<\/ul>\n<p><span style=\"font-weight: 400;\">Nossas solu\u00e7\u00f5es de embalagem s\u00e3o compat\u00edveis com exporta\u00e7\u00e3o e projetadas para manter a frescura durante o transporte internacional.<\/span><\/p>\n<h2>Parceiro de Exporta\u00e7\u00e3o Confi\u00e1vel para Todos os Mercados<\/h2>\n<p style=\"font-weight: 400;\">Como uma escolha preferida entre os <b>exportadores de vegetais congelados mistos<\/b>, a PEI Trade fornece para:<\/p>\n<ul>\n<li>Europa: Fran\u00e7a, Reino Unido, Alemanha, Pa\u00edses Baixos<\/li>\n<li>Oriente M\u00e9dio: Emirados \u00c1rabes Unidos, Ar\u00e1bia Saudita, Catar<\/li>\n<li>\u00c1frica: Nig\u00e9ria, Qu\u00eania, \u00c1frica do Sul<\/li>\n<li>\u00c1sia: \u00cdndia, Jap\u00e3o, Coreia do Sul<\/li>\n<\/ul>\n<p style=\"font-weight: 400;\">Oferecemos suporte completo \u2014 da documenta\u00e7\u00e3o e certifica\u00e7\u00f5es at\u00e9 o envio e servi\u00e7o p\u00f3s-venda.<\/p>\n<h2>Nosso Compromisso com a Qualidade<\/h2>\n<ul>\n<li>Processamento IQF para maior vida \u00fatil<\/li>\n<li>Branqueamento e embalagem dentro de poucas horas ap\u00f3s a colheita<\/li>\n<li>Instala\u00e7\u00f5es certificadas ISO e HACCP<\/li>\n<li>Cadeia de suprimentos rastre\u00e1vel e total transpar\u00eancia<\/li>\n<\/ul>\n<\/div>\n<section style=\"padding: 50px 20px; background-color: #f0f0f0;\">\n<div class=\"container\">\n<h2>Seja Parceiro de um dos Principais Exportadores de Vegetais Congelados Mistos \u2013 PEI Trade<\/h2>\n<p>Se voc\u00ea est\u00e1 procurando <b>fornecedores confi\u00e1veis de vegetais congelados mistos<\/b> com produtos de qualidade premium e capacidade de exporta\u00e7\u00e3o mundial, a PEI Trade \u00e9 a solu\u00e7\u00e3o ideal.<\/p>\n<h2>Solicite um Or\u00e7amento ou Amostra Hoje<\/h2>\n<p>Ajudamos voc\u00ea a desenvolver a <b>mistura de vegetais congelados<\/b> perfeita para seu mercado. Fale conosco para obter pre\u00e7os, especifica\u00e7\u00f5es ou amostras gratuitas.<\/p>\n<p style=\"text-align: center; margin-top: 40px;\"><a class=\"button primary large\" href=\"\/contact\">Solicitar Or\u00e7amento<\/a><\/p>\n<\/div>\n<\/section>\n<section style=\"padding: 50px 20px;\">\n<div class=\"container\">\n<h2>Explore Mais Exporta\u00e7\u00f5es Agr\u00edcolas do Egito<\/h2>\n<p>Al\u00e9m dos <b>vegetais congelados mistos no atacado<\/b>, a PEI Trade tamb\u00e9m exporta quiabo, morangos, molokhia e outros produtos congelados. <a href=\"\/about\">Veja nosso portf\u00f3lio completo de exporta\u00e7\u00f5es agr\u00edcolas<\/a>.<\/p>\n<div class=\"wp-block-woocommerce-product-collection\"><div class=\"woocommerce columns-4 \"><ul class=\"products columns-4\" data-products=\"type-2\">\n<li class=\"product type-product post-7370 status-publish first instock product_cat-in-season product_cat-vegetables has-post-thumbnail shipping-taxable product-type-simple\">\n\t<a href=\"https:\/\/peitrade.com\/pt-br\/product\/alho\/\" class=\"woocommerce-LoopProduct-link woocommerce-loop-product__link\"><img decoding=\"async\" width=\"300\" height=\"300\" src=\"https:\/\/peitrade.com\/wp-content\/uploads\/2025\/11\/Egyptian-Garlic-300x300.webp\" class=\"attachment-woocommerce_thumbnail size-woocommerce_thumbnail\" alt=\"Alho\" srcset=\"https:\/\/peitrade.com\/wp-content\/uploads\/2025\/11\/Egyptian-Garlic-300x300.webp 300w, https:\/\/peitrade.com\/wp-content\/uploads\/2025\/11\/Egyptian-Garlic-150x150.webp 150w, https:\/\/peitrade.com\/wp-content\/uploads\/2025\/11\/Egyptian-Garlic-768x768.webp 768w, https:\/\/peitrade.com\/wp-content\/uploads\/2025\/11\/Egyptian-Garlic-600x600.webp 600w, https:\/\/peitrade.com\/wp-content\/uploads\/2025\/11\/Egyptian-Garlic-100x100.webp 100w, https:\/\/peitrade.com\/wp-content\/uploads\/2025\/11\/Egyptian-Garlic.webp 1024w\" sizes=\"(max-width: 300px) 100vw, 300px\" title=\"\"><h2 class=\"woocommerce-loop-product__title\">Alho<\/h2>\n<\/a><a href=\"https:\/\/peitrade.com\/pt-br\/product\/alho\/\" aria-describedby=\"woocommerce_loop_add_to_cart_link_describedby_7370\" data-quantity=\"1\" class=\"button product_type_simple\" data-product_id=\"7370\" data-product_sku=\"70320\" aria-label=\"Leia mais sobre &ldquo;Alho&rdquo;\" rel=\"nofollow\" data-success_message=\"\">Leia mais<\/a>\t<span id=\"woocommerce_loop_add_to_cart_link_describedby_7370\" class=\"screen-reader-text\">\n\t\t\t<\/span>\n<\/li>\n<li class=\"product type-product post-7770 status-publish instock product_cat-in-season product_cat-vegetables has-post-thumbnail shipping-taxable product-type-simple\">\n\t<a href=\"https:\/\/peitrade.com\/pt-br\/product\/batatas-doces\/\" class=\"woocommerce-LoopProduct-link woocommerce-loop-product__link\"><img decoding=\"async\" width=\"300\" height=\"300\" src=\"https:\/\/peitrade.com\/wp-content\/uploads\/2025\/11\/Egyptian-Sweet-Potatoes-300x300.webp\" class=\"attachment-woocommerce_thumbnail size-woocommerce_thumbnail\" alt=\"Egyptian Sweet Potatoes - PEI Trade\" srcset=\"https:\/\/peitrade.com\/wp-content\/uploads\/2025\/11\/Egyptian-Sweet-Potatoes-300x300.webp 300w, https:\/\/peitrade.com\/wp-content\/uploads\/2025\/11\/Egyptian-Sweet-Potatoes-150x150.webp 150w, https:\/\/peitrade.com\/wp-content\/uploads\/2025\/11\/Egyptian-Sweet-Potatoes-768x768.webp 768w, https:\/\/peitrade.com\/wp-content\/uploads\/2025\/11\/Egyptian-Sweet-Potatoes-600x600.webp 600w, https:\/\/peitrade.com\/wp-content\/uploads\/2025\/11\/Egyptian-Sweet-Potatoes-100x100.webp 100w, https:\/\/peitrade.com\/wp-content\/uploads\/2025\/11\/Egyptian-Sweet-Potatoes.webp 1024w\" sizes=\"(max-width: 300px) 100vw, 300px\" title=\"\"><h2 class=\"woocommerce-loop-product__title\">Batatas-doces<\/h2>\n<\/a><a href=\"https:\/\/peitrade.com\/pt-br\/product\/batatas-doces\/\" aria-describedby=\"woocommerce_loop_add_to_cart_link_describedby_7770\" data-quantity=\"1\" class=\"button product_type_simple\" data-product_id=\"7770\" data-product_sku=\"71420\" aria-label=\"Leia mais sobre &ldquo;Batatas-doces&rdquo;\" rel=\"nofollow\" data-success_message=\"\">Leia mais<\/a>\t<span id=\"woocommerce_loop_add_to_cart_link_describedby_7770\" class=\"screen-reader-text\">\n\t\t\t<\/span>\n<\/li>\n<li class=\"product type-product post-7759 status-publish instock product_cat-in-season product_cat-vegetables has-post-thumbnail shipping-taxable product-type-simple\">\n\t<a href=\"https:\/\/peitrade.com\/pt-br\/product\/potatoes\/\" class=\"woocommerce-LoopProduct-link woocommerce-loop-product__link\"><img decoding=\"async\" width=\"300\" height=\"300\" src=\"https:\/\/peitrade.com\/wp-content\/uploads\/2025\/11\/Egyptian-Potatoes-300x300.webp\" class=\"attachment-woocommerce_thumbnail size-woocommerce_thumbnail\" alt=\"Potatoes\" srcset=\"https:\/\/peitrade.com\/wp-content\/uploads\/2025\/11\/Egyptian-Potatoes-300x300.webp 300w, https:\/\/peitrade.com\/wp-content\/uploads\/2025\/11\/Egyptian-Potatoes-150x150.webp 150w, https:\/\/peitrade.com\/wp-content\/uploads\/2025\/11\/Egyptian-Potatoes-768x768.webp 768w, https:\/\/peitrade.com\/wp-content\/uploads\/2025\/11\/Egyptian-Potatoes-600x600.webp 600w, https:\/\/peitrade.com\/wp-content\/uploads\/2025\/11\/Egyptian-Potatoes-100x100.webp 100w, https:\/\/peitrade.com\/wp-content\/uploads\/2025\/11\/Egyptian-Potatoes.webp 1024w\" sizes=\"(max-width: 300px) 100vw, 300px\" title=\"\"><h2 class=\"woocommerce-loop-product__title\">Potatoes<\/h2>\n<\/a><a href=\"https:\/\/peitrade.com\/pt-br\/product\/potatoes\/\" aria-describedby=\"woocommerce_loop_add_to_cart_link_describedby_7759\" data-quantity=\"1\" class=\"button product_type_simple\" data-product_id=\"7759\" data-product_sku=\"70190\" aria-label=\"Leia mais sobre &ldquo;Potatoes&rdquo;\" rel=\"nofollow\" data-success_message=\"\">Leia mais<\/a>\t<span id=\"woocommerce_loop_add_to_cart_link_describedby_7759\" class=\"screen-reader-text\">\n\t\t\t<\/span>\n<\/li>\n<li class=\"product type-product post-7354 status-publish last instock product_cat-vegetables has-post-thumbnail shipping-taxable product-type-simple\">\n\t<a href=\"https:\/\/peitrade.com\/pt-br\/product\/tomates\/\" class=\"woocommerce-LoopProduct-link woocommerce-loop-product__link\"><img decoding=\"async\" width=\"300\" height=\"300\" src=\"https:\/\/peitrade.com\/wp-content\/uploads\/2025\/11\/Egyptian-Tomatoes-300x300.webp\" class=\"attachment-woocommerce_thumbnail size-woocommerce_thumbnail\" alt=\"Tomates\" srcset=\"https:\/\/peitrade.com\/wp-content\/uploads\/2025\/11\/Egyptian-Tomatoes-300x300.webp 300w, https:\/\/peitrade.com\/wp-content\/uploads\/2025\/11\/Egyptian-Tomatoes-150x150.webp 150w, https:\/\/peitrade.com\/wp-content\/uploads\/2025\/11\/Egyptian-Tomatoes-768x768.webp 768w, https:\/\/peitrade.com\/wp-content\/uploads\/2025\/11\/Egyptian-Tomatoes-600x600.webp 600w, https:\/\/peitrade.com\/wp-content\/uploads\/2025\/11\/Egyptian-Tomatoes-100x100.webp 100w, https:\/\/peitrade.com\/wp-content\/uploads\/2025\/11\/Egyptian-Tomatoes.webp 1024w\" sizes=\"(max-width: 300px) 100vw, 300px\" title=\"\"><h2 class=\"woocommerce-loop-product__title\">Tomates<\/h2>\n<\/a><a href=\"https:\/\/peitrade.com\/pt-br\/product\/tomates\/\" aria-describedby=\"woocommerce_loop_add_to_cart_link_describedby_7354\" data-quantity=\"1\" class=\"button product_type_simple\" data-product_id=\"7354\" data-product_sku=\"70200\" aria-label=\"Leia mais sobre &ldquo;Tomates&rdquo;\" rel=\"nofollow\" data-success_message=\"\">Leia mais<\/a>\t<span id=\"woocommerce_loop_add_to_cart_link_describedby_7354\" class=\"screen-reader-text\">\n\t\t\t<\/span>\n<\/li>\n<\/ul>\n<\/div><\/div>\n<\/div>\n<\/section>\n<section style=\"padding: 50px 20px; background-color: #f9f9f9;\">\n<div class=\"container\">\n<h2>Perguntas Frequentes<\/h2>\n<h3>Voc\u00eas oferecem misturas personalizadas de vegetais congelados?<\/h3>\n<p>Sim, criamos misturas personalizadas com base nos requisitos regionais e de mercado.<\/p>\n<h3>Quais tamanhos de embalagem est\u00e3o dispon\u00edveis?<\/h3>\n<p>Oferecemos formatos tanto para varejo quanto para atacado, com op\u00e7\u00e3o de marca pr\u00f3pria.<\/p>\n<h3>As instala\u00e7\u00f5es de voc\u00eas s\u00e3o certificadas?<\/h3>\n<p>Todos os produtos s\u00e3o processados em instala\u00e7\u00f5es certificadas ISO e HACCP, com documenta\u00e7\u00e3o fitossanit\u00e1ria completa.<\/p>\n<h3>Qual \u00e9 o pedido m\u00ednimo (MOQ)?<\/h3>\n<p>Atendemos pedidos com volumes flex\u00edveis, tanto pequenos quanto grandes.<\/p>\n<h3>Quais regi\u00f5es voc\u00eas atendem?<\/h3>\n<p>Exportamos para Europa, Oriente M\u00e9dio, \u00c1frica e \u00c1sia, com suporte log\u00edstico confi\u00e1vel.<\/p>\n<\/div>\n<\/section>\n","protected":false},"excerpt":{"rendered":"<p>A PEI Trade se destaca entre os exportadores de vegetais mistos congelados, oferecendo misturas de vegetais de alta qualidade provenientes das f\u00e9rteis terras agr\u00edcolas do Egito. Nosso compromisso com a frescura, preserva\u00e7\u00e3o da cor e valor nutricional garante que cada remessa atenda aos mais altos padr\u00f5es internacionais. Como fornecedores experientes de vegetais congelados mistos, atendemos [&hellip;]<\/p>\n","protected":false},"author":1,"featured_media":0,"parent":0,"menu_order":0,"comment_status":"closed","ping_status":"closed","template":"","meta":{"footnotes":""},"class_list":["post-6466","page","type-page","status-publish","hentry"],"blocksy_meta":[],"mb":[],"featured_image_urls_v2":{"full":"","thumbnail":"","medium":"","medium_large":"","large":"","1536x1536":"","2048x2048":"","woocommerce_archive_thumbnail":"","woocommerce_thumbnail":"","woocommerce_single":"","woocommerce_gallery_thumbnail":""},"post_excerpt_stackable_v2":"<p>A PEI Trade se destaca entre os exportadores de vegetais mistos congelados, oferecendo misturas de vegetais de alta qualidade provenientes das f\u00e9rteis terras agr\u00edcolas do Egito. Nosso compromisso com a frescura, preserva\u00e7\u00e3o da cor e valor nutricional garante que cada remessa atenda aos mais altos padr\u00f5es internacionais. Como fornecedores experientes de vegetais congelados mistos, atendemos uma ampla gama de clientes \u2014 desde grandes fabricantes de alimentos at\u00e9 distribuidores de varejo \u2014 entregando solu\u00e7\u00f5es personalizadas de mistura de vegetais congelados que atendem aos perfis de sabor regionais e \u00e0s necessidades log\u00edsticas. Cebola Leia mais Feij\u00e3o branco seco Leia mais feij\u00e3o-verde Leia&hellip;<\/p>\n","category_list_v2":"","author_info_v2":{"name":"Mostafa Sabry","url":"https:\/\/peitrade.com\/pt-br\/author\/emostafaadel_jn8gcqbo\/"},"comments_num_v2":"0 coment\u00e1rio","mfb_rest_fields":["title","blocksy_meta","featured_image_urls_v2","post_excerpt_stackable_v2","category_list_v2","author_info_v2","comments_num_v2"],"_links":{"self":[{"href":"https:\/\/peitrade.com\/pt-br\/wp-json\/wp\/v2\/pages\/6466","targetHints":{"allow":["GET"]}}],"collection":[{"href":"https:\/\/peitrade.com\/pt-br\/wp-json\/wp\/v2\/pages"}],"about":[{"href":"https:\/\/peitrade.com\/pt-br\/wp-json\/wp\/v2\/types\/page"}],"author":[{"embeddable":true,"href":"https:\/\/peitrade.com\/pt-br\/wp-json\/wp\/v2\/users\/1"}],"replies":[{"embeddable":true,"href":"https:\/\/peitrade.com\/pt-br\/wp-json\/wp\/v2\/comments?post=6466"}],"version-history":[{"count":1,"href":"https:\/\/peitrade.com\/pt-br\/wp-json\/wp\/v2\/pages\/6466\/revisions"}],"predecessor-version":[{"id":6467,"href":"https:\/\/peitrade.com\/pt-br\/wp-json\/wp\/v2\/pages\/6466\/revisions\/6467"}],"wp:attachment":[{"href":"https:\/\/peitrade.com\/pt-br\/wp-json\/wp\/v2\/media?parent=6466"}],"curies":[{"name":"wp","href":"https:\/\/api.w.org\/{rel}","templated":true}]}}