{"id":6485,"date":"2025-06-25T07:23:03","date_gmt":"2025-06-25T07:23:03","guid":{"rendered":"http:\/\/46.224.74.15\/bulk-frozen-okra-supplier-3\/"},"modified":"2025-11-19T16:58:30","modified_gmt":"2025-11-19T16:58:30","slug":"bulk-frozen-okra-supplier-3","status":"publish","type":"page","link":"https:\/\/peitrade.com\/pt-br\/bulk-frozen-okra-supplier-3\/","title":{"rendered":"Fornecedor de Quiabo Congelado a Granel \u2013 Exporta\u00e7\u00f5es Premium do Egito da PEI Trade"},"content":{"rendered":"<section style=\"padding: 60px 20px; background-color: #f9f9f9;\">\n<div class=\"container\">\n<h1>Fornecedor de Quiabo Congelado a Granel \u2013 Exporta\u00e7\u00f5es Premium do Egito da PEI Trade<\/h1>\n<p>A PEI Trade \u00e9 um destacado <b>fornecedor de quiabo congelado a granel<\/b> no Egito, oferecendo quiabo IQF de primeira linha a importadores e atacadistas internacionais. Somos especializados em exporta\u00e7\u00f5es de grandes volumes de quiabo eg\u00edpcio congelado, utilizando avan\u00e7ada tecnologia de Congelamento Individual R\u00e1pido (IQF) para preservar frescor, cor e valor nutricional.<\/p>\n<p>Como experiente <b>fornecedor de quiabo congelado a granel<\/b>, a PEI Trade atende mercados globais com qualidade consistente, certifica\u00e7\u00e3o de seguran\u00e7a alimentar e solu\u00e7\u00f5es de embalagem totalmente customizadas para varejo e food service.<\/p>\n<\/div>\n<\/section>\n<div class=\"wp-block-woocommerce-product-collection\"><div class=\"woocommerce columns-4 \"><ul class=\"products columns-4\" data-products=\"type-2\">\n<li class=\"product type-product post-7475 status-publish first instock product_cat-in-season product_cat-vegetables has-post-thumbnail shipping-taxable product-type-simple\">\n\t<a href=\"https:\/\/peitrade.com\/pt-br\/product\/cebola\/\" class=\"woocommerce-LoopProduct-link woocommerce-loop-product__link\"><img decoding=\"async\" width=\"300\" height=\"300\" src=\"https:\/\/peitrade.com\/wp-content\/uploads\/2025\/11\/Egyption-Onion-300x300.webp\" class=\"attachment-woocommerce_thumbnail size-woocommerce_thumbnail\" alt=\"Egyption Onion - PEI Trade\" srcset=\"https:\/\/peitrade.com\/wp-content\/uploads\/2025\/11\/Egyption-Onion-300x300.webp 300w, https:\/\/peitrade.com\/wp-content\/uploads\/2025\/11\/Egyption-Onion-150x150.webp 150w, https:\/\/peitrade.com\/wp-content\/uploads\/2025\/11\/Egyption-Onion-768x768.webp 768w, https:\/\/peitrade.com\/wp-content\/uploads\/2025\/11\/Egyption-Onion-600x600.webp 600w, https:\/\/peitrade.com\/wp-content\/uploads\/2025\/11\/Egyption-Onion-100x100.webp 100w, https:\/\/peitrade.com\/wp-content\/uploads\/2025\/11\/Egyption-Onion.webp 1024w\" sizes=\"(max-width: 300px) 100vw, 300px\" title=\"\"><h2 class=\"woocommerce-loop-product__title\">Cebola<\/h2>\n<\/a><a href=\"https:\/\/peitrade.com\/pt-br\/product\/cebola\/\" aria-describedby=\"woocommerce_loop_add_to_cart_link_describedby_7475\" data-quantity=\"1\" class=\"button product_type_simple\" data-product_id=\"7475\" data-product_sku=\"70310\" aria-label=\"Leia mais sobre &ldquo;Cebola&rdquo;\" rel=\"nofollow\" data-success_message=\"\">Leia mais<\/a>\t<span id=\"woocommerce_loop_add_to_cart_link_describedby_7475\" class=\"screen-reader-text\">\n\t\t\t<\/span>\n<\/li>\n<li class=\"product type-product post-7710 status-publish instock product_cat-in-season product_cat-legumes has-post-thumbnail shipping-taxable product-type-simple\">\n\t<a href=\"https:\/\/peitrade.com\/pt-br\/product\/feijao-branco-seco\/\" class=\"woocommerce-LoopProduct-link woocommerce-loop-product__link\"><img decoding=\"async\" width=\"300\" height=\"300\" src=\"https:\/\/peitrade.com\/wp-content\/uploads\/2025\/11\/Egyptian-White-Beans-300x300.webp\" class=\"attachment-woocommerce_thumbnail size-woocommerce_thumbnail\" alt=\"Feij\u00e3o branco seco\" srcset=\"https:\/\/peitrade.com\/wp-content\/uploads\/2025\/11\/Egyptian-White-Beans-300x300.webp 300w, https:\/\/peitrade.com\/wp-content\/uploads\/2025\/11\/Egyptian-White-Beans-150x150.webp 150w, https:\/\/peitrade.com\/wp-content\/uploads\/2025\/11\/Egyptian-White-Beans-768x768.webp 768w, https:\/\/peitrade.com\/wp-content\/uploads\/2025\/11\/Egyptian-White-Beans-600x600.webp 600w, https:\/\/peitrade.com\/wp-content\/uploads\/2025\/11\/Egyptian-White-Beans-100x100.webp 100w, https:\/\/peitrade.com\/wp-content\/uploads\/2025\/11\/Egyptian-White-Beans.webp 1024w\" sizes=\"(max-width: 300px) 100vw, 300px\" title=\"\"><h2 class=\"woocommerce-loop-product__title\">Feij\u00e3o branco seco<\/h2>\n<\/a><a href=\"https:\/\/peitrade.com\/pt-br\/product\/feijao-branco-seco\/\" aria-describedby=\"woocommerce_loop_add_to_cart_link_describedby_7710\" data-quantity=\"1\" class=\"button product_type_simple\" data-product_id=\"7710\" data-product_sku=\"70820\" aria-label=\"Leia mais sobre &ldquo;Feij\u00e3o branco seco&rdquo;\" rel=\"nofollow\" data-success_message=\"\">Leia mais<\/a>\t<span id=\"woocommerce_loop_add_to_cart_link_describedby_7710\" class=\"screen-reader-text\">\n\t\t\t<\/span>\n<\/li>\n<li class=\"product type-product post-7526 status-publish instock product_cat-in-season product_cat-vegetables has-post-thumbnail shipping-taxable product-type-simple\">\n\t<a href=\"https:\/\/peitrade.com\/pt-br\/product\/vagem-feijao-verde\/\" class=\"woocommerce-LoopProduct-link woocommerce-loop-product__link\"><img decoding=\"async\" width=\"300\" height=\"300\" src=\"https:\/\/peitrade.com\/wp-content\/uploads\/2025\/11\/Egyptian-Green-Beans-300x300.webp\" class=\"attachment-woocommerce_thumbnail size-woocommerce_thumbnail\" alt=\"feij\u00e3o-verde\" srcset=\"https:\/\/peitrade.com\/wp-content\/uploads\/2025\/11\/Egyptian-Green-Beans-300x300.webp 300w, https:\/\/peitrade.com\/wp-content\/uploads\/2025\/11\/Egyptian-Green-Beans-150x150.webp 150w, https:\/\/peitrade.com\/wp-content\/uploads\/2025\/11\/Egyptian-Green-Beans-768x768.webp 768w, https:\/\/peitrade.com\/wp-content\/uploads\/2025\/11\/Egyptian-Green-Beans-600x600.webp 600w, https:\/\/peitrade.com\/wp-content\/uploads\/2025\/11\/Egyptian-Green-Beans-100x100.webp 100w, https:\/\/peitrade.com\/wp-content\/uploads\/2025\/11\/Egyptian-Green-Beans.webp 1024w\" sizes=\"(max-width: 300px) 100vw, 300px\" title=\"\"><h2 class=\"woocommerce-loop-product__title\">feij\u00e3o-verde<\/h2>\n<\/a><a href=\"https:\/\/peitrade.com\/pt-br\/product\/vagem-feijao-verde\/\" aria-describedby=\"woocommerce_loop_add_to_cart_link_describedby_7526\" data-quantity=\"1\" class=\"button product_type_simple\" data-product_id=\"7526\" data-product_sku=\"70821\" aria-label=\"Leia mais sobre &ldquo;feij\u00e3o-verde&rdquo;\" rel=\"nofollow\" data-success_message=\"\">Leia mais<\/a>\t<span id=\"woocommerce_loop_add_to_cart_link_describedby_7526\" class=\"screen-reader-text\">\n\t\t\t<\/span>\n<\/li>\n<li class=\"product type-product post-7759 status-publish last instock product_cat-in-season product_cat-vegetables has-post-thumbnail shipping-taxable product-type-simple\">\n\t<a href=\"https:\/\/peitrade.com\/pt-br\/product\/potatoes\/\" class=\"woocommerce-LoopProduct-link woocommerce-loop-product__link\"><img decoding=\"async\" width=\"300\" height=\"300\" src=\"https:\/\/peitrade.com\/wp-content\/uploads\/2025\/11\/Egyptian-Potatoes-300x300.webp\" class=\"attachment-woocommerce_thumbnail size-woocommerce_thumbnail\" alt=\"Potatoes\" srcset=\"https:\/\/peitrade.com\/wp-content\/uploads\/2025\/11\/Egyptian-Potatoes-300x300.webp 300w, https:\/\/peitrade.com\/wp-content\/uploads\/2025\/11\/Egyptian-Potatoes-150x150.webp 150w, https:\/\/peitrade.com\/wp-content\/uploads\/2025\/11\/Egyptian-Potatoes-768x768.webp 768w, https:\/\/peitrade.com\/wp-content\/uploads\/2025\/11\/Egyptian-Potatoes-600x600.webp 600w, https:\/\/peitrade.com\/wp-content\/uploads\/2025\/11\/Egyptian-Potatoes-100x100.webp 100w, https:\/\/peitrade.com\/wp-content\/uploads\/2025\/11\/Egyptian-Potatoes.webp 1024w\" sizes=\"(max-width: 300px) 100vw, 300px\" title=\"\"><h2 class=\"woocommerce-loop-product__title\">Potatoes<\/h2>\n<\/a><a href=\"https:\/\/peitrade.com\/pt-br\/product\/potatoes\/\" aria-describedby=\"woocommerce_loop_add_to_cart_link_describedby_7759\" data-quantity=\"1\" class=\"button product_type_simple\" data-product_id=\"7759\" data-product_sku=\"70190\" aria-label=\"Leia mais sobre &ldquo;Potatoes&rdquo;\" rel=\"nofollow\" data-success_message=\"\">Leia mais<\/a>\t<span id=\"woocommerce_loop_add_to_cart_link_describedby_7759\" class=\"screen-reader-text\">\n\t\t\t<\/span>\n<\/li>\n<\/ul>\n<\/div><\/div>\n<section style=\"padding: 50px 20px;\">\n<div class=\"container\">\n<h2>Por que escolher a PEI Trade como seu Fornecedor de Quiabo Congelado a Granel?<\/h2>\n<p><span style=\"font-weight: 400;\">Ao firmar parceria com a PEI Trade, voc\u00ea conta com um <b>fornecedor de quiabo congelado a granel<\/b> que oferece:<\/span><\/p>\n<ul>\n<li style=\"font-weight: 400;\" aria-level=\"1\"><span style=\"font-weight: 400;\">Tecnologia IQF para cor, textura e vida \u00fatil ideais<\/span><\/li>\n<li style=\"font-weight: 400;\" aria-level=\"1\"><span style=\"font-weight: 400;\">Cortes Whole, Zero e Ring para atender diferentes mercados<\/span><\/li>\n<li style=\"font-weight: 400;\" aria-level=\"1\"><span style=\"font-weight: 400;\">Sem aditivos \u2013 100% quiabo eg\u00edpcio natural<\/span><\/li>\n<li style=\"font-weight: 400;\" aria-level=\"1\"><span style=\"font-weight: 400;\">Rico em fibras, vitaminas e antioxidantes<\/span><\/li>\n<li style=\"font-weight: 400;\" aria-level=\"1\"><span style=\"font-weight: 400;\">Volumes de exporta\u00e7\u00e3o confi\u00e1veis com controle de qualidade rigoroso<\/span><\/li>\n<\/ul>\n<p><span style=\"font-weight: 400;\">Nossa reputa\u00e7\u00e3o como <b>fornecedor de quiabo congelado a granel<\/b> confi\u00e1vel \u00e9 respaldada pela satisfa\u00e7\u00e3o global de clientes e cadeias de suprimento eficientes.<\/span><\/p>\n<h2>Processo de Sourcing e Exporta\u00e7\u00e3o Eficiente<\/h2>\n<p><span style=\"font-weight: 400;\">Como fornecedor certificado de <b>fornecedor de quiabo congelado a granel<\/b>, a PEI Trade segue rigorosos procedimentos, incluindo:<\/span><\/p>\n<ul>\n<li style=\"font-weight: 400;\" aria-level=\"1\"><span style=\"font-weight: 400;\">Colheita em fazendas eg\u00edpcias na safra (maio a outubro)<\/span><\/li>\n<li style=\"font-weight: 400;\" aria-level=\"1\"><span style=\"font-weight: 400;\">Lavagem, branqueamento e sele\u00e7\u00e3o higi\u00eanicos<\/span><\/li>\n<li style=\"font-weight: 400;\" aria-level=\"1\"><span style=\"font-weight: 400;\">Congelamento IQF para manter frescor e prolongar vida \u00fatil<\/span><\/li>\n<li style=\"font-weight: 400;\" aria-level=\"1\"><span style=\"font-weight: 400;\">Embalagem personalizada (varejo e atacado) com op\u00e7\u00f5es de marca pr\u00f3pria<\/span><\/li>\n<li style=\"font-weight: 400;\" aria-level=\"1\"><span style=\"font-weight: 400;\">Documenta\u00e7\u00e3o completa de exporta\u00e7\u00e3o e suporte log\u00edstico<\/span><\/li>\n<\/ul>\n<p><span style=\"font-weight: 400;\">Garantimos processos sem falhas para clientes que buscam um <b>fornecedor de quiabo congelado a granel<\/b> confi\u00e1vel do Egito.<\/span><\/p>\n<h2>Disponibilidade e Temporada de Colheita<\/h2>\n<p><span style=\"font-weight: 400;\">O quiabo eg\u00edpcio \u00e9 colhido de <b>maio a outubro<\/b>, proporcionando condi\u00e7\u00f5es ideais de congelamento e exporta\u00e7\u00e3o.<\/span><\/p>\n<p style=\"font-weight: 400;\">A PEI Trade mant\u00e9m estoque congelado o ano todo em instala\u00e7\u00f5es HACCP certificadas.<\/p>\n<h3>Setores Atendidos pelo Nosso Quiabo Congelado<\/h3>\n<p><span style=\"font-weight: 400;\">Como um vers\u00e1til <b>fornecedor de quiabo congelado a granel<\/b>, a PEI Trade atende:<\/span><\/p>\n<ul>\n<li style=\"font-weight: 400;\" aria-level=\"1\"><b>Varejo:<\/b> Supermercados e distribuidores de alimentos congelados<\/li>\n<li style=\"font-weight: 400;\" aria-level=\"1\"><b>Food Service:<\/b> Hot\u00e9is, restaurantes e catering<\/li>\n<li style=\"font-weight: 400;\" aria-level=\"1\"><b>Ind\u00fastrias:<\/b> Refei\u00e7\u00f5es prontas, ensopados, sopas e pratos congelados<\/li>\n<li style=\"font-weight: 400;\" aria-level=\"1\"><b>Importadores:<\/b> Volumes a granel para marca pr\u00f3pria e atacado<\/li>\n<\/ul>\n<h3>Alcance Global e Mercados de Exporta\u00e7\u00e3o<\/h3>\n<p><span style=\"font-weight: 400;\">Como um reputado <b>fornecedor de quiabo congelado a granel<\/b>, atendemos mais de 30 pa\u00edses, incluindo:<\/span><\/p>\n<ul>\n<li style=\"font-weight: 400;\" aria-level=\"1\">Europa: Alemanha, Reino Unido, Holanda, Fran\u00e7a<\/li>\n<li style=\"font-weight: 400;\" aria-level=\"1\">Oriente M\u00e9dio: Ar\u00e1bia Saudita, Emirados, Catar, Kuwait<\/li>\n<li style=\"font-weight: 400;\" aria-level=\"1\">\u00c1frica: Nig\u00e9ria, Qu\u00eania, \u00c1frica do Sul<\/li>\n<li style=\"font-weight: 400;\" aria-level=\"1\">\u00c1sia: \u00cdndia, Mal\u00e1sia, Coreia do Sul<\/li>\n<\/ul>\n<p><span style=\"font-weight: 400;\">Nossa log\u00edstica assegura entregas r\u00e1pidas e seguras como seu <b>fornecedor de quiabo congelado a granel<\/b> certificado.<\/span><\/p>\n<h2>Embalagem Flex\u00edvel para Quiabo Congelado a Granel<\/h2>\n<p><span style=\"font-weight: 400;\">A PEI Trade atende padr\u00f5es globais de embalagem com:<\/span><\/p>\n<ul>\n<li style=\"font-weight: 400;\" aria-level=\"1\">Caixas a granel (10kg\u201320kg) para compradores em atacado<\/li>\n<li style=\"font-weight: 400;\" aria-level=\"1\">Sacos de varejo (400g\u20132kg) com marca pr\u00f3pria<\/li>\n<li style=\"font-weight: 400;\" aria-level=\"1\">Embalagens \u00e0 v\u00e1cuo para maior durabilidade<\/li>\n<li style=\"font-weight: 400;\" aria-level=\"1\">Carregamento paletizado em cont\u00eaineres refrigerados<\/li>\n<\/ul>\n<p><span style=\"font-weight: 400;\">Todos os materiais atendem regulamentos de seguran\u00e7a alimentar e rotulagem internacional.<\/span><\/p>\n<\/div>\n<\/section>\n<section style=\"padding: 50px 20px; background-color: #f0f0f0;\">\n<div class=\"container\">\n<h2>Fa\u00e7a parceria com a PEI Trade \u2013 Seu Fornecedor de Quiabo Congelado a Granel<\/h2>\n<p>Se voc\u00ea procura um <b>fornecedor de quiabo congelado a granel<\/b> confi\u00e1vel, a PEI Trade oferece qualidade superior, embalagens flex\u00edveis e volumes escalon\u00e1veis para apoiar seu crescimento.<\/p>\n<p>Estamos comprometidos com servi\u00e7o eficiente, pre\u00e7os competitivos e parcerias duradouras.<\/p>\n<h2>Contate-nos para Amostras e Cota\u00e7\u00f5es<\/h2>\n<p>Entre em contato agora para solicitar especifica\u00e7\u00f5es do produto, cota\u00e7\u00f5es de exporta\u00e7\u00e3o e amostras gratuitas do principal <b>fornecedor de quiabo congelado a granel<\/b> do Egito.<\/p>\n<p style=\"text-align: center; margin-top: 40px;\"><a class=\"button primary large\" href=\"https:\/\/peitrade.com\/pt-br\/contact-us\/\">Pe\u00e7a Agora<\/a><\/p>\n<\/div>\n<\/section>\n<section style=\"padding: 50px 20px;\">\n<div class=\"container\">\n<h2>Explore mais produtos congelados do Egito<\/h2>\n<p>Al\u00e9m de ser l\u00edder como <b>fornecedor de quiabo congelado a granel<\/b>, a PEI Trade exporta morangos congelados, vagens e piment\u00f5es que atendem padr\u00f5es globais.<\/p>\n<p><a href=\"https:\/\/peitrade.com\/pt-br\/about-pei-trade\/\" target=\"_blank\" rel=\"noopener\">Saiba mais sobre nossas capacidades de exporta\u00e7\u00e3o<\/a>.<\/p>\n<div class=\"wp-block-woocommerce-product-collection\"><div class=\"woocommerce columns-4 \"><ul class=\"products columns-4\" data-products=\"type-2\">\n<li class=\"product type-product post-7475 status-publish first instock product_cat-in-season product_cat-vegetables has-post-thumbnail shipping-taxable product-type-simple\">\n\t<a href=\"https:\/\/peitrade.com\/pt-br\/product\/cebola\/\" class=\"woocommerce-LoopProduct-link woocommerce-loop-product__link\"><img decoding=\"async\" width=\"300\" height=\"300\" src=\"https:\/\/peitrade.com\/wp-content\/uploads\/2025\/11\/Egyption-Onion-300x300.webp\" class=\"attachment-woocommerce_thumbnail size-woocommerce_thumbnail\" alt=\"Egyption Onion - PEI Trade\" srcset=\"https:\/\/peitrade.com\/wp-content\/uploads\/2025\/11\/Egyption-Onion-300x300.webp 300w, https:\/\/peitrade.com\/wp-content\/uploads\/2025\/11\/Egyption-Onion-150x150.webp 150w, https:\/\/peitrade.com\/wp-content\/uploads\/2025\/11\/Egyption-Onion-768x768.webp 768w, https:\/\/peitrade.com\/wp-content\/uploads\/2025\/11\/Egyption-Onion-600x600.webp 600w, https:\/\/peitrade.com\/wp-content\/uploads\/2025\/11\/Egyption-Onion-100x100.webp 100w, https:\/\/peitrade.com\/wp-content\/uploads\/2025\/11\/Egyption-Onion.webp 1024w\" sizes=\"(max-width: 300px) 100vw, 300px\" title=\"\"><h2 class=\"woocommerce-loop-product__title\">Cebola<\/h2>\n<\/a><a href=\"https:\/\/peitrade.com\/pt-br\/product\/cebola\/\" aria-describedby=\"woocommerce_loop_add_to_cart_link_describedby_7475\" data-quantity=\"1\" class=\"button product_type_simple\" data-product_id=\"7475\" data-product_sku=\"70310\" aria-label=\"Leia mais sobre &ldquo;Cebola&rdquo;\" rel=\"nofollow\" data-success_message=\"\">Leia mais<\/a>\t<span id=\"woocommerce_loop_add_to_cart_link_describedby_7475\" class=\"screen-reader-text\">\n\t\t\t<\/span>\n<\/li>\n<li class=\"product type-product post-7710 status-publish instock product_cat-in-season product_cat-legumes has-post-thumbnail shipping-taxable product-type-simple\">\n\t<a href=\"https:\/\/peitrade.com\/pt-br\/product\/feijao-branco-seco\/\" class=\"woocommerce-LoopProduct-link woocommerce-loop-product__link\"><img decoding=\"async\" width=\"300\" height=\"300\" src=\"https:\/\/peitrade.com\/wp-content\/uploads\/2025\/11\/Egyptian-White-Beans-300x300.webp\" class=\"attachment-woocommerce_thumbnail size-woocommerce_thumbnail\" alt=\"Feij\u00e3o branco seco\" srcset=\"https:\/\/peitrade.com\/wp-content\/uploads\/2025\/11\/Egyptian-White-Beans-300x300.webp 300w, https:\/\/peitrade.com\/wp-content\/uploads\/2025\/11\/Egyptian-White-Beans-150x150.webp 150w, https:\/\/peitrade.com\/wp-content\/uploads\/2025\/11\/Egyptian-White-Beans-768x768.webp 768w, https:\/\/peitrade.com\/wp-content\/uploads\/2025\/11\/Egyptian-White-Beans-600x600.webp 600w, https:\/\/peitrade.com\/wp-content\/uploads\/2025\/11\/Egyptian-White-Beans-100x100.webp 100w, https:\/\/peitrade.com\/wp-content\/uploads\/2025\/11\/Egyptian-White-Beans.webp 1024w\" sizes=\"(max-width: 300px) 100vw, 300px\" title=\"\"><h2 class=\"woocommerce-loop-product__title\">Feij\u00e3o branco seco<\/h2>\n<\/a><a href=\"https:\/\/peitrade.com\/pt-br\/product\/feijao-branco-seco\/\" aria-describedby=\"woocommerce_loop_add_to_cart_link_describedby_7710\" data-quantity=\"1\" class=\"button product_type_simple\" data-product_id=\"7710\" data-product_sku=\"70820\" aria-label=\"Leia mais sobre &ldquo;Feij\u00e3o branco seco&rdquo;\" rel=\"nofollow\" data-success_message=\"\">Leia mais<\/a>\t<span id=\"woocommerce_loop_add_to_cart_link_describedby_7710\" class=\"screen-reader-text\">\n\t\t\t<\/span>\n<\/li>\n<li class=\"product type-product post-7526 status-publish instock product_cat-in-season product_cat-vegetables has-post-thumbnail shipping-taxable product-type-simple\">\n\t<a href=\"https:\/\/peitrade.com\/pt-br\/product\/vagem-feijao-verde\/\" class=\"woocommerce-LoopProduct-link woocommerce-loop-product__link\"><img decoding=\"async\" width=\"300\" height=\"300\" src=\"https:\/\/peitrade.com\/wp-content\/uploads\/2025\/11\/Egyptian-Green-Beans-300x300.webp\" class=\"attachment-woocommerce_thumbnail size-woocommerce_thumbnail\" alt=\"feij\u00e3o-verde\" srcset=\"https:\/\/peitrade.com\/wp-content\/uploads\/2025\/11\/Egyptian-Green-Beans-300x300.webp 300w, https:\/\/peitrade.com\/wp-content\/uploads\/2025\/11\/Egyptian-Green-Beans-150x150.webp 150w, https:\/\/peitrade.com\/wp-content\/uploads\/2025\/11\/Egyptian-Green-Beans-768x768.webp 768w, https:\/\/peitrade.com\/wp-content\/uploads\/2025\/11\/Egyptian-Green-Beans-600x600.webp 600w, https:\/\/peitrade.com\/wp-content\/uploads\/2025\/11\/Egyptian-Green-Beans-100x100.webp 100w, https:\/\/peitrade.com\/wp-content\/uploads\/2025\/11\/Egyptian-Green-Beans.webp 1024w\" sizes=\"(max-width: 300px) 100vw, 300px\" title=\"\"><h2 class=\"woocommerce-loop-product__title\">feij\u00e3o-verde<\/h2>\n<\/a><a href=\"https:\/\/peitrade.com\/pt-br\/product\/vagem-feijao-verde\/\" aria-describedby=\"woocommerce_loop_add_to_cart_link_describedby_7526\" data-quantity=\"1\" class=\"button product_type_simple\" data-product_id=\"7526\" data-product_sku=\"70821\" aria-label=\"Leia mais sobre &ldquo;feij\u00e3o-verde&rdquo;\" rel=\"nofollow\" data-success_message=\"\">Leia mais<\/a>\t<span id=\"woocommerce_loop_add_to_cart_link_describedby_7526\" class=\"screen-reader-text\">\n\t\t\t<\/span>\n<\/li>\n<li class=\"product type-product post-7759 status-publish last instock product_cat-in-season product_cat-vegetables has-post-thumbnail shipping-taxable product-type-simple\">\n\t<a href=\"https:\/\/peitrade.com\/pt-br\/product\/potatoes\/\" class=\"woocommerce-LoopProduct-link woocommerce-loop-product__link\"><img decoding=\"async\" width=\"300\" height=\"300\" src=\"https:\/\/peitrade.com\/wp-content\/uploads\/2025\/11\/Egyptian-Potatoes-300x300.webp\" class=\"attachment-woocommerce_thumbnail size-woocommerce_thumbnail\" alt=\"Potatoes\" srcset=\"https:\/\/peitrade.com\/wp-content\/uploads\/2025\/11\/Egyptian-Potatoes-300x300.webp 300w, https:\/\/peitrade.com\/wp-content\/uploads\/2025\/11\/Egyptian-Potatoes-150x150.webp 150w, https:\/\/peitrade.com\/wp-content\/uploads\/2025\/11\/Egyptian-Potatoes-768x768.webp 768w, https:\/\/peitrade.com\/wp-content\/uploads\/2025\/11\/Egyptian-Potatoes-600x600.webp 600w, https:\/\/peitrade.com\/wp-content\/uploads\/2025\/11\/Egyptian-Potatoes-100x100.webp 100w, https:\/\/peitrade.com\/wp-content\/uploads\/2025\/11\/Egyptian-Potatoes.webp 1024w\" sizes=\"(max-width: 300px) 100vw, 300px\" title=\"\"><h2 class=\"woocommerce-loop-product__title\">Potatoes<\/h2>\n<\/a><a href=\"https:\/\/peitrade.com\/pt-br\/product\/potatoes\/\" aria-describedby=\"woocommerce_loop_add_to_cart_link_describedby_7759\" data-quantity=\"1\" class=\"button product_type_simple\" data-product_id=\"7759\" data-product_sku=\"70190\" aria-label=\"Leia mais sobre &ldquo;Potatoes&rdquo;\" rel=\"nofollow\" data-success_message=\"\">Leia mais<\/a>\t<span id=\"woocommerce_loop_add_to_cart_link_describedby_7759\" class=\"screen-reader-text\">\n\t\t\t<\/span>\n<\/li>\n<\/ul>\n<\/div><\/div>\n<\/div>\n<\/section>\n<section style=\"padding: 50px 20px; background-color: #f9f9f9;\">\n<div class=\"container\">\n<h2>Perguntas Frequentes<\/h2>\n<h3>Quanto tempo seu quiabo congelado pode ser armazenado?<\/h3>\n<p>Nosso quiabo IQF permanece fresco por at\u00e9 18 meses se armazenado a -18\u00b0C ou menos.<\/p>\n<h3>O que faz da PEI Trade um fornecedor de quiabo congelado a granel confi\u00e1vel?<\/h3>\n<p>Unimos produto de alta qualidade, documenta\u00e7\u00e3o completa de exporta\u00e7\u00e3o e suporte dedicado para oferecer resultados consistentes.<\/p>\n<h3>Voc\u00eas oferecem cortes diferentes de quiabo?<\/h3>\n<p>Sim. Fornecemos Whole, Zero e Ring para atender \u00e0s variadas necessidades culin\u00e1rias.<\/p>\n<h3>Posso solicitar embalagem com minha marca?<\/h3>\n<p>Claro. Oferecemos design e produ\u00e7\u00e3o de embalagem personalizada de acordo com a identidade da sua marca.<\/p>\n<h3>Para quais regi\u00f5es voc\u00eas exportam quiabo congelado a granel?<\/h3>\n<p>Exportamos para Europa, Oriente M\u00e9dio, \u00c1frica e \u00c1sia com MOQ flex\u00edvel e op\u00e7\u00f5es de envio.<\/p>\n<\/div>\n<\/section>\n","protected":false},"excerpt":{"rendered":"<p>Fornecedor de Quiabo Congelado a Granel \u2013 Exporta\u00e7\u00f5es Premium do Egito da PEI Trade A PEI Trade \u00e9 um destacado fornecedor de quiabo congelado a granel no Egito, oferecendo quiabo IQF de primeira linha a importadores e atacadistas internacionais. Somos especializados em exporta\u00e7\u00f5es de grandes volumes de quiabo eg\u00edpcio congelado, utilizando avan\u00e7ada tecnologia de Congelamento [&hellip;]<\/p>\n","protected":false},"author":1,"featured_media":0,"parent":0,"menu_order":0,"comment_status":"closed","ping_status":"closed","template":"","meta":{"footnotes":""},"class_list":["post-6485","page","type-page","status-publish","hentry"],"blocksy_meta":[],"mb":[],"featured_image_urls_v2":{"full":"","thumbnail":"","medium":"","medium_large":"","large":"","1536x1536":"","2048x2048":"","woocommerce_archive_thumbnail":"","woocommerce_thumbnail":"","woocommerce_single":"","woocommerce_gallery_thumbnail":""},"post_excerpt_stackable_v2":"<p>Fornecedor de Quiabo Congelado a Granel \u2013 Exporta\u00e7\u00f5es Premium do Egito da PEI Trade A PEI Trade \u00e9 um destacado fornecedor de quiabo congelado a granel no Egito, oferecendo quiabo IQF de primeira linha a importadores e atacadistas internacionais. Somos especializados em exporta\u00e7\u00f5es de grandes volumes de quiabo eg\u00edpcio congelado, utilizando avan\u00e7ada tecnologia de Congelamento Individual R\u00e1pido (IQF) para preservar frescor, cor e valor nutricional. Como experiente fornecedor de quiabo congelado a granel, a PEI Trade atende mercados globais com qualidade consistente, certifica\u00e7\u00e3o de seguran\u00e7a alimentar e solu\u00e7\u00f5es de embalagem totalmente customizadas para varejo e food service. Cebola Leia mais&hellip;<\/p>\n","category_list_v2":"","author_info_v2":{"name":"Mostafa Sabry","url":"https:\/\/peitrade.com\/pt-br\/author\/emostafaadel_jn8gcqbo\/"},"comments_num_v2":"0 coment\u00e1rio","mfb_rest_fields":["title","blocksy_meta","featured_image_urls_v2","post_excerpt_stackable_v2","category_list_v2","author_info_v2","comments_num_v2"],"_links":{"self":[{"href":"https:\/\/peitrade.com\/pt-br\/wp-json\/wp\/v2\/pages\/6485","targetHints":{"allow":["GET"]}}],"collection":[{"href":"https:\/\/peitrade.com\/pt-br\/wp-json\/wp\/v2\/pages"}],"about":[{"href":"https:\/\/peitrade.com\/pt-br\/wp-json\/wp\/v2\/types\/page"}],"author":[{"embeddable":true,"href":"https:\/\/peitrade.com\/pt-br\/wp-json\/wp\/v2\/users\/1"}],"replies":[{"embeddable":true,"href":"https:\/\/peitrade.com\/pt-br\/wp-json\/wp\/v2\/comments?post=6485"}],"version-history":[{"count":1,"href":"https:\/\/peitrade.com\/pt-br\/wp-json\/wp\/v2\/pages\/6485\/revisions"}],"predecessor-version":[{"id":6486,"href":"https:\/\/peitrade.com\/pt-br\/wp-json\/wp\/v2\/pages\/6485\/revisions\/6486"}],"wp:attachment":[{"href":"https:\/\/peitrade.com\/pt-br\/wp-json\/wp\/v2\/media?parent=6485"}],"curies":[{"name":"wp","href":"https:\/\/api.w.org\/{rel}","templated":true}]}}