{"id":6537,"date":"2025-06-26T09:27:30","date_gmt":"2025-06-26T09:27:30","guid":{"rendered":"http:\/\/46.224.74.15\/egyptian-frozen-okra-exporter-3\/"},"modified":"2025-11-19T16:58:40","modified_gmt":"2025-11-19T16:58:40","slug":"egyptian-frozen-okra-exporter-3","status":"publish","type":"page","link":"https:\/\/peitrade.com\/pt-br\/egyptian-frozen-okra-exporter-3\/","title":{"rendered":"Exportador Eg\u00edpcio de Quiabo Congelado \u2013 Qualidade Premium da PEI Trade"},"content":{"rendered":"<section style=\"padding: 60px 20px; background-color: #f9f9f9;\">\n<div class=\"container\">\n<h1>Exportador Eg\u00edpcio de Quiabo Congelado \u2013 Qualidade Premium da PEI Trade<\/h1>\n<p>PEI Trade destaca-se como um dos principais <b>exportador eg\u00edpcio de quiabo congelado<\/b>, fornecendo quiabo IQF de alta qualidade para mercados internacionais. Especializamo-nos na exporta\u00e7\u00e3o de quiabo eg\u00edpcio cuidadosamente selecionado, utilizando m\u00e9todos avan\u00e7ados de Congelamento R\u00e1pido Individual (IQF) para preservar sua cor original, textura e valor nutricional.<\/p>\n<p>Nossa experi\u00eancia como <b>exportador eg\u00edpcio de quiabo congelado<\/b> permite entregar produtos consistentes, seguros para alimenta\u00e7\u00e3o e embalagens flex\u00edveis, adaptadas para clientes de varejo, atacado e foodservice em todo o mundo.<\/p>\n<\/div>\n<\/section>\n<div class=\"wp-block-woocommerce-product-collection\"><div class=\"woocommerce columns-4 \"><ul class=\"products columns-4\" data-products=\"type-2\">\n<li class=\"product type-product post-7475 status-publish first instock product_cat-in-season product_cat-vegetables has-post-thumbnail shipping-taxable product-type-simple\">\n\t<a href=\"https:\/\/peitrade.com\/pt-br\/product\/cebola\/\" class=\"woocommerce-LoopProduct-link woocommerce-loop-product__link\"><img decoding=\"async\" width=\"300\" height=\"300\" src=\"https:\/\/peitrade.com\/wp-content\/uploads\/2025\/11\/Egyption-Onion-300x300.webp\" class=\"attachment-woocommerce_thumbnail size-woocommerce_thumbnail\" alt=\"Egyption Onion - PEI Trade\" srcset=\"https:\/\/peitrade.com\/wp-content\/uploads\/2025\/11\/Egyption-Onion-300x300.webp 300w, https:\/\/peitrade.com\/wp-content\/uploads\/2025\/11\/Egyption-Onion-150x150.webp 150w, https:\/\/peitrade.com\/wp-content\/uploads\/2025\/11\/Egyption-Onion-768x768.webp 768w, https:\/\/peitrade.com\/wp-content\/uploads\/2025\/11\/Egyption-Onion-600x600.webp 600w, https:\/\/peitrade.com\/wp-content\/uploads\/2025\/11\/Egyption-Onion-100x100.webp 100w, https:\/\/peitrade.com\/wp-content\/uploads\/2025\/11\/Egyption-Onion.webp 1024w\" sizes=\"(max-width: 300px) 100vw, 300px\" title=\"\"><h2 class=\"woocommerce-loop-product__title\">Cebola<\/h2>\n<\/a><a href=\"https:\/\/peitrade.com\/pt-br\/product\/cebola\/\" aria-describedby=\"woocommerce_loop_add_to_cart_link_describedby_7475\" data-quantity=\"1\" class=\"button product_type_simple\" data-product_id=\"7475\" data-product_sku=\"70310\" aria-label=\"Leia mais sobre &ldquo;Cebola&rdquo;\" rel=\"nofollow\" data-success_message=\"\">Leia mais<\/a>\t<span id=\"woocommerce_loop_add_to_cart_link_describedby_7475\" class=\"screen-reader-text\">\n\t\t\t<\/span>\n<\/li>\n<li class=\"product type-product post-7710 status-publish instock product_cat-in-season product_cat-legumes has-post-thumbnail shipping-taxable product-type-simple\">\n\t<a href=\"https:\/\/peitrade.com\/pt-br\/product\/feijao-branco-seco\/\" class=\"woocommerce-LoopProduct-link woocommerce-loop-product__link\"><img decoding=\"async\" width=\"300\" height=\"300\" src=\"https:\/\/peitrade.com\/wp-content\/uploads\/2025\/11\/Egyptian-White-Beans-300x300.webp\" class=\"attachment-woocommerce_thumbnail size-woocommerce_thumbnail\" alt=\"Feij\u00e3o branco seco\" srcset=\"https:\/\/peitrade.com\/wp-content\/uploads\/2025\/11\/Egyptian-White-Beans-300x300.webp 300w, https:\/\/peitrade.com\/wp-content\/uploads\/2025\/11\/Egyptian-White-Beans-150x150.webp 150w, https:\/\/peitrade.com\/wp-content\/uploads\/2025\/11\/Egyptian-White-Beans-768x768.webp 768w, https:\/\/peitrade.com\/wp-content\/uploads\/2025\/11\/Egyptian-White-Beans-600x600.webp 600w, https:\/\/peitrade.com\/wp-content\/uploads\/2025\/11\/Egyptian-White-Beans-100x100.webp 100w, https:\/\/peitrade.com\/wp-content\/uploads\/2025\/11\/Egyptian-White-Beans.webp 1024w\" sizes=\"(max-width: 300px) 100vw, 300px\" title=\"\"><h2 class=\"woocommerce-loop-product__title\">Feij\u00e3o branco seco<\/h2>\n<\/a><a href=\"https:\/\/peitrade.com\/pt-br\/product\/feijao-branco-seco\/\" aria-describedby=\"woocommerce_loop_add_to_cart_link_describedby_7710\" data-quantity=\"1\" class=\"button product_type_simple\" data-product_id=\"7710\" data-product_sku=\"70820\" aria-label=\"Leia mais sobre &ldquo;Feij\u00e3o branco seco&rdquo;\" rel=\"nofollow\" data-success_message=\"\">Leia mais<\/a>\t<span id=\"woocommerce_loop_add_to_cart_link_describedby_7710\" class=\"screen-reader-text\">\n\t\t\t<\/span>\n<\/li>\n<li class=\"product type-product post-7526 status-publish instock product_cat-in-season product_cat-vegetables has-post-thumbnail shipping-taxable product-type-simple\">\n\t<a href=\"https:\/\/peitrade.com\/pt-br\/product\/vagem-feijao-verde\/\" class=\"woocommerce-LoopProduct-link woocommerce-loop-product__link\"><img decoding=\"async\" width=\"300\" height=\"300\" src=\"https:\/\/peitrade.com\/wp-content\/uploads\/2025\/11\/Egyptian-Green-Beans-300x300.webp\" class=\"attachment-woocommerce_thumbnail size-woocommerce_thumbnail\" alt=\"feij\u00e3o-verde\" srcset=\"https:\/\/peitrade.com\/wp-content\/uploads\/2025\/11\/Egyptian-Green-Beans-300x300.webp 300w, https:\/\/peitrade.com\/wp-content\/uploads\/2025\/11\/Egyptian-Green-Beans-150x150.webp 150w, https:\/\/peitrade.com\/wp-content\/uploads\/2025\/11\/Egyptian-Green-Beans-768x768.webp 768w, https:\/\/peitrade.com\/wp-content\/uploads\/2025\/11\/Egyptian-Green-Beans-600x600.webp 600w, https:\/\/peitrade.com\/wp-content\/uploads\/2025\/11\/Egyptian-Green-Beans-100x100.webp 100w, https:\/\/peitrade.com\/wp-content\/uploads\/2025\/11\/Egyptian-Green-Beans.webp 1024w\" sizes=\"(max-width: 300px) 100vw, 300px\" title=\"\"><h2 class=\"woocommerce-loop-product__title\">feij\u00e3o-verde<\/h2>\n<\/a><a href=\"https:\/\/peitrade.com\/pt-br\/product\/vagem-feijao-verde\/\" aria-describedby=\"woocommerce_loop_add_to_cart_link_describedby_7526\" data-quantity=\"1\" class=\"button product_type_simple\" data-product_id=\"7526\" data-product_sku=\"70821\" aria-label=\"Leia mais sobre &ldquo;feij\u00e3o-verde&rdquo;\" rel=\"nofollow\" data-success_message=\"\">Leia mais<\/a>\t<span id=\"woocommerce_loop_add_to_cart_link_describedby_7526\" class=\"screen-reader-text\">\n\t\t\t<\/span>\n<\/li>\n<li class=\"product type-product post-7759 status-publish last instock product_cat-in-season product_cat-vegetables has-post-thumbnail shipping-taxable product-type-simple\">\n\t<a href=\"https:\/\/peitrade.com\/pt-br\/product\/potatoes\/\" class=\"woocommerce-LoopProduct-link woocommerce-loop-product__link\"><img decoding=\"async\" width=\"300\" height=\"300\" src=\"https:\/\/peitrade.com\/wp-content\/uploads\/2025\/11\/Egyptian-Potatoes-300x300.webp\" class=\"attachment-woocommerce_thumbnail size-woocommerce_thumbnail\" alt=\"Potatoes\" srcset=\"https:\/\/peitrade.com\/wp-content\/uploads\/2025\/11\/Egyptian-Potatoes-300x300.webp 300w, https:\/\/peitrade.com\/wp-content\/uploads\/2025\/11\/Egyptian-Potatoes-150x150.webp 150w, https:\/\/peitrade.com\/wp-content\/uploads\/2025\/11\/Egyptian-Potatoes-768x768.webp 768w, https:\/\/peitrade.com\/wp-content\/uploads\/2025\/11\/Egyptian-Potatoes-600x600.webp 600w, https:\/\/peitrade.com\/wp-content\/uploads\/2025\/11\/Egyptian-Potatoes-100x100.webp 100w, https:\/\/peitrade.com\/wp-content\/uploads\/2025\/11\/Egyptian-Potatoes.webp 1024w\" sizes=\"(max-width: 300px) 100vw, 300px\" title=\"\"><h2 class=\"woocommerce-loop-product__title\">Potatoes<\/h2>\n<\/a><a href=\"https:\/\/peitrade.com\/pt-br\/product\/potatoes\/\" aria-describedby=\"woocommerce_loop_add_to_cart_link_describedby_7759\" data-quantity=\"1\" class=\"button product_type_simple\" data-product_id=\"7759\" data-product_sku=\"70190\" aria-label=\"Leia mais sobre &ldquo;Potatoes&rdquo;\" rel=\"nofollow\" data-success_message=\"\">Leia mais<\/a>\t<span id=\"woocommerce_loop_add_to_cart_link_describedby_7759\" class=\"screen-reader-text\">\n\t\t\t<\/span>\n<\/li>\n<\/ul>\n<\/div><\/div>\n<section style=\"padding: 50px 20px;\">\n<div class=\"container\">\n<h2>Por que escolher a PEI Trade como seu Exportador Eg\u00edpcio de Quiabo Congelado?<\/h2>\n<p><span style=\"font-weight: 400;\">Ao trabalhar com a PEI Trade, voc\u00ea conta com um <b>exportador eg\u00edpcio de quiabo congelado<\/b> confi\u00e1vel que oferece:<\/span><\/p>\n<ul>\n<li style=\"font-weight: 400;\">Tecnologia IQF que garante frescor e estrutura superiores<\/li>\n<li style=\"font-weight: 400;\">Varia\u00e7\u00f5es de corte incluindo Inteiro, Zero e An\u00e9is para diferentes usos<\/li>\n<li style=\"font-weight: 400;\">Quiabo 100% natural, sem aditivos ou conservantes<\/li>\n<li style=\"font-weight: 400;\">Vegetal rico em nutrientes, com fibras e antioxidantes<\/li>\n<li style=\"font-weight: 400;\">Fornecimento confi\u00e1vel durante o ano inteiro e controle de qualidade rigoroso<\/li>\n<\/ul>\n<p><span style=\"font-weight: 400;\">Nossa reputa\u00e7\u00e3o como <b>exportador eg\u00edpcio de quiabo congelado<\/b> \u00e9 respaldada pela satisfa\u00e7\u00e3o dos clientes internacionais e certifica\u00e7\u00f5es do setor.<\/span><\/p>\n<h2>Da Fazenda \u00e0 Exporta\u00e7\u00e3o \u2013 Nosso Processo de Exporta\u00e7\u00e3o<\/h2>\n<p><span style=\"font-weight: 400;\">Como um <b>exportador eg\u00edpcio de quiabo congelado<\/b> certificado, a PEI Trade segue um processo otimizado:<\/span><\/p>\n<ul>\n<li style=\"font-weight: 400;\">Colheita em fazendas eg\u00edpcias na \u00e9poca de pico (maio a outubro)<\/li>\n<li style=\"font-weight: 400;\">Sele\u00e7\u00e3o, lavagem e branqueamento com higiene rigorosa<\/li>\n<li style=\"font-weight: 400;\">Congelamento IQF para manter frescor e vida \u00fatil<\/li>\n<li style=\"font-weight: 400;\">Solu\u00e7\u00f5es de embalagem personalizadas para grandes volumes e marcas pr\u00f3prias<\/li>\n<li style=\"font-weight: 400;\">Documenta\u00e7\u00e3o completa de exporta\u00e7\u00e3o e log\u00edstica internacional<\/li>\n<\/ul>\n<p><span style=\"font-weight: 400;\">Facilitamos a aquisi\u00e7\u00e3o de produtos de um <b>exportador eg\u00edpcio de quiabo congelado<\/b> confi\u00e1vel.<\/span><\/p>\n<h2>Disponibilidade Sazonal &amp; Abastecimento<\/h2>\n<p><span style=\"font-weight: 400;\">O quiabo eg\u00edpcio \u00e9 colhido de <b>maio a outubro<\/b>, oferecendo qualidade superior para processamento e exporta\u00e7\u00e3o.<\/span><\/p>\n<p style=\"font-weight: 400;\">A PEI Trade garante disponibilidade cont\u00ednua por meio de armazenamento refrigerado aprovado pela HACCP, ideal para contratos de longo prazo.<\/p>\n<h3>Setores Atendidos<\/h3>\n<p><span style=\"font-weight: 400;\">Como dedicado <b>exportador eg\u00edpcio de quiabo congelado<\/b>, servimos diversos segmentos:<\/span><\/p>\n<ul>\n<li style=\"font-weight: 400;\"><b>Varejistas:<\/b> Redes de supermercados e distribuidores de alimentos congelados<\/li>\n<li style=\"font-weight: 400;\"><b>Foodservice:<\/b> Restaurantes, empresas de catering e hot\u00e9is<\/li>\n<li style=\"font-weight: 400;\"><b>Processadores:<\/b> Fabrica\u00e7\u00e3o de refei\u00e7\u00f5es congeladas, ensopados e sopas<\/li>\n<li style=\"font-weight: 400;\"><b>Importadores:<\/b> Remessas a granel para distribui\u00e7\u00e3o internacional<\/li>\n<\/ul>\n<h3>Mercados Globais de Exporta\u00e7\u00e3o<\/h3>\n<p><span style=\"font-weight: 400;\">Operamos globalmente como <b>exportador eg\u00edpcio de quiabo congelado<\/b>, atendendo a mais de 30 pa\u00edses:<\/span><\/p>\n<ul>\n<li style=\"font-weight: 400;\">Europa: Fran\u00e7a, Alemanha, Reino Unido, Pa\u00edses Baixos<\/li>\n<li style=\"font-weight: 400;\">Oriente M\u00e9dio: Ar\u00e1bia Saudita, Emirados \u00c1rabes Unidos, Kuwait, Qatar<\/li>\n<li style=\"font-weight: 400;\">\u00c1frica: Qu\u00eania, Nig\u00e9ria, \u00c1frica do Sul<\/li>\n<li style=\"font-weight: 400;\">\u00c1sia: \u00cdndia, Mal\u00e1sia, Coreia do Sul<\/li>\n<\/ul>\n<p><span style=\"font-weight: 400;\">Confie na PEI Trade para remessas certificadas de um l\u00edder <b>exportador eg\u00edpcio de quiabo congelado<\/b>.<\/span><\/p>\n<h2>Op\u00e7\u00f5es de Embalagem Flex\u00edveis<\/h2>\n<p><span style=\"font-weight: 400;\">A PEI Trade atende neg\u00f3cios de todos os tamanhos com:<\/span><\/p>\n<ul>\n<li style=\"font-weight: 400;\">Caixas a granel (10\u202fkg\u201320\u202fkg) para fornecimento atacadista<\/li>\n<li style=\"font-weight: 400;\">Sacos prontos para varejo (400\u202fg\u20132\u202fkg) com marca personalizada<\/li>\n<li style=\"font-weight: 400;\">Sacos selados a v\u00e1cuo para maior vida \u00fatil<\/li>\n<li style=\"font-weight: 400;\">Cont\u00eaineres refrigerados com cargas paletizadas<\/li>\n<\/ul>\n<p><span style=\"font-weight: 400;\">Todos os materiais de embalagem seguem normas globais de seguran\u00e7a alimentar e rotulagem.<\/span><\/p>\n<\/div>\n<\/section>\n<section style=\"padding: 50px 20px; background-color: #f0f0f0;\">\n<div class=\"container\">\n<h2>Parceria com a PEI Trade \u2013 Seu Exportador Eg\u00edpcio de Quiabo Congelado<\/h2>\n<p>Procurando um <b>exportador eg\u00edpcio de quiabo congelado<\/b> confi\u00e1vel? A PEI Trade combina garantia de qualidade, volumes escal\u00e1veis e log\u00edstica global para apoiar suas necessidades de mercado.<\/p>\n<p>Estamos comprometidos em entregar excel\u00eancia, embarques no prazo e suporte personalizado.<\/p>\n<h2>Solicite seu Or\u00e7amento e Amostras<\/h2>\n<p>Entre em contato hoje mesmo para especifica\u00e7\u00f5es do quiabo, pre\u00e7os competitivos de exporta\u00e7\u00e3o e pedidos de amostras.<\/p>\n<p style=\"text-align: center; margin-top: 40px;\"><a class=\"button primary large\" href=\"\/contact\">Pe\u00e7a Agora<\/a><\/p>\n<\/div>\n<\/section>\n<section style=\"padding: 50px 20px;\">\n<div class=\"container\">\n<h2>Explore Mais Exporta\u00e7\u00f5es Congeladas do Egito<\/h2>\n<p>Al\u00e9m de ser um dos principais <b>exportador eg\u00edpcio de quiabo congelado<\/b>, a PEI Trade tamb\u00e9m fornece morangos congelados premium, vagens e piment\u00f5es.<\/p>\n<p><a href=\"\/about\" target=\"_blank\" rel=\"noopener\">Saiba mais sobre nossa linha de exporta\u00e7\u00e3o<\/a>.<\/p>\n<div class=\"wp-block-woocommerce-product-collection\"><div class=\"woocommerce columns-4 \"><ul class=\"products columns-4\" data-products=\"type-2\">\n<li class=\"product type-product post-7475 status-publish first instock product_cat-in-season product_cat-vegetables has-post-thumbnail shipping-taxable product-type-simple\">\n\t<a href=\"https:\/\/peitrade.com\/pt-br\/product\/cebola\/\" class=\"woocommerce-LoopProduct-link woocommerce-loop-product__link\"><img decoding=\"async\" width=\"300\" height=\"300\" src=\"https:\/\/peitrade.com\/wp-content\/uploads\/2025\/11\/Egyption-Onion-300x300.webp\" class=\"attachment-woocommerce_thumbnail size-woocommerce_thumbnail\" alt=\"Egyption Onion - PEI Trade\" srcset=\"https:\/\/peitrade.com\/wp-content\/uploads\/2025\/11\/Egyption-Onion-300x300.webp 300w, https:\/\/peitrade.com\/wp-content\/uploads\/2025\/11\/Egyption-Onion-150x150.webp 150w, https:\/\/peitrade.com\/wp-content\/uploads\/2025\/11\/Egyption-Onion-768x768.webp 768w, https:\/\/peitrade.com\/wp-content\/uploads\/2025\/11\/Egyption-Onion-600x600.webp 600w, https:\/\/peitrade.com\/wp-content\/uploads\/2025\/11\/Egyption-Onion-100x100.webp 100w, https:\/\/peitrade.com\/wp-content\/uploads\/2025\/11\/Egyption-Onion.webp 1024w\" sizes=\"(max-width: 300px) 100vw, 300px\" title=\"\"><h2 class=\"woocommerce-loop-product__title\">Cebola<\/h2>\n<\/a><a href=\"https:\/\/peitrade.com\/pt-br\/product\/cebola\/\" aria-describedby=\"woocommerce_loop_add_to_cart_link_describedby_7475\" data-quantity=\"1\" class=\"button product_type_simple\" data-product_id=\"7475\" data-product_sku=\"70310\" aria-label=\"Leia mais sobre &ldquo;Cebola&rdquo;\" rel=\"nofollow\" data-success_message=\"\">Leia mais<\/a>\t<span id=\"woocommerce_loop_add_to_cart_link_describedby_7475\" class=\"screen-reader-text\">\n\t\t\t<\/span>\n<\/li>\n<li class=\"product type-product post-7710 status-publish instock product_cat-in-season product_cat-legumes has-post-thumbnail shipping-taxable product-type-simple\">\n\t<a href=\"https:\/\/peitrade.com\/pt-br\/product\/feijao-branco-seco\/\" class=\"woocommerce-LoopProduct-link woocommerce-loop-product__link\"><img decoding=\"async\" width=\"300\" height=\"300\" src=\"https:\/\/peitrade.com\/wp-content\/uploads\/2025\/11\/Egyptian-White-Beans-300x300.webp\" class=\"attachment-woocommerce_thumbnail size-woocommerce_thumbnail\" alt=\"Feij\u00e3o branco seco\" srcset=\"https:\/\/peitrade.com\/wp-content\/uploads\/2025\/11\/Egyptian-White-Beans-300x300.webp 300w, https:\/\/peitrade.com\/wp-content\/uploads\/2025\/11\/Egyptian-White-Beans-150x150.webp 150w, https:\/\/peitrade.com\/wp-content\/uploads\/2025\/11\/Egyptian-White-Beans-768x768.webp 768w, https:\/\/peitrade.com\/wp-content\/uploads\/2025\/11\/Egyptian-White-Beans-600x600.webp 600w, https:\/\/peitrade.com\/wp-content\/uploads\/2025\/11\/Egyptian-White-Beans-100x100.webp 100w, https:\/\/peitrade.com\/wp-content\/uploads\/2025\/11\/Egyptian-White-Beans.webp 1024w\" sizes=\"(max-width: 300px) 100vw, 300px\" title=\"\"><h2 class=\"woocommerce-loop-product__title\">Feij\u00e3o branco seco<\/h2>\n<\/a><a href=\"https:\/\/peitrade.com\/pt-br\/product\/feijao-branco-seco\/\" aria-describedby=\"woocommerce_loop_add_to_cart_link_describedby_7710\" data-quantity=\"1\" class=\"button product_type_simple\" data-product_id=\"7710\" data-product_sku=\"70820\" aria-label=\"Leia mais sobre &ldquo;Feij\u00e3o branco seco&rdquo;\" rel=\"nofollow\" data-success_message=\"\">Leia mais<\/a>\t<span id=\"woocommerce_loop_add_to_cart_link_describedby_7710\" class=\"screen-reader-text\">\n\t\t\t<\/span>\n<\/li>\n<li class=\"product type-product post-7526 status-publish instock product_cat-in-season product_cat-vegetables has-post-thumbnail shipping-taxable product-type-simple\">\n\t<a href=\"https:\/\/peitrade.com\/pt-br\/product\/vagem-feijao-verde\/\" class=\"woocommerce-LoopProduct-link woocommerce-loop-product__link\"><img decoding=\"async\" width=\"300\" height=\"300\" src=\"https:\/\/peitrade.com\/wp-content\/uploads\/2025\/11\/Egyptian-Green-Beans-300x300.webp\" class=\"attachment-woocommerce_thumbnail size-woocommerce_thumbnail\" alt=\"feij\u00e3o-verde\" srcset=\"https:\/\/peitrade.com\/wp-content\/uploads\/2025\/11\/Egyptian-Green-Beans-300x300.webp 300w, https:\/\/peitrade.com\/wp-content\/uploads\/2025\/11\/Egyptian-Green-Beans-150x150.webp 150w, https:\/\/peitrade.com\/wp-content\/uploads\/2025\/11\/Egyptian-Green-Beans-768x768.webp 768w, https:\/\/peitrade.com\/wp-content\/uploads\/2025\/11\/Egyptian-Green-Beans-600x600.webp 600w, https:\/\/peitrade.com\/wp-content\/uploads\/2025\/11\/Egyptian-Green-Beans-100x100.webp 100w, https:\/\/peitrade.com\/wp-content\/uploads\/2025\/11\/Egyptian-Green-Beans.webp 1024w\" sizes=\"(max-width: 300px) 100vw, 300px\" title=\"\"><h2 class=\"woocommerce-loop-product__title\">feij\u00e3o-verde<\/h2>\n<\/a><a href=\"https:\/\/peitrade.com\/pt-br\/product\/vagem-feijao-verde\/\" aria-describedby=\"woocommerce_loop_add_to_cart_link_describedby_7526\" data-quantity=\"1\" class=\"button product_type_simple\" data-product_id=\"7526\" data-product_sku=\"70821\" aria-label=\"Leia mais sobre &ldquo;feij\u00e3o-verde&rdquo;\" rel=\"nofollow\" data-success_message=\"\">Leia mais<\/a>\t<span id=\"woocommerce_loop_add_to_cart_link_describedby_7526\" class=\"screen-reader-text\">\n\t\t\t<\/span>\n<\/li>\n<li class=\"product type-product post-7759 status-publish last instock product_cat-in-season product_cat-vegetables has-post-thumbnail shipping-taxable product-type-simple\">\n\t<a href=\"https:\/\/peitrade.com\/pt-br\/product\/potatoes\/\" class=\"woocommerce-LoopProduct-link woocommerce-loop-product__link\"><img decoding=\"async\" width=\"300\" height=\"300\" src=\"https:\/\/peitrade.com\/wp-content\/uploads\/2025\/11\/Egyptian-Potatoes-300x300.webp\" class=\"attachment-woocommerce_thumbnail size-woocommerce_thumbnail\" alt=\"Potatoes\" srcset=\"https:\/\/peitrade.com\/wp-content\/uploads\/2025\/11\/Egyptian-Potatoes-300x300.webp 300w, https:\/\/peitrade.com\/wp-content\/uploads\/2025\/11\/Egyptian-Potatoes-150x150.webp 150w, https:\/\/peitrade.com\/wp-content\/uploads\/2025\/11\/Egyptian-Potatoes-768x768.webp 768w, https:\/\/peitrade.com\/wp-content\/uploads\/2025\/11\/Egyptian-Potatoes-600x600.webp 600w, https:\/\/peitrade.com\/wp-content\/uploads\/2025\/11\/Egyptian-Potatoes-100x100.webp 100w, https:\/\/peitrade.com\/wp-content\/uploads\/2025\/11\/Egyptian-Potatoes.webp 1024w\" sizes=\"(max-width: 300px) 100vw, 300px\" title=\"\"><h2 class=\"woocommerce-loop-product__title\">Potatoes<\/h2>\n<\/a><a href=\"https:\/\/peitrade.com\/pt-br\/product\/potatoes\/\" aria-describedby=\"woocommerce_loop_add_to_cart_link_describedby_7759\" data-quantity=\"1\" class=\"button product_type_simple\" data-product_id=\"7759\" data-product_sku=\"70190\" aria-label=\"Leia mais sobre &ldquo;Potatoes&rdquo;\" rel=\"nofollow\" data-success_message=\"\">Leia mais<\/a>\t<span id=\"woocommerce_loop_add_to_cart_link_describedby_7759\" class=\"screen-reader-text\">\n\t\t\t<\/span>\n<\/li>\n<\/ul>\n<\/div><\/div>\n<\/div>\n<\/section>\n<section style=\"padding: 50px 20px; background-color: #f9f9f9;\">\n<div class=\"container\">\n<h2>Perguntas Frequentes<\/h2>\n<h3>Quanto tempo dura o quiabo congelado?<\/h3>\n<p>O quiabo IQF da PEI Trade pode ser armazenado por at\u00e9 18 meses a -18\u202f\u00b0C ou menos.<\/p>\n<h3>O que faz da PEI Trade um exportador eg\u00edpcio de quiabo congelado confi\u00e1vel?<\/h3>\n<p>Entregamos produtos de grau aliment\u00edcio com documenta\u00e7\u00e3o completa, op\u00e7\u00f5es de embalagem e padr\u00f5es de processamento certificados.<\/p>\n<h3>Voc\u00eas oferecem embalagens personalizadas?<\/h3>\n<p>Sim, fornecemos embalagens com marca pr\u00f3pria e customiza\u00e7\u00e3o para varejo e foodservice.<\/p>\n<h3>Para onde voc\u00eas exportam quiabo congelado?<\/h3>\n<p>Exportamos para Europa, Oriente M\u00e9dio, \u00c1frica e \u00c1sia com volumes e log\u00edstica flex\u00edveis.<\/p>\n<h3>Existem diferentes cortes de quiabo dispon\u00edveis?<\/h3>\n<p>Claro. Oferecemos cortes Inteiro, Zero e An\u00e9is conforme suas necessidades.<\/p>\n<\/div>\n<\/section>\n","protected":false},"excerpt":{"rendered":"<p>Exportador Eg\u00edpcio de Quiabo Congelado \u2013 Qualidade Premium da PEI Trade PEI Trade destaca-se como um dos principais exportador eg\u00edpcio de quiabo congelado, fornecendo quiabo IQF de alta qualidade para mercados internacionais. Especializamo-nos na exporta\u00e7\u00e3o de quiabo eg\u00edpcio cuidadosamente selecionado, utilizando m\u00e9todos avan\u00e7ados de Congelamento R\u00e1pido Individual (IQF) para preservar sua cor original, textura e [&hellip;]<\/p>\n","protected":false},"author":1,"featured_media":0,"parent":0,"menu_order":0,"comment_status":"closed","ping_status":"closed","template":"","meta":{"footnotes":""},"class_list":["post-6537","page","type-page","status-publish","hentry"],"blocksy_meta":[],"mb":[],"featured_image_urls_v2":{"full":"","thumbnail":"","medium":"","medium_large":"","large":"","1536x1536":"","2048x2048":"","woocommerce_archive_thumbnail":"","woocommerce_thumbnail":"","woocommerce_single":"","woocommerce_gallery_thumbnail":""},"post_excerpt_stackable_v2":"<p>Exportador Eg\u00edpcio de Quiabo Congelado \u2013 Qualidade Premium da PEI Trade PEI Trade destaca-se como um dos principais exportador eg\u00edpcio de quiabo congelado, fornecendo quiabo IQF de alta qualidade para mercados internacionais. Especializamo-nos na exporta\u00e7\u00e3o de quiabo eg\u00edpcio cuidadosamente selecionado, utilizando m\u00e9todos avan\u00e7ados de Congelamento R\u00e1pido Individual (IQF) para preservar sua cor original, textura e valor nutricional. Nossa experi\u00eancia como exportador eg\u00edpcio de quiabo congelado permite entregar produtos consistentes, seguros para alimenta\u00e7\u00e3o e embalagens flex\u00edveis, adaptadas para clientes de varejo, atacado e foodservice em todo o mundo. Cebola Leia mais Feij\u00e3o branco seco Leia mais feij\u00e3o-verde Leia mais Potatoes Leia&hellip;<\/p>\n","category_list_v2":"","author_info_v2":{"name":"Mostafa Sabry","url":"https:\/\/peitrade.com\/pt-br\/author\/emostafaadel_jn8gcqbo\/"},"comments_num_v2":"0 coment\u00e1rio","mfb_rest_fields":["title","blocksy_meta","featured_image_urls_v2","post_excerpt_stackable_v2","category_list_v2","author_info_v2","comments_num_v2"],"_links":{"self":[{"href":"https:\/\/peitrade.com\/pt-br\/wp-json\/wp\/v2\/pages\/6537","targetHints":{"allow":["GET"]}}],"collection":[{"href":"https:\/\/peitrade.com\/pt-br\/wp-json\/wp\/v2\/pages"}],"about":[{"href":"https:\/\/peitrade.com\/pt-br\/wp-json\/wp\/v2\/types\/page"}],"author":[{"embeddable":true,"href":"https:\/\/peitrade.com\/pt-br\/wp-json\/wp\/v2\/users\/1"}],"replies":[{"embeddable":true,"href":"https:\/\/peitrade.com\/pt-br\/wp-json\/wp\/v2\/comments?post=6537"}],"version-history":[{"count":1,"href":"https:\/\/peitrade.com\/pt-br\/wp-json\/wp\/v2\/pages\/6537\/revisions"}],"predecessor-version":[{"id":6538,"href":"https:\/\/peitrade.com\/pt-br\/wp-json\/wp\/v2\/pages\/6537\/revisions\/6538"}],"wp:attachment":[{"href":"https:\/\/peitrade.com\/pt-br\/wp-json\/wp\/v2\/media?parent=6537"}],"curies":[{"name":"wp","href":"https:\/\/api.w.org\/{rel}","templated":true}]}}