{"id":6545,"date":"2025-06-26T08:25:19","date_gmt":"2025-06-26T08:25:19","guid":{"rendered":"http:\/\/46.224.74.15\/fornecedores-de-alface-picada\/"},"modified":"2025-11-19T16:58:42","modified_gmt":"2025-11-19T16:58:42","slug":"fornecedores-de-alface-picada","status":"publish","type":"page","link":"https:\/\/peitrade.com\/pt-br\/fornecedores-de-alface-picada\/","title":{"rendered":"Fornecedores de alface picada \u2013 Qualidade fresca cortada da PEI Trade"},"content":{"rendered":"<section style=\"padding: 60px 20px; background-color: #f9f9f9;\">\n<div class=\"container\">\n<p>A PEI Trade \u00e9 sua parceira ideal entre os <b>fornecedores de alface picada<\/b>, oferecendo alface eg\u00edpcia fresca, crocante e pronta para servir, adaptada aos setores de food service e varejo. Seja para cortes finos para hamb\u00fargueres e wraps ou tiras maiores para saladas e bandejas, temos o formato e a frescura que voc\u00ea precisa.<\/p>\n<p>Reconhecida globalmente entre os principais <b>fornecedores de alface<\/b>, nossos produtos s\u00e3o colhidos no auge da qualidade, processados sob rigorosos padr\u00f5es de higiene e enviados com precis\u00e3o para manter a croc\u00e2ncia e a cor. De <b>alface fornecida<\/b> para restaurantes a embalagens com marca pr\u00f3pria para supermercados, entregamos excel\u00eancia em cada folha.<\/p>\n<\/div>\n<\/section>\n<div class=\"wp-block-woocommerce-product-collection\"><div class=\"woocommerce columns-4 \"><ul class=\"products columns-4\" data-products=\"type-2\">\n<li class=\"product type-product post-7475 status-publish first instock product_cat-in-season product_cat-vegetables has-post-thumbnail shipping-taxable product-type-simple\">\n\t<a href=\"https:\/\/peitrade.com\/pt-br\/product\/cebola\/\" class=\"woocommerce-LoopProduct-link woocommerce-loop-product__link\"><img decoding=\"async\" width=\"300\" height=\"300\" src=\"https:\/\/peitrade.com\/wp-content\/uploads\/2025\/11\/Egyption-Onion-300x300.webp\" class=\"attachment-woocommerce_thumbnail size-woocommerce_thumbnail\" alt=\"Egyption Onion - PEI Trade\" srcset=\"https:\/\/peitrade.com\/wp-content\/uploads\/2025\/11\/Egyption-Onion-300x300.webp 300w, https:\/\/peitrade.com\/wp-content\/uploads\/2025\/11\/Egyption-Onion-150x150.webp 150w, https:\/\/peitrade.com\/wp-content\/uploads\/2025\/11\/Egyption-Onion-768x768.webp 768w, https:\/\/peitrade.com\/wp-content\/uploads\/2025\/11\/Egyption-Onion-600x600.webp 600w, https:\/\/peitrade.com\/wp-content\/uploads\/2025\/11\/Egyption-Onion-100x100.webp 100w, https:\/\/peitrade.com\/wp-content\/uploads\/2025\/11\/Egyption-Onion.webp 1024w\" sizes=\"(max-width: 300px) 100vw, 300px\" title=\"\"><h2 class=\"woocommerce-loop-product__title\">Cebola<\/h2>\n<\/a><a href=\"https:\/\/peitrade.com\/pt-br\/product\/cebola\/\" aria-describedby=\"woocommerce_loop_add_to_cart_link_describedby_7475\" data-quantity=\"1\" class=\"button product_type_simple\" data-product_id=\"7475\" data-product_sku=\"70310\" aria-label=\"Leia mais sobre &ldquo;Cebola&rdquo;\" rel=\"nofollow\" data-success_message=\"\">Leia mais<\/a>\t<span id=\"woocommerce_loop_add_to_cart_link_describedby_7475\" class=\"screen-reader-text\">\n\t\t\t<\/span>\n<\/li>\n<li class=\"product type-product post-7710 status-publish instock product_cat-in-season product_cat-legumes has-post-thumbnail shipping-taxable product-type-simple\">\n\t<a href=\"https:\/\/peitrade.com\/pt-br\/product\/feijao-branco-seco\/\" class=\"woocommerce-LoopProduct-link woocommerce-loop-product__link\"><img decoding=\"async\" width=\"300\" height=\"300\" src=\"https:\/\/peitrade.com\/wp-content\/uploads\/2025\/11\/Egyptian-White-Beans-300x300.webp\" class=\"attachment-woocommerce_thumbnail size-woocommerce_thumbnail\" alt=\"Feij\u00e3o branco seco\" srcset=\"https:\/\/peitrade.com\/wp-content\/uploads\/2025\/11\/Egyptian-White-Beans-300x300.webp 300w, https:\/\/peitrade.com\/wp-content\/uploads\/2025\/11\/Egyptian-White-Beans-150x150.webp 150w, https:\/\/peitrade.com\/wp-content\/uploads\/2025\/11\/Egyptian-White-Beans-768x768.webp 768w, https:\/\/peitrade.com\/wp-content\/uploads\/2025\/11\/Egyptian-White-Beans-600x600.webp 600w, https:\/\/peitrade.com\/wp-content\/uploads\/2025\/11\/Egyptian-White-Beans-100x100.webp 100w, https:\/\/peitrade.com\/wp-content\/uploads\/2025\/11\/Egyptian-White-Beans.webp 1024w\" sizes=\"(max-width: 300px) 100vw, 300px\" title=\"\"><h2 class=\"woocommerce-loop-product__title\">Feij\u00e3o branco seco<\/h2>\n<\/a><a href=\"https:\/\/peitrade.com\/pt-br\/product\/feijao-branco-seco\/\" aria-describedby=\"woocommerce_loop_add_to_cart_link_describedby_7710\" data-quantity=\"1\" class=\"button product_type_simple\" data-product_id=\"7710\" data-product_sku=\"70820\" aria-label=\"Leia mais sobre &ldquo;Feij\u00e3o branco seco&rdquo;\" rel=\"nofollow\" data-success_message=\"\">Leia mais<\/a>\t<span id=\"woocommerce_loop_add_to_cart_link_describedby_7710\" class=\"screen-reader-text\">\n\t\t\t<\/span>\n<\/li>\n<li class=\"product type-product post-7526 status-publish instock product_cat-in-season product_cat-vegetables has-post-thumbnail shipping-taxable product-type-simple\">\n\t<a href=\"https:\/\/peitrade.com\/pt-br\/product\/vagem-feijao-verde\/\" class=\"woocommerce-LoopProduct-link woocommerce-loop-product__link\"><img decoding=\"async\" width=\"300\" height=\"300\" src=\"https:\/\/peitrade.com\/wp-content\/uploads\/2025\/11\/Egyptian-Green-Beans-300x300.webp\" class=\"attachment-woocommerce_thumbnail size-woocommerce_thumbnail\" alt=\"feij\u00e3o-verde\" srcset=\"https:\/\/peitrade.com\/wp-content\/uploads\/2025\/11\/Egyptian-Green-Beans-300x300.webp 300w, https:\/\/peitrade.com\/wp-content\/uploads\/2025\/11\/Egyptian-Green-Beans-150x150.webp 150w, https:\/\/peitrade.com\/wp-content\/uploads\/2025\/11\/Egyptian-Green-Beans-768x768.webp 768w, https:\/\/peitrade.com\/wp-content\/uploads\/2025\/11\/Egyptian-Green-Beans-600x600.webp 600w, https:\/\/peitrade.com\/wp-content\/uploads\/2025\/11\/Egyptian-Green-Beans-100x100.webp 100w, https:\/\/peitrade.com\/wp-content\/uploads\/2025\/11\/Egyptian-Green-Beans.webp 1024w\" sizes=\"(max-width: 300px) 100vw, 300px\" title=\"\"><h2 class=\"woocommerce-loop-product__title\">feij\u00e3o-verde<\/h2>\n<\/a><a href=\"https:\/\/peitrade.com\/pt-br\/product\/vagem-feijao-verde\/\" aria-describedby=\"woocommerce_loop_add_to_cart_link_describedby_7526\" data-quantity=\"1\" class=\"button product_type_simple\" data-product_id=\"7526\" data-product_sku=\"70821\" aria-label=\"Leia mais sobre &ldquo;feij\u00e3o-verde&rdquo;\" rel=\"nofollow\" data-success_message=\"\">Leia mais<\/a>\t<span id=\"woocommerce_loop_add_to_cart_link_describedby_7526\" class=\"screen-reader-text\">\n\t\t\t<\/span>\n<\/li>\n<li class=\"product type-product post-7759 status-publish last instock product_cat-in-season product_cat-vegetables has-post-thumbnail shipping-taxable product-type-simple\">\n\t<a href=\"https:\/\/peitrade.com\/pt-br\/product\/potatoes\/\" class=\"woocommerce-LoopProduct-link woocommerce-loop-product__link\"><img decoding=\"async\" width=\"300\" height=\"300\" src=\"https:\/\/peitrade.com\/wp-content\/uploads\/2025\/11\/Egyptian-Potatoes-300x300.webp\" class=\"attachment-woocommerce_thumbnail size-woocommerce_thumbnail\" alt=\"Potatoes\" srcset=\"https:\/\/peitrade.com\/wp-content\/uploads\/2025\/11\/Egyptian-Potatoes-300x300.webp 300w, https:\/\/peitrade.com\/wp-content\/uploads\/2025\/11\/Egyptian-Potatoes-150x150.webp 150w, https:\/\/peitrade.com\/wp-content\/uploads\/2025\/11\/Egyptian-Potatoes-768x768.webp 768w, https:\/\/peitrade.com\/wp-content\/uploads\/2025\/11\/Egyptian-Potatoes-600x600.webp 600w, https:\/\/peitrade.com\/wp-content\/uploads\/2025\/11\/Egyptian-Potatoes-100x100.webp 100w, https:\/\/peitrade.com\/wp-content\/uploads\/2025\/11\/Egyptian-Potatoes.webp 1024w\" sizes=\"(max-width: 300px) 100vw, 300px\" title=\"\"><h2 class=\"woocommerce-loop-product__title\">Potatoes<\/h2>\n<\/a><a href=\"https:\/\/peitrade.com\/pt-br\/product\/potatoes\/\" aria-describedby=\"woocommerce_loop_add_to_cart_link_describedby_7759\" data-quantity=\"1\" class=\"button product_type_simple\" data-product_id=\"7759\" data-product_sku=\"70190\" aria-label=\"Leia mais sobre &ldquo;Potatoes&rdquo;\" rel=\"nofollow\" data-success_message=\"\">Leia mais<\/a>\t<span id=\"woocommerce_loop_add_to_cart_link_describedby_7759\" class=\"screen-reader-text\">\n\t\t\t<\/span>\n<\/li>\n<\/ul>\n<\/div><\/div>\n<div class=\"container\">\n<h2>Por que escolher a PEI Trade como seu fornecedor de alface picada?<\/h2>\n<p><span style=\"font-weight: 400;\">Somos mais do que apenas <b>exportadores de alface<\/b> \u2014 somos guardi\u00f5es da qualidade. Veja por que empresas em todo o mundo confiam em n\u00f3s:<\/span><\/p>\n<ul>\n<li style=\"font-weight: 400;\">Alface picada pr\u00e9-cortada e refrigerada pronta para uso imediato em cozinhas<\/li>\n<li style=\"font-weight: 400;\">V\u00e1rias variedades: Iceberg, Romana, folha solta e mais<\/li>\n<li style=\"font-weight: 400;\">Cortes personalizados e tamanhos de embalagens conforme suas especifica\u00e7\u00f5es<\/li>\n<li style=\"font-weight: 400;\">Fornecida por fazendas certificadas com cadeias de suprimento rastre\u00e1veis<\/li>\n<li style=\"font-weight: 400;\">Log\u00edstica com cadeia fria rigorosa para maior vida \u00fatil e frescor<\/li>\n<\/ul>\n<h2>Do campo \u00e0 mesa \u2013 Nosso processo de exporta\u00e7\u00e3o de alface<\/h2>\n<p><span style=\"font-weight: 400;\">Gerenciamos cada etapa da opera\u00e7\u00e3o de <b>exporta\u00e7\u00e3o de alface<\/b> com cuidado e consist\u00eancia:<\/span><\/p>\n<ul>\n<li style=\"font-weight: 400;\">Colheitas di\u00e1rias em campos eg\u00edpcios de alta produtividade<\/li>\n<li style=\"font-weight: 400;\">Refrigera\u00e7\u00e3o imediata e processamento em instala\u00e7\u00f5es sanitizadas<\/li>\n<li style=\"font-weight: 400;\">Embalagem em atmosfera modificada (MAP) para preserva\u00e7\u00e3o do frescor<\/li>\n<li style=\"font-weight: 400;\">Envios flex\u00edveis por mar ou ar, conforme seu prazo de entrega<\/li>\n<li style=\"font-weight: 400;\">Documenta\u00e7\u00e3o pronta para exporta\u00e7\u00e3o e conformidade global para um desembara\u00e7o aduaneiro tranquilo<\/li>\n<\/ul>\n<p><span style=\"font-weight: 400;\">Como um dos <b>exportadores de alface<\/b> mais confi\u00e1veis da regi\u00e3o, tornamos a importa\u00e7\u00e3o de alface picada simples para o seu neg\u00f3cio.<\/span><\/p>\n<h2>Formatos dispon\u00edveis \u2013 Picada e al\u00e9m<\/h2>\n<p><span style=\"font-weight: 400;\">Oferecemos mais do que apenas op\u00e7\u00f5es picadas para atender \u00e0s necessidades de cada cliente <b>fornecedor de alface<\/b>:<\/span><\/p>\n<ul>\n<li><b>Picado Fino:<\/b> Perfeito para hamb\u00fargueres, tacos e refei\u00e7\u00f5es fast food<\/li>\n<li><b>Corte Largo:<\/b> Ideal para saladas e wraps<\/li>\n<li><b>Cabe\u00e7as Inteiras:<\/b> Para uso flex\u00edvel em cozinhas ou mercados tradicionais<\/li>\n<li><b>Folhas Lavadas:<\/b> Prontas para catering e hotelaria<\/li>\n<li><b>Marca Pr\u00f3pria:<\/b> Branding personalizado e embalagens para varejo<\/li>\n<\/ul>\n<h2>Alcance global \u2013 Exportando alface com confian\u00e7a<\/h2>\n<p style=\"font-weight: 400;\">Como <b>exportadores de alface<\/b> dedicados, a PEI Trade fornece formatos de alface picada e inteira para clientes em:<\/p>\n<ul>\n<li>Europa \u2013 incluindo Alemanha, Reino Unido, Espanha e Pa\u00edses Baixos<\/li>\n<li>Oriente M\u00e9dio \u2013 Emirados \u00c1rabes Unidos, Ar\u00e1bia Saudita e Catar<\/li>\n<li>\u00c1frica \u2013 Qu\u00eania, Marrocos, Nig\u00e9ria<\/li>\n<li>\u00c1sia \u2013 \u00cdndia, Mal\u00e1sia, Singapura<\/li>\n<\/ul>\n<p><span style=\"font-weight: 400;\">Adaptamo-nos \u00e0s necessidades do seu mercado \u2014 de cont\u00eaineres completos a remessas a\u00e9reas r\u00e1pidas e menores.<\/span><\/p>\n<h2>Fornecimento o ano todo e flexibilidade sazonal<\/h2>\n<p style=\"font-weight: 400;\">Gra\u00e7as ao clima do Egito e \u00e0 agricultura estrat\u00e9gica, a PEI Trade garante ciclos de produ\u00e7\u00e3o consistentes para <b>fornecedores de alface picada<\/b> e compradores. Fornecemos alface cortada fresca mesmo fora de temporada, quando outros mercados n\u00e3o podem.<\/p>\n<h3>Op\u00e7\u00f5es de embalagem<\/h3>\n<ul>\n<li>Sacos de 1kg, 2kg e 5kg para HORECA (hot\u00e9is, restaurantes e catering)<\/li>\n<li>Embalagens tipo flow pack para apresenta\u00e7\u00e3o no varejo<\/li>\n<li>Formatos MAP e selados a v\u00e1cuo para preserva\u00e7\u00e3o na exporta\u00e7\u00e3o<\/li>\n<li>Marca pr\u00f3pria e embalagens multil\u00edngues dispon\u00edveis<\/li>\n<\/ul>\n<\/div>\n<section style=\"padding: 50px 20px; background-color: #f0f0f0;\">\n<div class=\"container\">\n<h2>Fa\u00e7a parceria com os principais fornecedores de alface picada \u2013 PEI Trade<\/h2>\n<p>Pronto para importar alface picada fresca com respaldo de experi\u00eancia e confiabilidade? A PEI Trade combina qualidade do campo \u00e0 mesa, conformidade global e uma abordagem voltada ao cliente.<\/p>\n<h2>Solicite um or\u00e7amento ou amostra hoje mesmo<\/h2>\n<p>Conte-nos suas necessidades de alface \u2014 de volume \u00e0 embalagem \u2014 e criaremos a solu\u00e7\u00e3o perfeita de <b>exporta\u00e7\u00e3o de alface<\/b> para o seu neg\u00f3cio.<\/p>\n<p style=\"text-align: center; margin-top: 40px;\"><a class=\"button primary large\" href=\"\/contact\">Solicitar Or\u00e7amento<\/a><\/p>\n<\/div>\n<\/section>\n<section style=\"padding: 50px 20px;\">\n<div class=\"container\">\n<h2>Explore mais produtos frescos do Egito<\/h2>\n<p>&nbsp;<\/p>\n<p>Al\u00e9m de sermos confi\u00e1veis <b>fornecedores de alface picada<\/b>, a PEI Trade tamb\u00e9m exporta uma variedade de produtos frescos e congelados, incluindo cebolas eg\u00edpcias, molokhia, quiabo e ervas. <a href=\"\/about\">Saiba mais sobre nosso portf\u00f3lio agr\u00edcola<\/a>.<\/p>\n<div class=\"wp-block-woocommerce-product-collection\"><div class=\"woocommerce columns-4 \"><ul class=\"products columns-4\" data-products=\"type-2\">\n<li class=\"product type-product post-7370 status-publish first instock product_cat-in-season product_cat-vegetables has-post-thumbnail shipping-taxable product-type-simple\">\n\t<a href=\"https:\/\/peitrade.com\/pt-br\/product\/alho\/\" class=\"woocommerce-LoopProduct-link woocommerce-loop-product__link\"><img decoding=\"async\" width=\"300\" height=\"300\" src=\"https:\/\/peitrade.com\/wp-content\/uploads\/2025\/11\/Egyptian-Garlic-300x300.webp\" class=\"attachment-woocommerce_thumbnail size-woocommerce_thumbnail\" alt=\"Alho\" srcset=\"https:\/\/peitrade.com\/wp-content\/uploads\/2025\/11\/Egyptian-Garlic-300x300.webp 300w, https:\/\/peitrade.com\/wp-content\/uploads\/2025\/11\/Egyptian-Garlic-150x150.webp 150w, https:\/\/peitrade.com\/wp-content\/uploads\/2025\/11\/Egyptian-Garlic-768x768.webp 768w, https:\/\/peitrade.com\/wp-content\/uploads\/2025\/11\/Egyptian-Garlic-600x600.webp 600w, https:\/\/peitrade.com\/wp-content\/uploads\/2025\/11\/Egyptian-Garlic-100x100.webp 100w, https:\/\/peitrade.com\/wp-content\/uploads\/2025\/11\/Egyptian-Garlic.webp 1024w\" sizes=\"(max-width: 300px) 100vw, 300px\" title=\"\"><h2 class=\"woocommerce-loop-product__title\">Alho<\/h2>\n<\/a><a href=\"https:\/\/peitrade.com\/pt-br\/product\/alho\/\" aria-describedby=\"woocommerce_loop_add_to_cart_link_describedby_7370\" data-quantity=\"1\" class=\"button product_type_simple\" data-product_id=\"7370\" data-product_sku=\"70320\" aria-label=\"Leia mais sobre &ldquo;Alho&rdquo;\" rel=\"nofollow\" data-success_message=\"\">Leia mais<\/a>\t<span id=\"woocommerce_loop_add_to_cart_link_describedby_7370\" class=\"screen-reader-text\">\n\t\t\t<\/span>\n<\/li>\n<li class=\"product type-product post-7770 status-publish instock product_cat-in-season product_cat-vegetables has-post-thumbnail shipping-taxable product-type-simple\">\n\t<a href=\"https:\/\/peitrade.com\/pt-br\/product\/batatas-doces\/\" class=\"woocommerce-LoopProduct-link woocommerce-loop-product__link\"><img decoding=\"async\" width=\"300\" height=\"300\" src=\"https:\/\/peitrade.com\/wp-content\/uploads\/2025\/11\/Egyptian-Sweet-Potatoes-300x300.webp\" class=\"attachment-woocommerce_thumbnail size-woocommerce_thumbnail\" alt=\"Egyptian Sweet Potatoes - PEI Trade\" srcset=\"https:\/\/peitrade.com\/wp-content\/uploads\/2025\/11\/Egyptian-Sweet-Potatoes-300x300.webp 300w, https:\/\/peitrade.com\/wp-content\/uploads\/2025\/11\/Egyptian-Sweet-Potatoes-150x150.webp 150w, https:\/\/peitrade.com\/wp-content\/uploads\/2025\/11\/Egyptian-Sweet-Potatoes-768x768.webp 768w, https:\/\/peitrade.com\/wp-content\/uploads\/2025\/11\/Egyptian-Sweet-Potatoes-600x600.webp 600w, https:\/\/peitrade.com\/wp-content\/uploads\/2025\/11\/Egyptian-Sweet-Potatoes-100x100.webp 100w, https:\/\/peitrade.com\/wp-content\/uploads\/2025\/11\/Egyptian-Sweet-Potatoes.webp 1024w\" sizes=\"(max-width: 300px) 100vw, 300px\" title=\"\"><h2 class=\"woocommerce-loop-product__title\">Batatas-doces<\/h2>\n<\/a><a href=\"https:\/\/peitrade.com\/pt-br\/product\/batatas-doces\/\" aria-describedby=\"woocommerce_loop_add_to_cart_link_describedby_7770\" data-quantity=\"1\" class=\"button product_type_simple\" data-product_id=\"7770\" data-product_sku=\"71420\" aria-label=\"Leia mais sobre &ldquo;Batatas-doces&rdquo;\" rel=\"nofollow\" data-success_message=\"\">Leia mais<\/a>\t<span id=\"woocommerce_loop_add_to_cart_link_describedby_7770\" class=\"screen-reader-text\">\n\t\t\t<\/span>\n<\/li>\n<li class=\"product type-product post-7759 status-publish instock product_cat-in-season product_cat-vegetables has-post-thumbnail shipping-taxable product-type-simple\">\n\t<a href=\"https:\/\/peitrade.com\/pt-br\/product\/potatoes\/\" class=\"woocommerce-LoopProduct-link woocommerce-loop-product__link\"><img decoding=\"async\" width=\"300\" height=\"300\" src=\"https:\/\/peitrade.com\/wp-content\/uploads\/2025\/11\/Egyptian-Potatoes-300x300.webp\" class=\"attachment-woocommerce_thumbnail size-woocommerce_thumbnail\" alt=\"Potatoes\" srcset=\"https:\/\/peitrade.com\/wp-content\/uploads\/2025\/11\/Egyptian-Potatoes-300x300.webp 300w, https:\/\/peitrade.com\/wp-content\/uploads\/2025\/11\/Egyptian-Potatoes-150x150.webp 150w, https:\/\/peitrade.com\/wp-content\/uploads\/2025\/11\/Egyptian-Potatoes-768x768.webp 768w, https:\/\/peitrade.com\/wp-content\/uploads\/2025\/11\/Egyptian-Potatoes-600x600.webp 600w, https:\/\/peitrade.com\/wp-content\/uploads\/2025\/11\/Egyptian-Potatoes-100x100.webp 100w, https:\/\/peitrade.com\/wp-content\/uploads\/2025\/11\/Egyptian-Potatoes.webp 1024w\" sizes=\"(max-width: 300px) 100vw, 300px\" title=\"\"><h2 class=\"woocommerce-loop-product__title\">Potatoes<\/h2>\n<\/a><a href=\"https:\/\/peitrade.com\/pt-br\/product\/potatoes\/\" aria-describedby=\"woocommerce_loop_add_to_cart_link_describedby_7759\" data-quantity=\"1\" class=\"button product_type_simple\" data-product_id=\"7759\" data-product_sku=\"70190\" aria-label=\"Leia mais sobre &ldquo;Potatoes&rdquo;\" rel=\"nofollow\" data-success_message=\"\">Leia mais<\/a>\t<span id=\"woocommerce_loop_add_to_cart_link_describedby_7759\" class=\"screen-reader-text\">\n\t\t\t<\/span>\n<\/li>\n<li class=\"product type-product post-7354 status-publish last instock product_cat-vegetables has-post-thumbnail shipping-taxable product-type-simple\">\n\t<a href=\"https:\/\/peitrade.com\/pt-br\/product\/tomates\/\" class=\"woocommerce-LoopProduct-link woocommerce-loop-product__link\"><img decoding=\"async\" width=\"300\" height=\"300\" src=\"https:\/\/peitrade.com\/wp-content\/uploads\/2025\/11\/Egyptian-Tomatoes-300x300.webp\" class=\"attachment-woocommerce_thumbnail size-woocommerce_thumbnail\" alt=\"Tomates\" srcset=\"https:\/\/peitrade.com\/wp-content\/uploads\/2025\/11\/Egyptian-Tomatoes-300x300.webp 300w, https:\/\/peitrade.com\/wp-content\/uploads\/2025\/11\/Egyptian-Tomatoes-150x150.webp 150w, https:\/\/peitrade.com\/wp-content\/uploads\/2025\/11\/Egyptian-Tomatoes-768x768.webp 768w, https:\/\/peitrade.com\/wp-content\/uploads\/2025\/11\/Egyptian-Tomatoes-600x600.webp 600w, https:\/\/peitrade.com\/wp-content\/uploads\/2025\/11\/Egyptian-Tomatoes-100x100.webp 100w, https:\/\/peitrade.com\/wp-content\/uploads\/2025\/11\/Egyptian-Tomatoes.webp 1024w\" sizes=\"(max-width: 300px) 100vw, 300px\" title=\"\"><h2 class=\"woocommerce-loop-product__title\">Tomates<\/h2>\n<\/a><a href=\"https:\/\/peitrade.com\/pt-br\/product\/tomates\/\" aria-describedby=\"woocommerce_loop_add_to_cart_link_describedby_7354\" data-quantity=\"1\" class=\"button product_type_simple\" data-product_id=\"7354\" data-product_sku=\"70200\" aria-label=\"Leia mais sobre &ldquo;Tomates&rdquo;\" rel=\"nofollow\" data-success_message=\"\">Leia mais<\/a>\t<span id=\"woocommerce_loop_add_to_cart_link_describedby_7354\" class=\"screen-reader-text\">\n\t\t\t<\/span>\n<\/li>\n<\/ul>\n<\/div><\/div>\n<\/div>\n<\/section>\n<section style=\"padding: 50px 20px; background-color: #f9f9f9;\">\n<div class=\"container\">\n<h2>Perguntas Frequentes<\/h2>\n<h3>Voc\u00eas oferecem alface picada em cortes personalizados?<\/h3>\n<p>Sim \u2014 ajustamos os tamanhos de corte conforme sua aplica\u00e7\u00e3o, desde tiras finas at\u00e9 fitas largas.<\/p>\n<h3>A alface picada est\u00e1 pronta para uso?<\/h3>\n<p>Com certeza. Ela \u00e9 pr\u00e9-lavada, refrigerada e pronta para uso imediato em cozinhas ou linhas de embalagem.<\/p>\n<h3>Voc\u00eas fornecem alface picada com marca pr\u00f3pria?<\/h3>\n<p>Sim, oferecemos embalagens com marca personalizada e controle de por\u00e7\u00f5es.<\/p>\n<h3>Como voc\u00eas garantem a frescura da alface exportada?<\/h3>\n<p>Usamos resfriamento r\u00e1pido p\u00f3s-colheita, tecnologia MAP e log\u00edstica com temperatura controlada do campo ao porto.<\/p>\n<h3>Para quais pa\u00edses voc\u00eas fornecem alface picada?<\/h3>\n<p>Atendemos a Europa, Oriente M\u00e9dio, \u00c1frica e \u00c1sia \u2014 com solu\u00e7\u00f5es de envio flex\u00edveis para cada regi\u00e3o.<\/p>\n<\/div>\n<\/section>\n","protected":false},"excerpt":{"rendered":"<p>A PEI Trade \u00e9 sua parceira ideal entre os fornecedores de alface picada, oferecendo alface eg\u00edpcia fresca, crocante e pronta para servir, adaptada aos setores de food service e varejo. Seja para cortes finos para hamb\u00fargueres e wraps ou tiras maiores para saladas e bandejas, temos o formato e a frescura que voc\u00ea precisa. Reconhecida [&hellip;]<\/p>\n","protected":false},"author":1,"featured_media":0,"parent":0,"menu_order":0,"comment_status":"closed","ping_status":"closed","template":"","meta":{"footnotes":""},"class_list":["post-6545","page","type-page","status-publish","hentry"],"blocksy_meta":[],"mb":[],"featured_image_urls_v2":{"full":"","thumbnail":"","medium":"","medium_large":"","large":"","1536x1536":"","2048x2048":"","woocommerce_archive_thumbnail":"","woocommerce_thumbnail":"","woocommerce_single":"","woocommerce_gallery_thumbnail":""},"post_excerpt_stackable_v2":"<p>A PEI Trade \u00e9 sua parceira ideal entre os fornecedores de alface picada, oferecendo alface eg\u00edpcia fresca, crocante e pronta para servir, adaptada aos setores de food service e varejo. Seja para cortes finos para hamb\u00fargueres e wraps ou tiras maiores para saladas e bandejas, temos o formato e a frescura que voc\u00ea precisa. Reconhecida globalmente entre os principais fornecedores de alface, nossos produtos s\u00e3o colhidos no auge da qualidade, processados sob rigorosos padr\u00f5es de higiene e enviados com precis\u00e3o para manter a croc\u00e2ncia e a cor. De alface fornecida para restaurantes a embalagens com marca pr\u00f3pria para supermercados, entregamos&hellip;<\/p>\n","category_list_v2":"","author_info_v2":{"name":"Mostafa Sabry","url":"https:\/\/peitrade.com\/pt-br\/author\/emostafaadel_jn8gcqbo\/"},"comments_num_v2":"0 coment\u00e1rio","mfb_rest_fields":["title","blocksy_meta","featured_image_urls_v2","post_excerpt_stackable_v2","category_list_v2","author_info_v2","comments_num_v2"],"_links":{"self":[{"href":"https:\/\/peitrade.com\/pt-br\/wp-json\/wp\/v2\/pages\/6545","targetHints":{"allow":["GET"]}}],"collection":[{"href":"https:\/\/peitrade.com\/pt-br\/wp-json\/wp\/v2\/pages"}],"about":[{"href":"https:\/\/peitrade.com\/pt-br\/wp-json\/wp\/v2\/types\/page"}],"author":[{"embeddable":true,"href":"https:\/\/peitrade.com\/pt-br\/wp-json\/wp\/v2\/users\/1"}],"replies":[{"embeddable":true,"href":"https:\/\/peitrade.com\/pt-br\/wp-json\/wp\/v2\/comments?post=6545"}],"version-history":[{"count":1,"href":"https:\/\/peitrade.com\/pt-br\/wp-json\/wp\/v2\/pages\/6545\/revisions"}],"predecessor-version":[{"id":6546,"href":"https:\/\/peitrade.com\/pt-br\/wp-json\/wp\/v2\/pages\/6545\/revisions\/6546"}],"wp:attachment":[{"href":"https:\/\/peitrade.com\/pt-br\/wp-json\/wp\/v2\/media?parent=6545"}],"curies":[{"name":"wp","href":"https:\/\/api.w.org\/{rel}","templated":true}]}}