{"id":6565,"date":"2025-06-30T08:24:43","date_gmt":"2025-06-30T08:24:43","guid":{"rendered":"http:\/\/46.224.74.15\/exportadores-de-alface-de-qualidade-premium\/"},"modified":"2025-11-19T16:58:48","modified_gmt":"2025-11-19T16:58:48","slug":"exportadores-de-alface-de-qualidade-premium","status":"publish","type":"page","link":"https:\/\/peitrade.com\/pt-br\/exportadores-de-alface-de-qualidade-premium\/","title":{"rendered":"Exportadores de Alface \u2013 Produtos Eg\u00edpcios Frescos e de Qualidade Premium"},"content":{"rendered":"<section style=\"padding: 60px 20px; background-color: #f9f9f9;\">\n<div class=\"container\">\n<p>Procurando por <b>exportadores de alface<\/b> confi\u00e1veis que ofere\u00e7am qualidade consistente, frescor e suporte log\u00edstico global? A PEI Trade se destaca como uma das principais <b>fornecedoras de alface<\/b> do Egito, oferecendo uma ampla variedade de alfaces prontas para exporta\u00e7\u00e3o para os setores de varejo, food service e atacado.<\/p>\n<p>Como uma marca confi\u00e1vel de <b>fornecedor de alface<\/b>, somos especializados em alfaces vibrantes e crocantes, cultivadas sob condi\u00e7\u00f5es agr\u00edcolas ideais. Esteja voc\u00ea buscando <b>alface fatiada<\/b> para redes de fast food ou cabe\u00e7as inteiras para supermercados, nossa equipe de exporta\u00e7\u00e3o garante total rastreabilidade, embalagens personalizadas e entrega pontual.<\/p>\n<\/div>\n<\/section>\n<div class=\"wp-block-woocommerce-product-collection\"><div class=\"woocommerce columns-4 \"><ul class=\"products columns-4\" data-products=\"type-2\">\n<li class=\"product type-product post-7475 status-publish first instock product_cat-in-season product_cat-vegetables has-post-thumbnail shipping-taxable product-type-simple\">\n\t<a href=\"https:\/\/peitrade.com\/pt-br\/product\/cebola\/\" class=\"woocommerce-LoopProduct-link woocommerce-loop-product__link\"><img decoding=\"async\" width=\"300\" height=\"300\" src=\"https:\/\/peitrade.com\/wp-content\/uploads\/2025\/11\/Egyption-Onion-300x300.webp\" class=\"attachment-woocommerce_thumbnail size-woocommerce_thumbnail\" alt=\"Egyption Onion - PEI Trade\" srcset=\"https:\/\/peitrade.com\/wp-content\/uploads\/2025\/11\/Egyption-Onion-300x300.webp 300w, https:\/\/peitrade.com\/wp-content\/uploads\/2025\/11\/Egyption-Onion-150x150.webp 150w, https:\/\/peitrade.com\/wp-content\/uploads\/2025\/11\/Egyption-Onion-768x768.webp 768w, https:\/\/peitrade.com\/wp-content\/uploads\/2025\/11\/Egyption-Onion-600x600.webp 600w, https:\/\/peitrade.com\/wp-content\/uploads\/2025\/11\/Egyption-Onion-100x100.webp 100w, https:\/\/peitrade.com\/wp-content\/uploads\/2025\/11\/Egyption-Onion.webp 1024w\" sizes=\"(max-width: 300px) 100vw, 300px\" title=\"\"><h2 class=\"woocommerce-loop-product__title\">Cebola<\/h2>\n<\/a><a href=\"https:\/\/peitrade.com\/pt-br\/product\/cebola\/\" aria-describedby=\"woocommerce_loop_add_to_cart_link_describedby_7475\" data-quantity=\"1\" class=\"button product_type_simple\" data-product_id=\"7475\" data-product_sku=\"70310\" aria-label=\"Leia mais sobre &ldquo;Cebola&rdquo;\" rel=\"nofollow\" data-success_message=\"\">Leia mais<\/a>\t<span id=\"woocommerce_loop_add_to_cart_link_describedby_7475\" class=\"screen-reader-text\">\n\t\t\t<\/span>\n<\/li>\n<li class=\"product type-product post-7710 status-publish instock product_cat-in-season product_cat-legumes has-post-thumbnail shipping-taxable product-type-simple\">\n\t<a href=\"https:\/\/peitrade.com\/pt-br\/product\/feijao-branco-seco\/\" class=\"woocommerce-LoopProduct-link woocommerce-loop-product__link\"><img decoding=\"async\" width=\"300\" height=\"300\" src=\"https:\/\/peitrade.com\/wp-content\/uploads\/2025\/11\/Egyptian-White-Beans-300x300.webp\" class=\"attachment-woocommerce_thumbnail size-woocommerce_thumbnail\" alt=\"Feij\u00e3o branco seco\" srcset=\"https:\/\/peitrade.com\/wp-content\/uploads\/2025\/11\/Egyptian-White-Beans-300x300.webp 300w, https:\/\/peitrade.com\/wp-content\/uploads\/2025\/11\/Egyptian-White-Beans-150x150.webp 150w, https:\/\/peitrade.com\/wp-content\/uploads\/2025\/11\/Egyptian-White-Beans-768x768.webp 768w, https:\/\/peitrade.com\/wp-content\/uploads\/2025\/11\/Egyptian-White-Beans-600x600.webp 600w, https:\/\/peitrade.com\/wp-content\/uploads\/2025\/11\/Egyptian-White-Beans-100x100.webp 100w, https:\/\/peitrade.com\/wp-content\/uploads\/2025\/11\/Egyptian-White-Beans.webp 1024w\" sizes=\"(max-width: 300px) 100vw, 300px\" title=\"\"><h2 class=\"woocommerce-loop-product__title\">Feij\u00e3o branco seco<\/h2>\n<\/a><a href=\"https:\/\/peitrade.com\/pt-br\/product\/feijao-branco-seco\/\" aria-describedby=\"woocommerce_loop_add_to_cart_link_describedby_7710\" data-quantity=\"1\" class=\"button product_type_simple\" data-product_id=\"7710\" data-product_sku=\"70820\" aria-label=\"Leia mais sobre &ldquo;Feij\u00e3o branco seco&rdquo;\" rel=\"nofollow\" data-success_message=\"\">Leia mais<\/a>\t<span id=\"woocommerce_loop_add_to_cart_link_describedby_7710\" class=\"screen-reader-text\">\n\t\t\t<\/span>\n<\/li>\n<li class=\"product type-product post-7526 status-publish instock product_cat-in-season product_cat-vegetables has-post-thumbnail shipping-taxable product-type-simple\">\n\t<a href=\"https:\/\/peitrade.com\/pt-br\/product\/vagem-feijao-verde\/\" class=\"woocommerce-LoopProduct-link woocommerce-loop-product__link\"><img decoding=\"async\" width=\"300\" height=\"300\" src=\"https:\/\/peitrade.com\/wp-content\/uploads\/2025\/11\/Egyptian-Green-Beans-300x300.webp\" class=\"attachment-woocommerce_thumbnail size-woocommerce_thumbnail\" alt=\"feij\u00e3o-verde\" srcset=\"https:\/\/peitrade.com\/wp-content\/uploads\/2025\/11\/Egyptian-Green-Beans-300x300.webp 300w, https:\/\/peitrade.com\/wp-content\/uploads\/2025\/11\/Egyptian-Green-Beans-150x150.webp 150w, https:\/\/peitrade.com\/wp-content\/uploads\/2025\/11\/Egyptian-Green-Beans-768x768.webp 768w, https:\/\/peitrade.com\/wp-content\/uploads\/2025\/11\/Egyptian-Green-Beans-600x600.webp 600w, https:\/\/peitrade.com\/wp-content\/uploads\/2025\/11\/Egyptian-Green-Beans-100x100.webp 100w, https:\/\/peitrade.com\/wp-content\/uploads\/2025\/11\/Egyptian-Green-Beans.webp 1024w\" sizes=\"(max-width: 300px) 100vw, 300px\" title=\"\"><h2 class=\"woocommerce-loop-product__title\">feij\u00e3o-verde<\/h2>\n<\/a><a href=\"https:\/\/peitrade.com\/pt-br\/product\/vagem-feijao-verde\/\" aria-describedby=\"woocommerce_loop_add_to_cart_link_describedby_7526\" data-quantity=\"1\" class=\"button product_type_simple\" data-product_id=\"7526\" data-product_sku=\"70821\" aria-label=\"Leia mais sobre &ldquo;feij\u00e3o-verde&rdquo;\" rel=\"nofollow\" data-success_message=\"\">Leia mais<\/a>\t<span id=\"woocommerce_loop_add_to_cart_link_describedby_7526\" class=\"screen-reader-text\">\n\t\t\t<\/span>\n<\/li>\n<li class=\"product type-product post-7759 status-publish last instock product_cat-in-season product_cat-vegetables has-post-thumbnail shipping-taxable product-type-simple\">\n\t<a href=\"https:\/\/peitrade.com\/pt-br\/product\/potatoes\/\" class=\"woocommerce-LoopProduct-link woocommerce-loop-product__link\"><img decoding=\"async\" width=\"300\" height=\"300\" src=\"https:\/\/peitrade.com\/wp-content\/uploads\/2025\/11\/Egyptian-Potatoes-300x300.webp\" class=\"attachment-woocommerce_thumbnail size-woocommerce_thumbnail\" alt=\"Potatoes\" srcset=\"https:\/\/peitrade.com\/wp-content\/uploads\/2025\/11\/Egyptian-Potatoes-300x300.webp 300w, https:\/\/peitrade.com\/wp-content\/uploads\/2025\/11\/Egyptian-Potatoes-150x150.webp 150w, https:\/\/peitrade.com\/wp-content\/uploads\/2025\/11\/Egyptian-Potatoes-768x768.webp 768w, https:\/\/peitrade.com\/wp-content\/uploads\/2025\/11\/Egyptian-Potatoes-600x600.webp 600w, https:\/\/peitrade.com\/wp-content\/uploads\/2025\/11\/Egyptian-Potatoes-100x100.webp 100w, https:\/\/peitrade.com\/wp-content\/uploads\/2025\/11\/Egyptian-Potatoes.webp 1024w\" sizes=\"(max-width: 300px) 100vw, 300px\" title=\"\"><h2 class=\"woocommerce-loop-product__title\">Potatoes<\/h2>\n<\/a><a href=\"https:\/\/peitrade.com\/pt-br\/product\/potatoes\/\" aria-describedby=\"woocommerce_loop_add_to_cart_link_describedby_7759\" data-quantity=\"1\" class=\"button product_type_simple\" data-product_id=\"7759\" data-product_sku=\"70190\" aria-label=\"Leia mais sobre &ldquo;Potatoes&rdquo;\" rel=\"nofollow\" data-success_message=\"\">Leia mais<\/a>\t<span id=\"woocommerce_loop_add_to_cart_link_describedby_7759\" class=\"screen-reader-text\">\n\t\t\t<\/span>\n<\/li>\n<\/ul>\n<\/div><\/div>\n<div class=\"container\">\n<h2>Por que escolher a PEI Trade como sua parceira na exporta\u00e7\u00e3o de alface?<\/h2>\n<p><span style=\"font-weight: 400;\">Nossa posi\u00e7\u00e3o entre os principais <b>exportadores de alface<\/b> do Egito \u00e9 respaldada por:<\/span><\/p>\n<ul>\n<li style=\"font-weight: 400;\">Fornecimento consistente de alface fresca, pr\u00e9-lavada e refrigerada<\/li>\n<li style=\"font-weight: 400;\">Grande variedade de formatos, incluindo <b>alface fatiada<\/b>, cabe\u00e7as inteiras e folhas soltas<\/li>\n<li style=\"font-weight: 400;\">R\u00f3tulos personalizados e embalagens multil\u00edngues para mercados diversos<\/li>\n<li style=\"font-weight: 400;\">Log\u00edstica de cadeia fria e envios para mais de 25 destinos internacionais<\/li>\n<li style=\"font-weight: 400;\">Certifica\u00e7\u00f5es de higiene, rastreabilidade e documenta\u00e7\u00e3o de exporta\u00e7\u00e3o<\/li>\n<\/ul>\n<p><span style=\"font-weight: 400;\">Nosso compromisso \u00e9 tornar sua experi\u00eancia com nossa equipe de <b>fornecedores de alface<\/b> eficiente e escal\u00e1vel, independentemente do tamanho do pedido.<\/span><\/p>\n<h2>Nosso Processo de Exporta\u00e7\u00e3o de Alface \u2013 Do Campo Eg\u00edpcio \u00e0 Mesa Global<\/h2>\n<p><span style=\"font-weight: 400;\">O processo otimizado de exporta\u00e7\u00e3o da PEI Trade garante que sua <b>alface para exporta\u00e7\u00e3o<\/b> chegue sempre crocante, limpa e em conformidade:<\/span><\/p>\n<ul>\n<li style=\"font-weight: 400;\">Colhida diariamente de fazendas eg\u00edpcias ricas em nutrientes<\/li>\n<li style=\"font-weight: 400;\">Processada conforme protocolos de seguran\u00e7a alimentar em instala\u00e7\u00f5es certificadas<\/li>\n<li style=\"font-weight: 400;\">Embalada com atmosfera modificada (MAP) para preservar o frescor<\/li>\n<li style=\"font-weight: 400;\">Transporte mar\u00edtimo ou a\u00e9reo refrigerado com cadeia de frio garantida<\/li>\n<li style=\"font-weight: 400;\">Documenta\u00e7\u00e3o pronta para exporta\u00e7\u00e3o com certifica\u00e7\u00e3o fitossanit\u00e1ria<\/li>\n<\/ul>\n<h2>Formatos Dispon\u00edveis \u2013 De Alface Fatiada a Cabe\u00e7as Inteiras<\/h2>\n<p><span style=\"font-weight: 400;\">Como um dos mais confi\u00e1veis <b>fornecedores de alface fatiada<\/b>, oferecemos:<\/span><\/p>\n<ul>\n<li><b>Alface Fatiada:<\/b> Ideal para hamb\u00fargueres, tacos, sandu\u00edches e kits de refei\u00e7\u00e3o<\/li>\n<li><b>Tiras Largas:<\/b> Perfeitas para saladas e buffets<\/li>\n<li><b>Cabe\u00e7as Inteiras:<\/b> Variedades Iceberg, Romana e Manteiga<\/li>\n<li><b>Folhas Lavadas Soltas:<\/b> Prontas para HORECA e processadores<\/li>\n<li><b>Embalagens Personalizadas:<\/b> Packs sob medida com marca pr\u00f3pria<\/li>\n<\/ul>\n<h2>Rede Global de Distribui\u00e7\u00e3o<\/h2>\n<p style=\"font-weight: 400;\">Como um <b>fornecedor de alface<\/b> certificado, atendemos aos seguintes mercados:<\/p>\n<ul>\n<li>Europa \u2013 Alemanha, Pa\u00edses Baixos, Reino Unido, Espanha<\/li>\n<li>Oriente M\u00e9dio \u2013 Ar\u00e1bia Saudita, Emirados \u00c1rabes Unidos, Catar<\/li>\n<li>\u00c1frica \u2013 Qu\u00eania, Marrocos, \u00c1frica do Sul<\/li>\n<li>\u00c1sia \u2013 \u00cdndia, Singapura, Mal\u00e1sia<\/li>\n<\/ul>\n<p><span style=\"font-weight: 400;\">Seja um palete ou carga completa de cont\u00eainer, a PEI Trade entrega com precis\u00e3o e agilidade.<\/span><\/p>\n<h2>Disponibilidade Durante Todo o Ano com Qualidade Consistente<\/h2>\n<p style=\"font-weight: 400;\">Gra\u00e7as ao clima ensolarado do Egito e sistemas de irriga\u00e7\u00e3o avan\u00e7ados, nossa colheita de alface ocorre quase o ano todo. Como um dos <b>fornecedores de alface<\/b> mais consistentes globalmente, cobrimos lacunas sazonais com qualidade e frescor cont\u00ednuos.<\/p>\n<h3>Op\u00e7\u00f5es de Embalagem e Exporta\u00e7\u00e3o<\/h3>\n<ul>\n<li>Pacotes de varejo: Com marca pr\u00f3pria e prontos para prateleiras<\/li>\n<li>Op\u00e7\u00f5es a granel: Sacos de 1kg, 2kg e 5kg para fornecimento HORECA<\/li>\n<li>Embalagens MAP e a v\u00e1cuo para prolongar a vida \u00fatil<\/li>\n<li>Formatos com marca privada e linguagem localizada<\/li>\n<\/ul>\n<\/div>\n<section style=\"padding: 50px 20px; background-color: #f0f0f0;\">\n<div class=\"container\">\n<h2>Parceria com um dos Principais Exportadores de Alface do Egito<\/h2>\n<p>Se voc\u00ea est\u00e1 buscando <b>alface para exporta\u00e7\u00e3o<\/b> para supermercados, redes de food service ou processamento, a PEI Trade oferece solu\u00e7\u00f5es completas com a experi\u00eancia de <b>exportadores de alface<\/b> e <b>fornecedores de alface fatiada<\/b> estabelecidos.<\/p>\n<p>Nos orgulhamos de nossa confiabilidade, pre\u00e7os competitivos e transpar\u00eancia do campo ao porto.<\/p>\n<h2>Solicite Amostra ou Cota\u00e7\u00e3o<\/h2>\n<p>Nossa equipe de exporta\u00e7\u00e3o est\u00e1 pronta para personalizar solu\u00e7\u00f5es para sua regi\u00e3o. Entre em contato para obter pre\u00e7os, op\u00e7\u00f5es de embalagem e especifica\u00e7\u00f5es t\u00e9cnicas.<\/p>\n<p style=\"text-align: center; margin-top: 40px;\"><a class=\"button primary large\" href=\"\/contact\">Solicitar Cota\u00e7\u00e3o<\/a><\/p>\n<\/div>\n<\/section>\n<section style=\"padding: 50px 20px;\">\n<div class=\"container\">\n<h2>Explore Mais Produtos Agr\u00edcolas da PEI Trade<\/h2>\n<p>&nbsp;<\/p>\n<p>Al\u00e9m de ser um dos principais <b>exportadores de alface<\/b>, a PEI Trade tamb\u00e9m exporta cebolas premium, molokhia, quiabo e ervas arom\u00e1ticas. <a href=\"\/about\">Saiba mais sobre nossa linha agr\u00edcola<\/a>.<\/p>\n<div class=\"wp-block-woocommerce-product-collection\"><div class=\"woocommerce columns-4 \"><ul class=\"products columns-4\" data-products=\"type-2\">\n<li class=\"product type-product post-7370 status-publish first instock product_cat-in-season product_cat-vegetables has-post-thumbnail shipping-taxable product-type-simple\">\n\t<a href=\"https:\/\/peitrade.com\/pt-br\/product\/alho\/\" class=\"woocommerce-LoopProduct-link woocommerce-loop-product__link\"><img decoding=\"async\" width=\"300\" height=\"300\" src=\"https:\/\/peitrade.com\/wp-content\/uploads\/2025\/11\/Egyptian-Garlic-300x300.webp\" class=\"attachment-woocommerce_thumbnail size-woocommerce_thumbnail\" alt=\"Alho\" srcset=\"https:\/\/peitrade.com\/wp-content\/uploads\/2025\/11\/Egyptian-Garlic-300x300.webp 300w, https:\/\/peitrade.com\/wp-content\/uploads\/2025\/11\/Egyptian-Garlic-150x150.webp 150w, https:\/\/peitrade.com\/wp-content\/uploads\/2025\/11\/Egyptian-Garlic-768x768.webp 768w, https:\/\/peitrade.com\/wp-content\/uploads\/2025\/11\/Egyptian-Garlic-600x600.webp 600w, https:\/\/peitrade.com\/wp-content\/uploads\/2025\/11\/Egyptian-Garlic-100x100.webp 100w, https:\/\/peitrade.com\/wp-content\/uploads\/2025\/11\/Egyptian-Garlic.webp 1024w\" sizes=\"(max-width: 300px) 100vw, 300px\" title=\"\"><h2 class=\"woocommerce-loop-product__title\">Alho<\/h2>\n<\/a><a href=\"https:\/\/peitrade.com\/pt-br\/product\/alho\/\" aria-describedby=\"woocommerce_loop_add_to_cart_link_describedby_7370\" data-quantity=\"1\" class=\"button product_type_simple\" data-product_id=\"7370\" data-product_sku=\"70320\" aria-label=\"Leia mais sobre &ldquo;Alho&rdquo;\" rel=\"nofollow\" data-success_message=\"\">Leia mais<\/a>\t<span id=\"woocommerce_loop_add_to_cart_link_describedby_7370\" class=\"screen-reader-text\">\n\t\t\t<\/span>\n<\/li>\n<li class=\"product type-product post-7770 status-publish instock product_cat-in-season product_cat-vegetables has-post-thumbnail shipping-taxable product-type-simple\">\n\t<a href=\"https:\/\/peitrade.com\/pt-br\/product\/batatas-doces\/\" class=\"woocommerce-LoopProduct-link woocommerce-loop-product__link\"><img decoding=\"async\" width=\"300\" height=\"300\" src=\"https:\/\/peitrade.com\/wp-content\/uploads\/2025\/11\/Egyptian-Sweet-Potatoes-300x300.webp\" class=\"attachment-woocommerce_thumbnail size-woocommerce_thumbnail\" alt=\"Egyptian Sweet Potatoes - PEI Trade\" srcset=\"https:\/\/peitrade.com\/wp-content\/uploads\/2025\/11\/Egyptian-Sweet-Potatoes-300x300.webp 300w, https:\/\/peitrade.com\/wp-content\/uploads\/2025\/11\/Egyptian-Sweet-Potatoes-150x150.webp 150w, https:\/\/peitrade.com\/wp-content\/uploads\/2025\/11\/Egyptian-Sweet-Potatoes-768x768.webp 768w, https:\/\/peitrade.com\/wp-content\/uploads\/2025\/11\/Egyptian-Sweet-Potatoes-600x600.webp 600w, https:\/\/peitrade.com\/wp-content\/uploads\/2025\/11\/Egyptian-Sweet-Potatoes-100x100.webp 100w, https:\/\/peitrade.com\/wp-content\/uploads\/2025\/11\/Egyptian-Sweet-Potatoes.webp 1024w\" sizes=\"(max-width: 300px) 100vw, 300px\" title=\"\"><h2 class=\"woocommerce-loop-product__title\">Batatas-doces<\/h2>\n<\/a><a href=\"https:\/\/peitrade.com\/pt-br\/product\/batatas-doces\/\" aria-describedby=\"woocommerce_loop_add_to_cart_link_describedby_7770\" data-quantity=\"1\" class=\"button product_type_simple\" data-product_id=\"7770\" data-product_sku=\"71420\" aria-label=\"Leia mais sobre &ldquo;Batatas-doces&rdquo;\" rel=\"nofollow\" data-success_message=\"\">Leia mais<\/a>\t<span id=\"woocommerce_loop_add_to_cart_link_describedby_7770\" class=\"screen-reader-text\">\n\t\t\t<\/span>\n<\/li>\n<li class=\"product type-product post-7759 status-publish instock product_cat-in-season product_cat-vegetables has-post-thumbnail shipping-taxable product-type-simple\">\n\t<a href=\"https:\/\/peitrade.com\/pt-br\/product\/potatoes\/\" class=\"woocommerce-LoopProduct-link woocommerce-loop-product__link\"><img decoding=\"async\" width=\"300\" height=\"300\" src=\"https:\/\/peitrade.com\/wp-content\/uploads\/2025\/11\/Egyptian-Potatoes-300x300.webp\" class=\"attachment-woocommerce_thumbnail size-woocommerce_thumbnail\" alt=\"Potatoes\" srcset=\"https:\/\/peitrade.com\/wp-content\/uploads\/2025\/11\/Egyptian-Potatoes-300x300.webp 300w, https:\/\/peitrade.com\/wp-content\/uploads\/2025\/11\/Egyptian-Potatoes-150x150.webp 150w, https:\/\/peitrade.com\/wp-content\/uploads\/2025\/11\/Egyptian-Potatoes-768x768.webp 768w, https:\/\/peitrade.com\/wp-content\/uploads\/2025\/11\/Egyptian-Potatoes-600x600.webp 600w, https:\/\/peitrade.com\/wp-content\/uploads\/2025\/11\/Egyptian-Potatoes-100x100.webp 100w, https:\/\/peitrade.com\/wp-content\/uploads\/2025\/11\/Egyptian-Potatoes.webp 1024w\" sizes=\"(max-width: 300px) 100vw, 300px\" title=\"\"><h2 class=\"woocommerce-loop-product__title\">Potatoes<\/h2>\n<\/a><a href=\"https:\/\/peitrade.com\/pt-br\/product\/potatoes\/\" aria-describedby=\"woocommerce_loop_add_to_cart_link_describedby_7759\" data-quantity=\"1\" class=\"button product_type_simple\" data-product_id=\"7759\" data-product_sku=\"70190\" aria-label=\"Leia mais sobre &ldquo;Potatoes&rdquo;\" rel=\"nofollow\" data-success_message=\"\">Leia mais<\/a>\t<span id=\"woocommerce_loop_add_to_cart_link_describedby_7759\" class=\"screen-reader-text\">\n\t\t\t<\/span>\n<\/li>\n<li class=\"product type-product post-7354 status-publish last instock product_cat-vegetables has-post-thumbnail shipping-taxable product-type-simple\">\n\t<a href=\"https:\/\/peitrade.com\/pt-br\/product\/tomates\/\" class=\"woocommerce-LoopProduct-link woocommerce-loop-product__link\"><img decoding=\"async\" width=\"300\" height=\"300\" src=\"https:\/\/peitrade.com\/wp-content\/uploads\/2025\/11\/Egyptian-Tomatoes-300x300.webp\" class=\"attachment-woocommerce_thumbnail size-woocommerce_thumbnail\" alt=\"Tomates\" srcset=\"https:\/\/peitrade.com\/wp-content\/uploads\/2025\/11\/Egyptian-Tomatoes-300x300.webp 300w, https:\/\/peitrade.com\/wp-content\/uploads\/2025\/11\/Egyptian-Tomatoes-150x150.webp 150w, https:\/\/peitrade.com\/wp-content\/uploads\/2025\/11\/Egyptian-Tomatoes-768x768.webp 768w, https:\/\/peitrade.com\/wp-content\/uploads\/2025\/11\/Egyptian-Tomatoes-600x600.webp 600w, https:\/\/peitrade.com\/wp-content\/uploads\/2025\/11\/Egyptian-Tomatoes-100x100.webp 100w, https:\/\/peitrade.com\/wp-content\/uploads\/2025\/11\/Egyptian-Tomatoes.webp 1024w\" sizes=\"(max-width: 300px) 100vw, 300px\" title=\"\"><h2 class=\"woocommerce-loop-product__title\">Tomates<\/h2>\n<\/a><a href=\"https:\/\/peitrade.com\/pt-br\/product\/tomates\/\" aria-describedby=\"woocommerce_loop_add_to_cart_link_describedby_7354\" data-quantity=\"1\" class=\"button product_type_simple\" data-product_id=\"7354\" data-product_sku=\"70200\" aria-label=\"Leia mais sobre &ldquo;Tomates&rdquo;\" rel=\"nofollow\" data-success_message=\"\">Leia mais<\/a>\t<span id=\"woocommerce_loop_add_to_cart_link_describedby_7354\" class=\"screen-reader-text\">\n\t\t\t<\/span>\n<\/li>\n<\/ul>\n<\/div><\/div>\n<\/div>\n<\/section>\n<section style=\"padding: 50px 20px; background-color: #f9f9f9;\">\n<div class=\"container\">\n<h2>Perguntas Frequentes<\/h2>\n<h3>Quais tipos de alface voc\u00eas exportam?<\/h3>\n<p>Exportamos Iceberg, Romana, Manteiga e formatos fatiados, personalizados para varejo e food service.<\/p>\n<h3>Voc\u00eas oferecem marca pr\u00f3pria e personaliza\u00e7\u00e3o?<\/h3>\n<p>Sim. Fornecemos embalagens com r\u00f3tulos personalizados para atender \u00e0 sua marca e idioma local.<\/p>\n<h3>Como garantem a frescura da alface na exporta\u00e7\u00e3o?<\/h3>\n<p>Nossa log\u00edstica de cadeia fria e embalagens MAP mant\u00eam as condi\u00e7\u00f5es ideais do campo at\u00e9 o destino.<\/p>\n<h3>Voc\u00eas exportam para o mundo todo?<\/h3>\n<p>Sim. Atualmente exportamos para mais de 25 pa\u00edses na Europa, Oriente M\u00e9dio, \u00c1sia e \u00c1frica.<\/p>\n<h3>Voc\u00eas oferecem fornecimento sazonal ou o ano inteiro?<\/h3>\n<p>Com certeza. Gra\u00e7as ao clima eg\u00edpcio, oferecemos envios est\u00e1veis o ano todo de <b>alface para exporta\u00e7\u00e3o<\/b> de alta qualidade.<\/p>\n<\/div>\n<\/section>\n","protected":false},"excerpt":{"rendered":"<p>Procurando por exportadores de alface confi\u00e1veis que ofere\u00e7am qualidade consistente, frescor e suporte log\u00edstico global? A PEI Trade se destaca como uma das principais fornecedoras de alface do Egito, oferecendo uma ampla variedade de alfaces prontas para exporta\u00e7\u00e3o para os setores de varejo, food service e atacado. Como uma marca confi\u00e1vel de fornecedor de alface, [&hellip;]<\/p>\n","protected":false},"author":1,"featured_media":0,"parent":0,"menu_order":0,"comment_status":"closed","ping_status":"closed","template":"","meta":{"footnotes":""},"class_list":["post-6565","page","type-page","status-publish","hentry"],"blocksy_meta":[],"mb":[],"featured_image_urls_v2":{"full":"","thumbnail":"","medium":"","medium_large":"","large":"","1536x1536":"","2048x2048":"","woocommerce_archive_thumbnail":"","woocommerce_thumbnail":"","woocommerce_single":"","woocommerce_gallery_thumbnail":""},"post_excerpt_stackable_v2":"<p>Procurando por exportadores de alface confi\u00e1veis que ofere\u00e7am qualidade consistente, frescor e suporte log\u00edstico global? A PEI Trade se destaca como uma das principais fornecedoras de alface do Egito, oferecendo uma ampla variedade de alfaces prontas para exporta\u00e7\u00e3o para os setores de varejo, food service e atacado. Como uma marca confi\u00e1vel de fornecedor de alface, somos especializados em alfaces vibrantes e crocantes, cultivadas sob condi\u00e7\u00f5es agr\u00edcolas ideais. Esteja voc\u00ea buscando alface fatiada para redes de fast food ou cabe\u00e7as inteiras para supermercados, nossa equipe de exporta\u00e7\u00e3o garante total rastreabilidade, embalagens personalizadas e entrega pontual. Cebola Leia mais Feij\u00e3o branco seco&hellip;<\/p>\n","category_list_v2":"","author_info_v2":{"name":"Mostafa Sabry","url":"https:\/\/peitrade.com\/pt-br\/author\/emostafaadel_jn8gcqbo\/"},"comments_num_v2":"0 coment\u00e1rio","mfb_rest_fields":["title","blocksy_meta","featured_image_urls_v2","post_excerpt_stackable_v2","category_list_v2","author_info_v2","comments_num_v2"],"_links":{"self":[{"href":"https:\/\/peitrade.com\/pt-br\/wp-json\/wp\/v2\/pages\/6565","targetHints":{"allow":["GET"]}}],"collection":[{"href":"https:\/\/peitrade.com\/pt-br\/wp-json\/wp\/v2\/pages"}],"about":[{"href":"https:\/\/peitrade.com\/pt-br\/wp-json\/wp\/v2\/types\/page"}],"author":[{"embeddable":true,"href":"https:\/\/peitrade.com\/pt-br\/wp-json\/wp\/v2\/users\/1"}],"replies":[{"embeddable":true,"href":"https:\/\/peitrade.com\/pt-br\/wp-json\/wp\/v2\/comments?post=6565"}],"version-history":[{"count":1,"href":"https:\/\/peitrade.com\/pt-br\/wp-json\/wp\/v2\/pages\/6565\/revisions"}],"predecessor-version":[{"id":6566,"href":"https:\/\/peitrade.com\/pt-br\/wp-json\/wp\/v2\/pages\/6565\/revisions\/6566"}],"wp:attachment":[{"href":"https:\/\/peitrade.com\/pt-br\/wp-json\/wp\/v2\/media?parent=6565"}],"curies":[{"name":"wp","href":"https:\/\/api.w.org\/{rel}","templated":true}]}}