{"id":6575,"date":"2025-06-30T09:27:46","date_gmt":"2025-06-30T09:27:46","guid":{"rendered":"http:\/\/46.224.74.15\/alface-para-exportacao-do-egito\/"},"modified":"2025-11-19T16:58:52","modified_gmt":"2025-11-19T16:58:52","slug":"alface-para-exportacao-do-egito","status":"publish","type":"page","link":"https:\/\/peitrade.com\/pt-br\/alface-para-exportacao-do-egito\/","title":{"rendered":"Alface para exporta\u00e7\u00e3o do Egito \u2013 Fresca, limpa e pronta para o mercado global"},"content":{"rendered":"<section style=\"padding: 60px 20px; background-color: #f9f9f9;\">\n<div class=\"container\">\n<p>Procurando adquirir <b>alface para exporta\u00e7\u00e3o<\/b> com frescor incompar\u00e1vel e manuseio profissional? A PEI Trade \u00e9 uma das <b>exportadoras de alface<\/b> mais experientes do Egito, fornecendo produtos de alta qualidade para compradores globais dos setores varejista, food service e atacado.<\/p>\n<p>Como consolidados <b>fornecedores de alface<\/b>, cultivamos nossas folhas em solos eg\u00edpcios ricos em nutrientes, sob condi\u00e7\u00f5es clim\u00e1ticas ideais, garantindo textura crocante, cor vibrante e longa vida \u00fatil. Seja voc\u00ea um comprador buscando <b>fornecedores de alface fatiada<\/b> para redes de fast-food ou alfaces inteiras para supermercados, entregamos excel\u00eancia do campo ao porto com total rastreabilidade.<\/p>\n<\/div>\n<\/section>\n<div class=\"wp-block-woocommerce-product-collection\"><div class=\"woocommerce columns-4 \"><ul class=\"products columns-4\" data-products=\"type-2\">\n<li class=\"product type-product post-7475 status-publish first instock product_cat-in-season product_cat-vegetables has-post-thumbnail shipping-taxable product-type-simple\">\n\t<a href=\"https:\/\/peitrade.com\/pt-br\/product\/cebola\/\" class=\"woocommerce-LoopProduct-link woocommerce-loop-product__link\"><img decoding=\"async\" width=\"300\" height=\"300\" src=\"https:\/\/peitrade.com\/wp-content\/uploads\/2025\/11\/Egyption-Onion-300x300.webp\" class=\"attachment-woocommerce_thumbnail size-woocommerce_thumbnail\" alt=\"Egyption Onion - PEI Trade\" srcset=\"https:\/\/peitrade.com\/wp-content\/uploads\/2025\/11\/Egyption-Onion-300x300.webp 300w, https:\/\/peitrade.com\/wp-content\/uploads\/2025\/11\/Egyption-Onion-150x150.webp 150w, https:\/\/peitrade.com\/wp-content\/uploads\/2025\/11\/Egyption-Onion-768x768.webp 768w, https:\/\/peitrade.com\/wp-content\/uploads\/2025\/11\/Egyption-Onion-600x600.webp 600w, https:\/\/peitrade.com\/wp-content\/uploads\/2025\/11\/Egyption-Onion-100x100.webp 100w, https:\/\/peitrade.com\/wp-content\/uploads\/2025\/11\/Egyption-Onion.webp 1024w\" sizes=\"(max-width: 300px) 100vw, 300px\" title=\"\"><h2 class=\"woocommerce-loop-product__title\">Cebola<\/h2>\n<\/a><a href=\"https:\/\/peitrade.com\/pt-br\/product\/cebola\/\" aria-describedby=\"woocommerce_loop_add_to_cart_link_describedby_7475\" data-quantity=\"1\" class=\"button product_type_simple\" data-product_id=\"7475\" data-product_sku=\"70310\" aria-label=\"Leia mais sobre &ldquo;Cebola&rdquo;\" rel=\"nofollow\" data-success_message=\"\">Leia mais<\/a>\t<span id=\"woocommerce_loop_add_to_cart_link_describedby_7475\" class=\"screen-reader-text\">\n\t\t\t<\/span>\n<\/li>\n<li class=\"product type-product post-7710 status-publish instock product_cat-in-season product_cat-legumes has-post-thumbnail shipping-taxable product-type-simple\">\n\t<a href=\"https:\/\/peitrade.com\/pt-br\/product\/feijao-branco-seco\/\" class=\"woocommerce-LoopProduct-link woocommerce-loop-product__link\"><img decoding=\"async\" width=\"300\" height=\"300\" src=\"https:\/\/peitrade.com\/wp-content\/uploads\/2025\/11\/Egyptian-White-Beans-300x300.webp\" class=\"attachment-woocommerce_thumbnail size-woocommerce_thumbnail\" alt=\"Feij\u00e3o branco seco\" srcset=\"https:\/\/peitrade.com\/wp-content\/uploads\/2025\/11\/Egyptian-White-Beans-300x300.webp 300w, https:\/\/peitrade.com\/wp-content\/uploads\/2025\/11\/Egyptian-White-Beans-150x150.webp 150w, https:\/\/peitrade.com\/wp-content\/uploads\/2025\/11\/Egyptian-White-Beans-768x768.webp 768w, https:\/\/peitrade.com\/wp-content\/uploads\/2025\/11\/Egyptian-White-Beans-600x600.webp 600w, https:\/\/peitrade.com\/wp-content\/uploads\/2025\/11\/Egyptian-White-Beans-100x100.webp 100w, https:\/\/peitrade.com\/wp-content\/uploads\/2025\/11\/Egyptian-White-Beans.webp 1024w\" sizes=\"(max-width: 300px) 100vw, 300px\" title=\"\"><h2 class=\"woocommerce-loop-product__title\">Feij\u00e3o branco seco<\/h2>\n<\/a><a href=\"https:\/\/peitrade.com\/pt-br\/product\/feijao-branco-seco\/\" aria-describedby=\"woocommerce_loop_add_to_cart_link_describedby_7710\" data-quantity=\"1\" class=\"button product_type_simple\" data-product_id=\"7710\" data-product_sku=\"70820\" aria-label=\"Leia mais sobre &ldquo;Feij\u00e3o branco seco&rdquo;\" rel=\"nofollow\" data-success_message=\"\">Leia mais<\/a>\t<span id=\"woocommerce_loop_add_to_cart_link_describedby_7710\" class=\"screen-reader-text\">\n\t\t\t<\/span>\n<\/li>\n<li class=\"product type-product post-7526 status-publish instock product_cat-in-season product_cat-vegetables has-post-thumbnail shipping-taxable product-type-simple\">\n\t<a href=\"https:\/\/peitrade.com\/pt-br\/product\/vagem-feijao-verde\/\" class=\"woocommerce-LoopProduct-link woocommerce-loop-product__link\"><img decoding=\"async\" width=\"300\" height=\"300\" src=\"https:\/\/peitrade.com\/wp-content\/uploads\/2025\/11\/Egyptian-Green-Beans-300x300.webp\" class=\"attachment-woocommerce_thumbnail size-woocommerce_thumbnail\" alt=\"feij\u00e3o-verde\" srcset=\"https:\/\/peitrade.com\/wp-content\/uploads\/2025\/11\/Egyptian-Green-Beans-300x300.webp 300w, https:\/\/peitrade.com\/wp-content\/uploads\/2025\/11\/Egyptian-Green-Beans-150x150.webp 150w, https:\/\/peitrade.com\/wp-content\/uploads\/2025\/11\/Egyptian-Green-Beans-768x768.webp 768w, https:\/\/peitrade.com\/wp-content\/uploads\/2025\/11\/Egyptian-Green-Beans-600x600.webp 600w, https:\/\/peitrade.com\/wp-content\/uploads\/2025\/11\/Egyptian-Green-Beans-100x100.webp 100w, https:\/\/peitrade.com\/wp-content\/uploads\/2025\/11\/Egyptian-Green-Beans.webp 1024w\" sizes=\"(max-width: 300px) 100vw, 300px\" title=\"\"><h2 class=\"woocommerce-loop-product__title\">feij\u00e3o-verde<\/h2>\n<\/a><a href=\"https:\/\/peitrade.com\/pt-br\/product\/vagem-feijao-verde\/\" aria-describedby=\"woocommerce_loop_add_to_cart_link_describedby_7526\" data-quantity=\"1\" class=\"button product_type_simple\" data-product_id=\"7526\" data-product_sku=\"70821\" aria-label=\"Leia mais sobre &ldquo;feij\u00e3o-verde&rdquo;\" rel=\"nofollow\" data-success_message=\"\">Leia mais<\/a>\t<span id=\"woocommerce_loop_add_to_cart_link_describedby_7526\" class=\"screen-reader-text\">\n\t\t\t<\/span>\n<\/li>\n<li class=\"product type-product post-7759 status-publish last instock product_cat-in-season product_cat-vegetables has-post-thumbnail shipping-taxable product-type-simple\">\n\t<a href=\"https:\/\/peitrade.com\/pt-br\/product\/potatoes\/\" class=\"woocommerce-LoopProduct-link woocommerce-loop-product__link\"><img decoding=\"async\" width=\"300\" height=\"300\" src=\"https:\/\/peitrade.com\/wp-content\/uploads\/2025\/11\/Egyptian-Potatoes-300x300.webp\" class=\"attachment-woocommerce_thumbnail size-woocommerce_thumbnail\" alt=\"Potatoes\" srcset=\"https:\/\/peitrade.com\/wp-content\/uploads\/2025\/11\/Egyptian-Potatoes-300x300.webp 300w, https:\/\/peitrade.com\/wp-content\/uploads\/2025\/11\/Egyptian-Potatoes-150x150.webp 150w, https:\/\/peitrade.com\/wp-content\/uploads\/2025\/11\/Egyptian-Potatoes-768x768.webp 768w, https:\/\/peitrade.com\/wp-content\/uploads\/2025\/11\/Egyptian-Potatoes-600x600.webp 600w, https:\/\/peitrade.com\/wp-content\/uploads\/2025\/11\/Egyptian-Potatoes-100x100.webp 100w, https:\/\/peitrade.com\/wp-content\/uploads\/2025\/11\/Egyptian-Potatoes.webp 1024w\" sizes=\"(max-width: 300px) 100vw, 300px\" title=\"\"><h2 class=\"woocommerce-loop-product__title\">Potatoes<\/h2>\n<\/a><a href=\"https:\/\/peitrade.com\/pt-br\/product\/potatoes\/\" aria-describedby=\"woocommerce_loop_add_to_cart_link_describedby_7759\" data-quantity=\"1\" class=\"button product_type_simple\" data-product_id=\"7759\" data-product_sku=\"70190\" aria-label=\"Leia mais sobre &ldquo;Potatoes&rdquo;\" rel=\"nofollow\" data-success_message=\"\">Leia mais<\/a>\t<span id=\"woocommerce_loop_add_to_cart_link_describedby_7759\" class=\"screen-reader-text\">\n\t\t\t<\/span>\n<\/li>\n<\/ul>\n<\/div><\/div>\n<div class=\"container\">\n<h2>Por que escolher a PEI Trade como sua fornecedora de alface para exporta\u00e7\u00e3o?<\/h2>\n<p><span style=\"font-weight: 400;\">Nossa reputa\u00e7\u00e3o como uma das principais <b>exportadoras de alface<\/b> se baseia em:<\/span><\/p>\n<ul>\n<li style=\"font-weight: 400;\">Colheitas di\u00e1rias para m\u00e1xima frescura e sabor<\/li>\n<li style=\"font-weight: 400;\">Diversos formatos: cabe\u00e7as inteiras, folhas soltas e <b>alface fatiada<\/b><\/li>\n<li style=\"font-weight: 400;\">Log\u00edstica com cadeia de frio para preservar a qualidade no transporte<\/li>\n<li style=\"font-weight: 400;\">Embalagens personalizadas e multil\u00edngues para o varejo internacional<\/li>\n<li style=\"font-weight: 400;\">Certifica\u00e7\u00f5es em seguran\u00e7a alimentar, higiene e conformidade para exporta\u00e7\u00e3o<\/li>\n<\/ul>\n<p><span style=\"font-weight: 400;\">Como seu <b>fornecedor de alface<\/b>, priorizamos consist\u00eancia, agilidade e transpar\u00eancia \u2014 independente do volume do pedido.<\/span><\/p>\n<h2>Do campo ao prato \u2013 Nosso processo de exporta\u00e7\u00e3o de alface<\/h2>\n<p><span style=\"font-weight: 400;\">Controlamos todas as etapas do processo de <b>exporta\u00e7\u00e3o de alface<\/b> para garantir um produto premium em cada entrega:<\/span><\/p>\n<ul>\n<li style=\"font-weight: 400;\">Colheita di\u00e1ria em fazendas de alta qualidade no Egito<\/li>\n<li style=\"font-weight: 400;\">Processamento e lavagem em instala\u00e7\u00f5es certificadas e climatizadas<\/li>\n<li style=\"font-weight: 400;\">Embalagem em atmosfera modificada (MAP) para prolongar a frescura<\/li>\n<li style=\"font-weight: 400;\">Frete refrigerado mar\u00edtimo e a\u00e9reo para mais de 25 pa\u00edses<\/li>\n<li style=\"font-weight: 400;\">Documenta\u00e7\u00e3o de exporta\u00e7\u00e3o com certificados fitossanit\u00e1rios<\/li>\n<\/ul>\n<h2>Formatos \u2013 Da alface fatiada \u00e0s cabe\u00e7as inteiras<\/h2>\n<p><span style=\"font-weight: 400;\">Como confi\u00e1veis <b>fornecedores de alface fatiada<\/b> e produtores, oferecemos:<\/span><\/p>\n<ul>\n<li><b>Alface Fatiada:<\/b> Pr\u00e9-cortada, lavada e embalada para redes de fast-food e kits de refei\u00e7\u00e3o<\/li>\n<li><b>Tiras Largas:<\/b> Ideais para buffets de saladas e servi\u00e7os de catering<\/li>\n<li><b>Cabe\u00e7as Inteiras:<\/b> Incluindo variedades como Iceberg, Romana e Manteiga<\/li>\n<li><b>Folhas Soltas Lavadas:<\/b> Para processadores e ind\u00fastrias aliment\u00edcias<\/li>\n<li><b>Embalagens Marca Pr\u00f3pria:<\/b> Solu\u00e7\u00f5es personalizadas conforme sua demanda<\/li>\n<\/ul>\n<h2>Atendendo Mercados Globais<\/h2>\n<p style=\"font-weight: 400;\">Nossa experi\u00eancia como <b>fornecedores de alface<\/b> inclui exporta\u00e7\u00f5es para:<\/p>\n<ul>\n<li>Europa \u2013 Reino Unido, Alemanha, Holanda, Espanha<\/li>\n<li>Oriente M\u00e9dio \u2013 Emirados \u00c1rabes Unidos, Catar, Ar\u00e1bia Saudita<\/li>\n<li>\u00c1sia \u2013 \u00cdndia, Mal\u00e1sia, Singapura<\/li>\n<li>\u00c1frica \u2013 Qu\u00eania, \u00c1frica do Sul, Marrocos<\/li>\n<\/ul>\n<p><span style=\"font-weight: 400;\">Seja para alguns paletes ou um cont\u00eainer completo, nossa equipe de log\u00edstica garante entrega pontual e confi\u00e1vel com controle de temperatura.<\/span><\/p>\n<h2>Fornecimento o Ano Inteiro de Alface para Exporta\u00e7\u00e3o<\/h2>\n<p style=\"font-weight: 400;\">Gra\u00e7as ao clima quente do Egito e aos sistemas modernos de irriga\u00e7\u00e3o, mantemos uma produ\u00e7\u00e3o constante praticamente durante todo o ano. Como uma das mais confi\u00e1veis <b>exportadoras de alface<\/b> do mundo, ajudamos voc\u00ea a preencher lacunas sazonais com <b>alface para exporta\u00e7\u00e3o<\/b> de alta qualidade.<\/p>\n<h3>Op\u00e7\u00f5es de Embalagem &amp; Exporta\u00e7\u00e3o<\/h3>\n<ul>\n<li>Pronta para o varejo: embalagens personalizadas para prateleiras de supermercado<\/li>\n<li>Formatos a granel: sacos de 1kg, 2kg e 5kg para HORECA<\/li>\n<li>Embalagens a v\u00e1cuo e MAP para reten\u00e7\u00e3o de frescor<\/li>\n<li>Op\u00e7\u00f5es com marca pr\u00f3pria com idiomas e design regionais<\/li>\n<\/ul>\n<\/div>\n<section style=\"padding: 50px 20px; background-color: #f0f0f0;\">\n<div class=\"container\">\n<h2>Trabalhe com um Fornecedor L\u00edder em Alface para Exporta\u00e7\u00e3o<\/h2>\n<p>Se voc\u00ea est\u00e1 buscando <b>alface para exporta\u00e7\u00e3o<\/b> para varejo, foodservice ou processamento industrial, a PEI Trade oferece solu\u00e7\u00f5es sob medida com base em anos de experi\u00eancia como <b>fornecedores de alface<\/b> e <b>fornecedores de alface fatiada<\/b>.<\/p>\n<p>Nos orgulhamos da consist\u00eancia, atendimento \u00e1gil e rastreabilidade total \u2014 do campo at\u00e9 seu centro de distribui\u00e7\u00e3o.<\/p>\n<h2>Solicite uma Amostra ou Or\u00e7amento<\/h2>\n<p>Nossa equipe de exporta\u00e7\u00e3o est\u00e1 pronta para ajudar. Entre em contato hoje mesmo para pre\u00e7os, op\u00e7\u00f5es de embalagem e prazos de entrega.<\/p>\n<p style=\"text-align: center; margin-top: 40px;\"><a class=\"button primary large\" href=\"\/contact\">Solicitar Or\u00e7amento<\/a><\/p>\n<\/div>\n<\/section>\n<section style=\"padding: 50px 20px;\">\n<div class=\"container\">\n<h2>Explore Mais Produtos Agr\u00edcolas da PEI Trade<\/h2>\n<p>&nbsp;<\/p>\n<p>Al\u00e9m da <b>alface para exporta\u00e7\u00e3o<\/b> de alta qualidade, a PEI Trade tamb\u00e9m fornece cebolas eg\u00edpcias, molokhia, quiabo e ervas arom\u00e1ticas para compradores internacionais. <a href=\"\/about\">Saiba mais sobre nossa linha completa<\/a>.<\/p>\n<div class=\"wp-block-woocommerce-product-collection\"><div class=\"woocommerce columns-4 \"><ul class=\"products columns-4\" data-products=\"type-2\">\n<li class=\"product type-product post-7370 status-publish first instock product_cat-in-season product_cat-vegetables has-post-thumbnail shipping-taxable product-type-simple\">\n\t<a href=\"https:\/\/peitrade.com\/pt-br\/product\/alho\/\" class=\"woocommerce-LoopProduct-link woocommerce-loop-product__link\"><img decoding=\"async\" width=\"300\" height=\"300\" src=\"https:\/\/peitrade.com\/wp-content\/uploads\/2025\/11\/Egyptian-Garlic-300x300.webp\" class=\"attachment-woocommerce_thumbnail size-woocommerce_thumbnail\" alt=\"Alho\" srcset=\"https:\/\/peitrade.com\/wp-content\/uploads\/2025\/11\/Egyptian-Garlic-300x300.webp 300w, https:\/\/peitrade.com\/wp-content\/uploads\/2025\/11\/Egyptian-Garlic-150x150.webp 150w, https:\/\/peitrade.com\/wp-content\/uploads\/2025\/11\/Egyptian-Garlic-768x768.webp 768w, https:\/\/peitrade.com\/wp-content\/uploads\/2025\/11\/Egyptian-Garlic-600x600.webp 600w, https:\/\/peitrade.com\/wp-content\/uploads\/2025\/11\/Egyptian-Garlic-100x100.webp 100w, https:\/\/peitrade.com\/wp-content\/uploads\/2025\/11\/Egyptian-Garlic.webp 1024w\" sizes=\"(max-width: 300px) 100vw, 300px\" title=\"\"><h2 class=\"woocommerce-loop-product__title\">Alho<\/h2>\n<\/a><a href=\"https:\/\/peitrade.com\/pt-br\/product\/alho\/\" aria-describedby=\"woocommerce_loop_add_to_cart_link_describedby_7370\" data-quantity=\"1\" class=\"button product_type_simple\" data-product_id=\"7370\" data-product_sku=\"70320\" aria-label=\"Leia mais sobre &ldquo;Alho&rdquo;\" rel=\"nofollow\" data-success_message=\"\">Leia mais<\/a>\t<span id=\"woocommerce_loop_add_to_cart_link_describedby_7370\" class=\"screen-reader-text\">\n\t\t\t<\/span>\n<\/li>\n<li class=\"product type-product post-7770 status-publish instock product_cat-in-season product_cat-vegetables has-post-thumbnail shipping-taxable product-type-simple\">\n\t<a href=\"https:\/\/peitrade.com\/pt-br\/product\/batatas-doces\/\" class=\"woocommerce-LoopProduct-link woocommerce-loop-product__link\"><img decoding=\"async\" width=\"300\" height=\"300\" src=\"https:\/\/peitrade.com\/wp-content\/uploads\/2025\/11\/Egyptian-Sweet-Potatoes-300x300.webp\" class=\"attachment-woocommerce_thumbnail size-woocommerce_thumbnail\" alt=\"Egyptian Sweet Potatoes - PEI Trade\" srcset=\"https:\/\/peitrade.com\/wp-content\/uploads\/2025\/11\/Egyptian-Sweet-Potatoes-300x300.webp 300w, https:\/\/peitrade.com\/wp-content\/uploads\/2025\/11\/Egyptian-Sweet-Potatoes-150x150.webp 150w, https:\/\/peitrade.com\/wp-content\/uploads\/2025\/11\/Egyptian-Sweet-Potatoes-768x768.webp 768w, https:\/\/peitrade.com\/wp-content\/uploads\/2025\/11\/Egyptian-Sweet-Potatoes-600x600.webp 600w, https:\/\/peitrade.com\/wp-content\/uploads\/2025\/11\/Egyptian-Sweet-Potatoes-100x100.webp 100w, https:\/\/peitrade.com\/wp-content\/uploads\/2025\/11\/Egyptian-Sweet-Potatoes.webp 1024w\" sizes=\"(max-width: 300px) 100vw, 300px\" title=\"\"><h2 class=\"woocommerce-loop-product__title\">Batatas-doces<\/h2>\n<\/a><a href=\"https:\/\/peitrade.com\/pt-br\/product\/batatas-doces\/\" aria-describedby=\"woocommerce_loop_add_to_cart_link_describedby_7770\" data-quantity=\"1\" class=\"button product_type_simple\" data-product_id=\"7770\" data-product_sku=\"71420\" aria-label=\"Leia mais sobre &ldquo;Batatas-doces&rdquo;\" rel=\"nofollow\" data-success_message=\"\">Leia mais<\/a>\t<span id=\"woocommerce_loop_add_to_cart_link_describedby_7770\" class=\"screen-reader-text\">\n\t\t\t<\/span>\n<\/li>\n<li class=\"product type-product post-7759 status-publish instock product_cat-in-season product_cat-vegetables has-post-thumbnail shipping-taxable product-type-simple\">\n\t<a href=\"https:\/\/peitrade.com\/pt-br\/product\/potatoes\/\" class=\"woocommerce-LoopProduct-link woocommerce-loop-product__link\"><img decoding=\"async\" width=\"300\" height=\"300\" src=\"https:\/\/peitrade.com\/wp-content\/uploads\/2025\/11\/Egyptian-Potatoes-300x300.webp\" class=\"attachment-woocommerce_thumbnail size-woocommerce_thumbnail\" alt=\"Potatoes\" srcset=\"https:\/\/peitrade.com\/wp-content\/uploads\/2025\/11\/Egyptian-Potatoes-300x300.webp 300w, https:\/\/peitrade.com\/wp-content\/uploads\/2025\/11\/Egyptian-Potatoes-150x150.webp 150w, https:\/\/peitrade.com\/wp-content\/uploads\/2025\/11\/Egyptian-Potatoes-768x768.webp 768w, https:\/\/peitrade.com\/wp-content\/uploads\/2025\/11\/Egyptian-Potatoes-600x600.webp 600w, https:\/\/peitrade.com\/wp-content\/uploads\/2025\/11\/Egyptian-Potatoes-100x100.webp 100w, https:\/\/peitrade.com\/wp-content\/uploads\/2025\/11\/Egyptian-Potatoes.webp 1024w\" sizes=\"(max-width: 300px) 100vw, 300px\" title=\"\"><h2 class=\"woocommerce-loop-product__title\">Potatoes<\/h2>\n<\/a><a href=\"https:\/\/peitrade.com\/pt-br\/product\/potatoes\/\" aria-describedby=\"woocommerce_loop_add_to_cart_link_describedby_7759\" data-quantity=\"1\" class=\"button product_type_simple\" data-product_id=\"7759\" data-product_sku=\"70190\" aria-label=\"Leia mais sobre &ldquo;Potatoes&rdquo;\" rel=\"nofollow\" data-success_message=\"\">Leia mais<\/a>\t<span id=\"woocommerce_loop_add_to_cart_link_describedby_7759\" class=\"screen-reader-text\">\n\t\t\t<\/span>\n<\/li>\n<li class=\"product type-product post-7354 status-publish last instock product_cat-vegetables has-post-thumbnail shipping-taxable product-type-simple\">\n\t<a href=\"https:\/\/peitrade.com\/pt-br\/product\/tomates\/\" class=\"woocommerce-LoopProduct-link woocommerce-loop-product__link\"><img decoding=\"async\" width=\"300\" height=\"300\" src=\"https:\/\/peitrade.com\/wp-content\/uploads\/2025\/11\/Egyptian-Tomatoes-300x300.webp\" class=\"attachment-woocommerce_thumbnail size-woocommerce_thumbnail\" alt=\"Tomates\" srcset=\"https:\/\/peitrade.com\/wp-content\/uploads\/2025\/11\/Egyptian-Tomatoes-300x300.webp 300w, https:\/\/peitrade.com\/wp-content\/uploads\/2025\/11\/Egyptian-Tomatoes-150x150.webp 150w, https:\/\/peitrade.com\/wp-content\/uploads\/2025\/11\/Egyptian-Tomatoes-768x768.webp 768w, https:\/\/peitrade.com\/wp-content\/uploads\/2025\/11\/Egyptian-Tomatoes-600x600.webp 600w, https:\/\/peitrade.com\/wp-content\/uploads\/2025\/11\/Egyptian-Tomatoes-100x100.webp 100w, https:\/\/peitrade.com\/wp-content\/uploads\/2025\/11\/Egyptian-Tomatoes.webp 1024w\" sizes=\"(max-width: 300px) 100vw, 300px\" title=\"\"><h2 class=\"woocommerce-loop-product__title\">Tomates<\/h2>\n<\/a><a href=\"https:\/\/peitrade.com\/pt-br\/product\/tomates\/\" aria-describedby=\"woocommerce_loop_add_to_cart_link_describedby_7354\" data-quantity=\"1\" class=\"button product_type_simple\" data-product_id=\"7354\" data-product_sku=\"70200\" aria-label=\"Leia mais sobre &ldquo;Tomates&rdquo;\" rel=\"nofollow\" data-success_message=\"\">Leia mais<\/a>\t<span id=\"woocommerce_loop_add_to_cart_link_describedby_7354\" class=\"screen-reader-text\">\n\t\t\t<\/span>\n<\/li>\n<\/ul>\n<\/div><\/div>\n<\/div>\n<\/section>\n<section style=\"padding: 50px 20px; background-color: #f9f9f9;\">\n<div class=\"container\">\n<h2>Perguntas Frequentes<\/h2>\n<h3>Quais tipos de alface voc\u00eas exportam?<\/h3>\n<p>Exportamos alface em cabe\u00e7a (Iceberg, Romana, Manteiga), alface fatiada e folhas soltas.<\/p>\n<h3>Posso ter embalagem personalizada com minha marca?<\/h3>\n<p>Sim. Oferecemos embalagens de marca pr\u00f3pria em v\u00e1rios idiomas e estilos, tanto para o varejo quanto para foodservice.<\/p>\n<h3>Como voc\u00eas garantem a frescura da alface?<\/h3>\n<p>Todos os nossos envios s\u00e3o processados sob rigorosas condi\u00e7\u00f5es de seguran\u00e7a alimentar, selados com MAP e transportados com log\u00edstica refrigerada.<\/p>\n<h3>Para quais pa\u00edses voc\u00eas exportam alface?<\/h3>\n<p>Atendemos mercados na Europa, Oriente M\u00e9dio, \u00c1frica e \u00c1sia.<\/p>\n<h3>Voc\u00eas fornecem alface o ano todo?<\/h3>\n<p>Sim. Nosso clima e planejamento agr\u00edcola permitem fornecimento de <b>alface para exporta\u00e7\u00e3o<\/b> durante quase todo o ano.<\/p>\n<\/div>\n<\/section>\n","protected":false},"excerpt":{"rendered":"<p>Procurando adquirir alface para exporta\u00e7\u00e3o com frescor incompar\u00e1vel e manuseio profissional? A PEI Trade \u00e9 uma das exportadoras de alface mais experientes do Egito, fornecendo produtos de alta qualidade para compradores globais dos setores varejista, food service e atacado. Como consolidados fornecedores de alface, cultivamos nossas folhas em solos eg\u00edpcios ricos em nutrientes, sob condi\u00e7\u00f5es [&hellip;]<\/p>\n","protected":false},"author":1,"featured_media":0,"parent":0,"menu_order":0,"comment_status":"closed","ping_status":"closed","template":"","meta":{"footnotes":""},"class_list":["post-6575","page","type-page","status-publish","hentry"],"blocksy_meta":[],"mb":[],"featured_image_urls_v2":{"full":"","thumbnail":"","medium":"","medium_large":"","large":"","1536x1536":"","2048x2048":"","woocommerce_archive_thumbnail":"","woocommerce_thumbnail":"","woocommerce_single":"","woocommerce_gallery_thumbnail":""},"post_excerpt_stackable_v2":"<p>Procurando adquirir alface para exporta\u00e7\u00e3o com frescor incompar\u00e1vel e manuseio profissional? A PEI Trade \u00e9 uma das exportadoras de alface mais experientes do Egito, fornecendo produtos de alta qualidade para compradores globais dos setores varejista, food service e atacado. Como consolidados fornecedores de alface, cultivamos nossas folhas em solos eg\u00edpcios ricos em nutrientes, sob condi\u00e7\u00f5es clim\u00e1ticas ideais, garantindo textura crocante, cor vibrante e longa vida \u00fatil. Seja voc\u00ea um comprador buscando fornecedores de alface fatiada para redes de fast-food ou alfaces inteiras para supermercados, entregamos excel\u00eancia do campo ao porto com total rastreabilidade. Cebola Leia mais Feij\u00e3o branco seco Leia&hellip;<\/p>\n","category_list_v2":"","author_info_v2":{"name":"Mostafa Sabry","url":"https:\/\/peitrade.com\/pt-br\/author\/emostafaadel_jn8gcqbo\/"},"comments_num_v2":"0 coment\u00e1rio","mfb_rest_fields":["title","blocksy_meta","featured_image_urls_v2","post_excerpt_stackable_v2","category_list_v2","author_info_v2","comments_num_v2"],"_links":{"self":[{"href":"https:\/\/peitrade.com\/pt-br\/wp-json\/wp\/v2\/pages\/6575","targetHints":{"allow":["GET"]}}],"collection":[{"href":"https:\/\/peitrade.com\/pt-br\/wp-json\/wp\/v2\/pages"}],"about":[{"href":"https:\/\/peitrade.com\/pt-br\/wp-json\/wp\/v2\/types\/page"}],"author":[{"embeddable":true,"href":"https:\/\/peitrade.com\/pt-br\/wp-json\/wp\/v2\/users\/1"}],"replies":[{"embeddable":true,"href":"https:\/\/peitrade.com\/pt-br\/wp-json\/wp\/v2\/comments?post=6575"}],"version-history":[{"count":1,"href":"https:\/\/peitrade.com\/pt-br\/wp-json\/wp\/v2\/pages\/6575\/revisions"}],"predecessor-version":[{"id":6576,"href":"https:\/\/peitrade.com\/pt-br\/wp-json\/wp\/v2\/pages\/6575\/revisions\/6576"}],"wp:attachment":[{"href":"https:\/\/peitrade.com\/pt-br\/wp-json\/wp\/v2\/media?parent=6575"}],"curies":[{"name":"wp","href":"https:\/\/api.w.org\/{rel}","templated":true}]}}