{"id":8017,"date":"2025-11-09T13:40:25","date_gmt":"2025-11-09T13:40:25","guid":{"rendered":"http:\/\/46.224.74.15\/politica-de-cookies\/"},"modified":"2025-11-26T12:11:04","modified_gmt":"2025-11-26T12:11:04","slug":"politica-de-cookies","status":"publish","type":"page","link":"https:\/\/peitrade.com\/pt-br\/politica-de-cookies\/","title":{"rendered":"Pol\u00edtica de Cookies"},"content":{"rendered":"\n<p>Data de vig\u00eancia: 9 de novembro de 2025<\/p>\n\n<h2 class=\"wp-block-heading\">1) O que s\u00e3o cookies?<br\/><\/h2>\n\n<p>Cookies s\u00e3o pequenos arquivos de texto armazenados no seu dispositivo para fazer o site funcionar, lembrar suas prefer\u00eancias, melhorar o desempenho e analisar o uso.<\/p>\n\n<h2 class=\"wp-block-heading\">2) Como usamos cookies<br\/><\/h2>\n\n<ul class=\"wp-block-list\">\n<li>Estritamente necess\u00e1rios \u2013 seguran\u00e7a, balanceamento de carga, gest\u00e3o de consentimento.<\/li>\n\n\n\n<li>Desempenho\/An\u00e1lise \u2013 estat\u00edsticas agregadas sobre visitas e p\u00e1ginas.<\/li>\n\n\n\n<li>Funcionais \u2013 lembram o idioma ou os dados inseridos em formul\u00e1rios.<\/li>\n\n\n\n<li>Publicidade\/Remarketing \u2013 somente se ativados; usados para exibir an\u00fancios relevantes em plataformas parceiras.<\/li>\n<\/ul>\n\n<h2 class=\"wp-block-heading\">3) Gerenciamento de prefer\u00eancias<br\/><\/h2>\n\n<p>Na sua primeira visita, voc\u00ea ver\u00e1 um banner de consentimento. Voc\u00ea pode aceitar, recusar ou personalizar as categorias e pode atualizar suas escolhas a qualquer momento pelo link \u00abConfigura\u00e7\u00f5es de Cookies\u00bb no rodap\u00e9 ou pelas configura\u00e7\u00f5es do navegador. Bloquear alguns cookies pode impactar certas funcionalidades do site.  <\/p>\n\n<h2 class=\"wp-block-heading\">4) Reten\u00e7\u00e3o<\/h2>\n\n<p>O tempo de vida dos cookies varia conforme a categoria e o provedor. Cookies de sess\u00e3o expiram quando voc\u00ea fecha o navegador; cookies persistentes duram mais (normalmente de 1 a 24 meses). Consulte o seu navegador para verificar a data exata de expira\u00e7\u00e3o.  <\/p>\n","protected":false},"excerpt":{"rendered":"<p>Data de vig\u00eancia: 9 de novembro de 2025 1) O que s\u00e3o cookies? Cookies s\u00e3o pequenos arquivos de texto armazenados no seu dispositivo para fazer o site funcionar, lembrar suas prefer\u00eancias, melhorar o desempenho e analisar o uso. 2) Como usamos cookies 3) Gerenciamento de prefer\u00eancias Na sua primeira visita, voc\u00ea ver\u00e1 um banner de [&hellip;]<\/p>\n","protected":false},"author":1,"featured_media":0,"parent":0,"menu_order":0,"comment_status":"closed","ping_status":"closed","template":"","meta":{"footnotes":""},"class_list":["post-8017","page","type-page","status-publish","hentry"],"blocksy_meta":[],"mb":[],"featured_image_urls_v2":{"full":"","thumbnail":"","medium":"","medium_large":"","large":"","1536x1536":"","2048x2048":"","woocommerce_archive_thumbnail":"","woocommerce_thumbnail":"","woocommerce_single":"","woocommerce_gallery_thumbnail":""},"post_excerpt_stackable_v2":"<p>Data de vig\u00eancia: 9 de novembro de 2025 1) O que s\u00e3o cookies? Cookies s\u00e3o pequenos arquivos de texto armazenados no seu dispositivo para fazer o site funcionar, lembrar suas prefer\u00eancias, melhorar o desempenho e analisar o uso. 2) Como usamos cookies Estritamente necess\u00e1rios \u2013 seguran\u00e7a, balanceamento de carga, gest\u00e3o de consentimento. Desempenho\/An\u00e1lise \u2013 estat\u00edsticas agregadas sobre visitas e p\u00e1ginas. Funcionais \u2013 lembram o idioma ou os dados inseridos em formul\u00e1rios. Publicidade\/Remarketing \u2013 somente se ativados; usados para exibir an\u00fancios relevantes em plataformas parceiras. 3) Gerenciamento de prefer\u00eancias Na sua primeira visita, voc\u00ea ver\u00e1 um banner de consentimento. Voc\u00ea pode&hellip;<\/p>\n","category_list_v2":"","author_info_v2":{"name":"Mostafa Sabry","url":"https:\/\/peitrade.com\/pt-br\/author\/emostafaadel_jn8gcqbo\/"},"comments_num_v2":"0 coment\u00e1rio","mfb_rest_fields":["title","blocksy_meta","featured_image_urls_v2","post_excerpt_stackable_v2","category_list_v2","author_info_v2","comments_num_v2"],"_links":{"self":[{"href":"https:\/\/peitrade.com\/pt-br\/wp-json\/wp\/v2\/pages\/8017","targetHints":{"allow":["GET"]}}],"collection":[{"href":"https:\/\/peitrade.com\/pt-br\/wp-json\/wp\/v2\/pages"}],"about":[{"href":"https:\/\/peitrade.com\/pt-br\/wp-json\/wp\/v2\/types\/page"}],"author":[{"embeddable":true,"href":"https:\/\/peitrade.com\/pt-br\/wp-json\/wp\/v2\/users\/1"}],"replies":[{"embeddable":true,"href":"https:\/\/peitrade.com\/pt-br\/wp-json\/wp\/v2\/comments?post=8017"}],"version-history":[{"count":1,"href":"https:\/\/peitrade.com\/pt-br\/wp-json\/wp\/v2\/pages\/8017\/revisions"}],"predecessor-version":[{"id":8018,"href":"https:\/\/peitrade.com\/pt-br\/wp-json\/wp\/v2\/pages\/8017\/revisions\/8018"}],"wp:attachment":[{"href":"https:\/\/peitrade.com\/pt-br\/wp-json\/wp\/v2\/media?parent=8017"}],"curies":[{"name":"wp","href":"https:\/\/api.w.org\/{rel}","templated":true}]}}