{"id":5139,"date":"2025-11-12T17:11:11","date_gmt":"2025-11-12T17:11:11","guid":{"rendered":"http:\/\/46.224.74.15\/product\/quiabo-congelado\/"},"modified":"2025-11-12T17:11:11","modified_gmt":"2025-11-12T17:11:11","slug":"quiabo-congelado","status":"publish","type":"product","link":"https:\/\/peitrade.com\/pt-br\/product\/quiabo-congelado\/","title":{"rendered":"Quiabo congelado"},"content":{"rendered":"<h2>Quiabo eg\u00edpcio congelado premium \u2013 quiabo de alta qualidade do Egito<\/h2>\n<p>Nosso quiabo congelado \u00e9 colhido em campos f\u00e9rteis no Egito, conhecidos por seu solo rico e clima ideal, que produzem vagens de quiabo macias e saborosas. Ele \u00e9 cuidadosamente processado e congelado rapidamente para preservar o sabor natural, a cor e os nutrientes, tornando-se um ingrediente ideal para mercados e pratos ao redor do mundo.<\/p>\n<h3>Por que escolher nosso quiabo congelado?<\/h3>\n<p>\u2714 Congelado rapidamente (flash-frozen) para preservar a frescura<br \/>\n\u2714 Sem aditivos ou conservantes<br \/>\n\u2714 Tamanho, cor e corte uniformes \u2013 perfeito para varejo ou food service<br \/>\n\u2714 Atende \u00e0s normas internacionais de seguran\u00e7a de alimentos<br \/>\n\u2714 Dispon\u00edvel em diversos padr\u00f5es de classifica\u00e7\u00e3o e op\u00e7\u00f5es de embalagem<br \/>\n\u2714 Pre\u00e7os competitivos com disponibilidade o ano inteiro<\/p>\n<h3>Por que escolher a PEI Trade para quiabo congelado?<\/h3>\n<p>\u2714 Instala\u00e7\u00f5es avan\u00e7adas de congelamento: linhas de produ\u00e7\u00e3o certificadas HACCP e ISO<br \/>\n\u2714 Op\u00e7\u00f5es flex\u00edveis de exporta\u00e7\u00e3o: embalagens adequadas \u00e0s exig\u00eancias de cada mercado<br \/>\n\u2714 Total conformidade e rastreabilidade: certifica\u00e7\u00f5es internacionais e documenta\u00e7\u00e3o inclu\u00eddas<br \/>\n\u2714 Log\u00edstica confi\u00e1vel: transporte em temperatura controlada para garantir a qualidade<br \/>\n\u2714 Fornecimento consistente: pre\u00e7os competitivos e entregas confi\u00e1veis <\/p>\n<h3>Exporta\u00e7\u00e3o de quiabo congelado<\/h3>\n<p>Somos especializados na exporta\u00e7\u00e3o de vegetais congelados, incluindo quiabo. Todos os produtos passam por rigoroso controle de qualidade e por uma cadeia de frio completa para garantir frescor e conformidade com as regulamenta\u00e7\u00f5es internacionais.<\/p>\n","protected":false},"excerpt":{"rendered":"<h2 data-start=\"314\" data-end=\"578\">Quiabo eg\u00edpcio congelado premium<\/h2>\n<p data-start=\"314\" data-end=\"578\">Colhido no auge da frescura e congelado rapidamente para preservar sabor e nutrientes, nosso quiabo \u00e9 rico em fibras, 100% natural e livre de aditivos. Perfeito para pratos internacionais e em conformidade com os padr\u00f5es globais de exporta\u00e7\u00e3o. <\/p>\n<p data-start=\"2721\" data-end=\"2953\">\n","protected":false},"featured_media":5138,"template":"","meta":{"jetpack_publicize_message":"","jetpack_publicize_feature_enabled":true,"jetpack_social_post_already_shared":false,"jetpack_social_options":{"image_generator_settings":{"template":"highway","default_image_id":0,"font":"","enabled":false},"version":2}},"product_brand":[],"product_cat":[321],"product_tag":[],"class_list":{"0":"post-5139","1":"product","2":"type-product","3":"status-publish","4":"has-post-thumbnail","6":"product_cat-alimentos-congelados","8":"first","9":"instock","10":"shipping-taxable","11":"product-type-simple"},"mb":[],"featured_image_urls_v2":{"full":["https:\/\/peitrade.com\/wp-content\/uploads\/2025\/11\/Egyptian-Frozen-Okra.webp",1024,1024,false],"thumbnail":["https:\/\/peitrade.com\/wp-content\/uploads\/2025\/11\/Egyptian-Frozen-Okra-150x150.webp",150,150,true],"medium":["https:\/\/peitrade.com\/wp-content\/uploads\/2025\/11\/Egyptian-Frozen-Okra-300x300.webp",300,300,true],"medium_large":["https:\/\/peitrade.com\/wp-content\/uploads\/2025\/11\/Egyptian-Frozen-Okra-768x768.webp",768,768,true],"large":["https:\/\/peitrade.com\/wp-content\/uploads\/2025\/11\/Egyptian-Frozen-Okra.webp",1024,1024,false],"1536x1536":["https:\/\/peitrade.com\/wp-content\/uploads\/2025\/11\/Egyptian-Frozen-Okra.webp",1024,1024,false],"2048x2048":["https:\/\/peitrade.com\/wp-content\/uploads\/2025\/11\/Egyptian-Frozen-Okra.webp",1024,1024,false],"woocommerce_archive_thumbnail":["https:\/\/peitrade.com\/wp-content\/uploads\/2025\/11\/Egyptian-Frozen-Okra-300x300.webp",300,300,true],"woocommerce_thumbnail":["https:\/\/peitrade.com\/wp-content\/uploads\/2025\/11\/Egyptian-Frozen-Okra-300x300.webp",300,300,true],"woocommerce_single":["https:\/\/peitrade.com\/wp-content\/uploads\/2025\/11\/Egyptian-Frozen-Okra-600x600.webp",600,600,true],"woocommerce_gallery_thumbnail":["https:\/\/peitrade.com\/wp-content\/uploads\/2025\/11\/Egyptian-Frozen-Okra-100x100.webp",100,100,true]},"post_excerpt_stackable_v2":"<h2 data-start=\"314\" data-end=\"578\">Quiabo eg\u00edpcio congelado premium<\/h2>\n<p data-start=\"314\" data-end=\"578\">Colhido no auge da frescura e congelado rapidamente para preservar sabor e nutrientes, nosso quiabo \u00e9 rico em fibras, 100% natural e livre de aditivos. Perfeito para pratos internacionais e em conformidade com os padr\u00f5es globais de exporta\u00e7\u00e3o. <\/p>\n<p data-start=\"2721\" data-end=\"2953\">\n","category_list_v2":"","author_info_v2":{"name":"","url":""},"comments_num_v2":"0 coment\u00e1rio","jetpack_publicize_connections":[],"mfb_rest_fields":["title","featured_image_urls_v2","post_excerpt_stackable_v2","category_list_v2","author_info_v2","comments_num_v2","jetpack_publicize_connections"],"_links":{"self":[{"href":"https:\/\/peitrade.com\/pt-br\/wp-json\/wp\/v2\/product\/5139","targetHints":{"allow":["GET"]}}],"collection":[{"href":"https:\/\/peitrade.com\/pt-br\/wp-json\/wp\/v2\/product"}],"about":[{"href":"https:\/\/peitrade.com\/pt-br\/wp-json\/wp\/v2\/types\/product"}],"wp:featuredmedia":[{"embeddable":true,"href":"https:\/\/peitrade.com\/pt-br\/wp-json\/wp\/v2\/media\/5138"}],"wp:attachment":[{"href":"https:\/\/peitrade.com\/pt-br\/wp-json\/wp\/v2\/media?parent=5139"}],"wp:term":[{"taxonomy":"product_brand","embeddable":true,"href":"https:\/\/peitrade.com\/pt-br\/wp-json\/wp\/v2\/product_brand?post=5139"},{"taxonomy":"product_cat","embeddable":true,"href":"https:\/\/peitrade.com\/pt-br\/wp-json\/wp\/v2\/product_cat?post=5139"},{"taxonomy":"product_tag","embeddable":true,"href":"https:\/\/peitrade.com\/pt-br\/wp-json\/wp\/v2\/product_tag?post=5139"}],"curies":[{"name":"wp","href":"https:\/\/api.w.org\/{rel}","templated":true}]}}