{"id":7770,"date":"2025-11-10T11:42:59","date_gmt":"2025-11-10T11:42:59","guid":{"rendered":"http:\/\/46.224.74.15\/product\/batatas-doces\/"},"modified":"2025-12-03T07:24:56","modified_gmt":"2025-12-03T07:24:56","slug":"batatas-doces","status":"publish","type":"product","link":"https:\/\/peitrade.com\/pt-br\/product\/batatas-doces\/","title":{"rendered":"Batatas-doces"},"content":{"rendered":"<h2>Batatas-doces eg\u00edpcias premium \u2013 ideais para com\u00e9rcio internacional<\/h2>\n<p>O Egito \u00e9 um dos principais exportadores de batatas-doces, conhecidas por seu sabor intenso, cor vibrante e alto valor nutricional. As batatas-doces eg\u00edpcias s\u00e3o cultivadas sob r\u00edgidos padr\u00f5es agr\u00edcolas, garantindo que atendam aos requisitos de qualidade dos grandes importadores em todo o mundo.<\/p>\n<h3>Vantagens de exportar batatas-doces eg\u00edpcias<\/h3>\n<ul>\n<li>Padr\u00f5es de qualidade consistentes: cultivadas com pr\u00e1ticas agr\u00edcolas rigorosas e inspecionadas para atender \u00e0s regulamenta\u00e7\u00f5es de importa\u00e7\u00e3o da UE e do GCC.<\/li>\n<li>Solu\u00e7\u00f5es de embalagem flex\u00edveis: dispon\u00edveis em caixas de 10 kg, 15 kg e 20 kg ou em sacos de malha, personaliz\u00e1veis conforme as necessidades do importador.<\/li>\n<li>Vida \u00fatil prolongada: colhidas e armazenadas com cuidado para garantir frescor durante o transporte de longa dist\u00e2ncia.<\/li>\n<li>Pre\u00e7os competitivos: a estrutura agr\u00edcola de baixo custo do Egito o torna um dos fornecedores mais competitivos do mundo em termos de pre\u00e7o.<\/li>\n<li>Acesso log\u00edstico estrat\u00e9gico: log\u00edstica r\u00e1pida e confi\u00e1vel a partir dos portos de Alexandria e Damietta, assegurando entregas pontuais para os mercados do Golfo, europeus e asi\u00e1ticos.<\/li>\n<\/ul>\n<p><strong>4 motivos para escolher batatas-doces eg\u00edpcias para as suas importa\u00e7\u00f5es<\/strong><\/p>\n<p>Qualidade premium consistente: batatas-doces cultivadas com cuidado, selecionadas e classificadas para atender aos padr\u00f5es internacionais de exporta\u00e7\u00e3o.<br \/>\nCertificadas &amp; em conformidade: documenta\u00e7\u00e3o completa de exporta\u00e7\u00e3o, certificados fitossanit\u00e1rios e rastreabilidade garantida para uma importa\u00e7\u00e3o sem complica\u00e7\u00f5es.<br \/>\nOp\u00e7\u00f5es de pagamento flex\u00edveis &amp; seguras: m\u00faltiplos m\u00e9todos de pagamento dispon\u00edveis para atender \u00e0s diferentes necessidades de importadores e distribuidores.<br \/>\nFornecimento confi\u00e1vel em grande volume, no prazo: pedidos de grande escala atendidos com embarques pontuais do Egito para mercados no GCC, Europa e \u00c1sia.<\/p>\n<h3><span style=\"font-weight: 400\">Melhor forma de importar batatas-doces eg\u00edpcias<\/span><\/h3>\n<p>As batatas-doces eg\u00edpcias s\u00e3o cultivadas com t\u00e9cnicas agr\u00edcolas avan\u00e7adas para garantir alta produtividade e qualidade premium. Nossos servi\u00e7os de exporta\u00e7\u00e3o incluem embalagens personalizadas, envio r\u00e1pido e conformidade com regulamentos de importa\u00e7\u00e3o, exig\u00eancias aduaneiras e padr\u00f5es fitossanit\u00e1rios.<\/p>\n","protected":false},"excerpt":{"rendered":"<div class=\"flex max-w-full flex-col grow\">\n<div class=\"min-h-8 text-message relative flex w-full flex-col items-end gap-2 text-start break-words whitespace-normal [.text-message+&amp;]:mt-1\" dir=\"auto\" data-message-author-role=\"assistant\" data-message-id=\"3974c115-a95e-448b-a09d-530ee9706d12\" data-message-model-slug=\"gpt-5-mini\">\n<div class=\"flex w-full flex-col gap-1 empty:hidden first:pt-[1px]\">\n<div class=\"markdown prose dark:prose-invert w-full break-words light markdown-new-styling\">\n<h2 data-start=\"0\" data-end=\"57\">Importe batatas-doces eg\u00edpcias frescas e certificadas<\/h2>\n<\/div>\n<\/div>\n<\/div>\n<\/div>\n<p>As batatas-doces eg\u00edpcias frescas s\u00e3o reconhecidas internacionalmente por sua qualidade premium. Cultivadas em solos f\u00e9rteis e sob o clima favor\u00e1vel do Egito, nossas batatas-doces atendem a rigorosos padr\u00f5es internacionais de exporta\u00e7\u00e3o, garantindo suprimento consistente e confi\u00e1vel.<\/p>\n","protected":false},"featured_media":7767,"template":"","meta":{"jetpack_publicize_message":"","jetpack_publicize_feature_enabled":true,"jetpack_social_post_already_shared":false,"jetpack_social_options":{"image_generator_settings":{"template":"highway","default_image_id":0,"font":"","enabled":false},"version":2}},"product_brand":[],"product_cat":[337,353],"product_tag":[],"class_list":{"0":"post-7770","1":"product","2":"type-product","3":"status-publish","4":"has-post-thumbnail","6":"product_cat-in-season","7":"product_cat-vegetables","9":"first","10":"instock","11":"shipping-taxable","12":"product-type-simple"},"mb":[],"featured_image_urls_v2":{"full":["https:\/\/peitrade.com\/wp-content\/uploads\/2025\/11\/Egyptian-Sweet-Potatoes.webp",1024,1024,false],"thumbnail":["https:\/\/peitrade.com\/wp-content\/uploads\/2025\/11\/Egyptian-Sweet-Potatoes-150x150.webp",150,150,true],"medium":["https:\/\/peitrade.com\/wp-content\/uploads\/2025\/11\/Egyptian-Sweet-Potatoes-300x300.webp",300,300,true],"medium_large":["https:\/\/peitrade.com\/wp-content\/uploads\/2025\/11\/Egyptian-Sweet-Potatoes-768x768.webp",768,768,true],"large":["https:\/\/peitrade.com\/wp-content\/uploads\/2025\/11\/Egyptian-Sweet-Potatoes.webp",1024,1024,false],"1536x1536":["https:\/\/peitrade.com\/wp-content\/uploads\/2025\/11\/Egyptian-Sweet-Potatoes.webp",1024,1024,false],"2048x2048":["https:\/\/peitrade.com\/wp-content\/uploads\/2025\/11\/Egyptian-Sweet-Potatoes.webp",1024,1024,false],"woocommerce_archive_thumbnail":["https:\/\/peitrade.com\/wp-content\/uploads\/2025\/11\/Egyptian-Sweet-Potatoes-300x300.webp",300,300,true],"woocommerce_thumbnail":["https:\/\/peitrade.com\/wp-content\/uploads\/2025\/11\/Egyptian-Sweet-Potatoes-300x300.webp",300,300,true],"woocommerce_single":["https:\/\/peitrade.com\/wp-content\/uploads\/2025\/11\/Egyptian-Sweet-Potatoes-600x600.webp",600,600,true],"woocommerce_gallery_thumbnail":["https:\/\/peitrade.com\/wp-content\/uploads\/2025\/11\/Egyptian-Sweet-Potatoes-100x100.webp",100,100,true]},"post_excerpt_stackable_v2":"<div class=\"flex max-w-full flex-col grow\">\n<div class=\"min-h-8 text-message relative flex w-full flex-col items-end gap-2 text-start break-words whitespace-normal [.text-message+&amp;]:mt-1\" dir=\"auto\" data-message-author-role=\"assistant\" data-message-id=\"3974c115-a95e-448b-a09d-530ee9706d12\" data-message-model-slug=\"gpt-5-mini\">\n<div class=\"flex w-full flex-col gap-1 empty:hidden first:pt-[1px]\">\n<div class=\"markdown prose dark:prose-invert w-full break-words light markdown-new-styling\">\n<h2 data-start=\"0\" data-end=\"57\">Importe batatas-doces eg\u00edpcias frescas e certificadas<\/h2>\n<\/div>\n<\/div>\n<\/div>\n<\/div>\n<p>As batatas-doces eg\u00edpcias frescas s\u00e3o reconhecidas internacionalmente por sua qualidade premium. Cultivadas em solos f\u00e9rteis e sob o clima favor\u00e1vel do Egito, nossas batatas-doces atendem a rigorosos padr\u00f5es internacionais de exporta\u00e7\u00e3o, garantindo suprimento consistente e confi\u00e1vel.<\/p>\n","category_list_v2":"","author_info_v2":{"name":"","url":""},"comments_num_v2":"0 coment\u00e1rio","jetpack_publicize_connections":[],"mfb_rest_fields":["title","featured_image_urls_v2","post_excerpt_stackable_v2","category_list_v2","author_info_v2","comments_num_v2","jetpack_publicize_connections"],"_links":{"self":[{"href":"https:\/\/peitrade.com\/pt-br\/wp-json\/wp\/v2\/product\/7770","targetHints":{"allow":["GET"]}}],"collection":[{"href":"https:\/\/peitrade.com\/pt-br\/wp-json\/wp\/v2\/product"}],"about":[{"href":"https:\/\/peitrade.com\/pt-br\/wp-json\/wp\/v2\/types\/product"}],"wp:featuredmedia":[{"embeddable":true,"href":"https:\/\/peitrade.com\/pt-br\/wp-json\/wp\/v2\/media\/7767"}],"wp:attachment":[{"href":"https:\/\/peitrade.com\/pt-br\/wp-json\/wp\/v2\/media?parent=7770"}],"wp:term":[{"taxonomy":"product_brand","embeddable":true,"href":"https:\/\/peitrade.com\/pt-br\/wp-json\/wp\/v2\/product_brand?post=7770"},{"taxonomy":"product_cat","embeddable":true,"href":"https:\/\/peitrade.com\/pt-br\/wp-json\/wp\/v2\/product_cat?post=7770"},{"taxonomy":"product_tag","embeddable":true,"href":"https:\/\/peitrade.com\/pt-br\/wp-json\/wp\/v2\/product_tag?post=7770"}],"curies":[{"name":"wp","href":"https:\/\/api.w.org\/{rel}","templated":true}]}}