{"id":5380,"date":"2025-05-15T09:43:20","date_gmt":"2025-05-15T09:43:20","guid":{"rendered":"http:\/\/46.224.74.15\/egyptian-oranges-4\/"},"modified":"2025-11-19T16:44:02","modified_gmt":"2025-11-19T16:44:02","slug":"egyptian-oranges-4","status":"publish","type":"page","link":"https:\/\/peitrade.com\/tr\/egyptian-oranges-4\/","title":{"rendered":"M\u0131s\u0131r Portakal\u0131n\u0131n Kalitesi | PEI Trade Premium Narenciye"},"content":{"rendered":"<section style=\"padding: 60px 20px; background-color: #f9f9f9;\">\n<div class=\"container\">\n<h1>M\u0131s\u0131r Portakal\u0131n\u0131n Kalitesi | PEI Trade ile Premium Narenciye<\/h1>\n<p>&nbsp;<\/p>\n<p>PEI Trade, d\u00fcnya genelindeki ithalat\u00e7\u0131lara y\u00fcksek kaliteli narenciye sunan lider M\u0131s\u0131r portakal tedarik\u00e7ilerinden biridir. M\u0131s\u0131r&#8217;dan portakal ithalat\u0131 yapmak isteyen firmalar i\u00e7in PEI Trade, tazelik, kalite ve zaman\u0131nda teslimat garantisi sunar.<\/p>\n<p>Portakallar\u0131m\u0131z, verimli topraklara ve ideal iklim ko\u015fullar\u0131na sahip sertifikal\u0131 M\u0131s\u0131r \u00e7iftliklerinden temin edilir. Bu ko\u015fullar, canl\u0131 renge, zengin aromaya ve y\u00fcksek sulu yap\u0131ya sahip narenciye \u00fcretimini m\u00fcmk\u00fcn k\u0131lar. \u00d6zellikle T\u00fcrkiye&#8217;de portakal pazar\u0131 i\u00e7in uygun olan \u00e7e\u015fitlerimiz, hem toptan sat\u0131\u015f hem de meyve suyu \u00fcretimi i\u00e7in idealdir.<\/p>\n<p>PEI Trade, M\u0131s\u0131r portakal tedarik\u00e7ileri aras\u0131nda g\u00fcvenilirli\u011fi ve deneyimiyle \u00f6ne \u00e7\u0131kar. T\u00fcm ihracat s\u00fcrecini \u00fcstleniyor; belgeler, so\u011fuk zincir lojistik ve \u00f6zel ambalaj \u00e7\u00f6z\u00fcmleriyle al\u0131c\u0131lar\u0131n ihtiya\u00e7lar\u0131na eksiksiz yan\u0131t veriyoruz. Avrupa, Asya ve K\u00f6rfez \u00fclkelerine rekabet\u00e7i fiyatlarla esnek hacimlerde teslimat sa\u011fl\u0131yoruz.<\/p>\n<\/div>\n<\/section>\n<div class=\"wp-block-woocommerce-product-collection\"><div class=\"woocommerce columns-4 \"><ul class=\"products columns-4\" data-products=\"type-2\">\n<li class=\"product type-product post-7671 status-publish first instock product_cat-fruits has-post-thumbnail shipping-taxable product-type-simple\">\n\t<a href=\"https:\/\/peitrade.com\/tr\/product\/cilek\/\" class=\"woocommerce-LoopProduct-link woocommerce-loop-product__link\"><img decoding=\"async\" width=\"300\" height=\"300\" src=\"https:\/\/peitrade.com\/wp-content\/uploads\/2025\/11\/Egyptian-Strawberries-300x300.webp\" class=\"attachment-woocommerce_thumbnail size-woocommerce_thumbnail\" alt=\"\u00c7ilek\" srcset=\"https:\/\/peitrade.com\/wp-content\/uploads\/2025\/11\/Egyptian-Strawberries-300x300.webp 300w, https:\/\/peitrade.com\/wp-content\/uploads\/2025\/11\/Egyptian-Strawberries-150x150.webp 150w, https:\/\/peitrade.com\/wp-content\/uploads\/2025\/11\/Egyptian-Strawberries-768x768.webp 768w, https:\/\/peitrade.com\/wp-content\/uploads\/2025\/11\/Egyptian-Strawberries-600x600.webp 600w, https:\/\/peitrade.com\/wp-content\/uploads\/2025\/11\/Egyptian-Strawberries-100x100.webp 100w, https:\/\/peitrade.com\/wp-content\/uploads\/2025\/11\/Egyptian-Strawberries.webp 1024w\" sizes=\"(max-width: 300px) 100vw, 300px\" title=\"\"><h2 class=\"woocommerce-loop-product__title\">\u00c7ilek<\/h2>\n<\/a><a href=\"https:\/\/peitrade.com\/tr\/product\/cilek\/\" aria-describedby=\"woocommerce_loop_add_to_cart_link_describedby_7671\" data-quantity=\"1\" class=\"button product_type_simple\" data-product_id=\"7671\" data-product_sku=\"81010\" aria-label=\"&ldquo;\u00c7ilek&rdquo; hakk\u0131nda daha fazla bilgi edinin\" rel=\"nofollow\" data-success_message=\"\">Devam\u0131n\u0131 oku<\/a>\t<span id=\"woocommerce_loop_add_to_cart_link_describedby_7671\" class=\"screen-reader-text\">\n\t\t\t<\/span>\n<\/li>\n<li class=\"product type-product post-7542 status-publish instock product_cat-fruits product_cat-in-season has-post-thumbnail shipping-taxable product-type-simple\">\n\t<a href=\"https:\/\/peitrade.com\/tr\/product\/limon\/\" class=\"woocommerce-LoopProduct-link woocommerce-loop-product__link\"><img decoding=\"async\" width=\"300\" height=\"300\" src=\"https:\/\/peitrade.com\/wp-content\/uploads\/2025\/11\/Egyptian-Lemons-300x300.webp\" class=\"attachment-woocommerce_thumbnail size-woocommerce_thumbnail\" alt=\"Limon\" srcset=\"https:\/\/peitrade.com\/wp-content\/uploads\/2025\/11\/Egyptian-Lemons-300x300.webp 300w, https:\/\/peitrade.com\/wp-content\/uploads\/2025\/11\/Egyptian-Lemons-150x150.webp 150w, https:\/\/peitrade.com\/wp-content\/uploads\/2025\/11\/Egyptian-Lemons-768x768.webp 768w, https:\/\/peitrade.com\/wp-content\/uploads\/2025\/11\/Egyptian-Lemons-600x600.webp 600w, https:\/\/peitrade.com\/wp-content\/uploads\/2025\/11\/Egyptian-Lemons-100x100.webp 100w, https:\/\/peitrade.com\/wp-content\/uploads\/2025\/11\/Egyptian-Lemons.webp 1024w\" sizes=\"(max-width: 300px) 100vw, 300px\" title=\"\"><h2 class=\"woocommerce-loop-product__title\">Limon<\/h2>\n<\/a><a href=\"https:\/\/peitrade.com\/tr\/product\/limon\/\" aria-describedby=\"woocommerce_loop_add_to_cart_link_describedby_7542\" data-quantity=\"1\" class=\"button product_type_simple\" data-product_id=\"7542\" data-product_sku=\"80550\" aria-label=\"&ldquo;Limon&rdquo; hakk\u0131nda daha fazla bilgi edinin\" rel=\"nofollow\" data-success_message=\"\">Devam\u0131n\u0131 oku<\/a>\t<span id=\"woocommerce_loop_add_to_cart_link_describedby_7542\" class=\"screen-reader-text\">\n\t\t\t<\/span>\n<\/li>\n<li class=\"product type-product post-7648 status-publish instock product_cat-fruits has-post-thumbnail shipping-taxable product-type-simple\">\n\t<a href=\"https:\/\/peitrade.com\/tr\/product\/mango\/\" class=\"woocommerce-LoopProduct-link woocommerce-loop-product__link\"><img decoding=\"async\" width=\"300\" height=\"300\" src=\"https:\/\/peitrade.com\/wp-content\/uploads\/2025\/11\/Egyption-Mango-300x300.webp\" class=\"attachment-woocommerce_thumbnail size-woocommerce_thumbnail\" alt=\"Mangoes: Egypt\u2019s Tropical Treasure\" srcset=\"https:\/\/peitrade.com\/wp-content\/uploads\/2025\/11\/Egyption-Mango-300x300.webp 300w, https:\/\/peitrade.com\/wp-content\/uploads\/2025\/11\/Egyption-Mango-150x150.webp 150w, https:\/\/peitrade.com\/wp-content\/uploads\/2025\/11\/Egyption-Mango-768x768.webp 768w, https:\/\/peitrade.com\/wp-content\/uploads\/2025\/11\/Egyption-Mango-600x600.webp 600w, https:\/\/peitrade.com\/wp-content\/uploads\/2025\/11\/Egyption-Mango-100x100.webp 100w, https:\/\/peitrade.com\/wp-content\/uploads\/2025\/11\/Egyption-Mango.webp 1024w\" sizes=\"(max-width: 300px) 100vw, 300px\" title=\"\"><h2 class=\"woocommerce-loop-product__title\">Mango<\/h2>\n<\/a><a href=\"https:\/\/peitrade.com\/tr\/product\/mango\/\" aria-describedby=\"woocommerce_loop_add_to_cart_link_describedby_7648\" data-quantity=\"1\" class=\"button product_type_simple\" data-product_id=\"7648\" data-product_sku=\"80450\" aria-label=\"&ldquo;Mango&rdquo; hakk\u0131nda daha fazla bilgi edinin\" rel=\"nofollow\" data-success_message=\"\">Devam\u0131n\u0131 oku<\/a>\t<span id=\"woocommerce_loop_add_to_cart_link_describedby_7648\" class=\"screen-reader-text\">\n\t\t\t<\/span>\n<\/li>\n<li class=\"product type-product post-7444 status-publish last instock product_cat-fruits product_cat-in-season has-post-thumbnail shipping-taxable product-type-simple\">\n\t<a href=\"https:\/\/peitrade.com\/tr\/product\/portakallar\/\" class=\"woocommerce-LoopProduct-link woocommerce-loop-product__link\"><img decoding=\"async\" width=\"300\" height=\"300\" src=\"https:\/\/peitrade.com\/wp-content\/uploads\/2025\/11\/Egyptian-Oranges-300x300.webp\" class=\"attachment-woocommerce_thumbnail size-woocommerce_thumbnail\" alt=\"M\u0131s\u0131r\u2019\u0131n Kanada\u2019ya portakal ihracat\u0131\" srcset=\"https:\/\/peitrade.com\/wp-content\/uploads\/2025\/11\/Egyptian-Oranges-300x300.webp 300w, https:\/\/peitrade.com\/wp-content\/uploads\/2025\/11\/Egyptian-Oranges-150x150.webp 150w, https:\/\/peitrade.com\/wp-content\/uploads\/2025\/11\/Egyptian-Oranges-768x768.webp 768w, https:\/\/peitrade.com\/wp-content\/uploads\/2025\/11\/Egyptian-Oranges-600x600.webp 600w, https:\/\/peitrade.com\/wp-content\/uploads\/2025\/11\/Egyptian-Oranges-100x100.webp 100w, https:\/\/peitrade.com\/wp-content\/uploads\/2025\/11\/Egyptian-Oranges.webp 1024w\" sizes=\"(max-width: 300px) 100vw, 300px\" title=\"\"><h2 class=\"woocommerce-loop-product__title\">Portakallar<\/h2>\n<\/a><a href=\"https:\/\/peitrade.com\/tr\/product\/portakallar\/\" aria-describedby=\"woocommerce_loop_add_to_cart_link_describedby_7444\" data-quantity=\"1\" class=\"button product_type_simple\" data-product_id=\"7444\" data-product_sku=\"80510\" aria-label=\"&ldquo;Portakallar&rdquo; hakk\u0131nda daha fazla bilgi edinin\" rel=\"nofollow\" data-success_message=\"\">Devam\u0131n\u0131 oku<\/a>\t<span id=\"woocommerce_loop_add_to_cart_link_describedby_7444\" class=\"screen-reader-text\">\n\t\t\t<\/span>\n<\/li>\n<\/ul>\n<\/div><\/div>\n<section style=\"padding: 50px 20px;\">\n<div class=\"container\">\n<h2>G\u00fcvenilir M\u0131s\u0131r Portakal Tedarik\u00e7ileri<\/h2>\n<p>PEI Trade, M\u0131s\u0131r portakal\u0131n\u0131n kalitesi konusunda uluslararas\u0131 standartlara uygun \u00fcretim yaparak g\u00fcvenilirli\u011fini kan\u0131tlam\u0131\u015ft\u0131r. \u0130hracat\u0131n\u0131 yapt\u0131\u011f\u0131m\u0131z ba\u015fl\u0131ca portakal t\u00fcrleri \u015funlard\u0131r:<\/p>\n<ul>\n<li><strong>Washington Navel:<\/strong> Kolay soyulan, \u00e7ekirdeksiz ve do\u011frudan t\u00fcketim i\u00e7in uygundur.<\/li>\n<li><strong>Valencia:<\/strong> Bol sulu ve meyve suyu \u00fcretimi i\u00e7in m\u00fckemmeldir.<\/li>\n<li><strong>Baladi:<\/strong> Yo\u011fun aromal\u0131, yerel pazarlarda tercih edilen t\u00fcrd\u00fcr.<\/li>\n<\/ul>\n<p>Tarlalar\u0131m\u0131z GlobalG.A.P. ve ISO belgelerine sahiptir. \u00dcr\u00fcnlerimiz, portakal ithalat\u0131nda lojistik s\u00fcre\u00e7leri g\u00f6z \u00f6n\u00fcnde bulundurularak maksimum tazelikte ula\u015ft\u0131r\u0131l\u0131r. T\u00fcrkiye&#8217;de M\u0131s\u0131r portakal fiyatlar\u0131 a\u00e7\u0131s\u0131ndan rekabet\u00e7i teklifler sunuyoruz.<\/p>\n<\/div>\n<\/section>\n<section style=\"padding: 50px 20px;\">\n<div class=\"container\">\n<h2>Neden Portakal Tedariki i\u00e7in PEI Trade?<\/h2>\n<p>PEI Trade, M\u0131s\u0131r&#8217;dan narenciye ithalat\u0131 yapmak isteyen al\u0131c\u0131lar i\u00e7in tercih edilen bir ortakt\u0131r. Bizi \u00f6ne \u00e7\u0131karan unsurlar:<\/p>\n<ul>\n<li>\u00c7ift\u00e7ilerle do\u011frudan ili\u015fkiler sayesinde kesintisiz tedarik<\/li>\n<li>So\u011fuk hava depolar\u0131 ve kontroll\u00fc ta\u015f\u0131mac\u0131l\u0131k<\/li>\n<li>Perakende ve toptan i\u00e7in esnek ambalaj se\u00e7enekleri<\/li>\n<li>Portakal ithalat\u0131 g\u00fcmr\u00fck vergileri konusundaki deneyim<\/li>\n<li>Takip edilebilir, belgeli sevkiyatlar<\/li>\n<\/ul>\n<p>S\u00fcpermarket zincirleri, meyve suyu \u00fcreticileri ve distrib\u00fct\u00f6rlerle \u00e7al\u0131\u015farak \u00f6zel talepleri kar\u015f\u0131l\u0131yor, M\u0131s\u0131r portakal\u0131n\u0131n kalitesi ile pazar avantaj\u0131 sunuyoruz.<\/p>\n<\/div>\n<\/section>\n<section style=\"padding: 50px 20px; background-color: #f0f0f0;\">\n<div class=\"container\">\n<h2>Organik ve \u0130hracata Uygun M\u0131s\u0131r Portakallar\u0131<\/h2>\n<p>Organik portakal ithalat\u0131 yapmak isteyenler i\u00e7in PEI Trade, sentetik girdiler kullan\u0131lmadan yeti\u015ftirilen, AB organik standartlar\u0131na uygun sertifikal\u0131 \u00fcr\u00fcnler sunar.<\/p>\n<p>\u0130hracat hizmetlerimiz \u015funlar\u0131 i\u00e7erir:<\/p>\n<ul>\n<li>Fitosaniter belgeleri ve kalite denetim raporlar\u0131<\/li>\n<li>Barkodlu ve markal\u0131 \u00f6zel ambalaj tasar\u0131m\u0131<\/li>\n<li>Esnek paletleme ve konteyner y\u00fckleme planlar\u0131<\/li>\n<li>Zaman\u0131nda teslimat ve h\u0131zl\u0131 m\u00fc\u015fteri deste\u011fi<\/li>\n<\/ul>\n<p>Toptan sat\u0131\u015f, perakende zincirleri veya meyve suyu \u00fcretimi i\u00e7in M\u0131s\u0131r portakal\u0131n\u0131n kalitesi ile \u00f6ne \u00e7\u0131kan PEI Trade, her pazar i\u00e7in \u00f6zel \u00e7\u00f6z\u00fcmler sunar.<\/p>\n<p style=\"text-align: center; margin-top: 40px;\"><a class=\"button primary large\" href=\"\/contact\">M\u0131s\u0131r Portakal\u0131 Sat\u0131n Al<\/a><\/p>\n<\/div>\n<\/section>\n<section style=\"padding: 50px 20px;\">\n<div class=\"container\">\n<h2>Di\u011fer Narenciye ve Taze Meyve \u0130hracat\u0131<\/h2>\n<p>&nbsp;<\/p>\n<p>PEI Trade yaln\u0131zca portakal de\u011fil; limon, mandalina, mango, \u00fcz\u00fcm ve nar gibi di\u011fer narenciye t\u00fcrlerinde de ihracat hizmeti sunar. Sezonluk programlar ve y\u0131l boyunca d\u00fczenli tedarik i\u00e7in uzun vadeli i\u015f birlikleri kuruyoruz. <a href=\"\/about\">\u0130hracat hizmetlerimiz hakk\u0131nda daha fazla bilgi al\u0131n<\/a>.<\/p>\n<div class=\"wp-block-woocommerce-product-collection\"><div class=\"woocommerce columns-4 \"><ul class=\"products columns-4\" data-products=\"type-2\">\n<li class=\"product type-product post-7583 status-publish first instock product_cat-fruits product_cat-in-season has-post-thumbnail shipping-taxable product-type-simple\">\n\t<a href=\"https:\/\/peitrade.com\/tr\/product\/guava\/\" class=\"woocommerce-LoopProduct-link woocommerce-loop-product__link\"><img decoding=\"async\" width=\"300\" height=\"300\" src=\"https:\/\/peitrade.com\/wp-content\/uploads\/2025\/11\/Egyptian-Guava-300x300.webp\" class=\"attachment-woocommerce_thumbnail size-woocommerce_thumbnail\" alt=\"Egyptian Guava\" srcset=\"https:\/\/peitrade.com\/wp-content\/uploads\/2025\/11\/Egyptian-Guava-300x300.webp 300w, https:\/\/peitrade.com\/wp-content\/uploads\/2025\/11\/Egyptian-Guava-150x150.webp 150w, https:\/\/peitrade.com\/wp-content\/uploads\/2025\/11\/Egyptian-Guava-768x768.webp 768w, https:\/\/peitrade.com\/wp-content\/uploads\/2025\/11\/Egyptian-Guava-600x600.webp 600w, https:\/\/peitrade.com\/wp-content\/uploads\/2025\/11\/Egyptian-Guava-100x100.webp 100w, https:\/\/peitrade.com\/wp-content\/uploads\/2025\/11\/Egyptian-Guava.webp 1024w\" sizes=\"(max-width: 300px) 100vw, 300px\" title=\"\"><h2 class=\"woocommerce-loop-product__title\">Guava<\/h2>\n<\/a><a href=\"https:\/\/peitrade.com\/tr\/product\/guava\/\" aria-describedby=\"woocommerce_loop_add_to_cart_link_describedby_7583\" data-quantity=\"1\" class=\"button product_type_simple\" data-product_id=\"7583\" data-product_sku=\"80451\" aria-label=\"&ldquo;Guava&rdquo; hakk\u0131nda daha fazla bilgi edinin\" rel=\"nofollow\" data-success_message=\"\">Devam\u0131n\u0131 oku<\/a>\t<span id=\"woocommerce_loop_add_to_cart_link_describedby_7583\" class=\"screen-reader-text\">\n\t\t\t<\/span>\n<\/li>\n<li class=\"product type-product post-7648 status-publish instock product_cat-fruits has-post-thumbnail shipping-taxable product-type-simple\">\n\t<a href=\"https:\/\/peitrade.com\/tr\/product\/mango\/\" class=\"woocommerce-LoopProduct-link woocommerce-loop-product__link\"><img decoding=\"async\" width=\"300\" height=\"300\" src=\"https:\/\/peitrade.com\/wp-content\/uploads\/2025\/11\/Egyption-Mango-300x300.webp\" class=\"attachment-woocommerce_thumbnail size-woocommerce_thumbnail\" alt=\"Mangoes: Egypt\u2019s Tropical Treasure\" srcset=\"https:\/\/peitrade.com\/wp-content\/uploads\/2025\/11\/Egyption-Mango-300x300.webp 300w, https:\/\/peitrade.com\/wp-content\/uploads\/2025\/11\/Egyption-Mango-150x150.webp 150w, https:\/\/peitrade.com\/wp-content\/uploads\/2025\/11\/Egyption-Mango-768x768.webp 768w, https:\/\/peitrade.com\/wp-content\/uploads\/2025\/11\/Egyption-Mango-600x600.webp 600w, https:\/\/peitrade.com\/wp-content\/uploads\/2025\/11\/Egyption-Mango-100x100.webp 100w, https:\/\/peitrade.com\/wp-content\/uploads\/2025\/11\/Egyption-Mango.webp 1024w\" sizes=\"(max-width: 300px) 100vw, 300px\" title=\"\"><h2 class=\"woocommerce-loop-product__title\">Mango<\/h2>\n<\/a><a href=\"https:\/\/peitrade.com\/tr\/product\/mango\/\" aria-describedby=\"woocommerce_loop_add_to_cart_link_describedby_7648\" data-quantity=\"1\" class=\"button product_type_simple\" data-product_id=\"7648\" data-product_sku=\"80450\" aria-label=\"&ldquo;Mango&rdquo; hakk\u0131nda daha fazla bilgi edinin\" rel=\"nofollow\" data-success_message=\"\">Devam\u0131n\u0131 oku<\/a>\t<span id=\"woocommerce_loop_add_to_cart_link_describedby_7648\" class=\"screen-reader-text\">\n\t\t\t<\/span>\n<\/li>\n<li class=\"product type-product post-7745 status-publish instock product_cat-fruits has-post-thumbnail shipping-taxable product-type-simple\">\n\t<a href=\"https:\/\/peitrade.com\/tr\/product\/nar\/\" class=\"woocommerce-LoopProduct-link woocommerce-loop-product__link\"><img decoding=\"async\" width=\"300\" height=\"300\" src=\"https:\/\/peitrade.com\/wp-content\/uploads\/2025\/11\/Egyptian-Pomegranate-300x300.webp\" class=\"attachment-woocommerce_thumbnail size-woocommerce_thumbnail\" alt=\"Pomegranates: The Superfruit Appeal\" srcset=\"https:\/\/peitrade.com\/wp-content\/uploads\/2025\/11\/Egyptian-Pomegranate-300x300.webp 300w, https:\/\/peitrade.com\/wp-content\/uploads\/2025\/11\/Egyptian-Pomegranate-150x150.webp 150w, https:\/\/peitrade.com\/wp-content\/uploads\/2025\/11\/Egyptian-Pomegranate-768x768.webp 768w, https:\/\/peitrade.com\/wp-content\/uploads\/2025\/11\/Egyptian-Pomegranate-600x600.webp 600w, https:\/\/peitrade.com\/wp-content\/uploads\/2025\/11\/Egyptian-Pomegranate-100x100.webp 100w, https:\/\/peitrade.com\/wp-content\/uploads\/2025\/11\/Egyptian-Pomegranate.webp 1024w\" sizes=\"(max-width: 300px) 100vw, 300px\" title=\"\"><h2 class=\"woocommerce-loop-product__title\">Nar<\/h2>\n<\/a><a href=\"https:\/\/peitrade.com\/tr\/product\/nar\/\" aria-describedby=\"woocommerce_loop_add_to_cart_link_describedby_7745\" data-quantity=\"1\" class=\"button product_type_simple\" data-product_id=\"7745\" data-product_sku=\"81090\" aria-label=\"&ldquo;Nar&rdquo; hakk\u0131nda daha fazla bilgi edinin\" rel=\"nofollow\" data-success_message=\"\">Devam\u0131n\u0131 oku<\/a>\t<span id=\"woocommerce_loop_add_to_cart_link_describedby_7745\" class=\"screen-reader-text\">\n\t\t\t<\/span>\n<\/li>\n<li class=\"product type-product post-7589 status-publish last instock product_cat-fruits has-post-thumbnail shipping-taxable product-type-simple\">\n\t<a href=\"https:\/\/peitrade.com\/tr\/product\/uzum\/\" class=\"woocommerce-LoopProduct-link woocommerce-loop-product__link\"><img decoding=\"async\" width=\"300\" height=\"300\" src=\"https:\/\/peitrade.com\/wp-content\/uploads\/2025\/11\/Egyptian-Grapes-300x300.webp\" class=\"attachment-woocommerce_thumbnail size-woocommerce_thumbnail\" alt=\"Grapes: A Rising Star\" srcset=\"https:\/\/peitrade.com\/wp-content\/uploads\/2025\/11\/Egyptian-Grapes-300x300.webp 300w, https:\/\/peitrade.com\/wp-content\/uploads\/2025\/11\/Egyptian-Grapes-150x150.webp 150w, https:\/\/peitrade.com\/wp-content\/uploads\/2025\/11\/Egyptian-Grapes-768x768.webp 768w, https:\/\/peitrade.com\/wp-content\/uploads\/2025\/11\/Egyptian-Grapes-600x600.webp 600w, https:\/\/peitrade.com\/wp-content\/uploads\/2025\/11\/Egyptian-Grapes-100x100.webp 100w, https:\/\/peitrade.com\/wp-content\/uploads\/2025\/11\/Egyptian-Grapes.webp 1024w\" sizes=\"(max-width: 300px) 100vw, 300px\" title=\"\"><h2 class=\"woocommerce-loop-product__title\">\u00dcz\u00fcm<\/h2>\n<\/a><a href=\"https:\/\/peitrade.com\/tr\/product\/uzum\/\" aria-describedby=\"woocommerce_loop_add_to_cart_link_describedby_7589\" data-quantity=\"1\" class=\"button product_type_simple\" data-product_id=\"7589\" data-product_sku=\"80610\" aria-label=\"&ldquo;\u00dcz\u00fcm&rdquo; hakk\u0131nda daha fazla bilgi edinin\" rel=\"nofollow\" data-success_message=\"\">Devam\u0131n\u0131 oku<\/a>\t<span id=\"woocommerce_loop_add_to_cart_link_describedby_7589\" class=\"screen-reader-text\">\n\t\t\t<\/span>\n<\/li>\n<\/ul>\n<\/div><\/div>\n<\/div>\n<\/section>\n<section style=\"padding: 50px 20px; background-color: #f9f9f9;\">\n<div class=\"container\">\n<h2>S\u0131k\u00e7a Sorulan Sorular<\/h2>\n<div>\n<h3>M\u0131s\u0131r portakal\u0131n\u0131n hasat d\u00f6nemi ne zaman?<\/h3>\n<div>M\u0131s\u0131r&#8217;da portakal hasat d\u00f6nemi genellikle Kas\u0131m&#8217;dan May\u0131s&#8217;a kadar s\u00fcrer. PEI Trade, tazeli\u011fi korumak ad\u0131na sevkiyatlar\u0131n\u0131 bu d\u00f6neme g\u00f6re planlar.<\/div>\n<\/div>\n<div>\n<h3>Hangi portakal t\u00fcrlerini ihra\u00e7 ediyorsunuz?<\/h3>\n<div>Navel, Valencia ve Baladi portakallar\u0131n\u0131 ihra\u00e7 ediyoruz. Her biri taze t\u00fcketim ve meyve suyu \u00fcretimi i\u00e7in farkl\u0131 avantajlar sunar.<\/div>\n<\/div>\n<div>\n<h3>Organik portakal se\u00e7enekleriniz var m\u0131?<\/h3>\n<div>Evet. PEI Trade, AB ve uluslararas\u0131 standartlara uygun sertifikal\u0131 organik M\u0131s\u0131r portakal\u0131n\u0131n kalitesiyle hizmet sunmaktad\u0131r.<\/div>\n<\/div>\n<div>\n<h3>\u0130hracat i\u00e7in hangi ambalaj t\u00fcrlerini sunuyorsunuz?<\/h3>\n<div>Toplu koli, perakende kutular\u0131, markal\u0131 ambalajlar ve etiketli \u00e7\u00f6z\u00fcmler sunuyoruz. T\u00fcm sipari\u015fler, narenciye ithalat prosed\u00fcrleri do\u011frultusunda belgelerle birlikte gelir.<\/div>\n<\/div>\n<\/div>\n<\/section>\n","protected":false},"excerpt":{"rendered":"<p>M\u0131s\u0131r Portakal\u0131n\u0131n Kalitesi | PEI Trade ile Premium Narenciye &nbsp; PEI Trade, d\u00fcnya genelindeki ithalat\u00e7\u0131lara y\u00fcksek kaliteli narenciye sunan lider M\u0131s\u0131r portakal tedarik\u00e7ilerinden biridir. M\u0131s\u0131r&#8217;dan portakal ithalat\u0131 yapmak isteyen firmalar i\u00e7in PEI Trade, tazelik, kalite ve zaman\u0131nda teslimat garantisi sunar. Portakallar\u0131m\u0131z, verimli topraklara ve ideal iklim ko\u015fullar\u0131na sahip sertifikal\u0131 M\u0131s\u0131r \u00e7iftliklerinden temin edilir. Bu ko\u015fullar, [&hellip;]<\/p>\n","protected":false},"author":1,"featured_media":0,"parent":0,"menu_order":0,"comment_status":"closed","ping_status":"closed","template":"","meta":{"footnotes":""},"class_list":["post-5380","page","type-page","status-publish","hentry"],"blocksy_meta":[],"mb":[],"featured_image_urls_v2":{"full":"","thumbnail":"","medium":"","medium_large":"","large":"","1536x1536":"","2048x2048":"","woocommerce_archive_thumbnail":"","woocommerce_thumbnail":"","woocommerce_single":"","woocommerce_gallery_thumbnail":""},"post_excerpt_stackable_v2":"<p>M\u0131s\u0131r Portakal\u0131n\u0131n Kalitesi | PEI Trade ile Premium Narenciye &nbsp; PEI Trade, d\u00fcnya genelindeki ithalat\u00e7\u0131lara y\u00fcksek kaliteli narenciye sunan lider M\u0131s\u0131r portakal tedarik\u00e7ilerinden biridir. M\u0131s\u0131r&#8217;dan portakal ithalat\u0131 yapmak isteyen firmalar i\u00e7in PEI Trade, tazelik, kalite ve zaman\u0131nda teslimat garantisi sunar. Portakallar\u0131m\u0131z, verimli topraklara ve ideal iklim ko\u015fullar\u0131na sahip sertifikal\u0131 M\u0131s\u0131r \u00e7iftliklerinden temin edilir. Bu ko\u015fullar, canl\u0131 renge, zengin aromaya ve y\u00fcksek sulu yap\u0131ya sahip narenciye \u00fcretimini m\u00fcmk\u00fcn k\u0131lar. \u00d6zellikle T\u00fcrkiye&#8217;de portakal pazar\u0131 i\u00e7in uygun olan \u00e7e\u015fitlerimiz, hem toptan sat\u0131\u015f hem de meyve suyu \u00fcretimi i\u00e7in idealdir. PEI Trade, M\u0131s\u0131r portakal tedarik\u00e7ileri aras\u0131nda g\u00fcvenilirli\u011fi ve deneyimiyle \u00f6ne \u00e7\u0131kar. T\u00fcm ihracat s\u00fcrecini&hellip;<\/p>\n","category_list_v2":"","author_info_v2":{"name":"Mostafa Sabry","url":"https:\/\/peitrade.com\/tr\/author\/emostafaadel_jn8gcqbo\/"},"comments_num_v2":"0 comments","mfb_rest_fields":["title","blocksy_meta","featured_image_urls_v2","post_excerpt_stackable_v2","category_list_v2","author_info_v2","comments_num_v2"],"_links":{"self":[{"href":"https:\/\/peitrade.com\/tr\/wp-json\/wp\/v2\/pages\/5380","targetHints":{"allow":["GET"]}}],"collection":[{"href":"https:\/\/peitrade.com\/tr\/wp-json\/wp\/v2\/pages"}],"about":[{"href":"https:\/\/peitrade.com\/tr\/wp-json\/wp\/v2\/types\/page"}],"author":[{"embeddable":true,"href":"https:\/\/peitrade.com\/tr\/wp-json\/wp\/v2\/users\/1"}],"replies":[{"embeddable":true,"href":"https:\/\/peitrade.com\/tr\/wp-json\/wp\/v2\/comments?post=5380"}],"version-history":[{"count":1,"href":"https:\/\/peitrade.com\/tr\/wp-json\/wp\/v2\/pages\/5380\/revisions"}],"predecessor-version":[{"id":5381,"href":"https:\/\/peitrade.com\/tr\/wp-json\/wp\/v2\/pages\/5380\/revisions\/5381"}],"wp:attachment":[{"href":"https:\/\/peitrade.com\/tr\/wp-json\/wp\/v2\/media?parent=5380"}],"curies":[{"name":"wp","href":"https:\/\/api.w.org\/{rel}","templated":true}]}}