{"id":5394,"date":"2025-05-15T06:33:05","date_gmt":"2025-05-15T06:33:05","guid":{"rendered":"http:\/\/46.224.74.15\/?page_id=5394"},"modified":"2025-11-27T13:01:33","modified_gmt":"2025-11-27T13:01:33","slug":"misir-siyah-cekirdeksiz-uzum","status":"publish","type":"page","link":"https:\/\/peitrade.com\/tr\/misir-siyah-cekirdeksiz-uzum\/","title":{"rendered":"PEI Trade: M\u0131s\u0131r Siyah \u00c7ekirdeksiz \u00dcz\u00fcm \u0130hracat\u0131nda G\u00fcvendi\u011finiz Ortak"},"content":{"rendered":"<section style=\"padding: 60px 20px; background-color: #f9f9f9;\">\n<div class=\"container\">\n<h1>PEI Trade: M\u0131s\u0131r Siyah \u00c7ekirdeksiz \u00dcz\u00fcm \u0130hracat\u0131nda G\u00fcvendi\u011finiz Ortak<\/h1>\n<p>&nbsp;<\/p>\n<p>PEI Trade, k\u00fcresel pazarlar i\u00e7in en kaliteli <strong>M\u0131s\u0131r siyah \u00e7ekirdeksiz \u00fcz\u00fcmleri<\/strong> konusunda uzmanla\u015fm\u0131\u015f g\u00fcvenilir bir <strong>M\u0131s\u0131r \u00fcz\u00fcm ihracat \u015firketidir<\/strong>. M\u00fckemmelli\u011fe olan ba\u011fl\u0131l\u0131\u011f\u0131m\u0131z sayesinde ithalat\u00e7\u0131lar, yaln\u0131zca en taze, sulu ve lezzetli <strong>M\u0131s\u0131r \u00fcz\u00fcmlerini<\/strong> al\u0131r; \u00fcstelik s\u0131k\u0131 kalite kontrolleri alt\u0131nda hasat edilir.<\/p>\n<p><strong>M\u0131s\u0131r \u00e7ekirdeksiz \u00fcz\u00fcm<\/strong> ve <strong>M\u0131s\u0131r ye\u015fil \u00fcz\u00fcm\u00fc<\/strong> dahil olmak \u00fczere geni\u015f bir \u00fcz\u00fcm \u00e7e\u015fidi yelpazesi sunmaktan gurur duyuyoruz. T\u00fcm \u00fcr\u00fcnlerimiz organik ve s\u00fcrd\u00fcr\u00fclebilir uygulamalar\u0131yla bilinen se\u00e7kin \u00e7iftliklerden \u00f6zenle se\u00e7ilir. \u00d6nde gelen <strong>M\u0131s\u0131r \u00fcz\u00fcm ihracat\u00e7\u0131lar\u0131<\/strong> aras\u0131nda yer alan PEI Trade, g\u00fcvenilir tedarik, g\u00fcvenli ambalaj ve zaman\u0131nda teslimat garantisi verir.<\/p>\n<\/div>\n<\/section>\n<div class=\"wp-block-woocommerce-product-collection\"><div class=\"woocommerce columns-4 \"><ul class=\"products columns-4\" data-products=\"type-2\">\n<li class=\"product type-product post-7671 status-publish first instock product_cat-fruits has-post-thumbnail shipping-taxable product-type-simple\">\n\t<a href=\"https:\/\/peitrade.com\/tr\/product\/cilek\/\" class=\"woocommerce-LoopProduct-link woocommerce-loop-product__link\"><img decoding=\"async\" width=\"300\" height=\"300\" src=\"https:\/\/peitrade.com\/wp-content\/uploads\/2025\/11\/Egyptian-Strawberries-300x300.webp\" class=\"attachment-woocommerce_thumbnail size-woocommerce_thumbnail\" alt=\"\u00c7ilek\" srcset=\"https:\/\/peitrade.com\/wp-content\/uploads\/2025\/11\/Egyptian-Strawberries-300x300.webp 300w, https:\/\/peitrade.com\/wp-content\/uploads\/2025\/11\/Egyptian-Strawberries-150x150.webp 150w, https:\/\/peitrade.com\/wp-content\/uploads\/2025\/11\/Egyptian-Strawberries-768x768.webp 768w, https:\/\/peitrade.com\/wp-content\/uploads\/2025\/11\/Egyptian-Strawberries-600x600.webp 600w, https:\/\/peitrade.com\/wp-content\/uploads\/2025\/11\/Egyptian-Strawberries-100x100.webp 100w, https:\/\/peitrade.com\/wp-content\/uploads\/2025\/11\/Egyptian-Strawberries.webp 1024w\" sizes=\"(max-width: 300px) 100vw, 300px\" title=\"\"><h2 class=\"woocommerce-loop-product__title\">\u00c7ilek<\/h2>\n<\/a><a href=\"https:\/\/peitrade.com\/tr\/product\/cilek\/\" aria-describedby=\"woocommerce_loop_add_to_cart_link_describedby_7671\" data-quantity=\"1\" class=\"button product_type_simple\" data-product_id=\"7671\" data-product_sku=\"81010\" aria-label=\"&ldquo;\u00c7ilek&rdquo; hakk\u0131nda daha fazla bilgi edinin\" rel=\"nofollow\" data-success_message=\"\">Devam\u0131n\u0131 oku<\/a>\t<span id=\"woocommerce_loop_add_to_cart_link_describedby_7671\" class=\"screen-reader-text\">\n\t\t\t<\/span>\n<\/li>\n<li class=\"product type-product post-7542 status-publish instock product_cat-fruits product_cat-in-season has-post-thumbnail shipping-taxable product-type-simple\">\n\t<a href=\"https:\/\/peitrade.com\/tr\/product\/limon\/\" class=\"woocommerce-LoopProduct-link woocommerce-loop-product__link\"><img decoding=\"async\" width=\"300\" height=\"300\" src=\"https:\/\/peitrade.com\/wp-content\/uploads\/2025\/11\/Egyptian-Lemons-300x300.webp\" class=\"attachment-woocommerce_thumbnail size-woocommerce_thumbnail\" alt=\"Limon\" srcset=\"https:\/\/peitrade.com\/wp-content\/uploads\/2025\/11\/Egyptian-Lemons-300x300.webp 300w, https:\/\/peitrade.com\/wp-content\/uploads\/2025\/11\/Egyptian-Lemons-150x150.webp 150w, https:\/\/peitrade.com\/wp-content\/uploads\/2025\/11\/Egyptian-Lemons-768x768.webp 768w, https:\/\/peitrade.com\/wp-content\/uploads\/2025\/11\/Egyptian-Lemons-600x600.webp 600w, https:\/\/peitrade.com\/wp-content\/uploads\/2025\/11\/Egyptian-Lemons-100x100.webp 100w, https:\/\/peitrade.com\/wp-content\/uploads\/2025\/11\/Egyptian-Lemons.webp 1024w\" sizes=\"(max-width: 300px) 100vw, 300px\" title=\"\"><h2 class=\"woocommerce-loop-product__title\">Limon<\/h2>\n<\/a><a href=\"https:\/\/peitrade.com\/tr\/product\/limon\/\" aria-describedby=\"woocommerce_loop_add_to_cart_link_describedby_7542\" data-quantity=\"1\" class=\"button product_type_simple\" data-product_id=\"7542\" data-product_sku=\"80550\" aria-label=\"&ldquo;Limon&rdquo; hakk\u0131nda daha fazla bilgi edinin\" rel=\"nofollow\" data-success_message=\"\">Devam\u0131n\u0131 oku<\/a>\t<span id=\"woocommerce_loop_add_to_cart_link_describedby_7542\" class=\"screen-reader-text\">\n\t\t\t<\/span>\n<\/li>\n<li class=\"product type-product post-7648 status-publish instock product_cat-fruits has-post-thumbnail shipping-taxable product-type-simple\">\n\t<a href=\"https:\/\/peitrade.com\/tr\/product\/mango\/\" class=\"woocommerce-LoopProduct-link woocommerce-loop-product__link\"><img decoding=\"async\" width=\"300\" height=\"300\" src=\"https:\/\/peitrade.com\/wp-content\/uploads\/2025\/11\/Egyption-Mango-300x300.webp\" class=\"attachment-woocommerce_thumbnail size-woocommerce_thumbnail\" alt=\"Mangoes: Egypt\u2019s Tropical Treasure\" srcset=\"https:\/\/peitrade.com\/wp-content\/uploads\/2025\/11\/Egyption-Mango-300x300.webp 300w, https:\/\/peitrade.com\/wp-content\/uploads\/2025\/11\/Egyption-Mango-150x150.webp 150w, https:\/\/peitrade.com\/wp-content\/uploads\/2025\/11\/Egyption-Mango-768x768.webp 768w, https:\/\/peitrade.com\/wp-content\/uploads\/2025\/11\/Egyption-Mango-600x600.webp 600w, https:\/\/peitrade.com\/wp-content\/uploads\/2025\/11\/Egyption-Mango-100x100.webp 100w, https:\/\/peitrade.com\/wp-content\/uploads\/2025\/11\/Egyption-Mango.webp 1024w\" sizes=\"(max-width: 300px) 100vw, 300px\" title=\"\"><h2 class=\"woocommerce-loop-product__title\">Mango<\/h2>\n<\/a><a href=\"https:\/\/peitrade.com\/tr\/product\/mango\/\" aria-describedby=\"woocommerce_loop_add_to_cart_link_describedby_7648\" data-quantity=\"1\" class=\"button product_type_simple\" data-product_id=\"7648\" data-product_sku=\"80450\" aria-label=\"&ldquo;Mango&rdquo; hakk\u0131nda daha fazla bilgi edinin\" rel=\"nofollow\" data-success_message=\"\">Devam\u0131n\u0131 oku<\/a>\t<span id=\"woocommerce_loop_add_to_cart_link_describedby_7648\" class=\"screen-reader-text\">\n\t\t\t<\/span>\n<\/li>\n<li class=\"product type-product post-7589 status-publish last instock product_cat-fruits has-post-thumbnail shipping-taxable product-type-simple\">\n\t<a href=\"https:\/\/peitrade.com\/tr\/product\/uzum\/\" class=\"woocommerce-LoopProduct-link woocommerce-loop-product__link\"><img decoding=\"async\" width=\"300\" height=\"300\" src=\"https:\/\/peitrade.com\/wp-content\/uploads\/2025\/11\/Egyptian-Grapes-300x300.webp\" class=\"attachment-woocommerce_thumbnail size-woocommerce_thumbnail\" alt=\"Grapes: A Rising Star\" srcset=\"https:\/\/peitrade.com\/wp-content\/uploads\/2025\/11\/Egyptian-Grapes-300x300.webp 300w, https:\/\/peitrade.com\/wp-content\/uploads\/2025\/11\/Egyptian-Grapes-150x150.webp 150w, https:\/\/peitrade.com\/wp-content\/uploads\/2025\/11\/Egyptian-Grapes-768x768.webp 768w, https:\/\/peitrade.com\/wp-content\/uploads\/2025\/11\/Egyptian-Grapes-600x600.webp 600w, https:\/\/peitrade.com\/wp-content\/uploads\/2025\/11\/Egyptian-Grapes-100x100.webp 100w, https:\/\/peitrade.com\/wp-content\/uploads\/2025\/11\/Egyptian-Grapes.webp 1024w\" sizes=\"(max-width: 300px) 100vw, 300px\" title=\"\"><h2 class=\"woocommerce-loop-product__title\">\u00dcz\u00fcm<\/h2>\n<\/a><a href=\"https:\/\/peitrade.com\/tr\/product\/uzum\/\" aria-describedby=\"woocommerce_loop_add_to_cart_link_describedby_7589\" data-quantity=\"1\" class=\"button product_type_simple\" data-product_id=\"7589\" data-product_sku=\"80610\" aria-label=\"&ldquo;\u00dcz\u00fcm&rdquo; hakk\u0131nda daha fazla bilgi edinin\" rel=\"nofollow\" data-success_message=\"\">Devam\u0131n\u0131 oku<\/a>\t<span id=\"woocommerce_loop_add_to_cart_link_describedby_7589\" class=\"screen-reader-text\">\n\t\t\t<\/span>\n<\/li>\n<\/ul>\n<\/div><\/div>\n<section style=\"padding: 50px 20px;\">\n<div class=\"container\">\n<h2>M\u0131s\u0131r\u2019dan Taze \u00dcz\u00fcm Tedarikinde Neden PEI Trade?<\/h2>\n<p>PEI Trade olarak, uluslararas\u0131 standartlara uygun y\u00fcksek kaliteli <strong>taze M\u0131s\u0131r \u00fcz\u00fcmlerine<\/strong> olan piyasa talebinin fark\u0131nday\u0131z. Tarladan sofraya kadar her ad\u0131m\u0131 kapsayan ihracat s\u00fcrecimizle, <strong>M\u0131s\u0131r \u00e7ekirdeksiz \u00fcz\u00fcmleri<\/strong>nin en iyisini sunuyoruz.<\/p>\n<ul>\n<li>\u0130zlenebilirli\u011fe sahip, sertifikal\u0131 organik <strong>M\u0131s\u0131r \u00fcz\u00fcmleri<\/strong><\/li>\n<li>Ta\u015f\u0131ma s\u0131ras\u0131nda tazeli\u011fi koruyan so\u011fuk zincir lojisti\u011fi<\/li>\n<li>Perakende ve toptan al\u0131c\u0131lar i\u00e7in \u00f6zel ambalaj se\u00e7enekleri<\/li>\n<li>En iyi <strong>M\u0131s\u0131r \u00fcz\u00fcm tedarik\u00e7ileriyle<\/strong> g\u00fc\u00e7l\u00fc ortakl\u0131klar<\/li>\n<li>Kapsaml\u0131 ihracat belgeleri ve sertifikalar<\/li>\n<\/ul>\n<p>\u0130ster <strong>M\u0131s\u0131r siyah \u00e7ekirdeksiz \u00fcz\u00fcm\u00fc<\/strong> ister <strong>ihracat i\u00e7in organik M\u0131s\u0131r \u00fcz\u00fcm\u00fc<\/strong> ithal etmek isteyin, PEI Trade M\u0131s\u0131r\u2019daki g\u00fcvenilir orta\u011f\u0131n\u0131z olacakt\u0131r.<\/p>\n<\/div>\n<\/section>\n<section style=\"padding: 50px 20px;\">\n<div class=\"container\">\n<h2>Kaliteli M\u0131s\u0131r \u00dcz\u00fcmlerimizi Ke\u015ffedin<\/h2>\n<p>M\u0131s\u0131r\u2019\u0131n verimli topraklar\u0131, d\u00fcnya \u00e7ap\u0131nda tan\u0131nan \u00e7e\u015fitli \u00fcz\u00fcm t\u00fcrlerini \u00fcretir. Se\u00e7eneklerimiz \u015funlar\u0131 i\u00e7erir:<\/p>\n<ul>\n<li><strong>M\u0131s\u0131r siyah \u00e7ekirdeksiz \u00fcz\u00fcm\u00fc<\/strong>: Tatl\u0131, dolgun ve taze t\u00fcketim i\u00e7in idealdir<\/li>\n<li><strong>M\u0131s\u0131r ye\u015fil \u00fcz\u00fcm\u00fc<\/strong>: Ferahlat\u0131c\u0131, gevrek ve \u00e7ok talep g\u00f6r\u00fcr<\/li>\n<li><strong>M\u0131s\u0131r \u00e7ekirdeksiz \u00fcz\u00fcm<\/strong> \u00e7e\u015fitleri: Sa\u011fl\u0131kl\u0131 ya\u015fam\u0131 benimseyen t\u00fcketiciler i\u00e7in m\u00fckemmel<\/li>\n<\/ul>\n<p>T\u00fcm \u00fcz\u00fcmlerimiz, do\u011fal ve taze tat sa\u011flayan s\u00fcrd\u00fcr\u00fclebilir uygulamalara ba\u011fl\u0131 \u00e7iftliklerden temin edilir.<\/p>\n<\/div>\n<\/section>\n<section style=\"padding: 50px 20px; background-color: #f0f0f0;\">\n<div class=\"container\">\n<h2>K\u00fcresel A\u011fa Sahip G\u00fcvenilir M\u0131s\u0131r \u00dcz\u00fcm \u0130hracat\u00e7\u0131lar\u0131<\/h2>\n<p>\u00d6nde gelen bir <strong>M\u0131s\u0131r \u00fcz\u00fcm ihracat \u015firketi<\/strong> olarak PEI Trade, Avrupa, Asya ve K\u00f6rfez \u00fclkelerine ihracat konusunda geni\u015f deneyime sahiptir. \u0130hracat s\u00fcrecinin her a\u015famas\u0131n\u0131 y\u00f6netiyoruz:<\/p>\n<ul>\n<li>Zaman\u0131nda, olgunlukta \u00f6zenli se\u00e7im ve hasat<\/li>\n<li>So\u011fuk depolama ve \u0131s\u0131 kontroll\u00fc ta\u015f\u0131ma<\/li>\n<li>GlobalG.A.P., ISO ve bitki sa\u011fl\u0131\u011f\u0131 sertifikalar\u0131na uyum<\/li>\n<li>G\u00fcmr\u00fck i\u015flemleri ve zaman\u0131nda sevkiyat<\/li>\n<\/ul>\n<p>Uzmanl\u0131\u011f\u0131m\u0131z sayesinde en kat\u0131 ithalat d\u00fczenlemelerini kar\u015f\u0131l\u0131yor ve g\u00f6nderilerinizin en iyi \u015fekilde ula\u015fmas\u0131n\u0131 sa\u011fl\u0131yoruz.<\/p>\n<p style=\"text-align: center; margin-top: 40px;\"><a class=\"button primary large\" href=\"\/contact\">M\u0131s\u0131r Siyah \u00c7ekirdeksiz \u00dcz\u00fcm Sipari\u015fi Verin<\/a><\/p>\n<\/div>\n<\/section>\n<section style=\"padding: 50px 20px;\">\n<div class=\"container\">\n<h2>PEI Trade\u2019den Di\u011fer Taze \u00dcr\u00fcnler<\/h2>\n<p>&nbsp;<\/p>\n<p>\u00dcst d\u00fczey \u00fcz\u00fcmlerimize ek olarak, PEI Trade M\u0131s\u0131r&#8217;dan \u00e7ok \u00e7e\u015fitli taze meyveler sunar; bu meyveler sezonluk programlar\u0131 ve uzun vadeli anla\u015fmalar\u0131 destekler. <a href=\"\/about\">\u0130hracat hizmetlerimiz hakk\u0131nda daha fazla bilgi edinin<\/a> ve taze \u00fcr\u00fcn ihtiya\u00e7lar\u0131n\u0131zda size nas\u0131l yard\u0131mc\u0131 olabilece\u011fimizi \u00f6\u011frenin.<\/p>\n<div class=\"wp-block-woocommerce-product-collection\"><div class=\"woocommerce columns-4 \"><ul class=\"products columns-4\" data-products=\"type-2\">\n<li class=\"product type-product post-7583 status-publish first instock product_cat-fruits product_cat-in-season has-post-thumbnail shipping-taxable product-type-simple\">\n\t<a href=\"https:\/\/peitrade.com\/tr\/product\/guava\/\" class=\"woocommerce-LoopProduct-link woocommerce-loop-product__link\"><img decoding=\"async\" width=\"300\" height=\"300\" src=\"https:\/\/peitrade.com\/wp-content\/uploads\/2025\/11\/Egyptian-Guava-300x300.webp\" class=\"attachment-woocommerce_thumbnail size-woocommerce_thumbnail\" alt=\"Egyptian Guava\" srcset=\"https:\/\/peitrade.com\/wp-content\/uploads\/2025\/11\/Egyptian-Guava-300x300.webp 300w, https:\/\/peitrade.com\/wp-content\/uploads\/2025\/11\/Egyptian-Guava-150x150.webp 150w, https:\/\/peitrade.com\/wp-content\/uploads\/2025\/11\/Egyptian-Guava-768x768.webp 768w, https:\/\/peitrade.com\/wp-content\/uploads\/2025\/11\/Egyptian-Guava-600x600.webp 600w, https:\/\/peitrade.com\/wp-content\/uploads\/2025\/11\/Egyptian-Guava-100x100.webp 100w, https:\/\/peitrade.com\/wp-content\/uploads\/2025\/11\/Egyptian-Guava.webp 1024w\" sizes=\"(max-width: 300px) 100vw, 300px\" title=\"\"><h2 class=\"woocommerce-loop-product__title\">Guava<\/h2>\n<\/a><a href=\"https:\/\/peitrade.com\/tr\/product\/guava\/\" aria-describedby=\"woocommerce_loop_add_to_cart_link_describedby_7583\" data-quantity=\"1\" class=\"button product_type_simple\" data-product_id=\"7583\" data-product_sku=\"80451\" aria-label=\"&ldquo;Guava&rdquo; hakk\u0131nda daha fazla bilgi edinin\" rel=\"nofollow\" data-success_message=\"\">Devam\u0131n\u0131 oku<\/a>\t<span id=\"woocommerce_loop_add_to_cart_link_describedby_7583\" class=\"screen-reader-text\">\n\t\t\t<\/span>\n<\/li>\n<li class=\"product type-product post-7648 status-publish instock product_cat-fruits has-post-thumbnail shipping-taxable product-type-simple\">\n\t<a href=\"https:\/\/peitrade.com\/tr\/product\/mango\/\" class=\"woocommerce-LoopProduct-link woocommerce-loop-product__link\"><img decoding=\"async\" width=\"300\" height=\"300\" src=\"https:\/\/peitrade.com\/wp-content\/uploads\/2025\/11\/Egyption-Mango-300x300.webp\" class=\"attachment-woocommerce_thumbnail size-woocommerce_thumbnail\" alt=\"Mangoes: Egypt\u2019s Tropical Treasure\" srcset=\"https:\/\/peitrade.com\/wp-content\/uploads\/2025\/11\/Egyption-Mango-300x300.webp 300w, https:\/\/peitrade.com\/wp-content\/uploads\/2025\/11\/Egyption-Mango-150x150.webp 150w, https:\/\/peitrade.com\/wp-content\/uploads\/2025\/11\/Egyption-Mango-768x768.webp 768w, https:\/\/peitrade.com\/wp-content\/uploads\/2025\/11\/Egyption-Mango-600x600.webp 600w, https:\/\/peitrade.com\/wp-content\/uploads\/2025\/11\/Egyption-Mango-100x100.webp 100w, https:\/\/peitrade.com\/wp-content\/uploads\/2025\/11\/Egyption-Mango.webp 1024w\" sizes=\"(max-width: 300px) 100vw, 300px\" title=\"\"><h2 class=\"woocommerce-loop-product__title\">Mango<\/h2>\n<\/a><a href=\"https:\/\/peitrade.com\/tr\/product\/mango\/\" aria-describedby=\"woocommerce_loop_add_to_cart_link_describedby_7648\" data-quantity=\"1\" class=\"button product_type_simple\" data-product_id=\"7648\" data-product_sku=\"80450\" aria-label=\"&ldquo;Mango&rdquo; hakk\u0131nda daha fazla bilgi edinin\" rel=\"nofollow\" data-success_message=\"\">Devam\u0131n\u0131 oku<\/a>\t<span id=\"woocommerce_loop_add_to_cart_link_describedby_7648\" class=\"screen-reader-text\">\n\t\t\t<\/span>\n<\/li>\n<li class=\"product type-product post-7745 status-publish instock product_cat-fruits has-post-thumbnail shipping-taxable product-type-simple\">\n\t<a href=\"https:\/\/peitrade.com\/tr\/product\/nar\/\" class=\"woocommerce-LoopProduct-link woocommerce-loop-product__link\"><img decoding=\"async\" width=\"300\" height=\"300\" src=\"https:\/\/peitrade.com\/wp-content\/uploads\/2025\/11\/Egyptian-Pomegranate-300x300.webp\" class=\"attachment-woocommerce_thumbnail size-woocommerce_thumbnail\" alt=\"Pomegranates: The Superfruit Appeal\" srcset=\"https:\/\/peitrade.com\/wp-content\/uploads\/2025\/11\/Egyptian-Pomegranate-300x300.webp 300w, https:\/\/peitrade.com\/wp-content\/uploads\/2025\/11\/Egyptian-Pomegranate-150x150.webp 150w, https:\/\/peitrade.com\/wp-content\/uploads\/2025\/11\/Egyptian-Pomegranate-768x768.webp 768w, https:\/\/peitrade.com\/wp-content\/uploads\/2025\/11\/Egyptian-Pomegranate-600x600.webp 600w, https:\/\/peitrade.com\/wp-content\/uploads\/2025\/11\/Egyptian-Pomegranate-100x100.webp 100w, https:\/\/peitrade.com\/wp-content\/uploads\/2025\/11\/Egyptian-Pomegranate.webp 1024w\" sizes=\"(max-width: 300px) 100vw, 300px\" title=\"\"><h2 class=\"woocommerce-loop-product__title\">Nar<\/h2>\n<\/a><a href=\"https:\/\/peitrade.com\/tr\/product\/nar\/\" aria-describedby=\"woocommerce_loop_add_to_cart_link_describedby_7745\" data-quantity=\"1\" class=\"button product_type_simple\" data-product_id=\"7745\" data-product_sku=\"81090\" aria-label=\"&ldquo;Nar&rdquo; hakk\u0131nda daha fazla bilgi edinin\" rel=\"nofollow\" data-success_message=\"\">Devam\u0131n\u0131 oku<\/a>\t<span id=\"woocommerce_loop_add_to_cart_link_describedby_7745\" class=\"screen-reader-text\">\n\t\t\t<\/span>\n<\/li>\n<li class=\"product type-product post-7444 status-publish last instock product_cat-fruits product_cat-in-season has-post-thumbnail shipping-taxable product-type-simple\">\n\t<a href=\"https:\/\/peitrade.com\/tr\/product\/portakallar\/\" class=\"woocommerce-LoopProduct-link woocommerce-loop-product__link\"><img decoding=\"async\" width=\"300\" height=\"300\" src=\"https:\/\/peitrade.com\/wp-content\/uploads\/2025\/11\/Egyptian-Oranges-300x300.webp\" class=\"attachment-woocommerce_thumbnail size-woocommerce_thumbnail\" alt=\"M\u0131s\u0131r\u2019\u0131n Kanada\u2019ya portakal ihracat\u0131\" srcset=\"https:\/\/peitrade.com\/wp-content\/uploads\/2025\/11\/Egyptian-Oranges-300x300.webp 300w, https:\/\/peitrade.com\/wp-content\/uploads\/2025\/11\/Egyptian-Oranges-150x150.webp 150w, https:\/\/peitrade.com\/wp-content\/uploads\/2025\/11\/Egyptian-Oranges-768x768.webp 768w, https:\/\/peitrade.com\/wp-content\/uploads\/2025\/11\/Egyptian-Oranges-600x600.webp 600w, https:\/\/peitrade.com\/wp-content\/uploads\/2025\/11\/Egyptian-Oranges-100x100.webp 100w, https:\/\/peitrade.com\/wp-content\/uploads\/2025\/11\/Egyptian-Oranges.webp 1024w\" sizes=\"(max-width: 300px) 100vw, 300px\" title=\"\"><h2 class=\"woocommerce-loop-product__title\">Portakallar<\/h2>\n<\/a><a href=\"https:\/\/peitrade.com\/tr\/product\/portakallar\/\" aria-describedby=\"woocommerce_loop_add_to_cart_link_describedby_7444\" data-quantity=\"1\" class=\"button product_type_simple\" data-product_id=\"7444\" data-product_sku=\"80510\" aria-label=\"&ldquo;Portakallar&rdquo; hakk\u0131nda daha fazla bilgi edinin\" rel=\"nofollow\" data-success_message=\"\">Devam\u0131n\u0131 oku<\/a>\t<span id=\"woocommerce_loop_add_to_cart_link_describedby_7444\" class=\"screen-reader-text\">\n\t\t\t<\/span>\n<\/li>\n<\/ul>\n<\/div><\/div>\n<\/div>\n<\/section>\n<section style=\"padding: 50px 20px; background-color: #f9f9f9;\">\n<div class=\"container\">\n<h2>S\u0131k\u00e7a Sorulan Sorular<\/h2>\n<div>\n<h3>M\u0131s\u0131r siyah \u00e7ekirdeksiz \u00fcz\u00fcmleri neden \u00f6zeldir?<\/h3>\n<div><strong>M\u0131s\u0131r siyah \u00e7ekirdeksiz \u00fcz\u00fcmlerimiz<\/strong>, tatl\u0131l\u0131\u011f\u0131, dokusu ve \u00e7ekirdeksiz pratikli\u011fi ile \u00f6ne \u00e7\u0131kar; s\u00fcrd\u00fcr\u00fclebilir y\u00f6ntemlerle, M\u0131s\u0131r\u2019\u0131n verimli Nil Deltas\u0131\u2019ndaki \u00e7iftliklerde yeti\u015ftirilir.<\/div>\n<\/div>\n<div>\n<h3>PEI Trade organik M\u0131s\u0131r \u00fcz\u00fcm\u00fc ihracat\u0131 yap\u0131yor mu?<\/h3>\n<div>Evet, uluslararas\u0131 organik standartlara uygun <strong>organik M\u0131s\u0131r \u00fcz\u00fcmlerini<\/strong> tedarik eden sertifikal\u0131 \u00e7iftliklerle yak\u0131n i\u015f birli\u011fi i\u00e7indeyiz.<\/div>\n<\/div>\n<div>\n<h3>PEI Trade ihracat s\u0131ras\u0131nda tazeli\u011fi nas\u0131l korur?<\/h3>\n<div>T\u00fcm \u00fcz\u00fcm sevkiyatlar\u0131m\u0131zda tazelik ve kaliteyi korumak i\u00e7in so\u011fuk zincir y\u00f6netimi, \u0131s\u0131 kontroll\u00fc ta\u015f\u0131ma ve \u00f6zel ambalajlama kullan\u0131yoruz.<\/div>\n<\/div>\n<\/div>\n<\/section>\n","protected":false},"excerpt":{"rendered":"<p>PEI Trade: M\u0131s\u0131r Siyah \u00c7ekirdeksiz \u00dcz\u00fcm \u0130hracat\u0131nda G\u00fcvendi\u011finiz Ortak &nbsp; PEI Trade, k\u00fcresel pazarlar i\u00e7in en kaliteli M\u0131s\u0131r siyah \u00e7ekirdeksiz \u00fcz\u00fcmleri konusunda uzmanla\u015fm\u0131\u015f g\u00fcvenilir bir M\u0131s\u0131r \u00fcz\u00fcm ihracat \u015firketidir. M\u00fckemmelli\u011fe olan ba\u011fl\u0131l\u0131\u011f\u0131m\u0131z sayesinde ithalat\u00e7\u0131lar, yaln\u0131zca en taze, sulu ve lezzetli M\u0131s\u0131r \u00fcz\u00fcmlerini al\u0131r; \u00fcstelik s\u0131k\u0131 kalite kontrolleri alt\u0131nda hasat edilir. M\u0131s\u0131r \u00e7ekirdeksiz \u00fcz\u00fcm ve M\u0131s\u0131r [&hellip;]<\/p>\n","protected":false},"author":9,"featured_media":0,"parent":0,"menu_order":0,"comment_status":"closed","ping_status":"closed","template":"","meta":{"footnotes":""},"class_list":["post-5394","page","type-page","status-publish","hentry"],"blocksy_meta":[],"mb":[],"featured_image_urls_v2":{"full":"","thumbnail":"","medium":"","medium_large":"","large":"","1536x1536":"","2048x2048":"","woocommerce_archive_thumbnail":"","woocommerce_thumbnail":"","woocommerce_single":"","woocommerce_gallery_thumbnail":""},"post_excerpt_stackable_v2":"<p>PEI Trade: M\u0131s\u0131r Siyah \u00c7ekirdeksiz \u00dcz\u00fcm \u0130hracat\u0131nda G\u00fcvendi\u011finiz Ortak &nbsp; PEI Trade, k\u00fcresel pazarlar i\u00e7in en kaliteli M\u0131s\u0131r siyah \u00e7ekirdeksiz \u00fcz\u00fcmleri konusunda uzmanla\u015fm\u0131\u015f g\u00fcvenilir bir M\u0131s\u0131r \u00fcz\u00fcm ihracat \u015firketidir. M\u00fckemmelli\u011fe olan ba\u011fl\u0131l\u0131\u011f\u0131m\u0131z sayesinde ithalat\u00e7\u0131lar, yaln\u0131zca en taze, sulu ve lezzetli M\u0131s\u0131r \u00fcz\u00fcmlerini al\u0131r; \u00fcstelik s\u0131k\u0131 kalite kontrolleri alt\u0131nda hasat edilir. M\u0131s\u0131r \u00e7ekirdeksiz \u00fcz\u00fcm ve M\u0131s\u0131r ye\u015fil \u00fcz\u00fcm\u00fc dahil olmak \u00fczere geni\u015f bir \u00fcz\u00fcm \u00e7e\u015fidi yelpazesi sunmaktan gurur duyuyoruz. T\u00fcm \u00fcr\u00fcnlerimiz organik ve s\u00fcrd\u00fcr\u00fclebilir uygulamalar\u0131yla bilinen se\u00e7kin \u00e7iftliklerden \u00f6zenle se\u00e7ilir. \u00d6nde gelen M\u0131s\u0131r \u00fcz\u00fcm ihracat\u00e7\u0131lar\u0131 aras\u0131nda yer alan PEI Trade, g\u00fcvenilir tedarik, g\u00fcvenli ambalaj ve zaman\u0131nda teslimat garantisi verir. \u00c7ilek Devam\u0131n\u0131&hellip;<\/p>\n","category_list_v2":"","author_info_v2":{"name":"Maha","url":"https:\/\/peitrade.com\/tr\/author\/m-amer\/"},"comments_num_v2":"0 comments","mfb_rest_fields":["title","blocksy_meta","featured_image_urls_v2","post_excerpt_stackable_v2","category_list_v2","author_info_v2","comments_num_v2"],"_links":{"self":[{"href":"https:\/\/peitrade.com\/tr\/wp-json\/wp\/v2\/pages\/5394","targetHints":{"allow":["GET"]}}],"collection":[{"href":"https:\/\/peitrade.com\/tr\/wp-json\/wp\/v2\/pages"}],"about":[{"href":"https:\/\/peitrade.com\/tr\/wp-json\/wp\/v2\/types\/page"}],"author":[{"embeddable":true,"href":"https:\/\/peitrade.com\/tr\/wp-json\/wp\/v2\/users\/9"}],"replies":[{"embeddable":true,"href":"https:\/\/peitrade.com\/tr\/wp-json\/wp\/v2\/comments?post=5394"}],"version-history":[{"count":1,"href":"https:\/\/peitrade.com\/tr\/wp-json\/wp\/v2\/pages\/5394\/revisions"}],"predecessor-version":[{"id":6211,"href":"https:\/\/peitrade.com\/tr\/wp-json\/wp\/v2\/pages\/5394\/revisions\/6211"}],"wp:attachment":[{"href":"https:\/\/peitrade.com\/tr\/wp-json\/wp\/v2\/media?parent=5394"}],"curies":[{"name":"wp","href":"https:\/\/api.w.org\/{rel}","templated":true}]}}