{"id":5477,"date":"2025-05-16T07:46:41","date_gmt":"2025-05-16T07:46:41","guid":{"rendered":"http:\/\/46.224.74.15\/orange-suppliers-egypt-2\/"},"modified":"2025-11-19T16:44:33","modified_gmt":"2025-11-19T16:44:33","slug":"orange-suppliers-egypt-2","status":"publish","type":"page","link":"https:\/\/peitrade.com\/tr\/orange-suppliers-egypt-2\/","title":{"rendered":"M\u0131s\u0131r&#8217;dan Portakal \u0130thalat\u0131 | G\u00fcvenilir Tedarik\u00e7i"},"content":{"rendered":"<section style=\"padding: 60px 20px; background-color: #f9f9f9;\">\n<div class=\"container\">\n<h1>M\u0131s\u0131r&#8217;dan Portakal \u0130thalat\u0131 | G\u00fcvenilir M\u0131s\u0131r Portakal Tedarik\u00e7isi \u2013 PEI Trade<\/h1>\n<p>&nbsp;<\/p>\n<p>PEI Trade, M\u0131s\u0131r&#8217;dan portakal ithalat\u0131 yapan firmalar aras\u0131nda T\u00fcrkiye ve d\u00fcnya genelinde \u00f6ne \u00e7\u0131kan g\u00fcvenilir bir tedarik\u00e7idir. T\u00fcrkiye\u2019de M\u0131s\u0131r portakal fiyatlar\u0131 konusunda rekabet\u00e7i teklifler sunarak, toptan al\u0131c\u0131lar, ithalat\u00e7\u0131lar ve perakende zincirlerine \u00fcst\u00fcn kaliteli portakal sevkiyat\u0131 sa\u011fl\u0131yoruz.<\/p>\n<p>Portakallar\u0131m\u0131z, verimli Nil Deltas\u0131\u2019nda GlobalG.A.P. ve HACCP sertifikal\u0131 \u00e7iftliklerde yeti\u015ftirilir. M\u0131s\u0131r portakal\u0131n\u0131n kalitesi, lezzetli tad\u0131, y\u00fcksek su oran\u0131 ve uzun raf \u00f6mr\u00fc ile bilinmektedir. Navel ve Valencia gibi \u00f6nde gelen \u00e7e\u015fitleri, hem konvansiyonel hem de organik formatlarda sunuyoruz. T\u00fcm s\u00fcre\u00e7; hasat zaman\u0131 planlamas\u0131, kalite kontrol, so\u011fuk hava depolama ve portakal ithalat\u0131nda lojistik dahil olmak \u00fczere PEI Trade taraf\u0131ndan profesyonel \u015fekilde y\u00f6netilir.<\/p>\n<p>M\u0131s\u0131r portakal tedarik\u00e7ileri aras\u0131nda \u00f6ne \u00e7\u0131kan PEI Trade, Avrupa, K\u00f6rfez ve Asya pazarlar\u0131 i\u00e7in b\u00fcy\u00fck hacimli, perakende haz\u0131r veya markal\u0131 ambalajlarla tedarik yapmaktad\u0131r. T\u00fcm g\u00f6nderiler, ithalat\u00e7\u0131 \u00fclkelerin narenciye ithalat prosed\u00fcrleri ve portakal ithalat\u0131 g\u00fcmr\u00fck vergileri gerekliliklerine uygun \u015fekilde belgelenir ve takip edilir.<\/p>\n<\/div>\n<\/section>\n<div class=\"wp-block-woocommerce-product-collection\"><div class=\"woocommerce columns-4 \"><ul class=\"products columns-4\" data-products=\"type-2\">\n<li class=\"product type-product post-7671 status-publish first instock product_cat-fruits has-post-thumbnail shipping-taxable product-type-simple\">\n\t<a href=\"https:\/\/peitrade.com\/tr\/product\/cilek\/\" class=\"woocommerce-LoopProduct-link woocommerce-loop-product__link\"><img decoding=\"async\" width=\"300\" height=\"300\" src=\"https:\/\/peitrade.com\/wp-content\/uploads\/2025\/11\/Egyptian-Strawberries-300x300.webp\" class=\"attachment-woocommerce_thumbnail size-woocommerce_thumbnail\" alt=\"\u00c7ilek\" srcset=\"https:\/\/peitrade.com\/wp-content\/uploads\/2025\/11\/Egyptian-Strawberries-300x300.webp 300w, https:\/\/peitrade.com\/wp-content\/uploads\/2025\/11\/Egyptian-Strawberries-150x150.webp 150w, https:\/\/peitrade.com\/wp-content\/uploads\/2025\/11\/Egyptian-Strawberries-768x768.webp 768w, https:\/\/peitrade.com\/wp-content\/uploads\/2025\/11\/Egyptian-Strawberries-600x600.webp 600w, https:\/\/peitrade.com\/wp-content\/uploads\/2025\/11\/Egyptian-Strawberries-100x100.webp 100w, https:\/\/peitrade.com\/wp-content\/uploads\/2025\/11\/Egyptian-Strawberries.webp 1024w\" sizes=\"(max-width: 300px) 100vw, 300px\" title=\"\"><h2 class=\"woocommerce-loop-product__title\">\u00c7ilek<\/h2>\n<\/a><a href=\"https:\/\/peitrade.com\/tr\/product\/cilek\/\" aria-describedby=\"woocommerce_loop_add_to_cart_link_describedby_7671\" data-quantity=\"1\" class=\"button product_type_simple\" data-product_id=\"7671\" data-product_sku=\"81010\" aria-label=\"&ldquo;\u00c7ilek&rdquo; hakk\u0131nda daha fazla bilgi edinin\" rel=\"nofollow\" data-success_message=\"\">Devam\u0131n\u0131 oku<\/a>\t<span id=\"woocommerce_loop_add_to_cart_link_describedby_7671\" class=\"screen-reader-text\">\n\t\t\t<\/span>\n<\/li>\n<li class=\"product type-product post-7542 status-publish instock product_cat-fruits product_cat-in-season has-post-thumbnail shipping-taxable product-type-simple\">\n\t<a href=\"https:\/\/peitrade.com\/tr\/product\/limon\/\" class=\"woocommerce-LoopProduct-link woocommerce-loop-product__link\"><img decoding=\"async\" width=\"300\" height=\"300\" src=\"https:\/\/peitrade.com\/wp-content\/uploads\/2025\/11\/Egyptian-Lemons-300x300.webp\" class=\"attachment-woocommerce_thumbnail size-woocommerce_thumbnail\" alt=\"Limon\" srcset=\"https:\/\/peitrade.com\/wp-content\/uploads\/2025\/11\/Egyptian-Lemons-300x300.webp 300w, https:\/\/peitrade.com\/wp-content\/uploads\/2025\/11\/Egyptian-Lemons-150x150.webp 150w, https:\/\/peitrade.com\/wp-content\/uploads\/2025\/11\/Egyptian-Lemons-768x768.webp 768w, https:\/\/peitrade.com\/wp-content\/uploads\/2025\/11\/Egyptian-Lemons-600x600.webp 600w, https:\/\/peitrade.com\/wp-content\/uploads\/2025\/11\/Egyptian-Lemons-100x100.webp 100w, https:\/\/peitrade.com\/wp-content\/uploads\/2025\/11\/Egyptian-Lemons.webp 1024w\" sizes=\"(max-width: 300px) 100vw, 300px\" title=\"\"><h2 class=\"woocommerce-loop-product__title\">Limon<\/h2>\n<\/a><a href=\"https:\/\/peitrade.com\/tr\/product\/limon\/\" aria-describedby=\"woocommerce_loop_add_to_cart_link_describedby_7542\" data-quantity=\"1\" class=\"button product_type_simple\" data-product_id=\"7542\" data-product_sku=\"80550\" aria-label=\"&ldquo;Limon&rdquo; hakk\u0131nda daha fazla bilgi edinin\" rel=\"nofollow\" data-success_message=\"\">Devam\u0131n\u0131 oku<\/a>\t<span id=\"woocommerce_loop_add_to_cart_link_describedby_7542\" class=\"screen-reader-text\">\n\t\t\t<\/span>\n<\/li>\n<li class=\"product type-product post-7648 status-publish instock product_cat-fruits has-post-thumbnail shipping-taxable product-type-simple\">\n\t<a href=\"https:\/\/peitrade.com\/tr\/product\/mango\/\" class=\"woocommerce-LoopProduct-link woocommerce-loop-product__link\"><img decoding=\"async\" width=\"300\" height=\"300\" src=\"https:\/\/peitrade.com\/wp-content\/uploads\/2025\/11\/Egyption-Mango-300x300.webp\" class=\"attachment-woocommerce_thumbnail size-woocommerce_thumbnail\" alt=\"Mangoes: Egypt\u2019s Tropical Treasure\" srcset=\"https:\/\/peitrade.com\/wp-content\/uploads\/2025\/11\/Egyption-Mango-300x300.webp 300w, https:\/\/peitrade.com\/wp-content\/uploads\/2025\/11\/Egyption-Mango-150x150.webp 150w, https:\/\/peitrade.com\/wp-content\/uploads\/2025\/11\/Egyption-Mango-768x768.webp 768w, https:\/\/peitrade.com\/wp-content\/uploads\/2025\/11\/Egyption-Mango-600x600.webp 600w, https:\/\/peitrade.com\/wp-content\/uploads\/2025\/11\/Egyption-Mango-100x100.webp 100w, https:\/\/peitrade.com\/wp-content\/uploads\/2025\/11\/Egyption-Mango.webp 1024w\" sizes=\"(max-width: 300px) 100vw, 300px\" title=\"\"><h2 class=\"woocommerce-loop-product__title\">Mango<\/h2>\n<\/a><a href=\"https:\/\/peitrade.com\/tr\/product\/mango\/\" aria-describedby=\"woocommerce_loop_add_to_cart_link_describedby_7648\" data-quantity=\"1\" class=\"button product_type_simple\" data-product_id=\"7648\" data-product_sku=\"80450\" aria-label=\"&ldquo;Mango&rdquo; hakk\u0131nda daha fazla bilgi edinin\" rel=\"nofollow\" data-success_message=\"\">Devam\u0131n\u0131 oku<\/a>\t<span id=\"woocommerce_loop_add_to_cart_link_describedby_7648\" class=\"screen-reader-text\">\n\t\t\t<\/span>\n<\/li>\n<li class=\"product type-product post-7444 status-publish last instock product_cat-fruits product_cat-in-season has-post-thumbnail shipping-taxable product-type-simple\">\n\t<a href=\"https:\/\/peitrade.com\/tr\/product\/portakallar\/\" class=\"woocommerce-LoopProduct-link woocommerce-loop-product__link\"><img decoding=\"async\" width=\"300\" height=\"300\" src=\"https:\/\/peitrade.com\/wp-content\/uploads\/2025\/11\/Egyptian-Oranges-300x300.webp\" class=\"attachment-woocommerce_thumbnail size-woocommerce_thumbnail\" alt=\"M\u0131s\u0131r\u2019\u0131n Kanada\u2019ya portakal ihracat\u0131\" srcset=\"https:\/\/peitrade.com\/wp-content\/uploads\/2025\/11\/Egyptian-Oranges-300x300.webp 300w, https:\/\/peitrade.com\/wp-content\/uploads\/2025\/11\/Egyptian-Oranges-150x150.webp 150w, https:\/\/peitrade.com\/wp-content\/uploads\/2025\/11\/Egyptian-Oranges-768x768.webp 768w, https:\/\/peitrade.com\/wp-content\/uploads\/2025\/11\/Egyptian-Oranges-600x600.webp 600w, https:\/\/peitrade.com\/wp-content\/uploads\/2025\/11\/Egyptian-Oranges-100x100.webp 100w, https:\/\/peitrade.com\/wp-content\/uploads\/2025\/11\/Egyptian-Oranges.webp 1024w\" sizes=\"(max-width: 300px) 100vw, 300px\" title=\"\"><h2 class=\"woocommerce-loop-product__title\">Portakallar<\/h2>\n<\/a><a href=\"https:\/\/peitrade.com\/tr\/product\/portakallar\/\" aria-describedby=\"woocommerce_loop_add_to_cart_link_describedby_7444\" data-quantity=\"1\" class=\"button product_type_simple\" data-product_id=\"7444\" data-product_sku=\"80510\" aria-label=\"&ldquo;Portakallar&rdquo; hakk\u0131nda daha fazla bilgi edinin\" rel=\"nofollow\" data-success_message=\"\">Devam\u0131n\u0131 oku<\/a>\t<span id=\"woocommerce_loop_add_to_cart_link_describedby_7444\" class=\"screen-reader-text\">\n\t\t\t<\/span>\n<\/li>\n<\/ul>\n<\/div><\/div>\n<section style=\"padding: 50px 20px;\">\n<div class=\"container\">\n<h2>Neden M\u0131s\u0131r&#8217;dan Portakal \u0130thalat\u0131 i\u00e7in PEI Trade?<\/h2>\n<p>K\u00fcresel narenciye talebinin artt\u0131\u011f\u0131 bu d\u00f6nemde, g\u00fcvenilir bir tedarik\u00e7i se\u00e7mek kritik \u00f6neme sahiptir. PEI Trade, M\u0131s\u0131r&#8217;dan narenciye ithalat\u0131 konusunda uzmanla\u015fm\u0131\u015f, istikrarl\u0131 ve tecr\u00fcbeli bir i\u015f orta\u011f\u0131d\u0131r.<\/p>\n<ul>\n<li>M\u0131s\u0131r\u2019\u0131n en verimli turun\u00e7gil b\u00f6lgelerinden temin edilen portakallar<\/li>\n<li>GlobalG.A.P. ve ISO belgeli tedarik zinciri<\/li>\n<li>So\u011fuk zincir ta\u015f\u0131ma ve depolama sistemleri<\/li>\n<li>\u0130htiyaca \u00f6zel ambalaj: d\u00f6kme, perakende veya markal\u0131<\/li>\n<li>Hacim bazl\u0131 rekabet\u00e7i T\u00fcrkiye&#8217;de M\u0131s\u0131r portakal fiyatlar\u0131<\/li>\n<\/ul>\n<p>PEI Trade, ithalat\u00e7\u0131lara sezona \u00f6zel planlama ve fiyat istikrar\u0131 sunar. Sezon ba\u015f\u0131nda M\u0131s\u0131r portakal\u0131n\u0131n hasat d\u00f6nemi ile ba\u015flayan Navel portakallar\u0131ndan yaz ortas\u0131na kadar devam eden Valencialara kadar, \u00fcr\u00fcn temini piyasa taleplerine g\u00f6re zamanlan\u0131r.<\/p>\n<\/div>\n<\/section>\n<section style=\"padding: 50px 20px;\">\n<div class=\"container\">\n<h2>M\u0131s\u0131r Portakal \u00c7e\u015fitleri ve Hasat Takvimi<\/h2>\n<p>T\u00fcrkiye&#8217;de portakal pazar\u0131 i\u00e7in vazge\u00e7ilmez olan M\u0131s\u0131r portakallar\u0131, tat ve kalite a\u00e7\u0131s\u0131ndan \u00f6ne \u00e7\u0131kmaktad\u0131r. PEI Trade \u015fu iki ana \u00e7e\u015fide odaklan\u0131r:<\/p>\n<ul>\n<li><strong>Navel Portakal:<\/strong> Kolay soyulan, \u00e7ekirdeksiz ve tatl\u0131 aromal\u0131. Aral\u0131k-Mart aras\u0131 mevcuttur.<\/li>\n<li><strong>Valencia Portakal:<\/strong> Sulu, dayan\u0131kl\u0131 ve meyve suyu i\u00e7in idealdir. \u015eubat-Haziran aras\u0131nda temin edilebilir.<\/li>\n<\/ul>\n<p>Ayr\u0131ca, kimyasal kullan\u0131lmadan yeti\u015ftirilen organik portakallar\u0131 da ihra\u00e7 ediyoruz. \u00dcr\u00fcnlerimiz AB ve USDA organik standartlar\u0131na uygundur.<\/p>\n<\/div>\n<\/section>\n<section style=\"padding: 50px 20px; background-color: #f0f0f0;\">\n<div class=\"container\">\n<h2>Toptan Portakal Tedariki ve Lojistik Y\u00f6netimi<\/h2>\n<p>M\u0131s\u0131r&#8217;dan portakal ithalat\u0131 yapan m\u00fc\u015fteriler i\u00e7in PEI Trade, eksiksiz lojistik hizmet sunar. So\u011futma, mumlama, konteyner y\u00fckleme ve g\u00fcmr\u00fck i\u015flemleri dahil t\u00fcm a\u015famalar uluslararas\u0131 standartlara uygundur.<\/p>\n<ul>\n<li>Y\u00fcksek kapasiteli so\u011fuk hava depolar\u0131 ile tazelik garantisi<\/li>\n<li>Avrupa, Asya ve K\u00f6rfez \u00fclkelerine haftal\u0131k sevkiyat<\/li>\n<li>Belgeler: GlobalG.A.P., ISO, Bitki Sa\u011fl\u0131k ve Men\u015fe Belgeleri<\/li>\n<li>Ger\u00e7ek zamanl\u0131 kargo takibi ve ileti\u015fim deste\u011fi<\/li>\n<\/ul>\n<p>Uzun vadeli i\u015f ortakl\u0131klar\u0131 kurarak, m\u00fc\u015fterilerimize fiyat istikrar\u0131, sezonel rehberlik ve hacim esnekli\u011fi sunuyoruz. Portakal ithalat\u0131nda lojistik ve planlama s\u00fcre\u00e7lerinde ekibimiz, en y\u00fcksek verimi sa\u011flamak i\u00e7in size dan\u0131\u015fmanl\u0131k sa\u011flar.<\/p>\n<p style=\"text-align: center; margin-top: 40px;\"><a class=\"button primary large\" href=\"\/contact\">M\u0131s\u0131r Portakal\u0131 Sat\u0131n Al<\/a><\/p>\n<\/div>\n<\/section>\n<section style=\"padding: 50px 20px;\">\n<div class=\"container\">\n<h2>Di\u011fer M\u0131s\u0131r Men\u015feli Taze \u00dcr\u00fcnler<\/h2>\n<p>&nbsp;<\/p>\n<p>PEI Trade, yaln\u0131zca M\u0131s\u0131r portakal tedarik\u00e7ileri aras\u0131nda de\u011fil, ayn\u0131 zamanda M\u0131s\u0131r&#8217;dan mango, \u00fcz\u00fcm, nar ve limon gibi M\u0131s\u0131r&#8217;dan narenciye ithalat\u0131 alan\u0131nda da uzmanla\u015fm\u0131\u015ft\u0131r. Mevsimsel programlar\u0131m\u0131zla hem spot al\u0131mlar\u0131 hem de y\u0131ll\u0131k s\u00f6zle\u015fmeleri destekliyoruz. <a href=\"\/about\">\u0130hracat hizmetlerimizi inceleyin<\/a>.<\/p>\n<div class=\"wp-block-woocommerce-product-collection\"><div class=\"woocommerce columns-4 \"><ul class=\"products columns-4\" data-products=\"type-2\">\n<li class=\"product type-product post-7583 status-publish first instock product_cat-fruits product_cat-in-season has-post-thumbnail shipping-taxable product-type-simple\">\n\t<a href=\"https:\/\/peitrade.com\/tr\/product\/guava\/\" class=\"woocommerce-LoopProduct-link woocommerce-loop-product__link\"><img decoding=\"async\" width=\"300\" height=\"300\" src=\"https:\/\/peitrade.com\/wp-content\/uploads\/2025\/11\/Egyptian-Guava-300x300.webp\" class=\"attachment-woocommerce_thumbnail size-woocommerce_thumbnail\" alt=\"Egyptian Guava\" srcset=\"https:\/\/peitrade.com\/wp-content\/uploads\/2025\/11\/Egyptian-Guava-300x300.webp 300w, https:\/\/peitrade.com\/wp-content\/uploads\/2025\/11\/Egyptian-Guava-150x150.webp 150w, https:\/\/peitrade.com\/wp-content\/uploads\/2025\/11\/Egyptian-Guava-768x768.webp 768w, https:\/\/peitrade.com\/wp-content\/uploads\/2025\/11\/Egyptian-Guava-600x600.webp 600w, https:\/\/peitrade.com\/wp-content\/uploads\/2025\/11\/Egyptian-Guava-100x100.webp 100w, https:\/\/peitrade.com\/wp-content\/uploads\/2025\/11\/Egyptian-Guava.webp 1024w\" sizes=\"(max-width: 300px) 100vw, 300px\" title=\"\"><h2 class=\"woocommerce-loop-product__title\">Guava<\/h2>\n<\/a><a href=\"https:\/\/peitrade.com\/tr\/product\/guava\/\" aria-describedby=\"woocommerce_loop_add_to_cart_link_describedby_7583\" data-quantity=\"1\" class=\"button product_type_simple\" data-product_id=\"7583\" data-product_sku=\"80451\" aria-label=\"&ldquo;Guava&rdquo; hakk\u0131nda daha fazla bilgi edinin\" rel=\"nofollow\" data-success_message=\"\">Devam\u0131n\u0131 oku<\/a>\t<span id=\"woocommerce_loop_add_to_cart_link_describedby_7583\" class=\"screen-reader-text\">\n\t\t\t<\/span>\n<\/li>\n<li class=\"product type-product post-7648 status-publish instock product_cat-fruits has-post-thumbnail shipping-taxable product-type-simple\">\n\t<a href=\"https:\/\/peitrade.com\/tr\/product\/mango\/\" class=\"woocommerce-LoopProduct-link woocommerce-loop-product__link\"><img decoding=\"async\" width=\"300\" height=\"300\" src=\"https:\/\/peitrade.com\/wp-content\/uploads\/2025\/11\/Egyption-Mango-300x300.webp\" class=\"attachment-woocommerce_thumbnail size-woocommerce_thumbnail\" alt=\"Mangoes: Egypt\u2019s Tropical Treasure\" srcset=\"https:\/\/peitrade.com\/wp-content\/uploads\/2025\/11\/Egyption-Mango-300x300.webp 300w, https:\/\/peitrade.com\/wp-content\/uploads\/2025\/11\/Egyption-Mango-150x150.webp 150w, https:\/\/peitrade.com\/wp-content\/uploads\/2025\/11\/Egyption-Mango-768x768.webp 768w, https:\/\/peitrade.com\/wp-content\/uploads\/2025\/11\/Egyption-Mango-600x600.webp 600w, https:\/\/peitrade.com\/wp-content\/uploads\/2025\/11\/Egyption-Mango-100x100.webp 100w, https:\/\/peitrade.com\/wp-content\/uploads\/2025\/11\/Egyption-Mango.webp 1024w\" sizes=\"(max-width: 300px) 100vw, 300px\" title=\"\"><h2 class=\"woocommerce-loop-product__title\">Mango<\/h2>\n<\/a><a href=\"https:\/\/peitrade.com\/tr\/product\/mango\/\" aria-describedby=\"woocommerce_loop_add_to_cart_link_describedby_7648\" data-quantity=\"1\" class=\"button product_type_simple\" data-product_id=\"7648\" data-product_sku=\"80450\" aria-label=\"&ldquo;Mango&rdquo; hakk\u0131nda daha fazla bilgi edinin\" rel=\"nofollow\" data-success_message=\"\">Devam\u0131n\u0131 oku<\/a>\t<span id=\"woocommerce_loop_add_to_cart_link_describedby_7648\" class=\"screen-reader-text\">\n\t\t\t<\/span>\n<\/li>\n<li class=\"product type-product post-7745 status-publish instock product_cat-fruits has-post-thumbnail shipping-taxable product-type-simple\">\n\t<a href=\"https:\/\/peitrade.com\/tr\/product\/nar\/\" class=\"woocommerce-LoopProduct-link woocommerce-loop-product__link\"><img decoding=\"async\" width=\"300\" height=\"300\" src=\"https:\/\/peitrade.com\/wp-content\/uploads\/2025\/11\/Egyptian-Pomegranate-300x300.webp\" class=\"attachment-woocommerce_thumbnail size-woocommerce_thumbnail\" alt=\"Pomegranates: The Superfruit Appeal\" srcset=\"https:\/\/peitrade.com\/wp-content\/uploads\/2025\/11\/Egyptian-Pomegranate-300x300.webp 300w, https:\/\/peitrade.com\/wp-content\/uploads\/2025\/11\/Egyptian-Pomegranate-150x150.webp 150w, https:\/\/peitrade.com\/wp-content\/uploads\/2025\/11\/Egyptian-Pomegranate-768x768.webp 768w, https:\/\/peitrade.com\/wp-content\/uploads\/2025\/11\/Egyptian-Pomegranate-600x600.webp 600w, https:\/\/peitrade.com\/wp-content\/uploads\/2025\/11\/Egyptian-Pomegranate-100x100.webp 100w, https:\/\/peitrade.com\/wp-content\/uploads\/2025\/11\/Egyptian-Pomegranate.webp 1024w\" sizes=\"(max-width: 300px) 100vw, 300px\" title=\"\"><h2 class=\"woocommerce-loop-product__title\">Nar<\/h2>\n<\/a><a href=\"https:\/\/peitrade.com\/tr\/product\/nar\/\" aria-describedby=\"woocommerce_loop_add_to_cart_link_describedby_7745\" data-quantity=\"1\" class=\"button product_type_simple\" data-product_id=\"7745\" data-product_sku=\"81090\" aria-label=\"&ldquo;Nar&rdquo; hakk\u0131nda daha fazla bilgi edinin\" rel=\"nofollow\" data-success_message=\"\">Devam\u0131n\u0131 oku<\/a>\t<span id=\"woocommerce_loop_add_to_cart_link_describedby_7745\" class=\"screen-reader-text\">\n\t\t\t<\/span>\n<\/li>\n<li class=\"product type-product post-7589 status-publish last instock product_cat-fruits has-post-thumbnail shipping-taxable product-type-simple\">\n\t<a href=\"https:\/\/peitrade.com\/tr\/product\/uzum\/\" class=\"woocommerce-LoopProduct-link woocommerce-loop-product__link\"><img decoding=\"async\" width=\"300\" height=\"300\" src=\"https:\/\/peitrade.com\/wp-content\/uploads\/2025\/11\/Egyptian-Grapes-300x300.webp\" class=\"attachment-woocommerce_thumbnail size-woocommerce_thumbnail\" alt=\"Grapes: A Rising Star\" srcset=\"https:\/\/peitrade.com\/wp-content\/uploads\/2025\/11\/Egyptian-Grapes-300x300.webp 300w, https:\/\/peitrade.com\/wp-content\/uploads\/2025\/11\/Egyptian-Grapes-150x150.webp 150w, https:\/\/peitrade.com\/wp-content\/uploads\/2025\/11\/Egyptian-Grapes-768x768.webp 768w, https:\/\/peitrade.com\/wp-content\/uploads\/2025\/11\/Egyptian-Grapes-600x600.webp 600w, https:\/\/peitrade.com\/wp-content\/uploads\/2025\/11\/Egyptian-Grapes-100x100.webp 100w, https:\/\/peitrade.com\/wp-content\/uploads\/2025\/11\/Egyptian-Grapes.webp 1024w\" sizes=\"(max-width: 300px) 100vw, 300px\" title=\"\"><h2 class=\"woocommerce-loop-product__title\">\u00dcz\u00fcm<\/h2>\n<\/a><a href=\"https:\/\/peitrade.com\/tr\/product\/uzum\/\" aria-describedby=\"woocommerce_loop_add_to_cart_link_describedby_7589\" data-quantity=\"1\" class=\"button product_type_simple\" data-product_id=\"7589\" data-product_sku=\"80610\" aria-label=\"&ldquo;\u00dcz\u00fcm&rdquo; hakk\u0131nda daha fazla bilgi edinin\" rel=\"nofollow\" data-success_message=\"\">Devam\u0131n\u0131 oku<\/a>\t<span id=\"woocommerce_loop_add_to_cart_link_describedby_7589\" class=\"screen-reader-text\">\n\t\t\t<\/span>\n<\/li>\n<\/ul>\n<\/div><\/div>\n<\/div>\n<\/section>\n<section style=\"padding: 50px 20px; background-color: #f9f9f9;\">\n<div class=\"container\">\n<h2>S\u0131k\u00e7a Sorulan Sorular<\/h2>\n<div>\n<h3>M\u0131s\u0131r&#8217;da portakal ihracat sezonu ne zaman ba\u015flar?<\/h3>\n<div>Hasat d\u00f6nemi Aral\u0131k&#8217;ta ba\u015flar ve Haziran\u2019a kadar s\u00fcrer. Sezon ba\u015f\u0131nda Navel, sezon sonunda Valencia portakallar\u0131 g\u00f6nderilir.<\/div>\n<\/div>\n<div>\n<h3>Organik M\u0131s\u0131r portakal\u0131 ithal edebilir miyim?<\/h3>\n<div>Evet, PEI Trade hem AB hem de USDA organik standartlar\u0131na uygun sertifikal\u0131 organik portakal sunmaktad\u0131r.<\/div>\n<\/div>\n<div>\n<h3>Hangi ambalaj se\u00e7enekleri mevcut?<\/h3>\n<div>Ah\u015fap kasalar, teleskopik kutular ve perakende kutular\u0131 dahil olmak \u00fczere \u00f6zelle\u015ftirilebilir ambalaj \u00e7\u00f6z\u00fcmleri sunuyoruz. Marka ve etiketleme hizmetlerimiz de mevcuttur.<\/div>\n<\/div>\n<div>\n<h3>En uygun M\u0131s\u0131r portakal fiyatlar\u0131n\u0131 nas\u0131l alabilirim?<\/h3>\n<div>Sezonluk fiyatlar ve hacim bazl\u0131 indirimler i\u00e7in bizimle ileti\u015fime ge\u00e7in. Uygun fiyat ve navlun rezervasyonu i\u00e7in erken sipari\u015f \u00f6nerilir.<\/div>\n<\/div>\n<\/div>\n<\/section>\n","protected":false},"excerpt":{"rendered":"<p>M\u0131s\u0131r&#8217;dan Portakal \u0130thalat\u0131 | G\u00fcvenilir M\u0131s\u0131r Portakal Tedarik\u00e7isi \u2013 PEI Trade &nbsp; PEI Trade, M\u0131s\u0131r&#8217;dan portakal ithalat\u0131 yapan firmalar aras\u0131nda T\u00fcrkiye ve d\u00fcnya genelinde \u00f6ne \u00e7\u0131kan g\u00fcvenilir bir tedarik\u00e7idir. T\u00fcrkiye\u2019de M\u0131s\u0131r portakal fiyatlar\u0131 konusunda rekabet\u00e7i teklifler sunarak, toptan al\u0131c\u0131lar, ithalat\u00e7\u0131lar ve perakende zincirlerine \u00fcst\u00fcn kaliteli portakal sevkiyat\u0131 sa\u011fl\u0131yoruz. Portakallar\u0131m\u0131z, verimli Nil Deltas\u0131\u2019nda GlobalG.A.P. ve HACCP [&hellip;]<\/p>\n","protected":false},"author":1,"featured_media":0,"parent":0,"menu_order":0,"comment_status":"closed","ping_status":"closed","template":"","meta":{"footnotes":""},"class_list":["post-5477","page","type-page","status-publish","hentry"],"blocksy_meta":[],"mb":[],"featured_image_urls_v2":{"full":"","thumbnail":"","medium":"","medium_large":"","large":"","1536x1536":"","2048x2048":"","woocommerce_archive_thumbnail":"","woocommerce_thumbnail":"","woocommerce_single":"","woocommerce_gallery_thumbnail":""},"post_excerpt_stackable_v2":"<p>M\u0131s\u0131r&#8217;dan Portakal \u0130thalat\u0131 | G\u00fcvenilir M\u0131s\u0131r Portakal Tedarik\u00e7isi \u2013 PEI Trade &nbsp; PEI Trade, M\u0131s\u0131r&#8217;dan portakal ithalat\u0131 yapan firmalar aras\u0131nda T\u00fcrkiye ve d\u00fcnya genelinde \u00f6ne \u00e7\u0131kan g\u00fcvenilir bir tedarik\u00e7idir. T\u00fcrkiye\u2019de M\u0131s\u0131r portakal fiyatlar\u0131 konusunda rekabet\u00e7i teklifler sunarak, toptan al\u0131c\u0131lar, ithalat\u00e7\u0131lar ve perakende zincirlerine \u00fcst\u00fcn kaliteli portakal sevkiyat\u0131 sa\u011fl\u0131yoruz. Portakallar\u0131m\u0131z, verimli Nil Deltas\u0131\u2019nda GlobalG.A.P. ve HACCP sertifikal\u0131 \u00e7iftliklerde yeti\u015ftirilir. M\u0131s\u0131r portakal\u0131n\u0131n kalitesi, lezzetli tad\u0131, y\u00fcksek su oran\u0131 ve uzun raf \u00f6mr\u00fc ile bilinmektedir. Navel ve Valencia gibi \u00f6nde gelen \u00e7e\u015fitleri, hem konvansiyonel hem de organik formatlarda sunuyoruz. T\u00fcm s\u00fcre\u00e7; hasat zaman\u0131 planlamas\u0131, kalite kontrol, so\u011fuk hava depolama ve portakal ithalat\u0131nda lojistik&hellip;<\/p>\n","category_list_v2":"","author_info_v2":{"name":"Mostafa Sabry","url":"https:\/\/peitrade.com\/tr\/author\/emostafaadel_jn8gcqbo\/"},"comments_num_v2":"0 comments","mfb_rest_fields":["title","blocksy_meta","featured_image_urls_v2","post_excerpt_stackable_v2","category_list_v2","author_info_v2","comments_num_v2"],"_links":{"self":[{"href":"https:\/\/peitrade.com\/tr\/wp-json\/wp\/v2\/pages\/5477","targetHints":{"allow":["GET"]}}],"collection":[{"href":"https:\/\/peitrade.com\/tr\/wp-json\/wp\/v2\/pages"}],"about":[{"href":"https:\/\/peitrade.com\/tr\/wp-json\/wp\/v2\/types\/page"}],"author":[{"embeddable":true,"href":"https:\/\/peitrade.com\/tr\/wp-json\/wp\/v2\/users\/1"}],"replies":[{"embeddable":true,"href":"https:\/\/peitrade.com\/tr\/wp-json\/wp\/v2\/comments?post=5477"}],"version-history":[{"count":1,"href":"https:\/\/peitrade.com\/tr\/wp-json\/wp\/v2\/pages\/5477\/revisions"}],"predecessor-version":[{"id":5478,"href":"https:\/\/peitrade.com\/tr\/wp-json\/wp\/v2\/pages\/5477\/revisions\/5478"}],"wp:attachment":[{"href":"https:\/\/peitrade.com\/tr\/wp-json\/wp\/v2\/media?parent=5477"}],"curies":[{"name":"wp","href":"https:\/\/api.w.org\/{rel}","templated":true}]}}