{"id":5502,"date":"2025-05-16T09:26:31","date_gmt":"2025-05-16T09:26:31","guid":{"rendered":"http:\/\/46.224.74.15\/misirdaki-patates-ihracatcilari-pei-trade\/"},"modified":"2025-11-19T16:44:41","modified_gmt":"2025-11-19T16:44:41","slug":"misirdaki-patates-ihracatcilari-pei-trade","status":"publish","type":"page","link":"https:\/\/peitrade.com\/tr\/misirdaki-patates-ihracatcilari-pei-trade\/","title":{"rendered":"M\u0131s\u0131r&#8217;daki Patates \u0130hracat\u00e7\u0131lar\u0131 \u2013 PEI Trade&#8217;den Premium M\u0131s\u0131r Patatesleri"},"content":{"rendered":"<section style=\"padding: 60px 20px; background-color: #f9f9f9;\">\n<div class=\"container\">\n<h1>M\u0131s\u0131r&#8217;daki Patates \u0130hracat\u00e7\u0131lar\u0131 \u2013 PEI Trade&#8217;den Premium M\u0131s\u0131r Patatesleri<\/h1>\n<p>&nbsp;<\/p>\n<p><span style=\"font-weight: 400;\">PEI Trade, y\u00fcksek kaliteli M\u0131s\u0131r patateslerini k\u00fcresel pazarlara sunan en g\u00fcvenilir <\/span><b>patates ihracat\u00e7\u0131lar\u0131 M\u0131s\u0131r<\/b><span style=\"font-weight: 400;\"> aras\u0131nda yer al\u0131r ve tutarl\u0131l\u0131k, tazelik ve \u00e7e\u015fitlilik konular\u0131nda g\u00fc\u00e7l\u00fc bir odakla hizmet verir. Besin a\u00e7\u0131s\u0131ndan zengin Delta b\u00f6lgesinde yeti\u015ftirilen patateslerimiz, ideal iklim ko\u015fullar\u0131nda yeti\u015ftirilerek hem perakende hem de end\u00fcstriyel kullan\u0131m i\u00e7in m\u00fckemmel doku, lezzet ve dayan\u0131kl\u0131l\u0131k sa\u011flar.<\/span><\/p>\n<p><span style=\"font-weight: 400;\">\u00d6nde gelen bir <\/span><b>M\u0131s\u0131r patates ihracat \u015firketi<\/b><span style=\"font-weight: 400;\"> olarak, Avrupa, Orta Do\u011fu ve Asya\u2019daki m\u00fc\u015fterilere Spunta ve Nicola dahil olmak \u00fczere bir\u00e7ok patates \u00e7e\u015fidi sunuyoruz. Entegre ihracat s\u00fcrecimiz; tedarik, ay\u0131klama, paketleme ve sevkiyat\u0131 kapsar ve t\u00fcm bu ad\u0131mlar uluslararas\u0131 standartlar ve zaman \u00e7izelgeleri do\u011frultusunda y\u00fcr\u00fct\u00fcl\u00fcr.<\/span><\/p>\n<\/div>\n<\/section>\n<div class=\"wp-block-woocommerce-product-collection\"><div class=\"woocommerce columns-4 \"><ul class=\"products columns-4\" data-products=\"type-2\">\n<li class=\"product type-product post-7719 status-publish first instock product_cat-legumes product_cat-in-season has-post-thumbnail shipping-taxable product-type-simple\">\n\t<a href=\"https:\/\/peitrade.com\/tr\/product\/kuru-beyaz-fasulye\/\" class=\"woocommerce-LoopProduct-link woocommerce-loop-product__link\"><img decoding=\"async\" width=\"300\" height=\"300\" src=\"https:\/\/peitrade.com\/wp-content\/uploads\/2025\/11\/Egyptian-White-Beans-300x300.webp\" class=\"attachment-woocommerce_thumbnail size-woocommerce_thumbnail\" alt=\"Kuru beyaz fasulye\" srcset=\"https:\/\/peitrade.com\/wp-content\/uploads\/2025\/11\/Egyptian-White-Beans-300x300.webp 300w, https:\/\/peitrade.com\/wp-content\/uploads\/2025\/11\/Egyptian-White-Beans-150x150.webp 150w, https:\/\/peitrade.com\/wp-content\/uploads\/2025\/11\/Egyptian-White-Beans-768x768.webp 768w, https:\/\/peitrade.com\/wp-content\/uploads\/2025\/11\/Egyptian-White-Beans-600x600.webp 600w, https:\/\/peitrade.com\/wp-content\/uploads\/2025\/11\/Egyptian-White-Beans-100x100.webp 100w, https:\/\/peitrade.com\/wp-content\/uploads\/2025\/11\/Egyptian-White-Beans.webp 1024w\" sizes=\"(max-width: 300px) 100vw, 300px\" title=\"\"><h2 class=\"woocommerce-loop-product__title\">Kuru beyaz fasulye<\/h2>\n<\/a><a href=\"https:\/\/peitrade.com\/tr\/product\/kuru-beyaz-fasulye\/\" aria-describedby=\"woocommerce_loop_add_to_cart_link_describedby_7719\" data-quantity=\"1\" class=\"button product_type_simple\" data-product_id=\"7719\" data-product_sku=\"70820\" aria-label=\"&ldquo;Kuru beyaz fasulye&rdquo; hakk\u0131nda daha fazla bilgi edinin\" rel=\"nofollow\" data-success_message=\"\">Devam\u0131n\u0131 oku<\/a>\t<span id=\"woocommerce_loop_add_to_cart_link_describedby_7719\" class=\"screen-reader-text\">\n\t\t\t<\/span>\n<\/li>\n<li class=\"product type-product post-7776 status-publish instock product_cat-vegetables product_cat-in-season has-post-thumbnail shipping-taxable product-type-simple\">\n\t<a href=\"https:\/\/peitrade.com\/tr\/product\/patates\/\" class=\"woocommerce-LoopProduct-link woocommerce-loop-product__link\"><img decoding=\"async\" width=\"300\" height=\"300\" src=\"https:\/\/peitrade.com\/wp-content\/uploads\/2025\/11\/Egyptian-Potatoes-300x300.webp\" class=\"attachment-woocommerce_thumbnail size-woocommerce_thumbnail\" alt=\"Patates\" srcset=\"https:\/\/peitrade.com\/wp-content\/uploads\/2025\/11\/Egyptian-Potatoes-300x300.webp 300w, https:\/\/peitrade.com\/wp-content\/uploads\/2025\/11\/Egyptian-Potatoes-150x150.webp 150w, https:\/\/peitrade.com\/wp-content\/uploads\/2025\/11\/Egyptian-Potatoes-768x768.webp 768w, https:\/\/peitrade.com\/wp-content\/uploads\/2025\/11\/Egyptian-Potatoes-600x600.webp 600w, https:\/\/peitrade.com\/wp-content\/uploads\/2025\/11\/Egyptian-Potatoes-100x100.webp 100w, https:\/\/peitrade.com\/wp-content\/uploads\/2025\/11\/Egyptian-Potatoes.webp 1024w\" sizes=\"(max-width: 300px) 100vw, 300px\" title=\"\"><h2 class=\"woocommerce-loop-product__title\">Patates<\/h2>\n<\/a><a href=\"https:\/\/peitrade.com\/tr\/product\/patates\/\" aria-describedby=\"woocommerce_loop_add_to_cart_link_describedby_7776\" data-quantity=\"1\" class=\"button product_type_simple\" data-product_id=\"7776\" data-product_sku=\"70190\" aria-label=\"&ldquo;Patates&rdquo; hakk\u0131nda daha fazla bilgi edinin\" rel=\"nofollow\" data-success_message=\"\">Devam\u0131n\u0131 oku<\/a>\t<span id=\"woocommerce_loop_add_to_cart_link_describedby_7776\" class=\"screen-reader-text\">\n\t\t\t<\/span>\n<\/li>\n<li class=\"product type-product post-7484 status-publish instock product_cat-vegetables product_cat-in-season has-post-thumbnail shipping-taxable product-type-simple\">\n\t<a href=\"https:\/\/peitrade.com\/tr\/product\/sogan\/\" class=\"woocommerce-LoopProduct-link woocommerce-loop-product__link\"><img decoding=\"async\" width=\"300\" height=\"300\" src=\"https:\/\/peitrade.com\/wp-content\/uploads\/2025\/11\/Egyption-Onion-300x300.webp\" class=\"attachment-woocommerce_thumbnail size-woocommerce_thumbnail\" alt=\"Egyption Onion - PEI Trade\" srcset=\"https:\/\/peitrade.com\/wp-content\/uploads\/2025\/11\/Egyption-Onion-300x300.webp 300w, https:\/\/peitrade.com\/wp-content\/uploads\/2025\/11\/Egyption-Onion-150x150.webp 150w, https:\/\/peitrade.com\/wp-content\/uploads\/2025\/11\/Egyption-Onion-768x768.webp 768w, https:\/\/peitrade.com\/wp-content\/uploads\/2025\/11\/Egyption-Onion-600x600.webp 600w, https:\/\/peitrade.com\/wp-content\/uploads\/2025\/11\/Egyption-Onion-100x100.webp 100w, https:\/\/peitrade.com\/wp-content\/uploads\/2025\/11\/Egyption-Onion.webp 1024w\" sizes=\"(max-width: 300px) 100vw, 300px\" title=\"\"><h2 class=\"woocommerce-loop-product__title\">So\u011fan<\/h2>\n<\/a><a href=\"https:\/\/peitrade.com\/tr\/product\/sogan\/\" aria-describedby=\"woocommerce_loop_add_to_cart_link_describedby_7484\" data-quantity=\"1\" class=\"button product_type_simple\" data-product_id=\"7484\" data-product_sku=\"70310\" aria-label=\"&ldquo;So\u011fan&rdquo; hakk\u0131nda daha fazla bilgi edinin\" rel=\"nofollow\" data-success_message=\"\">Devam\u0131n\u0131 oku<\/a>\t<span id=\"woocommerce_loop_add_to_cart_link_describedby_7484\" class=\"screen-reader-text\">\n\t\t\t<\/span>\n<\/li>\n<li class=\"product type-product post-7540 status-publish last instock product_cat-vegetables product_cat-in-season has-post-thumbnail shipping-taxable product-type-simple\">\n\t<a href=\"https:\/\/peitrade.com\/tr\/product\/taze-fasulye\/\" class=\"woocommerce-LoopProduct-link woocommerce-loop-product__link\"><img decoding=\"async\" width=\"300\" height=\"300\" src=\"https:\/\/peitrade.com\/wp-content\/uploads\/2025\/11\/Egyptian-Green-Beans-300x300.webp\" class=\"attachment-woocommerce_thumbnail size-woocommerce_thumbnail\" alt=\"Taze fasulye\" srcset=\"https:\/\/peitrade.com\/wp-content\/uploads\/2025\/11\/Egyptian-Green-Beans-300x300.webp 300w, https:\/\/peitrade.com\/wp-content\/uploads\/2025\/11\/Egyptian-Green-Beans-150x150.webp 150w, https:\/\/peitrade.com\/wp-content\/uploads\/2025\/11\/Egyptian-Green-Beans-768x768.webp 768w, https:\/\/peitrade.com\/wp-content\/uploads\/2025\/11\/Egyptian-Green-Beans-600x600.webp 600w, https:\/\/peitrade.com\/wp-content\/uploads\/2025\/11\/Egyptian-Green-Beans-100x100.webp 100w, https:\/\/peitrade.com\/wp-content\/uploads\/2025\/11\/Egyptian-Green-Beans.webp 1024w\" sizes=\"(max-width: 300px) 100vw, 300px\" title=\"\"><h2 class=\"woocommerce-loop-product__title\">Taze fasulye<\/h2>\n<\/a><a href=\"https:\/\/peitrade.com\/tr\/product\/taze-fasulye\/\" aria-describedby=\"woocommerce_loop_add_to_cart_link_describedby_7540\" data-quantity=\"1\" class=\"button product_type_simple\" data-product_id=\"7540\" data-product_sku=\"70821\" aria-label=\"&ldquo;Taze fasulye&rdquo; hakk\u0131nda daha fazla bilgi edinin\" rel=\"nofollow\" data-success_message=\"\">Devam\u0131n\u0131 oku<\/a>\t<span id=\"woocommerce_loop_add_to_cart_link_describedby_7540\" class=\"screen-reader-text\">\n\t\t\t<\/span>\n<\/li>\n<\/ul>\n<\/div><\/div>\n<section style=\"padding: 50px 20px;\">\n<h2>\u0130hracata Uygun M\u0131s\u0131r Patates \u00c7e\u015fitleri<\/h2>\n<p>PEI Trade olarak, ihracat uyumlulu\u011fu ve hasat sonras\u0131 dayan\u0131kl\u0131l\u0131\u011f\u0131 ile tan\u0131nan y\u00fcksek talep g\u00f6ren M\u0131s\u0131r patates \u00e7e\u015fitlerini sunuyoruz:<\/p>\n<h3>M\u0131s\u0131r Spunta Patatesleri<\/h3>\n<p>\u00d6nde gelen ihracat \u00e7e\u015fidi olan Spunta\u2019n\u0131n \u00f6zellikleri:<\/p>\n<ul>\n<li>Uzun oval \u015fekilli, a\u00e7\u0131k sar\u0131, p\u00fcr\u00fczs\u00fcz kabuk<\/li>\n<li>Hafif aromal\u0131 a\u00e7\u0131k renkli i\u00e7<\/li>\n<li>Orta d\u00fczeyde ni\u015fasta, ha\u015flama, f\u0131r\u0131nlama ve k\u0131zartma i\u00e7in ideal<\/li>\n<li>Uzak mesafelere ta\u015f\u0131maya uygun uzun raf \u00f6mr\u00fc<\/li>\n<\/ul>\n<h3>M\u0131s\u0131r Nicola Patatesleri<\/h3>\n<p>Perakende ve ev kullan\u0131m\u0131 i\u00e7in pop\u00fcler bir se\u00e7enek:<\/p>\n<ul>\n<li style=\"font-weight: 400;\" aria-level=\"1\">Waxy dokulu ve d\u00fc\u015f\u00fck ni\u015fasta oranl\u0131<\/li>\n<li style=\"font-weight: 400;\" aria-level=\"1\">Krem sar\u0131s\u0131 i\u00e7<\/li>\n<li style=\"font-weight: 400;\" aria-level=\"1\">Ha\u015flama ve salatalar i\u00e7in ideal<\/li>\n<li style=\"font-weight: 400;\" aria-level=\"1\">Avrupa pazar\u0131nda y\u00fcksek talep g\u00f6ren g\u00f6rsel \u00e7ekicili\u011fe sahip<\/li>\n<\/ul>\n<h3>M\u0131s\u0131r Yeni Patatesleri<\/h3>\n<p>Sezon ba\u015f\u0131nda hasat edilen yeni patatesler \u015fu \u00f6zellikleri sunar:<\/p>\n<ul>\n<li style=\"font-weight: 400;\" aria-level=\"1\">\u0130nce ve hassas kabuk<\/li>\n<li style=\"font-weight: 400;\" aria-level=\"1\">Y\u00fcksek nem oran\u0131<\/li>\n<li style=\"font-weight: 400;\" aria-level=\"1\">Taze lezzet, sezonluk kampanyalar i\u00e7in ideal<\/li>\n<li style=\"font-weight: 400;\" aria-level=\"1\">Ocak\u2019tan Mart\u2019a kadar erken ihracat imk\u00e2n\u0131<\/li>\n<\/ul>\n<h2>PEI Trade Neden G\u00fcvenilir Bir M\u0131s\u0131r Patates Tedarik\u00e7isidir?<\/h2>\n<p>M\u0131s\u0131r\u2019daki g\u00fcvenilir patates tedarik\u00e7ileri aras\u0131nda yer alan PEI Trade \u015fu avantajlar\u0131 sunar:<\/p>\n<ul>\n<li style=\"font-weight: 400;\" aria-level=\"1\">S\u00f6zle\u015fmeli \u00e7iftliklerden kontroll\u00fc tedarik<\/li>\n<li style=\"font-weight: 400;\" aria-level=\"1\">Tarladan limana kadar tam izlenebilirlik<\/li>\n<li style=\"font-weight: 400;\" aria-level=\"1\">\u0130hracata haz\u0131r kalite ve uluslararas\u0131 standartlara uyum<\/li>\n<li style=\"font-weight: 400;\" aria-level=\"1\">So\u011fuk zincir lojisti\u011fi ve zaman\u0131nda sevkiyat koordinasyonu<\/li>\n<li style=\"font-weight: 400;\" aria-level=\"1\">\u00d6zel marka ve ki\u015fiselle\u015ftirilmi\u015f ambalaj se\u00e7enekleri<\/li>\n<\/ul>\n<p>Hasat sezonu boyunca d\u00fczenli kalite ve miktar sa\u011flamak i\u00e7in \u00fcreticilerle do\u011frudan \u00e7al\u0131\u015f\u0131yoruz.<\/p>\n<h2>M\u0131s\u0131r Patates Hasat Sezonu ve Uygunluk<\/h2>\n<p>M\u0131s\u0131r\u2019da patates hasat sezonu Ocak\u2019tan Haziran ba\u015f\u0131na kadar s\u00fcrer. Bu, Avrupa sezonundan \u00f6nce pazara girme avantaj\u0131 sa\u011flar. PEI Trade, yo\u011fun sezonda hasad\u0131 koordine eder ve so\u011fuk hava depolar\u0131 ile sezon d\u0131\u015f\u0131 stok bulundurur; y\u00fcksek talep g\u00f6ren pazarlarda \u00f6n rezervasyon imk\u00e2n\u0131 sunar.<\/p>\n<h2>Taze M\u0131s\u0131r Patatesleri \u2013 Global Pazarlara Paketlenmi\u015f ve \u0130hra\u00e7 Edilmi\u015f<\/h2>\n<p>Y\u0131kanm\u0131\u015f, s\u0131n\u0131fland\u0131r\u0131lm\u0131\u015f ve m\u00fc\u015fteri taleplerine g\u00f6re paketlenmi\u015f M\u0131s\u0131r patatesleri tedarik ediyoruz. Ekibimiz \u015fu i\u015flemlerin tamam\u0131n\u0131 y\u00f6netir:<\/p>\n<ul>\n<li style=\"font-weight: 400;\" aria-level=\"1\">A\u011f torbalar (5kg, 10kg, 25kg), markal\u0131 kutular ve d\u00f6kme ambalaj<\/li>\n<li style=\"font-weight: 400;\" aria-level=\"1\">Fitosanitasyon sertifikas\u0131 ve ihracat belgeleri<\/li>\n<li style=\"font-weight: 400;\" aria-level=\"1\">Is\u0131 kontroll\u00fc so\u011futuculu konteynerler<\/li>\n<li style=\"font-weight: 400;\" aria-level=\"1\">\u00c7ok dilli etiketleme ve barkodlama<\/li>\n<\/ul>\n<p>Sevkiyatlar AB, K\u00f6rfez \u00fclkeleri ve Asya pazar d\u00fczenlemeleriyle tam uyumlu ve verimlilik i\u00e7in optimize edilmi\u015ftir.<\/p>\n<div class=\"container\"><\/div>\n<\/section>\n<section style=\"padding: 50px 20px; background-color: #f0f0f0;\">\n<div class=\"container\">\n<h2>M\u0131s\u0131r\u2019daki \u00d6nde Gelen Patates \u0130hracat\u00e7\u0131lar\u0131 ile \u0130leti\u015fime Ge\u00e7in<\/h2>\n<p>PEI Trade, piyasadaki en iyi M\u0131s\u0131r patateslerine do\u011frudan eri\u015fiminizdir. G\u00fc\u00e7l\u00fc altyap\u0131m\u0131z ve deneyimli ihracat ekibimizle tarladan limana kadar t\u00fcm s\u00fcreci sorunsuz \u015fekilde koordine ediyoruz.<br \/>\nFiyat teklifi, stok durumu veya numune talebi i\u00e7in bizimle ileti\u015fime ge\u00e7in. Ekibimiz, sezonluk tedarik ihtiya\u00e7lar\u0131n\u0131z ve ihracat planlaman\u0131z konusunda size yard\u0131mc\u0131 olmaya haz\u0131r.<\/p>\n<p style=\"text-align: center; margin-top: 40px;\"><a class=\"button primary large\" href=\"\/contact\">\u015eimdi Sipari\u015f Verin<\/a><\/p>\n<\/div>\n<\/section>\n<section style=\"padding: 50px 20px;\">\n<div class=\"container\">\n<h2>M\u0131s\u0131r\u2019dan Di\u011fer Taze \u00dcr\u00fcnler<\/h2>\n<p>&nbsp;<\/p>\n<p>Patateslere ek olarak, PEI Trade M\u0131s\u0131r so\u011fan\u0131, ye\u015fil fasulye, sar\u0131msak ve daha fazlas\u0131n\u0131 tedarik etmektedir. Mevsimsel programlar\u0131 ve uzun vadeli ithalat s\u00f6zle\u015fmelerini destekliyoruz. <a href=\"\/about\">\u0130hracat hizmetlerimiz hakk\u0131nda daha fazla bilgi edinin<\/a>.<\/p>\n<div class=\"wp-block-woocommerce-product-collection\"><div class=\"woocommerce columns-4 \"><ul class=\"products columns-4\" data-products=\"type-2\">\n<li class=\"product type-product post-7360 status-publish first instock product_cat-vegetables has-post-thumbnail shipping-taxable product-type-simple\">\n\t<a href=\"https:\/\/peitrade.com\/tr\/product\/domates\/\" class=\"woocommerce-LoopProduct-link woocommerce-loop-product__link\"><img decoding=\"async\" width=\"300\" height=\"300\" src=\"https:\/\/peitrade.com\/wp-content\/uploads\/2025\/11\/Egyptian-Tomatoes-300x300.webp\" class=\"attachment-woocommerce_thumbnail size-woocommerce_thumbnail\" alt=\"Domates\" srcset=\"https:\/\/peitrade.com\/wp-content\/uploads\/2025\/11\/Egyptian-Tomatoes-300x300.webp 300w, https:\/\/peitrade.com\/wp-content\/uploads\/2025\/11\/Egyptian-Tomatoes-150x150.webp 150w, https:\/\/peitrade.com\/wp-content\/uploads\/2025\/11\/Egyptian-Tomatoes-768x768.webp 768w, https:\/\/peitrade.com\/wp-content\/uploads\/2025\/11\/Egyptian-Tomatoes-600x600.webp 600w, https:\/\/peitrade.com\/wp-content\/uploads\/2025\/11\/Egyptian-Tomatoes-100x100.webp 100w, https:\/\/peitrade.com\/wp-content\/uploads\/2025\/11\/Egyptian-Tomatoes.webp 1024w\" sizes=\"(max-width: 300px) 100vw, 300px\" title=\"\"><h2 class=\"woocommerce-loop-product__title\">Domates<\/h2>\n<\/a><a href=\"https:\/\/peitrade.com\/tr\/product\/domates\/\" aria-describedby=\"woocommerce_loop_add_to_cart_link_describedby_7360\" data-quantity=\"1\" class=\"button product_type_simple\" data-product_id=\"7360\" data-product_sku=\"70200\" aria-label=\"&ldquo;Domates&rdquo; hakk\u0131nda daha fazla bilgi edinin\" rel=\"nofollow\" data-success_message=\"\">Devam\u0131n\u0131 oku<\/a>\t<span id=\"woocommerce_loop_add_to_cart_link_describedby_7360\" class=\"screen-reader-text\">\n\t\t\t<\/span>\n<\/li>\n<li class=\"product type-product post-7776 status-publish instock product_cat-vegetables product_cat-in-season has-post-thumbnail shipping-taxable product-type-simple\">\n\t<a href=\"https:\/\/peitrade.com\/tr\/product\/patates\/\" class=\"woocommerce-LoopProduct-link woocommerce-loop-product__link\"><img decoding=\"async\" width=\"300\" height=\"300\" src=\"https:\/\/peitrade.com\/wp-content\/uploads\/2025\/11\/Egyptian-Potatoes-300x300.webp\" class=\"attachment-woocommerce_thumbnail size-woocommerce_thumbnail\" alt=\"Patates\" srcset=\"https:\/\/peitrade.com\/wp-content\/uploads\/2025\/11\/Egyptian-Potatoes-300x300.webp 300w, https:\/\/peitrade.com\/wp-content\/uploads\/2025\/11\/Egyptian-Potatoes-150x150.webp 150w, https:\/\/peitrade.com\/wp-content\/uploads\/2025\/11\/Egyptian-Potatoes-768x768.webp 768w, https:\/\/peitrade.com\/wp-content\/uploads\/2025\/11\/Egyptian-Potatoes-600x600.webp 600w, https:\/\/peitrade.com\/wp-content\/uploads\/2025\/11\/Egyptian-Potatoes-100x100.webp 100w, https:\/\/peitrade.com\/wp-content\/uploads\/2025\/11\/Egyptian-Potatoes.webp 1024w\" sizes=\"(max-width: 300px) 100vw, 300px\" title=\"\"><h2 class=\"woocommerce-loop-product__title\">Patates<\/h2>\n<\/a><a href=\"https:\/\/peitrade.com\/tr\/product\/patates\/\" aria-describedby=\"woocommerce_loop_add_to_cart_link_describedby_7776\" data-quantity=\"1\" class=\"button product_type_simple\" data-product_id=\"7776\" data-product_sku=\"70190\" aria-label=\"&ldquo;Patates&rdquo; hakk\u0131nda daha fazla bilgi edinin\" rel=\"nofollow\" data-success_message=\"\">Devam\u0131n\u0131 oku<\/a>\t<span id=\"woocommerce_loop_add_to_cart_link_describedby_7776\" class=\"screen-reader-text\">\n\t\t\t<\/span>\n<\/li>\n<li class=\"product type-product post-7376 status-publish instock product_cat-vegetables product_cat-in-season has-post-thumbnail shipping-taxable product-type-simple\">\n\t<a href=\"https:\/\/peitrade.com\/tr\/product\/sarimsak\/\" class=\"woocommerce-LoopProduct-link woocommerce-loop-product__link\"><img decoding=\"async\" width=\"300\" height=\"300\" src=\"https:\/\/peitrade.com\/wp-content\/uploads\/2025\/11\/Egyptian-Garlic-300x300.webp\" class=\"attachment-woocommerce_thumbnail size-woocommerce_thumbnail\" alt=\"Sar\u0131msak\" srcset=\"https:\/\/peitrade.com\/wp-content\/uploads\/2025\/11\/Egyptian-Garlic-300x300.webp 300w, https:\/\/peitrade.com\/wp-content\/uploads\/2025\/11\/Egyptian-Garlic-150x150.webp 150w, https:\/\/peitrade.com\/wp-content\/uploads\/2025\/11\/Egyptian-Garlic-768x768.webp 768w, https:\/\/peitrade.com\/wp-content\/uploads\/2025\/11\/Egyptian-Garlic-600x600.webp 600w, https:\/\/peitrade.com\/wp-content\/uploads\/2025\/11\/Egyptian-Garlic-100x100.webp 100w, https:\/\/peitrade.com\/wp-content\/uploads\/2025\/11\/Egyptian-Garlic.webp 1024w\" sizes=\"(max-width: 300px) 100vw, 300px\" title=\"\"><h2 class=\"woocommerce-loop-product__title\">Sar\u0131msak<\/h2>\n<\/a><a href=\"https:\/\/peitrade.com\/tr\/product\/sarimsak\/\" aria-describedby=\"woocommerce_loop_add_to_cart_link_describedby_7376\" data-quantity=\"1\" class=\"button product_type_simple\" data-product_id=\"7376\" data-product_sku=\"70320\" aria-label=\"&ldquo;Sar\u0131msak&rdquo; hakk\u0131nda daha fazla bilgi edinin\" rel=\"nofollow\" data-success_message=\"\">Devam\u0131n\u0131 oku<\/a>\t<span id=\"woocommerce_loop_add_to_cart_link_describedby_7376\" class=\"screen-reader-text\">\n\t\t\t<\/span>\n<\/li>\n<li class=\"product type-product post-7796 status-publish last instock product_cat-vegetables product_cat-in-season has-post-thumbnail shipping-taxable product-type-simple\">\n\t<a href=\"https:\/\/peitrade.com\/tr\/product\/tatli-patates\/\" class=\"woocommerce-LoopProduct-link woocommerce-loop-product__link\"><img decoding=\"async\" width=\"300\" height=\"300\" src=\"https:\/\/peitrade.com\/wp-content\/uploads\/2025\/11\/Egyptian-Sweet-Potatoes-300x300.webp\" class=\"attachment-woocommerce_thumbnail size-woocommerce_thumbnail\" alt=\"Egyptian Sweet Potatoes - PEI Trade\" srcset=\"https:\/\/peitrade.com\/wp-content\/uploads\/2025\/11\/Egyptian-Sweet-Potatoes-300x300.webp 300w, https:\/\/peitrade.com\/wp-content\/uploads\/2025\/11\/Egyptian-Sweet-Potatoes-150x150.webp 150w, https:\/\/peitrade.com\/wp-content\/uploads\/2025\/11\/Egyptian-Sweet-Potatoes-768x768.webp 768w, https:\/\/peitrade.com\/wp-content\/uploads\/2025\/11\/Egyptian-Sweet-Potatoes-600x600.webp 600w, https:\/\/peitrade.com\/wp-content\/uploads\/2025\/11\/Egyptian-Sweet-Potatoes-100x100.webp 100w, https:\/\/peitrade.com\/wp-content\/uploads\/2025\/11\/Egyptian-Sweet-Potatoes.webp 1024w\" sizes=\"(max-width: 300px) 100vw, 300px\" title=\"\"><h2 class=\"woocommerce-loop-product__title\">Tatl\u0131 patates<\/h2>\n<\/a><a href=\"https:\/\/peitrade.com\/tr\/product\/tatli-patates\/\" aria-describedby=\"woocommerce_loop_add_to_cart_link_describedby_7796\" data-quantity=\"1\" class=\"button product_type_simple\" data-product_id=\"7796\" data-product_sku=\"71420\" aria-label=\"&ldquo;Tatl\u0131 patates&rdquo; hakk\u0131nda daha fazla bilgi edinin\" rel=\"nofollow\" data-success_message=\"\">Devam\u0131n\u0131 oku<\/a>\t<span id=\"woocommerce_loop_add_to_cart_link_describedby_7796\" class=\"screen-reader-text\">\n\t\t\t<\/span>\n<\/li>\n<\/ul>\n<\/div><\/div>\n<\/div>\n<\/section>\n<section style=\"padding: 50px 20px; background-color: #f9f9f9;\">\n<div class=\"container\">\n<h2>S\u0131k\u00e7a Sorulan Sorular<\/h2>\n<div>\n<h3>M\u0131s\u0131r\u2019da patates hasat sezonu ne zaman?<\/h3>\n<p>Ocak\u2019tan Haziran ba\u015f\u0131na kadar. Sevkiyatlar, tazelik ve pazara uygunluk a\u00e7\u0131s\u0131ndan en iyi hasat zamanlar\u0131yla uyumlu \u015fekilde planlan\u0131r.<\/p>\n<h3>Spunta ve Nicola patatesleri kar\u0131\u015f\u0131k g\u00f6nderim olarak sunuluyor mu?<\/h3>\n<p>Evet. M\u00fc\u015fteri talebine g\u00f6re ayn\u0131 konteynerde \u00e7e\u015fitleri birle\u015ftirebiliriz.<\/p>\n<h3>\u00d6zel marka ambalaj yapabiliyor musunuz?<\/h3>\n<p>Evet. Perakende da\u011f\u0131t\u0131m i\u00e7in \u00f6zelle\u015ftirilmi\u015f ambalaj se\u00e7enekleri sunuyoruz.<\/p>\n<h3>Hangi sertifikalara sahipsiniz?<\/h3>\n<p>PEI Trade, GlobalG.A.P., ISO 22000 ve ulusal fitosanitasyon ihracat d\u00fczenlemelerine uygundur.<\/p>\n<h3>Hangi b\u00f6lgelere ihracat yap\u0131yorsunuz?<\/h3>\n<p>Avrupa, K\u00f6rfez \u00fclkeleri, Afrika ve se\u00e7ili Asya pazarlar\u0131na ihracat yap\u0131yoruz. Talep \u00fczerine yeni pazarlara da a\u00e7\u0131labiliriz.<\/p>\n<\/div>\n<\/div>\n<\/section>\n","protected":false},"excerpt":{"rendered":"<p>M\u0131s\u0131r&#8217;daki Patates \u0130hracat\u00e7\u0131lar\u0131 \u2013 PEI Trade&#8217;den Premium M\u0131s\u0131r Patatesleri &nbsp; PEI Trade, y\u00fcksek kaliteli M\u0131s\u0131r patateslerini k\u00fcresel pazarlara sunan en g\u00fcvenilir patates ihracat\u00e7\u0131lar\u0131 M\u0131s\u0131r aras\u0131nda yer al\u0131r ve tutarl\u0131l\u0131k, tazelik ve \u00e7e\u015fitlilik konular\u0131nda g\u00fc\u00e7l\u00fc bir odakla hizmet verir. Besin a\u00e7\u0131s\u0131ndan zengin Delta b\u00f6lgesinde yeti\u015ftirilen patateslerimiz, ideal iklim ko\u015fullar\u0131nda yeti\u015ftirilerek hem perakende hem de end\u00fcstriyel kullan\u0131m [&hellip;]<\/p>\n","protected":false},"author":1,"featured_media":0,"parent":0,"menu_order":0,"comment_status":"closed","ping_status":"closed","template":"","meta":{"footnotes":""},"class_list":["post-5502","page","type-page","status-publish","hentry"],"blocksy_meta":[],"mb":[],"featured_image_urls_v2":{"full":"","thumbnail":"","medium":"","medium_large":"","large":"","1536x1536":"","2048x2048":"","woocommerce_archive_thumbnail":"","woocommerce_thumbnail":"","woocommerce_single":"","woocommerce_gallery_thumbnail":""},"post_excerpt_stackable_v2":"<p>M\u0131s\u0131r&#8217;daki Patates \u0130hracat\u00e7\u0131lar\u0131 \u2013 PEI Trade&#8217;den Premium M\u0131s\u0131r Patatesleri &nbsp; PEI Trade, y\u00fcksek kaliteli M\u0131s\u0131r patateslerini k\u00fcresel pazarlara sunan en g\u00fcvenilir patates ihracat\u00e7\u0131lar\u0131 M\u0131s\u0131r aras\u0131nda yer al\u0131r ve tutarl\u0131l\u0131k, tazelik ve \u00e7e\u015fitlilik konular\u0131nda g\u00fc\u00e7l\u00fc bir odakla hizmet verir. Besin a\u00e7\u0131s\u0131ndan zengin Delta b\u00f6lgesinde yeti\u015ftirilen patateslerimiz, ideal iklim ko\u015fullar\u0131nda yeti\u015ftirilerek hem perakende hem de end\u00fcstriyel kullan\u0131m i\u00e7in m\u00fckemmel doku, lezzet ve dayan\u0131kl\u0131l\u0131k sa\u011flar. \u00d6nde gelen bir M\u0131s\u0131r patates ihracat \u015firketi olarak, Avrupa, Orta Do\u011fu ve Asya\u2019daki m\u00fc\u015fterilere Spunta ve Nicola dahil olmak \u00fczere bir\u00e7ok patates \u00e7e\u015fidi sunuyoruz. Entegre ihracat s\u00fcrecimiz; tedarik, ay\u0131klama, paketleme ve sevkiyat\u0131 kapsar ve t\u00fcm bu ad\u0131mlar uluslararas\u0131&hellip;<\/p>\n","category_list_v2":"","author_info_v2":{"name":"Mostafa Sabry","url":"https:\/\/peitrade.com\/tr\/author\/emostafaadel_jn8gcqbo\/"},"comments_num_v2":"0 comments","mfb_rest_fields":["title","blocksy_meta","featured_image_urls_v2","post_excerpt_stackable_v2","category_list_v2","author_info_v2","comments_num_v2"],"_links":{"self":[{"href":"https:\/\/peitrade.com\/tr\/wp-json\/wp\/v2\/pages\/5502","targetHints":{"allow":["GET"]}}],"collection":[{"href":"https:\/\/peitrade.com\/tr\/wp-json\/wp\/v2\/pages"}],"about":[{"href":"https:\/\/peitrade.com\/tr\/wp-json\/wp\/v2\/types\/page"}],"author":[{"embeddable":true,"href":"https:\/\/peitrade.com\/tr\/wp-json\/wp\/v2\/users\/1"}],"replies":[{"embeddable":true,"href":"https:\/\/peitrade.com\/tr\/wp-json\/wp\/v2\/comments?post=5502"}],"version-history":[{"count":1,"href":"https:\/\/peitrade.com\/tr\/wp-json\/wp\/v2\/pages\/5502\/revisions"}],"predecessor-version":[{"id":5503,"href":"https:\/\/peitrade.com\/tr\/wp-json\/wp\/v2\/pages\/5502\/revisions\/5503"}],"wp:attachment":[{"href":"https:\/\/peitrade.com\/tr\/wp-json\/wp\/v2\/media?parent=5502"}],"curies":[{"name":"wp","href":"https:\/\/api.w.org\/{rel}","templated":true}]}}