{"id":5512,"date":"2025-05-16T09:37:58","date_gmt":"2025-05-16T09:37:58","guid":{"rendered":"http:\/\/46.224.74.15\/guvendiginiz-misir-guava-meyvesi-ihracatciniz\/"},"modified":"2025-11-19T16:44:43","modified_gmt":"2025-11-19T16:44:43","slug":"guvendiginiz-misir-guava-meyvesi-ihracatciniz","status":"publish","type":"page","link":"https:\/\/peitrade.com\/tr\/guvendiginiz-misir-guava-meyvesi-ihracatciniz\/","title":{"rendered":"G\u00fcvendi\u011finiz M\u0131s\u0131r Guava Meyvesi \u0130hracat\u00e7\u0131s\u0131 \u2013 PEI Trade"},"content":{"rendered":"<section class=\"section\" style=\"padding: 60px 20px; background-color: #f9f9f9;\">\n<div class=\"container\">\n<h1>G\u00fcvendi\u011finiz M\u0131s\u0131r Guava Meyvesi \u0130hracat\u00e7\u0131s\u0131 \u2013 PEI Trade<\/h1>\n<p class=\"\" data-start=\"158\" data-end=\"450\">PEI Trade olarak, uluslararas\u0131 pazarlara birinci s\u0131n\u0131f <strong>M\u0131s\u0131r Guava Meyvesi<\/strong> tedarikinde uzman\u0131z. Misyonumuz basit: tatl\u0131, besleyici ve g\u00f6rsel olarak \u00e7ekici guavalar\u0131 en y\u00fcksek k\u00fcresel standartlara uygun \u015fekilde sunmak. M\u0131s\u0131r\u2019daki en h\u0131zl\u0131 b\u00fcy\u00fcyen <strong>guava ihracat\u00e7\u0131lar\u0131ndan<\/strong> biri olarak, Avrupa, K\u00f6rfez \u00fclkeleri ve G\u00fcneydo\u011fu Asya\u2019daki perakende zincirlerine, g\u0131da \u00fcreticilerine ve da\u011f\u0131t\u0131c\u0131lara gururla hizmet veriyoruz.<\/p>\n<p class=\"\" data-start=\"452\" data-end=\"863\">En kaliteli <strong>M\u0131s\u0131r sar\u0131 guavas\u0131n\u0131<\/strong> yeti\u015ftiren sertifikal\u0131 M\u0131s\u0131rl\u0131 \u00e7iftliklerle yak\u0131n i\u015f birli\u011fi i\u00e7inde \u00e7al\u0131\u015f\u0131yoruz. Tedarik modelimiz, her partinin en olgun zaman\u0131nda elle toplanmas\u0131n\u0131 sa\u011flayarak t\u00fcketicilerin sevdi\u011fi belirgin tropikal aromay\u0131 garanti eder. \u0130ster <strong>\u00e7evrimi\u00e7i M\u0131s\u0131r guavas\u0131 sat\u0131n almak<\/strong> isteyin, ister toptan i\u015f ortakl\u0131\u011f\u0131 kurmay\u0131 planlay\u0131n, PEI Trade size tutarl\u0131 ve ihracata haz\u0131r bir tedarik sunar.<\/p>\n<p class=\"\" data-start=\"865\" data-end=\"1017\">Tam \u015feffafl\u0131k, so\u011fuk zincir lojisti\u011fi ve uygunluk sertifikalar\u0131yla sadece ba\u015fka bir <strong>M\u0131s\u0131r guava ihracat\u00e7\u0131s\u0131<\/strong> de\u011filiz\u2014tedarik zincirinizde uzun vadeli bir i\u015f orta\u011f\u0131y\u0131z.<\/p>\n<\/div>\n<\/section>\n<p><!-- WooCommerce Product Block 1 --><\/p>\n<div class=\"wp-block-woocommerce-product-collection\"><div class=\"woocommerce columns-4 \"><ul class=\"products columns-4\" data-products=\"type-2\">\n<li class=\"product type-product post-7671 status-publish first instock product_cat-fruits has-post-thumbnail shipping-taxable product-type-simple\">\n\t<a href=\"https:\/\/peitrade.com\/tr\/product\/cilek\/\" class=\"woocommerce-LoopProduct-link woocommerce-loop-product__link\"><img decoding=\"async\" width=\"300\" height=\"300\" src=\"https:\/\/peitrade.com\/wp-content\/uploads\/2025\/11\/Egyptian-Strawberries-300x300.webp\" class=\"attachment-woocommerce_thumbnail size-woocommerce_thumbnail\" alt=\"\u00c7ilek\" srcset=\"https:\/\/peitrade.com\/wp-content\/uploads\/2025\/11\/Egyptian-Strawberries-300x300.webp 300w, https:\/\/peitrade.com\/wp-content\/uploads\/2025\/11\/Egyptian-Strawberries-150x150.webp 150w, https:\/\/peitrade.com\/wp-content\/uploads\/2025\/11\/Egyptian-Strawberries-768x768.webp 768w, https:\/\/peitrade.com\/wp-content\/uploads\/2025\/11\/Egyptian-Strawberries-600x600.webp 600w, https:\/\/peitrade.com\/wp-content\/uploads\/2025\/11\/Egyptian-Strawberries-100x100.webp 100w, https:\/\/peitrade.com\/wp-content\/uploads\/2025\/11\/Egyptian-Strawberries.webp 1024w\" sizes=\"(max-width: 300px) 100vw, 300px\" title=\"\"><h2 class=\"woocommerce-loop-product__title\">\u00c7ilek<\/h2>\n<\/a><a href=\"https:\/\/peitrade.com\/tr\/product\/cilek\/\" aria-describedby=\"woocommerce_loop_add_to_cart_link_describedby_7671\" data-quantity=\"1\" class=\"button product_type_simple\" data-product_id=\"7671\" data-product_sku=\"81010\" aria-label=\"&ldquo;\u00c7ilek&rdquo; hakk\u0131nda daha fazla bilgi edinin\" rel=\"nofollow\" data-success_message=\"\">Devam\u0131n\u0131 oku<\/a>\t<span id=\"woocommerce_loop_add_to_cart_link_describedby_7671\" class=\"screen-reader-text\">\n\t\t\t<\/span>\n<\/li>\n<li class=\"product type-product post-7583 status-publish instock product_cat-fruits product_cat-in-season has-post-thumbnail shipping-taxable product-type-simple\">\n\t<a href=\"https:\/\/peitrade.com\/tr\/product\/guava\/\" class=\"woocommerce-LoopProduct-link woocommerce-loop-product__link\"><img decoding=\"async\" width=\"300\" height=\"300\" src=\"https:\/\/peitrade.com\/wp-content\/uploads\/2025\/11\/Egyptian-Guava-300x300.webp\" class=\"attachment-woocommerce_thumbnail size-woocommerce_thumbnail\" alt=\"Egyptian Guava\" srcset=\"https:\/\/peitrade.com\/wp-content\/uploads\/2025\/11\/Egyptian-Guava-300x300.webp 300w, https:\/\/peitrade.com\/wp-content\/uploads\/2025\/11\/Egyptian-Guava-150x150.webp 150w, https:\/\/peitrade.com\/wp-content\/uploads\/2025\/11\/Egyptian-Guava-768x768.webp 768w, https:\/\/peitrade.com\/wp-content\/uploads\/2025\/11\/Egyptian-Guava-600x600.webp 600w, https:\/\/peitrade.com\/wp-content\/uploads\/2025\/11\/Egyptian-Guava-100x100.webp 100w, https:\/\/peitrade.com\/wp-content\/uploads\/2025\/11\/Egyptian-Guava.webp 1024w\" sizes=\"(max-width: 300px) 100vw, 300px\" title=\"\"><h2 class=\"woocommerce-loop-product__title\">Guava<\/h2>\n<\/a><a href=\"https:\/\/peitrade.com\/tr\/product\/guava\/\" aria-describedby=\"woocommerce_loop_add_to_cart_link_describedby_7583\" data-quantity=\"1\" class=\"button product_type_simple\" data-product_id=\"7583\" data-product_sku=\"80451\" aria-label=\"&ldquo;Guava&rdquo; hakk\u0131nda daha fazla bilgi edinin\" rel=\"nofollow\" data-success_message=\"\">Devam\u0131n\u0131 oku<\/a>\t<span id=\"woocommerce_loop_add_to_cart_link_describedby_7583\" class=\"screen-reader-text\">\n\t\t\t<\/span>\n<\/li>\n<li class=\"product type-product post-7542 status-publish instock product_cat-fruits product_cat-in-season has-post-thumbnail shipping-taxable product-type-simple\">\n\t<a href=\"https:\/\/peitrade.com\/tr\/product\/limon\/\" class=\"woocommerce-LoopProduct-link woocommerce-loop-product__link\"><img decoding=\"async\" width=\"300\" height=\"300\" src=\"https:\/\/peitrade.com\/wp-content\/uploads\/2025\/11\/Egyptian-Lemons-300x300.webp\" class=\"attachment-woocommerce_thumbnail size-woocommerce_thumbnail\" alt=\"Limon\" srcset=\"https:\/\/peitrade.com\/wp-content\/uploads\/2025\/11\/Egyptian-Lemons-300x300.webp 300w, https:\/\/peitrade.com\/wp-content\/uploads\/2025\/11\/Egyptian-Lemons-150x150.webp 150w, https:\/\/peitrade.com\/wp-content\/uploads\/2025\/11\/Egyptian-Lemons-768x768.webp 768w, https:\/\/peitrade.com\/wp-content\/uploads\/2025\/11\/Egyptian-Lemons-600x600.webp 600w, https:\/\/peitrade.com\/wp-content\/uploads\/2025\/11\/Egyptian-Lemons-100x100.webp 100w, https:\/\/peitrade.com\/wp-content\/uploads\/2025\/11\/Egyptian-Lemons.webp 1024w\" sizes=\"(max-width: 300px) 100vw, 300px\" title=\"\"><h2 class=\"woocommerce-loop-product__title\">Limon<\/h2>\n<\/a><a href=\"https:\/\/peitrade.com\/tr\/product\/limon\/\" aria-describedby=\"woocommerce_loop_add_to_cart_link_describedby_7542\" data-quantity=\"1\" class=\"button product_type_simple\" data-product_id=\"7542\" data-product_sku=\"80550\" aria-label=\"&ldquo;Limon&rdquo; hakk\u0131nda daha fazla bilgi edinin\" rel=\"nofollow\" data-success_message=\"\">Devam\u0131n\u0131 oku<\/a>\t<span id=\"woocommerce_loop_add_to_cart_link_describedby_7542\" class=\"screen-reader-text\">\n\t\t\t<\/span>\n<\/li>\n<li class=\"product type-product post-7444 status-publish last instock product_cat-fruits product_cat-in-season has-post-thumbnail shipping-taxable product-type-simple\">\n\t<a href=\"https:\/\/peitrade.com\/tr\/product\/portakallar\/\" class=\"woocommerce-LoopProduct-link woocommerce-loop-product__link\"><img decoding=\"async\" width=\"300\" height=\"300\" src=\"https:\/\/peitrade.com\/wp-content\/uploads\/2025\/11\/Egyptian-Oranges-300x300.webp\" class=\"attachment-woocommerce_thumbnail size-woocommerce_thumbnail\" alt=\"M\u0131s\u0131r\u2019\u0131n Kanada\u2019ya portakal ihracat\u0131\" srcset=\"https:\/\/peitrade.com\/wp-content\/uploads\/2025\/11\/Egyptian-Oranges-300x300.webp 300w, https:\/\/peitrade.com\/wp-content\/uploads\/2025\/11\/Egyptian-Oranges-150x150.webp 150w, https:\/\/peitrade.com\/wp-content\/uploads\/2025\/11\/Egyptian-Oranges-768x768.webp 768w, https:\/\/peitrade.com\/wp-content\/uploads\/2025\/11\/Egyptian-Oranges-600x600.webp 600w, https:\/\/peitrade.com\/wp-content\/uploads\/2025\/11\/Egyptian-Oranges-100x100.webp 100w, https:\/\/peitrade.com\/wp-content\/uploads\/2025\/11\/Egyptian-Oranges.webp 1024w\" sizes=\"(max-width: 300px) 100vw, 300px\" title=\"\"><h2 class=\"woocommerce-loop-product__title\">Portakallar<\/h2>\n<\/a><a href=\"https:\/\/peitrade.com\/tr\/product\/portakallar\/\" aria-describedby=\"woocommerce_loop_add_to_cart_link_describedby_7444\" data-quantity=\"1\" class=\"button product_type_simple\" data-product_id=\"7444\" data-product_sku=\"80510\" aria-label=\"&ldquo;Portakallar&rdquo; hakk\u0131nda daha fazla bilgi edinin\" rel=\"nofollow\" data-success_message=\"\">Devam\u0131n\u0131 oku<\/a>\t<span id=\"woocommerce_loop_add_to_cart_link_describedby_7444\" class=\"screen-reader-text\">\n\t\t\t<\/span>\n<\/li>\n<\/ul>\n<\/div><\/div>\n<p><!-- Section: Why Choose PEI Trade --><\/p>\n<section class=\"section\" style=\"padding: 50px 20px;\">\n<div class=\"container\">\n<h2>Neden Guava \u0130hracat Orta\u011f\u0131n\u0131z Olarak PEI Trade\u2019i Se\u00e7melisiniz?<\/h2>\n<p><strong>M\u0131s\u0131r\u2019daki guava tedarik\u00e7ileri<\/strong> s\u00f6z konusu oldu\u011funda, PEI Trade \u00fcst\u00fcn kalite kontrol\u00fc, g\u00fcvenilir teslimat s\u00fcreleri ve ki\u015fiselle\u015ftirilmi\u015f hizmet ile \u00f6ne \u00e7\u0131kar. Tarladan uluslararas\u0131 limana kadar dikey entegre s\u00fcre\u00e7lerimiz sayesinde <strong>M\u0131s\u0131r\u2019dan taze guava<\/strong> tedarikinde kesintisiz bir hizmet sunuyoruz.<\/p>\n<ul>\n<li>Elle toplanm\u0131\u015f, d\u00fc\u015f\u00fck lifli, tatl\u0131 <strong>organik M\u0131s\u0131r guavas\u0131 ihracat\u0131<\/strong><\/li>\n<li>Parti bazl\u0131 izlenebilirlik ve bitki sa\u011fl\u0131\u011f\u0131 sertifikalar\u0131<\/li>\n<li>Perakende, g\u0131da hizmeti veya end\u00fcstriyel ihtiya\u00e7lara uygun esnek ambalajlama<\/li>\n<li>H\u0131zl\u0131 sipari\u015f i\u015fleme ve g\u00fcvenilir sevkiyat planlar\u0131<\/li>\n<\/ul>\n<h2>PEI Trade\u2019in M\u00fckemmellik ve B\u00fcy\u00fcme Taahh\u00fcd\u00fc<\/h2>\n<p>Gen\u00e7 bir \u015firket olmam\u0131za ra\u011fmen, PEI Trade tutkulu bir ekibin deste\u011fiyle <strong>M\u0131s\u0131r\u2019\u0131n en iyi guava ihracat\u00e7\u0131lar\u0131ndan<\/strong> biri olma yolunda ilerliyor. Geleneksel tar\u0131m bilgeli\u011fini modern tedarik zinciri y\u00f6netimiyle birle\u015ftirerek en kaliteli <strong>M\u0131s\u0131r guava meyvesini<\/strong> d\u00fcnya sofralar\u0131na ula\u015ft\u0131r\u0131yoruz.<\/p>\n<ul>\n<li>Kalite ve miktar\u0131 garanti etmek i\u00e7in M\u0131s\u0131r\u2019\u0131n en iyi guava \u00e7iftliklerinden do\u011frudan tedarik<\/li>\n<li>Tat, renk ve dokuyu korumak i\u00e7in s\u0131k\u0131 bir so\u011fuk zincir sistemi<\/li>\n<li>T\u00fcm ihracatlar\u0131n AB, K\u00f6rfez ve Asya ithalat d\u00fczenlemelerine uygun olmas\u0131<\/li>\n<\/ul>\n<p>\u0130ster bir perakende zinciri, meyve suyu \u015firketi ya da taze meyve toptanc\u0131s\u0131 olun, hacim ve kalite beklentilerinizi kar\u015f\u0131layacak esneklik ve altyap\u0131ya sahibiz. PEI Trade yaln\u0131zca bir <strong>M\u0131s\u0131r guava ihracat\u00e7\u0131s\u0131<\/strong> de\u011fil\u2014b\u00fcy\u00fcme orta\u011f\u0131n\u0131zd\u0131r.<\/p>\n<\/div>\n<\/section>\n<p><!-- Related Products Section --><\/p>\n<section class=\"section\" style=\"padding: 50px 20px;\">\n<div class=\"container\">\n<h2>Daha Fazla M\u0131s\u0131r Men\u015feli Taze \u00dcr\u00fcn<\/h2>\n<p><strong>M\u0131s\u0131r\u2019dan taze guava<\/strong> ile birlikte PEI Trade, ihracat standartlar\u0131nda yeti\u015ftirilen mevsimlik meyve ve sebzelerin geni\u015f bir yelpazesini sunar. Narenciyeden mangoya kadar \u00e7iftlik a\u011f\u0131m\u0131z, farkl\u0131 k\u00fcresel pazarlar i\u00e7in y\u0131l boyunca tedarik deste\u011fi sa\u011flar.<\/p>\n<div class=\"wp-block-woocommerce-product-collection\"><div class=\"woocommerce columns-4 \"><ul class=\"products columns-4\" data-products=\"type-2\">\n<li class=\"product type-product post-7583 status-publish first instock product_cat-fruits product_cat-in-season has-post-thumbnail shipping-taxable product-type-simple\">\n\t<a href=\"https:\/\/peitrade.com\/tr\/product\/guava\/\" class=\"woocommerce-LoopProduct-link woocommerce-loop-product__link\"><img decoding=\"async\" width=\"300\" height=\"300\" src=\"https:\/\/peitrade.com\/wp-content\/uploads\/2025\/11\/Egyptian-Guava-300x300.webp\" class=\"attachment-woocommerce_thumbnail size-woocommerce_thumbnail\" alt=\"Egyptian Guava\" srcset=\"https:\/\/peitrade.com\/wp-content\/uploads\/2025\/11\/Egyptian-Guava-300x300.webp 300w, https:\/\/peitrade.com\/wp-content\/uploads\/2025\/11\/Egyptian-Guava-150x150.webp 150w, https:\/\/peitrade.com\/wp-content\/uploads\/2025\/11\/Egyptian-Guava-768x768.webp 768w, https:\/\/peitrade.com\/wp-content\/uploads\/2025\/11\/Egyptian-Guava-600x600.webp 600w, https:\/\/peitrade.com\/wp-content\/uploads\/2025\/11\/Egyptian-Guava-100x100.webp 100w, https:\/\/peitrade.com\/wp-content\/uploads\/2025\/11\/Egyptian-Guava.webp 1024w\" sizes=\"(max-width: 300px) 100vw, 300px\" title=\"\"><h2 class=\"woocommerce-loop-product__title\">Guava<\/h2>\n<\/a><a href=\"https:\/\/peitrade.com\/tr\/product\/guava\/\" aria-describedby=\"woocommerce_loop_add_to_cart_link_describedby_7583\" data-quantity=\"1\" class=\"button product_type_simple\" data-product_id=\"7583\" data-product_sku=\"80451\" aria-label=\"&ldquo;Guava&rdquo; hakk\u0131nda daha fazla bilgi edinin\" rel=\"nofollow\" data-success_message=\"\">Devam\u0131n\u0131 oku<\/a>\t<span id=\"woocommerce_loop_add_to_cart_link_describedby_7583\" class=\"screen-reader-text\">\n\t\t\t<\/span>\n<\/li>\n<li class=\"product type-product post-7648 status-publish instock product_cat-fruits has-post-thumbnail shipping-taxable product-type-simple\">\n\t<a href=\"https:\/\/peitrade.com\/tr\/product\/mango\/\" class=\"woocommerce-LoopProduct-link woocommerce-loop-product__link\"><img decoding=\"async\" width=\"300\" height=\"300\" src=\"https:\/\/peitrade.com\/wp-content\/uploads\/2025\/11\/Egyption-Mango-300x300.webp\" class=\"attachment-woocommerce_thumbnail size-woocommerce_thumbnail\" alt=\"Mangoes: Egypt\u2019s Tropical Treasure\" srcset=\"https:\/\/peitrade.com\/wp-content\/uploads\/2025\/11\/Egyption-Mango-300x300.webp 300w, https:\/\/peitrade.com\/wp-content\/uploads\/2025\/11\/Egyption-Mango-150x150.webp 150w, https:\/\/peitrade.com\/wp-content\/uploads\/2025\/11\/Egyption-Mango-768x768.webp 768w, https:\/\/peitrade.com\/wp-content\/uploads\/2025\/11\/Egyption-Mango-600x600.webp 600w, https:\/\/peitrade.com\/wp-content\/uploads\/2025\/11\/Egyption-Mango-100x100.webp 100w, https:\/\/peitrade.com\/wp-content\/uploads\/2025\/11\/Egyption-Mango.webp 1024w\" sizes=\"(max-width: 300px) 100vw, 300px\" title=\"\"><h2 class=\"woocommerce-loop-product__title\">Mango<\/h2>\n<\/a><a href=\"https:\/\/peitrade.com\/tr\/product\/mango\/\" aria-describedby=\"woocommerce_loop_add_to_cart_link_describedby_7648\" data-quantity=\"1\" class=\"button product_type_simple\" data-product_id=\"7648\" data-product_sku=\"80450\" aria-label=\"&ldquo;Mango&rdquo; hakk\u0131nda daha fazla bilgi edinin\" rel=\"nofollow\" data-success_message=\"\">Devam\u0131n\u0131 oku<\/a>\t<span id=\"woocommerce_loop_add_to_cart_link_describedby_7648\" class=\"screen-reader-text\">\n\t\t\t<\/span>\n<\/li>\n<li class=\"product type-product post-7745 status-publish instock product_cat-fruits has-post-thumbnail shipping-taxable product-type-simple\">\n\t<a href=\"https:\/\/peitrade.com\/tr\/product\/nar\/\" class=\"woocommerce-LoopProduct-link woocommerce-loop-product__link\"><img decoding=\"async\" width=\"300\" height=\"300\" src=\"https:\/\/peitrade.com\/wp-content\/uploads\/2025\/11\/Egyptian-Pomegranate-300x300.webp\" class=\"attachment-woocommerce_thumbnail size-woocommerce_thumbnail\" alt=\"Pomegranates: The Superfruit Appeal\" srcset=\"https:\/\/peitrade.com\/wp-content\/uploads\/2025\/11\/Egyptian-Pomegranate-300x300.webp 300w, https:\/\/peitrade.com\/wp-content\/uploads\/2025\/11\/Egyptian-Pomegranate-150x150.webp 150w, https:\/\/peitrade.com\/wp-content\/uploads\/2025\/11\/Egyptian-Pomegranate-768x768.webp 768w, https:\/\/peitrade.com\/wp-content\/uploads\/2025\/11\/Egyptian-Pomegranate-600x600.webp 600w, https:\/\/peitrade.com\/wp-content\/uploads\/2025\/11\/Egyptian-Pomegranate-100x100.webp 100w, https:\/\/peitrade.com\/wp-content\/uploads\/2025\/11\/Egyptian-Pomegranate.webp 1024w\" sizes=\"(max-width: 300px) 100vw, 300px\" title=\"\"><h2 class=\"woocommerce-loop-product__title\">Nar<\/h2>\n<\/a><a href=\"https:\/\/peitrade.com\/tr\/product\/nar\/\" aria-describedby=\"woocommerce_loop_add_to_cart_link_describedby_7745\" data-quantity=\"1\" class=\"button product_type_simple\" data-product_id=\"7745\" data-product_sku=\"81090\" aria-label=\"&ldquo;Nar&rdquo; hakk\u0131nda daha fazla bilgi edinin\" rel=\"nofollow\" data-success_message=\"\">Devam\u0131n\u0131 oku<\/a>\t<span id=\"woocommerce_loop_add_to_cart_link_describedby_7745\" class=\"screen-reader-text\">\n\t\t\t<\/span>\n<\/li>\n<li class=\"product type-product post-7589 status-publish last instock product_cat-fruits has-post-thumbnail shipping-taxable product-type-simple\">\n\t<a href=\"https:\/\/peitrade.com\/tr\/product\/uzum\/\" class=\"woocommerce-LoopProduct-link woocommerce-loop-product__link\"><img decoding=\"async\" width=\"300\" height=\"300\" src=\"https:\/\/peitrade.com\/wp-content\/uploads\/2025\/11\/Egyptian-Grapes-300x300.webp\" class=\"attachment-woocommerce_thumbnail size-woocommerce_thumbnail\" alt=\"Grapes: A Rising Star\" srcset=\"https:\/\/peitrade.com\/wp-content\/uploads\/2025\/11\/Egyptian-Grapes-300x300.webp 300w, https:\/\/peitrade.com\/wp-content\/uploads\/2025\/11\/Egyptian-Grapes-150x150.webp 150w, https:\/\/peitrade.com\/wp-content\/uploads\/2025\/11\/Egyptian-Grapes-768x768.webp 768w, https:\/\/peitrade.com\/wp-content\/uploads\/2025\/11\/Egyptian-Grapes-600x600.webp 600w, https:\/\/peitrade.com\/wp-content\/uploads\/2025\/11\/Egyptian-Grapes-100x100.webp 100w, https:\/\/peitrade.com\/wp-content\/uploads\/2025\/11\/Egyptian-Grapes.webp 1024w\" sizes=\"(max-width: 300px) 100vw, 300px\" title=\"\"><h2 class=\"woocommerce-loop-product__title\">\u00dcz\u00fcm<\/h2>\n<\/a><a href=\"https:\/\/peitrade.com\/tr\/product\/uzum\/\" aria-describedby=\"woocommerce_loop_add_to_cart_link_describedby_7589\" data-quantity=\"1\" class=\"button product_type_simple\" data-product_id=\"7589\" data-product_sku=\"80610\" aria-label=\"&ldquo;\u00dcz\u00fcm&rdquo; hakk\u0131nda daha fazla bilgi edinin\" rel=\"nofollow\" data-success_message=\"\">Devam\u0131n\u0131 oku<\/a>\t<span id=\"woocommerce_loop_add_to_cart_link_describedby_7589\" class=\"screen-reader-text\">\n\t\t\t<\/span>\n<\/li>\n<\/ul>\n<\/div><\/div>\n<\/div>\n<\/section>\n<p><!-- Section: Season & Export Info --><\/p>\n<section class=\"section\" style=\"padding: 50px 20px; background-color: #f0f0f0;\">\n<div class=\"container\">\n<h2>M\u0131s\u0131r Guava Sezonu ve K\u00fcresel Eri\u015filebilirlik<\/h2>\n<p><strong>M\u0131s\u0131r guava sezonu<\/strong> genellikle Haziran\u2019dan Eyl\u00fcl\u2019e kadar s\u00fcrer, erken ve ge\u00e7 \u00e7e\u015fitler ise pazar mevcudiyetini uzat\u0131r. PEI Trade, ihracat takvimimizi b\u00f6lgesel hasat zirveleriyle uyumlu hale getirerek maksimum tazelik ve rekabet\u00e7i fiyatland\u0131rma sa\u011flar.<\/p>\n<h2>\u0130hracata Haz\u0131r Ambalajlama ve K\u00fcresel Da\u011f\u0131t\u0131m<\/h2>\n<p>\u0130\u015fletmenize \u00f6zel \u00e7e\u015fitli ihracat ambalaj \u00e7\u00f6z\u00fcmleri sunuyoruz\u2014ister perakendeye haz\u0131r kutulara ister i\u015fleme i\u00e7in toplu ambalajlara ihtiyac\u0131n\u0131z olsun. Her sevkiyat, so\u011fuk zincir lojisti\u011fi dahil olmak \u00fczere tam belge deste\u011fiyle birlikte ihracat uyumludur.<\/p>\n<p style=\"text-align: center; margin-top: 40px;\"><a class=\"button primary large\" href=\"\/contact\">Hemen Sipari\u015f Ver<\/a><\/p>\n<\/div>\n<\/section>\n<p><!-- FAQs Section --><\/p>\n<section class=\"section\" style=\"padding: 50px 20px; background-color: #f9f9f9;\">\n<div class=\"container\">\n<h2>S\u0131k\u00e7a Sorulan Sorular<\/h2>\n<div>\n<div>\n<h3>M\u0131s\u0131r guava sezonu ne zaman ba\u015flar?<\/h3>\n<div><strong>M\u0131s\u0131r guava sezonu<\/strong> genellikle Haziran\u2019dan Eyl\u00fcl\u2019e kadar s\u00fcrer, \u00e7e\u015fit ve b\u00f6lgeye g\u00f6re de\u011fi\u015febilir.<\/div>\n<\/div>\n<div>\n<h3>\u00d6zelle\u015ftirilmi\u015f ambalaj sunuyor musunuz?<\/h3>\n<div>Evet. Perakende, toptan veya i\u015fleme ihtiya\u00e7lar\u0131 i\u00e7in \u00f6zel net a\u011f\u0131rl\u0131k ve formatlarda markal\u0131 ve markas\u0131z ambalajlar sunuyoruz.<\/div>\n<\/div>\n<div>\n<h3>\u0130hracat s\u0131ras\u0131nda tazeli\u011fi nas\u0131l sa\u011fl\u0131yorsunuz?<\/h3>\n<div>Tedarik zincirimiz \u00e7iftlikte \u00f6n so\u011futma, so\u011futmal\u0131 konteynerler ve ta\u015f\u0131ma s\u0131ras\u0131nda s\u00fcrekli s\u0131cakl\u0131k izleme i\u00e7erir.<\/div>\n<\/div>\n<div>\n<h3>Hangi \u00fclkelere ihracat yap\u0131yorsunuz?<\/h3>\n<div>\u015eu anda Avrupa, K\u00f6rfez \u00fclkeleri ve Asya\u2019daki m\u00fc\u015fterilere hizmet veriyoruz ve talep \u00fczerine yeni pazarlara a\u00e7\u0131lma kapasitesine sahibiz.<\/div>\n<\/div>\n<\/div>\n<\/div>\n<\/section>\n","protected":false},"excerpt":{"rendered":"<p>G\u00fcvendi\u011finiz M\u0131s\u0131r Guava Meyvesi \u0130hracat\u00e7\u0131s\u0131 \u2013 PEI Trade PEI Trade olarak, uluslararas\u0131 pazarlara birinci s\u0131n\u0131f M\u0131s\u0131r Guava Meyvesi tedarikinde uzman\u0131z. Misyonumuz basit: tatl\u0131, besleyici ve g\u00f6rsel olarak \u00e7ekici guavalar\u0131 en y\u00fcksek k\u00fcresel standartlara uygun \u015fekilde sunmak. M\u0131s\u0131r\u2019daki en h\u0131zl\u0131 b\u00fcy\u00fcyen guava ihracat\u00e7\u0131lar\u0131ndan biri olarak, Avrupa, K\u00f6rfez \u00fclkeleri ve G\u00fcneydo\u011fu Asya\u2019daki perakende zincirlerine, g\u0131da \u00fcreticilerine ve [&hellip;]<\/p>\n","protected":false},"author":1,"featured_media":0,"parent":0,"menu_order":0,"comment_status":"closed","ping_status":"closed","template":"","meta":{"footnotes":""},"class_list":["post-5512","page","type-page","status-publish","hentry"],"blocksy_meta":[],"mb":[],"featured_image_urls_v2":{"full":"","thumbnail":"","medium":"","medium_large":"","large":"","1536x1536":"","2048x2048":"","woocommerce_archive_thumbnail":"","woocommerce_thumbnail":"","woocommerce_single":"","woocommerce_gallery_thumbnail":""},"post_excerpt_stackable_v2":"<p>G\u00fcvendi\u011finiz M\u0131s\u0131r Guava Meyvesi \u0130hracat\u00e7\u0131s\u0131 \u2013 PEI Trade PEI Trade olarak, uluslararas\u0131 pazarlara birinci s\u0131n\u0131f M\u0131s\u0131r Guava Meyvesi tedarikinde uzman\u0131z. Misyonumuz basit: tatl\u0131, besleyici ve g\u00f6rsel olarak \u00e7ekici guavalar\u0131 en y\u00fcksek k\u00fcresel standartlara uygun \u015fekilde sunmak. M\u0131s\u0131r\u2019daki en h\u0131zl\u0131 b\u00fcy\u00fcyen guava ihracat\u00e7\u0131lar\u0131ndan biri olarak, Avrupa, K\u00f6rfez \u00fclkeleri ve G\u00fcneydo\u011fu Asya\u2019daki perakende zincirlerine, g\u0131da \u00fcreticilerine ve da\u011f\u0131t\u0131c\u0131lara gururla hizmet veriyoruz. En kaliteli M\u0131s\u0131r sar\u0131 guavas\u0131n\u0131 yeti\u015ftiren sertifikal\u0131 M\u0131s\u0131rl\u0131 \u00e7iftliklerle yak\u0131n i\u015f birli\u011fi i\u00e7inde \u00e7al\u0131\u015f\u0131yoruz. Tedarik modelimiz, her partinin en olgun zaman\u0131nda elle toplanmas\u0131n\u0131 sa\u011flayarak t\u00fcketicilerin sevdi\u011fi belirgin tropikal aromay\u0131 garanti eder. \u0130ster \u00e7evrimi\u00e7i M\u0131s\u0131r guavas\u0131 sat\u0131n almak isteyin, ister toptan i\u015f&hellip;<\/p>\n","category_list_v2":"","author_info_v2":{"name":"Mostafa Sabry","url":"https:\/\/peitrade.com\/tr\/author\/emostafaadel_jn8gcqbo\/"},"comments_num_v2":"0 comments","mfb_rest_fields":["title","blocksy_meta","featured_image_urls_v2","post_excerpt_stackable_v2","category_list_v2","author_info_v2","comments_num_v2"],"_links":{"self":[{"href":"https:\/\/peitrade.com\/tr\/wp-json\/wp\/v2\/pages\/5512","targetHints":{"allow":["GET"]}}],"collection":[{"href":"https:\/\/peitrade.com\/tr\/wp-json\/wp\/v2\/pages"}],"about":[{"href":"https:\/\/peitrade.com\/tr\/wp-json\/wp\/v2\/types\/page"}],"author":[{"embeddable":true,"href":"https:\/\/peitrade.com\/tr\/wp-json\/wp\/v2\/users\/1"}],"replies":[{"embeddable":true,"href":"https:\/\/peitrade.com\/tr\/wp-json\/wp\/v2\/comments?post=5512"}],"version-history":[{"count":1,"href":"https:\/\/peitrade.com\/tr\/wp-json\/wp\/v2\/pages\/5512\/revisions"}],"predecessor-version":[{"id":5513,"href":"https:\/\/peitrade.com\/tr\/wp-json\/wp\/v2\/pages\/5512\/revisions\/5513"}],"wp:attachment":[{"href":"https:\/\/peitrade.com\/tr\/wp-json\/wp\/v2\/media?parent=5512"}],"curies":[{"name":"wp","href":"https:\/\/api.w.org\/{rel}","templated":true}]}}