{"id":5534,"date":"2025-05-16T10:34:47","date_gmt":"2025-05-16T10:34:47","guid":{"rendered":"http:\/\/46.224.74.15\/yuksek-kaliteli-misir-nicola-patatesleri-pei-trade\/"},"modified":"2025-11-19T16:44:48","modified_gmt":"2025-11-19T16:44:48","slug":"yuksek-kaliteli-misir-nicola-patatesleri-pei-trade","status":"publish","type":"page","link":"https:\/\/peitrade.com\/tr\/yuksek-kaliteli-misir-nicola-patatesleri-pei-trade\/","title":{"rendered":"Y\u00fcksek Kaliteli M\u0131s\u0131r Nicola Patatesleri \u2013 PEI Trade&#8217;den Premium \u0130hracat"},"content":{"rendered":"<section style=\"padding: 60px 20px; background-color: #f9f9f9;\">\n<div class=\"container\">\n<h1>Y\u00fcksek Kaliteli M\u0131s\u0131r Nicola Patatesleri \u2013 PEI Trade&#8217;den Premium \u0130hracat<\/h1>\n<p>&nbsp;<\/p>\n<p>PEI Trade, M\u0131s\u0131r\u2019\u0131n en verimli tar\u0131m b\u00f6lgelerinde \u00f6zenle yeti\u015ftirilen en kaliteli Nicola patateslerini gururla sunar. Bu b\u00f6lgelerdeki iklim patates tar\u0131m\u0131 i\u00e7in m\u00fckemmeldir ve toprak temel besin maddeleri a\u00e7\u0131s\u0131ndan zengindir.<\/p>\n<p>Bu ideal yeti\u015ftirme ko\u015fullar\u0131, ola\u011fan\u00fcst\u00fc kalite ve tutarl\u0131l\u0131\u011fa sahip Nicola patateslerinin \u00fcretilmesine katk\u0131 sa\u011flar. D\u00fczg\u00fcn, alt\u0131n sar\u0131s\u0131 kabu\u011fu ve sert, mumsu dokusuyla bilinen Nicola patatesleri hem yerel hem de uluslararas\u0131 pazarda y\u00fcksek takdir g\u00f6rmektedir.<\/p>\n<p>E\u015fsiz \u00f6zellikleri, onlar\u0131 taze t\u00fcketim, g\u0131da i\u015fleme ve perakende da\u011f\u0131t\u0131m\u0131 dahil olmak \u00fczere \u00e7ok \u00e7e\u015fitli kullan\u0131m alanlar\u0131 i\u00e7in \u00f6zellikle cazip k\u0131lar. Bu \u00e7ok y\u00f6nl\u00fcl\u00fck ve m\u00fckemmel pi\u015firme \u00f6zellikleri sayesinde M\u0131s\u0131r Nicola patatesleri, d\u00fcnya genelindeki ithalat\u00e7\u0131lar ve distrib\u00fct\u00f6rler aras\u0131nda premium bir tercih haline gelmi\u015ftir.<\/p>\n<\/div>\n<\/section>\n<div class=\"wp-block-woocommerce-product-collection\"><div class=\"woocommerce columns-4 \"><ul class=\"products columns-4\" data-products=\"type-2\">\n<li class=\"product type-product post-7719 status-publish first instock product_cat-legumes product_cat-in-season has-post-thumbnail shipping-taxable product-type-simple\">\n\t<a href=\"https:\/\/peitrade.com\/tr\/product\/kuru-beyaz-fasulye\/\" class=\"woocommerce-LoopProduct-link woocommerce-loop-product__link\"><img decoding=\"async\" width=\"300\" height=\"300\" src=\"https:\/\/peitrade.com\/wp-content\/uploads\/2025\/11\/Egyptian-White-Beans-300x300.webp\" class=\"attachment-woocommerce_thumbnail size-woocommerce_thumbnail\" alt=\"Kuru beyaz fasulye\" srcset=\"https:\/\/peitrade.com\/wp-content\/uploads\/2025\/11\/Egyptian-White-Beans-300x300.webp 300w, https:\/\/peitrade.com\/wp-content\/uploads\/2025\/11\/Egyptian-White-Beans-150x150.webp 150w, https:\/\/peitrade.com\/wp-content\/uploads\/2025\/11\/Egyptian-White-Beans-768x768.webp 768w, https:\/\/peitrade.com\/wp-content\/uploads\/2025\/11\/Egyptian-White-Beans-600x600.webp 600w, https:\/\/peitrade.com\/wp-content\/uploads\/2025\/11\/Egyptian-White-Beans-100x100.webp 100w, https:\/\/peitrade.com\/wp-content\/uploads\/2025\/11\/Egyptian-White-Beans.webp 1024w\" sizes=\"(max-width: 300px) 100vw, 300px\" title=\"\"><h2 class=\"woocommerce-loop-product__title\">Kuru beyaz fasulye<\/h2>\n<\/a><a href=\"https:\/\/peitrade.com\/tr\/product\/kuru-beyaz-fasulye\/\" aria-describedby=\"woocommerce_loop_add_to_cart_link_describedby_7719\" data-quantity=\"1\" class=\"button product_type_simple\" data-product_id=\"7719\" data-product_sku=\"70820\" aria-label=\"&ldquo;Kuru beyaz fasulye&rdquo; hakk\u0131nda daha fazla bilgi edinin\" rel=\"nofollow\" data-success_message=\"\">Devam\u0131n\u0131 oku<\/a>\t<span id=\"woocommerce_loop_add_to_cart_link_describedby_7719\" class=\"screen-reader-text\">\n\t\t\t<\/span>\n<\/li>\n<li class=\"product type-product post-7776 status-publish instock product_cat-vegetables product_cat-in-season has-post-thumbnail shipping-taxable product-type-simple\">\n\t<a href=\"https:\/\/peitrade.com\/tr\/product\/patates\/\" class=\"woocommerce-LoopProduct-link woocommerce-loop-product__link\"><img decoding=\"async\" width=\"300\" height=\"300\" src=\"https:\/\/peitrade.com\/wp-content\/uploads\/2025\/11\/Egyptian-Potatoes-300x300.webp\" class=\"attachment-woocommerce_thumbnail size-woocommerce_thumbnail\" alt=\"Patates\" srcset=\"https:\/\/peitrade.com\/wp-content\/uploads\/2025\/11\/Egyptian-Potatoes-300x300.webp 300w, https:\/\/peitrade.com\/wp-content\/uploads\/2025\/11\/Egyptian-Potatoes-150x150.webp 150w, https:\/\/peitrade.com\/wp-content\/uploads\/2025\/11\/Egyptian-Potatoes-768x768.webp 768w, https:\/\/peitrade.com\/wp-content\/uploads\/2025\/11\/Egyptian-Potatoes-600x600.webp 600w, https:\/\/peitrade.com\/wp-content\/uploads\/2025\/11\/Egyptian-Potatoes-100x100.webp 100w, https:\/\/peitrade.com\/wp-content\/uploads\/2025\/11\/Egyptian-Potatoes.webp 1024w\" sizes=\"(max-width: 300px) 100vw, 300px\" title=\"\"><h2 class=\"woocommerce-loop-product__title\">Patates<\/h2>\n<\/a><a href=\"https:\/\/peitrade.com\/tr\/product\/patates\/\" aria-describedby=\"woocommerce_loop_add_to_cart_link_describedby_7776\" data-quantity=\"1\" class=\"button product_type_simple\" data-product_id=\"7776\" data-product_sku=\"70190\" aria-label=\"&ldquo;Patates&rdquo; hakk\u0131nda daha fazla bilgi edinin\" rel=\"nofollow\" data-success_message=\"\">Devam\u0131n\u0131 oku<\/a>\t<span id=\"woocommerce_loop_add_to_cart_link_describedby_7776\" class=\"screen-reader-text\">\n\t\t\t<\/span>\n<\/li>\n<li class=\"product type-product post-7484 status-publish instock product_cat-vegetables product_cat-in-season has-post-thumbnail shipping-taxable product-type-simple\">\n\t<a href=\"https:\/\/peitrade.com\/tr\/product\/sogan\/\" class=\"woocommerce-LoopProduct-link woocommerce-loop-product__link\"><img decoding=\"async\" width=\"300\" height=\"300\" src=\"https:\/\/peitrade.com\/wp-content\/uploads\/2025\/11\/Egyption-Onion-300x300.webp\" class=\"attachment-woocommerce_thumbnail size-woocommerce_thumbnail\" alt=\"Egyption Onion - PEI Trade\" srcset=\"https:\/\/peitrade.com\/wp-content\/uploads\/2025\/11\/Egyption-Onion-300x300.webp 300w, https:\/\/peitrade.com\/wp-content\/uploads\/2025\/11\/Egyption-Onion-150x150.webp 150w, https:\/\/peitrade.com\/wp-content\/uploads\/2025\/11\/Egyption-Onion-768x768.webp 768w, https:\/\/peitrade.com\/wp-content\/uploads\/2025\/11\/Egyption-Onion-600x600.webp 600w, https:\/\/peitrade.com\/wp-content\/uploads\/2025\/11\/Egyption-Onion-100x100.webp 100w, https:\/\/peitrade.com\/wp-content\/uploads\/2025\/11\/Egyption-Onion.webp 1024w\" sizes=\"(max-width: 300px) 100vw, 300px\" title=\"\"><h2 class=\"woocommerce-loop-product__title\">So\u011fan<\/h2>\n<\/a><a href=\"https:\/\/peitrade.com\/tr\/product\/sogan\/\" aria-describedby=\"woocommerce_loop_add_to_cart_link_describedby_7484\" data-quantity=\"1\" class=\"button product_type_simple\" data-product_id=\"7484\" data-product_sku=\"70310\" aria-label=\"&ldquo;So\u011fan&rdquo; hakk\u0131nda daha fazla bilgi edinin\" rel=\"nofollow\" data-success_message=\"\">Devam\u0131n\u0131 oku<\/a>\t<span id=\"woocommerce_loop_add_to_cart_link_describedby_7484\" class=\"screen-reader-text\">\n\t\t\t<\/span>\n<\/li>\n<li class=\"product type-product post-7540 status-publish last instock product_cat-vegetables product_cat-in-season has-post-thumbnail shipping-taxable product-type-simple\">\n\t<a href=\"https:\/\/peitrade.com\/tr\/product\/taze-fasulye\/\" class=\"woocommerce-LoopProduct-link woocommerce-loop-product__link\"><img decoding=\"async\" width=\"300\" height=\"300\" src=\"https:\/\/peitrade.com\/wp-content\/uploads\/2025\/11\/Egyptian-Green-Beans-300x300.webp\" class=\"attachment-woocommerce_thumbnail size-woocommerce_thumbnail\" alt=\"Taze fasulye\" srcset=\"https:\/\/peitrade.com\/wp-content\/uploads\/2025\/11\/Egyptian-Green-Beans-300x300.webp 300w, https:\/\/peitrade.com\/wp-content\/uploads\/2025\/11\/Egyptian-Green-Beans-150x150.webp 150w, https:\/\/peitrade.com\/wp-content\/uploads\/2025\/11\/Egyptian-Green-Beans-768x768.webp 768w, https:\/\/peitrade.com\/wp-content\/uploads\/2025\/11\/Egyptian-Green-Beans-600x600.webp 600w, https:\/\/peitrade.com\/wp-content\/uploads\/2025\/11\/Egyptian-Green-Beans-100x100.webp 100w, https:\/\/peitrade.com\/wp-content\/uploads\/2025\/11\/Egyptian-Green-Beans.webp 1024w\" sizes=\"(max-width: 300px) 100vw, 300px\" title=\"\"><h2 class=\"woocommerce-loop-product__title\">Taze fasulye<\/h2>\n<\/a><a href=\"https:\/\/peitrade.com\/tr\/product\/taze-fasulye\/\" aria-describedby=\"woocommerce_loop_add_to_cart_link_describedby_7540\" data-quantity=\"1\" class=\"button product_type_simple\" data-product_id=\"7540\" data-product_sku=\"70821\" aria-label=\"&ldquo;Taze fasulye&rdquo; hakk\u0131nda daha fazla bilgi edinin\" rel=\"nofollow\" data-success_message=\"\">Devam\u0131n\u0131 oku<\/a>\t<span id=\"woocommerce_loop_add_to_cart_link_describedby_7540\" class=\"screen-reader-text\">\n\t\t\t<\/span>\n<\/li>\n<\/ul>\n<\/div><\/div>\n<section style=\"padding: 50px 20px;\">\n<h2>M\u0131s\u0131r Nicola Patateslerini \u00d6ne \u00c7\u0131karan \u00d6zellikler<\/h2>\n<p>Nicola \u00e7e\u015fidi, tutarl\u0131 boyutu, temiz g\u00f6r\u00fcn\u00fcm\u00fc ve m\u00fckemmel pi\u015firme \u00f6zellikleriyle \u00f6ne \u00e7\u0131kar ve d\u00fcnya \u00e7ap\u0131ndaki toptanc\u0131lar, ithalat\u00e7\u0131lar ve g\u0131da hizmeti sa\u011flay\u0131c\u0131lar\u0131 taraf\u0131ndan tercih edilir. Nil Deltas\u0131 ve Beheira b\u00f6lgelerindeki kontroll\u00fc ko\u015fullarda yeti\u015ftirilen bu patatesler, besin a\u00e7\u0131s\u0131ndan zengin topraklardan ve dikkatle y\u00f6netilen sulamadan faydalanarak uzun raf \u00f6mr\u00fcne sahip \u00fcst\u00fcn kaliteli yumrular \u00fcretir.<\/p>\n<p>Her patates, M\u0131s\u0131r\u2019daki patates hasat sezonunda \u00f6zenle toplan\u0131r, kat\u0131 ihracat standartlar\u0131n\u0131 kar\u015f\u0131layacak \u015fekilde ayr\u0131\u015ft\u0131r\u0131l\u0131r ve tazeli\u011fi korumak ve zararlar\u0131 \u00f6nlemek i\u00e7in geli\u015fmi\u015f y\u00f6ntemlerle paketlenir. PEI Trade, t\u00fcm g\u00f6nderilerin uluslararas\u0131 d\u00fczenlemelere uygun olmas\u0131n\u0131 sa\u011flar ve her sipari\u015f i\u00e7in tam izlenebilirlik ve kalite g\u00fcvencesi sunar.<\/p>\n<h2>PEI Trade\u2019in Kalite ve G\u00fcvenilirlik Taahh\u00fcd\u00fc<\/h2>\n<p>M\u0131s\u0131r\u2019\u0131n \u00f6nde gelen patates ihracat \u015firketlerinden biri olan PEI Trade, g\u00fcvenilir \u00fcreticilerden nihai teslimata kadar t\u00fcm tedarik zincirini y\u00f6netmektedir. S\u00fcrecimiz \u015funlar\u0131 i\u00e7erir:<\/p>\n<ul>\n<li>M\u0131s\u0131r\u2019daki sertifikal\u0131 patates tedarik\u00e7ileriyle yak\u0131n i\u015f ortakl\u0131klar\u0131<\/li>\n<li>Zedelenmeleri en aza indiren elle ve mekanik hasat teknikleri<\/li>\n<li>Standartla\u015fma i\u00e7in hassas ay\u0131rma ve s\u0131n\u0131fland\u0131rma<\/li>\n<li>Toptan ve perakende pazarlar\u0131na uygun ambalaj se\u00e7enekleri<\/li>\n<li>Ta\u015f\u0131ma s\u0131ras\u0131nda tazeli\u011fi koruyan so\u011fuk zincir lojisti\u011fi<\/li>\n<li>Kapsaml\u0131 ihracat belgeleri ve d\u00fczenleyici uyumluluk<\/li>\n<\/ul>\n<p>Bu titiz standartlar, PEI Trade\u2019e M\u0131s\u0131r\u2019\u0131n en g\u00fcvenilir patates ihracat\u00e7\u0131lar\u0131ndan biri olarak bir \u00fcn kazand\u0131rm\u0131\u015ft\u0131r.<\/p>\n<h2>M\u0131s\u0131r Nicola Patatesleri i\u00e7in \u0130deal Kullan\u0131m Alanlar\u0131<\/h2>\n<p>Nicola patatesleri \u00e7ok y\u00f6nl\u00fcd\u00fcr ve ha\u015fland\u0131\u011f\u0131nda veya f\u0131r\u0131nland\u0131\u011f\u0131nda \u015feklini koruyan mumsu dokusuyla tercih edilir. D\u00fc\u015f\u00fck ni\u015fasta i\u00e7eri\u011fi sayesinde \u015funlar i\u00e7in idealdir:<\/p>\n<ul>\n<li>Salatalar ve so\u011fuk yemekler<\/li>\n<li>Hafif pi\u015firme ve buharda pi\u015firme<\/li>\n<li>S\u00fcpermarketler ve bakkallar i\u00e7in perakende ambalajlama<\/li>\n<li>Sert patates \u00e7e\u015fitlerinin gerekli oldu\u011fu g\u0131da i\u015fleme uygulamalar\u0131<\/li>\n<li>\u00d6zenle \u0130hra\u00e7 Edilmi\u015f Taze M\u0131s\u0131r Patatesleri<\/li>\n<\/ul>\n<p>PEI Trade\u2019in taze \u00fcr\u00fcn i\u015fleme konusundaki uzmanl\u0131\u011f\u0131 sayesinde M\u0131s\u0131r\u2019dan gelen taze patates sipari\u015fleriniz pazara da\u011f\u0131t\u0131m veya sonraki i\u015flemler i\u00e7in en iyi durumda teslim edilir. Var\u0131\u015f \u00fclkesinin standartlar\u0131na uygun, \u00f6zelle\u015ftirilmi\u015f a\u011f\u0131rl\u0131k ve etiketleme dahil esnek ambalaj \u00e7\u00f6z\u00fcmleri sunuyoruz.<\/p>\n<\/section>\n<section style=\"padding: 50px 20px; background-color: #f0f0f0;\">\n<div class=\"container\">\n<h2>Mevsimsel Uygunluk<\/h2>\n<p>M\u0131s\u0131r\u2019daki Nicola patateslerinin hasat sezonu genellikle k\u0131\u015f sonundan yaz ba\u015f\u0131na kadar s\u00fcrer ve ithalat\u00e7\u0131lara kritik piyasa d\u00f6nemlerinde g\u00fcvenilir bir tedarik sa\u011flar. PEI Trade, bu takvime uygun sevkiyatlar d\u00fczenleyerek \u00fcr\u00fcn\u00fcn s\u00fcrekli eri\u015filebilir olmas\u0131n\u0131 garanti eder.<\/p>\n<h2>Bug\u00fcn Premium M\u0131s\u0131r Nicola Patatesleri Sipari\u015f Edin<\/h2>\n<p>Y\u00fcksek kaliteli M\u0131s\u0131r Nicola patatesleri arayan ithalat\u00e7\u0131lar, toptanc\u0131lar ve perakendeciler, PEI Trade\u2019in g\u00fcvenilir tedariki, \u015feffaf s\u00fcre\u00e7leri ve rekabet\u00e7i fiyatland\u0131rmas\u0131na g\u00fcvenebilir. \u0130htiya\u00e7lar\u0131n\u0131z\u0131 g\u00f6r\u00fc\u015fmek ve pazar\u0131n\u0131za \u00f6zel \u00e7\u00f6z\u00fcmler almak i\u00e7in bizimle ileti\u015fime ge\u00e7in.<\/p>\n<p style=\"text-align: center; margin-top: 40px;\"><a class=\"button primary large\" href=\"\/contact\">\u015eimdi Sipari\u015f Verin<\/a><\/p>\n<\/div>\n<\/section>\n<section style=\"padding: 50px 20px;\">\n<div class=\"container\">\n<h2>M\u0131s\u0131r\u2019dan Di\u011fer Taze \u00dcr\u00fcnler<\/h2>\n<p>&nbsp;<\/p>\n<p>Patatesin yan\u0131 s\u0131ra PEI Trade, M\u0131s\u0131r so\u011fan\u0131, ye\u015fil fasulye, sar\u0131msak ve daha fazlas\u0131n\u0131 tedarik eder. Mevsimsel programlar\u0131 ve uzun vadeli ithalat s\u00f6zle\u015fmelerini destekliyoruz. <a href=\"\/about\">\u0130hracat hizmetlerimiz hakk\u0131nda daha fazla bilgi edinin<\/a>.<\/p>\n<div class=\"wp-block-woocommerce-product-collection\"><div class=\"woocommerce columns-4 \"><ul class=\"products columns-4\" data-products=\"type-2\">\n<li class=\"product type-product post-7360 status-publish first instock product_cat-vegetables has-post-thumbnail shipping-taxable product-type-simple\">\n\t<a href=\"https:\/\/peitrade.com\/tr\/product\/domates\/\" class=\"woocommerce-LoopProduct-link woocommerce-loop-product__link\"><img decoding=\"async\" width=\"300\" height=\"300\" src=\"https:\/\/peitrade.com\/wp-content\/uploads\/2025\/11\/Egyptian-Tomatoes-300x300.webp\" class=\"attachment-woocommerce_thumbnail size-woocommerce_thumbnail\" alt=\"Domates\" srcset=\"https:\/\/peitrade.com\/wp-content\/uploads\/2025\/11\/Egyptian-Tomatoes-300x300.webp 300w, https:\/\/peitrade.com\/wp-content\/uploads\/2025\/11\/Egyptian-Tomatoes-150x150.webp 150w, https:\/\/peitrade.com\/wp-content\/uploads\/2025\/11\/Egyptian-Tomatoes-768x768.webp 768w, https:\/\/peitrade.com\/wp-content\/uploads\/2025\/11\/Egyptian-Tomatoes-600x600.webp 600w, https:\/\/peitrade.com\/wp-content\/uploads\/2025\/11\/Egyptian-Tomatoes-100x100.webp 100w, https:\/\/peitrade.com\/wp-content\/uploads\/2025\/11\/Egyptian-Tomatoes.webp 1024w\" sizes=\"(max-width: 300px) 100vw, 300px\" title=\"\"><h2 class=\"woocommerce-loop-product__title\">Domates<\/h2>\n<\/a><a href=\"https:\/\/peitrade.com\/tr\/product\/domates\/\" aria-describedby=\"woocommerce_loop_add_to_cart_link_describedby_7360\" data-quantity=\"1\" class=\"button product_type_simple\" data-product_id=\"7360\" data-product_sku=\"70200\" aria-label=\"&ldquo;Domates&rdquo; hakk\u0131nda daha fazla bilgi edinin\" rel=\"nofollow\" data-success_message=\"\">Devam\u0131n\u0131 oku<\/a>\t<span id=\"woocommerce_loop_add_to_cart_link_describedby_7360\" class=\"screen-reader-text\">\n\t\t\t<\/span>\n<\/li>\n<li class=\"product type-product post-7776 status-publish instock product_cat-vegetables product_cat-in-season has-post-thumbnail shipping-taxable product-type-simple\">\n\t<a href=\"https:\/\/peitrade.com\/tr\/product\/patates\/\" class=\"woocommerce-LoopProduct-link woocommerce-loop-product__link\"><img decoding=\"async\" width=\"300\" height=\"300\" src=\"https:\/\/peitrade.com\/wp-content\/uploads\/2025\/11\/Egyptian-Potatoes-300x300.webp\" class=\"attachment-woocommerce_thumbnail size-woocommerce_thumbnail\" alt=\"Patates\" srcset=\"https:\/\/peitrade.com\/wp-content\/uploads\/2025\/11\/Egyptian-Potatoes-300x300.webp 300w, https:\/\/peitrade.com\/wp-content\/uploads\/2025\/11\/Egyptian-Potatoes-150x150.webp 150w, https:\/\/peitrade.com\/wp-content\/uploads\/2025\/11\/Egyptian-Potatoes-768x768.webp 768w, https:\/\/peitrade.com\/wp-content\/uploads\/2025\/11\/Egyptian-Potatoes-600x600.webp 600w, https:\/\/peitrade.com\/wp-content\/uploads\/2025\/11\/Egyptian-Potatoes-100x100.webp 100w, https:\/\/peitrade.com\/wp-content\/uploads\/2025\/11\/Egyptian-Potatoes.webp 1024w\" sizes=\"(max-width: 300px) 100vw, 300px\" title=\"\"><h2 class=\"woocommerce-loop-product__title\">Patates<\/h2>\n<\/a><a href=\"https:\/\/peitrade.com\/tr\/product\/patates\/\" aria-describedby=\"woocommerce_loop_add_to_cart_link_describedby_7776\" data-quantity=\"1\" class=\"button product_type_simple\" data-product_id=\"7776\" data-product_sku=\"70190\" aria-label=\"&ldquo;Patates&rdquo; hakk\u0131nda daha fazla bilgi edinin\" rel=\"nofollow\" data-success_message=\"\">Devam\u0131n\u0131 oku<\/a>\t<span id=\"woocommerce_loop_add_to_cart_link_describedby_7776\" class=\"screen-reader-text\">\n\t\t\t<\/span>\n<\/li>\n<li class=\"product type-product post-7376 status-publish instock product_cat-vegetables product_cat-in-season has-post-thumbnail shipping-taxable product-type-simple\">\n\t<a href=\"https:\/\/peitrade.com\/tr\/product\/sarimsak\/\" class=\"woocommerce-LoopProduct-link woocommerce-loop-product__link\"><img decoding=\"async\" width=\"300\" height=\"300\" src=\"https:\/\/peitrade.com\/wp-content\/uploads\/2025\/11\/Egyptian-Garlic-300x300.webp\" class=\"attachment-woocommerce_thumbnail size-woocommerce_thumbnail\" alt=\"Sar\u0131msak\" srcset=\"https:\/\/peitrade.com\/wp-content\/uploads\/2025\/11\/Egyptian-Garlic-300x300.webp 300w, https:\/\/peitrade.com\/wp-content\/uploads\/2025\/11\/Egyptian-Garlic-150x150.webp 150w, https:\/\/peitrade.com\/wp-content\/uploads\/2025\/11\/Egyptian-Garlic-768x768.webp 768w, https:\/\/peitrade.com\/wp-content\/uploads\/2025\/11\/Egyptian-Garlic-600x600.webp 600w, https:\/\/peitrade.com\/wp-content\/uploads\/2025\/11\/Egyptian-Garlic-100x100.webp 100w, https:\/\/peitrade.com\/wp-content\/uploads\/2025\/11\/Egyptian-Garlic.webp 1024w\" sizes=\"(max-width: 300px) 100vw, 300px\" title=\"\"><h2 class=\"woocommerce-loop-product__title\">Sar\u0131msak<\/h2>\n<\/a><a href=\"https:\/\/peitrade.com\/tr\/product\/sarimsak\/\" aria-describedby=\"woocommerce_loop_add_to_cart_link_describedby_7376\" data-quantity=\"1\" class=\"button product_type_simple\" data-product_id=\"7376\" data-product_sku=\"70320\" aria-label=\"&ldquo;Sar\u0131msak&rdquo; hakk\u0131nda daha fazla bilgi edinin\" rel=\"nofollow\" data-success_message=\"\">Devam\u0131n\u0131 oku<\/a>\t<span id=\"woocommerce_loop_add_to_cart_link_describedby_7376\" class=\"screen-reader-text\">\n\t\t\t<\/span>\n<\/li>\n<li class=\"product type-product post-7796 status-publish last instock product_cat-vegetables product_cat-in-season has-post-thumbnail shipping-taxable product-type-simple\">\n\t<a href=\"https:\/\/peitrade.com\/tr\/product\/tatli-patates\/\" class=\"woocommerce-LoopProduct-link woocommerce-loop-product__link\"><img decoding=\"async\" width=\"300\" height=\"300\" src=\"https:\/\/peitrade.com\/wp-content\/uploads\/2025\/11\/Egyptian-Sweet-Potatoes-300x300.webp\" class=\"attachment-woocommerce_thumbnail size-woocommerce_thumbnail\" alt=\"Egyptian Sweet Potatoes - PEI Trade\" srcset=\"https:\/\/peitrade.com\/wp-content\/uploads\/2025\/11\/Egyptian-Sweet-Potatoes-300x300.webp 300w, https:\/\/peitrade.com\/wp-content\/uploads\/2025\/11\/Egyptian-Sweet-Potatoes-150x150.webp 150w, https:\/\/peitrade.com\/wp-content\/uploads\/2025\/11\/Egyptian-Sweet-Potatoes-768x768.webp 768w, https:\/\/peitrade.com\/wp-content\/uploads\/2025\/11\/Egyptian-Sweet-Potatoes-600x600.webp 600w, https:\/\/peitrade.com\/wp-content\/uploads\/2025\/11\/Egyptian-Sweet-Potatoes-100x100.webp 100w, https:\/\/peitrade.com\/wp-content\/uploads\/2025\/11\/Egyptian-Sweet-Potatoes.webp 1024w\" sizes=\"(max-width: 300px) 100vw, 300px\" title=\"\"><h2 class=\"woocommerce-loop-product__title\">Tatl\u0131 patates<\/h2>\n<\/a><a href=\"https:\/\/peitrade.com\/tr\/product\/tatli-patates\/\" aria-describedby=\"woocommerce_loop_add_to_cart_link_describedby_7796\" data-quantity=\"1\" class=\"button product_type_simple\" data-product_id=\"7796\" data-product_sku=\"71420\" aria-label=\"&ldquo;Tatl\u0131 patates&rdquo; hakk\u0131nda daha fazla bilgi edinin\" rel=\"nofollow\" data-success_message=\"\">Devam\u0131n\u0131 oku<\/a>\t<span id=\"woocommerce_loop_add_to_cart_link_describedby_7796\" class=\"screen-reader-text\">\n\t\t\t<\/span>\n<\/li>\n<\/ul>\n<\/div><\/div>\n<\/div>\n<\/section>\n<section style=\"padding: 50px 20px; background-color: #f9f9f9;\">\n<div class=\"container\">\n<h2>S\u0131k\u00e7a Sorulan Sorular<\/h2>\n<div>\n<h3>M\u0131s\u0131r Nicola patateslerinin hasat d\u00f6nemi ne zamand\u0131r?<\/h3>\n<p>Hasat sezonu genellikle \u015eubat\u2019tan Haziran\u2019a kadar s\u00fcrer ve kesin zamanlama b\u00f6lgesel iklim ko\u015fullar\u0131na ba\u011fl\u0131d\u0131r.<\/p>\n<h3>PEI Trade hangi ambalaj se\u00e7eneklerini sunuyor?<\/h3>\n<p>Perakende veya toptan ihracata uygun olarak 5kg, 10kg ve 25kg\u2019l\u0131k kutu veya \u00e7uval se\u00e7enekleri sunuyoruz.<\/p>\n<h3>PEI Trade, patateslerin nakliye s\u0131ras\u0131nda tazeli\u011fini nas\u0131l koruyor?<\/h3>\n<p>So\u011fuk zincir lojisti\u011fimiz, \u00f6n so\u011futma, so\u011futmal\u0131 depolama ve s\u0131cakl\u0131k kontroll\u00fc konteynerleri kapsar, b\u00f6ylece nakliye boyunca kalite korunur.<\/p>\n<h3>PEI Trade ba\u015fka M\u0131s\u0131r patates \u00e7e\u015fitleri de tedarik ediyor mu?<\/h3>\n<p>Evet, Nicola patateslerinin yan\u0131 s\u0131ra mevsimsel uygunlu\u011fa ba\u011fl\u0131 olarak M\u0131s\u0131r Spunta patatesleri ve di\u011fer taze M\u0131s\u0131r patateslerini de ihra\u00e7 ediyoruz.<\/p>\n<\/div>\n<\/div>\n<\/section>\n","protected":false},"excerpt":{"rendered":"<p>Y\u00fcksek Kaliteli M\u0131s\u0131r Nicola Patatesleri \u2013 PEI Trade&#8217;den Premium \u0130hracat &nbsp; PEI Trade, M\u0131s\u0131r\u2019\u0131n en verimli tar\u0131m b\u00f6lgelerinde \u00f6zenle yeti\u015ftirilen en kaliteli Nicola patateslerini gururla sunar. Bu b\u00f6lgelerdeki iklim patates tar\u0131m\u0131 i\u00e7in m\u00fckemmeldir ve toprak temel besin maddeleri a\u00e7\u0131s\u0131ndan zengindir. Bu ideal yeti\u015ftirme ko\u015fullar\u0131, ola\u011fan\u00fcst\u00fc kalite ve tutarl\u0131l\u0131\u011fa sahip Nicola patateslerinin \u00fcretilmesine katk\u0131 sa\u011flar. D\u00fczg\u00fcn, [&hellip;]<\/p>\n","protected":false},"author":1,"featured_media":0,"parent":0,"menu_order":0,"comment_status":"closed","ping_status":"closed","template":"","meta":{"footnotes":""},"class_list":["post-5534","page","type-page","status-publish","hentry"],"blocksy_meta":[],"mb":[],"featured_image_urls_v2":{"full":"","thumbnail":"","medium":"","medium_large":"","large":"","1536x1536":"","2048x2048":"","woocommerce_archive_thumbnail":"","woocommerce_thumbnail":"","woocommerce_single":"","woocommerce_gallery_thumbnail":""},"post_excerpt_stackable_v2":"<p>Y\u00fcksek Kaliteli M\u0131s\u0131r Nicola Patatesleri \u2013 PEI Trade&#8217;den Premium \u0130hracat &nbsp; PEI Trade, M\u0131s\u0131r\u2019\u0131n en verimli tar\u0131m b\u00f6lgelerinde \u00f6zenle yeti\u015ftirilen en kaliteli Nicola patateslerini gururla sunar. Bu b\u00f6lgelerdeki iklim patates tar\u0131m\u0131 i\u00e7in m\u00fckemmeldir ve toprak temel besin maddeleri a\u00e7\u0131s\u0131ndan zengindir. Bu ideal yeti\u015ftirme ko\u015fullar\u0131, ola\u011fan\u00fcst\u00fc kalite ve tutarl\u0131l\u0131\u011fa sahip Nicola patateslerinin \u00fcretilmesine katk\u0131 sa\u011flar. D\u00fczg\u00fcn, alt\u0131n sar\u0131s\u0131 kabu\u011fu ve sert, mumsu dokusuyla bilinen Nicola patatesleri hem yerel hem de uluslararas\u0131 pazarda y\u00fcksek takdir g\u00f6rmektedir. E\u015fsiz \u00f6zellikleri, onlar\u0131 taze t\u00fcketim, g\u0131da i\u015fleme ve perakende da\u011f\u0131t\u0131m\u0131 dahil olmak \u00fczere \u00e7ok \u00e7e\u015fitli kullan\u0131m alanlar\u0131 i\u00e7in \u00f6zellikle cazip k\u0131lar. Bu \u00e7ok y\u00f6nl\u00fcl\u00fck ve m\u00fckemmel&hellip;<\/p>\n","category_list_v2":"","author_info_v2":{"name":"Mostafa Sabry","url":"https:\/\/peitrade.com\/tr\/author\/emostafaadel_jn8gcqbo\/"},"comments_num_v2":"0 comments","mfb_rest_fields":["title","blocksy_meta","featured_image_urls_v2","post_excerpt_stackable_v2","category_list_v2","author_info_v2","comments_num_v2"],"_links":{"self":[{"href":"https:\/\/peitrade.com\/tr\/wp-json\/wp\/v2\/pages\/5534","targetHints":{"allow":["GET"]}}],"collection":[{"href":"https:\/\/peitrade.com\/tr\/wp-json\/wp\/v2\/pages"}],"about":[{"href":"https:\/\/peitrade.com\/tr\/wp-json\/wp\/v2\/types\/page"}],"author":[{"embeddable":true,"href":"https:\/\/peitrade.com\/tr\/wp-json\/wp\/v2\/users\/1"}],"replies":[{"embeddable":true,"href":"https:\/\/peitrade.com\/tr\/wp-json\/wp\/v2\/comments?post=5534"}],"version-history":[{"count":1,"href":"https:\/\/peitrade.com\/tr\/wp-json\/wp\/v2\/pages\/5534\/revisions"}],"predecessor-version":[{"id":5535,"href":"https:\/\/peitrade.com\/tr\/wp-json\/wp\/v2\/pages\/5534\/revisions\/5535"}],"wp:attachment":[{"href":"https:\/\/peitrade.com\/tr\/wp-json\/wp\/v2\/media?parent=5534"}],"curies":[{"name":"wp","href":"https:\/\/api.w.org\/{rel}","templated":true}]}}