{"id":5574,"date":"2025-05-15T08:54:48","date_gmt":"2025-05-15T08:54:48","guid":{"rendered":"http:\/\/46.224.74.15\/guava-ihracatcilari-misir\/"},"modified":"2025-11-19T16:45:00","modified_gmt":"2025-11-19T16:45:00","slug":"guava-ihracatcilari-misir","status":"publish","type":"page","link":"https:\/\/peitrade.com\/tr\/guava-ihracatcilari-misir\/","title":{"rendered":"Guava ihracat\u00e7\u0131lar\u0131 M\u0131s\u0131r G\u00fcvenilir Orta\u011f\u0131n\u0131z \u2013 PEI Trade"},"content":{"rendered":"<section class=\"section\" style=\"padding: 60px 20px; background-color: #f9f9f9;\">\n<div class=\"container\">\n<h1>Guava ihracat\u00e7\u0131lar\u0131 M\u0131s\u0131r G\u00fcvenilir Orta\u011f\u0131n\u0131z \u2013 PEI Trade<\/h1>\n<p>PEI Trade olarak, y\u00fcksek kaliteli M\u0131s\u0131r guavas\u0131n\u0131 uluslararas\u0131 al\u0131c\u0131lara ula\u015ft\u0131rma konusunda uzman\u0131z. Bu alanda, M\u0131s\u0131r\u2019\u0131n \u00f6nde gelen guava ihracat\u00e7\u0131lar\u0131 aras\u0131nda yer almaktay\u0131z. Operasyonlar\u0131m\u0131z g\u00fcven, kalite ve sorunsuz lojistik \u00fczerine kuruludur. \u0130ster perakende, ister toptan, ister i\u015fleme ama\u00e7l\u0131 tedarik ar\u0131yor olun; M\u0131s\u0131r\u2019dan taze guavam\u0131z en olgun zaman\u0131nda hasat edilir, m\u00fckemmel \u015fekilde paketlenir ve zaman\u0131nda g\u00f6nderilir.<\/p>\n<p>Yaln\u0131zca \u00f6zenle se\u00e7ilmi\u015f \u00e7iftliklerle \u00e7al\u0131\u015farak, tatl\u0131, d\u00fc\u015f\u00fck lifli ve g\u00f6rsel olarak \u00e7ekici en iyi M\u0131s\u0131r guava \u00e7e\u015fitlerini tedarik ediyoruz. M\u0131s\u0131r sar\u0131 guavas\u0131ndan organik ihracatl\u0131k guavaya kadar portf\u00f6y\u00fcm\u00fcz, farkl\u0131 al\u0131c\u0131 tercihlerini kar\u015f\u0131lamaktad\u0131r.<\/p>\n<p>PEI Trade ile i\u015f birli\u011fi yaparak, kalite g\u00fcvencesi, ihracat uzmanl\u0131\u011f\u0131 ve uluslararas\u0131 meyve pazarlar\u0131na dair derin bilgiye sahip g\u00fcvenilir bir M\u0131s\u0131r guava ihracat\u00e7\u0131s\u0131 ile \u00e7al\u0131\u015fm\u0131\u015f olursunuz.<\/p>\n<\/div>\n<\/section>\n<div class=\"wp-block-woocommerce-product-collection\"><div class=\"woocommerce columns-4 \"><ul class=\"products columns-4\" data-products=\"type-2\">\n<li class=\"product type-product post-7671 status-publish first instock product_cat-fruits has-post-thumbnail shipping-taxable product-type-simple\">\n\t<a href=\"https:\/\/peitrade.com\/tr\/product\/cilek\/\" class=\"woocommerce-LoopProduct-link woocommerce-loop-product__link\"><img decoding=\"async\" width=\"300\" height=\"300\" src=\"https:\/\/peitrade.com\/wp-content\/uploads\/2025\/11\/Egyptian-Strawberries-300x300.webp\" class=\"attachment-woocommerce_thumbnail size-woocommerce_thumbnail\" alt=\"\u00c7ilek\" srcset=\"https:\/\/peitrade.com\/wp-content\/uploads\/2025\/11\/Egyptian-Strawberries-300x300.webp 300w, https:\/\/peitrade.com\/wp-content\/uploads\/2025\/11\/Egyptian-Strawberries-150x150.webp 150w, https:\/\/peitrade.com\/wp-content\/uploads\/2025\/11\/Egyptian-Strawberries-768x768.webp 768w, https:\/\/peitrade.com\/wp-content\/uploads\/2025\/11\/Egyptian-Strawberries-600x600.webp 600w, https:\/\/peitrade.com\/wp-content\/uploads\/2025\/11\/Egyptian-Strawberries-100x100.webp 100w, https:\/\/peitrade.com\/wp-content\/uploads\/2025\/11\/Egyptian-Strawberries.webp 1024w\" sizes=\"(max-width: 300px) 100vw, 300px\" title=\"\"><h2 class=\"woocommerce-loop-product__title\">\u00c7ilek<\/h2>\n<\/a><a href=\"https:\/\/peitrade.com\/tr\/product\/cilek\/\" aria-describedby=\"woocommerce_loop_add_to_cart_link_describedby_7671\" data-quantity=\"1\" class=\"button product_type_simple\" data-product_id=\"7671\" data-product_sku=\"81010\" aria-label=\"&ldquo;\u00c7ilek&rdquo; hakk\u0131nda daha fazla bilgi edinin\" rel=\"nofollow\" data-success_message=\"\">Devam\u0131n\u0131 oku<\/a>\t<span id=\"woocommerce_loop_add_to_cart_link_describedby_7671\" class=\"screen-reader-text\">\n\t\t\t<\/span>\n<\/li>\n<li class=\"product type-product post-7583 status-publish instock product_cat-fruits product_cat-in-season has-post-thumbnail shipping-taxable product-type-simple\">\n\t<a href=\"https:\/\/peitrade.com\/tr\/product\/guava\/\" class=\"woocommerce-LoopProduct-link woocommerce-loop-product__link\"><img decoding=\"async\" width=\"300\" height=\"300\" src=\"https:\/\/peitrade.com\/wp-content\/uploads\/2025\/11\/Egyptian-Guava-300x300.webp\" class=\"attachment-woocommerce_thumbnail size-woocommerce_thumbnail\" alt=\"Egyptian Guava\" srcset=\"https:\/\/peitrade.com\/wp-content\/uploads\/2025\/11\/Egyptian-Guava-300x300.webp 300w, https:\/\/peitrade.com\/wp-content\/uploads\/2025\/11\/Egyptian-Guava-150x150.webp 150w, https:\/\/peitrade.com\/wp-content\/uploads\/2025\/11\/Egyptian-Guava-768x768.webp 768w, https:\/\/peitrade.com\/wp-content\/uploads\/2025\/11\/Egyptian-Guava-600x600.webp 600w, https:\/\/peitrade.com\/wp-content\/uploads\/2025\/11\/Egyptian-Guava-100x100.webp 100w, https:\/\/peitrade.com\/wp-content\/uploads\/2025\/11\/Egyptian-Guava.webp 1024w\" sizes=\"(max-width: 300px) 100vw, 300px\" title=\"\"><h2 class=\"woocommerce-loop-product__title\">Guava<\/h2>\n<\/a><a href=\"https:\/\/peitrade.com\/tr\/product\/guava\/\" aria-describedby=\"woocommerce_loop_add_to_cart_link_describedby_7583\" data-quantity=\"1\" class=\"button product_type_simple\" data-product_id=\"7583\" data-product_sku=\"80451\" aria-label=\"&ldquo;Guava&rdquo; hakk\u0131nda daha fazla bilgi edinin\" rel=\"nofollow\" data-success_message=\"\">Devam\u0131n\u0131 oku<\/a>\t<span id=\"woocommerce_loop_add_to_cart_link_describedby_7583\" class=\"screen-reader-text\">\n\t\t\t<\/span>\n<\/li>\n<li class=\"product type-product post-7542 status-publish instock product_cat-fruits product_cat-in-season has-post-thumbnail shipping-taxable product-type-simple\">\n\t<a href=\"https:\/\/peitrade.com\/tr\/product\/limon\/\" class=\"woocommerce-LoopProduct-link woocommerce-loop-product__link\"><img decoding=\"async\" width=\"300\" height=\"300\" src=\"https:\/\/peitrade.com\/wp-content\/uploads\/2025\/11\/Egyptian-Lemons-300x300.webp\" class=\"attachment-woocommerce_thumbnail size-woocommerce_thumbnail\" alt=\"Limon\" srcset=\"https:\/\/peitrade.com\/wp-content\/uploads\/2025\/11\/Egyptian-Lemons-300x300.webp 300w, https:\/\/peitrade.com\/wp-content\/uploads\/2025\/11\/Egyptian-Lemons-150x150.webp 150w, https:\/\/peitrade.com\/wp-content\/uploads\/2025\/11\/Egyptian-Lemons-768x768.webp 768w, https:\/\/peitrade.com\/wp-content\/uploads\/2025\/11\/Egyptian-Lemons-600x600.webp 600w, https:\/\/peitrade.com\/wp-content\/uploads\/2025\/11\/Egyptian-Lemons-100x100.webp 100w, https:\/\/peitrade.com\/wp-content\/uploads\/2025\/11\/Egyptian-Lemons.webp 1024w\" sizes=\"(max-width: 300px) 100vw, 300px\" title=\"\"><h2 class=\"woocommerce-loop-product__title\">Limon<\/h2>\n<\/a><a href=\"https:\/\/peitrade.com\/tr\/product\/limon\/\" aria-describedby=\"woocommerce_loop_add_to_cart_link_describedby_7542\" data-quantity=\"1\" class=\"button product_type_simple\" data-product_id=\"7542\" data-product_sku=\"80550\" aria-label=\"&ldquo;Limon&rdquo; hakk\u0131nda daha fazla bilgi edinin\" rel=\"nofollow\" data-success_message=\"\">Devam\u0131n\u0131 oku<\/a>\t<span id=\"woocommerce_loop_add_to_cart_link_describedby_7542\" class=\"screen-reader-text\">\n\t\t\t<\/span>\n<\/li>\n<li class=\"product type-product post-7444 status-publish last instock product_cat-fruits product_cat-in-season has-post-thumbnail shipping-taxable product-type-simple\">\n\t<a href=\"https:\/\/peitrade.com\/tr\/product\/portakallar\/\" class=\"woocommerce-LoopProduct-link woocommerce-loop-product__link\"><img decoding=\"async\" width=\"300\" height=\"300\" src=\"https:\/\/peitrade.com\/wp-content\/uploads\/2025\/11\/Egyptian-Oranges-300x300.webp\" class=\"attachment-woocommerce_thumbnail size-woocommerce_thumbnail\" alt=\"M\u0131s\u0131r\u2019\u0131n Kanada\u2019ya portakal ihracat\u0131\" srcset=\"https:\/\/peitrade.com\/wp-content\/uploads\/2025\/11\/Egyptian-Oranges-300x300.webp 300w, https:\/\/peitrade.com\/wp-content\/uploads\/2025\/11\/Egyptian-Oranges-150x150.webp 150w, https:\/\/peitrade.com\/wp-content\/uploads\/2025\/11\/Egyptian-Oranges-768x768.webp 768w, https:\/\/peitrade.com\/wp-content\/uploads\/2025\/11\/Egyptian-Oranges-600x600.webp 600w, https:\/\/peitrade.com\/wp-content\/uploads\/2025\/11\/Egyptian-Oranges-100x100.webp 100w, https:\/\/peitrade.com\/wp-content\/uploads\/2025\/11\/Egyptian-Oranges.webp 1024w\" sizes=\"(max-width: 300px) 100vw, 300px\" title=\"\"><h2 class=\"woocommerce-loop-product__title\">Portakallar<\/h2>\n<\/a><a href=\"https:\/\/peitrade.com\/tr\/product\/portakallar\/\" aria-describedby=\"woocommerce_loop_add_to_cart_link_describedby_7444\" data-quantity=\"1\" class=\"button product_type_simple\" data-product_id=\"7444\" data-product_sku=\"80510\" aria-label=\"&ldquo;Portakallar&rdquo; hakk\u0131nda daha fazla bilgi edinin\" rel=\"nofollow\" data-success_message=\"\">Devam\u0131n\u0131 oku<\/a>\t<span id=\"woocommerce_loop_add_to_cart_link_describedby_7444\" class=\"screen-reader-text\">\n\t\t\t<\/span>\n<\/li>\n<\/ul>\n<\/div><\/div>\n<section class=\"section\" style=\"padding: 50px 20px;\">\n<div class=\"container\">\n<h2>K\u00fcresel \u0130thalat\u00e7\u0131lar Neden M\u0131s\u0131r Guavas\u0131 \u0130\u00e7in PEI Trade\u2019i Tercih Ediyor?<\/h2>\n<p>PEI Trade, M\u0131s\u0131r\u2019daki di\u011fer guava tedarik\u00e7ilerinden, s\u0131k\u0131 hasat sonras\u0131 s\u00fcre\u00e7leri, \u00f6zel paketleme se\u00e7enekleri ve \u015feffaf hizmeti ile ayr\u0131l\u0131r. Biz yaln\u0131zca guava ihra\u00e7 etmiyoruz\u2014ayn\u0131 zamanda de\u011fer ve g\u00fcven sunuyoruz.<\/p>\n<ul>\n<li>Uzun raf \u00f6mr\u00fcne sahip birinci s\u0131n\u0131f guavalar<\/li>\n<li>Tam izlenebilirlik ve g\u0131da g\u00fcvenli\u011fi belgeleri<\/li>\n<li>Perakende zincirleri, g\u0131da hizmetleri veya toptan al\u0131c\u0131lar i\u00e7in \u00f6zel paketleme<\/li>\n<li>G\u00fcvenilir mevsimsel planlama ve k\u00fcresel nakliye koordinasyonu<\/li>\n<\/ul>\n<h2>M\u0131s\u0131r\u2019\u0131n En \u0130yi Guava \u0130hracat\u00e7\u0131lar\u0131 Aras\u0131nda Y\u00fckseliyoruz<\/h2>\n<p>PEI Trade, yenilik\u00e7i ve sorumluluk sahibi yakla\u015f\u0131m\u0131yla M\u0131s\u0131r\u2019dan guava ithalat\u0131 yapan al\u0131c\u0131lar\u0131n g\u00fcvenini kazanan vizyoner bir \u015firkettir. Misyonumuz, M\u0131s\u0131r guavas\u0131n\u0131n tazeli\u011fini d\u00fcnyaya g\u00fcvenli, verimli ve s\u00fcrd\u00fcr\u00fclebilir \u015fekilde ula\u015ft\u0131rmakt\u0131r.<\/p>\n<ul>\n<li>S\u00fcrd\u00fcr\u00fclebilir uygulamalarla M\u0131s\u0131r\u2019\u0131n en iyi bah\u00e7elerinden do\u011frudan tedarik<\/li>\n<li>Maksimum tazelik i\u00e7in \u00e7iftlikten limana kadar so\u011fuk zincir lojisti\u011fi<\/li>\n<li>Talep \u00fczerine organik guava ihracat se\u00e7enekleri<\/li>\n<\/ul>\n<p>Gen\u00e7 bir \u015firket olabiliriz, ancak \u00e7evikli\u011fimiz, odaklanmam\u0131z ve ihracat uzmanl\u0131\u011f\u0131m\u0131z bizi M\u0131s\u0131r\u2019daki di\u011fer guava ihracat\u00e7\u0131lar\u0131ndan ay\u0131r\u0131yor.<\/p>\n<\/div>\n<\/section>\n<section class=\"section\" style=\"padding: 50px 20px;\">\n<div class=\"container\">\n<h2>M\u0131s\u0131r\u2019dan Daha Fazla Taze \u00dcr\u00fcn<\/h2>\n<p>Guavalar\u0131n yan\u0131 s\u0131ra, PEI Trade ayn\u0131 zamanda ihracata uygun \u015fekilde artan say\u0131da taze M\u0131s\u0131r \u00fcr\u00fcn\u00fcn\u00fc de sunmaktad\u0131r. Kaliteye ve m\u00fc\u015fteri memnuniyetine olan ba\u011fl\u0131l\u0131\u011f\u0131m\u0131z, t\u00fcm \u00fcr\u00fcn kategorilerinde ge\u00e7erlidir.<\/p>\n<div class=\"wp-block-woocommerce-product-collection\"><div class=\"woocommerce columns-4 \"><ul class=\"products columns-4\" data-products=\"type-2\">\n<li class=\"product type-product post-7583 status-publish first instock product_cat-fruits product_cat-in-season has-post-thumbnail shipping-taxable product-type-simple\">\n\t<a href=\"https:\/\/peitrade.com\/tr\/product\/guava\/\" class=\"woocommerce-LoopProduct-link woocommerce-loop-product__link\"><img decoding=\"async\" width=\"300\" height=\"300\" src=\"https:\/\/peitrade.com\/wp-content\/uploads\/2025\/11\/Egyptian-Guava-300x300.webp\" class=\"attachment-woocommerce_thumbnail size-woocommerce_thumbnail\" alt=\"Egyptian Guava\" srcset=\"https:\/\/peitrade.com\/wp-content\/uploads\/2025\/11\/Egyptian-Guava-300x300.webp 300w, https:\/\/peitrade.com\/wp-content\/uploads\/2025\/11\/Egyptian-Guava-150x150.webp 150w, https:\/\/peitrade.com\/wp-content\/uploads\/2025\/11\/Egyptian-Guava-768x768.webp 768w, https:\/\/peitrade.com\/wp-content\/uploads\/2025\/11\/Egyptian-Guava-600x600.webp 600w, https:\/\/peitrade.com\/wp-content\/uploads\/2025\/11\/Egyptian-Guava-100x100.webp 100w, https:\/\/peitrade.com\/wp-content\/uploads\/2025\/11\/Egyptian-Guava.webp 1024w\" sizes=\"(max-width: 300px) 100vw, 300px\" title=\"\"><h2 class=\"woocommerce-loop-product__title\">Guava<\/h2>\n<\/a><a href=\"https:\/\/peitrade.com\/tr\/product\/guava\/\" aria-describedby=\"woocommerce_loop_add_to_cart_link_describedby_7583\" data-quantity=\"1\" class=\"button product_type_simple\" data-product_id=\"7583\" data-product_sku=\"80451\" aria-label=\"&ldquo;Guava&rdquo; hakk\u0131nda daha fazla bilgi edinin\" rel=\"nofollow\" data-success_message=\"\">Devam\u0131n\u0131 oku<\/a>\t<span id=\"woocommerce_loop_add_to_cart_link_describedby_7583\" class=\"screen-reader-text\">\n\t\t\t<\/span>\n<\/li>\n<li class=\"product type-product post-7648 status-publish instock product_cat-fruits has-post-thumbnail shipping-taxable product-type-simple\">\n\t<a href=\"https:\/\/peitrade.com\/tr\/product\/mango\/\" class=\"woocommerce-LoopProduct-link woocommerce-loop-product__link\"><img decoding=\"async\" width=\"300\" height=\"300\" src=\"https:\/\/peitrade.com\/wp-content\/uploads\/2025\/11\/Egyption-Mango-300x300.webp\" class=\"attachment-woocommerce_thumbnail size-woocommerce_thumbnail\" alt=\"Mangoes: Egypt\u2019s Tropical Treasure\" srcset=\"https:\/\/peitrade.com\/wp-content\/uploads\/2025\/11\/Egyption-Mango-300x300.webp 300w, https:\/\/peitrade.com\/wp-content\/uploads\/2025\/11\/Egyption-Mango-150x150.webp 150w, https:\/\/peitrade.com\/wp-content\/uploads\/2025\/11\/Egyption-Mango-768x768.webp 768w, https:\/\/peitrade.com\/wp-content\/uploads\/2025\/11\/Egyption-Mango-600x600.webp 600w, https:\/\/peitrade.com\/wp-content\/uploads\/2025\/11\/Egyption-Mango-100x100.webp 100w, https:\/\/peitrade.com\/wp-content\/uploads\/2025\/11\/Egyption-Mango.webp 1024w\" sizes=\"(max-width: 300px) 100vw, 300px\" title=\"\"><h2 class=\"woocommerce-loop-product__title\">Mango<\/h2>\n<\/a><a href=\"https:\/\/peitrade.com\/tr\/product\/mango\/\" aria-describedby=\"woocommerce_loop_add_to_cart_link_describedby_7648\" data-quantity=\"1\" class=\"button product_type_simple\" data-product_id=\"7648\" data-product_sku=\"80450\" aria-label=\"&ldquo;Mango&rdquo; hakk\u0131nda daha fazla bilgi edinin\" rel=\"nofollow\" data-success_message=\"\">Devam\u0131n\u0131 oku<\/a>\t<span id=\"woocommerce_loop_add_to_cart_link_describedby_7648\" class=\"screen-reader-text\">\n\t\t\t<\/span>\n<\/li>\n<li class=\"product type-product post-7745 status-publish instock product_cat-fruits has-post-thumbnail shipping-taxable product-type-simple\">\n\t<a href=\"https:\/\/peitrade.com\/tr\/product\/nar\/\" class=\"woocommerce-LoopProduct-link woocommerce-loop-product__link\"><img decoding=\"async\" width=\"300\" height=\"300\" src=\"https:\/\/peitrade.com\/wp-content\/uploads\/2025\/11\/Egyptian-Pomegranate-300x300.webp\" class=\"attachment-woocommerce_thumbnail size-woocommerce_thumbnail\" alt=\"Pomegranates: The Superfruit Appeal\" srcset=\"https:\/\/peitrade.com\/wp-content\/uploads\/2025\/11\/Egyptian-Pomegranate-300x300.webp 300w, https:\/\/peitrade.com\/wp-content\/uploads\/2025\/11\/Egyptian-Pomegranate-150x150.webp 150w, https:\/\/peitrade.com\/wp-content\/uploads\/2025\/11\/Egyptian-Pomegranate-768x768.webp 768w, https:\/\/peitrade.com\/wp-content\/uploads\/2025\/11\/Egyptian-Pomegranate-600x600.webp 600w, https:\/\/peitrade.com\/wp-content\/uploads\/2025\/11\/Egyptian-Pomegranate-100x100.webp 100w, https:\/\/peitrade.com\/wp-content\/uploads\/2025\/11\/Egyptian-Pomegranate.webp 1024w\" sizes=\"(max-width: 300px) 100vw, 300px\" title=\"\"><h2 class=\"woocommerce-loop-product__title\">Nar<\/h2>\n<\/a><a href=\"https:\/\/peitrade.com\/tr\/product\/nar\/\" aria-describedby=\"woocommerce_loop_add_to_cart_link_describedby_7745\" data-quantity=\"1\" class=\"button product_type_simple\" data-product_id=\"7745\" data-product_sku=\"81090\" aria-label=\"&ldquo;Nar&rdquo; hakk\u0131nda daha fazla bilgi edinin\" rel=\"nofollow\" data-success_message=\"\">Devam\u0131n\u0131 oku<\/a>\t<span id=\"woocommerce_loop_add_to_cart_link_describedby_7745\" class=\"screen-reader-text\">\n\t\t\t<\/span>\n<\/li>\n<li class=\"product type-product post-7589 status-publish last instock product_cat-fruits has-post-thumbnail shipping-taxable product-type-simple\">\n\t<a href=\"https:\/\/peitrade.com\/tr\/product\/uzum\/\" class=\"woocommerce-LoopProduct-link woocommerce-loop-product__link\"><img decoding=\"async\" width=\"300\" height=\"300\" src=\"https:\/\/peitrade.com\/wp-content\/uploads\/2025\/11\/Egyptian-Grapes-300x300.webp\" class=\"attachment-woocommerce_thumbnail size-woocommerce_thumbnail\" alt=\"Grapes: A Rising Star\" srcset=\"https:\/\/peitrade.com\/wp-content\/uploads\/2025\/11\/Egyptian-Grapes-300x300.webp 300w, https:\/\/peitrade.com\/wp-content\/uploads\/2025\/11\/Egyptian-Grapes-150x150.webp 150w, https:\/\/peitrade.com\/wp-content\/uploads\/2025\/11\/Egyptian-Grapes-768x768.webp 768w, https:\/\/peitrade.com\/wp-content\/uploads\/2025\/11\/Egyptian-Grapes-600x600.webp 600w, https:\/\/peitrade.com\/wp-content\/uploads\/2025\/11\/Egyptian-Grapes-100x100.webp 100w, https:\/\/peitrade.com\/wp-content\/uploads\/2025\/11\/Egyptian-Grapes.webp 1024w\" sizes=\"(max-width: 300px) 100vw, 300px\" title=\"\"><h2 class=\"woocommerce-loop-product__title\">\u00dcz\u00fcm<\/h2>\n<\/a><a href=\"https:\/\/peitrade.com\/tr\/product\/uzum\/\" aria-describedby=\"woocommerce_loop_add_to_cart_link_describedby_7589\" data-quantity=\"1\" class=\"button product_type_simple\" data-product_id=\"7589\" data-product_sku=\"80610\" aria-label=\"&ldquo;\u00dcz\u00fcm&rdquo; hakk\u0131nda daha fazla bilgi edinin\" rel=\"nofollow\" data-success_message=\"\">Devam\u0131n\u0131 oku<\/a>\t<span id=\"woocommerce_loop_add_to_cart_link_describedby_7589\" class=\"screen-reader-text\">\n\t\t\t<\/span>\n<\/li>\n<\/ul>\n<\/div><\/div>\n<\/div>\n<\/section>\n<section class=\"section\" style=\"padding: 50px 20px; background-color: #f0f0f0;\">\n<div class=\"container\">\n<h2>Guava ihracat\u00e7\u0131lar\u0131 M\u0131s\u0131r Hasat Sezonu ve G\u00f6nderim Takvimi<\/h2>\n<p>M\u0131s\u0131r\u2019daki ana guava sezonu Haziran ay\u0131nda ba\u015flar ve Eyl\u00fcl ay\u0131na kadar devam eder. Erken ve ge\u00e7 hasat \u00e7e\u015fitleri bu s\u00fcreyi biraz daha uzatabilir. PEI Trade, maksimum tazelik ve de\u011fer sa\u011flamak i\u00e7in g\u00f6nderimlerini zirve hasat d\u00f6nemine g\u00f6re ayarlar.<\/p>\n<h2>Paketleme ve \u0130hracat Uyum S\u00fcreci<\/h2>\n<p>Markal\u0131 perakende kutular\u0131ndan end\u00fcstriyel boyutlu ambalajlara kadar, PEI Trade ihtiya\u00e7lar\u0131n\u0131za \u00f6zel \u00e7\u00f6z\u00fcmler sunar. T\u00fcm g\u00f6nderiler eksiksiz belgeler, so\u011fuk zincir izleme ve pazara \u00f6zel etiketleme ile birlikte g\u00f6nderilir\u2014sorunsuz g\u00fcmr\u00fck ge\u00e7i\u015fi ve perakende uyumu sa\u011flan\u0131r.<\/p>\n<p style=\"text-align: center; margin-top: 40px;\"><a class=\"button primary large\" href=\"\/contact\">\u015eimdi Sipari\u015f Verin<\/a><\/p>\n<\/div>\n<\/section>\n<section class=\"section\" style=\"padding: 50px 20px; background-color: #f9f9f9;\">\n<div class=\"container\">\n<h2>S\u0131k\u00e7a Sorulan Sorular<\/h2>\n<div>\n<div>\n<h3>M\u0131s\u0131r\u2019da guava sezonu ne zaman?<\/h3>\n<div>M\u0131s\u0131r\u2019daki guava sezonu genellikle Haziran\u2019dan Eyl\u00fcl\u2019e kadar s\u00fcrer, ancak baz\u0131 \u00e7e\u015fitler bu s\u00fcreyi biraz daha uzatabilir.<\/div>\n<\/div>\n<div>\n<h3>M\u0131s\u0131r guavas\u0131n\u0131 toptan \u00e7evrimi\u00e7i sat\u0131n alabilir miyim?<\/h3>\n<div>Evet. PEI Trade, toptan sipari\u015fler sunar ve uluslararas\u0131 al\u0131c\u0131lar\u0131n M\u0131s\u0131r guavas\u0131n\u0131 \u00e7evrimi\u00e7i olarak ihracat hizmetimiz arac\u0131l\u0131\u011f\u0131yla sat\u0131n almas\u0131na olanak tan\u0131r.<\/div>\n<\/div>\n<div>\n<h3>Ta\u015f\u0131ma s\u0131ras\u0131nda tazelik nas\u0131l korunuyor?<\/h3>\n<div>\u0130hracat s\u00fcreci boyunca so\u011fuk zincir lojisti\u011fi kullan\u0131yoruz\u2014\u00e7iftliklerde \u00f6n so\u011futma, so\u011futmal\u0131 ta\u015f\u0131ma ve kontroll\u00fc konteynerlerde sevkiyat ile tazeli\u011fi koruyoruz.<\/div>\n<\/div>\n<div>\n<h3>Guavalar\u0131n\u0131z\u0131 hangi b\u00f6lgelere ihra\u00e7 ediyorsunuz?<\/h3>\n<div>Guavalar\u0131m\u0131z\u0131 Avrupa, K\u00f6rfez \u00fclkeleri, G\u00fcneydo\u011fu Asya ve Kuzey Afrika dahil bir\u00e7ok pazara ihra\u00e7 ediyoruz. Yeni b\u00f6lgelere ortakl\u0131klar kurmaya da a\u00e7\u0131\u011f\u0131z.<\/div>\n<\/div>\n<\/div>\n<\/div>\n<\/section>\n","protected":false},"excerpt":{"rendered":"<p>Guava ihracat\u00e7\u0131lar\u0131 M\u0131s\u0131r G\u00fcvenilir Orta\u011f\u0131n\u0131z \u2013 PEI Trade PEI Trade olarak, y\u00fcksek kaliteli M\u0131s\u0131r guavas\u0131n\u0131 uluslararas\u0131 al\u0131c\u0131lara ula\u015ft\u0131rma konusunda uzman\u0131z. Bu alanda, M\u0131s\u0131r\u2019\u0131n \u00f6nde gelen guava ihracat\u00e7\u0131lar\u0131 aras\u0131nda yer almaktay\u0131z. Operasyonlar\u0131m\u0131z g\u00fcven, kalite ve sorunsuz lojistik \u00fczerine kuruludur. \u0130ster perakende, ister toptan, ister i\u015fleme ama\u00e7l\u0131 tedarik ar\u0131yor olun; M\u0131s\u0131r\u2019dan taze guavam\u0131z en olgun zaman\u0131nda hasat [&hellip;]<\/p>\n","protected":false},"author":1,"featured_media":0,"parent":0,"menu_order":0,"comment_status":"closed","ping_status":"closed","template":"","meta":{"footnotes":""},"class_list":["post-5574","page","type-page","status-publish","hentry"],"blocksy_meta":[],"mb":[],"featured_image_urls_v2":{"full":"","thumbnail":"","medium":"","medium_large":"","large":"","1536x1536":"","2048x2048":"","woocommerce_archive_thumbnail":"","woocommerce_thumbnail":"","woocommerce_single":"","woocommerce_gallery_thumbnail":""},"post_excerpt_stackable_v2":"<p>Guava ihracat\u00e7\u0131lar\u0131 M\u0131s\u0131r G\u00fcvenilir Orta\u011f\u0131n\u0131z \u2013 PEI Trade PEI Trade olarak, y\u00fcksek kaliteli M\u0131s\u0131r guavas\u0131n\u0131 uluslararas\u0131 al\u0131c\u0131lara ula\u015ft\u0131rma konusunda uzman\u0131z. Bu alanda, M\u0131s\u0131r\u2019\u0131n \u00f6nde gelen guava ihracat\u00e7\u0131lar\u0131 aras\u0131nda yer almaktay\u0131z. Operasyonlar\u0131m\u0131z g\u00fcven, kalite ve sorunsuz lojistik \u00fczerine kuruludur. \u0130ster perakende, ister toptan, ister i\u015fleme ama\u00e7l\u0131 tedarik ar\u0131yor olun; M\u0131s\u0131r\u2019dan taze guavam\u0131z en olgun zaman\u0131nda hasat edilir, m\u00fckemmel \u015fekilde paketlenir ve zaman\u0131nda g\u00f6nderilir. Yaln\u0131zca \u00f6zenle se\u00e7ilmi\u015f \u00e7iftliklerle \u00e7al\u0131\u015farak, tatl\u0131, d\u00fc\u015f\u00fck lifli ve g\u00f6rsel olarak \u00e7ekici en iyi M\u0131s\u0131r guava \u00e7e\u015fitlerini tedarik ediyoruz. M\u0131s\u0131r sar\u0131 guavas\u0131ndan organik ihracatl\u0131k guavaya kadar portf\u00f6y\u00fcm\u00fcz, farkl\u0131 al\u0131c\u0131 tercihlerini kar\u015f\u0131lamaktad\u0131r. PEI Trade ile i\u015f birli\u011fi yaparak, kalite&hellip;<\/p>\n","category_list_v2":"","author_info_v2":{"name":"Mostafa Sabry","url":"https:\/\/peitrade.com\/tr\/author\/emostafaadel_jn8gcqbo\/"},"comments_num_v2":"0 comments","mfb_rest_fields":["title","blocksy_meta","featured_image_urls_v2","post_excerpt_stackable_v2","category_list_v2","author_info_v2","comments_num_v2"],"_links":{"self":[{"href":"https:\/\/peitrade.com\/tr\/wp-json\/wp\/v2\/pages\/5574","targetHints":{"allow":["GET"]}}],"collection":[{"href":"https:\/\/peitrade.com\/tr\/wp-json\/wp\/v2\/pages"}],"about":[{"href":"https:\/\/peitrade.com\/tr\/wp-json\/wp\/v2\/types\/page"}],"author":[{"embeddable":true,"href":"https:\/\/peitrade.com\/tr\/wp-json\/wp\/v2\/users\/1"}],"replies":[{"embeddable":true,"href":"https:\/\/peitrade.com\/tr\/wp-json\/wp\/v2\/comments?post=5574"}],"version-history":[{"count":1,"href":"https:\/\/peitrade.com\/tr\/wp-json\/wp\/v2\/pages\/5574\/revisions"}],"predecessor-version":[{"id":5575,"href":"https:\/\/peitrade.com\/tr\/wp-json\/wp\/v2\/pages\/5574\/revisions\/5575"}],"wp:attachment":[{"href":"https:\/\/peitrade.com\/tr\/wp-json\/wp\/v2\/media?parent=5574"}],"curies":[{"name":"wp","href":"https:\/\/api.w.org\/{rel}","templated":true}]}}