{"id":5590,"date":"2025-05-16T13:29:28","date_gmt":"2025-05-16T13:29:28","guid":{"rendered":"http:\/\/46.224.74.15\/misir-tatli-patatesi-ihracati\/"},"modified":"2025-11-19T16:45:07","modified_gmt":"2025-11-19T16:45:07","slug":"misir-tatli-patatesi-ihracati","status":"publish","type":"page","link":"https:\/\/peitrade.com\/tr\/misir-tatli-patatesi-ihracati\/","title":{"rendered":"Premium M\u0131s\u0131r Tatl\u0131 Patatesi | PEI Trade \u0130hracat\u0131"},"content":{"rendered":"<section style=\"padding: 60px 20px; background-color: #f9f9f9;\">\n<div class=\"container\">\n<h1>Y\u00fcksek Kaliteli M\u0131s\u0131r Tatl\u0131 Patatesi \u2013 PEI Trade&#8217;den Premium \u0130hracat<\/h1>\n<p>PEI Trade, Nil Deltas\u0131 ve Yukar\u0131 M\u0131s\u0131r\u2019\u0131n ideal ko\u015fullar\u0131nda yeti\u015ftirilen y\u00fcksek kaliteli M\u0131s\u0131r tatl\u0131 patateslerini gururla ihra\u00e7 eder. Kumlu topraklar ve istikrarl\u0131 s\u0131cakl\u0131klar sayesinde, bu \u00fcr\u00fcnler uluslararas\u0131 pazarlara uygun m\u00fckemmel kalite, renk ve dokuya ula\u015f\u0131r.<\/p>\n<p>M\u0131s\u0131r tatl\u0131 patatesleri, canl\u0131 turuncu eti, p\u00fcr\u00fczs\u00fcz kabu\u011fu ve uzun raf \u00f6mr\u00fcyle tan\u0131n\u0131r. Bu \u00f6zellikler, onlar\u0131 Avrupa, Asya ve K\u00f6rfez \u00fclkelerindeki ithalat\u00e7\u0131lar, perakendeciler ve g\u0131da \u00fcreticileri i\u00e7in tercih edilen bir se\u00e7enek haline getirir. PEI Trade ile m\u00fc\u015fteriler her sevkiyatta g\u00fcvenilir kalite ve izlenebilirlik elde eder.<\/p>\n<\/div>\n<\/section>\n<div class=\"wp-block-woocommerce-product-collection\"><div class=\"woocommerce columns-4 \"><ul class=\"products columns-4\" data-products=\"type-2\">\n<li class=\"product type-product post-7719 status-publish first instock product_cat-legumes product_cat-in-season has-post-thumbnail shipping-taxable product-type-simple\">\n\t<a href=\"https:\/\/peitrade.com\/tr\/product\/kuru-beyaz-fasulye\/\" class=\"woocommerce-LoopProduct-link woocommerce-loop-product__link\"><img decoding=\"async\" width=\"300\" height=\"300\" src=\"https:\/\/peitrade.com\/wp-content\/uploads\/2025\/11\/Egyptian-White-Beans-300x300.webp\" class=\"attachment-woocommerce_thumbnail size-woocommerce_thumbnail\" alt=\"Kuru beyaz fasulye\" srcset=\"https:\/\/peitrade.com\/wp-content\/uploads\/2025\/11\/Egyptian-White-Beans-300x300.webp 300w, https:\/\/peitrade.com\/wp-content\/uploads\/2025\/11\/Egyptian-White-Beans-150x150.webp 150w, https:\/\/peitrade.com\/wp-content\/uploads\/2025\/11\/Egyptian-White-Beans-768x768.webp 768w, https:\/\/peitrade.com\/wp-content\/uploads\/2025\/11\/Egyptian-White-Beans-600x600.webp 600w, https:\/\/peitrade.com\/wp-content\/uploads\/2025\/11\/Egyptian-White-Beans-100x100.webp 100w, https:\/\/peitrade.com\/wp-content\/uploads\/2025\/11\/Egyptian-White-Beans.webp 1024w\" sizes=\"(max-width: 300px) 100vw, 300px\" title=\"\"><h2 class=\"woocommerce-loop-product__title\">Kuru beyaz fasulye<\/h2>\n<\/a><a href=\"https:\/\/peitrade.com\/tr\/product\/kuru-beyaz-fasulye\/\" aria-describedby=\"woocommerce_loop_add_to_cart_link_describedby_7719\" data-quantity=\"1\" class=\"button product_type_simple\" data-product_id=\"7719\" data-product_sku=\"70820\" aria-label=\"&ldquo;Kuru beyaz fasulye&rdquo; hakk\u0131nda daha fazla bilgi edinin\" rel=\"nofollow\" data-success_message=\"\">Devam\u0131n\u0131 oku<\/a>\t<span id=\"woocommerce_loop_add_to_cart_link_describedby_7719\" class=\"screen-reader-text\">\n\t\t\t<\/span>\n<\/li>\n<li class=\"product type-product post-7776 status-publish instock product_cat-vegetables product_cat-in-season has-post-thumbnail shipping-taxable product-type-simple\">\n\t<a href=\"https:\/\/peitrade.com\/tr\/product\/patates\/\" class=\"woocommerce-LoopProduct-link woocommerce-loop-product__link\"><img decoding=\"async\" width=\"300\" height=\"300\" src=\"https:\/\/peitrade.com\/wp-content\/uploads\/2025\/11\/Egyptian-Potatoes-300x300.webp\" class=\"attachment-woocommerce_thumbnail size-woocommerce_thumbnail\" alt=\"Patates\" srcset=\"https:\/\/peitrade.com\/wp-content\/uploads\/2025\/11\/Egyptian-Potatoes-300x300.webp 300w, https:\/\/peitrade.com\/wp-content\/uploads\/2025\/11\/Egyptian-Potatoes-150x150.webp 150w, https:\/\/peitrade.com\/wp-content\/uploads\/2025\/11\/Egyptian-Potatoes-768x768.webp 768w, https:\/\/peitrade.com\/wp-content\/uploads\/2025\/11\/Egyptian-Potatoes-600x600.webp 600w, https:\/\/peitrade.com\/wp-content\/uploads\/2025\/11\/Egyptian-Potatoes-100x100.webp 100w, https:\/\/peitrade.com\/wp-content\/uploads\/2025\/11\/Egyptian-Potatoes.webp 1024w\" sizes=\"(max-width: 300px) 100vw, 300px\" title=\"\"><h2 class=\"woocommerce-loop-product__title\">Patates<\/h2>\n<\/a><a href=\"https:\/\/peitrade.com\/tr\/product\/patates\/\" aria-describedby=\"woocommerce_loop_add_to_cart_link_describedby_7776\" data-quantity=\"1\" class=\"button product_type_simple\" data-product_id=\"7776\" data-product_sku=\"70190\" aria-label=\"&ldquo;Patates&rdquo; hakk\u0131nda daha fazla bilgi edinin\" rel=\"nofollow\" data-success_message=\"\">Devam\u0131n\u0131 oku<\/a>\t<span id=\"woocommerce_loop_add_to_cart_link_describedby_7776\" class=\"screen-reader-text\">\n\t\t\t<\/span>\n<\/li>\n<li class=\"product type-product post-7484 status-publish instock product_cat-vegetables product_cat-in-season has-post-thumbnail shipping-taxable product-type-simple\">\n\t<a href=\"https:\/\/peitrade.com\/tr\/product\/sogan\/\" class=\"woocommerce-LoopProduct-link woocommerce-loop-product__link\"><img decoding=\"async\" width=\"300\" height=\"300\" src=\"https:\/\/peitrade.com\/wp-content\/uploads\/2025\/11\/Egyption-Onion-300x300.webp\" class=\"attachment-woocommerce_thumbnail size-woocommerce_thumbnail\" alt=\"Egyption Onion - PEI Trade\" srcset=\"https:\/\/peitrade.com\/wp-content\/uploads\/2025\/11\/Egyption-Onion-300x300.webp 300w, https:\/\/peitrade.com\/wp-content\/uploads\/2025\/11\/Egyption-Onion-150x150.webp 150w, https:\/\/peitrade.com\/wp-content\/uploads\/2025\/11\/Egyption-Onion-768x768.webp 768w, https:\/\/peitrade.com\/wp-content\/uploads\/2025\/11\/Egyption-Onion-600x600.webp 600w, https:\/\/peitrade.com\/wp-content\/uploads\/2025\/11\/Egyption-Onion-100x100.webp 100w, https:\/\/peitrade.com\/wp-content\/uploads\/2025\/11\/Egyption-Onion.webp 1024w\" sizes=\"(max-width: 300px) 100vw, 300px\" title=\"\"><h2 class=\"woocommerce-loop-product__title\">So\u011fan<\/h2>\n<\/a><a href=\"https:\/\/peitrade.com\/tr\/product\/sogan\/\" aria-describedby=\"woocommerce_loop_add_to_cart_link_describedby_7484\" data-quantity=\"1\" class=\"button product_type_simple\" data-product_id=\"7484\" data-product_sku=\"70310\" aria-label=\"&ldquo;So\u011fan&rdquo; hakk\u0131nda daha fazla bilgi edinin\" rel=\"nofollow\" data-success_message=\"\">Devam\u0131n\u0131 oku<\/a>\t<span id=\"woocommerce_loop_add_to_cart_link_describedby_7484\" class=\"screen-reader-text\">\n\t\t\t<\/span>\n<\/li>\n<li class=\"product type-product post-7540 status-publish last instock product_cat-vegetables product_cat-in-season has-post-thumbnail shipping-taxable product-type-simple\">\n\t<a href=\"https:\/\/peitrade.com\/tr\/product\/taze-fasulye\/\" class=\"woocommerce-LoopProduct-link woocommerce-loop-product__link\"><img decoding=\"async\" width=\"300\" height=\"300\" src=\"https:\/\/peitrade.com\/wp-content\/uploads\/2025\/11\/Egyptian-Green-Beans-300x300.webp\" class=\"attachment-woocommerce_thumbnail size-woocommerce_thumbnail\" alt=\"Taze fasulye\" srcset=\"https:\/\/peitrade.com\/wp-content\/uploads\/2025\/11\/Egyptian-Green-Beans-300x300.webp 300w, https:\/\/peitrade.com\/wp-content\/uploads\/2025\/11\/Egyptian-Green-Beans-150x150.webp 150w, https:\/\/peitrade.com\/wp-content\/uploads\/2025\/11\/Egyptian-Green-Beans-768x768.webp 768w, https:\/\/peitrade.com\/wp-content\/uploads\/2025\/11\/Egyptian-Green-Beans-600x600.webp 600w, https:\/\/peitrade.com\/wp-content\/uploads\/2025\/11\/Egyptian-Green-Beans-100x100.webp 100w, https:\/\/peitrade.com\/wp-content\/uploads\/2025\/11\/Egyptian-Green-Beans.webp 1024w\" sizes=\"(max-width: 300px) 100vw, 300px\" title=\"\"><h2 class=\"woocommerce-loop-product__title\">Taze fasulye<\/h2>\n<\/a><a href=\"https:\/\/peitrade.com\/tr\/product\/taze-fasulye\/\" aria-describedby=\"woocommerce_loop_add_to_cart_link_describedby_7540\" data-quantity=\"1\" class=\"button product_type_simple\" data-product_id=\"7540\" data-product_sku=\"70821\" aria-label=\"&ldquo;Taze fasulye&rdquo; hakk\u0131nda daha fazla bilgi edinin\" rel=\"nofollow\" data-success_message=\"\">Devam\u0131n\u0131 oku<\/a>\t<span id=\"woocommerce_loop_add_to_cart_link_describedby_7540\" class=\"screen-reader-text\">\n\t\t\t<\/span>\n<\/li>\n<\/ul>\n<\/div><\/div>\n<section style=\"padding: 50px 20px;\">\n<h2>PEI Trade\u2019in M\u0131s\u0131r Tatl\u0131 Patateslerinin \u00d6ne \u00c7\u0131kma Nedenleri<\/h2>\n<p>Tatl\u0131 patateslerimiz uluslararas\u0131 standartlara uygun olarak yeti\u015ftirilir ve bu sayede M\u0131s\u0131r&#8217;\u0131n en \u00e7ok tercih edilen ihra\u00e7 \u00fcr\u00fcnlerinden biri haline gelmi\u015ftir. PEI Trade iki ana \u00e7e\u015fit sunar:<\/p>\n<ul>\n<li><strong>M\u0131s\u0131r Beauregard Tatl\u0131 Patatesi<\/strong> \u2013 Canl\u0131 turuncu etli, p\u00fcr\u00fczs\u00fcz k\u0131rm\u0131z\u0131ms\u0131 kabuklu ve y\u00fcksek nem oran\u0131na sahip. Perakende ve yeme-i\u00e7me sekt\u00f6r\u00fcnde olduk\u00e7a ra\u011fbet g\u00f6r\u00fcr.<\/li>\n<li><strong>M\u0131s\u0131r Bellevue Tatl\u0131 Patatesi<\/strong> \u2013 D\u00fczg\u00fcn \u015fekilli, krem renkli etli ve g\u0131da i\u015fleme i\u00e7in uygundur; \u00f6zellikle cips ve p\u00fcre \u00fcretiminde idealdir.<\/li>\n<\/ul>\n<p>Bu \u00e7e\u015fitler elle se\u00e7ilir, boyut ve g\u00f6r\u00fcn\u00fcme g\u00f6re s\u0131n\u0131fland\u0131r\u0131l\u0131r ve dikkatlice ambalajlan\u0131r. Tarladan limana kadar t\u00fcm tedarik zincirini biz y\u00f6netiriz, b\u00f6ylece her sipari\u015finizin pazar gerekliliklerini kar\u015f\u0131lad\u0131\u011f\u0131ndan emin oluruz.<\/p>\n<h2>PEI Trade\u2019in Kalite ve G\u00fcvenilirlik Taahh\u00fcd\u00fc<\/h2>\n<p>PEI Trade, M\u0131s\u0131r&#8217;da g\u00fcvenilir bir tatl\u0131 patates ihracat\u00e7\u0131s\u0131 olarak \u00fcretimden sevkiyata kadar t\u00fcm s\u00fcreci denetler:<\/p>\n<ul>\n<li>Sertifikal\u0131 M\u0131s\u0131rl\u0131 tedarik\u00e7ilerle do\u011frudan i\u015f birli\u011fi<\/li>\n<li>Hasat sonras\u0131 hijyenik ko\u015fullarda temizlik, ay\u0131klama ve paketleme<\/li>\n<li>Toplu ve perakende ihracat i\u00e7in ambalaj se\u00e7enekleri<\/li>\n<li>Daha uzun raf \u00f6mr\u00fc i\u00e7in so\u011fuk hava depolama imk\u00e2n\u0131<\/li>\n<li>Avrupa, K\u00f6rfez ve Asya pazarlar\u0131na uygunluk<\/li>\n<li>S\u0131cakl\u0131k kontroll\u00fc ta\u015f\u0131ma ve eksiksiz ihracat belgeleri<\/li>\n<\/ul>\n<p>M\u00fc\u015fterilerimiz g\u00fcvenilir hizmet, \u00e7ok dilli destek ve esnek sipari\u015f planlamas\u0131 avantajlar\u0131ndan faydalan\u0131r.<\/p>\n<h2>M\u0131s\u0131r Tatl\u0131 Patateslerinin \u0130deal Kullan\u0131m Alanlar\u0131<\/h2>\n<p>M\u0131s\u0131r tatl\u0131 patatesleri \u015fu alanlarda yayg\u0131n \u015fekilde kullan\u0131l\u0131r:<\/p>\n<ul>\n<li>Market ve \u00f6zel ma\u011fazalarda perakende sat\u0131\u015f\u0131<\/li>\n<li>P\u00fcre, k\u0131zartma, cips ve bebek mamas\u0131 gibi sanayi tipi g\u0131da \u00fcretimi<\/li>\n<li>HORECA kanal\u0131 i\u00e7in toplu ihracat<\/li>\n<li>Markal\u0131 ya da markas\u0131z ambalaj programlar\u0131<\/li>\n<\/ul>\n<p>PEI Trade&#8217;in taze \u00fcr\u00fcn ta\u015f\u0131ma konusundaki uzmanl\u0131\u011f\u0131 sayesinde, M\u0131s\u0131r tatl\u0131 patateslerini g\u00fcvenle ithal edebilirsiniz. \u00dcr\u00fcnler \u00f6nceden so\u011futulur ve uluslararas\u0131 ta\u015f\u0131ma s\u0131ras\u0131nda zarar g\u00f6rmeyecek \u015fekilde ambalajlan\u0131r.<\/p>\n<\/section>\n<section style=\"padding: 50px 20px; background-color: #f0f0f0;\">\n<div class=\"container\">\n<h2>Mevsimsel Uygunluk<\/h2>\n<p>M\u0131s\u0131r tatl\u0131 patates hasat d\u00f6nemi a\u011fustos ay\u0131nda ba\u015flar ve kas\u0131m ay\u0131na kadar devam eder. So\u011fuk hava deposu sayesinde \u015fubat ay\u0131na kadar tedarik edilebilir. 2025 May\u0131s sevkiyatlar\u0131 i\u00e7in \u00f6n sipari\u015f kabul edilmektedir.<\/p>\n<h2>Bug\u00fcn Premium M\u0131s\u0131r Tatl\u0131 Patates Sipari\u015fi Verin<\/h2>\n<p>M\u0131s\u0131r&#8217;dan taze tatl\u0131 patates ithalat\u0131 yapmak isteyenler i\u00e7in PEI Trade, y\u00fcksek kaliteli ve pazara uygun ihracat se\u00e7enekleri sunar. Teklif almak, sevkiyat tarihlerini \u00f6\u011frenmek ve evrak deste\u011fi i\u00e7in bizimle ileti\u015fime ge\u00e7in.<\/p>\n<p style=\"text-align: center; margin-top: 40px;\"><a class=\"button primary large\" href=\"\/contact\">Sipari\u015f Ver<\/a><\/p>\n<\/div>\n<\/section>\n<section style=\"padding: 50px 20px;\">\n<div class=\"container\">\n<h2>M\u0131s\u0131r\u2019dan Di\u011fer Taze \u00dcr\u00fcnler<\/h2>\n<p>Tatl\u0131 patatesin yan\u0131 s\u0131ra PEI Trade; M\u0131s\u0131r so\u011fan\u0131, sar\u0131msak, ye\u015fil fasulye ve di\u011fer taze \u00fcr\u00fcnleri de ihra\u00e7 etmektedir. Mevsimsel programlara ve uzun vadeli tedarik s\u00f6zle\u015fmelerine destek sunuyoruz. <a href=\"\/about\">\u0130hracat hizmetlerimizi inceleyin<\/a>.<\/p>\n<div class=\"wp-block-woocommerce-product-collection\"><div class=\"woocommerce columns-4 \"><ul class=\"products columns-4\" data-products=\"type-2\">\n<li class=\"product type-product post-7360 status-publish first instock product_cat-vegetables has-post-thumbnail shipping-taxable product-type-simple\">\n\t<a href=\"https:\/\/peitrade.com\/tr\/product\/domates\/\" class=\"woocommerce-LoopProduct-link woocommerce-loop-product__link\"><img decoding=\"async\" width=\"300\" height=\"300\" src=\"https:\/\/peitrade.com\/wp-content\/uploads\/2025\/11\/Egyptian-Tomatoes-300x300.webp\" class=\"attachment-woocommerce_thumbnail size-woocommerce_thumbnail\" alt=\"Domates\" srcset=\"https:\/\/peitrade.com\/wp-content\/uploads\/2025\/11\/Egyptian-Tomatoes-300x300.webp 300w, https:\/\/peitrade.com\/wp-content\/uploads\/2025\/11\/Egyptian-Tomatoes-150x150.webp 150w, https:\/\/peitrade.com\/wp-content\/uploads\/2025\/11\/Egyptian-Tomatoes-768x768.webp 768w, https:\/\/peitrade.com\/wp-content\/uploads\/2025\/11\/Egyptian-Tomatoes-600x600.webp 600w, https:\/\/peitrade.com\/wp-content\/uploads\/2025\/11\/Egyptian-Tomatoes-100x100.webp 100w, https:\/\/peitrade.com\/wp-content\/uploads\/2025\/11\/Egyptian-Tomatoes.webp 1024w\" sizes=\"(max-width: 300px) 100vw, 300px\" title=\"\"><h2 class=\"woocommerce-loop-product__title\">Domates<\/h2>\n<\/a><a href=\"https:\/\/peitrade.com\/tr\/product\/domates\/\" aria-describedby=\"woocommerce_loop_add_to_cart_link_describedby_7360\" data-quantity=\"1\" class=\"button product_type_simple\" data-product_id=\"7360\" data-product_sku=\"70200\" aria-label=\"&ldquo;Domates&rdquo; hakk\u0131nda daha fazla bilgi edinin\" rel=\"nofollow\" data-success_message=\"\">Devam\u0131n\u0131 oku<\/a>\t<span id=\"woocommerce_loop_add_to_cart_link_describedby_7360\" class=\"screen-reader-text\">\n\t\t\t<\/span>\n<\/li>\n<li class=\"product type-product post-7776 status-publish instock product_cat-vegetables product_cat-in-season has-post-thumbnail shipping-taxable product-type-simple\">\n\t<a href=\"https:\/\/peitrade.com\/tr\/product\/patates\/\" class=\"woocommerce-LoopProduct-link woocommerce-loop-product__link\"><img decoding=\"async\" width=\"300\" height=\"300\" src=\"https:\/\/peitrade.com\/wp-content\/uploads\/2025\/11\/Egyptian-Potatoes-300x300.webp\" class=\"attachment-woocommerce_thumbnail size-woocommerce_thumbnail\" alt=\"Patates\" srcset=\"https:\/\/peitrade.com\/wp-content\/uploads\/2025\/11\/Egyptian-Potatoes-300x300.webp 300w, https:\/\/peitrade.com\/wp-content\/uploads\/2025\/11\/Egyptian-Potatoes-150x150.webp 150w, https:\/\/peitrade.com\/wp-content\/uploads\/2025\/11\/Egyptian-Potatoes-768x768.webp 768w, https:\/\/peitrade.com\/wp-content\/uploads\/2025\/11\/Egyptian-Potatoes-600x600.webp 600w, https:\/\/peitrade.com\/wp-content\/uploads\/2025\/11\/Egyptian-Potatoes-100x100.webp 100w, https:\/\/peitrade.com\/wp-content\/uploads\/2025\/11\/Egyptian-Potatoes.webp 1024w\" sizes=\"(max-width: 300px) 100vw, 300px\" title=\"\"><h2 class=\"woocommerce-loop-product__title\">Patates<\/h2>\n<\/a><a href=\"https:\/\/peitrade.com\/tr\/product\/patates\/\" aria-describedby=\"woocommerce_loop_add_to_cart_link_describedby_7776\" data-quantity=\"1\" class=\"button product_type_simple\" data-product_id=\"7776\" data-product_sku=\"70190\" aria-label=\"&ldquo;Patates&rdquo; hakk\u0131nda daha fazla bilgi edinin\" rel=\"nofollow\" data-success_message=\"\">Devam\u0131n\u0131 oku<\/a>\t<span id=\"woocommerce_loop_add_to_cart_link_describedby_7776\" class=\"screen-reader-text\">\n\t\t\t<\/span>\n<\/li>\n<li class=\"product type-product post-7376 status-publish instock product_cat-vegetables product_cat-in-season has-post-thumbnail shipping-taxable product-type-simple\">\n\t<a href=\"https:\/\/peitrade.com\/tr\/product\/sarimsak\/\" class=\"woocommerce-LoopProduct-link woocommerce-loop-product__link\"><img decoding=\"async\" width=\"300\" height=\"300\" src=\"https:\/\/peitrade.com\/wp-content\/uploads\/2025\/11\/Egyptian-Garlic-300x300.webp\" class=\"attachment-woocommerce_thumbnail size-woocommerce_thumbnail\" alt=\"Sar\u0131msak\" srcset=\"https:\/\/peitrade.com\/wp-content\/uploads\/2025\/11\/Egyptian-Garlic-300x300.webp 300w, https:\/\/peitrade.com\/wp-content\/uploads\/2025\/11\/Egyptian-Garlic-150x150.webp 150w, https:\/\/peitrade.com\/wp-content\/uploads\/2025\/11\/Egyptian-Garlic-768x768.webp 768w, https:\/\/peitrade.com\/wp-content\/uploads\/2025\/11\/Egyptian-Garlic-600x600.webp 600w, https:\/\/peitrade.com\/wp-content\/uploads\/2025\/11\/Egyptian-Garlic-100x100.webp 100w, https:\/\/peitrade.com\/wp-content\/uploads\/2025\/11\/Egyptian-Garlic.webp 1024w\" sizes=\"(max-width: 300px) 100vw, 300px\" title=\"\"><h2 class=\"woocommerce-loop-product__title\">Sar\u0131msak<\/h2>\n<\/a><a href=\"https:\/\/peitrade.com\/tr\/product\/sarimsak\/\" aria-describedby=\"woocommerce_loop_add_to_cart_link_describedby_7376\" data-quantity=\"1\" class=\"button product_type_simple\" data-product_id=\"7376\" data-product_sku=\"70320\" aria-label=\"&ldquo;Sar\u0131msak&rdquo; hakk\u0131nda daha fazla bilgi edinin\" rel=\"nofollow\" data-success_message=\"\">Devam\u0131n\u0131 oku<\/a>\t<span id=\"woocommerce_loop_add_to_cart_link_describedby_7376\" class=\"screen-reader-text\">\n\t\t\t<\/span>\n<\/li>\n<li class=\"product type-product post-7796 status-publish last instock product_cat-vegetables product_cat-in-season has-post-thumbnail shipping-taxable product-type-simple\">\n\t<a href=\"https:\/\/peitrade.com\/tr\/product\/tatli-patates\/\" class=\"woocommerce-LoopProduct-link woocommerce-loop-product__link\"><img decoding=\"async\" width=\"300\" height=\"300\" src=\"https:\/\/peitrade.com\/wp-content\/uploads\/2025\/11\/Egyptian-Sweet-Potatoes-300x300.webp\" class=\"attachment-woocommerce_thumbnail size-woocommerce_thumbnail\" alt=\"Egyptian Sweet Potatoes - PEI Trade\" srcset=\"https:\/\/peitrade.com\/wp-content\/uploads\/2025\/11\/Egyptian-Sweet-Potatoes-300x300.webp 300w, https:\/\/peitrade.com\/wp-content\/uploads\/2025\/11\/Egyptian-Sweet-Potatoes-150x150.webp 150w, https:\/\/peitrade.com\/wp-content\/uploads\/2025\/11\/Egyptian-Sweet-Potatoes-768x768.webp 768w, https:\/\/peitrade.com\/wp-content\/uploads\/2025\/11\/Egyptian-Sweet-Potatoes-600x600.webp 600w, https:\/\/peitrade.com\/wp-content\/uploads\/2025\/11\/Egyptian-Sweet-Potatoes-100x100.webp 100w, https:\/\/peitrade.com\/wp-content\/uploads\/2025\/11\/Egyptian-Sweet-Potatoes.webp 1024w\" sizes=\"(max-width: 300px) 100vw, 300px\" title=\"\"><h2 class=\"woocommerce-loop-product__title\">Tatl\u0131 patates<\/h2>\n<\/a><a href=\"https:\/\/peitrade.com\/tr\/product\/tatli-patates\/\" aria-describedby=\"woocommerce_loop_add_to_cart_link_describedby_7796\" data-quantity=\"1\" class=\"button product_type_simple\" data-product_id=\"7796\" data-product_sku=\"71420\" aria-label=\"&ldquo;Tatl\u0131 patates&rdquo; hakk\u0131nda daha fazla bilgi edinin\" rel=\"nofollow\" data-success_message=\"\">Devam\u0131n\u0131 oku<\/a>\t<span id=\"woocommerce_loop_add_to_cart_link_describedby_7796\" class=\"screen-reader-text\">\n\t\t\t<\/span>\n<\/li>\n<\/ul>\n<\/div><\/div>\n<\/div>\n<\/section>\n<section style=\"padding: 50px 20px; background-color: #f9f9f9;\">\n<div class=\"container\">\n<h2>S\u0131k\u00e7a Sorulan Sorular<\/h2>\n<div>\n<h3>PEI Trade hangi tatl\u0131 patates \u00e7e\u015fitlerini ihra\u00e7 ediyor?<\/h3>\n<p>Y\u00fcksek ihracat potansiyeli ve \u00e7ok y\u00f6nl\u00fcl\u00fc\u011f\u00fcyle bilinen M\u0131s\u0131r Beauregard ve Bellevue \u00e7e\u015fitlerini sunuyoruz.<\/p>\n<h3>M\u0131s\u0131r\u2019da tatl\u0131 patates hasat sezonu ne zaman?<\/h3>\n<p>Hasat sezonu a\u011fustos-kas\u0131m aylar\u0131 aras\u0131ndad\u0131r. So\u011futma sayesinde \u015fubat ay\u0131na kadar tedarik sa\u011flanabilir.<\/p>\n<h3>Hangi ambalaj se\u00e7enekleri mevcut?<\/h3>\n<p>5 kg, 10 kg ve 25 kg file veya karton kutular sunuyoruz. Talep edilirse \u00f6zel markalama yap\u0131labilir.<\/p>\n<h3>PEI Trade sevkiyat s\u0131ras\u0131nda kaliteyi nas\u0131l garanti ediyor?<\/h3>\n<p>So\u011futma, hijyenik elle\u00e7leme ve so\u011futmal\u0131 konteynerler kullan\u0131larak tazelik korunur.<\/p>\n<h3>Gelecek sezon i\u00e7in \u00f6n sipari\u015f verebilir miyim?<\/h3>\n<p>Evet, \u015fu anda 2025 May\u0131s sevkiyatl\u0131 M\u0131s\u0131r tatl\u0131 patatesleri i\u00e7in \u00f6n sipari\u015f al\u0131yoruz.<\/p>\n<\/div>\n<\/div>\n<\/section>\n","protected":false},"excerpt":{"rendered":"<p>Y\u00fcksek Kaliteli M\u0131s\u0131r Tatl\u0131 Patatesi \u2013 PEI Trade&#8217;den Premium \u0130hracat PEI Trade, Nil Deltas\u0131 ve Yukar\u0131 M\u0131s\u0131r\u2019\u0131n ideal ko\u015fullar\u0131nda yeti\u015ftirilen y\u00fcksek kaliteli M\u0131s\u0131r tatl\u0131 patateslerini gururla ihra\u00e7 eder. Kumlu topraklar ve istikrarl\u0131 s\u0131cakl\u0131klar sayesinde, bu \u00fcr\u00fcnler uluslararas\u0131 pazarlara uygun m\u00fckemmel kalite, renk ve dokuya ula\u015f\u0131r. M\u0131s\u0131r tatl\u0131 patatesleri, canl\u0131 turuncu eti, p\u00fcr\u00fczs\u00fcz kabu\u011fu ve uzun [&hellip;]<\/p>\n","protected":false},"author":1,"featured_media":0,"parent":0,"menu_order":0,"comment_status":"closed","ping_status":"closed","template":"","meta":{"footnotes":""},"class_list":["post-5590","page","type-page","status-publish","hentry"],"blocksy_meta":[],"mb":[],"featured_image_urls_v2":{"full":"","thumbnail":"","medium":"","medium_large":"","large":"","1536x1536":"","2048x2048":"","woocommerce_archive_thumbnail":"","woocommerce_thumbnail":"","woocommerce_single":"","woocommerce_gallery_thumbnail":""},"post_excerpt_stackable_v2":"<p>Y\u00fcksek Kaliteli M\u0131s\u0131r Tatl\u0131 Patatesi \u2013 PEI Trade&#8217;den Premium \u0130hracat PEI Trade, Nil Deltas\u0131 ve Yukar\u0131 M\u0131s\u0131r\u2019\u0131n ideal ko\u015fullar\u0131nda yeti\u015ftirilen y\u00fcksek kaliteli M\u0131s\u0131r tatl\u0131 patateslerini gururla ihra\u00e7 eder. Kumlu topraklar ve istikrarl\u0131 s\u0131cakl\u0131klar sayesinde, bu \u00fcr\u00fcnler uluslararas\u0131 pazarlara uygun m\u00fckemmel kalite, renk ve dokuya ula\u015f\u0131r. M\u0131s\u0131r tatl\u0131 patatesleri, canl\u0131 turuncu eti, p\u00fcr\u00fczs\u00fcz kabu\u011fu ve uzun raf \u00f6mr\u00fcyle tan\u0131n\u0131r. Bu \u00f6zellikler, onlar\u0131 Avrupa, Asya ve K\u00f6rfez \u00fclkelerindeki ithalat\u00e7\u0131lar, perakendeciler ve g\u0131da \u00fcreticileri i\u00e7in tercih edilen bir se\u00e7enek haline getirir. PEI Trade ile m\u00fc\u015fteriler her sevkiyatta g\u00fcvenilir kalite ve izlenebilirlik elde eder. Kuru beyaz fasulye Devam\u0131n\u0131 oku Patates Devam\u0131n\u0131 oku So\u011fan Devam\u0131n\u0131&hellip;<\/p>\n","category_list_v2":"","author_info_v2":{"name":"Mostafa Sabry","url":"https:\/\/peitrade.com\/tr\/author\/emostafaadel_jn8gcqbo\/"},"comments_num_v2":"0 comments","mfb_rest_fields":["title","blocksy_meta","featured_image_urls_v2","post_excerpt_stackable_v2","category_list_v2","author_info_v2","comments_num_v2"],"_links":{"self":[{"href":"https:\/\/peitrade.com\/tr\/wp-json\/wp\/v2\/pages\/5590","targetHints":{"allow":["GET"]}}],"collection":[{"href":"https:\/\/peitrade.com\/tr\/wp-json\/wp\/v2\/pages"}],"about":[{"href":"https:\/\/peitrade.com\/tr\/wp-json\/wp\/v2\/types\/page"}],"author":[{"embeddable":true,"href":"https:\/\/peitrade.com\/tr\/wp-json\/wp\/v2\/users\/1"}],"replies":[{"embeddable":true,"href":"https:\/\/peitrade.com\/tr\/wp-json\/wp\/v2\/comments?post=5590"}],"version-history":[{"count":1,"href":"https:\/\/peitrade.com\/tr\/wp-json\/wp\/v2\/pages\/5590\/revisions"}],"predecessor-version":[{"id":5591,"href":"https:\/\/peitrade.com\/tr\/wp-json\/wp\/v2\/pages\/5590\/revisions\/5591"}],"wp:attachment":[{"href":"https:\/\/peitrade.com\/tr\/wp-json\/wp\/v2\/media?parent=5590"}],"curies":[{"name":"wp","href":"https:\/\/api.w.org\/{rel}","templated":true}]}}