{"id":5638,"date":"2025-05-16T13:44:51","date_gmt":"2025-05-16T13:44:51","guid":{"rendered":"http:\/\/46.224.74.15\/green-bean-exporters-egypt-5\/"},"modified":"2025-11-19T16:45:23","modified_gmt":"2025-11-19T16:45:23","slug":"green-bean-exporters-egypt-5","status":"publish","type":"page","link":"https:\/\/peitrade.com\/tr\/green-bean-exporters-egypt-5\/","title":{"rendered":"M\u0131s\u0131r&#8217;daki fasulye ihracat\u00e7\u0131lar\u0131 | PEI Trade"},"content":{"rendered":"<section style=\"padding: 60px 20px; background-color: #f9f9f9;\">\n<div class=\"container\">\n<h1>M\u0131s\u0131r&#8217;daki Fasulye \u0130hracat\u00e7\u0131lar\u0131 | Taze ve Sertifikal\u0131 \u00dcr\u00fcnler<\/h1>\n<p>PEI Trade, M\u0131s\u0131r&#8217;daki fasulye ihracat\u00e7\u0131lar\u0131 aras\u0131nda y\u00fcksek kalite, g\u00fcvenilir tedarik ve uluslararas\u0131 sertifikalarla \u00f6ne \u00e7\u0131kar. M\u0131s\u0131rl\u0131 \u00e7ift\u00e7ilerle do\u011frudan \u00e7al\u0131\u015fan firmam\u0131z, en kaliteli M\u0131s\u0131rl\u0131 taze fasulye \u00fcr\u00fcnlerini Avrupa, Orta Do\u011fu ve Asya pazarlar\u0131na ula\u015ft\u0131r\u0131r.<\/p>\n<p>Her bir fasulye partisi, GlobalG.A.P. ve ISO 22000 gibi uluslararas\u0131 kalite standartlar\u0131na uygun olarak \u00fcretilir ve izlenebilirlik belgeleri ile birlikte sevk edilir. PEI Trade, tarladan sofraya kadar olan t\u00fcm s\u00fcreci titizlikle y\u00f6neterek tazelik, g\u00fcvenlik ve g\u0131da hijyenini garanti alt\u0131na al\u0131r.<\/p>\n<p>M\u0131s\u0131r&#8217;dan taze fasulye ithalat\u0131 yapmak isteyen ithalat\u00e7\u0131lar i\u00e7in esnek paketleme se\u00e7enekleri, h\u0131zl\u0131 sevkiyat ve so\u011fuk zincir lojisti\u011fi sunuyoruz. PEI Trade, hem b\u00fcy\u00fck toptanc\u0131lar hem de zincir marketler i\u00e7in ideal bir \u00e7\u00f6z\u00fcm orta\u011f\u0131d\u0131r.<\/p>\n<\/div>\n<\/section>\n<div class=\"wp-block-woocommerce-product-collection\"><div class=\"woocommerce columns-4 \"><ul class=\"products columns-4\" data-products=\"type-2\">\n<li class=\"product type-product post-7360 status-publish first instock product_cat-vegetables has-post-thumbnail shipping-taxable product-type-simple\">\n\t<a href=\"https:\/\/peitrade.com\/tr\/product\/domates\/\" class=\"woocommerce-LoopProduct-link woocommerce-loop-product__link\"><img decoding=\"async\" width=\"300\" height=\"300\" src=\"https:\/\/peitrade.com\/wp-content\/uploads\/2025\/11\/Egyptian-Tomatoes-300x300.webp\" class=\"attachment-woocommerce_thumbnail size-woocommerce_thumbnail\" alt=\"Domates\" srcset=\"https:\/\/peitrade.com\/wp-content\/uploads\/2025\/11\/Egyptian-Tomatoes-300x300.webp 300w, https:\/\/peitrade.com\/wp-content\/uploads\/2025\/11\/Egyptian-Tomatoes-150x150.webp 150w, https:\/\/peitrade.com\/wp-content\/uploads\/2025\/11\/Egyptian-Tomatoes-768x768.webp 768w, https:\/\/peitrade.com\/wp-content\/uploads\/2025\/11\/Egyptian-Tomatoes-600x600.webp 600w, https:\/\/peitrade.com\/wp-content\/uploads\/2025\/11\/Egyptian-Tomatoes-100x100.webp 100w, https:\/\/peitrade.com\/wp-content\/uploads\/2025\/11\/Egyptian-Tomatoes.webp 1024w\" sizes=\"(max-width: 300px) 100vw, 300px\" title=\"\"><h2 class=\"woocommerce-loop-product__title\">Domates<\/h2>\n<\/a><a href=\"https:\/\/peitrade.com\/tr\/product\/domates\/\" aria-describedby=\"woocommerce_loop_add_to_cart_link_describedby_7360\" data-quantity=\"1\" class=\"button product_type_simple\" data-product_id=\"7360\" data-product_sku=\"70200\" aria-label=\"&ldquo;Domates&rdquo; hakk\u0131nda daha fazla bilgi edinin\" rel=\"nofollow\" data-success_message=\"\">Devam\u0131n\u0131 oku<\/a>\t<span id=\"woocommerce_loop_add_to_cart_link_describedby_7360\" class=\"screen-reader-text\">\n\t\t\t<\/span>\n<\/li>\n<li class=\"product type-product post-7719 status-publish instock product_cat-legumes product_cat-in-season has-post-thumbnail shipping-taxable product-type-simple\">\n\t<a href=\"https:\/\/peitrade.com\/tr\/product\/kuru-beyaz-fasulye\/\" class=\"woocommerce-LoopProduct-link woocommerce-loop-product__link\"><img decoding=\"async\" width=\"300\" height=\"300\" src=\"https:\/\/peitrade.com\/wp-content\/uploads\/2025\/11\/Egyptian-White-Beans-300x300.webp\" class=\"attachment-woocommerce_thumbnail size-woocommerce_thumbnail\" alt=\"Kuru beyaz fasulye\" srcset=\"https:\/\/peitrade.com\/wp-content\/uploads\/2025\/11\/Egyptian-White-Beans-300x300.webp 300w, https:\/\/peitrade.com\/wp-content\/uploads\/2025\/11\/Egyptian-White-Beans-150x150.webp 150w, https:\/\/peitrade.com\/wp-content\/uploads\/2025\/11\/Egyptian-White-Beans-768x768.webp 768w, https:\/\/peitrade.com\/wp-content\/uploads\/2025\/11\/Egyptian-White-Beans-600x600.webp 600w, https:\/\/peitrade.com\/wp-content\/uploads\/2025\/11\/Egyptian-White-Beans-100x100.webp 100w, https:\/\/peitrade.com\/wp-content\/uploads\/2025\/11\/Egyptian-White-Beans.webp 1024w\" sizes=\"(max-width: 300px) 100vw, 300px\" title=\"\"><h2 class=\"woocommerce-loop-product__title\">Kuru beyaz fasulye<\/h2>\n<\/a><a href=\"https:\/\/peitrade.com\/tr\/product\/kuru-beyaz-fasulye\/\" aria-describedby=\"woocommerce_loop_add_to_cart_link_describedby_7719\" data-quantity=\"1\" class=\"button product_type_simple\" data-product_id=\"7719\" data-product_sku=\"70820\" aria-label=\"&ldquo;Kuru beyaz fasulye&rdquo; hakk\u0131nda daha fazla bilgi edinin\" rel=\"nofollow\" data-success_message=\"\">Devam\u0131n\u0131 oku<\/a>\t<span id=\"woocommerce_loop_add_to_cart_link_describedby_7719\" class=\"screen-reader-text\">\n\t\t\t<\/span>\n<\/li>\n<li class=\"product type-product post-7776 status-publish instock product_cat-vegetables product_cat-in-season has-post-thumbnail shipping-taxable product-type-simple\">\n\t<a href=\"https:\/\/peitrade.com\/tr\/product\/patates\/\" class=\"woocommerce-LoopProduct-link woocommerce-loop-product__link\"><img decoding=\"async\" width=\"300\" height=\"300\" src=\"https:\/\/peitrade.com\/wp-content\/uploads\/2025\/11\/Egyptian-Potatoes-300x300.webp\" class=\"attachment-woocommerce_thumbnail size-woocommerce_thumbnail\" alt=\"Patates\" srcset=\"https:\/\/peitrade.com\/wp-content\/uploads\/2025\/11\/Egyptian-Potatoes-300x300.webp 300w, https:\/\/peitrade.com\/wp-content\/uploads\/2025\/11\/Egyptian-Potatoes-150x150.webp 150w, https:\/\/peitrade.com\/wp-content\/uploads\/2025\/11\/Egyptian-Potatoes-768x768.webp 768w, https:\/\/peitrade.com\/wp-content\/uploads\/2025\/11\/Egyptian-Potatoes-600x600.webp 600w, https:\/\/peitrade.com\/wp-content\/uploads\/2025\/11\/Egyptian-Potatoes-100x100.webp 100w, https:\/\/peitrade.com\/wp-content\/uploads\/2025\/11\/Egyptian-Potatoes.webp 1024w\" sizes=\"(max-width: 300px) 100vw, 300px\" title=\"\"><h2 class=\"woocommerce-loop-product__title\">Patates<\/h2>\n<\/a><a href=\"https:\/\/peitrade.com\/tr\/product\/patates\/\" aria-describedby=\"woocommerce_loop_add_to_cart_link_describedby_7776\" data-quantity=\"1\" class=\"button product_type_simple\" data-product_id=\"7776\" data-product_sku=\"70190\" aria-label=\"&ldquo;Patates&rdquo; hakk\u0131nda daha fazla bilgi edinin\" rel=\"nofollow\" data-success_message=\"\">Devam\u0131n\u0131 oku<\/a>\t<span id=\"woocommerce_loop_add_to_cart_link_describedby_7776\" class=\"screen-reader-text\">\n\t\t\t<\/span>\n<\/li>\n<li class=\"product type-product post-7540 status-publish last instock product_cat-vegetables product_cat-in-season has-post-thumbnail shipping-taxable product-type-simple\">\n\t<a href=\"https:\/\/peitrade.com\/tr\/product\/taze-fasulye\/\" class=\"woocommerce-LoopProduct-link woocommerce-loop-product__link\"><img decoding=\"async\" width=\"300\" height=\"300\" src=\"https:\/\/peitrade.com\/wp-content\/uploads\/2025\/11\/Egyptian-Green-Beans-300x300.webp\" class=\"attachment-woocommerce_thumbnail size-woocommerce_thumbnail\" alt=\"Taze fasulye\" srcset=\"https:\/\/peitrade.com\/wp-content\/uploads\/2025\/11\/Egyptian-Green-Beans-300x300.webp 300w, https:\/\/peitrade.com\/wp-content\/uploads\/2025\/11\/Egyptian-Green-Beans-150x150.webp 150w, https:\/\/peitrade.com\/wp-content\/uploads\/2025\/11\/Egyptian-Green-Beans-768x768.webp 768w, https:\/\/peitrade.com\/wp-content\/uploads\/2025\/11\/Egyptian-Green-Beans-600x600.webp 600w, https:\/\/peitrade.com\/wp-content\/uploads\/2025\/11\/Egyptian-Green-Beans-100x100.webp 100w, https:\/\/peitrade.com\/wp-content\/uploads\/2025\/11\/Egyptian-Green-Beans.webp 1024w\" sizes=\"(max-width: 300px) 100vw, 300px\" title=\"\"><h2 class=\"woocommerce-loop-product__title\">Taze fasulye<\/h2>\n<\/a><a href=\"https:\/\/peitrade.com\/tr\/product\/taze-fasulye\/\" aria-describedby=\"woocommerce_loop_add_to_cart_link_describedby_7540\" data-quantity=\"1\" class=\"button product_type_simple\" data-product_id=\"7540\" data-product_sku=\"70821\" aria-label=\"&ldquo;Taze fasulye&rdquo; hakk\u0131nda daha fazla bilgi edinin\" rel=\"nofollow\" data-success_message=\"\">Devam\u0131n\u0131 oku<\/a>\t<span id=\"woocommerce_loop_add_to_cart_link_describedby_7540\" class=\"screen-reader-text\">\n\t\t\t<\/span>\n<\/li>\n<\/ul>\n<\/div><\/div>\n<section style=\"padding: 50px 20px;\">\n<div class=\"container\">\n<h2>G\u00fcvenilir M\u0131s\u0131rl\u0131 Fasulye Tedarik\u00e7ileri<\/h2>\n<p>PEI Trade, sadece bir tedarik\u00e7i de\u011fil; ayn\u0131 zamanda ticari ve lojistik dan\u0131\u015fmanl\u0131k sa\u011flayan g\u00fc\u00e7l\u00fc bir ihracat\u00e7\u0131d\u0131r. M\u0131s\u0131r&#8217;daki fasulye ihracat\u00e7\u0131lar\u0131 aras\u0131nda \u00f6ne \u00e7\u0131kmam\u0131z\u0131n nedeni, her g\u00f6nderinin al\u0131c\u0131 \u00fclkenin t\u00fcm g\u0131da g\u00fcvenli\u011fi \u015fartlar\u0131na uygun olmas\u0131d\u0131r.<\/p>\n<ul>\n<li>\u00c7e\u015fitler: Paulista, Valentino, yerli \u00e7e\u015fitler<\/li>\n<li>Organik ve konvansiyonel \u00fcretim se\u00e7enekleri<\/li>\n<li>So\u011fuk zincir ile \u00fcr\u00fcn tazeli\u011fi korunur<\/li>\n<li>\u0130thalat\u00e7\u0131lara \u00f6zel etiketleme ve paketleme \u00e7\u00f6z\u00fcmleri<\/li>\n<\/ul>\n<p>M\u0131s\u0131r&#8217;dan ihra\u00e7 edilen fasulye \u00fcr\u00fcnlerimiz, elle se\u00e7ilmi\u015f, boyutlar\u0131na g\u00f6re s\u0131n\u0131fland\u0131r\u0131lm\u0131\u015f ve uygun ambalajlarla d\u00fcnya \u00e7ap\u0131nda m\u00fc\u015fterilerimize ula\u015fmaktad\u0131r.<\/p>\n<\/div>\n<\/section>\n<section style=\"padding: 50px 20px;\">\n<div class=\"container\">\n<h2>Organik M\u0131s\u0131rl\u0131 Fasulye \u0130hracat\u0131<\/h2>\n<p>Sa\u011fl\u0131kl\u0131 ve s\u00fcrd\u00fcr\u00fclebilir g\u0131dalara artan talep do\u011frultusunda, PEI Trade olarak M\u0131s\u0131rl\u0131 organik fasulye ihracat\u0131 konusunda g\u00fc\u00e7l\u00fc bir altyap\u0131 sunuyoruz. Organik \u00fcretim sertifikalar\u0131m\u0131z Avrupa Birli\u011fi ve Amerika pazar\u0131yla tam uyumludur.<\/p>\n<p>Kimyasal kullan\u0131lmadan yeti\u015ftirilen organik fasulyelerimiz, do\u011fall\u0131\u011f\u0131 ve besin de\u011ferini korur. Lezzet, g\u00f6r\u00fcn\u00fcm ve raf \u00f6mr\u00fc a\u00e7\u0131s\u0131ndan y\u00fcksek standartlara sahiptir.<\/p>\n<\/div>\n<\/section>\n<section style=\"padding: 50px 20px; background-color: #f0f0f0;\">\n<div class=\"container\">\n<h2>M\u0131s\u0131r\u2019daki Fasulye Sezonu: Do\u011fru Zamanlama ile Planlama<\/h2>\n<p><strong>M\u0131s\u0131r\u2019daki fasulye sezonu<\/strong> genellikle kas\u0131m ay\u0131ndan nisan ay\u0131na kadar s\u00fcrer. Bu d\u00f6nemde iklim ko\u015fullar\u0131 ve toprak yap\u0131s\u0131 fasulye \u00fcretimi i\u00e7in en uygun ortam\u0131 sa\u011flar.<\/p>\n<p>PEI Trade olarak sezon \u00f6ncesi s\u00f6zle\u015fmelerle hem \u00fcr\u00fcn kalitesini hem de fiyat istikrar\u0131n\u0131 garanti alt\u0131na al\u0131yoruz. Fasulye tedarik zincirimiz, al\u0131c\u0131ya ula\u015fana kadar tazelikten \u00f6d\u00fcn vermez.<\/p>\n<p style=\"text-align: center; margin-top: 40px;\"><a class=\"button primary large\" href=\"\/contact\">M\u0131s\u0131r\u2019daki fasulye ihracat\u00e7\u0131lar\u0131yla ileti\u015fime ge\u00e7in<\/a><\/p>\n<\/div>\n<\/section>\n<section style=\"padding: 50px 20px;\">\n<div class=\"container\">\n<h2>Di\u011fer M\u0131s\u0131rl\u0131 Sebze ve Meyve \u0130hracat\u00e7\u0131lar\u0131m\u0131z<\/h2>\n<p>PEI Trade, yaln\u0131zca fasulye de\u011fil; ayn\u0131 zamanda M\u0131s\u0131r\u2019daki meyve ve sebze ihracat\u00e7\u0131lar\u0131 aras\u0131nda da \u00f6nde gelen firmalardan biridir. Narenciye, mango, \u00fcz\u00fcm, domates ve di\u011fer taze \u00fcr\u00fcnlerde de y\u00fcksek hacimli sevkiyat kabiliyetimizle hizmet veriyoruz.<\/p>\n<p><a href=\"\/about\">Taze M\u0131s\u0131r \u00fcr\u00fcnleri ihracat\u0131nda neden PEI Trade?<\/a><\/p>\n<div class=\"wp-block-woocommerce-product-collection\"><div class=\"woocommerce columns-4 \"><ul class=\"products columns-4\" data-products=\"type-2\">\n<li class=\"product type-product post-7719 status-publish first instock product_cat-legumes product_cat-in-season has-post-thumbnail shipping-taxable product-type-simple\">\n\t<a href=\"https:\/\/peitrade.com\/tr\/product\/kuru-beyaz-fasulye\/\" class=\"woocommerce-LoopProduct-link woocommerce-loop-product__link\"><img decoding=\"async\" width=\"300\" height=\"300\" src=\"https:\/\/peitrade.com\/wp-content\/uploads\/2025\/11\/Egyptian-White-Beans-300x300.webp\" class=\"attachment-woocommerce_thumbnail size-woocommerce_thumbnail\" alt=\"Kuru beyaz fasulye\" srcset=\"https:\/\/peitrade.com\/wp-content\/uploads\/2025\/11\/Egyptian-White-Beans-300x300.webp 300w, https:\/\/peitrade.com\/wp-content\/uploads\/2025\/11\/Egyptian-White-Beans-150x150.webp 150w, https:\/\/peitrade.com\/wp-content\/uploads\/2025\/11\/Egyptian-White-Beans-768x768.webp 768w, https:\/\/peitrade.com\/wp-content\/uploads\/2025\/11\/Egyptian-White-Beans-600x600.webp 600w, https:\/\/peitrade.com\/wp-content\/uploads\/2025\/11\/Egyptian-White-Beans-100x100.webp 100w, https:\/\/peitrade.com\/wp-content\/uploads\/2025\/11\/Egyptian-White-Beans.webp 1024w\" sizes=\"(max-width: 300px) 100vw, 300px\" title=\"\"><h2 class=\"woocommerce-loop-product__title\">Kuru beyaz fasulye<\/h2>\n<\/a><a href=\"https:\/\/peitrade.com\/tr\/product\/kuru-beyaz-fasulye\/\" aria-describedby=\"woocommerce_loop_add_to_cart_link_describedby_7719\" data-quantity=\"1\" class=\"button product_type_simple\" data-product_id=\"7719\" data-product_sku=\"70820\" aria-label=\"&ldquo;Kuru beyaz fasulye&rdquo; hakk\u0131nda daha fazla bilgi edinin\" rel=\"nofollow\" data-success_message=\"\">Devam\u0131n\u0131 oku<\/a>\t<span id=\"woocommerce_loop_add_to_cart_link_describedby_7719\" class=\"screen-reader-text\">\n\t\t\t<\/span>\n<\/li>\n<li class=\"product type-product post-7776 status-publish instock product_cat-vegetables product_cat-in-season has-post-thumbnail shipping-taxable product-type-simple\">\n\t<a href=\"https:\/\/peitrade.com\/tr\/product\/patates\/\" class=\"woocommerce-LoopProduct-link woocommerce-loop-product__link\"><img decoding=\"async\" width=\"300\" height=\"300\" src=\"https:\/\/peitrade.com\/wp-content\/uploads\/2025\/11\/Egyptian-Potatoes-300x300.webp\" class=\"attachment-woocommerce_thumbnail size-woocommerce_thumbnail\" alt=\"Patates\" srcset=\"https:\/\/peitrade.com\/wp-content\/uploads\/2025\/11\/Egyptian-Potatoes-300x300.webp 300w, https:\/\/peitrade.com\/wp-content\/uploads\/2025\/11\/Egyptian-Potatoes-150x150.webp 150w, https:\/\/peitrade.com\/wp-content\/uploads\/2025\/11\/Egyptian-Potatoes-768x768.webp 768w, https:\/\/peitrade.com\/wp-content\/uploads\/2025\/11\/Egyptian-Potatoes-600x600.webp 600w, https:\/\/peitrade.com\/wp-content\/uploads\/2025\/11\/Egyptian-Potatoes-100x100.webp 100w, https:\/\/peitrade.com\/wp-content\/uploads\/2025\/11\/Egyptian-Potatoes.webp 1024w\" sizes=\"(max-width: 300px) 100vw, 300px\" title=\"\"><h2 class=\"woocommerce-loop-product__title\">Patates<\/h2>\n<\/a><a href=\"https:\/\/peitrade.com\/tr\/product\/patates\/\" aria-describedby=\"woocommerce_loop_add_to_cart_link_describedby_7776\" data-quantity=\"1\" class=\"button product_type_simple\" data-product_id=\"7776\" data-product_sku=\"70190\" aria-label=\"&ldquo;Patates&rdquo; hakk\u0131nda daha fazla bilgi edinin\" rel=\"nofollow\" data-success_message=\"\">Devam\u0131n\u0131 oku<\/a>\t<span id=\"woocommerce_loop_add_to_cart_link_describedby_7776\" class=\"screen-reader-text\">\n\t\t\t<\/span>\n<\/li>\n<li class=\"product type-product post-7484 status-publish instock product_cat-vegetables product_cat-in-season has-post-thumbnail shipping-taxable product-type-simple\">\n\t<a href=\"https:\/\/peitrade.com\/tr\/product\/sogan\/\" class=\"woocommerce-LoopProduct-link woocommerce-loop-product__link\"><img decoding=\"async\" width=\"300\" height=\"300\" src=\"https:\/\/peitrade.com\/wp-content\/uploads\/2025\/11\/Egyption-Onion-300x300.webp\" class=\"attachment-woocommerce_thumbnail size-woocommerce_thumbnail\" alt=\"Egyption Onion - PEI Trade\" srcset=\"https:\/\/peitrade.com\/wp-content\/uploads\/2025\/11\/Egyption-Onion-300x300.webp 300w, https:\/\/peitrade.com\/wp-content\/uploads\/2025\/11\/Egyption-Onion-150x150.webp 150w, https:\/\/peitrade.com\/wp-content\/uploads\/2025\/11\/Egyption-Onion-768x768.webp 768w, https:\/\/peitrade.com\/wp-content\/uploads\/2025\/11\/Egyption-Onion-600x600.webp 600w, https:\/\/peitrade.com\/wp-content\/uploads\/2025\/11\/Egyption-Onion-100x100.webp 100w, https:\/\/peitrade.com\/wp-content\/uploads\/2025\/11\/Egyption-Onion.webp 1024w\" sizes=\"(max-width: 300px) 100vw, 300px\" title=\"\"><h2 class=\"woocommerce-loop-product__title\">So\u011fan<\/h2>\n<\/a><a href=\"https:\/\/peitrade.com\/tr\/product\/sogan\/\" aria-describedby=\"woocommerce_loop_add_to_cart_link_describedby_7484\" data-quantity=\"1\" class=\"button product_type_simple\" data-product_id=\"7484\" data-product_sku=\"70310\" aria-label=\"&ldquo;So\u011fan&rdquo; hakk\u0131nda daha fazla bilgi edinin\" rel=\"nofollow\" data-success_message=\"\">Devam\u0131n\u0131 oku<\/a>\t<span id=\"woocommerce_loop_add_to_cart_link_describedby_7484\" class=\"screen-reader-text\">\n\t\t\t<\/span>\n<\/li>\n<li class=\"product type-product post-7540 status-publish last instock product_cat-vegetables product_cat-in-season has-post-thumbnail shipping-taxable product-type-simple\">\n\t<a href=\"https:\/\/peitrade.com\/tr\/product\/taze-fasulye\/\" class=\"woocommerce-LoopProduct-link woocommerce-loop-product__link\"><img decoding=\"async\" width=\"300\" height=\"300\" src=\"https:\/\/peitrade.com\/wp-content\/uploads\/2025\/11\/Egyptian-Green-Beans-300x300.webp\" class=\"attachment-woocommerce_thumbnail size-woocommerce_thumbnail\" alt=\"Taze fasulye\" srcset=\"https:\/\/peitrade.com\/wp-content\/uploads\/2025\/11\/Egyptian-Green-Beans-300x300.webp 300w, https:\/\/peitrade.com\/wp-content\/uploads\/2025\/11\/Egyptian-Green-Beans-150x150.webp 150w, https:\/\/peitrade.com\/wp-content\/uploads\/2025\/11\/Egyptian-Green-Beans-768x768.webp 768w, https:\/\/peitrade.com\/wp-content\/uploads\/2025\/11\/Egyptian-Green-Beans-600x600.webp 600w, https:\/\/peitrade.com\/wp-content\/uploads\/2025\/11\/Egyptian-Green-Beans-100x100.webp 100w, https:\/\/peitrade.com\/wp-content\/uploads\/2025\/11\/Egyptian-Green-Beans.webp 1024w\" sizes=\"(max-width: 300px) 100vw, 300px\" title=\"\"><h2 class=\"woocommerce-loop-product__title\">Taze fasulye<\/h2>\n<\/a><a href=\"https:\/\/peitrade.com\/tr\/product\/taze-fasulye\/\" aria-describedby=\"woocommerce_loop_add_to_cart_link_describedby_7540\" data-quantity=\"1\" class=\"button product_type_simple\" data-product_id=\"7540\" data-product_sku=\"70821\" aria-label=\"&ldquo;Taze fasulye&rdquo; hakk\u0131nda daha fazla bilgi edinin\" rel=\"nofollow\" data-success_message=\"\">Devam\u0131n\u0131 oku<\/a>\t<span id=\"woocommerce_loop_add_to_cart_link_describedby_7540\" class=\"screen-reader-text\">\n\t\t\t<\/span>\n<\/li>\n<\/ul>\n<\/div><\/div>\n<\/div>\n<\/section>\n<section style=\"padding: 50px 20px; background-color: #f9f9f9;\">\n<div class=\"container\">\n<h2>S\u0131k\u00e7a Sorulan Sorular<\/h2>\n<div>\n<h3>Hangi fasulye \u00e7e\u015fitlerini ihra\u00e7 ediyorsunuz?<\/h3>\n<p>Paulista, Valentino gibi ihracata uygun \u00e7e\u015fitlerin yan\u0131 s\u0131ra talebe ba\u011fl\u0131 olarak \u00f6zel t\u00fcrler de sunabiliyoruz.<\/p>\n<\/div>\n<div>\n<h3>M\u0131s\u0131r&#8217;dan taze fasulye ithalat\u0131 i\u00e7in en uygun d\u00f6nem nedir?<\/h3>\n<p>Kas\u0131m-Nisan aylar\u0131 aras\u0131ndaki d\u00f6nem en uygun sezon olup \u00fcr\u00fcnlerimiz bu zamanlarda maksimum tazelikte ihracata sunulur.<\/p>\n<\/div>\n<div>\n<h3>Organik sertifikal\u0131 fasulye ihracat\u0131 yap\u0131yor musunuz?<\/h3>\n<p>Evet. AB ve ABD organik standartlar\u0131na uygun sertifikalar\u0131m\u0131z mevcuttur. Organik fasulye \u00fcr\u00fcnlerimiz tamamen izlenebilir \u015fekilde tedarik edilir.<\/p>\n<\/div>\n<\/div>\n<\/section>\n","protected":false},"excerpt":{"rendered":"<p>M\u0131s\u0131r&#8217;daki Fasulye \u0130hracat\u00e7\u0131lar\u0131 | Taze ve Sertifikal\u0131 \u00dcr\u00fcnler PEI Trade, M\u0131s\u0131r&#8217;daki fasulye ihracat\u00e7\u0131lar\u0131 aras\u0131nda y\u00fcksek kalite, g\u00fcvenilir tedarik ve uluslararas\u0131 sertifikalarla \u00f6ne \u00e7\u0131kar. M\u0131s\u0131rl\u0131 \u00e7ift\u00e7ilerle do\u011frudan \u00e7al\u0131\u015fan firmam\u0131z, en kaliteli M\u0131s\u0131rl\u0131 taze fasulye \u00fcr\u00fcnlerini Avrupa, Orta Do\u011fu ve Asya pazarlar\u0131na ula\u015ft\u0131r\u0131r. Her bir fasulye partisi, GlobalG.A.P. ve ISO 22000 gibi uluslararas\u0131 kalite standartlar\u0131na uygun olarak [&hellip;]<\/p>\n","protected":false},"author":1,"featured_media":0,"parent":0,"menu_order":0,"comment_status":"closed","ping_status":"closed","template":"","meta":{"footnotes":""},"class_list":["post-5638","page","type-page","status-publish","hentry"],"blocksy_meta":[],"mb":[],"featured_image_urls_v2":{"full":"","thumbnail":"","medium":"","medium_large":"","large":"","1536x1536":"","2048x2048":"","woocommerce_archive_thumbnail":"","woocommerce_thumbnail":"","woocommerce_single":"","woocommerce_gallery_thumbnail":""},"post_excerpt_stackable_v2":"<p>M\u0131s\u0131r&#8217;daki Fasulye \u0130hracat\u00e7\u0131lar\u0131 | Taze ve Sertifikal\u0131 \u00dcr\u00fcnler PEI Trade, M\u0131s\u0131r&#8217;daki fasulye ihracat\u00e7\u0131lar\u0131 aras\u0131nda y\u00fcksek kalite, g\u00fcvenilir tedarik ve uluslararas\u0131 sertifikalarla \u00f6ne \u00e7\u0131kar. M\u0131s\u0131rl\u0131 \u00e7ift\u00e7ilerle do\u011frudan \u00e7al\u0131\u015fan firmam\u0131z, en kaliteli M\u0131s\u0131rl\u0131 taze fasulye \u00fcr\u00fcnlerini Avrupa, Orta Do\u011fu ve Asya pazarlar\u0131na ula\u015ft\u0131r\u0131r. Her bir fasulye partisi, GlobalG.A.P. ve ISO 22000 gibi uluslararas\u0131 kalite standartlar\u0131na uygun olarak \u00fcretilir ve izlenebilirlik belgeleri ile birlikte sevk edilir. PEI Trade, tarladan sofraya kadar olan t\u00fcm s\u00fcreci titizlikle y\u00f6neterek tazelik, g\u00fcvenlik ve g\u0131da hijyenini garanti alt\u0131na al\u0131r. M\u0131s\u0131r&#8217;dan taze fasulye ithalat\u0131 yapmak isteyen ithalat\u00e7\u0131lar i\u00e7in esnek paketleme se\u00e7enekleri, h\u0131zl\u0131 sevkiyat ve so\u011fuk zincir lojisti\u011fi sunuyoruz. PEI&hellip;<\/p>\n","category_list_v2":"","author_info_v2":{"name":"Mostafa Sabry","url":"https:\/\/peitrade.com\/tr\/author\/emostafaadel_jn8gcqbo\/"},"comments_num_v2":"0 comments","mfb_rest_fields":["title","blocksy_meta","featured_image_urls_v2","post_excerpt_stackable_v2","category_list_v2","author_info_v2","comments_num_v2"],"_links":{"self":[{"href":"https:\/\/peitrade.com\/tr\/wp-json\/wp\/v2\/pages\/5638","targetHints":{"allow":["GET"]}}],"collection":[{"href":"https:\/\/peitrade.com\/tr\/wp-json\/wp\/v2\/pages"}],"about":[{"href":"https:\/\/peitrade.com\/tr\/wp-json\/wp\/v2\/types\/page"}],"author":[{"embeddable":true,"href":"https:\/\/peitrade.com\/tr\/wp-json\/wp\/v2\/users\/1"}],"replies":[{"embeddable":true,"href":"https:\/\/peitrade.com\/tr\/wp-json\/wp\/v2\/comments?post=5638"}],"version-history":[{"count":1,"href":"https:\/\/peitrade.com\/tr\/wp-json\/wp\/v2\/pages\/5638\/revisions"}],"predecessor-version":[{"id":5639,"href":"https:\/\/peitrade.com\/tr\/wp-json\/wp\/v2\/pages\/5638\/revisions\/5639"}],"wp:attachment":[{"href":"https:\/\/peitrade.com\/tr\/wp-json\/wp\/v2\/media?parent=5638"}],"curies":[{"name":"wp","href":"https:\/\/api.w.org\/{rel}","templated":true}]}}