{"id":5650,"date":"2025-05-19T07:34:40","date_gmt":"2025-05-19T07:34:40","guid":{"rendered":"http:\/\/46.224.74.15\/misirin-domates-ihracat-sirketi-pei-trade\/"},"modified":"2025-11-19T16:45:26","modified_gmt":"2025-11-19T16:45:26","slug":"misirin-domates-ihracat-sirketi-pei-trade","status":"publish","type":"page","link":"https:\/\/peitrade.com\/tr\/misirin-domates-ihracat-sirketi-pei-trade\/","title":{"rendered":"M\u0131s\u0131r\u2019\u0131n G\u00fcvenilir Domates \u0130hracat \u015eirketi \u2013 PEI Trade"},"content":{"rendered":"<section style=\"padding: 60px 20px; background-color: #f9f9f9;\" data-darkreader-inline-bgcolor=\"\">\n<div class=\"container\">\n<h1>M\u0131s\u0131r\u2019\u0131n G\u00fcvenilir Domates \u0130hracat \u015eirketi \u2013 PEI Trade<\/h1>\n<p>&nbsp;<\/p>\n<p>PEI Trade, y\u00fcksek kaliteli taze domatesleri tutarl\u0131 bir \u015fekilde k\u00fcresel pazarlara ula\u015ft\u0131ran g\u00fcvenilir bir M\u0131s\u0131r domates ihracat \u015firketi olarak \u00f6ne \u00e7\u0131kmaktad\u0131r. Tar\u0131msal ihracat konusundaki derin uzmanl\u0131\u011f\u0131 ve g\u00fc\u00e7l\u00fc lojistik altyap\u0131s\u0131yla, Avrupa, K\u00f6rfez, Asya ve Kuzey Afrika&#8217;daki m\u00fc\u015fterilere g\u00fcvenilir domates sevkiyatlar\u0131 sunuyoruz.<\/p>\n<p>\u00d6zellikle Nil Deltas\u0131 ve Yukar\u0131 M\u0131s\u0131r\u2019daki verimli tar\u0131m b\u00f6lgelerinde faaliyet g\u00f6stererek, toptan sat\u0131\u015f, perakende ve end\u00fcstriyel i\u015fleme sekt\u00f6rlerinin taleplerine uygun, sezon boyunca istikrarl\u0131 bir \u015fekilde kaliteli M\u0131s\u0131r domatesi tedariki sa\u011fl\u0131yoruz.<\/p>\n<\/div>\n<\/section>\n<div class=\"wp-block-woocommerce-product-collection\"><div class=\"woocommerce columns-4 \"><ul class=\"products columns-4\" data-products=\"type-2\">\n<li class=\"product type-product post-7360 status-publish first instock product_cat-vegetables has-post-thumbnail shipping-taxable product-type-simple\">\n\t<a href=\"https:\/\/peitrade.com\/tr\/product\/domates\/\" class=\"woocommerce-LoopProduct-link woocommerce-loop-product__link\"><img decoding=\"async\" width=\"300\" height=\"300\" src=\"https:\/\/peitrade.com\/wp-content\/uploads\/2025\/11\/Egyptian-Tomatoes-300x300.webp\" class=\"attachment-woocommerce_thumbnail size-woocommerce_thumbnail\" alt=\"Domates\" srcset=\"https:\/\/peitrade.com\/wp-content\/uploads\/2025\/11\/Egyptian-Tomatoes-300x300.webp 300w, https:\/\/peitrade.com\/wp-content\/uploads\/2025\/11\/Egyptian-Tomatoes-150x150.webp 150w, https:\/\/peitrade.com\/wp-content\/uploads\/2025\/11\/Egyptian-Tomatoes-768x768.webp 768w, https:\/\/peitrade.com\/wp-content\/uploads\/2025\/11\/Egyptian-Tomatoes-600x600.webp 600w, https:\/\/peitrade.com\/wp-content\/uploads\/2025\/11\/Egyptian-Tomatoes-100x100.webp 100w, https:\/\/peitrade.com\/wp-content\/uploads\/2025\/11\/Egyptian-Tomatoes.webp 1024w\" sizes=\"(max-width: 300px) 100vw, 300px\" title=\"\"><h2 class=\"woocommerce-loop-product__title\">Domates<\/h2>\n<\/a><a href=\"https:\/\/peitrade.com\/tr\/product\/domates\/\" aria-describedby=\"woocommerce_loop_add_to_cart_link_describedby_7360\" data-quantity=\"1\" class=\"button product_type_simple\" data-product_id=\"7360\" data-product_sku=\"70200\" aria-label=\"&ldquo;Domates&rdquo; hakk\u0131nda daha fazla bilgi edinin\" rel=\"nofollow\" data-success_message=\"\">Devam\u0131n\u0131 oku<\/a>\t<span id=\"woocommerce_loop_add_to_cart_link_describedby_7360\" class=\"screen-reader-text\">\n\t\t\t<\/span>\n<\/li>\n<li class=\"product type-product post-7719 status-publish instock product_cat-legumes product_cat-in-season has-post-thumbnail shipping-taxable product-type-simple\">\n\t<a href=\"https:\/\/peitrade.com\/tr\/product\/kuru-beyaz-fasulye\/\" class=\"woocommerce-LoopProduct-link woocommerce-loop-product__link\"><img decoding=\"async\" width=\"300\" height=\"300\" src=\"https:\/\/peitrade.com\/wp-content\/uploads\/2025\/11\/Egyptian-White-Beans-300x300.webp\" class=\"attachment-woocommerce_thumbnail size-woocommerce_thumbnail\" alt=\"Kuru beyaz fasulye\" srcset=\"https:\/\/peitrade.com\/wp-content\/uploads\/2025\/11\/Egyptian-White-Beans-300x300.webp 300w, https:\/\/peitrade.com\/wp-content\/uploads\/2025\/11\/Egyptian-White-Beans-150x150.webp 150w, https:\/\/peitrade.com\/wp-content\/uploads\/2025\/11\/Egyptian-White-Beans-768x768.webp 768w, https:\/\/peitrade.com\/wp-content\/uploads\/2025\/11\/Egyptian-White-Beans-600x600.webp 600w, https:\/\/peitrade.com\/wp-content\/uploads\/2025\/11\/Egyptian-White-Beans-100x100.webp 100w, https:\/\/peitrade.com\/wp-content\/uploads\/2025\/11\/Egyptian-White-Beans.webp 1024w\" sizes=\"(max-width: 300px) 100vw, 300px\" title=\"\"><h2 class=\"woocommerce-loop-product__title\">Kuru beyaz fasulye<\/h2>\n<\/a><a href=\"https:\/\/peitrade.com\/tr\/product\/kuru-beyaz-fasulye\/\" aria-describedby=\"woocommerce_loop_add_to_cart_link_describedby_7719\" data-quantity=\"1\" class=\"button product_type_simple\" data-product_id=\"7719\" data-product_sku=\"70820\" aria-label=\"&ldquo;Kuru beyaz fasulye&rdquo; hakk\u0131nda daha fazla bilgi edinin\" rel=\"nofollow\" data-success_message=\"\">Devam\u0131n\u0131 oku<\/a>\t<span id=\"woocommerce_loop_add_to_cart_link_describedby_7719\" class=\"screen-reader-text\">\n\t\t\t<\/span>\n<\/li>\n<li class=\"product type-product post-7376 status-publish instock product_cat-vegetables product_cat-in-season has-post-thumbnail shipping-taxable product-type-simple\">\n\t<a href=\"https:\/\/peitrade.com\/tr\/product\/sarimsak\/\" class=\"woocommerce-LoopProduct-link woocommerce-loop-product__link\"><img decoding=\"async\" width=\"300\" height=\"300\" src=\"https:\/\/peitrade.com\/wp-content\/uploads\/2025\/11\/Egyptian-Garlic-300x300.webp\" class=\"attachment-woocommerce_thumbnail size-woocommerce_thumbnail\" alt=\"Sar\u0131msak\" srcset=\"https:\/\/peitrade.com\/wp-content\/uploads\/2025\/11\/Egyptian-Garlic-300x300.webp 300w, https:\/\/peitrade.com\/wp-content\/uploads\/2025\/11\/Egyptian-Garlic-150x150.webp 150w, https:\/\/peitrade.com\/wp-content\/uploads\/2025\/11\/Egyptian-Garlic-768x768.webp 768w, https:\/\/peitrade.com\/wp-content\/uploads\/2025\/11\/Egyptian-Garlic-600x600.webp 600w, https:\/\/peitrade.com\/wp-content\/uploads\/2025\/11\/Egyptian-Garlic-100x100.webp 100w, https:\/\/peitrade.com\/wp-content\/uploads\/2025\/11\/Egyptian-Garlic.webp 1024w\" sizes=\"(max-width: 300px) 100vw, 300px\" title=\"\"><h2 class=\"woocommerce-loop-product__title\">Sar\u0131msak<\/h2>\n<\/a><a href=\"https:\/\/peitrade.com\/tr\/product\/sarimsak\/\" aria-describedby=\"woocommerce_loop_add_to_cart_link_describedby_7376\" data-quantity=\"1\" class=\"button product_type_simple\" data-product_id=\"7376\" data-product_sku=\"70320\" aria-label=\"&ldquo;Sar\u0131msak&rdquo; hakk\u0131nda daha fazla bilgi edinin\" rel=\"nofollow\" data-success_message=\"\">Devam\u0131n\u0131 oku<\/a>\t<span id=\"woocommerce_loop_add_to_cart_link_describedby_7376\" class=\"screen-reader-text\">\n\t\t\t<\/span>\n<\/li>\n<li class=\"product type-product post-7796 status-publish last instock product_cat-vegetables product_cat-in-season has-post-thumbnail shipping-taxable product-type-simple\">\n\t<a href=\"https:\/\/peitrade.com\/tr\/product\/tatli-patates\/\" class=\"woocommerce-LoopProduct-link woocommerce-loop-product__link\"><img decoding=\"async\" width=\"300\" height=\"300\" src=\"https:\/\/peitrade.com\/wp-content\/uploads\/2025\/11\/Egyptian-Sweet-Potatoes-300x300.webp\" class=\"attachment-woocommerce_thumbnail size-woocommerce_thumbnail\" alt=\"Egyptian Sweet Potatoes - PEI Trade\" srcset=\"https:\/\/peitrade.com\/wp-content\/uploads\/2025\/11\/Egyptian-Sweet-Potatoes-300x300.webp 300w, https:\/\/peitrade.com\/wp-content\/uploads\/2025\/11\/Egyptian-Sweet-Potatoes-150x150.webp 150w, https:\/\/peitrade.com\/wp-content\/uploads\/2025\/11\/Egyptian-Sweet-Potatoes-768x768.webp 768w, https:\/\/peitrade.com\/wp-content\/uploads\/2025\/11\/Egyptian-Sweet-Potatoes-600x600.webp 600w, https:\/\/peitrade.com\/wp-content\/uploads\/2025\/11\/Egyptian-Sweet-Potatoes-100x100.webp 100w, https:\/\/peitrade.com\/wp-content\/uploads\/2025\/11\/Egyptian-Sweet-Potatoes.webp 1024w\" sizes=\"(max-width: 300px) 100vw, 300px\" title=\"\"><h2 class=\"woocommerce-loop-product__title\">Tatl\u0131 patates<\/h2>\n<\/a><a href=\"https:\/\/peitrade.com\/tr\/product\/tatli-patates\/\" aria-describedby=\"woocommerce_loop_add_to_cart_link_describedby_7796\" data-quantity=\"1\" class=\"button product_type_simple\" data-product_id=\"7796\" data-product_sku=\"71420\" aria-label=\"&ldquo;Tatl\u0131 patates&rdquo; hakk\u0131nda daha fazla bilgi edinin\" rel=\"nofollow\" data-success_message=\"\">Devam\u0131n\u0131 oku<\/a>\t<span id=\"woocommerce_loop_add_to_cart_link_describedby_7796\" class=\"screen-reader-text\">\n\t\t\t<\/span>\n<\/li>\n<\/ul>\n<\/div><\/div>\n<section style=\"padding: 50px 20px;\">\n<h2>PEI Trade Neden M\u0131s\u0131r\u2019da Tercih Edilen Bir Domates \u0130hracat \u015eirketidir?<\/h2>\n<p>PEI Trade olarak, \u00fcr\u00fcn kalitesini operasyonel d\u00fcr\u00fcstl\u00fckle birle\u015ftiriyoruz. M\u00fc\u015fterilerimiz bize yaln\u0131zca kaliteli \u00fcr\u00fcnler i\u00e7in de\u011fil, ayn\u0131 zamanda sorunsuz ve yasalara uygun ihracat s\u00fcre\u00e7leri i\u00e7in de g\u00fcveniyor. Temel avantajlar\u0131m\u0131z \u015funlard\u0131r:<\/p>\n<ul>\n<li>Paketleme tesislerimiz <strong>Global GAP, ISO 22000 ve HACCP<\/strong> sertifikalar\u0131na sahiptir<\/li>\n<li>Hasattan sevkiyata kadar s\u0131cakl\u0131k kontroll\u00fc so\u011fuk zincir<\/li>\n<li>\u0130hracat belgeleri, liman i\u015flemleri ve g\u00fcmr\u00fck i\u015flemleri i\u00e7in deneyimli lojistik ekibi<\/li>\n<li>Hedef \u00fclke gereksinimlerine g\u00f6re \u00f6zelle\u015ftirilmi\u015f ambalaj ve etiketleme<\/li>\n<li>Tam \u00fcr\u00fcn izlenebilirli\u011fi ve talep \u00fczerine ba\u011f\u0131ms\u0131z laboratuvar testleri<\/li>\n<\/ul>\n<p>\u00dcr\u00fcnlerimiz uluslararas\u0131 piyasa standartlar\u0131na uygundur ve Avrupa, K\u00f6rfez \u00dclkeleri ve Asya\u2019n\u0131n ithalat d\u00fczenlemelerine g\u00f6re sevk edilir.<\/p>\n<h2>PEI Trade Taraf\u0131ndan \u0130hra\u00e7 Edilen Taze Domates \u00c7e\u015fitleri<\/h2>\n<p><strong>M\u0131s\u0131r&#8217;dan taze domates<\/strong> konusunda geni\u015f bir \u00fcr\u00fcn yelpazesine sahibiz. Her biri kullan\u0131m amac\u0131na g\u00f6re \u00f6zenle s\u0131n\u0131fland\u0131r\u0131l\u0131r ve ambalajlan\u0131r. \u00dcr\u00fcn yelpazemiz \u015funlar\u0131 i\u00e7erir:<\/p>\n<ul>\n<li><strong>Yuvarlak domatesler:<\/strong> Boyutlar\u0131 standart, g\u0131da hizmetleri ve perakende i\u00e7in ideal<\/li>\n<li><strong>M\u0131s\u0131rl\u0131 cherry domatesler:<\/strong> Do\u011fal olarak tatl\u0131, paketleme ve salatalar i\u00e7in uygundur<\/li>\n<li><strong>M\u0131s\u0131rl\u0131 erik domatesler:<\/strong> Yo\u011fun ve sert yap\u0131s\u0131yla sos ve konserve i\u00e7in idealdir<\/li>\n<li><strong>M\u0131s\u0131rl\u0131 et domatesleri (beefsteak):<\/strong> B\u00fcy\u00fck, sulu ve dilimlemeye uygun taze t\u00fcketimlik<\/li>\n<\/ul>\n<p>Her \u00e7e\u015fit, en uygun olgunlukta toplan\u0131r ve ta\u015f\u0131nma s\u00fcresince maksimum kaliteyi korumak i\u00e7in kontroll\u00fc ko\u015fullarda ambalajlan\u0131r.<\/p>\n<h2>Sezonluk Uygunluk ve Tedarik Planlamas\u0131<\/h2>\n<p><strong>M\u0131s\u0131r&#8217;da domates hasat sezonu<\/strong> <strong>Aral\u0131k&#8217;tan Haziran\u2019a<\/strong> kadar s\u00fcrer ve baz\u0131 b\u00f6lgelerde Temmuz ba\u015flar\u0131na kadar uzat\u0131labilir. Yukar\u0131 M\u0131s\u0131r\u2019daki \u00e7iftliklerimiz, k\u0131\u015f sonunda \u00fcretime ba\u015flar, bu da <strong>May\u0131s 2025\u2019te taze domates<\/strong> sevkiyatlar\u0131n\u0131 m\u00fcmk\u00fcn k\u0131lar \u2014 yaz sezonuna haz\u0131rlanan uluslararas\u0131 al\u0131c\u0131lar i\u00e7in kritik bir d\u00f6nemdir.<\/p>\n<h2>\u0130hracat Lojisti\u011fi: So\u011fuk Zincir ve Teslimat<\/h2>\n<p>\u00dcr\u00fcn\u00fcn \u00e7iftlikten limana kadar b\u00fct\u00fcnl\u00fc\u011f\u00fcn\u00fc sa\u011flamak i\u00e7in PEI Trade, a\u015fa\u011f\u0131daki a\u015famalar\u0131 i\u00e7eren tam kapsaml\u0131 bir so\u011fuk zincir s\u00fcreci y\u00fcr\u00fct\u00fcr:<\/p>\n<ul>\n<li>Hasat sonras\u0131 \u00f6n so\u011futma<\/li>\n<li>Boyut ve olgunlu\u011fa g\u00f6re s\u0131n\u0131fland\u0131rma<\/li>\n<li>G\u0131da g\u00fcvenli\u011fi onayl\u0131 dezenfekte edilmi\u015f y\u0131kama<\/li>\n<li>5 kg, 6 kg veya 10 kg\u2019l\u0131k \u2014 toptan veya perakendeye uygun \u2014 ambalajlama<\/li>\n<li>S\u0131cakl\u0131k takibine sahip so\u011futmal\u0131 konteynerler<\/li>\n<li>Koordine edilmi\u015f liman transferleri ve kara ta\u015f\u0131mac\u0131l\u0131\u011f\u0131<\/li>\n<\/ul>\n<p>Ayr\u0131ca \u00e7ok \u00e7e\u015fitli domateslerin yer ald\u0131\u011f\u0131 konteynerleri destekliyoruz ve <strong>M\u0131s\u0131r\u2019daki domates sal\u00e7as\u0131 \u00fcreticileri<\/strong> ile i\u015fbirli\u011fi yaparak yar\u0131 i\u015flenmi\u015f domates \u00e7\u00f6z\u00fcmleri sunuyoruz.<\/p>\n<h2>Hizmet Verdi\u011fimiz Pazarlar<\/h2>\n<p>PEI Trade \u015fu pazarlara hizmet sunmaktad\u0131r:<\/p>\n<ul>\n<li><strong>K\u00f6rfez B\u00f6lgesi:<\/strong> BAE, Suudi Arabistan, Kuveyt, Umman<\/li>\n<li><strong>Asya:<\/strong> Malezya, Singapur, Hindistan<\/li>\n<li><strong>Kuzey Afrika:<\/strong> Libya, Fas, Tunus<\/li>\n<\/ul>\n<p>Ayr\u0131ca yap\u0131land\u0131r\u0131lm\u0131\u015f lojistik altyap\u0131m\u0131z ve h\u0131zl\u0131 m\u00fc\u015fteri destek ekibimiz sayesinde yeni pazarlara a\u00e7\u0131lmaya haz\u0131r\u0131z.<\/p>\n<h2>M\u00fc\u015fteri Odakl\u0131 Destek ve Esnek Ambalajlama<\/h2>\n<p>Perakendecilerin, g\u0131da i\u015fleyicilerinin ve toptan da\u011f\u0131t\u0131mc\u0131lar\u0131n farkl\u0131 ihtiya\u00e7lar\u0131n\u0131 anl\u0131yoruz. Hizmetlerimiz \u015funlar\u0131 i\u00e7erir:<\/p>\n<ul>\n<li>Markal\u0131 ve \u00e7ok dilli ambalajlama<\/li>\n<li>\u00c7evre dostu ve plastik kasa se\u00e7enekleri<\/li>\n<li>B2B ve s\u00f6zle\u015fmeli tedarik modelleri<\/li>\n<li>\u0130ngilizce, \u0130spanyolca, T\u00fcrk\u00e7e ve Arap\u00e7a konu\u015fan \u00e7ok dilli ihracat ekibi<\/li>\n<\/ul>\n<\/section>\n<section style=\"padding: 50px 20px; background-color: #f0f0f0;\" data-darkreader-inline-bgcolor=\"\">\n<div class=\"container\">\n<h2>M\u0131s\u0131r\u2019\u0131n \u00d6nde Gelen Domates \u0130hracat \u015eirketinden Tedarik Talep Edin<\/h2>\n<p>PEI Trade, sadece bir M\u0131s\u0131r domates tedarik\u00e7isi de\u011fil \u2014 taze, y\u00fcksek kaliteli \u00fcr\u00fcnleri s\u00fcrekli ve titizlikle sunan g\u00fcvenilir bir ihracat orta\u011f\u0131d\u0131r.<\/p>\n<p>Perakende, g\u0131da hizmetleri veya i\u015fleme i\u00e7in M\u0131s\u0131r domatesleri ar\u0131yorsan\u0131z, g\u00fcncel stok durumu, fiyat ve k\u00fcresel sevkiyat deste\u011fi i\u00e7in ihracat ekibimizle bug\u00fcn ileti\u015fime ge\u00e7in.<\/p>\n<p style=\"text-align: center; margin-top: 40px;\"><a class=\"button primary large\" href=\"\/contact\">\u015eimdi Sipari\u015f Verin<\/a><\/p>\n<\/div>\n<\/section>\n<section style=\"padding: 50px 20px;\">\n<div class=\"container\">\n<h2>M\u0131s\u0131r\u2019dan Di\u011fer Taze \u00dcr\u00fcnler<\/h2>\n<p>&nbsp;<\/p>\n<p>Domateslere ek olarak, PEI Trade M\u0131s\u0131r\u2019dan so\u011fan, patates, sar\u0131msak, ye\u015fil fasulye ve daha fazlas\u0131n\u0131 tedarik etmektedir. Sezonluk programlar\u0131 ve uzun vadeli ithalat s\u00f6zle\u015fmelerini destekliyoruz. <a href=\"\/about\">\u0130hracat hizmetlerimiz hakk\u0131nda daha fazla bilgi edinin<\/a>.<\/p>\n<div class=\"wp-block-woocommerce-product-collection\"><div class=\"woocommerce columns-4 \"><ul class=\"products columns-4\" data-products=\"type-2\">\n<li class=\"product type-product post-7360 status-publish first instock product_cat-vegetables has-post-thumbnail shipping-taxable product-type-simple\">\n\t<a href=\"https:\/\/peitrade.com\/tr\/product\/domates\/\" class=\"woocommerce-LoopProduct-link woocommerce-loop-product__link\"><img decoding=\"async\" width=\"300\" height=\"300\" src=\"https:\/\/peitrade.com\/wp-content\/uploads\/2025\/11\/Egyptian-Tomatoes-300x300.webp\" class=\"attachment-woocommerce_thumbnail size-woocommerce_thumbnail\" alt=\"Domates\" srcset=\"https:\/\/peitrade.com\/wp-content\/uploads\/2025\/11\/Egyptian-Tomatoes-300x300.webp 300w, https:\/\/peitrade.com\/wp-content\/uploads\/2025\/11\/Egyptian-Tomatoes-150x150.webp 150w, https:\/\/peitrade.com\/wp-content\/uploads\/2025\/11\/Egyptian-Tomatoes-768x768.webp 768w, https:\/\/peitrade.com\/wp-content\/uploads\/2025\/11\/Egyptian-Tomatoes-600x600.webp 600w, https:\/\/peitrade.com\/wp-content\/uploads\/2025\/11\/Egyptian-Tomatoes-100x100.webp 100w, https:\/\/peitrade.com\/wp-content\/uploads\/2025\/11\/Egyptian-Tomatoes.webp 1024w\" sizes=\"(max-width: 300px) 100vw, 300px\" title=\"\"><h2 class=\"woocommerce-loop-product__title\">Domates<\/h2>\n<\/a><a href=\"https:\/\/peitrade.com\/tr\/product\/domates\/\" aria-describedby=\"woocommerce_loop_add_to_cart_link_describedby_7360\" data-quantity=\"1\" class=\"button product_type_simple\" data-product_id=\"7360\" data-product_sku=\"70200\" aria-label=\"&ldquo;Domates&rdquo; hakk\u0131nda daha fazla bilgi edinin\" rel=\"nofollow\" data-success_message=\"\">Devam\u0131n\u0131 oku<\/a>\t<span id=\"woocommerce_loop_add_to_cart_link_describedby_7360\" class=\"screen-reader-text\">\n\t\t\t<\/span>\n<\/li>\n<li class=\"product type-product post-7776 status-publish instock product_cat-vegetables product_cat-in-season has-post-thumbnail shipping-taxable product-type-simple\">\n\t<a href=\"https:\/\/peitrade.com\/tr\/product\/patates\/\" class=\"woocommerce-LoopProduct-link woocommerce-loop-product__link\"><img decoding=\"async\" width=\"300\" height=\"300\" src=\"https:\/\/peitrade.com\/wp-content\/uploads\/2025\/11\/Egyptian-Potatoes-300x300.webp\" class=\"attachment-woocommerce_thumbnail size-woocommerce_thumbnail\" alt=\"Patates\" srcset=\"https:\/\/peitrade.com\/wp-content\/uploads\/2025\/11\/Egyptian-Potatoes-300x300.webp 300w, https:\/\/peitrade.com\/wp-content\/uploads\/2025\/11\/Egyptian-Potatoes-150x150.webp 150w, https:\/\/peitrade.com\/wp-content\/uploads\/2025\/11\/Egyptian-Potatoes-768x768.webp 768w, https:\/\/peitrade.com\/wp-content\/uploads\/2025\/11\/Egyptian-Potatoes-600x600.webp 600w, https:\/\/peitrade.com\/wp-content\/uploads\/2025\/11\/Egyptian-Potatoes-100x100.webp 100w, https:\/\/peitrade.com\/wp-content\/uploads\/2025\/11\/Egyptian-Potatoes.webp 1024w\" sizes=\"(max-width: 300px) 100vw, 300px\" title=\"\"><h2 class=\"woocommerce-loop-product__title\">Patates<\/h2>\n<\/a><a href=\"https:\/\/peitrade.com\/tr\/product\/patates\/\" aria-describedby=\"woocommerce_loop_add_to_cart_link_describedby_7776\" data-quantity=\"1\" class=\"button product_type_simple\" data-product_id=\"7776\" data-product_sku=\"70190\" aria-label=\"&ldquo;Patates&rdquo; hakk\u0131nda daha fazla bilgi edinin\" rel=\"nofollow\" data-success_message=\"\">Devam\u0131n\u0131 oku<\/a>\t<span id=\"woocommerce_loop_add_to_cart_link_describedby_7776\" class=\"screen-reader-text\">\n\t\t\t<\/span>\n<\/li>\n<li class=\"product type-product post-7484 status-publish instock product_cat-vegetables product_cat-in-season has-post-thumbnail shipping-taxable product-type-simple\">\n\t<a href=\"https:\/\/peitrade.com\/tr\/product\/sogan\/\" class=\"woocommerce-LoopProduct-link woocommerce-loop-product__link\"><img decoding=\"async\" width=\"300\" height=\"300\" src=\"https:\/\/peitrade.com\/wp-content\/uploads\/2025\/11\/Egyption-Onion-300x300.webp\" class=\"attachment-woocommerce_thumbnail size-woocommerce_thumbnail\" alt=\"Egyption Onion - PEI Trade\" srcset=\"https:\/\/peitrade.com\/wp-content\/uploads\/2025\/11\/Egyption-Onion-300x300.webp 300w, https:\/\/peitrade.com\/wp-content\/uploads\/2025\/11\/Egyption-Onion-150x150.webp 150w, https:\/\/peitrade.com\/wp-content\/uploads\/2025\/11\/Egyption-Onion-768x768.webp 768w, https:\/\/peitrade.com\/wp-content\/uploads\/2025\/11\/Egyption-Onion-600x600.webp 600w, https:\/\/peitrade.com\/wp-content\/uploads\/2025\/11\/Egyption-Onion-100x100.webp 100w, https:\/\/peitrade.com\/wp-content\/uploads\/2025\/11\/Egyption-Onion.webp 1024w\" sizes=\"(max-width: 300px) 100vw, 300px\" title=\"\"><h2 class=\"woocommerce-loop-product__title\">So\u011fan<\/h2>\n<\/a><a href=\"https:\/\/peitrade.com\/tr\/product\/sogan\/\" aria-describedby=\"woocommerce_loop_add_to_cart_link_describedby_7484\" data-quantity=\"1\" class=\"button product_type_simple\" data-product_id=\"7484\" data-product_sku=\"70310\" aria-label=\"&ldquo;So\u011fan&rdquo; hakk\u0131nda daha fazla bilgi edinin\" rel=\"nofollow\" data-success_message=\"\">Devam\u0131n\u0131 oku<\/a>\t<span id=\"woocommerce_loop_add_to_cart_link_describedby_7484\" class=\"screen-reader-text\">\n\t\t\t<\/span>\n<\/li>\n<li class=\"product type-product post-7540 status-publish last instock product_cat-vegetables product_cat-in-season has-post-thumbnail shipping-taxable product-type-simple\">\n\t<a href=\"https:\/\/peitrade.com\/tr\/product\/taze-fasulye\/\" class=\"woocommerce-LoopProduct-link woocommerce-loop-product__link\"><img decoding=\"async\" width=\"300\" height=\"300\" src=\"https:\/\/peitrade.com\/wp-content\/uploads\/2025\/11\/Egyptian-Green-Beans-300x300.webp\" class=\"attachment-woocommerce_thumbnail size-woocommerce_thumbnail\" alt=\"Taze fasulye\" srcset=\"https:\/\/peitrade.com\/wp-content\/uploads\/2025\/11\/Egyptian-Green-Beans-300x300.webp 300w, https:\/\/peitrade.com\/wp-content\/uploads\/2025\/11\/Egyptian-Green-Beans-150x150.webp 150w, https:\/\/peitrade.com\/wp-content\/uploads\/2025\/11\/Egyptian-Green-Beans-768x768.webp 768w, https:\/\/peitrade.com\/wp-content\/uploads\/2025\/11\/Egyptian-Green-Beans-600x600.webp 600w, https:\/\/peitrade.com\/wp-content\/uploads\/2025\/11\/Egyptian-Green-Beans-100x100.webp 100w, https:\/\/peitrade.com\/wp-content\/uploads\/2025\/11\/Egyptian-Green-Beans.webp 1024w\" sizes=\"(max-width: 300px) 100vw, 300px\" title=\"\"><h2 class=\"woocommerce-loop-product__title\">Taze fasulye<\/h2>\n<\/a><a href=\"https:\/\/peitrade.com\/tr\/product\/taze-fasulye\/\" aria-describedby=\"woocommerce_loop_add_to_cart_link_describedby_7540\" data-quantity=\"1\" class=\"button product_type_simple\" data-product_id=\"7540\" data-product_sku=\"70821\" aria-label=\"&ldquo;Taze fasulye&rdquo; hakk\u0131nda daha fazla bilgi edinin\" rel=\"nofollow\" data-success_message=\"\">Devam\u0131n\u0131 oku<\/a>\t<span id=\"woocommerce_loop_add_to_cart_link_describedby_7540\" class=\"screen-reader-text\">\n\t\t\t<\/span>\n<\/li>\n<\/ul>\n<\/div><\/div>\n<\/div>\n<\/section>\n<section style=\"padding: 50px 20px; background-color: #f9f9f9;\" data-darkreader-inline-bgcolor=\"\">\n<div class=\"container\">\n<h2>S\u0131k\u00e7a Sorulan Sorular<\/h2>\n<div>\n<h3>M\u0131s\u0131r&#8217;da domates sezonu ne zaman?<\/h3>\n<p>Aral\u0131k&#8217;tan Haziran\u2019a kadar, baz\u0131 b\u00f6lgelerde daha uzun s\u00fcre bulunabilir. May\u0131s 2025 i\u00e7in taze domates tedariki planlanm\u0131\u015f ve teyit edilmi\u015ftir.<\/p>\n<h3>PEI Trade hangi domates \u00e7e\u015fitlerini ihra\u00e7 ediyor?<\/h3>\n<p>Yuvarlak, cherry, erik ve beefsteak tipi domatesler \u2014 hepsi ihracat i\u00e7in hasat edilip s\u0131n\u0131fland\u0131r\u0131lm\u0131\u015ft\u0131r.<\/p>\n<h3>Ambalaj ki\u015fiye \u00f6zel mi?<\/h3>\n<p>Evet. Toplu ve perakende formatlarda, \u00fclkenizin gereksinimlerine g\u00f6re markalama, etiketleme ve net a\u011f\u0131rl\u0131k \u00f6zelle\u015ftirmesi yap\u0131yoruz.<\/p>\n<h3>Ta\u015f\u0131mada tazelik nas\u0131l korunur?<\/h3>\n<p>Tamamen y\u00f6netilen bir so\u011fuk zincirimiz vard\u0131r \u2014 \u00f6n so\u011futma, so\u011futmal\u0131 konteynerler ve ger\u00e7ek zamanl\u0131 s\u0131cakl\u0131k takibi dahildir.<\/p>\n<h3>Hangi \u00fclkelere ihracat yap\u0131yorsunuz?<\/h3>\n<p>Orta Do\u011fu, Asya ve Kuzey Afrika&#8217;ya ihracat yap\u0131yoruz ve yeni b\u00f6lgelerden gelen talepleri memnuniyetle kar\u015f\u0131l\u0131yoruz.<\/p>\n<\/div>\n<\/div>\n<\/section>\n","protected":false},"excerpt":{"rendered":"<p>M\u0131s\u0131r\u2019\u0131n G\u00fcvenilir Domates \u0130hracat \u015eirketi \u2013 PEI Trade &nbsp; PEI Trade, y\u00fcksek kaliteli taze domatesleri tutarl\u0131 bir \u015fekilde k\u00fcresel pazarlara ula\u015ft\u0131ran g\u00fcvenilir bir M\u0131s\u0131r domates ihracat \u015firketi olarak \u00f6ne \u00e7\u0131kmaktad\u0131r. Tar\u0131msal ihracat konusundaki derin uzmanl\u0131\u011f\u0131 ve g\u00fc\u00e7l\u00fc lojistik altyap\u0131s\u0131yla, Avrupa, K\u00f6rfez, Asya ve Kuzey Afrika&#8217;daki m\u00fc\u015fterilere g\u00fcvenilir domates sevkiyatlar\u0131 sunuyoruz. \u00d6zellikle Nil Deltas\u0131 ve Yukar\u0131 [&hellip;]<\/p>\n","protected":false},"author":1,"featured_media":0,"parent":0,"menu_order":0,"comment_status":"closed","ping_status":"closed","template":"","meta":{"footnotes":""},"class_list":["post-5650","page","type-page","status-publish","hentry"],"blocksy_meta":[],"mb":[],"featured_image_urls_v2":{"full":"","thumbnail":"","medium":"","medium_large":"","large":"","1536x1536":"","2048x2048":"","woocommerce_archive_thumbnail":"","woocommerce_thumbnail":"","woocommerce_single":"","woocommerce_gallery_thumbnail":""},"post_excerpt_stackable_v2":"<p>M\u0131s\u0131r\u2019\u0131n G\u00fcvenilir Domates \u0130hracat \u015eirketi \u2013 PEI Trade &nbsp; PEI Trade, y\u00fcksek kaliteli taze domatesleri tutarl\u0131 bir \u015fekilde k\u00fcresel pazarlara ula\u015ft\u0131ran g\u00fcvenilir bir M\u0131s\u0131r domates ihracat \u015firketi olarak \u00f6ne \u00e7\u0131kmaktad\u0131r. Tar\u0131msal ihracat konusundaki derin uzmanl\u0131\u011f\u0131 ve g\u00fc\u00e7l\u00fc lojistik altyap\u0131s\u0131yla, Avrupa, K\u00f6rfez, Asya ve Kuzey Afrika&#8217;daki m\u00fc\u015fterilere g\u00fcvenilir domates sevkiyatlar\u0131 sunuyoruz. \u00d6zellikle Nil Deltas\u0131 ve Yukar\u0131 M\u0131s\u0131r\u2019daki verimli tar\u0131m b\u00f6lgelerinde faaliyet g\u00f6stererek, toptan sat\u0131\u015f, perakende ve end\u00fcstriyel i\u015fleme sekt\u00f6rlerinin taleplerine uygun, sezon boyunca istikrarl\u0131 bir \u015fekilde kaliteli M\u0131s\u0131r domatesi tedariki sa\u011fl\u0131yoruz. Domates Devam\u0131n\u0131 oku Kuru beyaz fasulye Devam\u0131n\u0131 oku Sar\u0131msak Devam\u0131n\u0131 oku Tatl\u0131 patates Devam\u0131n\u0131 oku PEI Trade Neden M\u0131s\u0131r\u2019da Tercih&hellip;<\/p>\n","category_list_v2":"","author_info_v2":{"name":"Mostafa Sabry","url":"https:\/\/peitrade.com\/tr\/author\/emostafaadel_jn8gcqbo\/"},"comments_num_v2":"0 comments","mfb_rest_fields":["title","blocksy_meta","featured_image_urls_v2","post_excerpt_stackable_v2","category_list_v2","author_info_v2","comments_num_v2"],"_links":{"self":[{"href":"https:\/\/peitrade.com\/tr\/wp-json\/wp\/v2\/pages\/5650","targetHints":{"allow":["GET"]}}],"collection":[{"href":"https:\/\/peitrade.com\/tr\/wp-json\/wp\/v2\/pages"}],"about":[{"href":"https:\/\/peitrade.com\/tr\/wp-json\/wp\/v2\/types\/page"}],"author":[{"embeddable":true,"href":"https:\/\/peitrade.com\/tr\/wp-json\/wp\/v2\/users\/1"}],"replies":[{"embeddable":true,"href":"https:\/\/peitrade.com\/tr\/wp-json\/wp\/v2\/comments?post=5650"}],"version-history":[{"count":1,"href":"https:\/\/peitrade.com\/tr\/wp-json\/wp\/v2\/pages\/5650\/revisions"}],"predecessor-version":[{"id":5651,"href":"https:\/\/peitrade.com\/tr\/wp-json\/wp\/v2\/pages\/5650\/revisions\/5651"}],"wp:attachment":[{"href":"https:\/\/peitrade.com\/tr\/wp-json\/wp\/v2\/media?parent=5650"}],"curies":[{"name":"wp","href":"https:\/\/api.w.org\/{rel}","templated":true}]}}