{"id":5674,"date":"2025-05-19T07:28:24","date_gmt":"2025-05-19T07:28:24","guid":{"rendered":"http:\/\/46.224.74.15\/misir-sarimsagi-birinci-sinif-kalite\/"},"modified":"2025-11-19T16:45:35","modified_gmt":"2025-11-19T16:45:35","slug":"misir-sarimsagi-birinci-sinif-kalite","status":"publish","type":"page","link":"https:\/\/peitrade.com\/tr\/misir-sarimsagi-birinci-sinif-kalite\/","title":{"rendered":"M\u0131s\u0131r Sar\u0131msa\u011f\u0131 \u2013 K\u00fcresel Pazarlar \u0130\u00e7in Premium Kalite"},"content":{"rendered":"<section style=\"padding: 60px 20px; background-color: #f9f9f9;\">\n<div class=\"container\">\n<h1>M\u0131s\u0131r Sar\u0131msa\u011f\u0131 \u2013 K\u00fcresel Pazarlar \u0130\u00e7in Premium Kalite<\/h1>\n<p>&nbsp;<\/p>\n<p>PEI Trade, M\u0131s\u0131r\u2019\u0131n verimli topraklar\u0131nda ve g\u00fcne\u015fli ikliminde yeti\u015ftirilen birinci s\u0131n\u0131f <b>M\u0131s\u0131rl\u0131 sar\u0131msak<\/b> sunmaktan gurur duyar. Keskin aromas\u0131, g\u00fc\u00e7l\u00fc lezzeti ve uzun raf \u00f6mr\u00fcyle bilinen sar\u0131msa\u011f\u0131m\u0131z, uluslararas\u0131 pazarlarda \u00f6ne \u00e7\u0131kar. <b>Beyaz M\u0131s\u0131rl\u0131 sar\u0131msak<\/b>, <b>pembe M\u0131s\u0131rl\u0131 sar\u0131msak<\/b> veya <b>mor M\u0131s\u0131rl\u0131 sar\u0131msak<\/b> ar\u0131yor olun, ihtiya\u00e7lar\u0131n\u0131za \u00f6zel \u00e7e\u015fitli sar\u0131msak t\u00fcrleri sunuyoruz.<\/p>\n<p>G\u00fcvenilir bir <b>M\u0131s\u0131r sar\u0131msak ihracat \u015firketi<\/b> olarak PEI Trade, s\u00fcrekli kalite ve rekabet\u00e7i fiyatlar sunma taahh\u00fcd\u00fcyle hareket eder. Toptan g\u00f6nderimlerden \u00f6zel perakende ambalajlara kadar t\u00fcm sar\u0131msak ihracat hizmetlerimiz ithalat\u00e7\u0131lar, toptanc\u0131lar ve g\u0131da \u00fcreticileri i\u00e7in tasarlanm\u0131\u015ft\u0131r.<\/p>\n<\/div>\n<\/section>\n<div class=\"wp-block-woocommerce-product-collection\"><div class=\"woocommerce columns-4 \"><ul class=\"products columns-4\" data-products=\"type-2\">\n<li class=\"product type-product post-7360 status-publish first instock product_cat-vegetables has-post-thumbnail shipping-taxable product-type-simple\">\n\t<a href=\"https:\/\/peitrade.com\/tr\/product\/domates\/\" class=\"woocommerce-LoopProduct-link woocommerce-loop-product__link\"><img decoding=\"async\" width=\"300\" height=\"300\" src=\"https:\/\/peitrade.com\/wp-content\/uploads\/2025\/11\/Egyptian-Tomatoes-300x300.webp\" class=\"attachment-woocommerce_thumbnail size-woocommerce_thumbnail\" alt=\"Domates\" srcset=\"https:\/\/peitrade.com\/wp-content\/uploads\/2025\/11\/Egyptian-Tomatoes-300x300.webp 300w, https:\/\/peitrade.com\/wp-content\/uploads\/2025\/11\/Egyptian-Tomatoes-150x150.webp 150w, https:\/\/peitrade.com\/wp-content\/uploads\/2025\/11\/Egyptian-Tomatoes-768x768.webp 768w, https:\/\/peitrade.com\/wp-content\/uploads\/2025\/11\/Egyptian-Tomatoes-600x600.webp 600w, https:\/\/peitrade.com\/wp-content\/uploads\/2025\/11\/Egyptian-Tomatoes-100x100.webp 100w, https:\/\/peitrade.com\/wp-content\/uploads\/2025\/11\/Egyptian-Tomatoes.webp 1024w\" sizes=\"(max-width: 300px) 100vw, 300px\" title=\"\"><h2 class=\"woocommerce-loop-product__title\">Domates<\/h2>\n<\/a><a href=\"https:\/\/peitrade.com\/tr\/product\/domates\/\" aria-describedby=\"woocommerce_loop_add_to_cart_link_describedby_7360\" data-quantity=\"1\" class=\"button product_type_simple\" data-product_id=\"7360\" data-product_sku=\"70200\" aria-label=\"&ldquo;Domates&rdquo; hakk\u0131nda daha fazla bilgi edinin\" rel=\"nofollow\" data-success_message=\"\">Devam\u0131n\u0131 oku<\/a>\t<span id=\"woocommerce_loop_add_to_cart_link_describedby_7360\" class=\"screen-reader-text\">\n\t\t\t<\/span>\n<\/li>\n<li class=\"product type-product post-7776 status-publish instock product_cat-vegetables product_cat-in-season has-post-thumbnail shipping-taxable product-type-simple\">\n\t<a href=\"https:\/\/peitrade.com\/tr\/product\/patates\/\" class=\"woocommerce-LoopProduct-link woocommerce-loop-product__link\"><img decoding=\"async\" width=\"300\" height=\"300\" src=\"https:\/\/peitrade.com\/wp-content\/uploads\/2025\/11\/Egyptian-Potatoes-300x300.webp\" class=\"attachment-woocommerce_thumbnail size-woocommerce_thumbnail\" alt=\"Patates\" srcset=\"https:\/\/peitrade.com\/wp-content\/uploads\/2025\/11\/Egyptian-Potatoes-300x300.webp 300w, https:\/\/peitrade.com\/wp-content\/uploads\/2025\/11\/Egyptian-Potatoes-150x150.webp 150w, https:\/\/peitrade.com\/wp-content\/uploads\/2025\/11\/Egyptian-Potatoes-768x768.webp 768w, https:\/\/peitrade.com\/wp-content\/uploads\/2025\/11\/Egyptian-Potatoes-600x600.webp 600w, https:\/\/peitrade.com\/wp-content\/uploads\/2025\/11\/Egyptian-Potatoes-100x100.webp 100w, https:\/\/peitrade.com\/wp-content\/uploads\/2025\/11\/Egyptian-Potatoes.webp 1024w\" sizes=\"(max-width: 300px) 100vw, 300px\" title=\"\"><h2 class=\"woocommerce-loop-product__title\">Patates<\/h2>\n<\/a><a href=\"https:\/\/peitrade.com\/tr\/product\/patates\/\" aria-describedby=\"woocommerce_loop_add_to_cart_link_describedby_7776\" data-quantity=\"1\" class=\"button product_type_simple\" data-product_id=\"7776\" data-product_sku=\"70190\" aria-label=\"&ldquo;Patates&rdquo; hakk\u0131nda daha fazla bilgi edinin\" rel=\"nofollow\" data-success_message=\"\">Devam\u0131n\u0131 oku<\/a>\t<span id=\"woocommerce_loop_add_to_cart_link_describedby_7776\" class=\"screen-reader-text\">\n\t\t\t<\/span>\n<\/li>\n<li class=\"product type-product post-7376 status-publish instock product_cat-vegetables product_cat-in-season has-post-thumbnail shipping-taxable product-type-simple\">\n\t<a href=\"https:\/\/peitrade.com\/tr\/product\/sarimsak\/\" class=\"woocommerce-LoopProduct-link woocommerce-loop-product__link\"><img decoding=\"async\" width=\"300\" height=\"300\" src=\"https:\/\/peitrade.com\/wp-content\/uploads\/2025\/11\/Egyptian-Garlic-300x300.webp\" class=\"attachment-woocommerce_thumbnail size-woocommerce_thumbnail\" alt=\"Sar\u0131msak\" srcset=\"https:\/\/peitrade.com\/wp-content\/uploads\/2025\/11\/Egyptian-Garlic-300x300.webp 300w, https:\/\/peitrade.com\/wp-content\/uploads\/2025\/11\/Egyptian-Garlic-150x150.webp 150w, https:\/\/peitrade.com\/wp-content\/uploads\/2025\/11\/Egyptian-Garlic-768x768.webp 768w, https:\/\/peitrade.com\/wp-content\/uploads\/2025\/11\/Egyptian-Garlic-600x600.webp 600w, https:\/\/peitrade.com\/wp-content\/uploads\/2025\/11\/Egyptian-Garlic-100x100.webp 100w, https:\/\/peitrade.com\/wp-content\/uploads\/2025\/11\/Egyptian-Garlic.webp 1024w\" sizes=\"(max-width: 300px) 100vw, 300px\" title=\"\"><h2 class=\"woocommerce-loop-product__title\">Sar\u0131msak<\/h2>\n<\/a><a href=\"https:\/\/peitrade.com\/tr\/product\/sarimsak\/\" aria-describedby=\"woocommerce_loop_add_to_cart_link_describedby_7376\" data-quantity=\"1\" class=\"button product_type_simple\" data-product_id=\"7376\" data-product_sku=\"70320\" aria-label=\"&ldquo;Sar\u0131msak&rdquo; hakk\u0131nda daha fazla bilgi edinin\" rel=\"nofollow\" data-success_message=\"\">Devam\u0131n\u0131 oku<\/a>\t<span id=\"woocommerce_loop_add_to_cart_link_describedby_7376\" class=\"screen-reader-text\">\n\t\t\t<\/span>\n<\/li>\n<li class=\"product type-product post-7796 status-publish last instock product_cat-vegetables product_cat-in-season has-post-thumbnail shipping-taxable product-type-simple\">\n\t<a href=\"https:\/\/peitrade.com\/tr\/product\/tatli-patates\/\" class=\"woocommerce-LoopProduct-link woocommerce-loop-product__link\"><img decoding=\"async\" width=\"300\" height=\"300\" src=\"https:\/\/peitrade.com\/wp-content\/uploads\/2025\/11\/Egyptian-Sweet-Potatoes-300x300.webp\" class=\"attachment-woocommerce_thumbnail size-woocommerce_thumbnail\" alt=\"Egyptian Sweet Potatoes - PEI Trade\" srcset=\"https:\/\/peitrade.com\/wp-content\/uploads\/2025\/11\/Egyptian-Sweet-Potatoes-300x300.webp 300w, https:\/\/peitrade.com\/wp-content\/uploads\/2025\/11\/Egyptian-Sweet-Potatoes-150x150.webp 150w, https:\/\/peitrade.com\/wp-content\/uploads\/2025\/11\/Egyptian-Sweet-Potatoes-768x768.webp 768w, https:\/\/peitrade.com\/wp-content\/uploads\/2025\/11\/Egyptian-Sweet-Potatoes-600x600.webp 600w, https:\/\/peitrade.com\/wp-content\/uploads\/2025\/11\/Egyptian-Sweet-Potatoes-100x100.webp 100w, https:\/\/peitrade.com\/wp-content\/uploads\/2025\/11\/Egyptian-Sweet-Potatoes.webp 1024w\" sizes=\"(max-width: 300px) 100vw, 300px\" title=\"\"><h2 class=\"woocommerce-loop-product__title\">Tatl\u0131 patates<\/h2>\n<\/a><a href=\"https:\/\/peitrade.com\/tr\/product\/tatli-patates\/\" aria-describedby=\"woocommerce_loop_add_to_cart_link_describedby_7796\" data-quantity=\"1\" class=\"button product_type_simple\" data-product_id=\"7796\" data-product_sku=\"71420\" aria-label=\"&ldquo;Tatl\u0131 patates&rdquo; hakk\u0131nda daha fazla bilgi edinin\" rel=\"nofollow\" data-success_message=\"\">Devam\u0131n\u0131 oku<\/a>\t<span id=\"woocommerce_loop_add_to_cart_link_describedby_7796\" class=\"screen-reader-text\">\n\t\t\t<\/span>\n<\/li>\n<\/ul>\n<\/div><\/div>\n<section style=\"padding: 50px 20px;\">\n<div class=\"container\">\n<h2>Sunmu\u015f Oldu\u011fumuz M\u0131s\u0131rl\u0131 Sar\u0131msak T\u00fcrleri<\/h2>\n<p>\u00dcr\u00fcn yelpazemiz \u015funlar\u0131 i\u00e7erir:<\/p>\n<ul>\n<li><b>Beyaz M\u0131s\u0131rl\u0131 Sar\u0131msak<\/b> \u2013 G\u00fc\u00e7l\u00fc aromas\u0131 ve yayg\u0131n mutfak kullan\u0131m\u0131yla bilinir.<\/li>\n<li><b>Pembe M\u0131s\u0131rl\u0131 Sar\u0131msak<\/b> \u2013 Salatalar ve hafif pi\u015firme i\u00e7in tercih edilen yumu\u015fak bir t\u00fcrd\u00fcr.<\/li>\n<li><b>Mor M\u0131s\u0131rl\u0131 Sar\u0131msak<\/b> \u2013 Antioksidan bak\u0131m\u0131ndan zengindir, g\u00fc\u00e7l\u00fc ve baharatl\u0131 bir profili vard\u0131r.<\/li>\n<li><b>M\u0131s\u0131rl\u0131 Balady Sar\u0131msak<\/b> \u2013 Yerel yemeklerde \u00e7ok de\u011ferli olan k\u00fc\u00e7\u00fck di\u015fli geleneksel bir sar\u0131msak t\u00fcr\u00fcd\u00fcr.<\/li>\n<li><b>M\u0131s\u0131rl\u0131 Y\u00fcr\u00fcyen Sar\u0131msak<\/b> \u2013 \u00dcst so\u011fanlar arac\u0131l\u0131\u011f\u0131yla do\u011fal olarak \u00e7o\u011falan dayan\u0131kl\u0131 bir t\u00fcrd\u00fcr.<\/li>\n<\/ul>\n<h2>M\u0131s\u0131r Sar\u0131msak Hasat Sezonu<\/h2>\n<p><b>M\u0131s\u0131r sar\u0131msak hasat sezonu<\/b> genellikle Mart ay\u0131nda ba\u015flar ve <b>May\u0131s 2025<\/b> itibariyle zirveye ula\u015f\u0131r. Bu sayede uluslararas\u0131 al\u0131c\u0131lara taze sar\u0131msak, k\u00fcresel pazarlardan \u00f6nce sunulabilir. PEI Trade, maksimum tazelik ve uzun ihracat raf \u00f6mr\u00fc i\u00e7in zaman\u0131nda hasat, kurutma ve paketleme sa\u011flar.<\/p>\n<h2>Neden Sar\u0131msak Tedarik\u00e7iniz Olarak PEI Trade\u2019i Se\u00e7melisiniz?<\/h2>\n<ul>\n<li>Taze \u00fcr\u00fcn ihracat\u0131nda onlarca y\u0131ll\u0131k deneyim<\/li>\n<li>M\u0131s\u0131r\u2019\u0131n en iyi sar\u0131msak \u00e7iftlikleriyle do\u011frudan ortakl\u0131klar<\/li>\n<li>\u00d6zelle\u015ftirilmi\u015f ambalaj \u00e7\u00f6z\u00fcmleri ve \u00f6zel marka etiketleme<\/li>\n<li>Fitosaniter sertifikalar dahil eksiksiz ihracat belgeleri<\/li>\n<li>K\u00fcresel eri\u015fime sahip g\u00fcvenilir lojistik deste\u011fi<\/li>\n<\/ul>\n<p>PEI Trade olarak <b>\u00f6nde gelen M\u0131s\u0131r sar\u0131msak ihracat\u00e7\u0131lar\u0131<\/b> aras\u0131ndaki \u00fcn\u00fcm\u00fcz, tutarl\u0131l\u0131k, \u015feffafl\u0131k ve y\u00fcksek kalite standartlar\u0131na dayanmaktad\u0131r.<\/p>\n<h2>Antik M\u0131s\u0131r\u2019dan Modern Pazarlara<\/h2>\n<p><b>Antik M\u0131s\u0131r\u2019da sar\u0131msak<\/b> sadece tatland\u0131r\u0131c\u0131 olarak de\u011fil, ayn\u0131 zamanda t\u0131bbi \u00f6zellikleriyle de de\u011ferliydi. Bug\u00fcn bu miras\u0131 s\u00fcrd\u00fcrerek temiz, y\u00fcksek kaliteli <b>M\u0131s\u0131r sar\u0131msak bitkisi<\/b> t\u00fcrlerini d\u00fcnya pazarlar\u0131 i\u00e7in g\u00fcvenli, lezzetli ve \u00e7ok y\u00f6nl\u00fc \u015fekilde sunuyoruz.<\/p>\n<h3>Taze M\u0131s\u0131r Sar\u0131msa\u011f\u0131 \u2013 \u0130hracata Haz\u0131r<\/h3>\n<p><b>Taze M\u0131s\u0131r sar\u0131msa\u011f\u0131m\u0131z<\/b> sevkiyattan \u00f6nce titizlikle ay\u0131klan\u0131r, temizlenir ve s\u0131n\u0131fland\u0131r\u0131l\u0131r. Sunulan paketleme se\u00e7eneklerimiz:<\/p>\n<ul>\n<li>Toptan \u00e7uvallar (10kg, 20kg, 25kg)<\/li>\n<li>Vakumlu perakende ambalajlar<\/li>\n<li>Markal\u0131 \u00f6zel etiketli se\u00e7enekler<\/li>\n<li>Sezonluk ve y\u0131l boyunca tedarik i\u00e7in \u00f6zel g\u00f6nderim takvimleri<\/li>\n<\/ul>\n<h2>K\u00fcresel \u0130hracat Pazarlar\u0131<\/h2>\n<p>Deneyimli <b>M\u0131s\u0131r sar\u0131msak tedarik\u00e7ileri<\/b> olarak ihracat yapt\u0131\u011f\u0131m\u0131z b\u00f6lgeler:<\/p>\n<ul>\n<li>Avrupa (\u0130talya, Almanya, Birle\u015fik Krall\u0131k, Fransa)<\/li>\n<li>Orta Do\u011fu (BAE, Suudi Arabistan, Kuveyt)<\/li>\n<li>Asya (Hindistan, Banglade\u015f, Malezya)<\/li>\n<li>Afrika (Sudan, Kenya, G\u00fcney Afrika)<\/li>\n<\/ul>\n<p>Geni\u015f da\u011f\u0131t\u0131m a\u011f\u0131m\u0131z ve esnek ihracat \u00e7\u00f6z\u00fcmlerimiz, bizi hem toptan hem perakende sar\u0131msak i\u00e7in tercih edilen tedarik\u00e7i haline getiriyor.<\/p>\n<\/div>\n<\/section>\n<section style=\"padding: 50px 20px; background-color: #f0f0f0;\">\n<div class=\"container\">\n<h2>PEI Trade ile Premium M\u0131s\u0131r Sar\u0131msa\u011f\u0131 Sipari\u015f Edin<\/h2>\n<p>G\u00fcvenilir ve deneyimli bir ihracat\u00e7\u0131dan <b>M\u0131s\u0131r sar\u0131msa\u011f\u0131<\/b> tedarik etmek istiyorsan\u0131z, PEI Trade sizin stratejik orta\u011f\u0131n\u0131zd\u0131r. Yerel tar\u0131m uzmanl\u0131\u011f\u0131n\u0131 uluslararas\u0131 ihracat tecr\u00fcbesiyle birle\u015ftirerek, pazar\u0131n\u0131z\u0131n taleplerine uygun sar\u0131msak sunuyoruz.<\/p>\n<h2>Bug\u00fcn Fiyat Teklifi veya Numune Talep Edin<\/h2>\n<p>Sar\u0131msak ithalat ihtiya\u00e7lar\u0131n\u0131z\u0131 ve ambalaj tercihlerinizi konu\u015fal\u0131m. Ekibimiz \u00fcr\u00fcn durumu, mevsimsel bilgiler ve lojistik konusunda size yard\u0131mc\u0131 olmaya haz\u0131r.<\/p>\n<p style=\"text-align: center; margin-top: 40px;\"><a class=\"button primary large\" href=\"\/contact\">\u015eimdi Sipari\u015f Ver<\/a><\/p>\n<\/div>\n<\/section>\n<section style=\"padding: 50px 20px;\">\n<div class=\"container\">\n<h2>Daha Fazla M\u0131s\u0131r Tar\u0131m \u00dcr\u00fcn\u00fc \u0130hracat\u0131n\u0131 Ke\u015ffedin<\/h2>\n<p>Sar\u0131msa\u011f\u0131n yan\u0131 s\u0131ra PEI Trade, M\u0131s\u0131r so\u011fan\u0131, patatesi, narenciye ve daha bir\u00e7ok \u00fcr\u00fcn\u00fc de ihra\u00e7 etmektedir. Geni\u015f tar\u0131m ihracat portf\u00f6y\u00fcm\u00fcz, bizi k\u00fcresel g\u0131da tedarik zincirleri i\u00e7in ideal bir ortak yapar.<\/p>\n<div class=\"wp-block-woocommerce-product-collection\"><div class=\"woocommerce columns-4 \"><ul class=\"products columns-4\" data-products=\"type-2\">\n<li class=\"product type-product post-7360 status-publish first instock product_cat-vegetables has-post-thumbnail shipping-taxable product-type-simple\">\n\t<a href=\"https:\/\/peitrade.com\/tr\/product\/domates\/\" class=\"woocommerce-LoopProduct-link woocommerce-loop-product__link\"><img decoding=\"async\" width=\"300\" height=\"300\" src=\"https:\/\/peitrade.com\/wp-content\/uploads\/2025\/11\/Egyptian-Tomatoes-300x300.webp\" class=\"attachment-woocommerce_thumbnail size-woocommerce_thumbnail\" alt=\"Domates\" srcset=\"https:\/\/peitrade.com\/wp-content\/uploads\/2025\/11\/Egyptian-Tomatoes-300x300.webp 300w, https:\/\/peitrade.com\/wp-content\/uploads\/2025\/11\/Egyptian-Tomatoes-150x150.webp 150w, https:\/\/peitrade.com\/wp-content\/uploads\/2025\/11\/Egyptian-Tomatoes-768x768.webp 768w, https:\/\/peitrade.com\/wp-content\/uploads\/2025\/11\/Egyptian-Tomatoes-600x600.webp 600w, https:\/\/peitrade.com\/wp-content\/uploads\/2025\/11\/Egyptian-Tomatoes-100x100.webp 100w, https:\/\/peitrade.com\/wp-content\/uploads\/2025\/11\/Egyptian-Tomatoes.webp 1024w\" sizes=\"(max-width: 300px) 100vw, 300px\" title=\"\"><h2 class=\"woocommerce-loop-product__title\">Domates<\/h2>\n<\/a><a href=\"https:\/\/peitrade.com\/tr\/product\/domates\/\" aria-describedby=\"woocommerce_loop_add_to_cart_link_describedby_7360\" data-quantity=\"1\" class=\"button product_type_simple\" data-product_id=\"7360\" data-product_sku=\"70200\" aria-label=\"&ldquo;Domates&rdquo; hakk\u0131nda daha fazla bilgi edinin\" rel=\"nofollow\" data-success_message=\"\">Devam\u0131n\u0131 oku<\/a>\t<span id=\"woocommerce_loop_add_to_cart_link_describedby_7360\" class=\"screen-reader-text\">\n\t\t\t<\/span>\n<\/li>\n<li class=\"product type-product post-7776 status-publish instock product_cat-vegetables product_cat-in-season has-post-thumbnail shipping-taxable product-type-simple\">\n\t<a href=\"https:\/\/peitrade.com\/tr\/product\/patates\/\" class=\"woocommerce-LoopProduct-link woocommerce-loop-product__link\"><img decoding=\"async\" width=\"300\" height=\"300\" src=\"https:\/\/peitrade.com\/wp-content\/uploads\/2025\/11\/Egyptian-Potatoes-300x300.webp\" class=\"attachment-woocommerce_thumbnail size-woocommerce_thumbnail\" alt=\"Patates\" srcset=\"https:\/\/peitrade.com\/wp-content\/uploads\/2025\/11\/Egyptian-Potatoes-300x300.webp 300w, https:\/\/peitrade.com\/wp-content\/uploads\/2025\/11\/Egyptian-Potatoes-150x150.webp 150w, https:\/\/peitrade.com\/wp-content\/uploads\/2025\/11\/Egyptian-Potatoes-768x768.webp 768w, https:\/\/peitrade.com\/wp-content\/uploads\/2025\/11\/Egyptian-Potatoes-600x600.webp 600w, https:\/\/peitrade.com\/wp-content\/uploads\/2025\/11\/Egyptian-Potatoes-100x100.webp 100w, https:\/\/peitrade.com\/wp-content\/uploads\/2025\/11\/Egyptian-Potatoes.webp 1024w\" sizes=\"(max-width: 300px) 100vw, 300px\" title=\"\"><h2 class=\"woocommerce-loop-product__title\">Patates<\/h2>\n<\/a><a href=\"https:\/\/peitrade.com\/tr\/product\/patates\/\" aria-describedby=\"woocommerce_loop_add_to_cart_link_describedby_7776\" data-quantity=\"1\" class=\"button product_type_simple\" data-product_id=\"7776\" data-product_sku=\"70190\" aria-label=\"&ldquo;Patates&rdquo; hakk\u0131nda daha fazla bilgi edinin\" rel=\"nofollow\" data-success_message=\"\">Devam\u0131n\u0131 oku<\/a>\t<span id=\"woocommerce_loop_add_to_cart_link_describedby_7776\" class=\"screen-reader-text\">\n\t\t\t<\/span>\n<\/li>\n<li class=\"product type-product post-7376 status-publish instock product_cat-vegetables product_cat-in-season has-post-thumbnail shipping-taxable product-type-simple\">\n\t<a href=\"https:\/\/peitrade.com\/tr\/product\/sarimsak\/\" class=\"woocommerce-LoopProduct-link woocommerce-loop-product__link\"><img decoding=\"async\" width=\"300\" height=\"300\" src=\"https:\/\/peitrade.com\/wp-content\/uploads\/2025\/11\/Egyptian-Garlic-300x300.webp\" class=\"attachment-woocommerce_thumbnail size-woocommerce_thumbnail\" alt=\"Sar\u0131msak\" srcset=\"https:\/\/peitrade.com\/wp-content\/uploads\/2025\/11\/Egyptian-Garlic-300x300.webp 300w, https:\/\/peitrade.com\/wp-content\/uploads\/2025\/11\/Egyptian-Garlic-150x150.webp 150w, https:\/\/peitrade.com\/wp-content\/uploads\/2025\/11\/Egyptian-Garlic-768x768.webp 768w, https:\/\/peitrade.com\/wp-content\/uploads\/2025\/11\/Egyptian-Garlic-600x600.webp 600w, https:\/\/peitrade.com\/wp-content\/uploads\/2025\/11\/Egyptian-Garlic-100x100.webp 100w, https:\/\/peitrade.com\/wp-content\/uploads\/2025\/11\/Egyptian-Garlic.webp 1024w\" sizes=\"(max-width: 300px) 100vw, 300px\" title=\"\"><h2 class=\"woocommerce-loop-product__title\">Sar\u0131msak<\/h2>\n<\/a><a href=\"https:\/\/peitrade.com\/tr\/product\/sarimsak\/\" aria-describedby=\"woocommerce_loop_add_to_cart_link_describedby_7376\" data-quantity=\"1\" class=\"button product_type_simple\" data-product_id=\"7376\" data-product_sku=\"70320\" aria-label=\"&ldquo;Sar\u0131msak&rdquo; hakk\u0131nda daha fazla bilgi edinin\" rel=\"nofollow\" data-success_message=\"\">Devam\u0131n\u0131 oku<\/a>\t<span id=\"woocommerce_loop_add_to_cart_link_describedby_7376\" class=\"screen-reader-text\">\n\t\t\t<\/span>\n<\/li>\n<li class=\"product type-product post-7796 status-publish last instock product_cat-vegetables product_cat-in-season has-post-thumbnail shipping-taxable product-type-simple\">\n\t<a href=\"https:\/\/peitrade.com\/tr\/product\/tatli-patates\/\" class=\"woocommerce-LoopProduct-link woocommerce-loop-product__link\"><img decoding=\"async\" width=\"300\" height=\"300\" src=\"https:\/\/peitrade.com\/wp-content\/uploads\/2025\/11\/Egyptian-Sweet-Potatoes-300x300.webp\" class=\"attachment-woocommerce_thumbnail size-woocommerce_thumbnail\" alt=\"Egyptian Sweet Potatoes - PEI Trade\" srcset=\"https:\/\/peitrade.com\/wp-content\/uploads\/2025\/11\/Egyptian-Sweet-Potatoes-300x300.webp 300w, https:\/\/peitrade.com\/wp-content\/uploads\/2025\/11\/Egyptian-Sweet-Potatoes-150x150.webp 150w, https:\/\/peitrade.com\/wp-content\/uploads\/2025\/11\/Egyptian-Sweet-Potatoes-768x768.webp 768w, https:\/\/peitrade.com\/wp-content\/uploads\/2025\/11\/Egyptian-Sweet-Potatoes-600x600.webp 600w, https:\/\/peitrade.com\/wp-content\/uploads\/2025\/11\/Egyptian-Sweet-Potatoes-100x100.webp 100w, https:\/\/peitrade.com\/wp-content\/uploads\/2025\/11\/Egyptian-Sweet-Potatoes.webp 1024w\" sizes=\"(max-width: 300px) 100vw, 300px\" title=\"\"><h2 class=\"woocommerce-loop-product__title\">Tatl\u0131 patates<\/h2>\n<\/a><a href=\"https:\/\/peitrade.com\/tr\/product\/tatli-patates\/\" aria-describedby=\"woocommerce_loop_add_to_cart_link_describedby_7796\" data-quantity=\"1\" class=\"button product_type_simple\" data-product_id=\"7796\" data-product_sku=\"71420\" aria-label=\"&ldquo;Tatl\u0131 patates&rdquo; hakk\u0131nda daha fazla bilgi edinin\" rel=\"nofollow\" data-success_message=\"\">Devam\u0131n\u0131 oku<\/a>\t<span id=\"woocommerce_loop_add_to_cart_link_describedby_7796\" class=\"screen-reader-text\">\n\t\t\t<\/span>\n<\/li>\n<\/ul>\n<\/div><\/div>\n<\/div>\n<\/section>\n<section style=\"padding: 50px 20px; background-color: #f9f9f9;\">\n<div class=\"container\">\n<h2>S\u0131k\u00e7a Sorulan Sorular<\/h2>\n<h3>Hangi sar\u0131msak t\u00fcrlerini ihra\u00e7 ediyorsunuz?<\/h3>\n<p><b>Beyaz M\u0131s\u0131rl\u0131 sar\u0131msak<\/b>, <b>pembe sar\u0131msak<\/b>, <b>mor sar\u0131msak<\/b>, <b>balady sar\u0131msak<\/b> ve <b>y\u00fcr\u00fcyen sar\u0131msak<\/b> ihra\u00e7 ediyoruz.<\/p>\n<h3>M\u0131s\u0131r sar\u0131msa\u011f\u0131n\u0131 sipari\u015f etmek i\u00e7in en uygun zaman nedir?<\/h3>\n<p>Sar\u0131msaklar\u0131n taze olarak <b>May\u0131s 2025<\/b>\u2019te haz\u0131rland\u0131\u011f\u0131 <b>M\u0131s\u0131r sar\u0131msak hasat sezonu<\/b> Mart\u2019tan May\u0131s\u2019a kadar s\u00fcrer.<\/p>\n<h3>\u00d6zel etiketleme hizmeti sunuyor musunuz?<\/h3>\n<p>Evet, pazar\u0131n\u0131z\u0131n marka ve perakende gereksinimlerine uygun \u00f6zel etiketleme hizmeti sunuyoruz.<\/p>\n<h3>M\u0131s\u0131r sar\u0131msa\u011f\u0131 sa\u011fl\u0131\u011fa faydal\u0131 m\u0131?<\/h3>\n<p>Kesinlikle. M\u0131s\u0131r sar\u0131msa\u011f\u0131, <b>antik M\u0131s\u0131r sar\u0131msa\u011f\u0131<\/b> geleneklerinden bu yana kullan\u0131lan allicin ve antioksidanlar a\u00e7\u0131s\u0131ndan zengindir.<\/p>\n<h3>B\u00fcy\u00fck hacimli ihracat yapabilir misiniz?<\/h3>\n<p>Evet. G\u00fcvenilir bir <b>M\u0131s\u0131r sar\u0131msak ihracat \u015firketi<\/b> olarak, toplu sipari\u015fler ve s\u00fcrekli tedarik s\u00f6zle\u015fmelerini kar\u015f\u0131layabiliyoruz.<\/p>\n<\/div>\n<\/section>\n","protected":false},"excerpt":{"rendered":"<p>M\u0131s\u0131r Sar\u0131msa\u011f\u0131 \u2013 K\u00fcresel Pazarlar \u0130\u00e7in Premium Kalite &nbsp; PEI Trade, M\u0131s\u0131r\u2019\u0131n verimli topraklar\u0131nda ve g\u00fcne\u015fli ikliminde yeti\u015ftirilen birinci s\u0131n\u0131f M\u0131s\u0131rl\u0131 sar\u0131msak sunmaktan gurur duyar. Keskin aromas\u0131, g\u00fc\u00e7l\u00fc lezzeti ve uzun raf \u00f6mr\u00fcyle bilinen sar\u0131msa\u011f\u0131m\u0131z, uluslararas\u0131 pazarlarda \u00f6ne \u00e7\u0131kar. Beyaz M\u0131s\u0131rl\u0131 sar\u0131msak, pembe M\u0131s\u0131rl\u0131 sar\u0131msak veya mor M\u0131s\u0131rl\u0131 sar\u0131msak ar\u0131yor olun, ihtiya\u00e7lar\u0131n\u0131za \u00f6zel \u00e7e\u015fitli sar\u0131msak [&hellip;]<\/p>\n","protected":false},"author":1,"featured_media":0,"parent":0,"menu_order":0,"comment_status":"closed","ping_status":"closed","template":"","meta":{"footnotes":""},"class_list":["post-5674","page","type-page","status-publish","hentry"],"blocksy_meta":[],"mb":[],"featured_image_urls_v2":{"full":"","thumbnail":"","medium":"","medium_large":"","large":"","1536x1536":"","2048x2048":"","woocommerce_archive_thumbnail":"","woocommerce_thumbnail":"","woocommerce_single":"","woocommerce_gallery_thumbnail":""},"post_excerpt_stackable_v2":"<p>M\u0131s\u0131r Sar\u0131msa\u011f\u0131 \u2013 K\u00fcresel Pazarlar \u0130\u00e7in Premium Kalite &nbsp; PEI Trade, M\u0131s\u0131r\u2019\u0131n verimli topraklar\u0131nda ve g\u00fcne\u015fli ikliminde yeti\u015ftirilen birinci s\u0131n\u0131f M\u0131s\u0131rl\u0131 sar\u0131msak sunmaktan gurur duyar. Keskin aromas\u0131, g\u00fc\u00e7l\u00fc lezzeti ve uzun raf \u00f6mr\u00fcyle bilinen sar\u0131msa\u011f\u0131m\u0131z, uluslararas\u0131 pazarlarda \u00f6ne \u00e7\u0131kar. Beyaz M\u0131s\u0131rl\u0131 sar\u0131msak, pembe M\u0131s\u0131rl\u0131 sar\u0131msak veya mor M\u0131s\u0131rl\u0131 sar\u0131msak ar\u0131yor olun, ihtiya\u00e7lar\u0131n\u0131za \u00f6zel \u00e7e\u015fitli sar\u0131msak t\u00fcrleri sunuyoruz. G\u00fcvenilir bir M\u0131s\u0131r sar\u0131msak ihracat \u015firketi olarak PEI Trade, s\u00fcrekli kalite ve rekabet\u00e7i fiyatlar sunma taahh\u00fcd\u00fcyle hareket eder. Toptan g\u00f6nderimlerden \u00f6zel perakende ambalajlara kadar t\u00fcm sar\u0131msak ihracat hizmetlerimiz ithalat\u00e7\u0131lar, toptanc\u0131lar ve g\u0131da \u00fcreticileri i\u00e7in tasarlanm\u0131\u015ft\u0131r. Domates Devam\u0131n\u0131 oku Patates Devam\u0131n\u0131 oku Sar\u0131msak Devam\u0131n\u0131&hellip;<\/p>\n","category_list_v2":"","author_info_v2":{"name":"Mostafa Sabry","url":"https:\/\/peitrade.com\/tr\/author\/emostafaadel_jn8gcqbo\/"},"comments_num_v2":"0 comments","mfb_rest_fields":["title","blocksy_meta","featured_image_urls_v2","post_excerpt_stackable_v2","category_list_v2","author_info_v2","comments_num_v2"],"_links":{"self":[{"href":"https:\/\/peitrade.com\/tr\/wp-json\/wp\/v2\/pages\/5674","targetHints":{"allow":["GET"]}}],"collection":[{"href":"https:\/\/peitrade.com\/tr\/wp-json\/wp\/v2\/pages"}],"about":[{"href":"https:\/\/peitrade.com\/tr\/wp-json\/wp\/v2\/types\/page"}],"author":[{"embeddable":true,"href":"https:\/\/peitrade.com\/tr\/wp-json\/wp\/v2\/users\/1"}],"replies":[{"embeddable":true,"href":"https:\/\/peitrade.com\/tr\/wp-json\/wp\/v2\/comments?post=5674"}],"version-history":[{"count":1,"href":"https:\/\/peitrade.com\/tr\/wp-json\/wp\/v2\/pages\/5674\/revisions"}],"predecessor-version":[{"id":5675,"href":"https:\/\/peitrade.com\/tr\/wp-json\/wp\/v2\/pages\/5674\/revisions\/5675"}],"wp:attachment":[{"href":"https:\/\/peitrade.com\/tr\/wp-json\/wp\/v2\/media?parent=5674"}],"curies":[{"name":"wp","href":"https:\/\/api.w.org\/{rel}","templated":true}]}}