{"id":5728,"date":"2025-05-19T08:18:26","date_gmt":"2025-05-19T08:18:26","guid":{"rendered":"http:\/\/46.224.74.15\/green-bean-suppliers-egypt-5\/"},"modified":"2025-11-19T16:45:50","modified_gmt":"2025-11-19T16:45:50","slug":"green-bean-suppliers-egypt-5","status":"publish","type":"page","link":"https:\/\/peitrade.com\/tr\/green-bean-suppliers-egypt-5\/","title":{"rendered":"M\u0131s\u0131r&#8217;daki Fasulye \u0130hracat\u00e7\u0131lar\u0131 | PEI Trade G\u00fcvencesi"},"content":{"rendered":"<section class=\"section\" style=\"padding: 60px 20px; background-color: #f9f9f9;\">\n<div class=\"container\">\n<h1>G\u00fcvenilir M\u0131s\u0131r&#8217;daki Fasulye \u0130hracat\u00e7\u0131lar\u0131 \u2013 PEI Trade<\/h1>\n<p>PEI Trade, M\u0131s\u0131r&#8217;daki fasulye ihracat\u00e7\u0131lar\u0131 aras\u0131nda lider bir isimdir ve d\u00fcnya genelinde y\u00fcksek kaliteli M\u0131s\u0131r fasulyesi tedariki sa\u011flar. M\u0131s\u0131r&#8217;daki fasulye ihracat\u00e7\u0131lar\u0131 olarak, taze ve lezzetli fasulyeleri M\u0131s\u0131r fasulye hasat sezonu boyunca g\u00fcvenilir \u00e7iftliklerden temin ediyoruz. M\u0131s\u0131r&#8217;daki fasulye ihracat\u00e7\u0131lar\u0131 olarak kalite ve tutarl\u0131l\u0131k konusundaki taahh\u00fcd\u00fcm\u00fcz, ithalat\u00e7\u0131lar ve distrib\u00fct\u00f6rler i\u00e7in bizi birinci tercih haline getiriyor.<\/p>\n<p>Firmam\u0131z, Fasolia M\u0131s\u0131r fasulyesi, M\u0131s\u0131r Paulista ye\u015fil fasulyesi ve M\u0131s\u0131r Valentino ye\u015fil fasulyesi gibi \u00e7e\u015fitli fasulye \u00e7e\u015fitlerini tedarik etmektedir. Her \u00e7e\u015fit, m\u00fckemmel tat, doku ve tazeli\u011fi sa\u011flamak i\u00e7in optimal olgunlukta hasat edilir. PEI Trade, M\u0131s\u0131r&#8217;daki fasulye ihracat\u00e7\u0131lar\u0131 olarak, sorunsuz ihracat s\u00fcre\u00e7leri ve zaman\u0131nda teslimat garantisi sunmaktad\u0131r.<\/p>\n<p>Ayr\u0131ca, artan kimyasal i\u00e7ermeyen \u00fcr\u00fcn talebine yan\u0131t olarak sertifikal\u0131 organik M\u0131s\u0131r fasulyesi se\u00e7enekleri de sunmaktay\u0131z. PEI Trade ile al\u0131c\u0131lar, g\u00fcvenilir tedarik zinciri, s\u0131k\u0131 kalite kontrolleri ve perakende ile toptan sat\u0131\u015f ihtiya\u00e7lar\u0131na uygun \u00f6zel paketleme \u00e7\u00f6z\u00fcmlerinden faydalan\u0131r.<\/p>\n<\/div>\n<\/section>\n<p><!-- WooCommerce Product Block 1 --><\/p>\n<div class=\"wp-block-woocommerce-product-collection\"><div class=\"woocommerce columns-4 \"><ul class=\"products columns-4\" data-products=\"type-2\">\n<li class=\"product type-product post-7360 status-publish first instock product_cat-vegetables has-post-thumbnail shipping-taxable product-type-simple\">\n\t<a href=\"https:\/\/peitrade.com\/tr\/product\/domates\/\" class=\"woocommerce-LoopProduct-link woocommerce-loop-product__link\"><img decoding=\"async\" width=\"300\" height=\"300\" src=\"https:\/\/peitrade.com\/wp-content\/uploads\/2025\/11\/Egyptian-Tomatoes-300x300.webp\" class=\"attachment-woocommerce_thumbnail size-woocommerce_thumbnail\" alt=\"Domates\" srcset=\"https:\/\/peitrade.com\/wp-content\/uploads\/2025\/11\/Egyptian-Tomatoes-300x300.webp 300w, https:\/\/peitrade.com\/wp-content\/uploads\/2025\/11\/Egyptian-Tomatoes-150x150.webp 150w, https:\/\/peitrade.com\/wp-content\/uploads\/2025\/11\/Egyptian-Tomatoes-768x768.webp 768w, https:\/\/peitrade.com\/wp-content\/uploads\/2025\/11\/Egyptian-Tomatoes-600x600.webp 600w, https:\/\/peitrade.com\/wp-content\/uploads\/2025\/11\/Egyptian-Tomatoes-100x100.webp 100w, https:\/\/peitrade.com\/wp-content\/uploads\/2025\/11\/Egyptian-Tomatoes.webp 1024w\" sizes=\"(max-width: 300px) 100vw, 300px\" title=\"\"><h2 class=\"woocommerce-loop-product__title\">Domates<\/h2>\n<\/a><a href=\"https:\/\/peitrade.com\/tr\/product\/domates\/\" aria-describedby=\"woocommerce_loop_add_to_cart_link_describedby_7360\" data-quantity=\"1\" class=\"button product_type_simple\" data-product_id=\"7360\" data-product_sku=\"70200\" aria-label=\"&ldquo;Domates&rdquo; hakk\u0131nda daha fazla bilgi edinin\" rel=\"nofollow\" data-success_message=\"\">Devam\u0131n\u0131 oku<\/a>\t<span id=\"woocommerce_loop_add_to_cart_link_describedby_7360\" class=\"screen-reader-text\">\n\t\t\t<\/span>\n<\/li>\n<li class=\"product type-product post-7719 status-publish instock product_cat-legumes product_cat-in-season has-post-thumbnail shipping-taxable product-type-simple\">\n\t<a href=\"https:\/\/peitrade.com\/tr\/product\/kuru-beyaz-fasulye\/\" class=\"woocommerce-LoopProduct-link woocommerce-loop-product__link\"><img decoding=\"async\" width=\"300\" height=\"300\" src=\"https:\/\/peitrade.com\/wp-content\/uploads\/2025\/11\/Egyptian-White-Beans-300x300.webp\" class=\"attachment-woocommerce_thumbnail size-woocommerce_thumbnail\" alt=\"Kuru beyaz fasulye\" srcset=\"https:\/\/peitrade.com\/wp-content\/uploads\/2025\/11\/Egyptian-White-Beans-300x300.webp 300w, https:\/\/peitrade.com\/wp-content\/uploads\/2025\/11\/Egyptian-White-Beans-150x150.webp 150w, https:\/\/peitrade.com\/wp-content\/uploads\/2025\/11\/Egyptian-White-Beans-768x768.webp 768w, https:\/\/peitrade.com\/wp-content\/uploads\/2025\/11\/Egyptian-White-Beans-600x600.webp 600w, https:\/\/peitrade.com\/wp-content\/uploads\/2025\/11\/Egyptian-White-Beans-100x100.webp 100w, https:\/\/peitrade.com\/wp-content\/uploads\/2025\/11\/Egyptian-White-Beans.webp 1024w\" sizes=\"(max-width: 300px) 100vw, 300px\" title=\"\"><h2 class=\"woocommerce-loop-product__title\">Kuru beyaz fasulye<\/h2>\n<\/a><a href=\"https:\/\/peitrade.com\/tr\/product\/kuru-beyaz-fasulye\/\" aria-describedby=\"woocommerce_loop_add_to_cart_link_describedby_7719\" data-quantity=\"1\" class=\"button product_type_simple\" data-product_id=\"7719\" data-product_sku=\"70820\" aria-label=\"&ldquo;Kuru beyaz fasulye&rdquo; hakk\u0131nda daha fazla bilgi edinin\" rel=\"nofollow\" data-success_message=\"\">Devam\u0131n\u0131 oku<\/a>\t<span id=\"woocommerce_loop_add_to_cart_link_describedby_7719\" class=\"screen-reader-text\">\n\t\t\t<\/span>\n<\/li>\n<li class=\"product type-product post-7776 status-publish instock product_cat-vegetables product_cat-in-season has-post-thumbnail shipping-taxable product-type-simple\">\n\t<a href=\"https:\/\/peitrade.com\/tr\/product\/patates\/\" class=\"woocommerce-LoopProduct-link woocommerce-loop-product__link\"><img decoding=\"async\" width=\"300\" height=\"300\" src=\"https:\/\/peitrade.com\/wp-content\/uploads\/2025\/11\/Egyptian-Potatoes-300x300.webp\" class=\"attachment-woocommerce_thumbnail size-woocommerce_thumbnail\" alt=\"Patates\" srcset=\"https:\/\/peitrade.com\/wp-content\/uploads\/2025\/11\/Egyptian-Potatoes-300x300.webp 300w, https:\/\/peitrade.com\/wp-content\/uploads\/2025\/11\/Egyptian-Potatoes-150x150.webp 150w, https:\/\/peitrade.com\/wp-content\/uploads\/2025\/11\/Egyptian-Potatoes-768x768.webp 768w, https:\/\/peitrade.com\/wp-content\/uploads\/2025\/11\/Egyptian-Potatoes-600x600.webp 600w, https:\/\/peitrade.com\/wp-content\/uploads\/2025\/11\/Egyptian-Potatoes-100x100.webp 100w, https:\/\/peitrade.com\/wp-content\/uploads\/2025\/11\/Egyptian-Potatoes.webp 1024w\" sizes=\"(max-width: 300px) 100vw, 300px\" title=\"\"><h2 class=\"woocommerce-loop-product__title\">Patates<\/h2>\n<\/a><a href=\"https:\/\/peitrade.com\/tr\/product\/patates\/\" aria-describedby=\"woocommerce_loop_add_to_cart_link_describedby_7776\" data-quantity=\"1\" class=\"button product_type_simple\" data-product_id=\"7776\" data-product_sku=\"70190\" aria-label=\"&ldquo;Patates&rdquo; hakk\u0131nda daha fazla bilgi edinin\" rel=\"nofollow\" data-success_message=\"\">Devam\u0131n\u0131 oku<\/a>\t<span id=\"woocommerce_loop_add_to_cart_link_describedby_7776\" class=\"screen-reader-text\">\n\t\t\t<\/span>\n<\/li>\n<li class=\"product type-product post-7540 status-publish last instock product_cat-vegetables product_cat-in-season has-post-thumbnail shipping-taxable product-type-simple\">\n\t<a href=\"https:\/\/peitrade.com\/tr\/product\/taze-fasulye\/\" class=\"woocommerce-LoopProduct-link woocommerce-loop-product__link\"><img decoding=\"async\" width=\"300\" height=\"300\" src=\"https:\/\/peitrade.com\/wp-content\/uploads\/2025\/11\/Egyptian-Green-Beans-300x300.webp\" class=\"attachment-woocommerce_thumbnail size-woocommerce_thumbnail\" alt=\"Taze fasulye\" srcset=\"https:\/\/peitrade.com\/wp-content\/uploads\/2025\/11\/Egyptian-Green-Beans-300x300.webp 300w, https:\/\/peitrade.com\/wp-content\/uploads\/2025\/11\/Egyptian-Green-Beans-150x150.webp 150w, https:\/\/peitrade.com\/wp-content\/uploads\/2025\/11\/Egyptian-Green-Beans-768x768.webp 768w, https:\/\/peitrade.com\/wp-content\/uploads\/2025\/11\/Egyptian-Green-Beans-600x600.webp 600w, https:\/\/peitrade.com\/wp-content\/uploads\/2025\/11\/Egyptian-Green-Beans-100x100.webp 100w, https:\/\/peitrade.com\/wp-content\/uploads\/2025\/11\/Egyptian-Green-Beans.webp 1024w\" sizes=\"(max-width: 300px) 100vw, 300px\" title=\"\"><h2 class=\"woocommerce-loop-product__title\">Taze fasulye<\/h2>\n<\/a><a href=\"https:\/\/peitrade.com\/tr\/product\/taze-fasulye\/\" aria-describedby=\"woocommerce_loop_add_to_cart_link_describedby_7540\" data-quantity=\"1\" class=\"button product_type_simple\" data-product_id=\"7540\" data-product_sku=\"70821\" aria-label=\"&ldquo;Taze fasulye&rdquo; hakk\u0131nda daha fazla bilgi edinin\" rel=\"nofollow\" data-success_message=\"\">Devam\u0131n\u0131 oku<\/a>\t<span id=\"woocommerce_loop_add_to_cart_link_describedby_7540\" class=\"screen-reader-text\">\n\t\t\t<\/span>\n<\/li>\n<\/ul>\n<\/div><\/div>\n<section class=\"section\" style=\"padding: 50px 20px;\">\n<div class=\"container\">\n<h2>PEI Trade&#8217;yi M\u0131s\u0131r&#8217;daki Fasulye \u0130hracat\u00e7\u0131lar\u0131 Aras\u0131nda Neden Se\u00e7melisiniz?<\/h2>\n<p>PEI Trade, M\u0131s\u0131r&#8217;daki fasulye ihracat\u00e7\u0131lar\u0131 aras\u0131nda kalite g\u00fcvencesi, izlenebilirlik ve ihracata haz\u0131r olma konusunda \u00f6nc\u00fcd\u00fcr. Tecr\u00fcbeli yeti\u015ftiricilerle do\u011frudan \u00e7al\u0131\u015farak sadece en taze fasulyelerin M\u0131s\u0131r&#8217;dan ithalat\u00e7\u0131lar\u0131n pazar\u0131yla bulu\u015fmas\u0131n\u0131 sa\u011fl\u0131yoruz.<\/p>\n<ul>\n<li>Fasolia M\u0131s\u0131r fasulyesi ve M\u0131s\u0131r Valentino ye\u015fil fasulyesi gibi se\u00e7kin \u00e7e\u015fitlere eri\u015fim<\/li>\n<li>M\u0131s\u0131r fasulye hasat mevsimine uygun mevsimlik tedarik<\/li>\n<li>Organik M\u0131s\u0131r fasulyesi se\u00e7enekleri dahil olmak \u00fczere kimyasal i\u00e7ermeyen \u00fcr\u00fcnler<\/li>\n<li>Perakende ve toptan al\u0131c\u0131lar i\u00e7in \u00f6zel paketleme ve esnek sipari\u015f miktarlar\u0131<\/li>\n<li>Fasulye ithalat prosed\u00fcrleri ve tam ihracat belgeleri ile g\u00fcmr\u00fck i\u015flemlerinde kolayl\u0131k<\/li>\n<\/ul>\n<\/div>\n<\/section>\n<section class=\"section\" style=\"padding: 50px 20px;\">\n<div class=\"container\">\n<h2>PEI Trade&#8217;nin M\u0131s\u0131r Fasulyesi \u00c7e\u015fitleri<\/h2>\n<p>PEI Trade, farkl\u0131 pazar ihtiya\u00e7lar\u0131na uygun \u00e7e\u015fitli M\u0131s\u0131r fasulyesi t\u00fcrlerini sunar:<\/p>\n<ul>\n<li><strong>Fasolia M\u0131s\u0131r fasulyesi:<\/strong> Tatl\u0131 lezzeti ve yumu\u015fak dokusuyla \u00f6ne \u00e7\u0131kar, taze t\u00fcketim ve i\u015fleme i\u00e7in idealdir.<\/li>\n<li><strong>M\u0131s\u0131r Paulista ye\u015fil fasulyesi:<\/strong> Yemeklerde \u00e7ok y\u00f6nl\u00fc kullan\u0131m i\u00e7in gevrek yap\u0131s\u0131yla tercih edilir.<\/li>\n<li><strong>M\u0131s\u0131r Valentino ye\u015fil fasulyesi:<\/strong> Uzun raf \u00f6mr\u00fc ve zengin tad\u0131yla bilinir.<\/li>\n<\/ul>\n<p>M\u0131s\u0131r fasulyesi kalitesi, \u00fcr\u00fcnlerimizin tazeli\u011fi ve besin de\u011ferini korumak i\u00e7in so\u011fuk zincir prosed\u00fcrleriyle desteklenmektedir. <a href=\"\/about\">\u0130hracat hizmetlerimiz hakk\u0131nda daha fazla bilgi edinin<\/a><\/p>\n<\/div>\n<\/section>\n<p><!-- WooCommerce Product Block 2 --><\/p>\n<div class=\"wp-block-woocommerce-product-collection\"><div class=\"woocommerce columns-4 \"><ul class=\"products columns-4\" data-products=\"type-2\">\n<li class=\"product type-product post-7360 status-publish first instock product_cat-vegetables has-post-thumbnail shipping-taxable product-type-simple\">\n\t<a href=\"https:\/\/peitrade.com\/tr\/product\/domates\/\" class=\"woocommerce-LoopProduct-link woocommerce-loop-product__link\"><img decoding=\"async\" width=\"300\" height=\"300\" src=\"https:\/\/peitrade.com\/wp-content\/uploads\/2025\/11\/Egyptian-Tomatoes-300x300.webp\" class=\"attachment-woocommerce_thumbnail size-woocommerce_thumbnail\" alt=\"Domates\" srcset=\"https:\/\/peitrade.com\/wp-content\/uploads\/2025\/11\/Egyptian-Tomatoes-300x300.webp 300w, https:\/\/peitrade.com\/wp-content\/uploads\/2025\/11\/Egyptian-Tomatoes-150x150.webp 150w, https:\/\/peitrade.com\/wp-content\/uploads\/2025\/11\/Egyptian-Tomatoes-768x768.webp 768w, https:\/\/peitrade.com\/wp-content\/uploads\/2025\/11\/Egyptian-Tomatoes-600x600.webp 600w, https:\/\/peitrade.com\/wp-content\/uploads\/2025\/11\/Egyptian-Tomatoes-100x100.webp 100w, https:\/\/peitrade.com\/wp-content\/uploads\/2025\/11\/Egyptian-Tomatoes.webp 1024w\" sizes=\"(max-width: 300px) 100vw, 300px\" title=\"\"><h2 class=\"woocommerce-loop-product__title\">Domates<\/h2>\n<\/a><a href=\"https:\/\/peitrade.com\/tr\/product\/domates\/\" aria-describedby=\"woocommerce_loop_add_to_cart_link_describedby_7360\" data-quantity=\"1\" class=\"button product_type_simple\" data-product_id=\"7360\" data-product_sku=\"70200\" aria-label=\"&ldquo;Domates&rdquo; hakk\u0131nda daha fazla bilgi edinin\" rel=\"nofollow\" data-success_message=\"\">Devam\u0131n\u0131 oku<\/a>\t<span id=\"woocommerce_loop_add_to_cart_link_describedby_7360\" class=\"screen-reader-text\">\n\t\t\t<\/span>\n<\/li>\n<li class=\"product type-product post-7719 status-publish instock product_cat-legumes product_cat-in-season has-post-thumbnail shipping-taxable product-type-simple\">\n\t<a href=\"https:\/\/peitrade.com\/tr\/product\/kuru-beyaz-fasulye\/\" class=\"woocommerce-LoopProduct-link woocommerce-loop-product__link\"><img decoding=\"async\" width=\"300\" height=\"300\" src=\"https:\/\/peitrade.com\/wp-content\/uploads\/2025\/11\/Egyptian-White-Beans-300x300.webp\" class=\"attachment-woocommerce_thumbnail size-woocommerce_thumbnail\" alt=\"Kuru beyaz fasulye\" srcset=\"https:\/\/peitrade.com\/wp-content\/uploads\/2025\/11\/Egyptian-White-Beans-300x300.webp 300w, https:\/\/peitrade.com\/wp-content\/uploads\/2025\/11\/Egyptian-White-Beans-150x150.webp 150w, https:\/\/peitrade.com\/wp-content\/uploads\/2025\/11\/Egyptian-White-Beans-768x768.webp 768w, https:\/\/peitrade.com\/wp-content\/uploads\/2025\/11\/Egyptian-White-Beans-600x600.webp 600w, https:\/\/peitrade.com\/wp-content\/uploads\/2025\/11\/Egyptian-White-Beans-100x100.webp 100w, https:\/\/peitrade.com\/wp-content\/uploads\/2025\/11\/Egyptian-White-Beans.webp 1024w\" sizes=\"(max-width: 300px) 100vw, 300px\" title=\"\"><h2 class=\"woocommerce-loop-product__title\">Kuru beyaz fasulye<\/h2>\n<\/a><a href=\"https:\/\/peitrade.com\/tr\/product\/kuru-beyaz-fasulye\/\" aria-describedby=\"woocommerce_loop_add_to_cart_link_describedby_7719\" data-quantity=\"1\" class=\"button product_type_simple\" data-product_id=\"7719\" data-product_sku=\"70820\" aria-label=\"&ldquo;Kuru beyaz fasulye&rdquo; hakk\u0131nda daha fazla bilgi edinin\" rel=\"nofollow\" data-success_message=\"\">Devam\u0131n\u0131 oku<\/a>\t<span id=\"woocommerce_loop_add_to_cart_link_describedby_7719\" class=\"screen-reader-text\">\n\t\t\t<\/span>\n<\/li>\n<li class=\"product type-product post-7776 status-publish instock product_cat-vegetables product_cat-in-season has-post-thumbnail shipping-taxable product-type-simple\">\n\t<a href=\"https:\/\/peitrade.com\/tr\/product\/patates\/\" class=\"woocommerce-LoopProduct-link woocommerce-loop-product__link\"><img decoding=\"async\" width=\"300\" height=\"300\" src=\"https:\/\/peitrade.com\/wp-content\/uploads\/2025\/11\/Egyptian-Potatoes-300x300.webp\" class=\"attachment-woocommerce_thumbnail size-woocommerce_thumbnail\" alt=\"Patates\" srcset=\"https:\/\/peitrade.com\/wp-content\/uploads\/2025\/11\/Egyptian-Potatoes-300x300.webp 300w, https:\/\/peitrade.com\/wp-content\/uploads\/2025\/11\/Egyptian-Potatoes-150x150.webp 150w, https:\/\/peitrade.com\/wp-content\/uploads\/2025\/11\/Egyptian-Potatoes-768x768.webp 768w, https:\/\/peitrade.com\/wp-content\/uploads\/2025\/11\/Egyptian-Potatoes-600x600.webp 600w, https:\/\/peitrade.com\/wp-content\/uploads\/2025\/11\/Egyptian-Potatoes-100x100.webp 100w, https:\/\/peitrade.com\/wp-content\/uploads\/2025\/11\/Egyptian-Potatoes.webp 1024w\" sizes=\"(max-width: 300px) 100vw, 300px\" title=\"\"><h2 class=\"woocommerce-loop-product__title\">Patates<\/h2>\n<\/a><a href=\"https:\/\/peitrade.com\/tr\/product\/patates\/\" aria-describedby=\"woocommerce_loop_add_to_cart_link_describedby_7776\" data-quantity=\"1\" class=\"button product_type_simple\" data-product_id=\"7776\" data-product_sku=\"70190\" aria-label=\"&ldquo;Patates&rdquo; hakk\u0131nda daha fazla bilgi edinin\" rel=\"nofollow\" data-success_message=\"\">Devam\u0131n\u0131 oku<\/a>\t<span id=\"woocommerce_loop_add_to_cart_link_describedby_7776\" class=\"screen-reader-text\">\n\t\t\t<\/span>\n<\/li>\n<li class=\"product type-product post-7540 status-publish last instock product_cat-vegetables product_cat-in-season has-post-thumbnail shipping-taxable product-type-simple\">\n\t<a href=\"https:\/\/peitrade.com\/tr\/product\/taze-fasulye\/\" class=\"woocommerce-LoopProduct-link woocommerce-loop-product__link\"><img decoding=\"async\" width=\"300\" height=\"300\" src=\"https:\/\/peitrade.com\/wp-content\/uploads\/2025\/11\/Egyptian-Green-Beans-300x300.webp\" class=\"attachment-woocommerce_thumbnail size-woocommerce_thumbnail\" alt=\"Taze fasulye\" srcset=\"https:\/\/peitrade.com\/wp-content\/uploads\/2025\/11\/Egyptian-Green-Beans-300x300.webp 300w, https:\/\/peitrade.com\/wp-content\/uploads\/2025\/11\/Egyptian-Green-Beans-150x150.webp 150w, https:\/\/peitrade.com\/wp-content\/uploads\/2025\/11\/Egyptian-Green-Beans-768x768.webp 768w, https:\/\/peitrade.com\/wp-content\/uploads\/2025\/11\/Egyptian-Green-Beans-600x600.webp 600w, https:\/\/peitrade.com\/wp-content\/uploads\/2025\/11\/Egyptian-Green-Beans-100x100.webp 100w, https:\/\/peitrade.com\/wp-content\/uploads\/2025\/11\/Egyptian-Green-Beans.webp 1024w\" sizes=\"(max-width: 300px) 100vw, 300px\" title=\"\"><h2 class=\"woocommerce-loop-product__title\">Taze fasulye<\/h2>\n<\/a><a href=\"https:\/\/peitrade.com\/tr\/product\/taze-fasulye\/\" aria-describedby=\"woocommerce_loop_add_to_cart_link_describedby_7540\" data-quantity=\"1\" class=\"button product_type_simple\" data-product_id=\"7540\" data-product_sku=\"70821\" aria-label=\"&ldquo;Taze fasulye&rdquo; hakk\u0131nda daha fazla bilgi edinin\" rel=\"nofollow\" data-success_message=\"\">Devam\u0131n\u0131 oku<\/a>\t<span id=\"woocommerce_loop_add_to_cart_link_describedby_7540\" class=\"screen-reader-text\">\n\t\t\t<\/span>\n<\/li>\n<\/ul>\n<\/div><\/div>\n<section class=\"section\" style=\"padding: 50px 20px; background-color: #f0f0f0;\">\n<div class=\"container\">\n<h2>Ye\u015fil Fasulye \u0130hracat Lojisti\u011fi ve Pazar Eri\u015fimi<\/h2>\n<p>PEI Trade\u2019nin uzman ihracat ekibi, tarladan nihai teslimata kadar t\u00fcm s\u00fcre\u00e7leri y\u00f6netir. So\u011futmal\u0131 nakliye, ihracata haz\u0131r paketleme ve kapsaml\u0131 belge y\u00f6netimi ile k\u00fcresel standartlar\u0131 kar\u015f\u0131l\u0131yoruz.<\/p>\n<p>M\u0131s\u0131r&#8217;daki fasulye ihracat\u00e7\u0131lar\u0131 olarak Avrupa, K\u00f6rfez \u0130\u015fbirli\u011fi Konseyi (GCC), Asya ve di\u011fer stratejik pazarlara ihracat yap\u0131yoruz. Ye\u015fil fasulye pazar\u0131 taleplerine uygun olarak a\u011f\u0131m\u0131z\u0131 geni\u015fletmeye devam ediyoruz.<\/p>\n<p style=\"text-align: center; margin-top: 40px;\"><a class=\"button primary large\" href=\"\/contact\">M\u0131s\u0131r&#8217;dan Ye\u015fil Fasulye \u0130thal Edin<\/a><\/p>\n<\/div>\n<\/section>\n<section class=\"section\" style=\"padding: 50px 20px; background-color: #f9f9f9;\">\n<div class=\"container\">\n<h2>S\u0131k\u00e7a Sorulan Sorular<\/h2>\n<div>\n<h3>M\u0131s\u0131r&#8217;da fasulye hasat mevsimi ne zaman ba\u015flar?<\/h3>\n<p>M\u0131s\u0131r&#8217;da fasulye hasat mevsimi genellikle ge\u00e7 k\u0131\u015ftan erken yaz aylar\u0131na kadar s\u00fcrer. PEI Trade, taze fasulyeleri y\u0131l boyunca temin etmek i\u00e7in yeti\u015ftiricilerle yak\u0131n i\u015f birli\u011fi yapar.<\/p>\n<\/div>\n<div>\n<h3>Hangi fasulye \u00e7e\u015fitlerini tedarik ediyorsunuz?<\/h3>\n<p>Fasolia M\u0131s\u0131r fasulyesi, M\u0131s\u0131r Paulista ye\u015fil fasulyesi ve M\u0131s\u0131r Valentino ye\u015fil fasulyesi dahil olmak \u00fczere \u00e7e\u015fitli fasulye t\u00fcrleri sunuyoruz.<\/p>\n<\/div>\n<div>\n<h3>Organik M\u0131s\u0131r fasulyesi ihracat\u0131 yap\u0131yor musunuz?<\/h3>\n<p>Evet, sertifikal\u0131 organik M\u0131s\u0131r fasulyesi se\u00e7eneklerimiz mevcut olup uluslararas\u0131 organik sertifikasyon standartlar\u0131na uygundur.<\/p>\n<\/div>\n<div>\n<h3>Fasulye ithalat gereksinimleri nelerdir?<\/h3>\n<p>PEI Trade, fasulye ithalat prosed\u00fcrleri ve kalite kontrol s\u00fcre\u00e7leri konusunda tam destek sa\u011flar.<\/p>\n<\/div>\n<div>\n<h3>Hangi pazarlara ihracat yap\u0131yorsunuz?<\/h3>\n<p>Avrupa, K\u00f6rfez \u0130\u015fbirli\u011fi Konseyi (GCC), Asya ve di\u011fer uluslararas\u0131 pazarlara ihracat ger\u00e7ekle\u015ftiriyoruz.<\/p>\n<\/div>\n<\/div>\n<\/section>\n","protected":false},"excerpt":{"rendered":"<p>G\u00fcvenilir M\u0131s\u0131r&#8217;daki Fasulye \u0130hracat\u00e7\u0131lar\u0131 \u2013 PEI Trade PEI Trade, M\u0131s\u0131r&#8217;daki fasulye ihracat\u00e7\u0131lar\u0131 aras\u0131nda lider bir isimdir ve d\u00fcnya genelinde y\u00fcksek kaliteli M\u0131s\u0131r fasulyesi tedariki sa\u011flar. M\u0131s\u0131r&#8217;daki fasulye ihracat\u00e7\u0131lar\u0131 olarak, taze ve lezzetli fasulyeleri M\u0131s\u0131r fasulye hasat sezonu boyunca g\u00fcvenilir \u00e7iftliklerden temin ediyoruz. M\u0131s\u0131r&#8217;daki fasulye ihracat\u00e7\u0131lar\u0131 olarak kalite ve tutarl\u0131l\u0131k konusundaki taahh\u00fcd\u00fcm\u00fcz, ithalat\u00e7\u0131lar ve distrib\u00fct\u00f6rler i\u00e7in [&hellip;]<\/p>\n","protected":false},"author":1,"featured_media":0,"parent":0,"menu_order":0,"comment_status":"closed","ping_status":"closed","template":"","meta":{"footnotes":""},"class_list":["post-5728","page","type-page","status-publish","hentry"],"blocksy_meta":[],"mb":[],"featured_image_urls_v2":{"full":"","thumbnail":"","medium":"","medium_large":"","large":"","1536x1536":"","2048x2048":"","woocommerce_archive_thumbnail":"","woocommerce_thumbnail":"","woocommerce_single":"","woocommerce_gallery_thumbnail":""},"post_excerpt_stackable_v2":"<p>G\u00fcvenilir M\u0131s\u0131r&#8217;daki Fasulye \u0130hracat\u00e7\u0131lar\u0131 \u2013 PEI Trade PEI Trade, M\u0131s\u0131r&#8217;daki fasulye ihracat\u00e7\u0131lar\u0131 aras\u0131nda lider bir isimdir ve d\u00fcnya genelinde y\u00fcksek kaliteli M\u0131s\u0131r fasulyesi tedariki sa\u011flar. M\u0131s\u0131r&#8217;daki fasulye ihracat\u00e7\u0131lar\u0131 olarak, taze ve lezzetli fasulyeleri M\u0131s\u0131r fasulye hasat sezonu boyunca g\u00fcvenilir \u00e7iftliklerden temin ediyoruz. M\u0131s\u0131r&#8217;daki fasulye ihracat\u00e7\u0131lar\u0131 olarak kalite ve tutarl\u0131l\u0131k konusundaki taahh\u00fcd\u00fcm\u00fcz, ithalat\u00e7\u0131lar ve distrib\u00fct\u00f6rler i\u00e7in bizi birinci tercih haline getiriyor. Firmam\u0131z, Fasolia M\u0131s\u0131r fasulyesi, M\u0131s\u0131r Paulista ye\u015fil fasulyesi ve M\u0131s\u0131r Valentino ye\u015fil fasulyesi gibi \u00e7e\u015fitli fasulye \u00e7e\u015fitlerini tedarik etmektedir. Her \u00e7e\u015fit, m\u00fckemmel tat, doku ve tazeli\u011fi sa\u011flamak i\u00e7in optimal olgunlukta hasat edilir. PEI Trade, M\u0131s\u0131r&#8217;daki fasulye ihracat\u00e7\u0131lar\u0131 olarak, sorunsuz ihracat&hellip;<\/p>\n","category_list_v2":"","author_info_v2":{"name":"Mostafa Sabry","url":"https:\/\/peitrade.com\/tr\/author\/emostafaadel_jn8gcqbo\/"},"comments_num_v2":"0 comments","mfb_rest_fields":["title","blocksy_meta","featured_image_urls_v2","post_excerpt_stackable_v2","category_list_v2","author_info_v2","comments_num_v2"],"_links":{"self":[{"href":"https:\/\/peitrade.com\/tr\/wp-json\/wp\/v2\/pages\/5728","targetHints":{"allow":["GET"]}}],"collection":[{"href":"https:\/\/peitrade.com\/tr\/wp-json\/wp\/v2\/pages"}],"about":[{"href":"https:\/\/peitrade.com\/tr\/wp-json\/wp\/v2\/types\/page"}],"author":[{"embeddable":true,"href":"https:\/\/peitrade.com\/tr\/wp-json\/wp\/v2\/users\/1"}],"replies":[{"embeddable":true,"href":"https:\/\/peitrade.com\/tr\/wp-json\/wp\/v2\/comments?post=5728"}],"version-history":[{"count":1,"href":"https:\/\/peitrade.com\/tr\/wp-json\/wp\/v2\/pages\/5728\/revisions"}],"predecessor-version":[{"id":5729,"href":"https:\/\/peitrade.com\/tr\/wp-json\/wp\/v2\/pages\/5728\/revisions\/5729"}],"wp:attachment":[{"href":"https:\/\/peitrade.com\/tr\/wp-json\/wp\/v2\/media?parent=5728"}],"curies":[{"name":"wp","href":"https:\/\/api.w.org\/{rel}","templated":true}]}}