{"id":5746,"date":"2025-05-19T09:10:35","date_gmt":"2025-05-19T09:10:35","guid":{"rendered":"http:\/\/46.224.74.15\/misirli-altin-soganlar\/"},"modified":"2025-11-19T16:45:57","modified_gmt":"2025-11-19T16:45:57","slug":"misirli-altin-soganlar","status":"publish","type":"page","link":"https:\/\/peitrade.com\/tr\/misirli-altin-soganlar\/","title":{"rendered":"\u0130hracat \u0130\u00e7in M\u0131s\u0131rl\u0131 Alt\u0131n So\u011fanlar \u2013 PEI Trade&#8217;den \u00dcst D\u00fczey Kalite"},"content":{"rendered":"<section style=\"padding: 60px 20px; background-color: #f9f9f9;\">\n<div class=\"container\">\n<h1>\u0130hracat \u0130\u00e7in M\u0131s\u0131rl\u0131 Alt\u0131n So\u011fanlar \u2013 PEI Trade&#8217;den \u00dcst D\u00fczey Kalite<\/h1>\n<p>&nbsp;<\/p>\n<p>PEI Trade, zengin rengi, sert dokusu ve uzun raf \u00f6mr\u00fcyle bilinen birinci s\u0131n\u0131f <strong>M\u0131s\u0131rl\u0131 alt\u0131n so\u011fanlar\u0131n<\/strong> g\u00fcvenilir tedarik\u00e7isidir. Nil Deltas\u0131\u2019n\u0131n verimli topraklar\u0131nda yeti\u015ftirilen alt\u0131n so\u011fanlar\u0131m\u0131z, tazelik ve ihracat i\u00e7in standartlara uygunluk sa\u011flamak ad\u0131na olgunla\u015ft\u0131\u011f\u0131nda elle se\u00e7ilir.<\/p>\n<p>En g\u00fcvenilir <strong>M\u0131s\u0131r&#8217;daki so\u011fan ihracat\u00e7\u0131lar\u0131<\/strong> aras\u0131nda yer alan firmam\u0131z, Avrupa, Orta Do\u011fu ve Asya genelindeki m\u00fc\u015fterilere alt\u0131n, k\u0131rm\u0131z\u0131 ve beyaz so\u011fan\u0131 toptan olarak sunar. Tarladan paketlemeye ve lojisti\u011fe kadar dikey entegre operasyonlar\u0131m\u0131z sayesinde uluslararas\u0131 kalite standartlar\u0131n\u0131 kar\u015f\u0131lar ve tam izlenebilirlik sunar.<\/p>\n<\/div>\n<\/section>\n<div class=\"wp-block-woocommerce-product-collection\"><div class=\"woocommerce columns-4 \"><ul class=\"products columns-4\" data-products=\"type-2\">\n<li class=\"product type-product post-7719 status-publish first instock product_cat-legumes product_cat-in-season has-post-thumbnail shipping-taxable product-type-simple\">\n\t<a href=\"https:\/\/peitrade.com\/tr\/product\/kuru-beyaz-fasulye\/\" class=\"woocommerce-LoopProduct-link woocommerce-loop-product__link\"><img decoding=\"async\" width=\"300\" height=\"300\" src=\"https:\/\/peitrade.com\/wp-content\/uploads\/2025\/11\/Egyptian-White-Beans-300x300.webp\" class=\"attachment-woocommerce_thumbnail size-woocommerce_thumbnail\" alt=\"Kuru beyaz fasulye\" srcset=\"https:\/\/peitrade.com\/wp-content\/uploads\/2025\/11\/Egyptian-White-Beans-300x300.webp 300w, https:\/\/peitrade.com\/wp-content\/uploads\/2025\/11\/Egyptian-White-Beans-150x150.webp 150w, https:\/\/peitrade.com\/wp-content\/uploads\/2025\/11\/Egyptian-White-Beans-768x768.webp 768w, https:\/\/peitrade.com\/wp-content\/uploads\/2025\/11\/Egyptian-White-Beans-600x600.webp 600w, https:\/\/peitrade.com\/wp-content\/uploads\/2025\/11\/Egyptian-White-Beans-100x100.webp 100w, https:\/\/peitrade.com\/wp-content\/uploads\/2025\/11\/Egyptian-White-Beans.webp 1024w\" sizes=\"(max-width: 300px) 100vw, 300px\" title=\"\"><h2 class=\"woocommerce-loop-product__title\">Kuru beyaz fasulye<\/h2>\n<\/a><a href=\"https:\/\/peitrade.com\/tr\/product\/kuru-beyaz-fasulye\/\" aria-describedby=\"woocommerce_loop_add_to_cart_link_describedby_7719\" data-quantity=\"1\" class=\"button product_type_simple\" data-product_id=\"7719\" data-product_sku=\"70820\" aria-label=\"&ldquo;Kuru beyaz fasulye&rdquo; hakk\u0131nda daha fazla bilgi edinin\" rel=\"nofollow\" data-success_message=\"\">Devam\u0131n\u0131 oku<\/a>\t<span id=\"woocommerce_loop_add_to_cart_link_describedby_7719\" class=\"screen-reader-text\">\n\t\t\t<\/span>\n<\/li>\n<li class=\"product type-product post-7776 status-publish instock product_cat-vegetables product_cat-in-season has-post-thumbnail shipping-taxable product-type-simple\">\n\t<a href=\"https:\/\/peitrade.com\/tr\/product\/patates\/\" class=\"woocommerce-LoopProduct-link woocommerce-loop-product__link\"><img decoding=\"async\" width=\"300\" height=\"300\" src=\"https:\/\/peitrade.com\/wp-content\/uploads\/2025\/11\/Egyptian-Potatoes-300x300.webp\" class=\"attachment-woocommerce_thumbnail size-woocommerce_thumbnail\" alt=\"Patates\" srcset=\"https:\/\/peitrade.com\/wp-content\/uploads\/2025\/11\/Egyptian-Potatoes-300x300.webp 300w, https:\/\/peitrade.com\/wp-content\/uploads\/2025\/11\/Egyptian-Potatoes-150x150.webp 150w, https:\/\/peitrade.com\/wp-content\/uploads\/2025\/11\/Egyptian-Potatoes-768x768.webp 768w, https:\/\/peitrade.com\/wp-content\/uploads\/2025\/11\/Egyptian-Potatoes-600x600.webp 600w, https:\/\/peitrade.com\/wp-content\/uploads\/2025\/11\/Egyptian-Potatoes-100x100.webp 100w, https:\/\/peitrade.com\/wp-content\/uploads\/2025\/11\/Egyptian-Potatoes.webp 1024w\" sizes=\"(max-width: 300px) 100vw, 300px\" title=\"\"><h2 class=\"woocommerce-loop-product__title\">Patates<\/h2>\n<\/a><a href=\"https:\/\/peitrade.com\/tr\/product\/patates\/\" aria-describedby=\"woocommerce_loop_add_to_cart_link_describedby_7776\" data-quantity=\"1\" class=\"button product_type_simple\" data-product_id=\"7776\" data-product_sku=\"70190\" aria-label=\"&ldquo;Patates&rdquo; hakk\u0131nda daha fazla bilgi edinin\" rel=\"nofollow\" data-success_message=\"\">Devam\u0131n\u0131 oku<\/a>\t<span id=\"woocommerce_loop_add_to_cart_link_describedby_7776\" class=\"screen-reader-text\">\n\t\t\t<\/span>\n<\/li>\n<li class=\"product type-product post-7484 status-publish instock product_cat-vegetables product_cat-in-season has-post-thumbnail shipping-taxable product-type-simple\">\n\t<a href=\"https:\/\/peitrade.com\/tr\/product\/sogan\/\" class=\"woocommerce-LoopProduct-link woocommerce-loop-product__link\"><img decoding=\"async\" width=\"300\" height=\"300\" src=\"https:\/\/peitrade.com\/wp-content\/uploads\/2025\/11\/Egyption-Onion-300x300.webp\" class=\"attachment-woocommerce_thumbnail size-woocommerce_thumbnail\" alt=\"Egyption Onion - PEI Trade\" srcset=\"https:\/\/peitrade.com\/wp-content\/uploads\/2025\/11\/Egyption-Onion-300x300.webp 300w, https:\/\/peitrade.com\/wp-content\/uploads\/2025\/11\/Egyption-Onion-150x150.webp 150w, https:\/\/peitrade.com\/wp-content\/uploads\/2025\/11\/Egyption-Onion-768x768.webp 768w, https:\/\/peitrade.com\/wp-content\/uploads\/2025\/11\/Egyption-Onion-600x600.webp 600w, https:\/\/peitrade.com\/wp-content\/uploads\/2025\/11\/Egyption-Onion-100x100.webp 100w, https:\/\/peitrade.com\/wp-content\/uploads\/2025\/11\/Egyption-Onion.webp 1024w\" sizes=\"(max-width: 300px) 100vw, 300px\" title=\"\"><h2 class=\"woocommerce-loop-product__title\">So\u011fan<\/h2>\n<\/a><a href=\"https:\/\/peitrade.com\/tr\/product\/sogan\/\" aria-describedby=\"woocommerce_loop_add_to_cart_link_describedby_7484\" data-quantity=\"1\" class=\"button product_type_simple\" data-product_id=\"7484\" data-product_sku=\"70310\" aria-label=\"&ldquo;So\u011fan&rdquo; hakk\u0131nda daha fazla bilgi edinin\" rel=\"nofollow\" data-success_message=\"\">Devam\u0131n\u0131 oku<\/a>\t<span id=\"woocommerce_loop_add_to_cart_link_describedby_7484\" class=\"screen-reader-text\">\n\t\t\t<\/span>\n<\/li>\n<li class=\"product type-product post-7540 status-publish last instock product_cat-vegetables product_cat-in-season has-post-thumbnail shipping-taxable product-type-simple\">\n\t<a href=\"https:\/\/peitrade.com\/tr\/product\/taze-fasulye\/\" class=\"woocommerce-LoopProduct-link woocommerce-loop-product__link\"><img decoding=\"async\" width=\"300\" height=\"300\" src=\"https:\/\/peitrade.com\/wp-content\/uploads\/2025\/11\/Egyptian-Green-Beans-300x300.webp\" class=\"attachment-woocommerce_thumbnail size-woocommerce_thumbnail\" alt=\"Taze fasulye\" srcset=\"https:\/\/peitrade.com\/wp-content\/uploads\/2025\/11\/Egyptian-Green-Beans-300x300.webp 300w, https:\/\/peitrade.com\/wp-content\/uploads\/2025\/11\/Egyptian-Green-Beans-150x150.webp 150w, https:\/\/peitrade.com\/wp-content\/uploads\/2025\/11\/Egyptian-Green-Beans-768x768.webp 768w, https:\/\/peitrade.com\/wp-content\/uploads\/2025\/11\/Egyptian-Green-Beans-600x600.webp 600w, https:\/\/peitrade.com\/wp-content\/uploads\/2025\/11\/Egyptian-Green-Beans-100x100.webp 100w, https:\/\/peitrade.com\/wp-content\/uploads\/2025\/11\/Egyptian-Green-Beans.webp 1024w\" sizes=\"(max-width: 300px) 100vw, 300px\" title=\"\"><h2 class=\"woocommerce-loop-product__title\">Taze fasulye<\/h2>\n<\/a><a href=\"https:\/\/peitrade.com\/tr\/product\/taze-fasulye\/\" aria-describedby=\"woocommerce_loop_add_to_cart_link_describedby_7540\" data-quantity=\"1\" class=\"button product_type_simple\" data-product_id=\"7540\" data-product_sku=\"70821\" aria-label=\"&ldquo;Taze fasulye&rdquo; hakk\u0131nda daha fazla bilgi edinin\" rel=\"nofollow\" data-success_message=\"\">Devam\u0131n\u0131 oku<\/a>\t<span id=\"woocommerce_loop_add_to_cart_link_describedby_7540\" class=\"screen-reader-text\">\n\t\t\t<\/span>\n<\/li>\n<\/ul>\n<\/div><\/div>\n<section style=\"padding: 50px 20px;\">\n<div class=\"container\">\n<h2>PEI Trade&#8217;den M\u0131s\u0131rl\u0131 Alt\u0131n So\u011fanlar\u0131 Neden Tercih Etmelisiniz?<\/h2>\n<p><span style=\"font-weight: 400;\"><strong>M\u0131s\u0131rl\u0131 alt\u0131n so\u011fanlar\u0131m\u0131z<\/strong>, ithalat\u00e7\u0131lar i\u00e7in \u015fu nedenlerle \u00f6ne \u00e7\u0131kar:<\/span><\/p>\n<ul>\n<li style=\"font-weight: 400;\" aria-level=\"1\"><span style=\"font-weight: 400;\">Parlak alt\u0131n-kahverengi kabuk ve s\u0131k\u0131, yo\u011fun ba\u015flar<\/span><\/li>\n<li style=\"font-weight: 400;\" aria-level=\"1\"><span style=\"font-weight: 400;\">Mutfakta kullan\u0131ma uygun keskin ve tatl\u0131 aroma<\/span><\/li>\n<li style=\"font-weight: 400;\" aria-level=\"1\"><span style=\"font-weight: 400;\">G\u00fc\u00e7l\u00fc d\u0131\u015f katmanlar ve d\u00fc\u015f\u00fck nem oran\u0131yla uzun raf \u00f6mr\u00fc<\/span><\/li>\n<li style=\"font-weight: 400;\" aria-level=\"1\"><span style=\"font-weight: 400;\">Toptan, g\u0131da hizmetleri ve perakende pazarlar i\u00e7in m\u00fckemmel<\/span><\/li>\n<\/ul>\n<p><span style=\"font-weight: 400;\">Deneyimli \u00e7ift\u00e7ilerimiz, her <strong>M\u0131s\u0131r y\u00fcr\u00fcyen so\u011fan\u0131 hasad\u0131n\u0131n<\/strong> en y\u00fcksek kaliteye ula\u015facak \u015fekilde zamanlamas\u0131n\u0131 yapar. B\u00f6ylece ihracat taleplerini ilkbahar ba\u015f\u0131ndan yaz sonuna kadar kar\u015f\u0131layabiliyoruz.<\/span><\/p>\n<h2>\u0130\u015fleme, Paketleme &amp; \u0130hracat Lojisti\u011fi<\/h2>\n<p><span style=\"font-weight: 400;\">PEI Trade, her parti alt\u0131n so\u011fan\u0131 titizlikle i\u015fler:<\/span><\/p>\n<ul>\n<li style=\"font-weight: 400;\" aria-level=\"1\"><span style=\"font-weight: 400;\">Olgunlukta hasat edilir; boyut ve \u015fekil dengesi sa\u011flan\u0131r<\/span><\/li>\n<li style=\"font-weight: 400;\" aria-level=\"1\"><span style=\"font-weight: 400;\">Hava ile kurutulup dayan\u0131kl\u0131l\u0131\u011f\u0131 art\u0131r\u0131l\u0131r<\/span><\/li>\n<li style=\"font-weight: 400;\" aria-level=\"1\"><span style=\"font-weight: 400;\">5 kg, 10 kg ve 25 kg a\u011f torbalar veya kartonlara paketlenir<\/span><\/li>\n<li style=\"font-weight: 400;\" aria-level=\"1\"><span style=\"font-weight: 400;\">Ger\u00e7ek zamanl\u0131 takipli so\u011futmal\u0131 konteynerlerle sevk edilir<\/span><\/li>\n<\/ul>\n<p><span style=\"font-weight: 400;\">En iyi <strong>M\u0131s\u0131r so\u011fan ihracat\u00e7\u0131lar\u0131<\/strong> aras\u0131nda yer alan firmam\u0131z, t\u00fcm gerekli ihracat belgelerini, sertifikalar\u0131 ve lojistik s\u00fcreci sizin i\u00e7in sorunsuz bir \u015fekilde y\u00f6netir.<\/span><\/p>\n<h2>Mevcut \u00c7e\u015fitler: Alt\u0131n, K\u0131rm\u0131z\u0131 &amp; Beyaz So\u011fan<\/h2>\n<p><span style=\"font-weight: 400;\">Alt\u0131n so\u011fana ek olarak PEI Trade \u015fu \u00fcr\u00fcnleri de sunar:<\/span><\/p>\n<ul>\n<li style=\"font-weight: 400;\" aria-level=\"1\"><strong>M\u0131s\u0131rl\u0131 K\u0131rm\u0131z\u0131 So\u011fan<\/strong>: Derin mor kabuklu, salatalar, \u0131zgara ve tur\u015fular i\u00e7in ideal<\/li>\n<li style=\"font-weight: 400;\" aria-level=\"1\"><strong>M\u0131s\u0131rl\u0131 Beyaz So\u011fan<\/strong>: K\u0131t\u0131r dokulu ve hafif aromal\u0131, taze ya da pi\u015fmi\u015f yemeklerde kullan\u0131ma uygundur<\/li>\n<li style=\"font-weight: 400;\" aria-level=\"1\"><strong>M\u0131s\u0131r Y\u00fcr\u00fcyen So\u011fan\u0131<\/strong>: Hem ba\u015f hem ye\u015fil k\u0131s\u0131mlar\u0131 kullan\u0131lan \u00f6zel \u00e7ok y\u0131ll\u0131k t\u00fcr<\/li>\n<\/ul>\n<p><span style=\"font-weight: 400;\">Karma konteyner y\u00fcklemeleri dahil olmak \u00fczere \u00f6zelle\u015ftirilmi\u015f sevkiyatlar\u0131 destekliyoruz ve sezonluk ihtiya\u00e7lar\u0131n\u0131za uygun \u00e7\u00f6z\u00fcmler sunuyoruz.<\/span><\/p>\n<h2><b>Paketleme &amp; Etiketleme Se\u00e7enekleri<\/b><\/h2>\n<p><span style=\"font-weight: 400;\">\u0130hracata haz\u0131r, pazar\u0131n\u0131za \u00f6zel paketleme se\u00e7enekleri sunuyoruz:<\/span><\/p>\n<ul>\n<li style=\"font-weight: 400;\" aria-level=\"1\">5 kg \/ 10 kg \/ 25 kg a\u011f ya da j\u00fct \u00e7uvallar<\/li>\n<li style=\"font-weight: 400;\" aria-level=\"1\">Perakende programlar\u0131 i\u00e7in \u00f6zel markal\u0131 kartonlar<\/li>\n<li style=\"font-weight: 400;\" aria-level=\"1\">\u00d6zel barkodlar ve \u00e7ok dilli etiketleme<\/li>\n<li style=\"font-weight: 400;\" aria-level=\"1\">Hijyen kurallar\u0131na uygun \u015fekilde paletli ve y\u00fckl\u00fc<\/li>\n<\/ul>\n<p><span style=\"font-weight: 400;\">Paketlememiz AB ve GCC ithalat y\u00f6nergelerine uygundur ve m\u00fc\u015fterinin iste\u011fine g\u00f6re \u00f6zelle\u015ftirilebilir.<\/span><\/p>\n<\/div>\n<\/section>\n<section style=\"padding: 50px 20px; background-color: #f0f0f0;\">\n<div class=\"container\">\n<h2>PEI Trade&#8217;den M\u0131s\u0131rl\u0131 Alt\u0131n So\u011fan Sipari\u015f Edin<\/h2>\n<p>Geni\u015f \u00f6l\u00e7ekli ihracat operasyonlar\u0131nda uzmanla\u015fm\u0131\u015f, g\u00fcvenilir bir <strong>M\u0131s\u0131rl\u0131 alt\u0131n so\u011fan<\/strong> tedarik\u00e7isi ar\u0131yorsan\u0131z, PEI Trade ihtiya\u00e7lar\u0131n\u0131za hizmet etmeye haz\u0131r.<\/p>\n<p>Kalite kontrol, zaman\u0131nda lojistik ve d\u00fcnya \u00e7ap\u0131nda uzun vadeli i\u015f ortakl\u0131klar\u0131na kendimizi adad\u0131k.<\/p>\n<h2>Teklif Al\u0131n veya G\u00f6nderinizi Bug\u00fcn Planlay\u0131n<\/h2>\n<p>M\u00fcsaitlik durumu, fiyatland\u0131rma ve sevkiyat programlar\u0131 hakk\u0131nda bilgi almak i\u00e7in PEI Trade ile ileti\u015fime ge\u00e7in. \u0130hracat ekibimiz sezonluk planlama ve toplu al\u0131mlar i\u00e7in size destek sa\u011flamaktan memnuniyet duyar.<\/p>\n<p style=\"text-align: center; margin-top: 40px;\"><a class=\"button primary large\" href=\"\/contact\">\u015eimdi Sipari\u015f Ver<\/a><\/p>\n<\/div>\n<\/section>\n<section style=\"padding: 50px 20px;\">\n<div class=\"container\">\n<h2>Daha Fazla Taze M\u0131s\u0131r \u00dcr\u00fcn\u00fc<\/h2>\n<p>&nbsp;<\/p>\n<p>So\u011fana ek olarak PEI Trade, M\u0131s\u0131r \u00fcz\u00fcmleri, narenciye, nar ve patates ihracat\u0131 da yapmaktad\u0131r. Karma sevkiyatlar ve uzun vadeli tedarik s\u00f6zle\u015fmeleri i\u00e7in tam destek sunuyoruz. <a href=\"\/about\">Hizmetlerimiz hakk\u0131nda daha fazla bilgi edinin<\/a>.<\/p>\n<div class=\"wp-block-woocommerce-product-collection\"><div class=\"woocommerce columns-4 \"><ul class=\"products columns-4\" data-products=\"type-2\">\n<li class=\"product type-product post-7360 status-publish first instock product_cat-vegetables has-post-thumbnail shipping-taxable product-type-simple\">\n\t<a href=\"https:\/\/peitrade.com\/tr\/product\/domates\/\" class=\"woocommerce-LoopProduct-link woocommerce-loop-product__link\"><img decoding=\"async\" width=\"300\" height=\"300\" src=\"https:\/\/peitrade.com\/wp-content\/uploads\/2025\/11\/Egyptian-Tomatoes-300x300.webp\" class=\"attachment-woocommerce_thumbnail size-woocommerce_thumbnail\" alt=\"Domates\" srcset=\"https:\/\/peitrade.com\/wp-content\/uploads\/2025\/11\/Egyptian-Tomatoes-300x300.webp 300w, https:\/\/peitrade.com\/wp-content\/uploads\/2025\/11\/Egyptian-Tomatoes-150x150.webp 150w, https:\/\/peitrade.com\/wp-content\/uploads\/2025\/11\/Egyptian-Tomatoes-768x768.webp 768w, https:\/\/peitrade.com\/wp-content\/uploads\/2025\/11\/Egyptian-Tomatoes-600x600.webp 600w, https:\/\/peitrade.com\/wp-content\/uploads\/2025\/11\/Egyptian-Tomatoes-100x100.webp 100w, https:\/\/peitrade.com\/wp-content\/uploads\/2025\/11\/Egyptian-Tomatoes.webp 1024w\" sizes=\"(max-width: 300px) 100vw, 300px\" title=\"\"><h2 class=\"woocommerce-loop-product__title\">Domates<\/h2>\n<\/a><a href=\"https:\/\/peitrade.com\/tr\/product\/domates\/\" aria-describedby=\"woocommerce_loop_add_to_cart_link_describedby_7360\" data-quantity=\"1\" class=\"button product_type_simple\" data-product_id=\"7360\" data-product_sku=\"70200\" aria-label=\"&ldquo;Domates&rdquo; hakk\u0131nda daha fazla bilgi edinin\" rel=\"nofollow\" data-success_message=\"\">Devam\u0131n\u0131 oku<\/a>\t<span id=\"woocommerce_loop_add_to_cart_link_describedby_7360\" class=\"screen-reader-text\">\n\t\t\t<\/span>\n<\/li>\n<li class=\"product type-product post-7776 status-publish instock product_cat-vegetables product_cat-in-season has-post-thumbnail shipping-taxable product-type-simple\">\n\t<a href=\"https:\/\/peitrade.com\/tr\/product\/patates\/\" class=\"woocommerce-LoopProduct-link woocommerce-loop-product__link\"><img decoding=\"async\" width=\"300\" height=\"300\" src=\"https:\/\/peitrade.com\/wp-content\/uploads\/2025\/11\/Egyptian-Potatoes-300x300.webp\" class=\"attachment-woocommerce_thumbnail size-woocommerce_thumbnail\" alt=\"Patates\" srcset=\"https:\/\/peitrade.com\/wp-content\/uploads\/2025\/11\/Egyptian-Potatoes-300x300.webp 300w, https:\/\/peitrade.com\/wp-content\/uploads\/2025\/11\/Egyptian-Potatoes-150x150.webp 150w, https:\/\/peitrade.com\/wp-content\/uploads\/2025\/11\/Egyptian-Potatoes-768x768.webp 768w, https:\/\/peitrade.com\/wp-content\/uploads\/2025\/11\/Egyptian-Potatoes-600x600.webp 600w, https:\/\/peitrade.com\/wp-content\/uploads\/2025\/11\/Egyptian-Potatoes-100x100.webp 100w, https:\/\/peitrade.com\/wp-content\/uploads\/2025\/11\/Egyptian-Potatoes.webp 1024w\" sizes=\"(max-width: 300px) 100vw, 300px\" title=\"\"><h2 class=\"woocommerce-loop-product__title\">Patates<\/h2>\n<\/a><a href=\"https:\/\/peitrade.com\/tr\/product\/patates\/\" aria-describedby=\"woocommerce_loop_add_to_cart_link_describedby_7776\" data-quantity=\"1\" class=\"button product_type_simple\" data-product_id=\"7776\" data-product_sku=\"70190\" aria-label=\"&ldquo;Patates&rdquo; hakk\u0131nda daha fazla bilgi edinin\" rel=\"nofollow\" data-success_message=\"\">Devam\u0131n\u0131 oku<\/a>\t<span id=\"woocommerce_loop_add_to_cart_link_describedby_7776\" class=\"screen-reader-text\">\n\t\t\t<\/span>\n<\/li>\n<li class=\"product type-product post-7376 status-publish instock product_cat-vegetables product_cat-in-season has-post-thumbnail shipping-taxable product-type-simple\">\n\t<a href=\"https:\/\/peitrade.com\/tr\/product\/sarimsak\/\" class=\"woocommerce-LoopProduct-link woocommerce-loop-product__link\"><img decoding=\"async\" width=\"300\" height=\"300\" src=\"https:\/\/peitrade.com\/wp-content\/uploads\/2025\/11\/Egyptian-Garlic-300x300.webp\" class=\"attachment-woocommerce_thumbnail size-woocommerce_thumbnail\" alt=\"Sar\u0131msak\" srcset=\"https:\/\/peitrade.com\/wp-content\/uploads\/2025\/11\/Egyptian-Garlic-300x300.webp 300w, https:\/\/peitrade.com\/wp-content\/uploads\/2025\/11\/Egyptian-Garlic-150x150.webp 150w, https:\/\/peitrade.com\/wp-content\/uploads\/2025\/11\/Egyptian-Garlic-768x768.webp 768w, https:\/\/peitrade.com\/wp-content\/uploads\/2025\/11\/Egyptian-Garlic-600x600.webp 600w, https:\/\/peitrade.com\/wp-content\/uploads\/2025\/11\/Egyptian-Garlic-100x100.webp 100w, https:\/\/peitrade.com\/wp-content\/uploads\/2025\/11\/Egyptian-Garlic.webp 1024w\" sizes=\"(max-width: 300px) 100vw, 300px\" title=\"\"><h2 class=\"woocommerce-loop-product__title\">Sar\u0131msak<\/h2>\n<\/a><a href=\"https:\/\/peitrade.com\/tr\/product\/sarimsak\/\" aria-describedby=\"woocommerce_loop_add_to_cart_link_describedby_7376\" data-quantity=\"1\" class=\"button product_type_simple\" data-product_id=\"7376\" data-product_sku=\"70320\" aria-label=\"&ldquo;Sar\u0131msak&rdquo; hakk\u0131nda daha fazla bilgi edinin\" rel=\"nofollow\" data-success_message=\"\">Devam\u0131n\u0131 oku<\/a>\t<span id=\"woocommerce_loop_add_to_cart_link_describedby_7376\" class=\"screen-reader-text\">\n\t\t\t<\/span>\n<\/li>\n<li class=\"product type-product post-7796 status-publish last instock product_cat-vegetables product_cat-in-season has-post-thumbnail shipping-taxable product-type-simple\">\n\t<a href=\"https:\/\/peitrade.com\/tr\/product\/tatli-patates\/\" class=\"woocommerce-LoopProduct-link woocommerce-loop-product__link\"><img decoding=\"async\" width=\"300\" height=\"300\" src=\"https:\/\/peitrade.com\/wp-content\/uploads\/2025\/11\/Egyptian-Sweet-Potatoes-300x300.webp\" class=\"attachment-woocommerce_thumbnail size-woocommerce_thumbnail\" alt=\"Egyptian Sweet Potatoes - PEI Trade\" srcset=\"https:\/\/peitrade.com\/wp-content\/uploads\/2025\/11\/Egyptian-Sweet-Potatoes-300x300.webp 300w, https:\/\/peitrade.com\/wp-content\/uploads\/2025\/11\/Egyptian-Sweet-Potatoes-150x150.webp 150w, https:\/\/peitrade.com\/wp-content\/uploads\/2025\/11\/Egyptian-Sweet-Potatoes-768x768.webp 768w, https:\/\/peitrade.com\/wp-content\/uploads\/2025\/11\/Egyptian-Sweet-Potatoes-600x600.webp 600w, https:\/\/peitrade.com\/wp-content\/uploads\/2025\/11\/Egyptian-Sweet-Potatoes-100x100.webp 100w, https:\/\/peitrade.com\/wp-content\/uploads\/2025\/11\/Egyptian-Sweet-Potatoes.webp 1024w\" sizes=\"(max-width: 300px) 100vw, 300px\" title=\"\"><h2 class=\"woocommerce-loop-product__title\">Tatl\u0131 patates<\/h2>\n<\/a><a href=\"https:\/\/peitrade.com\/tr\/product\/tatli-patates\/\" aria-describedby=\"woocommerce_loop_add_to_cart_link_describedby_7796\" data-quantity=\"1\" class=\"button product_type_simple\" data-product_id=\"7796\" data-product_sku=\"71420\" aria-label=\"&ldquo;Tatl\u0131 patates&rdquo; hakk\u0131nda daha fazla bilgi edinin\" rel=\"nofollow\" data-success_message=\"\">Devam\u0131n\u0131 oku<\/a>\t<span id=\"woocommerce_loop_add_to_cart_link_describedby_7796\" class=\"screen-reader-text\">\n\t\t\t<\/span>\n<\/li>\n<\/ul>\n<\/div><\/div>\n<\/div>\n<\/section>\n<section style=\"padding: 50px 20px; background-color: #f9f9f9;\">\n<div class=\"container\">\n<h2>S\u0131k\u00e7a Sorulan Sorular<\/h2>\n<h3>M\u0131s\u0131rl\u0131 alt\u0131n so\u011fan sezonu ne zaman ba\u015flar?<\/h3>\n<p>Alt\u0131n so\u011fan hasad\u0131, \u00e7e\u015fide ve iklime ba\u011fl\u0131 olarak Mart ay\u0131 ba\u015f\u0131nda ba\u015flar ve A\u011fustos\u2019a kadar devam eder.<\/p>\n<h3>K\u0131rm\u0131z\u0131 ve beyaz so\u011fan da ithal edebilir miyim?<\/h3>\n<p>Evet, <strong>M\u0131s\u0131rl\u0131 k\u0131rm\u0131z\u0131 so\u011fan<\/strong> ve <strong>M\u0131s\u0131rl\u0131 beyaz so\u011fan<\/strong> da alt\u0131n so\u011fanla birlikte ihra\u00e7 edilmektedir. Karma konteyner y\u00fcklemeleri mevcuttur.<\/p>\n<h3>Hangi boyutlar\u0131 sunuyorsunuz?<\/h3>\n<p>Teslimat \u00fclkesine g\u00f6re 40 mm ile 80 mm aras\u0131nda boyut s\u0131n\u0131fland\u0131rmalar\u0131 sunuyoruz.<\/p>\n<h3>So\u011fanlar uzun sevkiyat i\u00e7in \u00f6n i\u015flemden ge\u00e7iyor mu?<\/h3>\n<p>Evet, t\u00fcm <strong>M\u0131s\u0131rl\u0131 alt\u0131n so\u011fanlar<\/strong> hava ile kurutulmu\u015f ve uzun s\u00fcreli ta\u015f\u0131ma dayan\u0131kl\u0131l\u0131\u011f\u0131 i\u00e7in \u00f6zenle ayr\u0131\u015ft\u0131r\u0131lm\u0131\u015ft\u0131r.<\/p>\n<h3>Hangi sertifikalara sahipsiniz?<\/h3>\n<p>PEI Trade, GlobalG.A.P., ISO 22000 ve ba\u015fl\u0131ca global pazarlar i\u00e7in bitki sa\u011fl\u0131\u011f\u0131 ihracat standartlar\u0131na uygundur.<\/p>\n<\/div>\n<\/section>\n","protected":false},"excerpt":{"rendered":"<p>\u0130hracat \u0130\u00e7in M\u0131s\u0131rl\u0131 Alt\u0131n So\u011fanlar \u2013 PEI Trade&#8217;den \u00dcst D\u00fczey Kalite &nbsp; PEI Trade, zengin rengi, sert dokusu ve uzun raf \u00f6mr\u00fcyle bilinen birinci s\u0131n\u0131f M\u0131s\u0131rl\u0131 alt\u0131n so\u011fanlar\u0131n g\u00fcvenilir tedarik\u00e7isidir. Nil Deltas\u0131\u2019n\u0131n verimli topraklar\u0131nda yeti\u015ftirilen alt\u0131n so\u011fanlar\u0131m\u0131z, tazelik ve ihracat i\u00e7in standartlara uygunluk sa\u011flamak ad\u0131na olgunla\u015ft\u0131\u011f\u0131nda elle se\u00e7ilir. En g\u00fcvenilir M\u0131s\u0131r&#8217;daki so\u011fan ihracat\u00e7\u0131lar\u0131 aras\u0131nda yer [&hellip;]<\/p>\n","protected":false},"author":9,"featured_media":0,"parent":0,"menu_order":0,"comment_status":"closed","ping_status":"closed","template":"","meta":{"footnotes":""},"class_list":["post-5746","page","type-page","status-publish","hentry"],"blocksy_meta":[],"mb":[],"featured_image_urls_v2":{"full":"","thumbnail":"","medium":"","medium_large":"","large":"","1536x1536":"","2048x2048":"","woocommerce_archive_thumbnail":"","woocommerce_thumbnail":"","woocommerce_single":"","woocommerce_gallery_thumbnail":""},"post_excerpt_stackable_v2":"<p>\u0130hracat \u0130\u00e7in M\u0131s\u0131rl\u0131 Alt\u0131n So\u011fanlar \u2013 PEI Trade&#8217;den \u00dcst D\u00fczey Kalite &nbsp; PEI Trade, zengin rengi, sert dokusu ve uzun raf \u00f6mr\u00fcyle bilinen birinci s\u0131n\u0131f M\u0131s\u0131rl\u0131 alt\u0131n so\u011fanlar\u0131n g\u00fcvenilir tedarik\u00e7isidir. Nil Deltas\u0131\u2019n\u0131n verimli topraklar\u0131nda yeti\u015ftirilen alt\u0131n so\u011fanlar\u0131m\u0131z, tazelik ve ihracat i\u00e7in standartlara uygunluk sa\u011flamak ad\u0131na olgunla\u015ft\u0131\u011f\u0131nda elle se\u00e7ilir. En g\u00fcvenilir M\u0131s\u0131r&#8217;daki so\u011fan ihracat\u00e7\u0131lar\u0131 aras\u0131nda yer alan firmam\u0131z, Avrupa, Orta Do\u011fu ve Asya genelindeki m\u00fc\u015fterilere alt\u0131n, k\u0131rm\u0131z\u0131 ve beyaz so\u011fan\u0131 toptan olarak sunar. Tarladan paketlemeye ve lojisti\u011fe kadar dikey entegre operasyonlar\u0131m\u0131z sayesinde uluslararas\u0131 kalite standartlar\u0131n\u0131 kar\u015f\u0131lar ve tam izlenebilirlik sunar. Kuru beyaz fasulye Devam\u0131n\u0131 oku Patates Devam\u0131n\u0131 oku So\u011fan Devam\u0131n\u0131 oku&hellip;<\/p>\n","category_list_v2":"","author_info_v2":{"name":"Maha","url":"https:\/\/peitrade.com\/tr\/author\/m-amer\/"},"comments_num_v2":"0 comments","mfb_rest_fields":["title","blocksy_meta","featured_image_urls_v2","post_excerpt_stackable_v2","category_list_v2","author_info_v2","comments_num_v2"],"_links":{"self":[{"href":"https:\/\/peitrade.com\/tr\/wp-json\/wp\/v2\/pages\/5746","targetHints":{"allow":["GET"]}}],"collection":[{"href":"https:\/\/peitrade.com\/tr\/wp-json\/wp\/v2\/pages"}],"about":[{"href":"https:\/\/peitrade.com\/tr\/wp-json\/wp\/v2\/types\/page"}],"author":[{"embeddable":true,"href":"https:\/\/peitrade.com\/tr\/wp-json\/wp\/v2\/users\/9"}],"replies":[{"embeddable":true,"href":"https:\/\/peitrade.com\/tr\/wp-json\/wp\/v2\/comments?post=5746"}],"version-history":[{"count":1,"href":"https:\/\/peitrade.com\/tr\/wp-json\/wp\/v2\/pages\/5746\/revisions"}],"predecessor-version":[{"id":5747,"href":"https:\/\/peitrade.com\/tr\/wp-json\/wp\/v2\/pages\/5746\/revisions\/5747"}],"wp:attachment":[{"href":"https:\/\/peitrade.com\/tr\/wp-json\/wp\/v2\/media?parent=5746"}],"curies":[{"name":"wp","href":"https:\/\/api.w.org\/{rel}","templated":true}]}}