{"id":5774,"date":"2025-05-19T12:04:56","date_gmt":"2025-05-19T12:04:56","guid":{"rendered":"http:\/\/46.224.74.15\/premium-misir-narlari-pei-trade\/"},"modified":"2025-11-19T16:46:06","modified_gmt":"2025-11-19T16:46:06","slug":"premium-misir-narlari-pei-trade","status":"publish","type":"page","link":"https:\/\/peitrade.com\/tr\/premium-misir-narlari-pei-trade\/","title":{"rendered":"Premium M\u0131s\u0131r Narlar\u0131 \u2013 PEI Trade\u2019den Sezonunda \u0130hracat"},"content":{"rendered":"<section style=\"padding: 60px 20px; background-color: #f9f9f9;\" data-darkreader-inline-bgcolor=\"\">\n<div class=\"container\">\n<h1>Premium M\u0131s\u0131r Narlar\u0131 \u2013 PEI Trade\u2019den Sezonunda \u0130hracat<\/h1>\n<p>D\u00fcnyan\u0131n en canl\u0131 ve lezzetli meyvelerinden baz\u0131lar\u0131n\u0131 \u00fcreten Yukar\u0131 M\u0131s\u0131r ve Nil Deltas\u0131\u2019n\u0131n verimli topraklar\u0131ndan temin edilen en kaliteli M\u0131s\u0131r narlar\u0131n\u0131 ke\u015ffedin. PEI Trade, uluslararas\u0131 pazarlar\u0131n y\u00fcksek standartlar\u0131n\u0131 kar\u015f\u0131layacak \u015fekilde \u00f6zenle se\u00e7ilmi\u015f ve ay\u0131klanm\u0131\u015f premium M\u0131s\u0131r narlar\u0131 sunmaktad\u0131r. Se\u00e7kimizde Wonderful, Ganesh ve Early Red gibi pop\u00fcler \u00e7e\u015fitler bulunur; bu narlar koyu k\u0131rm\u0131z\u0131 taneleri, sulu tatl\u0131l\u0131\u011f\u0131 ve s\u0131k\u0131 dokusuyla \u00f6ne \u00e7\u0131kar. Bu \u00f6zellikleri sayesinde narlar\u0131m\u0131z taze t\u00fcketim, toptan da\u011f\u0131t\u0131m ve d\u00fcnya \u00e7ap\u0131ndaki i\u015fleme sanayileri i\u00e7in idealdir.<\/p>\n<\/div>\n<\/section>\n<div class=\"wp-block-woocommerce-product-collection\"><div class=\"woocommerce columns-4 \"><ul class=\"products columns-4\" data-products=\"type-2\">\n<li class=\"product type-product post-7671 status-publish first instock product_cat-fruits has-post-thumbnail shipping-taxable product-type-simple\">\n\t<a href=\"https:\/\/peitrade.com\/tr\/product\/cilek\/\" class=\"woocommerce-LoopProduct-link woocommerce-loop-product__link\"><img decoding=\"async\" width=\"300\" height=\"300\" src=\"https:\/\/peitrade.com\/wp-content\/uploads\/2025\/11\/Egyptian-Strawberries-300x300.webp\" class=\"attachment-woocommerce_thumbnail size-woocommerce_thumbnail\" alt=\"\u00c7ilek\" srcset=\"https:\/\/peitrade.com\/wp-content\/uploads\/2025\/11\/Egyptian-Strawberries-300x300.webp 300w, https:\/\/peitrade.com\/wp-content\/uploads\/2025\/11\/Egyptian-Strawberries-150x150.webp 150w, https:\/\/peitrade.com\/wp-content\/uploads\/2025\/11\/Egyptian-Strawberries-768x768.webp 768w, https:\/\/peitrade.com\/wp-content\/uploads\/2025\/11\/Egyptian-Strawberries-600x600.webp 600w, https:\/\/peitrade.com\/wp-content\/uploads\/2025\/11\/Egyptian-Strawberries-100x100.webp 100w, https:\/\/peitrade.com\/wp-content\/uploads\/2025\/11\/Egyptian-Strawberries.webp 1024w\" sizes=\"(max-width: 300px) 100vw, 300px\" title=\"\"><h2 class=\"woocommerce-loop-product__title\">\u00c7ilek<\/h2>\n<\/a><a href=\"https:\/\/peitrade.com\/tr\/product\/cilek\/\" aria-describedby=\"woocommerce_loop_add_to_cart_link_describedby_7671\" data-quantity=\"1\" class=\"button product_type_simple\" data-product_id=\"7671\" data-product_sku=\"81010\" aria-label=\"&ldquo;\u00c7ilek&rdquo; hakk\u0131nda daha fazla bilgi edinin\" rel=\"nofollow\" data-success_message=\"\">Devam\u0131n\u0131 oku<\/a>\t<span id=\"woocommerce_loop_add_to_cart_link_describedby_7671\" class=\"screen-reader-text\">\n\t\t\t<\/span>\n<\/li>\n<li class=\"product type-product post-7745 status-publish instock product_cat-fruits has-post-thumbnail shipping-taxable product-type-simple\">\n\t<a href=\"https:\/\/peitrade.com\/tr\/product\/nar\/\" class=\"woocommerce-LoopProduct-link woocommerce-loop-product__link\"><img decoding=\"async\" width=\"300\" height=\"300\" src=\"https:\/\/peitrade.com\/wp-content\/uploads\/2025\/11\/Egyptian-Pomegranate-300x300.webp\" class=\"attachment-woocommerce_thumbnail size-woocommerce_thumbnail\" alt=\"Pomegranates: The Superfruit Appeal\" srcset=\"https:\/\/peitrade.com\/wp-content\/uploads\/2025\/11\/Egyptian-Pomegranate-300x300.webp 300w, https:\/\/peitrade.com\/wp-content\/uploads\/2025\/11\/Egyptian-Pomegranate-150x150.webp 150w, https:\/\/peitrade.com\/wp-content\/uploads\/2025\/11\/Egyptian-Pomegranate-768x768.webp 768w, https:\/\/peitrade.com\/wp-content\/uploads\/2025\/11\/Egyptian-Pomegranate-600x600.webp 600w, https:\/\/peitrade.com\/wp-content\/uploads\/2025\/11\/Egyptian-Pomegranate-100x100.webp 100w, https:\/\/peitrade.com\/wp-content\/uploads\/2025\/11\/Egyptian-Pomegranate.webp 1024w\" sizes=\"(max-width: 300px) 100vw, 300px\" title=\"\"><h2 class=\"woocommerce-loop-product__title\">Nar<\/h2>\n<\/a><a href=\"https:\/\/peitrade.com\/tr\/product\/nar\/\" aria-describedby=\"woocommerce_loop_add_to_cart_link_describedby_7745\" data-quantity=\"1\" class=\"button product_type_simple\" data-product_id=\"7745\" data-product_sku=\"81090\" aria-label=\"&ldquo;Nar&rdquo; hakk\u0131nda daha fazla bilgi edinin\" rel=\"nofollow\" data-success_message=\"\">Devam\u0131n\u0131 oku<\/a>\t<span id=\"woocommerce_loop_add_to_cart_link_describedby_7745\" class=\"screen-reader-text\">\n\t\t\t<\/span>\n<\/li>\n<li class=\"product type-product post-7444 status-publish instock product_cat-fruits product_cat-in-season has-post-thumbnail shipping-taxable product-type-simple\">\n\t<a href=\"https:\/\/peitrade.com\/tr\/product\/portakallar\/\" class=\"woocommerce-LoopProduct-link woocommerce-loop-product__link\"><img decoding=\"async\" width=\"300\" height=\"300\" src=\"https:\/\/peitrade.com\/wp-content\/uploads\/2025\/11\/Egyptian-Oranges-300x300.webp\" class=\"attachment-woocommerce_thumbnail size-woocommerce_thumbnail\" alt=\"M\u0131s\u0131r\u2019\u0131n Kanada\u2019ya portakal ihracat\u0131\" srcset=\"https:\/\/peitrade.com\/wp-content\/uploads\/2025\/11\/Egyptian-Oranges-300x300.webp 300w, https:\/\/peitrade.com\/wp-content\/uploads\/2025\/11\/Egyptian-Oranges-150x150.webp 150w, https:\/\/peitrade.com\/wp-content\/uploads\/2025\/11\/Egyptian-Oranges-768x768.webp 768w, https:\/\/peitrade.com\/wp-content\/uploads\/2025\/11\/Egyptian-Oranges-600x600.webp 600w, https:\/\/peitrade.com\/wp-content\/uploads\/2025\/11\/Egyptian-Oranges-100x100.webp 100w, https:\/\/peitrade.com\/wp-content\/uploads\/2025\/11\/Egyptian-Oranges.webp 1024w\" sizes=\"(max-width: 300px) 100vw, 300px\" title=\"\"><h2 class=\"woocommerce-loop-product__title\">Portakallar<\/h2>\n<\/a><a href=\"https:\/\/peitrade.com\/tr\/product\/portakallar\/\" aria-describedby=\"woocommerce_loop_add_to_cart_link_describedby_7444\" data-quantity=\"1\" class=\"button product_type_simple\" data-product_id=\"7444\" data-product_sku=\"80510\" aria-label=\"&ldquo;Portakallar&rdquo; hakk\u0131nda daha fazla bilgi edinin\" rel=\"nofollow\" data-success_message=\"\">Devam\u0131n\u0131 oku<\/a>\t<span id=\"woocommerce_loop_add_to_cart_link_describedby_7444\" class=\"screen-reader-text\">\n\t\t\t<\/span>\n<\/li>\n<li class=\"product type-product post-7589 status-publish last instock product_cat-fruits has-post-thumbnail shipping-taxable product-type-simple\">\n\t<a href=\"https:\/\/peitrade.com\/tr\/product\/uzum\/\" class=\"woocommerce-LoopProduct-link woocommerce-loop-product__link\"><img decoding=\"async\" width=\"300\" height=\"300\" src=\"https:\/\/peitrade.com\/wp-content\/uploads\/2025\/11\/Egyptian-Grapes-300x300.webp\" class=\"attachment-woocommerce_thumbnail size-woocommerce_thumbnail\" alt=\"Grapes: A Rising Star\" srcset=\"https:\/\/peitrade.com\/wp-content\/uploads\/2025\/11\/Egyptian-Grapes-300x300.webp 300w, https:\/\/peitrade.com\/wp-content\/uploads\/2025\/11\/Egyptian-Grapes-150x150.webp 150w, https:\/\/peitrade.com\/wp-content\/uploads\/2025\/11\/Egyptian-Grapes-768x768.webp 768w, https:\/\/peitrade.com\/wp-content\/uploads\/2025\/11\/Egyptian-Grapes-600x600.webp 600w, https:\/\/peitrade.com\/wp-content\/uploads\/2025\/11\/Egyptian-Grapes-100x100.webp 100w, https:\/\/peitrade.com\/wp-content\/uploads\/2025\/11\/Egyptian-Grapes.webp 1024w\" sizes=\"(max-width: 300px) 100vw, 300px\" title=\"\"><h2 class=\"woocommerce-loop-product__title\">\u00dcz\u00fcm<\/h2>\n<\/a><a href=\"https:\/\/peitrade.com\/tr\/product\/uzum\/\" aria-describedby=\"woocommerce_loop_add_to_cart_link_describedby_7589\" data-quantity=\"1\" class=\"button product_type_simple\" data-product_id=\"7589\" data-product_sku=\"80610\" aria-label=\"&ldquo;\u00dcz\u00fcm&rdquo; hakk\u0131nda daha fazla bilgi edinin\" rel=\"nofollow\" data-success_message=\"\">Devam\u0131n\u0131 oku<\/a>\t<span id=\"woocommerce_loop_add_to_cart_link_describedby_7589\" class=\"screen-reader-text\">\n\t\t\t<\/span>\n<\/li>\n<\/ul>\n<\/div><\/div>\n<section style=\"padding: 50px 20px;\">\n<h2>M\u0131s\u0131r Nar\u0131 \u0130\u00e7in \u0130thalat\u00e7\u0131lar Neden PEI Trade\u2019e G\u00fcvenir<\/h2>\n<p>PEI Trade olarak kaliteye ve g\u00fcvenilir teslimata olan ba\u011fl\u0131l\u0131\u011f\u0131m\u0131z, bizi \u00f6nde gelen bir <strong>M\u0131s\u0131r nar\u0131 ihracat \u015firketi<\/strong> olarak tan\u0131mlar. Hasad\u0131, meyveleri en uygun olgunlukta toplayacak \u015fekilde zamanlar\u0131z ve geli\u015fmi\u015f ay\u0131klama teknikleriyle meyvelerin boyut, renk ve tazeli\u011fini standart hale getiririz. Kalite kontrol protokollerimiz, ta\u015f\u0131ma s\u00fcrecinde meyve b\u00fct\u00fcnl\u00fc\u011f\u00fcn\u00fc korumak i\u00e7in detayl\u0131 denetimleri ve ambalaj standartlar\u0131n\u0131 i\u00e7erir.<\/p>\n<p>\u0130thalat\u00e7\u0131lar ve toptanc\u0131lar PEI Trade\u2019e \u015fu nedenlerle g\u00fcvenir:<\/p>\n<ul>\n<li>Uluslararas\u0131 g\u0131da g\u00fcvenli\u011fi d\u00fczenlemelerine uygun, tutarl\u0131 meyve kalitesi<\/li>\n<li>Antioksidanlar, vitaminler ve mineraller a\u00e7\u0131s\u0131ndan zengin y\u00fcksek besin de\u011feri<\/li>\n<li>Geli\u015fmi\u015f so\u011fuk zincir lojisti\u011fi ile desteklenen uzun raf \u00f6mr\u00fc<\/li>\n<li>Pazar ihtiya\u00e7lar\u0131na g\u00f6re uyarlanm\u0131\u015f esnek sipari\u015f hacimleri<\/li>\n<\/ul>\n<h2>M\u0131s\u0131r Nar\u0131n\u0131n Sezonu ve Mevcudiyeti<\/h2>\n<p>M\u0131s\u0131r\u2019daki nar hasad\u0131 genellikle <strong>eyl\u00fcl sonundan ocak ay\u0131na kadar<\/strong> s\u00fcrer ve erken veya ge\u00e7 \u00e7e\u015fitler bu s\u00fcreyi uzatabilir. PEI Trade, ihracat programlar\u0131n\u0131 k\u00fcresel talep d\u00f6ng\u00fclerine stratejik olarak uyarlar, b\u00f6ylece al\u0131c\u0131lar\u0131n istikrarl\u0131 stoklar\u0131n\u0131 korumas\u0131n\u0131 ve her y\u0131l t\u00fcketici beklentilerini kar\u015f\u0131lamas\u0131n\u0131 sa\u011flar.<\/p>\n<p>Lojistik ekibimiz, yo\u011fun sezonda Avrupa, Orta Do\u011fu, Asya ve Kuzey Afrika\u2019daki ana pazarlara teslimat s\u00fcrelerini optimize eden hassas nakliye planlar\u0131n\u0131 koordine eder.<\/p>\n<h2>\u0130hracat Ambalajlama ve Lojistik<\/h2>\n<p>PEI Trade, meyve kalitesini korumak ve verimli ta\u015f\u0131ma sa\u011flamak i\u00e7in \u00e7e\u015fitli ihracat ambalajlama se\u00e7enekleri sunar:<\/p>\n<ul>\n<li>Pazara uygun, \u00e7ekici tasar\u0131mlarla perakendeye haz\u0131r kutular<\/li>\n<li>Toptan ve i\u015fleme m\u00fc\u015fterileri i\u00e7in b\u00fcy\u00fck koli ve plastik kasalar<\/li>\n<li>\u00d6zel etiketleme ve marka \u00e7\u00f6z\u00fcmleri<\/li>\n<li>G\u00fcmr\u00fck i\u015flemlerini kolayla\u015ft\u0131rmak i\u00e7in paletli g\u00f6nderiler<\/li>\n<\/ul>\n<p>So\u011fuk zincir sistemimiz, \u00e7iftlikteki paketleme tesislerinden so\u011futmal\u0131 konteynerlere ve al\u0131c\u0131 deposuna kadar s\u0131cakl\u0131k kontroll\u00fc depolama ve ta\u015f\u0131may\u0131 garanti eder. Bu sistem sayesinde narlar canl\u0131 renkleri ve sa\u011flam dokusuyla taze bir \u015fekilde ula\u015f\u0131r.<\/p>\n<\/section>\n<section style=\"padding: 50px 20px; background-color: #f0f0f0;\" data-darkreader-inline-bgcolor=\"\">\n<div class=\"container\">\n<h2>Daha Fazla Taze M\u0131s\u0131r \u00dcr\u00fcn\u00fc Ke\u015ffedin<\/h2>\n<p>Nar\u0131n yan\u0131 s\u0131ra PEI Trade, mango, narenciye, \u00fcz\u00fcm ve daha fazlas\u0131n\u0131 i\u00e7eren \u00e7e\u015fitli taze M\u0131s\u0131r meyvelerini ihra\u00e7 eder \u2014 hepsi M\u0131s\u0131r\u2019\u0131n birinci s\u0131n\u0131f tar\u0131m b\u00f6lgelerinden temin edilip ayn\u0131 kalite ve tazelik taahh\u00fcd\u00fcyle i\u015flenir.<\/p>\n<h2>PEI Trade ile \u0130leti\u015fime Ge\u00e7in<\/h2>\n<p>PEI Trade\u2019in size premium M\u0131s\u0131r narlar\u0131 ve kapsaml\u0131 ihracat hizmetleriyle nas\u0131l destek olabilece\u011fini ke\u015ffedin. Numune talepleri, detayl\u0131 fiyatland\u0131rma, sevkiyat planlamas\u0131 ve \u00f6zelle\u015ftirilmi\u015f ambalaj se\u00e7enekleri dahil olmak \u00fczere ki\u015fiselle\u015ftirilmi\u015f destek i\u00e7in bug\u00fcn bizimle ileti\u015fime ge\u00e7in.<\/p>\n<p style=\"text-align: center; margin-top: 40px;\"><a class=\"button primary large\" href=\"\/contact\">Hemen Sipari\u015f Verin<\/a><\/p>\n<\/div>\n<\/section>\n<section style=\"padding: 50px 20px;\">\n<div class=\"container\">\n<h2>M\u0131s\u0131r\u2019dan Di\u011fer Taze \u00dcr\u00fcnler<\/h2>\n<p>Nara ek olarak PEI Trade; \u00e7ilek, guava, mango, portakal ve daha fazlas\u0131n\u0131 da tedarik etmektedir. Mevsimsel programlar\u0131 ve uzun vadeli ithalat s\u00f6zle\u015fmelerini destekliyoruz. <a href=\"\/about\">\u0130hracat hizmetlerimiz hakk\u0131nda daha fazla bilgi edinin<\/a>.<\/p>\n<div class=\"wp-block-woocommerce-product-collection\"><div class=\"woocommerce columns-4 \"><ul class=\"products columns-4\" data-products=\"type-2\">\n<li class=\"product type-product post-7583 status-publish first instock product_cat-fruits product_cat-in-season has-post-thumbnail shipping-taxable product-type-simple\">\n\t<a href=\"https:\/\/peitrade.com\/tr\/product\/guava\/\" class=\"woocommerce-LoopProduct-link woocommerce-loop-product__link\"><img decoding=\"async\" width=\"300\" height=\"300\" src=\"https:\/\/peitrade.com\/wp-content\/uploads\/2025\/11\/Egyptian-Guava-300x300.webp\" class=\"attachment-woocommerce_thumbnail size-woocommerce_thumbnail\" alt=\"Egyptian Guava\" srcset=\"https:\/\/peitrade.com\/wp-content\/uploads\/2025\/11\/Egyptian-Guava-300x300.webp 300w, https:\/\/peitrade.com\/wp-content\/uploads\/2025\/11\/Egyptian-Guava-150x150.webp 150w, https:\/\/peitrade.com\/wp-content\/uploads\/2025\/11\/Egyptian-Guava-768x768.webp 768w, https:\/\/peitrade.com\/wp-content\/uploads\/2025\/11\/Egyptian-Guava-600x600.webp 600w, https:\/\/peitrade.com\/wp-content\/uploads\/2025\/11\/Egyptian-Guava-100x100.webp 100w, https:\/\/peitrade.com\/wp-content\/uploads\/2025\/11\/Egyptian-Guava.webp 1024w\" sizes=\"(max-width: 300px) 100vw, 300px\" title=\"\"><h2 class=\"woocommerce-loop-product__title\">Guava<\/h2>\n<\/a><a href=\"https:\/\/peitrade.com\/tr\/product\/guava\/\" aria-describedby=\"woocommerce_loop_add_to_cart_link_describedby_7583\" data-quantity=\"1\" class=\"button product_type_simple\" data-product_id=\"7583\" data-product_sku=\"80451\" aria-label=\"&ldquo;Guava&rdquo; hakk\u0131nda daha fazla bilgi edinin\" rel=\"nofollow\" data-success_message=\"\">Devam\u0131n\u0131 oku<\/a>\t<span id=\"woocommerce_loop_add_to_cart_link_describedby_7583\" class=\"screen-reader-text\">\n\t\t\t<\/span>\n<\/li>\n<li class=\"product type-product post-7648 status-publish instock product_cat-fruits has-post-thumbnail shipping-taxable product-type-simple\">\n\t<a href=\"https:\/\/peitrade.com\/tr\/product\/mango\/\" class=\"woocommerce-LoopProduct-link woocommerce-loop-product__link\"><img decoding=\"async\" width=\"300\" height=\"300\" src=\"https:\/\/peitrade.com\/wp-content\/uploads\/2025\/11\/Egyption-Mango-300x300.webp\" class=\"attachment-woocommerce_thumbnail size-woocommerce_thumbnail\" alt=\"Mangoes: Egypt\u2019s Tropical Treasure\" srcset=\"https:\/\/peitrade.com\/wp-content\/uploads\/2025\/11\/Egyption-Mango-300x300.webp 300w, https:\/\/peitrade.com\/wp-content\/uploads\/2025\/11\/Egyption-Mango-150x150.webp 150w, https:\/\/peitrade.com\/wp-content\/uploads\/2025\/11\/Egyption-Mango-768x768.webp 768w, https:\/\/peitrade.com\/wp-content\/uploads\/2025\/11\/Egyption-Mango-600x600.webp 600w, https:\/\/peitrade.com\/wp-content\/uploads\/2025\/11\/Egyption-Mango-100x100.webp 100w, https:\/\/peitrade.com\/wp-content\/uploads\/2025\/11\/Egyption-Mango.webp 1024w\" sizes=\"(max-width: 300px) 100vw, 300px\" title=\"\"><h2 class=\"woocommerce-loop-product__title\">Mango<\/h2>\n<\/a><a href=\"https:\/\/peitrade.com\/tr\/product\/mango\/\" aria-describedby=\"woocommerce_loop_add_to_cart_link_describedby_7648\" data-quantity=\"1\" class=\"button product_type_simple\" data-product_id=\"7648\" data-product_sku=\"80450\" aria-label=\"&ldquo;Mango&rdquo; hakk\u0131nda daha fazla bilgi edinin\" rel=\"nofollow\" data-success_message=\"\">Devam\u0131n\u0131 oku<\/a>\t<span id=\"woocommerce_loop_add_to_cart_link_describedby_7648\" class=\"screen-reader-text\">\n\t\t\t<\/span>\n<\/li>\n<li class=\"product type-product post-7745 status-publish instock product_cat-fruits has-post-thumbnail shipping-taxable product-type-simple\">\n\t<a href=\"https:\/\/peitrade.com\/tr\/product\/nar\/\" class=\"woocommerce-LoopProduct-link woocommerce-loop-product__link\"><img decoding=\"async\" width=\"300\" height=\"300\" src=\"https:\/\/peitrade.com\/wp-content\/uploads\/2025\/11\/Egyptian-Pomegranate-300x300.webp\" class=\"attachment-woocommerce_thumbnail size-woocommerce_thumbnail\" alt=\"Pomegranates: The Superfruit Appeal\" srcset=\"https:\/\/peitrade.com\/wp-content\/uploads\/2025\/11\/Egyptian-Pomegranate-300x300.webp 300w, https:\/\/peitrade.com\/wp-content\/uploads\/2025\/11\/Egyptian-Pomegranate-150x150.webp 150w, https:\/\/peitrade.com\/wp-content\/uploads\/2025\/11\/Egyptian-Pomegranate-768x768.webp 768w, https:\/\/peitrade.com\/wp-content\/uploads\/2025\/11\/Egyptian-Pomegranate-600x600.webp 600w, https:\/\/peitrade.com\/wp-content\/uploads\/2025\/11\/Egyptian-Pomegranate-100x100.webp 100w, https:\/\/peitrade.com\/wp-content\/uploads\/2025\/11\/Egyptian-Pomegranate.webp 1024w\" sizes=\"(max-width: 300px) 100vw, 300px\" title=\"\"><h2 class=\"woocommerce-loop-product__title\">Nar<\/h2>\n<\/a><a href=\"https:\/\/peitrade.com\/tr\/product\/nar\/\" aria-describedby=\"woocommerce_loop_add_to_cart_link_describedby_7745\" data-quantity=\"1\" class=\"button product_type_simple\" data-product_id=\"7745\" data-product_sku=\"81090\" aria-label=\"&ldquo;Nar&rdquo; hakk\u0131nda daha fazla bilgi edinin\" rel=\"nofollow\" data-success_message=\"\">Devam\u0131n\u0131 oku<\/a>\t<span id=\"woocommerce_loop_add_to_cart_link_describedby_7745\" class=\"screen-reader-text\">\n\t\t\t<\/span>\n<\/li>\n<li class=\"product type-product post-7444 status-publish last instock product_cat-fruits product_cat-in-season has-post-thumbnail shipping-taxable product-type-simple\">\n\t<a href=\"https:\/\/peitrade.com\/tr\/product\/portakallar\/\" class=\"woocommerce-LoopProduct-link woocommerce-loop-product__link\"><img decoding=\"async\" width=\"300\" height=\"300\" src=\"https:\/\/peitrade.com\/wp-content\/uploads\/2025\/11\/Egyptian-Oranges-300x300.webp\" class=\"attachment-woocommerce_thumbnail size-woocommerce_thumbnail\" alt=\"M\u0131s\u0131r\u2019\u0131n Kanada\u2019ya portakal ihracat\u0131\" srcset=\"https:\/\/peitrade.com\/wp-content\/uploads\/2025\/11\/Egyptian-Oranges-300x300.webp 300w, https:\/\/peitrade.com\/wp-content\/uploads\/2025\/11\/Egyptian-Oranges-150x150.webp 150w, https:\/\/peitrade.com\/wp-content\/uploads\/2025\/11\/Egyptian-Oranges-768x768.webp 768w, https:\/\/peitrade.com\/wp-content\/uploads\/2025\/11\/Egyptian-Oranges-600x600.webp 600w, https:\/\/peitrade.com\/wp-content\/uploads\/2025\/11\/Egyptian-Oranges-100x100.webp 100w, https:\/\/peitrade.com\/wp-content\/uploads\/2025\/11\/Egyptian-Oranges.webp 1024w\" sizes=\"(max-width: 300px) 100vw, 300px\" title=\"\"><h2 class=\"woocommerce-loop-product__title\">Portakallar<\/h2>\n<\/a><a href=\"https:\/\/peitrade.com\/tr\/product\/portakallar\/\" aria-describedby=\"woocommerce_loop_add_to_cart_link_describedby_7444\" data-quantity=\"1\" class=\"button product_type_simple\" data-product_id=\"7444\" data-product_sku=\"80510\" aria-label=\"&ldquo;Portakallar&rdquo; hakk\u0131nda daha fazla bilgi edinin\" rel=\"nofollow\" data-success_message=\"\">Devam\u0131n\u0131 oku<\/a>\t<span id=\"woocommerce_loop_add_to_cart_link_describedby_7444\" class=\"screen-reader-text\">\n\t\t\t<\/span>\n<\/li>\n<\/ul>\n<\/div><\/div>\n<\/div>\n<\/section>\n<section style=\"padding: 50px 20px; background-color: #f9f9f9;\" data-darkreader-inline-bgcolor=\"\">\n<div class=\"container\">\n<h2>S\u0131k\u00e7a Sorulan Sorular<\/h2>\n<div>\n<h3>PEI Trade hangi M\u0131s\u0131r nar\u0131 \u00e7e\u015fitlerini ihra\u00e7 ediyor?<\/h3>\n<p>Ba\u015fl\u0131ca ihra\u00e7 etti\u011fimiz \u00e7e\u015fitler; tatlar\u0131, raf \u00f6m\u00fcrleri ve piyasa pop\u00fclerlikleriyle \u00f6ne \u00e7\u0131kan Wonderful, Ganesh ve Early Red&#8217;dir.<\/p>\n<h3>M\u0131s\u0131r\u2019da nar hasat sezonu ne zaman?<\/h3>\n<p>Ana hasat d\u00f6nemi eyl\u00fcl sonundan ocak ay\u0131na kadar s\u00fcrer; baz\u0131 erken ve ge\u00e7 \u00e7e\u015fitler bu d\u00f6nemi uzatabilir.<\/p>\n<h3>Perakende ve toptan i\u00e7in \u00f6zel ambalaj sa\u011fl\u0131yor musunuz?<\/h3>\n<p>Evet, perakende sunumlar\u0131 veya toplu sevkiyatlar i\u00e7in \u00f6zelle\u015ftirilebilir ambalaj se\u00e7enekleri sunuyoruz; \u00f6zel etiketleme de dahil.<\/p>\n<h3>PEI Trade narlar\u0131n tazeli\u011fini sevkiyat s\u0131ras\u0131nda nas\u0131l koruyor?<\/h3>\n<p>So\u011fuk zincir lojistik sistemimiz, t\u00fcm tedarik zinciri boyunca s\u0131cakl\u0131k ve nem kontrol\u00fc sa\u011flayarak meyve kalitesini korur.<\/p>\n<h3>Organik M\u0131s\u0131r nar\u0131 sipari\u015fi verebilir miyim?<\/h3>\n<p>Evet, sertifikal\u0131 organik \u00fcreticilerle i\u015f birli\u011fi yap\u0131yoruz ve talep \u00fczerine organik nar temin edebiliyoruz.<\/p>\n<\/div>\n<\/div>\n<\/section>\n","protected":false},"excerpt":{"rendered":"<p>Premium M\u0131s\u0131r Narlar\u0131 \u2013 PEI Trade\u2019den Sezonunda \u0130hracat D\u00fcnyan\u0131n en canl\u0131 ve lezzetli meyvelerinden baz\u0131lar\u0131n\u0131 \u00fcreten Yukar\u0131 M\u0131s\u0131r ve Nil Deltas\u0131\u2019n\u0131n verimli topraklar\u0131ndan temin edilen en kaliteli M\u0131s\u0131r narlar\u0131n\u0131 ke\u015ffedin. PEI Trade, uluslararas\u0131 pazarlar\u0131n y\u00fcksek standartlar\u0131n\u0131 kar\u015f\u0131layacak \u015fekilde \u00f6zenle se\u00e7ilmi\u015f ve ay\u0131klanm\u0131\u015f premium M\u0131s\u0131r narlar\u0131 sunmaktad\u0131r. Se\u00e7kimizde Wonderful, Ganesh ve Early Red gibi pop\u00fcler \u00e7e\u015fitler [&hellip;]<\/p>\n","protected":false},"author":1,"featured_media":0,"parent":0,"menu_order":0,"comment_status":"closed","ping_status":"closed","template":"","meta":{"footnotes":""},"class_list":["post-5774","page","type-page","status-publish","hentry"],"blocksy_meta":[],"mb":[],"featured_image_urls_v2":{"full":"","thumbnail":"","medium":"","medium_large":"","large":"","1536x1536":"","2048x2048":"","woocommerce_archive_thumbnail":"","woocommerce_thumbnail":"","woocommerce_single":"","woocommerce_gallery_thumbnail":""},"post_excerpt_stackable_v2":"<p>Premium M\u0131s\u0131r Narlar\u0131 \u2013 PEI Trade\u2019den Sezonunda \u0130hracat D\u00fcnyan\u0131n en canl\u0131 ve lezzetli meyvelerinden baz\u0131lar\u0131n\u0131 \u00fcreten Yukar\u0131 M\u0131s\u0131r ve Nil Deltas\u0131\u2019n\u0131n verimli topraklar\u0131ndan temin edilen en kaliteli M\u0131s\u0131r narlar\u0131n\u0131 ke\u015ffedin. PEI Trade, uluslararas\u0131 pazarlar\u0131n y\u00fcksek standartlar\u0131n\u0131 kar\u015f\u0131layacak \u015fekilde \u00f6zenle se\u00e7ilmi\u015f ve ay\u0131klanm\u0131\u015f premium M\u0131s\u0131r narlar\u0131 sunmaktad\u0131r. Se\u00e7kimizde Wonderful, Ganesh ve Early Red gibi pop\u00fcler \u00e7e\u015fitler bulunur; bu narlar koyu k\u0131rm\u0131z\u0131 taneleri, sulu tatl\u0131l\u0131\u011f\u0131 ve s\u0131k\u0131 dokusuyla \u00f6ne \u00e7\u0131kar. Bu \u00f6zellikleri sayesinde narlar\u0131m\u0131z taze t\u00fcketim, toptan da\u011f\u0131t\u0131m ve d\u00fcnya \u00e7ap\u0131ndaki i\u015fleme sanayileri i\u00e7in idealdir. \u00c7ilek Devam\u0131n\u0131 oku Nar Devam\u0131n\u0131 oku Portakallar Devam\u0131n\u0131 oku \u00dcz\u00fcm Devam\u0131n\u0131 oku M\u0131s\u0131r Nar\u0131 \u0130\u00e7in \u0130thalat\u00e7\u0131lar Neden&hellip;<\/p>\n","category_list_v2":"","author_info_v2":{"name":"Mostafa Sabry","url":"https:\/\/peitrade.com\/tr\/author\/emostafaadel_jn8gcqbo\/"},"comments_num_v2":"0 comments","mfb_rest_fields":["title","blocksy_meta","featured_image_urls_v2","post_excerpt_stackable_v2","category_list_v2","author_info_v2","comments_num_v2"],"_links":{"self":[{"href":"https:\/\/peitrade.com\/tr\/wp-json\/wp\/v2\/pages\/5774","targetHints":{"allow":["GET"]}}],"collection":[{"href":"https:\/\/peitrade.com\/tr\/wp-json\/wp\/v2\/pages"}],"about":[{"href":"https:\/\/peitrade.com\/tr\/wp-json\/wp\/v2\/types\/page"}],"author":[{"embeddable":true,"href":"https:\/\/peitrade.com\/tr\/wp-json\/wp\/v2\/users\/1"}],"replies":[{"embeddable":true,"href":"https:\/\/peitrade.com\/tr\/wp-json\/wp\/v2\/comments?post=5774"}],"version-history":[{"count":1,"href":"https:\/\/peitrade.com\/tr\/wp-json\/wp\/v2\/pages\/5774\/revisions"}],"predecessor-version":[{"id":5775,"href":"https:\/\/peitrade.com\/tr\/wp-json\/wp\/v2\/pages\/5774\/revisions\/5775"}],"wp:attachment":[{"href":"https:\/\/peitrade.com\/tr\/wp-json\/wp\/v2\/media?parent=5774"}],"curies":[{"name":"wp","href":"https:\/\/api.w.org\/{rel}","templated":true}]}}