{"id":5837,"date":"2025-05-19T13:25:34","date_gmt":"2025-05-19T13:25:34","guid":{"rendered":"http:\/\/46.224.74.15\/taze-misir-mangolari\/"},"modified":"2025-11-19T16:46:26","modified_gmt":"2025-11-19T16:46:26","slug":"taze-misir-mangolari","status":"publish","type":"page","link":"https:\/\/peitrade.com\/tr\/taze-misir-mangolari\/","title":{"rendered":"taze M\u0131s\u0131r Mangolar\u0131 | PEI Trade Kalite Garantisi"},"content":{"rendered":"<section style=\"padding: 60px 20px; background-color: #f9f9f9;\">\n<div class=\"container\">\n<h1>Taze M\u0131s\u0131r Mangolar\u0131: PEI Trade&#8217;in Kalite Garantisi<\/h1>\n<p>PEI Trade, \u00fclkenin en verimli tar\u0131m b\u00f6lgelerinde \u00f6zenle yeti\u015ftirilen, tropik iklimin mango yeti\u015ftiricili\u011fi i\u00e7in m\u00fckemmel oldu\u011fu ve zengin Nil Deltas\u0131 topra\u011f\u0131n\u0131n optimum b\u00fcy\u00fcme ko\u015fullar\u0131 sa\u011flad\u0131\u011f\u0131 M\u0131s\u0131r&#8217;\u0131n en kaliteli taze mangolar\u0131n\u0131 gururla sunar.<\/p>\n<p>\u00d6nde gelen M\u0131s\u0131r mango ihracat\u00e7\u0131s\u0131 olarak, \u00e7iftlikten limana sistemimizle se\u00e7kin k\u00fcresel pazarlara premium meyve sunuyoruz ve her seferinde m\u00fckemmel durumda hedefinize ula\u015fan istisnai kaliteyi garanti ediyoruz.<\/p>\n<p>Bu ideal yeti\u015ftirme ko\u015fullar\u0131, ola\u011fan\u00fcst\u00fc tatl\u0131l\u0131k, canl\u0131 renk ve tutarl\u0131 kaliteye sahip M\u0131s\u0131r mango \u00e7e\u015fitlerinin \u00fcretilmesine katk\u0131da bulunur. S\u0131n\u0131rl\u0131 mevsimsel bulunabilirlik, rekabet avantaj\u0131n\u0131z\u0131 korumak i\u00e7in doruk sezon sona ermeden premium sevkiyatlar\u0131n\u0131z\u0131 g\u00fcvence alt\u0131na alman\u0131n gerekli oldu\u011fu anlam\u0131na gelir.<\/p>\n<\/div>\n<\/section>\n<div class=\"wp-block-woocommerce-product-collection\"><div class=\"woocommerce columns-4 \"><ul class=\"products columns-4\" data-products=\"type-2\">\n<li class=\"product type-product post-7583 status-publish first instock product_cat-fruits product_cat-in-season has-post-thumbnail shipping-taxable product-type-simple\">\n\t<a href=\"https:\/\/peitrade.com\/tr\/product\/guava\/\" class=\"woocommerce-LoopProduct-link woocommerce-loop-product__link\"><img decoding=\"async\" width=\"300\" height=\"300\" src=\"https:\/\/peitrade.com\/wp-content\/uploads\/2025\/11\/Egyptian-Guava-300x300.webp\" class=\"attachment-woocommerce_thumbnail size-woocommerce_thumbnail\" alt=\"Egyptian Guava\" srcset=\"https:\/\/peitrade.com\/wp-content\/uploads\/2025\/11\/Egyptian-Guava-300x300.webp 300w, https:\/\/peitrade.com\/wp-content\/uploads\/2025\/11\/Egyptian-Guava-150x150.webp 150w, https:\/\/peitrade.com\/wp-content\/uploads\/2025\/11\/Egyptian-Guava-768x768.webp 768w, https:\/\/peitrade.com\/wp-content\/uploads\/2025\/11\/Egyptian-Guava-600x600.webp 600w, https:\/\/peitrade.com\/wp-content\/uploads\/2025\/11\/Egyptian-Guava-100x100.webp 100w, https:\/\/peitrade.com\/wp-content\/uploads\/2025\/11\/Egyptian-Guava.webp 1024w\" sizes=\"(max-width: 300px) 100vw, 300px\" title=\"\"><h2 class=\"woocommerce-loop-product__title\">Guava<\/h2>\n<\/a><a href=\"https:\/\/peitrade.com\/tr\/product\/guava\/\" aria-describedby=\"woocommerce_loop_add_to_cart_link_describedby_7583\" data-quantity=\"1\" class=\"button product_type_simple\" data-product_id=\"7583\" data-product_sku=\"80451\" aria-label=\"&ldquo;Guava&rdquo; hakk\u0131nda daha fazla bilgi edinin\" rel=\"nofollow\" data-success_message=\"\">Devam\u0131n\u0131 oku<\/a>\t<span id=\"woocommerce_loop_add_to_cart_link_describedby_7583\" class=\"screen-reader-text\">\n\t\t\t<\/span>\n<\/li>\n<li class=\"product type-product post-7648 status-publish instock product_cat-fruits has-post-thumbnail shipping-taxable product-type-simple\">\n\t<a href=\"https:\/\/peitrade.com\/tr\/product\/mango\/\" class=\"woocommerce-LoopProduct-link woocommerce-loop-product__link\"><img decoding=\"async\" width=\"300\" height=\"300\" src=\"https:\/\/peitrade.com\/wp-content\/uploads\/2025\/11\/Egyption-Mango-300x300.webp\" class=\"attachment-woocommerce_thumbnail size-woocommerce_thumbnail\" alt=\"Mangoes: Egypt\u2019s Tropical Treasure\" srcset=\"https:\/\/peitrade.com\/wp-content\/uploads\/2025\/11\/Egyption-Mango-300x300.webp 300w, https:\/\/peitrade.com\/wp-content\/uploads\/2025\/11\/Egyption-Mango-150x150.webp 150w, https:\/\/peitrade.com\/wp-content\/uploads\/2025\/11\/Egyption-Mango-768x768.webp 768w, https:\/\/peitrade.com\/wp-content\/uploads\/2025\/11\/Egyption-Mango-600x600.webp 600w, https:\/\/peitrade.com\/wp-content\/uploads\/2025\/11\/Egyption-Mango-100x100.webp 100w, https:\/\/peitrade.com\/wp-content\/uploads\/2025\/11\/Egyption-Mango.webp 1024w\" sizes=\"(max-width: 300px) 100vw, 300px\" title=\"\"><h2 class=\"woocommerce-loop-product__title\">Mango<\/h2>\n<\/a><a href=\"https:\/\/peitrade.com\/tr\/product\/mango\/\" aria-describedby=\"woocommerce_loop_add_to_cart_link_describedby_7648\" data-quantity=\"1\" class=\"button product_type_simple\" data-product_id=\"7648\" data-product_sku=\"80450\" aria-label=\"&ldquo;Mango&rdquo; hakk\u0131nda daha fazla bilgi edinin\" rel=\"nofollow\" data-success_message=\"\">Devam\u0131n\u0131 oku<\/a>\t<span id=\"woocommerce_loop_add_to_cart_link_describedby_7648\" class=\"screen-reader-text\">\n\t\t\t<\/span>\n<\/li>\n<li class=\"product type-product post-7745 status-publish instock product_cat-fruits has-post-thumbnail shipping-taxable product-type-simple\">\n\t<a href=\"https:\/\/peitrade.com\/tr\/product\/nar\/\" class=\"woocommerce-LoopProduct-link woocommerce-loop-product__link\"><img decoding=\"async\" width=\"300\" height=\"300\" src=\"https:\/\/peitrade.com\/wp-content\/uploads\/2025\/11\/Egyptian-Pomegranate-300x300.webp\" class=\"attachment-woocommerce_thumbnail size-woocommerce_thumbnail\" alt=\"Pomegranates: The Superfruit Appeal\" srcset=\"https:\/\/peitrade.com\/wp-content\/uploads\/2025\/11\/Egyptian-Pomegranate-300x300.webp 300w, https:\/\/peitrade.com\/wp-content\/uploads\/2025\/11\/Egyptian-Pomegranate-150x150.webp 150w, https:\/\/peitrade.com\/wp-content\/uploads\/2025\/11\/Egyptian-Pomegranate-768x768.webp 768w, https:\/\/peitrade.com\/wp-content\/uploads\/2025\/11\/Egyptian-Pomegranate-600x600.webp 600w, https:\/\/peitrade.com\/wp-content\/uploads\/2025\/11\/Egyptian-Pomegranate-100x100.webp 100w, https:\/\/peitrade.com\/wp-content\/uploads\/2025\/11\/Egyptian-Pomegranate.webp 1024w\" sizes=\"(max-width: 300px) 100vw, 300px\" title=\"\"><h2 class=\"woocommerce-loop-product__title\">Nar<\/h2>\n<\/a><a href=\"https:\/\/peitrade.com\/tr\/product\/nar\/\" aria-describedby=\"woocommerce_loop_add_to_cart_link_describedby_7745\" data-quantity=\"1\" class=\"button product_type_simple\" data-product_id=\"7745\" data-product_sku=\"81090\" aria-label=\"&ldquo;Nar&rdquo; hakk\u0131nda daha fazla bilgi edinin\" rel=\"nofollow\" data-success_message=\"\">Devam\u0131n\u0131 oku<\/a>\t<span id=\"woocommerce_loop_add_to_cart_link_describedby_7745\" class=\"screen-reader-text\">\n\t\t\t<\/span>\n<\/li>\n<li class=\"product type-product post-7589 status-publish last instock product_cat-fruits has-post-thumbnail shipping-taxable product-type-simple\">\n\t<a href=\"https:\/\/peitrade.com\/tr\/product\/uzum\/\" class=\"woocommerce-LoopProduct-link woocommerce-loop-product__link\"><img decoding=\"async\" width=\"300\" height=\"300\" src=\"https:\/\/peitrade.com\/wp-content\/uploads\/2025\/11\/Egyptian-Grapes-300x300.webp\" class=\"attachment-woocommerce_thumbnail size-woocommerce_thumbnail\" alt=\"Grapes: A Rising Star\" srcset=\"https:\/\/peitrade.com\/wp-content\/uploads\/2025\/11\/Egyptian-Grapes-300x300.webp 300w, https:\/\/peitrade.com\/wp-content\/uploads\/2025\/11\/Egyptian-Grapes-150x150.webp 150w, https:\/\/peitrade.com\/wp-content\/uploads\/2025\/11\/Egyptian-Grapes-768x768.webp 768w, https:\/\/peitrade.com\/wp-content\/uploads\/2025\/11\/Egyptian-Grapes-600x600.webp 600w, https:\/\/peitrade.com\/wp-content\/uploads\/2025\/11\/Egyptian-Grapes-100x100.webp 100w, https:\/\/peitrade.com\/wp-content\/uploads\/2025\/11\/Egyptian-Grapes.webp 1024w\" sizes=\"(max-width: 300px) 100vw, 300px\" title=\"\"><h2 class=\"woocommerce-loop-product__title\">\u00dcz\u00fcm<\/h2>\n<\/a><a href=\"https:\/\/peitrade.com\/tr\/product\/uzum\/\" aria-describedby=\"woocommerce_loop_add_to_cart_link_describedby_7589\" data-quantity=\"1\" class=\"button product_type_simple\" data-product_id=\"7589\" data-product_sku=\"80610\" aria-label=\"&ldquo;\u00dcz\u00fcm&rdquo; hakk\u0131nda daha fazla bilgi edinin\" rel=\"nofollow\" data-success_message=\"\">Devam\u0131n\u0131 oku<\/a>\t<span id=\"woocommerce_loop_add_to_cart_link_describedby_7589\" class=\"screen-reader-text\">\n\t\t\t<\/span>\n<\/li>\n<\/ul>\n<\/div><\/div>\n<section style=\"padding: 50px 20px;\">\n<h2>Tazelik Yolculu\u011fu: M\u0131s\u0131r \u00c7iftliklerinden Pazar\u0131n\u0131za<\/h2>\n<p>PEI Trade&#8217;in \u00f6nde gelen M\u0131s\u0131r mango ihracat\u00e7\u0131s\u0131 olarak \u00fcn\u00fc, tazeli\u011fe olan kararl\u0131 ba\u011fl\u0131l\u0131\u011f\u0131m\u0131zdan kaynaklan\u0131r. Kapsaml\u0131 kalite sistemimiz, her sevkiyat\u0131n g\u00fcne\u015f \u0131\u015f\u0131\u011f\u0131yla dolu bah\u00e7elerden da\u011f\u0131t\u0131m merkezinize ola\u011fan\u00fcst\u00fc bir h\u0131zla &#8211; tipik olarak sadece 5 g\u00fcn i\u00e7inde &#8211; seyahat etmesini sa\u011flar:<\/p>\n<ul>\n<li>Se\u00e7kin Nil Deltas\u0131 \u00e7iftliklerinden tam olgunlukta uzman hasad\u0131<\/li>\n<li>Topland\u0131ktan sonra 8 saat i\u00e7inde titiz ay\u0131klama, derecelendirme ve so\u011futma<\/li>\n<li>Ger\u00e7ek zamanl\u0131 izleme ile s\u0131cakl\u0131k kontroll\u00fc transit<\/li>\n<li>Belgelendirilmi\u015f tazelik do\u011frulamas\u0131 ile var\u0131\u015f noktas\u0131na ula\u015f\u0131m<\/li>\n<li>Bah\u00e7eden son teslimata kadar tam izlenebilirlik<\/li>\n<\/ul>\n<p>Bu h\u0131zland\u0131r\u0131lm\u0131\u015f zaman \u00e7izelgesi, M\u0131s\u0131r mango \u00e7e\u015fitlerini d\u00fcnya \u00e7ap\u0131ndaki premium pazarlar i\u00e7in tercih edilen se\u00e7enek haline getiren ay\u0131rt edici tropikal aromay\u0131 ve sulu eti korur.<\/p>\n<h2>PEI Trade&#8217;in 5 A\u015famal\u0131 Kalite Kontrol S\u00fcreci<\/h2>\n<p>En g\u00fcvenilir M\u0131s\u0131r mango toptan tedarik\u00e7isi olarak, titiz yakla\u015f\u0131m\u0131m\u0131z her sevkiyat\u0131n titiz standartlar\u0131 kar\u015f\u0131lamas\u0131n\u0131 sa\u011flar:<\/p>\n<ul>\n<li>Optimum hasat zamanlamas\u0131n\u0131 belirlemek i\u00e7in bilimsel testler kullanarak hasat \u00f6ncesi de\u011ferlendirme<\/li>\n<li>Sadece tam olgunluktaki meyveleri se\u00e7en e\u011fitimli ekipler taraf\u0131ndan hassas hasat<\/li>\n<li>Kusurlu \u00f6rnekleri \u00e7\u0131karmak i\u00e7in \u00e7ok noktadan inceleme ile geli\u015fmi\u015f ay\u0131klama<\/li>\n<li>\u00c7iftlikten limana kesintisiz s\u0131cakl\u0131k kontrol\u00fc sa\u011flayan so\u011fuk zincir y\u00f6netimi<\/li>\n<li>Sevkiyat \u00f6ncesi inceleme ve fotografik belgeleme ile son do\u011frulama<\/li>\n<\/ul>\n<p>Bu kapsaml\u0131 s\u00fcre\u00e7, m\u00fc\u015fterilerin istisnai kalitede M\u0131s\u0131r mangolar\u0131 sat\u0131n almak istediklerinde neden s\u00fcrekli olarak PEI Trade&#8217;i tercih ettiklerinin nedenidir.<\/p>\n<h2>M\u0131s\u0131r Mango Sezonu: Stratejik Tedarik Takvimi<\/h2>\n<p>T\u00fcm ana \u00e7e\u015fitleri kapsayan eksiksiz M\u0131s\u0131r mango sezonu rehberimizle mevsimsel envanterinizi planlay\u0131n:<\/p>\n<ul>\n<li>Haziran-Temmuz: Erken sezon Tommy Atkins ve M\u0131s\u0131r Ewais mango \u00e7e\u015fitleri<\/li>\n<li>Temmuz-A\u011fustos: Premium Alphonso ve Zebda \u00e7e\u015fitleri i\u00e7in doruk sezon<\/li>\n<li>A\u011fustos-Eyl\u00fcl: De\u011ferli M\u0131s\u0131r Keitt mango \u00e7e\u015fidinin uzat\u0131lm\u0131\u015f bulunabilirli\u011fi<\/li>\n<\/ul>\n<p>PEI Trade&#8217;in stratejik \u00e7iftlik ili\u015fkileri, t\u00fcm M\u0131s\u0131r mango sezonu boyunca tutarl\u0131 tedarik sa\u011flar, bu da ithalat\u00e7\u0131lar\u0131n rakipler k\u0131tl\u0131kla kar\u015f\u0131la\u015ft\u0131\u011f\u0131nda pazar varl\u0131\u011f\u0131n\u0131 s\u00fcrd\u00fcrmelerine olanak tan\u0131r.<\/p>\n<\/section>\n<section style=\"padding: 50px 20px; background-color: #f0f0f0;\">\n<div class=\"container\">\n<h2>Do\u011fal Kaliteyi Koruyan Tazelik Teknolojisi<\/h2>\n<p>Geli\u015fmi\u015f koruma sistemlerine yapt\u0131\u011f\u0131m\u0131z yat\u0131r\u0131m, M\u0131s\u0131r mango \u00e7e\u015fitlerinizin standart nakliye y\u00f6ntemlerine g\u00f6re %40 daha uzun raf \u00f6mr\u00fcyle, optimal lezzet geli\u015fimi i\u00e7in korunan do\u011fal olgunla\u015fma ve var\u0131\u015fta \u00f6nemli \u00f6l\u00e7\u00fcde azalt\u0131lm\u0131\u015f at\u0131kla geldi\u011fi anlam\u0131na gelir.<\/p>\n<h2>Bug\u00fcn Premium M\u0131s\u0131r Mangolar\u0131n\u0131 Sipari\u015f Edin<\/h2>\n<p>S\u0131n\u0131rl\u0131 mevsimsel bulunabilirlik, erken rezervasyonun gerekli oldu\u011fu anlam\u0131na gelir. Tercih etti\u011finiz \u00e7e\u015fitleri ay\u0131rmak, hassas teslimat pencerelerini programlamak, tercihli fiyatland\u0131rmay\u0131 g\u00fcvence alt\u0131na almak ve belirli gereksinimleriniz i\u00e7in ambalajlamay\u0131 \u00f6zelle\u015ftirmek i\u00e7in bug\u00fcn PEI Trade ile ileti\u015fime ge\u00e7in.<\/p>\n<p style=\"text-align: center; margin-top: 40px;\"><a class=\"button primary large\" href=\"\/contact\">\u015eimdi Sipari\u015f Ver<\/a><\/p>\n<\/div>\n<\/section>\n<section style=\"padding: 50px 20px;\">\n<div class=\"container\">\n<h2>M\u0131s\u0131r&#8217;dan Ek Taze \u00dcr\u00fcnler<\/h2>\n<p>Premium mangolara ek olarak, PEI Trade geni\u015f bir M\u0131s\u0131r taze \u00fcr\u00fcn yelpazesi sunar. Mevsimsel programlar\u0131 ve uzun vadeli ithalat s\u00f6zle\u015fmelerini destekliyoruz. <a href=\"\/about\">\u0130hracat hizmetlerimiz hakk\u0131nda daha fazla bilgi edinin<\/a>.<\/p>\n<div class=\"wp-block-woocommerce-product-collection\"><div class=\"woocommerce columns-4 \"><ul class=\"products columns-4\" data-products=\"type-2\">\n<li class=\"product type-product post-7583 status-publish first instock product_cat-fruits product_cat-in-season has-post-thumbnail shipping-taxable product-type-simple\">\n\t<a href=\"https:\/\/peitrade.com\/tr\/product\/guava\/\" class=\"woocommerce-LoopProduct-link woocommerce-loop-product__link\"><img decoding=\"async\" width=\"300\" height=\"300\" src=\"https:\/\/peitrade.com\/wp-content\/uploads\/2025\/11\/Egyptian-Guava-300x300.webp\" class=\"attachment-woocommerce_thumbnail size-woocommerce_thumbnail\" alt=\"Egyptian Guava\" srcset=\"https:\/\/peitrade.com\/wp-content\/uploads\/2025\/11\/Egyptian-Guava-300x300.webp 300w, https:\/\/peitrade.com\/wp-content\/uploads\/2025\/11\/Egyptian-Guava-150x150.webp 150w, https:\/\/peitrade.com\/wp-content\/uploads\/2025\/11\/Egyptian-Guava-768x768.webp 768w, https:\/\/peitrade.com\/wp-content\/uploads\/2025\/11\/Egyptian-Guava-600x600.webp 600w, https:\/\/peitrade.com\/wp-content\/uploads\/2025\/11\/Egyptian-Guava-100x100.webp 100w, https:\/\/peitrade.com\/wp-content\/uploads\/2025\/11\/Egyptian-Guava.webp 1024w\" sizes=\"(max-width: 300px) 100vw, 300px\" title=\"\"><h2 class=\"woocommerce-loop-product__title\">Guava<\/h2>\n<\/a><a href=\"https:\/\/peitrade.com\/tr\/product\/guava\/\" aria-describedby=\"woocommerce_loop_add_to_cart_link_describedby_7583\" data-quantity=\"1\" class=\"button product_type_simple\" data-product_id=\"7583\" data-product_sku=\"80451\" aria-label=\"&ldquo;Guava&rdquo; hakk\u0131nda daha fazla bilgi edinin\" rel=\"nofollow\" data-success_message=\"\">Devam\u0131n\u0131 oku<\/a>\t<span id=\"woocommerce_loop_add_to_cart_link_describedby_7583\" class=\"screen-reader-text\">\n\t\t\t<\/span>\n<\/li>\n<li class=\"product type-product post-7648 status-publish instock product_cat-fruits has-post-thumbnail shipping-taxable product-type-simple\">\n\t<a href=\"https:\/\/peitrade.com\/tr\/product\/mango\/\" class=\"woocommerce-LoopProduct-link woocommerce-loop-product__link\"><img decoding=\"async\" width=\"300\" height=\"300\" src=\"https:\/\/peitrade.com\/wp-content\/uploads\/2025\/11\/Egyption-Mango-300x300.webp\" class=\"attachment-woocommerce_thumbnail size-woocommerce_thumbnail\" alt=\"Mangoes: Egypt\u2019s Tropical Treasure\" srcset=\"https:\/\/peitrade.com\/wp-content\/uploads\/2025\/11\/Egyption-Mango-300x300.webp 300w, https:\/\/peitrade.com\/wp-content\/uploads\/2025\/11\/Egyption-Mango-150x150.webp 150w, https:\/\/peitrade.com\/wp-content\/uploads\/2025\/11\/Egyption-Mango-768x768.webp 768w, https:\/\/peitrade.com\/wp-content\/uploads\/2025\/11\/Egyption-Mango-600x600.webp 600w, https:\/\/peitrade.com\/wp-content\/uploads\/2025\/11\/Egyption-Mango-100x100.webp 100w, https:\/\/peitrade.com\/wp-content\/uploads\/2025\/11\/Egyption-Mango.webp 1024w\" sizes=\"(max-width: 300px) 100vw, 300px\" title=\"\"><h2 class=\"woocommerce-loop-product__title\">Mango<\/h2>\n<\/a><a href=\"https:\/\/peitrade.com\/tr\/product\/mango\/\" aria-describedby=\"woocommerce_loop_add_to_cart_link_describedby_7648\" data-quantity=\"1\" class=\"button product_type_simple\" data-product_id=\"7648\" data-product_sku=\"80450\" aria-label=\"&ldquo;Mango&rdquo; hakk\u0131nda daha fazla bilgi edinin\" rel=\"nofollow\" data-success_message=\"\">Devam\u0131n\u0131 oku<\/a>\t<span id=\"woocommerce_loop_add_to_cart_link_describedby_7648\" class=\"screen-reader-text\">\n\t\t\t<\/span>\n<\/li>\n<li class=\"product type-product post-7745 status-publish instock product_cat-fruits has-post-thumbnail shipping-taxable product-type-simple\">\n\t<a href=\"https:\/\/peitrade.com\/tr\/product\/nar\/\" class=\"woocommerce-LoopProduct-link woocommerce-loop-product__link\"><img decoding=\"async\" width=\"300\" height=\"300\" src=\"https:\/\/peitrade.com\/wp-content\/uploads\/2025\/11\/Egyptian-Pomegranate-300x300.webp\" class=\"attachment-woocommerce_thumbnail size-woocommerce_thumbnail\" alt=\"Pomegranates: The Superfruit Appeal\" srcset=\"https:\/\/peitrade.com\/wp-content\/uploads\/2025\/11\/Egyptian-Pomegranate-300x300.webp 300w, https:\/\/peitrade.com\/wp-content\/uploads\/2025\/11\/Egyptian-Pomegranate-150x150.webp 150w, https:\/\/peitrade.com\/wp-content\/uploads\/2025\/11\/Egyptian-Pomegranate-768x768.webp 768w, https:\/\/peitrade.com\/wp-content\/uploads\/2025\/11\/Egyptian-Pomegranate-600x600.webp 600w, https:\/\/peitrade.com\/wp-content\/uploads\/2025\/11\/Egyptian-Pomegranate-100x100.webp 100w, https:\/\/peitrade.com\/wp-content\/uploads\/2025\/11\/Egyptian-Pomegranate.webp 1024w\" sizes=\"(max-width: 300px) 100vw, 300px\" title=\"\"><h2 class=\"woocommerce-loop-product__title\">Nar<\/h2>\n<\/a><a href=\"https:\/\/peitrade.com\/tr\/product\/nar\/\" aria-describedby=\"woocommerce_loop_add_to_cart_link_describedby_7745\" data-quantity=\"1\" class=\"button product_type_simple\" data-product_id=\"7745\" data-product_sku=\"81090\" aria-label=\"&ldquo;Nar&rdquo; hakk\u0131nda daha fazla bilgi edinin\" rel=\"nofollow\" data-success_message=\"\">Devam\u0131n\u0131 oku<\/a>\t<span id=\"woocommerce_loop_add_to_cart_link_describedby_7745\" class=\"screen-reader-text\">\n\t\t\t<\/span>\n<\/li>\n<li class=\"product type-product post-7589 status-publish last instock product_cat-fruits has-post-thumbnail shipping-taxable product-type-simple\">\n\t<a href=\"https:\/\/peitrade.com\/tr\/product\/uzum\/\" class=\"woocommerce-LoopProduct-link woocommerce-loop-product__link\"><img decoding=\"async\" width=\"300\" height=\"300\" src=\"https:\/\/peitrade.com\/wp-content\/uploads\/2025\/11\/Egyptian-Grapes-300x300.webp\" class=\"attachment-woocommerce_thumbnail size-woocommerce_thumbnail\" alt=\"Grapes: A Rising Star\" srcset=\"https:\/\/peitrade.com\/wp-content\/uploads\/2025\/11\/Egyptian-Grapes-300x300.webp 300w, https:\/\/peitrade.com\/wp-content\/uploads\/2025\/11\/Egyptian-Grapes-150x150.webp 150w, https:\/\/peitrade.com\/wp-content\/uploads\/2025\/11\/Egyptian-Grapes-768x768.webp 768w, https:\/\/peitrade.com\/wp-content\/uploads\/2025\/11\/Egyptian-Grapes-600x600.webp 600w, https:\/\/peitrade.com\/wp-content\/uploads\/2025\/11\/Egyptian-Grapes-100x100.webp 100w, https:\/\/peitrade.com\/wp-content\/uploads\/2025\/11\/Egyptian-Grapes.webp 1024w\" sizes=\"(max-width: 300px) 100vw, 300px\" title=\"\"><h2 class=\"woocommerce-loop-product__title\">\u00dcz\u00fcm<\/h2>\n<\/a><a href=\"https:\/\/peitrade.com\/tr\/product\/uzum\/\" aria-describedby=\"woocommerce_loop_add_to_cart_link_describedby_7589\" data-quantity=\"1\" class=\"button product_type_simple\" data-product_id=\"7589\" data-product_sku=\"80610\" aria-label=\"&ldquo;\u00dcz\u00fcm&rdquo; hakk\u0131nda daha fazla bilgi edinin\" rel=\"nofollow\" data-success_message=\"\">Devam\u0131n\u0131 oku<\/a>\t<span id=\"woocommerce_loop_add_to_cart_link_describedby_7589\" class=\"screen-reader-text\">\n\t\t\t<\/span>\n<\/li>\n<\/ul>\n<\/div><\/div>\n<\/div>\n<\/section>\n<section style=\"padding: 50px 20px; background-color: #f9f9f9;\">\n<div class=\"container\">\n<h2>S\u0131k\u00e7a Sorulan Sorular<\/h2>\n<div>\n<h3>M\u0131s\u0131r mango sezonu ne zamand\u0131r?<\/h3>\n<p>M\u0131s\u0131r mango sezonu tipik olarak Haziran&#8217;dan Eyl\u00fcl&#8217;e kadar s\u00fcrer, baz\u0131 erken ve ge\u00e7 \u00e7e\u015fitler bu aral\u0131\u011f\u0131n biraz d\u0131\u015f\u0131nda bulunabilir. Optimum tazelik i\u00e7in sevkiyatlar\u0131 doruk hasat d\u00f6nemleriyle hizalar\u0131z.<\/p>\n<h3>PEI Trade hangi mango \u00e7e\u015fitlerini ihra\u00e7 eder?<\/h3>\n<p>Keitt, Zebda, Alphonso, Tommy Atkins ve di\u011fer y\u00fcksek talep g\u00f6ren M\u0131s\u0131r mango t\u00fcrleri gibi premium \u00e7e\u015fitleri ihra\u00e7 ediyoruz. Her \u00e7e\u015fit, ihracat pazar\u0131 tercihleri ve mevsimsellik temelinde dikkatle se\u00e7ilir.<\/p>\n<h3>PEI Trade hangi ambalaj se\u00e7eneklerini sunar?<\/h3>\n<p>\u00d6zel markal\u0131 perakende kartonlar\u0131 (2kg\/4kg\/6kg), toptan sat\u0131\u015f konteynerleri (10kg) ve uzun s\u00fcreli transit i\u00e7in \u00f6zel nakliye kasalar\u0131 dahil olmak \u00fczere esnek ambalaj se\u00e7enekleri sunuyoruz &#8211; hepsi m\u00fckemmel tazeli\u011fi korumak i\u00e7in tasarlanm\u0131\u015ft\u0131r.<\/p>\n<h3>PEI Trade, mangolar\u0131n nakliye s\u0131ras\u0131nda taze kalmas\u0131n\u0131 nas\u0131l sa\u011flar?<\/h3>\n<p>\u00c7iftliklerimizden liman\u0131n\u0131za kadar do\u011fru s\u0131cakl\u0131\u011f\u0131 korumak i\u00e7in so\u011fuk zincir lojisti\u011fi kullan\u0131yoruz. Bu, \u00f6n so\u011futma, so\u011futmal\u0131 konteynerler ve meyve kalitesini t\u00fcm yolculuk boyunca korumak i\u00e7in dikkatli y\u00fcklemeyi i\u00e7erir.<\/p>\n<\/div>\n<\/div>\n<\/section>\n","protected":false},"excerpt":{"rendered":"<p>Taze M\u0131s\u0131r Mangolar\u0131: PEI Trade&#8217;in Kalite Garantisi PEI Trade, \u00fclkenin en verimli tar\u0131m b\u00f6lgelerinde \u00f6zenle yeti\u015ftirilen, tropik iklimin mango yeti\u015ftiricili\u011fi i\u00e7in m\u00fckemmel oldu\u011fu ve zengin Nil Deltas\u0131 topra\u011f\u0131n\u0131n optimum b\u00fcy\u00fcme ko\u015fullar\u0131 sa\u011flad\u0131\u011f\u0131 M\u0131s\u0131r&#8217;\u0131n en kaliteli taze mangolar\u0131n\u0131 gururla sunar. \u00d6nde gelen M\u0131s\u0131r mango ihracat\u00e7\u0131s\u0131 olarak, \u00e7iftlikten limana sistemimizle se\u00e7kin k\u00fcresel pazarlara premium meyve sunuyoruz ve [&hellip;]<\/p>\n","protected":false},"author":1,"featured_media":0,"parent":0,"menu_order":0,"comment_status":"closed","ping_status":"closed","template":"","meta":{"footnotes":""},"class_list":["post-5837","page","type-page","status-publish","hentry"],"blocksy_meta":[],"mb":[],"featured_image_urls_v2":{"full":"","thumbnail":"","medium":"","medium_large":"","large":"","1536x1536":"","2048x2048":"","woocommerce_archive_thumbnail":"","woocommerce_thumbnail":"","woocommerce_single":"","woocommerce_gallery_thumbnail":""},"post_excerpt_stackable_v2":"<p>Taze M\u0131s\u0131r Mangolar\u0131: PEI Trade&#8217;in Kalite Garantisi PEI Trade, \u00fclkenin en verimli tar\u0131m b\u00f6lgelerinde \u00f6zenle yeti\u015ftirilen, tropik iklimin mango yeti\u015ftiricili\u011fi i\u00e7in m\u00fckemmel oldu\u011fu ve zengin Nil Deltas\u0131 topra\u011f\u0131n\u0131n optimum b\u00fcy\u00fcme ko\u015fullar\u0131 sa\u011flad\u0131\u011f\u0131 M\u0131s\u0131r&#8217;\u0131n en kaliteli taze mangolar\u0131n\u0131 gururla sunar. \u00d6nde gelen M\u0131s\u0131r mango ihracat\u00e7\u0131s\u0131 olarak, \u00e7iftlikten limana sistemimizle se\u00e7kin k\u00fcresel pazarlara premium meyve sunuyoruz ve her seferinde m\u00fckemmel durumda hedefinize ula\u015fan istisnai kaliteyi garanti ediyoruz. Bu ideal yeti\u015ftirme ko\u015fullar\u0131, ola\u011fan\u00fcst\u00fc tatl\u0131l\u0131k, canl\u0131 renk ve tutarl\u0131 kaliteye sahip M\u0131s\u0131r mango \u00e7e\u015fitlerinin \u00fcretilmesine katk\u0131da bulunur. S\u0131n\u0131rl\u0131 mevsimsel bulunabilirlik, rekabet avantaj\u0131n\u0131z\u0131 korumak i\u00e7in doruk sezon sona ermeden premium sevkiyatlar\u0131n\u0131z\u0131 g\u00fcvence alt\u0131na alman\u0131n gerekli&hellip;<\/p>\n","category_list_v2":"","author_info_v2":{"name":"Mostafa Sabry","url":"https:\/\/peitrade.com\/tr\/author\/emostafaadel_jn8gcqbo\/"},"comments_num_v2":"0 comments","mfb_rest_fields":["title","blocksy_meta","featured_image_urls_v2","post_excerpt_stackable_v2","category_list_v2","author_info_v2","comments_num_v2"],"_links":{"self":[{"href":"https:\/\/peitrade.com\/tr\/wp-json\/wp\/v2\/pages\/5837","targetHints":{"allow":["GET"]}}],"collection":[{"href":"https:\/\/peitrade.com\/tr\/wp-json\/wp\/v2\/pages"}],"about":[{"href":"https:\/\/peitrade.com\/tr\/wp-json\/wp\/v2\/types\/page"}],"author":[{"embeddable":true,"href":"https:\/\/peitrade.com\/tr\/wp-json\/wp\/v2\/users\/1"}],"replies":[{"embeddable":true,"href":"https:\/\/peitrade.com\/tr\/wp-json\/wp\/v2\/comments?post=5837"}],"version-history":[{"count":1,"href":"https:\/\/peitrade.com\/tr\/wp-json\/wp\/v2\/pages\/5837\/revisions"}],"predecessor-version":[{"id":5838,"href":"https:\/\/peitrade.com\/tr\/wp-json\/wp\/v2\/pages\/5837\/revisions\/5838"}],"wp:attachment":[{"href":"https:\/\/peitrade.com\/tr\/wp-json\/wp\/v2\/media?parent=5837"}],"curies":[{"name":"wp","href":"https:\/\/api.w.org\/{rel}","templated":true}]}}