{"id":5849,"date":"2025-05-20T09:59:26","date_gmt":"2025-05-20T09:59:26","guid":{"rendered":"http:\/\/46.224.74.15\/misir-nar-ihracat-sirketi-pei-trade\/"},"modified":"2025-11-19T16:46:28","modified_gmt":"2025-11-19T16:46:28","slug":"misir-nar-ihracat-sirketi-pei-trade","status":"publish","type":"page","link":"https:\/\/peitrade.com\/tr\/misir-nar-ihracat-sirketi-pei-trade\/","title":{"rendered":"M\u0131s\u0131r&#8217;da Nar \u0130hracat \u015eirketi \u2013 PEI Trade\u2019in \u0130hracat Hizmeti"},"content":{"rendered":"<section style=\"padding: 60px 20px; background-color: #f9f9f9;\" data-darkreader-inline-bgcolor=\"\">\n<div class=\"container\">\n<h1>M\u0131s\u0131r&#8217;da Nar \u0130hracat \u015eirketi \u2013 PEI Trade\u2019in \u0130hracat Hizmeti<\/h1>\n<p>G\u00fcvenilir M\u0131s\u0131r Nar \u0130hracat\u0131 ile Tutarl\u0131 Kalite ve Zaman\u0131nda Teslimat<\/p>\n<p>PEI Trade, uluslararas\u0131 ithalat\u00e7\u0131lar i\u00e7in do\u011frudan pazara tedarik \u00e7\u00f6z\u00fcmleri sunan M\u0131s\u0131r merkezli bir nar ihracat \u015firketidir. M\u0131s\u0131r&#8217;dan taze nar ihracat\u0131 konusunda uzman\u0131z; tam \u015feffafl\u0131k, esnek ambalaj se\u00e7enekleri ve g\u00fcvenilir sevkiyat takvimleri sa\u011fl\u0131yoruz.<\/p>\n<p>M\u00fc\u015fterilerimiz aras\u0131nda Orta Do\u011fu, Avrupa ve Asya genelindeki toptanc\u0131lar, s\u00fcpermarket distrib\u00fct\u00f6rleri ve g\u0131da i\u015fleyicileri yer al\u0131r. Hepsi, organize tedarik s\u00fcrecimizden ve rekabet\u00e7i ihracat fiyatlar\u0131yla M\u0131s\u0131r\u2019\u0131n mevsimlik \u00fcr\u00fcnlerine eri\u015fimden faydalanmaktad\u0131r.<\/p>\n<\/div>\n<\/section>\n<div class=\"wp-block-woocommerce-product-collection\"><div class=\"woocommerce columns-4 \"><ul class=\"products columns-4\" data-products=\"type-2\">\n<li class=\"product type-product post-7671 status-publish first instock product_cat-fruits has-post-thumbnail shipping-taxable product-type-simple\">\n\t<a href=\"https:\/\/peitrade.com\/tr\/product\/cilek\/\" class=\"woocommerce-LoopProduct-link woocommerce-loop-product__link\"><img decoding=\"async\" width=\"300\" height=\"300\" src=\"https:\/\/peitrade.com\/wp-content\/uploads\/2025\/11\/Egyptian-Strawberries-300x300.webp\" class=\"attachment-woocommerce_thumbnail size-woocommerce_thumbnail\" alt=\"\u00c7ilek\" srcset=\"https:\/\/peitrade.com\/wp-content\/uploads\/2025\/11\/Egyptian-Strawberries-300x300.webp 300w, https:\/\/peitrade.com\/wp-content\/uploads\/2025\/11\/Egyptian-Strawberries-150x150.webp 150w, https:\/\/peitrade.com\/wp-content\/uploads\/2025\/11\/Egyptian-Strawberries-768x768.webp 768w, https:\/\/peitrade.com\/wp-content\/uploads\/2025\/11\/Egyptian-Strawberries-600x600.webp 600w, https:\/\/peitrade.com\/wp-content\/uploads\/2025\/11\/Egyptian-Strawberries-100x100.webp 100w, https:\/\/peitrade.com\/wp-content\/uploads\/2025\/11\/Egyptian-Strawberries.webp 1024w\" sizes=\"(max-width: 300px) 100vw, 300px\" title=\"\"><h2 class=\"woocommerce-loop-product__title\">\u00c7ilek<\/h2>\n<\/a><a href=\"https:\/\/peitrade.com\/tr\/product\/cilek\/\" aria-describedby=\"woocommerce_loop_add_to_cart_link_describedby_7671\" data-quantity=\"1\" class=\"button product_type_simple\" data-product_id=\"7671\" data-product_sku=\"81010\" aria-label=\"&ldquo;\u00c7ilek&rdquo; hakk\u0131nda daha fazla bilgi edinin\" rel=\"nofollow\" data-success_message=\"\">Devam\u0131n\u0131 oku<\/a>\t<span id=\"woocommerce_loop_add_to_cart_link_describedby_7671\" class=\"screen-reader-text\">\n\t\t\t<\/span>\n<\/li>\n<li class=\"product type-product post-7745 status-publish instock product_cat-fruits has-post-thumbnail shipping-taxable product-type-simple\">\n\t<a href=\"https:\/\/peitrade.com\/tr\/product\/nar\/\" class=\"woocommerce-LoopProduct-link woocommerce-loop-product__link\"><img decoding=\"async\" width=\"300\" height=\"300\" src=\"https:\/\/peitrade.com\/wp-content\/uploads\/2025\/11\/Egyptian-Pomegranate-300x300.webp\" class=\"attachment-woocommerce_thumbnail size-woocommerce_thumbnail\" alt=\"Pomegranates: The Superfruit Appeal\" srcset=\"https:\/\/peitrade.com\/wp-content\/uploads\/2025\/11\/Egyptian-Pomegranate-300x300.webp 300w, https:\/\/peitrade.com\/wp-content\/uploads\/2025\/11\/Egyptian-Pomegranate-150x150.webp 150w, https:\/\/peitrade.com\/wp-content\/uploads\/2025\/11\/Egyptian-Pomegranate-768x768.webp 768w, https:\/\/peitrade.com\/wp-content\/uploads\/2025\/11\/Egyptian-Pomegranate-600x600.webp 600w, https:\/\/peitrade.com\/wp-content\/uploads\/2025\/11\/Egyptian-Pomegranate-100x100.webp 100w, https:\/\/peitrade.com\/wp-content\/uploads\/2025\/11\/Egyptian-Pomegranate.webp 1024w\" sizes=\"(max-width: 300px) 100vw, 300px\" title=\"\"><h2 class=\"woocommerce-loop-product__title\">Nar<\/h2>\n<\/a><a href=\"https:\/\/peitrade.com\/tr\/product\/nar\/\" aria-describedby=\"woocommerce_loop_add_to_cart_link_describedby_7745\" data-quantity=\"1\" class=\"button product_type_simple\" data-product_id=\"7745\" data-product_sku=\"81090\" aria-label=\"&ldquo;Nar&rdquo; hakk\u0131nda daha fazla bilgi edinin\" rel=\"nofollow\" data-success_message=\"\">Devam\u0131n\u0131 oku<\/a>\t<span id=\"woocommerce_loop_add_to_cart_link_describedby_7745\" class=\"screen-reader-text\">\n\t\t\t<\/span>\n<\/li>\n<li class=\"product type-product post-7444 status-publish instock product_cat-fruits product_cat-in-season has-post-thumbnail shipping-taxable product-type-simple\">\n\t<a href=\"https:\/\/peitrade.com\/tr\/product\/portakallar\/\" class=\"woocommerce-LoopProduct-link woocommerce-loop-product__link\"><img decoding=\"async\" width=\"300\" height=\"300\" src=\"https:\/\/peitrade.com\/wp-content\/uploads\/2025\/11\/Egyptian-Oranges-300x300.webp\" class=\"attachment-woocommerce_thumbnail size-woocommerce_thumbnail\" alt=\"M\u0131s\u0131r\u2019\u0131n Kanada\u2019ya portakal ihracat\u0131\" srcset=\"https:\/\/peitrade.com\/wp-content\/uploads\/2025\/11\/Egyptian-Oranges-300x300.webp 300w, https:\/\/peitrade.com\/wp-content\/uploads\/2025\/11\/Egyptian-Oranges-150x150.webp 150w, https:\/\/peitrade.com\/wp-content\/uploads\/2025\/11\/Egyptian-Oranges-768x768.webp 768w, https:\/\/peitrade.com\/wp-content\/uploads\/2025\/11\/Egyptian-Oranges-600x600.webp 600w, https:\/\/peitrade.com\/wp-content\/uploads\/2025\/11\/Egyptian-Oranges-100x100.webp 100w, https:\/\/peitrade.com\/wp-content\/uploads\/2025\/11\/Egyptian-Oranges.webp 1024w\" sizes=\"(max-width: 300px) 100vw, 300px\" title=\"\"><h2 class=\"woocommerce-loop-product__title\">Portakallar<\/h2>\n<\/a><a href=\"https:\/\/peitrade.com\/tr\/product\/portakallar\/\" aria-describedby=\"woocommerce_loop_add_to_cart_link_describedby_7444\" data-quantity=\"1\" class=\"button product_type_simple\" data-product_id=\"7444\" data-product_sku=\"80510\" aria-label=\"&ldquo;Portakallar&rdquo; hakk\u0131nda daha fazla bilgi edinin\" rel=\"nofollow\" data-success_message=\"\">Devam\u0131n\u0131 oku<\/a>\t<span id=\"woocommerce_loop_add_to_cart_link_describedby_7444\" class=\"screen-reader-text\">\n\t\t\t<\/span>\n<\/li>\n<li class=\"product type-product post-7589 status-publish last instock product_cat-fruits has-post-thumbnail shipping-taxable product-type-simple\">\n\t<a href=\"https:\/\/peitrade.com\/tr\/product\/uzum\/\" class=\"woocommerce-LoopProduct-link woocommerce-loop-product__link\"><img decoding=\"async\" width=\"300\" height=\"300\" src=\"https:\/\/peitrade.com\/wp-content\/uploads\/2025\/11\/Egyptian-Grapes-300x300.webp\" class=\"attachment-woocommerce_thumbnail size-woocommerce_thumbnail\" alt=\"Grapes: A Rising Star\" srcset=\"https:\/\/peitrade.com\/wp-content\/uploads\/2025\/11\/Egyptian-Grapes-300x300.webp 300w, https:\/\/peitrade.com\/wp-content\/uploads\/2025\/11\/Egyptian-Grapes-150x150.webp 150w, https:\/\/peitrade.com\/wp-content\/uploads\/2025\/11\/Egyptian-Grapes-768x768.webp 768w, https:\/\/peitrade.com\/wp-content\/uploads\/2025\/11\/Egyptian-Grapes-600x600.webp 600w, https:\/\/peitrade.com\/wp-content\/uploads\/2025\/11\/Egyptian-Grapes-100x100.webp 100w, https:\/\/peitrade.com\/wp-content\/uploads\/2025\/11\/Egyptian-Grapes.webp 1024w\" sizes=\"(max-width: 300px) 100vw, 300px\" title=\"\"><h2 class=\"woocommerce-loop-product__title\">\u00dcz\u00fcm<\/h2>\n<\/a><a href=\"https:\/\/peitrade.com\/tr\/product\/uzum\/\" aria-describedby=\"woocommerce_loop_add_to_cart_link_describedby_7589\" data-quantity=\"1\" class=\"button product_type_simple\" data-product_id=\"7589\" data-product_sku=\"80610\" aria-label=\"&ldquo;\u00dcz\u00fcm&rdquo; hakk\u0131nda daha fazla bilgi edinin\" rel=\"nofollow\" data-success_message=\"\">Devam\u0131n\u0131 oku<\/a>\t<span id=\"woocommerce_loop_add_to_cart_link_describedby_7589\" class=\"screen-reader-text\">\n\t\t\t<\/span>\n<\/li>\n<\/ul>\n<\/div><\/div>\n<section style=\"padding: 50px 20px;\">\n<h2>PEI Trade\u2019den \u0130hracat Kalitesinde M\u0131s\u0131r Narlar\u0131<\/h2>\n<p>\u00dcst d\u00fczey nar \u00e7e\u015fitleri yeti\u015ftirmesiyle tan\u0131nan yerel \u00e7iftliklerle do\u011frudan \u00e7al\u0131\u015f\u0131yoruz. Elveri\u015fli iklim ko\u015fullar\u0131nda ve verimli Nil Deltas\u0131 topra\u011f\u0131nda yeti\u015ftirilen M\u0131s\u0131r narlar\u0131m\u0131z, canl\u0131 renkleri, dengeli tatl\u0131l\u0131\u011f\u0131 ve sa\u011flam \u00e7ekirdek yap\u0131s\u0131yla tan\u0131n\u0131r.<\/p>\n<p>PEI Trade \u015fu y\u00fcksek kaliteli \u00e7e\u015fitleri sunar:<\/p>\n<ul>\n<li><strong>Wonderful<\/strong> \u2013 Canl\u0131 k\u0131rm\u0131z\u0131 kabuk, derin yakut taneler ve uzun raf \u00f6mr\u00fc<\/li>\n<li><strong>Baladi<\/strong> \u2013 Daha hafif tat, yumu\u015fak \u00e7ekirdekler, Orta Do\u011fu damak tad\u0131na uygundur<\/li>\n<li><strong>116\/117 Serisi<\/strong> \u2013 Geni\u015f ihracat talebine uygun ticari s\u0131n\u0131f \u00e7e\u015fitler<\/li>\n<\/ul>\n<p>Her meyve, toptan ve perakende kanallar\u0131ndaki al\u0131c\u0131 standartlar\u0131n\u0131 kar\u015f\u0131lamak i\u00e7in \u00f6zenle hasat edilir, s\u0131n\u0131fland\u0131r\u0131l\u0131r ve paketlenir.<\/p>\n<h2><strong>Uluslararas\u0131 Al\u0131c\u0131lar \u0130\u00e7in Ambalaj Se\u00e7enekleri<\/strong><\/h2>\n<p>Farkl\u0131 pazar ve lojistik ihtiya\u00e7lar\u0131 kar\u015f\u0131lamak \u00fczere \u00e7ok say\u0131da ambalaj format\u0131 sunuyoruz:<\/p>\n<ul>\n<li>Net a\u011f\u0131rl\u0131klar: <strong>2.5 kg<\/strong>, <strong>5 kg<\/strong> ve <strong>10 kg<\/strong> kutular<\/li>\n<li>Ambalaj t\u00fcrleri: D\u00f6kme veya tepsiye dizilmi\u015f<\/li>\n<li>Etiketleme: \u0130ngilizce, Arap\u00e7a veya al\u0131c\u0131ya \u00f6zel dillerde sunulabilir<\/li>\n<li>S\u0131n\u0131f: Sadece \u0130hracat Kalitesi \/ 1. S\u0131n\u0131f<\/li>\n<\/ul>\n<p>Ambalajlama, s\u0131k\u0131 hijyen kurallar\u0131na ve ihracat haz\u0131rl\u0131k protokollerine uyan g\u00fcvenli tesislerde yap\u0131l\u0131r. G\u00f6nderim bir s\u00fcpermarket zincirine ya da bir meyve-sebze toptanc\u0131s\u0131na y\u00f6nelik olsun, her sipari\u015f titizlikle haz\u0131rlan\u0131r.<\/p>\n<h2>Verimli Lojistik ile Do\u011frudan \u0130hracat Hizmeti<\/h2>\n<p>M\u0131s\u0131r\u2019da k\u00f6kl\u00fc bir nar ihracat \u015firketi olarak PEI Trade, ihracat\u0131n t\u00fcm a\u015famalar\u0131n\u0131 \u2013 tedarikten teslimata kadar \u2013 y\u00f6netmektedir. Lojistik ekibimiz a\u015fa\u011f\u0131daki s\u00fcre\u00e7leri denetler:<\/p>\n<ul>\n<li>Hasat programlamas\u0131 ve yerinde s\u0131n\u0131fland\u0131rma<\/li>\n<li>Gerekirse \u00f6n so\u011futma ve s\u0131cakl\u0131k kontrol\u00fc<\/li>\n<li>So\u011futmal\u0131 konteynerlerle denizyolu veya talep \u00fczerine havayolu ta\u015f\u0131mac\u0131l\u0131\u011f\u0131<\/li>\n<li>Fitosaniter belgeler, faturalar ve g\u00fcmr\u00fck evraklar\u0131 dahil ihracat dok\u00fcmantasyonu<\/li>\n<\/ul>\n<p>Yap\u0131land\u0131r\u0131lm\u0131\u015f lojistik s\u00fcrecimiz sayesinde her g\u00f6nderi zaman\u0131nda ve m\u00fckemmel ko\u015fullarda teslim edilir.<\/p>\n<h2>Mevsimsel Uygunluk ve Tedarik D\u00f6nemleri<\/h2>\n<p>M\u0131s\u0131r\u2019daki nar sezonu genellikle <strong>A\u011fustos sonundan Aral\u0131k ay\u0131na kadar<\/strong> s\u00fcrer, en yo\u011fun d\u00f6nem ise <strong>Eyl\u00fcl ile Kas\u0131m aylar\u0131<\/strong> aras\u0131ndad\u0131r. Sipari\u015fler, al\u0131c\u0131lar\u0131n uygun fiyat ve tazelik ile planlama yapabilmesi i\u00e7in mevsimsel d\u00f6ng\u00fclere g\u00f6re y\u00f6netilir.<\/p>\n<p>Sezon ba\u015f\u0131nda daha d\u00fc\u015f\u00fck hacimler bulunurken, so\u011fuk hava deposundaki \u00fcr\u00fcnler Aral\u0131k sonras\u0131 k\u0131sa bir s\u00fcre daha tedarik imk\u00e2n\u0131 sunabilir.<\/p>\n<h2>Al\u0131c\u0131lar Neden PEI Trade\u2019i Tercih Ediyor?<\/h2>\n<p>PEI Trade&#8217;den M\u0131s\u0131r nar\u0131 tedarik eden ithalat\u00e7\u0131lar a\u015fa\u011f\u0131daki avantajlara sahip olur:<\/p>\n<ul>\n<li><strong>Do\u011frudan \u00e7iftlikten tedarik<\/strong> ile rekabet\u00e7i fiyatlar<\/li>\n<li><strong>Esnek ambalaj se\u00e7enekleri<\/strong> \u2013 toptan veya perakende sevkiyatlar i\u00e7in<\/li>\n<li><strong>Hasat d\u00f6nemine uygun g\u00fcvenilir ihracat takvimleri<\/strong><\/li>\n<li><strong>Soru\u015fturmadan limana var\u0131\u015fa kadar uzman ticaret deste\u011fi<\/strong><\/li>\n<\/ul>\n<p>Amac\u0131m\u0131z, uluslararas\u0131 al\u0131c\u0131lara tutarl\u0131 kalite, \u00f6ng\u00f6r\u00fclebilir tedarik ve gecikmeleri azaltan verimli bir ihracat s\u00fcreci sunmakt\u0131r.<\/p>\n<\/section>\n<section style=\"padding: 50px 20px; background-color: #f0f0f0;\" data-darkreader-inline-bgcolor=\"\">\n<h2>Fiyat Teklifi veya Sevkiyat Uygunlu\u011fu Talep Edin<\/h2>\n<p>M\u0131s\u0131r\u2019dan taze nar m\u0131 tedarik etmek istiyorsunuz? PEI Trade, hedef liman\u0131n\u0131za ve ta\u015f\u0131ma tercihinize g\u00f6re ayarlanm\u0131\u015f FOB ve CIF fiyat se\u00e7enekleri sunar. Ekibimiz, talep \u00fczerine sezonluk uygunluk g\u00fcncellemeleri ve hacim \u00f6nerileri haz\u0131rlayabilir.<\/p>\n<p>G\u00fcncel M\u0131s\u0131r nar\u0131 ihracat fiyatlar\u0131, teslim s\u00fcreleri ve ambalaj se\u00e7enekleri i\u00e7in bug\u00fcn bizimle ileti\u015fime ge\u00e7in.<\/p>\n<p style=\"text-align: center; margin-top: 40px;\"><a class=\"button primary large\" href=\"\/contact\">\u015eimdi Sipari\u015f Verin<\/a><\/p>\n<\/section>\n<section style=\"padding: 50px 20px;\">\n<div class=\"container\">\n<h2>M\u0131s\u0131r\u2019dan Di\u011fer Taze \u00dcr\u00fcnler<\/h2>\n<p>&nbsp;<\/p>\n<p>Nara ek olarak, PEI Trade M\u0131s\u0131r men\u015feli \u00e7ilek, guava, mango, portakal ve daha fazlas\u0131n\u0131 tedarik eder. Mevsimlik programlar\u0131 ve uzun vadeli ithalat s\u00f6zle\u015fmelerini destekliyoruz. <a href=\"\/about\">\u0130hracat hizmetlerimiz hakk\u0131nda daha fazla bilgi edinin<\/a>.<\/p>\n<div class=\"wp-block-woocommerce-product-collection\"><div class=\"woocommerce columns-4 \"><ul class=\"products columns-4\" data-products=\"type-2\">\n<li class=\"product type-product post-7583 status-publish first instock product_cat-fruits product_cat-in-season has-post-thumbnail shipping-taxable product-type-simple\">\n\t<a href=\"https:\/\/peitrade.com\/tr\/product\/guava\/\" class=\"woocommerce-LoopProduct-link woocommerce-loop-product__link\"><img decoding=\"async\" width=\"300\" height=\"300\" src=\"https:\/\/peitrade.com\/wp-content\/uploads\/2025\/11\/Egyptian-Guava-300x300.webp\" class=\"attachment-woocommerce_thumbnail size-woocommerce_thumbnail\" alt=\"Egyptian Guava\" srcset=\"https:\/\/peitrade.com\/wp-content\/uploads\/2025\/11\/Egyptian-Guava-300x300.webp 300w, https:\/\/peitrade.com\/wp-content\/uploads\/2025\/11\/Egyptian-Guava-150x150.webp 150w, https:\/\/peitrade.com\/wp-content\/uploads\/2025\/11\/Egyptian-Guava-768x768.webp 768w, https:\/\/peitrade.com\/wp-content\/uploads\/2025\/11\/Egyptian-Guava-600x600.webp 600w, https:\/\/peitrade.com\/wp-content\/uploads\/2025\/11\/Egyptian-Guava-100x100.webp 100w, https:\/\/peitrade.com\/wp-content\/uploads\/2025\/11\/Egyptian-Guava.webp 1024w\" sizes=\"(max-width: 300px) 100vw, 300px\" title=\"\"><h2 class=\"woocommerce-loop-product__title\">Guava<\/h2>\n<\/a><a href=\"https:\/\/peitrade.com\/tr\/product\/guava\/\" aria-describedby=\"woocommerce_loop_add_to_cart_link_describedby_7583\" data-quantity=\"1\" class=\"button product_type_simple\" data-product_id=\"7583\" data-product_sku=\"80451\" aria-label=\"&ldquo;Guava&rdquo; hakk\u0131nda daha fazla bilgi edinin\" rel=\"nofollow\" data-success_message=\"\">Devam\u0131n\u0131 oku<\/a>\t<span id=\"woocommerce_loop_add_to_cart_link_describedby_7583\" class=\"screen-reader-text\">\n\t\t\t<\/span>\n<\/li>\n<li class=\"product type-product post-7648 status-publish instock product_cat-fruits has-post-thumbnail shipping-taxable product-type-simple\">\n\t<a href=\"https:\/\/peitrade.com\/tr\/product\/mango\/\" class=\"woocommerce-LoopProduct-link woocommerce-loop-product__link\"><img decoding=\"async\" width=\"300\" height=\"300\" src=\"https:\/\/peitrade.com\/wp-content\/uploads\/2025\/11\/Egyption-Mango-300x300.webp\" class=\"attachment-woocommerce_thumbnail size-woocommerce_thumbnail\" alt=\"Mangoes: Egypt\u2019s Tropical Treasure\" srcset=\"https:\/\/peitrade.com\/wp-content\/uploads\/2025\/11\/Egyption-Mango-300x300.webp 300w, https:\/\/peitrade.com\/wp-content\/uploads\/2025\/11\/Egyption-Mango-150x150.webp 150w, https:\/\/peitrade.com\/wp-content\/uploads\/2025\/11\/Egyption-Mango-768x768.webp 768w, https:\/\/peitrade.com\/wp-content\/uploads\/2025\/11\/Egyption-Mango-600x600.webp 600w, https:\/\/peitrade.com\/wp-content\/uploads\/2025\/11\/Egyption-Mango-100x100.webp 100w, https:\/\/peitrade.com\/wp-content\/uploads\/2025\/11\/Egyption-Mango.webp 1024w\" sizes=\"(max-width: 300px) 100vw, 300px\" title=\"\"><h2 class=\"woocommerce-loop-product__title\">Mango<\/h2>\n<\/a><a href=\"https:\/\/peitrade.com\/tr\/product\/mango\/\" aria-describedby=\"woocommerce_loop_add_to_cart_link_describedby_7648\" data-quantity=\"1\" class=\"button product_type_simple\" data-product_id=\"7648\" data-product_sku=\"80450\" aria-label=\"&ldquo;Mango&rdquo; hakk\u0131nda daha fazla bilgi edinin\" rel=\"nofollow\" data-success_message=\"\">Devam\u0131n\u0131 oku<\/a>\t<span id=\"woocommerce_loop_add_to_cart_link_describedby_7648\" class=\"screen-reader-text\">\n\t\t\t<\/span>\n<\/li>\n<li class=\"product type-product post-7745 status-publish instock product_cat-fruits has-post-thumbnail shipping-taxable product-type-simple\">\n\t<a href=\"https:\/\/peitrade.com\/tr\/product\/nar\/\" class=\"woocommerce-LoopProduct-link woocommerce-loop-product__link\"><img decoding=\"async\" width=\"300\" height=\"300\" src=\"https:\/\/peitrade.com\/wp-content\/uploads\/2025\/11\/Egyptian-Pomegranate-300x300.webp\" class=\"attachment-woocommerce_thumbnail size-woocommerce_thumbnail\" alt=\"Pomegranates: The Superfruit Appeal\" srcset=\"https:\/\/peitrade.com\/wp-content\/uploads\/2025\/11\/Egyptian-Pomegranate-300x300.webp 300w, https:\/\/peitrade.com\/wp-content\/uploads\/2025\/11\/Egyptian-Pomegranate-150x150.webp 150w, https:\/\/peitrade.com\/wp-content\/uploads\/2025\/11\/Egyptian-Pomegranate-768x768.webp 768w, https:\/\/peitrade.com\/wp-content\/uploads\/2025\/11\/Egyptian-Pomegranate-600x600.webp 600w, https:\/\/peitrade.com\/wp-content\/uploads\/2025\/11\/Egyptian-Pomegranate-100x100.webp 100w, https:\/\/peitrade.com\/wp-content\/uploads\/2025\/11\/Egyptian-Pomegranate.webp 1024w\" sizes=\"(max-width: 300px) 100vw, 300px\" title=\"\"><h2 class=\"woocommerce-loop-product__title\">Nar<\/h2>\n<\/a><a href=\"https:\/\/peitrade.com\/tr\/product\/nar\/\" aria-describedby=\"woocommerce_loop_add_to_cart_link_describedby_7745\" data-quantity=\"1\" class=\"button product_type_simple\" data-product_id=\"7745\" data-product_sku=\"81090\" aria-label=\"&ldquo;Nar&rdquo; hakk\u0131nda daha fazla bilgi edinin\" rel=\"nofollow\" data-success_message=\"\">Devam\u0131n\u0131 oku<\/a>\t<span id=\"woocommerce_loop_add_to_cart_link_describedby_7745\" class=\"screen-reader-text\">\n\t\t\t<\/span>\n<\/li>\n<li class=\"product type-product post-7444 status-publish last instock product_cat-fruits product_cat-in-season has-post-thumbnail shipping-taxable product-type-simple\">\n\t<a href=\"https:\/\/peitrade.com\/tr\/product\/portakallar\/\" class=\"woocommerce-LoopProduct-link woocommerce-loop-product__link\"><img decoding=\"async\" width=\"300\" height=\"300\" src=\"https:\/\/peitrade.com\/wp-content\/uploads\/2025\/11\/Egyptian-Oranges-300x300.webp\" class=\"attachment-woocommerce_thumbnail size-woocommerce_thumbnail\" alt=\"M\u0131s\u0131r\u2019\u0131n Kanada\u2019ya portakal ihracat\u0131\" srcset=\"https:\/\/peitrade.com\/wp-content\/uploads\/2025\/11\/Egyptian-Oranges-300x300.webp 300w, https:\/\/peitrade.com\/wp-content\/uploads\/2025\/11\/Egyptian-Oranges-150x150.webp 150w, https:\/\/peitrade.com\/wp-content\/uploads\/2025\/11\/Egyptian-Oranges-768x768.webp 768w, https:\/\/peitrade.com\/wp-content\/uploads\/2025\/11\/Egyptian-Oranges-600x600.webp 600w, https:\/\/peitrade.com\/wp-content\/uploads\/2025\/11\/Egyptian-Oranges-100x100.webp 100w, https:\/\/peitrade.com\/wp-content\/uploads\/2025\/11\/Egyptian-Oranges.webp 1024w\" sizes=\"(max-width: 300px) 100vw, 300px\" title=\"\"><h2 class=\"woocommerce-loop-product__title\">Portakallar<\/h2>\n<\/a><a href=\"https:\/\/peitrade.com\/tr\/product\/portakallar\/\" aria-describedby=\"woocommerce_loop_add_to_cart_link_describedby_7444\" data-quantity=\"1\" class=\"button product_type_simple\" data-product_id=\"7444\" data-product_sku=\"80510\" aria-label=\"&ldquo;Portakallar&rdquo; hakk\u0131nda daha fazla bilgi edinin\" rel=\"nofollow\" data-success_message=\"\">Devam\u0131n\u0131 oku<\/a>\t<span id=\"woocommerce_loop_add_to_cart_link_describedby_7444\" class=\"screen-reader-text\">\n\t\t\t<\/span>\n<\/li>\n<\/ul>\n<\/div><\/div>\n<\/div>\n<\/section>\n<section style=\"padding: 50px 20px; background-color: #f9f9f9;\" data-darkreader-inline-bgcolor=\"\">\n<div class=\"container\">\n<h2>S\u0131k\u00e7a Sorulan Sorular<\/h2>\n<div>\n<h3>M\u0131s\u0131r narlar\u0131n\u0131n ihracat i\u00e7in en uygun d\u00f6nemi nedir?<\/h3>\n<p>Ana ihracat sezonu genellikle A\u011fustos sonlar\u0131nda ba\u015flar ve \u00e7e\u015fide ve b\u00f6lgeye ba\u011fl\u0131 olarak Eyl\u00fcl ile Kas\u0131m aras\u0131nda zirve yapar.<\/p>\n<h3>Toptan sipari\u015fler i\u00e7in nar tedariki sa\u011fl\u0131yor musunuz?<\/h3>\n<p>Evet, PEI Trade toptanc\u0131lar, distrib\u00fct\u00f6rler ve g\u0131da hizmeti firmalar\u0131 i\u00e7in b\u00fcy\u00fck miktarlarda nar tedarik etmektedir. G\u00f6nderim t\u00fcr\u00fcne ba\u011fl\u0131 olarak minimum sipari\u015f miktar\u0131 gereklidir.<\/p>\n<h3>\u0130hracata uygun ambalaj sa\u011flayabilir misiniz?<\/h3>\n<p>Toplu ve perakende pazarlar i\u00e7in uygun \u00e7e\u015fitli formatlar sunuyoruz. Kutu boyutlar\u0131, malzeme t\u00fcrleri ve etiketleme dilleri var\u0131\u015f \u00fclkesine g\u00f6re uyarlanabilir.<\/p>\n<h3>Hangi \u00fclkelere ihracat yap\u0131yorsunuz?<\/h3>\n<p>PEI Trade, M\u0131s\u0131r narlar\u0131n\u0131 K\u00f6rfez \u00fclkeleri, G\u00fcneydo\u011fu Asya ve Avrupa\u2019n\u0131n belirli b\u00f6lgeleri d\u00e2hil olmak \u00fczere bir\u00e7ok farkl\u0131 \u00fclkeye ihra\u00e7 etmektedir. B\u00f6lgeniz bu kapsama girmiyorsa bizimle ileti\u015fime ge\u00e7in\u2014yeni nakliye rotalar\u0131 koordine edebiliriz.<\/p>\n<\/div>\n<\/div>\n<\/section>\n","protected":false},"excerpt":{"rendered":"<p>M\u0131s\u0131r&#8217;da Nar \u0130hracat \u015eirketi \u2013 PEI Trade\u2019in \u0130hracat Hizmeti G\u00fcvenilir M\u0131s\u0131r Nar \u0130hracat\u0131 ile Tutarl\u0131 Kalite ve Zaman\u0131nda Teslimat PEI Trade, uluslararas\u0131 ithalat\u00e7\u0131lar i\u00e7in do\u011frudan pazara tedarik \u00e7\u00f6z\u00fcmleri sunan M\u0131s\u0131r merkezli bir nar ihracat \u015firketidir. M\u0131s\u0131r&#8217;dan taze nar ihracat\u0131 konusunda uzman\u0131z; tam \u015feffafl\u0131k, esnek ambalaj se\u00e7enekleri ve g\u00fcvenilir sevkiyat takvimleri sa\u011fl\u0131yoruz. M\u00fc\u015fterilerimiz aras\u0131nda Orta Do\u011fu, [&hellip;]<\/p>\n","protected":false},"author":1,"featured_media":0,"parent":0,"menu_order":0,"comment_status":"closed","ping_status":"closed","template":"","meta":{"footnotes":""},"class_list":["post-5849","page","type-page","status-publish","hentry"],"blocksy_meta":[],"mb":[],"featured_image_urls_v2":{"full":"","thumbnail":"","medium":"","medium_large":"","large":"","1536x1536":"","2048x2048":"","woocommerce_archive_thumbnail":"","woocommerce_thumbnail":"","woocommerce_single":"","woocommerce_gallery_thumbnail":""},"post_excerpt_stackable_v2":"<p>M\u0131s\u0131r&#8217;da Nar \u0130hracat \u015eirketi \u2013 PEI Trade\u2019in \u0130hracat Hizmeti G\u00fcvenilir M\u0131s\u0131r Nar \u0130hracat\u0131 ile Tutarl\u0131 Kalite ve Zaman\u0131nda Teslimat PEI Trade, uluslararas\u0131 ithalat\u00e7\u0131lar i\u00e7in do\u011frudan pazara tedarik \u00e7\u00f6z\u00fcmleri sunan M\u0131s\u0131r merkezli bir nar ihracat \u015firketidir. M\u0131s\u0131r&#8217;dan taze nar ihracat\u0131 konusunda uzman\u0131z; tam \u015feffafl\u0131k, esnek ambalaj se\u00e7enekleri ve g\u00fcvenilir sevkiyat takvimleri sa\u011fl\u0131yoruz. M\u00fc\u015fterilerimiz aras\u0131nda Orta Do\u011fu, Avrupa ve Asya genelindeki toptanc\u0131lar, s\u00fcpermarket distrib\u00fct\u00f6rleri ve g\u0131da i\u015fleyicileri yer al\u0131r. Hepsi, organize tedarik s\u00fcrecimizden ve rekabet\u00e7i ihracat fiyatlar\u0131yla M\u0131s\u0131r\u2019\u0131n mevsimlik \u00fcr\u00fcnlerine eri\u015fimden faydalanmaktad\u0131r. \u00c7ilek Devam\u0131n\u0131 oku Nar Devam\u0131n\u0131 oku Portakallar Devam\u0131n\u0131 oku \u00dcz\u00fcm Devam\u0131n\u0131 oku PEI Trade\u2019den \u0130hracat Kalitesinde M\u0131s\u0131r Narlar\u0131 \u00dcst d\u00fczey&hellip;<\/p>\n","category_list_v2":"","author_info_v2":{"name":"Mostafa Sabry","url":"https:\/\/peitrade.com\/tr\/author\/emostafaadel_jn8gcqbo\/"},"comments_num_v2":"0 comments","mfb_rest_fields":["title","blocksy_meta","featured_image_urls_v2","post_excerpt_stackable_v2","category_list_v2","author_info_v2","comments_num_v2"],"_links":{"self":[{"href":"https:\/\/peitrade.com\/tr\/wp-json\/wp\/v2\/pages\/5849","targetHints":{"allow":["GET"]}}],"collection":[{"href":"https:\/\/peitrade.com\/tr\/wp-json\/wp\/v2\/pages"}],"about":[{"href":"https:\/\/peitrade.com\/tr\/wp-json\/wp\/v2\/types\/page"}],"author":[{"embeddable":true,"href":"https:\/\/peitrade.com\/tr\/wp-json\/wp\/v2\/users\/1"}],"replies":[{"embeddable":true,"href":"https:\/\/peitrade.com\/tr\/wp-json\/wp\/v2\/comments?post=5849"}],"version-history":[{"count":1,"href":"https:\/\/peitrade.com\/tr\/wp-json\/wp\/v2\/pages\/5849\/revisions"}],"predecessor-version":[{"id":5850,"href":"https:\/\/peitrade.com\/tr\/wp-json\/wp\/v2\/pages\/5849\/revisions\/5850"}],"wp:attachment":[{"href":"https:\/\/peitrade.com\/tr\/wp-json\/wp\/v2\/media?parent=5849"}],"curies":[{"name":"wp","href":"https:\/\/api.w.org\/{rel}","templated":true}]}}