{"id":5859,"date":"2025-05-20T11:47:48","date_gmt":"2025-05-20T11:47:48","guid":{"rendered":"http:\/\/46.224.74.15\/taze-fasulye-hasat-sezonu\/"},"modified":"2025-11-19T16:46:34","modified_gmt":"2025-11-19T16:46:34","slug":"taze-fasulye-hasat-sezonu","status":"publish","type":"page","link":"https:\/\/peitrade.com\/tr\/taze-fasulye-hasat-sezonu\/","title":{"rendered":"M\u0131s\u0131r\u2019da Taze Fasulye Hasat Sezonu \u2013 PEI Trade\u2019den Taze Fasulye"},"content":{"rendered":"<section style=\"padding: 60px 20px; background-color: #f9f9f9;\">\n<div class=\"container\">\n<h1>M\u0131s\u0131r\u2019da Taze Fasulye Hasat Sezonu \u2013 PEI Trade\u2019den Taze Fasulye<\/h1>\n<p>&nbsp;<\/p>\n<p><strong>M\u0131s\u0131r\u2019da fasulye hasat sezonu<\/strong>, uluslararas\u0131 pazarlara ihra\u00e7 edilmeye haz\u0131r taze ye\u015fil fasulyeler getirir ve PEI Trade, <strong>M\u0131s\u0131r\u2019daki \u00f6nde gelen ye\u015fil fasulye ihracat\u00e7\u0131lar\u0131<\/strong> aras\u0131nda yer almaktan gurur duyar. Uzmanl\u0131\u011f\u0131m\u0131z, \u00fclkenin en verimli tar\u0131m b\u00f6lgelerinden temin edilen birinci s\u0131n\u0131f <strong>M\u0131s\u0131r ye\u015fil fasulyeleri<\/strong>\u2014yerel ad\u0131yla <strong>fasolia<\/strong>\u2014sunmakt\u0131r.<\/p>\n<p>M\u0131s\u0131r\u2019\u0131n elveri\u015fli iklimi ve ileri tar\u0131m uygulamalar\u0131 sayesinde, m\u00fckemmel doku, raf \u00f6mr\u00fc ve lezzete sahip \u00e7\u0131t\u0131r ve canl\u0131 ye\u015fil fasulyeler sunabiliyoruz. Fasulyelerimiz, tarladan limana kadar maksimum tazelik sa\u011flamak i\u00e7in h\u0131zla hasat edilir, paketlenir ve sevk edilir.<\/p>\n<p>G\u00fcvenilir bir <strong>ye\u015fil fasulye tedarik\u00e7isi<\/strong> olarak PEI Trade, toptanc\u0131lara, perakendecilere ve g\u0131da \u00fcreticilerine hasat sezonu boyunca d\u00fczenli hacimlerde, ihracata haz\u0131r ambalaj se\u00e7enekleri sunar.<\/p>\n<\/div>\n<\/section>\n<div class=\"wp-block-woocommerce-product-collection\"><div class=\"woocommerce columns-4 \"><ul class=\"products columns-4\" data-products=\"type-2\">\n<li class=\"product type-product post-7719 status-publish first instock product_cat-legumes product_cat-in-season has-post-thumbnail shipping-taxable product-type-simple\">\n\t<a href=\"https:\/\/peitrade.com\/tr\/product\/kuru-beyaz-fasulye\/\" class=\"woocommerce-LoopProduct-link woocommerce-loop-product__link\"><img decoding=\"async\" width=\"300\" height=\"300\" src=\"https:\/\/peitrade.com\/wp-content\/uploads\/2025\/11\/Egyptian-White-Beans-300x300.webp\" class=\"attachment-woocommerce_thumbnail size-woocommerce_thumbnail\" alt=\"Kuru beyaz fasulye\" srcset=\"https:\/\/peitrade.com\/wp-content\/uploads\/2025\/11\/Egyptian-White-Beans-300x300.webp 300w, https:\/\/peitrade.com\/wp-content\/uploads\/2025\/11\/Egyptian-White-Beans-150x150.webp 150w, https:\/\/peitrade.com\/wp-content\/uploads\/2025\/11\/Egyptian-White-Beans-768x768.webp 768w, https:\/\/peitrade.com\/wp-content\/uploads\/2025\/11\/Egyptian-White-Beans-600x600.webp 600w, https:\/\/peitrade.com\/wp-content\/uploads\/2025\/11\/Egyptian-White-Beans-100x100.webp 100w, https:\/\/peitrade.com\/wp-content\/uploads\/2025\/11\/Egyptian-White-Beans.webp 1024w\" sizes=\"(max-width: 300px) 100vw, 300px\" title=\"\"><h2 class=\"woocommerce-loop-product__title\">Kuru beyaz fasulye<\/h2>\n<\/a><a href=\"https:\/\/peitrade.com\/tr\/product\/kuru-beyaz-fasulye\/\" aria-describedby=\"woocommerce_loop_add_to_cart_link_describedby_7719\" data-quantity=\"1\" class=\"button product_type_simple\" data-product_id=\"7719\" data-product_sku=\"70820\" aria-label=\"&ldquo;Kuru beyaz fasulye&rdquo; hakk\u0131nda daha fazla bilgi edinin\" rel=\"nofollow\" data-success_message=\"\">Devam\u0131n\u0131 oku<\/a>\t<span id=\"woocommerce_loop_add_to_cart_link_describedby_7719\" class=\"screen-reader-text\">\n\t\t\t<\/span>\n<\/li>\n<li class=\"product type-product post-7776 status-publish instock product_cat-vegetables product_cat-in-season has-post-thumbnail shipping-taxable product-type-simple\">\n\t<a href=\"https:\/\/peitrade.com\/tr\/product\/patates\/\" class=\"woocommerce-LoopProduct-link woocommerce-loop-product__link\"><img decoding=\"async\" width=\"300\" height=\"300\" src=\"https:\/\/peitrade.com\/wp-content\/uploads\/2025\/11\/Egyptian-Potatoes-300x300.webp\" class=\"attachment-woocommerce_thumbnail size-woocommerce_thumbnail\" alt=\"Patates\" srcset=\"https:\/\/peitrade.com\/wp-content\/uploads\/2025\/11\/Egyptian-Potatoes-300x300.webp 300w, https:\/\/peitrade.com\/wp-content\/uploads\/2025\/11\/Egyptian-Potatoes-150x150.webp 150w, https:\/\/peitrade.com\/wp-content\/uploads\/2025\/11\/Egyptian-Potatoes-768x768.webp 768w, https:\/\/peitrade.com\/wp-content\/uploads\/2025\/11\/Egyptian-Potatoes-600x600.webp 600w, https:\/\/peitrade.com\/wp-content\/uploads\/2025\/11\/Egyptian-Potatoes-100x100.webp 100w, https:\/\/peitrade.com\/wp-content\/uploads\/2025\/11\/Egyptian-Potatoes.webp 1024w\" sizes=\"(max-width: 300px) 100vw, 300px\" title=\"\"><h2 class=\"woocommerce-loop-product__title\">Patates<\/h2>\n<\/a><a href=\"https:\/\/peitrade.com\/tr\/product\/patates\/\" aria-describedby=\"woocommerce_loop_add_to_cart_link_describedby_7776\" data-quantity=\"1\" class=\"button product_type_simple\" data-product_id=\"7776\" data-product_sku=\"70190\" aria-label=\"&ldquo;Patates&rdquo; hakk\u0131nda daha fazla bilgi edinin\" rel=\"nofollow\" data-success_message=\"\">Devam\u0131n\u0131 oku<\/a>\t<span id=\"woocommerce_loop_add_to_cart_link_describedby_7776\" class=\"screen-reader-text\">\n\t\t\t<\/span>\n<\/li>\n<li class=\"product type-product post-7484 status-publish instock product_cat-vegetables product_cat-in-season has-post-thumbnail shipping-taxable product-type-simple\">\n\t<a href=\"https:\/\/peitrade.com\/tr\/product\/sogan\/\" class=\"woocommerce-LoopProduct-link woocommerce-loop-product__link\"><img decoding=\"async\" width=\"300\" height=\"300\" src=\"https:\/\/peitrade.com\/wp-content\/uploads\/2025\/11\/Egyption-Onion-300x300.webp\" class=\"attachment-woocommerce_thumbnail size-woocommerce_thumbnail\" alt=\"Egyption Onion - PEI Trade\" srcset=\"https:\/\/peitrade.com\/wp-content\/uploads\/2025\/11\/Egyption-Onion-300x300.webp 300w, https:\/\/peitrade.com\/wp-content\/uploads\/2025\/11\/Egyption-Onion-150x150.webp 150w, https:\/\/peitrade.com\/wp-content\/uploads\/2025\/11\/Egyption-Onion-768x768.webp 768w, https:\/\/peitrade.com\/wp-content\/uploads\/2025\/11\/Egyption-Onion-600x600.webp 600w, https:\/\/peitrade.com\/wp-content\/uploads\/2025\/11\/Egyption-Onion-100x100.webp 100w, https:\/\/peitrade.com\/wp-content\/uploads\/2025\/11\/Egyption-Onion.webp 1024w\" sizes=\"(max-width: 300px) 100vw, 300px\" title=\"\"><h2 class=\"woocommerce-loop-product__title\">So\u011fan<\/h2>\n<\/a><a href=\"https:\/\/peitrade.com\/tr\/product\/sogan\/\" aria-describedby=\"woocommerce_loop_add_to_cart_link_describedby_7484\" data-quantity=\"1\" class=\"button product_type_simple\" data-product_id=\"7484\" data-product_sku=\"70310\" aria-label=\"&ldquo;So\u011fan&rdquo; hakk\u0131nda daha fazla bilgi edinin\" rel=\"nofollow\" data-success_message=\"\">Devam\u0131n\u0131 oku<\/a>\t<span id=\"woocommerce_loop_add_to_cart_link_describedby_7484\" class=\"screen-reader-text\">\n\t\t\t<\/span>\n<\/li>\n<li class=\"product type-product post-7540 status-publish last instock product_cat-vegetables product_cat-in-season has-post-thumbnail shipping-taxable product-type-simple\">\n\t<a href=\"https:\/\/peitrade.com\/tr\/product\/taze-fasulye\/\" class=\"woocommerce-LoopProduct-link woocommerce-loop-product__link\"><img decoding=\"async\" width=\"300\" height=\"300\" src=\"https:\/\/peitrade.com\/wp-content\/uploads\/2025\/11\/Egyptian-Green-Beans-300x300.webp\" class=\"attachment-woocommerce_thumbnail size-woocommerce_thumbnail\" alt=\"Taze fasulye\" srcset=\"https:\/\/peitrade.com\/wp-content\/uploads\/2025\/11\/Egyptian-Green-Beans-300x300.webp 300w, https:\/\/peitrade.com\/wp-content\/uploads\/2025\/11\/Egyptian-Green-Beans-150x150.webp 150w, https:\/\/peitrade.com\/wp-content\/uploads\/2025\/11\/Egyptian-Green-Beans-768x768.webp 768w, https:\/\/peitrade.com\/wp-content\/uploads\/2025\/11\/Egyptian-Green-Beans-600x600.webp 600w, https:\/\/peitrade.com\/wp-content\/uploads\/2025\/11\/Egyptian-Green-Beans-100x100.webp 100w, https:\/\/peitrade.com\/wp-content\/uploads\/2025\/11\/Egyptian-Green-Beans.webp 1024w\" sizes=\"(max-width: 300px) 100vw, 300px\" title=\"\"><h2 class=\"woocommerce-loop-product__title\">Taze fasulye<\/h2>\n<\/a><a href=\"https:\/\/peitrade.com\/tr\/product\/taze-fasulye\/\" aria-describedby=\"woocommerce_loop_add_to_cart_link_describedby_7540\" data-quantity=\"1\" class=\"button product_type_simple\" data-product_id=\"7540\" data-product_sku=\"70821\" aria-label=\"&ldquo;Taze fasulye&rdquo; hakk\u0131nda daha fazla bilgi edinin\" rel=\"nofollow\" data-success_message=\"\">Devam\u0131n\u0131 oku<\/a>\t<span id=\"woocommerce_loop_add_to_cart_link_describedby_7540\" class=\"screen-reader-text\">\n\t\t\t<\/span>\n<\/li>\n<\/ul>\n<\/div><\/div>\n<section style=\"padding: 50px 20px;\">\n<div class=\"container\">\n<h2>Neden PEI Trade\u2019den M\u0131s\u0131r Ye\u015fil Fasulyesi Tercih Edilmeli?<\/h2>\n<p><span style=\"font-weight: 400;\">PEI Trade, ihracat kalitesinde ye\u015fil fasulye sunar ve \u015fu avantajlar\u0131 sa\u011flar:<\/span><\/p>\n<ul>\n<li style=\"font-weight: 400;\" aria-level=\"1\"><span style=\"font-weight: 400;\">Standart uzunlukta ve canl\u0131 ye\u015fil renkte \u00fcr\u00fcnler<\/span><\/li>\n<li style=\"font-weight: 400;\" aria-level=\"1\"><span style=\"font-weight: 400;\">Perakende ve g\u0131da hizmetleri i\u00e7in ideal \u00e7\u0131t\u0131r doku<\/span><\/li>\n<li style=\"font-weight: 400;\" aria-level=\"1\"><span style=\"font-weight: 400;\">Tazeli\u011fi koruyan h\u0131zl\u0131 hasat sonras\u0131 i\u015flemler<\/span><\/li>\n<li style=\"font-weight: 400;\" aria-level=\"1\"><span style=\"font-weight: 400;\">T\u00fcm hasat sezonu boyunca kesintisiz tedarik<\/span><\/li>\n<li style=\"font-weight: 400;\" aria-level=\"1\"><span style=\"font-weight: 400;\">Uluslararas\u0131 g\u0131da g\u00fcvenli\u011fi standartlar\u0131na uygunluk<\/span><\/li>\n<\/ul>\n<p><span style=\"font-weight: 400;\">PEI Trade, M\u0131s\u0131r genelindeki s\u00f6zle\u015fmeli \u00e7iftliklerle \u00e7al\u0131\u015farak izlenebilir tedarik, istikrarl\u0131 \u00fcretim ve ihracat s\u00fcreklili\u011fi sa\u011flar.<\/span><\/p>\n<h2>M\u0131s\u0131r\u2019da Fasulye Hasat Sezonu \u2013 Takvim ve Tedarik<\/h2>\n<p><span style=\"font-weight: 400;\">M\u0131s\u0131r\u2019da <\/span><b>fasulye hasat sezonu<\/b><span style=\"font-weight: 400;\"> genellikle <\/span><b>Kas\u0131m&#8217;dan Nisan&#8217;a<\/b><span style=\"font-weight: 400;\"> kadar s\u00fcrer ve ithalat\u00e7\u0131lara di\u011fer \u00fcretici b\u00f6lgelerden \u00f6nce kaliteli ye\u015fil fasulye tedarik etme f\u0131rsat\u0131 sunar. Bu d\u00f6nemde PEI Trade \u015funlar\u0131 y\u00f6netir:<\/span><\/p>\n<ul>\n<li style=\"font-weight: 400;\" aria-level=\"1\"><span style=\"font-weight: 400;\">Verimli b\u00f6lgelerden g\u00fcnl\u00fck hasatlar<\/span><\/li>\n<li style=\"font-weight: 400;\" aria-level=\"1\"><span style=\"font-weight: 400;\">H\u0131zl\u0131 \u00f6n so\u011futma, s\u0131n\u0131fland\u0131rma ve ay\u0131klama<\/span><\/li>\n<li style=\"font-weight: 400;\" aria-level=\"1\"><span style=\"font-weight: 400;\">Perakende ve toplu formatlarda paketleme<\/span><\/li>\n<li style=\"font-weight: 400;\" aria-level=\"1\"><span style=\"font-weight: 400;\">So\u011fuk zincirle ihracat y\u00fcklemeleri<\/span><\/li>\n<\/ul>\n<p><span style=\"font-weight: 400;\">Ye\u015fil fasulyelerimiz, M\u0131s\u0131r\u2019dan var\u0131\u015f noktas\u0131na kadar \u00e7\u0131t\u0131rl\u0131k, renk ve lezzetini korumak amac\u0131yla so\u011futmal\u0131 konteynerlerle sevk edilir.<\/span><\/p>\n<h2><b>Ye\u015fil Fasulye Ambalaj Se\u00e7enekleri<\/b><\/h2>\n<p><span style=\"font-weight: 400;\">Esnek ve ihracata uygun ambalaj se\u00e7eneklerimiz \u015funlar\u0131 i\u00e7erir:<\/span><\/p>\n<ul>\n<li style=\"font-weight: 400;\" aria-level=\"1\"><span style=\"font-weight: 400;\">250g \/ 500g \/ 1kg t\u00fcketici paketleri<\/span><\/li>\n<li style=\"font-weight: 400;\" aria-level=\"1\"><span style=\"font-weight: 400;\">5kg veya 10kg\u2019l\u0131k toplu g\u0131da hizmeti kutular\u0131<\/span><\/li>\n<li style=\"font-weight: 400;\" aria-level=\"1\"><span style=\"font-weight: 400;\">\u0130ste\u011fe ba\u011fl\u0131 olarak modifiye atmosfer ambalaj\u0131<\/span><\/li>\n<li style=\"font-weight: 400;\" aria-level=\"1\"><span style=\"font-weight: 400;\">\u00d6zel markalara y\u00f6nelik ki\u015fisel etiketleme<\/span><\/li>\n<\/ul>\n<p><span style=\"font-weight: 400;\">T\u00fcm ambalajlar AB ve K\u00f6rfez ithalat standartlar\u0131na uygundur ve uzun mesafeli nakliye s\u0131ras\u0131nda bozulmay\u0131 en aza indirir.<\/span><\/p>\n<\/div>\n<\/section>\n<section style=\"padding: 50px 20px; background-color: #f0f0f0;\">\n<div class=\"container\">\n<h2>M\u0131s\u0131r\u2019dan Ye\u015fil Fasulye Sevkiyat\u0131n\u0131z\u0131 Hemen Ay\u0131rt\u0131n<\/h2>\n<p>G\u00fcvenilir bir ihracat\u00e7\u0131dan taze ye\u015fil fasulye temin etmek istiyorsan\u0131z, <strong>M\u0131s\u0131r\u2019da fasulye hasat sezonu<\/strong> boyunca PEI Trade sizin i\u00e7in ideal bir i\u015f orta\u011f\u0131d\u0131r.<\/p>\n<p>Tarladaki uzmanl\u0131k, h\u0131zl\u0131 paketleme ve g\u00fcvenilir lojistik altyap\u0131m\u0131z sayesinde, sipari\u015fleriniz maksimum tazelik ve izlenebilirlikle size ula\u015f\u0131r.<\/p>\n<h2>Fiyat Teklifi ve Stok Durumu \u0130\u00e7in Bize Ula\u015f\u0131n<\/h2>\n<p>Hacim bazl\u0131 fiyatland\u0131rma, \u00fcr\u00fcn \u00f6zellikleri ve sezon planlamas\u0131 hakk\u0131nda bilgi almak i\u00e7in PEI Trade ile ileti\u015fime ge\u00e7in. \u0130hracat ekibimiz, M\u0131s\u0131r\u2019\u0131n en kaliteli fasulye hasad\u0131ndan faydalanman\u0131z i\u00e7in size destek vermeye haz\u0131r.<\/p>\n<p style=\"text-align: center; margin-top: 40px;\"><a class=\"button primary large\" href=\"\/contact\">Hemen Sipari\u015f Verin<\/a><\/p>\n<\/div>\n<\/section>\n<section style=\"padding: 50px 20px;\">\n<div class=\"container\">\n<h2>M\u0131s\u0131r\u2019dan Di\u011fer \u0130hracat \u00dcr\u00fcnlerimizi de Ke\u015ffedin<\/h2>\n<p>&nbsp;<\/p>\n<p>Ye\u015fil fasulyeye ek olarak PEI Trade, M\u0131s\u0131r men\u015feli \u00fcz\u00fcm, patates, narenciye ve daha fazlas\u0131n\u0131 da ihra\u00e7 etmektedir. Konteyner optimizasyonu ve mevsimsel \u00fcr\u00fcn kar\u0131\u015f\u0131m\u0131 programlar\u0131m\u0131z mevcuttur. <a href=\"\/about\">\u0130hracat hizmetlerimiz hakk\u0131nda daha fazla bilgi edinin<\/a>.<\/p>\n<div class=\"wp-block-woocommerce-product-collection\"><div class=\"woocommerce columns-4 \"><ul class=\"products columns-4\" data-products=\"type-2\">\n<li class=\"product type-product post-7360 status-publish first instock product_cat-vegetables has-post-thumbnail shipping-taxable product-type-simple\">\n\t<a href=\"https:\/\/peitrade.com\/tr\/product\/domates\/\" class=\"woocommerce-LoopProduct-link woocommerce-loop-product__link\"><img decoding=\"async\" width=\"300\" height=\"300\" src=\"https:\/\/peitrade.com\/wp-content\/uploads\/2025\/11\/Egyptian-Tomatoes-300x300.webp\" class=\"attachment-woocommerce_thumbnail size-woocommerce_thumbnail\" alt=\"Domates\" srcset=\"https:\/\/peitrade.com\/wp-content\/uploads\/2025\/11\/Egyptian-Tomatoes-300x300.webp 300w, https:\/\/peitrade.com\/wp-content\/uploads\/2025\/11\/Egyptian-Tomatoes-150x150.webp 150w, https:\/\/peitrade.com\/wp-content\/uploads\/2025\/11\/Egyptian-Tomatoes-768x768.webp 768w, https:\/\/peitrade.com\/wp-content\/uploads\/2025\/11\/Egyptian-Tomatoes-600x600.webp 600w, https:\/\/peitrade.com\/wp-content\/uploads\/2025\/11\/Egyptian-Tomatoes-100x100.webp 100w, https:\/\/peitrade.com\/wp-content\/uploads\/2025\/11\/Egyptian-Tomatoes.webp 1024w\" sizes=\"(max-width: 300px) 100vw, 300px\" title=\"\"><h2 class=\"woocommerce-loop-product__title\">Domates<\/h2>\n<\/a><a href=\"https:\/\/peitrade.com\/tr\/product\/domates\/\" aria-describedby=\"woocommerce_loop_add_to_cart_link_describedby_7360\" data-quantity=\"1\" class=\"button product_type_simple\" data-product_id=\"7360\" data-product_sku=\"70200\" aria-label=\"&ldquo;Domates&rdquo; hakk\u0131nda daha fazla bilgi edinin\" rel=\"nofollow\" data-success_message=\"\">Devam\u0131n\u0131 oku<\/a>\t<span id=\"woocommerce_loop_add_to_cart_link_describedby_7360\" class=\"screen-reader-text\">\n\t\t\t<\/span>\n<\/li>\n<li class=\"product type-product post-7776 status-publish instock product_cat-vegetables product_cat-in-season has-post-thumbnail shipping-taxable product-type-simple\">\n\t<a href=\"https:\/\/peitrade.com\/tr\/product\/patates\/\" class=\"woocommerce-LoopProduct-link woocommerce-loop-product__link\"><img decoding=\"async\" width=\"300\" height=\"300\" src=\"https:\/\/peitrade.com\/wp-content\/uploads\/2025\/11\/Egyptian-Potatoes-300x300.webp\" class=\"attachment-woocommerce_thumbnail size-woocommerce_thumbnail\" alt=\"Patates\" srcset=\"https:\/\/peitrade.com\/wp-content\/uploads\/2025\/11\/Egyptian-Potatoes-300x300.webp 300w, https:\/\/peitrade.com\/wp-content\/uploads\/2025\/11\/Egyptian-Potatoes-150x150.webp 150w, https:\/\/peitrade.com\/wp-content\/uploads\/2025\/11\/Egyptian-Potatoes-768x768.webp 768w, https:\/\/peitrade.com\/wp-content\/uploads\/2025\/11\/Egyptian-Potatoes-600x600.webp 600w, https:\/\/peitrade.com\/wp-content\/uploads\/2025\/11\/Egyptian-Potatoes-100x100.webp 100w, https:\/\/peitrade.com\/wp-content\/uploads\/2025\/11\/Egyptian-Potatoes.webp 1024w\" sizes=\"(max-width: 300px) 100vw, 300px\" title=\"\"><h2 class=\"woocommerce-loop-product__title\">Patates<\/h2>\n<\/a><a href=\"https:\/\/peitrade.com\/tr\/product\/patates\/\" aria-describedby=\"woocommerce_loop_add_to_cart_link_describedby_7776\" data-quantity=\"1\" class=\"button product_type_simple\" data-product_id=\"7776\" data-product_sku=\"70190\" aria-label=\"&ldquo;Patates&rdquo; hakk\u0131nda daha fazla bilgi edinin\" rel=\"nofollow\" data-success_message=\"\">Devam\u0131n\u0131 oku<\/a>\t<span id=\"woocommerce_loop_add_to_cart_link_describedby_7776\" class=\"screen-reader-text\">\n\t\t\t<\/span>\n<\/li>\n<li class=\"product type-product post-7376 status-publish instock product_cat-vegetables product_cat-in-season has-post-thumbnail shipping-taxable product-type-simple\">\n\t<a href=\"https:\/\/peitrade.com\/tr\/product\/sarimsak\/\" class=\"woocommerce-LoopProduct-link woocommerce-loop-product__link\"><img decoding=\"async\" width=\"300\" height=\"300\" src=\"https:\/\/peitrade.com\/wp-content\/uploads\/2025\/11\/Egyptian-Garlic-300x300.webp\" class=\"attachment-woocommerce_thumbnail size-woocommerce_thumbnail\" alt=\"Sar\u0131msak\" srcset=\"https:\/\/peitrade.com\/wp-content\/uploads\/2025\/11\/Egyptian-Garlic-300x300.webp 300w, https:\/\/peitrade.com\/wp-content\/uploads\/2025\/11\/Egyptian-Garlic-150x150.webp 150w, https:\/\/peitrade.com\/wp-content\/uploads\/2025\/11\/Egyptian-Garlic-768x768.webp 768w, https:\/\/peitrade.com\/wp-content\/uploads\/2025\/11\/Egyptian-Garlic-600x600.webp 600w, https:\/\/peitrade.com\/wp-content\/uploads\/2025\/11\/Egyptian-Garlic-100x100.webp 100w, https:\/\/peitrade.com\/wp-content\/uploads\/2025\/11\/Egyptian-Garlic.webp 1024w\" sizes=\"(max-width: 300px) 100vw, 300px\" title=\"\"><h2 class=\"woocommerce-loop-product__title\">Sar\u0131msak<\/h2>\n<\/a><a href=\"https:\/\/peitrade.com\/tr\/product\/sarimsak\/\" aria-describedby=\"woocommerce_loop_add_to_cart_link_describedby_7376\" data-quantity=\"1\" class=\"button product_type_simple\" data-product_id=\"7376\" data-product_sku=\"70320\" aria-label=\"&ldquo;Sar\u0131msak&rdquo; hakk\u0131nda daha fazla bilgi edinin\" rel=\"nofollow\" data-success_message=\"\">Devam\u0131n\u0131 oku<\/a>\t<span id=\"woocommerce_loop_add_to_cart_link_describedby_7376\" class=\"screen-reader-text\">\n\t\t\t<\/span>\n<\/li>\n<li class=\"product type-product post-7796 status-publish last instock product_cat-vegetables product_cat-in-season has-post-thumbnail shipping-taxable product-type-simple\">\n\t<a href=\"https:\/\/peitrade.com\/tr\/product\/tatli-patates\/\" class=\"woocommerce-LoopProduct-link woocommerce-loop-product__link\"><img decoding=\"async\" width=\"300\" height=\"300\" src=\"https:\/\/peitrade.com\/wp-content\/uploads\/2025\/11\/Egyptian-Sweet-Potatoes-300x300.webp\" class=\"attachment-woocommerce_thumbnail size-woocommerce_thumbnail\" alt=\"Egyptian Sweet Potatoes - PEI Trade\" srcset=\"https:\/\/peitrade.com\/wp-content\/uploads\/2025\/11\/Egyptian-Sweet-Potatoes-300x300.webp 300w, https:\/\/peitrade.com\/wp-content\/uploads\/2025\/11\/Egyptian-Sweet-Potatoes-150x150.webp 150w, https:\/\/peitrade.com\/wp-content\/uploads\/2025\/11\/Egyptian-Sweet-Potatoes-768x768.webp 768w, https:\/\/peitrade.com\/wp-content\/uploads\/2025\/11\/Egyptian-Sweet-Potatoes-600x600.webp 600w, https:\/\/peitrade.com\/wp-content\/uploads\/2025\/11\/Egyptian-Sweet-Potatoes-100x100.webp 100w, https:\/\/peitrade.com\/wp-content\/uploads\/2025\/11\/Egyptian-Sweet-Potatoes.webp 1024w\" sizes=\"(max-width: 300px) 100vw, 300px\" title=\"\"><h2 class=\"woocommerce-loop-product__title\">Tatl\u0131 patates<\/h2>\n<\/a><a href=\"https:\/\/peitrade.com\/tr\/product\/tatli-patates\/\" aria-describedby=\"woocommerce_loop_add_to_cart_link_describedby_7796\" data-quantity=\"1\" class=\"button product_type_simple\" data-product_id=\"7796\" data-product_sku=\"71420\" aria-label=\"&ldquo;Tatl\u0131 patates&rdquo; hakk\u0131nda daha fazla bilgi edinin\" rel=\"nofollow\" data-success_message=\"\">Devam\u0131n\u0131 oku<\/a>\t<span id=\"woocommerce_loop_add_to_cart_link_describedby_7796\" class=\"screen-reader-text\">\n\t\t\t<\/span>\n<\/li>\n<\/ul>\n<\/div><\/div>\n<\/div>\n<\/section>\n<section style=\"padding: 50px 20px; background-color: #f9f9f9;\">\n<div class=\"container\">\n<h2>S\u0131k\u00e7a Sorulan Sorular<\/h2>\n<h3>M\u0131s\u0131r\u2019da fasulye hasat sezonu ne zaman?<\/h3>\n<p>M\u0131s\u0131r\u2019da ye\u015fil fasulye i\u00e7in ana hasat sezonu Kas\u0131m\u2019dan Nisan\u2019a kadar s\u00fcrer; en yo\u011fun ihracat d\u00f6nemi ise serin k\u0131\u015f aylar\u0131d\u0131r.<\/p>\n<h3>\u00d6zel marka ambalaj sunuyor musunuz?<\/h3>\n<p>Evet, perakende m\u00fc\u015fterileri i\u00e7in \u00e7ok dilli etiketleme ve \u00f6zel markalama i\u00e7eren ambalaj \u00e7\u00f6z\u00fcmleri sunuyoruz.<\/p>\n<h3>Kar\u0131\u015f\u0131k konteyner sipari\u015fi verebilir miyim?<\/h3>\n<p>Kesinlikle. PEI Trade, ye\u015fil fasulye, patates, narenciye ve daha fazlas\u0131n\u0131 i\u00e7eren kar\u0131\u015f\u0131k y\u00fcklemeleri destekler.<\/p>\n<h3>Ye\u015fil fasulyeleriniz hangi sertifikalara sahiptir?<\/h3>\n<p>Ye\u015fil fasulye ihracatlar\u0131m\u0131z GlobalG.A.P. sertifikal\u0131d\u0131r ve t\u00fcm bitki sa\u011fl\u0131\u011f\u0131 ve AB MRL standartlar\u0131na uygundur.<\/p>\n<h3>M\u0131s\u0131r ye\u015fil fasulyesini \u00f6zel k\u0131lan nedir?<\/h3>\n<p>M\u0131s\u0131r fasulyeleri, derin ye\u015fil rengi, \u00e7\u0131t\u0131r dokusu ve uzun hasat sezonu ile h\u0131zl\u0131 lojistik avantajlar\u0131 sayesinde k\u00fcresel pazarlar i\u00e7in idealdir.<\/p>\n<\/div>\n<\/section>\n","protected":false},"excerpt":{"rendered":"<p>M\u0131s\u0131r\u2019da Taze Fasulye Hasat Sezonu \u2013 PEI Trade\u2019den Taze Fasulye &nbsp; M\u0131s\u0131r\u2019da fasulye hasat sezonu, uluslararas\u0131 pazarlara ihra\u00e7 edilmeye haz\u0131r taze ye\u015fil fasulyeler getirir ve PEI Trade, M\u0131s\u0131r\u2019daki \u00f6nde gelen ye\u015fil fasulye ihracat\u00e7\u0131lar\u0131 aras\u0131nda yer almaktan gurur duyar. Uzmanl\u0131\u011f\u0131m\u0131z, \u00fclkenin en verimli tar\u0131m b\u00f6lgelerinden temin edilen birinci s\u0131n\u0131f M\u0131s\u0131r ye\u015fil fasulyeleri\u2014yerel ad\u0131yla fasolia\u2014sunmakt\u0131r. M\u0131s\u0131r\u2019\u0131n elveri\u015fli [&hellip;]<\/p>\n","protected":false},"author":9,"featured_media":0,"parent":0,"menu_order":0,"comment_status":"closed","ping_status":"closed","template":"","meta":{"footnotes":""},"class_list":["post-5859","page","type-page","status-publish","hentry"],"blocksy_meta":[],"mb":[],"featured_image_urls_v2":{"full":"","thumbnail":"","medium":"","medium_large":"","large":"","1536x1536":"","2048x2048":"","woocommerce_archive_thumbnail":"","woocommerce_thumbnail":"","woocommerce_single":"","woocommerce_gallery_thumbnail":""},"post_excerpt_stackable_v2":"<p>M\u0131s\u0131r\u2019da Taze Fasulye Hasat Sezonu \u2013 PEI Trade\u2019den Taze Fasulye &nbsp; M\u0131s\u0131r\u2019da fasulye hasat sezonu, uluslararas\u0131 pazarlara ihra\u00e7 edilmeye haz\u0131r taze ye\u015fil fasulyeler getirir ve PEI Trade, M\u0131s\u0131r\u2019daki \u00f6nde gelen ye\u015fil fasulye ihracat\u00e7\u0131lar\u0131 aras\u0131nda yer almaktan gurur duyar. Uzmanl\u0131\u011f\u0131m\u0131z, \u00fclkenin en verimli tar\u0131m b\u00f6lgelerinden temin edilen birinci s\u0131n\u0131f M\u0131s\u0131r ye\u015fil fasulyeleri\u2014yerel ad\u0131yla fasolia\u2014sunmakt\u0131r. M\u0131s\u0131r\u2019\u0131n elveri\u015fli iklimi ve ileri tar\u0131m uygulamalar\u0131 sayesinde, m\u00fckemmel doku, raf \u00f6mr\u00fc ve lezzete sahip \u00e7\u0131t\u0131r ve canl\u0131 ye\u015fil fasulyeler sunabiliyoruz. Fasulyelerimiz, tarladan limana kadar maksimum tazelik sa\u011flamak i\u00e7in h\u0131zla hasat edilir, paketlenir ve sevk edilir. G\u00fcvenilir bir ye\u015fil fasulye tedarik\u00e7isi olarak PEI Trade, toptanc\u0131lara, perakendecilere ve&hellip;<\/p>\n","category_list_v2":"","author_info_v2":{"name":"Maha","url":"https:\/\/peitrade.com\/tr\/author\/m-amer\/"},"comments_num_v2":"0 comments","mfb_rest_fields":["title","blocksy_meta","featured_image_urls_v2","post_excerpt_stackable_v2","category_list_v2","author_info_v2","comments_num_v2"],"_links":{"self":[{"href":"https:\/\/peitrade.com\/tr\/wp-json\/wp\/v2\/pages\/5859","targetHints":{"allow":["GET"]}}],"collection":[{"href":"https:\/\/peitrade.com\/tr\/wp-json\/wp\/v2\/pages"}],"about":[{"href":"https:\/\/peitrade.com\/tr\/wp-json\/wp\/v2\/types\/page"}],"author":[{"embeddable":true,"href":"https:\/\/peitrade.com\/tr\/wp-json\/wp\/v2\/users\/9"}],"replies":[{"embeddable":true,"href":"https:\/\/peitrade.com\/tr\/wp-json\/wp\/v2\/comments?post=5859"}],"version-history":[{"count":1,"href":"https:\/\/peitrade.com\/tr\/wp-json\/wp\/v2\/pages\/5859\/revisions"}],"predecessor-version":[{"id":5860,"href":"https:\/\/peitrade.com\/tr\/wp-json\/wp\/v2\/pages\/5859\/revisions\/5860"}],"wp:attachment":[{"href":"https:\/\/peitrade.com\/tr\/wp-json\/wp\/v2\/media?parent=5859"}],"curies":[{"name":"wp","href":"https:\/\/api.w.org\/{rel}","templated":true}]}}