{"id":5879,"date":"2025-05-20T12:19:34","date_gmt":"2025-05-20T12:19:34","guid":{"rendered":"http:\/\/46.224.74.15\/misirdaki-guvenilir-nar-ihracatcilari\/"},"modified":"2025-11-19T16:46:38","modified_gmt":"2025-11-19T16:46:38","slug":"misirdaki-guvenilir-nar-ihracatcilari","status":"publish","type":"page","link":"https:\/\/peitrade.com\/tr\/misirdaki-guvenilir-nar-ihracatcilari\/","title":{"rendered":"M\u0131s\u0131r&#8217;daki G\u00fcvenilir Nar \u0130hracat\u00e7\u0131lar\u0131 \u2013 PEI Trade ile K\u00fcresel Tedarik"},"content":{"rendered":"<section style=\"padding: 60px 20px; background-color: #f9f9f9;\" data-darkreader-inline-bgcolor=\"\">\n<div class=\"container\">\n<h1>M\u0131s\u0131r&#8217;daki G\u00fcvenilir Nar \u0130hracat\u00e7\u0131lar\u0131 \u2013 PEI Trade ile K\u00fcresel Tedarik<\/h1>\n<p>PEI Trade, M\u0131s\u0131r&#8217;daki g\u00fcvenilir nar ihracat\u00e7\u0131lar\u0131 aras\u0131nda yer al\u0131r ve toptan al\u0131m yapan m\u00fc\u015fterilere ve uluslararas\u0131 distrib\u00fct\u00f6rlere s\u00fcrekli olarak taze, ihracata haz\u0131r M\u0131s\u0131r narlar\u0131na eri\u015fim sa\u011flar. Tedarik operasyonumuz, hacim \u00f6l\u00e7eklenebilirli\u011fi, verimli i\u015fleme ve ihracat sezonu boyunca planl\u0131 sevkiyatlar i\u00e7in tasarlanm\u0131\u015ft\u0131r. Avrupa, K\u00f6rfez \u00dclkeleri ve G\u00fcneydo\u011fu Asya&#8217;daki ithalat\u00e7\u0131lara hizmet vererek, \u00e7iftlikten do\u011frudan g\u00f6nderimler, esnek ambalaj formatlar\u0131 ve toptan veya perakende da\u011f\u0131t\u0131m modellerine uygun teslimat ile sat\u0131n alma ekiplerine destek sa\u011fl\u0131yoruz. S\u00fcpermarket ambalaj hatlar\u0131ndan end\u00fcstriyel meyve suyu i\u015fleyicilerine kadar PEI Trade, M\u0131s\u0131r&#8217;dan s\u00fcrekli ve g\u00fcvenilir meyve tedariki arayan i\u015fletmelerin ihtiya\u00e7lar\u0131n\u0131 kar\u015f\u0131lar.<\/p>\n<\/div>\n<\/section>\n<div class=\"wp-block-woocommerce-product-collection\"><div class=\"woocommerce columns-4 \"><ul class=\"products columns-4\" data-products=\"type-2\">\n<li class=\"product type-product post-7671 status-publish first instock product_cat-fruits has-post-thumbnail shipping-taxable product-type-simple\">\n\t<a href=\"https:\/\/peitrade.com\/tr\/product\/cilek\/\" class=\"woocommerce-LoopProduct-link woocommerce-loop-product__link\"><img decoding=\"async\" width=\"300\" height=\"300\" src=\"https:\/\/peitrade.com\/wp-content\/uploads\/2025\/11\/Egyptian-Strawberries-300x300.webp\" class=\"attachment-woocommerce_thumbnail size-woocommerce_thumbnail\" alt=\"\u00c7ilek\" srcset=\"https:\/\/peitrade.com\/wp-content\/uploads\/2025\/11\/Egyptian-Strawberries-300x300.webp 300w, https:\/\/peitrade.com\/wp-content\/uploads\/2025\/11\/Egyptian-Strawberries-150x150.webp 150w, https:\/\/peitrade.com\/wp-content\/uploads\/2025\/11\/Egyptian-Strawberries-768x768.webp 768w, https:\/\/peitrade.com\/wp-content\/uploads\/2025\/11\/Egyptian-Strawberries-600x600.webp 600w, https:\/\/peitrade.com\/wp-content\/uploads\/2025\/11\/Egyptian-Strawberries-100x100.webp 100w, https:\/\/peitrade.com\/wp-content\/uploads\/2025\/11\/Egyptian-Strawberries.webp 1024w\" sizes=\"(max-width: 300px) 100vw, 300px\" title=\"\"><h2 class=\"woocommerce-loop-product__title\">\u00c7ilek<\/h2>\n<\/a><a href=\"https:\/\/peitrade.com\/tr\/product\/cilek\/\" aria-describedby=\"woocommerce_loop_add_to_cart_link_describedby_7671\" data-quantity=\"1\" class=\"button product_type_simple\" data-product_id=\"7671\" data-product_sku=\"81010\" aria-label=\"&ldquo;\u00c7ilek&rdquo; hakk\u0131nda daha fazla bilgi edinin\" rel=\"nofollow\" data-success_message=\"\">Devam\u0131n\u0131 oku<\/a>\t<span id=\"woocommerce_loop_add_to_cart_link_describedby_7671\" class=\"screen-reader-text\">\n\t\t\t<\/span>\n<\/li>\n<li class=\"product type-product post-7745 status-publish instock product_cat-fruits has-post-thumbnail shipping-taxable product-type-simple\">\n\t<a href=\"https:\/\/peitrade.com\/tr\/product\/nar\/\" class=\"woocommerce-LoopProduct-link woocommerce-loop-product__link\"><img decoding=\"async\" width=\"300\" height=\"300\" src=\"https:\/\/peitrade.com\/wp-content\/uploads\/2025\/11\/Egyptian-Pomegranate-300x300.webp\" class=\"attachment-woocommerce_thumbnail size-woocommerce_thumbnail\" alt=\"Pomegranates: The Superfruit Appeal\" srcset=\"https:\/\/peitrade.com\/wp-content\/uploads\/2025\/11\/Egyptian-Pomegranate-300x300.webp 300w, https:\/\/peitrade.com\/wp-content\/uploads\/2025\/11\/Egyptian-Pomegranate-150x150.webp 150w, https:\/\/peitrade.com\/wp-content\/uploads\/2025\/11\/Egyptian-Pomegranate-768x768.webp 768w, https:\/\/peitrade.com\/wp-content\/uploads\/2025\/11\/Egyptian-Pomegranate-600x600.webp 600w, https:\/\/peitrade.com\/wp-content\/uploads\/2025\/11\/Egyptian-Pomegranate-100x100.webp 100w, https:\/\/peitrade.com\/wp-content\/uploads\/2025\/11\/Egyptian-Pomegranate.webp 1024w\" sizes=\"(max-width: 300px) 100vw, 300px\" title=\"\"><h2 class=\"woocommerce-loop-product__title\">Nar<\/h2>\n<\/a><a href=\"https:\/\/peitrade.com\/tr\/product\/nar\/\" aria-describedby=\"woocommerce_loop_add_to_cart_link_describedby_7745\" data-quantity=\"1\" class=\"button product_type_simple\" data-product_id=\"7745\" data-product_sku=\"81090\" aria-label=\"&ldquo;Nar&rdquo; hakk\u0131nda daha fazla bilgi edinin\" rel=\"nofollow\" data-success_message=\"\">Devam\u0131n\u0131 oku<\/a>\t<span id=\"woocommerce_loop_add_to_cart_link_describedby_7745\" class=\"screen-reader-text\">\n\t\t\t<\/span>\n<\/li>\n<li class=\"product type-product post-7444 status-publish instock product_cat-fruits product_cat-in-season has-post-thumbnail shipping-taxable product-type-simple\">\n\t<a href=\"https:\/\/peitrade.com\/tr\/product\/portakallar\/\" class=\"woocommerce-LoopProduct-link woocommerce-loop-product__link\"><img decoding=\"async\" width=\"300\" height=\"300\" src=\"https:\/\/peitrade.com\/wp-content\/uploads\/2025\/11\/Egyptian-Oranges-300x300.webp\" class=\"attachment-woocommerce_thumbnail size-woocommerce_thumbnail\" alt=\"M\u0131s\u0131r\u2019\u0131n Kanada\u2019ya portakal ihracat\u0131\" srcset=\"https:\/\/peitrade.com\/wp-content\/uploads\/2025\/11\/Egyptian-Oranges-300x300.webp 300w, https:\/\/peitrade.com\/wp-content\/uploads\/2025\/11\/Egyptian-Oranges-150x150.webp 150w, https:\/\/peitrade.com\/wp-content\/uploads\/2025\/11\/Egyptian-Oranges-768x768.webp 768w, https:\/\/peitrade.com\/wp-content\/uploads\/2025\/11\/Egyptian-Oranges-600x600.webp 600w, https:\/\/peitrade.com\/wp-content\/uploads\/2025\/11\/Egyptian-Oranges-100x100.webp 100w, https:\/\/peitrade.com\/wp-content\/uploads\/2025\/11\/Egyptian-Oranges.webp 1024w\" sizes=\"(max-width: 300px) 100vw, 300px\" title=\"\"><h2 class=\"woocommerce-loop-product__title\">Portakallar<\/h2>\n<\/a><a href=\"https:\/\/peitrade.com\/tr\/product\/portakallar\/\" aria-describedby=\"woocommerce_loop_add_to_cart_link_describedby_7444\" data-quantity=\"1\" class=\"button product_type_simple\" data-product_id=\"7444\" data-product_sku=\"80510\" aria-label=\"&ldquo;Portakallar&rdquo; hakk\u0131nda daha fazla bilgi edinin\" rel=\"nofollow\" data-success_message=\"\">Devam\u0131n\u0131 oku<\/a>\t<span id=\"woocommerce_loop_add_to_cart_link_describedby_7444\" class=\"screen-reader-text\">\n\t\t\t<\/span>\n<\/li>\n<li class=\"product type-product post-7589 status-publish last instock product_cat-fruits has-post-thumbnail shipping-taxable product-type-simple\">\n\t<a href=\"https:\/\/peitrade.com\/tr\/product\/uzum\/\" class=\"woocommerce-LoopProduct-link woocommerce-loop-product__link\"><img decoding=\"async\" width=\"300\" height=\"300\" src=\"https:\/\/peitrade.com\/wp-content\/uploads\/2025\/11\/Egyptian-Grapes-300x300.webp\" class=\"attachment-woocommerce_thumbnail size-woocommerce_thumbnail\" alt=\"Grapes: A Rising Star\" srcset=\"https:\/\/peitrade.com\/wp-content\/uploads\/2025\/11\/Egyptian-Grapes-300x300.webp 300w, https:\/\/peitrade.com\/wp-content\/uploads\/2025\/11\/Egyptian-Grapes-150x150.webp 150w, https:\/\/peitrade.com\/wp-content\/uploads\/2025\/11\/Egyptian-Grapes-768x768.webp 768w, https:\/\/peitrade.com\/wp-content\/uploads\/2025\/11\/Egyptian-Grapes-600x600.webp 600w, https:\/\/peitrade.com\/wp-content\/uploads\/2025\/11\/Egyptian-Grapes-100x100.webp 100w, https:\/\/peitrade.com\/wp-content\/uploads\/2025\/11\/Egyptian-Grapes.webp 1024w\" sizes=\"(max-width: 300px) 100vw, 300px\" title=\"\"><h2 class=\"woocommerce-loop-product__title\">\u00dcz\u00fcm<\/h2>\n<\/a><a href=\"https:\/\/peitrade.com\/tr\/product\/uzum\/\" aria-describedby=\"woocommerce_loop_add_to_cart_link_describedby_7589\" data-quantity=\"1\" class=\"button product_type_simple\" data-product_id=\"7589\" data-product_sku=\"80610\" aria-label=\"&ldquo;\u00dcz\u00fcm&rdquo; hakk\u0131nda daha fazla bilgi edinin\" rel=\"nofollow\" data-success_message=\"\">Devam\u0131n\u0131 oku<\/a>\t<span id=\"woocommerce_loop_add_to_cart_link_describedby_7589\" class=\"screen-reader-text\">\n\t\t\t<\/span>\n<\/li>\n<\/ul>\n<\/div><\/div>\n<section style=\"padding: 50px 20px;\">\n<h2>Neden PEI Trade?<\/h2>\n<p>PEI Trade olarak, \u00fcst\u00fcn kalite nar \u00e7e\u015fitleri yeti\u015ftirmesiyle tan\u0131nan yerel \u00e7iftliklerle do\u011frudan i\u015f birli\u011fi yap\u0131yoruz. Elveri\u015fli iklim ko\u015fullar\u0131 ve Nil Deltas\u0131&#8217;n\u0131n verimli topraklar\u0131nda yeti\u015ftirilen M\u0131s\u0131r narlar\u0131m\u0131z, canl\u0131 renkleri, dengeli tatl\u0131l\u0131\u011f\u0131 ve sa\u011flam taneleri ile tan\u0131n\u0131r. M\u0131s\u0131r&#8217;daki tan\u0131nm\u0131\u015f bir nar ihracat \u015firketi olarak PEI Trade, a\u015fa\u011f\u0131dakileri arayan ithalat\u00e7\u0131lara destek verir:<\/p>\n<ul>\n<li>Toptan ve perakende i\u00e7in \u00f6zel olarak ayarlanm\u0131\u015f ihracat hacimleri<\/li>\n<li>Sezonluk M\u0131s\u0131r \u00e7iftliklerinden do\u011frudan tedarik<\/li>\n<li>Uluslararas\u0131 pazarlar i\u00e7in uygun ambalaj ve etiketleme<\/li>\n<li>M\u0131s\u0131r&#8217;daki b\u00fcy\u00fck limanlar \u00fczerinden tam sevkiyat koordinasyonu<\/li>\n<li>Sipari\u015ften teslimata kadar deneyimli destek<\/li>\n<\/ul>\n<h2>K\u00fcresel Pazarlar i\u00e7in M\u0131s\u0131r Nar \u00c7e\u015fitleri<\/h2>\n<p>PEI Trade, ticari ve premium kalitelerde tutarl\u0131 kalite standartlar\u0131yla M\u0131s\u0131r\u2019dan taze narlar tedarik eder. Tedariklerimiz \u015funlar\u0131 i\u00e7erir:<\/p>\n<div class=\"_tableContainer_16hzy_1\">\n<div class=\"_tableWrapper_16hzy_14 group flex w-fit flex-col-reverse\" tabindex=\"-1\">\n<table class=\"w-fit min-w-(--thread-content-width)\" style=\"height: 125px;\" width=\"1361\">\n<thead>\n<tr>\n<th><strong>\u00c7e\u015fit<\/strong><\/th>\n<th><strong>A\u00e7\u0131klama<\/strong><\/th>\n<th><strong>En Uygun Kullan\u0131m<\/strong><\/th>\n<\/tr>\n<\/thead>\n<tbody>\n<tr>\n<td><strong>Wonderful<\/strong><\/td>\n<td style=\"text-align: center;\">Koyu k\u0131rm\u0131z\u0131 kabuk, g\u00fc\u00e7l\u00fc aroma, uzun raf \u00f6mr\u00fc<\/td>\n<td style=\"text-align: center;\">S\u00fcpermarketler, meyve suyu i\u015fleme<\/td>\n<\/tr>\n<tr>\n<td><strong>Baladi<\/strong><\/td>\n<td style=\"text-align: center;\">Yumu\u015fak taneler, hafif tat, yerel tercih<\/td>\n<td style=\"text-align: center;\">Geleneksel toptanc\u0131lar, yerel pazarlar<\/td>\n<\/tr>\n<tr>\n<td><strong>116\/117 Serisi<\/strong><\/td>\n<td style=\"text-align: center;\">\u0130hracata uygun boyut ve sertlik<\/td>\n<td style=\"text-align: center;\">Genel da\u011f\u0131t\u0131m, end\u00fcstriyel al\u0131c\u0131lar<\/td>\n<\/tr>\n<\/tbody>\n<\/table>\n<\/div>\n<\/div>\n<p>Her \u00e7e\u015fit, meyve boyutu, rengi, sertli\u011fi ve d\u0131\u015f g\u00f6r\u00fcn\u00fcm\u00fcne g\u00f6re se\u00e7ilir ve s\u0131n\u0131fland\u0131r\u0131l\u0131r; bu da uluslararas\u0131 al\u0131c\u0131lar\u0131n taze \u00fcr\u00fcn i\u015fleme standartlar\u0131n\u0131 kar\u015f\u0131lar.<\/p>\n<h2>Ambalaj ve Etiketleme Formatlar\u0131<\/h2>\n<p>Lojistik ve perakende ihtiya\u00e7lar\u0131na uygun esnek ambalaj \u00e7\u00f6z\u00fcmleri sunuyoruz. Al\u0131c\u0131lar a\u015fa\u011f\u0131dakiler aras\u0131ndan se\u00e7im yapabilir:<\/p>\n<ul>\n<li><strong>Kutu a\u011f\u0131rl\u0131klar\u0131:<\/strong> 2.5 kg, 5 kg ve 10 kg<\/li>\n<li><strong>Ambalaj t\u00fcrleri:<\/strong> D\u00f6kme veya tepsili<\/li>\n<li><strong>Etiketleme:<\/strong> \u0130ngilizce, Arap\u00e7a veya iki dilli olarak mevcuttur<\/li>\n<li><strong>S\u0131n\u0131f:<\/strong> Yaln\u0131zca 1. S\u0131n\u0131f \u0130hracat Kalitesi<\/li>\n<\/ul>\n<p>Ambalajlama, hijyenik tesislerde dikkatli ay\u0131klama ve g\u00f6rsel s\u0131n\u0131fland\u0131rma ile ger\u00e7ekle\u015ftirilir, b\u00f6ylece ta\u015f\u0131ma s\u00fcresince \u00fcr\u00fcn\u00fcn dayan\u0131kl\u0131l\u0131\u011f\u0131 ve cazibesi korunur.<\/p>\n<h2>Uluslararas\u0131 Al\u0131c\u0131lar i\u00e7in Lojistik Koordinasyonu<\/h2>\n<p>M\u0131s\u0131r&#8217;da aktif bir nar ihracat\u00e7\u0131s\u0131 olarak PEI Trade, \u00e7iftlikten limana kadar t\u00fcm g\u00f6nderim s\u00fcrecini y\u00f6netir. Ekibimiz \u015fu s\u00fcre\u00e7leri denetler:<\/p>\n<ul>\n<li>Hasat haz\u0131rl\u0131\u011f\u0131 ve \u00fcr\u00fcn planlamas\u0131<\/li>\n<li>S\u0131cakl\u0131k kontrol\u00fc i\u00e7in ay\u0131klama ve \u00f6n so\u011futma<\/li>\n<li>So\u011futmal\u0131 konteyner veya hava kargo paletlerine y\u00fckleme<\/li>\n<li>Ta\u015f\u0131ma acenteleri ve g\u00fcmr\u00fck i\u015flemleri ile koordinasyon<\/li>\n<li>\u0130hracat belgeleri (faturalar, paketleme listeleri, bitki sa\u011fl\u0131k sertifikas\u0131)<\/li>\n<\/ul>\n<p>Sistemimiz, i\u015fleme gecikmelerini azalt\u0131r ve sevkiyatlar\u0131n zaman\u0131nda ger\u00e7ekle\u015fmesini sa\u011flar, b\u00f6ylece var\u0131\u015fta en iyi raf \u00f6mr\u00fc elde edilir.<\/p>\n<h2>M\u0131s\u0131r&#8217;da Nar Sezonu: Aydan Aya<\/h2>\n<p>M\u0131s\u0131r narlar\u0131 yaz sonundan k\u0131\u015f ba\u015f\u0131na kadar temin edilebilir. Tedarik d\u00f6nemimiz \u015fu \u015fekildedir:<\/p>\n<ul>\n<li><strong>A\u011fustos:<\/strong> Erken Baladi \u00fcr\u00fcnleri<\/li>\n<li><strong>Eyl\u00fcl \u2013 Kas\u0131m:<\/strong> T\u00fcm \u00e7e\u015fitler i\u00e7in en yo\u011fun hasat d\u00f6nemi<\/li>\n<li><strong>Aral\u0131k:<\/strong> So\u011fuk depodan son sevkiyatlar<\/li>\n<\/ul>\n<p>Sezon ba\u015f\u0131 programlar\u0131, daha az rekabet ve h\u0131zl\u0131 g\u00fcmr\u00fck i\u015flemlerinden faydalan\u0131r. Yo\u011fun sezon rezervasyonlar\u0131 i\u00e7in yaz sonunda planlama yap\u0131lmas\u0131 \u00f6nerilir.<\/p>\n<\/section>\n<section style=\"padding: 50px 20px; background-color: #f0f0f0;\" data-darkreader-inline-bgcolor=\"\">\n<div class=\"container\">\n<h2>Hacme Dayal\u0131 Fiyat Teklifi ve G\u00f6nderim Zamanlamas\u0131 Talep Edin<\/h2>\n<p>PEI Trade, teslimat liman\u0131na, ambalaj tercihine ve g\u00f6nderim y\u00f6ntemine g\u00f6re hesaplanan FOB ve CIF fiyatlar\u0131 sunar. \u0130hracat ekibimiz hacim tahminleri, sezon projeksiyonlar\u0131 ve belge gereklilikleri konusunda yard\u0131mc\u0131 olmaya haz\u0131rd\u0131r. M\u0131s\u0131r&#8217;dan taze nar fiyatlar\u0131, ambalaj se\u00e7enekleri ve mevcut stok hakk\u0131nda g\u00fcncel bilgi almak i\u00e7in bizimle ileti\u015fime ge\u00e7in.<\/p>\n<p style=\"text-align: center; margin-top: 40px;\"><a class=\"button primary large\" href=\"\/contact\">\u015eimdi Sipari\u015f Ver<\/a><\/p>\n<\/div>\n<\/section>\n<section style=\"padding: 50px 20px;\">\n<div class=\"container\">\n<h2>M\u0131s\u0131r&#8217;dan Di\u011fer Taze \u00dcr\u00fcnler<\/h2>\n<p>Nar\u0131n yan\u0131 s\u0131ra, PEI Trade M\u0131s\u0131r\u2019dan \u00e7ilek, guava, mango, portakal ve daha fazlas\u0131n\u0131 tedarik eder. Sezonluk programlar\u0131 ve uzun vadeli ithalat s\u00f6zle\u015fmelerini destekliyoruz.<br \/>\n<a href=\"\/about\">\u0130hracat hizmetlerimiz hakk\u0131nda daha fazla bilgi al\u0131n<\/a>.<\/p>\n<div class=\"wp-block-woocommerce-product-collection\"><div class=\"woocommerce columns-4 \"><ul class=\"products columns-4\" data-products=\"type-2\">\n<li class=\"product type-product post-7583 status-publish first instock product_cat-fruits product_cat-in-season has-post-thumbnail shipping-taxable product-type-simple\">\n\t<a href=\"https:\/\/peitrade.com\/tr\/product\/guava\/\" class=\"woocommerce-LoopProduct-link woocommerce-loop-product__link\"><img decoding=\"async\" width=\"300\" height=\"300\" src=\"https:\/\/peitrade.com\/wp-content\/uploads\/2025\/11\/Egyptian-Guava-300x300.webp\" class=\"attachment-woocommerce_thumbnail size-woocommerce_thumbnail\" alt=\"Egyptian Guava\" srcset=\"https:\/\/peitrade.com\/wp-content\/uploads\/2025\/11\/Egyptian-Guava-300x300.webp 300w, https:\/\/peitrade.com\/wp-content\/uploads\/2025\/11\/Egyptian-Guava-150x150.webp 150w, https:\/\/peitrade.com\/wp-content\/uploads\/2025\/11\/Egyptian-Guava-768x768.webp 768w, https:\/\/peitrade.com\/wp-content\/uploads\/2025\/11\/Egyptian-Guava-600x600.webp 600w, https:\/\/peitrade.com\/wp-content\/uploads\/2025\/11\/Egyptian-Guava-100x100.webp 100w, https:\/\/peitrade.com\/wp-content\/uploads\/2025\/11\/Egyptian-Guava.webp 1024w\" sizes=\"(max-width: 300px) 100vw, 300px\" title=\"\"><h2 class=\"woocommerce-loop-product__title\">Guava<\/h2>\n<\/a><a href=\"https:\/\/peitrade.com\/tr\/product\/guava\/\" aria-describedby=\"woocommerce_loop_add_to_cart_link_describedby_7583\" data-quantity=\"1\" class=\"button product_type_simple\" data-product_id=\"7583\" data-product_sku=\"80451\" aria-label=\"&ldquo;Guava&rdquo; hakk\u0131nda daha fazla bilgi edinin\" rel=\"nofollow\" data-success_message=\"\">Devam\u0131n\u0131 oku<\/a>\t<span id=\"woocommerce_loop_add_to_cart_link_describedby_7583\" class=\"screen-reader-text\">\n\t\t\t<\/span>\n<\/li>\n<li class=\"product type-product post-7648 status-publish instock product_cat-fruits has-post-thumbnail shipping-taxable product-type-simple\">\n\t<a href=\"https:\/\/peitrade.com\/tr\/product\/mango\/\" class=\"woocommerce-LoopProduct-link woocommerce-loop-product__link\"><img decoding=\"async\" width=\"300\" height=\"300\" src=\"https:\/\/peitrade.com\/wp-content\/uploads\/2025\/11\/Egyption-Mango-300x300.webp\" class=\"attachment-woocommerce_thumbnail size-woocommerce_thumbnail\" alt=\"Mangoes: Egypt\u2019s Tropical Treasure\" srcset=\"https:\/\/peitrade.com\/wp-content\/uploads\/2025\/11\/Egyption-Mango-300x300.webp 300w, https:\/\/peitrade.com\/wp-content\/uploads\/2025\/11\/Egyption-Mango-150x150.webp 150w, https:\/\/peitrade.com\/wp-content\/uploads\/2025\/11\/Egyption-Mango-768x768.webp 768w, https:\/\/peitrade.com\/wp-content\/uploads\/2025\/11\/Egyption-Mango-600x600.webp 600w, https:\/\/peitrade.com\/wp-content\/uploads\/2025\/11\/Egyption-Mango-100x100.webp 100w, https:\/\/peitrade.com\/wp-content\/uploads\/2025\/11\/Egyption-Mango.webp 1024w\" sizes=\"(max-width: 300px) 100vw, 300px\" title=\"\"><h2 class=\"woocommerce-loop-product__title\">Mango<\/h2>\n<\/a><a href=\"https:\/\/peitrade.com\/tr\/product\/mango\/\" aria-describedby=\"woocommerce_loop_add_to_cart_link_describedby_7648\" data-quantity=\"1\" class=\"button product_type_simple\" data-product_id=\"7648\" data-product_sku=\"80450\" aria-label=\"&ldquo;Mango&rdquo; hakk\u0131nda daha fazla bilgi edinin\" rel=\"nofollow\" data-success_message=\"\">Devam\u0131n\u0131 oku<\/a>\t<span id=\"woocommerce_loop_add_to_cart_link_describedby_7648\" class=\"screen-reader-text\">\n\t\t\t<\/span>\n<\/li>\n<li class=\"product type-product post-7745 status-publish instock product_cat-fruits has-post-thumbnail shipping-taxable product-type-simple\">\n\t<a href=\"https:\/\/peitrade.com\/tr\/product\/nar\/\" class=\"woocommerce-LoopProduct-link woocommerce-loop-product__link\"><img decoding=\"async\" width=\"300\" height=\"300\" src=\"https:\/\/peitrade.com\/wp-content\/uploads\/2025\/11\/Egyptian-Pomegranate-300x300.webp\" class=\"attachment-woocommerce_thumbnail size-woocommerce_thumbnail\" alt=\"Pomegranates: The Superfruit Appeal\" srcset=\"https:\/\/peitrade.com\/wp-content\/uploads\/2025\/11\/Egyptian-Pomegranate-300x300.webp 300w, https:\/\/peitrade.com\/wp-content\/uploads\/2025\/11\/Egyptian-Pomegranate-150x150.webp 150w, https:\/\/peitrade.com\/wp-content\/uploads\/2025\/11\/Egyptian-Pomegranate-768x768.webp 768w, https:\/\/peitrade.com\/wp-content\/uploads\/2025\/11\/Egyptian-Pomegranate-600x600.webp 600w, https:\/\/peitrade.com\/wp-content\/uploads\/2025\/11\/Egyptian-Pomegranate-100x100.webp 100w, https:\/\/peitrade.com\/wp-content\/uploads\/2025\/11\/Egyptian-Pomegranate.webp 1024w\" sizes=\"(max-width: 300px) 100vw, 300px\" title=\"\"><h2 class=\"woocommerce-loop-product__title\">Nar<\/h2>\n<\/a><a href=\"https:\/\/peitrade.com\/tr\/product\/nar\/\" aria-describedby=\"woocommerce_loop_add_to_cart_link_describedby_7745\" data-quantity=\"1\" class=\"button product_type_simple\" data-product_id=\"7745\" data-product_sku=\"81090\" aria-label=\"&ldquo;Nar&rdquo; hakk\u0131nda daha fazla bilgi edinin\" rel=\"nofollow\" data-success_message=\"\">Devam\u0131n\u0131 oku<\/a>\t<span id=\"woocommerce_loop_add_to_cart_link_describedby_7745\" class=\"screen-reader-text\">\n\t\t\t<\/span>\n<\/li>\n<li class=\"product type-product post-7444 status-publish last instock product_cat-fruits product_cat-in-season has-post-thumbnail shipping-taxable product-type-simple\">\n\t<a href=\"https:\/\/peitrade.com\/tr\/product\/portakallar\/\" class=\"woocommerce-LoopProduct-link woocommerce-loop-product__link\"><img decoding=\"async\" width=\"300\" height=\"300\" src=\"https:\/\/peitrade.com\/wp-content\/uploads\/2025\/11\/Egyptian-Oranges-300x300.webp\" class=\"attachment-woocommerce_thumbnail size-woocommerce_thumbnail\" alt=\"M\u0131s\u0131r\u2019\u0131n Kanada\u2019ya portakal ihracat\u0131\" srcset=\"https:\/\/peitrade.com\/wp-content\/uploads\/2025\/11\/Egyptian-Oranges-300x300.webp 300w, https:\/\/peitrade.com\/wp-content\/uploads\/2025\/11\/Egyptian-Oranges-150x150.webp 150w, https:\/\/peitrade.com\/wp-content\/uploads\/2025\/11\/Egyptian-Oranges-768x768.webp 768w, https:\/\/peitrade.com\/wp-content\/uploads\/2025\/11\/Egyptian-Oranges-600x600.webp 600w, https:\/\/peitrade.com\/wp-content\/uploads\/2025\/11\/Egyptian-Oranges-100x100.webp 100w, https:\/\/peitrade.com\/wp-content\/uploads\/2025\/11\/Egyptian-Oranges.webp 1024w\" sizes=\"(max-width: 300px) 100vw, 300px\" title=\"\"><h2 class=\"woocommerce-loop-product__title\">Portakallar<\/h2>\n<\/a><a href=\"https:\/\/peitrade.com\/tr\/product\/portakallar\/\" aria-describedby=\"woocommerce_loop_add_to_cart_link_describedby_7444\" data-quantity=\"1\" class=\"button product_type_simple\" data-product_id=\"7444\" data-product_sku=\"80510\" aria-label=\"&ldquo;Portakallar&rdquo; hakk\u0131nda daha fazla bilgi edinin\" rel=\"nofollow\" data-success_message=\"\">Devam\u0131n\u0131 oku<\/a>\t<span id=\"woocommerce_loop_add_to_cart_link_describedby_7444\" class=\"screen-reader-text\">\n\t\t\t<\/span>\n<\/li>\n<\/ul>\n<\/div><\/div>\n<\/div>\n<\/section>\n<section style=\"padding: 50px 20px; background-color: #f9f9f9;\" data-darkreader-inline-bgcolor=\"\">\n<div class=\"container\">\n<h2>S\u0131k\u00e7a Sorulan Sorular<\/h2>\n<div>\n<h3>M\u0131s\u0131r&#8217;da nar ihracat sezonu ne zaman?<\/h3>\n<p>A\u011fustos sonundan Aral\u0131k ay\u0131na kadar, Eyl\u00fcl, Ekim ve Kas\u0131m aylar\u0131nda en y\u00fcksek hacimlerle ger\u00e7ekle\u015fir.<\/p>\n<h3>Toptan sipari\u015f g\u00f6nderiyor musunuz?<\/h3>\n<p>Evet, g\u0131da hizmetleri, meyve suyu \u00fcretimi ve toptan da\u011f\u0131t\u0131m i\u00e7in toplu ihracat yap\u0131yoruz.<\/p>\n<h3>Ambalajlar hedef pazara g\u00f6re \u00f6zelle\u015ftirilebilir mi?<\/h3>\n<p>Evet, dil ve marka ayarlamalar\u0131 dahil olmak \u00fczere perakende ve toptan dostu formatlar sunuyoruz.<\/p>\n<h3>Hangi pazarlara ihracat yap\u0131yorsunuz?<\/h3>\n<p>K\u00f6rfez \u00fclkeleri, G\u00fcneydo\u011fu Asya ve talep \u00fczerine di\u011fer \u00f6zel destinasyonlara ihracat yap\u0131yoruz.<\/p>\n<\/div>\n<\/div>\n<\/section>\n","protected":false},"excerpt":{"rendered":"<p>M\u0131s\u0131r&#8217;daki G\u00fcvenilir Nar \u0130hracat\u00e7\u0131lar\u0131 \u2013 PEI Trade ile K\u00fcresel Tedarik PEI Trade, M\u0131s\u0131r&#8217;daki g\u00fcvenilir nar ihracat\u00e7\u0131lar\u0131 aras\u0131nda yer al\u0131r ve toptan al\u0131m yapan m\u00fc\u015fterilere ve uluslararas\u0131 distrib\u00fct\u00f6rlere s\u00fcrekli olarak taze, ihracata haz\u0131r M\u0131s\u0131r narlar\u0131na eri\u015fim sa\u011flar. Tedarik operasyonumuz, hacim \u00f6l\u00e7eklenebilirli\u011fi, verimli i\u015fleme ve ihracat sezonu boyunca planl\u0131 sevkiyatlar i\u00e7in tasarlanm\u0131\u015ft\u0131r. Avrupa, K\u00f6rfez \u00dclkeleri ve G\u00fcneydo\u011fu [&hellip;]<\/p>\n","protected":false},"author":1,"featured_media":0,"parent":0,"menu_order":0,"comment_status":"closed","ping_status":"closed","template":"","meta":{"footnotes":""},"class_list":["post-5879","page","type-page","status-publish","hentry"],"blocksy_meta":[],"mb":[],"featured_image_urls_v2":{"full":"","thumbnail":"","medium":"","medium_large":"","large":"","1536x1536":"","2048x2048":"","woocommerce_archive_thumbnail":"","woocommerce_thumbnail":"","woocommerce_single":"","woocommerce_gallery_thumbnail":""},"post_excerpt_stackable_v2":"<p>M\u0131s\u0131r&#8217;daki G\u00fcvenilir Nar \u0130hracat\u00e7\u0131lar\u0131 \u2013 PEI Trade ile K\u00fcresel Tedarik PEI Trade, M\u0131s\u0131r&#8217;daki g\u00fcvenilir nar ihracat\u00e7\u0131lar\u0131 aras\u0131nda yer al\u0131r ve toptan al\u0131m yapan m\u00fc\u015fterilere ve uluslararas\u0131 distrib\u00fct\u00f6rlere s\u00fcrekli olarak taze, ihracata haz\u0131r M\u0131s\u0131r narlar\u0131na eri\u015fim sa\u011flar. Tedarik operasyonumuz, hacim \u00f6l\u00e7eklenebilirli\u011fi, verimli i\u015fleme ve ihracat sezonu boyunca planl\u0131 sevkiyatlar i\u00e7in tasarlanm\u0131\u015ft\u0131r. Avrupa, K\u00f6rfez \u00dclkeleri ve G\u00fcneydo\u011fu Asya&#8217;daki ithalat\u00e7\u0131lara hizmet vererek, \u00e7iftlikten do\u011frudan g\u00f6nderimler, esnek ambalaj formatlar\u0131 ve toptan veya perakende da\u011f\u0131t\u0131m modellerine uygun teslimat ile sat\u0131n alma ekiplerine destek sa\u011fl\u0131yoruz. S\u00fcpermarket ambalaj hatlar\u0131ndan end\u00fcstriyel meyve suyu i\u015fleyicilerine kadar PEI Trade, M\u0131s\u0131r&#8217;dan s\u00fcrekli ve g\u00fcvenilir meyve tedariki arayan i\u015fletmelerin ihtiya\u00e7lar\u0131n\u0131 kar\u015f\u0131lar. \u00c7ilek&hellip;<\/p>\n","category_list_v2":"","author_info_v2":{"name":"Mostafa Sabry","url":"https:\/\/peitrade.com\/tr\/author\/emostafaadel_jn8gcqbo\/"},"comments_num_v2":"0 comments","mfb_rest_fields":["title","blocksy_meta","featured_image_urls_v2","post_excerpt_stackable_v2","category_list_v2","author_info_v2","comments_num_v2"],"_links":{"self":[{"href":"https:\/\/peitrade.com\/tr\/wp-json\/wp\/v2\/pages\/5879","targetHints":{"allow":["GET"]}}],"collection":[{"href":"https:\/\/peitrade.com\/tr\/wp-json\/wp\/v2\/pages"}],"about":[{"href":"https:\/\/peitrade.com\/tr\/wp-json\/wp\/v2\/types\/page"}],"author":[{"embeddable":true,"href":"https:\/\/peitrade.com\/tr\/wp-json\/wp\/v2\/users\/1"}],"replies":[{"embeddable":true,"href":"https:\/\/peitrade.com\/tr\/wp-json\/wp\/v2\/comments?post=5879"}],"version-history":[{"count":1,"href":"https:\/\/peitrade.com\/tr\/wp-json\/wp\/v2\/pages\/5879\/revisions"}],"predecessor-version":[{"id":5880,"href":"https:\/\/peitrade.com\/tr\/wp-json\/wp\/v2\/pages\/5879\/revisions\/5880"}],"wp:attachment":[{"href":"https:\/\/peitrade.com\/tr\/wp-json\/wp\/v2\/media?parent=5879"}],"curies":[{"name":"wp","href":"https:\/\/api.w.org\/{rel}","templated":true}]}}