{"id":5893,"date":"2025-05-20T13:53:40","date_gmt":"2025-05-20T13:53:40","guid":{"rendered":"http:\/\/46.224.74.15\/misir-portakali\/"},"modified":"2025-11-19T16:46:42","modified_gmt":"2025-11-19T16:46:42","slug":"misir-portakali","status":"publish","type":"page","link":"https:\/\/peitrade.com\/tr\/misir-portakali\/","title":{"rendered":"M\u0131s\u0131r Portakal\u0131 \u0130hracat\u0131 | PEI Trade Kalitesi"},"content":{"rendered":"<section class=\"section\" style=\"padding: 60px 20px; background-color: #f9f9f9;\">\n<div class=\"container\">\n<h1>G\u00fcvenilir M\u0131s\u0131r Portakal\u0131 \u0130hracat\u00e7\u0131s\u0131 \u2013 PEI Trade<\/h1>\n<p class=\"\" data-start=\"158\" data-end=\"450\">PEI Trade, kalite tutarl\u0131l\u0131\u011f\u0131, tam izlenebilirlik ve ihracat standartlar\u0131na tam uyum ile y\u00fcksek kaliteli M\u0131s\u0131r portakal\u0131 sunmaktad\u0131r. M\u0131s\u0131r\u2019daki \u00f6nde gelen portakal ihracat\u00e7\u0131lar\u0131ndan biri olarak, Avrupa, K\u00f6rfez ve Asya\u2019daki toptanc\u0131lara, s\u00fcpermarket zincirlerine ve distrib\u00fct\u00f6rlere hizmet veriyoruz.<\/p>\n<p class=\"\" data-start=\"452\" data-end=\"863\">M\u0131s\u0131r\u2019daki se\u00e7kin \u00e7iftliklerle yak\u0131n i\u015f birli\u011fi i\u00e7inde \u00e7al\u0131\u015farak en iyi portakal \u00e7e\u015fitlerini tedarik ediyor, ideal olgunluk, \u00fcst\u00fcn lezzet ve y\u00fcksek pazarlanabilirlik sa\u011fl\u0131yoruz. \u00c7iftlik y\u00f6netiminden uluslararas\u0131 nakliyeye kadar t\u00fcm tedarik zinciri a\u015famalar\u0131n\u0131 denetleyerek portakallar\u0131n zaman\u0131nda, istenilen \u015fekilde paketlenmi\u015f ve sat\u0131\u015fa haz\u0131r halde ula\u015fmas\u0131n\u0131 sa\u011fl\u0131yoruz.<\/p>\n<p class=\"\" data-start=\"865\" data-end=\"1017\">PEI Trade ile al\u0131c\u0131lar tutarl\u0131 kalite, g\u00fcvenilir lojistik ve k\u00fcresel meyve pazar\u0131n\u0131n taleplerini anlayan bir ekipten faydalan\u0131r.<\/p>\n<\/div>\n<\/section>\n<p><!-- WooCommerce Product Block 1 --><\/p>\n<div class=\"wp-block-woocommerce-product-collection\"><div class=\"woocommerce columns-4 \"><ul class=\"products columns-4\" data-products=\"type-2\">\n<li class=\"product type-product post-7671 status-publish first instock product_cat-fruits has-post-thumbnail shipping-taxable product-type-simple\">\n\t<a href=\"https:\/\/peitrade.com\/tr\/product\/cilek\/\" class=\"woocommerce-LoopProduct-link woocommerce-loop-product__link\"><img decoding=\"async\" width=\"300\" height=\"300\" src=\"https:\/\/peitrade.com\/wp-content\/uploads\/2025\/11\/Egyptian-Strawberries-300x300.webp\" class=\"attachment-woocommerce_thumbnail size-woocommerce_thumbnail\" alt=\"\u00c7ilek\" srcset=\"https:\/\/peitrade.com\/wp-content\/uploads\/2025\/11\/Egyptian-Strawberries-300x300.webp 300w, https:\/\/peitrade.com\/wp-content\/uploads\/2025\/11\/Egyptian-Strawberries-150x150.webp 150w, https:\/\/peitrade.com\/wp-content\/uploads\/2025\/11\/Egyptian-Strawberries-768x768.webp 768w, https:\/\/peitrade.com\/wp-content\/uploads\/2025\/11\/Egyptian-Strawberries-600x600.webp 600w, https:\/\/peitrade.com\/wp-content\/uploads\/2025\/11\/Egyptian-Strawberries-100x100.webp 100w, https:\/\/peitrade.com\/wp-content\/uploads\/2025\/11\/Egyptian-Strawberries.webp 1024w\" sizes=\"(max-width: 300px) 100vw, 300px\" title=\"\"><h2 class=\"woocommerce-loop-product__title\">\u00c7ilek<\/h2>\n<\/a><a href=\"https:\/\/peitrade.com\/tr\/product\/cilek\/\" aria-describedby=\"woocommerce_loop_add_to_cart_link_describedby_7671\" data-quantity=\"1\" class=\"button product_type_simple\" data-product_id=\"7671\" data-product_sku=\"81010\" aria-label=\"&ldquo;\u00c7ilek&rdquo; hakk\u0131nda daha fazla bilgi edinin\" rel=\"nofollow\" data-success_message=\"\">Devam\u0131n\u0131 oku<\/a>\t<span id=\"woocommerce_loop_add_to_cart_link_describedby_7671\" class=\"screen-reader-text\">\n\t\t\t<\/span>\n<\/li>\n<li class=\"product type-product post-7542 status-publish instock product_cat-fruits product_cat-in-season has-post-thumbnail shipping-taxable product-type-simple\">\n\t<a href=\"https:\/\/peitrade.com\/tr\/product\/limon\/\" class=\"woocommerce-LoopProduct-link woocommerce-loop-product__link\"><img decoding=\"async\" width=\"300\" height=\"300\" src=\"https:\/\/peitrade.com\/wp-content\/uploads\/2025\/11\/Egyptian-Lemons-300x300.webp\" class=\"attachment-woocommerce_thumbnail size-woocommerce_thumbnail\" alt=\"Limon\" srcset=\"https:\/\/peitrade.com\/wp-content\/uploads\/2025\/11\/Egyptian-Lemons-300x300.webp 300w, https:\/\/peitrade.com\/wp-content\/uploads\/2025\/11\/Egyptian-Lemons-150x150.webp 150w, https:\/\/peitrade.com\/wp-content\/uploads\/2025\/11\/Egyptian-Lemons-768x768.webp 768w, https:\/\/peitrade.com\/wp-content\/uploads\/2025\/11\/Egyptian-Lemons-600x600.webp 600w, https:\/\/peitrade.com\/wp-content\/uploads\/2025\/11\/Egyptian-Lemons-100x100.webp 100w, https:\/\/peitrade.com\/wp-content\/uploads\/2025\/11\/Egyptian-Lemons.webp 1024w\" sizes=\"(max-width: 300px) 100vw, 300px\" title=\"\"><h2 class=\"woocommerce-loop-product__title\">Limon<\/h2>\n<\/a><a href=\"https:\/\/peitrade.com\/tr\/product\/limon\/\" aria-describedby=\"woocommerce_loop_add_to_cart_link_describedby_7542\" data-quantity=\"1\" class=\"button product_type_simple\" data-product_id=\"7542\" data-product_sku=\"80550\" aria-label=\"&ldquo;Limon&rdquo; hakk\u0131nda daha fazla bilgi edinin\" rel=\"nofollow\" data-success_message=\"\">Devam\u0131n\u0131 oku<\/a>\t<span id=\"woocommerce_loop_add_to_cart_link_describedby_7542\" class=\"screen-reader-text\">\n\t\t\t<\/span>\n<\/li>\n<li class=\"product type-product post-7648 status-publish instock product_cat-fruits has-post-thumbnail shipping-taxable product-type-simple\">\n\t<a href=\"https:\/\/peitrade.com\/tr\/product\/mango\/\" class=\"woocommerce-LoopProduct-link woocommerce-loop-product__link\"><img decoding=\"async\" width=\"300\" height=\"300\" src=\"https:\/\/peitrade.com\/wp-content\/uploads\/2025\/11\/Egyption-Mango-300x300.webp\" class=\"attachment-woocommerce_thumbnail size-woocommerce_thumbnail\" alt=\"Mangoes: Egypt\u2019s Tropical Treasure\" srcset=\"https:\/\/peitrade.com\/wp-content\/uploads\/2025\/11\/Egyption-Mango-300x300.webp 300w, https:\/\/peitrade.com\/wp-content\/uploads\/2025\/11\/Egyption-Mango-150x150.webp 150w, https:\/\/peitrade.com\/wp-content\/uploads\/2025\/11\/Egyption-Mango-768x768.webp 768w, https:\/\/peitrade.com\/wp-content\/uploads\/2025\/11\/Egyption-Mango-600x600.webp 600w, https:\/\/peitrade.com\/wp-content\/uploads\/2025\/11\/Egyption-Mango-100x100.webp 100w, https:\/\/peitrade.com\/wp-content\/uploads\/2025\/11\/Egyption-Mango.webp 1024w\" sizes=\"(max-width: 300px) 100vw, 300px\" title=\"\"><h2 class=\"woocommerce-loop-product__title\">Mango<\/h2>\n<\/a><a href=\"https:\/\/peitrade.com\/tr\/product\/mango\/\" aria-describedby=\"woocommerce_loop_add_to_cart_link_describedby_7648\" data-quantity=\"1\" class=\"button product_type_simple\" data-product_id=\"7648\" data-product_sku=\"80450\" aria-label=\"&ldquo;Mango&rdquo; hakk\u0131nda daha fazla bilgi edinin\" rel=\"nofollow\" data-success_message=\"\">Devam\u0131n\u0131 oku<\/a>\t<span id=\"woocommerce_loop_add_to_cart_link_describedby_7648\" class=\"screen-reader-text\">\n\t\t\t<\/span>\n<\/li>\n<li class=\"product type-product post-7444 status-publish last instock product_cat-fruits product_cat-in-season has-post-thumbnail shipping-taxable product-type-simple\">\n\t<a href=\"https:\/\/peitrade.com\/tr\/product\/portakallar\/\" class=\"woocommerce-LoopProduct-link woocommerce-loop-product__link\"><img decoding=\"async\" width=\"300\" height=\"300\" src=\"https:\/\/peitrade.com\/wp-content\/uploads\/2025\/11\/Egyptian-Oranges-300x300.webp\" class=\"attachment-woocommerce_thumbnail size-woocommerce_thumbnail\" alt=\"M\u0131s\u0131r\u2019\u0131n Kanada\u2019ya portakal ihracat\u0131\" srcset=\"https:\/\/peitrade.com\/wp-content\/uploads\/2025\/11\/Egyptian-Oranges-300x300.webp 300w, https:\/\/peitrade.com\/wp-content\/uploads\/2025\/11\/Egyptian-Oranges-150x150.webp 150w, https:\/\/peitrade.com\/wp-content\/uploads\/2025\/11\/Egyptian-Oranges-768x768.webp 768w, https:\/\/peitrade.com\/wp-content\/uploads\/2025\/11\/Egyptian-Oranges-600x600.webp 600w, https:\/\/peitrade.com\/wp-content\/uploads\/2025\/11\/Egyptian-Oranges-100x100.webp 100w, https:\/\/peitrade.com\/wp-content\/uploads\/2025\/11\/Egyptian-Oranges.webp 1024w\" sizes=\"(max-width: 300px) 100vw, 300px\" title=\"\"><h2 class=\"woocommerce-loop-product__title\">Portakallar<\/h2>\n<\/a><a href=\"https:\/\/peitrade.com\/tr\/product\/portakallar\/\" aria-describedby=\"woocommerce_loop_add_to_cart_link_describedby_7444\" data-quantity=\"1\" class=\"button product_type_simple\" data-product_id=\"7444\" data-product_sku=\"80510\" aria-label=\"&ldquo;Portakallar&rdquo; hakk\u0131nda daha fazla bilgi edinin\" rel=\"nofollow\" data-success_message=\"\">Devam\u0131n\u0131 oku<\/a>\t<span id=\"woocommerce_loop_add_to_cart_link_describedby_7444\" class=\"screen-reader-text\">\n\t\t\t<\/span>\n<\/li>\n<\/ul>\n<\/div><\/div>\n<p><!-- Section: Why Choose PEI Trade --><\/p>\n<section class=\"section\" style=\"padding: 50px 20px;\">\n<div class=\"container\">\n<h2>Neden M\u0131s\u0131r Portakal\u0131 \u0130hracat\u00e7\u0131n\u0131z Olarak PEI Trade\u2019i Se\u00e7melisiniz?<\/h2>\n<p>PEI Trade, M\u0131s\u0131r\u2019daki di\u011fer portakal ihracat\u00e7\u0131lar\u0131ndan s\u0131k\u0131 kalite kontrol s\u00fcre\u00e7leri, tam lojistik kontrol\u00fc ve ki\u015fiselle\u015ftirilmi\u015f hizmetleri ile ayr\u0131l\u0131r. Sadece meyve de\u011fil; g\u00fcven, g\u00fcvenlik ve tedarik zinciri verimlili\u011fi sa\u011fl\u0131yoruz.<\/p>\n<ul>\n<li>Taze ve tatl\u0131 portakallarda tutarl\u0131 kalite<\/li>\n<li>\u00c7iftlikten limana kadar tam izlenebilirlik<\/li>\n<li>Toptan ve perakende i\u00e7in \u00f6zelle\u015ftirilmi\u015f ambalaj<\/li>\n<li>K\u00fcresel standartlara tam uyum ve zaman\u0131nda teslimat<\/li>\n<\/ul>\n<h2>PEI Trade\u2019in M\u00fckemmellik ve B\u00fcy\u00fcmeye Ba\u011fl\u0131l\u0131\u011f\u0131<\/h2>\n<p>PEI Trade, M\u0131s\u0131r portakal\u0131 ihracat\u0131nda yeni bir oyuncu olsa da kaliteye olan tutkumuz ve m\u00fc\u015fterilerimizin ihtiya\u00e7lar\u0131n\u0131 kar\u015f\u0131lama kararl\u0131l\u0131\u011f\u0131m\u0131z g\u00fc\u00e7l\u00fcd\u00fcr. Yeni liderlik ve dinamik bir ekip ile M\u0131s\u0131r portakal\u0131n\u0131 d\u00fcnya pazar\u0131na ta\u015f\u0131ma \u015feklimizi yeniden tan\u0131ml\u0131yoruz.<\/p>\n<p>Yenilik\u00e7i yakla\u015f\u0131m\u0131m\u0131z, ayr\u0131nt\u0131lara verdi\u011fimiz \u00f6nem ve m\u00fc\u015fteri odakl\u0131 d\u00fc\u015f\u00fcnce tarz\u0131m\u0131zla birle\u015fir. En iyi M\u0131s\u0131r portakal\u0131 \u00e7e\u015fitlerine odaklanarak toptanc\u0131lar, perakendeciler ve g\u0131da distrib\u00fct\u00f6rleriyle uzun vadeli ili\u015fkiler kurmaya kararl\u0131y\u0131z. Ekibimiz \u015funlara ba\u011fl\u0131d\u0131r:<\/p>\n<ul>\n<li>Her partide en y\u00fcksek kaliteyi sa\u011flamak i\u00e7in M\u0131s\u0131r\u2019\u0131n en iyi \u00e7iftliklerinden portakal temini<\/li>\n<li>\u00dcr\u00fcn tazeli\u011fini korumak i\u00e7in en yeni ta\u015f\u0131ma y\u00f6ntemlerinin uygulanmas\u0131<\/li>\n<li>K\u00fcresel sevkiyat\u0131 kolayla\u015ft\u0131rmak i\u00e7in uluslararas\u0131 standartlara tam uyum<\/li>\n<\/ul>\n<p>\u0130hracat end\u00fcstrisinde yeni bir oyuncu olsak da b\u00fcy\u00fcme vizyonumuz nettir: g\u00fcvenilir teslimat, kaliteli \u00fcr\u00fcnler ve uzun vadeli i\u015f birliklerine dayal\u0131 bir itibar in\u015fa etmek. \u00c7e\u015fitlili\u011fe yan\u0131t verecek motivasyona, esnekli\u011fe ve ba\u011fl\u0131l\u0131\u011fa sahibiz.<\/p>\n<p>PEI Trade olarak, g\u00fcvenilir bir M\u0131s\u0131r portakal\u0131 ihracat\u00e7\u0131s\u0131 olarak standartlar\u0131 y\u00fckseltmeye kararl\u0131y\u0131z.<\/p>\n<h2>\u0130hra\u00e7 Etti\u011fimiz Pop\u00fcler M\u0131s\u0131r Portakal\u0131 \u00c7e\u015fitleri<\/h2>\n<p>\u00dcr\u00fcn yelpazemiz, ideal ko\u015fullarda yeti\u015ftirilen ve tazelik, lezzet ve doku korunarak zaman\u0131nda hasat edilen talep g\u00f6ren M\u0131s\u0131r portakal\u0131 \u00e7e\u015fitlerini i\u00e7erir.<\/p>\n<ul>\n<li><strong>Valencia Portakal\u0131:<\/strong> Dengeli lezzet ve bol sulu \u2013 s\u0131kma, perakende ve end\u00fcstriyel kullan\u0131m i\u00e7in m\u00fckemmel.<\/li>\n<li><strong>Washington Navel:<\/strong> \u00c7ekirdeksiz ve kolay soyulabilir \u2013 Avrupa ve K\u00f6rfez ihracat pazarlar\u0131 i\u00e7in idealdir.<\/li>\n<li><strong>Yazl\u0131k Portakal:<\/strong> Ge\u00e7 sezonda mevcut \u2013 ihracat s\u00fcresini uzatmak i\u00e7in avantaj sa\u011flar.<\/li>\n<\/ul>\n<p>Her parti titizlikle s\u0131n\u0131fland\u0131r\u0131l\u0131r ve uluslararas\u0131 al\u0131c\u0131lar\u0131n standartlar\u0131na uygun \u015fekilde so\u011fuk zincirde korunur.<\/p>\n<\/div>\n<\/section>\n<p><!-- Related Products Section --><\/p>\n<section class=\"section\" style=\"padding: 50px 20px;\">\n<div class=\"container\">\n<h2>M\u0131s\u0131r\u2019dan Di\u011fer Taze Tar\u0131m \u00dcr\u00fcnleri<\/h2>\n<p>\u0130hracat pazarlar\u0131 i\u00e7in \u00f6zel olarak yeti\u015ftirilen M\u0131s\u0131r men\u015feli y\u00fcksek kaliteli di\u011fer tar\u0131m \u00fcr\u00fcnlerimizi ke\u015ffedin:<\/p>\n<div class=\"wp-block-woocommerce-product-collection\"><div class=\"woocommerce columns-4 \"><ul class=\"products columns-4\" data-products=\"type-2\">\n<li class=\"product type-product post-7583 status-publish first instock product_cat-fruits product_cat-in-season has-post-thumbnail shipping-taxable product-type-simple\">\n\t<a href=\"https:\/\/peitrade.com\/tr\/product\/guava\/\" class=\"woocommerce-LoopProduct-link woocommerce-loop-product__link\"><img decoding=\"async\" width=\"300\" height=\"300\" src=\"https:\/\/peitrade.com\/wp-content\/uploads\/2025\/11\/Egyptian-Guava-300x300.webp\" class=\"attachment-woocommerce_thumbnail size-woocommerce_thumbnail\" alt=\"Egyptian Guava\" srcset=\"https:\/\/peitrade.com\/wp-content\/uploads\/2025\/11\/Egyptian-Guava-300x300.webp 300w, https:\/\/peitrade.com\/wp-content\/uploads\/2025\/11\/Egyptian-Guava-150x150.webp 150w, https:\/\/peitrade.com\/wp-content\/uploads\/2025\/11\/Egyptian-Guava-768x768.webp 768w, https:\/\/peitrade.com\/wp-content\/uploads\/2025\/11\/Egyptian-Guava-600x600.webp 600w, https:\/\/peitrade.com\/wp-content\/uploads\/2025\/11\/Egyptian-Guava-100x100.webp 100w, https:\/\/peitrade.com\/wp-content\/uploads\/2025\/11\/Egyptian-Guava.webp 1024w\" sizes=\"(max-width: 300px) 100vw, 300px\" title=\"\"><h2 class=\"woocommerce-loop-product__title\">Guava<\/h2>\n<\/a><a href=\"https:\/\/peitrade.com\/tr\/product\/guava\/\" aria-describedby=\"woocommerce_loop_add_to_cart_link_describedby_7583\" data-quantity=\"1\" class=\"button product_type_simple\" data-product_id=\"7583\" data-product_sku=\"80451\" aria-label=\"&ldquo;Guava&rdquo; hakk\u0131nda daha fazla bilgi edinin\" rel=\"nofollow\" data-success_message=\"\">Devam\u0131n\u0131 oku<\/a>\t<span id=\"woocommerce_loop_add_to_cart_link_describedby_7583\" class=\"screen-reader-text\">\n\t\t\t<\/span>\n<\/li>\n<li class=\"product type-product post-7648 status-publish instock product_cat-fruits has-post-thumbnail shipping-taxable product-type-simple\">\n\t<a href=\"https:\/\/peitrade.com\/tr\/product\/mango\/\" class=\"woocommerce-LoopProduct-link woocommerce-loop-product__link\"><img decoding=\"async\" width=\"300\" height=\"300\" src=\"https:\/\/peitrade.com\/wp-content\/uploads\/2025\/11\/Egyption-Mango-300x300.webp\" class=\"attachment-woocommerce_thumbnail size-woocommerce_thumbnail\" alt=\"Mangoes: Egypt\u2019s Tropical Treasure\" srcset=\"https:\/\/peitrade.com\/wp-content\/uploads\/2025\/11\/Egyption-Mango-300x300.webp 300w, https:\/\/peitrade.com\/wp-content\/uploads\/2025\/11\/Egyption-Mango-150x150.webp 150w, https:\/\/peitrade.com\/wp-content\/uploads\/2025\/11\/Egyption-Mango-768x768.webp 768w, https:\/\/peitrade.com\/wp-content\/uploads\/2025\/11\/Egyption-Mango-600x600.webp 600w, https:\/\/peitrade.com\/wp-content\/uploads\/2025\/11\/Egyption-Mango-100x100.webp 100w, https:\/\/peitrade.com\/wp-content\/uploads\/2025\/11\/Egyption-Mango.webp 1024w\" sizes=\"(max-width: 300px) 100vw, 300px\" title=\"\"><h2 class=\"woocommerce-loop-product__title\">Mango<\/h2>\n<\/a><a href=\"https:\/\/peitrade.com\/tr\/product\/mango\/\" aria-describedby=\"woocommerce_loop_add_to_cart_link_describedby_7648\" data-quantity=\"1\" class=\"button product_type_simple\" data-product_id=\"7648\" data-product_sku=\"80450\" aria-label=\"&ldquo;Mango&rdquo; hakk\u0131nda daha fazla bilgi edinin\" rel=\"nofollow\" data-success_message=\"\">Devam\u0131n\u0131 oku<\/a>\t<span id=\"woocommerce_loop_add_to_cart_link_describedby_7648\" class=\"screen-reader-text\">\n\t\t\t<\/span>\n<\/li>\n<li class=\"product type-product post-7745 status-publish instock product_cat-fruits has-post-thumbnail shipping-taxable product-type-simple\">\n\t<a href=\"https:\/\/peitrade.com\/tr\/product\/nar\/\" class=\"woocommerce-LoopProduct-link woocommerce-loop-product__link\"><img decoding=\"async\" width=\"300\" height=\"300\" src=\"https:\/\/peitrade.com\/wp-content\/uploads\/2025\/11\/Egyptian-Pomegranate-300x300.webp\" class=\"attachment-woocommerce_thumbnail size-woocommerce_thumbnail\" alt=\"Pomegranates: The Superfruit Appeal\" srcset=\"https:\/\/peitrade.com\/wp-content\/uploads\/2025\/11\/Egyptian-Pomegranate-300x300.webp 300w, https:\/\/peitrade.com\/wp-content\/uploads\/2025\/11\/Egyptian-Pomegranate-150x150.webp 150w, https:\/\/peitrade.com\/wp-content\/uploads\/2025\/11\/Egyptian-Pomegranate-768x768.webp 768w, https:\/\/peitrade.com\/wp-content\/uploads\/2025\/11\/Egyptian-Pomegranate-600x600.webp 600w, https:\/\/peitrade.com\/wp-content\/uploads\/2025\/11\/Egyptian-Pomegranate-100x100.webp 100w, https:\/\/peitrade.com\/wp-content\/uploads\/2025\/11\/Egyptian-Pomegranate.webp 1024w\" sizes=\"(max-width: 300px) 100vw, 300px\" title=\"\"><h2 class=\"woocommerce-loop-product__title\">Nar<\/h2>\n<\/a><a href=\"https:\/\/peitrade.com\/tr\/product\/nar\/\" aria-describedby=\"woocommerce_loop_add_to_cart_link_describedby_7745\" data-quantity=\"1\" class=\"button product_type_simple\" data-product_id=\"7745\" data-product_sku=\"81090\" aria-label=\"&ldquo;Nar&rdquo; hakk\u0131nda daha fazla bilgi edinin\" rel=\"nofollow\" data-success_message=\"\">Devam\u0131n\u0131 oku<\/a>\t<span id=\"woocommerce_loop_add_to_cart_link_describedby_7745\" class=\"screen-reader-text\">\n\t\t\t<\/span>\n<\/li>\n<li class=\"product type-product post-7589 status-publish last instock product_cat-fruits has-post-thumbnail shipping-taxable product-type-simple\">\n\t<a href=\"https:\/\/peitrade.com\/tr\/product\/uzum\/\" class=\"woocommerce-LoopProduct-link woocommerce-loop-product__link\"><img decoding=\"async\" width=\"300\" height=\"300\" src=\"https:\/\/peitrade.com\/wp-content\/uploads\/2025\/11\/Egyptian-Grapes-300x300.webp\" class=\"attachment-woocommerce_thumbnail size-woocommerce_thumbnail\" alt=\"Grapes: A Rising Star\" srcset=\"https:\/\/peitrade.com\/wp-content\/uploads\/2025\/11\/Egyptian-Grapes-300x300.webp 300w, https:\/\/peitrade.com\/wp-content\/uploads\/2025\/11\/Egyptian-Grapes-150x150.webp 150w, https:\/\/peitrade.com\/wp-content\/uploads\/2025\/11\/Egyptian-Grapes-768x768.webp 768w, https:\/\/peitrade.com\/wp-content\/uploads\/2025\/11\/Egyptian-Grapes-600x600.webp 600w, https:\/\/peitrade.com\/wp-content\/uploads\/2025\/11\/Egyptian-Grapes-100x100.webp 100w, https:\/\/peitrade.com\/wp-content\/uploads\/2025\/11\/Egyptian-Grapes.webp 1024w\" sizes=\"(max-width: 300px) 100vw, 300px\" title=\"\"><h2 class=\"woocommerce-loop-product__title\">\u00dcz\u00fcm<\/h2>\n<\/a><a href=\"https:\/\/peitrade.com\/tr\/product\/uzum\/\" aria-describedby=\"woocommerce_loop_add_to_cart_link_describedby_7589\" data-quantity=\"1\" class=\"button product_type_simple\" data-product_id=\"7589\" data-product_sku=\"80610\" aria-label=\"&ldquo;\u00dcz\u00fcm&rdquo; hakk\u0131nda daha fazla bilgi edinin\" rel=\"nofollow\" data-success_message=\"\">Devam\u0131n\u0131 oku<\/a>\t<span id=\"woocommerce_loop_add_to_cart_link_describedby_7589\" class=\"screen-reader-text\">\n\t\t\t<\/span>\n<\/li>\n<\/ul>\n<\/div><\/div>\n<\/div>\n<\/section>\n<p><!-- Section: Season & Export Info --><\/p>\n<section class=\"section\" style=\"padding: 50px 20px; background-color: #f0f0f0;\">\n<div class=\"container\">\n<h2>M\u0131s\u0131r Portakal\u0131 Sezonu ve K\u00fcresel Eri\u015fim<\/h2>\n<p>M\u0131s\u0131r portakal\u0131 sezonu Aral\u0131k ay\u0131nda ba\u015flar ve May\u0131s ay\u0131na kadar devam eder. Erken ve ge\u00e7 sezon sevkiyatlar\u0131, s\u00fcrekli tedarik sa\u011flamak i\u00e7in \u00e7e\u015fitli t\u00fcrleri kapsar. PEI Trade, maksimum tazelik ve uygun fiyatland\u0131rma sa\u011flamak i\u00e7in sevkiyatlar\u0131 hasat zaman\u0131na g\u00f6re ayarlar.<\/p>\n<h2>\u0130hracata Haz\u0131r Ambalaj ve K\u00fcresel Kapsam<\/h2>\n<p>PEI Trade, perakende sat\u0131\u015fa haz\u0131r kutular ve toptan ambalaj se\u00e7enekleri dahil olmak \u00fczere \u00f6zelle\u015ftirilmi\u015f ambalaj \u00e7\u00f6z\u00fcmleri sunar. T\u00fcm sevkiyatlar tam belgeler, so\u011fuk ta\u015f\u0131ma ve Avrupa, K\u00f6rfez ve Asya\u2019daki d\u00fczenleyici gerekliliklere uyum i\u00e7erir.<\/p>\n<p style=\"text-align: center; margin-top: 40px;\"><a class=\"button primary large\" href=\"\/contact\">\u015eimdi Talep Edin<\/a><\/p>\n<\/div>\n<\/section>\n<p><!-- FAQs Section --><\/p>\n<section class=\"section\" style=\"padding: 50px 20px; background-color: #f9f9f9;\">\n<div class=\"container\">\n<h2>S\u0131k\u00e7a Sorulan Sorular<\/h2>\n<div>\n<div>\n<h3>M\u0131s\u0131r portakal\u0131 sezonu ne zaman ba\u015flar?<\/h3>\n<div><strong>M\u0131s\u0131r portakal\u0131 sezonu<\/strong> genellikle Aral\u0131k ay\u0131nda ba\u015flar ve May\u0131s ay\u0131na kadar devam eder. En iyi tazelik ve bulunabilirlik i\u00e7in sevkiyatlar\u0131m\u0131z\u0131 sezonun zirvesine g\u00f6re planl\u0131yoruz.<\/div>\n<\/div>\n<div>\n<h3>PEI Trade hangi portakal t\u00fcrlerini ihra\u00e7 ediyor?<\/h3>\n<div>PEI Trade, piyasa ihtiya\u00e7lar\u0131na ve mevsime ba\u011fl\u0131 olarak <strong>Valencia<\/strong>, <strong>Washington Navel<\/strong>, <strong>Yazl\u0131k<\/strong> ve di\u011fer <strong>M\u0131s\u0131r portakal\u0131<\/strong> t\u00fcrlerini ihra\u00e7 etmektedir.<\/div>\n<\/div>\n<div>\n<h3>\u00d6zelle\u015ftirilmi\u015f ambalaj sunuyor musunuz?<\/h3>\n<div>Evet, hedef pazarlara g\u00f6re net a\u011f\u0131rl\u0131klar ve \u00f6zel etiket tasar\u0131mlar\u0131 dahil olmak \u00fczere toptan ve perakende i\u00e7in ambalaj se\u00e7enekleri sunuyoruz.<\/div>\n<\/div>\n<div>\n<h3>\u0130hracat s\u0131ras\u0131nda portakallar\u0131n tazeli\u011fini nas\u0131l koruyorsunuz?<\/h3>\n<div>\u00c7iftlikten limana kadar tam so\u011fuk zincir kullan\u0131yoruz: \u00f6n so\u011futma, so\u011futmal\u0131 konteynerler ve ta\u015f\u0131ma s\u00fcresince s\u0131cakl\u0131k takibi dahil.<\/div>\n<\/div>\n<div>\n<h3>Hangi \u00fclkelere ihracat yap\u0131yorsunuz?<\/h3>\n<div>PEI Trade, Avrupa, K\u00f6rfez \u0130\u015fbirli\u011fi Konseyi \u00fclkeleri, G\u00fcneybat\u0131 Asya ve Kuzey Afrika\u2019ya ihracat yapmaktad\u0131r. Di\u011fer b\u00f6lgelere de yeni i\u015f birliklerine a\u00e7\u0131\u011f\u0131z.<\/div>\n<\/div>\n<\/div>\n<\/div>\n<\/section>\n","protected":false},"excerpt":{"rendered":"<p>G\u00fcvenilir M\u0131s\u0131r Portakal\u0131 \u0130hracat\u00e7\u0131s\u0131 \u2013 PEI Trade PEI Trade, kalite tutarl\u0131l\u0131\u011f\u0131, tam izlenebilirlik ve ihracat standartlar\u0131na tam uyum ile y\u00fcksek kaliteli M\u0131s\u0131r portakal\u0131 sunmaktad\u0131r. M\u0131s\u0131r\u2019daki \u00f6nde gelen portakal ihracat\u00e7\u0131lar\u0131ndan biri olarak, Avrupa, K\u00f6rfez ve Asya\u2019daki toptanc\u0131lara, s\u00fcpermarket zincirlerine ve distrib\u00fct\u00f6rlere hizmet veriyoruz. M\u0131s\u0131r\u2019daki se\u00e7kin \u00e7iftliklerle yak\u0131n i\u015f birli\u011fi i\u00e7inde \u00e7al\u0131\u015farak en iyi portakal \u00e7e\u015fitlerini tedarik [&hellip;]<\/p>\n","protected":false},"author":1,"featured_media":0,"parent":0,"menu_order":0,"comment_status":"closed","ping_status":"closed","template":"","meta":{"footnotes":""},"class_list":["post-5893","page","type-page","status-publish","hentry"],"blocksy_meta":[],"mb":[],"featured_image_urls_v2":{"full":"","thumbnail":"","medium":"","medium_large":"","large":"","1536x1536":"","2048x2048":"","woocommerce_archive_thumbnail":"","woocommerce_thumbnail":"","woocommerce_single":"","woocommerce_gallery_thumbnail":""},"post_excerpt_stackable_v2":"<p>G\u00fcvenilir M\u0131s\u0131r Portakal\u0131 \u0130hracat\u00e7\u0131s\u0131 \u2013 PEI Trade PEI Trade, kalite tutarl\u0131l\u0131\u011f\u0131, tam izlenebilirlik ve ihracat standartlar\u0131na tam uyum ile y\u00fcksek kaliteli M\u0131s\u0131r portakal\u0131 sunmaktad\u0131r. M\u0131s\u0131r\u2019daki \u00f6nde gelen portakal ihracat\u00e7\u0131lar\u0131ndan biri olarak, Avrupa, K\u00f6rfez ve Asya\u2019daki toptanc\u0131lara, s\u00fcpermarket zincirlerine ve distrib\u00fct\u00f6rlere hizmet veriyoruz. M\u0131s\u0131r\u2019daki se\u00e7kin \u00e7iftliklerle yak\u0131n i\u015f birli\u011fi i\u00e7inde \u00e7al\u0131\u015farak en iyi portakal \u00e7e\u015fitlerini tedarik ediyor, ideal olgunluk, \u00fcst\u00fcn lezzet ve y\u00fcksek pazarlanabilirlik sa\u011fl\u0131yoruz. \u00c7iftlik y\u00f6netiminden uluslararas\u0131 nakliyeye kadar t\u00fcm tedarik zinciri a\u015famalar\u0131n\u0131 denetleyerek portakallar\u0131n zaman\u0131nda, istenilen \u015fekilde paketlenmi\u015f ve sat\u0131\u015fa haz\u0131r halde ula\u015fmas\u0131n\u0131 sa\u011fl\u0131yoruz. PEI Trade ile al\u0131c\u0131lar tutarl\u0131 kalite, g\u00fcvenilir lojistik ve k\u00fcresel meyve pazar\u0131n\u0131n taleplerini anlayan bir&hellip;<\/p>\n","category_list_v2":"","author_info_v2":{"name":"Mostafa Sabry","url":"https:\/\/peitrade.com\/tr\/author\/emostafaadel_jn8gcqbo\/"},"comments_num_v2":"0 comments","mfb_rest_fields":["title","blocksy_meta","featured_image_urls_v2","post_excerpt_stackable_v2","category_list_v2","author_info_v2","comments_num_v2"],"_links":{"self":[{"href":"https:\/\/peitrade.com\/tr\/wp-json\/wp\/v2\/pages\/5893","targetHints":{"allow":["GET"]}}],"collection":[{"href":"https:\/\/peitrade.com\/tr\/wp-json\/wp\/v2\/pages"}],"about":[{"href":"https:\/\/peitrade.com\/tr\/wp-json\/wp\/v2\/types\/page"}],"author":[{"embeddable":true,"href":"https:\/\/peitrade.com\/tr\/wp-json\/wp\/v2\/users\/1"}],"replies":[{"embeddable":true,"href":"https:\/\/peitrade.com\/tr\/wp-json\/wp\/v2\/comments?post=5893"}],"version-history":[{"count":1,"href":"https:\/\/peitrade.com\/tr\/wp-json\/wp\/v2\/pages\/5893\/revisions"}],"predecessor-version":[{"id":5894,"href":"https:\/\/peitrade.com\/tr\/wp-json\/wp\/v2\/pages\/5893\/revisions\/5894"}],"wp:attachment":[{"href":"https:\/\/peitrade.com\/tr\/wp-json\/wp\/v2\/media?parent=5893"}],"curies":[{"name":"wp","href":"https:\/\/api.w.org\/{rel}","templated":true}]}}