{"id":5910,"date":"2025-06-16T12:03:16","date_gmt":"2025-06-16T12:03:16","guid":{"rendered":"http:\/\/46.224.74.15\/kavun-tedarikcileri-taze-misir-kalitesi-pei\/"},"modified":"2025-11-19T16:46:49","modified_gmt":"2025-11-19T16:46:49","slug":"kavun-tedarikcileri-taze-misir-kalitesi-pei","status":"publish","type":"page","link":"https:\/\/peitrade.com\/tr\/kavun-tedarikcileri-taze-misir-kalitesi-pei\/","title":{"rendered":"Kavun Tedarik\u00e7ileri \u2013 PEI Trade&#8217;den Taze M\u0131s\u0131r Kalitesi"},"content":{"rendered":"<section style=\"padding: 60px 20px; background-color: #f9f9f9;\">\n<div class=\"container\">\n<p>PEI Trade, M\u0131s\u0131r\u2019\u0131n \u00f6nde gelen <b>kavun tedarik\u00e7ileri<\/b> aras\u0131nda yer almakta olup, d\u00fcnya pazarlar\u0131na \u00e7iftlikten taze, premium kaliteli kavunlar sunmaktad\u0131r. Tatl\u0131 ve sulu kavunlar\u0131m\u0131z, en olgun zamanda hasat edilip \u00f6zenle i\u015flenir; bu da onlar\u0131 ithalat\u00e7\u0131lar, toptanc\u0131lar ve perakendeciler i\u00e7in tercih edilen se\u00e7enek haline getirir.<\/p>\n<p><b>Toptan kavun sat\u0131\u015f\u0131<\/b> aray\u0131\u015f\u0131nda olun ya da uzun vadeli tedarik ortakl\u0131klar\u0131n\u0131 ke\u015ffediyor olun, PEI Trade s\u00fcrekli kalite, rekabet\u00e7i <b>kavun toptan fiyatlar\u0131<\/b> ve \u00e7iftlikten var\u0131\u015f noktas\u0131na kadar tam lojistik destek sunar.<\/p>\n<\/div>\n<\/section>\n<div class=\"wp-block-woocommerce-product-collection\"><div class=\"woocommerce columns-4 \"><ul class=\"products columns-4\" data-products=\"type-2\">\n<li class=\"product type-product post-7671 status-publish first instock product_cat-fruits has-post-thumbnail shipping-taxable product-type-simple\">\n\t<a href=\"https:\/\/peitrade.com\/tr\/product\/cilek\/\" class=\"woocommerce-LoopProduct-link woocommerce-loop-product__link\"><img decoding=\"async\" width=\"300\" height=\"300\" src=\"https:\/\/peitrade.com\/wp-content\/uploads\/2025\/11\/Egyptian-Strawberries-300x300.webp\" class=\"attachment-woocommerce_thumbnail size-woocommerce_thumbnail\" alt=\"\u00c7ilek\" srcset=\"https:\/\/peitrade.com\/wp-content\/uploads\/2025\/11\/Egyptian-Strawberries-300x300.webp 300w, https:\/\/peitrade.com\/wp-content\/uploads\/2025\/11\/Egyptian-Strawberries-150x150.webp 150w, https:\/\/peitrade.com\/wp-content\/uploads\/2025\/11\/Egyptian-Strawberries-768x768.webp 768w, https:\/\/peitrade.com\/wp-content\/uploads\/2025\/11\/Egyptian-Strawberries-600x600.webp 600w, https:\/\/peitrade.com\/wp-content\/uploads\/2025\/11\/Egyptian-Strawberries-100x100.webp 100w, https:\/\/peitrade.com\/wp-content\/uploads\/2025\/11\/Egyptian-Strawberries.webp 1024w\" sizes=\"(max-width: 300px) 100vw, 300px\" title=\"\"><h2 class=\"woocommerce-loop-product__title\">\u00c7ilek<\/h2>\n<\/a><a href=\"https:\/\/peitrade.com\/tr\/product\/cilek\/\" aria-describedby=\"woocommerce_loop_add_to_cart_link_describedby_7671\" data-quantity=\"1\" class=\"button product_type_simple\" data-product_id=\"7671\" data-product_sku=\"81010\" aria-label=\"&ldquo;\u00c7ilek&rdquo; hakk\u0131nda daha fazla bilgi edinin\" rel=\"nofollow\" data-success_message=\"\">Devam\u0131n\u0131 oku<\/a>\t<span id=\"woocommerce_loop_add_to_cart_link_describedby_7671\" class=\"screen-reader-text\">\n\t\t\t<\/span>\n<\/li>\n<li class=\"product type-product post-7542 status-publish instock product_cat-fruits product_cat-in-season has-post-thumbnail shipping-taxable product-type-simple\">\n\t<a href=\"https:\/\/peitrade.com\/tr\/product\/limon\/\" class=\"woocommerce-LoopProduct-link woocommerce-loop-product__link\"><img decoding=\"async\" width=\"300\" height=\"300\" src=\"https:\/\/peitrade.com\/wp-content\/uploads\/2025\/11\/Egyptian-Lemons-300x300.webp\" class=\"attachment-woocommerce_thumbnail size-woocommerce_thumbnail\" alt=\"Limon\" srcset=\"https:\/\/peitrade.com\/wp-content\/uploads\/2025\/11\/Egyptian-Lemons-300x300.webp 300w, https:\/\/peitrade.com\/wp-content\/uploads\/2025\/11\/Egyptian-Lemons-150x150.webp 150w, https:\/\/peitrade.com\/wp-content\/uploads\/2025\/11\/Egyptian-Lemons-768x768.webp 768w, https:\/\/peitrade.com\/wp-content\/uploads\/2025\/11\/Egyptian-Lemons-600x600.webp 600w, https:\/\/peitrade.com\/wp-content\/uploads\/2025\/11\/Egyptian-Lemons-100x100.webp 100w, https:\/\/peitrade.com\/wp-content\/uploads\/2025\/11\/Egyptian-Lemons.webp 1024w\" sizes=\"(max-width: 300px) 100vw, 300px\" title=\"\"><h2 class=\"woocommerce-loop-product__title\">Limon<\/h2>\n<\/a><a href=\"https:\/\/peitrade.com\/tr\/product\/limon\/\" aria-describedby=\"woocommerce_loop_add_to_cart_link_describedby_7542\" data-quantity=\"1\" class=\"button product_type_simple\" data-product_id=\"7542\" data-product_sku=\"80550\" aria-label=\"&ldquo;Limon&rdquo; hakk\u0131nda daha fazla bilgi edinin\" rel=\"nofollow\" data-success_message=\"\">Devam\u0131n\u0131 oku<\/a>\t<span id=\"woocommerce_loop_add_to_cart_link_describedby_7542\" class=\"screen-reader-text\">\n\t\t\t<\/span>\n<\/li>\n<li class=\"product type-product post-7648 status-publish instock product_cat-fruits has-post-thumbnail shipping-taxable product-type-simple\">\n\t<a href=\"https:\/\/peitrade.com\/tr\/product\/mango\/\" class=\"woocommerce-LoopProduct-link woocommerce-loop-product__link\"><img decoding=\"async\" width=\"300\" height=\"300\" src=\"https:\/\/peitrade.com\/wp-content\/uploads\/2025\/11\/Egyption-Mango-300x300.webp\" class=\"attachment-woocommerce_thumbnail size-woocommerce_thumbnail\" alt=\"Mangoes: Egypt\u2019s Tropical Treasure\" srcset=\"https:\/\/peitrade.com\/wp-content\/uploads\/2025\/11\/Egyption-Mango-300x300.webp 300w, https:\/\/peitrade.com\/wp-content\/uploads\/2025\/11\/Egyption-Mango-150x150.webp 150w, https:\/\/peitrade.com\/wp-content\/uploads\/2025\/11\/Egyption-Mango-768x768.webp 768w, https:\/\/peitrade.com\/wp-content\/uploads\/2025\/11\/Egyption-Mango-600x600.webp 600w, https:\/\/peitrade.com\/wp-content\/uploads\/2025\/11\/Egyption-Mango-100x100.webp 100w, https:\/\/peitrade.com\/wp-content\/uploads\/2025\/11\/Egyption-Mango.webp 1024w\" sizes=\"(max-width: 300px) 100vw, 300px\" title=\"\"><h2 class=\"woocommerce-loop-product__title\">Mango<\/h2>\n<\/a><a href=\"https:\/\/peitrade.com\/tr\/product\/mango\/\" aria-describedby=\"woocommerce_loop_add_to_cart_link_describedby_7648\" data-quantity=\"1\" class=\"button product_type_simple\" data-product_id=\"7648\" data-product_sku=\"80450\" aria-label=\"&ldquo;Mango&rdquo; hakk\u0131nda daha fazla bilgi edinin\" rel=\"nofollow\" data-success_message=\"\">Devam\u0131n\u0131 oku<\/a>\t<span id=\"woocommerce_loop_add_to_cart_link_describedby_7648\" class=\"screen-reader-text\">\n\t\t\t<\/span>\n<\/li>\n<li class=\"product type-product post-7444 status-publish last instock product_cat-fruits product_cat-in-season has-post-thumbnail shipping-taxable product-type-simple\">\n\t<a href=\"https:\/\/peitrade.com\/tr\/product\/portakallar\/\" class=\"woocommerce-LoopProduct-link woocommerce-loop-product__link\"><img decoding=\"async\" width=\"300\" height=\"300\" src=\"https:\/\/peitrade.com\/wp-content\/uploads\/2025\/11\/Egyptian-Oranges-300x300.webp\" class=\"attachment-woocommerce_thumbnail size-woocommerce_thumbnail\" alt=\"M\u0131s\u0131r\u2019\u0131n Kanada\u2019ya portakal ihracat\u0131\" srcset=\"https:\/\/peitrade.com\/wp-content\/uploads\/2025\/11\/Egyptian-Oranges-300x300.webp 300w, https:\/\/peitrade.com\/wp-content\/uploads\/2025\/11\/Egyptian-Oranges-150x150.webp 150w, https:\/\/peitrade.com\/wp-content\/uploads\/2025\/11\/Egyptian-Oranges-768x768.webp 768w, https:\/\/peitrade.com\/wp-content\/uploads\/2025\/11\/Egyptian-Oranges-600x600.webp 600w, https:\/\/peitrade.com\/wp-content\/uploads\/2025\/11\/Egyptian-Oranges-100x100.webp 100w, https:\/\/peitrade.com\/wp-content\/uploads\/2025\/11\/Egyptian-Oranges.webp 1024w\" sizes=\"(max-width: 300px) 100vw, 300px\" title=\"\"><h2 class=\"woocommerce-loop-product__title\">Portakallar<\/h2>\n<\/a><a href=\"https:\/\/peitrade.com\/tr\/product\/portakallar\/\" aria-describedby=\"woocommerce_loop_add_to_cart_link_describedby_7444\" data-quantity=\"1\" class=\"button product_type_simple\" data-product_id=\"7444\" data-product_sku=\"80510\" aria-label=\"&ldquo;Portakallar&rdquo; hakk\u0131nda daha fazla bilgi edinin\" rel=\"nofollow\" data-success_message=\"\">Devam\u0131n\u0131 oku<\/a>\t<span id=\"woocommerce_loop_add_to_cart_link_describedby_7444\" class=\"screen-reader-text\">\n\t\t\t<\/span>\n<\/li>\n<\/ul>\n<\/div><\/div>\n<section style=\"padding: 50px 20px;\">\n<div class=\"container\">\n<h2>Neden Kavun Tedari\u011finde PEI Trade\u2019i Tercih Etmelisiniz?<\/h2>\n<p><span style=\"font-weight: 400;\">M\u0131s\u0131r men\u015feli kavunlar\u0131m\u0131z, k\u00fcresel pazarda \u015fu \u00f6zellikleriyle \u00f6ne \u00e7\u0131kar:<\/span><\/p>\n<ul>\n<li>Yo\u011fun tatl\u0131l\u0131k ve y\u00fcksek Brix de\u011feri<\/li>\n<li>Tutarl\u0131 boyut, yuvarlak \u015fekil ve alt\u0131n sar\u0131s\u0131 kabuk<\/li>\n<li>Uzun raf \u00f6mr\u00fc ve g\u00fc\u00e7l\u00fc ta\u015f\u0131ma dayan\u0131kl\u0131l\u0131\u011f\u0131<\/li>\n<li>Perakende, g\u0131da hizmeti veya i\u015fleme i\u00e7in ideal \u00f6zenle se\u00e7ilmi\u015f \u00e7e\u015fitler<\/li>\n<li>GAP sertifikal\u0131 \u00e7iftlikler ve tam izlenebilirlik<\/li>\n<\/ul>\n<p><span style=\"font-weight: 400;\">G\u00fcvenilir M\u0131s\u0131rl\u0131 \u00fcreticilerle i\u015fbirli\u011fi yaparak uluslararas\u0131 g\u0131da g\u00fcvenli\u011fi ve kalite standartlar\u0131n\u0131 kar\u015f\u0131layan, homojen ve y\u00fcksek kaliteli kavunlar sunuyoruz.<\/span><\/p>\n<h2>M\u0131s\u0131r\u2019dan G\u00fcvenilir Kavun \u0130hracat\u00e7\u0131lar\u0131<\/h2>\n<p><span style=\"font-weight: 400;\">Deneyimli <b>kavun ihracat\u00e7\u0131lar\u0131<\/b> olarak PEI Trade, ihracat s\u00fcrecinin t\u00fcm a\u015famalar\u0131n\u0131 verimli ve \u015feffaf \u015fekilde y\u00fcr\u00fctmektedir. S\u00fcrecimiz \u015funlar\u0131 i\u00e7erir:<\/span><\/p>\n<ul>\n<li>Optimal \u015feker seviyelerinde dikkatli hasat<\/li>\n<li>Hasat sonras\u0131 so\u011futma ve ihracat \u00f6ncesi kalite kontrolleri<\/li>\n<li>Renk, boyut ve tatl\u0131l\u0131\u011fa g\u00f6re ay\u0131rma ve s\u0131n\u0131fland\u0131rma<\/li>\n<li>Esnek paketleme se\u00e7enekleri (kutu, sand\u0131k, d\u00f6kme)<\/li>\n<li>Tam ihracat belgeleri ve sertifikalar\u0131<\/li>\n<\/ul>\n<p><span style=\"font-weight: 400;\">Size M\u0131s\u0131r\u2019\u0131n sundu\u011fu en taze <b>kavunlar\u0131<\/b> ula\u015ft\u0131r\u0131yoruz \u2014 eksiksiz ihracat deste\u011fi ve zaman\u0131nda liman teslimat\u0131yla.<\/span><\/p>\n<h2>Hasat Sezonu &amp; Mevcudiyet<\/h2>\n<p><span style=\"font-weight: 400;\">M\u0131s\u0131r iklimi iki ana kavun yeti\u015ftirme sezonu sunar: ilkbahar (Mart\u2013May\u0131s) ve erken yaz (Haziran\u2013Temmuz). Bu da PEI Trade\u2019in uluslararas\u0131 m\u00fc\u015fterilere neredeyse kesintisiz tedarik sunmas\u0131n\u0131 sa\u011flar.<\/span><\/p>\n<h3>Kavun \u0130hracat Program\u0131m\u0131zdan Kimler Al\u0131m Yap\u0131yor?<\/h3>\n<ul>\n<li><b>\u0130thalat\u00e7\u0131lar:<\/b> G\u00fcvenilir tedarik ve rekabet\u00e7i <b>kavun toptan fiyatlar\u0131<\/b><\/li>\n<li><b>Perakendeciler:<\/b> S\u00fcpermarket raflar\u0131 i\u00e7in ideal, g\u00f6z al\u0131c\u0131 tatl\u0131 kavunlar<\/li>\n<li><b>G\u0131da Da\u011f\u0131t\u0131c\u0131lar\u0131:<\/b> Otelcilik ve i\u015fleme sekt\u00f6rlerine y\u00f6nelik d\u00f6kme g\u00f6nderiler<\/li>\n<li><b>\u00dcr\u00fcn Markalar\u0131:<\/b> \u00d6zel paketleme ve etiketleme se\u00e7enekleri<\/li>\n<\/ul>\n<h3>PEI Trade\u2019in K\u00fcresel Eri\u015fimi<\/h3>\n<p><span style=\"font-weight: 400;\">PEI Trade\u2019in kavunlar\u0131 \u015fu pazarlara ula\u015f\u0131r:<\/span><\/p>\n<ul>\n<li>Avrupa (Almanya, \u0130ngiltere, Fransa, \u0130talya)<\/li>\n<li>Orta Do\u011fu (BAE, Suudi Arabistan, Katar)<\/li>\n<li>Asya (Hindistan, Malezya, Singapur)<\/li>\n<li>Afrika (G\u00fcney Afrika, Kenya, Nijerya)<\/li>\n<\/ul>\n<p><span style=\"font-weight: 400;\">Verimli tedarik zincirimiz ve kaliteye ba\u011fl\u0131l\u0131\u011f\u0131m\u0131z sayesinde, farkl\u0131 b\u00f6lgelerdeki m\u00fc\u015fteriler i\u00e7in ba\u015fvurulan <b>kavun tedarik\u00e7isi<\/b> haline geldik.<\/span><\/p>\n<h2>\u0130hracat \u0130\u00e7in Paketleme Se\u00e7enekleri<\/h2>\n<ul>\n<li>5 kg \u2013 10 kg havaland\u0131rmal\u0131 tasar\u0131ma sahip kutular<\/li>\n<li>Perakende m\u00fc\u015fterilerine \u00f6zel bask\u0131l\u0131 kutular<\/li>\n<li>Toptan ve i\u015fleme i\u00e7in d\u00f6kme sand\u0131klar<\/li>\n<li>Konteyner ta\u015f\u0131mas\u0131na uygun paletli y\u00fcklemeler<\/li>\n<\/ul>\n<p><span style=\"font-weight: 400;\">Paketlemeyi pazar\u0131n\u0131z\u0131n ihtiya\u00e7lar\u0131na g\u00f6re \u00f6zelle\u015ftiriyor ve t\u00fcm g\u00f6nderilerin uluslararas\u0131 ihracat standartlar\u0131na uygun olmas\u0131n\u0131 sa\u011fl\u0131yoruz.<\/span><\/p>\n<\/div>\n<\/section>\n<section style=\"padding: 50px 20px; background-color: #f0f0f0;\">\n<div class=\"container\">\n<h2>PEI Trade ile Ortakl\u0131k Kurun \u2013 M\u0131s\u0131r\u2019dan G\u00fcvenilir Kavun Tedarik\u00e7ileri<\/h2>\n<p>Kalite, g\u0131da g\u00fcvenli\u011fi ve verimli lojistik odakl\u0131 g\u00fcvenilir <b>kavun tedarik\u00e7ileri<\/b> ar\u0131yorsan\u0131z, PEI Trade sizin i\u00e7in ideal bir ortakt\u0131r.<\/p>\n<p>Ekibimiz, beklentilerin \u00f6tesine ge\u00e7en taze \u00fcr\u00fcnler sunarak uzun vadeli i\u015f ili\u015fkileri kurmaya kendini adam\u0131\u015ft\u0131r.<\/p>\n<h2>Fiyat Teklifi veya Numune Talep Edin<\/h2>\n<p>M\u0131s\u0131r\u2019dan taze kavun ithalat\u0131na haz\u0131r m\u0131s\u0131n\u0131z? Fiyat, stok durumu \u00f6\u011frenmek veya numune sevkiyat\u0131 ayarlamak i\u00e7in hemen bizimle ileti\u015fime ge\u00e7in.<\/p>\n<p style=\"text-align: center; margin-top: 40px;\"><a class=\"button primary large\" href=\"\/contact\">\u015eimdi Sipari\u015f Ver<\/a><\/p>\n<\/div>\n<\/section>\n<section style=\"padding: 50px 20px;\">\n<div class=\"container\">\n<h2>PEI Trade\u2019in Tar\u0131m \u0130hracat\u0131nda Daha Fazlas\u0131<\/h2>\n<p>&nbsp;<\/p>\n<p>Kavun d\u0131\u015f\u0131nda PEI Trade, \u00fcz\u00fcm, portakal, patates ve beyaz fasulye gibi geni\u015f bir yelpazede taze M\u0131s\u0131r tar\u0131m \u00fcr\u00fcnleri ihra\u00e7 etmektedir. Mevsimsel tedarik planlar\u0131n\u0131z\u0131 nas\u0131l destekleyebilece\u011fimizi ve tar\u0131m g\u0131da portf\u00f6y\u00fcn\u00fcz\u00fc nas\u0131l b\u00fcy\u00fctebilece\u011finizi ke\u015ffedin. <a href=\"\/about\">\u0130hracatlar\u0131m\u0131z hakk\u0131nda daha fazla bilgi edinin<\/a>.<\/p>\n<div class=\"wp-block-woocommerce-product-collection\"><div class=\"woocommerce columns-4 \"><ul class=\"products columns-4\" data-products=\"type-2\">\n<li class=\"product type-product post-7583 status-publish first instock product_cat-fruits product_cat-in-season has-post-thumbnail shipping-taxable product-type-simple\">\n\t<a href=\"https:\/\/peitrade.com\/tr\/product\/guava\/\" class=\"woocommerce-LoopProduct-link woocommerce-loop-product__link\"><img decoding=\"async\" width=\"300\" height=\"300\" src=\"https:\/\/peitrade.com\/wp-content\/uploads\/2025\/11\/Egyptian-Guava-300x300.webp\" class=\"attachment-woocommerce_thumbnail size-woocommerce_thumbnail\" alt=\"Egyptian Guava\" srcset=\"https:\/\/peitrade.com\/wp-content\/uploads\/2025\/11\/Egyptian-Guava-300x300.webp 300w, https:\/\/peitrade.com\/wp-content\/uploads\/2025\/11\/Egyptian-Guava-150x150.webp 150w, https:\/\/peitrade.com\/wp-content\/uploads\/2025\/11\/Egyptian-Guava-768x768.webp 768w, https:\/\/peitrade.com\/wp-content\/uploads\/2025\/11\/Egyptian-Guava-600x600.webp 600w, https:\/\/peitrade.com\/wp-content\/uploads\/2025\/11\/Egyptian-Guava-100x100.webp 100w, https:\/\/peitrade.com\/wp-content\/uploads\/2025\/11\/Egyptian-Guava.webp 1024w\" sizes=\"(max-width: 300px) 100vw, 300px\" title=\"\"><h2 class=\"woocommerce-loop-product__title\">Guava<\/h2>\n<\/a><a href=\"https:\/\/peitrade.com\/tr\/product\/guava\/\" aria-describedby=\"woocommerce_loop_add_to_cart_link_describedby_7583\" data-quantity=\"1\" class=\"button product_type_simple\" data-product_id=\"7583\" data-product_sku=\"80451\" aria-label=\"&ldquo;Guava&rdquo; hakk\u0131nda daha fazla bilgi edinin\" rel=\"nofollow\" data-success_message=\"\">Devam\u0131n\u0131 oku<\/a>\t<span id=\"woocommerce_loop_add_to_cart_link_describedby_7583\" class=\"screen-reader-text\">\n\t\t\t<\/span>\n<\/li>\n<li class=\"product type-product post-7745 status-publish instock product_cat-fruits has-post-thumbnail shipping-taxable product-type-simple\">\n\t<a href=\"https:\/\/peitrade.com\/tr\/product\/nar\/\" class=\"woocommerce-LoopProduct-link woocommerce-loop-product__link\"><img decoding=\"async\" width=\"300\" height=\"300\" src=\"https:\/\/peitrade.com\/wp-content\/uploads\/2025\/11\/Egyptian-Pomegranate-300x300.webp\" class=\"attachment-woocommerce_thumbnail size-woocommerce_thumbnail\" alt=\"Pomegranates: The Superfruit Appeal\" srcset=\"https:\/\/peitrade.com\/wp-content\/uploads\/2025\/11\/Egyptian-Pomegranate-300x300.webp 300w, https:\/\/peitrade.com\/wp-content\/uploads\/2025\/11\/Egyptian-Pomegranate-150x150.webp 150w, https:\/\/peitrade.com\/wp-content\/uploads\/2025\/11\/Egyptian-Pomegranate-768x768.webp 768w, https:\/\/peitrade.com\/wp-content\/uploads\/2025\/11\/Egyptian-Pomegranate-600x600.webp 600w, https:\/\/peitrade.com\/wp-content\/uploads\/2025\/11\/Egyptian-Pomegranate-100x100.webp 100w, https:\/\/peitrade.com\/wp-content\/uploads\/2025\/11\/Egyptian-Pomegranate.webp 1024w\" sizes=\"(max-width: 300px) 100vw, 300px\" title=\"\"><h2 class=\"woocommerce-loop-product__title\">Nar<\/h2>\n<\/a><a href=\"https:\/\/peitrade.com\/tr\/product\/nar\/\" aria-describedby=\"woocommerce_loop_add_to_cart_link_describedby_7745\" data-quantity=\"1\" class=\"button product_type_simple\" data-product_id=\"7745\" data-product_sku=\"81090\" aria-label=\"&ldquo;Nar&rdquo; hakk\u0131nda daha fazla bilgi edinin\" rel=\"nofollow\" data-success_message=\"\">Devam\u0131n\u0131 oku<\/a>\t<span id=\"woocommerce_loop_add_to_cart_link_describedby_7745\" class=\"screen-reader-text\">\n\t\t\t<\/span>\n<\/li>\n<li class=\"product type-product post-7444 status-publish instock product_cat-fruits product_cat-in-season has-post-thumbnail shipping-taxable product-type-simple\">\n\t<a href=\"https:\/\/peitrade.com\/tr\/product\/portakallar\/\" class=\"woocommerce-LoopProduct-link woocommerce-loop-product__link\"><img decoding=\"async\" width=\"300\" height=\"300\" src=\"https:\/\/peitrade.com\/wp-content\/uploads\/2025\/11\/Egyptian-Oranges-300x300.webp\" class=\"attachment-woocommerce_thumbnail size-woocommerce_thumbnail\" alt=\"M\u0131s\u0131r\u2019\u0131n Kanada\u2019ya portakal ihracat\u0131\" srcset=\"https:\/\/peitrade.com\/wp-content\/uploads\/2025\/11\/Egyptian-Oranges-300x300.webp 300w, https:\/\/peitrade.com\/wp-content\/uploads\/2025\/11\/Egyptian-Oranges-150x150.webp 150w, https:\/\/peitrade.com\/wp-content\/uploads\/2025\/11\/Egyptian-Oranges-768x768.webp 768w, https:\/\/peitrade.com\/wp-content\/uploads\/2025\/11\/Egyptian-Oranges-600x600.webp 600w, https:\/\/peitrade.com\/wp-content\/uploads\/2025\/11\/Egyptian-Oranges-100x100.webp 100w, https:\/\/peitrade.com\/wp-content\/uploads\/2025\/11\/Egyptian-Oranges.webp 1024w\" sizes=\"(max-width: 300px) 100vw, 300px\" title=\"\"><h2 class=\"woocommerce-loop-product__title\">Portakallar<\/h2>\n<\/a><a href=\"https:\/\/peitrade.com\/tr\/product\/portakallar\/\" aria-describedby=\"woocommerce_loop_add_to_cart_link_describedby_7444\" data-quantity=\"1\" class=\"button product_type_simple\" data-product_id=\"7444\" data-product_sku=\"80510\" aria-label=\"&ldquo;Portakallar&rdquo; hakk\u0131nda daha fazla bilgi edinin\" rel=\"nofollow\" data-success_message=\"\">Devam\u0131n\u0131 oku<\/a>\t<span id=\"woocommerce_loop_add_to_cart_link_describedby_7444\" class=\"screen-reader-text\">\n\t\t\t<\/span>\n<\/li>\n<li class=\"product type-product post-7589 status-publish last instock product_cat-fruits has-post-thumbnail shipping-taxable product-type-simple\">\n\t<a href=\"https:\/\/peitrade.com\/tr\/product\/uzum\/\" class=\"woocommerce-LoopProduct-link woocommerce-loop-product__link\"><img decoding=\"async\" width=\"300\" height=\"300\" src=\"https:\/\/peitrade.com\/wp-content\/uploads\/2025\/11\/Egyptian-Grapes-300x300.webp\" class=\"attachment-woocommerce_thumbnail size-woocommerce_thumbnail\" alt=\"Grapes: A Rising Star\" srcset=\"https:\/\/peitrade.com\/wp-content\/uploads\/2025\/11\/Egyptian-Grapes-300x300.webp 300w, https:\/\/peitrade.com\/wp-content\/uploads\/2025\/11\/Egyptian-Grapes-150x150.webp 150w, https:\/\/peitrade.com\/wp-content\/uploads\/2025\/11\/Egyptian-Grapes-768x768.webp 768w, https:\/\/peitrade.com\/wp-content\/uploads\/2025\/11\/Egyptian-Grapes-600x600.webp 600w, https:\/\/peitrade.com\/wp-content\/uploads\/2025\/11\/Egyptian-Grapes-100x100.webp 100w, https:\/\/peitrade.com\/wp-content\/uploads\/2025\/11\/Egyptian-Grapes.webp 1024w\" sizes=\"(max-width: 300px) 100vw, 300px\" title=\"\"><h2 class=\"woocommerce-loop-product__title\">\u00dcz\u00fcm<\/h2>\n<\/a><a href=\"https:\/\/peitrade.com\/tr\/product\/uzum\/\" aria-describedby=\"woocommerce_loop_add_to_cart_link_describedby_7589\" data-quantity=\"1\" class=\"button product_type_simple\" data-product_id=\"7589\" data-product_sku=\"80610\" aria-label=\"&ldquo;\u00dcz\u00fcm&rdquo; hakk\u0131nda daha fazla bilgi edinin\" rel=\"nofollow\" data-success_message=\"\">Devam\u0131n\u0131 oku<\/a>\t<span id=\"woocommerce_loop_add_to_cart_link_describedby_7589\" class=\"screen-reader-text\">\n\t\t\t<\/span>\n<\/li>\n<\/ul>\n<\/div><\/div>\n<\/div>\n<\/section>\n<section style=\"padding: 50px 20px; background-color: #f9f9f9;\">\n<div class=\"container\">\n<h2>S\u0131k\u00e7a Sorulan Sorular<\/h2>\n<h3>M\u0131s\u0131r\u2019da kavun hasat sezonu ne zaman?<\/h3>\n<p>M\u0131s\u0131r\u2019da iki hasat d\u00f6nemi vard\u0131r: ilkbahar (Mart\u2013May\u0131s) ve erken yaz (Haziran\u2013Temmuz), bu da s\u00fcrekli ihracat tedariki sa\u011flar.<\/p>\n<h3>Kavunlar i\u00e7in hangi ambalajlar\u0131 sunuyorsunuz?<\/h3>\n<p>5 kg ve 10 kg kutular, d\u00f6kme sand\u0131klar ve perakende\/toptan ihtiya\u00e7lar\u0131n\u0131za uygun \u00f6zel bask\u0131l\u0131 ambalajlar sunuyoruz.<\/p>\n<h3>\u00d6zel markal\u0131 veya etiketli ambalaj sa\u011fl\u0131yor musunuz?<\/h3>\n<p>Evet, kavunlar\u0131n\u0131z\u0131 \u00f6zel markalama, etiket ve barkod sistemleri ile do\u011frudan perakende sat\u0131\u015fa uygun \u015fekilde temin edebiliriz.<\/p>\n<h3>D\u00f6kme ya da d\u00fczenli s\u00f6zle\u015fmeli tedarik sunuyor musunuz?<\/h3>\n<p>Kesinlikle. <b>Toptan kavun sat\u0131\u015f\u0131<\/b> i\u00e7in s\u00fcrekli ve b\u00fcy\u00fck hacimli teslimatlara ihtiya\u00e7 duyan ithalat\u00e7\u0131lar ve distrib\u00fct\u00f6rlerle \u00e7al\u0131\u015f\u0131yoruz.<\/p>\n<h3>Hangi b\u00f6lgelere kavun ihra\u00e7 ediyorsunuz?<\/h3>\n<p>Avrupa, Orta Do\u011fu, Afrika ve Asya\u2019n\u0131n baz\u0131 b\u00f6lgeleri dahil olmak \u00fczere d\u00fcnya \u00e7ap\u0131nda ihracat yap\u0131yoruz. Lojistik ekibimiz sorunsuz ve zaman\u0131nda teslimat\u0131 garanti eder.<\/p>\n<\/div>\n<\/section>\n","protected":false},"excerpt":{"rendered":"<p>PEI Trade, M\u0131s\u0131r\u2019\u0131n \u00f6nde gelen kavun tedarik\u00e7ileri aras\u0131nda yer almakta olup, d\u00fcnya pazarlar\u0131na \u00e7iftlikten taze, premium kaliteli kavunlar sunmaktad\u0131r. Tatl\u0131 ve sulu kavunlar\u0131m\u0131z, en olgun zamanda hasat edilip \u00f6zenle i\u015flenir; bu da onlar\u0131 ithalat\u00e7\u0131lar, toptanc\u0131lar ve perakendeciler i\u00e7in tercih edilen se\u00e7enek haline getirir. Toptan kavun sat\u0131\u015f\u0131 aray\u0131\u015f\u0131nda olun ya da uzun vadeli tedarik ortakl\u0131klar\u0131n\u0131 ke\u015ffediyor [&hellip;]<\/p>\n","protected":false},"author":1,"featured_media":0,"parent":0,"menu_order":0,"comment_status":"closed","ping_status":"closed","template":"","meta":{"footnotes":""},"class_list":["post-5910","page","type-page","status-publish","hentry"],"blocksy_meta":[],"mb":[],"featured_image_urls_v2":{"full":"","thumbnail":"","medium":"","medium_large":"","large":"","1536x1536":"","2048x2048":"","woocommerce_archive_thumbnail":"","woocommerce_thumbnail":"","woocommerce_single":"","woocommerce_gallery_thumbnail":""},"post_excerpt_stackable_v2":"<p>PEI Trade, M\u0131s\u0131r\u2019\u0131n \u00f6nde gelen kavun tedarik\u00e7ileri aras\u0131nda yer almakta olup, d\u00fcnya pazarlar\u0131na \u00e7iftlikten taze, premium kaliteli kavunlar sunmaktad\u0131r. Tatl\u0131 ve sulu kavunlar\u0131m\u0131z, en olgun zamanda hasat edilip \u00f6zenle i\u015flenir; bu da onlar\u0131 ithalat\u00e7\u0131lar, toptanc\u0131lar ve perakendeciler i\u00e7in tercih edilen se\u00e7enek haline getirir. Toptan kavun sat\u0131\u015f\u0131 aray\u0131\u015f\u0131nda olun ya da uzun vadeli tedarik ortakl\u0131klar\u0131n\u0131 ke\u015ffediyor olun, PEI Trade s\u00fcrekli kalite, rekabet\u00e7i kavun toptan fiyatlar\u0131 ve \u00e7iftlikten var\u0131\u015f noktas\u0131na kadar tam lojistik destek sunar. \u00c7ilek Devam\u0131n\u0131 oku Limon Devam\u0131n\u0131 oku Mango Devam\u0131n\u0131 oku Portakallar Devam\u0131n\u0131 oku Neden Kavun Tedari\u011finde PEI Trade\u2019i Tercih Etmelisiniz? M\u0131s\u0131r men\u015feli kavunlar\u0131m\u0131z, k\u00fcresel pazarda \u015fu \u00f6zellikleriyle \u00f6ne&hellip;<\/p>\n","category_list_v2":"","author_info_v2":{"name":"Mostafa Sabry","url":"https:\/\/peitrade.com\/tr\/author\/emostafaadel_jn8gcqbo\/"},"comments_num_v2":"0 comments","mfb_rest_fields":["title","blocksy_meta","featured_image_urls_v2","post_excerpt_stackable_v2","category_list_v2","author_info_v2","comments_num_v2"],"_links":{"self":[{"href":"https:\/\/peitrade.com\/tr\/wp-json\/wp\/v2\/pages\/5910","targetHints":{"allow":["GET"]}}],"collection":[{"href":"https:\/\/peitrade.com\/tr\/wp-json\/wp\/v2\/pages"}],"about":[{"href":"https:\/\/peitrade.com\/tr\/wp-json\/wp\/v2\/types\/page"}],"author":[{"embeddable":true,"href":"https:\/\/peitrade.com\/tr\/wp-json\/wp\/v2\/users\/1"}],"replies":[{"embeddable":true,"href":"https:\/\/peitrade.com\/tr\/wp-json\/wp\/v2\/comments?post=5910"}],"version-history":[{"count":1,"href":"https:\/\/peitrade.com\/tr\/wp-json\/wp\/v2\/pages\/5910\/revisions"}],"predecessor-version":[{"id":5911,"href":"https:\/\/peitrade.com\/tr\/wp-json\/wp\/v2\/pages\/5910\/revisions\/5911"}],"wp:attachment":[{"href":"https:\/\/peitrade.com\/tr\/wp-json\/wp\/v2\/media?parent=5910"}],"curies":[{"name":"wp","href":"https:\/\/api.w.org\/{rel}","templated":true}]}}