{"id":5916,"date":"2025-06-16T06:42:01","date_gmt":"2025-06-16T06:42:01","guid":{"rendered":"http:\/\/46.224.74.15\/cabbage-suppliers-5\/"},"modified":"2025-11-19T16:46:50","modified_gmt":"2025-11-19T16:46:50","slug":"cabbage-suppliers-5","status":"publish","type":"page","link":"https:\/\/peitrade.com\/tr\/cabbage-suppliers-5\/","title":{"rendered":"M\u0131s\u0131r Lahanas\u0131 \u0130hracat\u0131 \u2013 G\u00fcvenilir Lahana Tedarik\u00e7ileri PEI Trade&#8217;den"},"content":{"rendered":"<section style=\"padding: 60px 20px; background-color: #f9f9f9;\">\n<div class=\"container\">\n<h1>M\u0131s\u0131r Lahanas\u0131 \u0130hracat\u0131 \u2013 G\u00fcvenilir Lahana Tedarik\u00e7ileri PEI Trade&#8217;den<\/h1>\n<p>&nbsp;<\/p>\n<p>PEI Trade, M\u0131s\u0131r\u2019\u0131n \u00f6nde gelen <strong>lahana tedarik\u00e7ileri<\/strong> aras\u0131nda yer al\u0131r ve Avrupa, Orta Do\u011fu ve Asya\u2019ya y\u00fcksek kaliteli beyaz ve k\u0131rm\u0131z\u0131 lahana ihra\u00e7 eder. Besin a\u00e7\u0131s\u0131ndan zengin topraklarda yeti\u015fen lahanalar, olgunluk d\u00f6neminde \u00f6zenle hasat edilir; ideal boyut, yo\u011funluk ve tazeli\u011fe sahip olarak toptan sat\u0131\u015f, g\u0131da i\u015fleme ve perakende sekt\u00f6rlerine uygundur.<\/p>\n<p>M\u0131s\u0131r\u2019da lider bir lahanaihracat \u015firketi olan PEI Trade, \u00e7iftlikten ambalaja ve uluslararas\u0131 g\u00f6nderime kadar t\u00fcm s\u00fcreci y\u00f6netir. G\u00fc\u00e7l\u00fc lojistik altyap\u0131s\u0131 ve uyum protokolleri sayesinde her lahanay\u00fcklemesinin uluslararas\u0131 g\u0131da g\u00fcvenli\u011fi ve fitosanitasyon standartlar\u0131na uygun oldu\u011funu garanti eder.<\/p>\n<\/div>\n<p>&nbsp;<\/p>\n<\/section>\n<div class=\"wp-block-woocommerce-product-collection\"><div class=\"woocommerce columns-4 \"><ul class=\"products columns-4\" data-products=\"type-2\">\n<li class=\"product type-product post-7719 status-publish first instock product_cat-legumes product_cat-in-season has-post-thumbnail shipping-taxable product-type-simple\">\n\t<a href=\"https:\/\/peitrade.com\/tr\/product\/kuru-beyaz-fasulye\/\" class=\"woocommerce-LoopProduct-link woocommerce-loop-product__link\"><img decoding=\"async\" width=\"300\" height=\"300\" src=\"https:\/\/peitrade.com\/wp-content\/uploads\/2025\/11\/Egyptian-White-Beans-300x300.webp\" class=\"attachment-woocommerce_thumbnail size-woocommerce_thumbnail\" alt=\"Kuru beyaz fasulye\" srcset=\"https:\/\/peitrade.com\/wp-content\/uploads\/2025\/11\/Egyptian-White-Beans-300x300.webp 300w, https:\/\/peitrade.com\/wp-content\/uploads\/2025\/11\/Egyptian-White-Beans-150x150.webp 150w, https:\/\/peitrade.com\/wp-content\/uploads\/2025\/11\/Egyptian-White-Beans-768x768.webp 768w, https:\/\/peitrade.com\/wp-content\/uploads\/2025\/11\/Egyptian-White-Beans-600x600.webp 600w, https:\/\/peitrade.com\/wp-content\/uploads\/2025\/11\/Egyptian-White-Beans-100x100.webp 100w, https:\/\/peitrade.com\/wp-content\/uploads\/2025\/11\/Egyptian-White-Beans.webp 1024w\" sizes=\"(max-width: 300px) 100vw, 300px\" title=\"\"><h2 class=\"woocommerce-loop-product__title\">Kuru beyaz fasulye<\/h2>\n<\/a><a href=\"https:\/\/peitrade.com\/tr\/product\/kuru-beyaz-fasulye\/\" aria-describedby=\"woocommerce_loop_add_to_cart_link_describedby_7719\" data-quantity=\"1\" class=\"button product_type_simple\" data-product_id=\"7719\" data-product_sku=\"70820\" aria-label=\"&ldquo;Kuru beyaz fasulye&rdquo; hakk\u0131nda daha fazla bilgi edinin\" rel=\"nofollow\" data-success_message=\"\">Devam\u0131n\u0131 oku<\/a>\t<span id=\"woocommerce_loop_add_to_cart_link_describedby_7719\" class=\"screen-reader-text\">\n\t\t\t<\/span>\n<\/li>\n<li class=\"product type-product post-7776 status-publish instock product_cat-vegetables product_cat-in-season has-post-thumbnail shipping-taxable product-type-simple\">\n\t<a href=\"https:\/\/peitrade.com\/tr\/product\/patates\/\" class=\"woocommerce-LoopProduct-link woocommerce-loop-product__link\"><img decoding=\"async\" width=\"300\" height=\"300\" src=\"https:\/\/peitrade.com\/wp-content\/uploads\/2025\/11\/Egyptian-Potatoes-300x300.webp\" class=\"attachment-woocommerce_thumbnail size-woocommerce_thumbnail\" alt=\"Patates\" srcset=\"https:\/\/peitrade.com\/wp-content\/uploads\/2025\/11\/Egyptian-Potatoes-300x300.webp 300w, https:\/\/peitrade.com\/wp-content\/uploads\/2025\/11\/Egyptian-Potatoes-150x150.webp 150w, https:\/\/peitrade.com\/wp-content\/uploads\/2025\/11\/Egyptian-Potatoes-768x768.webp 768w, https:\/\/peitrade.com\/wp-content\/uploads\/2025\/11\/Egyptian-Potatoes-600x600.webp 600w, https:\/\/peitrade.com\/wp-content\/uploads\/2025\/11\/Egyptian-Potatoes-100x100.webp 100w, https:\/\/peitrade.com\/wp-content\/uploads\/2025\/11\/Egyptian-Potatoes.webp 1024w\" sizes=\"(max-width: 300px) 100vw, 300px\" title=\"\"><h2 class=\"woocommerce-loop-product__title\">Patates<\/h2>\n<\/a><a href=\"https:\/\/peitrade.com\/tr\/product\/patates\/\" aria-describedby=\"woocommerce_loop_add_to_cart_link_describedby_7776\" data-quantity=\"1\" class=\"button product_type_simple\" data-product_id=\"7776\" data-product_sku=\"70190\" aria-label=\"&ldquo;Patates&rdquo; hakk\u0131nda daha fazla bilgi edinin\" rel=\"nofollow\" data-success_message=\"\">Devam\u0131n\u0131 oku<\/a>\t<span id=\"woocommerce_loop_add_to_cart_link_describedby_7776\" class=\"screen-reader-text\">\n\t\t\t<\/span>\n<\/li>\n<li class=\"product type-product post-7484 status-publish instock product_cat-vegetables product_cat-in-season has-post-thumbnail shipping-taxable product-type-simple\">\n\t<a href=\"https:\/\/peitrade.com\/tr\/product\/sogan\/\" class=\"woocommerce-LoopProduct-link woocommerce-loop-product__link\"><img decoding=\"async\" width=\"300\" height=\"300\" src=\"https:\/\/peitrade.com\/wp-content\/uploads\/2025\/11\/Egyption-Onion-300x300.webp\" class=\"attachment-woocommerce_thumbnail size-woocommerce_thumbnail\" alt=\"Egyption Onion - PEI Trade\" srcset=\"https:\/\/peitrade.com\/wp-content\/uploads\/2025\/11\/Egyption-Onion-300x300.webp 300w, https:\/\/peitrade.com\/wp-content\/uploads\/2025\/11\/Egyption-Onion-150x150.webp 150w, https:\/\/peitrade.com\/wp-content\/uploads\/2025\/11\/Egyption-Onion-768x768.webp 768w, https:\/\/peitrade.com\/wp-content\/uploads\/2025\/11\/Egyption-Onion-600x600.webp 600w, https:\/\/peitrade.com\/wp-content\/uploads\/2025\/11\/Egyption-Onion-100x100.webp 100w, https:\/\/peitrade.com\/wp-content\/uploads\/2025\/11\/Egyption-Onion.webp 1024w\" sizes=\"(max-width: 300px) 100vw, 300px\" title=\"\"><h2 class=\"woocommerce-loop-product__title\">So\u011fan<\/h2>\n<\/a><a href=\"https:\/\/peitrade.com\/tr\/product\/sogan\/\" aria-describedby=\"woocommerce_loop_add_to_cart_link_describedby_7484\" data-quantity=\"1\" class=\"button product_type_simple\" data-product_id=\"7484\" data-product_sku=\"70310\" aria-label=\"&ldquo;So\u011fan&rdquo; hakk\u0131nda daha fazla bilgi edinin\" rel=\"nofollow\" data-success_message=\"\">Devam\u0131n\u0131 oku<\/a>\t<span id=\"woocommerce_loop_add_to_cart_link_describedby_7484\" class=\"screen-reader-text\">\n\t\t\t<\/span>\n<\/li>\n<li class=\"product type-product post-7540 status-publish last instock product_cat-vegetables product_cat-in-season has-post-thumbnail shipping-taxable product-type-simple\">\n\t<a href=\"https:\/\/peitrade.com\/tr\/product\/taze-fasulye\/\" class=\"woocommerce-LoopProduct-link woocommerce-loop-product__link\"><img decoding=\"async\" width=\"300\" height=\"300\" src=\"https:\/\/peitrade.com\/wp-content\/uploads\/2025\/11\/Egyptian-Green-Beans-300x300.webp\" class=\"attachment-woocommerce_thumbnail size-woocommerce_thumbnail\" alt=\"Taze fasulye\" srcset=\"https:\/\/peitrade.com\/wp-content\/uploads\/2025\/11\/Egyptian-Green-Beans-300x300.webp 300w, https:\/\/peitrade.com\/wp-content\/uploads\/2025\/11\/Egyptian-Green-Beans-150x150.webp 150w, https:\/\/peitrade.com\/wp-content\/uploads\/2025\/11\/Egyptian-Green-Beans-768x768.webp 768w, https:\/\/peitrade.com\/wp-content\/uploads\/2025\/11\/Egyptian-Green-Beans-600x600.webp 600w, https:\/\/peitrade.com\/wp-content\/uploads\/2025\/11\/Egyptian-Green-Beans-100x100.webp 100w, https:\/\/peitrade.com\/wp-content\/uploads\/2025\/11\/Egyptian-Green-Beans.webp 1024w\" sizes=\"(max-width: 300px) 100vw, 300px\" title=\"\"><h2 class=\"woocommerce-loop-product__title\">Taze fasulye<\/h2>\n<\/a><a href=\"https:\/\/peitrade.com\/tr\/product\/taze-fasulye\/\" aria-describedby=\"woocommerce_loop_add_to_cart_link_describedby_7540\" data-quantity=\"1\" class=\"button product_type_simple\" data-product_id=\"7540\" data-product_sku=\"70821\" aria-label=\"&ldquo;Taze fasulye&rdquo; hakk\u0131nda daha fazla bilgi edinin\" rel=\"nofollow\" data-success_message=\"\">Devam\u0131n\u0131 oku<\/a>\t<span id=\"woocommerce_loop_add_to_cart_link_describedby_7540\" class=\"screen-reader-text\">\n\t\t\t<\/span>\n<\/li>\n<\/ul>\n<\/div><\/div>\n<section style=\"padding: 50px 20px;\">\n<div class=\"container\">\n<h2>PEI Trade\u2019in M\u0131s\u0131r Lahanas\u0131n\u0131 Neden Se\u00e7melisiniz<\/h2>\n<p><span style=\"font-weight: 400;\">M\u0131s\u0131r\u2019\u0131m\u0131zdan \u00e7\u0131kan lahanalar \u00f6ne \u00e7\u0131kar:<\/span><\/p>\n<ul>\n<li style=\"font-weight: 400;\">D\u00fczg\u00fcn, s\u0131k\u0131 yuvarlak ba\u015f yap\u0131s\u0131<\/li>\n<li style=\"font-weight: 400;\">\u00c7e\u015fidine g\u00f6re parlak ye\u015fil veya yo\u011fun k\u0131rm\u0131z\u0131 renk<\/li>\n<li style=\"font-weight: 400;\">Uzun raf \u00f6mr\u00fc ve nakliyeye dayan\u0131kl\u0131 d\u0131\u015f yapraklar<\/li>\n<li style=\"font-weight: 400;\">Taze, \u00e7\u0131t\u0131r doku ve hafif lezzet<\/li>\n<li style=\"font-weight: 400;\">Rendelenebilir, dilimlenebilir veya fermente edilebilir<\/li>\n<\/ul>\n<p><span style=\"font-weight: 400;\">S\u00f6zle\u015fmeli \u00e7iftlikler a\u011f\u0131 ile ihracat sezonu boyunca istikrarl\u0131 kalite ve tedarik sa\u011fl\u0131yoruz.<\/span><\/p>\n<h2>M\u0131s\u0131r\u2019dan Lahana \u0130hracat\u0131nda Hassas \u0130\u015flem<\/h2>\n<p><span style=\"font-weight: 400;\">Her <b>taze lahana ihracat\u0131m\u0131z<\/b>, tazeli\u011fi ve b\u00fct\u00fcnl\u00fc\u011f\u00fc korumak i\u00e7in \u00f6zenle i\u015flenir. Bir Lahana Tedarik\u00e7ileri\u00a0olarak tedarik zincirimizde \u015funlar yer al\u0131r:<\/span><\/p>\n<ul>\n<li style=\"font-weight: 400;\">Hasat \u00f6ncesinde saha kontrolleri ve olgunluk incelemeleri<\/li>\n<li style=\"font-weight: 400;\">Manuel kesim ve kaliteye g\u00f6re s\u0131n\u0131fland\u0131rma<\/li>\n<li style=\"font-weight: 400;\">Ah\u015fap kasa veya karton ambalaj se\u00e7ene\u011fi<\/li>\n<li style=\"font-weight: 400;\">So\u011fuk zincirli ta\u015f\u0131ma ve reel konteyner y\u00fcklemesi<\/li>\n<\/ul>\n<p><span style=\"font-weight: 400;\">T\u00fcm g\u00f6nderilerde tam izlenebilirlik ve ihracat belgelerini sa\u011flayarak g\u00fcvenle teslimat sunar\u0131z.<\/span><\/p>\n<h2>M\u0131s\u0131r\u2019da Lahana Hasat Sezonu<\/h2>\n<p><span style=\"font-weight: 400;\">Hasat sezonu <b>Aral\u0131k\u2013Nisan<\/b> d\u00f6neminde ger\u00e7ekle\u015fir. AB sezonundan \u00f6nce tedarik avantaj\u0131 sa\u011flar. MRL uyumlu kalite standartlar\u0131m\u0131za dikkat ederiz.<\/span><br \/>\n<span style=\"font-weight: 400;\">So\u011fuk depo ve erken rezervasyon se\u00e7enekleri de mevcuttur.<\/span><\/p>\n<h3>\u0130hra\u00e7 Edilen Lahanan\u0131n Kullan\u0131m Alanlar\u0131<\/h3>\n<p><span style=\"font-weight: 400;\">M\u0131s\u0131r lahana ihracat\u0131 \u00e7ok \u00e7e\u015fitli ama\u00e7lara uygundur:<\/span><\/p>\n<ul>\n<li><b>Perakende<\/b>: Market ve a\u00e7\u0131k pazarlar i\u00e7in paketlenmi\u015f lahanalar<\/li>\n<li><b>G\u0131da End\u00fcstrisi<\/b>: Salata, coleslaw, doldurma ve d\u00fcr\u00fcm gibi \u00fcr\u00fcnlerde kullan\u0131l\u0131r<\/li>\n<li><b>\u0130\u015fleme<\/b>: Rendelenmi\u015f, fermente edilmi\u015f (\u00f6rne\u011fin tur\u015fu) veya dondurulmu\u015f<\/li>\n<li><b>Toptan Sat\u0131\u015f<\/b>: \u0130thalat\u00e7\u0131lar ve g\u0131da tedarik\u00e7ilerine toptan da\u011f\u0131t\u0131m<\/li>\n<\/ul>\n<h3>\u0130hracat Hedef \u00dclkeler<\/h3>\n<p><span style=\"font-weight: 400;\">Bir\u00e7ok <strong>lahana tedarik\u00e7ileri<\/strong> aras\u0131nda PEI Trade, \u015fu \u00fclkelerde aktif olarak faaliyet g\u00f6stermektedir:<\/span><\/p>\n<ul>\n<li>Almanya, Polonya, Hollanda, Birle\u015fik Krall\u0131k<\/li>\n<li>Suudi Arabistan, BAE, Kuveyt, \u00dcrd\u00fcn<\/li>\n<li>Kuzey Afrika ve Do\u011fu Avrupa<\/li>\n<li>G\u00fcneydo\u011fu Asya belirli pazarlari<\/li>\n<\/ul>\n<p><span style=\"font-weight: 400;\">Karma y\u00fcklemeler ve tam konteyner \u00e7\u00f6z\u00fcmleri sunuyoruz; tazelik ve uyumluluk garantilidir.<\/span><\/p>\n<h2>Di\u011fer \u0130hra\u00e7 \u00dcr\u00fcnlerimiz<\/h2>\n<p><span style=\"font-weight: 400;\">Lahanan\u0131n yan\u0131 s\u0131ra PEI Trade a\u015fa\u011f\u0131daki \u00fcr\u00fcnleri de sunar:<\/span><\/p>\n<ul>\n<li><b>M\u0131s\u0131r Marul<\/b>: Iceberg ve Roma t\u00fcrleri<\/li>\n<li><b>M\u0131s\u0131r Karnabahar<\/b>: S\u0131k, export s\u0131n\u0131f\u0131<\/li>\n<li><b>M\u0131s\u0131r Brokoli<\/b>: Kompakt ba\u015flar, uzun raf \u00f6mr\u00fc<\/li>\n<\/ul>\n<h2><b>Ambalaj Se\u00e7enekleri<\/b><\/h2>\n<p><span style=\"font-weight: 400;\">Uzun mesafeli ta\u015f\u0131maya uygun ambalajlar\u0131m\u0131z:<\/span><\/p>\n<ul>\n<li>Ah\u015fap kasa veya teleskopik karton<\/li>\n<li>Toptan palet ambalaj\u0131<\/li>\n<li>\u00d6zel marka ve \u00e7ok dilli etiket<\/li>\n<li>AB ve K\u00f6rfez standartlar\u0131na uygun ambalajlar<\/li>\n<\/ul>\n<p><span style=\"font-weight: 400;\">T\u00fcm ambalaj formatlar\u0131 istek \u00fczerine \u00f6zelle\u015ftirilebilir ve sevkiyat \u00f6ncesi kontrol edilebilir.<\/span><\/p>\n<\/div>\n<\/section>\n<section style=\"padding: 50px 20px; background-color: #f0f0f0;\">\n<div class=\"container\">\n<h2>PEI Trade ile \u0130\u015fbirli\u011fi \u2013 M\u0131s\u0131r\u2019\u0131n \u00d6nde Gelen Lahana Tedarik\u00e7ileri<\/h2>\n<p>PEI Trade, y\u00fcksek kaliteli lahanay\u0131 g\u00fcvenilir ambalaj, etkili lojistik ve tam izlenebilirlikle sunar. Hem perakende hem toptan ihtiya\u00e7lar\u0131n\u0131za ideal \u00e7\u00f6z\u00fcmler sa\u011fl\u0131yoruz.<\/p>\n<h2>Fiyat Teklifi veya G\u00f6nderi Plan\u0131 Talep Edin<\/h2>\n<p>Fiyat, \u00fcr\u00fcn detaylar\u0131 ve sezon planlamas\u0131 i\u00e7in bizimle ileti\u015fime ge\u00e7in. Ekibimiz h\u0131zl\u0131 yan\u0131t ve esnek lojistik \u00e7\u00f6z\u00fcmlerle hizmetinizde.<\/p>\n<p style=\"text-align: center; margin-top: 40px;\"><a href=\"https:\/\/peitrade.com\/tr\/contact-us\/\" target=\"_blank\" rel=\"noopener\">\u015eimdi Sipari\u015f Verin<\/a><\/p>\n<\/div>\n<\/section>\n<section style=\"padding: 50px 20px;\">\n<div class=\"container\">\n<h2>PEI Trade\u2019in Taze \u00dcr\u00fcn Portf\u00f6y\u00fc<\/h2>\n<p>&nbsp;<\/p>\n<p>Lahanan\u0131n yan\u0131 s\u0131ra M\u0131s\u0131r\u2019dan muz, patates, nar ve turun\u00e7giller ihra\u00e7 ediyoruz. <a href=\"https:\/\/peitrade.com\/tr\/shop\/\" target=\"_blank\" rel=\"noopener\">Katalogumuzu ke\u015ffetmek i\u00e7in t\u0131klay\u0131n<\/a>.<\/p>\n<div class=\"wp-block-woocommerce-product-collection\"><div class=\"woocommerce columns-4 \"><ul class=\"products columns-4\" data-products=\"type-2\">\n<li class=\"product type-product post-7360 status-publish first instock product_cat-vegetables has-post-thumbnail shipping-taxable product-type-simple\">\n\t<a href=\"https:\/\/peitrade.com\/tr\/product\/domates\/\" class=\"woocommerce-LoopProduct-link woocommerce-loop-product__link\"><img decoding=\"async\" width=\"300\" height=\"300\" src=\"https:\/\/peitrade.com\/wp-content\/uploads\/2025\/11\/Egyptian-Tomatoes-300x300.webp\" class=\"attachment-woocommerce_thumbnail size-woocommerce_thumbnail\" alt=\"Domates\" srcset=\"https:\/\/peitrade.com\/wp-content\/uploads\/2025\/11\/Egyptian-Tomatoes-300x300.webp 300w, https:\/\/peitrade.com\/wp-content\/uploads\/2025\/11\/Egyptian-Tomatoes-150x150.webp 150w, https:\/\/peitrade.com\/wp-content\/uploads\/2025\/11\/Egyptian-Tomatoes-768x768.webp 768w, https:\/\/peitrade.com\/wp-content\/uploads\/2025\/11\/Egyptian-Tomatoes-600x600.webp 600w, https:\/\/peitrade.com\/wp-content\/uploads\/2025\/11\/Egyptian-Tomatoes-100x100.webp 100w, https:\/\/peitrade.com\/wp-content\/uploads\/2025\/11\/Egyptian-Tomatoes.webp 1024w\" sizes=\"(max-width: 300px) 100vw, 300px\" title=\"\"><h2 class=\"woocommerce-loop-product__title\">Domates<\/h2>\n<\/a><a href=\"https:\/\/peitrade.com\/tr\/product\/domates\/\" aria-describedby=\"woocommerce_loop_add_to_cart_link_describedby_7360\" data-quantity=\"1\" class=\"button product_type_simple\" data-product_id=\"7360\" data-product_sku=\"70200\" aria-label=\"&ldquo;Domates&rdquo; hakk\u0131nda daha fazla bilgi edinin\" rel=\"nofollow\" data-success_message=\"\">Devam\u0131n\u0131 oku<\/a>\t<span id=\"woocommerce_loop_add_to_cart_link_describedby_7360\" class=\"screen-reader-text\">\n\t\t\t<\/span>\n<\/li>\n<li class=\"product type-product post-7776 status-publish instock product_cat-vegetables product_cat-in-season has-post-thumbnail shipping-taxable product-type-simple\">\n\t<a href=\"https:\/\/peitrade.com\/tr\/product\/patates\/\" class=\"woocommerce-LoopProduct-link woocommerce-loop-product__link\"><img decoding=\"async\" width=\"300\" height=\"300\" src=\"https:\/\/peitrade.com\/wp-content\/uploads\/2025\/11\/Egyptian-Potatoes-300x300.webp\" class=\"attachment-woocommerce_thumbnail size-woocommerce_thumbnail\" alt=\"Patates\" srcset=\"https:\/\/peitrade.com\/wp-content\/uploads\/2025\/11\/Egyptian-Potatoes-300x300.webp 300w, https:\/\/peitrade.com\/wp-content\/uploads\/2025\/11\/Egyptian-Potatoes-150x150.webp 150w, https:\/\/peitrade.com\/wp-content\/uploads\/2025\/11\/Egyptian-Potatoes-768x768.webp 768w, https:\/\/peitrade.com\/wp-content\/uploads\/2025\/11\/Egyptian-Potatoes-600x600.webp 600w, https:\/\/peitrade.com\/wp-content\/uploads\/2025\/11\/Egyptian-Potatoes-100x100.webp 100w, https:\/\/peitrade.com\/wp-content\/uploads\/2025\/11\/Egyptian-Potatoes.webp 1024w\" sizes=\"(max-width: 300px) 100vw, 300px\" title=\"\"><h2 class=\"woocommerce-loop-product__title\">Patates<\/h2>\n<\/a><a href=\"https:\/\/peitrade.com\/tr\/product\/patates\/\" aria-describedby=\"woocommerce_loop_add_to_cart_link_describedby_7776\" data-quantity=\"1\" class=\"button product_type_simple\" data-product_id=\"7776\" data-product_sku=\"70190\" aria-label=\"&ldquo;Patates&rdquo; hakk\u0131nda daha fazla bilgi edinin\" rel=\"nofollow\" data-success_message=\"\">Devam\u0131n\u0131 oku<\/a>\t<span id=\"woocommerce_loop_add_to_cart_link_describedby_7776\" class=\"screen-reader-text\">\n\t\t\t<\/span>\n<\/li>\n<li class=\"product type-product post-7376 status-publish instock product_cat-vegetables product_cat-in-season has-post-thumbnail shipping-taxable product-type-simple\">\n\t<a href=\"https:\/\/peitrade.com\/tr\/product\/sarimsak\/\" class=\"woocommerce-LoopProduct-link woocommerce-loop-product__link\"><img decoding=\"async\" width=\"300\" height=\"300\" src=\"https:\/\/peitrade.com\/wp-content\/uploads\/2025\/11\/Egyptian-Garlic-300x300.webp\" class=\"attachment-woocommerce_thumbnail size-woocommerce_thumbnail\" alt=\"Sar\u0131msak\" srcset=\"https:\/\/peitrade.com\/wp-content\/uploads\/2025\/11\/Egyptian-Garlic-300x300.webp 300w, https:\/\/peitrade.com\/wp-content\/uploads\/2025\/11\/Egyptian-Garlic-150x150.webp 150w, https:\/\/peitrade.com\/wp-content\/uploads\/2025\/11\/Egyptian-Garlic-768x768.webp 768w, https:\/\/peitrade.com\/wp-content\/uploads\/2025\/11\/Egyptian-Garlic-600x600.webp 600w, https:\/\/peitrade.com\/wp-content\/uploads\/2025\/11\/Egyptian-Garlic-100x100.webp 100w, https:\/\/peitrade.com\/wp-content\/uploads\/2025\/11\/Egyptian-Garlic.webp 1024w\" sizes=\"(max-width: 300px) 100vw, 300px\" title=\"\"><h2 class=\"woocommerce-loop-product__title\">Sar\u0131msak<\/h2>\n<\/a><a href=\"https:\/\/peitrade.com\/tr\/product\/sarimsak\/\" aria-describedby=\"woocommerce_loop_add_to_cart_link_describedby_7376\" data-quantity=\"1\" class=\"button product_type_simple\" data-product_id=\"7376\" data-product_sku=\"70320\" aria-label=\"&ldquo;Sar\u0131msak&rdquo; hakk\u0131nda daha fazla bilgi edinin\" rel=\"nofollow\" data-success_message=\"\">Devam\u0131n\u0131 oku<\/a>\t<span id=\"woocommerce_loop_add_to_cart_link_describedby_7376\" class=\"screen-reader-text\">\n\t\t\t<\/span>\n<\/li>\n<li class=\"product type-product post-7796 status-publish last instock product_cat-vegetables product_cat-in-season has-post-thumbnail shipping-taxable product-type-simple\">\n\t<a href=\"https:\/\/peitrade.com\/tr\/product\/tatli-patates\/\" class=\"woocommerce-LoopProduct-link woocommerce-loop-product__link\"><img decoding=\"async\" width=\"300\" height=\"300\" src=\"https:\/\/peitrade.com\/wp-content\/uploads\/2025\/11\/Egyptian-Sweet-Potatoes-300x300.webp\" class=\"attachment-woocommerce_thumbnail size-woocommerce_thumbnail\" alt=\"Egyptian Sweet Potatoes - PEI Trade\" srcset=\"https:\/\/peitrade.com\/wp-content\/uploads\/2025\/11\/Egyptian-Sweet-Potatoes-300x300.webp 300w, https:\/\/peitrade.com\/wp-content\/uploads\/2025\/11\/Egyptian-Sweet-Potatoes-150x150.webp 150w, https:\/\/peitrade.com\/wp-content\/uploads\/2025\/11\/Egyptian-Sweet-Potatoes-768x768.webp 768w, https:\/\/peitrade.com\/wp-content\/uploads\/2025\/11\/Egyptian-Sweet-Potatoes-600x600.webp 600w, https:\/\/peitrade.com\/wp-content\/uploads\/2025\/11\/Egyptian-Sweet-Potatoes-100x100.webp 100w, https:\/\/peitrade.com\/wp-content\/uploads\/2025\/11\/Egyptian-Sweet-Potatoes.webp 1024w\" sizes=\"(max-width: 300px) 100vw, 300px\" title=\"\"><h2 class=\"woocommerce-loop-product__title\">Tatl\u0131 patates<\/h2>\n<\/a><a href=\"https:\/\/peitrade.com\/tr\/product\/tatli-patates\/\" aria-describedby=\"woocommerce_loop_add_to_cart_link_describedby_7796\" data-quantity=\"1\" class=\"button product_type_simple\" data-product_id=\"7796\" data-product_sku=\"71420\" aria-label=\"&ldquo;Tatl\u0131 patates&rdquo; hakk\u0131nda daha fazla bilgi edinin\" rel=\"nofollow\" data-success_message=\"\">Devam\u0131n\u0131 oku<\/a>\t<span id=\"woocommerce_loop_add_to_cart_link_describedby_7796\" class=\"screen-reader-text\">\n\t\t\t<\/span>\n<\/li>\n<\/ul>\n<\/div><\/div>\n<\/div>\n<\/section>\n<section style=\"padding: 50px 20px; background-color: #f9f9f9;\">\n<div class=\"container\">\n<h2>S\u0131k\u00e7a Sorulan Sorular<\/h2>\n<h3>M\u0131s\u0131r lahana ihracat sezonu ne zaman?<\/h3>\n<p>Aral\u0131k ile Nisan aras\u0131d\u0131r, Ocak\u2013\u015eubat en yo\u011fun d\u00f6nemdir.<\/p>\n<h3>Hangi a\u011f\u0131rl\u0131klar mevcut?<\/h3>\n<p>Tipik olarak 1,5\u20133,5 kg aras\u0131 kafalar sunulmaktad\u0131r.<\/p>\n<h3>Beyaz ve k\u0131rm\u0131z\u0131 lahana var m\u0131?<\/h3>\n<p>Evet, her iki \u00e7e\u015fit ayr\u0131 veya karma konteynerde sunulur.<\/p>\n<h3>\u00d6zel etiketleme hizmetiniz var m\u0131?<\/h3>\n<p>Evet, \u00e7ok dilli ve \u00f6zel marka etiketleme sa\u011fl\u0131yoruz, hacme ba\u011fl\u0131 olarak.<\/p>\n<\/div>\n<\/section>\n","protected":false},"excerpt":{"rendered":"<p>M\u0131s\u0131r Lahanas\u0131 \u0130hracat\u0131 \u2013 G\u00fcvenilir Lahana Tedarik\u00e7ileri PEI Trade&#8217;den &nbsp; PEI Trade, M\u0131s\u0131r\u2019\u0131n \u00f6nde gelen lahana tedarik\u00e7ileri aras\u0131nda yer al\u0131r ve Avrupa, Orta Do\u011fu ve Asya\u2019ya y\u00fcksek kaliteli beyaz ve k\u0131rm\u0131z\u0131 lahana ihra\u00e7 eder. Besin a\u00e7\u0131s\u0131ndan zengin topraklarda yeti\u015fen lahanalar, olgunluk d\u00f6neminde \u00f6zenle hasat edilir; ideal boyut, yo\u011funluk ve tazeli\u011fe sahip olarak toptan sat\u0131\u015f, g\u0131da [&hellip;]<\/p>\n","protected":false},"author":1,"featured_media":0,"parent":0,"menu_order":0,"comment_status":"closed","ping_status":"closed","template":"","meta":{"footnotes":""},"class_list":["post-5916","page","type-page","status-publish","hentry"],"blocksy_meta":[],"mb":[],"featured_image_urls_v2":{"full":"","thumbnail":"","medium":"","medium_large":"","large":"","1536x1536":"","2048x2048":"","woocommerce_archive_thumbnail":"","woocommerce_thumbnail":"","woocommerce_single":"","woocommerce_gallery_thumbnail":""},"post_excerpt_stackable_v2":"<p>M\u0131s\u0131r Lahanas\u0131 \u0130hracat\u0131 \u2013 G\u00fcvenilir Lahana Tedarik\u00e7ileri PEI Trade&#8217;den &nbsp; PEI Trade, M\u0131s\u0131r\u2019\u0131n \u00f6nde gelen lahana tedarik\u00e7ileri aras\u0131nda yer al\u0131r ve Avrupa, Orta Do\u011fu ve Asya\u2019ya y\u00fcksek kaliteli beyaz ve k\u0131rm\u0131z\u0131 lahana ihra\u00e7 eder. Besin a\u00e7\u0131s\u0131ndan zengin topraklarda yeti\u015fen lahanalar, olgunluk d\u00f6neminde \u00f6zenle hasat edilir; ideal boyut, yo\u011funluk ve tazeli\u011fe sahip olarak toptan sat\u0131\u015f, g\u0131da i\u015fleme ve perakende sekt\u00f6rlerine uygundur. M\u0131s\u0131r\u2019da lider bir lahanaihracat \u015firketi olan PEI Trade, \u00e7iftlikten ambalaja ve uluslararas\u0131 g\u00f6nderime kadar t\u00fcm s\u00fcreci y\u00f6netir. G\u00fc\u00e7l\u00fc lojistik altyap\u0131s\u0131 ve uyum protokolleri sayesinde her lahanay\u00fcklemesinin uluslararas\u0131 g\u0131da g\u00fcvenli\u011fi ve fitosanitasyon standartlar\u0131na uygun oldu\u011funu garanti eder. &nbsp; Kuru beyaz fasulye&hellip;<\/p>\n","category_list_v2":"","author_info_v2":{"name":"Mostafa Sabry","url":"https:\/\/peitrade.com\/tr\/author\/emostafaadel_jn8gcqbo\/"},"comments_num_v2":"0 comments","mfb_rest_fields":["title","blocksy_meta","featured_image_urls_v2","post_excerpt_stackable_v2","category_list_v2","author_info_v2","comments_num_v2"],"_links":{"self":[{"href":"https:\/\/peitrade.com\/tr\/wp-json\/wp\/v2\/pages\/5916","targetHints":{"allow":["GET"]}}],"collection":[{"href":"https:\/\/peitrade.com\/tr\/wp-json\/wp\/v2\/pages"}],"about":[{"href":"https:\/\/peitrade.com\/tr\/wp-json\/wp\/v2\/types\/page"}],"author":[{"embeddable":true,"href":"https:\/\/peitrade.com\/tr\/wp-json\/wp\/v2\/users\/1"}],"replies":[{"embeddable":true,"href":"https:\/\/peitrade.com\/tr\/wp-json\/wp\/v2\/comments?post=5916"}],"version-history":[{"count":1,"href":"https:\/\/peitrade.com\/tr\/wp-json\/wp\/v2\/pages\/5916\/revisions"}],"predecessor-version":[{"id":5917,"href":"https:\/\/peitrade.com\/tr\/wp-json\/wp\/v2\/pages\/5916\/revisions\/5917"}],"wp:attachment":[{"href":"https:\/\/peitrade.com\/tr\/wp-json\/wp\/v2\/media?parent=5916"}],"curies":[{"name":"wp","href":"https:\/\/api.w.org\/{rel}","templated":true}]}}