{"id":5932,"date":"2025-06-16T08:01:38","date_gmt":"2025-06-16T08:01:38","guid":{"rendered":"http:\/\/46.224.74.15\/bulk-cabbage-for-sale-5\/"},"modified":"2025-11-19T16:46:54","modified_gmt":"2025-11-19T16:46:54","slug":"bulk-cabbage-for-sale-5","status":"publish","type":"page","link":"https:\/\/peitrade.com\/tr\/bulk-cabbage-for-sale-5\/","title":{"rendered":"Toplu Lahana Sat\u0131\u015f\u0131 \u2013 Premium M\u0131s\u0131r Lahanas\u0131 PEI Trade\u2019den"},"content":{"rendered":"<section style=\"padding: 60px 20px; background-color: #f9f9f9;\">\n<div class=\"container\">\n<h1>Toplu Lahana Sat\u0131\u015f\u0131 \u2013 Premium M\u0131s\u0131r Lahanas\u0131 PEI Trade\u2019den<\/h1>\n<p>&nbsp;<\/p>\n<p>G\u00fcvenilir <strong>toplu lahana sat\u0131\u015f\u0131<\/strong> kaynaklar\u0131 m\u0131 ar\u0131yorsunuz? PEI Trade, beyaz ve k\u0131rm\u0131z\u0131 M\u0131s\u0131r lahanas\u0131n\u0131 Avrupa, K\u00f6rfez ve Asya\u2019ya toptan sunan g\u00fcvenilir tedarik\u00e7inizdir. M\u0131s\u0131r&#8217;\u0131n verimli topraklar\u0131nda yeti\u015fen lahanam\u0131z, ideal boy ve gevreklik ile uzun raf \u00f6mr\u00fc sunar.<\/p>\n<p>Biz, s\u00fcpermarketler, i\u015fleyiciler ve toptanc\u0131lar i\u00e7in b\u00fcy\u00fck hacimli lahana tedarikinde uzman\u0131z. PEI Trade, her g\u00f6nderimin s\u0131k\u0131 ihracat ve g\u0131da g\u00fcvenli\u011fi standartlar\u0131na uygun olmas\u0131n\u0131 sa\u011flar.<\/p>\n<\/div>\n<p>&nbsp;<\/p>\n<\/section>\n<div class=\"wp-block-woocommerce-product-collection\"><div class=\"woocommerce columns-4 \"><ul class=\"products columns-4\" data-products=\"type-2\">\n<li class=\"product type-product post-7719 status-publish first instock product_cat-legumes product_cat-in-season has-post-thumbnail shipping-taxable product-type-simple\">\n\t<a href=\"https:\/\/peitrade.com\/tr\/product\/kuru-beyaz-fasulye\/\" class=\"woocommerce-LoopProduct-link woocommerce-loop-product__link\"><img decoding=\"async\" width=\"300\" height=\"300\" src=\"https:\/\/peitrade.com\/wp-content\/uploads\/2025\/11\/Egyptian-White-Beans-300x300.webp\" class=\"attachment-woocommerce_thumbnail size-woocommerce_thumbnail\" alt=\"Kuru beyaz fasulye\" srcset=\"https:\/\/peitrade.com\/wp-content\/uploads\/2025\/11\/Egyptian-White-Beans-300x300.webp 300w, https:\/\/peitrade.com\/wp-content\/uploads\/2025\/11\/Egyptian-White-Beans-150x150.webp 150w, https:\/\/peitrade.com\/wp-content\/uploads\/2025\/11\/Egyptian-White-Beans-768x768.webp 768w, https:\/\/peitrade.com\/wp-content\/uploads\/2025\/11\/Egyptian-White-Beans-600x600.webp 600w, https:\/\/peitrade.com\/wp-content\/uploads\/2025\/11\/Egyptian-White-Beans-100x100.webp 100w, https:\/\/peitrade.com\/wp-content\/uploads\/2025\/11\/Egyptian-White-Beans.webp 1024w\" sizes=\"(max-width: 300px) 100vw, 300px\" title=\"\"><h2 class=\"woocommerce-loop-product__title\">Kuru beyaz fasulye<\/h2>\n<\/a><a href=\"https:\/\/peitrade.com\/tr\/product\/kuru-beyaz-fasulye\/\" aria-describedby=\"woocommerce_loop_add_to_cart_link_describedby_7719\" data-quantity=\"1\" class=\"button product_type_simple\" data-product_id=\"7719\" data-product_sku=\"70820\" aria-label=\"&ldquo;Kuru beyaz fasulye&rdquo; hakk\u0131nda daha fazla bilgi edinin\" rel=\"nofollow\" data-success_message=\"\">Devam\u0131n\u0131 oku<\/a>\t<span id=\"woocommerce_loop_add_to_cart_link_describedby_7719\" class=\"screen-reader-text\">\n\t\t\t<\/span>\n<\/li>\n<li class=\"product type-product post-7776 status-publish instock product_cat-vegetables product_cat-in-season has-post-thumbnail shipping-taxable product-type-simple\">\n\t<a href=\"https:\/\/peitrade.com\/tr\/product\/patates\/\" class=\"woocommerce-LoopProduct-link woocommerce-loop-product__link\"><img decoding=\"async\" width=\"300\" height=\"300\" src=\"https:\/\/peitrade.com\/wp-content\/uploads\/2025\/11\/Egyptian-Potatoes-300x300.webp\" class=\"attachment-woocommerce_thumbnail size-woocommerce_thumbnail\" alt=\"Patates\" srcset=\"https:\/\/peitrade.com\/wp-content\/uploads\/2025\/11\/Egyptian-Potatoes-300x300.webp 300w, https:\/\/peitrade.com\/wp-content\/uploads\/2025\/11\/Egyptian-Potatoes-150x150.webp 150w, https:\/\/peitrade.com\/wp-content\/uploads\/2025\/11\/Egyptian-Potatoes-768x768.webp 768w, https:\/\/peitrade.com\/wp-content\/uploads\/2025\/11\/Egyptian-Potatoes-600x600.webp 600w, https:\/\/peitrade.com\/wp-content\/uploads\/2025\/11\/Egyptian-Potatoes-100x100.webp 100w, https:\/\/peitrade.com\/wp-content\/uploads\/2025\/11\/Egyptian-Potatoes.webp 1024w\" sizes=\"(max-width: 300px) 100vw, 300px\" title=\"\"><h2 class=\"woocommerce-loop-product__title\">Patates<\/h2>\n<\/a><a href=\"https:\/\/peitrade.com\/tr\/product\/patates\/\" aria-describedby=\"woocommerce_loop_add_to_cart_link_describedby_7776\" data-quantity=\"1\" class=\"button product_type_simple\" data-product_id=\"7776\" data-product_sku=\"70190\" aria-label=\"&ldquo;Patates&rdquo; hakk\u0131nda daha fazla bilgi edinin\" rel=\"nofollow\" data-success_message=\"\">Devam\u0131n\u0131 oku<\/a>\t<span id=\"woocommerce_loop_add_to_cart_link_describedby_7776\" class=\"screen-reader-text\">\n\t\t\t<\/span>\n<\/li>\n<li class=\"product type-product post-7484 status-publish instock product_cat-vegetables product_cat-in-season has-post-thumbnail shipping-taxable product-type-simple\">\n\t<a href=\"https:\/\/peitrade.com\/tr\/product\/sogan\/\" class=\"woocommerce-LoopProduct-link woocommerce-loop-product__link\"><img decoding=\"async\" width=\"300\" height=\"300\" src=\"https:\/\/peitrade.com\/wp-content\/uploads\/2025\/11\/Egyption-Onion-300x300.webp\" class=\"attachment-woocommerce_thumbnail size-woocommerce_thumbnail\" alt=\"Egyption Onion - PEI Trade\" srcset=\"https:\/\/peitrade.com\/wp-content\/uploads\/2025\/11\/Egyption-Onion-300x300.webp 300w, https:\/\/peitrade.com\/wp-content\/uploads\/2025\/11\/Egyption-Onion-150x150.webp 150w, https:\/\/peitrade.com\/wp-content\/uploads\/2025\/11\/Egyption-Onion-768x768.webp 768w, https:\/\/peitrade.com\/wp-content\/uploads\/2025\/11\/Egyption-Onion-600x600.webp 600w, https:\/\/peitrade.com\/wp-content\/uploads\/2025\/11\/Egyption-Onion-100x100.webp 100w, https:\/\/peitrade.com\/wp-content\/uploads\/2025\/11\/Egyption-Onion.webp 1024w\" sizes=\"(max-width: 300px) 100vw, 300px\" title=\"\"><h2 class=\"woocommerce-loop-product__title\">So\u011fan<\/h2>\n<\/a><a href=\"https:\/\/peitrade.com\/tr\/product\/sogan\/\" aria-describedby=\"woocommerce_loop_add_to_cart_link_describedby_7484\" data-quantity=\"1\" class=\"button product_type_simple\" data-product_id=\"7484\" data-product_sku=\"70310\" aria-label=\"&ldquo;So\u011fan&rdquo; hakk\u0131nda daha fazla bilgi edinin\" rel=\"nofollow\" data-success_message=\"\">Devam\u0131n\u0131 oku<\/a>\t<span id=\"woocommerce_loop_add_to_cart_link_describedby_7484\" class=\"screen-reader-text\">\n\t\t\t<\/span>\n<\/li>\n<li class=\"product type-product post-7540 status-publish last instock product_cat-vegetables product_cat-in-season has-post-thumbnail shipping-taxable product-type-simple\">\n\t<a href=\"https:\/\/peitrade.com\/tr\/product\/taze-fasulye\/\" class=\"woocommerce-LoopProduct-link woocommerce-loop-product__link\"><img decoding=\"async\" width=\"300\" height=\"300\" src=\"https:\/\/peitrade.com\/wp-content\/uploads\/2025\/11\/Egyptian-Green-Beans-300x300.webp\" class=\"attachment-woocommerce_thumbnail size-woocommerce_thumbnail\" alt=\"Taze fasulye\" srcset=\"https:\/\/peitrade.com\/wp-content\/uploads\/2025\/11\/Egyptian-Green-Beans-300x300.webp 300w, https:\/\/peitrade.com\/wp-content\/uploads\/2025\/11\/Egyptian-Green-Beans-150x150.webp 150w, https:\/\/peitrade.com\/wp-content\/uploads\/2025\/11\/Egyptian-Green-Beans-768x768.webp 768w, https:\/\/peitrade.com\/wp-content\/uploads\/2025\/11\/Egyptian-Green-Beans-600x600.webp 600w, https:\/\/peitrade.com\/wp-content\/uploads\/2025\/11\/Egyptian-Green-Beans-100x100.webp 100w, https:\/\/peitrade.com\/wp-content\/uploads\/2025\/11\/Egyptian-Green-Beans.webp 1024w\" sizes=\"(max-width: 300px) 100vw, 300px\" title=\"\"><h2 class=\"woocommerce-loop-product__title\">Taze fasulye<\/h2>\n<\/a><a href=\"https:\/\/peitrade.com\/tr\/product\/taze-fasulye\/\" aria-describedby=\"woocommerce_loop_add_to_cart_link_describedby_7540\" data-quantity=\"1\" class=\"button product_type_simple\" data-product_id=\"7540\" data-product_sku=\"70821\" aria-label=\"&ldquo;Taze fasulye&rdquo; hakk\u0131nda daha fazla bilgi edinin\" rel=\"nofollow\" data-success_message=\"\">Devam\u0131n\u0131 oku<\/a>\t<span id=\"woocommerce_loop_add_to_cart_link_describedby_7540\" class=\"screen-reader-text\">\n\t\t\t<\/span>\n<\/li>\n<\/ul>\n<\/div><\/div>\n<section style=\"padding: 50px 20px;\">\n<div class=\"container\">\n<h2>PEI Trade\u2019den Neden Toplu Lahana Almal\u0131s\u0131n\u0131z?<\/h2>\n<p>M\u0131s\u0131r\u2019\u0131n \u00f6nde gelen lahana ihracat\u00e7\u0131s\u0131 olarak lahana \u00e7e\u015fitlerimiz \u015fu avantajlara sahiptir:<\/p>\n<ul>\n<li style=\"font-weight: 400;\">S\u0131k\u0131 yap\u0131l\u0131, tutarl\u0131 boyutlu ve sa\u011flam ba\u015fl\u0131klar<\/li>\n<li style=\"font-weight: 400;\">Beyaz ve k\u0131rm\u0131z\u0131 lahana se\u00e7enekleri<\/li>\n<li style=\"font-weight: 400;\">Darbeye dayan\u0131kl\u0131 \u2013 uzun mesafeli ta\u015f\u0131maya uygun<\/li>\n<li style=\"font-weight: 400;\">Taze lezzet ve canl\u0131 renk \u2013 perakende ve i\u015flemeye ideal<\/li>\n<li style=\"font-weight: 400;\">Dilme, rendeleme, fermente etme veya pi\u015firmeye haz\u0131r<\/li>\n<\/ul>\n<p><span style=\"font-weight: 400;\">Sezon boyunca y\u00fcksek kalite sa\u011flamak i\u00e7in sertifikal\u0131 \u00e7ift\u00e7ilerle i\u015f birli\u011fi yap\u0131yoruz.<\/span><\/p>\n<h2>M\u0131s\u0131r\u2019dan Toplu Lahana \u0130hracat\u0131 \u0130\u015flemleri<\/h2>\n<p>PEI Trade\u2019i tercih ederek \u015fu avantajlar\u0131 elde edersiniz:<\/p>\n<ul>\n<li style=\"font-weight: 400;\">Hasat \u00f6ncesi \u00fcr\u00fcn olgunlu\u011fu kontrolleri<\/li>\n<li style=\"font-weight: 400;\">E\u015fitlik ve kaliteye g\u00f6re elle se\u00e7ilmesi<\/li>\n<li style=\"font-weight: 400;\">Havaland\u0131rmal\u0131 \u00f6zel sand\u0131klarda paketleme<\/li>\n<li style=\"font-weight: 400;\">So\u011fuk zincir lojistik ve so\u011futmal\u0131 konteyner y\u00fcklemesi<\/li>\n<\/ul>\n<p>Detayl\u0131 dok\u00fcmantasyon ve izlenebilirlik ile lahana taze ve standartlara uygun \u015fekilde ula\u015f\u0131r.<\/p>\n<h2>Toplu Lahana Sat\u0131\u015f\u0131 \u0130\u00e7in Mevsimsel Durum<\/h2>\n<p><span style=\"font-weight: 400;\">M\u0131s\u0131r\u2019da lahanan\u0131n ihracat mevsimi Aral\u0131k\u2013Nisan aras\u0131ndad\u0131r. Erken hasat, Avrupa sezonu \u00f6ncesi avantaj sa\u011flar.Uzun d\u00f6nem ihtiya\u00e7lar i\u00e7in so\u011fuk deposu se\u00e7eneklerimiz mevcuttur.<\/span><\/p>\n<h3>Toplu Lahanan\u0131n Kullan\u0131m Alanlar\u0131<\/h3>\n<p><span style=\"font-weight: 400;\">M\u0131s\u0131r lahanam\u0131z \u015funlar i\u00e7in uygundur:<\/span><\/p>\n<ul>\n<li><b>S\u00fcpermarketler<\/b>: T\u00fcketiciye taze sunum<\/li>\n<li><b>Yiyecek Servis<\/b>: Sarmalar, salatalar ve garnit\u00fcrler i\u00e7in<\/li>\n<li><b>\u0130\u015fleme Tesisleri<\/b>: Sauerkraut, dondurma veya tur\u015fu i\u00e7in ideal<\/li>\n<li><b>Toptan Ticaret<\/b>: Da\u011f\u0131t\u0131c\u0131lar i\u00e7in toplu konteyner g\u00f6nderimleri<\/li>\n<\/ul>\n<h3>\u0130hracat Noktalar\u0131 ve Kapasite<\/h3>\n<p><span style=\"font-weight: 400;\">PEI Trade, <strong>toplu lahana sat\u0131\u015f\u0131<\/strong> ile \u015fu b\u00f6lgelere sevkiyat yapar:<\/span><\/p>\n<ul>\n<li>Almanya, Hollanda, Polonya ve Birle\u015fik Krall\u0131k<\/li>\n<li>Suudi Arabistan, BAE, \u00dcrd\u00fcn ve Kuveyt<\/li>\n<li>Kuzey Afrika ve Do\u011fu Avrupa<\/li>\n<li>G\u00fcneydo\u011fu Asya\u2019daki geli\u015fen pazarlar<\/li>\n<\/ul>\n<p><span style=\"font-weight: 400;\">Tam konteyner veya karma y\u00fck se\u00e7enekleri ve esnek lojistik sa\u011flan\u0131r.<\/span><\/p>\n<h2>\u0130hracata Uygun Di\u011fer M\u0131s\u0131r Sebzeleri<\/h2>\n<p>PEI Trade ayr\u0131ca \u015fu \u00fcr\u00fcnleri de sunar:<\/p>\n<ul>\n<li><b>M\u0131s\u0131r Brokolisi<\/b>: Yo\u011fun annaflar ve kaliteli paketleme<\/li>\n<li><b>M\u0131s\u0131r Marulu<\/b>: Uluslararas\u0131 pazara uygun gevrek \u00e7e\u015fitler<\/li>\n<li><b>M\u0131s\u0131r Karn\u0131bahar\u0131<\/b>: Beyaz ba\u015fl\u0131klar ve kesilmi\u015f \u00e7i\u00e7ekleriyle<\/li>\n<\/ul>\n<p><span style=\"font-weight: 400;\">Toptan, perakende ve i\u015fleme m\u00fc\u015fterilerine global \u00e7\u00f6z\u00fcmler sunuyoruz.<\/span><\/p>\n<h2><b>Toplu Lahana Sat\u0131\u015f\u0131 \u0130\u00e7in Paketleme Se\u00e7enekleri<\/b><\/h2>\n<p><span style=\"font-weight: 400;\">D\u0131\u015fa haz\u0131r <strong>toplu lahana sat\u0131\u015f\u0131<\/strong> paketlemeyi g\u00fcvenli \u015fekilde sa\u011fl\u0131yoruz:<\/span><\/p>\n<ul>\n<li>Teleskopik veya ah\u015fap sand\u0131klar<\/li>\n<li>Toplu paletler veya b\u00fcy\u00fck konteynerler<\/li>\n<li>\u00d6zel etiketleme ve \u00e7ok dilli sticker\u2019lar<\/li>\n<li>AB ve K\u00f6rfez standartlar\u0131na uygun paketleme<\/li>\n<\/ul>\n<p><span style=\"font-weight: 400;\">M\u00fc\u015fteri isteklerine g\u00f6re \u00f6zelle\u015ftirilir.<\/span><\/p>\n<\/div>\n<\/section>\n<section style=\"padding: 50px 20px; background-color: #f0f0f0;\">\n<div class=\"container\">\n<h2>PEI Trade ile Ortakl\u0131k \u2013 Toplu Lahana Sat\u0131\u015f\u0131 Uzmanlar\u0131<\/h2>\n<p><strong>Toplu lahana sat\u0131\u015f\u0131<\/strong> ar\u0131yorsan\u0131z, PEI Trade \u00e7iftlikten limana kadar tam hizmet, kat\u0131 kalite kontrol ve ihracat uyumu sunar.<\/p>\n<p>Lojistik ekibimiz, h\u0131zl\u0131, g\u00fcvenli ve taze lahana teslimat\u0131 sa\u011flar.<\/p>\n<h2>Bug\u00fcn \u00d6zel Teklif Al\u0131n<\/h2>\n<p>Fiyat, stok durumu ve paketleme detaylar\u0131 i\u00e7in bizimle ileti\u015fime ge\u00e7in. <strong>Toplu lahana sat\u0131\u015f\u0131<\/strong> sipari\u015finize h\u0131zl\u0131 d\u00f6n\u00fc\u015f sa\u011fl\u0131yoruz.<\/p>\n<p style=\"text-align: center; margin-top: 40px;\"><a href=\"https:\/\/peitrade.com\/tr\/contact-us\/\">Teklif Al\u0131n<\/a><\/p>\n<\/div>\n<\/section>\n<section style=\"padding: 50px 20px;\">\n<div class=\"container\">\n<h2>PEI Trade\u2019den Di\u011fer Taze \u00dcr\u00fcnler<\/h2>\n<p>&nbsp;<\/p>\n<p><strong>Toplu lahana sat\u0131\u015f\u0131<\/strong> d\u0131\u015f\u0131nda, PEI Trade M\u0131s\u0131r\u2019dan patates, narenciye, \u00fcz\u00fcm ve nar gibi taze meyve ve sebzeler de ihra\u00e7 eder. <a href=\"https:\/\/peitrade.com\/tr\/shop\/\" target=\"_blank\" rel=\"noopener\">Tam katalogumuzu inceleyin<\/a>.<\/p>\n<div class=\"wp-block-woocommerce-product-collection\"><div class=\"woocommerce columns-4 \"><ul class=\"products columns-4\" data-products=\"type-2\">\n<li class=\"product type-product post-7360 status-publish first instock product_cat-vegetables has-post-thumbnail shipping-taxable product-type-simple\">\n\t<a href=\"https:\/\/peitrade.com\/tr\/product\/domates\/\" class=\"woocommerce-LoopProduct-link woocommerce-loop-product__link\"><img decoding=\"async\" width=\"300\" height=\"300\" src=\"https:\/\/peitrade.com\/wp-content\/uploads\/2025\/11\/Egyptian-Tomatoes-300x300.webp\" class=\"attachment-woocommerce_thumbnail size-woocommerce_thumbnail\" alt=\"Domates\" srcset=\"https:\/\/peitrade.com\/wp-content\/uploads\/2025\/11\/Egyptian-Tomatoes-300x300.webp 300w, https:\/\/peitrade.com\/wp-content\/uploads\/2025\/11\/Egyptian-Tomatoes-150x150.webp 150w, https:\/\/peitrade.com\/wp-content\/uploads\/2025\/11\/Egyptian-Tomatoes-768x768.webp 768w, https:\/\/peitrade.com\/wp-content\/uploads\/2025\/11\/Egyptian-Tomatoes-600x600.webp 600w, https:\/\/peitrade.com\/wp-content\/uploads\/2025\/11\/Egyptian-Tomatoes-100x100.webp 100w, https:\/\/peitrade.com\/wp-content\/uploads\/2025\/11\/Egyptian-Tomatoes.webp 1024w\" sizes=\"(max-width: 300px) 100vw, 300px\" title=\"\"><h2 class=\"woocommerce-loop-product__title\">Domates<\/h2>\n<\/a><a href=\"https:\/\/peitrade.com\/tr\/product\/domates\/\" aria-describedby=\"woocommerce_loop_add_to_cart_link_describedby_7360\" data-quantity=\"1\" class=\"button product_type_simple\" data-product_id=\"7360\" data-product_sku=\"70200\" aria-label=\"&ldquo;Domates&rdquo; hakk\u0131nda daha fazla bilgi edinin\" rel=\"nofollow\" data-success_message=\"\">Devam\u0131n\u0131 oku<\/a>\t<span id=\"woocommerce_loop_add_to_cart_link_describedby_7360\" class=\"screen-reader-text\">\n\t\t\t<\/span>\n<\/li>\n<li class=\"product type-product post-7776 status-publish instock product_cat-vegetables product_cat-in-season has-post-thumbnail shipping-taxable product-type-simple\">\n\t<a href=\"https:\/\/peitrade.com\/tr\/product\/patates\/\" class=\"woocommerce-LoopProduct-link woocommerce-loop-product__link\"><img decoding=\"async\" width=\"300\" height=\"300\" src=\"https:\/\/peitrade.com\/wp-content\/uploads\/2025\/11\/Egyptian-Potatoes-300x300.webp\" class=\"attachment-woocommerce_thumbnail size-woocommerce_thumbnail\" alt=\"Patates\" srcset=\"https:\/\/peitrade.com\/wp-content\/uploads\/2025\/11\/Egyptian-Potatoes-300x300.webp 300w, https:\/\/peitrade.com\/wp-content\/uploads\/2025\/11\/Egyptian-Potatoes-150x150.webp 150w, https:\/\/peitrade.com\/wp-content\/uploads\/2025\/11\/Egyptian-Potatoes-768x768.webp 768w, https:\/\/peitrade.com\/wp-content\/uploads\/2025\/11\/Egyptian-Potatoes-600x600.webp 600w, https:\/\/peitrade.com\/wp-content\/uploads\/2025\/11\/Egyptian-Potatoes-100x100.webp 100w, https:\/\/peitrade.com\/wp-content\/uploads\/2025\/11\/Egyptian-Potatoes.webp 1024w\" sizes=\"(max-width: 300px) 100vw, 300px\" title=\"\"><h2 class=\"woocommerce-loop-product__title\">Patates<\/h2>\n<\/a><a href=\"https:\/\/peitrade.com\/tr\/product\/patates\/\" aria-describedby=\"woocommerce_loop_add_to_cart_link_describedby_7776\" data-quantity=\"1\" class=\"button product_type_simple\" data-product_id=\"7776\" data-product_sku=\"70190\" aria-label=\"&ldquo;Patates&rdquo; hakk\u0131nda daha fazla bilgi edinin\" rel=\"nofollow\" data-success_message=\"\">Devam\u0131n\u0131 oku<\/a>\t<span id=\"woocommerce_loop_add_to_cart_link_describedby_7776\" class=\"screen-reader-text\">\n\t\t\t<\/span>\n<\/li>\n<li class=\"product type-product post-7376 status-publish instock product_cat-vegetables product_cat-in-season has-post-thumbnail shipping-taxable product-type-simple\">\n\t<a href=\"https:\/\/peitrade.com\/tr\/product\/sarimsak\/\" class=\"woocommerce-LoopProduct-link woocommerce-loop-product__link\"><img decoding=\"async\" width=\"300\" height=\"300\" src=\"https:\/\/peitrade.com\/wp-content\/uploads\/2025\/11\/Egyptian-Garlic-300x300.webp\" class=\"attachment-woocommerce_thumbnail size-woocommerce_thumbnail\" alt=\"Sar\u0131msak\" srcset=\"https:\/\/peitrade.com\/wp-content\/uploads\/2025\/11\/Egyptian-Garlic-300x300.webp 300w, https:\/\/peitrade.com\/wp-content\/uploads\/2025\/11\/Egyptian-Garlic-150x150.webp 150w, https:\/\/peitrade.com\/wp-content\/uploads\/2025\/11\/Egyptian-Garlic-768x768.webp 768w, https:\/\/peitrade.com\/wp-content\/uploads\/2025\/11\/Egyptian-Garlic-600x600.webp 600w, https:\/\/peitrade.com\/wp-content\/uploads\/2025\/11\/Egyptian-Garlic-100x100.webp 100w, https:\/\/peitrade.com\/wp-content\/uploads\/2025\/11\/Egyptian-Garlic.webp 1024w\" sizes=\"(max-width: 300px) 100vw, 300px\" title=\"\"><h2 class=\"woocommerce-loop-product__title\">Sar\u0131msak<\/h2>\n<\/a><a href=\"https:\/\/peitrade.com\/tr\/product\/sarimsak\/\" aria-describedby=\"woocommerce_loop_add_to_cart_link_describedby_7376\" data-quantity=\"1\" class=\"button product_type_simple\" data-product_id=\"7376\" data-product_sku=\"70320\" aria-label=\"&ldquo;Sar\u0131msak&rdquo; hakk\u0131nda daha fazla bilgi edinin\" rel=\"nofollow\" data-success_message=\"\">Devam\u0131n\u0131 oku<\/a>\t<span id=\"woocommerce_loop_add_to_cart_link_describedby_7376\" class=\"screen-reader-text\">\n\t\t\t<\/span>\n<\/li>\n<li class=\"product type-product post-7796 status-publish last instock product_cat-vegetables product_cat-in-season has-post-thumbnail shipping-taxable product-type-simple\">\n\t<a href=\"https:\/\/peitrade.com\/tr\/product\/tatli-patates\/\" class=\"woocommerce-LoopProduct-link woocommerce-loop-product__link\"><img decoding=\"async\" width=\"300\" height=\"300\" src=\"https:\/\/peitrade.com\/wp-content\/uploads\/2025\/11\/Egyptian-Sweet-Potatoes-300x300.webp\" class=\"attachment-woocommerce_thumbnail size-woocommerce_thumbnail\" alt=\"Egyptian Sweet Potatoes - PEI Trade\" srcset=\"https:\/\/peitrade.com\/wp-content\/uploads\/2025\/11\/Egyptian-Sweet-Potatoes-300x300.webp 300w, https:\/\/peitrade.com\/wp-content\/uploads\/2025\/11\/Egyptian-Sweet-Potatoes-150x150.webp 150w, https:\/\/peitrade.com\/wp-content\/uploads\/2025\/11\/Egyptian-Sweet-Potatoes-768x768.webp 768w, https:\/\/peitrade.com\/wp-content\/uploads\/2025\/11\/Egyptian-Sweet-Potatoes-600x600.webp 600w, https:\/\/peitrade.com\/wp-content\/uploads\/2025\/11\/Egyptian-Sweet-Potatoes-100x100.webp 100w, https:\/\/peitrade.com\/wp-content\/uploads\/2025\/11\/Egyptian-Sweet-Potatoes.webp 1024w\" sizes=\"(max-width: 300px) 100vw, 300px\" title=\"\"><h2 class=\"woocommerce-loop-product__title\">Tatl\u0131 patates<\/h2>\n<\/a><a href=\"https:\/\/peitrade.com\/tr\/product\/tatli-patates\/\" aria-describedby=\"woocommerce_loop_add_to_cart_link_describedby_7796\" data-quantity=\"1\" class=\"button product_type_simple\" data-product_id=\"7796\" data-product_sku=\"71420\" aria-label=\"&ldquo;Tatl\u0131 patates&rdquo; hakk\u0131nda daha fazla bilgi edinin\" rel=\"nofollow\" data-success_message=\"\">Devam\u0131n\u0131 oku<\/a>\t<span id=\"woocommerce_loop_add_to_cart_link_describedby_7796\" class=\"screen-reader-text\">\n\t\t\t<\/span>\n<\/li>\n<\/ul>\n<\/div><\/div>\n<\/div>\n<\/section>\n<section style=\"padding: 50px 20px; background-color: #f9f9f9;\">\n<div class=\"container\">\n<h2>SSS<\/h2>\n<h2>Lahana ne zaman ihracata haz\u0131r?<\/h2>\n<p>Aral\u0131k\u2019tan Nisan\u2019a kadar tedarik sa\u011flar, Ocak ve \u015eubat\u2019ta zirve ya\u015fan\u0131r.<\/p>\n<h3>Beyaz ve k\u0131rm\u0131z\u0131 lahana sunuyor musunuz?<\/h3>\n<p>Evet. K\u0131rm\u0131z\u0131, beyaz veya karma <strong>toplu lahana sat\u0131\u015f\u0131<\/strong> se\u00e7enekleri mevcuttur.<\/p>\n<h3>Tipik lahanan\u0131n a\u011f\u0131rl\u0131\u011f\u0131 nedir?<\/h3>\n<p>1,5\u20133,5\u202fkg aras\u0131nda ba\u015fl\u0131klar sunuyoruz; m\u00fc\u015fteri taleplerine g\u00f6re s\u0131n\u0131fland\u0131r\u0131l\u0131r.<\/p>\n<h3>Markam\u0131z\u0131n etiketi uygulanabilir mi?<\/h3>\n<p>Elbette. <strong>Toplu lahana sat\u0131\u015f\u0131<\/strong> i\u00e7in \u00f6zel etiketleme ve \u00e7ok dilli sticker\u2019lar sa\u011flanabilir.<\/p>\n<\/div>\n<\/section>\n","protected":false},"excerpt":{"rendered":"<p>Toplu Lahana Sat\u0131\u015f\u0131 \u2013 Premium M\u0131s\u0131r Lahanas\u0131 PEI Trade\u2019den &nbsp; G\u00fcvenilir toplu lahana sat\u0131\u015f\u0131 kaynaklar\u0131 m\u0131 ar\u0131yorsunuz? PEI Trade, beyaz ve k\u0131rm\u0131z\u0131 M\u0131s\u0131r lahanas\u0131n\u0131 Avrupa, K\u00f6rfez ve Asya\u2019ya toptan sunan g\u00fcvenilir tedarik\u00e7inizdir. M\u0131s\u0131r&#8217;\u0131n verimli topraklar\u0131nda yeti\u015fen lahanam\u0131z, ideal boy ve gevreklik ile uzun raf \u00f6mr\u00fc sunar. Biz, s\u00fcpermarketler, i\u015fleyiciler ve toptanc\u0131lar i\u00e7in b\u00fcy\u00fck hacimli lahana [&hellip;]<\/p>\n","protected":false},"author":1,"featured_media":0,"parent":0,"menu_order":0,"comment_status":"closed","ping_status":"closed","template":"","meta":{"footnotes":""},"class_list":["post-5932","page","type-page","status-publish","hentry"],"blocksy_meta":[],"mb":[],"featured_image_urls_v2":{"full":"","thumbnail":"","medium":"","medium_large":"","large":"","1536x1536":"","2048x2048":"","woocommerce_archive_thumbnail":"","woocommerce_thumbnail":"","woocommerce_single":"","woocommerce_gallery_thumbnail":""},"post_excerpt_stackable_v2":"<p>Toplu Lahana Sat\u0131\u015f\u0131 \u2013 Premium M\u0131s\u0131r Lahanas\u0131 PEI Trade\u2019den &nbsp; G\u00fcvenilir toplu lahana sat\u0131\u015f\u0131 kaynaklar\u0131 m\u0131 ar\u0131yorsunuz? PEI Trade, beyaz ve k\u0131rm\u0131z\u0131 M\u0131s\u0131r lahanas\u0131n\u0131 Avrupa, K\u00f6rfez ve Asya\u2019ya toptan sunan g\u00fcvenilir tedarik\u00e7inizdir. M\u0131s\u0131r&#8217;\u0131n verimli topraklar\u0131nda yeti\u015fen lahanam\u0131z, ideal boy ve gevreklik ile uzun raf \u00f6mr\u00fc sunar. Biz, s\u00fcpermarketler, i\u015fleyiciler ve toptanc\u0131lar i\u00e7in b\u00fcy\u00fck hacimli lahana tedarikinde uzman\u0131z. PEI Trade, her g\u00f6nderimin s\u0131k\u0131 ihracat ve g\u0131da g\u00fcvenli\u011fi standartlar\u0131na uygun olmas\u0131n\u0131 sa\u011flar. &nbsp; Kuru beyaz fasulye Devam\u0131n\u0131 oku Patates Devam\u0131n\u0131 oku So\u011fan Devam\u0131n\u0131 oku Taze fasulye Devam\u0131n\u0131 oku PEI Trade\u2019den Neden Toplu Lahana Almal\u0131s\u0131n\u0131z? M\u0131s\u0131r\u2019\u0131n \u00f6nde gelen lahana ihracat\u00e7\u0131s\u0131 olarak lahana \u00e7e\u015fitlerimiz&hellip;<\/p>\n","category_list_v2":"","author_info_v2":{"name":"Mostafa Sabry","url":"https:\/\/peitrade.com\/tr\/author\/emostafaadel_jn8gcqbo\/"},"comments_num_v2":"0 comments","mfb_rest_fields":["title","blocksy_meta","featured_image_urls_v2","post_excerpt_stackable_v2","category_list_v2","author_info_v2","comments_num_v2"],"_links":{"self":[{"href":"https:\/\/peitrade.com\/tr\/wp-json\/wp\/v2\/pages\/5932","targetHints":{"allow":["GET"]}}],"collection":[{"href":"https:\/\/peitrade.com\/tr\/wp-json\/wp\/v2\/pages"}],"about":[{"href":"https:\/\/peitrade.com\/tr\/wp-json\/wp\/v2\/types\/page"}],"author":[{"embeddable":true,"href":"https:\/\/peitrade.com\/tr\/wp-json\/wp\/v2\/users\/1"}],"replies":[{"embeddable":true,"href":"https:\/\/peitrade.com\/tr\/wp-json\/wp\/v2\/comments?post=5932"}],"version-history":[{"count":1,"href":"https:\/\/peitrade.com\/tr\/wp-json\/wp\/v2\/pages\/5932\/revisions"}],"predecessor-version":[{"id":5933,"href":"https:\/\/peitrade.com\/tr\/wp-json\/wp\/v2\/pages\/5932\/revisions\/5933"}],"wp:attachment":[{"href":"https:\/\/peitrade.com\/tr\/wp-json\/wp\/v2\/media?parent=5932"}],"curies":[{"name":"wp","href":"https:\/\/api.w.org\/{rel}","templated":true}]}}