{"id":5934,"date":"2025-06-16T08:12:10","date_gmt":"2025-06-16T08:12:10","guid":{"rendered":"http:\/\/46.224.74.15\/salatalik-tedarikcisi\/"},"modified":"2025-11-19T16:46:54","modified_gmt":"2025-11-19T16:46:54","slug":"salatalik-tedarikcisi","status":"publish","type":"page","link":"https:\/\/peitrade.com\/tr\/salatalik-tedarikcisi\/","title":{"rendered":"G\u00fcvenilir M\u0131s\u0131r Salatal\u0131k Tedarik\u00e7isi | PEI Trade"},"content":{"rendered":"<section style=\"padding: 60px 20px; background-color: #f9f9f9;\">\n<div class=\"container\">\n<h1>G\u00fcvenilir M\u0131s\u0131r Salatal\u0131k Tedarik\u00e7isi \u2013 PEI Trade\u2019den Taze \u0130hracat<\/h1>\n<p>PEI Trade, M\u0131s\u0131r\u2019\u0131n en g\u00fcvenilir salatal\u0131k tedarik\u00e7ilerinden biridir. Nitelikli topraklarda ve ideal iklim ko\u015fullar\u0131nda yeti\u015ftirilen \u00e7iftlikten taze salatal\u0131klar sunuyoruz. Salatal\u0131klar\u0131m\u0131z, k\u00fcresel ithalat standartlar\u0131na uygun, tutarl\u0131 boyut, renk ve lezzet sa\u011flayan \u00f6zenle se\u00e7ilmi\u015f b\u00f6lgelerde yeti\u015ftirilmektedir.<\/p>\n<\/div>\n<\/section>\n<div class=\"wp-block-woocommerce-product-collection\"><div class=\"woocommerce columns-4 \"><ul class=\"products columns-4\" data-products=\"type-2\">\n<li class=\"product type-product post-7719 status-publish first instock product_cat-legumes product_cat-in-season has-post-thumbnail shipping-taxable product-type-simple\">\n\t<a href=\"https:\/\/peitrade.com\/tr\/product\/kuru-beyaz-fasulye\/\" class=\"woocommerce-LoopProduct-link woocommerce-loop-product__link\"><img decoding=\"async\" width=\"300\" height=\"300\" src=\"https:\/\/peitrade.com\/wp-content\/uploads\/2025\/11\/Egyptian-White-Beans-300x300.webp\" class=\"attachment-woocommerce_thumbnail size-woocommerce_thumbnail\" alt=\"Kuru beyaz fasulye\" srcset=\"https:\/\/peitrade.com\/wp-content\/uploads\/2025\/11\/Egyptian-White-Beans-300x300.webp 300w, https:\/\/peitrade.com\/wp-content\/uploads\/2025\/11\/Egyptian-White-Beans-150x150.webp 150w, https:\/\/peitrade.com\/wp-content\/uploads\/2025\/11\/Egyptian-White-Beans-768x768.webp 768w, https:\/\/peitrade.com\/wp-content\/uploads\/2025\/11\/Egyptian-White-Beans-600x600.webp 600w, https:\/\/peitrade.com\/wp-content\/uploads\/2025\/11\/Egyptian-White-Beans-100x100.webp 100w, https:\/\/peitrade.com\/wp-content\/uploads\/2025\/11\/Egyptian-White-Beans.webp 1024w\" sizes=\"(max-width: 300px) 100vw, 300px\" title=\"\"><h2 class=\"woocommerce-loop-product__title\">Kuru beyaz fasulye<\/h2>\n<\/a><a href=\"https:\/\/peitrade.com\/tr\/product\/kuru-beyaz-fasulye\/\" aria-describedby=\"woocommerce_loop_add_to_cart_link_describedby_7719\" data-quantity=\"1\" class=\"button product_type_simple\" data-product_id=\"7719\" data-product_sku=\"70820\" aria-label=\"&ldquo;Kuru beyaz fasulye&rdquo; hakk\u0131nda daha fazla bilgi edinin\" rel=\"nofollow\" data-success_message=\"\">Devam\u0131n\u0131 oku<\/a>\t<span id=\"woocommerce_loop_add_to_cart_link_describedby_7719\" class=\"screen-reader-text\">\n\t\t\t<\/span>\n<\/li>\n<li class=\"product type-product post-7776 status-publish instock product_cat-vegetables product_cat-in-season has-post-thumbnail shipping-taxable product-type-simple\">\n\t<a href=\"https:\/\/peitrade.com\/tr\/product\/patates\/\" class=\"woocommerce-LoopProduct-link woocommerce-loop-product__link\"><img decoding=\"async\" width=\"300\" height=\"300\" src=\"https:\/\/peitrade.com\/wp-content\/uploads\/2025\/11\/Egyptian-Potatoes-300x300.webp\" class=\"attachment-woocommerce_thumbnail size-woocommerce_thumbnail\" alt=\"Patates\" srcset=\"https:\/\/peitrade.com\/wp-content\/uploads\/2025\/11\/Egyptian-Potatoes-300x300.webp 300w, https:\/\/peitrade.com\/wp-content\/uploads\/2025\/11\/Egyptian-Potatoes-150x150.webp 150w, https:\/\/peitrade.com\/wp-content\/uploads\/2025\/11\/Egyptian-Potatoes-768x768.webp 768w, https:\/\/peitrade.com\/wp-content\/uploads\/2025\/11\/Egyptian-Potatoes-600x600.webp 600w, https:\/\/peitrade.com\/wp-content\/uploads\/2025\/11\/Egyptian-Potatoes-100x100.webp 100w, https:\/\/peitrade.com\/wp-content\/uploads\/2025\/11\/Egyptian-Potatoes.webp 1024w\" sizes=\"(max-width: 300px) 100vw, 300px\" title=\"\"><h2 class=\"woocommerce-loop-product__title\">Patates<\/h2>\n<\/a><a href=\"https:\/\/peitrade.com\/tr\/product\/patates\/\" aria-describedby=\"woocommerce_loop_add_to_cart_link_describedby_7776\" data-quantity=\"1\" class=\"button product_type_simple\" data-product_id=\"7776\" data-product_sku=\"70190\" aria-label=\"&ldquo;Patates&rdquo; hakk\u0131nda daha fazla bilgi edinin\" rel=\"nofollow\" data-success_message=\"\">Devam\u0131n\u0131 oku<\/a>\t<span id=\"woocommerce_loop_add_to_cart_link_describedby_7776\" class=\"screen-reader-text\">\n\t\t\t<\/span>\n<\/li>\n<li class=\"product type-product post-7484 status-publish instock product_cat-vegetables product_cat-in-season has-post-thumbnail shipping-taxable product-type-simple\">\n\t<a href=\"https:\/\/peitrade.com\/tr\/product\/sogan\/\" class=\"woocommerce-LoopProduct-link woocommerce-loop-product__link\"><img decoding=\"async\" width=\"300\" height=\"300\" src=\"https:\/\/peitrade.com\/wp-content\/uploads\/2025\/11\/Egyption-Onion-300x300.webp\" class=\"attachment-woocommerce_thumbnail size-woocommerce_thumbnail\" alt=\"Egyption Onion - PEI Trade\" srcset=\"https:\/\/peitrade.com\/wp-content\/uploads\/2025\/11\/Egyption-Onion-300x300.webp 300w, https:\/\/peitrade.com\/wp-content\/uploads\/2025\/11\/Egyption-Onion-150x150.webp 150w, https:\/\/peitrade.com\/wp-content\/uploads\/2025\/11\/Egyption-Onion-768x768.webp 768w, https:\/\/peitrade.com\/wp-content\/uploads\/2025\/11\/Egyption-Onion-600x600.webp 600w, https:\/\/peitrade.com\/wp-content\/uploads\/2025\/11\/Egyption-Onion-100x100.webp 100w, https:\/\/peitrade.com\/wp-content\/uploads\/2025\/11\/Egyption-Onion.webp 1024w\" sizes=\"(max-width: 300px) 100vw, 300px\" title=\"\"><h2 class=\"woocommerce-loop-product__title\">So\u011fan<\/h2>\n<\/a><a href=\"https:\/\/peitrade.com\/tr\/product\/sogan\/\" aria-describedby=\"woocommerce_loop_add_to_cart_link_describedby_7484\" data-quantity=\"1\" class=\"button product_type_simple\" data-product_id=\"7484\" data-product_sku=\"70310\" aria-label=\"&ldquo;So\u011fan&rdquo; hakk\u0131nda daha fazla bilgi edinin\" rel=\"nofollow\" data-success_message=\"\">Devam\u0131n\u0131 oku<\/a>\t<span id=\"woocommerce_loop_add_to_cart_link_describedby_7484\" class=\"screen-reader-text\">\n\t\t\t<\/span>\n<\/li>\n<li class=\"product type-product post-7540 status-publish last instock product_cat-vegetables product_cat-in-season has-post-thumbnail shipping-taxable product-type-simple\">\n\t<a href=\"https:\/\/peitrade.com\/tr\/product\/taze-fasulye\/\" class=\"woocommerce-LoopProduct-link woocommerce-loop-product__link\"><img decoding=\"async\" width=\"300\" height=\"300\" src=\"https:\/\/peitrade.com\/wp-content\/uploads\/2025\/11\/Egyptian-Green-Beans-300x300.webp\" class=\"attachment-woocommerce_thumbnail size-woocommerce_thumbnail\" alt=\"Taze fasulye\" srcset=\"https:\/\/peitrade.com\/wp-content\/uploads\/2025\/11\/Egyptian-Green-Beans-300x300.webp 300w, https:\/\/peitrade.com\/wp-content\/uploads\/2025\/11\/Egyptian-Green-Beans-150x150.webp 150w, https:\/\/peitrade.com\/wp-content\/uploads\/2025\/11\/Egyptian-Green-Beans-768x768.webp 768w, https:\/\/peitrade.com\/wp-content\/uploads\/2025\/11\/Egyptian-Green-Beans-600x600.webp 600w, https:\/\/peitrade.com\/wp-content\/uploads\/2025\/11\/Egyptian-Green-Beans-100x100.webp 100w, https:\/\/peitrade.com\/wp-content\/uploads\/2025\/11\/Egyptian-Green-Beans.webp 1024w\" sizes=\"(max-width: 300px) 100vw, 300px\" title=\"\"><h2 class=\"woocommerce-loop-product__title\">Taze fasulye<\/h2>\n<\/a><a href=\"https:\/\/peitrade.com\/tr\/product\/taze-fasulye\/\" aria-describedby=\"woocommerce_loop_add_to_cart_link_describedby_7540\" data-quantity=\"1\" class=\"button product_type_simple\" data-product_id=\"7540\" data-product_sku=\"70821\" aria-label=\"&ldquo;Taze fasulye&rdquo; hakk\u0131nda daha fazla bilgi edinin\" rel=\"nofollow\" data-success_message=\"\">Devam\u0131n\u0131 oku<\/a>\t<span id=\"woocommerce_loop_add_to_cart_link_describedby_7540\" class=\"screen-reader-text\">\n\t\t\t<\/span>\n<\/li>\n<\/ul>\n<\/div><\/div>\n<section style=\"padding: 50px 20px;\">\n<h2>Neden PEI Trade\u2019i Salatal\u0131k Tedarik\u00e7isi Olarak Se\u00e7melisiniz?<\/h2>\n<p>Salatal\u0131klar\u0131m\u0131z, y\u00fcksek ihracat kalitesi, \u00e7ekici g\u00f6r\u00fcn\u00fcm\u00fc ve raf \u00f6mr\u00fc ile \u00f6ne \u00e7\u0131kmaktad\u0131r. M\u0131s\u0131r\u2019\u0131n verimli Delta ve Yukar\u0131 M\u0131s\u0131r b\u00f6lgelerindeki sertifikal\u0131 \u00e7iftliklerle \u00e7al\u0131\u015farak, optimum mahsul sa\u011fl\u0131\u011f\u0131 ve zaman\u0131nda hasat garantisi veriyoruz.<\/p>\n<h2>PEI Trade\u2019in Taze Salatal\u0131k \u0130hracat S\u00fcreci<\/h2>\n<p>PEI Trade, M\u0131s\u0131r\u2019da lider salatal\u0131k tedarik\u00e7isidir ve t\u00fcm tedarik zincirini titizlikle y\u00f6netir:<\/p>\n<ul>\n<li>Sertifikal\u0131 salatal\u0131k \u00fcreticileriyle g\u00fc\u00e7l\u00fc \u00e7iftlik ortakl\u0131klar\u0131<\/li>\n<li>Salatal\u0131klar\u0131n tazeli\u011fini korumak i\u00e7in tarladan paketleme tesisine kadar so\u011fuk zincir y\u00f6netimi<\/li>\n<li>\u0130hracat standartlar\u0131na uygun boyutland\u0131rma ve s\u0131n\u0131fland\u0131rma<\/li>\n<li>Toptan veya perakende da\u011f\u0131t\u0131m i\u00e7in esnek ambalaj se\u00e7enekleri<\/li>\n<li>Tam izlenebilirlik sa\u011flayan, s\u0131cakl\u0131k kontroll\u00fc nakliye<\/li>\n<li>\u00d6zel belgelendirme ve ithalat y\u00f6netmeliklerine tam uyum<\/li>\n<\/ul>\n<p>M\u00fc\u015fterilerimiz, hem AB hem de K\u00f6rfez \u00fclkeleri ithalat gereksinimlerini kar\u015f\u0131layan, temiz ve tutarl\u0131 salatal\u0131k g\u00f6nderilerimiz \u00fczerinde g\u00fcven duymaktad\u0131r.<\/p>\n<h2>M\u0131s\u0131r Salatal\u0131klar\u0131n\u0131n Kullan\u0131m Alanlar\u0131<\/h2>\n<p>M\u0131s\u0131r salatal\u0131klar\u0131, \u00e7\u0131t\u0131r dokusu ve hafif lezzeti ile, perakende, yiyecek servisi, i\u015flenmi\u015f g\u0131da ve toptan sat\u0131\u015f gibi farkl\u0131 pazarlarda tercih edilmektedir:<\/p>\n<ul>\n<li>Perakende: Buzdolab\u0131 reyonlar\u0131 ve taze sebze b\u00f6l\u00fcmleri i\u00e7in paketli veya gev\u015fek salatal\u0131klar<\/li>\n<li>Yiyecek Servisi: Salatalar, sandvi\u00e7ler, so\u011fuk yemekler ve garnit\u00fcr olarak<\/li>\n<li>\u0130\u015flenmi\u015f G\u0131da: Dilimleme, tur\u015fu yapma veya haz\u0131r sebze olarak paketleme<\/li>\n<li>Toptan Sat\u0131\u015f: B\u00f6lgesel veya ulusal da\u011f\u0131t\u0131m i\u00e7in yeniden paketlenen b\u00fcy\u00fck partiler<\/li>\n<li>\u0130hracat Programlar\u0131: Mevsimsel uzun vadeli s\u00f6zle\u015fmeler<\/li>\n<\/ul>\n<p>PEI Trade, pazar ihtiya\u00e7lar\u0131n\u0131za g\u00f6re tamamen \u00f6zelle\u015ftirilmi\u015f ambalaj, etiketleme ve lojistik \u00e7\u00f6z\u00fcmleri sunmaktad\u0131r.<\/p>\n<\/section>\n<section style=\"padding: 50px 20px; background-color: #f0f0f0;\">\n<div class=\"container\">\n<h2>Meyus Mevsimi<\/h2>\n<p data-start=\"761\" data-end=\"1054\">M\u0131s\u0131r salatal\u0131klar\u0131 neredeyse y\u0131l boyunca ihracata uygundur ve hasat\u0131n zirvesi \u015eubat ile May\u0131s aylar\u0131 aras\u0131ndad\u0131r. M\u0131s\u0131rl\u0131 salatal\u0131k tedarik\u00e7isinin tedarik program\u0131, k\u00fcresel talep d\u00f6ng\u00fcleriyle uyumludur ve rakiplerin k\u0131tl\u0131k ya\u015fad\u0131\u011f\u0131 d\u00f6nemlerde b\u00fcy\u00fck miktarda salatal\u0131k tedarikini garanti eder.<\/p>\n<h2>Bug\u00fcn M\u0131s\u0131r\u2019dan Toptan Salatal\u0131k Sipari\u015fi Verin<\/h2>\n<p>Da\u011f\u0131t\u0131c\u0131lar, toptanc\u0131lar ve ithalat\u00e7\u0131lar, g\u00fcvenilir hacimler, rekabet\u00e7i fiyatlar ve m\u00fckemmel hizmet i\u00e7in PEI Trade\u2019e g\u00fcvenebilir. Mevsimsel tedarik durumu, ambalaj formatlar\u0131 ve fiyat se\u00e7enekleri hakk\u0131nda bilgi almak i\u00e7in ekibimizle ileti\u015fime ge\u00e7in.<\/p>\n<p style=\"text-align: center; margin-top: 40px;\"><a class=\"button primary large\" href=\"\/contact\">Hemen Sipari\u015f Verin<\/a><\/p>\n<\/div>\n<\/section>\n<section style=\"padding: 50px 20px;\">\n<div class=\"container\">\n<h2>M\u0131s\u0131r\u2019dan Di\u011fer Taze \u00dcr\u00fcnler<\/h2>\n<p>Salatal\u0131\u011f\u0131n yan\u0131 s\u0131ra, PEI Trade; so\u011fan, ye\u015fil fasulye, sar\u0131msak ve domates gibi M\u0131s\u0131r\u2019a \u00f6zg\u00fc \u00e7e\u015fitli meyve ve sebzeleri de ihra\u00e7 etmektedir. Mevsimsel programlar ve uzun vadeli tedarik s\u00f6zle\u015fmeleri desteklenmektedir. <a href=\"https:\/\/peitrade.com\/tr\/about-pei-trade\/\">\u0130hracat hizmetlerimiz hakk\u0131nda daha fazla bilgi edinin<\/a>.<\/p>\n<div class=\"wp-block-woocommerce-product-collection\"><div class=\"woocommerce columns-4 \"><ul class=\"products columns-4\" data-products=\"type-2\">\n<li class=\"product type-product post-7360 status-publish first instock product_cat-vegetables has-post-thumbnail shipping-taxable product-type-simple\">\n\t<a href=\"https:\/\/peitrade.com\/tr\/product\/domates\/\" class=\"woocommerce-LoopProduct-link woocommerce-loop-product__link\"><img decoding=\"async\" width=\"300\" height=\"300\" src=\"https:\/\/peitrade.com\/wp-content\/uploads\/2025\/11\/Egyptian-Tomatoes-300x300.webp\" class=\"attachment-woocommerce_thumbnail size-woocommerce_thumbnail\" alt=\"Domates\" srcset=\"https:\/\/peitrade.com\/wp-content\/uploads\/2025\/11\/Egyptian-Tomatoes-300x300.webp 300w, https:\/\/peitrade.com\/wp-content\/uploads\/2025\/11\/Egyptian-Tomatoes-150x150.webp 150w, https:\/\/peitrade.com\/wp-content\/uploads\/2025\/11\/Egyptian-Tomatoes-768x768.webp 768w, https:\/\/peitrade.com\/wp-content\/uploads\/2025\/11\/Egyptian-Tomatoes-600x600.webp 600w, https:\/\/peitrade.com\/wp-content\/uploads\/2025\/11\/Egyptian-Tomatoes-100x100.webp 100w, https:\/\/peitrade.com\/wp-content\/uploads\/2025\/11\/Egyptian-Tomatoes.webp 1024w\" sizes=\"(max-width: 300px) 100vw, 300px\" title=\"\"><h2 class=\"woocommerce-loop-product__title\">Domates<\/h2>\n<\/a><a href=\"https:\/\/peitrade.com\/tr\/product\/domates\/\" aria-describedby=\"woocommerce_loop_add_to_cart_link_describedby_7360\" data-quantity=\"1\" class=\"button product_type_simple\" data-product_id=\"7360\" data-product_sku=\"70200\" aria-label=\"&ldquo;Domates&rdquo; hakk\u0131nda daha fazla bilgi edinin\" rel=\"nofollow\" data-success_message=\"\">Devam\u0131n\u0131 oku<\/a>\t<span id=\"woocommerce_loop_add_to_cart_link_describedby_7360\" class=\"screen-reader-text\">\n\t\t\t<\/span>\n<\/li>\n<li class=\"product type-product post-7776 status-publish instock product_cat-vegetables product_cat-in-season has-post-thumbnail shipping-taxable product-type-simple\">\n\t<a href=\"https:\/\/peitrade.com\/tr\/product\/patates\/\" class=\"woocommerce-LoopProduct-link woocommerce-loop-product__link\"><img decoding=\"async\" width=\"300\" height=\"300\" src=\"https:\/\/peitrade.com\/wp-content\/uploads\/2025\/11\/Egyptian-Potatoes-300x300.webp\" class=\"attachment-woocommerce_thumbnail size-woocommerce_thumbnail\" alt=\"Patates\" srcset=\"https:\/\/peitrade.com\/wp-content\/uploads\/2025\/11\/Egyptian-Potatoes-300x300.webp 300w, https:\/\/peitrade.com\/wp-content\/uploads\/2025\/11\/Egyptian-Potatoes-150x150.webp 150w, https:\/\/peitrade.com\/wp-content\/uploads\/2025\/11\/Egyptian-Potatoes-768x768.webp 768w, https:\/\/peitrade.com\/wp-content\/uploads\/2025\/11\/Egyptian-Potatoes-600x600.webp 600w, https:\/\/peitrade.com\/wp-content\/uploads\/2025\/11\/Egyptian-Potatoes-100x100.webp 100w, https:\/\/peitrade.com\/wp-content\/uploads\/2025\/11\/Egyptian-Potatoes.webp 1024w\" sizes=\"(max-width: 300px) 100vw, 300px\" title=\"\"><h2 class=\"woocommerce-loop-product__title\">Patates<\/h2>\n<\/a><a href=\"https:\/\/peitrade.com\/tr\/product\/patates\/\" aria-describedby=\"woocommerce_loop_add_to_cart_link_describedby_7776\" data-quantity=\"1\" class=\"button product_type_simple\" data-product_id=\"7776\" data-product_sku=\"70190\" aria-label=\"&ldquo;Patates&rdquo; hakk\u0131nda daha fazla bilgi edinin\" rel=\"nofollow\" data-success_message=\"\">Devam\u0131n\u0131 oku<\/a>\t<span id=\"woocommerce_loop_add_to_cart_link_describedby_7776\" class=\"screen-reader-text\">\n\t\t\t<\/span>\n<\/li>\n<li class=\"product type-product post-7376 status-publish instock product_cat-vegetables product_cat-in-season has-post-thumbnail shipping-taxable product-type-simple\">\n\t<a href=\"https:\/\/peitrade.com\/tr\/product\/sarimsak\/\" class=\"woocommerce-LoopProduct-link woocommerce-loop-product__link\"><img decoding=\"async\" width=\"300\" height=\"300\" src=\"https:\/\/peitrade.com\/wp-content\/uploads\/2025\/11\/Egyptian-Garlic-300x300.webp\" class=\"attachment-woocommerce_thumbnail size-woocommerce_thumbnail\" alt=\"Sar\u0131msak\" srcset=\"https:\/\/peitrade.com\/wp-content\/uploads\/2025\/11\/Egyptian-Garlic-300x300.webp 300w, https:\/\/peitrade.com\/wp-content\/uploads\/2025\/11\/Egyptian-Garlic-150x150.webp 150w, https:\/\/peitrade.com\/wp-content\/uploads\/2025\/11\/Egyptian-Garlic-768x768.webp 768w, https:\/\/peitrade.com\/wp-content\/uploads\/2025\/11\/Egyptian-Garlic-600x600.webp 600w, https:\/\/peitrade.com\/wp-content\/uploads\/2025\/11\/Egyptian-Garlic-100x100.webp 100w, https:\/\/peitrade.com\/wp-content\/uploads\/2025\/11\/Egyptian-Garlic.webp 1024w\" sizes=\"(max-width: 300px) 100vw, 300px\" title=\"\"><h2 class=\"woocommerce-loop-product__title\">Sar\u0131msak<\/h2>\n<\/a><a href=\"https:\/\/peitrade.com\/tr\/product\/sarimsak\/\" aria-describedby=\"woocommerce_loop_add_to_cart_link_describedby_7376\" data-quantity=\"1\" class=\"button product_type_simple\" data-product_id=\"7376\" data-product_sku=\"70320\" aria-label=\"&ldquo;Sar\u0131msak&rdquo; hakk\u0131nda daha fazla bilgi edinin\" rel=\"nofollow\" data-success_message=\"\">Devam\u0131n\u0131 oku<\/a>\t<span id=\"woocommerce_loop_add_to_cart_link_describedby_7376\" class=\"screen-reader-text\">\n\t\t\t<\/span>\n<\/li>\n<li class=\"product type-product post-7796 status-publish last instock product_cat-vegetables product_cat-in-season has-post-thumbnail shipping-taxable product-type-simple\">\n\t<a href=\"https:\/\/peitrade.com\/tr\/product\/tatli-patates\/\" class=\"woocommerce-LoopProduct-link woocommerce-loop-product__link\"><img decoding=\"async\" width=\"300\" height=\"300\" src=\"https:\/\/peitrade.com\/wp-content\/uploads\/2025\/11\/Egyptian-Sweet-Potatoes-300x300.webp\" class=\"attachment-woocommerce_thumbnail size-woocommerce_thumbnail\" alt=\"Egyptian Sweet Potatoes - PEI Trade\" srcset=\"https:\/\/peitrade.com\/wp-content\/uploads\/2025\/11\/Egyptian-Sweet-Potatoes-300x300.webp 300w, https:\/\/peitrade.com\/wp-content\/uploads\/2025\/11\/Egyptian-Sweet-Potatoes-150x150.webp 150w, https:\/\/peitrade.com\/wp-content\/uploads\/2025\/11\/Egyptian-Sweet-Potatoes-768x768.webp 768w, https:\/\/peitrade.com\/wp-content\/uploads\/2025\/11\/Egyptian-Sweet-Potatoes-600x600.webp 600w, https:\/\/peitrade.com\/wp-content\/uploads\/2025\/11\/Egyptian-Sweet-Potatoes-100x100.webp 100w, https:\/\/peitrade.com\/wp-content\/uploads\/2025\/11\/Egyptian-Sweet-Potatoes.webp 1024w\" sizes=\"(max-width: 300px) 100vw, 300px\" title=\"\"><h2 class=\"woocommerce-loop-product__title\">Tatl\u0131 patates<\/h2>\n<\/a><a href=\"https:\/\/peitrade.com\/tr\/product\/tatli-patates\/\" aria-describedby=\"woocommerce_loop_add_to_cart_link_describedby_7796\" data-quantity=\"1\" class=\"button product_type_simple\" data-product_id=\"7796\" data-product_sku=\"71420\" aria-label=\"&ldquo;Tatl\u0131 patates&rdquo; hakk\u0131nda daha fazla bilgi edinin\" rel=\"nofollow\" data-success_message=\"\">Devam\u0131n\u0131 oku<\/a>\t<span id=\"woocommerce_loop_add_to_cart_link_describedby_7796\" class=\"screen-reader-text\">\n\t\t\t<\/span>\n<\/li>\n<\/ul>\n<\/div><\/div>\n<\/div>\n<\/section>\n<section style=\"padding: 50px 20px; background-color: #f9f9f9;\">\n<div class=\"container\">\n<h2>S\u0131k\u00e7a Sorulan Sorular<\/h2>\n<div>\n<h3>M\u0131s\u0131r salatal\u0131\u011f\u0131n\u0131n zirve sezonu ne zaman?<\/h3>\n<p>M\u0131s\u0131r salatal\u0131\u011f\u0131n\u0131n ana ihracat sezonu Kas\u0131m\u2019dan May\u0131s\u2019a kadar s\u00fcrmekte olup, seralarda ve s\u00f6zle\u015fmeli \u00fcreticilerden y\u0131l boyunca da temin sa\u011flanmaktad\u0131r.<\/p>\n<h3>Salatal\u0131k i\u00e7in hangi ambalaj se\u00e7eneklerini sunuyorsunuz?<\/h3>\n<p>5 kg, 10 kg, 25 kg\u2019l\u0131k koli veya \u00e7uval gibi toptan ambalaj se\u00e7eneklerinin yan\u0131 s\u0131ra, istek \u00fczerine perakende sat\u0131\u015fa haz\u0131r, \u00f6zel etiketli formatlar sunmaktay\u0131z.<\/p>\n<h3>Salatal\u0131klar\u0131n ihracat s\u0131ras\u0131nda tazeli\u011fi nas\u0131l korunuyor?<\/h3>\n<p>Fabrika ve liman aras\u0131nda \u00f6n so\u011futma, so\u011futmal\u0131 ta\u015f\u0131ma ve yal\u0131t\u0131ml\u0131 konteynerler dahil eksiksiz bir so\u011fuk zincir kullanmaktay\u0131z.<\/p>\n<h3>Di\u011fer sebze \u00e7e\u015fitlerini de temin ediyor musunuz?<\/h3>\n<p>Evet, ye\u015fil fasulye, domates, sar\u0131msak, so\u011fan gibi di\u011fer sebzelerde, M\u0131s\u0131r\u2019\u0131n taze \u00fcr\u00fcn\u00fc olarak ayn\u0131 kalite standartlar\u0131 ile g\u00f6nderilmektedir.<\/p>\n<\/div>\n<\/div>\n<\/section>\n","protected":false},"excerpt":{"rendered":"<p>G\u00fcvenilir M\u0131s\u0131r Salatal\u0131k Tedarik\u00e7isi \u2013 PEI Trade\u2019den Taze \u0130hracat PEI Trade, M\u0131s\u0131r\u2019\u0131n en g\u00fcvenilir salatal\u0131k tedarik\u00e7ilerinden biridir. Nitelikli topraklarda ve ideal iklim ko\u015fullar\u0131nda yeti\u015ftirilen \u00e7iftlikten taze salatal\u0131klar sunuyoruz. Salatal\u0131klar\u0131m\u0131z, k\u00fcresel ithalat standartlar\u0131na uygun, tutarl\u0131 boyut, renk ve lezzet sa\u011flayan \u00f6zenle se\u00e7ilmi\u015f b\u00f6lgelerde yeti\u015ftirilmektedir. Neden PEI Trade\u2019i Salatal\u0131k Tedarik\u00e7isi Olarak Se\u00e7melisiniz? Salatal\u0131klar\u0131m\u0131z, y\u00fcksek ihracat kalitesi, \u00e7ekici [&hellip;]<\/p>\n","protected":false},"author":9,"featured_media":0,"parent":0,"menu_order":0,"comment_status":"closed","ping_status":"closed","template":"","meta":{"footnotes":""},"class_list":["post-5934","page","type-page","status-publish","hentry"],"blocksy_meta":[],"mb":[],"featured_image_urls_v2":{"full":"","thumbnail":"","medium":"","medium_large":"","large":"","1536x1536":"","2048x2048":"","woocommerce_archive_thumbnail":"","woocommerce_thumbnail":"","woocommerce_single":"","woocommerce_gallery_thumbnail":""},"post_excerpt_stackable_v2":"<p>G\u00fcvenilir M\u0131s\u0131r Salatal\u0131k Tedarik\u00e7isi \u2013 PEI Trade\u2019den Taze \u0130hracat PEI Trade, M\u0131s\u0131r\u2019\u0131n en g\u00fcvenilir salatal\u0131k tedarik\u00e7ilerinden biridir. Nitelikli topraklarda ve ideal iklim ko\u015fullar\u0131nda yeti\u015ftirilen \u00e7iftlikten taze salatal\u0131klar sunuyoruz. Salatal\u0131klar\u0131m\u0131z, k\u00fcresel ithalat standartlar\u0131na uygun, tutarl\u0131 boyut, renk ve lezzet sa\u011flayan \u00f6zenle se\u00e7ilmi\u015f b\u00f6lgelerde yeti\u015ftirilmektedir. Kuru beyaz fasulye Devam\u0131n\u0131 oku Patates Devam\u0131n\u0131 oku So\u011fan Devam\u0131n\u0131 oku Taze fasulye Devam\u0131n\u0131 oku Neden PEI Trade\u2019i Salatal\u0131k Tedarik\u00e7isi Olarak Se\u00e7melisiniz? Salatal\u0131klar\u0131m\u0131z, y\u00fcksek ihracat kalitesi, \u00e7ekici g\u00f6r\u00fcn\u00fcm\u00fc ve raf \u00f6mr\u00fc ile \u00f6ne \u00e7\u0131kmaktad\u0131r. M\u0131s\u0131r\u2019\u0131n verimli Delta ve Yukar\u0131 M\u0131s\u0131r b\u00f6lgelerindeki sertifikal\u0131 \u00e7iftliklerle \u00e7al\u0131\u015farak, optimum mahsul sa\u011fl\u0131\u011f\u0131 ve zaman\u0131nda hasat garantisi veriyoruz. PEI Trade\u2019in Taze Salatal\u0131k \u0130hracat&hellip;<\/p>\n","category_list_v2":"","author_info_v2":{"name":"Maha","url":"https:\/\/peitrade.com\/tr\/author\/m-amer\/"},"comments_num_v2":"0 comments","mfb_rest_fields":["title","blocksy_meta","featured_image_urls_v2","post_excerpt_stackable_v2","category_list_v2","author_info_v2","comments_num_v2"],"_links":{"self":[{"href":"https:\/\/peitrade.com\/tr\/wp-json\/wp\/v2\/pages\/5934","targetHints":{"allow":["GET"]}}],"collection":[{"href":"https:\/\/peitrade.com\/tr\/wp-json\/wp\/v2\/pages"}],"about":[{"href":"https:\/\/peitrade.com\/tr\/wp-json\/wp\/v2\/types\/page"}],"author":[{"embeddable":true,"href":"https:\/\/peitrade.com\/tr\/wp-json\/wp\/v2\/users\/9"}],"replies":[{"embeddable":true,"href":"https:\/\/peitrade.com\/tr\/wp-json\/wp\/v2\/comments?post=5934"}],"version-history":[{"count":1,"href":"https:\/\/peitrade.com\/tr\/wp-json\/wp\/v2\/pages\/5934\/revisions"}],"predecessor-version":[{"id":5935,"href":"https:\/\/peitrade.com\/tr\/wp-json\/wp\/v2\/pages\/5934\/revisions\/5935"}],"wp:attachment":[{"href":"https:\/\/peitrade.com\/tr\/wp-json\/wp\/v2\/media?parent=5934"}],"curies":[{"name":"wp","href":"https:\/\/api.w.org\/{rel}","templated":true}]}}