{"id":5953,"date":"2025-06-16T09:00:33","date_gmt":"2025-06-16T09:00:33","guid":{"rendered":"http:\/\/46.224.74.15\/cabbage-exporters-5\/"},"modified":"2025-11-19T16:47:00","modified_gmt":"2025-11-19T16:47:00","slug":"cabbage-exporters-5","status":"publish","type":"page","link":"https:\/\/peitrade.com\/tr\/cabbage-exporters-5\/","title":{"rendered":"M\u0131s\u0131r\u2019\u0131n \u00d6nde Gelen Lahana \u0130hracat\u00e7\u0131lar\u0131 \u2013 PEI Trade"},"content":{"rendered":"<section style=\"padding: 60px 20px; background-color: #f9f9f9;\">\n<div class=\"container\">\n<h1>M\u0131s\u0131r\u2019\u0131n \u00d6nde Gelen Lahana \u0130hracat\u00e7\u0131lar\u0131 \u2013 PEI Trade<\/h1>\n<p>&nbsp;<\/p>\n<p>M\u0131s\u0131r\u2019\u0131n en g\u00fcvenilir <b>lahana ihracat\u00e7\u0131lar\u0131<\/b> aras\u0131nda yer alan PEI Trade, zengin topraklarda ve ideal iklimde yeti\u015ftirilen y\u00fcksek kaliteli beyaz ve k\u0131rm\u0131z\u0131 lahana sunar. \u0130hracat i\u00e7in haz\u0131rlanan lahanalar\u0131m\u0131z, tutarl\u0131 boyut, dayan\u0131kl\u0131l\u0131k ve uzun raf \u00f6mr\u00fcyle toptan sat\u0131\u015f, g\u0131da end\u00fcstrisi ve perakende i\u00e7in m\u00fckemmeldir.<\/p>\n<p>PEI Trade, tarladan k\u00fcresel nakliyeye kadar kapsaml\u0131 ihracat hizmetleri sunar. Y\u0131llar\u0131n deneyimiyle, t\u00fcm \u00fcr\u00fcnlerin uluslararas\u0131 g\u0131da g\u00fcvenli\u011fi ve fitosaniter standartlar\u0131na uygun olmas\u0131n\u0131 sa\u011fl\u0131yoruz; titiz kalite kontrolleri ve so\u011fuk zincir lojisti\u011fi ile.<\/p>\n<\/div>\n<p>&nbsp;<\/p>\n<\/section>\n<div class=\"wp-block-woocommerce-product-collection\"><div class=\"woocommerce columns-4 \"><ul class=\"products columns-4\" data-products=\"type-2\">\n<li class=\"product type-product post-7719 status-publish first instock product_cat-legumes product_cat-in-season has-post-thumbnail shipping-taxable product-type-simple\">\n\t<a href=\"https:\/\/peitrade.com\/tr\/product\/kuru-beyaz-fasulye\/\" class=\"woocommerce-LoopProduct-link woocommerce-loop-product__link\"><img decoding=\"async\" width=\"300\" height=\"300\" src=\"https:\/\/peitrade.com\/wp-content\/uploads\/2025\/11\/Egyptian-White-Beans-300x300.webp\" class=\"attachment-woocommerce_thumbnail size-woocommerce_thumbnail\" alt=\"Kuru beyaz fasulye\" srcset=\"https:\/\/peitrade.com\/wp-content\/uploads\/2025\/11\/Egyptian-White-Beans-300x300.webp 300w, https:\/\/peitrade.com\/wp-content\/uploads\/2025\/11\/Egyptian-White-Beans-150x150.webp 150w, https:\/\/peitrade.com\/wp-content\/uploads\/2025\/11\/Egyptian-White-Beans-768x768.webp 768w, https:\/\/peitrade.com\/wp-content\/uploads\/2025\/11\/Egyptian-White-Beans-600x600.webp 600w, https:\/\/peitrade.com\/wp-content\/uploads\/2025\/11\/Egyptian-White-Beans-100x100.webp 100w, https:\/\/peitrade.com\/wp-content\/uploads\/2025\/11\/Egyptian-White-Beans.webp 1024w\" sizes=\"(max-width: 300px) 100vw, 300px\" title=\"\"><h2 class=\"woocommerce-loop-product__title\">Kuru beyaz fasulye<\/h2>\n<\/a><a href=\"https:\/\/peitrade.com\/tr\/product\/kuru-beyaz-fasulye\/\" aria-describedby=\"woocommerce_loop_add_to_cart_link_describedby_7719\" data-quantity=\"1\" class=\"button product_type_simple\" data-product_id=\"7719\" data-product_sku=\"70820\" aria-label=\"&ldquo;Kuru beyaz fasulye&rdquo; hakk\u0131nda daha fazla bilgi edinin\" rel=\"nofollow\" data-success_message=\"\">Devam\u0131n\u0131 oku<\/a>\t<span id=\"woocommerce_loop_add_to_cart_link_describedby_7719\" class=\"screen-reader-text\">\n\t\t\t<\/span>\n<\/li>\n<li class=\"product type-product post-7776 status-publish instock product_cat-vegetables product_cat-in-season has-post-thumbnail shipping-taxable product-type-simple\">\n\t<a href=\"https:\/\/peitrade.com\/tr\/product\/patates\/\" class=\"woocommerce-LoopProduct-link woocommerce-loop-product__link\"><img decoding=\"async\" width=\"300\" height=\"300\" src=\"https:\/\/peitrade.com\/wp-content\/uploads\/2025\/11\/Egyptian-Potatoes-300x300.webp\" class=\"attachment-woocommerce_thumbnail size-woocommerce_thumbnail\" alt=\"Patates\" srcset=\"https:\/\/peitrade.com\/wp-content\/uploads\/2025\/11\/Egyptian-Potatoes-300x300.webp 300w, https:\/\/peitrade.com\/wp-content\/uploads\/2025\/11\/Egyptian-Potatoes-150x150.webp 150w, https:\/\/peitrade.com\/wp-content\/uploads\/2025\/11\/Egyptian-Potatoes-768x768.webp 768w, https:\/\/peitrade.com\/wp-content\/uploads\/2025\/11\/Egyptian-Potatoes-600x600.webp 600w, https:\/\/peitrade.com\/wp-content\/uploads\/2025\/11\/Egyptian-Potatoes-100x100.webp 100w, https:\/\/peitrade.com\/wp-content\/uploads\/2025\/11\/Egyptian-Potatoes.webp 1024w\" sizes=\"(max-width: 300px) 100vw, 300px\" title=\"\"><h2 class=\"woocommerce-loop-product__title\">Patates<\/h2>\n<\/a><a href=\"https:\/\/peitrade.com\/tr\/product\/patates\/\" aria-describedby=\"woocommerce_loop_add_to_cart_link_describedby_7776\" data-quantity=\"1\" class=\"button product_type_simple\" data-product_id=\"7776\" data-product_sku=\"70190\" aria-label=\"&ldquo;Patates&rdquo; hakk\u0131nda daha fazla bilgi edinin\" rel=\"nofollow\" data-success_message=\"\">Devam\u0131n\u0131 oku<\/a>\t<span id=\"woocommerce_loop_add_to_cart_link_describedby_7776\" class=\"screen-reader-text\">\n\t\t\t<\/span>\n<\/li>\n<li class=\"product type-product post-7484 status-publish instock product_cat-vegetables product_cat-in-season has-post-thumbnail shipping-taxable product-type-simple\">\n\t<a href=\"https:\/\/peitrade.com\/tr\/product\/sogan\/\" class=\"woocommerce-LoopProduct-link woocommerce-loop-product__link\"><img decoding=\"async\" width=\"300\" height=\"300\" src=\"https:\/\/peitrade.com\/wp-content\/uploads\/2025\/11\/Egyption-Onion-300x300.webp\" class=\"attachment-woocommerce_thumbnail size-woocommerce_thumbnail\" alt=\"Egyption Onion - PEI Trade\" srcset=\"https:\/\/peitrade.com\/wp-content\/uploads\/2025\/11\/Egyption-Onion-300x300.webp 300w, https:\/\/peitrade.com\/wp-content\/uploads\/2025\/11\/Egyption-Onion-150x150.webp 150w, https:\/\/peitrade.com\/wp-content\/uploads\/2025\/11\/Egyption-Onion-768x768.webp 768w, https:\/\/peitrade.com\/wp-content\/uploads\/2025\/11\/Egyption-Onion-600x600.webp 600w, https:\/\/peitrade.com\/wp-content\/uploads\/2025\/11\/Egyption-Onion-100x100.webp 100w, https:\/\/peitrade.com\/wp-content\/uploads\/2025\/11\/Egyption-Onion.webp 1024w\" sizes=\"(max-width: 300px) 100vw, 300px\" title=\"\"><h2 class=\"woocommerce-loop-product__title\">So\u011fan<\/h2>\n<\/a><a href=\"https:\/\/peitrade.com\/tr\/product\/sogan\/\" aria-describedby=\"woocommerce_loop_add_to_cart_link_describedby_7484\" data-quantity=\"1\" class=\"button product_type_simple\" data-product_id=\"7484\" data-product_sku=\"70310\" aria-label=\"&ldquo;So\u011fan&rdquo; hakk\u0131nda daha fazla bilgi edinin\" rel=\"nofollow\" data-success_message=\"\">Devam\u0131n\u0131 oku<\/a>\t<span id=\"woocommerce_loop_add_to_cart_link_describedby_7484\" class=\"screen-reader-text\">\n\t\t\t<\/span>\n<\/li>\n<li class=\"product type-product post-7540 status-publish last instock product_cat-vegetables product_cat-in-season has-post-thumbnail shipping-taxable product-type-simple\">\n\t<a href=\"https:\/\/peitrade.com\/tr\/product\/taze-fasulye\/\" class=\"woocommerce-LoopProduct-link woocommerce-loop-product__link\"><img decoding=\"async\" width=\"300\" height=\"300\" src=\"https:\/\/peitrade.com\/wp-content\/uploads\/2025\/11\/Egyptian-Green-Beans-300x300.webp\" class=\"attachment-woocommerce_thumbnail size-woocommerce_thumbnail\" alt=\"Taze fasulye\" srcset=\"https:\/\/peitrade.com\/wp-content\/uploads\/2025\/11\/Egyptian-Green-Beans-300x300.webp 300w, https:\/\/peitrade.com\/wp-content\/uploads\/2025\/11\/Egyptian-Green-Beans-150x150.webp 150w, https:\/\/peitrade.com\/wp-content\/uploads\/2025\/11\/Egyptian-Green-Beans-768x768.webp 768w, https:\/\/peitrade.com\/wp-content\/uploads\/2025\/11\/Egyptian-Green-Beans-600x600.webp 600w, https:\/\/peitrade.com\/wp-content\/uploads\/2025\/11\/Egyptian-Green-Beans-100x100.webp 100w, https:\/\/peitrade.com\/wp-content\/uploads\/2025\/11\/Egyptian-Green-Beans.webp 1024w\" sizes=\"(max-width: 300px) 100vw, 300px\" title=\"\"><h2 class=\"woocommerce-loop-product__title\">Taze fasulye<\/h2>\n<\/a><a href=\"https:\/\/peitrade.com\/tr\/product\/taze-fasulye\/\" aria-describedby=\"woocommerce_loop_add_to_cart_link_describedby_7540\" data-quantity=\"1\" class=\"button product_type_simple\" data-product_id=\"7540\" data-product_sku=\"70821\" aria-label=\"&ldquo;Taze fasulye&rdquo; hakk\u0131nda daha fazla bilgi edinin\" rel=\"nofollow\" data-success_message=\"\">Devam\u0131n\u0131 oku<\/a>\t<span id=\"woocommerce_loop_add_to_cart_link_describedby_7540\" class=\"screen-reader-text\">\n\t\t\t<\/span>\n<\/li>\n<\/ul>\n<\/div><\/div>\n<section style=\"padding: 50px 20px;\">\n<div class=\"container\">\n<h2>PEI Trade, Lahana \u0130hracat\u00e7\u0131lar\u0131 Aras\u0131nda Neden \u00d6ne \u00c7\u0131k\u0131yor?<\/h2>\n<p><span style=\"font-weight: 400;\">M\u0131s\u0131r\u2019daki <b>lahana ihracat\u00e7\u0131lar\u0131<\/b> aras\u0131nda farkl\u0131la\u015fmam\u0131z\u0131n nedenleri:<\/span><\/p>\n<ul>\n<li style=\"font-weight: 400;\">S\u0131k\u0131, kompakt yapraklarla d\u00fczg\u00fcn \u015fekilli ba\u015flar<\/li>\n<li style=\"font-weight: 400;\">\u00c7e\u015fide g\u00f6re canl\u0131 ye\u015fil veya k\u0131rm\u0131z\u0131 renkler<\/li>\n<li style=\"font-weight: 400;\">M\u00fckemmel raf dayan\u0131kl\u0131l\u0131\u011f\u0131 ve ambalaj direnci<\/li>\n<li style=\"font-weight: 400;\">Taze lezzet ve m\u00fckemmel \u00e7\u0131t\u0131rl\u0131k<\/li>\n<li style=\"font-weight: 400;\">Taze pazarlar ve i\u015flenmi\u015f \u00fcr\u00fcnler i\u00e7in ideal<\/li>\n<\/ul>\n<p><span style=\"font-weight: 400;\">S\u00f6zle\u015fmeli tar\u0131m modelimiz y\u0131l boyu s\u00fcrekli tedarik sa\u011flar.<\/span><\/p>\n<h2>Sertifikal\u0131 Lahana \u0130hracat\u00e7\u0131lar\u0131 Olarak \u0130\u015fleyi\u015fimiz<\/h2>\n<p><span style=\"font-weight: 400;\">M\u0131s\u0131r\u2019\u0131n \u00f6nde gelen <\/span><b>lahana ihracat\u00e7\u0131lar\u0131<\/b><span style=\"font-weight: 400;\"> aras\u0131nda yer alan PEI Trade, her a\u015famay\u0131 titizlikle ve tam uyumla y\u00fcr\u00fct\u00fcr:<\/span><\/p>\n<ul>\n<li style=\"font-weight: 400;\">Hasat \u00f6ncesi kalite de\u011ferlendirmeleri<\/li>\n<li style=\"font-weight: 400;\">Manuel hasat, budama ve s\u0131n\u0131fland\u0131rma<\/li>\n<li style=\"font-weight: 400;\">\u0130hracata uygun \u00f6zel ambalajlama<\/li>\n<li style=\"font-weight: 400;\">Limanlara so\u011futmal\u0131 ta\u015f\u0131ma<\/li>\n<\/ul>\n<p><span style=\"font-weight: 400;\">T\u00fcm <b>lahana ihracat\u00e7\u0131lar\u0131<\/b> i\u015flemlerinde \u00fcr\u00fcn izlenebilirli\u011fi, tam dok\u00fcmantasyon ve global uyumluluk sa\u011fl\u0131yoruz.<\/span><\/p>\n<h2>M\u0131s\u0131r Lahana Sezonu \u2013 Stratejik Avantaj<\/h2>\n<p><span style=\"font-weight: 400;\">Lahana ihracat sezonu <b>Aral\u0131k \u2013 Nisan<\/b> aylar\u0131n\u0131 kapsar. Bu sayede PEI Trade, Avrupa hasad\u0131ndan \u00f6nce teslimat yapabilir ve al\u0131c\u0131lara erken tedarik imkan\u0131 sunar. T\u00fcm lahanalar, uluslararas\u0131 kal\u0131nt\u0131 s\u0131n\u0131rlar\u0131na (MRL) uygundur.<\/span><\/p>\n<p><span style=\"font-weight: 400;\">M\u00fc\u015fterilerimizin tedarik zamanlamas\u0131n\u0131 optimize etmek i\u00e7in \u00f6n rezervasyon ve so\u011fuk depolama se\u00e7enekleri sunuyoruz.<\/span><\/p>\n<h3>\u0130hracat Lahanesinin K\u00fcresel Kullan\u0131m Alanlar\u0131<\/h3>\n<p><span style=\"font-weight: 400;\">G\u00fcvenilir <b>lahana ihracat\u00e7\u0131lar\u0131<\/b> olarak, farkl\u0131 ama\u00e7lar i\u00e7in lahanalar sa\u011fl\u0131yoruz:<\/span><\/p>\n<ul>\n<li><b>Perakende<\/b>: S\u00fcpermarketlere haz\u0131r, barkodlu ve markal\u0131 ba\u015flar<\/li>\n<li><b>Yiyecek Hizmetleri<\/b>: Salatalar, \u00e7orbalar ve d\u00fcr\u00fcmler i\u00e7in malzeme<\/li>\n<li><b>\u0130\u015fleme<\/b>: Dondurma, dilimleme veya fermente etme i\u00e7in uygun<\/li>\n<li><b>Toptan<\/b>: \u0130thalat\u00e7\u0131lar ve da\u011f\u0131t\u0131c\u0131lara b\u00fcy\u00fck hacimli sevkiyatlar<\/li>\n<\/ul>\n<h3>\u0130hracat Pazarlar\u0131 ve Sevkiyat Hacimleri<\/h3>\n<p><span style=\"font-weight: 400;\">M\u0131s\u0131r\u2019\u0131n \u00f6nde gelen <\/span><b>lahana ihracat\u00e7\u0131lar\u0131<\/b><span style=\"font-weight: 400;\"> aras\u0131nda yer alan PEI Trade, \u015fu \u00fclkelere g\u00f6nderim yapmaktad\u0131r:<\/span><\/p>\n<ul>\n<li>Almanya, Polonya, Hollanda ve Birle\u015fik Krall\u0131k<\/li>\n<li>BAE, Suudi Arabistan, Katar ve \u00dcrd\u00fcn<\/li>\n<li>Libya, Cezayir ve di\u011fer Kuzey Afrika \u00fclkeleri<\/li>\n<li>Malezya, Hindistan ve G\u00fcneydo\u011fu Asya<\/li>\n<\/ul>\n<p><span style=\"font-weight: 400;\">Tam konteyner ve karma y\u00fck se\u00e7eneklerini destekliyoruz.<\/span><\/p>\n<h2>PEI Trade\u2019in Di\u011fer Sebzeleri<\/h2>\n<p><span style=\"font-weight: 400;\">Deneyimli <b>lahana ihracat\u00e7\u0131lar\u0131<\/b> olarak, ayr\u0131ca:<\/span><\/p>\n<ul>\n<li><b>Marul<\/b>: Roma ve iceberg t\u00fcrleri<\/li>\n<li><b>Karnabahar<\/b>: Uluslararas\u0131 pazara uygun beyaz ba\u015flar<\/li>\n<li><b>Brokkoli<\/b>: Yo\u011fun ba\u015flar ve uzun raf \u00f6mr\u00fc<\/li>\n<\/ul>\n<p><span style=\"font-weight: 400;\">Mevsimsel planlama ve \u00f6zel ambalajlama hizmeti sunuyoruz.<\/span><\/p>\n<h2><b>Ambalaj \u00c7\u00f6z\u00fcmleri<\/b><\/h2>\n<p><span style=\"font-weight: 400;\">\u0130hracata uygun optimize ambalaj y\u00f6ntemleri kullan\u0131yoruz:<\/span><\/p>\n<ul>\n<li>Dayan\u0131kl\u0131 ah\u015fap kasalar veya teleskopik kartonlar<\/li>\n<li>Yiyecek sekt\u00f6r\u00fc m\u00fc\u015fterileri i\u00e7in paletli toplu ambalaj<\/li>\n<li>Talebe g\u00f6re \u00e7ok dilli \u00f6zel etiketleme<\/li>\n<li>AB ve K\u00f6rfez standartlar\u0131na uygun ambalaj<\/li>\n<\/ul>\n<p><span style=\"font-weight: 400;\">Ambalajlar, g\u00f6nderim \u00f6ncesi uluslararas\u0131 standartlara g\u00f6re kontrol edilir.<\/span><\/p>\n<\/div>\n<\/section>\n<section style=\"padding: 50px 20px; background-color: #f0f0f0;\">\n<div class=\"container\">\n<h2>PEI Trade ile \u0130\u015f Ortakl\u0131\u011f\u0131 \u2013 Profesyonel Lahana \u0130hracat\u00e7\u0131lar\u0131<\/h2>\n<p>Tar\u0131m ticaretinde g\u00fcvenilir orta\u011f\u0131n\u0131z olarak PEI Trade, kalite ve tam izlenebilirlik sa\u011flar. <b>lahana ihracat\u00e7\u0131lar\u0131<\/b> ekibimiz, global ithalat\u00e7\u0131lar i\u00e7in u\u00e7tan uca \u00e7\u00f6z\u00fcmler sunar.<\/p>\n<p>Yerel tedarik uzmanl\u0131\u011f\u0131 ile k\u00fcresel lojisti\u011fi birle\u015ftirerek ihtiya\u00e7lar\u0131n\u0131za hassasiyet ve \u015feffafl\u0131kla kar\u015f\u0131l\u0131k veriyoruz.<\/p>\n<h2>Bug\u00fcn Teklif Al\u0131n<\/h2>\n<p>PEI Trade ile \u00fcr\u00fcn detaylar\u0131, fiyatlar ve teslimat s\u00fcreleri i\u00e7in ileti\u015fime ge\u00e7in. \u0130hracat y\u00f6neticilerimiz h\u0131zl\u0131 ve net yan\u0131tlar verir.<\/p>\n<p style=\"text-align: center; margin-top: 40px;\"><a href=\"https:\/\/peitrade.com\/tr\/contact-us\/\" target=\"_blank\" rel=\"noopener\">Teklif Al\u0131n<\/a><\/p>\n<\/div>\n<\/section>\n<section style=\"padding: 50px 20px;\">\n<div class=\"container\">\n<h2>PEI Trade\u2019in Taze Sebze Serisi<\/h2>\n<p>&nbsp;<\/p>\n<p><b>lahana ihracat\u00e7\u0131lar\u0131<\/b> olarak sundu\u011fumuz hizmetlerin yan\u0131 s\u0131ra PEI Trade, M\u0131s\u0131r\u2019dan patates, \u00fcz\u00fcm, turun\u00e7giller ve nar da sunmaktad\u0131r. <a href=\"https:\/\/peitrade.com\/tr\/shop\/\" target=\"_blank\" rel=\"noopener\">\u00dcr\u00fcn katalo\u011fumuzu ke\u015ffedin<\/a>.<\/p>\n<div class=\"wp-block-woocommerce-product-collection\"><div class=\"woocommerce columns-4 \"><ul class=\"products columns-4\" data-products=\"type-2\">\n<li class=\"product type-product post-7360 status-publish first instock product_cat-vegetables has-post-thumbnail shipping-taxable product-type-simple\">\n\t<a href=\"https:\/\/peitrade.com\/tr\/product\/domates\/\" class=\"woocommerce-LoopProduct-link woocommerce-loop-product__link\"><img decoding=\"async\" width=\"300\" height=\"300\" src=\"https:\/\/peitrade.com\/wp-content\/uploads\/2025\/11\/Egyptian-Tomatoes-300x300.webp\" class=\"attachment-woocommerce_thumbnail size-woocommerce_thumbnail\" alt=\"Domates\" srcset=\"https:\/\/peitrade.com\/wp-content\/uploads\/2025\/11\/Egyptian-Tomatoes-300x300.webp 300w, https:\/\/peitrade.com\/wp-content\/uploads\/2025\/11\/Egyptian-Tomatoes-150x150.webp 150w, https:\/\/peitrade.com\/wp-content\/uploads\/2025\/11\/Egyptian-Tomatoes-768x768.webp 768w, https:\/\/peitrade.com\/wp-content\/uploads\/2025\/11\/Egyptian-Tomatoes-600x600.webp 600w, https:\/\/peitrade.com\/wp-content\/uploads\/2025\/11\/Egyptian-Tomatoes-100x100.webp 100w, https:\/\/peitrade.com\/wp-content\/uploads\/2025\/11\/Egyptian-Tomatoes.webp 1024w\" sizes=\"(max-width: 300px) 100vw, 300px\" title=\"\"><h2 class=\"woocommerce-loop-product__title\">Domates<\/h2>\n<\/a><a href=\"https:\/\/peitrade.com\/tr\/product\/domates\/\" aria-describedby=\"woocommerce_loop_add_to_cart_link_describedby_7360\" data-quantity=\"1\" class=\"button product_type_simple\" data-product_id=\"7360\" data-product_sku=\"70200\" aria-label=\"&ldquo;Domates&rdquo; hakk\u0131nda daha fazla bilgi edinin\" rel=\"nofollow\" data-success_message=\"\">Devam\u0131n\u0131 oku<\/a>\t<span id=\"woocommerce_loop_add_to_cart_link_describedby_7360\" class=\"screen-reader-text\">\n\t\t\t<\/span>\n<\/li>\n<li class=\"product type-product post-7776 status-publish instock product_cat-vegetables product_cat-in-season has-post-thumbnail shipping-taxable product-type-simple\">\n\t<a href=\"https:\/\/peitrade.com\/tr\/product\/patates\/\" class=\"woocommerce-LoopProduct-link woocommerce-loop-product__link\"><img decoding=\"async\" width=\"300\" height=\"300\" src=\"https:\/\/peitrade.com\/wp-content\/uploads\/2025\/11\/Egyptian-Potatoes-300x300.webp\" class=\"attachment-woocommerce_thumbnail size-woocommerce_thumbnail\" alt=\"Patates\" srcset=\"https:\/\/peitrade.com\/wp-content\/uploads\/2025\/11\/Egyptian-Potatoes-300x300.webp 300w, https:\/\/peitrade.com\/wp-content\/uploads\/2025\/11\/Egyptian-Potatoes-150x150.webp 150w, https:\/\/peitrade.com\/wp-content\/uploads\/2025\/11\/Egyptian-Potatoes-768x768.webp 768w, https:\/\/peitrade.com\/wp-content\/uploads\/2025\/11\/Egyptian-Potatoes-600x600.webp 600w, https:\/\/peitrade.com\/wp-content\/uploads\/2025\/11\/Egyptian-Potatoes-100x100.webp 100w, https:\/\/peitrade.com\/wp-content\/uploads\/2025\/11\/Egyptian-Potatoes.webp 1024w\" sizes=\"(max-width: 300px) 100vw, 300px\" title=\"\"><h2 class=\"woocommerce-loop-product__title\">Patates<\/h2>\n<\/a><a href=\"https:\/\/peitrade.com\/tr\/product\/patates\/\" aria-describedby=\"woocommerce_loop_add_to_cart_link_describedby_7776\" data-quantity=\"1\" class=\"button product_type_simple\" data-product_id=\"7776\" data-product_sku=\"70190\" aria-label=\"&ldquo;Patates&rdquo; hakk\u0131nda daha fazla bilgi edinin\" rel=\"nofollow\" data-success_message=\"\">Devam\u0131n\u0131 oku<\/a>\t<span id=\"woocommerce_loop_add_to_cart_link_describedby_7776\" class=\"screen-reader-text\">\n\t\t\t<\/span>\n<\/li>\n<li class=\"product type-product post-7376 status-publish instock product_cat-vegetables product_cat-in-season has-post-thumbnail shipping-taxable product-type-simple\">\n\t<a href=\"https:\/\/peitrade.com\/tr\/product\/sarimsak\/\" class=\"woocommerce-LoopProduct-link woocommerce-loop-product__link\"><img decoding=\"async\" width=\"300\" height=\"300\" src=\"https:\/\/peitrade.com\/wp-content\/uploads\/2025\/11\/Egyptian-Garlic-300x300.webp\" class=\"attachment-woocommerce_thumbnail size-woocommerce_thumbnail\" alt=\"Sar\u0131msak\" srcset=\"https:\/\/peitrade.com\/wp-content\/uploads\/2025\/11\/Egyptian-Garlic-300x300.webp 300w, https:\/\/peitrade.com\/wp-content\/uploads\/2025\/11\/Egyptian-Garlic-150x150.webp 150w, https:\/\/peitrade.com\/wp-content\/uploads\/2025\/11\/Egyptian-Garlic-768x768.webp 768w, https:\/\/peitrade.com\/wp-content\/uploads\/2025\/11\/Egyptian-Garlic-600x600.webp 600w, https:\/\/peitrade.com\/wp-content\/uploads\/2025\/11\/Egyptian-Garlic-100x100.webp 100w, https:\/\/peitrade.com\/wp-content\/uploads\/2025\/11\/Egyptian-Garlic.webp 1024w\" sizes=\"(max-width: 300px) 100vw, 300px\" title=\"\"><h2 class=\"woocommerce-loop-product__title\">Sar\u0131msak<\/h2>\n<\/a><a href=\"https:\/\/peitrade.com\/tr\/product\/sarimsak\/\" aria-describedby=\"woocommerce_loop_add_to_cart_link_describedby_7376\" data-quantity=\"1\" class=\"button product_type_simple\" data-product_id=\"7376\" data-product_sku=\"70320\" aria-label=\"&ldquo;Sar\u0131msak&rdquo; hakk\u0131nda daha fazla bilgi edinin\" rel=\"nofollow\" data-success_message=\"\">Devam\u0131n\u0131 oku<\/a>\t<span id=\"woocommerce_loop_add_to_cart_link_describedby_7376\" class=\"screen-reader-text\">\n\t\t\t<\/span>\n<\/li>\n<li class=\"product type-product post-7796 status-publish last instock product_cat-vegetables product_cat-in-season has-post-thumbnail shipping-taxable product-type-simple\">\n\t<a href=\"https:\/\/peitrade.com\/tr\/product\/tatli-patates\/\" class=\"woocommerce-LoopProduct-link woocommerce-loop-product__link\"><img decoding=\"async\" width=\"300\" height=\"300\" src=\"https:\/\/peitrade.com\/wp-content\/uploads\/2025\/11\/Egyptian-Sweet-Potatoes-300x300.webp\" class=\"attachment-woocommerce_thumbnail size-woocommerce_thumbnail\" alt=\"Egyptian Sweet Potatoes - PEI Trade\" srcset=\"https:\/\/peitrade.com\/wp-content\/uploads\/2025\/11\/Egyptian-Sweet-Potatoes-300x300.webp 300w, https:\/\/peitrade.com\/wp-content\/uploads\/2025\/11\/Egyptian-Sweet-Potatoes-150x150.webp 150w, https:\/\/peitrade.com\/wp-content\/uploads\/2025\/11\/Egyptian-Sweet-Potatoes-768x768.webp 768w, https:\/\/peitrade.com\/wp-content\/uploads\/2025\/11\/Egyptian-Sweet-Potatoes-600x600.webp 600w, https:\/\/peitrade.com\/wp-content\/uploads\/2025\/11\/Egyptian-Sweet-Potatoes-100x100.webp 100w, https:\/\/peitrade.com\/wp-content\/uploads\/2025\/11\/Egyptian-Sweet-Potatoes.webp 1024w\" sizes=\"(max-width: 300px) 100vw, 300px\" title=\"\"><h2 class=\"woocommerce-loop-product__title\">Tatl\u0131 patates<\/h2>\n<\/a><a href=\"https:\/\/peitrade.com\/tr\/product\/tatli-patates\/\" aria-describedby=\"woocommerce_loop_add_to_cart_link_describedby_7796\" data-quantity=\"1\" class=\"button product_type_simple\" data-product_id=\"7796\" data-product_sku=\"71420\" aria-label=\"&ldquo;Tatl\u0131 patates&rdquo; hakk\u0131nda daha fazla bilgi edinin\" rel=\"nofollow\" data-success_message=\"\">Devam\u0131n\u0131 oku<\/a>\t<span id=\"woocommerce_loop_add_to_cart_link_describedby_7796\" class=\"screen-reader-text\">\n\t\t\t<\/span>\n<\/li>\n<\/ul>\n<\/div><\/div>\n<\/div>\n<\/section>\n<section style=\"padding: 50px 20px; background-color: #f9f9f9;\">\n<div class=\"container\">\n<h2>S\u0131k Sorulan Sorular<\/h2>\n<h3>M\u0131s\u0131r\u2019da lahana ihracat sezonu ne zaman?<\/h3>\n<p>Sezon Aral\u0131k &#8211; Nisan aras\u0131nda olur ve en iyi tedarik k\u0131\u015f ortas\u0131nda ger\u00e7ekle\u015fir.<\/p>\n<h3>Lahana ihracat\u00e7\u0131lar\u0131 hangi \u00e7e\u015fitleri sa\u011flar?<\/h3>\n<p>PEI Trade, beyaz ve k\u0131rm\u0131z\u0131 lahana sunar; farkl\u0131 kalite ve ambalaj se\u00e7enekleriyle.<\/p>\n<h3>\u00d6zel etiketleme veya marka kutular\u0131 isteyebilir miyim?<\/h3>\n<p>Evet, \u00e7ok dilli etiketleme ve b\u00f6lgeye \u00f6zel ambalaj sa\u011fl\u0131yoruz.<\/p>\n<h3>Hangi boyutlar mevcut?<\/h3>\n<p>\u0130hracata uygun lahanalar 1,5\u20133,5\u202fkg aras\u0131nda olur; iste\u011fe g\u00f6re ayr\u0131l\u0131r.<\/p>\n<\/div>\n<\/section>\n","protected":false},"excerpt":{"rendered":"<p>M\u0131s\u0131r\u2019\u0131n \u00d6nde Gelen Lahana \u0130hracat\u00e7\u0131lar\u0131 \u2013 PEI Trade &nbsp; M\u0131s\u0131r\u2019\u0131n en g\u00fcvenilir lahana ihracat\u00e7\u0131lar\u0131 aras\u0131nda yer alan PEI Trade, zengin topraklarda ve ideal iklimde yeti\u015ftirilen y\u00fcksek kaliteli beyaz ve k\u0131rm\u0131z\u0131 lahana sunar. \u0130hracat i\u00e7in haz\u0131rlanan lahanalar\u0131m\u0131z, tutarl\u0131 boyut, dayan\u0131kl\u0131l\u0131k ve uzun raf \u00f6mr\u00fcyle toptan sat\u0131\u015f, g\u0131da end\u00fcstrisi ve perakende i\u00e7in m\u00fckemmeldir. PEI Trade, tarladan k\u00fcresel [&hellip;]<\/p>\n","protected":false},"author":1,"featured_media":0,"parent":0,"menu_order":0,"comment_status":"closed","ping_status":"closed","template":"","meta":{"footnotes":""},"class_list":["post-5953","page","type-page","status-publish","hentry"],"blocksy_meta":[],"mb":[],"featured_image_urls_v2":{"full":"","thumbnail":"","medium":"","medium_large":"","large":"","1536x1536":"","2048x2048":"","woocommerce_archive_thumbnail":"","woocommerce_thumbnail":"","woocommerce_single":"","woocommerce_gallery_thumbnail":""},"post_excerpt_stackable_v2":"<p>M\u0131s\u0131r\u2019\u0131n \u00d6nde Gelen Lahana \u0130hracat\u00e7\u0131lar\u0131 \u2013 PEI Trade &nbsp; M\u0131s\u0131r\u2019\u0131n en g\u00fcvenilir lahana ihracat\u00e7\u0131lar\u0131 aras\u0131nda yer alan PEI Trade, zengin topraklarda ve ideal iklimde yeti\u015ftirilen y\u00fcksek kaliteli beyaz ve k\u0131rm\u0131z\u0131 lahana sunar. \u0130hracat i\u00e7in haz\u0131rlanan lahanalar\u0131m\u0131z, tutarl\u0131 boyut, dayan\u0131kl\u0131l\u0131k ve uzun raf \u00f6mr\u00fcyle toptan sat\u0131\u015f, g\u0131da end\u00fcstrisi ve perakende i\u00e7in m\u00fckemmeldir. PEI Trade, tarladan k\u00fcresel nakliyeye kadar kapsaml\u0131 ihracat hizmetleri sunar. Y\u0131llar\u0131n deneyimiyle, t\u00fcm \u00fcr\u00fcnlerin uluslararas\u0131 g\u0131da g\u00fcvenli\u011fi ve fitosaniter standartlar\u0131na uygun olmas\u0131n\u0131 sa\u011fl\u0131yoruz; titiz kalite kontrolleri ve so\u011fuk zincir lojisti\u011fi ile. &nbsp; Kuru beyaz fasulye Devam\u0131n\u0131 oku Patates Devam\u0131n\u0131 oku So\u011fan Devam\u0131n\u0131 oku Taze fasulye Devam\u0131n\u0131 oku PEI Trade,&hellip;<\/p>\n","category_list_v2":"","author_info_v2":{"name":"Mostafa Sabry","url":"https:\/\/peitrade.com\/tr\/author\/emostafaadel_jn8gcqbo\/"},"comments_num_v2":"0 comments","mfb_rest_fields":["title","blocksy_meta","featured_image_urls_v2","post_excerpt_stackable_v2","category_list_v2","author_info_v2","comments_num_v2"],"_links":{"self":[{"href":"https:\/\/peitrade.com\/tr\/wp-json\/wp\/v2\/pages\/5953","targetHints":{"allow":["GET"]}}],"collection":[{"href":"https:\/\/peitrade.com\/tr\/wp-json\/wp\/v2\/pages"}],"about":[{"href":"https:\/\/peitrade.com\/tr\/wp-json\/wp\/v2\/types\/page"}],"author":[{"embeddable":true,"href":"https:\/\/peitrade.com\/tr\/wp-json\/wp\/v2\/users\/1"}],"replies":[{"embeddable":true,"href":"https:\/\/peitrade.com\/tr\/wp-json\/wp\/v2\/comments?post=5953"}],"version-history":[{"count":1,"href":"https:\/\/peitrade.com\/tr\/wp-json\/wp\/v2\/pages\/5953\/revisions"}],"predecessor-version":[{"id":5954,"href":"https:\/\/peitrade.com\/tr\/wp-json\/wp\/v2\/pages\/5953\/revisions\/5954"}],"wp:attachment":[{"href":"https:\/\/peitrade.com\/tr\/wp-json\/wp\/v2\/media?parent=5953"}],"curies":[{"name":"wp","href":"https:\/\/api.w.org\/{rel}","templated":true}]}}