{"id":6002,"date":"2025-06-13T14:07:17","date_gmt":"2025-06-13T14:07:17","guid":{"rendered":"http:\/\/46.224.74.15\/kabak-tedarikcisi\/"},"modified":"2025-11-19T16:47:15","modified_gmt":"2025-11-19T16:47:15","slug":"kabak-tedarikcisi","status":"publish","type":"page","link":"https:\/\/peitrade.com\/tr\/kabak-tedarikcisi\/","title":{"rendered":"Premium kabak tedarik\u00e7isi | PEI Trade"},"content":{"rendered":"<section style=\"padding: 60px 20px; background-color: #f9f9f9;\">\n<div class=\"container\">\n<h1>M\u0131s\u0131rl\u0131 Kabak Tedarik\u00e7isi \u2013 PEI Trade&#8217;den Premium \u0130hracat<\/h1>\n<p>PEI Trade, M\u0131s\u0131r\u2019\u0131n en verimli tar\u0131m b\u00f6lgelerinden taze ve y\u00fcksek kaliteli kabak sunan \u00f6nde gelen tedarik\u00e7ilerindendir. Kabaklar\u0131m\u0131z, zengin mineralli topra\u011fa ve ideal iklime sahip Nil Deltas\u0131\u2019nda yeti\u015ftirilmekte olup \u00fcst\u00fcn lezzet, doku ve raf \u00f6mr\u00fc ile \u00f6ne \u00e7\u0131kar.<\/p>\n<p>Deneyimli ihracat\u00e7\u0131lar olarak, uluslararas\u0131 pazarlar\u0131n taleplerini iyi biliyoruz. M\u0131s\u0131rl\u0131 kabaklar\u0131m\u0131z, toptanc\u0131lar ve perakende zincirlerinin bekledi\u011fi renk tutarl\u0131l\u0131\u011f\u0131, sertlik ve boyut standartlar\u0131n\u0131 kar\u015f\u0131lar. Her hasat, maksimum tazelik ve besin de\u011feri i\u00e7in do\u011fru zamanda yap\u0131l\u0131r. PEI Trade, d\u00fcnya genelinde toplu kabak tedarikinde g\u00fcvenilir orta\u011f\u0131n\u0131zd\u0131r.<\/p>\n<p>Perakende da\u011f\u0131t\u0131m\u0131, g\u0131da i\u015fleme veya g\u0131da hizmetleri i\u00e7in tedarik yap\u0131yorsan\u0131z, s\u00fcrekli kalite ve zaman\u0131nda teslimat sa\u011flayan kabak tedarik\u00e7iniz olarak size destek oluruz.<\/p>\n<\/div>\n<\/section>\n<div class=\"wp-block-woocommerce-product-collection\"><div class=\"woocommerce columns-4 \"><ul class=\"products columns-4\" data-products=\"type-2\">\n<li class=\"product type-product post-7719 status-publish first instock product_cat-legumes product_cat-in-season has-post-thumbnail shipping-taxable product-type-simple\">\n\t<a href=\"https:\/\/peitrade.com\/tr\/product\/kuru-beyaz-fasulye\/\" class=\"woocommerce-LoopProduct-link woocommerce-loop-product__link\"><img decoding=\"async\" width=\"300\" height=\"300\" src=\"https:\/\/peitrade.com\/wp-content\/uploads\/2025\/11\/Egyptian-White-Beans-300x300.webp\" class=\"attachment-woocommerce_thumbnail size-woocommerce_thumbnail\" alt=\"Kuru beyaz fasulye\" srcset=\"https:\/\/peitrade.com\/wp-content\/uploads\/2025\/11\/Egyptian-White-Beans-300x300.webp 300w, https:\/\/peitrade.com\/wp-content\/uploads\/2025\/11\/Egyptian-White-Beans-150x150.webp 150w, https:\/\/peitrade.com\/wp-content\/uploads\/2025\/11\/Egyptian-White-Beans-768x768.webp 768w, https:\/\/peitrade.com\/wp-content\/uploads\/2025\/11\/Egyptian-White-Beans-600x600.webp 600w, https:\/\/peitrade.com\/wp-content\/uploads\/2025\/11\/Egyptian-White-Beans-100x100.webp 100w, https:\/\/peitrade.com\/wp-content\/uploads\/2025\/11\/Egyptian-White-Beans.webp 1024w\" sizes=\"(max-width: 300px) 100vw, 300px\" title=\"\"><h2 class=\"woocommerce-loop-product__title\">Kuru beyaz fasulye<\/h2>\n<\/a><a href=\"https:\/\/peitrade.com\/tr\/product\/kuru-beyaz-fasulye\/\" aria-describedby=\"woocommerce_loop_add_to_cart_link_describedby_7719\" data-quantity=\"1\" class=\"button product_type_simple\" data-product_id=\"7719\" data-product_sku=\"70820\" aria-label=\"&ldquo;Kuru beyaz fasulye&rdquo; hakk\u0131nda daha fazla bilgi edinin\" rel=\"nofollow\" data-success_message=\"\">Devam\u0131n\u0131 oku<\/a>\t<span id=\"woocommerce_loop_add_to_cart_link_describedby_7719\" class=\"screen-reader-text\">\n\t\t\t<\/span>\n<\/li>\n<li class=\"product type-product post-7776 status-publish instock product_cat-vegetables product_cat-in-season has-post-thumbnail shipping-taxable product-type-simple\">\n\t<a href=\"https:\/\/peitrade.com\/tr\/product\/patates\/\" class=\"woocommerce-LoopProduct-link woocommerce-loop-product__link\"><img decoding=\"async\" width=\"300\" height=\"300\" src=\"https:\/\/peitrade.com\/wp-content\/uploads\/2025\/11\/Egyptian-Potatoes-300x300.webp\" class=\"attachment-woocommerce_thumbnail size-woocommerce_thumbnail\" alt=\"Patates\" srcset=\"https:\/\/peitrade.com\/wp-content\/uploads\/2025\/11\/Egyptian-Potatoes-300x300.webp 300w, https:\/\/peitrade.com\/wp-content\/uploads\/2025\/11\/Egyptian-Potatoes-150x150.webp 150w, https:\/\/peitrade.com\/wp-content\/uploads\/2025\/11\/Egyptian-Potatoes-768x768.webp 768w, https:\/\/peitrade.com\/wp-content\/uploads\/2025\/11\/Egyptian-Potatoes-600x600.webp 600w, https:\/\/peitrade.com\/wp-content\/uploads\/2025\/11\/Egyptian-Potatoes-100x100.webp 100w, https:\/\/peitrade.com\/wp-content\/uploads\/2025\/11\/Egyptian-Potatoes.webp 1024w\" sizes=\"(max-width: 300px) 100vw, 300px\" title=\"\"><h2 class=\"woocommerce-loop-product__title\">Patates<\/h2>\n<\/a><a href=\"https:\/\/peitrade.com\/tr\/product\/patates\/\" aria-describedby=\"woocommerce_loop_add_to_cart_link_describedby_7776\" data-quantity=\"1\" class=\"button product_type_simple\" data-product_id=\"7776\" data-product_sku=\"70190\" aria-label=\"&ldquo;Patates&rdquo; hakk\u0131nda daha fazla bilgi edinin\" rel=\"nofollow\" data-success_message=\"\">Devam\u0131n\u0131 oku<\/a>\t<span id=\"woocommerce_loop_add_to_cart_link_describedby_7776\" class=\"screen-reader-text\">\n\t\t\t<\/span>\n<\/li>\n<li class=\"product type-product post-7484 status-publish instock product_cat-vegetables product_cat-in-season has-post-thumbnail shipping-taxable product-type-simple\">\n\t<a href=\"https:\/\/peitrade.com\/tr\/product\/sogan\/\" class=\"woocommerce-LoopProduct-link woocommerce-loop-product__link\"><img decoding=\"async\" width=\"300\" height=\"300\" src=\"https:\/\/peitrade.com\/wp-content\/uploads\/2025\/11\/Egyption-Onion-300x300.webp\" class=\"attachment-woocommerce_thumbnail size-woocommerce_thumbnail\" alt=\"Egyption Onion - PEI Trade\" srcset=\"https:\/\/peitrade.com\/wp-content\/uploads\/2025\/11\/Egyption-Onion-300x300.webp 300w, https:\/\/peitrade.com\/wp-content\/uploads\/2025\/11\/Egyption-Onion-150x150.webp 150w, https:\/\/peitrade.com\/wp-content\/uploads\/2025\/11\/Egyption-Onion-768x768.webp 768w, https:\/\/peitrade.com\/wp-content\/uploads\/2025\/11\/Egyption-Onion-600x600.webp 600w, https:\/\/peitrade.com\/wp-content\/uploads\/2025\/11\/Egyption-Onion-100x100.webp 100w, https:\/\/peitrade.com\/wp-content\/uploads\/2025\/11\/Egyption-Onion.webp 1024w\" sizes=\"(max-width: 300px) 100vw, 300px\" title=\"\"><h2 class=\"woocommerce-loop-product__title\">So\u011fan<\/h2>\n<\/a><a href=\"https:\/\/peitrade.com\/tr\/product\/sogan\/\" aria-describedby=\"woocommerce_loop_add_to_cart_link_describedby_7484\" data-quantity=\"1\" class=\"button product_type_simple\" data-product_id=\"7484\" data-product_sku=\"70310\" aria-label=\"&ldquo;So\u011fan&rdquo; hakk\u0131nda daha fazla bilgi edinin\" rel=\"nofollow\" data-success_message=\"\">Devam\u0131n\u0131 oku<\/a>\t<span id=\"woocommerce_loop_add_to_cart_link_describedby_7484\" class=\"screen-reader-text\">\n\t\t\t<\/span>\n<\/li>\n<li class=\"product type-product post-7540 status-publish last instock product_cat-vegetables product_cat-in-season has-post-thumbnail shipping-taxable product-type-simple\">\n\t<a href=\"https:\/\/peitrade.com\/tr\/product\/taze-fasulye\/\" class=\"woocommerce-LoopProduct-link woocommerce-loop-product__link\"><img decoding=\"async\" width=\"300\" height=\"300\" src=\"https:\/\/peitrade.com\/wp-content\/uploads\/2025\/11\/Egyptian-Green-Beans-300x300.webp\" class=\"attachment-woocommerce_thumbnail size-woocommerce_thumbnail\" alt=\"Taze fasulye\" srcset=\"https:\/\/peitrade.com\/wp-content\/uploads\/2025\/11\/Egyptian-Green-Beans-300x300.webp 300w, https:\/\/peitrade.com\/wp-content\/uploads\/2025\/11\/Egyptian-Green-Beans-150x150.webp 150w, https:\/\/peitrade.com\/wp-content\/uploads\/2025\/11\/Egyptian-Green-Beans-768x768.webp 768w, https:\/\/peitrade.com\/wp-content\/uploads\/2025\/11\/Egyptian-Green-Beans-600x600.webp 600w, https:\/\/peitrade.com\/wp-content\/uploads\/2025\/11\/Egyptian-Green-Beans-100x100.webp 100w, https:\/\/peitrade.com\/wp-content\/uploads\/2025\/11\/Egyptian-Green-Beans.webp 1024w\" sizes=\"(max-width: 300px) 100vw, 300px\" title=\"\"><h2 class=\"woocommerce-loop-product__title\">Taze fasulye<\/h2>\n<\/a><a href=\"https:\/\/peitrade.com\/tr\/product\/taze-fasulye\/\" aria-describedby=\"woocommerce_loop_add_to_cart_link_describedby_7540\" data-quantity=\"1\" class=\"button product_type_simple\" data-product_id=\"7540\" data-product_sku=\"70821\" aria-label=\"&ldquo;Taze fasulye&rdquo; hakk\u0131nda daha fazla bilgi edinin\" rel=\"nofollow\" data-success_message=\"\">Devam\u0131n\u0131 oku<\/a>\t<span id=\"woocommerce_loop_add_to_cart_link_describedby_7540\" class=\"screen-reader-text\">\n\t\t\t<\/span>\n<\/li>\n<\/ul>\n<\/div><\/div>\n<section style=\"padding: 50px 20px;\">\n<h2>Neden PEI Trade&#8217;den M\u0131s\u0131rl\u0131 Kabak Tercih Etmelisiniz?<\/h2>\n<p>M\u0131s\u0131rl\u0131 kabak, uluslararas\u0131 al\u0131c\u0131lar taraf\u0131ndan tercih edilen \u00fcst\u00fcn \u00f6zellikler sunar. Akdeniz iklimi alt\u0131nda yeti\u015ftirilen kabaklar\u0131m\u0131z, canl\u0131 ye\u015fil renk, ince kabuk ve beyaz, sert i\u00e7 dokusu ile dikkat \u00e7eker ve pi\u015firme a\u00e7\u0131s\u0131ndan idealdir.<\/p>\n<p>\u0130hracat ekibimiz, 15-20 cm uzunlu\u011funda ve e\u015fit \u00e7apta olacak \u015fekilde s\u0131n\u0131fland\u0131rma yapan s\u00f6zle\u015fmeli \u00e7ift\u00e7ilerle do\u011frudan \u00e7al\u0131\u015f\u0131r. Geni\u015f hasat sezonu sayesinde, Avrupa arz\u0131n\u0131n s\u0131n\u0131rl\u0131 oldu\u011fu d\u00f6nemlerde bile tedarik yap\u0131labilir ve ithalat\u00e7\u0131lar i\u00e7in rekabet avantaj\u0131 sa\u011flan\u0131r.<\/p>\n<p>Her sevkiyat, hijyenik ko\u015fullarda titizlikle ay\u0131klan\u0131r, y\u0131kan\u0131r ve paketlenir. \u0130hracat kabaklar\u0131m\u0131z, uluslararas\u0131 MRL ve bitki sa\u011fl\u0131\u011f\u0131 standartlar\u0131na uygundur ve sorunsuz g\u00fcmr\u00fck i\u015flemleri sa\u011flar.<\/p>\n<h2>PEI Trade&#8217;in Eksiksiz \u0130hracat S\u00fcreci<\/h2>\n<p>Kabak tedarik\u00e7isi olarak PEI Trade, tedarik zincirinin her a\u015famas\u0131n\u0131 y\u00f6netir. S\u00fcrecimiz \u015funlar\u0131 kapsar:<\/p>\n<ul>\n<li>M\u0131s\u0131r\u2019\u0131n en iyi b\u00f6lgelerindeki sertifikal\u0131 \u00e7ift\u00e7ilerle do\u011frudan i\u015f ortakl\u0131klar\u0131<\/li>\n<li>Uzun raf \u00f6mr\u00fc i\u00e7in ideal olgunlukta hasat<\/li>\n<li>Kalite tutarl\u0131l\u0131\u011f\u0131 sa\u011flayan geli\u015fmi\u015f ay\u0131klama ve s\u0131n\u0131fland\u0131rma<\/li>\n<li>Perakende, g\u0131da hizmeti ve toptan sat\u0131\u015f i\u00e7in esnek ambalaj \u00e7\u00f6z\u00fcmleri<\/li>\n<li>So\u011fuk zincir b\u00fct\u00fcnl\u00fc\u011f\u00fc sa\u011flayan kontroll\u00fc depolama ve ta\u015f\u0131ma<\/li>\n<li>Tam ihracat belgeleri ve yasal uyum deste\u011fi<\/li>\n<\/ul>\n<p>Bu sistematik yakla\u015f\u0131m, PEI Trade\u2019i uluslararas\u0131 pazarlarda en g\u00fcvenilir taze kabak tedarik\u00e7ilerinden biri haline getirmi\u015ftir.<\/p>\n<h2>M\u0131s\u0131rl\u0131 Kaba\u011f\u0131n Kullan\u0131m Alanlar\u0131<\/h2>\n<p>Y\u00fcksek kaliteli kabaklar\u0131m\u0131z, farkl\u0131 sekt\u00f6rlerin ihtiya\u00e7lar\u0131n\u0131 kar\u015f\u0131lar:<\/p>\n<ul>\n<li>Marketler i\u00e7in taze perakende ambalaj<\/li>\n<li>Restoranlar, oteller ve catering firmalar\u0131na g\u0131da hizmeti da\u011f\u0131t\u0131m\u0131<\/li>\n<li>Dondurulmu\u015f, konserve ve haz\u0131r yemek sekt\u00f6rlerinde i\u015fleme<\/li>\n<li>B\u00f6lgesel toptan da\u011f\u0131t\u0131m ve ithalat merkezleri<\/li>\n<li>\u0130kincil i\u015fleyicilere ve paketleyicilere toplu kabak tedariki<\/li>\n<\/ul>\n<p>PEI Trade\u2019in taze \u00fcr\u00fcn konusundaki uzmanl\u0131\u011f\u0131 sayesinde sipari\u015fleriniz m\u00fckemmel durumda teslim edilir. Var\u0131\u015f pazarlar\u0131na uygun \u00f6zel ambalaj ve \u00f6zel etiketleme se\u00e7enekleri sunuyoruz.<\/p>\n<\/section>\n<section style=\"padding: 50px 20px; background-color: #f0f0f0;\">\n<div class=\"container\">\n<h2>Sezonluk Uygunluk ve Tedarik Planlamas\u0131<\/h2>\n<p>M\u0131s\u0131rl\u0131 kabaklar\u0131n hasat d\u00f6nemi Ekim&#8217;den May\u0131s&#8217;a kadar s\u00fcrer ve \u00f6zellikle Aral\u0131k-Mart aylar\u0131 aras\u0131nda y\u00fcksek kalite ve miktarda ihracat yap\u0131labilir. Ekibimiz, sezon boyunca kesintisiz tedarik i\u00e7in hasat ve lojistik s\u00fcre\u00e7lerini koordine eder.<\/p>\n<h2>G\u00fcvenilir Kabak \u0130hracat\u00e7\u0131n\u0131zla \u00c7al\u0131\u015f\u0131n<\/h2>\n<p>\u0130thalat\u00e7\u0131lar, toptanc\u0131lar ve g\u0131da hizmeti al\u0131c\u0131lar\u0131 i\u00e7in PEI Trade, s\u00fcrekli kalite, rekabet\u00e7i fiyatlar ve profesyonel hizmet sunar. \u0130hracat ekibimizle ileti\u015fime ge\u00e7erek pazara \u00f6zel \u00e7\u00f6z\u00fcmler al\u0131n.<\/p>\n<p style=\"text-align: center; margin-top: 40px;\"><a class=\"button primary large\" href=\"\/contact\">Hemen Sipari\u015f Verin<\/a><\/p>\n<\/div>\n<\/section>\n<section style=\"padding: 50px 20px;\">\n<div class=\"container\">\n<h2>M\u0131s\u0131r\u2019dan Di\u011fer Taze \u00dcr\u00fcnler<\/h2>\n<p>Kabak d\u0131\u015f\u0131nda PEI Trade; M\u0131s\u0131r patatesi, so\u011fan, tatl\u0131 patates ve di\u011fer sebzelerin ihracat\u0131n\u0131 da yapmaktad\u0131r. Mevsimsel al\u0131m programlar\u0131 ve uzun vadeli tedarik anla\u015fmalar\u0131 desteklenmektedir. <a href=\"\/about\">\u0130hracat hizmetlerimiz hakk\u0131nda daha fazla bilgi edinin<\/a>.<\/p>\n<div class=\"wp-block-woocommerce-product-collection\"><div class=\"woocommerce columns-4 \"><ul class=\"products columns-4\" data-products=\"type-2\">\n<li class=\"product type-product post-7360 status-publish first instock product_cat-vegetables has-post-thumbnail shipping-taxable product-type-simple\">\n\t<a href=\"https:\/\/peitrade.com\/tr\/product\/domates\/\" class=\"woocommerce-LoopProduct-link woocommerce-loop-product__link\"><img decoding=\"async\" width=\"300\" height=\"300\" src=\"https:\/\/peitrade.com\/wp-content\/uploads\/2025\/11\/Egyptian-Tomatoes-300x300.webp\" class=\"attachment-woocommerce_thumbnail size-woocommerce_thumbnail\" alt=\"Domates\" srcset=\"https:\/\/peitrade.com\/wp-content\/uploads\/2025\/11\/Egyptian-Tomatoes-300x300.webp 300w, https:\/\/peitrade.com\/wp-content\/uploads\/2025\/11\/Egyptian-Tomatoes-150x150.webp 150w, https:\/\/peitrade.com\/wp-content\/uploads\/2025\/11\/Egyptian-Tomatoes-768x768.webp 768w, https:\/\/peitrade.com\/wp-content\/uploads\/2025\/11\/Egyptian-Tomatoes-600x600.webp 600w, https:\/\/peitrade.com\/wp-content\/uploads\/2025\/11\/Egyptian-Tomatoes-100x100.webp 100w, https:\/\/peitrade.com\/wp-content\/uploads\/2025\/11\/Egyptian-Tomatoes.webp 1024w\" sizes=\"(max-width: 300px) 100vw, 300px\" title=\"\"><h2 class=\"woocommerce-loop-product__title\">Domates<\/h2>\n<\/a><a href=\"https:\/\/peitrade.com\/tr\/product\/domates\/\" aria-describedby=\"woocommerce_loop_add_to_cart_link_describedby_7360\" data-quantity=\"1\" class=\"button product_type_simple\" data-product_id=\"7360\" data-product_sku=\"70200\" aria-label=\"&ldquo;Domates&rdquo; hakk\u0131nda daha fazla bilgi edinin\" rel=\"nofollow\" data-success_message=\"\">Devam\u0131n\u0131 oku<\/a>\t<span id=\"woocommerce_loop_add_to_cart_link_describedby_7360\" class=\"screen-reader-text\">\n\t\t\t<\/span>\n<\/li>\n<li class=\"product type-product post-7776 status-publish instock product_cat-vegetables product_cat-in-season has-post-thumbnail shipping-taxable product-type-simple\">\n\t<a href=\"https:\/\/peitrade.com\/tr\/product\/patates\/\" class=\"woocommerce-LoopProduct-link woocommerce-loop-product__link\"><img decoding=\"async\" width=\"300\" height=\"300\" src=\"https:\/\/peitrade.com\/wp-content\/uploads\/2025\/11\/Egyptian-Potatoes-300x300.webp\" class=\"attachment-woocommerce_thumbnail size-woocommerce_thumbnail\" alt=\"Patates\" srcset=\"https:\/\/peitrade.com\/wp-content\/uploads\/2025\/11\/Egyptian-Potatoes-300x300.webp 300w, https:\/\/peitrade.com\/wp-content\/uploads\/2025\/11\/Egyptian-Potatoes-150x150.webp 150w, https:\/\/peitrade.com\/wp-content\/uploads\/2025\/11\/Egyptian-Potatoes-768x768.webp 768w, https:\/\/peitrade.com\/wp-content\/uploads\/2025\/11\/Egyptian-Potatoes-600x600.webp 600w, https:\/\/peitrade.com\/wp-content\/uploads\/2025\/11\/Egyptian-Potatoes-100x100.webp 100w, https:\/\/peitrade.com\/wp-content\/uploads\/2025\/11\/Egyptian-Potatoes.webp 1024w\" sizes=\"(max-width: 300px) 100vw, 300px\" title=\"\"><h2 class=\"woocommerce-loop-product__title\">Patates<\/h2>\n<\/a><a href=\"https:\/\/peitrade.com\/tr\/product\/patates\/\" aria-describedby=\"woocommerce_loop_add_to_cart_link_describedby_7776\" data-quantity=\"1\" class=\"button product_type_simple\" data-product_id=\"7776\" data-product_sku=\"70190\" aria-label=\"&ldquo;Patates&rdquo; hakk\u0131nda daha fazla bilgi edinin\" rel=\"nofollow\" data-success_message=\"\">Devam\u0131n\u0131 oku<\/a>\t<span id=\"woocommerce_loop_add_to_cart_link_describedby_7776\" class=\"screen-reader-text\">\n\t\t\t<\/span>\n<\/li>\n<li class=\"product type-product post-7376 status-publish instock product_cat-vegetables product_cat-in-season has-post-thumbnail shipping-taxable product-type-simple\">\n\t<a href=\"https:\/\/peitrade.com\/tr\/product\/sarimsak\/\" class=\"woocommerce-LoopProduct-link woocommerce-loop-product__link\"><img decoding=\"async\" width=\"300\" height=\"300\" src=\"https:\/\/peitrade.com\/wp-content\/uploads\/2025\/11\/Egyptian-Garlic-300x300.webp\" class=\"attachment-woocommerce_thumbnail size-woocommerce_thumbnail\" alt=\"Sar\u0131msak\" srcset=\"https:\/\/peitrade.com\/wp-content\/uploads\/2025\/11\/Egyptian-Garlic-300x300.webp 300w, https:\/\/peitrade.com\/wp-content\/uploads\/2025\/11\/Egyptian-Garlic-150x150.webp 150w, https:\/\/peitrade.com\/wp-content\/uploads\/2025\/11\/Egyptian-Garlic-768x768.webp 768w, https:\/\/peitrade.com\/wp-content\/uploads\/2025\/11\/Egyptian-Garlic-600x600.webp 600w, https:\/\/peitrade.com\/wp-content\/uploads\/2025\/11\/Egyptian-Garlic-100x100.webp 100w, https:\/\/peitrade.com\/wp-content\/uploads\/2025\/11\/Egyptian-Garlic.webp 1024w\" sizes=\"(max-width: 300px) 100vw, 300px\" title=\"\"><h2 class=\"woocommerce-loop-product__title\">Sar\u0131msak<\/h2>\n<\/a><a href=\"https:\/\/peitrade.com\/tr\/product\/sarimsak\/\" aria-describedby=\"woocommerce_loop_add_to_cart_link_describedby_7376\" data-quantity=\"1\" class=\"button product_type_simple\" data-product_id=\"7376\" data-product_sku=\"70320\" aria-label=\"&ldquo;Sar\u0131msak&rdquo; hakk\u0131nda daha fazla bilgi edinin\" rel=\"nofollow\" data-success_message=\"\">Devam\u0131n\u0131 oku<\/a>\t<span id=\"woocommerce_loop_add_to_cart_link_describedby_7376\" class=\"screen-reader-text\">\n\t\t\t<\/span>\n<\/li>\n<li class=\"product type-product post-7796 status-publish last instock product_cat-vegetables product_cat-in-season has-post-thumbnail shipping-taxable product-type-simple\">\n\t<a href=\"https:\/\/peitrade.com\/tr\/product\/tatli-patates\/\" class=\"woocommerce-LoopProduct-link woocommerce-loop-product__link\"><img decoding=\"async\" width=\"300\" height=\"300\" src=\"https:\/\/peitrade.com\/wp-content\/uploads\/2025\/11\/Egyptian-Sweet-Potatoes-300x300.webp\" class=\"attachment-woocommerce_thumbnail size-woocommerce_thumbnail\" alt=\"Egyptian Sweet Potatoes - PEI Trade\" srcset=\"https:\/\/peitrade.com\/wp-content\/uploads\/2025\/11\/Egyptian-Sweet-Potatoes-300x300.webp 300w, https:\/\/peitrade.com\/wp-content\/uploads\/2025\/11\/Egyptian-Sweet-Potatoes-150x150.webp 150w, https:\/\/peitrade.com\/wp-content\/uploads\/2025\/11\/Egyptian-Sweet-Potatoes-768x768.webp 768w, https:\/\/peitrade.com\/wp-content\/uploads\/2025\/11\/Egyptian-Sweet-Potatoes-600x600.webp 600w, https:\/\/peitrade.com\/wp-content\/uploads\/2025\/11\/Egyptian-Sweet-Potatoes-100x100.webp 100w, https:\/\/peitrade.com\/wp-content\/uploads\/2025\/11\/Egyptian-Sweet-Potatoes.webp 1024w\" sizes=\"(max-width: 300px) 100vw, 300px\" title=\"\"><h2 class=\"woocommerce-loop-product__title\">Tatl\u0131 patates<\/h2>\n<\/a><a href=\"https:\/\/peitrade.com\/tr\/product\/tatli-patates\/\" aria-describedby=\"woocommerce_loop_add_to_cart_link_describedby_7796\" data-quantity=\"1\" class=\"button product_type_simple\" data-product_id=\"7796\" data-product_sku=\"71420\" aria-label=\"&ldquo;Tatl\u0131 patates&rdquo; hakk\u0131nda daha fazla bilgi edinin\" rel=\"nofollow\" data-success_message=\"\">Devam\u0131n\u0131 oku<\/a>\t<span id=\"woocommerce_loop_add_to_cart_link_describedby_7796\" class=\"screen-reader-text\">\n\t\t\t<\/span>\n<\/li>\n<\/ul>\n<\/div><\/div>\n<\/div>\n<\/section>\n<section style=\"padding: 50px 20px; background-color: #f9f9f9;\">\n<div class=\"container\">\n<h2>S\u0131k\u00e7a Sorulan Sorular<\/h2>\n<div>\n<h3>M\u0131s\u0131rl\u0131 kabak ihracat sezonu nedir?<\/h3>\n<p>Ana ihracat d\u00f6nemi Ekim&#8217;den May\u0131s&#8217;a kadard\u0131r; Aral\u0131k-Mart aras\u0131 kalite ve miktar a\u00e7\u0131s\u0131ndan en y\u00fcksek d\u00f6nemdir.<\/p>\n<h3>Toplu kabak sipari\u015fleri i\u00e7in hangi ambalaj se\u00e7enekleri sunuyorsunuz?<\/h3>\n<p>5kg, 10kg ve 15kg karton kutular\u0131n yan\u0131 s\u0131ra ah\u015fap kasalar ve a\u011f torbalarda toplu ambalaj se\u00e7enekleri sunuyoruz.<\/p>\n<h3>Uzun mesafeli ta\u015f\u0131mada kabaklar\u0131n tazeli\u011fi nas\u0131l korunur?<\/h3>\n<p>Hasat sonras\u0131 h\u0131zl\u0131 so\u011futma, s\u0131cakl\u0131k kontroll\u00fc paketleme ve so\u011futmal\u0131 konteyner nakliyesi ile kaliteyi koruyoruz.<\/p>\n<h3>PEI Trade kabak d\u0131\u015f\u0131nda ba\u015fka sebzeler de tedarik ediyor mu?<\/h3>\n<p>Evet. Kar\u0131\u015f\u0131k sevkiyatlarla patates, ye\u015fil fasulye, so\u011fan ve mevsimlik sebzeler de sunuyoruz.<\/p>\n<\/div>\n<\/div>\n<\/section>\n","protected":false},"excerpt":{"rendered":"<p>M\u0131s\u0131rl\u0131 Kabak Tedarik\u00e7isi \u2013 PEI Trade&#8217;den Premium \u0130hracat PEI Trade, M\u0131s\u0131r\u2019\u0131n en verimli tar\u0131m b\u00f6lgelerinden taze ve y\u00fcksek kaliteli kabak sunan \u00f6nde gelen tedarik\u00e7ilerindendir. Kabaklar\u0131m\u0131z, zengin mineralli topra\u011fa ve ideal iklime sahip Nil Deltas\u0131\u2019nda yeti\u015ftirilmekte olup \u00fcst\u00fcn lezzet, doku ve raf \u00f6mr\u00fc ile \u00f6ne \u00e7\u0131kar. Deneyimli ihracat\u00e7\u0131lar olarak, uluslararas\u0131 pazarlar\u0131n taleplerini iyi biliyoruz. M\u0131s\u0131rl\u0131 kabaklar\u0131m\u0131z, [&hellip;]<\/p>\n","protected":false},"author":1,"featured_media":0,"parent":0,"menu_order":0,"comment_status":"closed","ping_status":"closed","template":"","meta":{"footnotes":""},"class_list":["post-6002","page","type-page","status-publish","hentry"],"blocksy_meta":[],"mb":[],"featured_image_urls_v2":{"full":"","thumbnail":"","medium":"","medium_large":"","large":"","1536x1536":"","2048x2048":"","woocommerce_archive_thumbnail":"","woocommerce_thumbnail":"","woocommerce_single":"","woocommerce_gallery_thumbnail":""},"post_excerpt_stackable_v2":"<p>M\u0131s\u0131rl\u0131 Kabak Tedarik\u00e7isi \u2013 PEI Trade&#8217;den Premium \u0130hracat PEI Trade, M\u0131s\u0131r\u2019\u0131n en verimli tar\u0131m b\u00f6lgelerinden taze ve y\u00fcksek kaliteli kabak sunan \u00f6nde gelen tedarik\u00e7ilerindendir. Kabaklar\u0131m\u0131z, zengin mineralli topra\u011fa ve ideal iklime sahip Nil Deltas\u0131\u2019nda yeti\u015ftirilmekte olup \u00fcst\u00fcn lezzet, doku ve raf \u00f6mr\u00fc ile \u00f6ne \u00e7\u0131kar. Deneyimli ihracat\u00e7\u0131lar olarak, uluslararas\u0131 pazarlar\u0131n taleplerini iyi biliyoruz. M\u0131s\u0131rl\u0131 kabaklar\u0131m\u0131z, toptanc\u0131lar ve perakende zincirlerinin bekledi\u011fi renk tutarl\u0131l\u0131\u011f\u0131, sertlik ve boyut standartlar\u0131n\u0131 kar\u015f\u0131lar. Her hasat, maksimum tazelik ve besin de\u011feri i\u00e7in do\u011fru zamanda yap\u0131l\u0131r. PEI Trade, d\u00fcnya genelinde toplu kabak tedarikinde g\u00fcvenilir orta\u011f\u0131n\u0131zd\u0131r. Perakende da\u011f\u0131t\u0131m\u0131, g\u0131da i\u015fleme veya g\u0131da hizmetleri i\u00e7in tedarik yap\u0131yorsan\u0131z, s\u00fcrekli kalite ve&hellip;<\/p>\n","category_list_v2":"","author_info_v2":{"name":"Mostafa Sabry","url":"https:\/\/peitrade.com\/tr\/author\/emostafaadel_jn8gcqbo\/"},"comments_num_v2":"0 comments","mfb_rest_fields":["title","blocksy_meta","featured_image_urls_v2","post_excerpt_stackable_v2","category_list_v2","author_info_v2","comments_num_v2"],"_links":{"self":[{"href":"https:\/\/peitrade.com\/tr\/wp-json\/wp\/v2\/pages\/6002","targetHints":{"allow":["GET"]}}],"collection":[{"href":"https:\/\/peitrade.com\/tr\/wp-json\/wp\/v2\/pages"}],"about":[{"href":"https:\/\/peitrade.com\/tr\/wp-json\/wp\/v2\/types\/page"}],"author":[{"embeddable":true,"href":"https:\/\/peitrade.com\/tr\/wp-json\/wp\/v2\/users\/1"}],"replies":[{"embeddable":true,"href":"https:\/\/peitrade.com\/tr\/wp-json\/wp\/v2\/comments?post=6002"}],"version-history":[{"count":1,"href":"https:\/\/peitrade.com\/tr\/wp-json\/wp\/v2\/pages\/6002\/revisions"}],"predecessor-version":[{"id":6003,"href":"https:\/\/peitrade.com\/tr\/wp-json\/wp\/v2\/pages\/6002\/revisions\/6003"}],"wp:attachment":[{"href":"https:\/\/peitrade.com\/tr\/wp-json\/wp\/v2\/media?parent=6002"}],"curies":[{"name":"wp","href":"https:\/\/api.w.org\/{rel}","templated":true}]}}