{"id":6012,"date":"2025-06-16T12:33:07","date_gmt":"2025-06-16T12:33:07","guid":{"rendered":"http:\/\/46.224.74.15\/toplu-kavunlar-satilik\/"},"modified":"2025-11-19T16:47:19","modified_gmt":"2025-11-19T16:47:19","slug":"toplu-kavunlar-satilik","status":"publish","type":"page","link":"https:\/\/peitrade.com\/tr\/toplu-kavunlar-satilik\/","title":{"rendered":"Toplu Kavunlar Sat\u0131l\u0131k \u2013 G\u00fcvenilir M\u0131s\u0131r \u0130hracat\u00e7\u0131s\u0131"},"content":{"rendered":"<section style=\"padding: 60px 20px; background-color: #f9f9f9;\">\n<div class=\"container\">\n<p>Kaliteli<strong> Toplu Kavunlar Sat\u0131l\u0131k<\/strong>\u00a0m\u0131 ar\u0131yorsunuz? PEI Trade, M\u0131s\u0131r g\u00fcne\u015fi alt\u0131nda yeti\u015ftirilen tatl\u0131, sulu ve ihracata haz\u0131r kavunlar i\u00e7in g\u00fcvenilir tedarik\u00e7inizdir. M\u0131s\u0131r\u2019\u0131n \u00f6nde gelen <b>kavun tedarik\u00e7ileri<\/b> aras\u0131nda yer alan firmam\u0131z, toptanc\u0131lar, ithalat\u00e7\u0131lar ve taze \u00fcr\u00fcn markalar\u0131 i\u00e7in m\u00fckemmel olan \u00fcst\u00fcn lezzet, g\u00f6r\u00fcn\u00fcm ve raf \u00f6mr\u00fcne sahip kavunlar\u0131 \u00f6zenle se\u00e7erek sunar.<\/p>\n<p>Rekabet\u00e7i <b>kavun toptan fiyatlar\u0131<\/b>, ihracat standard\u0131nda ambalajlar\u0131m\u0131z ve tazeli\u011fe olan ba\u011fl\u0131l\u0131\u011f\u0131m\u0131z, bizi mevsimlik veya y\u0131l boyunca s\u00fcren tedariklerinizde g\u00fcvenilir bir i\u015f orta\u011f\u0131 yapar.<\/p>\n<\/div>\n<\/section>\n<div class=\"wp-block-woocommerce-product-collection\"><div class=\"woocommerce columns-4 \"><ul class=\"products columns-4\" data-products=\"type-2\">\n<li class=\"product type-product post-7671 status-publish first instock product_cat-fruits has-post-thumbnail shipping-taxable product-type-simple\">\n\t<a href=\"https:\/\/peitrade.com\/tr\/product\/cilek\/\" class=\"woocommerce-LoopProduct-link woocommerce-loop-product__link\"><img decoding=\"async\" width=\"300\" height=\"300\" src=\"https:\/\/peitrade.com\/wp-content\/uploads\/2025\/11\/Egyptian-Strawberries-300x300.webp\" class=\"attachment-woocommerce_thumbnail size-woocommerce_thumbnail\" alt=\"\u00c7ilek\" srcset=\"https:\/\/peitrade.com\/wp-content\/uploads\/2025\/11\/Egyptian-Strawberries-300x300.webp 300w, https:\/\/peitrade.com\/wp-content\/uploads\/2025\/11\/Egyptian-Strawberries-150x150.webp 150w, https:\/\/peitrade.com\/wp-content\/uploads\/2025\/11\/Egyptian-Strawberries-768x768.webp 768w, https:\/\/peitrade.com\/wp-content\/uploads\/2025\/11\/Egyptian-Strawberries-600x600.webp 600w, https:\/\/peitrade.com\/wp-content\/uploads\/2025\/11\/Egyptian-Strawberries-100x100.webp 100w, https:\/\/peitrade.com\/wp-content\/uploads\/2025\/11\/Egyptian-Strawberries.webp 1024w\" sizes=\"(max-width: 300px) 100vw, 300px\" title=\"\"><h2 class=\"woocommerce-loop-product__title\">\u00c7ilek<\/h2>\n<\/a><a href=\"https:\/\/peitrade.com\/tr\/product\/cilek\/\" aria-describedby=\"woocommerce_loop_add_to_cart_link_describedby_7671\" data-quantity=\"1\" class=\"button product_type_simple\" data-product_id=\"7671\" data-product_sku=\"81010\" aria-label=\"&ldquo;\u00c7ilek&rdquo; hakk\u0131nda daha fazla bilgi edinin\" rel=\"nofollow\" data-success_message=\"\">Devam\u0131n\u0131 oku<\/a>\t<span id=\"woocommerce_loop_add_to_cart_link_describedby_7671\" class=\"screen-reader-text\">\n\t\t\t<\/span>\n<\/li>\n<li class=\"product type-product post-7542 status-publish instock product_cat-fruits product_cat-in-season has-post-thumbnail shipping-taxable product-type-simple\">\n\t<a href=\"https:\/\/peitrade.com\/tr\/product\/limon\/\" class=\"woocommerce-LoopProduct-link woocommerce-loop-product__link\"><img decoding=\"async\" width=\"300\" height=\"300\" src=\"https:\/\/peitrade.com\/wp-content\/uploads\/2025\/11\/Egyptian-Lemons-300x300.webp\" class=\"attachment-woocommerce_thumbnail size-woocommerce_thumbnail\" alt=\"Limon\" srcset=\"https:\/\/peitrade.com\/wp-content\/uploads\/2025\/11\/Egyptian-Lemons-300x300.webp 300w, https:\/\/peitrade.com\/wp-content\/uploads\/2025\/11\/Egyptian-Lemons-150x150.webp 150w, https:\/\/peitrade.com\/wp-content\/uploads\/2025\/11\/Egyptian-Lemons-768x768.webp 768w, https:\/\/peitrade.com\/wp-content\/uploads\/2025\/11\/Egyptian-Lemons-600x600.webp 600w, https:\/\/peitrade.com\/wp-content\/uploads\/2025\/11\/Egyptian-Lemons-100x100.webp 100w, https:\/\/peitrade.com\/wp-content\/uploads\/2025\/11\/Egyptian-Lemons.webp 1024w\" sizes=\"(max-width: 300px) 100vw, 300px\" title=\"\"><h2 class=\"woocommerce-loop-product__title\">Limon<\/h2>\n<\/a><a href=\"https:\/\/peitrade.com\/tr\/product\/limon\/\" aria-describedby=\"woocommerce_loop_add_to_cart_link_describedby_7542\" data-quantity=\"1\" class=\"button product_type_simple\" data-product_id=\"7542\" data-product_sku=\"80550\" aria-label=\"&ldquo;Limon&rdquo; hakk\u0131nda daha fazla bilgi edinin\" rel=\"nofollow\" data-success_message=\"\">Devam\u0131n\u0131 oku<\/a>\t<span id=\"woocommerce_loop_add_to_cart_link_describedby_7542\" class=\"screen-reader-text\">\n\t\t\t<\/span>\n<\/li>\n<li class=\"product type-product post-7648 status-publish instock product_cat-fruits has-post-thumbnail shipping-taxable product-type-simple\">\n\t<a href=\"https:\/\/peitrade.com\/tr\/product\/mango\/\" class=\"woocommerce-LoopProduct-link woocommerce-loop-product__link\"><img decoding=\"async\" width=\"300\" height=\"300\" src=\"https:\/\/peitrade.com\/wp-content\/uploads\/2025\/11\/Egyption-Mango-300x300.webp\" class=\"attachment-woocommerce_thumbnail size-woocommerce_thumbnail\" alt=\"Mangoes: Egypt\u2019s Tropical Treasure\" srcset=\"https:\/\/peitrade.com\/wp-content\/uploads\/2025\/11\/Egyption-Mango-300x300.webp 300w, https:\/\/peitrade.com\/wp-content\/uploads\/2025\/11\/Egyption-Mango-150x150.webp 150w, https:\/\/peitrade.com\/wp-content\/uploads\/2025\/11\/Egyption-Mango-768x768.webp 768w, https:\/\/peitrade.com\/wp-content\/uploads\/2025\/11\/Egyption-Mango-600x600.webp 600w, https:\/\/peitrade.com\/wp-content\/uploads\/2025\/11\/Egyption-Mango-100x100.webp 100w, https:\/\/peitrade.com\/wp-content\/uploads\/2025\/11\/Egyption-Mango.webp 1024w\" sizes=\"(max-width: 300px) 100vw, 300px\" title=\"\"><h2 class=\"woocommerce-loop-product__title\">Mango<\/h2>\n<\/a><a href=\"https:\/\/peitrade.com\/tr\/product\/mango\/\" aria-describedby=\"woocommerce_loop_add_to_cart_link_describedby_7648\" data-quantity=\"1\" class=\"button product_type_simple\" data-product_id=\"7648\" data-product_sku=\"80450\" aria-label=\"&ldquo;Mango&rdquo; hakk\u0131nda daha fazla bilgi edinin\" rel=\"nofollow\" data-success_message=\"\">Devam\u0131n\u0131 oku<\/a>\t<span id=\"woocommerce_loop_add_to_cart_link_describedby_7648\" class=\"screen-reader-text\">\n\t\t\t<\/span>\n<\/li>\n<li class=\"product type-product post-7444 status-publish last instock product_cat-fruits product_cat-in-season has-post-thumbnail shipping-taxable product-type-simple\">\n\t<a href=\"https:\/\/peitrade.com\/tr\/product\/portakallar\/\" class=\"woocommerce-LoopProduct-link woocommerce-loop-product__link\"><img decoding=\"async\" width=\"300\" height=\"300\" src=\"https:\/\/peitrade.com\/wp-content\/uploads\/2025\/11\/Egyptian-Oranges-300x300.webp\" class=\"attachment-woocommerce_thumbnail size-woocommerce_thumbnail\" alt=\"M\u0131s\u0131r\u2019\u0131n Kanada\u2019ya portakal ihracat\u0131\" srcset=\"https:\/\/peitrade.com\/wp-content\/uploads\/2025\/11\/Egyptian-Oranges-300x300.webp 300w, https:\/\/peitrade.com\/wp-content\/uploads\/2025\/11\/Egyptian-Oranges-150x150.webp 150w, https:\/\/peitrade.com\/wp-content\/uploads\/2025\/11\/Egyptian-Oranges-768x768.webp 768w, https:\/\/peitrade.com\/wp-content\/uploads\/2025\/11\/Egyptian-Oranges-600x600.webp 600w, https:\/\/peitrade.com\/wp-content\/uploads\/2025\/11\/Egyptian-Oranges-100x100.webp 100w, https:\/\/peitrade.com\/wp-content\/uploads\/2025\/11\/Egyptian-Oranges.webp 1024w\" sizes=\"(max-width: 300px) 100vw, 300px\" title=\"\"><h2 class=\"woocommerce-loop-product__title\">Portakallar<\/h2>\n<\/a><a href=\"https:\/\/peitrade.com\/tr\/product\/portakallar\/\" aria-describedby=\"woocommerce_loop_add_to_cart_link_describedby_7444\" data-quantity=\"1\" class=\"button product_type_simple\" data-product_id=\"7444\" data-product_sku=\"80510\" aria-label=\"&ldquo;Portakallar&rdquo; hakk\u0131nda daha fazla bilgi edinin\" rel=\"nofollow\" data-success_message=\"\">Devam\u0131n\u0131 oku<\/a>\t<span id=\"woocommerce_loop_add_to_cart_link_describedby_7444\" class=\"screen-reader-text\">\n\t\t\t<\/span>\n<\/li>\n<\/ul>\n<\/div><\/div>\n<section style=\"padding: 50px 20px;\">\n<div class=\"container\">\n<h2>Neden Toplu Kavun Tedariki \u0130\u00e7in PEI Trade\u2019i Se\u00e7melisiniz?<\/h2>\n<p><span style=\"font-weight: 400;\">\u0130\u015fte m\u00fc\u015fterilerimizin M\u0131s\u0131r&#8217;dan <b>toplu kavun<\/b> tedarik ederken bize g\u00fcvenmelerinin sebepleri:<\/span><\/p>\n<ul>\n<li>Y\u00fcksek Brix seviyelerinde tatl\u0131l\u0131k ve canl\u0131 renk<\/li>\n<li>\u0130hracat ve perakende te\u015fhir i\u00e7in ideal olan standart \u015fekil ve boyut<\/li>\n<li>Uzun mesafe ta\u015f\u0131maya uygun g\u00fc\u00e7l\u00fc do\u011fal dayan\u0131kl\u0131l\u0131k<\/li>\n<li>Sertifikal\u0131 M\u0131s\u0131r \u00e7iftliklerinden tam izlenebilirlik<\/li>\n<li>Toptan veya perakende ihtiya\u00e7lar\u0131na uygun esnek ambalaj se\u00e7enekleri<\/li>\n<\/ul>\n<p><span style=\"font-weight: 400;\">GAP sertifikal\u0131 \u00e7iftliklerle gururla \u00e7al\u0131\u015f\u0131yor ve her a\u015famay\u0131 kontrol ederek tutarl\u0131l\u0131k, g\u00fcvenlik ve g\u00f6rsel kalite sa\u011fl\u0131yoruz.<\/span><\/p>\n<h2>M\u0131s\u0131r\u2019\u0131n \u00d6nde Gelen Kavun \u0130hracat\u00e7\u0131lar\u0131<\/h2>\n<p><span style=\"font-weight: 400;\">Deneyimli bir <b>kavun ihracat\u00e7\u0131s\u0131<\/b> olarak ithalat s\u00fcrecinizi \u015fu \u015fekilde kolayla\u015ft\u0131r\u0131yoruz:<\/span><\/p>\n<ul>\n<li>Olgunlu\u011fun zirvesinde ideal hasat<\/li>\n<li>Hasat sonras\u0131 so\u011futma ve kalite kontrolleri<\/li>\n<li>Tatl\u0131l\u0131k, boyut ve kabuk rengine g\u00f6re s\u0131n\u0131fland\u0131rma<\/li>\n<li>\u00d6zel karton boyutlar\u0131 ve toplu kasalar<\/li>\n<li>Tam ihracat evraklar\u0131 ve uygunluk belgeleri<\/li>\n<\/ul>\n<p><span style=\"font-weight: 400;\">Tedarik zinciri uzmanl\u0131\u011f\u0131m\u0131z ve k\u00fcresel lojistik deste\u011fimizle, \u00e7iftlikten var\u0131\u015f liman\u0131na kadar sorunsuz bir s\u00fcre\u00e7 sa\u011fl\u0131yoruz.<\/span><\/p>\n<h2>Hasat Takvimi ve Mevsimsellik<\/h2>\n<p style=\"font-weight: 400;\">M\u0131s\u0131r\u2019\u0131n elveri\u015fli iklimi sayesinde <b>M\u0131s\u0131r kavun tedarik\u00e7isi<\/b> program\u0131m\u0131z Mart\u2013May\u0131s ve Haziran\u2013Temmuz olmak \u00fczere iki ana \u00fcretim d\u00f6nemi sunar. Bu da uluslararas\u0131 m\u00fc\u015fterilerimize s\u00fcrekli ve zaman\u0131nda tedarik olana\u011f\u0131 sa\u011flar.<\/p>\n<h3>Toplu Kavunlar\u0131m\u0131z\u0131 Kimler Sat\u0131n Al\u0131yor?<\/h3>\n<ul>\n<li><b>\u0130thalat\u00e7\u0131lar:<\/b> En iyi <b>kavun toptan fiyat\u0131<\/b> ile g\u00fcvenilir hacimli al\u0131m<\/li>\n<li><b>Perakendeciler:<\/b> Raf i\u00e7in haz\u0131r, g\u00f6rsel olarak \u00e7ekici ve tatl\u0131 kavunlar<\/li>\n<li><b>Distrib\u00fct\u00f6rler:<\/b> Otelcilik ve i\u015fleme sekt\u00f6r\u00fc i\u00e7in toplu hacimler<\/li>\n<li><b>Markalar:<\/b> \u00d6zel etiketli, \u00f6zel ambalajl\u0131 \u00fcr\u00fcnler<\/li>\n<\/ul>\n<h3>Uluslararas\u0131 \u0130hracat Pazarlar\u0131<\/h3>\n<p><span style=\"font-weight: 400;\">G\u00fcvenilir bir <b>M\u0131s\u0131r kavun tedarik\u00e7isi<\/b> olarak PEI Trade a\u015fa\u011f\u0131daki b\u00f6lgelere ihracat yapmaktad\u0131r:<\/span><\/p>\n<ul>\n<li>Avrupa (Fransa, Birle\u015fik Krall\u0131k, Hollanda, \u0130spanya)<\/li>\n<li>Orta Do\u011fu (BAE, Kuveyt, Katar, Suudi Arabistan)<\/li>\n<li>Asya (Malezya, Hindistan, Vietnam)<\/li>\n<li>Afrika (Kenya, Nijerya, G\u00fcney Afrika)<\/li>\n<\/ul>\n<p><span style=\"font-weight: 400;\">Pazar\u0131n\u0131z nerede olursa olsun, taze kavunlar\u0131 \u00f6zenli ta\u015f\u0131ma ve zaman\u0131nda koordinasyonla teslim ediyoruz.<\/span><\/p>\n<h2>Kavunlar \u0130\u00e7in \u0130hracat Ambalaj\u0131<\/h2>\n<ul>\n<li>Tazelik ve hava ak\u0131\u015f\u0131 i\u00e7in 5\u201310 kg havaland\u0131rmal\u0131 kartonlar<\/li>\n<li>B\u00fcy\u00fck hacimli ta\u015f\u0131ma i\u00e7in toplu kasalar<\/li>\n<li>Perakende sunum i\u00e7in \u00f6zel bask\u0131l\u0131 kutular<\/li>\n<li>Sevkiyat i\u00e7in optimize edilmi\u015f paletli birimler<\/li>\n<\/ul>\n<p style=\"font-weight: 400;\">T\u00fcm ambalaj se\u00e7eneklerimiz ihracata haz\u0131r ve uluslararas\u0131 hijyen ile lojistik standartlar\u0131na uygundur.<\/p>\n<\/div>\n<\/section>\n<section style=\"padding: 50px 20px; background-color: #f0f0f0;\">\n<div class=\"container\">\n<h2>PEI Trade ile Ortakl\u0131k Kurun \u2013 G\u00fcvenilir M\u0131s\u0131r Kavun Tedarik\u00e7isi<\/h2>\n<p>Tutarl\u0131 kalite, adil fiyatland\u0131rma ve \u015feffaf hizmet mi ar\u0131yorsunuz? <b>Toplu kavun sat\u0131\u015f\u0131<\/b> konusunda PEI Trade sizin g\u00fcvenilir i\u015f orta\u011f\u0131n\u0131zd\u0131r.<\/p>\n<p>Sadece tedarik sunmakla kalm\u0131yoruz \u2013 ekibimiz, ilk talepten nihai teslimata kadar tam destek sunarak her m\u00fc\u015fteriyle g\u00fc\u00e7l\u00fc ili\u015fkiler kurar.<\/p>\n<h2>Fiyat Teklifi Al\u0131n veya Numune Talep Edin<\/h2>\n<p>\u00dcst d\u00fczey M\u0131s\u0131r kavunlar\u0131m\u0131z i\u00e7in uygunluk kontrol\u00fc, fiyat alma veya numune talebi i\u00e7in ekibimizle ileti\u015fime ge\u00e7in.<\/p>\n<p style=\"text-align: center; margin-top: 40px;\"><a class=\"button primary large\" href=\"\/contact\">\u015eimdi Sipari\u015f Verin<\/a><\/p>\n<\/div>\n<\/section>\n<section style=\"padding: 50px 20px;\">\n<div class=\"container\">\n<h2>PEI Trade\u2019in Di\u011fer Tar\u0131m \u00dcr\u00fcnlerini Ke\u015ffedin<\/h2>\n<p>&nbsp;<\/p>\n<p>Kavunlara ek olarak, PEI Trade \u00fcz\u00fcm, portakal, patates ve kuru fasulye gibi \u00e7ok \u00e7e\u015fitli premium M\u0131s\u0131r \u00fcr\u00fcnleri de sunar. Tedarik stratejinizi ihracat portf\u00f6y\u00fcm\u00fczle g\u00fc\u00e7lendirin. <a href=\"\/about\">\u0130hracatlar\u0131m\u0131z hakk\u0131nda daha fazla bilgi edinin<\/a>.<\/p>\n<div class=\"wp-block-woocommerce-product-collection\"><div class=\"woocommerce columns-4 \"><ul class=\"products columns-4\" data-products=\"type-2\">\n<li class=\"product type-product post-7583 status-publish first instock product_cat-fruits product_cat-in-season has-post-thumbnail shipping-taxable product-type-simple\">\n\t<a href=\"https:\/\/peitrade.com\/tr\/product\/guava\/\" class=\"woocommerce-LoopProduct-link woocommerce-loop-product__link\"><img decoding=\"async\" width=\"300\" height=\"300\" src=\"https:\/\/peitrade.com\/wp-content\/uploads\/2025\/11\/Egyptian-Guava-300x300.webp\" class=\"attachment-woocommerce_thumbnail size-woocommerce_thumbnail\" alt=\"Egyptian Guava\" srcset=\"https:\/\/peitrade.com\/wp-content\/uploads\/2025\/11\/Egyptian-Guava-300x300.webp 300w, https:\/\/peitrade.com\/wp-content\/uploads\/2025\/11\/Egyptian-Guava-150x150.webp 150w, https:\/\/peitrade.com\/wp-content\/uploads\/2025\/11\/Egyptian-Guava-768x768.webp 768w, https:\/\/peitrade.com\/wp-content\/uploads\/2025\/11\/Egyptian-Guava-600x600.webp 600w, https:\/\/peitrade.com\/wp-content\/uploads\/2025\/11\/Egyptian-Guava-100x100.webp 100w, https:\/\/peitrade.com\/wp-content\/uploads\/2025\/11\/Egyptian-Guava.webp 1024w\" sizes=\"(max-width: 300px) 100vw, 300px\" title=\"\"><h2 class=\"woocommerce-loop-product__title\">Guava<\/h2>\n<\/a><a href=\"https:\/\/peitrade.com\/tr\/product\/guava\/\" aria-describedby=\"woocommerce_loop_add_to_cart_link_describedby_7583\" data-quantity=\"1\" class=\"button product_type_simple\" data-product_id=\"7583\" data-product_sku=\"80451\" aria-label=\"&ldquo;Guava&rdquo; hakk\u0131nda daha fazla bilgi edinin\" rel=\"nofollow\" data-success_message=\"\">Devam\u0131n\u0131 oku<\/a>\t<span id=\"woocommerce_loop_add_to_cart_link_describedby_7583\" class=\"screen-reader-text\">\n\t\t\t<\/span>\n<\/li>\n<li class=\"product type-product post-7745 status-publish instock product_cat-fruits has-post-thumbnail shipping-taxable product-type-simple\">\n\t<a href=\"https:\/\/peitrade.com\/tr\/product\/nar\/\" class=\"woocommerce-LoopProduct-link woocommerce-loop-product__link\"><img decoding=\"async\" width=\"300\" height=\"300\" src=\"https:\/\/peitrade.com\/wp-content\/uploads\/2025\/11\/Egyptian-Pomegranate-300x300.webp\" class=\"attachment-woocommerce_thumbnail size-woocommerce_thumbnail\" alt=\"Pomegranates: The Superfruit Appeal\" srcset=\"https:\/\/peitrade.com\/wp-content\/uploads\/2025\/11\/Egyptian-Pomegranate-300x300.webp 300w, https:\/\/peitrade.com\/wp-content\/uploads\/2025\/11\/Egyptian-Pomegranate-150x150.webp 150w, https:\/\/peitrade.com\/wp-content\/uploads\/2025\/11\/Egyptian-Pomegranate-768x768.webp 768w, https:\/\/peitrade.com\/wp-content\/uploads\/2025\/11\/Egyptian-Pomegranate-600x600.webp 600w, https:\/\/peitrade.com\/wp-content\/uploads\/2025\/11\/Egyptian-Pomegranate-100x100.webp 100w, https:\/\/peitrade.com\/wp-content\/uploads\/2025\/11\/Egyptian-Pomegranate.webp 1024w\" sizes=\"(max-width: 300px) 100vw, 300px\" title=\"\"><h2 class=\"woocommerce-loop-product__title\">Nar<\/h2>\n<\/a><a href=\"https:\/\/peitrade.com\/tr\/product\/nar\/\" aria-describedby=\"woocommerce_loop_add_to_cart_link_describedby_7745\" data-quantity=\"1\" class=\"button product_type_simple\" data-product_id=\"7745\" data-product_sku=\"81090\" aria-label=\"&ldquo;Nar&rdquo; hakk\u0131nda daha fazla bilgi edinin\" rel=\"nofollow\" data-success_message=\"\">Devam\u0131n\u0131 oku<\/a>\t<span id=\"woocommerce_loop_add_to_cart_link_describedby_7745\" class=\"screen-reader-text\">\n\t\t\t<\/span>\n<\/li>\n<li class=\"product type-product post-7444 status-publish instock product_cat-fruits product_cat-in-season has-post-thumbnail shipping-taxable product-type-simple\">\n\t<a href=\"https:\/\/peitrade.com\/tr\/product\/portakallar\/\" class=\"woocommerce-LoopProduct-link woocommerce-loop-product__link\"><img decoding=\"async\" width=\"300\" height=\"300\" src=\"https:\/\/peitrade.com\/wp-content\/uploads\/2025\/11\/Egyptian-Oranges-300x300.webp\" class=\"attachment-woocommerce_thumbnail size-woocommerce_thumbnail\" alt=\"M\u0131s\u0131r\u2019\u0131n Kanada\u2019ya portakal ihracat\u0131\" srcset=\"https:\/\/peitrade.com\/wp-content\/uploads\/2025\/11\/Egyptian-Oranges-300x300.webp 300w, https:\/\/peitrade.com\/wp-content\/uploads\/2025\/11\/Egyptian-Oranges-150x150.webp 150w, https:\/\/peitrade.com\/wp-content\/uploads\/2025\/11\/Egyptian-Oranges-768x768.webp 768w, https:\/\/peitrade.com\/wp-content\/uploads\/2025\/11\/Egyptian-Oranges-600x600.webp 600w, https:\/\/peitrade.com\/wp-content\/uploads\/2025\/11\/Egyptian-Oranges-100x100.webp 100w, https:\/\/peitrade.com\/wp-content\/uploads\/2025\/11\/Egyptian-Oranges.webp 1024w\" sizes=\"(max-width: 300px) 100vw, 300px\" title=\"\"><h2 class=\"woocommerce-loop-product__title\">Portakallar<\/h2>\n<\/a><a href=\"https:\/\/peitrade.com\/tr\/product\/portakallar\/\" aria-describedby=\"woocommerce_loop_add_to_cart_link_describedby_7444\" data-quantity=\"1\" class=\"button product_type_simple\" data-product_id=\"7444\" data-product_sku=\"80510\" aria-label=\"&ldquo;Portakallar&rdquo; hakk\u0131nda daha fazla bilgi edinin\" rel=\"nofollow\" data-success_message=\"\">Devam\u0131n\u0131 oku<\/a>\t<span id=\"woocommerce_loop_add_to_cart_link_describedby_7444\" class=\"screen-reader-text\">\n\t\t\t<\/span>\n<\/li>\n<li class=\"product type-product post-7589 status-publish last instock product_cat-fruits has-post-thumbnail shipping-taxable product-type-simple\">\n\t<a href=\"https:\/\/peitrade.com\/tr\/product\/uzum\/\" class=\"woocommerce-LoopProduct-link woocommerce-loop-product__link\"><img decoding=\"async\" width=\"300\" height=\"300\" src=\"https:\/\/peitrade.com\/wp-content\/uploads\/2025\/11\/Egyptian-Grapes-300x300.webp\" class=\"attachment-woocommerce_thumbnail size-woocommerce_thumbnail\" alt=\"Grapes: A Rising Star\" srcset=\"https:\/\/peitrade.com\/wp-content\/uploads\/2025\/11\/Egyptian-Grapes-300x300.webp 300w, https:\/\/peitrade.com\/wp-content\/uploads\/2025\/11\/Egyptian-Grapes-150x150.webp 150w, https:\/\/peitrade.com\/wp-content\/uploads\/2025\/11\/Egyptian-Grapes-768x768.webp 768w, https:\/\/peitrade.com\/wp-content\/uploads\/2025\/11\/Egyptian-Grapes-600x600.webp 600w, https:\/\/peitrade.com\/wp-content\/uploads\/2025\/11\/Egyptian-Grapes-100x100.webp 100w, https:\/\/peitrade.com\/wp-content\/uploads\/2025\/11\/Egyptian-Grapes.webp 1024w\" sizes=\"(max-width: 300px) 100vw, 300px\" title=\"\"><h2 class=\"woocommerce-loop-product__title\">\u00dcz\u00fcm<\/h2>\n<\/a><a href=\"https:\/\/peitrade.com\/tr\/product\/uzum\/\" aria-describedby=\"woocommerce_loop_add_to_cart_link_describedby_7589\" data-quantity=\"1\" class=\"button product_type_simple\" data-product_id=\"7589\" data-product_sku=\"80610\" aria-label=\"&ldquo;\u00dcz\u00fcm&rdquo; hakk\u0131nda daha fazla bilgi edinin\" rel=\"nofollow\" data-success_message=\"\">Devam\u0131n\u0131 oku<\/a>\t<span id=\"woocommerce_loop_add_to_cart_link_describedby_7589\" class=\"screen-reader-text\">\n\t\t\t<\/span>\n<\/li>\n<\/ul>\n<\/div><\/div>\n<\/div>\n<\/section>\n<section style=\"padding: 50px 20px; background-color: #f9f9f9;\">\n<div class=\"container\">\n<h2>S\u0131k\u00e7a Sorulan Sorular<\/h2>\n<h3>M\u0131s\u0131r&#8217;da kavun hasat sezonu ne zaman?<\/h3>\n<p>M\u0131s\u0131r\u2019da kavun \u00fcretimi ilkbaharda (Mart\u2013May\u0131s) ve erken yazda (Haziran\u2013Temmuz) yap\u0131l\u0131r.<\/p>\n<h3>Hangi ambalaj se\u00e7eneklerini sunuyorsunuz?<\/h3>\n<p>Pazar ihtiya\u00e7lar\u0131n\u0131za g\u00f6re havaland\u0131rmal\u0131 kartonlar, toplu kasalar ve \u00f6zel bask\u0131l\u0131 ambalajlar sunuyoruz.<\/p>\n<h3>\u00d6zel markal\u0131 \u00fcr\u00fcn sunuyor musunuz?<\/h3>\n<p>Evet, marka ve barkod sistemlerini i\u00e7eren tam \u00f6zel marka \u00e7\u00f6z\u00fcmleri sunuyoruz.<\/p>\n<h3>Toplu veya uzun vadeli sipari\u015f verebilir miyim?<\/h3>\n<p>Kesinlikle \u2013 toplu kavun ithalat\u00e7\u0131lar\u0131 ve distrib\u00fct\u00f6rler i\u00e7in tekrarlayan tedarik programlar\u0131n\u0131 destekliyoruz.<\/p>\n<h3>Kavunlar\u0131n\u0131z\u0131 hangi \u00fclkelere ihra\u00e7 ediyorsunuz?<\/h3>\n<p>Kavunlar\u0131m\u0131z\u0131 Avrupa, Orta Do\u011fu, Afrika ve Asya\u2019ya tam lojistik koordinasyonla g\u00f6nderiyoruz.<\/p>\n<\/div>\n<\/section>\n","protected":false},"excerpt":{"rendered":"<p>Kaliteli Toplu Kavunlar Sat\u0131l\u0131k\u00a0m\u0131 ar\u0131yorsunuz? PEI Trade, M\u0131s\u0131r g\u00fcne\u015fi alt\u0131nda yeti\u015ftirilen tatl\u0131, sulu ve ihracata haz\u0131r kavunlar i\u00e7in g\u00fcvenilir tedarik\u00e7inizdir. M\u0131s\u0131r\u2019\u0131n \u00f6nde gelen kavun tedarik\u00e7ileri aras\u0131nda yer alan firmam\u0131z, toptanc\u0131lar, ithalat\u00e7\u0131lar ve taze \u00fcr\u00fcn markalar\u0131 i\u00e7in m\u00fckemmel olan \u00fcst\u00fcn lezzet, g\u00f6r\u00fcn\u00fcm ve raf \u00f6mr\u00fcne sahip kavunlar\u0131 \u00f6zenle se\u00e7erek sunar. Rekabet\u00e7i kavun toptan fiyatlar\u0131, ihracat standard\u0131nda [&hellip;]<\/p>\n","protected":false},"author":1,"featured_media":0,"parent":0,"menu_order":0,"comment_status":"closed","ping_status":"closed","template":"","meta":{"footnotes":""},"class_list":["post-6012","page","type-page","status-publish","hentry"],"blocksy_meta":[],"mb":[],"featured_image_urls_v2":{"full":"","thumbnail":"","medium":"","medium_large":"","large":"","1536x1536":"","2048x2048":"","woocommerce_archive_thumbnail":"","woocommerce_thumbnail":"","woocommerce_single":"","woocommerce_gallery_thumbnail":""},"post_excerpt_stackable_v2":"<p>Kaliteli Toplu Kavunlar Sat\u0131l\u0131k\u00a0m\u0131 ar\u0131yorsunuz? PEI Trade, M\u0131s\u0131r g\u00fcne\u015fi alt\u0131nda yeti\u015ftirilen tatl\u0131, sulu ve ihracata haz\u0131r kavunlar i\u00e7in g\u00fcvenilir tedarik\u00e7inizdir. M\u0131s\u0131r\u2019\u0131n \u00f6nde gelen kavun tedarik\u00e7ileri aras\u0131nda yer alan firmam\u0131z, toptanc\u0131lar, ithalat\u00e7\u0131lar ve taze \u00fcr\u00fcn markalar\u0131 i\u00e7in m\u00fckemmel olan \u00fcst\u00fcn lezzet, g\u00f6r\u00fcn\u00fcm ve raf \u00f6mr\u00fcne sahip kavunlar\u0131 \u00f6zenle se\u00e7erek sunar. Rekabet\u00e7i kavun toptan fiyatlar\u0131, ihracat standard\u0131nda ambalajlar\u0131m\u0131z ve tazeli\u011fe olan ba\u011fl\u0131l\u0131\u011f\u0131m\u0131z, bizi mevsimlik veya y\u0131l boyunca s\u00fcren tedariklerinizde g\u00fcvenilir bir i\u015f orta\u011f\u0131 yapar. \u00c7ilek Devam\u0131n\u0131 oku Limon Devam\u0131n\u0131 oku Mango Devam\u0131n\u0131 oku Portakallar Devam\u0131n\u0131 oku Neden Toplu Kavun Tedariki \u0130\u00e7in PEI Trade\u2019i Se\u00e7melisiniz? \u0130\u015fte m\u00fc\u015fterilerimizin M\u0131s\u0131r&#8217;dan toplu kavun tedarik ederken bize&hellip;<\/p>\n","category_list_v2":"","author_info_v2":{"name":"Mostafa Sabry","url":"https:\/\/peitrade.com\/tr\/author\/emostafaadel_jn8gcqbo\/"},"comments_num_v2":"0 comments","mfb_rest_fields":["title","blocksy_meta","featured_image_urls_v2","post_excerpt_stackable_v2","category_list_v2","author_info_v2","comments_num_v2"],"_links":{"self":[{"href":"https:\/\/peitrade.com\/tr\/wp-json\/wp\/v2\/pages\/6012","targetHints":{"allow":["GET"]}}],"collection":[{"href":"https:\/\/peitrade.com\/tr\/wp-json\/wp\/v2\/pages"}],"about":[{"href":"https:\/\/peitrade.com\/tr\/wp-json\/wp\/v2\/types\/page"}],"author":[{"embeddable":true,"href":"https:\/\/peitrade.com\/tr\/wp-json\/wp\/v2\/users\/1"}],"replies":[{"embeddable":true,"href":"https:\/\/peitrade.com\/tr\/wp-json\/wp\/v2\/comments?post=6012"}],"version-history":[{"count":1,"href":"https:\/\/peitrade.com\/tr\/wp-json\/wp\/v2\/pages\/6012\/revisions"}],"predecessor-version":[{"id":6013,"href":"https:\/\/peitrade.com\/tr\/wp-json\/wp\/v2\/pages\/6012\/revisions\/6013"}],"wp:attachment":[{"href":"https:\/\/peitrade.com\/tr\/wp-json\/wp\/v2\/media?parent=6012"}],"curies":[{"name":"wp","href":"https:\/\/api.w.org\/{rel}","templated":true}]}}