{"id":6032,"date":"2025-06-17T08:00:56","date_gmt":"2025-06-17T08:00:56","guid":{"rendered":"http:\/\/46.224.74.15\/salatalik-toptan-fiyatini\/"},"modified":"2025-11-19T16:47:24","modified_gmt":"2025-11-19T16:47:24","slug":"salatalik-toptan-fiyatini","status":"publish","type":"page","link":"https:\/\/peitrade.com\/tr\/salatalik-toptan-fiyatini\/","title":{"rendered":"Salatal\u0131k Toptan Fiyat\u0131n\u0131 \u2013 Kaliteli M\u0131s\u0131r \u0130hracat\u0131"},"content":{"rendered":"<section style=\"padding: 60px 20px; background-color: #f9f9f9;\">\n<div class=\"container\">\n<h1>Salatal\u0131k Toptan Fiyat\u0131n\u0131 \u2013 Kaliteli M\u0131s\u0131r \u0130hracat\u0131<\/h1>\n<p>&nbsp;<\/p>\n<p>PEI Trade, en iyi toptan salatal\u0131k toptan fiyat\u0131n\u0131 sunan g\u00fcvenilir tedarik\u00e7inizdir. Kaliteli, taze ve sa\u011flam salatal\u0131klar\u0131 ihracata haz\u0131r \u015fekilde sa\u011fl\u0131yoruz. \u00dcr\u00fcnlerimiz, uluslararas\u0131 g\u0131da g\u00fcvenli\u011fi standartlar\u0131na uygundur ve farkl\u0131 pazarlara hitap eder.<\/p>\n<p>Salatal\u0131\u011f\u0131n toptan fiyat\u0131; mevsim, boyut, ambalaj t\u00fcr\u00fc ve hedef \u00fclkeye g\u00f6re de\u011fi\u015fiklik g\u00f6sterir. PEI Trade olarak fiyatlar\u0131m\u0131z\u0131 piyasa ko\u015fullar\u0131na g\u00f6re esnek \u015fekilde belirliyoruz.<\/p>\n<\/div>\n<p>&nbsp;<\/p>\n<\/section>\n<div class=\"wp-block-woocommerce-product-collection\"><div class=\"woocommerce columns-4 \"><ul class=\"products columns-4\" data-products=\"type-2\">\n<li class=\"product type-product post-7719 status-publish first instock product_cat-legumes product_cat-in-season has-post-thumbnail shipping-taxable product-type-simple\">\n\t<a href=\"https:\/\/peitrade.com\/tr\/product\/kuru-beyaz-fasulye\/\" class=\"woocommerce-LoopProduct-link woocommerce-loop-product__link\"><img decoding=\"async\" width=\"300\" height=\"300\" src=\"https:\/\/peitrade.com\/wp-content\/uploads\/2025\/11\/Egyptian-White-Beans-300x300.webp\" class=\"attachment-woocommerce_thumbnail size-woocommerce_thumbnail\" alt=\"Kuru beyaz fasulye\" srcset=\"https:\/\/peitrade.com\/wp-content\/uploads\/2025\/11\/Egyptian-White-Beans-300x300.webp 300w, https:\/\/peitrade.com\/wp-content\/uploads\/2025\/11\/Egyptian-White-Beans-150x150.webp 150w, https:\/\/peitrade.com\/wp-content\/uploads\/2025\/11\/Egyptian-White-Beans-768x768.webp 768w, https:\/\/peitrade.com\/wp-content\/uploads\/2025\/11\/Egyptian-White-Beans-600x600.webp 600w, https:\/\/peitrade.com\/wp-content\/uploads\/2025\/11\/Egyptian-White-Beans-100x100.webp 100w, https:\/\/peitrade.com\/wp-content\/uploads\/2025\/11\/Egyptian-White-Beans.webp 1024w\" sizes=\"(max-width: 300px) 100vw, 300px\" title=\"\"><h2 class=\"woocommerce-loop-product__title\">Kuru beyaz fasulye<\/h2>\n<\/a><a href=\"https:\/\/peitrade.com\/tr\/product\/kuru-beyaz-fasulye\/\" aria-describedby=\"woocommerce_loop_add_to_cart_link_describedby_7719\" data-quantity=\"1\" class=\"button product_type_simple\" data-product_id=\"7719\" data-product_sku=\"70820\" aria-label=\"&ldquo;Kuru beyaz fasulye&rdquo; hakk\u0131nda daha fazla bilgi edinin\" rel=\"nofollow\" data-success_message=\"\">Devam\u0131n\u0131 oku<\/a>\t<span id=\"woocommerce_loop_add_to_cart_link_describedby_7719\" class=\"screen-reader-text\">\n\t\t\t<\/span>\n<\/li>\n<li class=\"product type-product post-7776 status-publish instock product_cat-vegetables product_cat-in-season has-post-thumbnail shipping-taxable product-type-simple\">\n\t<a href=\"https:\/\/peitrade.com\/tr\/product\/patates\/\" class=\"woocommerce-LoopProduct-link woocommerce-loop-product__link\"><img decoding=\"async\" width=\"300\" height=\"300\" src=\"https:\/\/peitrade.com\/wp-content\/uploads\/2025\/11\/Egyptian-Potatoes-300x300.webp\" class=\"attachment-woocommerce_thumbnail size-woocommerce_thumbnail\" alt=\"Patates\" srcset=\"https:\/\/peitrade.com\/wp-content\/uploads\/2025\/11\/Egyptian-Potatoes-300x300.webp 300w, https:\/\/peitrade.com\/wp-content\/uploads\/2025\/11\/Egyptian-Potatoes-150x150.webp 150w, https:\/\/peitrade.com\/wp-content\/uploads\/2025\/11\/Egyptian-Potatoes-768x768.webp 768w, https:\/\/peitrade.com\/wp-content\/uploads\/2025\/11\/Egyptian-Potatoes-600x600.webp 600w, https:\/\/peitrade.com\/wp-content\/uploads\/2025\/11\/Egyptian-Potatoes-100x100.webp 100w, https:\/\/peitrade.com\/wp-content\/uploads\/2025\/11\/Egyptian-Potatoes.webp 1024w\" sizes=\"(max-width: 300px) 100vw, 300px\" title=\"\"><h2 class=\"woocommerce-loop-product__title\">Patates<\/h2>\n<\/a><a href=\"https:\/\/peitrade.com\/tr\/product\/patates\/\" aria-describedby=\"woocommerce_loop_add_to_cart_link_describedby_7776\" data-quantity=\"1\" class=\"button product_type_simple\" data-product_id=\"7776\" data-product_sku=\"70190\" aria-label=\"&ldquo;Patates&rdquo; hakk\u0131nda daha fazla bilgi edinin\" rel=\"nofollow\" data-success_message=\"\">Devam\u0131n\u0131 oku<\/a>\t<span id=\"woocommerce_loop_add_to_cart_link_describedby_7776\" class=\"screen-reader-text\">\n\t\t\t<\/span>\n<\/li>\n<li class=\"product type-product post-7484 status-publish instock product_cat-vegetables product_cat-in-season has-post-thumbnail shipping-taxable product-type-simple\">\n\t<a href=\"https:\/\/peitrade.com\/tr\/product\/sogan\/\" class=\"woocommerce-LoopProduct-link woocommerce-loop-product__link\"><img decoding=\"async\" width=\"300\" height=\"300\" src=\"https:\/\/peitrade.com\/wp-content\/uploads\/2025\/11\/Egyption-Onion-300x300.webp\" class=\"attachment-woocommerce_thumbnail size-woocommerce_thumbnail\" alt=\"Egyption Onion - PEI Trade\" srcset=\"https:\/\/peitrade.com\/wp-content\/uploads\/2025\/11\/Egyption-Onion-300x300.webp 300w, https:\/\/peitrade.com\/wp-content\/uploads\/2025\/11\/Egyption-Onion-150x150.webp 150w, https:\/\/peitrade.com\/wp-content\/uploads\/2025\/11\/Egyption-Onion-768x768.webp 768w, https:\/\/peitrade.com\/wp-content\/uploads\/2025\/11\/Egyption-Onion-600x600.webp 600w, https:\/\/peitrade.com\/wp-content\/uploads\/2025\/11\/Egyption-Onion-100x100.webp 100w, https:\/\/peitrade.com\/wp-content\/uploads\/2025\/11\/Egyption-Onion.webp 1024w\" sizes=\"(max-width: 300px) 100vw, 300px\" title=\"\"><h2 class=\"woocommerce-loop-product__title\">So\u011fan<\/h2>\n<\/a><a href=\"https:\/\/peitrade.com\/tr\/product\/sogan\/\" aria-describedby=\"woocommerce_loop_add_to_cart_link_describedby_7484\" data-quantity=\"1\" class=\"button product_type_simple\" data-product_id=\"7484\" data-product_sku=\"70310\" aria-label=\"&ldquo;So\u011fan&rdquo; hakk\u0131nda daha fazla bilgi edinin\" rel=\"nofollow\" data-success_message=\"\">Devam\u0131n\u0131 oku<\/a>\t<span id=\"woocommerce_loop_add_to_cart_link_describedby_7484\" class=\"screen-reader-text\">\n\t\t\t<\/span>\n<\/li>\n<li class=\"product type-product post-7540 status-publish last instock product_cat-vegetables product_cat-in-season has-post-thumbnail shipping-taxable product-type-simple\">\n\t<a href=\"https:\/\/peitrade.com\/tr\/product\/taze-fasulye\/\" class=\"woocommerce-LoopProduct-link woocommerce-loop-product__link\"><img decoding=\"async\" width=\"300\" height=\"300\" src=\"https:\/\/peitrade.com\/wp-content\/uploads\/2025\/11\/Egyptian-Green-Beans-300x300.webp\" class=\"attachment-woocommerce_thumbnail size-woocommerce_thumbnail\" alt=\"Taze fasulye\" srcset=\"https:\/\/peitrade.com\/wp-content\/uploads\/2025\/11\/Egyptian-Green-Beans-300x300.webp 300w, https:\/\/peitrade.com\/wp-content\/uploads\/2025\/11\/Egyptian-Green-Beans-150x150.webp 150w, https:\/\/peitrade.com\/wp-content\/uploads\/2025\/11\/Egyptian-Green-Beans-768x768.webp 768w, https:\/\/peitrade.com\/wp-content\/uploads\/2025\/11\/Egyptian-Green-Beans-600x600.webp 600w, https:\/\/peitrade.com\/wp-content\/uploads\/2025\/11\/Egyptian-Green-Beans-100x100.webp 100w, https:\/\/peitrade.com\/wp-content\/uploads\/2025\/11\/Egyptian-Green-Beans.webp 1024w\" sizes=\"(max-width: 300px) 100vw, 300px\" title=\"\"><h2 class=\"woocommerce-loop-product__title\">Taze fasulye<\/h2>\n<\/a><a href=\"https:\/\/peitrade.com\/tr\/product\/taze-fasulye\/\" aria-describedby=\"woocommerce_loop_add_to_cart_link_describedby_7540\" data-quantity=\"1\" class=\"button product_type_simple\" data-product_id=\"7540\" data-product_sku=\"70821\" aria-label=\"&ldquo;Taze fasulye&rdquo; hakk\u0131nda daha fazla bilgi edinin\" rel=\"nofollow\" data-success_message=\"\">Devam\u0131n\u0131 oku<\/a>\t<span id=\"woocommerce_loop_add_to_cart_link_describedby_7540\" class=\"screen-reader-text\">\n\t\t\t<\/span>\n<\/li>\n<\/ul>\n<\/div><\/div>\n<section style=\"padding: 50px 20px;\">\n<div class=\"container\">\n<h2>Neden Salatal\u0131k Tedariki \u0130\u00e7in PEI Trade\u2019i Se\u00e7melisiniz?<\/h2>\n<p><span style=\"font-weight: 400;\">Deneyimli ihracat\u00e7\u0131lar olarak \u015funlar\u0131 garanti ediyoruz:<\/span><\/p>\n<ul>\n<li>Y\u0131l boyu istikrarl\u0131 tedarik ve \u00e7e\u015fitli boyut se\u00e7enekleri<\/li>\n<li>Ta\u015f\u0131maya dayan\u0131kl\u0131, taptaze \u00fcr\u00fcnler<\/li>\n<li>Rekabet\u00e7i ve piyasa dostu toptan fiyatlar<\/li>\n<li>\u00d6zel marka ve ambalajlama se\u00e7enekleri<\/li>\n<li>\u0130hracat s\u00fcrecinde tam m\u00fc\u015fteri deste\u011fi<\/li>\n<\/ul>\n<p><span style=\"font-weight: 400;\">Avrupa, K\u00f6rfez, Afrika ve Asya\u2019ya uygun teslimat \u00e7\u00f6z\u00fcmleri sunuyoruz.<\/span><\/p>\n<h2>Salatal\u0131k Toptan Fiyat\u0131n\u0131 Etkileyen Fakt\u00f6rler<\/h2>\n<ul>\n<li>Salatal\u0131k t\u00fcr\u00fc: sofral\u0131k, tur\u015fuluk vs.<\/li>\n<li>Boy ve a\u011f\u0131rl\u0131k<\/li>\n<li>Ambalaj t\u00fcr\u00fc: plastik kasalar, karton kutular<\/li>\n<li>Sipari\u015f hacmi ve y\u00fckleme y\u00f6ntemi<\/li>\n<li>Hedef \u00fclke ve nakliye t\u00fcr\u00fc<\/li>\n<\/ul>\n<p><span style=\"font-weight: 400;\">Konteyner bazl\u0131, kar\u0131\u015f\u0131k y\u00fcklemeli veya sezonluk s\u00f6zle\u015fmeli fiyatlar sunuyoruz. \u00d6zel fiyat teklifi almak i\u00e7in ileti\u015fime ge\u00e7in.<\/span><\/p>\n<h2>Hasat D\u00f6nemi ve Tedarik S\u00fcreklili\u011fi<\/h2>\n<p><span style=\"font-weight: 400;\">M\u0131s\u0131r salatal\u0131klar\u0131 y\u0131l boyunca hasat edilir. En yo\u011fun hasat d\u00f6nemleri <\/span><b>Ocak-May\u0131s<\/b><span style=\"font-weight: 400;\"> ve <\/span><b>Eyl\u00fcl-Aral\u0131k<\/b><span style=\"font-weight: 400;\"> aylar\u0131 aras\u0131d\u0131r.<\/span><\/p>\n<h3>Kullan\u0131m Alanlar\u0131<\/h3>\n<ul>\n<li><b>Perakende<\/b>: s\u00fcpermarketler, manavlar<\/li>\n<li><b>G\u0131da servisi<\/b>: oteller, restoranlar<\/li>\n<li><b>\u0130\u015fleme<\/b>: tur\u015fu, do\u011franm\u0131\u015f salata<\/li>\n<li><b>Toplu da\u011f\u0131t\u0131m<\/b>: ithalat\u00e7\u0131lar ve distrib\u00fct\u00f6rler<\/li>\n<\/ul>\n<h3>Hizmet Verdi\u011fimiz Pazarlar<\/h3>\n<ul>\n<li>Avrupa: Almanya, Hollanda, \u0130ngiltere, \u0130talya<\/li>\n<li>K\u00f6rfez: BAE, Suudi Arabistan, Katar, Kuveyt<\/li>\n<li>Afrika: Libya, Cezayir, G\u00fcney Afrika<\/li>\n<li>Asya: Hindistan, Singapur, Malezya<\/li>\n<\/ul>\n<h2>Ambalaj Se\u00e7enekleri<\/h2>\n<ul>\n<li>Plastik ve karton kutular<\/li>\n<li>B\u00fcy\u00fck hacimli al\u0131mlar i\u00e7in d\u00f6kme y\u00fckleme<\/li>\n<li>Etiketli, barkodlu \u00f6zel ambalajlar<\/li>\n<li>AB ve K\u00f6rfez standartlar\u0131na uygunluk<\/li>\n<\/ul>\n<\/div>\n<\/section>\n<section style=\"padding: 50px 20px; background-color: #f0f0f0;\">\n<div class=\"container\">\n<h2>PEI Trade ile En Uygun Salatal\u0131k Toptan Fiyat\u0131n\u0131 Al\u0131n<\/h2>\n<p>PEI Trade, y\u00fcksek kaliteli M\u0131s\u0131r salatal\u0131klar\u0131n\u0131 uluslararas\u0131 rekabet\u00e7i fiyatlarla sunar. Geli\u015fmi\u015f lojistik altyap\u0131m\u0131z ve s\u00fcre\u00e7 deste\u011fimizle h\u0131zl\u0131 ve g\u00fcvenli teslimat sa\u011fl\u0131yoruz.<\/p>\n<h2>\u015eimdi \u00d6zel Fiyat Teklifi Al\u0131n<\/h2>\n<p>Hedef \u00fclkenizi, sipari\u015f miktar\u0131n\u0131z\u0131 ve ambalaj talebinizi payla\u015farak size en uygun teklifi g\u00f6nderelim.<\/p>\n<p style=\"text-align: center; margin-top: 40px;\"><a class=\"button primary large\" href=\"\/contact\">Bize Ula\u015f\u0131n<\/a><\/p>\n<\/div>\n<\/section>\n<section style=\"padding: 50px 20px;\">\n<div class=\"container\">\n<h2>Di\u011fer Taze \u00dcr\u00fcnler<\/h2>\n<p>&nbsp;<\/p>\n<p>Salatal\u0131\u011f\u0131n yan\u0131nda PEI Trade, M\u0131s\u0131r&#8217;dan lahana, marul ve ye\u015fil fasulye gibi sebzeleri de ihra\u00e7 etmektedir. <a href=\"https:\/\/peitrade.com\/tr\/product-category\/vegetables\/\">Detaylar\u0131 G\u00f6r\u00fcn<\/a>.<\/p>\n<div class=\"wp-block-woocommerce-product-collection\"><div class=\"woocommerce columns-4 \"><ul class=\"products columns-4\" data-products=\"type-2\">\n<li class=\"product type-product post-7360 status-publish first instock product_cat-vegetables has-post-thumbnail shipping-taxable product-type-simple\">\n\t<a href=\"https:\/\/peitrade.com\/tr\/product\/domates\/\" class=\"woocommerce-LoopProduct-link woocommerce-loop-product__link\"><img decoding=\"async\" width=\"300\" height=\"300\" src=\"https:\/\/peitrade.com\/wp-content\/uploads\/2025\/11\/Egyptian-Tomatoes-300x300.webp\" class=\"attachment-woocommerce_thumbnail size-woocommerce_thumbnail\" alt=\"Domates\" srcset=\"https:\/\/peitrade.com\/wp-content\/uploads\/2025\/11\/Egyptian-Tomatoes-300x300.webp 300w, https:\/\/peitrade.com\/wp-content\/uploads\/2025\/11\/Egyptian-Tomatoes-150x150.webp 150w, https:\/\/peitrade.com\/wp-content\/uploads\/2025\/11\/Egyptian-Tomatoes-768x768.webp 768w, https:\/\/peitrade.com\/wp-content\/uploads\/2025\/11\/Egyptian-Tomatoes-600x600.webp 600w, https:\/\/peitrade.com\/wp-content\/uploads\/2025\/11\/Egyptian-Tomatoes-100x100.webp 100w, https:\/\/peitrade.com\/wp-content\/uploads\/2025\/11\/Egyptian-Tomatoes.webp 1024w\" sizes=\"(max-width: 300px) 100vw, 300px\" title=\"\"><h2 class=\"woocommerce-loop-product__title\">Domates<\/h2>\n<\/a><a href=\"https:\/\/peitrade.com\/tr\/product\/domates\/\" aria-describedby=\"woocommerce_loop_add_to_cart_link_describedby_7360\" data-quantity=\"1\" class=\"button product_type_simple\" data-product_id=\"7360\" data-product_sku=\"70200\" aria-label=\"&ldquo;Domates&rdquo; hakk\u0131nda daha fazla bilgi edinin\" rel=\"nofollow\" data-success_message=\"\">Devam\u0131n\u0131 oku<\/a>\t<span id=\"woocommerce_loop_add_to_cart_link_describedby_7360\" class=\"screen-reader-text\">\n\t\t\t<\/span>\n<\/li>\n<li class=\"product type-product post-7776 status-publish instock product_cat-vegetables product_cat-in-season has-post-thumbnail shipping-taxable product-type-simple\">\n\t<a href=\"https:\/\/peitrade.com\/tr\/product\/patates\/\" class=\"woocommerce-LoopProduct-link woocommerce-loop-product__link\"><img decoding=\"async\" width=\"300\" height=\"300\" src=\"https:\/\/peitrade.com\/wp-content\/uploads\/2025\/11\/Egyptian-Potatoes-300x300.webp\" class=\"attachment-woocommerce_thumbnail size-woocommerce_thumbnail\" alt=\"Patates\" srcset=\"https:\/\/peitrade.com\/wp-content\/uploads\/2025\/11\/Egyptian-Potatoes-300x300.webp 300w, https:\/\/peitrade.com\/wp-content\/uploads\/2025\/11\/Egyptian-Potatoes-150x150.webp 150w, https:\/\/peitrade.com\/wp-content\/uploads\/2025\/11\/Egyptian-Potatoes-768x768.webp 768w, https:\/\/peitrade.com\/wp-content\/uploads\/2025\/11\/Egyptian-Potatoes-600x600.webp 600w, https:\/\/peitrade.com\/wp-content\/uploads\/2025\/11\/Egyptian-Potatoes-100x100.webp 100w, https:\/\/peitrade.com\/wp-content\/uploads\/2025\/11\/Egyptian-Potatoes.webp 1024w\" sizes=\"(max-width: 300px) 100vw, 300px\" title=\"\"><h2 class=\"woocommerce-loop-product__title\">Patates<\/h2>\n<\/a><a href=\"https:\/\/peitrade.com\/tr\/product\/patates\/\" aria-describedby=\"woocommerce_loop_add_to_cart_link_describedby_7776\" data-quantity=\"1\" class=\"button product_type_simple\" data-product_id=\"7776\" data-product_sku=\"70190\" aria-label=\"&ldquo;Patates&rdquo; hakk\u0131nda daha fazla bilgi edinin\" rel=\"nofollow\" data-success_message=\"\">Devam\u0131n\u0131 oku<\/a>\t<span id=\"woocommerce_loop_add_to_cart_link_describedby_7776\" class=\"screen-reader-text\">\n\t\t\t<\/span>\n<\/li>\n<li class=\"product type-product post-7376 status-publish instock product_cat-vegetables product_cat-in-season has-post-thumbnail shipping-taxable product-type-simple\">\n\t<a href=\"https:\/\/peitrade.com\/tr\/product\/sarimsak\/\" class=\"woocommerce-LoopProduct-link woocommerce-loop-product__link\"><img decoding=\"async\" width=\"300\" height=\"300\" src=\"https:\/\/peitrade.com\/wp-content\/uploads\/2025\/11\/Egyptian-Garlic-300x300.webp\" class=\"attachment-woocommerce_thumbnail size-woocommerce_thumbnail\" alt=\"Sar\u0131msak\" srcset=\"https:\/\/peitrade.com\/wp-content\/uploads\/2025\/11\/Egyptian-Garlic-300x300.webp 300w, https:\/\/peitrade.com\/wp-content\/uploads\/2025\/11\/Egyptian-Garlic-150x150.webp 150w, https:\/\/peitrade.com\/wp-content\/uploads\/2025\/11\/Egyptian-Garlic-768x768.webp 768w, https:\/\/peitrade.com\/wp-content\/uploads\/2025\/11\/Egyptian-Garlic-600x600.webp 600w, https:\/\/peitrade.com\/wp-content\/uploads\/2025\/11\/Egyptian-Garlic-100x100.webp 100w, https:\/\/peitrade.com\/wp-content\/uploads\/2025\/11\/Egyptian-Garlic.webp 1024w\" sizes=\"(max-width: 300px) 100vw, 300px\" title=\"\"><h2 class=\"woocommerce-loop-product__title\">Sar\u0131msak<\/h2>\n<\/a><a href=\"https:\/\/peitrade.com\/tr\/product\/sarimsak\/\" aria-describedby=\"woocommerce_loop_add_to_cart_link_describedby_7376\" data-quantity=\"1\" class=\"button product_type_simple\" data-product_id=\"7376\" data-product_sku=\"70320\" aria-label=\"&ldquo;Sar\u0131msak&rdquo; hakk\u0131nda daha fazla bilgi edinin\" rel=\"nofollow\" data-success_message=\"\">Devam\u0131n\u0131 oku<\/a>\t<span id=\"woocommerce_loop_add_to_cart_link_describedby_7376\" class=\"screen-reader-text\">\n\t\t\t<\/span>\n<\/li>\n<li class=\"product type-product post-7796 status-publish last instock product_cat-vegetables product_cat-in-season has-post-thumbnail shipping-taxable product-type-simple\">\n\t<a href=\"https:\/\/peitrade.com\/tr\/product\/tatli-patates\/\" class=\"woocommerce-LoopProduct-link woocommerce-loop-product__link\"><img decoding=\"async\" width=\"300\" height=\"300\" src=\"https:\/\/peitrade.com\/wp-content\/uploads\/2025\/11\/Egyptian-Sweet-Potatoes-300x300.webp\" class=\"attachment-woocommerce_thumbnail size-woocommerce_thumbnail\" alt=\"Egyptian Sweet Potatoes - PEI Trade\" srcset=\"https:\/\/peitrade.com\/wp-content\/uploads\/2025\/11\/Egyptian-Sweet-Potatoes-300x300.webp 300w, https:\/\/peitrade.com\/wp-content\/uploads\/2025\/11\/Egyptian-Sweet-Potatoes-150x150.webp 150w, https:\/\/peitrade.com\/wp-content\/uploads\/2025\/11\/Egyptian-Sweet-Potatoes-768x768.webp 768w, https:\/\/peitrade.com\/wp-content\/uploads\/2025\/11\/Egyptian-Sweet-Potatoes-600x600.webp 600w, https:\/\/peitrade.com\/wp-content\/uploads\/2025\/11\/Egyptian-Sweet-Potatoes-100x100.webp 100w, https:\/\/peitrade.com\/wp-content\/uploads\/2025\/11\/Egyptian-Sweet-Potatoes.webp 1024w\" sizes=\"(max-width: 300px) 100vw, 300px\" title=\"\"><h2 class=\"woocommerce-loop-product__title\">Tatl\u0131 patates<\/h2>\n<\/a><a href=\"https:\/\/peitrade.com\/tr\/product\/tatli-patates\/\" aria-describedby=\"woocommerce_loop_add_to_cart_link_describedby_7796\" data-quantity=\"1\" class=\"button product_type_simple\" data-product_id=\"7796\" data-product_sku=\"71420\" aria-label=\"&ldquo;Tatl\u0131 patates&rdquo; hakk\u0131nda daha fazla bilgi edinin\" rel=\"nofollow\" data-success_message=\"\">Devam\u0131n\u0131 oku<\/a>\t<span id=\"woocommerce_loop_add_to_cart_link_describedby_7796\" class=\"screen-reader-text\">\n\t\t\t<\/span>\n<\/li>\n<\/ul>\n<\/div><\/div>\n<\/div>\n<\/section>\n<section style=\"padding: 50px 20px; background-color: #f9f9f9;\">\n<div class=\"container\">\n<h2>S\u0131k\u00e7a Sorulan Sorular<\/h2>\n<h3>salatal\u0131k toptan Fiyat\u0131n\u0131 mevsime g\u00f6re de\u011fi\u015fiyor mu?<\/h3>\n<p>Evet, salatal\u0131k toptan fiyat\u0131n\u0131 mevsime, sipari\u015f hacmine ve lojistik ko\u015fullara ba\u011fl\u0131 olarak de\u011fi\u015febilir.<\/p>\n<h3>Minimum sipari\u015f miktar\u0131 nedir?<\/h3>\n<p>Tam konteyner veya kar\u0131\u015f\u0131k palet bazl\u0131 sipari\u015fleri destekliyoruz.<\/p>\n<h3>\u00d6zel ambalaj sunuyor musunuz?<\/h3>\n<p>Evet, \u00f6zel marka etiketli ve barkodlu paketleme yap\u0131labilir.<\/p>\n<h3>Sezonluk rezervasyon yap\u0131labilir mi?<\/h3>\n<p>Evet, uzun vadeli s\u00f6zle\u015fme ve erken rezervasyon se\u00e7enekleri sunuyoruz.<\/p>\n<\/div>\n<\/section>\n","protected":false},"excerpt":{"rendered":"<p>Salatal\u0131k Toptan Fiyat\u0131n\u0131 \u2013 Kaliteli M\u0131s\u0131r \u0130hracat\u0131 &nbsp; PEI Trade, en iyi toptan salatal\u0131k toptan fiyat\u0131n\u0131 sunan g\u00fcvenilir tedarik\u00e7inizdir. Kaliteli, taze ve sa\u011flam salatal\u0131klar\u0131 ihracata haz\u0131r \u015fekilde sa\u011fl\u0131yoruz. \u00dcr\u00fcnlerimiz, uluslararas\u0131 g\u0131da g\u00fcvenli\u011fi standartlar\u0131na uygundur ve farkl\u0131 pazarlara hitap eder. Salatal\u0131\u011f\u0131n toptan fiyat\u0131; mevsim, boyut, ambalaj t\u00fcr\u00fc ve hedef \u00fclkeye g\u00f6re de\u011fi\u015fiklik g\u00f6sterir. PEI Trade olarak [&hellip;]<\/p>\n","protected":false},"author":9,"featured_media":0,"parent":0,"menu_order":0,"comment_status":"closed","ping_status":"closed","template":"","meta":{"footnotes":""},"class_list":["post-6032","page","type-page","status-publish","hentry"],"blocksy_meta":[],"mb":[],"featured_image_urls_v2":{"full":"","thumbnail":"","medium":"","medium_large":"","large":"","1536x1536":"","2048x2048":"","woocommerce_archive_thumbnail":"","woocommerce_thumbnail":"","woocommerce_single":"","woocommerce_gallery_thumbnail":""},"post_excerpt_stackable_v2":"<p>Salatal\u0131k Toptan Fiyat\u0131n\u0131 \u2013 Kaliteli M\u0131s\u0131r \u0130hracat\u0131 &nbsp; PEI Trade, en iyi toptan salatal\u0131k toptan fiyat\u0131n\u0131 sunan g\u00fcvenilir tedarik\u00e7inizdir. Kaliteli, taze ve sa\u011flam salatal\u0131klar\u0131 ihracata haz\u0131r \u015fekilde sa\u011fl\u0131yoruz. \u00dcr\u00fcnlerimiz, uluslararas\u0131 g\u0131da g\u00fcvenli\u011fi standartlar\u0131na uygundur ve farkl\u0131 pazarlara hitap eder. Salatal\u0131\u011f\u0131n toptan fiyat\u0131; mevsim, boyut, ambalaj t\u00fcr\u00fc ve hedef \u00fclkeye g\u00f6re de\u011fi\u015fiklik g\u00f6sterir. PEI Trade olarak fiyatlar\u0131m\u0131z\u0131 piyasa ko\u015fullar\u0131na g\u00f6re esnek \u015fekilde belirliyoruz. &nbsp; Kuru beyaz fasulye Devam\u0131n\u0131 oku Patates Devam\u0131n\u0131 oku So\u011fan Devam\u0131n\u0131 oku Taze fasulye Devam\u0131n\u0131 oku Neden Salatal\u0131k Tedariki \u0130\u00e7in PEI Trade\u2019i Se\u00e7melisiniz? Deneyimli ihracat\u00e7\u0131lar olarak \u015funlar\u0131 garanti ediyoruz: Y\u0131l boyu istikrarl\u0131 tedarik ve \u00e7e\u015fitli boyut se\u00e7enekleri Ta\u015f\u0131maya&hellip;<\/p>\n","category_list_v2":"","author_info_v2":{"name":"Maha","url":"https:\/\/peitrade.com\/tr\/author\/m-amer\/"},"comments_num_v2":"0 comments","mfb_rest_fields":["title","blocksy_meta","featured_image_urls_v2","post_excerpt_stackable_v2","category_list_v2","author_info_v2","comments_num_v2"],"_links":{"self":[{"href":"https:\/\/peitrade.com\/tr\/wp-json\/wp\/v2\/pages\/6032","targetHints":{"allow":["GET"]}}],"collection":[{"href":"https:\/\/peitrade.com\/tr\/wp-json\/wp\/v2\/pages"}],"about":[{"href":"https:\/\/peitrade.com\/tr\/wp-json\/wp\/v2\/types\/page"}],"author":[{"embeddable":true,"href":"https:\/\/peitrade.com\/tr\/wp-json\/wp\/v2\/users\/9"}],"replies":[{"embeddable":true,"href":"https:\/\/peitrade.com\/tr\/wp-json\/wp\/v2\/comments?post=6032"}],"version-history":[{"count":1,"href":"https:\/\/peitrade.com\/tr\/wp-json\/wp\/v2\/pages\/6032\/revisions"}],"predecessor-version":[{"id":6033,"href":"https:\/\/peitrade.com\/tr\/wp-json\/wp\/v2\/pages\/6032\/revisions\/6033"}],"wp:attachment":[{"href":"https:\/\/peitrade.com\/tr\/wp-json\/wp\/v2\/media?parent=6032"}],"curies":[{"name":"wp","href":"https:\/\/api.w.org\/{rel}","templated":true}]}}